{"id":3315,"date":"2025-09-15T06:11:40","date_gmt":"2025-09-15T06:11:40","guid":{"rendered":"https:\/\/www.telaled.com\/?post_type=product&#038;p=3315"},"modified":"2026-01-06T01:49:24","modified_gmt":"2026-01-06T01:49:24","slug":"cola-can-led-display-serie-tcj","status":"publish","type":"product","link":"https:\/\/www.telaled.com\/sv\/fabrica\/cola-can-led-display-serie-tcj\/","title":{"rendered":"Cola-burk LED-display TCJ-serien"},"content":{"rendered":"<div class=\"row\"  id=\"row-275708910\">\n\n\t<div id=\"col-32219693\" class=\"col small-12 large-12\"  >\n\t\t\t\t<div class=\"col-inner\"  >\n\t\t\t\n\t\t\t\n<h2>Exklusiva f\u00f6rdelar med Cola Can LED-displayen i TCJ-serien<\/h2>\n<h3><strong>\u00d6verl\u00e4gsen h\u00e5llbarhet<\/strong><\/h3>\n<ul>\n<li>Byggd med en h\u00f6gprecisionssk\u00e5pstruktur.<\/li>\n<li>Det ger utm\u00e4rkt styrka och stabilitet.<\/li>\n<li>Utformad med effektiv v\u00e4rmeavledning f\u00f6r l\u00e5ngsiktig tillf\u00f6rlitlighet.<\/li>\n<\/ul>\n<h3><strong>Exceptionell visuell kvalitet<\/strong><\/h3>\n<ul>\n<li>Pixelt\u00e4thet p\u00e5 112 x 560 f\u00f6r skarpa bilder.<\/li>\n<li>Stor sk\u00e4rm (713 mm i diameter x 1270 mm i h\u00f6jd).<\/li>\n<li>Det ger en levande, tydlig och realistisk produktionspresentation.<\/li>\n<\/ul>\n<h3><strong>Fullst\u00e4ndig anpassningsf\u00f6rm\u00e5ga<\/strong><\/h3>\n<ul>\n<li>Kreativ design i burkformat f\u00f6r en unik visuell identitet.<\/li>\n<li>Flexibel anv\u00e4ndning i restaurang-, dryckes- och vinreklam.<\/li>\n<li>Den anpassar sig enkelt till olika milj\u00f6er och till\u00e4mpningar.<\/li>\n<\/ul>\n<h3><strong>Omfattande st\u00f6d<\/strong><\/h3>\n<ul>\n<li>Teknisk fj\u00e4rrsupport dygnet runt: F\u00e5 tillg\u00e5ng till experthj\u00e4lp n\u00e4r som helst, var som helst.<\/li>\n<li>5% reservdelar ing\u00e5r: Varje best\u00e4llning inkluderar ytterligare komponenter f\u00f6r att \u00f6ka tillf\u00f6rlitligheten och ge trygghet.<\/li>\n<li>3 \u00e5rs f\u00f6rl\u00e4ngd garanti: Dra nytta av l\u00e5ngsiktig konvergens f\u00f6r b\u00e4ttre prestanda och p\u00e5litlig service.<\/li>\n<\/ul>\n<h2>Produktinformation<\/h2>\n<div class=\"row\"  id=\"row-143244507\">\n\n\t<div id=\"col-1582616258\" class=\"col medium-10 small-12 large-10\"  >\n\t\t\t\t<div class=\"col-inner text-left\"  >\n\t\t\t\n\t\t\t\n<ul>\n<li>V\u00e5r LED-display-colaburk i TCJ-serien drar uppm\u00e4rksamhet till sig med sin dj\u00e4rva cylindriska design. Till skillnad fr\u00e5n plattsk\u00e4rmar \u00e4r den omedelbart igenk\u00e4nnbar och om\u00f6jlig att ignorera, vilket g\u00f6r att ditt budskap sticker ut. <a href=\"https:\/\/www.telaled.com\/sv\/telao-de-led-para-eventos\/\">evenemang<\/a>, butiker och idrottsanl\u00e4ggningar.<\/li>\n<\/ul>\n\t<div class=\"img has-hover x md-x lg-x y md-y lg-y\" id=\"image_1627212898\">\n\t\t\t\t\t\t\t\t<div class=\"img-inner dark\" >\n\t\t\t<img loading=\"lazy\" decoding=\"async\" width=\"640\" height=\"430\" src=\"https:\/\/www.telaled.com\/wp-content\/uploads\/2025\/09\/Aparencia-unica-e-criativa.webp\" class=\"attachment-original size-original\" alt=\"Unikt och kreativt utseende\" srcset=\"https:\/\/www.telaled.com\/wp-content\/uploads\/2025\/09\/Aparencia-unica-e-criativa.webp 640w, https:\/\/www.telaled.com\/wp-content\/uploads\/2025\/09\/Aparencia-unica-e-criativa-300x202.webp 300w, https:\/\/www.telaled.com\/wp-content\/uploads\/2025\/09\/Aparencia-unica-e-criativa-18x12.webp 18w, https:\/\/www.telaled.com\/wp-content\/uploads\/2025\/09\/Aparencia-unica-e-criativa-600x403.webp 600w\" sizes=\"auto, (max-width: 640px) 100vw, 640px\" \/>\t\t\t\t\t\t\n\t\t\t\t\t<\/div>\n\t\t\t\t\t\t\t\t\n<style>\n#image_1627212898 {\n  width: 95%;\n}\n<\/style>\n\t<\/div>\n\t\n<ul>\n<li>Cola Can LED-displayen i TCJ-serien utvecklades f\u00f6r att erbjuda flexibilitet. Dess modul\u00e4ra design m\u00f6jligg\u00f6r skarvning och gjutning f\u00f6r att anpassa sig till alla utrymmen och milj\u00f6er. Installation och underh\u00e5ll \u00e4r snabbt, med snabba modulbyten, vilket minskar kostnader och driftstopp. Denna anpassningsf\u00f6rm\u00e5ga g\u00f6r den till ett smart val f\u00f6r en m\u00e4ngd olika applikationer.<\/li>\n<\/ul>\n\t\t<\/div>\n\t\t\t\t\t<\/div>\n\n\t\n\n\t<div id=\"col-2027059340\" class=\"col medium-10 small-12 large-10\"  >\n\t\t\t\t<div class=\"col-inner text-left\"  >\n\t\t\t\n\t\t\t\n\t<div class=\"img has-hover x md-x lg-x y md-y lg-y\" id=\"image_1167833088\">\n\t\t\t\t\t\t\t\t<div class=\"img-inner dark\" >\n\t\t\t<img loading=\"lazy\" decoding=\"async\" width=\"640\" height=\"430\" src=\"https:\/\/www.telaled.com\/wp-content\/uploads\/2025\/09\/Flexibilidade-personalizada-e-instalacao-simples.webp\" class=\"attachment-large size-large\" alt=\"\" srcset=\"https:\/\/www.telaled.com\/wp-content\/uploads\/2025\/09\/Flexibilidade-personalizada-e-instalacao-simples.webp 640w, https:\/\/www.telaled.com\/wp-content\/uploads\/2025\/09\/Flexibilidade-personalizada-e-instalacao-simples-300x202.webp 300w, https:\/\/www.telaled.com\/wp-content\/uploads\/2025\/09\/Flexibilidade-personalizada-e-instalacao-simples-18x12.webp 18w, https:\/\/www.telaled.com\/wp-content\/uploads\/2025\/09\/Flexibilidade-personalizada-e-instalacao-simples-600x403.webp 600w\" sizes=\"auto, (max-width: 640px) 100vw, 640px\" \/>\t\t\t\t\t\t\n\t\t\t\t\t<\/div>\n\t\t\t\t\t\t\t\t\n<style>\n#image_1167833088 {\n  width: 95%;\n}\n<\/style>\n\t<\/div>\n\t\n<ul>\n<li>Cola Can LED-displayen i TCJ-serien erbjuder stabilitet och tillf\u00f6rlitlighet med avancerad drivteknik och premium-LED-moduler. Den fungerar felfritt under intensiv anv\u00e4ndning och ogynnsamma f\u00f6rh\u00e5llanden, medan dess h\u00f6ga fotoelektriska effektivitet bibeh\u00e5ller... <a href=\"https:\/\/www.telaled.com\/sv\/entendendo-o-consumo-de-energia-painel-de-led-quao-eficientes-sao-os-displays-de-led-modernos\/\">energif\u00f6rbrukning<\/a> Resultatet \u00e4r en h\u00e5llbar och kostnadseffektiv uppgradering j\u00e4mf\u00f6rt med traditionella sk\u00e4rmar.<\/li>\n<\/ul>\n\t<div class=\"img has-hover x md-x lg-x y md-y lg-y\" id=\"image_1789324513\">\n\t\t\t\t\t\t\t\t<div class=\"img-inner dark\" >\n\t\t\t<img loading=\"lazy\" decoding=\"async\" width=\"640\" height=\"430\" src=\"https:\/\/www.telaled.com\/wp-content\/uploads\/2025\/09\/Confiavel-e-com-baixo-consumo-de-energia.webp\" class=\"attachment-large size-large\" alt=\"\" srcset=\"https:\/\/www.telaled.com\/wp-content\/uploads\/2025\/09\/Confiavel-e-com-baixo-consumo-de-energia.webp 640w, https:\/\/www.telaled.com\/wp-content\/uploads\/2025\/09\/Confiavel-e-com-baixo-consumo-de-energia-300x202.webp 300w, https:\/\/www.telaled.com\/wp-content\/uploads\/2025\/09\/Confiavel-e-com-baixo-consumo-de-energia-18x12.webp 18w, https:\/\/www.telaled.com\/wp-content\/uploads\/2025\/09\/Confiavel-e-com-baixo-consumo-de-energia-600x403.webp 600w\" sizes=\"auto, (max-width: 640px) 100vw, 640px\" \/>\t\t\t\t\t\t\n\t\t\t\t\t<\/div>\n\t\t\t\t\t\t\t\t\n<style>\n#image_1789324513 {\n  width: 95%;\n}\n<\/style>\n\t<\/div>\n\t\n\t\t<\/div>\n\t\t\t\t\t<\/div>\n\n\t\n\n\t<div id=\"col-1649698270\" class=\"col medium-10 small-12 large-10\"  >\n\t\t\t\t<div class=\"col-inner text-left\"  >\n\t\t\t\n\t\t\t\n<ul>\n<li>V\u00e5ra LED-burkdisplayer i TCJ-serien \u00e4r f\u00f6rpackade i f\u00f6rst\u00e4rkta tr\u00e4l\u00e5dor f\u00f6r att skydda dem under transport. Varje enhet \u00e4r s\u00e4kert f\u00f6rpackad f\u00f6r att f\u00f6rhindra skador fr\u00e5n skadedjur, st\u00f6tar och andra faror. Detta garanterar h\u00e5llbarhet och s\u00e4ker leverans.<\/li>\n<\/ul>\n\t<div class=\"img has-hover x md-x lg-x y md-y lg-y\" id=\"image_1790584962\">\n\t\t\t\t\t\t\t\t<div class=\"img-inner dark\" >\n\t\t\t<img loading=\"lazy\" decoding=\"async\" width=\"760\" height=\"1024\" src=\"https:\/\/www.telaled.com\/wp-content\/uploads\/2025\/08\/36123f2c-de60-488d-af81-255cd4aee54a-760x1024.webp\" class=\"attachment-large size-large\" alt=\"\" srcset=\"https:\/\/www.telaled.com\/wp-content\/uploads\/2025\/08\/36123f2c-de60-488d-af81-255cd4aee54a-760x1024.webp 760w, https:\/\/www.telaled.com\/wp-content\/uploads\/2025\/08\/36123f2c-de60-488d-af81-255cd4aee54a-223x300.webp 223w, https:\/\/www.telaled.com\/wp-content\/uploads\/2025\/08\/36123f2c-de60-488d-af81-255cd4aee54a-768x1035.webp 768w, https:\/\/www.telaled.com\/wp-content\/uploads\/2025\/08\/36123f2c-de60-488d-af81-255cd4aee54a-9x12.webp 9w, https:\/\/www.telaled.com\/wp-content\/uploads\/2025\/08\/36123f2c-de60-488d-af81-255cd4aee54a-600x808.webp 600w, https:\/\/www.telaled.com\/wp-content\/uploads\/2025\/08\/36123f2c-de60-488d-af81-255cd4aee54a.webp 795w\" sizes=\"auto, (max-width: 760px) 100vw, 760px\" \/>\t\t\t\t\t\t\n\t\t\t\t\t<\/div>\n\t\t\t\t\t\t\t\t\n<style>\n#image_1790584962 {\n  width: 95%;\n}\n<\/style>\n\t<\/div>\n\t\n\n<table id=\"tablepress-77\" class=\"tablepress tablepress-id-77\">\n<thead>\n<tr class=\"row-1\">\n\t<th class=\"column-1\">Specifikationer och l\u00e4ge<\/th><th class=\"column-2\">TCI-P2LED<\/th>\n<\/tr>\n<\/thead>\n<tbody class=\"row-striping row-hover\">\n<tr class=\"row-2\">\n\t<td class=\"column-1\">Pixel<\/td><td class=\"column-2\">1120 po\u00e4ng x 560 po\u00e4ng<\/td>\n<\/tr>\n<tr class=\"row-3\">\n\t<td class=\"column-1\">Uppdatera<\/td><td class=\"column-2\">3840 Hz<\/td>\n<\/tr>\n<tr class=\"row-4\">\n\t<td class=\"column-1\">Storlek<\/td><td class=\"column-2\">Diameter 713 mm x h\u00f6jd 1270 mm<\/td>\n<\/tr>\n<tr class=\"row-5\">\n\t<td class=\"column-1\">Kontrollsystem: <\/td><td class=\"column-2\">MB2 uppspelningsbox<\/td>\n<\/tr>\n<tr class=\"row-6\">\n\t<td class=\"column-1\"><\/td><td class=\"column-2\">Processor: Fyrk\u00e4rnig CPU + GPU<\/td>\n<\/tr>\n<tr class=\"row-7\">\n\t<td class=\"column-1\"><\/td><td class=\"column-2\">Minne: 1 GB DDR3 med h\u00f6g hastighet<\/td>\n<\/tr>\n<tr class=\"row-8\">\n\t<td class=\"column-1\"><\/td><td class=\"column-2\">Flashminne: 8 GB h\u00f6ghastighets eMMC<\/td>\n<\/tr>\n<tr class=\"row-9\">\n\t<td class=\"column-1\"><\/td><td class=\"column-2\">Lagringsuppl\u00f6sning: St\u00f6der 1080 PHD-avkodning och uppspelning.<\/td>\n<\/tr>\n<tr class=\"row-10\">\n\t<td class=\"column-1\">N\u00e4tverkskommunikation: LAN\/WiFi\/4G-n\u00e4tverksprogrampartition. St\u00f6der alla Windows-programpartitioner och alla Windows-lager. Videoformat: MPG, MOV, MP4, MKV och andra vanliga videoformat. Ljud: MPEG-1 Layer III, AAC och andra bildformat, st\u00f6der JPG, PNG, GIF och s\u00e5 vidare.<\/td><td class=\"column-2\"><\/td>\n<\/tr>\n<tr class=\"row-11\">\n\t<td class=\"column-1\">Str\u00f6mf\u00f6rs\u00f6rjningsl\u00e4ge: <\/td><td class=\"column-2\">110\u2013220 V<\/td>\n<\/tr>\n<tr class=\"row-12\">\n\t<td class=\"column-1\">Maximal effekt: <\/td><td class=\"column-2\">1200 W<\/td>\n<\/tr>\n<tr class=\"row-13\">\n\t<td class=\"column-1\">Genomsnittlig effekt: <\/td><td class=\"column-2\">600 W<\/td>\n<\/tr>\n<tr class=\"row-14\">\n\t<td class=\"column-1\">Nettovikt: <\/td><td class=\"column-2\">75 kg\/styck<\/td>\n<\/tr>\n<tr class=\"row-15\">\n\t<td class=\"column-1\">Bruttovikt<\/td><td class=\"column-2\">120 kg\/styck<\/td>\n<\/tr>\n<tr class=\"row-16\">\n\t<td class=\"column-1\">M\u00e5tt p\u00e5 tr\u00e4l\u00e5dans f\u00f6rpackning<\/td><td class=\"column-2\">820 mm x 820 mm x 1500 mm<\/td>\n<\/tr>\n<\/tbody>\n<\/table>\n\n\t\t<\/div>\n\t\t\t\t\t<\/div>\n\n\t\n<\/div>\n\t\t<\/div>\n\t\t\t\t\t<\/div>\n\n\t\n<\/div>","protected":false},"excerpt":{"rendered":"<p><strong>TCJ-serien LED-display kan forma cylindrisk LED-sk\u00e4rm<\/strong><\/p>\n<p>Utformad f\u00f6r att producera din produkt i ett realistiskt burkformat, vilket g\u00f6r den till en attraktiv l\u00f6sning f\u00f6r restauranger, <a href=\"https:\/\/www.telaled.com\/sv\/painel-de-led-para-loja\/\">butiker<\/a> av drycker, varum\u00e4rken och <a href=\"https:\/\/www.telaled.com\/sv\/painel-de-led-para-eventos\/\">evenemang<\/a> Reklamdisplayer. Med en diameter p\u00e5 713 mm och en h\u00f6jd p\u00e5 1270 mm kombinerar denna display kreativitet, flexibilitet och h\u00f6guppl\u00f6st prestanda.<\/p>\n<p><strong>Huvudfunktioner:<\/strong><\/p>\n<ul>\n<li><strong>Realistisk design i burkformat:<\/strong> Den replikerar produkten korrekt f\u00f6r en stark varum\u00e4rkesp\u00e5verkan.<\/li>\n<li><strong>H\u00f6guppl\u00f6st sk\u00e4rm:<\/strong> A <a href=\"https:\/\/www.telaled.com\/sv\/densidade-de-pixels-em-telas-de-led-e-lcd\/\">pixelt\u00e4thet<\/a> Uppl\u00f6sningen p\u00e5 1120 x 560 garanterar skarpa och levande bilder.<\/li>\n<li><strong>Kreativ och flexibel anv\u00e4ndning:<\/strong> Den anpassar sig till en m\u00e4ngd olika till\u00e4mpningar, fr\u00e5n restauranger till dryckesreklam.<\/li>\n<li><strong>Dimensioner som drar uppm\u00e4rksamhet till sig:<\/strong> Det stora formatet (713 mm i diameter x 1270 mm i h\u00f6jd) drar till sig kundernas uppm\u00e4rksamhet.<\/li>\n<\/ul>\n<p>V\u00e5rt team erbjuder fj\u00e4rrsupport dygnet runt, plus 3 \u00e5rs garanti. Kontakta oss idag f\u00f6r en personlig offert.<\/p>","protected":false},"featured_media":3316,"template":"","meta":[],"product_brand":[],"product_cat":[48,40,46],"product_tag":[],"class_list":{"0":"post-3315","1":"product","2":"type-product","3":"status-publish","4":"has-post-thumbnail","6":"product_cat-paineis-personalizados","7":"product_cat-painel-de-led","8":"product_cat-painel-de-video","10":"first","11":"instock","12":"shipping-taxable","13":"product-type-simple"},"yoast_head":"<!-- This site is optimized with the Yoast SEO plugin v27.4 - https:\/\/yoast.com\/product\/yoast-seo-wordpress\/ -->\n<title>Cola Can LED Display S\u00e9rie TCJ | Tela LED Criativa em Formato de Lata 3D TELALED<\/title>\n<meta name=\"description\" content=\"Cola Can LED Display S\u00e9rie TCJ - A tela de LED 3D em formato de lata proporciona visuais v\u00edvidos, ideal para restaurantes, marcas de bebidas e promo\u00e7\u00f5es de varejo. Tamanhos personalizados e instala\u00e7\u00e3o flex\u00edvel dispon\u00edveis.\" \/>\n<meta name=\"robots\" content=\"index, follow, max-snippet:-1, max-image-preview:large, max-video-preview:-1\" \/>\n<link rel=\"canonical\" href=\"https:\/\/www.telaled.com\/sv\/fabrica\/cola-can-led-display-serie-tcj\/\" \/>\n<meta property=\"og:locale\" content=\"sv_SE\" \/>\n<meta property=\"og:type\" content=\"article\" \/>\n<meta property=\"og:title\" content=\"Cola Can LED Display S\u00e9rie TCJ | Tela LED Criativa em Formato de Lata 3D TELALED\" \/>\n<meta property=\"og:description\" content=\"Cola Can LED Display S\u00e9rie TCJ - A tela de LED 3D em formato de lata proporciona visuais v\u00edvidos, ideal para restaurantes, marcas de bebidas e promo\u00e7\u00f5es de varejo. Tamanhos personalizados e instala\u00e7\u00e3o flex\u00edvel dispon\u00edveis.\" \/>\n<meta property=\"og:url\" content=\"https:\/\/www.telaled.com\/sv\/fabrica\/cola-can-led-display-serie-tcj\/\" \/>\n<meta property=\"og:site_name\" content=\"TELALED\" \/>\n<meta property=\"article:modified_time\" content=\"2026-01-06T01:49:24+00:00\" \/>\n<meta property=\"og:image\" content=\"https:\/\/www.telaled.com\/wp-content\/uploads\/2025\/09\/Cola-Can-LED-Display-1.webp\" \/>\n\t<meta property=\"og:image:width\" content=\"500\" \/>\n\t<meta property=\"og:image:height\" content=\"500\" \/>\n\t<meta property=\"og:image:type\" content=\"image\/webp\" \/>\n<meta name=\"twitter:card\" content=\"summary_large_image\" \/>\n<meta name=\"twitter:label1\" content=\"Ber\u00e4knad l\u00e4stid\" \/>\n\t<meta name=\"twitter:data1\" content=\"3 minuter\" \/>\n<script type=\"application\/ld+json\" class=\"yoast-schema-graph\">{\"@context\":\"https:\\\/\\\/schema.org\",\"@graph\":[{\"@type\":\"WebPage\",\"@id\":\"https:\\\/\\\/www.telaled.com\\\/fabrica\\\/cola-can-led-display-serie-tcj\\\/\",\"url\":\"https:\\\/\\\/www.telaled.com\\\/fabrica\\\/cola-can-led-display-serie-tcj\\\/\",\"name\":\"Cola Can LED Display S\u00e9rie TCJ | Tela LED Criativa em Formato de Lata 3D TELALED\",\"isPartOf\":{\"@id\":\"https:\\\/\\\/www.telaled.com\\\/#website\"},\"primaryImageOfPage\":{\"@id\":\"https:\\\/\\\/www.telaled.com\\\/fabrica\\\/cola-can-led-display-serie-tcj\\\/#primaryimage\"},\"image\":{\"@id\":\"https:\\\/\\\/www.telaled.com\\\/fabrica\\\/cola-can-led-display-serie-tcj\\\/#primaryimage\"},\"thumbnailUrl\":\"https:\\\/\\\/www.telaled.com\\\/wp-content\\\/uploads\\\/2025\\\/09\\\/Cola-Can-LED-Display-1.webp\",\"datePublished\":\"2025-09-15T06:11:40+00:00\",\"dateModified\":\"2026-01-06T01:49:24+00:00\",\"description\":\"Cola Can LED Display S\u00e9rie TCJ - A tela de LED 3D em formato de lata proporciona visuais v\u00edvidos, ideal para restaurantes, marcas de bebidas e promo\u00e7\u00f5es de varejo. Tamanhos personalizados e instala\u00e7\u00e3o flex\u00edvel dispon\u00edveis.\",\"breadcrumb\":{\"@id\":\"https:\\\/\\\/www.telaled.com\\\/fabrica\\\/cola-can-led-display-serie-tcj\\\/#breadcrumb\"},\"inLanguage\":\"sv-SE\",\"potentialAction\":[{\"@type\":\"ReadAction\",\"target\":[\"https:\\\/\\\/www.telaled.com\\\/fabrica\\\/cola-can-led-display-serie-tcj\\\/\"]}]},{\"@type\":\"ImageObject\",\"inLanguage\":\"sv-SE\",\"@id\":\"https:\\\/\\\/www.telaled.com\\\/fabrica\\\/cola-can-led-display-serie-tcj\\\/#primaryimage\",\"url\":\"https:\\\/\\\/www.telaled.com\\\/wp-content\\\/uploads\\\/2025\\\/09\\\/Cola-Can-LED-Display-1.webp\",\"contentUrl\":\"https:\\\/\\\/www.telaled.com\\\/wp-content\\\/uploads\\\/2025\\\/09\\\/Cola-Can-LED-Display-1.webp\",\"width\":500,\"height\":500,\"caption\":\"Cola-Can-LED-Display (1)\"},{\"@type\":\"BreadcrumbList\",\"@id\":\"https:\\\/\\\/www.telaled.com\\\/fabrica\\\/cola-can-led-display-serie-tcj\\\/#breadcrumb\",\"itemListElement\":[{\"@type\":\"ListItem\",\"position\":1,\"name\":\"Home\",\"item\":\"https:\\\/\\\/www.telaled.com\\\/\"},{\"@type\":\"ListItem\",\"position\":2,\"name\":\"Produtos\",\"item\":\"https:\\\/\\\/www.telaled.com\\\/shop\\\/\"},{\"@type\":\"ListItem\",\"position\":3,\"name\":\"Cola Can LED Display S\u00e9rie TCJ\"}]},{\"@type\":\"WebSite\",\"@id\":\"https:\\\/\\\/www.telaled.com\\\/#website\",\"url\":\"https:\\\/\\\/www.telaled.com\\\/\",\"name\":\"TELALED\",\"description\":\"\",\"potentialAction\":[{\"@type\":\"SearchAction\",\"target\":{\"@type\":\"EntryPoint\",\"urlTemplate\":\"https:\\\/\\\/www.telaled.com\\\/?s={search_term_string}\"},\"query-input\":{\"@type\":\"PropertyValueSpecification\",\"valueRequired\":true,\"valueName\":\"search_term_string\"}}],\"inLanguage\":\"sv-SE\"}]}<\/script>\n<!-- \/ Yoast SEO plugin. -->","yoast_head_json":{"title":"LED-display f\u00f6r colaburkar i TCJ-serien | Kreativ 3D-burkformad LED-sk\u00e4rm TELALED","description":"LED-display f\u00f6r colaburkar i TCJ-serien \u2013 3D-LED-displayen i form av en burk ger livfulla bilder, perfekt f\u00f6r restauranger, dryckesm\u00e4rken och detaljhandelskampanjer. Anpassade storlekar och flexibel installation finns tillg\u00e4nglig.","robots":{"index":"index","follow":"follow","max-snippet":"max-snippet:-1","max-image-preview":"max-image-preview:large","max-video-preview":"max-video-preview:-1"},"canonical":"https:\/\/www.telaled.com\/sv\/fabrica\/cola-can-led-display-serie-tcj\/","og_locale":"sv_SE","og_type":"article","og_title":"Cola Can LED Display S\u00e9rie TCJ | Tela LED Criativa em Formato de Lata 3D TELALED","og_description":"Cola Can LED Display S\u00e9rie TCJ - A tela de LED 3D em formato de lata proporciona visuais v\u00edvidos, ideal para restaurantes, marcas de bebidas e promo\u00e7\u00f5es de varejo. Tamanhos personalizados e instala\u00e7\u00e3o flex\u00edvel dispon\u00edveis.","og_url":"https:\/\/www.telaled.com\/sv\/fabrica\/cola-can-led-display-serie-tcj\/","og_site_name":"TELALED","article_modified_time":"2026-01-06T01:49:24+00:00","og_image":[{"width":500,"height":500,"url":"https:\/\/www.telaled.com\/wp-content\/uploads\/2025\/09\/Cola-Can-LED-Display-1.webp","type":"image\/webp"}],"twitter_card":"summary_large_image","twitter_misc":{"Ber\u00e4knad l\u00e4stid":"3 minuter"},"schema":{"@context":"https:\/\/schema.org","@graph":[{"@type":"WebPage","@id":"https:\/\/www.telaled.com\/fabrica\/cola-can-led-display-serie-tcj\/","url":"https:\/\/www.telaled.com\/fabrica\/cola-can-led-display-serie-tcj\/","name":"LED-display f\u00f6r colaburkar i TCJ-serien | Kreativ 3D-burkformad LED-sk\u00e4rm TELALED","isPartOf":{"@id":"https:\/\/www.telaled.com\/#website"},"primaryImageOfPage":{"@id":"https:\/\/www.telaled.com\/fabrica\/cola-can-led-display-serie-tcj\/#primaryimage"},"image":{"@id":"https:\/\/www.telaled.com\/fabrica\/cola-can-led-display-serie-tcj\/#primaryimage"},"thumbnailUrl":"https:\/\/www.telaled.com\/wp-content\/uploads\/2025\/09\/Cola-Can-LED-Display-1.webp","datePublished":"2025-09-15T06:11:40+00:00","dateModified":"2026-01-06T01:49:24+00:00","description":"LED-display f\u00f6r colaburkar i TCJ-serien \u2013 3D-LED-displayen i form av en burk ger livfulla bilder, perfekt f\u00f6r restauranger, dryckesm\u00e4rken och detaljhandelskampanjer. Anpassade storlekar och flexibel installation finns tillg\u00e4nglig.","breadcrumb":{"@id":"https:\/\/www.telaled.com\/fabrica\/cola-can-led-display-serie-tcj\/#breadcrumb"},"inLanguage":"sv-SE","potentialAction":[{"@type":"ReadAction","target":["https:\/\/www.telaled.com\/fabrica\/cola-can-led-display-serie-tcj\/"]}]},{"@type":"ImageObject","inLanguage":"sv-SE","@id":"https:\/\/www.telaled.com\/fabrica\/cola-can-led-display-serie-tcj\/#primaryimage","url":"https:\/\/www.telaled.com\/wp-content\/uploads\/2025\/09\/Cola-Can-LED-Display-1.webp","contentUrl":"https:\/\/www.telaled.com\/wp-content\/uploads\/2025\/09\/Cola-Can-LED-Display-1.webp","width":500,"height":500,"caption":"Cola-Can-LED-Display (1)"},{"@type":"BreadcrumbList","@id":"https:\/\/www.telaled.com\/fabrica\/cola-can-led-display-serie-tcj\/#breadcrumb","itemListElement":[{"@type":"ListItem","position":1,"name":"Home","item":"https:\/\/www.telaled.com\/"},{"@type":"ListItem","position":2,"name":"Produtos","item":"https:\/\/www.telaled.com\/shop\/"},{"@type":"ListItem","position":3,"name":"Cola Can LED Display S\u00e9rie TCJ"}]},{"@type":"WebSite","@id":"https:\/\/www.telaled.com\/#website","url":"https:\/\/www.telaled.com\/","name":"LED-sk\u00e4rm","description":"","potentialAction":[{"@type":"SearchAction","target":{"@type":"EntryPoint","urlTemplate":"https:\/\/www.telaled.com\/?s={search_term_string}"},"query-input":{"@type":"PropertyValueSpecification","valueRequired":true,"valueName":"search_term_string"}}],"inLanguage":"sv-SE"}]}},"_links":{"self":[{"href":"https:\/\/www.telaled.com\/sv\/wp-json\/wp\/v2\/product\/3315","targetHints":{"allow":["GET"]}}],"collection":[{"href":"https:\/\/www.telaled.com\/sv\/wp-json\/wp\/v2\/product"}],"about":[{"href":"https:\/\/www.telaled.com\/sv\/wp-json\/wp\/v2\/types\/product"}],"wp:featuredmedia":[{"embeddable":true,"href":"https:\/\/www.telaled.com\/sv\/wp-json\/wp\/v2\/media\/3316"}],"wp:attachment":[{"href":"https:\/\/www.telaled.com\/sv\/wp-json\/wp\/v2\/media?parent=3315"}],"wp:term":[{"taxonomy":"product_brand","embeddable":true,"href":"https:\/\/www.telaled.com\/sv\/wp-json\/wp\/v2\/product_brand?post=3315"},{"taxonomy":"product_cat","embeddable":true,"href":"https:\/\/www.telaled.com\/sv\/wp-json\/wp\/v2\/product_cat?post=3315"},{"taxonomy":"product_tag","embeddable":true,"href":"https:\/\/www.telaled.com\/sv\/wp-json\/wp\/v2\/product_tag?post=3315"}],"curies":[{"name":"wp","href":"https:\/\/api.w.org\/{rel}","templated":true}]}}