{"id":3299,"date":"2025-09-12T05:59:46","date_gmt":"2025-09-12T05:59:46","guid":{"rendered":"https:\/\/www.telaled.com\/?post_type=product&#038;p=3299"},"modified":"2026-01-06T01:20:53","modified_gmt":"2026-01-06T01:20:53","slug":"dj-booth-led-screen-serie-tci","status":"publish","type":"product","link":"https:\/\/www.telaled.com\/sv\/fabrica\/dj-booth-led-screen-serie-tci\/","title":{"rendered":"DJ-b\u00e5s LED-sk\u00e4rm TCI-serien"},"content":{"rendered":"<div class=\"row\"  id=\"row-1989277586\">\n\n\t<div id=\"col-938841817\" class=\"col small-12 large-12\"  >\n\t\t\t\t<div class=\"col-inner\"  >\n\t\t\t\n\t\t\t\n<h2>Exklusiva f\u00f6rdelar med DJ-b\u00e5set LED-sk\u00e4rm TCI-serien<\/h2>\n<h3><strong>\u00d6verl\u00e4gsen h\u00e5llbarhet<\/strong><\/h3>\n<ul>\n<li>Den h\u00f6gh\u00e5llfasta aluminiumramen s\u00e4kerst\u00e4ller en l\u00e4tt men robust struktur.<\/li>\n<li>Utformad f\u00f6r att klara kontinuerlig drift 24 timmar om dygnet, 7 dagar i veckan, i dynamiska milj\u00f6er.<\/li>\n<li>Idealisk f\u00f6r l\u00e5ngvarig prestanda i kr\u00e4vande milj\u00f6er.<\/li>\n<\/ul>\n<h3><strong>Exceptionell visuell kvalitet<\/strong><\/h3>\n<ul>\n<li>Olika format och anpassade moduler ger utm\u00e4rkt bildsk\u00e4rpa.<\/li>\n<li>Den erbjuder uppslukande visuella upplevelser med en livfull och skarp sk\u00e4rm.<\/li>\n<li>Det f\u00f6rh\u00f6jer atmosf\u00e4ren i vilket utrymme som helst och skapar en fantastisk visuell effekt.<\/li>\n<\/ul>\n<h3><strong>Fullst\u00e4ndig anpassningsf\u00f6rm\u00e5ga<\/strong><\/h3>\n<ul>\n<li>Mycket anpassningsbar med en m\u00e4ngd olika former och storlekar.<\/li>\n<li>Perfekt f\u00f6r nattklubbar, utst\u00e4llningslokaler, TV-scener och andra exklusiva utrymmen.<\/li>\n<li>Den anpassar sig perfekt till olika behov och f\u00f6rb\u00e4ttrar atmosf\u00e4ren p\u00e5 platsen.<\/li>\n<\/ul>\n<h3><strong>Omfattande st\u00f6d<\/strong><\/h3>\n<ul>\n<li>Teknisk fj\u00e4rrsupport dygnet runt: F\u00e5 tillg\u00e5ng till experthj\u00e4lp n\u00e4r som helst, var som helst.<\/li>\n<li>5% reservdelar ing\u00e5r: Varje best\u00e4llning inkluderar ytterligare komponenter f\u00f6r att \u00f6ka tillf\u00f6rlitligheten och ge trygghet.<\/li>\n<li>3 \u00e5rs f\u00f6rl\u00e4ngd garanti: Dra nytta av l\u00e5ngsiktig konvergens f\u00f6r b\u00e4ttre prestanda och p\u00e5litlig service.<\/li>\n<\/ul>\n<h2>Produktinformation<\/h2>\n<div class=\"row\"  id=\"row-232166662\">\n\n\t<div id=\"col-1007794044\" class=\"col medium-10 small-12 large-10\"  >\n\t\t\t\t<div class=\"col-inner text-left\"  >\n\t\t\t\n\t\t\t\n<ul>\n<li>Den har en robust, h\u00f6gh\u00e5llfast aluminiumram som kombinerar h\u00e5llbarhet med en l\u00e4tt design. Dess unika struktur \u00f6kar inte bara styrkan utan ger ocks\u00e5 en attraktiv visuell attraktionskraft, perfekt f\u00f6r alla evenemang. Helt anpassningsbar, vilket m\u00f6jligg\u00f6r enkel programmering f\u00f6r att m\u00f6ta de specifika behoven f\u00f6r varje tillf\u00e4lle.<\/li>\n<\/ul>\n\t<div class=\"img has-hover x md-x lg-x y md-y lg-y\" id=\"image_1392572911\">\n\t\t\t\t\t\t\t\t<div class=\"img-inner dark\" >\n\t\t\t<img loading=\"lazy\" decoding=\"async\" width=\"670\" height=\"380\" src=\"https:\/\/www.telaled.com\/wp-content\/uploads\/2025\/09\/Estrutura-de-aluminio-de-alta-resistencia-e-durabilidade.jpg\" class=\"attachment-original size-original\" alt=\"H\u00f6gh\u00e5llfast och h\u00e5llbar aluminiumstruktur\" srcset=\"https:\/\/www.telaled.com\/wp-content\/uploads\/2025\/09\/Estrutura-de-aluminio-de-alta-resistencia-e-durabilidade.jpg 670w, https:\/\/www.telaled.com\/wp-content\/uploads\/2025\/09\/Estrutura-de-aluminio-de-alta-resistencia-e-durabilidade-300x170.jpg 300w, https:\/\/www.telaled.com\/wp-content\/uploads\/2025\/09\/Estrutura-de-aluminio-de-alta-resistencia-e-durabilidade-18x10.jpg 18w, https:\/\/www.telaled.com\/wp-content\/uploads\/2025\/09\/Estrutura-de-aluminio-de-alta-resistencia-e-durabilidade-600x340.jpg 600w\" sizes=\"auto, (max-width: 670px) 100vw, 670px\" \/>\t\t\t\t\t\t\n\t\t\t\t\t<\/div>\n\t\t\t\t\t\t\t\t\n<style>\n#image_1392572911 {\n  width: 95%;\n}\n<\/style>\n\t<\/div>\n\t\n<ul>\n<li>Utrustad med intuitiva kontroller och anv\u00e4ndarv\u00e4nlig programvara, vilket garanterar felfri prestanda i synkront l\u00e4ge. Den \u00e4r designad f\u00f6r drift dygnet runt och ger p\u00e5litlig och oavbruten prestanda.<\/li>\n<\/ul>\n\t\t<\/div>\n\t\t\t\t\t<\/div>\n\n\t\n\n\t<div id=\"col-1486167561\" class=\"col medium-10 small-12 large-10\"  >\n\t\t\t\t<div class=\"col-inner text-left\"  >\n\t\t\t\n\t\t\t\n\t<div class=\"img has-hover x md-x lg-x y md-y lg-y\" id=\"image_492528367\">\n\t\t\t\t\t\t\t\t<div class=\"img-inner dark\" >\n\t\t\t<img loading=\"lazy\" decoding=\"async\" width=\"670\" height=\"380\" src=\"https:\/\/www.telaled.com\/wp-content\/uploads\/2025\/09\/Facil-controle-e-estabilidade.webp\" class=\"attachment-large size-large\" alt=\"Enkel kontroll och stabilitet\" srcset=\"https:\/\/www.telaled.com\/wp-content\/uploads\/2025\/09\/Facil-controle-e-estabilidade.webp 670w, https:\/\/www.telaled.com\/wp-content\/uploads\/2025\/09\/Facil-controle-e-estabilidade-300x170.webp 300w, https:\/\/www.telaled.com\/wp-content\/uploads\/2025\/09\/Facil-controle-e-estabilidade-18x10.webp 18w, https:\/\/www.telaled.com\/wp-content\/uploads\/2025\/09\/Facil-controle-e-estabilidade-600x340.webp 600w\" sizes=\"auto, (max-width: 670px) 100vw, 670px\" \/>\t\t\t\t\t\t\n\t\t\t\t\t<\/div>\n\t\t\t\t\t\t\t\t\n<style>\n#image_492528367 {\n  width: 95%;\n}\n<\/style>\n\t<\/div>\n\t\n<ul>\n<li>Den erbjuder m\u00e5ngsidiga anv\u00e4ndningsomr\u00e5den p\u00e5 en m\u00e4ngd olika platser. Oavsett om det \u00e4r p\u00e5 en nattklubb, bar, musikfestival eller fest, fungerar den som ett i\u00f6gonfallande mittpunkt, vilket f\u00f6rb\u00e4ttrar underh\u00e5llningsupplevelsen och ger en of\u00f6rgl\u00f6mlig touch som lyfter atmosf\u00e4ren till en ny niv\u00e5.<\/li>\n<\/ul>\n\t<div class=\"img has-hover x md-x lg-x y md-y lg-y\" id=\"image_1925688110\">\n\t\t\t\t\t\t\t\t<div class=\"img-inner dark\" >\n\t\t\t<img loading=\"lazy\" decoding=\"async\" width=\"1020\" height=\"283\" src=\"https:\/\/www.telaled.com\/wp-content\/uploads\/2025\/09\/Exibicao-de-imagem-perfeita-ampla-gama-de-aplicacoes-1024x284.webp\" class=\"attachment-large size-large\" alt=\"\" srcset=\"https:\/\/www.telaled.com\/wp-content\/uploads\/2025\/09\/Exibicao-de-imagem-perfeita-ampla-gama-de-aplicacoes-1024x284.webp 1024w, https:\/\/www.telaled.com\/wp-content\/uploads\/2025\/09\/Exibicao-de-imagem-perfeita-ampla-gama-de-aplicacoes-300x83.webp 300w, https:\/\/www.telaled.com\/wp-content\/uploads\/2025\/09\/Exibicao-de-imagem-perfeita-ampla-gama-de-aplicacoes-768x213.webp 768w, https:\/\/www.telaled.com\/wp-content\/uploads\/2025\/09\/Exibicao-de-imagem-perfeita-ampla-gama-de-aplicacoes-18x5.webp 18w, https:\/\/www.telaled.com\/wp-content\/uploads\/2025\/09\/Exibicao-de-imagem-perfeita-ampla-gama-de-aplicacoes-600x167.webp 600w, https:\/\/www.telaled.com\/wp-content\/uploads\/2025\/09\/Exibicao-de-imagem-perfeita-ampla-gama-de-aplicacoes.webp 1440w\" sizes=\"auto, (max-width: 1020px) 100vw, 1020px\" \/>\t\t\t\t\t\t\n\t\t\t\t\t<\/div>\n\t\t\t\t\t\t\t\t\n<style>\n#image_1925688110 {\n  width: 95%;\n}\n<\/style>\n\t<\/div>\n\t\n\t\t<\/div>\n\t\t\t\t\t<\/div>\n\n\t\n\n\t<div id=\"col-2029150901\" class=\"col medium-10 small-12 large-10\"  >\n\t\t\t\t<div class=\"col-inner text-left\"  >\n\t\t\t\n\t\t\t\n<ul>\n<li>V\u00e5ra TCI-serie DJ-b\u00e5s LED-sk\u00e4rmar \u00e4r f\u00f6rpackade i f\u00f6rst\u00e4rkta tr\u00e4l\u00e5dor f\u00f6r att skydda dem under transport. Varje enhet \u00e4r s\u00e4kert f\u00f6rpackad f\u00f6r att f\u00f6rhindra skador fr\u00e5n skadedjur, st\u00f6tar och andra faror. Detta garanterar h\u00e5llbarhet och s\u00e4ker leverans.<\/li>\n<\/ul>\n\t<div class=\"img has-hover x md-x lg-x y md-y lg-y\" id=\"image_859741693\">\n\t\t\t\t\t\t\t\t<div class=\"img-inner dark\" >\n\t\t\t<img loading=\"lazy\" decoding=\"async\" width=\"760\" height=\"1024\" src=\"https:\/\/www.telaled.com\/wp-content\/uploads\/2025\/08\/36123f2c-de60-488d-af81-255cd4aee54a-760x1024.webp\" class=\"attachment-large size-large\" alt=\"\" srcset=\"https:\/\/www.telaled.com\/wp-content\/uploads\/2025\/08\/36123f2c-de60-488d-af81-255cd4aee54a-760x1024.webp 760w, https:\/\/www.telaled.com\/wp-content\/uploads\/2025\/08\/36123f2c-de60-488d-af81-255cd4aee54a-223x300.webp 223w, https:\/\/www.telaled.com\/wp-content\/uploads\/2025\/08\/36123f2c-de60-488d-af81-255cd4aee54a-768x1035.webp 768w, https:\/\/www.telaled.com\/wp-content\/uploads\/2025\/08\/36123f2c-de60-488d-af81-255cd4aee54a-9x12.webp 9w, https:\/\/www.telaled.com\/wp-content\/uploads\/2025\/08\/36123f2c-de60-488d-af81-255cd4aee54a-600x808.webp 600w, https:\/\/www.telaled.com\/wp-content\/uploads\/2025\/08\/36123f2c-de60-488d-af81-255cd4aee54a.webp 795w\" sizes=\"auto, (max-width: 760px) 100vw, 760px\" \/>\t\t\t\t\t\t\n\t\t\t\t\t<\/div>\n\t\t\t\t\t\t\t\t\n<style>\n#image_859741693 {\n  width: 95%;\n}\n<\/style>\n\t<\/div>\n\t\n\n<table id=\"tablepress-76\" class=\"tablepress tablepress-id-76\">\n<thead>\n<tr class=\"row-1\">\n\t<th class=\"column-1\">Punkt<\/th><th class=\"column-2\">TCI-P4<\/th>\n<\/tr>\n<\/thead>\n<tbody class=\"row-striping row-hover\">\n<tr class=\"row-2\">\n\t<td class=\"column-1\">Pixelpunktskomposition<\/td><td class=\"column-2\">2121 (3 i 1)<\/td>\n<\/tr>\n<tr class=\"row-3\">\n\t<td class=\"column-1\">Sk\u00e4rmdensitet<\/td><td class=\"column-2\">62 500 po\u00e4ng\/m\u00b2<\/td>\n<\/tr>\n<tr class=\"row-4\">\n\t<td class=\"column-1\">Idealt betraktningsavst\u00e5nd: (m)<\/td><td class=\"column-2\">4\u2013100 m<\/td>\n<\/tr>\n<tr class=\"row-5\">\n\t<td class=\"column-1\">Maximal energif\u00f6rbrukning<\/td><td class=\"column-2\">800W\/m\u00b2<\/td>\n<\/tr>\n<tr class=\"row-6\">\n\t<td class=\"column-1\">Skanningsmetod<\/td><td class=\"column-2\">16 skanningar<\/td>\n<\/tr>\n<tr class=\"row-7\">\n\t<td class=\"column-1\">Ljusstyrka (CD\/m\u00b2)<\/td><td class=\"column-2\">800<\/td>\n<\/tr>\n<tr class=\"row-8\">\n\t<td class=\"column-1\">Betraktningsvinkel<\/td><td class=\"column-2\">H 260\u00b0 V 260\u00b0<\/td>\n<\/tr>\n<tr class=\"row-9\">\n\t<td class=\"column-1\">Driftsp\u00e4nning<\/td><td class=\"column-2\">AC 220V\/100V\u00b115% 47~64Hz<\/td>\n<\/tr>\n<tr class=\"row-10\">\n\t<td class=\"column-1\">Drivsp\u00e4nning<\/td><td class=\"column-2\">5V<\/td>\n<\/tr>\n<tr class=\"row-11\">\n\t<td class=\"column-1\">Systemets driftsmilj\u00f6temperatur<\/td><td class=\"column-2\">-20~60\u00b0C<\/td>\n<\/tr>\n<tr class=\"row-12\">\n\t<td class=\"column-1\">Fuktighet i systemets arbetsmilj\u00f6<\/td><td class=\"column-2\">10%~90% UR<\/td>\n<\/tr>\n<tr class=\"row-13\">\n\t<td class=\"column-1\">Sk\u00e4rmf\u00e4rg<\/td><td class=\"column-2\">16,7 miljoner<\/td>\n<\/tr>\n<tr class=\"row-14\">\n\t<td class=\"column-1\">Gr\u00e5skaleniv\u00e5<\/td><td class=\"column-2\">16384<\/td>\n<\/tr>\n<tr class=\"row-15\">\n\t<td class=\"column-1\">Kommunikationsmetod<\/td><td class=\"column-2\">Synkron<\/td>\n<\/tr>\n<\/tbody>\n<\/table>\n<!-- #tablepress-76 from cache -->\n\t\t<\/div>\n\t\t\t\t\t<\/div>\n\n\t\n<\/div>\n\t\t<\/div>\n\t\t\t\t\t<\/div>\n\n\t\n<\/div>","protected":false},"excerpt":{"rendered":"<p><strong>DJ-b\u00e5s LED-sk\u00e4rm TCI-serien \u2013 Interaktiva LED-sk\u00e4rmar f\u00f6r f\u00e4ngslande presentationer<\/strong><\/p>\n<p>Lyft din DJ-framtr\u00e4dande till n\u00e4sta niv\u00e5 med v\u00e5r <strong><em>DJ-b\u00e5s LED-sk\u00e4rm TCI-serien.<\/em><\/strong> Utformad f\u00f6r att engagera och f\u00e4ngsla publiken. Med m\u00e5ngsidiga format och <a href=\"https:\/\/www.telaled.com\/sv\/pixel-pitch\/\">pixelh\u00f6jd<\/a> Med en tjocklek p\u00e5 4 mm \u00e4r det den perfekta l\u00f6sningen f\u00f6r att f\u00f6rb\u00e4ttra vilken scenpresentation som helst.<\/p>\n<p><strong>Huvudfunktioner:<\/strong><\/p>\n<ul>\n<li><strong>Engagerande interaktivitet:<\/strong> Skapa dynamiska och engagerande f\u00f6rest\u00e4llningar med anpassningsbara LED-sk\u00e4rmar som lockar och h\u00e5ller publikens uppm\u00e4rksamhet.<\/li>\n<li><strong>M\u00e5ngsidig design:<\/strong> Finns i olika format f\u00f6r att passa olika scenupps\u00e4ttningar och kreativa visioner, inklusive den popul\u00e4ra diamantformade displayen.<\/li>\n<li><strong>H\u00f6guppl\u00f6st sk\u00e4rm:<\/strong> Med 4 mm pixelavst\u00e5nd kan du njuta av skarpa, detaljerade bilder som f\u00f6rb\u00e4ttrar din prestanda med livfulla f\u00e4rger och sk\u00e4rpa.<\/li>\n<\/ul>\n<p>V\u00e5rt team erbjuder fj\u00e4rrsupport dygnet runt, plus 3 \u00e5rs garanti. Kontakta oss idag f\u00f6r en personlig offert.<\/p>","protected":false},"featured_media":3300,"template":"","meta":[],"product_brand":[],"product_cat":[48,40,46],"product_tag":[],"class_list":{"0":"post-3299","1":"product","2":"type-product","3":"status-publish","4":"has-post-thumbnail","6":"product_cat-paineis-personalizados","7":"product_cat-painel-de-led","8":"product_cat-painel-de-video","10":"first","11":"instock","12":"shipping-taxable","13":"product-type-simple"},"yoast_head":"<!-- This site is optimized with the Yoast SEO plugin v27.4 - https:\/\/yoast.com\/product\/yoast-seo-wordpress\/ -->\n<title>DJ Booth LED Screen S\u00e9rie TCI | Telas LED Interativas em V\u00e1rios Formatos | TELALED<\/title>\n<meta name=\"description\" content=\"Transforme suas apresenta\u00e7\u00f5es de DJ Booth LED Screen S\u00e9rie TCI para Cabines de DJ. Dispon\u00edveis em diversos formatos com pixel pitch de 4 mm, criam uma experi\u00eancia cativante. Entre em contato conosco hoje mesmo para uma solu\u00e7\u00e3o personalizada!\" \/>\n<meta name=\"robots\" content=\"index, follow, max-snippet:-1, max-image-preview:large, max-video-preview:-1\" \/>\n<link rel=\"canonical\" href=\"https:\/\/www.telaled.com\/sv\/fabrica\/dj-booth-led-screen-serie-tci\/\" \/>\n<meta property=\"og:locale\" content=\"sv_SE\" \/>\n<meta property=\"og:type\" content=\"article\" \/>\n<meta property=\"og:title\" content=\"DJ Booth LED Screen S\u00e9rie TCI | Telas LED Interativas em V\u00e1rios Formatos | TELALED\" \/>\n<meta property=\"og:description\" content=\"Transforme suas apresenta\u00e7\u00f5es de DJ Booth LED Screen S\u00e9rie TCI para Cabines de DJ. Dispon\u00edveis em diversos formatos com pixel pitch de 4 mm, criam uma experi\u00eancia cativante. Entre em contato conosco hoje mesmo para uma solu\u00e7\u00e3o personalizada!\" \/>\n<meta property=\"og:url\" content=\"https:\/\/www.telaled.com\/sv\/fabrica\/dj-booth-led-screen-serie-tci\/\" \/>\n<meta property=\"og:site_name\" content=\"TELALED\" \/>\n<meta property=\"article:modified_time\" content=\"2026-01-06T01:20:53+00:00\" \/>\n<meta property=\"og:image\" content=\"https:\/\/www.telaled.com\/wp-content\/uploads\/2025\/09\/dj-booth-led-screen.webp\" \/>\n\t<meta property=\"og:image:width\" content=\"500\" \/>\n\t<meta property=\"og:image:height\" content=\"500\" \/>\n\t<meta property=\"og:image:type\" content=\"image\/webp\" \/>\n<meta name=\"twitter:card\" content=\"summary_large_image\" \/>\n<meta name=\"twitter:label1\" content=\"Est. reading time\" \/>\n\t<meta name=\"twitter:data1\" content=\"3 minuter\" \/>\n<script type=\"application\/ld+json\" class=\"yoast-schema-graph\">{\"@context\":\"https:\\\/\\\/schema.org\",\"@graph\":[{\"@type\":\"WebPage\",\"@id\":\"https:\\\/\\\/www.telaled.com\\\/fabrica\\\/dj-booth-led-screen-serie-tci\\\/\",\"url\":\"https:\\\/\\\/www.telaled.com\\\/fabrica\\\/dj-booth-led-screen-serie-tci\\\/\",\"name\":\"DJ Booth LED Screen S\u00e9rie TCI | Telas LED Interativas em V\u00e1rios Formatos | TELALED\",\"isPartOf\":{\"@id\":\"https:\\\/\\\/www.telaled.com\\\/#website\"},\"primaryImageOfPage\":{\"@id\":\"https:\\\/\\\/www.telaled.com\\\/fabrica\\\/dj-booth-led-screen-serie-tci\\\/#primaryimage\"},\"image\":{\"@id\":\"https:\\\/\\\/www.telaled.com\\\/fabrica\\\/dj-booth-led-screen-serie-tci\\\/#primaryimage\"},\"thumbnailUrl\":\"https:\\\/\\\/www.telaled.com\\\/wp-content\\\/uploads\\\/2025\\\/09\\\/dj-booth-led-screen.webp\",\"datePublished\":\"2025-09-12T05:59:46+00:00\",\"dateModified\":\"2026-01-06T01:20:53+00:00\",\"description\":\"Transforme suas apresenta\u00e7\u00f5es de DJ Booth LED Screen S\u00e9rie TCI para Cabines de DJ. Dispon\u00edveis em diversos formatos com pixel pitch de 4 mm, criam uma experi\u00eancia cativante. Entre em contato conosco hoje mesmo para uma solu\u00e7\u00e3o personalizada!\",\"breadcrumb\":{\"@id\":\"https:\\\/\\\/www.telaled.com\\\/fabrica\\\/dj-booth-led-screen-serie-tci\\\/#breadcrumb\"},\"inLanguage\":\"sv-SE\",\"potentialAction\":[{\"@type\":\"ReadAction\",\"target\":[\"https:\\\/\\\/www.telaled.com\\\/fabrica\\\/dj-booth-led-screen-serie-tci\\\/\"]}]},{\"@type\":\"ImageObject\",\"inLanguage\":\"sv-SE\",\"@id\":\"https:\\\/\\\/www.telaled.com\\\/fabrica\\\/dj-booth-led-screen-serie-tci\\\/#primaryimage\",\"url\":\"https:\\\/\\\/www.telaled.com\\\/wp-content\\\/uploads\\\/2025\\\/09\\\/dj-booth-led-screen.webp\",\"contentUrl\":\"https:\\\/\\\/www.telaled.com\\\/wp-content\\\/uploads\\\/2025\\\/09\\\/dj-booth-led-screen.webp\",\"width\":500,\"height\":500,\"caption\":\"dj-booth-led-screen\"},{\"@type\":\"BreadcrumbList\",\"@id\":\"https:\\\/\\\/www.telaled.com\\\/fabrica\\\/dj-booth-led-screen-serie-tci\\\/#breadcrumb\",\"itemListElement\":[{\"@type\":\"ListItem\",\"position\":1,\"name\":\"Home\",\"item\":\"https:\\\/\\\/www.telaled.com\\\/\"},{\"@type\":\"ListItem\",\"position\":2,\"name\":\"Produtos\",\"item\":\"https:\\\/\\\/www.telaled.com\\\/shop\\\/\"},{\"@type\":\"ListItem\",\"position\":3,\"name\":\"DJ Booth LED Screen S\u00e9rie TCI\"}]},{\"@type\":\"WebSite\",\"@id\":\"https:\\\/\\\/www.telaled.com\\\/#website\",\"url\":\"https:\\\/\\\/www.telaled.com\\\/\",\"name\":\"TELALED\",\"description\":\"\",\"potentialAction\":[{\"@type\":\"SearchAction\",\"target\":{\"@type\":\"EntryPoint\",\"urlTemplate\":\"https:\\\/\\\/www.telaled.com\\\/?s={search_term_string}\"},\"query-input\":{\"@type\":\"PropertyValueSpecification\",\"valueRequired\":true,\"valueName\":\"search_term_string\"}}],\"inLanguage\":\"sv-SE\"}]}<\/script>\n<!-- \/ Yoast SEO plugin. -->","yoast_head_json":{"title":"DJ-b\u00e5s LED-sk\u00e4rm TCI-serien | Interaktiva LED-sk\u00e4rmar i olika format | TELALED","description":"F\u00f6rvandla dina DJ-set med TCI-seriens LED-sk\u00e4rm f\u00f6r DJ-b\u00e5s. De finns i olika format med 4 mm pixelavst\u00e5nd och skapar en f\u00e4ngslande upplevelse. Kontakta oss idag f\u00f6r en skr\u00e4ddarsydd l\u00f6sning!","robots":{"index":"index","follow":"follow","max-snippet":"max-snippet:-1","max-image-preview":"max-image-preview:large","max-video-preview":"max-video-preview:-1"},"canonical":"https:\/\/www.telaled.com\/sv\/fabrica\/dj-booth-led-screen-serie-tci\/","og_locale":"sv_SE","og_type":"article","og_title":"DJ Booth LED Screen S\u00e9rie TCI | Telas LED Interativas em V\u00e1rios Formatos | TELALED","og_description":"Transforme suas apresenta\u00e7\u00f5es de DJ Booth LED Screen S\u00e9rie TCI para Cabines de DJ. Dispon\u00edveis em diversos formatos com pixel pitch de 4 mm, criam uma experi\u00eancia cativante. Entre em contato conosco hoje mesmo para uma solu\u00e7\u00e3o personalizada!","og_url":"https:\/\/www.telaled.com\/sv\/fabrica\/dj-booth-led-screen-serie-tci\/","og_site_name":"TELALED","article_modified_time":"2026-01-06T01:20:53+00:00","og_image":[{"width":500,"height":500,"url":"https:\/\/www.telaled.com\/wp-content\/uploads\/2025\/09\/dj-booth-led-screen.webp","type":"image\/webp"}],"twitter_card":"summary_large_image","twitter_misc":{"Est. reading time":"3 minuter"},"schema":{"@context":"https:\/\/schema.org","@graph":[{"@type":"WebPage","@id":"https:\/\/www.telaled.com\/fabrica\/dj-booth-led-screen-serie-tci\/","url":"https:\/\/www.telaled.com\/fabrica\/dj-booth-led-screen-serie-tci\/","name":"DJ-b\u00e5s LED-sk\u00e4rm TCI-serien | Interaktiva LED-sk\u00e4rmar i olika format | TELALED","isPartOf":{"@id":"https:\/\/www.telaled.com\/#website"},"primaryImageOfPage":{"@id":"https:\/\/www.telaled.com\/fabrica\/dj-booth-led-screen-serie-tci\/#primaryimage"},"image":{"@id":"https:\/\/www.telaled.com\/fabrica\/dj-booth-led-screen-serie-tci\/#primaryimage"},"thumbnailUrl":"https:\/\/www.telaled.com\/wp-content\/uploads\/2025\/09\/dj-booth-led-screen.webp","datePublished":"2025-09-12T05:59:46+00:00","dateModified":"2026-01-06T01:20:53+00:00","description":"F\u00f6rvandla dina DJ-set med TCI-seriens LED-sk\u00e4rm f\u00f6r DJ-b\u00e5s. De finns i olika format med 4 mm pixelavst\u00e5nd och skapar en f\u00e4ngslande upplevelse. Kontakta oss idag f\u00f6r en skr\u00e4ddarsydd l\u00f6sning!","breadcrumb":{"@id":"https:\/\/www.telaled.com\/fabrica\/dj-booth-led-screen-serie-tci\/#breadcrumb"},"inLanguage":"sv-SE","potentialAction":[{"@type":"ReadAction","target":["https:\/\/www.telaled.com\/fabrica\/dj-booth-led-screen-serie-tci\/"]}]},{"@type":"ImageObject","inLanguage":"sv-SE","@id":"https:\/\/www.telaled.com\/fabrica\/dj-booth-led-screen-serie-tci\/#primaryimage","url":"https:\/\/www.telaled.com\/wp-content\/uploads\/2025\/09\/dj-booth-led-screen.webp","contentUrl":"https:\/\/www.telaled.com\/wp-content\/uploads\/2025\/09\/dj-booth-led-screen.webp","width":500,"height":500,"caption":"dj-booth-led-screen"},{"@type":"BreadcrumbList","@id":"https:\/\/www.telaled.com\/fabrica\/dj-booth-led-screen-serie-tci\/#breadcrumb","itemListElement":[{"@type":"ListItem","position":1,"name":"Home","item":"https:\/\/www.telaled.com\/"},{"@type":"ListItem","position":2,"name":"Produtos","item":"https:\/\/www.telaled.com\/shop\/"},{"@type":"ListItem","position":3,"name":"DJ Booth LED Screen S\u00e9rie TCI"}]},{"@type":"WebSite","@id":"https:\/\/www.telaled.com\/#website","url":"https:\/\/www.telaled.com\/","name":"LED-sk\u00e4rm","description":"","potentialAction":[{"@type":"SearchAction","target":{"@type":"EntryPoint","urlTemplate":"https:\/\/www.telaled.com\/?s={search_term_string}"},"query-input":{"@type":"PropertyValueSpecification","valueRequired":true,"valueName":"search_term_string"}}],"inLanguage":"sv-SE"}]}},"_links":{"self":[{"href":"https:\/\/www.telaled.com\/sv\/wp-json\/wp\/v2\/product\/3299","targetHints":{"allow":["GET"]}}],"collection":[{"href":"https:\/\/www.telaled.com\/sv\/wp-json\/wp\/v2\/product"}],"about":[{"href":"https:\/\/www.telaled.com\/sv\/wp-json\/wp\/v2\/types\/product"}],"wp:featuredmedia":[{"embeddable":true,"href":"https:\/\/www.telaled.com\/sv\/wp-json\/wp\/v2\/media\/3300"}],"wp:attachment":[{"href":"https:\/\/www.telaled.com\/sv\/wp-json\/wp\/v2\/media?parent=3299"}],"wp:term":[{"taxonomy":"product_brand","embeddable":true,"href":"https:\/\/www.telaled.com\/sv\/wp-json\/wp\/v2\/product_brand?post=3299"},{"taxonomy":"product_cat","embeddable":true,"href":"https:\/\/www.telaled.com\/sv\/wp-json\/wp\/v2\/product_cat?post=3299"},{"taxonomy":"product_tag","embeddable":true,"href":"https:\/\/www.telaled.com\/sv\/wp-json\/wp\/v2\/product_tag?post=3299"}],"curies":[{"name":"wp","href":"https:\/\/api.w.org\/{rel}","templated":true}]}}