{"id":3277,"date":"2025-09-09T10:03:44","date_gmt":"2025-09-09T10:03:44","guid":{"rendered":"https:\/\/www.telaled.com\/?post_type=product&#038;p=3277"},"modified":"2026-01-06T00:51:09","modified_gmt":"2026-01-06T00:51:09","slug":"painel-de-led-letras-serie-tcg","status":"publish","type":"product","link":"https:\/\/www.telaled.com\/sv\/fabrica\/painel-de-led-letras-serie-tcg\/","title":{"rendered":"TCG-serien LED-bokst\u00e4verpanel"},"content":{"rendered":"<div class=\"row\"  id=\"row-1008144478\">\n\n\t<div id=\"col-1032926898\" class=\"col small-12 large-12\"  >\n\t\t\t\t<div class=\"col-inner\"  >\n\t\t\t\n\t\t\t\n<h2>Exklusiva f\u00f6rdelar med TCG-seriens LED-bokstavspanel<\/h2>\n<h3><strong>\u00d6verl\u00e4gsen h\u00e5llbarhet<\/strong><\/h3>\n<ul>\n<li>Utformad f\u00f6r inomhus- och utomhusbruk.<\/li>\n<li>Byggd med slitstarka modul\u00e4ra LED-paneler f\u00f6r l\u00e5ngvarig prestanda.<\/li>\n<li>Resistent mot tuffa v\u00e4derf\u00f6rh\u00e5llanden (regn, vind, sol) f\u00f6r att bibeh\u00e5lla funktionaliteten.<\/li>\n<li>Idealisk f\u00f6r milj\u00f6er med h\u00f6g trafik som k\u00f6pcentra, flygplatser och barer.<\/li>\n<\/ul>\n<h3><strong>Exceptionell visuell kvalitet<\/strong><\/h3>\n<ul>\n<li>Den erbjuder livfulla f\u00e4rger och skarpa, i\u00f6gonfallande effekter.<\/li>\n<li>Kan spela upp video direkt p\u00e5 ytan av bokst\u00e4ver eller logotyp.<\/li>\n<li>Perfekt f\u00f6r att skapa engagerande och uppm\u00e4rksamhetsf\u00e5ngande inneh\u00e5ll.<\/li>\n<li>\u00d6ka varum\u00e4rkessynligheten med dynamiska visuella element.<\/li>\n<\/ul>\n<h3><strong>Fullst\u00e4ndig anpassningsf\u00f6rm\u00e5ga<\/strong><\/h3>\n<ul>\n<li>Finns i en m\u00e4ngd olika storlekar och konfigurationer.<\/li>\n<li>Anpassningsbara format och modul\u00e4ra designer.<\/li>\n<li>Den kan anpassas f\u00f6r att m\u00f6ta specifika behov och milj\u00f6er.<\/li>\n<li>Det erbjuder flexibiliteten att skapa unika displayer f\u00f6r alla varum\u00e4rken eller platser.<\/li>\n<\/ul>\n<h3><strong>Omfattande st\u00f6d<\/strong><\/h3>\n<ul>\n<li>Teknisk fj\u00e4rrsupport dygnet runt: F\u00e5 tillg\u00e5ng till experthj\u00e4lp n\u00e4r som helst, var som helst.<\/li>\n<li>5% reservdelar ing\u00e5r: Varje best\u00e4llning inkluderar ytterligare komponenter f\u00f6r att \u00f6ka tillf\u00f6rlitligheten och ge trygghet.<\/li>\n<li>3 \u00e5rs f\u00f6rl\u00e4ngd garanti: Dra nytta av l\u00e5ngsiktig konvergens f\u00f6r b\u00e4ttre prestanda och p\u00e5litlig service.<\/li>\n<\/ul>\n<h2>Produktinformation<\/h2>\n<div class=\"row\"  id=\"row-1695254307\">\n\n\t<div id=\"col-344676693\" class=\"col medium-10 small-12 large-10\"  >\n\t\t\t\t<div class=\"col-inner text-left\"  >\n\t\t\t\n\t\t\t\n<ul>\n<li>Den l\u00e5ter dig designa LED-displayer exakt efter dina behov. Fr\u00e5n anpassad text och fri montering till unika logotyper, l\u00e5ter den dig skapa unika displayer. Med mobil kontroll och smarta funktioner har du flexibiliteten att f\u00f6rverkliga din vision med l\u00e4tthet och precision.<\/li>\n<\/ul>\n\t<div class=\"img has-hover x md-x lg-x y md-y lg-y\" id=\"image_2050295991\">\n\t\t\t\t\t\t\t\t<div class=\"img-inner dark\" >\n\t\t\t<img loading=\"lazy\" decoding=\"async\" width=\"600\" height=\"400\" src=\"https:\/\/www.telaled.com\/wp-content\/uploads\/2025\/09\/Personalizacao-Criativa-DIY.webp\" class=\"attachment-original size-original\" alt=\"Personalisering-Kreativ-DIY\" srcset=\"https:\/\/www.telaled.com\/wp-content\/uploads\/2025\/09\/Personalizacao-Criativa-DIY.webp 600w, https:\/\/www.telaled.com\/wp-content\/uploads\/2025\/09\/Personalizacao-Criativa-DIY-300x200.webp 300w, https:\/\/www.telaled.com\/wp-content\/uploads\/2025\/09\/Personalizacao-Criativa-DIY-18x12.webp 18w\" sizes=\"auto, (max-width: 600px) 100vw, 600px\" \/>\t\t\t\t\t\t\n\t\t\t\t\t<\/div>\n\t\t\t\t\t\t\t\t\n<style>\n#image_2050295991 {\n  width: 95%;\n}\n<\/style>\n\t<\/div>\n\t\n<ul>\n<li>Med s\u00f6ml\u00f6sa s\u00f6mmar erbjuder dessa sk\u00e4rmar en enkel och elegant design som \u00e4r stabil och h\u00e5llbar. Med h\u00f6g ljusstyrka och enhetlighet levererar de en f\u00f6rstklassig visuell upplevelse som sticker ut i alla milj\u00f6er.<\/li>\n<\/ul>\n\t\t<\/div>\n\t\t\t\t\t<\/div>\n\n\t\n\n\t<div id=\"col-474505309\" class=\"col medium-10 small-12 large-10\"  >\n\t\t\t\t<div class=\"col-inner text-left\"  >\n\t\t\t\n\t\t\t\n\t<div class=\"img has-hover x md-x lg-x y md-y lg-y\" id=\"image_1155447067\">\n\t\t\t\t\t\t\t\t<div class=\"img-inner dark\" >\n\t\t\t<img loading=\"lazy\" decoding=\"async\" width=\"600\" height=\"400\" src=\"https:\/\/www.telaled.com\/wp-content\/uploads\/2025\/09\/Visor-integrado.webp\" class=\"attachment-large size-large\" alt=\"Integrerad display\" srcset=\"https:\/\/www.telaled.com\/wp-content\/uploads\/2025\/09\/Visor-integrado.webp 600w, https:\/\/www.telaled.com\/wp-content\/uploads\/2025\/09\/Visor-integrado-300x200.webp 300w, https:\/\/www.telaled.com\/wp-content\/uploads\/2025\/09\/Visor-integrado-18x12.webp 18w\" sizes=\"auto, (max-width: 600px) 100vw, 600px\" \/>\t\t\t\t\t\t\n\t\t\t\t\t<\/div>\n\t\t\t\t\t\t\t\t\n<style>\n#image_1155447067 {\n  width: 95%;\n}\n<\/style>\n\t<\/div>\n\t\n<ul>\n<li>V\u00e5r LED-bokstavspanel i TCG-serien levereras med tydliga installationsanvisningar och m\u00e5ngsidiga monteringsalternativ. Utformad f\u00f6r <a href=\"https:\/\/www.telaled.com\/sv\/painel-de-led-para-eventos\/\" data-wplink-edit=\"true\">evenemang<\/a> Oavsett om det \u00e4r inomhus eller utomhus kan du snabbt och enkelt st\u00e4lla in din sk\u00e4rm, vilket garanterar en smidig upplevelse fr\u00e5n b\u00f6rjan till slut.<\/li>\n<\/ul>\n\t<div class=\"img has-hover x md-x lg-x y md-y lg-y\" id=\"image_1394962910\">\n\t\t\t\t\t\t\t\t<div class=\"img-inner dark\" >\n\t\t\t<img loading=\"lazy\" decoding=\"async\" width=\"677\" height=\"413\" src=\"https:\/\/www.telaled.com\/wp-content\/uploads\/2025\/09\/Facil-instalacao.webp\" class=\"attachment-large size-large\" alt=\"Enkel installation\" srcset=\"https:\/\/www.telaled.com\/wp-content\/uploads\/2025\/09\/Facil-instalacao.webp 677w, https:\/\/www.telaled.com\/wp-content\/uploads\/2025\/09\/Facil-instalacao-300x183.webp 300w, https:\/\/www.telaled.com\/wp-content\/uploads\/2025\/09\/Facil-instalacao-18x12.webp 18w, https:\/\/www.telaled.com\/wp-content\/uploads\/2025\/09\/Facil-instalacao-600x366.webp 600w\" sizes=\"auto, (max-width: 677px) 100vw, 677px\" \/>\t\t\t\t\t\t\n\t\t\t\t\t<\/div>\n\t\t\t\t\t\t\t\t\n<style>\n#image_1394962910 {\n  width: 95%;\n}\n<\/style>\n\t<\/div>\n\t\n\t\t<\/div>\n\t\t\t\t\t<\/div>\n\n\t\n\n\t<div id=\"col-1027897516\" class=\"col medium-10 small-12 large-10\"  >\n\t\t\t\t<div class=\"col-inner text-left\"  >\n\t\t\t\n\t\t\t\n<ul>\n<li>V\u00e5ra LED-bokstavspaneler i TCG-serien \u00e4r f\u00f6rpackade i f\u00f6rst\u00e4rkta tr\u00e4l\u00e5dor f\u00f6r att skydda dem under transport. Varje enhet \u00e4r s\u00e4kert f\u00f6rpackad f\u00f6r att f\u00f6rhindra skador fr\u00e5n skadedjur, st\u00f6tar och andra faror. Detta garanterar h\u00e5llbarhet och s\u00e4ker leverans.<\/li>\n<\/ul>\n\t<div class=\"img has-hover x md-x lg-x y md-y lg-y\" id=\"image_1463668057\">\n\t\t\t\t\t\t\t\t<div class=\"img-inner dark\" >\n\t\t\t<img loading=\"lazy\" decoding=\"async\" width=\"760\" height=\"1024\" src=\"https:\/\/www.telaled.com\/wp-content\/uploads\/2025\/08\/36123f2c-de60-488d-af81-255cd4aee54a-760x1024.webp\" class=\"attachment-large size-large\" alt=\"\" srcset=\"https:\/\/www.telaled.com\/wp-content\/uploads\/2025\/08\/36123f2c-de60-488d-af81-255cd4aee54a-760x1024.webp 760w, https:\/\/www.telaled.com\/wp-content\/uploads\/2025\/08\/36123f2c-de60-488d-af81-255cd4aee54a-223x300.webp 223w, https:\/\/www.telaled.com\/wp-content\/uploads\/2025\/08\/36123f2c-de60-488d-af81-255cd4aee54a-768x1035.webp 768w, https:\/\/www.telaled.com\/wp-content\/uploads\/2025\/08\/36123f2c-de60-488d-af81-255cd4aee54a-9x12.webp 9w, https:\/\/www.telaled.com\/wp-content\/uploads\/2025\/08\/36123f2c-de60-488d-af81-255cd4aee54a-600x808.webp 600w, https:\/\/www.telaled.com\/wp-content\/uploads\/2025\/08\/36123f2c-de60-488d-af81-255cd4aee54a.webp 795w\" sizes=\"auto, (max-width: 760px) 100vw, 760px\" \/>\t\t\t\t\t\t\n\t\t\t\t\t<\/div>\n\t\t\t\t\t\t\t\t\n<style>\n#image_1463668057 {\n  width: 95%;\n}\n<\/style>\n\t<\/div>\n\t\n\n<table id=\"tablepress-39\" class=\"tablepress tablepress-id-39\">\n<thead>\n<tr class=\"row-1\">\n\t<th class=\"column-1\">Ans\u00f6kan <\/th><th class=\"column-2\">Intern och extern<\/th>\n<\/tr>\n<\/thead>\n<tbody class=\"row-striping row-hover\">\n<tr class=\"row-2\">\n\t<td class=\"column-1\">Sk\u00e4rmtyp:<\/td><td class=\"column-2\"> LED-videosk\u00e4rm<\/td>\n<\/tr>\n<tr class=\"row-3\">\n\t<td class=\"column-1\">Uppdateringsfrekvens: <\/td><td class=\"column-2\">1920Hz\/3840Hz<\/td>\n<\/tr>\n<tr class=\"row-4\">\n\t<td class=\"column-1\">Sk\u00e5psmaterial: <\/td><td class=\"column-2\">J\u00e4rn\/Aluminium<\/td>\n<\/tr>\n<tr class=\"row-5\">\n\t<td class=\"column-1\">Underh\u00e5ll: <\/td><td class=\"column-2\">Fr\u00e4mre service\/Bakre service<\/td>\n<\/tr>\n<tr class=\"row-6\">\n\t<td class=\"column-1\">Ursprung: <\/td><td class=\"column-2\">Shenzhen, Kina<\/td>\n<\/tr>\n<tr class=\"row-7\">\n\t<td class=\"column-1\">Leverant\u00f6rstyp: <\/td><td class=\"column-2\">Originaltillverkare, ODM, OEM<\/td>\n<\/tr>\n<tr class=\"row-8\">\n\t<td class=\"column-1\">Avst\u00e5nd mellan pixlar (mm) <\/td><td class=\"column-2\">P2, 5, P3, P4 PS, P10<\/td>\n<\/tr>\n<tr class=\"row-9\">\n\t<td class=\"column-1\">Pixelkomposition: <\/td><td class=\"column-2\">1R1G1B<\/td>\n<\/tr>\n<tr class=\"row-10\">\n\t<td class=\"column-1\">LED-typ: <\/td><td class=\"column-2\">SMD2121<\/td>\n<\/tr>\n<tr class=\"row-11\">\n\t<td class=\"column-1\">Skanningsl\u00e4ge: <\/td><td class=\"column-2\">32\/16\/8<\/td>\n<\/tr>\n<tr class=\"row-12\">\n\t<td class=\"column-1\">Ljusstyrka (cd\/m\u00b2) <\/td><td class=\"column-2\">1000-1500<\/td>\n<\/tr>\n<tr class=\"row-13\">\n\t<td class=\"column-1\">F\u00f6rpackning f\u00f6r transport: <\/td><td class=\"column-2\">Flightcase eller tr\u00e4l\u00e5da<\/td>\n<\/tr>\n<tr class=\"row-14\">\n\t<td class=\"column-1\">Justering av ljusstyrka:<\/td><td class=\"column-2\"> 256 niv\u00e5er<\/td>\n<\/tr>\n<tr class=\"row-15\">\n\t<td class=\"column-1\">Certifiering: <\/td><td class=\"column-2\">CE, RoHS, ETL<\/td>\n<\/tr>\n<tr class=\"row-16\">\n\t<td class=\"column-1\">Frakt <\/td><td class=\"column-2\">Med express, flyg eller sj\u00f6.<\/td>\n<\/tr>\n<tr class=\"row-17\">\n\t<td class=\"column-1\">Betraktningsvinkel: <\/td><td class=\"column-2\">140 grader<\/td>\n<\/tr>\n<tr class=\"row-18\">\n\t<td class=\"column-1\">Nyttjande livsl\u00e4ngd: <\/td><td class=\"column-2\">50 000 timmar<\/td>\n<\/tr>\n<tr class=\"row-19\">\n\t<td class=\"column-1\">Driftstemperatur (\u00b0C)<\/td><td class=\"column-2\"> Mellan -40\u00b0C och 80\u00b0C<\/td>\n<\/tr>\n<\/tbody>\n<\/table>\n<!-- #tablepress-39 from cache -->\n\t\t<\/div>\n\t\t\t\t\t<\/div>\n\n\t\n<\/div>\n\t\t<\/div>\n\t\t\t\t\t<\/div>\n\n\t\n<\/div>","protected":false},"excerpt":{"rendered":"<p><strong>F\u00f6rvandla ditt varum\u00e4rke med TCG-seriens LED-bokstavspaneler \u2013 livfulla, dynamiska och effektfulla.<\/strong><\/p>\n<p>St\u00e4rk ditt varum\u00e4rke och dina evenemang med... <strong><em>TCG-serien LED-bokst\u00e4verpanel<\/em><\/strong> Anpassade. Dessa dynamiska sk\u00e4rmar kombinerar bokst\u00e4ver, text och grafikelement f\u00f6r att skapa livfulla och i\u00f6gonfallande bilder. Perfekta f\u00f6r inomhus- och utomhusbruk, erbjuder de f\u00e4rgglada animationer och enkel kontroll.<\/p>\n<p><strong>Huvudfunktioner:<\/strong><\/p>\n<ul>\n<li><strong>Anpassningsbara sk\u00e4rmar:<\/strong> Skapa livfulla teckensnitt, animationer och grafik f\u00f6r alla evenemang eller kampanjer.<\/li>\n<li><strong>H\u00f6gkvalitativa bilder:<\/strong> Njut av ljusa och skarpa sk\u00e4rmar \u00e4ven i svagt ljus eller utomhus.<\/li>\n<li><strong>Motst\u00e5ndskraftig och h\u00e5llbar:<\/strong> Utformad f\u00f6r att h\u00e5lla i 50 000 timmar och motst\u00e5ndskraftig mot h\u00f6ga temperaturer.<\/li>\n<li><strong>Enkel installation och underh\u00e5ll:<\/strong> flexibla installationsalternativ med <a href=\"https:\/\/www.telaled.com\/sv\/fabrica\/painel-de-led-para-manutencao-frontal-serie-tib\/\">receptionsservice<\/a> och enkel baksida.<\/li>\n<\/ul>\n<p>V\u00e5rt team erbjuder fj\u00e4rrsupport dygnet runt, plus 3 \u00e5rs garanti. Kontakta oss idag f\u00f6r en personlig offert.<\/p>","protected":false},"featured_media":3278,"template":"","meta":[],"product_brand":[],"product_cat":[48,40,46],"product_tag":[],"class_list":{"0":"post-3277","1":"product","2":"type-product","3":"status-publish","4":"has-post-thumbnail","6":"product_cat-paineis-personalizados","7":"product_cat-painel-de-led","8":"product_cat-painel-de-video","10":"first","11":"instock","12":"shipping-taxable","13":"product-type-simple"},"yoast_head":"<!-- This site is optimized with the Yoast SEO plugin v27.4 - https:\/\/yoast.com\/product\/yoast-seo-wordpress\/ -->\n<title>Painel de LED Letras S\u00e9rie TCG | Tela LED com Letras Criativas para Eventos e Branding | TELALED<\/title>\n<meta name=\"description\" content=\"As Painel de LED Letras S\u00e9rie TCG s\u00e3o letras personaliz\u00e1veis \u200b\u200bpara exibi\u00e7\u00f5es vibrantes e expressivas em ambientes internos e externos. Explore nossas Telas de LED para Letras de alta qualidade com diferentes densidades de pixels e sistemas de controle flex\u00edveis.\" \/>\n<meta name=\"robots\" content=\"index, follow, max-snippet:-1, max-image-preview:large, max-video-preview:-1\" \/>\n<link rel=\"canonical\" href=\"https:\/\/www.telaled.com\/sv\/fabrica\/painel-de-led-letras-serie-tcg\/\" \/>\n<meta property=\"og:locale\" content=\"sv_SE\" \/>\n<meta property=\"og:type\" content=\"article\" \/>\n<meta property=\"og:title\" content=\"Painel de LED Letras S\u00e9rie TCG | Tela LED com Letras Criativas para Eventos e Branding | TELALED\" \/>\n<meta property=\"og:description\" content=\"As Painel de LED Letras S\u00e9rie TCG s\u00e3o letras personaliz\u00e1veis \u200b\u200bpara exibi\u00e7\u00f5es vibrantes e expressivas em ambientes internos e externos. Explore nossas Telas de LED para Letras de alta qualidade com diferentes densidades de pixels e sistemas de controle flex\u00edveis.\" \/>\n<meta property=\"og:url\" content=\"https:\/\/www.telaled.com\/sv\/fabrica\/painel-de-led-letras-serie-tcg\/\" \/>\n<meta property=\"og:site_name\" content=\"TELALED\" \/>\n<meta property=\"article:modified_time\" content=\"2026-01-06T00:51:09+00:00\" \/>\n<meta property=\"og:image\" content=\"https:\/\/www.telaled.com\/wp-content\/uploads\/2025\/09\/Painel-de-LED-Letras-Serie-TCG.webp\" \/>\n\t<meta property=\"og:image:width\" content=\"500\" \/>\n\t<meta property=\"og:image:height\" content=\"500\" \/>\n\t<meta property=\"og:image:type\" content=\"image\/webp\" \/>\n<meta name=\"twitter:card\" content=\"summary_large_image\" \/>\n<meta name=\"twitter:label1\" content=\"Est. reading time\" \/>\n\t<meta name=\"twitter:data1\" content=\"3 minuter\" \/>\n<script type=\"application\/ld+json\" class=\"yoast-schema-graph\">{\"@context\":\"https:\\\/\\\/schema.org\",\"@graph\":[{\"@type\":\"WebPage\",\"@id\":\"https:\\\/\\\/www.telaled.com\\\/fabrica\\\/painel-de-led-letras-serie-tcg\\\/\",\"url\":\"https:\\\/\\\/www.telaled.com\\\/fabrica\\\/painel-de-led-letras-serie-tcg\\\/\",\"name\":\"Painel de LED Letras S\u00e9rie TCG | Tela LED com Letras Criativas para Eventos e Branding | TELALED\",\"isPartOf\":{\"@id\":\"https:\\\/\\\/www.telaled.com\\\/#website\"},\"primaryImageOfPage\":{\"@id\":\"https:\\\/\\\/www.telaled.com\\\/fabrica\\\/painel-de-led-letras-serie-tcg\\\/#primaryimage\"},\"image\":{\"@id\":\"https:\\\/\\\/www.telaled.com\\\/fabrica\\\/painel-de-led-letras-serie-tcg\\\/#primaryimage\"},\"thumbnailUrl\":\"https:\\\/\\\/www.telaled.com\\\/wp-content\\\/uploads\\\/2025\\\/09\\\/Painel-de-LED-Letras-Serie-TCG.webp\",\"datePublished\":\"2025-09-09T10:03:44+00:00\",\"dateModified\":\"2026-01-06T00:51:09+00:00\",\"description\":\"As Painel de LED Letras S\u00e9rie TCG s\u00e3o letras personaliz\u00e1veis \u200b\u200bpara exibi\u00e7\u00f5es vibrantes e expressivas em ambientes internos e externos. Explore nossas Telas de LED para Letras de alta qualidade com diferentes densidades de pixels e sistemas de controle flex\u00edveis.\",\"breadcrumb\":{\"@id\":\"https:\\\/\\\/www.telaled.com\\\/fabrica\\\/painel-de-led-letras-serie-tcg\\\/#breadcrumb\"},\"inLanguage\":\"sv-SE\",\"potentialAction\":[{\"@type\":\"ReadAction\",\"target\":[\"https:\\\/\\\/www.telaled.com\\\/fabrica\\\/painel-de-led-letras-serie-tcg\\\/\"]}]},{\"@type\":\"ImageObject\",\"inLanguage\":\"sv-SE\",\"@id\":\"https:\\\/\\\/www.telaled.com\\\/fabrica\\\/painel-de-led-letras-serie-tcg\\\/#primaryimage\",\"url\":\"https:\\\/\\\/www.telaled.com\\\/wp-content\\\/uploads\\\/2025\\\/09\\\/Painel-de-LED-Letras-Serie-TCG.webp\",\"contentUrl\":\"https:\\\/\\\/www.telaled.com\\\/wp-content\\\/uploads\\\/2025\\\/09\\\/Painel-de-LED-Letras-Serie-TCG.webp\",\"width\":500,\"height\":500,\"caption\":\"Painel-de-LED-Letras-S\u00e9rie-TCG\"},{\"@type\":\"BreadcrumbList\",\"@id\":\"https:\\\/\\\/www.telaled.com\\\/fabrica\\\/painel-de-led-letras-serie-tcg\\\/#breadcrumb\",\"itemListElement\":[{\"@type\":\"ListItem\",\"position\":1,\"name\":\"Home\",\"item\":\"https:\\\/\\\/www.telaled.com\\\/\"},{\"@type\":\"ListItem\",\"position\":2,\"name\":\"Produtos\",\"item\":\"https:\\\/\\\/www.telaled.com\\\/shop\\\/\"},{\"@type\":\"ListItem\",\"position\":3,\"name\":\"Painel de LED Letras S\u00e9rie TCG\"}]},{\"@type\":\"WebSite\",\"@id\":\"https:\\\/\\\/www.telaled.com\\\/#website\",\"url\":\"https:\\\/\\\/www.telaled.com\\\/\",\"name\":\"TELALED\",\"description\":\"\",\"potentialAction\":[{\"@type\":\"SearchAction\",\"target\":{\"@type\":\"EntryPoint\",\"urlTemplate\":\"https:\\\/\\\/www.telaled.com\\\/?s={search_term_string}\"},\"query-input\":{\"@type\":\"PropertyValueSpecification\",\"valueRequired\":true,\"valueName\":\"search_term_string\"}}],\"inLanguage\":\"sv-SE\"}]}<\/script>\n<!-- \/ Yoast SEO plugin. -->","yoast_head_json":{"title":"LED-panel med bokst\u00e4ver i TCG-serien | LED-sk\u00e4rm med kreativa bokst\u00e4ver f\u00f6r evenemang och varum\u00e4rkesbyggande | TELALED","description":"TCG-seriens LED-bokst\u00e4verpaneler \u00e4r anpassningsbara bokst\u00e4ver f\u00f6r livfulla och uttrycksfulla displayer i inomhus- och utomhusmilj\u00f6er. Utforska v\u00e5ra h\u00f6gkvalitativa LED-bokst\u00e4verdisplayer med olika pixelt\u00e4theter och flexibla styrsystem.","robots":{"index":"index","follow":"follow","max-snippet":"max-snippet:-1","max-image-preview":"max-image-preview:large","max-video-preview":"max-video-preview:-1"},"canonical":"https:\/\/www.telaled.com\/sv\/fabrica\/painel-de-led-letras-serie-tcg\/","og_locale":"sv_SE","og_type":"article","og_title":"Painel de LED Letras S\u00e9rie TCG | Tela LED com Letras Criativas para Eventos e Branding | TELALED","og_description":"As Painel de LED Letras S\u00e9rie TCG s\u00e3o letras personaliz\u00e1veis \u200b\u200bpara exibi\u00e7\u00f5es vibrantes e expressivas em ambientes internos e externos. Explore nossas Telas de LED para Letras de alta qualidade com diferentes densidades de pixels e sistemas de controle flex\u00edveis.","og_url":"https:\/\/www.telaled.com\/sv\/fabrica\/painel-de-led-letras-serie-tcg\/","og_site_name":"TELALED","article_modified_time":"2026-01-06T00:51:09+00:00","og_image":[{"width":500,"height":500,"url":"https:\/\/www.telaled.com\/wp-content\/uploads\/2025\/09\/Painel-de-LED-Letras-Serie-TCG.webp","type":"image\/webp"}],"twitter_card":"summary_large_image","twitter_misc":{"Est. reading time":"3 minuter"},"schema":{"@context":"https:\/\/schema.org","@graph":[{"@type":"WebPage","@id":"https:\/\/www.telaled.com\/fabrica\/painel-de-led-letras-serie-tcg\/","url":"https:\/\/www.telaled.com\/fabrica\/painel-de-led-letras-serie-tcg\/","name":"LED-panel med bokst\u00e4ver i TCG-serien | LED-sk\u00e4rm med kreativa bokst\u00e4ver f\u00f6r evenemang och varum\u00e4rkesbyggande | TELALED","isPartOf":{"@id":"https:\/\/www.telaled.com\/#website"},"primaryImageOfPage":{"@id":"https:\/\/www.telaled.com\/fabrica\/painel-de-led-letras-serie-tcg\/#primaryimage"},"image":{"@id":"https:\/\/www.telaled.com\/fabrica\/painel-de-led-letras-serie-tcg\/#primaryimage"},"thumbnailUrl":"https:\/\/www.telaled.com\/wp-content\/uploads\/2025\/09\/Painel-de-LED-Letras-Serie-TCG.webp","datePublished":"2025-09-09T10:03:44+00:00","dateModified":"2026-01-06T00:51:09+00:00","description":"TCG-seriens LED-bokst\u00e4verpaneler \u00e4r anpassningsbara bokst\u00e4ver f\u00f6r livfulla och uttrycksfulla displayer i inomhus- och utomhusmilj\u00f6er. Utforska v\u00e5ra h\u00f6gkvalitativa LED-bokst\u00e4verdisplayer med olika pixelt\u00e4theter och flexibla styrsystem.","breadcrumb":{"@id":"https:\/\/www.telaled.com\/fabrica\/painel-de-led-letras-serie-tcg\/#breadcrumb"},"inLanguage":"sv-SE","potentialAction":[{"@type":"ReadAction","target":["https:\/\/www.telaled.com\/fabrica\/painel-de-led-letras-serie-tcg\/"]}]},{"@type":"ImageObject","inLanguage":"sv-SE","@id":"https:\/\/www.telaled.com\/fabrica\/painel-de-led-letras-serie-tcg\/#primaryimage","url":"https:\/\/www.telaled.com\/wp-content\/uploads\/2025\/09\/Painel-de-LED-Letras-Serie-TCG.webp","contentUrl":"https:\/\/www.telaled.com\/wp-content\/uploads\/2025\/09\/Painel-de-LED-Letras-Serie-TCG.webp","width":500,"height":500,"caption":"Painel-de-LED-Letras-S\u00e9rie-TCG"},{"@type":"BreadcrumbList","@id":"https:\/\/www.telaled.com\/fabrica\/painel-de-led-letras-serie-tcg\/#breadcrumb","itemListElement":[{"@type":"ListItem","position":1,"name":"Home","item":"https:\/\/www.telaled.com\/"},{"@type":"ListItem","position":2,"name":"Produtos","item":"https:\/\/www.telaled.com\/shop\/"},{"@type":"ListItem","position":3,"name":"Painel de LED Letras S\u00e9rie TCG"}]},{"@type":"WebSite","@id":"https:\/\/www.telaled.com\/#website","url":"https:\/\/www.telaled.com\/","name":"LED-sk\u00e4rm","description":"","potentialAction":[{"@type":"SearchAction","target":{"@type":"EntryPoint","urlTemplate":"https:\/\/www.telaled.com\/?s={search_term_string}"},"query-input":{"@type":"PropertyValueSpecification","valueRequired":true,"valueName":"search_term_string"}}],"inLanguage":"sv-SE"}]}},"_links":{"self":[{"href":"https:\/\/www.telaled.com\/sv\/wp-json\/wp\/v2\/product\/3277","targetHints":{"allow":["GET"]}}],"collection":[{"href":"https:\/\/www.telaled.com\/sv\/wp-json\/wp\/v2\/product"}],"about":[{"href":"https:\/\/www.telaled.com\/sv\/wp-json\/wp\/v2\/types\/product"}],"wp:featuredmedia":[{"embeddable":true,"href":"https:\/\/www.telaled.com\/sv\/wp-json\/wp\/v2\/media\/3278"}],"wp:attachment":[{"href":"https:\/\/www.telaled.com\/sv\/wp-json\/wp\/v2\/media?parent=3277"}],"wp:term":[{"taxonomy":"product_brand","embeddable":true,"href":"https:\/\/www.telaled.com\/sv\/wp-json\/wp\/v2\/product_brand?post=3277"},{"taxonomy":"product_cat","embeddable":true,"href":"https:\/\/www.telaled.com\/sv\/wp-json\/wp\/v2\/product_cat?post=3277"},{"taxonomy":"product_tag","embeddable":true,"href":"https:\/\/www.telaled.com\/sv\/wp-json\/wp\/v2\/product_tag?post=3277"}],"curies":[{"name":"wp","href":"https:\/\/api.w.org\/{rel}","templated":true}]}}