{"id":3262,"date":"2025-09-08T08:40:22","date_gmt":"2025-09-08T08:40:22","guid":{"rendered":"https:\/\/www.telaled.com\/?post_type=product&#038;p=3262"},"modified":"2026-01-06T00:37:31","modified_gmt":"2026-01-06T00:37:31","slug":"circular-led-display-serie-tcf","status":"publish","type":"product","link":"https:\/\/www.telaled.com\/sv\/fabrica\/circular-led-display-serie-tcf\/","title":{"rendered":"Cirkul\u00e4r LED-display TCF-serien"},"content":{"rendered":"<div class=\"row\"  id=\"row-1136174255\">\n\n\t<div id=\"col-130711478\" class=\"col small-12 large-12\"  >\n\t\t\t\t<div class=\"col-inner\"  >\n\t\t\t\n\t\t\t\n<h2>Exklusiva f\u00f6rdelar med den cirkul\u00e4ra LED-displayen TCF-serien<\/h2>\n<h3><strong>\u00d6verl\u00e4gsen h\u00e5llbarhet<\/strong><\/h3>\n<ul>\n<li>H\u00f6gprecisionsnitad aluminiumram f\u00f6r \u00f6kad styrka och stabilitet.<\/li>\n<li>L\u00e4tt och robust, vilket garanterar l\u00e5ngvarig prestanda.<\/li>\n<li>V\u00e4derbest\u00e4ndig, t\u00e5l tuffa milj\u00f6f\u00f6rh\u00e5llanden.<\/li>\n<li>Utformad f\u00f6r inomhus- och utomhusbruk.<\/li>\n<\/ul>\n<h3><strong>Exceptionell visuell kvalitet<\/strong><\/h3>\n<ul>\n<li>H\u00f6g uppdateringsfrekvens (upp till 3849 Hz) f\u00f6r j\u00e4mna, flimmerfria bilder.<\/li>\n<li>Anpassningsbar pixelstorlek f\u00f6r kristallklar uppl\u00f6sning.<\/li>\n<li>H\u00f6g ljusstyrka (1200 cd\/m\u00b2) f\u00f6r skarpa och attraktiva sk\u00e4rmar.<\/li>\n<li>Utm\u00e4rkt f\u00e4rgkontrast och gr\u00e5skala f\u00f6r realistiska bilder.<\/li>\n<\/ul>\n<h3><strong>Fullst\u00e4ndig anpassningsf\u00f6rm\u00e5ga<\/strong><\/h3>\n<ul>\n<li>Anpassningsbara storleksalternativ: 1 m, 1,3 m, 1,5 m, 1,6 m, 2 m, 2,5 m och 3 m i diameter.<\/li>\n<li>Finns i enkelsidiga eller dubbelsidiga konfigurationer.<\/li>\n<li>Olika styrmetoder: Wi-Fi, USB, 4G och mer.<\/li>\n<li>S\u00f6ml\u00f6s integration i olika milj\u00f6er, fr\u00e5n detaljhandel till organisationsmilj\u00f6er. <a href=\"https:\/\/www.telaled.com\/sv\/telao-de-led-para-eventos\/\">evenemang<\/a>.<\/li>\n<\/ul>\n<h3><strong>Omfattande st\u00f6d<\/strong><\/h3>\n<ul>\n<li>Teknisk fj\u00e4rrsupport dygnet runt: F\u00e5 tillg\u00e5ng till experthj\u00e4lp n\u00e4r som helst, var som helst.<\/li>\n<li>5% reservdelar ing\u00e5r: Varje best\u00e4llning inkluderar ytterligare komponenter f\u00f6r att \u00f6ka tillf\u00f6rlitligheten och ge trygghet.<\/li>\n<li>3 \u00e5rs f\u00f6rl\u00e4ngd garanti: Dra nytta av l\u00e5ngsiktig konvergens f\u00f6r b\u00e4ttre prestanda och p\u00e5litlig service.<\/li>\n<\/ul>\n<h2>Produktinformation<\/h2>\n<div class=\"row\"  id=\"row-373481721\">\n\n\t<div id=\"col-2109481516\" class=\"col medium-10 small-12 large-10\"  >\n\t\t\t\t<div class=\"col-inner text-left\"  >\n\t\t\t\n\t\t\t\n<ul>\n<li>Utformade f\u00f6r effekt och flexibilitet. Vi erbjuder alternativ i en eller tv\u00e5 storlekar, med diametrar fr\u00e5n 1 m till 3 m, vilket ger den perfekta storleken f\u00f6r alla utrymmen. Dessa sk\u00e4rmar st\u00f6der olika styrmetoder, inklusive LAN, Wi-Fi, 4G och USB, med enkel plug-and-play-anv\u00e4ndning.<\/li>\n<\/ul>\n\t<div class=\"img has-hover x md-x lg-x y md-y lg-y\" id=\"image_1575981838\">\n\t\t\t\t\t\t\t\t<div class=\"img-inner dark\" >\n\t\t\t<img loading=\"lazy\" decoding=\"async\" width=\"1000\" height=\"720\" src=\"https:\/\/www.telaled.com\/wp-content\/uploads\/2025\/09\/Vista-Estrutural-Simples-e-Dupla-Face.webp\" class=\"attachment-original size-original\" alt=\"Enkel- och dubbelsidig strukturvy\" srcset=\"https:\/\/www.telaled.com\/wp-content\/uploads\/2025\/09\/Vista-Estrutural-Simples-e-Dupla-Face.webp 1000w, https:\/\/www.telaled.com\/wp-content\/uploads\/2025\/09\/Vista-Estrutural-Simples-e-Dupla-Face-300x216.webp 300w, https:\/\/www.telaled.com\/wp-content\/uploads\/2025\/09\/Vista-Estrutural-Simples-e-Dupla-Face-768x553.webp 768w, https:\/\/www.telaled.com\/wp-content\/uploads\/2025\/09\/Vista-Estrutural-Simples-e-Dupla-Face-18x12.webp 18w, https:\/\/www.telaled.com\/wp-content\/uploads\/2025\/09\/Vista-Estrutural-Simples-e-Dupla-Face-600x432.webp 600w\" sizes=\"auto, (max-width: 1000px) 100vw, 1000px\" \/>\t\t\t\t\t\t\n\t\t\t\t\t<\/div>\n\t\t\t\t\t\t\t\t\n<style>\n#image_1575981838 {\n  width: 95%;\n}\n<\/style>\n\t<\/div>\n\t\n<ul>\n<li>V\u00e5rt system st\u00f6der RJ45-anslutning och fj\u00e4rrstyrning via Wi-Fi eller 4G. Oavsett om du anv\u00e4nder en mobil enhet, b\u00e4rbar dator eller PC kan du ladda upp inneh\u00e5ll snabbt och enkelt, vilket erbjuder en mycket flexibel och effektiv l\u00f6sning f\u00f6r dina aff\u00e4rsbehov.<\/li>\n<\/ul>\n\t\t<\/div>\n\t\t\t\t\t<\/div>\n\n\t\n\n\t<div id=\"col-762903619\" class=\"col medium-10 small-12 large-10\"  >\n\t\t\t\t<div class=\"col-inner text-left\"  >\n\t\t\t\n\t\t\t\n\t<div class=\"img has-hover x md-x lg-x y md-y lg-y\" id=\"image_1306324274\">\n\t\t\t\t\t\t\t\t<div class=\"img-inner dark\" >\n\t\t\t<img loading=\"lazy\" decoding=\"async\" width=\"838\" height=\"499\" src=\"https:\/\/www.telaled.com\/wp-content\/uploads\/2025\/09\/Controle-remoto-de-rede.webp\" class=\"attachment-large size-large\" alt=\"\" srcset=\"https:\/\/www.telaled.com\/wp-content\/uploads\/2025\/09\/Controle-remoto-de-rede.webp 838w, https:\/\/www.telaled.com\/wp-content\/uploads\/2025\/09\/Controle-remoto-de-rede-300x179.webp 300w, https:\/\/www.telaled.com\/wp-content\/uploads\/2025\/09\/Controle-remoto-de-rede-768x457.webp 768w, https:\/\/www.telaled.com\/wp-content\/uploads\/2025\/09\/Controle-remoto-de-rede-18x12.webp 18w, https:\/\/www.telaled.com\/wp-content\/uploads\/2025\/09\/Controle-remoto-de-rede-600x357.webp 600w\" sizes=\"auto, (max-width: 838px) 100vw, 838px\" \/>\t\t\t\t\t\t\n\t\t\t\t\t<\/div>\n\t\t\t\t\t\t\t\t\n<style>\n#image_1306324274 {\n  width: 95%;\n}\n<\/style>\n\t<\/div>\n\t\n<ul>\n<li>Runda LED-sk\u00e4rmar kan installeras p\u00e5 en m\u00e4ngd olika s\u00e4tt f\u00f6r att anpassas till olika utrymmen. Monteras p\u00e5 <a href=\"https:\/\/www.telaled.com\/sv\/painel-led-parede\/\">v\u00e4gg<\/a> till<a href=\"https:\/\/www.telaled.com\/sv\/painel-de-led-para-loja\/\"> butiker<\/a> och kontor, h\u00e4ngda fr\u00e5n krokar eller kablar f\u00f6r lobbyer och evenemang, f\u00e4sta i taket med framsidan ned\u00e5t i kommersiella utrymmen, monterade p\u00e5 ett st\u00f6d f\u00f6r h\u00f6jd- och vinkeljustering i butiksmilj\u00f6er och f\u00e4sta i marken f\u00f6r \u00f6ppna ytor som torg och uteplatser.<\/li>\n<\/ul>\n\t<div class=\"img has-hover x md-x lg-x y md-y lg-y\" id=\"image_416337871\">\n\t\t\t\t\t\t\t\t<div class=\"img-inner dark\" >\n\t\t\t<img loading=\"lazy\" decoding=\"async\" width=\"838\" height=\"499\" src=\"https:\/\/www.telaled.com\/wp-content\/uploads\/2025\/09\/Formas-de-instalacao-do-display-LED-circular.webp\" class=\"attachment-large size-large\" alt=\"Installationsmetoder f\u00f6r cirkul\u00e4ra LED-displayer\" srcset=\"https:\/\/www.telaled.com\/wp-content\/uploads\/2025\/09\/Formas-de-instalacao-do-display-LED-circular.webp 838w, https:\/\/www.telaled.com\/wp-content\/uploads\/2025\/09\/Formas-de-instalacao-do-display-LED-circular-300x179.webp 300w, https:\/\/www.telaled.com\/wp-content\/uploads\/2025\/09\/Formas-de-instalacao-do-display-LED-circular-768x457.webp 768w, https:\/\/www.telaled.com\/wp-content\/uploads\/2025\/09\/Formas-de-instalacao-do-display-LED-circular-18x12.webp 18w, https:\/\/www.telaled.com\/wp-content\/uploads\/2025\/09\/Formas-de-instalacao-do-display-LED-circular-600x357.webp 600w\" sizes=\"auto, (max-width: 838px) 100vw, 838px\" \/>\t\t\t\t\t\t\n\t\t\t\t\t<\/div>\n\t\t\t\t\t\t\t\t\n<style>\n#image_416337871 {\n  width: 95%;\n}\n<\/style>\n\t<\/div>\n\t\n\t\t<\/div>\n\t\t\t\t\t<\/div>\n\n\t\n\n\t<div id=\"col-892700860\" class=\"col medium-10 small-12 large-10\"  >\n\t\t\t\t<div class=\"col-inner text-left\"  >\n\t\t\t\n\t\t\t\n<ul>\n<li>V\u00e5ra cirkul\u00e4ra LED-displayer \u00e4r f\u00f6rpackade i f\u00f6rst\u00e4rkta tr\u00e4l\u00e5dor f\u00f6r att skydda dem under transport. Varje enhet \u00e4r s\u00e4kert f\u00f6rpackad f\u00f6r att f\u00f6rhindra skador fr\u00e5n skadedjur, st\u00f6tar och andra faror. Detta garanterar h\u00e5llbarhet och s\u00e4ker leverans.<\/li>\n<\/ul>\n\t<div class=\"img has-hover x md-x lg-x y md-y lg-y\" id=\"image_125919169\">\n\t\t\t\t\t\t\t\t<div class=\"img-inner dark\" >\n\t\t\t<img loading=\"lazy\" decoding=\"async\" width=\"760\" height=\"1024\" src=\"https:\/\/www.telaled.com\/wp-content\/uploads\/2025\/08\/36123f2c-de60-488d-af81-255cd4aee54a-760x1024.webp\" class=\"attachment-large size-large\" alt=\"\" srcset=\"https:\/\/www.telaled.com\/wp-content\/uploads\/2025\/08\/36123f2c-de60-488d-af81-255cd4aee54a-760x1024.webp 760w, https:\/\/www.telaled.com\/wp-content\/uploads\/2025\/08\/36123f2c-de60-488d-af81-255cd4aee54a-223x300.webp 223w, https:\/\/www.telaled.com\/wp-content\/uploads\/2025\/08\/36123f2c-de60-488d-af81-255cd4aee54a-768x1035.webp 768w, https:\/\/www.telaled.com\/wp-content\/uploads\/2025\/08\/36123f2c-de60-488d-af81-255cd4aee54a-9x12.webp 9w, https:\/\/www.telaled.com\/wp-content\/uploads\/2025\/08\/36123f2c-de60-488d-af81-255cd4aee54a-600x808.webp 600w, https:\/\/www.telaled.com\/wp-content\/uploads\/2025\/08\/36123f2c-de60-488d-af81-255cd4aee54a.webp 795w\" sizes=\"auto, (max-width: 760px) 100vw, 760px\" \/>\t\t\t\t\t\t\n\t\t\t\t\t<\/div>\n\t\t\t\t\t\t\t\t\n<style>\n#image_125919169 {\n  width: 95%;\n}\n<\/style>\n\t<\/div>\n\t\n\n<table id=\"tablepress-31\" class=\"tablepress tablepress-id-31\">\n<thead>\n<tr class=\"row-1\">\n\t<th class=\"column-1\">Specifikationer:<\/th><th class=\"column-2\">TCF-P2.5-S840<\/th>\n<\/tr>\n<\/thead>\n<tbody class=\"row-striping row-hover\">\n<tr class=\"row-2\">\n\t<td class=\"column-1\">Pixelkomposition:<\/td><td class=\"column-2\">2121 (3 i 1)<\/td>\n<\/tr>\n<tr class=\"row-3\">\n\t<td class=\"column-1\">Visningst\u00e4thet: (po\u00e4ng)<\/td><td class=\"column-2\">160000\u33a1<\/td>\n<\/tr>\n<tr class=\"row-4\">\n\t<td class=\"column-1\">Idealt betraktningsavst\u00e5nd: (m)<\/td><td class=\"column-2\">2,5\u2013100 m<\/td>\n<\/tr>\n<tr class=\"row-5\">\n\t<td class=\"column-1\">Maximal energif\u00f6rbrukning:<\/td><td class=\"column-2\">800w\/\u33a1<\/td>\n<\/tr>\n<tr class=\"row-6\">\n\t<td class=\"column-1\">Skanningsl\u00e4ge:<\/td><td class=\"column-2\">32 skanningar<\/td>\n<\/tr>\n<tr class=\"row-7\">\n\t<td class=\"column-1\">Ljusstyrka: (CD\/\u33a1)<\/td><td class=\"column-2\">1200<\/td>\n<\/tr>\n<tr class=\"row-8\">\n\t<td class=\"column-1\">Betraktningsvinkel: (m)<\/td><td class=\"column-2\">H 120\u00b0 V 120\u00b0 (50 mm omslutande ram) \/ H 360\u00b0 V 360\u00b0 (kantfri)<\/td>\n<\/tr>\n<tr class=\"row-9\">\n\t<td class=\"column-1\">Driftsp\u00e4nning:<\/td><td class=\"column-2\">AC 220V\/100V\u00b115% 47~64Hz<\/td>\n<\/tr>\n<tr class=\"row-10\">\n\t<td class=\"column-1\">Matningssp\u00e4nning:<\/td><td class=\"column-2\">5V<\/td>\n<\/tr>\n<tr class=\"row-11\">\n\t<td class=\"column-1\">Systemets driftsomgivningstemperatur:<\/td><td class=\"column-2\">-20~60\u00b0C<\/td>\n<\/tr>\n<tr class=\"row-12\">\n\t<td class=\"column-1\">Systemet fungerar i en m\u00e5ttlig milj\u00f6:<\/td><td class=\"column-2\">10%~90% UR<\/td>\n<\/tr>\n<tr class=\"row-13\">\n\t<td class=\"column-1\">Sk\u00e4rmf\u00e4rg:<\/td><td class=\"column-2\">16,7 miljoner<\/td>\n<\/tr>\n<tr class=\"row-14\">\n\t<td class=\"column-1\">Gr\u00e5skaleniv\u00e5:<\/td><td class=\"column-2\">16384<\/td>\n<\/tr>\n<tr class=\"row-15\">\n\t<td class=\"column-1\">Kommunikationsmetod:<\/td><td class=\"column-2\">Synkronisering \/ Desynkronisering<\/td>\n<\/tr>\n<\/tbody>\n<\/table>\n<!-- #tablepress-31 from cache -->\n\t\t<\/div>\n\t\t\t\t\t<\/div>\n\n\t\n<\/div>\n\t\t<\/div>\n\t\t\t\t\t<\/div>\n\n\t\n<\/div>","protected":false},"excerpt":{"rendered":"<p><strong>Anpassad cirkul\u00e4r LED-display TCF-serien: Innovativa visuella l\u00f6sningar<\/strong><\/p>\n<p>A <em><strong>Cirkul\u00e4r LED-display TCF-serien<\/strong><\/em> Vi erbjuder specialdesignade, ljusstarka och i\u00f6gonfallande cirkul\u00e4ra LED-displayer. Dessa displayer ger en unik och distinkt visuell effekt som ger en ny dimension till ditt utrymme. <a href=\"https:\/\/www.telaled.com\/sv\/densidade-de-pixels-em-telas-de-led-e-lcd\/\">pixelt\u00e4thet<\/a> Med anpassningsbara diametrar kan du skapa en l\u00f6sning som perfekt passar dina behov.<\/p>\n<p><strong>Huvudfunktioner:<\/strong><\/p>\n<ul>\n<li><strong>Anpassningsbar design:<\/strong> V\u00e4lj mellan inramade eller raml\u00f6sa konfigurationer som passar din stil och ditt utrymme.<\/li>\n<li><strong>Flexibelt pixelavst\u00e5nd och diameter:<\/strong> Justera pixelh\u00f6jden och diametern efter din bildsk\u00e4rms specifika behov, f\u00f6r att s\u00e4kerst\u00e4lla optimal bildkvalitet.<\/li>\n<li><strong>Kreativa visuella effekter:<\/strong> Njut av en realistisk och dr\u00f6mlik visuell upplevelse med cirkul\u00e4ra LED-displayer, utformade f\u00f6r att f\u00e4ngsla publiken.<\/li>\n<li><strong>M\u00e5ngsidiga inst\u00e4llningar<\/strong>Finns i enkelsidiga eller dubbelsidiga konfigurationer f\u00f6r att passa en m\u00e4ngd olika milj\u00f6er.<\/li>\n<\/ul>\n<p>V\u00e5rt team erbjuder fj\u00e4rrsupport dygnet runt, plus 3 \u00e5rs garanti. Kontakta oss idag f\u00f6r en personlig offert.<\/p>","protected":false},"featured_media":3263,"template":"","meta":[],"product_brand":[],"product_cat":[48,40,46],"product_tag":[],"class_list":{"0":"post-3262","1":"product","2":"type-product","3":"status-publish","4":"has-post-thumbnail","6":"product_cat-paineis-personalizados","7":"product_cat-painel-de-led","8":"product_cat-painel-de-video","10":"first","11":"instock","12":"shipping-taxable","13":"product-type-simple"},"yoast_head":"<!-- This site is optimized with the Yoast SEO plugin v27.4 - https:\/\/yoast.com\/product\/yoast-seo-wordpress\/ -->\n<title>Circular LED Display S\u00e9rie TCF | Experi\u00eancias Visuais \u00danicas | TELALED<\/title>\n<meta name=\"description\" content=\"Explore nossa Circular LED Display S\u00e9rie TCF, perfeita para esta\u00e7\u00f5es, aeroportos, shoppings e muito mais. Com configura\u00e7\u00f5es flex\u00edveis e visuais de alta qualidade, ela oferece uma solu\u00e7\u00e3o de display diferenciada e cativante. Entre em contato conosco hoje mesmo!\" \/>\n<meta name=\"robots\" content=\"index, follow, max-snippet:-1, max-image-preview:large, max-video-preview:-1\" \/>\n<link rel=\"canonical\" href=\"https:\/\/www.telaled.com\/sv\/fabrica\/circular-led-display-serie-tcf\/\" \/>\n<meta property=\"og:locale\" content=\"sv_SE\" \/>\n<meta property=\"og:type\" content=\"article\" \/>\n<meta property=\"og:title\" content=\"Circular LED Display S\u00e9rie TCF | Experi\u00eancias Visuais \u00danicas | TELALED\" \/>\n<meta property=\"og:description\" content=\"Explore nossa Circular LED Display S\u00e9rie TCF, perfeita para esta\u00e7\u00f5es, aeroportos, shoppings e muito mais. Com configura\u00e7\u00f5es flex\u00edveis e visuais de alta qualidade, ela oferece uma solu\u00e7\u00e3o de display diferenciada e cativante. Entre em contato conosco hoje mesmo!\" \/>\n<meta property=\"og:url\" content=\"https:\/\/www.telaled.com\/sv\/fabrica\/circular-led-display-serie-tcf\/\" \/>\n<meta property=\"og:site_name\" content=\"TELALED\" \/>\n<meta property=\"article:modified_time\" content=\"2026-01-06T00:37:31+00:00\" \/>\n<meta property=\"og:image\" content=\"https:\/\/www.telaled.com\/wp-content\/uploads\/2025\/09\/circular-led-display.webp\" \/>\n\t<meta property=\"og:image:width\" content=\"500\" \/>\n\t<meta property=\"og:image:height\" content=\"500\" \/>\n\t<meta property=\"og:image:type\" content=\"image\/webp\" \/>\n<meta name=\"twitter:card\" content=\"summary_large_image\" \/>\n<meta name=\"twitter:label1\" content=\"Est. reading time\" \/>\n\t<meta name=\"twitter:data1\" content=\"3 minuter\" \/>\n<script type=\"application\/ld+json\" class=\"yoast-schema-graph\">{\"@context\":\"https:\\\/\\\/schema.org\",\"@graph\":[{\"@type\":\"WebPage\",\"@id\":\"https:\\\/\\\/www.telaled.com\\\/fabrica\\\/circular-led-display-serie-tcf\\\/\",\"url\":\"https:\\\/\\\/www.telaled.com\\\/fabrica\\\/circular-led-display-serie-tcf\\\/\",\"name\":\"Circular LED Display S\u00e9rie TCF | Experi\u00eancias Visuais \u00danicas | TELALED\",\"isPartOf\":{\"@id\":\"https:\\\/\\\/www.telaled.com\\\/#website\"},\"primaryImageOfPage\":{\"@id\":\"https:\\\/\\\/www.telaled.com\\\/fabrica\\\/circular-led-display-serie-tcf\\\/#primaryimage\"},\"image\":{\"@id\":\"https:\\\/\\\/www.telaled.com\\\/fabrica\\\/circular-led-display-serie-tcf\\\/#primaryimage\"},\"thumbnailUrl\":\"https:\\\/\\\/www.telaled.com\\\/wp-content\\\/uploads\\\/2025\\\/09\\\/circular-led-display.webp\",\"datePublished\":\"2025-09-08T08:40:22+00:00\",\"dateModified\":\"2026-01-06T00:37:31+00:00\",\"description\":\"Explore nossa Circular LED Display S\u00e9rie TCF, perfeita para esta\u00e7\u00f5es, aeroportos, shoppings e muito mais. Com configura\u00e7\u00f5es flex\u00edveis e visuais de alta qualidade, ela oferece uma solu\u00e7\u00e3o de display diferenciada e cativante. Entre em contato conosco hoje mesmo!\",\"breadcrumb\":{\"@id\":\"https:\\\/\\\/www.telaled.com\\\/fabrica\\\/circular-led-display-serie-tcf\\\/#breadcrumb\"},\"inLanguage\":\"sv-SE\",\"potentialAction\":[{\"@type\":\"ReadAction\",\"target\":[\"https:\\\/\\\/www.telaled.com\\\/fabrica\\\/circular-led-display-serie-tcf\\\/\"]}]},{\"@type\":\"ImageObject\",\"inLanguage\":\"sv-SE\",\"@id\":\"https:\\\/\\\/www.telaled.com\\\/fabrica\\\/circular-led-display-serie-tcf\\\/#primaryimage\",\"url\":\"https:\\\/\\\/www.telaled.com\\\/wp-content\\\/uploads\\\/2025\\\/09\\\/circular-led-display.webp\",\"contentUrl\":\"https:\\\/\\\/www.telaled.com\\\/wp-content\\\/uploads\\\/2025\\\/09\\\/circular-led-display.webp\",\"width\":500,\"height\":500,\"caption\":\"circular-led-display\"},{\"@type\":\"BreadcrumbList\",\"@id\":\"https:\\\/\\\/www.telaled.com\\\/fabrica\\\/circular-led-display-serie-tcf\\\/#breadcrumb\",\"itemListElement\":[{\"@type\":\"ListItem\",\"position\":1,\"name\":\"Home\",\"item\":\"https:\\\/\\\/www.telaled.com\\\/\"},{\"@type\":\"ListItem\",\"position\":2,\"name\":\"Produtos\",\"item\":\"https:\\\/\\\/www.telaled.com\\\/shop\\\/\"},{\"@type\":\"ListItem\",\"position\":3,\"name\":\"Circular LED Display S\u00e9rie TCF\"}]},{\"@type\":\"WebSite\",\"@id\":\"https:\\\/\\\/www.telaled.com\\\/#website\",\"url\":\"https:\\\/\\\/www.telaled.com\\\/\",\"name\":\"TELALED\",\"description\":\"\",\"potentialAction\":[{\"@type\":\"SearchAction\",\"target\":{\"@type\":\"EntryPoint\",\"urlTemplate\":\"https:\\\/\\\/www.telaled.com\\\/?s={search_term_string}\"},\"query-input\":{\"@type\":\"PropertyValueSpecification\",\"valueRequired\":true,\"valueName\":\"search_term_string\"}}],\"inLanguage\":\"sv-SE\"}]}<\/script>\n<!-- \/ Yoast SEO plugin. -->","yoast_head_json":{"title":"Cirkul\u00e4r LED-display TCF-serien | Unika visuella upplevelser | TELALED","description":"Utforska v\u00e5r runda LED-display i TCF-serien, perfekt f\u00f6r stationer, flygplatser, k\u00f6pcentra med mera. Med flexibla konfigurationer och h\u00f6gkvalitativ grafik erbjuder den en distinkt och f\u00e4ngslande displayl\u00f6sning. Kontakta oss idag!","robots":{"index":"index","follow":"follow","max-snippet":"max-snippet:-1","max-image-preview":"max-image-preview:large","max-video-preview":"max-video-preview:-1"},"canonical":"https:\/\/www.telaled.com\/sv\/fabrica\/circular-led-display-serie-tcf\/","og_locale":"sv_SE","og_type":"article","og_title":"Circular LED Display S\u00e9rie TCF | Experi\u00eancias Visuais \u00danicas | TELALED","og_description":"Explore nossa Circular LED Display S\u00e9rie TCF, perfeita para esta\u00e7\u00f5es, aeroportos, shoppings e muito mais. Com configura\u00e7\u00f5es flex\u00edveis e visuais de alta qualidade, ela oferece uma solu\u00e7\u00e3o de display diferenciada e cativante. Entre em contato conosco hoje mesmo!","og_url":"https:\/\/www.telaled.com\/sv\/fabrica\/circular-led-display-serie-tcf\/","og_site_name":"TELALED","article_modified_time":"2026-01-06T00:37:31+00:00","og_image":[{"width":500,"height":500,"url":"https:\/\/www.telaled.com\/wp-content\/uploads\/2025\/09\/circular-led-display.webp","type":"image\/webp"}],"twitter_card":"summary_large_image","twitter_misc":{"Est. reading time":"3 minuter"},"schema":{"@context":"https:\/\/schema.org","@graph":[{"@type":"WebPage","@id":"https:\/\/www.telaled.com\/fabrica\/circular-led-display-serie-tcf\/","url":"https:\/\/www.telaled.com\/fabrica\/circular-led-display-serie-tcf\/","name":"Cirkul\u00e4r LED-display TCF-serien | Unika visuella upplevelser | TELALED","isPartOf":{"@id":"https:\/\/www.telaled.com\/#website"},"primaryImageOfPage":{"@id":"https:\/\/www.telaled.com\/fabrica\/circular-led-display-serie-tcf\/#primaryimage"},"image":{"@id":"https:\/\/www.telaled.com\/fabrica\/circular-led-display-serie-tcf\/#primaryimage"},"thumbnailUrl":"https:\/\/www.telaled.com\/wp-content\/uploads\/2025\/09\/circular-led-display.webp","datePublished":"2025-09-08T08:40:22+00:00","dateModified":"2026-01-06T00:37:31+00:00","description":"Utforska v\u00e5r runda LED-display i TCF-serien, perfekt f\u00f6r stationer, flygplatser, k\u00f6pcentra med mera. Med flexibla konfigurationer och h\u00f6gkvalitativ grafik erbjuder den en distinkt och f\u00e4ngslande displayl\u00f6sning. Kontakta oss idag!","breadcrumb":{"@id":"https:\/\/www.telaled.com\/fabrica\/circular-led-display-serie-tcf\/#breadcrumb"},"inLanguage":"sv-SE","potentialAction":[{"@type":"ReadAction","target":["https:\/\/www.telaled.com\/fabrica\/circular-led-display-serie-tcf\/"]}]},{"@type":"ImageObject","inLanguage":"sv-SE","@id":"https:\/\/www.telaled.com\/fabrica\/circular-led-display-serie-tcf\/#primaryimage","url":"https:\/\/www.telaled.com\/wp-content\/uploads\/2025\/09\/circular-led-display.webp","contentUrl":"https:\/\/www.telaled.com\/wp-content\/uploads\/2025\/09\/circular-led-display.webp","width":500,"height":500,"caption":"circular-led-display"},{"@type":"BreadcrumbList","@id":"https:\/\/www.telaled.com\/fabrica\/circular-led-display-serie-tcf\/#breadcrumb","itemListElement":[{"@type":"ListItem","position":1,"name":"Home","item":"https:\/\/www.telaled.com\/"},{"@type":"ListItem","position":2,"name":"Produtos","item":"https:\/\/www.telaled.com\/shop\/"},{"@type":"ListItem","position":3,"name":"Circular LED Display S\u00e9rie TCF"}]},{"@type":"WebSite","@id":"https:\/\/www.telaled.com\/#website","url":"https:\/\/www.telaled.com\/","name":"LED-sk\u00e4rm","description":"","potentialAction":[{"@type":"SearchAction","target":{"@type":"EntryPoint","urlTemplate":"https:\/\/www.telaled.com\/?s={search_term_string}"},"query-input":{"@type":"PropertyValueSpecification","valueRequired":true,"valueName":"search_term_string"}}],"inLanguage":"sv-SE"}]}},"_links":{"self":[{"href":"https:\/\/www.telaled.com\/sv\/wp-json\/wp\/v2\/product\/3262","targetHints":{"allow":["GET"]}}],"collection":[{"href":"https:\/\/www.telaled.com\/sv\/wp-json\/wp\/v2\/product"}],"about":[{"href":"https:\/\/www.telaled.com\/sv\/wp-json\/wp\/v2\/types\/product"}],"wp:featuredmedia":[{"embeddable":true,"href":"https:\/\/www.telaled.com\/sv\/wp-json\/wp\/v2\/media\/3263"}],"wp:attachment":[{"href":"https:\/\/www.telaled.com\/sv\/wp-json\/wp\/v2\/media?parent=3262"}],"wp:term":[{"taxonomy":"product_brand","embeddable":true,"href":"https:\/\/www.telaled.com\/sv\/wp-json\/wp\/v2\/product_brand?post=3262"},{"taxonomy":"product_cat","embeddable":true,"href":"https:\/\/www.telaled.com\/sv\/wp-json\/wp\/v2\/product_cat?post=3262"},{"taxonomy":"product_tag","embeddable":true,"href":"https:\/\/www.telaled.com\/sv\/wp-json\/wp\/v2\/product_tag?post=3262"}],"curies":[{"name":"wp","href":"https:\/\/api.w.org\/{rel}","templated":true}]}}