{"id":3247,"date":"2025-09-05T08:21:30","date_gmt":"2025-09-05T08:21:30","guid":{"rendered":"https:\/\/www.telaled.com\/?post_type=product&#038;p=3247"},"modified":"2026-01-06T00:21:06","modified_gmt":"2026-01-06T00:21:06","slug":"led-sphere-display-serie-tce","status":"publish","type":"product","link":"https:\/\/www.telaled.com\/sv\/fabrica\/led-sphere-display-serie-tce\/","title":{"rendered":"TCE-serien LED-sf\u00e4rdisplay"},"content":{"rendered":"<div class=\"row\"  id=\"row-1586615506\">\n\n\t<div id=\"col-1379159285\" class=\"col small-12 large-12\"  >\n\t\t\t\t<div class=\"col-inner\"  >\n\t\t\t\n\t\t\t\n<h2>Exklusiva f\u00f6rdelar med TCE-seriens LED-sf\u00e4rdisplay<\/h2>\n<h3><strong>\u00d6verl\u00e4gsen h\u00e5llbarhet<\/strong><\/h3>\n<ul>\n<li>Konstruerad med en h\u00f6gprecisionsnitad aluminiumram.<\/li>\n<li>L\u00e4tt, men \u00e4nd\u00e5 strukturellt stabil f\u00f6r l\u00e5ngvarig anv\u00e4ndning.<\/li>\n<li>H\u00f6g slitstyrka, vilket g\u00f6r den tillf\u00f6rlitlig f\u00f6r kontinuerlig drift.<\/li>\n<\/ul>\n<h3><strong>Exceptionell visuell kvalitet<\/strong><\/h3>\n<ul>\n<li>Den erbjuder h\u00f6g ljusstyrka med l\u00e5g energif\u00f6rbrukning.<\/li>\n<li>Magnetisk moduldesign f\u00f6r enkelt underh\u00e5ll.<\/li>\n<li>Utm\u00e4rkt v\u00e4rmeavledning och dammt\u00e5lighet f\u00f6r stabila bilder.<\/li>\n<\/ul>\n<h3><strong>Fullst\u00e4ndig anpassningsf\u00f6rm\u00e5ga<\/strong><\/h3>\n<ul>\n<li>Finns f\u00f6r inomhus- och utomhusinstallation.<\/li>\n<li>St\u00f6der alla avst\u00e5nd mellan<a href=\"https:\/\/www.telaled.com\/sv\/pixel-pitch\/\"> pixlar<\/a> och anpassade storlekar.<\/li>\n<li>Den kan bilda en inre b\u00e5ge, en yttre b\u00e5ge, en cirkul\u00e4r, S-formad eller sf\u00e4risk konfiguration.<\/li>\n<\/ul>\n<h3><strong>Omfattande st\u00f6d<\/strong><\/h3>\n<ul>\n<li>Teknisk fj\u00e4rrsupport dygnet runt: F\u00e5 tillg\u00e5ng till experthj\u00e4lp n\u00e4r som helst, var som helst.<\/li>\n<li>5% reservdelar ing\u00e5r: Varje best\u00e4llning inkluderar ytterligare komponenter f\u00f6r att \u00f6ka tillf\u00f6rlitligheten och ge trygghet.<\/li>\n<li>3 \u00e5rs f\u00f6rl\u00e4ngd garanti: Dra nytta av l\u00e5ngsiktig konvergens f\u00f6r b\u00e4ttre prestanda och p\u00e5litlig service.<\/li>\n<\/ul>\n<h2>Produktinformation<\/h2>\n<div class=\"row\"  id=\"row-574145544\">\n\n\t<div id=\"col-1581766859\" class=\"col medium-10 small-12 large-10\"  >\n\t\t\t\t<div class=\"col-inner text-left\"  >\n\t\t\t\n\t\t\t\n<ul>\n<li>Vi har levererat hundratals specialanpassade LED-moduler, och denna expertis har gjort det m\u00f6jligt f\u00f6r oss att f\u00f6rfina v\u00e5r LED-sf\u00e4rdisplay. Varje sf\u00e4r \u00e4r konstruerad av precisionsgjutna moduler, vilket g\u00f6r att vi kan anpassa storlek, uppl\u00f6sning och design.<\/li>\n<\/ul>\n\t<div class=\"img has-hover x md-x lg-x y md-y lg-y\" id=\"image_1201005501\">\n\t\t\t\t\t\t\t\t<div class=\"img-inner dark\" >\n\t\t\t<img loading=\"lazy\" decoding=\"async\" width=\"1300\" height=\"500\" src=\"https:\/\/www.telaled.com\/wp-content\/uploads\/2025\/09\/Acumulando-centenas-de-formas-de-modulos-de-LED.webp\" class=\"attachment-original size-original\" alt=\"Samlar hundratals former av LED-moduler\" srcset=\"https:\/\/www.telaled.com\/wp-content\/uploads\/2025\/09\/Acumulando-centenas-de-formas-de-modulos-de-LED.webp 1300w, https:\/\/www.telaled.com\/wp-content\/uploads\/2025\/09\/Acumulando-centenas-de-formas-de-modulos-de-LED-300x115.webp 300w, https:\/\/www.telaled.com\/wp-content\/uploads\/2025\/09\/Acumulando-centenas-de-formas-de-modulos-de-LED-1024x394.webp 1024w, https:\/\/www.telaled.com\/wp-content\/uploads\/2025\/09\/Acumulando-centenas-de-formas-de-modulos-de-LED-768x295.webp 768w, https:\/\/www.telaled.com\/wp-content\/uploads\/2025\/09\/Acumulando-centenas-de-formas-de-modulos-de-LED-18x7.webp 18w, https:\/\/www.telaled.com\/wp-content\/uploads\/2025\/09\/Acumulando-centenas-de-formas-de-modulos-de-LED-600x231.webp 600w\" sizes=\"auto, (max-width: 1300px) 100vw, 1300px\" \/>\t\t\t\t\t\t\n\t\t\t\t\t<\/div>\n\t\t\t\t\t\t\t\t\n<style>\n#image_1201005501 {\n  width: 95%;\n}\n<\/style>\n\t<\/div>\n\t\n<ul>\n<li>V\u00e5r sf\u00e4riska LED-sk\u00e4rm anv\u00e4nder en nitad aluminiumram, konstruerad f\u00f6r precision och h\u00e5llbarhet. Dess l\u00e4tta design g\u00f6r den enkel att hantera, medan den styva strukturen h\u00e5ller sk\u00e4rmen stabil \u00f6ver tid. Denna konstruktion g\u00f6r sk\u00e4rmen p\u00e5litlig f\u00f6r kreativa inst\u00e4llningar och fantastiska 360\u00b0-bilder.<\/li>\n<\/ul>\n\t\t<\/div>\n\t\t\t\t\t<\/div>\n\n\t\n\n\t<div id=\"col-293119101\" class=\"col medium-10 small-12 large-10\"  >\n\t\t\t\t<div class=\"col-inner text-left\"  >\n\t\t\t\n\t\t\t\n\t<div class=\"img has-hover x md-x lg-x y md-y lg-y\" id=\"image_76752445\">\n\t\t\t\t\t\t\t\t<div class=\"img-inner dark\" >\n\t\t\t<img loading=\"lazy\" decoding=\"async\" width=\"640\" height=\"430\" src=\"https:\/\/www.telaled.com\/wp-content\/uploads\/2025\/09\/Estrutura-de-aluminio-rebitada-de-alta-precisao.webp\" class=\"attachment-large size-large\" alt=\"H\u00f6gprecisions nitad aluminiumstruktur\" srcset=\"https:\/\/www.telaled.com\/wp-content\/uploads\/2025\/09\/Estrutura-de-aluminio-rebitada-de-alta-precisao.webp 640w, https:\/\/www.telaled.com\/wp-content\/uploads\/2025\/09\/Estrutura-de-aluminio-rebitada-de-alta-precisao-300x202.webp 300w, https:\/\/www.telaled.com\/wp-content\/uploads\/2025\/09\/Estrutura-de-aluminio-rebitada-de-alta-precisao-18x12.webp 18w, https:\/\/www.telaled.com\/wp-content\/uploads\/2025\/09\/Estrutura-de-aluminio-rebitada-de-alta-precisao-600x403.webp 600w\" sizes=\"auto, (max-width: 640px) 100vw, 640px\" \/>\t\t\t\t\t\t\n\t\t\t\t\t<\/div>\n\t\t\t\t\t\t\t\t\n<style>\n#image_76752445 {\n  width: 95%;\n}\n<\/style>\n\t<\/div>\n\t\n<ul>\n<li>Den \u00e4r utformad f\u00f6r m\u00e5ngsidighet och kan installeras h\u00e4ngande fr\u00e5n taket, p\u00e5 golvet, inb\u00e4ddad i en struktur eller monterad p\u00e5 v\u00e4ggen. Denna variation av alternativ g\u00f6r det enkelt att anpassa sk\u00e4rmen till olika utrymmen, samtidigt som den bibeh\u00e5ller ett professionellt och integrerat utseende.<\/li>\n<\/ul>\n\t<div class=\"img has-hover x md-x lg-x y md-y lg-y\" id=\"image_1360885150\">\n\t\t\t\t\t\t\t\t<div class=\"img-inner dark\" >\n\t\t\t<img loading=\"lazy\" decoding=\"async\" width=\"1020\" height=\"365\" src=\"https:\/\/www.telaled.com\/wp-content\/uploads\/2025\/09\/Modo-de-instalacao-flexivel-1024x366.webp\" class=\"attachment-large size-large\" alt=\"Flexibelt installationsl\u00e4ge\" srcset=\"https:\/\/www.telaled.com\/wp-content\/uploads\/2025\/09\/Modo-de-instalacao-flexivel-1024x366.webp 1024w, https:\/\/www.telaled.com\/wp-content\/uploads\/2025\/09\/Modo-de-instalacao-flexivel-300x107.webp 300w, https:\/\/www.telaled.com\/wp-content\/uploads\/2025\/09\/Modo-de-instalacao-flexivel-768x274.webp 768w, https:\/\/www.telaled.com\/wp-content\/uploads\/2025\/09\/Modo-de-instalacao-flexivel-18x6.webp 18w, https:\/\/www.telaled.com\/wp-content\/uploads\/2025\/09\/Modo-de-instalacao-flexivel-600x214.webp 600w, https:\/\/www.telaled.com\/wp-content\/uploads\/2025\/09\/Modo-de-instalacao-flexivel.webp 1400w\" sizes=\"auto, (max-width: 1020px) 100vw, 1020px\" \/>\t\t\t\t\t\t\n\t\t\t\t\t<\/div>\n\t\t\t\t\t\t\t\t\n<style>\n#image_1360885150 {\n  width: 95%;\n}\n<\/style>\n\t<\/div>\n\t\n\t\t<\/div>\n\t\t\t\t\t<\/div>\n\n\t\n\n\t<div id=\"col-1835346039\" class=\"col medium-10 small-12 large-10\"  >\n\t\t\t\t<div class=\"col-inner text-left\"  >\n\t\t\t\n\t\t\t\n<ul>\n<li>V\u00e5ra LED-sf\u00e4rdisplayer i TCE-serien \u00e4r s\u00e4kert f\u00f6rpackade i f\u00f6rst\u00e4rkta tr\u00e4l\u00e5dor f\u00f6r att skydda dem under transport. Varje enhet \u00e4r skyddad mot damm, st\u00f6tar och andra faror genom att vara f\u00f6rpackad i skyddande beh\u00e5llare. Denna metod s\u00e4kerst\u00e4ller h\u00e5llbarhet och s\u00e4ker hantering, fr\u00e5n f\u00f6rvaring till slutlig leverans.<\/li>\n<\/ul>\n\t<div class=\"img has-hover x md-x lg-x y md-y lg-y\" id=\"image_1694215489\">\n\t\t\t\t\t\t\t\t<div class=\"img-inner dark\" >\n\t\t\t<img loading=\"lazy\" decoding=\"async\" width=\"760\" height=\"1024\" src=\"https:\/\/www.telaled.com\/wp-content\/uploads\/2025\/08\/36123f2c-de60-488d-af81-255cd4aee54a-760x1024.webp\" class=\"attachment-large size-large\" alt=\"\" srcset=\"https:\/\/www.telaled.com\/wp-content\/uploads\/2025\/08\/36123f2c-de60-488d-af81-255cd4aee54a-760x1024.webp 760w, https:\/\/www.telaled.com\/wp-content\/uploads\/2025\/08\/36123f2c-de60-488d-af81-255cd4aee54a-223x300.webp 223w, https:\/\/www.telaled.com\/wp-content\/uploads\/2025\/08\/36123f2c-de60-488d-af81-255cd4aee54a-768x1035.webp 768w, https:\/\/www.telaled.com\/wp-content\/uploads\/2025\/08\/36123f2c-de60-488d-af81-255cd4aee54a-9x12.webp 9w, https:\/\/www.telaled.com\/wp-content\/uploads\/2025\/08\/36123f2c-de60-488d-af81-255cd4aee54a-600x808.webp 600w, https:\/\/www.telaled.com\/wp-content\/uploads\/2025\/08\/36123f2c-de60-488d-af81-255cd4aee54a.webp 795w\" sizes=\"auto, (max-width: 760px) 100vw, 760px\" \/>\t\t\t\t\t\t\n\t\t\t\t\t<\/div>\n\t\t\t\t\t\t\t\t\n<style>\n#image_1694215489 {\n  width: 95%;\n}\n<\/style>\n\t<\/div>\n\t\n\t<div class=\"img has-hover x md-x lg-x y md-y lg-y\" id=\"image_1253065506\">\n\t\t\t\t\t\t\t\t<div class=\"img-inner dark\" >\n\t\t\t<img loading=\"lazy\" decoding=\"async\" width=\"1020\" height=\"728\" src=\"https:\/\/www.telaled.com\/wp-content\/uploads\/2025\/09\/Embalagem-de-caixa-de-madeira-1024x731.jpg\" class=\"attachment-large size-large\" alt=\"tr\u00e4l\u00e5daf\u00f6rpackning\" srcset=\"https:\/\/www.telaled.com\/wp-content\/uploads\/2025\/09\/Embalagem-de-caixa-de-madeira-1024x731.jpg 1024w, https:\/\/www.telaled.com\/wp-content\/uploads\/2025\/09\/Embalagem-de-caixa-de-madeira-300x214.jpg 300w, https:\/\/www.telaled.com\/wp-content\/uploads\/2025\/09\/Embalagem-de-caixa-de-madeira-768x549.jpg 768w, https:\/\/www.telaled.com\/wp-content\/uploads\/2025\/09\/Embalagem-de-caixa-de-madeira-18x12.jpg 18w, https:\/\/www.telaled.com\/wp-content\/uploads\/2025\/09\/Embalagem-de-caixa-de-madeira-600x429.jpg 600w, https:\/\/www.telaled.com\/wp-content\/uploads\/2025\/09\/Embalagem-de-caixa-de-madeira.jpg 1400w\" sizes=\"auto, (max-width: 1020px) 100vw, 1020px\" \/>\t\t\t\t\t\t\n\t\t\t\t\t<\/div>\n\t\t\t\t\t\t\t\t\n<style>\n#image_1253065506 {\n  width: 95%;\n}\n<\/style>\n\t<\/div>\n\t\n\n<table id=\"tablepress-52\" class=\"tablepress tablepress-id-52\">\n<thead>\n<tr class=\"row-1\">\n\t<th class=\"column-1\">Specifikationer:<\/th><th class=\"column-2\">TCH-P4-S118<\/th>\n<\/tr>\n<\/thead>\n<tbody class=\"row-striping row-hover\">\n<tr class=\"row-2\">\n\t<td class=\"column-1\">Pixelpunktskomposition:<\/td><td class=\"column-2\">2121 (3 i 1)<\/td>\n<\/tr>\n<tr class=\"row-3\">\n\t<td class=\"column-1\">Pixeluppl\u00f6sning:<\/td><td class=\"column-2\">550*370<\/td>\n<\/tr>\n<tr class=\"row-4\">\n\t<td class=\"column-1\">Sk\u00e4rmstorlek (mm):<\/td><td class=\"column-2\">2200*1480<\/td>\n<\/tr>\n<tr class=\"row-5\">\n\t<td class=\"column-1\">Sk\u00e4rmdensitet:<\/td><td class=\"column-2\">62500 po\u00e4ng\/\u33a1<\/td>\n<\/tr>\n<tr class=\"row-6\">\n\t<td class=\"column-1\">Idealt betraktningsavst\u00e5nd (m):<\/td><td class=\"column-2\">4\u2013100 m<\/td>\n<\/tr>\n<tr class=\"row-7\">\n\t<td class=\"column-1\">Maximal energif\u00f6rbrukning:<\/td><td class=\"column-2\">800w\/\u33a1<\/td>\n<\/tr>\n<tr class=\"row-8\">\n\t<td class=\"column-1\">Skanningsmetod:<\/td><td class=\"column-2\">16 skanningar<\/td>\n<\/tr>\n<tr class=\"row-9\">\n\t<td class=\"column-1\">Ljusstyrka: (CD\/\u33a1)<\/td><td class=\"column-2\">1600<\/td>\n<\/tr>\n<tr class=\"row-10\">\n\t<td class=\"column-1\">Perspektiv:<\/td><td class=\"column-2\">H 360\u00b0 V 360\u00b0<\/td>\n<\/tr>\n<tr class=\"row-11\">\n\t<td class=\"column-1\">Driftsp\u00e4nning:<\/td><td class=\"column-2\">AC 220V\/100V\u00b115% 47~64Hz<\/td>\n<\/tr>\n<tr class=\"row-12\">\n\t<td class=\"column-1\">Matningssp\u00e4nning:<\/td><td class=\"column-2\">5V<\/td>\n<\/tr>\n<tr class=\"row-13\">\n\t<td class=\"column-1\">Systemets driftsomgivningstemperatur:<\/td><td class=\"column-2\">-20~60\u00b0C<\/td>\n<\/tr>\n<tr class=\"row-14\">\n\t<td class=\"column-1\">Systemet fungerar i en m\u00e5ttlig milj\u00f6:<\/td><td class=\"column-2\">10%~90% UR<\/td>\n<\/tr>\n<tr class=\"row-15\">\n\t<td class=\"column-1\">Sk\u00e4rmf\u00e4rg:<\/td><td class=\"column-2\">16,7 miljoner<\/td>\n<\/tr>\n<tr class=\"row-16\">\n\t<td class=\"column-1\">Gr\u00e5skaleniv\u00e5:<\/td><td class=\"column-2\">16384<\/td>\n<\/tr>\n<tr class=\"row-17\">\n\t<td class=\"column-1\">Kommunikationsmetod:<\/td><td class=\"column-2\">Synkronisering<\/td>\n<\/tr>\n<\/tbody>\n<\/table>\n<!-- #tablepress-52 from cache -->\n\t\t<\/div>\n\t\t\t\t\t<\/div>\n\n\t\n<\/div>\n\t\t<\/div>\n\t\t\t\t\t<\/div>\n\n\t\n<\/div>","protected":false},"excerpt":{"rendered":"<p><strong>LED-sf\u00e4rdisplay TCE-serien | Anpassad sf\u00e4risk LED f\u00f6r inomhus- och utomhusmilj\u00f6er<\/strong><\/p>\n<p>O <em><strong>TCE-serien LED-sf\u00e4rdisplay<\/strong><\/em> Det \u00e4r en flexibel, sluten LED-sf\u00e4r designad f\u00f6r kreativ anv\u00e4ndning i inomhus- och utomhusmilj\u00f6er. Vi erbjuder helt anpassningsbara alternativ i alla storlekar och <a href=\"https:\/\/www.telaled.com\/sv\/densidade-de-pixels-em-telas-de-led-e-lcd\/\">pixelt\u00e4thet<\/a>, som kombinerar h\u00e5llbarhet med sl\u00e5ende grafik.<\/p>\n<p><strong>Huvudfunktioner:<\/strong><\/p>\n<ul>\n<li><strong>F\u00f6r internt och externt bruk:<\/strong> Utformad f\u00f6r att fungera i alla milj\u00f6er.<\/li>\n<li><strong>Fullst\u00e4ndig anpassning:<\/strong> valfri tillg\u00e4nglig pixelstorlek och densitet.<\/li>\n<li><strong>Flexibel och sf\u00e4risk yta:<\/strong> Det skapar attraktiva och enhetliga bilder.<\/li>\n<li><strong>F\u00e4ngslande n\u00e4rvaro:<\/strong> Perfekt f\u00f6r kreativ installation och framtr\u00e4dande visning.<\/li>\n<li><strong>H\u00f6gprecisions aluminiumstruktur:<\/strong> L\u00e4tt men \u00e4nd\u00e5 h\u00e5llbar f\u00f6r l\u00e5ngsiktig stabilitet.<\/li>\n<\/ul>\n<p>Vi erbjuder fj\u00e4rrsupport dygnet runt och 3 \u00e5rs garanti. Kontakta oss f\u00f6r en personlig offert.<\/p>","protected":false},"featured_media":3248,"template":"","meta":[],"product_brand":[],"product_cat":[48,40,44,46],"product_tag":[],"class_list":{"0":"post-3247","1":"product","2":"type-product","3":"status-publish","4":"has-post-thumbnail","6":"product_cat-paineis-personalizados","7":"product_cat-painel-de-led","8":"product_cat-painel-de-led-flexivel","9":"product_cat-painel-de-video","11":"first","12":"instock","13":"shipping-taxable","14":"product-type-simple"},"yoast_head":"<!-- This site is optimized with the Yoast SEO plugin v27.4 - https:\/\/yoast.com\/product\/yoast-seo-wordpress\/ -->\n<title>LED Sphere Display S\u00e9rie TCE | Telas LED Esf\u00e9ricas Personalizadas para Ambientes Internos e Externos | TELALED<\/title>\n<meta name=\"description\" content=\"LED Sphere Display S\u00e9rie TCE, dur\u00e1vel, leve e ideal para configura\u00e7\u00f5es criativas internas e externas. Solicite um or\u00e7amento hoje mesmo!\" \/>\n<meta name=\"robots\" content=\"index, follow, max-snippet:-1, max-image-preview:large, max-video-preview:-1\" \/>\n<link rel=\"canonical\" href=\"https:\/\/www.telaled.com\/sv\/fabrica\/led-sphere-display-serie-tce\/\" \/>\n<meta property=\"og:locale\" content=\"sv_SE\" \/>\n<meta property=\"og:type\" content=\"article\" \/>\n<meta property=\"og:title\" content=\"LED Sphere Display S\u00e9rie TCE | Telas LED Esf\u00e9ricas Personalizadas para Ambientes Internos e Externos | TELALED\" \/>\n<meta property=\"og:description\" content=\"LED Sphere Display S\u00e9rie TCE, dur\u00e1vel, leve e ideal para configura\u00e7\u00f5es criativas internas e externas. Solicite um or\u00e7amento hoje mesmo!\" \/>\n<meta property=\"og:url\" content=\"https:\/\/www.telaled.com\/sv\/fabrica\/led-sphere-display-serie-tce\/\" \/>\n<meta property=\"og:site_name\" content=\"TELALED\" \/>\n<meta property=\"article:modified_time\" content=\"2026-01-06T00:21:06+00:00\" \/>\n<meta property=\"og:image\" content=\"https:\/\/www.telaled.com\/wp-content\/uploads\/2025\/09\/led-sphere-display.webp\" \/>\n\t<meta property=\"og:image:width\" content=\"500\" \/>\n\t<meta property=\"og:image:height\" content=\"500\" \/>\n\t<meta property=\"og:image:type\" content=\"image\/webp\" \/>\n<meta name=\"twitter:card\" content=\"summary_large_image\" \/>\n<meta name=\"twitter:label1\" content=\"Est. reading time\" \/>\n\t<meta name=\"twitter:data1\" content=\"3 minuter\" \/>\n<script type=\"application\/ld+json\" class=\"yoast-schema-graph\">{\"@context\":\"https:\\\/\\\/schema.org\",\"@graph\":[{\"@type\":\"WebPage\",\"@id\":\"https:\\\/\\\/www.telaled.com\\\/fabrica\\\/led-sphere-display-serie-tce\\\/\",\"url\":\"https:\\\/\\\/www.telaled.com\\\/fabrica\\\/led-sphere-display-serie-tce\\\/\",\"name\":\"LED Sphere Display S\u00e9rie TCE | Telas LED Esf\u00e9ricas Personalizadas para Ambientes Internos e Externos | TELALED\",\"isPartOf\":{\"@id\":\"https:\\\/\\\/www.telaled.com\\\/#website\"},\"primaryImageOfPage\":{\"@id\":\"https:\\\/\\\/www.telaled.com\\\/fabrica\\\/led-sphere-display-serie-tce\\\/#primaryimage\"},\"image\":{\"@id\":\"https:\\\/\\\/www.telaled.com\\\/fabrica\\\/led-sphere-display-serie-tce\\\/#primaryimage\"},\"thumbnailUrl\":\"https:\\\/\\\/www.telaled.com\\\/wp-content\\\/uploads\\\/2025\\\/09\\\/led-sphere-display.webp\",\"datePublished\":\"2025-09-05T08:21:30+00:00\",\"dateModified\":\"2026-01-06T00:21:06+00:00\",\"description\":\"LED Sphere Display S\u00e9rie TCE, dur\u00e1vel, leve e ideal para configura\u00e7\u00f5es criativas internas e externas. Solicite um or\u00e7amento hoje mesmo!\",\"breadcrumb\":{\"@id\":\"https:\\\/\\\/www.telaled.com\\\/fabrica\\\/led-sphere-display-serie-tce\\\/#breadcrumb\"},\"inLanguage\":\"sv-SE\",\"potentialAction\":[{\"@type\":\"ReadAction\",\"target\":[\"https:\\\/\\\/www.telaled.com\\\/fabrica\\\/led-sphere-display-serie-tce\\\/\"]}]},{\"@type\":\"ImageObject\",\"inLanguage\":\"sv-SE\",\"@id\":\"https:\\\/\\\/www.telaled.com\\\/fabrica\\\/led-sphere-display-serie-tce\\\/#primaryimage\",\"url\":\"https:\\\/\\\/www.telaled.com\\\/wp-content\\\/uploads\\\/2025\\\/09\\\/led-sphere-display.webp\",\"contentUrl\":\"https:\\\/\\\/www.telaled.com\\\/wp-content\\\/uploads\\\/2025\\\/09\\\/led-sphere-display.webp\",\"width\":500,\"height\":500,\"caption\":\"led-sphere-display\"},{\"@type\":\"BreadcrumbList\",\"@id\":\"https:\\\/\\\/www.telaled.com\\\/fabrica\\\/led-sphere-display-serie-tce\\\/#breadcrumb\",\"itemListElement\":[{\"@type\":\"ListItem\",\"position\":1,\"name\":\"Home\",\"item\":\"https:\\\/\\\/www.telaled.com\\\/\"},{\"@type\":\"ListItem\",\"position\":2,\"name\":\"Produtos\",\"item\":\"https:\\\/\\\/www.telaled.com\\\/shop\\\/\"},{\"@type\":\"ListItem\",\"position\":3,\"name\":\"LED Sphere Display S\u00e9rie TCE\"}]},{\"@type\":\"WebSite\",\"@id\":\"https:\\\/\\\/www.telaled.com\\\/#website\",\"url\":\"https:\\\/\\\/www.telaled.com\\\/\",\"name\":\"TELALED\",\"description\":\"\",\"potentialAction\":[{\"@type\":\"SearchAction\",\"target\":{\"@type\":\"EntryPoint\",\"urlTemplate\":\"https:\\\/\\\/www.telaled.com\\\/?s={search_term_string}\"},\"query-input\":{\"@type\":\"PropertyValueSpecification\",\"valueRequired\":true,\"valueName\":\"search_term_string\"}}],\"inLanguage\":\"sv-SE\"}]}<\/script>\n<!-- \/ Yoast SEO plugin. -->","yoast_head_json":{"title":"LED-sf\u00e4rdisplay TCE-serien | Anpassade sf\u00e4riska LED-sk\u00e4rmar f\u00f6r inomhus- och utomhusmilj\u00f6er | TELALED","description":"LED Sphere Display TCE-serien: H\u00e5llbar, l\u00e4tt och perfekt f\u00f6r kreativa inomhus- och utomhusmilj\u00f6er. Beg\u00e4r en offert idag!","robots":{"index":"index","follow":"follow","max-snippet":"max-snippet:-1","max-image-preview":"max-image-preview:large","max-video-preview":"max-video-preview:-1"},"canonical":"https:\/\/www.telaled.com\/sv\/fabrica\/led-sphere-display-serie-tce\/","og_locale":"sv_SE","og_type":"article","og_title":"LED Sphere Display S\u00e9rie TCE | Telas LED Esf\u00e9ricas Personalizadas para Ambientes Internos e Externos | TELALED","og_description":"LED Sphere Display S\u00e9rie TCE, dur\u00e1vel, leve e ideal para configura\u00e7\u00f5es criativas internas e externas. Solicite um or\u00e7amento hoje mesmo!","og_url":"https:\/\/www.telaled.com\/sv\/fabrica\/led-sphere-display-serie-tce\/","og_site_name":"TELALED","article_modified_time":"2026-01-06T00:21:06+00:00","og_image":[{"width":500,"height":500,"url":"https:\/\/www.telaled.com\/wp-content\/uploads\/2025\/09\/led-sphere-display.webp","type":"image\/webp"}],"twitter_card":"summary_large_image","twitter_misc":{"Est. reading time":"3 minuter"},"schema":{"@context":"https:\/\/schema.org","@graph":[{"@type":"WebPage","@id":"https:\/\/www.telaled.com\/fabrica\/led-sphere-display-serie-tce\/","url":"https:\/\/www.telaled.com\/fabrica\/led-sphere-display-serie-tce\/","name":"LED-sf\u00e4rdisplay TCE-serien | Anpassade sf\u00e4riska LED-sk\u00e4rmar f\u00f6r inomhus- och utomhusmilj\u00f6er | TELALED","isPartOf":{"@id":"https:\/\/www.telaled.com\/#website"},"primaryImageOfPage":{"@id":"https:\/\/www.telaled.com\/fabrica\/led-sphere-display-serie-tce\/#primaryimage"},"image":{"@id":"https:\/\/www.telaled.com\/fabrica\/led-sphere-display-serie-tce\/#primaryimage"},"thumbnailUrl":"https:\/\/www.telaled.com\/wp-content\/uploads\/2025\/09\/led-sphere-display.webp","datePublished":"2025-09-05T08:21:30+00:00","dateModified":"2026-01-06T00:21:06+00:00","description":"LED Sphere Display TCE-serien: H\u00e5llbar, l\u00e4tt och perfekt f\u00f6r kreativa inomhus- och utomhusmilj\u00f6er. Beg\u00e4r en offert idag!","breadcrumb":{"@id":"https:\/\/www.telaled.com\/fabrica\/led-sphere-display-serie-tce\/#breadcrumb"},"inLanguage":"sv-SE","potentialAction":[{"@type":"ReadAction","target":["https:\/\/www.telaled.com\/fabrica\/led-sphere-display-serie-tce\/"]}]},{"@type":"ImageObject","inLanguage":"sv-SE","@id":"https:\/\/www.telaled.com\/fabrica\/led-sphere-display-serie-tce\/#primaryimage","url":"https:\/\/www.telaled.com\/wp-content\/uploads\/2025\/09\/led-sphere-display.webp","contentUrl":"https:\/\/www.telaled.com\/wp-content\/uploads\/2025\/09\/led-sphere-display.webp","width":500,"height":500,"caption":"led-sphere-display"},{"@type":"BreadcrumbList","@id":"https:\/\/www.telaled.com\/fabrica\/led-sphere-display-serie-tce\/#breadcrumb","itemListElement":[{"@type":"ListItem","position":1,"name":"Home","item":"https:\/\/www.telaled.com\/"},{"@type":"ListItem","position":2,"name":"Produtos","item":"https:\/\/www.telaled.com\/shop\/"},{"@type":"ListItem","position":3,"name":"LED Sphere Display S\u00e9rie TCE"}]},{"@type":"WebSite","@id":"https:\/\/www.telaled.com\/#website","url":"https:\/\/www.telaled.com\/","name":"LED-sk\u00e4rm","description":"","potentialAction":[{"@type":"SearchAction","target":{"@type":"EntryPoint","urlTemplate":"https:\/\/www.telaled.com\/?s={search_term_string}"},"query-input":{"@type":"PropertyValueSpecification","valueRequired":true,"valueName":"search_term_string"}}],"inLanguage":"sv-SE"}]}},"_links":{"self":[{"href":"https:\/\/www.telaled.com\/sv\/wp-json\/wp\/v2\/product\/3247","targetHints":{"allow":["GET"]}}],"collection":[{"href":"https:\/\/www.telaled.com\/sv\/wp-json\/wp\/v2\/product"}],"about":[{"href":"https:\/\/www.telaled.com\/sv\/wp-json\/wp\/v2\/types\/product"}],"wp:featuredmedia":[{"embeddable":true,"href":"https:\/\/www.telaled.com\/sv\/wp-json\/wp\/v2\/media\/3248"}],"wp:attachment":[{"href":"https:\/\/www.telaled.com\/sv\/wp-json\/wp\/v2\/media?parent=3247"}],"wp:term":[{"taxonomy":"product_brand","embeddable":true,"href":"https:\/\/www.telaled.com\/sv\/wp-json\/wp\/v2\/product_brand?post=3247"},{"taxonomy":"product_cat","embeddable":true,"href":"https:\/\/www.telaled.com\/sv\/wp-json\/wp\/v2\/product_cat?post=3247"},{"taxonomy":"product_tag","embeddable":true,"href":"https:\/\/www.telaled.com\/sv\/wp-json\/wp\/v2\/product_tag?post=3247"}],"curies":[{"name":"wp","href":"https:\/\/api.w.org\/{rel}","templated":true}]}}