{"id":3233,"date":"2025-09-04T08:39:53","date_gmt":"2025-09-04T08:39:53","guid":{"rendered":"https:\/\/www.telaled.com\/?post_type=product&#038;p=3233"},"modified":"2026-01-06T00:02:33","modified_gmt":"2026-01-06T00:02:33","slug":"cubo-de-painel-de-led-serie-tcd","status":"publish","type":"product","link":"https:\/\/www.telaled.com\/sv\/fabrica\/cubo-de-painel-de-led-serie-tcd\/","title":{"rendered":"TCD-serien LED-panelkub"},"content":{"rendered":"<div class=\"row\"  id=\"row-66860343\">\n\n\t<div id=\"col-924465289\" class=\"col small-12 large-12\"  >\n\t\t\t\t<div class=\"col-inner\"  >\n\t\t\t\n\t\t\t\n<h2>Exklusiva f\u00f6rdelar med TCD-seriens LED-panelkub<\/h2>\n<h3><strong>\u00d6verl\u00e4gsen h\u00e5llbarhet<\/strong><\/h3>\n<ul>\n<li>H\u00f6gkvalitativa lampp\u00e4rlor<\/li>\n<li>100 000 timmars livsl\u00e4ngd<\/li>\n<li>Dygnet runt-drift utan \u00f6verhettning.<\/li>\n<\/ul>\n<h3><strong>Exceptionell visuell kvalitet<\/strong><\/h3>\n<ul>\n<li>360\u00b0 rundstr\u00e5lande vy<\/li>\n<li>J\u00e4mn f\u00e4rg och vid belysningsvinkel.<\/li>\n<li>Briljanta och kontinuerliga bilder fr\u00e5n alla vinklar.<\/li>\n<\/ul>\n<h3><strong>Fullst\u00e4ndig anpassningsf\u00f6rm\u00e5ga<\/strong><\/h3>\n<ul>\n<li>Fasta, frist\u00e5ende, h\u00e4ngande eller v\u00e4ggmonterade installationer<\/li>\n<li>Modeller f\u00f6r inomhus- och utomhusbruk i olika storlekar.<\/li>\n<li>Anpassade storlekar och dimensioner tillg\u00e4ngliga.<\/li>\n<\/ul>\n<h3><strong>Omfattande st\u00f6d<\/strong><\/h3>\n<ul>\n<li>Teknisk fj\u00e4rrsupport dygnet runt: F\u00e5 tillg\u00e5ng till experthj\u00e4lp n\u00e4r som helst, var som helst.<\/li>\n<li>5% reservdelar ing\u00e5r: Varje best\u00e4llning inkluderar ytterligare komponenter f\u00f6r att \u00f6ka tillf\u00f6rlitligheten och ge trygghet.<\/li>\n<li>3 \u00e5rs f\u00f6rl\u00e4ngd garanti: Dra nytta av l\u00e5ngsiktig konvergens f\u00f6r b\u00e4ttre prestanda och p\u00e5litlig service.<\/li>\n<\/ul>\n<h2>Produktinformation<\/h2>\n<div class=\"row\"  id=\"row-2022552576\">\n\n\t<div id=\"col-225411194\" class=\"col medium-10 small-12 large-10\"  >\n\t\t\t\t<div class=\"col-inner text-left\"  >\n\t\t\t\n\t\t\t\n<ul>\n<li>Styr din kubs LED-sk\u00e4rm direkt fr\u00e5n din telefon. Anslut via Wi-Fi, hotspot eller app och \u00e4ndra inneh\u00e5llet p\u00e5 n\u00e5gra sekunder. Med en ber\u00f6ring kan du skicka foton, videor eller v\u00e4xla mellan sk\u00e4rmar n\u00e4r som helst, var som helst, snabbt och enkelt.<\/li>\n<\/ul>\n\t<div class=\"img has-hover x md-x lg-x y md-y lg-y\" id=\"image_1742197974\">\n\t\t\t\t\t\t\t\t<div class=\"img-inner dark\" >\n\t\t\t<img loading=\"lazy\" decoding=\"async\" width=\"640\" height=\"430\" src=\"https:\/\/www.telaled.com\/wp-content\/uploads\/2025\/09\/Controle-continuo.webp\" class=\"attachment-original size-original\" alt=\"Kontinuerlig kontroll\" srcset=\"https:\/\/www.telaled.com\/wp-content\/uploads\/2025\/09\/Controle-continuo.webp 640w, https:\/\/www.telaled.com\/wp-content\/uploads\/2025\/09\/Controle-continuo-300x202.webp 300w, https:\/\/www.telaled.com\/wp-content\/uploads\/2025\/09\/Controle-continuo-18x12.webp 18w, https:\/\/www.telaled.com\/wp-content\/uploads\/2025\/09\/Controle-continuo-600x403.webp 600w\" sizes=\"auto, (max-width: 640px) 100vw, 640px\" \/>\t\t\t\t\t\t\n\t\t\t\t\t<\/div>\n\t\t\t\t\t\t\t\t\n<style>\n#image_1742197974 {\n  width: 95%;\n}\n<\/style>\n\t<\/div>\n\t\n<ul>\n<li>Den anpassar sig till alla inst\u00e4llningar: v\u00e4lj en fast installation f\u00f6r l\u00e5ngvarig anv\u00e4ndning, st\u00e4ll den uppr\u00e4tt f\u00f6r mobilitet, h\u00e4ng den f\u00f6r maximal synlighet eller montera den p\u00e5 v\u00e4ggen f\u00f6r att spara utrymme. Alla alternativ \u00e4r utformade f\u00f6r stabilitet och s\u00e4kerhet, s\u00e5 att din sk\u00e4rm f\u00f6rblir s\u00e4ker samtidigt som den ger en skarp och engagerande visuell upplevelse.<\/li>\n<\/ul>\n\t\t<\/div>\n\t\t\t\t\t<\/div>\n\n\t\n\n\t<div id=\"col-531605319\" class=\"col medium-10 small-12 large-10\"  >\n\t\t\t\t<div class=\"col-inner text-left\"  >\n\t\t\t\n\t\t\t\n\t<div class=\"img has-hover x md-x lg-x y md-y lg-y\" id=\"image_1996354416\">\n\t\t\t\t\t\t\t\t<div class=\"img-inner dark\" >\n\t\t\t<img loading=\"lazy\" decoding=\"async\" width=\"640\" height=\"399\" src=\"https:\/\/www.telaled.com\/wp-content\/uploads\/2025\/09\/Opcoes-de-instalacao-versateis.webp\" class=\"attachment-large size-large\" alt=\"M\u00e5ngsidiga installationsalternativ\" srcset=\"https:\/\/www.telaled.com\/wp-content\/uploads\/2025\/09\/Opcoes-de-instalacao-versateis.webp 640w, https:\/\/www.telaled.com\/wp-content\/uploads\/2025\/09\/Opcoes-de-instalacao-versateis-300x187.webp 300w, https:\/\/www.telaled.com\/wp-content\/uploads\/2025\/09\/Opcoes-de-instalacao-versateis-18x12.webp 18w, https:\/\/www.telaled.com\/wp-content\/uploads\/2025\/09\/Opcoes-de-instalacao-versateis-600x374.webp 600w\" sizes=\"auto, (max-width: 640px) 100vw, 640px\" \/>\t\t\t\t\t\t\n\t\t\t\t\t<\/div>\n\t\t\t\t\t\t\t\t\n<style>\n#image_1996354416 {\n  width: 95%;\n}\n<\/style>\n\t<\/div>\n\t\n<ul>\n<li>Den anv\u00e4nder f\u00f6rstklassiga ljussf\u00e4rer f\u00f6r livfulla, enhetliga f\u00e4rger och breda betraktningsvinklar. De \u00e4r utformade f\u00f6r att h\u00e5lla i upp till 100 000 timmar och fungerar dygnet runt utan att \u00f6verhettas, vilket h\u00e5ller din sk\u00e4rm ljusstark, p\u00e5litlig och energisn\u00e5l. <a href=\"https:\/\/www.telaled.com\/sv\/entendendo-o-consumo-de-energia-painel-de-led-quao-eficientes-sao-os-displays-de-led-modernos\/\" data-wplink-edit=\"true\">energif\u00f6rbrukning<\/a> dag efter dag.<\/li>\n<\/ul>\n\t<div class=\"img has-hover x md-x lg-x y md-y lg-y\" id=\"image_381444659\">\n\t\t\t\t\t\t\t\t<div class=\"img-inner dark\" >\n\t\t\t<img loading=\"lazy\" decoding=\"async\" width=\"660\" height=\"440\" src=\"https:\/\/www.telaled.com\/wp-content\/uploads\/2025\/09\/Lampadas-de-alta-qualidade.webp\" class=\"attachment-large size-large\" alt=\"H\u00f6gkvalitativa gl\u00f6dlampor\" srcset=\"https:\/\/www.telaled.com\/wp-content\/uploads\/2025\/09\/Lampadas-de-alta-qualidade.webp 660w, https:\/\/www.telaled.com\/wp-content\/uploads\/2025\/09\/Lampadas-de-alta-qualidade-300x200.webp 300w, https:\/\/www.telaled.com\/wp-content\/uploads\/2025\/09\/Lampadas-de-alta-qualidade-18x12.webp 18w, https:\/\/www.telaled.com\/wp-content\/uploads\/2025\/09\/Lampadas-de-alta-qualidade-600x400.webp 600w\" sizes=\"auto, (max-width: 660px) 100vw, 660px\" \/>\t\t\t\t\t\t\n\t\t\t\t\t<\/div>\n\t\t\t\t\t\t\t\t\n<style>\n#image_381444659 {\n  width: 95%;\n}\n<\/style>\n\t<\/div>\n\t\n\t\t<\/div>\n\t\t\t\t\t<\/div>\n\n\t\n\n\t<div id=\"col-1261800634\" class=\"col medium-10 small-12 large-10\"  >\n\t\t\t\t<div class=\"col-inner text-left\"  >\n\t\t\t\n\t\t\t\n<ul>\n<li>V\u00e5ra LED-kubpanelenheter i TCD-serien \u00e4r s\u00e4kert f\u00f6rpackade i f\u00f6rst\u00e4rkta tr\u00e4l\u00e5dor f\u00f6r att skydda dem under transport. Varje enhet \u00e4r skyddad mot damm, st\u00f6tar och andra faror genom att vara f\u00f6rpackad i skyddande beh\u00e5llare. Denna metod garanterar h\u00e5llbarhet och s\u00e4ker hantering, fr\u00e5n f\u00f6rvaring till slutlig leverans.<\/li>\n<\/ul>\n\t<div class=\"img has-hover x md-x lg-x y md-y lg-y\" id=\"image_1272865563\">\n\t\t\t\t\t\t\t\t<div class=\"img-inner dark\" >\n\t\t\t<img loading=\"lazy\" decoding=\"async\" width=\"760\" height=\"1024\" src=\"https:\/\/www.telaled.com\/wp-content\/uploads\/2025\/08\/36123f2c-de60-488d-af81-255cd4aee54a-760x1024.webp\" class=\"attachment-large size-large\" alt=\"\" srcset=\"https:\/\/www.telaled.com\/wp-content\/uploads\/2025\/08\/36123f2c-de60-488d-af81-255cd4aee54a-760x1024.webp 760w, https:\/\/www.telaled.com\/wp-content\/uploads\/2025\/08\/36123f2c-de60-488d-af81-255cd4aee54a-223x300.webp 223w, https:\/\/www.telaled.com\/wp-content\/uploads\/2025\/08\/36123f2c-de60-488d-af81-255cd4aee54a-768x1035.webp 768w, https:\/\/www.telaled.com\/wp-content\/uploads\/2025\/08\/36123f2c-de60-488d-af81-255cd4aee54a-9x12.webp 9w, https:\/\/www.telaled.com\/wp-content\/uploads\/2025\/08\/36123f2c-de60-488d-af81-255cd4aee54a-600x808.webp 600w, https:\/\/www.telaled.com\/wp-content\/uploads\/2025\/08\/36123f2c-de60-488d-af81-255cd4aee54a.webp 795w\" sizes=\"auto, (max-width: 760px) 100vw, 760px\" \/>\t\t\t\t\t\t\n\t\t\t\t\t<\/div>\n\t\t\t\t\t\t\t\t\n<style>\n#image_1272865563 {\n  width: 95%;\n}\n<\/style>\n\t<\/div>\n\t\n\n<table id=\"tablepress-75\" class=\"tablepress tablepress-id-75\">\n<thead>\n<tr class=\"row-1\">\n\t<th class=\"column-1\">Produkt<\/th><th class=\"column-2\">Installation<\/th><th class=\"column-3\">Uppl\u00f6sning<\/th><th class=\"column-4\">Sk\u00e4rmstorlek<\/th><th class=\"column-5\">Vikt<\/th>\n<\/tr>\n<\/thead>\n<tbody class=\"row-striping row-hover\">\n<tr class=\"row-2\">\n\t<td class=\"column-1\">Interi\u00f6r P2.5<\/td><td class=\"column-2\">H\u00e4ngande<\/td><td class=\"column-3\">128*128*5<\/td><td class=\"column-4\">320*320*320 mm<\/td><td class=\"column-5\">8 kg<\/td>\n<\/tr>\n<tr class=\"row-3\">\n\t<td class=\"column-1\">Interi\u00f6r P2.5<\/td><td class=\"column-2\">V\u00e4ggf\u00e4ste<\/td><td class=\"column-3\">128*128*4<\/td><td class=\"column-4\">320*320*320 mm<\/td><td class=\"column-5\">7 kg<\/td>\n<\/tr>\n<tr class=\"row-4\">\n\t<td class=\"column-1\">Interi\u00f6r P2.5<\/td><td class=\"column-2\">H\u00e4ngande<\/td><td class=\"column-3\">192*192*5<\/td><td class=\"column-4\">480*480*480mm<\/td><td class=\"column-5\">14 kg<\/td>\n<\/tr>\n<tr class=\"row-5\">\n\t<td class=\"column-1\">Interi\u00f6r P2.5<\/td><td class=\"column-2\">V\u00e4ggf\u00e4ste<\/td><td class=\"column-3\">192*192*4<\/td><td class=\"column-4\">480*480*480mm<\/td><td class=\"column-5\">13 kg<\/td>\n<\/tr>\n<tr class=\"row-6\">\n\t<td class=\"column-1\">Interi\u00f6r P3<\/td><td class=\"column-2\">H\u00e4ngande<\/td><td class=\"column-3\">128*128*5<\/td><td class=\"column-4\">384*384*384 mm<\/td><td class=\"column-5\">12 kg<\/td>\n<\/tr>\n<tr class=\"row-7\">\n\t<td class=\"column-1\">Interi\u00f6r P3<\/td><td class=\"column-2\">V\u00e4ggf\u00e4ste<\/td><td class=\"column-3\">128*128*4<\/td><td class=\"column-4\">384*384*384 mm<\/td><td class=\"column-5\">11 kg<\/td>\n<\/tr>\n<tr class=\"row-8\">\n\t<td class=\"column-1\">Interi\u00f6r P3<\/td><td class=\"column-2\">H\u00e4ngande<\/td><td class=\"column-3\">192*192*5<\/td><td class=\"column-4\">576*576*576 mm<\/td><td class=\"column-5\">17 kg<\/td>\n<\/tr>\n<tr class=\"row-9\">\n\t<td class=\"column-1\">Interi\u00f6r P3<\/td><td class=\"column-2\">V\u00e4ggf\u00e4ste<\/td><td class=\"column-3\">192*192*4<\/td><td class=\"column-4\">576*576*576 mm<\/td><td class=\"column-5\">16 kg<\/td>\n<\/tr>\n<tr class=\"row-10\">\n\t<td class=\"column-1\">Interi\u00f6r P4<\/td><td class=\"column-2\">H\u00e4ngande<\/td><td class=\"column-3\">128*128*5<\/td><td class=\"column-4\">512*512*512 mm<\/td><td class=\"column-5\">17 kg<\/td>\n<\/tr>\n<tr class=\"row-11\">\n\t<td class=\"column-1\">Interi\u00f6r P4<\/td><td class=\"column-2\">V\u00e4ggf\u00e4ste<\/td><td class=\"column-3\">128*128*4<\/td><td class=\"column-4\">512*512*512 mm<\/td><td class=\"column-5\">16 kg<\/td>\n<\/tr>\n<tr class=\"row-12\">\n\t<td class=\"column-1\">Exteri\u00f6r P2.5<\/td><td class=\"column-2\">V\u00e4ggf\u00e4ste<\/td><td class=\"column-3\">128*128*4<\/td><td class=\"column-4\">320*320*320 mm<\/td><td class=\"column-5\">10 kg<\/td>\n<\/tr>\n<tr class=\"row-13\">\n\t<td class=\"column-1\">Exteri\u00f6r P2.5<\/td><td class=\"column-2\">H\u00e4ngande<\/td><td class=\"column-3\">128*128*5<\/td><td class=\"column-4\">320*320*320 mm<\/td><td class=\"column-5\">11 kg<\/td>\n<\/tr>\n<tr class=\"row-14\">\n\t<td class=\"column-1\">Exteri\u00f6r P2.5<\/td><td class=\"column-2\">V\u00e4ggf\u00e4ste<\/td><td class=\"column-3\">192*192*4<\/td><td class=\"column-4\">480*480*480mm<\/td><td class=\"column-5\">18 kg<\/td>\n<\/tr>\n<tr class=\"row-15\">\n\t<td class=\"column-1\">Exteri\u00f6r P2.5<\/td><td class=\"column-2\">H\u00e4ngande<\/td><td class=\"column-3\">192*192*5<\/td><td class=\"column-4\">480*480*480mm<\/td><td class=\"column-5\">19 kg<\/td>\n<\/tr>\n<tr class=\"row-16\">\n\t<td class=\"column-1\">Exteri\u00f6r P3<\/td><td class=\"column-2\">V\u00e4ggf\u00e4ste<\/td><td class=\"column-3\">128*128*4<\/td><td class=\"column-4\">384*384*384 mm<\/td><td class=\"column-5\">16 kg<\/td>\n<\/tr>\n<tr class=\"row-17\">\n\t<td class=\"column-1\">Exteri\u00f6r P3<\/td><td class=\"column-2\">H\u00e4ngande<\/td><td class=\"column-3\">128*128*5<\/td><td class=\"column-4\">384*384*384 mm<\/td><td class=\"column-5\">17 kg<\/td>\n<\/tr>\n<tr class=\"row-18\">\n\t<td class=\"column-1\">Exteri\u00f6r P3<\/td><td class=\"column-2\">V\u00e4ggf\u00e4ste<\/td><td class=\"column-3\">192*192*4<\/td><td class=\"column-4\">576*576*576 mm<\/td><td class=\"column-5\">21 kg<\/td>\n<\/tr>\n<tr class=\"row-19\">\n\t<td class=\"column-1\">Exteri\u00f6r P3<\/td><td class=\"column-2\">H\u00e4ngande<\/td><td class=\"column-3\">192*192*5<\/td><td class=\"column-4\">576*576*576 mm<\/td><td class=\"column-5\">22 kg<\/td>\n<\/tr>\n<tr class=\"row-20\">\n\t<td class=\"column-1\">Exteri\u00f6r P3.91<\/td><td class=\"column-2\">V\u00e4ggf\u00e4ste<\/td><td class=\"column-3\">128*128*4<\/td><td class=\"column-4\">500*500*500mm<\/td><td class=\"column-5\">21 kg<\/td>\n<\/tr>\n<tr class=\"row-21\">\n\t<td class=\"column-1\">Exteri\u00f6r P3.91<\/td><td class=\"column-2\">H\u00e4ngande<\/td><td class=\"column-3\">128*128*5<\/td><td class=\"column-4\">500*500*500mm<\/td><td class=\"column-5\">22 kg<\/td>\n<\/tr>\n<tr class=\"row-22\">\n\t<td class=\"column-1\">Vi kan \u00e4ven anpassa andra former och storlekar efter era behov.<\/td><td class=\"column-2\"><\/td><td class=\"column-3\"><\/td><td class=\"column-4\"><\/td><td class=\"column-5\"><\/td>\n<\/tr>\n<\/tbody>\n<\/table>\n<!-- #tablepress-75 from cache -->\n\t\t<\/div>\n\t\t\t\t\t<\/div>\n\n\t\n<\/div>\n\t\t<\/div>\n\t\t\t\t\t<\/div>\n\n\t\n<\/div>","protected":false},"excerpt":{"rendered":"<p><strong>TCD-serien LED-panelkub \u2013 Anpassade 360\u00b0-displayl\u00f6sningar<\/strong><\/p>\n<p>V\u00e5r <strong><em>TCD-serien LED-panelkub<\/em><\/strong> Den erbjuder en helt anpassningsbar design med 360\u00b0-vy, vilket g\u00f6r den idealisk f\u00f6r att skapa i\u00f6gonfallande bilder i alla milj\u00f6er. Den \u00e4r utformad f\u00f6r att anpassa sig till dina specifika behov och kombinerar stil och funktionalitet.<\/p>\n<p><strong>Huvudfunktioner:<\/strong><\/p>\n<ul>\n<li><strong>360\u00b0-vy:<\/strong> Den erbjuder en perfekt utsikt fr\u00e5n alla vinklar.<\/li>\n<li><strong>Innovativ design:<\/strong> Den kubiska formen ger en sl\u00e5ende och dynamisk effekt.<\/li>\n<li><strong>Anpassade storlekar:<\/strong> Tillverkad enligt \u00f6nskade dimensioner och krav.<\/li>\n<li><strong>M\u00e5ngsidig anv\u00e4ndning:<\/strong> L\u00e4mplig f\u00f6r en m\u00e4ngd olika milj\u00f6er och till\u00e4mpningar.<\/li>\n<\/ul>\n<p>Vi erbjuder fj\u00e4rrsupport dygnet runt och 3 \u00e5rs garanti. Kontakta oss f\u00f6r en personlig offert.<\/p>","protected":false},"featured_media":3234,"template":"","meta":[],"product_brand":[],"product_cat":[48,40,46],"product_tag":[],"class_list":{"0":"post-3233","1":"product","2":"type-product","3":"status-publish","4":"has-post-thumbnail","6":"product_cat-paineis-personalizados","7":"product_cat-painel-de-led","8":"product_cat-painel-de-video","10":"first","11":"instock","12":"shipping-taxable","13":"product-type-simple"},"yoast_head":"<!-- This site is optimized with the Yoast SEO plugin v27.4 - https:\/\/yoast.com\/product\/yoast-seo-wordpress\/ -->\n<title>Cubo de Painel de LED S\u00e9rie TCD| Display Visual 3D para Publicidade | TELALED<\/title>\n<meta name=\"description\" content=\"Explore nossa Cubo de Painel de LED S\u00e9rie TCD com visibilidade de 360\u00b0, resolu\u00e7\u00e3o n\u00edtida e instala\u00e7\u00e3o flex\u00edvel. Perfeita para varejo, exposi\u00e7\u00f5es e publicidade criativa. Solicite um or\u00e7amento hoje mesmo!\" \/>\n<meta name=\"robots\" content=\"index, follow, max-snippet:-1, max-image-preview:large, max-video-preview:-1\" \/>\n<link rel=\"canonical\" href=\"https:\/\/www.telaled.com\/sv\/fabrica\/cubo-de-painel-de-led-serie-tcd\/\" \/>\n<meta property=\"og:locale\" content=\"sv_SE\" \/>\n<meta property=\"og:type\" content=\"article\" \/>\n<meta property=\"og:title\" content=\"Cubo de Painel de LED S\u00e9rie TCD| Display Visual 3D para Publicidade | TELALED\" \/>\n<meta property=\"og:description\" content=\"Explore nossa Cubo de Painel de LED S\u00e9rie TCD com visibilidade de 360\u00b0, resolu\u00e7\u00e3o n\u00edtida e instala\u00e7\u00e3o flex\u00edvel. Perfeita para varejo, exposi\u00e7\u00f5es e publicidade criativa. Solicite um or\u00e7amento hoje mesmo!\" \/>\n<meta property=\"og:url\" content=\"https:\/\/www.telaled.com\/sv\/fabrica\/cubo-de-painel-de-led-serie-tcd\/\" \/>\n<meta property=\"og:site_name\" content=\"TELALED\" \/>\n<meta property=\"article:modified_time\" content=\"2026-01-06T00:02:33+00:00\" \/>\n<meta property=\"og:image\" content=\"https:\/\/www.telaled.com\/wp-content\/uploads\/2025\/09\/Cubo-de-Painel-de-LED-Serie-TCD.webp\" \/>\n\t<meta property=\"og:image:width\" content=\"500\" \/>\n\t<meta property=\"og:image:height\" content=\"500\" \/>\n\t<meta property=\"og:image:type\" content=\"image\/webp\" \/>\n<meta name=\"twitter:card\" content=\"summary_large_image\" \/>\n<meta name=\"twitter:label1\" content=\"Est. reading time\" \/>\n\t<meta name=\"twitter:data1\" content=\"3 minuter\" \/>\n<script type=\"application\/ld+json\" class=\"yoast-schema-graph\">{\"@context\":\"https:\\\/\\\/schema.org\",\"@graph\":[{\"@type\":\"WebPage\",\"@id\":\"https:\\\/\\\/www.telaled.com\\\/fabrica\\\/cubo-de-painel-de-led-serie-tcd\\\/\",\"url\":\"https:\\\/\\\/www.telaled.com\\\/fabrica\\\/cubo-de-painel-de-led-serie-tcd\\\/\",\"name\":\"Cubo de Painel de LED S\u00e9rie TCD| Display Visual 3D para Publicidade | TELALED\",\"isPartOf\":{\"@id\":\"https:\\\/\\\/www.telaled.com\\\/#website\"},\"primaryImageOfPage\":{\"@id\":\"https:\\\/\\\/www.telaled.com\\\/fabrica\\\/cubo-de-painel-de-led-serie-tcd\\\/#primaryimage\"},\"image\":{\"@id\":\"https:\\\/\\\/www.telaled.com\\\/fabrica\\\/cubo-de-painel-de-led-serie-tcd\\\/#primaryimage\"},\"thumbnailUrl\":\"https:\\\/\\\/www.telaled.com\\\/wp-content\\\/uploads\\\/2025\\\/09\\\/Cubo-de-Painel-de-LED-Serie-TCD.webp\",\"datePublished\":\"2025-09-04T08:39:53+00:00\",\"dateModified\":\"2026-01-06T00:02:33+00:00\",\"description\":\"Explore nossa Cubo de Painel de LED S\u00e9rie TCD com visibilidade de 360\u00b0, resolu\u00e7\u00e3o n\u00edtida e instala\u00e7\u00e3o flex\u00edvel. Perfeita para varejo, exposi\u00e7\u00f5es e publicidade criativa. Solicite um or\u00e7amento hoje mesmo!\",\"breadcrumb\":{\"@id\":\"https:\\\/\\\/www.telaled.com\\\/fabrica\\\/cubo-de-painel-de-led-serie-tcd\\\/#breadcrumb\"},\"inLanguage\":\"sv-SE\",\"potentialAction\":[{\"@type\":\"ReadAction\",\"target\":[\"https:\\\/\\\/www.telaled.com\\\/fabrica\\\/cubo-de-painel-de-led-serie-tcd\\\/\"]}]},{\"@type\":\"ImageObject\",\"inLanguage\":\"sv-SE\",\"@id\":\"https:\\\/\\\/www.telaled.com\\\/fabrica\\\/cubo-de-painel-de-led-serie-tcd\\\/#primaryimage\",\"url\":\"https:\\\/\\\/www.telaled.com\\\/wp-content\\\/uploads\\\/2025\\\/09\\\/Cubo-de-Painel-de-LED-Serie-TCD.webp\",\"contentUrl\":\"https:\\\/\\\/www.telaled.com\\\/wp-content\\\/uploads\\\/2025\\\/09\\\/Cubo-de-Painel-de-LED-Serie-TCD.webp\",\"width\":500,\"height\":500,\"caption\":\"Cubo-de-Painel-de-LED-S\u00e9rie-TCD\"},{\"@type\":\"BreadcrumbList\",\"@id\":\"https:\\\/\\\/www.telaled.com\\\/fabrica\\\/cubo-de-painel-de-led-serie-tcd\\\/#breadcrumb\",\"itemListElement\":[{\"@type\":\"ListItem\",\"position\":1,\"name\":\"Home\",\"item\":\"https:\\\/\\\/www.telaled.com\\\/\"},{\"@type\":\"ListItem\",\"position\":2,\"name\":\"Produtos\",\"item\":\"https:\\\/\\\/www.telaled.com\\\/shop\\\/\"},{\"@type\":\"ListItem\",\"position\":3,\"name\":\"Cubo de Painel de LED S\u00e9rie TCD\"}]},{\"@type\":\"WebSite\",\"@id\":\"https:\\\/\\\/www.telaled.com\\\/#website\",\"url\":\"https:\\\/\\\/www.telaled.com\\\/\",\"name\":\"TELALED\",\"description\":\"\",\"potentialAction\":[{\"@type\":\"SearchAction\",\"target\":{\"@type\":\"EntryPoint\",\"urlTemplate\":\"https:\\\/\\\/www.telaled.com\\\/?s={search_term_string}\"},\"query-input\":{\"@type\":\"PropertyValueSpecification\",\"valueRequired\":true,\"valueName\":\"search_term_string\"}}],\"inLanguage\":\"sv-SE\"}]}<\/script>\n<!-- \/ Yoast SEO plugin. -->","yoast_head_json":{"title":"TCD-serien LED-panelkub | 3D-visuell display f\u00f6r reklam | TELALED","description":"Utforska v\u00e5r TCD-serie LED-kubpanel med 360\u00b0 synlighet, skarp uppl\u00f6sning och flexibel installation. Perfekt f\u00f6r detaljhandel, utst\u00e4llningar och kreativ reklam. Beg\u00e4r en offert idag!","robots":{"index":"index","follow":"follow","max-snippet":"max-snippet:-1","max-image-preview":"max-image-preview:large","max-video-preview":"max-video-preview:-1"},"canonical":"https:\/\/www.telaled.com\/sv\/fabrica\/cubo-de-painel-de-led-serie-tcd\/","og_locale":"sv_SE","og_type":"article","og_title":"Cubo de Painel de LED S\u00e9rie TCD| Display Visual 3D para Publicidade | TELALED","og_description":"Explore nossa Cubo de Painel de LED S\u00e9rie TCD com visibilidade de 360\u00b0, resolu\u00e7\u00e3o n\u00edtida e instala\u00e7\u00e3o flex\u00edvel. Perfeita para varejo, exposi\u00e7\u00f5es e publicidade criativa. Solicite um or\u00e7amento hoje mesmo!","og_url":"https:\/\/www.telaled.com\/sv\/fabrica\/cubo-de-painel-de-led-serie-tcd\/","og_site_name":"TELALED","article_modified_time":"2026-01-06T00:02:33+00:00","og_image":[{"width":500,"height":500,"url":"https:\/\/www.telaled.com\/wp-content\/uploads\/2025\/09\/Cubo-de-Painel-de-LED-Serie-TCD.webp","type":"image\/webp"}],"twitter_card":"summary_large_image","twitter_misc":{"Est. reading time":"3 minuter"},"schema":{"@context":"https:\/\/schema.org","@graph":[{"@type":"WebPage","@id":"https:\/\/www.telaled.com\/fabrica\/cubo-de-painel-de-led-serie-tcd\/","url":"https:\/\/www.telaled.com\/fabrica\/cubo-de-painel-de-led-serie-tcd\/","name":"TCD-serien LED-panelkub | 3D-visuell display f\u00f6r reklam | TELALED","isPartOf":{"@id":"https:\/\/www.telaled.com\/#website"},"primaryImageOfPage":{"@id":"https:\/\/www.telaled.com\/fabrica\/cubo-de-painel-de-led-serie-tcd\/#primaryimage"},"image":{"@id":"https:\/\/www.telaled.com\/fabrica\/cubo-de-painel-de-led-serie-tcd\/#primaryimage"},"thumbnailUrl":"https:\/\/www.telaled.com\/wp-content\/uploads\/2025\/09\/Cubo-de-Painel-de-LED-Serie-TCD.webp","datePublished":"2025-09-04T08:39:53+00:00","dateModified":"2026-01-06T00:02:33+00:00","description":"Utforska v\u00e5r TCD-serie LED-kubpanel med 360\u00b0 synlighet, skarp uppl\u00f6sning och flexibel installation. Perfekt f\u00f6r detaljhandel, utst\u00e4llningar och kreativ reklam. Beg\u00e4r en offert idag!","breadcrumb":{"@id":"https:\/\/www.telaled.com\/fabrica\/cubo-de-painel-de-led-serie-tcd\/#breadcrumb"},"inLanguage":"sv-SE","potentialAction":[{"@type":"ReadAction","target":["https:\/\/www.telaled.com\/fabrica\/cubo-de-painel-de-led-serie-tcd\/"]}]},{"@type":"ImageObject","inLanguage":"sv-SE","@id":"https:\/\/www.telaled.com\/fabrica\/cubo-de-painel-de-led-serie-tcd\/#primaryimage","url":"https:\/\/www.telaled.com\/wp-content\/uploads\/2025\/09\/Cubo-de-Painel-de-LED-Serie-TCD.webp","contentUrl":"https:\/\/www.telaled.com\/wp-content\/uploads\/2025\/09\/Cubo-de-Painel-de-LED-Serie-TCD.webp","width":500,"height":500,"caption":"Cubo-de-Painel-de-LED-S\u00e9rie-TCD"},{"@type":"BreadcrumbList","@id":"https:\/\/www.telaled.com\/fabrica\/cubo-de-painel-de-led-serie-tcd\/#breadcrumb","itemListElement":[{"@type":"ListItem","position":1,"name":"Home","item":"https:\/\/www.telaled.com\/"},{"@type":"ListItem","position":2,"name":"Produtos","item":"https:\/\/www.telaled.com\/shop\/"},{"@type":"ListItem","position":3,"name":"Cubo de Painel de LED S\u00e9rie TCD"}]},{"@type":"WebSite","@id":"https:\/\/www.telaled.com\/#website","url":"https:\/\/www.telaled.com\/","name":"LED-sk\u00e4rm","description":"","potentialAction":[{"@type":"SearchAction","target":{"@type":"EntryPoint","urlTemplate":"https:\/\/www.telaled.com\/?s={search_term_string}"},"query-input":{"@type":"PropertyValueSpecification","valueRequired":true,"valueName":"search_term_string"}}],"inLanguage":"sv-SE"}]}},"_links":{"self":[{"href":"https:\/\/www.telaled.com\/sv\/wp-json\/wp\/v2\/product\/3233","targetHints":{"allow":["GET"]}}],"collection":[{"href":"https:\/\/www.telaled.com\/sv\/wp-json\/wp\/v2\/product"}],"about":[{"href":"https:\/\/www.telaled.com\/sv\/wp-json\/wp\/v2\/types\/product"}],"wp:featuredmedia":[{"embeddable":true,"href":"https:\/\/www.telaled.com\/sv\/wp-json\/wp\/v2\/media\/3234"}],"wp:attachment":[{"href":"https:\/\/www.telaled.com\/sv\/wp-json\/wp\/v2\/media?parent=3233"}],"wp:term":[{"taxonomy":"product_brand","embeddable":true,"href":"https:\/\/www.telaled.com\/sv\/wp-json\/wp\/v2\/product_brand?post=3233"},{"taxonomy":"product_cat","embeddable":true,"href":"https:\/\/www.telaled.com\/sv\/wp-json\/wp\/v2\/product_cat?post=3233"},{"taxonomy":"product_tag","embeddable":true,"href":"https:\/\/www.telaled.com\/sv\/wp-json\/wp\/v2\/product_tag?post=3233"}],"curies":[{"name":"wp","href":"https:\/\/api.w.org\/{rel}","templated":true}]}}