{"id":3221,"date":"2025-09-04T01:46:58","date_gmt":"2025-09-04T01:46:58","guid":{"rendered":"https:\/\/www.telaled.com\/?post_type=product&#038;p=3221"},"modified":"2026-01-05T23:38:53","modified_gmt":"2026-01-05T23:38:53","slug":"led-dome-screen-serie-tcc","status":"publish","type":"product","link":"https:\/\/www.telaled.com\/sv\/fabrica\/led-dome-screen-serie-tcc\/","title":{"rendered":"TCC-serien LED-kupolsk\u00e4rm"},"content":{"rendered":"<div class=\"row\"  id=\"row-2079944823\">\n\n\t<div id=\"col-1756885652\" class=\"col small-12 large-12\"  >\n\t\t\t\t<div class=\"col-inner\"  >\n\t\t\t\n\t\t\t\n<h2>Exklusiva f\u00f6rdelar med TCC-seriens LED-kupolsk\u00e4rm<\/h2>\n<h3><strong>\u00d6verl\u00e4gsen h\u00e5llbarhet<\/strong><\/h3>\n<ul>\n<li>Robust st\u00e5lkonstruktion<\/li>\n<li>Galvaniserade r\u00f6r (40\/80\/100)<\/li>\n<li>St\u00e5lpl\u00e5t 150x150x5 per m\u00b2<\/li>\n<li>Svetspunkter med rostskyddsbehandling.<\/li>\n<\/ul>\n<h3><strong>Exceptionell visuell kvalitet<\/strong><\/h3>\n<ul>\n<li>180\u00ba-360\u00ba graders b\u00f6jd sk\u00e4rm<\/li>\n<li>Uppslukande 3D-effekt<\/li>\n<li>Skarpa bilder fr\u00e5n alla vinklar<\/li>\n<\/ul>\n<h3><strong>Fullst\u00e4ndig anpassningsf\u00f6rm\u00e5ga<\/strong><\/h3>\n<ul>\n<li>Anpassad kupoldiameter<\/li>\n<li>Justerbart visningsomr\u00e5de<\/li>\n<li>Flexibel kl\u00e4mposition<\/li>\n<\/ul>\n<h3><strong>Omfattande st\u00f6d<\/strong><\/h3>\n<ul>\n<li>Teknisk fj\u00e4rrsupport dygnet runt: F\u00e5 tillg\u00e5ng till experthj\u00e4lp n\u00e4r som helst, var som helst.<\/li>\n<li>5% reservdelar ing\u00e5r: Varje best\u00e4llning inkluderar ytterligare komponenter f\u00f6r att \u00f6ka tillf\u00f6rlitligheten och ge trygghet.<\/li>\n<li>3 \u00e5rs f\u00f6rl\u00e4ngd garanti: Dra nytta av l\u00e5ngsiktig konvergens f\u00f6r b\u00e4ttre prestanda och p\u00e5litlig service.<\/li>\n<\/ul>\n<h2>Produktinformation<\/h2>\n<div class=\"row\"  id=\"row-1095625188\">\n\n\t<div id=\"col-1246645232\" class=\"col medium-10 small-12 large-10\"  >\n\t\t\t\t<div class=\"col-inner text-left\"  >\n\t\t\t\n\t\t\t\n<ul>\n<li>Strukturen och sk\u00e5psystemet hos v\u00e5r LED-kupolsk\u00e4rm minskar installationstid och arbetskostnader. Designen \u00e4r inte bara effektiv utan snabbar ocks\u00e5 upp projektgenomf\u00f6randet. Detta ger dig en tydlig konkurrensf\u00f6rdel n\u00e4r det g\u00e4ller kostnadsbesparingar och skalbarhet.<\/li>\n<\/ul>\n\t<div class=\"img has-hover x md-x lg-x y md-y lg-y\" id=\"image_118876436\">\n\t\t\t\t\t\t\t\t<div class=\"img-inner dark\" >\n\t\t\t<img loading=\"lazy\" decoding=\"async\" width=\"1313\" height=\"840\" src=\"https:\/\/www.telaled.com\/wp-content\/uploads\/2025\/09\/Design-modularizado-para-facil-instalacao-1.webp\" class=\"attachment-original size-original\" alt=\"Modul\u00e4r design f\u00f6r enkel installation (1)\" srcset=\"https:\/\/www.telaled.com\/wp-content\/uploads\/2025\/09\/Design-modularizado-para-facil-instalacao-1.webp 1313w, https:\/\/www.telaled.com\/wp-content\/uploads\/2025\/09\/Design-modularizado-para-facil-instalacao-1-300x192.webp 300w, https:\/\/www.telaled.com\/wp-content\/uploads\/2025\/09\/Design-modularizado-para-facil-instalacao-1-1024x655.webp 1024w, https:\/\/www.telaled.com\/wp-content\/uploads\/2025\/09\/Design-modularizado-para-facil-instalacao-1-768x491.webp 768w, https:\/\/www.telaled.com\/wp-content\/uploads\/2025\/09\/Design-modularizado-para-facil-instalacao-1-18x12.webp 18w, https:\/\/www.telaled.com\/wp-content\/uploads\/2025\/09\/Design-modularizado-para-facil-instalacao-1-600x384.webp 600w\" sizes=\"auto, (max-width: 1313px) 100vw, 1313px\" \/>\t\t\t\t\t\t\n\t\t\t\t\t<\/div>\n\t\t\t\t\t\t\t\t\n<style>\n#image_118876436 {\n  width: 95%;\n}\n<\/style>\n\t<\/div>\n\t\n<ul>\n<li>Med ultrah\u00f6guppl\u00f6sta bilder och realistiskt ljud dras publiken in i filmen. Ju n\u00e4rmare du kommer sk\u00e4rmen, desto mer intensiv blir upplevelsen.<\/li>\n<\/ul>\n\t\t<\/div>\n\t\t\t\t\t<\/div>\n\n\t\n\n\t<div id=\"col-575609768\" class=\"col medium-10 small-12 large-10\"  >\n\t\t\t\t<div class=\"col-inner text-left\"  >\n\t\t\t\n\t\t\t\n\t<div class=\"img has-hover x md-x lg-x y md-y lg-y\" id=\"image_1354485295\">\n\t\t\t\t\t\t\t\t<div class=\"img-inner dark\" >\n\t\t\t<img loading=\"lazy\" decoding=\"async\" width=\"700\" height=\"490\" src=\"https:\/\/www.telaled.com\/wp-content\/uploads\/2025\/09\/Cinema-panoramico.webp\" class=\"attachment-large size-large\" alt=\"Panoramabio\" srcset=\"https:\/\/www.telaled.com\/wp-content\/uploads\/2025\/09\/Cinema-panoramico.webp 700w, https:\/\/www.telaled.com\/wp-content\/uploads\/2025\/09\/Cinema-panoramico-300x210.webp 300w, https:\/\/www.telaled.com\/wp-content\/uploads\/2025\/09\/Cinema-panoramico-18x12.webp 18w, https:\/\/www.telaled.com\/wp-content\/uploads\/2025\/09\/Cinema-panoramico-600x420.webp 600w\" sizes=\"auto, (max-width: 700px) 100vw, 700px\" \/>\t\t\t\t\t\t\n\t\t\t\t\t<\/div>\n\t\t\t\t\t\t\t\t\n<style>\n#image_1354485295 {\n  width: 95%;\n}\n<\/style>\n\t<\/div>\n\t\n<ul>\n<li>V\u00e5r LED-kupolsk\u00e4rm i TCC-serien f\u00f6rvandlar tittarupplevelsen till en komplett sensorisk h\u00e4ndelse. Den halvklotformade sk\u00e4rmen omsluter publikens syn, medan r\u00f6rliga s\u00e4ten, aromeffekter, expansiva bilder och surroundljud h\u00f6jer 4D-upplevelsen till 5D. Fr\u00e5n framsida till baksida f\u00f6rdjupar varje detalj publiken i en levande och avkopplande scen de aldrig kommer att gl\u00f6mma.<\/li>\n<\/ul>\n\t<div class=\"img has-hover x md-x lg-x y md-y lg-y\" id=\"image_1675779449\">\n\t\t\t\t\t\t\t\t<div class=\"img-inner dark\" >\n\t\t\t<img loading=\"lazy\" decoding=\"async\" width=\"640\" height=\"318\" src=\"https:\/\/www.telaled.com\/wp-content\/uploads\/2025\/09\/Experiencia-Imersiva-Realista.jpg\" class=\"attachment-large size-large\" alt=\"Uppslukande-realistisk upplevelse\" srcset=\"https:\/\/www.telaled.com\/wp-content\/uploads\/2025\/09\/Experiencia-Imersiva-Realista.jpg 640w, https:\/\/www.telaled.com\/wp-content\/uploads\/2025\/09\/Experiencia-Imersiva-Realista-300x149.jpg 300w, https:\/\/www.telaled.com\/wp-content\/uploads\/2025\/09\/Experiencia-Imersiva-Realista-18x9.jpg 18w, https:\/\/www.telaled.com\/wp-content\/uploads\/2025\/09\/Experiencia-Imersiva-Realista-600x298.jpg 600w\" sizes=\"auto, (max-width: 640px) 100vw, 640px\" \/>\t\t\t\t\t\t\n\t\t\t\t\t<\/div>\n\t\t\t\t\t\t\t\t\n<style>\n#image_1675779449 {\n  width: 95%;\n}\n<\/style>\n\t<\/div>\n\t\n\t\t<\/div>\n\t\t\t\t\t<\/div>\n\n\t\n\n\t<div id=\"col-1566360742\" class=\"col medium-10 small-12 large-10\"  >\n\t\t\t\t<div class=\"col-inner text-left\"  >\n\t\t\t\n\t\t\t\n<ul>\n<li>V\u00e5ra LED-kupolsk\u00e4rmar i TCC-serien \u00e4r s\u00e4kert f\u00f6rpackade i f\u00f6rst\u00e4rkta tr\u00e4l\u00e5dor f\u00f6r att skydda dem under transport. Varje enhet \u00e4r skyddad mot damm, st\u00f6tar och andra faror genom att vara f\u00f6rpackad i skyddande beh\u00e5llare. Denna metod garanterar h\u00e5llbarhet och s\u00e4ker hantering, fr\u00e5n lagring till slutlig leverans.<\/li>\n<\/ul>\n\t<div class=\"img has-hover x md-x lg-x y md-y lg-y\" id=\"image_1675135976\">\n\t\t\t\t\t\t\t\t<div class=\"img-inner dark\" >\n\t\t\t<img loading=\"lazy\" decoding=\"async\" width=\"760\" height=\"1024\" src=\"https:\/\/www.telaled.com\/wp-content\/uploads\/2025\/08\/36123f2c-de60-488d-af81-255cd4aee54a-760x1024.webp\" class=\"attachment-large size-large\" alt=\"\" srcset=\"https:\/\/www.telaled.com\/wp-content\/uploads\/2025\/08\/36123f2c-de60-488d-af81-255cd4aee54a-760x1024.webp 760w, https:\/\/www.telaled.com\/wp-content\/uploads\/2025\/08\/36123f2c-de60-488d-af81-255cd4aee54a-223x300.webp 223w, https:\/\/www.telaled.com\/wp-content\/uploads\/2025\/08\/36123f2c-de60-488d-af81-255cd4aee54a-768x1035.webp 768w, https:\/\/www.telaled.com\/wp-content\/uploads\/2025\/08\/36123f2c-de60-488d-af81-255cd4aee54a-9x12.webp 9w, https:\/\/www.telaled.com\/wp-content\/uploads\/2025\/08\/36123f2c-de60-488d-af81-255cd4aee54a-600x808.webp 600w, https:\/\/www.telaled.com\/wp-content\/uploads\/2025\/08\/36123f2c-de60-488d-af81-255cd4aee54a.webp 795w\" sizes=\"auto, (max-width: 760px) 100vw, 760px\" \/>\t\t\t\t\t\t\n\t\t\t\t\t<\/div>\n\t\t\t\t\t\t\t\t\n<style>\n#image_1675135976 {\n  width: 95%;\n}\n<\/style>\n\t<\/div>\n\t\n\n<table id=\"tablepress-74\" class=\"tablepress tablepress-id-74\">\n<thead>\n<tr class=\"row-1\">\n\t<th class=\"column-1\">Modell<\/th><th class=\"column-2\">TCC1.45<\/th><th class=\"column-3\">TCC1.875<\/th><th class=\"column-4\">TCC2<\/th><th class=\"column-5\">TCC4<\/th>\n<\/tr>\n<\/thead>\n<tbody class=\"row-striping row-hover\">\n<tr class=\"row-2\">\n\t<td class=\"column-1\">Avst\u00e5nd mellan pixlar (mm)<\/td><td class=\"column-2\">1.45<\/td><td class=\"column-3\">1.875<\/td><td class=\"column-4\">2<\/td><td class=\"column-5\">4<\/td>\n<\/tr>\n<tr class=\"row-3\">\n\t<td class=\"column-1\">Pixelkomposition<\/td><td class=\"column-2\">1R1G1B<\/td><td class=\"column-3\">1R1G1B<\/td><td class=\"column-4\">1R1G1B<\/td><td class=\"column-5\">1R1G1B<\/td>\n<\/tr>\n<tr class=\"row-4\">\n\t<td class=\"column-1\">LED-typ<\/td><td class=\"column-2\">SMD1010<\/td><td class=\"column-3\">SMD1212<\/td><td class=\"column-4\">SMD1212<\/td><td class=\"column-5\">SMD1515<\/td>\n<\/tr>\n<tr class=\"row-5\">\n\t<td class=\"column-1\">Pixelt\u00e4thet (po\u00e4ng\/m\u00b2)<\/td><td class=\"column-2\">475, 624<\/td><td class=\"column-3\">284,444<\/td><td class=\"column-4\">250,000<\/td><td class=\"column-5\">62500<\/td>\n<\/tr>\n<tr class=\"row-6\">\n\t<td class=\"column-1\">Skanningsmetod<\/td><td class=\"column-2\">1\/35<\/td><td class=\"column-3\">1\/32<\/td><td class=\"column-4\">1\/32<\/td><td class=\"column-5\">1\/16<\/td>\n<\/tr>\n<tr class=\"row-7\">\n\t<td class=\"column-1\">Ljusstyrka (cd\/m\u00b2)<\/td><td class=\"column-2\">300<\/td><td class=\"column-3\">800-1000<\/td><td class=\"column-4\">800-1000<\/td><td class=\"column-5\">800<\/td>\n<\/tr>\n<tr class=\"row-8\">\n\t<td class=\"column-1\">Genomsnittlig effekt (W\/m\u00b2)<\/td><td class=\"column-2\">140<\/td><td class=\"column-3\">150-200<\/td><td class=\"column-4\">150-200<\/td><td class=\"column-5\">150-200<\/td>\n<\/tr>\n<tr class=\"row-9\">\n\t<td class=\"column-1\">Maximal effekt (W\/m\u00b2)<\/td><td class=\"column-2\">300<\/td><td class=\"column-3\">600<\/td><td class=\"column-4\">600<\/td><td class=\"column-5\">600<\/td>\n<\/tr>\n<tr class=\"row-10\">\n\t<td class=\"column-1\">Uppdateringsfrekvens (Hz)<\/td><td class=\"column-2\">3840<\/td><td class=\"column-3\">3840<\/td><td class=\"column-4\">3840<\/td><td class=\"column-5\">3840<\/td>\n<\/tr>\n<tr class=\"row-11\">\n\t<td class=\"column-1\">Gr\u00e5skala (bit)<\/td><td class=\"column-2\">16<\/td><td class=\"column-3\">12-16<\/td><td class=\"column-4\">12-16<\/td><td class=\"column-5\">12-16<\/td>\n<\/tr>\n<tr class=\"row-12\">\n\t<td class=\"column-1\">B\u00e5gens centrala vinkel<\/td><td class=\"column-2\">Anpassat efter dina behov.<\/td><td class=\"column-3\">Anpassat efter dina behov.<\/td><td class=\"column-4\">Anpassat efter dina behov.<\/td><td class=\"column-5\">Anpassat efter dina behov.<\/td>\n<\/tr>\n<tr class=\"row-13\">\n\t<td class=\"column-1\">LED-sk\u00e5pets vikt (kg\/st)<\/td><td class=\"column-2\">5<\/td><td class=\"column-3\">40<\/td><td class=\"column-4\">40<\/td><td class=\"column-5\">50<\/td>\n<\/tr>\n<tr class=\"row-14\">\n\t<td class=\"column-1\">Bruttovikt (kg\/m\u00b2)<\/td><td class=\"column-2\">\u226460<\/td><td class=\"column-3\">\u226460<\/td><td class=\"column-4\">\u226460<\/td><td class=\"column-5\">\u226460<\/td>\n<\/tr>\n<tr class=\"row-15\">\n\t<td class=\"column-1\">Kontinuerlig anv\u00e4ndningstid (timmar)<\/td><td class=\"column-2\">>72<\/td><td class=\"column-3\">>72<\/td><td class=\"column-4\">>72<\/td><td class=\"column-5\">>72<\/td>\n<\/tr>\n<tr class=\"row-16\">\n\t<td class=\"column-1\">Livsl\u00e4ngd (timmar)<\/td><td class=\"column-2\">>10,000<\/td><td class=\"column-3\">>10,000<\/td><td class=\"column-4\">>10,000<\/td><td class=\"column-5\">>10,000<\/td>\n<\/tr>\n<tr class=\"row-17\">\n\t<td class=\"column-1\">Diskret punkt utom kontroll (%)<\/td><td class=\"column-2\"><0.01<\/td><td class=\"column-3\"><0.01<\/td><td class=\"column-4\"><0.01<\/td><td class=\"column-5\"><0.01<\/td>\n<\/tr>\n<\/tbody>\n<\/table>\n<!-- #tablepress-74 from cache -->\n\t\t<\/div>\n\t\t\t\t\t<\/div>\n\n\t\n<\/div>\n\t\t<\/div>\n\t\t\t\t\t<\/div>\n\n\t\n<\/div>","protected":false},"excerpt":{"rendered":"<p><strong>TCC-serien LED-kupolsk\u00e4rm \u2013 Ultrabred, immersiv sk\u00e4rm<\/strong><\/p>\n<p>A <em><strong>TCC-serien LED-kupolsk\u00e4rm<\/strong><\/em> Den erbjuder 4D-bilder med breda betraktningsvinklar, sk\u00e4rpa och l\u00e5gt brus. Finns i modellerna P1.45 till P4, med diametrar fr\u00e5n 5 till 35 m.<\/p>\n<p><strong>Huvudfunktioner:<\/strong><\/p>\n<ul>\n<li>4D LED-k\u00e4rnteknik f\u00f6r uppslukande bio och interaktiva upplevelser.<\/li>\n<li>Bred betraktningsvinkel och perfekt yta f\u00f6r realistiska visuella effekter och publikens engagemang.<\/li>\n<li>Ultra-HD-bild med minimerat brus och eko; st\u00f6der realistiskt ljud.<\/li>\n<li>Flexibla specifikationer f\u00f6r museer, planetarier, utst\u00e4llningshallar, utbildningscenter, simulering och industriell utbildning.<\/li>\n<\/ul>\n<p>Vi erbjuder fj\u00e4rrsupport dygnet runt och 3 \u00e5rs garanti. Kontakta oss f\u00f6r en personlig offert.<\/p>","protected":false},"featured_media":3222,"template":"","meta":[],"product_brand":[],"product_cat":[48,40,44,46],"product_tag":[],"class_list":{"0":"post-3221","1":"product","2":"type-product","3":"status-publish","4":"has-post-thumbnail","6":"product_cat-paineis-personalizados","7":"product_cat-painel-de-led","8":"product_cat-painel-de-led-flexivel","9":"product_cat-painel-de-video","11":"first","12":"instock","13":"shipping-taxable","14":"product-type-simple"},"yoast_head":"<!-- This site is optimized with the Yoast SEO plugin v27.4 - https:\/\/yoast.com\/product\/yoast-seo-wordpress\/ -->\n<title>LED Dome Screen S\u00e9rie TCC | Experi\u00eancia Visual Imersiva 4D | TELALED<\/title>\n<meta name=\"description\" content=\"LED Dome Screen S\u00e9rie TCC com tecnologia de n\u00facleo 4D, modelos P1.45-P4 e di\u00e2metros de 5 a 35 m. Ideal para museus, planet\u00e1rios, exposi\u00e7\u00f5es, treinamentos e teatro imersivo\" \/>\n<meta name=\"robots\" content=\"index, follow, max-snippet:-1, max-image-preview:large, max-video-preview:-1\" \/>\n<link rel=\"canonical\" href=\"https:\/\/www.telaled.com\/sv\/fabrica\/led-dome-screen-serie-tcc\/\" \/>\n<meta property=\"og:locale\" content=\"sv_SE\" \/>\n<meta property=\"og:type\" content=\"article\" \/>\n<meta property=\"og:title\" content=\"LED Dome Screen S\u00e9rie TCC | Experi\u00eancia Visual Imersiva 4D | TELALED\" \/>\n<meta property=\"og:description\" content=\"LED Dome Screen S\u00e9rie TCC com tecnologia de n\u00facleo 4D, modelos P1.45-P4 e di\u00e2metros de 5 a 35 m. Ideal para museus, planet\u00e1rios, exposi\u00e7\u00f5es, treinamentos e teatro imersivo\" \/>\n<meta property=\"og:url\" content=\"https:\/\/www.telaled.com\/sv\/fabrica\/led-dome-screen-serie-tcc\/\" \/>\n<meta property=\"og:site_name\" content=\"TELALED\" \/>\n<meta property=\"article:modified_time\" content=\"2026-01-05T23:38:53+00:00\" \/>\n<meta property=\"og:image\" content=\"https:\/\/www.telaled.com\/wp-content\/uploads\/2025\/09\/LED-Dome-Screen-Serie-TCC.webp\" \/>\n\t<meta property=\"og:image:width\" content=\"500\" \/>\n\t<meta property=\"og:image:height\" content=\"500\" \/>\n\t<meta property=\"og:image:type\" content=\"image\/webp\" \/>\n<meta name=\"twitter:card\" content=\"summary_large_image\" \/>\n<meta name=\"twitter:label1\" content=\"Est. reading time\" \/>\n\t<meta name=\"twitter:data1\" content=\"3 minuter\" \/>\n<script type=\"application\/ld+json\" class=\"yoast-schema-graph\">{\"@context\":\"https:\\\/\\\/schema.org\",\"@graph\":[{\"@type\":\"WebPage\",\"@id\":\"https:\\\/\\\/www.telaled.com\\\/fabrica\\\/led-dome-screen-serie-tcc\\\/\",\"url\":\"https:\\\/\\\/www.telaled.com\\\/fabrica\\\/led-dome-screen-serie-tcc\\\/\",\"name\":\"LED Dome Screen S\u00e9rie TCC | Experi\u00eancia Visual Imersiva 4D | TELALED\",\"isPartOf\":{\"@id\":\"https:\\\/\\\/www.telaled.com\\\/#website\"},\"primaryImageOfPage\":{\"@id\":\"https:\\\/\\\/www.telaled.com\\\/fabrica\\\/led-dome-screen-serie-tcc\\\/#primaryimage\"},\"image\":{\"@id\":\"https:\\\/\\\/www.telaled.com\\\/fabrica\\\/led-dome-screen-serie-tcc\\\/#primaryimage\"},\"thumbnailUrl\":\"https:\\\/\\\/www.telaled.com\\\/wp-content\\\/uploads\\\/2025\\\/09\\\/LED-Dome-Screen-Serie-TCC.webp\",\"datePublished\":\"2025-09-04T01:46:58+00:00\",\"dateModified\":\"2026-01-05T23:38:53+00:00\",\"description\":\"LED Dome Screen S\u00e9rie TCC com tecnologia de n\u00facleo 4D, modelos P1.45-P4 e di\u00e2metros de 5 a 35 m. Ideal para museus, planet\u00e1rios, exposi\u00e7\u00f5es, treinamentos e teatro imersivo\",\"breadcrumb\":{\"@id\":\"https:\\\/\\\/www.telaled.com\\\/fabrica\\\/led-dome-screen-serie-tcc\\\/#breadcrumb\"},\"inLanguage\":\"sv-SE\",\"potentialAction\":[{\"@type\":\"ReadAction\",\"target\":[\"https:\\\/\\\/www.telaled.com\\\/fabrica\\\/led-dome-screen-serie-tcc\\\/\"]}]},{\"@type\":\"ImageObject\",\"inLanguage\":\"sv-SE\",\"@id\":\"https:\\\/\\\/www.telaled.com\\\/fabrica\\\/led-dome-screen-serie-tcc\\\/#primaryimage\",\"url\":\"https:\\\/\\\/www.telaled.com\\\/wp-content\\\/uploads\\\/2025\\\/09\\\/LED-Dome-Screen-Serie-TCC.webp\",\"contentUrl\":\"https:\\\/\\\/www.telaled.com\\\/wp-content\\\/uploads\\\/2025\\\/09\\\/LED-Dome-Screen-Serie-TCC.webp\",\"width\":500,\"height\":500,\"caption\":\"LED-Dome-Screen-S\u00e9rie-TCC\"},{\"@type\":\"BreadcrumbList\",\"@id\":\"https:\\\/\\\/www.telaled.com\\\/fabrica\\\/led-dome-screen-serie-tcc\\\/#breadcrumb\",\"itemListElement\":[{\"@type\":\"ListItem\",\"position\":1,\"name\":\"Home\",\"item\":\"https:\\\/\\\/www.telaled.com\\\/\"},{\"@type\":\"ListItem\",\"position\":2,\"name\":\"Produtos\",\"item\":\"https:\\\/\\\/www.telaled.com\\\/shop\\\/\"},{\"@type\":\"ListItem\",\"position\":3,\"name\":\"LED Dome Screen S\u00e9rie TCC\"}]},{\"@type\":\"WebSite\",\"@id\":\"https:\\\/\\\/www.telaled.com\\\/#website\",\"url\":\"https:\\\/\\\/www.telaled.com\\\/\",\"name\":\"TELALED\",\"description\":\"\",\"potentialAction\":[{\"@type\":\"SearchAction\",\"target\":{\"@type\":\"EntryPoint\",\"urlTemplate\":\"https:\\\/\\\/www.telaled.com\\\/?s={search_term_string}\"},\"query-input\":{\"@type\":\"PropertyValueSpecification\",\"valueRequired\":true,\"valueName\":\"search_term_string\"}}],\"inLanguage\":\"sv-SE\"}]}<\/script>\n<!-- \/ Yoast SEO plugin. -->","yoast_head_json":{"title":"LED-kupolsk\u00e4rm TCC-serien | Uppslukande 4D-visuell upplevelse | TELALED","description":"TCC-serien LED-kupolsk\u00e4rm med 4D-k\u00e4rnteknik, modeller P1.45-P4 och diametrar fr\u00e5n 5 till 35 m. Idealisk f\u00f6r museer, planetarier, utst\u00e4llningar, utbildning och immersiv teater.","robots":{"index":"index","follow":"follow","max-snippet":"max-snippet:-1","max-image-preview":"max-image-preview:large","max-video-preview":"max-video-preview:-1"},"canonical":"https:\/\/www.telaled.com\/sv\/fabrica\/led-dome-screen-serie-tcc\/","og_locale":"sv_SE","og_type":"article","og_title":"LED Dome Screen S\u00e9rie TCC | Experi\u00eancia Visual Imersiva 4D | TELALED","og_description":"LED Dome Screen S\u00e9rie TCC com tecnologia de n\u00facleo 4D, modelos P1.45-P4 e di\u00e2metros de 5 a 35 m. Ideal para museus, planet\u00e1rios, exposi\u00e7\u00f5es, treinamentos e teatro imersivo","og_url":"https:\/\/www.telaled.com\/sv\/fabrica\/led-dome-screen-serie-tcc\/","og_site_name":"TELALED","article_modified_time":"2026-01-05T23:38:53+00:00","og_image":[{"width":500,"height":500,"url":"https:\/\/www.telaled.com\/wp-content\/uploads\/2025\/09\/LED-Dome-Screen-Serie-TCC.webp","type":"image\/webp"}],"twitter_card":"summary_large_image","twitter_misc":{"Est. reading time":"3 minuter"},"schema":{"@context":"https:\/\/schema.org","@graph":[{"@type":"WebPage","@id":"https:\/\/www.telaled.com\/fabrica\/led-dome-screen-serie-tcc\/","url":"https:\/\/www.telaled.com\/fabrica\/led-dome-screen-serie-tcc\/","name":"LED-kupolsk\u00e4rm TCC-serien | Uppslukande 4D-visuell upplevelse | TELALED","isPartOf":{"@id":"https:\/\/www.telaled.com\/#website"},"primaryImageOfPage":{"@id":"https:\/\/www.telaled.com\/fabrica\/led-dome-screen-serie-tcc\/#primaryimage"},"image":{"@id":"https:\/\/www.telaled.com\/fabrica\/led-dome-screen-serie-tcc\/#primaryimage"},"thumbnailUrl":"https:\/\/www.telaled.com\/wp-content\/uploads\/2025\/09\/LED-Dome-Screen-Serie-TCC.webp","datePublished":"2025-09-04T01:46:58+00:00","dateModified":"2026-01-05T23:38:53+00:00","description":"TCC-serien LED-kupolsk\u00e4rm med 4D-k\u00e4rnteknik, modeller P1.45-P4 och diametrar fr\u00e5n 5 till 35 m. Idealisk f\u00f6r museer, planetarier, utst\u00e4llningar, utbildning och immersiv teater.","breadcrumb":{"@id":"https:\/\/www.telaled.com\/fabrica\/led-dome-screen-serie-tcc\/#breadcrumb"},"inLanguage":"sv-SE","potentialAction":[{"@type":"ReadAction","target":["https:\/\/www.telaled.com\/fabrica\/led-dome-screen-serie-tcc\/"]}]},{"@type":"ImageObject","inLanguage":"sv-SE","@id":"https:\/\/www.telaled.com\/fabrica\/led-dome-screen-serie-tcc\/#primaryimage","url":"https:\/\/www.telaled.com\/wp-content\/uploads\/2025\/09\/LED-Dome-Screen-Serie-TCC.webp","contentUrl":"https:\/\/www.telaled.com\/wp-content\/uploads\/2025\/09\/LED-Dome-Screen-Serie-TCC.webp","width":500,"height":500,"caption":"LED-Dome-Screen-S\u00e9rie-TCC"},{"@type":"BreadcrumbList","@id":"https:\/\/www.telaled.com\/fabrica\/led-dome-screen-serie-tcc\/#breadcrumb","itemListElement":[{"@type":"ListItem","position":1,"name":"Home","item":"https:\/\/www.telaled.com\/"},{"@type":"ListItem","position":2,"name":"Produtos","item":"https:\/\/www.telaled.com\/shop\/"},{"@type":"ListItem","position":3,"name":"LED Dome Screen S\u00e9rie TCC"}]},{"@type":"WebSite","@id":"https:\/\/www.telaled.com\/#website","url":"https:\/\/www.telaled.com\/","name":"LED-sk\u00e4rm","description":"","potentialAction":[{"@type":"SearchAction","target":{"@type":"EntryPoint","urlTemplate":"https:\/\/www.telaled.com\/?s={search_term_string}"},"query-input":{"@type":"PropertyValueSpecification","valueRequired":true,"valueName":"search_term_string"}}],"inLanguage":"sv-SE"}]}},"_links":{"self":[{"href":"https:\/\/www.telaled.com\/sv\/wp-json\/wp\/v2\/product\/3221","targetHints":{"allow":["GET"]}}],"collection":[{"href":"https:\/\/www.telaled.com\/sv\/wp-json\/wp\/v2\/product"}],"about":[{"href":"https:\/\/www.telaled.com\/sv\/wp-json\/wp\/v2\/types\/product"}],"wp:featuredmedia":[{"embeddable":true,"href":"https:\/\/www.telaled.com\/sv\/wp-json\/wp\/v2\/media\/3222"}],"wp:attachment":[{"href":"https:\/\/www.telaled.com\/sv\/wp-json\/wp\/v2\/media?parent=3221"}],"wp:term":[{"taxonomy":"product_brand","embeddable":true,"href":"https:\/\/www.telaled.com\/sv\/wp-json\/wp\/v2\/product_brand?post=3221"},{"taxonomy":"product_cat","embeddable":true,"href":"https:\/\/www.telaled.com\/sv\/wp-json\/wp\/v2\/product_cat?post=3221"},{"taxonomy":"product_tag","embeddable":true,"href":"https:\/\/www.telaled.com\/sv\/wp-json\/wp\/v2\/product_tag?post=3221"}],"curies":[{"name":"wp","href":"https:\/\/api.w.org\/{rel}","templated":true}]}}