{"id":3162,"date":"2025-08-27T09:40:42","date_gmt":"2025-08-27T09:40:42","guid":{"rendered":"https:\/\/www.telaled.com\/?post_type=product&#038;p=3162"},"modified":"2026-01-05T08:55:31","modified_gmt":"2026-01-05T08:55:31","slug":"telas-oled-transparentes-serie-thu","status":"publish","type":"product","link":"https:\/\/www.telaled.com\/sv\/fabrica\/telas-oled-transparentes-serie-thu\/","title":{"rendered":"Transparenta OLED-sk\u00e4rmar - THU-serien"},"content":{"rendered":"<div class=\"row\"  id=\"row-570777659\">\n\n\t<div id=\"col-1097327513\" class=\"col small-12 large-12\"  >\n\t\t\t\t<div class=\"col-inner\"  >\n\t\t\t\n\t\t\t\n<h2>Exklusiva f\u00f6rdelar med THU-seriens transparenta OLED-sk\u00e4rmar<\/h2>\n<h3><strong>\u00d6verl\u00e4gsen h\u00e5llbarhet<\/strong><\/h3>\n<ul>\n<li>H\u00e4rdat frontglas: Ger exceptionellt st\u00f6tskydd och s\u00e4kerst\u00e4ller att sk\u00e4rmen motst\u00e5r yttre st\u00f6tar och vibrationer.<\/li>\n<li>Robust design: konstruerad f\u00f6r att t\u00e5la tuffa milj\u00f6er, vilket g\u00f6r den l\u00e4mplig f\u00f6r b\u00e5de inomhus- och utomhusbruk.<\/li>\n<li>L\u00e5gt underh\u00e5ll: Sj\u00e4lvbelysande OLED-teknik minskar behovet av frekvent underh\u00e5ll och erbjuder en l\u00e5ngvarig l\u00f6sning.<\/li>\n<\/ul>\n<h3><strong>Exceptionell visuell kvalitet<\/strong><\/h3>\n<ul>\n<li>H\u00f6g uppl\u00f6sning: 1920 x 1080 pixlar och bildf\u00f6rh\u00e5llandet 16:9 ger skarpa bilder och livfulla f\u00e4rger.<\/li>\n<li>Djup sv\u00e4rta och h\u00f6g kontrast: OLED-tekniken s\u00e4kerst\u00e4ller fyllig sv\u00e4rta och h\u00f6g kontrast f\u00f6r b\u00e4ttre bildkvalitet.<\/li>\n<li>Breda betraktningsvinklar: bibeh\u00e5ller exceptionell f\u00e4rgnoggrannhet och bildsk\u00e4rpa, \u00e4ven fr\u00e5n olika vinklar.<\/li>\n<li>S\u00f6ml\u00f6s integration: 38%:s h\u00f6ga transmittans blandar s\u00f6ml\u00f6st inneh\u00e5ll med objekt bakom sk\u00e4rmen f\u00f6r en uppslukande visuell upplevelse.<\/li>\n<\/ul>\n<h3><strong>Fullst\u00e4ndig anpassningsf\u00f6rm\u00e5ga<\/strong><\/h3>\n<ul>\n<li>Anpassningsbar design: erbjuder flexibilitet i sk\u00e4rmstorlek och konfigurationer f\u00f6r flera sk\u00e4rmar f\u00f6r att m\u00f6ta olika behov.<\/li>\n<li>Modul\u00e4r integration: enkel att integrera i olika milj\u00f6er, s\u00e5som detaljhandel, transport och kreativa installationer.<\/li>\n<li>Dynamiska funktioner: st\u00f6der bildrotation, loopuppspelning och tidsinst\u00e4lld uppspelning f\u00f6r m\u00e5ngsidiga presentationer.<\/li>\n<li>Flexibla inneh\u00e5llsformat: kan anpassas till en m\u00e4ngd olika inneh\u00e5llstyper, vilket f\u00f6rb\u00e4ttrar anv\u00e4ndarengagemang i olika milj\u00f6er.<\/li>\n<\/ul>\n<h3><strong>Omfattande st\u00f6d<\/strong><\/h3>\n<ul>\n<li>Teknisk fj\u00e4rrsupport dygnet runt: F\u00e5 tillg\u00e5ng till experthj\u00e4lp n\u00e4r som helst, var som helst.<\/li>\n<li>5% reservdelar ing\u00e5r: Varje best\u00e4llning inkluderar ytterligare komponenter f\u00f6r att \u00f6ka tillf\u00f6rlitligheten och ge trygghet.<\/li>\n<li>3 \u00e5rs f\u00f6rl\u00e4ngd garanti: Dra nytta av l\u00e5ngsiktig konvergens f\u00f6r b\u00e4ttre prestanda och p\u00e5litlig service.<\/li>\n<\/ul>\n<h2>Produktinformation<\/h2>\n<div class=\"row\"  id=\"row-1062398071\">\n\n\t<div id=\"col-361921031\" class=\"col medium-10 small-12 large-10\"  >\n\t\t\t\t<div class=\"col-inner text-left\"  >\n\t\t\t\n\t\t\t\n<ul>\n<li>Den anv\u00e4nder optisk bindningsteknik, vilket g\u00f6r den perfekt f\u00f6r branscher som kr\u00e4ver h\u00f6gpresterande sk\u00e4rml\u00f6sningar. Denna avancerade teknik minskar bl\u00e4ndning, \u00f6kar ljusstyrka och sk\u00e4rpa samt f\u00f6rb\u00e4ttrar sk\u00e4rmens h\u00e5llbarhet. Den f\u00f6rb\u00e4ttrar \u00e4ven betraktningsvinklarna f\u00f6r en \u00f6verl\u00e4gsen tittarupplevelse.<\/li>\n<\/ul>\n\t<div class=\"img has-hover x md-x lg-x y md-y lg-y\" id=\"image_669715260\">\n\t\t\t\t\t\t\t\t<div class=\"img-inner dark\" >\n\t\t\t<img loading=\"lazy\" decoding=\"async\" width=\"1000\" height=\"400\" src=\"https:\/\/www.telaled.com\/wp-content\/uploads\/2025\/08\/Tecnologia-de-colagem-optica.webp\" class=\"attachment-original size-original\" alt=\"Optisk bindningsteknik\" srcset=\"https:\/\/www.telaled.com\/wp-content\/uploads\/2025\/08\/Tecnologia-de-colagem-optica.webp 1000w, https:\/\/www.telaled.com\/wp-content\/uploads\/2025\/08\/Tecnologia-de-colagem-optica-300x120.webp 300w, https:\/\/www.telaled.com\/wp-content\/uploads\/2025\/08\/Tecnologia-de-colagem-optica-768x307.webp 768w, https:\/\/www.telaled.com\/wp-content\/uploads\/2025\/08\/Tecnologia-de-colagem-optica-18x7.webp 18w, https:\/\/www.telaled.com\/wp-content\/uploads\/2025\/08\/Tecnologia-de-colagem-optica-600x240.webp 600w\" sizes=\"auto, (max-width: 1000px) 100vw, 1000px\" \/>\t\t\t\t\t\t\n\t\t\t\t\t<\/div>\n\t\t\t\t\t\t\t\t\n<style>\n#image_669715260 {\n  width: 95%;\n}\n<\/style>\n\t<\/div>\n\t\n<ul>\n<li>Den anv\u00e4nder sj\u00e4lvbelysande teknik f\u00f6r att leverera livfulla f\u00e4rger med 38%-genomsl\u00e4pplighet. Den kombinerar digitalt inneh\u00e5ll med verkliga objekt, synliga endast fr\u00e5n en vinkel, samtidigt som den bibeh\u00e5ller utm\u00e4rkt bildkvalitet och breda betraktningsvinklar.<\/li>\n<\/ul>\n\t\t<\/div>\n\t\t\t\t\t<\/div>\n\n\t\n\n\t<div id=\"col-583933694\" class=\"col medium-10 small-12 large-10\"  >\n\t\t\t\t<div class=\"col-inner text-left\"  >\n\t\t\t\n\t\t\t\n\t<div class=\"img has-hover x md-x lg-x y md-y lg-y\" id=\"image_1938360824\">\n\t\t\t\t\t\t\t\t<div class=\"img-inner dark\" >\n\t\t\t<img loading=\"lazy\" decoding=\"async\" width=\"989\" height=\"500\" src=\"https:\/\/www.telaled.com\/wp-content\/uploads\/2025\/08\/Alta-Transmitancia.webp\" class=\"attachment-large size-large\" alt=\"\" srcset=\"https:\/\/www.telaled.com\/wp-content\/uploads\/2025\/08\/Alta-Transmitancia.webp 989w, https:\/\/www.telaled.com\/wp-content\/uploads\/2025\/08\/Alta-Transmitancia-300x152.webp 300w, https:\/\/www.telaled.com\/wp-content\/uploads\/2025\/08\/Alta-Transmitancia-768x388.webp 768w, https:\/\/www.telaled.com\/wp-content\/uploads\/2025\/08\/Alta-Transmitancia-18x9.webp 18w, https:\/\/www.telaled.com\/wp-content\/uploads\/2025\/08\/Alta-Transmitancia-600x303.webp 600w\" sizes=\"auto, (max-width: 989px) 100vw, 989px\" \/>\t\t\t\t\t\t\n\t\t\t\t\t<\/div>\n\t\t\t\t\t\t\t\t\n<style>\n#image_1938360824 {\n  width: 95%;\n}\n<\/style>\n\t<\/div>\n\t\n<ul>\n<li>Den erbjuder en flexibel och skalbar l\u00f6sning som l\u00e5ter dig anpassa sk\u00e4rmen efter dina exakta behov. Oavsett om det g\u00e4ller en specifik storlek eller en upps\u00e4ttning med flera sk\u00e4rmar, kan denna anpassningsbara sk\u00e4rm anpassas f\u00f6r att ge en dynamisk och unik visuell upplevelse.<\/li>\n<\/ul>\n\t<div class=\"img has-hover x md-x lg-x y md-y lg-y\" id=\"image_509153754\">\n\t\t\t\t\t\t\t\t<div class=\"img-inner dark\" >\n\t\t\t<img loading=\"lazy\" decoding=\"async\" width=\"1020\" height=\"592\" src=\"https:\/\/www.telaled.com\/wp-content\/uploads\/2025\/08\/Design-personalizavel-e-escalavel-1024x594.webp\" class=\"attachment-large size-large\" alt=\"Anpassningsbar och skalbar design\" srcset=\"https:\/\/www.telaled.com\/wp-content\/uploads\/2025\/08\/Design-personalizavel-e-escalavel-1024x594.webp 1024w, https:\/\/www.telaled.com\/wp-content\/uploads\/2025\/08\/Design-personalizavel-e-escalavel-300x174.webp 300w, https:\/\/www.telaled.com\/wp-content\/uploads\/2025\/08\/Design-personalizavel-e-escalavel-768x446.webp 768w, https:\/\/www.telaled.com\/wp-content\/uploads\/2025\/08\/Design-personalizavel-e-escalavel-18x10.webp 18w, https:\/\/www.telaled.com\/wp-content\/uploads\/2025\/08\/Design-personalizavel-e-escalavel-600x348.webp 600w, https:\/\/www.telaled.com\/wp-content\/uploads\/2025\/08\/Design-personalizavel-e-escalavel.webp 1034w\" sizes=\"auto, (max-width: 1020px) 100vw, 1020px\" \/>\t\t\t\t\t\t\n\t\t\t\t\t<\/div>\n\t\t\t\t\t\t\t\t\n<style>\n#image_509153754 {\n  width: 95%;\n}\n<\/style>\n\t<\/div>\n\t\n\t\t<\/div>\n\t\t\t\t\t<\/div>\n\n\t\n\n\t<div id=\"col-63406161\" class=\"col medium-10 small-12 large-10\"  >\n\t\t\t\t<div class=\"col-inner text-left\"  >\n\t\t\t\n\t\t\t\n<ul>\n<li>V\u00e5r <a href=\"https:\/\/www.telaled.com\/sv\/?attachment_id=3175\">LED-displayer<\/a> De \u00e4r noggrant f\u00f6rpackade enligt deras specifikationer och avsedda anv\u00e4ndning. Monterade enheter packas vanligtvis i f\u00f6rst\u00e4rkta tr\u00e4l\u00e5dor eller robusta kartonger f\u00f6r att bibeh\u00e5lla deras integritet under transport. F\u00f6r skydd mot damm och andra potentiella faror f\u00f6rpackas LED-moduler i skyddande beh\u00e5llare, vilket s\u00e4kerst\u00e4ller h\u00e5llbarhet och s\u00e4kerhet under hantering och transport.<\/li>\n<\/ul>\n\t<div class=\"img has-hover x md-x lg-x y md-y lg-y\" id=\"image_1461401968\">\n\t\t\t\t\t\t\t\t<div class=\"img-inner dark\" >\n\t\t\t<img loading=\"lazy\" decoding=\"async\" width=\"760\" height=\"1024\" src=\"https:\/\/www.telaled.com\/wp-content\/uploads\/2025\/08\/36123f2c-de60-488d-af81-255cd4aee54a-760x1024.webp\" class=\"attachment-large size-large\" alt=\"\" srcset=\"https:\/\/www.telaled.com\/wp-content\/uploads\/2025\/08\/36123f2c-de60-488d-af81-255cd4aee54a-760x1024.webp 760w, https:\/\/www.telaled.com\/wp-content\/uploads\/2025\/08\/36123f2c-de60-488d-af81-255cd4aee54a-223x300.webp 223w, https:\/\/www.telaled.com\/wp-content\/uploads\/2025\/08\/36123f2c-de60-488d-af81-255cd4aee54a-768x1035.webp 768w, https:\/\/www.telaled.com\/wp-content\/uploads\/2025\/08\/36123f2c-de60-488d-af81-255cd4aee54a-9x12.webp 9w, https:\/\/www.telaled.com\/wp-content\/uploads\/2025\/08\/36123f2c-de60-488d-af81-255cd4aee54a-600x808.webp 600w, https:\/\/www.telaled.com\/wp-content\/uploads\/2025\/08\/36123f2c-de60-488d-af81-255cd4aee54a.webp 795w\" sizes=\"auto, (max-width: 760px) 100vw, 760px\" \/>\t\t\t\t\t\t\n\t\t\t\t\t<\/div>\n\t\t\t\t\t\t\t\t\n<style>\n#image_1461401968 {\n  width: 95%;\n}\n<\/style>\n\t<\/div>\n\t\n\t\t<\/div>\n\t\t\t\t\t<\/div>\n\n\t\n<\/div>\n\t\t<\/div>\n\t\t\t\t\t<\/div>\n\n\t\n<\/div>","protected":false},"excerpt":{"rendered":"<p><strong>THU-seriens transparenta OLED-sk\u00e4rmar: O\u00f6vertr\u00e4ffad klarhet och h\u00e5llbarhet.<\/strong><\/p>\n<p>Sk\u00e4rmar <strong><em>Transparenta OLED-sk\u00e4rmar THI-serien<\/em> <\/strong>Den erbjuder en innovativ funktion f\u00f6r h\u00f6g ljusstyrka, exceptionell transparens och skydd av h\u00e4rdat glas. Denna toppmoderna sk\u00e4rm \u00e4r perfekt f\u00f6r dynamisk och flytande inneh\u00e5llspresentation i alla moderna utrymmen.<\/p>\n<p><strong>Huvudfunktioner:<\/strong><\/p>\n<ul>\n<li><strong>Exceptionell transparens:<\/strong> 40% transparens f\u00f6r tydlig sikt bakom sk\u00e4rmen, perfekt f\u00f6r att integrera dynamiskt inneh\u00e5ll.<\/li>\n<li><strong>Imponerande visuell kvalitet:<\/strong> uppl\u00f6sning <a href=\"https:\/\/www.telaled.com\/sv\/fabrica\/painel-led-full-hd-da-serie-the\/\">Full HD<\/a> 1920\u00d71080 med livfulla f\u00e4rger och djup sv\u00e4rta.<\/li>\n<li><strong>H\u00e5llbar och slagt\u00e5lig:<\/strong> 4 mm h\u00e4rdat glas f\u00f6r \u00f6kad h\u00e5llbarhet och slagt\u00e5lighet.<\/li>\n<li><strong>Flexibilitet f\u00f6r dynamiskt inneh\u00e5ll:<\/strong> Funktionerna inkluderar s\u00f6ml\u00f6s skarvning, bildrotation och tidsinst\u00e4lld uppspelning f\u00f6r interaktiva sk\u00e4rmar.<\/li>\n<\/ul>\n<p>Vi erbjuder fj\u00e4rrsupport dygnet runt och 3 \u00e5rs garanti. Kontakta oss f\u00f6r en personlig offert.<\/p>","protected":false},"featured_media":3166,"template":"","meta":[],"product_brand":[],"product_cat":[40,45],"product_tag":[],"class_list":{"0":"post-3162","1":"product","2":"type-product","3":"status-publish","4":"has-post-thumbnail","6":"product_cat-painel-de-led","7":"product_cat-painel-de-led-transparente","9":"first","10":"instock","11":"shipping-taxable","12":"product-type-simple"},"yoast_head":"<!-- This site is optimized with the Yoast SEO plugin v27.4 - https:\/\/yoast.com\/product\/yoast-seo-wordpress\/ -->\n<title>Telas OLED Transparentes\u200b S\u00e9rie THU | Exibi\u00e7\u00e3o de Alta Clareza e Durabilidade |TELALED<\/title>\n<meta name=\"description\" content=\"Telas OLED Transparentes\u200b S\u00e9rie THU com brilho excepcional, alta transpar\u00eancia e prote\u00e7\u00e3o em vidro temperado. Perfeitas para apresenta\u00e7\u00f5es de conte\u00fado din\u00e2micas e flex\u00edveis. Entre em contato para obter solu\u00e7\u00f5es.\" \/>\n<meta name=\"robots\" content=\"index, follow, max-snippet:-1, max-image-preview:large, max-video-preview:-1\" \/>\n<link rel=\"canonical\" href=\"https:\/\/www.telaled.com\/sv\/fabrica\/telas-oled-transparentes-serie-thu\/\" \/>\n<meta property=\"og:locale\" content=\"sv_SE\" \/>\n<meta property=\"og:type\" content=\"article\" \/>\n<meta property=\"og:title\" content=\"Telas OLED Transparentes\u200b S\u00e9rie THU | Exibi\u00e7\u00e3o de Alta Clareza e Durabilidade |TELALED\" \/>\n<meta property=\"og:description\" content=\"Telas OLED Transparentes\u200b S\u00e9rie THU com brilho excepcional, alta transpar\u00eancia e prote\u00e7\u00e3o em vidro temperado. Perfeitas para apresenta\u00e7\u00f5es de conte\u00fado din\u00e2micas e flex\u00edveis. Entre em contato para obter solu\u00e7\u00f5es.\" \/>\n<meta property=\"og:url\" content=\"https:\/\/www.telaled.com\/sv\/fabrica\/telas-oled-transparentes-serie-thu\/\" \/>\n<meta property=\"og:site_name\" content=\"TELALED\" \/>\n<meta property=\"article:modified_time\" content=\"2026-01-05T08:55:31+00:00\" \/>\n<meta property=\"og:image\" content=\"https:\/\/www.telaled.com\/wp-content\/uploads\/2025\/08\/telas-oled-transparentes_.jpg\" \/>\n\t<meta property=\"og:image:width\" content=\"500\" \/>\n\t<meta property=\"og:image:height\" content=\"500\" \/>\n\t<meta property=\"og:image:type\" content=\"image\/jpeg\" \/>\n<meta name=\"twitter:card\" content=\"summary_large_image\" \/>\n<meta name=\"twitter:label1\" content=\"Est. reading time\" \/>\n\t<meta name=\"twitter:data1\" content=\"3 minuter\" \/>\n<script type=\"application\/ld+json\" class=\"yoast-schema-graph\">{\"@context\":\"https:\\\/\\\/schema.org\",\"@graph\":[{\"@type\":\"WebPage\",\"@id\":\"https:\\\/\\\/www.telaled.com\\\/fabrica\\\/telas-oled-transparentes-serie-thu\\\/\",\"url\":\"https:\\\/\\\/www.telaled.com\\\/fabrica\\\/telas-oled-transparentes-serie-thu\\\/\",\"name\":\"Telas OLED Transparentes\u200b S\u00e9rie THU | Exibi\u00e7\u00e3o de Alta Clareza e Durabilidade |TELALED\",\"isPartOf\":{\"@id\":\"https:\\\/\\\/www.telaled.com\\\/#website\"},\"primaryImageOfPage\":{\"@id\":\"https:\\\/\\\/www.telaled.com\\\/fabrica\\\/telas-oled-transparentes-serie-thu\\\/#primaryimage\"},\"image\":{\"@id\":\"https:\\\/\\\/www.telaled.com\\\/fabrica\\\/telas-oled-transparentes-serie-thu\\\/#primaryimage\"},\"thumbnailUrl\":\"https:\\\/\\\/www.telaled.com\\\/wp-content\\\/uploads\\\/2025\\\/08\\\/telas-oled-transparentes_.jpg\",\"datePublished\":\"2025-08-27T09:40:42+00:00\",\"dateModified\":\"2026-01-05T08:55:31+00:00\",\"description\":\"Telas OLED Transparentes\u200b S\u00e9rie THU com brilho excepcional, alta transpar\u00eancia e prote\u00e7\u00e3o em vidro temperado. Perfeitas para apresenta\u00e7\u00f5es de conte\u00fado din\u00e2micas e flex\u00edveis. Entre em contato para obter solu\u00e7\u00f5es.\",\"breadcrumb\":{\"@id\":\"https:\\\/\\\/www.telaled.com\\\/fabrica\\\/telas-oled-transparentes-serie-thu\\\/#breadcrumb\"},\"inLanguage\":\"sv-SE\",\"potentialAction\":[{\"@type\":\"ReadAction\",\"target\":[\"https:\\\/\\\/www.telaled.com\\\/fabrica\\\/telas-oled-transparentes-serie-thu\\\/\"]}]},{\"@type\":\"ImageObject\",\"inLanguage\":\"sv-SE\",\"@id\":\"https:\\\/\\\/www.telaled.com\\\/fabrica\\\/telas-oled-transparentes-serie-thu\\\/#primaryimage\",\"url\":\"https:\\\/\\\/www.telaled.com\\\/wp-content\\\/uploads\\\/2025\\\/08\\\/telas-oled-transparentes_.jpg\",\"contentUrl\":\"https:\\\/\\\/www.telaled.com\\\/wp-content\\\/uploads\\\/2025\\\/08\\\/telas-oled-transparentes_.jpg\",\"width\":500,\"height\":500,\"caption\":\"telas-oled-transparentes_\"},{\"@type\":\"BreadcrumbList\",\"@id\":\"https:\\\/\\\/www.telaled.com\\\/fabrica\\\/telas-oled-transparentes-serie-thu\\\/#breadcrumb\",\"itemListElement\":[{\"@type\":\"ListItem\",\"position\":1,\"name\":\"Home\",\"item\":\"https:\\\/\\\/www.telaled.com\\\/\"},{\"@type\":\"ListItem\",\"position\":2,\"name\":\"Produtos\",\"item\":\"https:\\\/\\\/www.telaled.com\\\/shop\\\/\"},{\"@type\":\"ListItem\",\"position\":3,\"name\":\"Telas OLED Transparentes\u200b S\u00e9rie THU\"}]},{\"@type\":\"WebSite\",\"@id\":\"https:\\\/\\\/www.telaled.com\\\/#website\",\"url\":\"https:\\\/\\\/www.telaled.com\\\/\",\"name\":\"TELALED\",\"description\":\"\",\"potentialAction\":[{\"@type\":\"SearchAction\",\"target\":{\"@type\":\"EntryPoint\",\"urlTemplate\":\"https:\\\/\\\/www.telaled.com\\\/?s={search_term_string}\"},\"query-input\":{\"@type\":\"PropertyValueSpecification\",\"valueRequired\":true,\"valueName\":\"search_term_string\"}}],\"inLanguage\":\"sv-SE\"}]}<\/script>\n<!-- \/ Yoast SEO plugin. -->","yoast_head_json":{"title":"Transparenta OLED-sk\u00e4rmar THU-serien | Sk\u00e4rm med h\u00f6g klarhet och h\u00e5llbarhet | TELALED","description":"Transparenta OLED-sk\u00e4rmar fr\u00e5n THU-serien erbjuder exceptionell ljusstyrka, h\u00f6g transparens och skydd av h\u00e4rdat glas. Perfekt f\u00f6r dynamiska och flexibla inneh\u00e5llspresentationer. Kontakta oss f\u00f6r l\u00f6sningar.","robots":{"index":"index","follow":"follow","max-snippet":"max-snippet:-1","max-image-preview":"max-image-preview:large","max-video-preview":"max-video-preview:-1"},"canonical":"https:\/\/www.telaled.com\/sv\/fabrica\/telas-oled-transparentes-serie-thu\/","og_locale":"sv_SE","og_type":"article","og_title":"Telas OLED Transparentes\u200b S\u00e9rie THU | Exibi\u00e7\u00e3o de Alta Clareza e Durabilidade |TELALED","og_description":"Telas OLED Transparentes\u200b S\u00e9rie THU com brilho excepcional, alta transpar\u00eancia e prote\u00e7\u00e3o em vidro temperado. Perfeitas para apresenta\u00e7\u00f5es de conte\u00fado din\u00e2micas e flex\u00edveis. Entre em contato para obter solu\u00e7\u00f5es.","og_url":"https:\/\/www.telaled.com\/sv\/fabrica\/telas-oled-transparentes-serie-thu\/","og_site_name":"TELALED","article_modified_time":"2026-01-05T08:55:31+00:00","og_image":[{"width":500,"height":500,"url":"https:\/\/www.telaled.com\/wp-content\/uploads\/2025\/08\/telas-oled-transparentes_.jpg","type":"image\/jpeg"}],"twitter_card":"summary_large_image","twitter_misc":{"Est. reading time":"3 minuter"},"schema":{"@context":"https:\/\/schema.org","@graph":[{"@type":"WebPage","@id":"https:\/\/www.telaled.com\/fabrica\/telas-oled-transparentes-serie-thu\/","url":"https:\/\/www.telaled.com\/fabrica\/telas-oled-transparentes-serie-thu\/","name":"Transparenta OLED-sk\u00e4rmar THU-serien | Sk\u00e4rm med h\u00f6g klarhet och h\u00e5llbarhet | TELALED","isPartOf":{"@id":"https:\/\/www.telaled.com\/#website"},"primaryImageOfPage":{"@id":"https:\/\/www.telaled.com\/fabrica\/telas-oled-transparentes-serie-thu\/#primaryimage"},"image":{"@id":"https:\/\/www.telaled.com\/fabrica\/telas-oled-transparentes-serie-thu\/#primaryimage"},"thumbnailUrl":"https:\/\/www.telaled.com\/wp-content\/uploads\/2025\/08\/telas-oled-transparentes_.jpg","datePublished":"2025-08-27T09:40:42+00:00","dateModified":"2026-01-05T08:55:31+00:00","description":"Transparenta OLED-sk\u00e4rmar fr\u00e5n THU-serien erbjuder exceptionell ljusstyrka, h\u00f6g transparens och skydd av h\u00e4rdat glas. Perfekt f\u00f6r dynamiska och flexibla inneh\u00e5llspresentationer. Kontakta oss f\u00f6r l\u00f6sningar.","breadcrumb":{"@id":"https:\/\/www.telaled.com\/fabrica\/telas-oled-transparentes-serie-thu\/#breadcrumb"},"inLanguage":"sv-SE","potentialAction":[{"@type":"ReadAction","target":["https:\/\/www.telaled.com\/fabrica\/telas-oled-transparentes-serie-thu\/"]}]},{"@type":"ImageObject","inLanguage":"sv-SE","@id":"https:\/\/www.telaled.com\/fabrica\/telas-oled-transparentes-serie-thu\/#primaryimage","url":"https:\/\/www.telaled.com\/wp-content\/uploads\/2025\/08\/telas-oled-transparentes_.jpg","contentUrl":"https:\/\/www.telaled.com\/wp-content\/uploads\/2025\/08\/telas-oled-transparentes_.jpg","width":500,"height":500,"caption":"telas-oled-transparentes_"},{"@type":"BreadcrumbList","@id":"https:\/\/www.telaled.com\/fabrica\/telas-oled-transparentes-serie-thu\/#breadcrumb","itemListElement":[{"@type":"ListItem","position":1,"name":"Home","item":"https:\/\/www.telaled.com\/"},{"@type":"ListItem","position":2,"name":"Produtos","item":"https:\/\/www.telaled.com\/shop\/"},{"@type":"ListItem","position":3,"name":"Telas OLED Transparentes\u200b S\u00e9rie THU"}]},{"@type":"WebSite","@id":"https:\/\/www.telaled.com\/#website","url":"https:\/\/www.telaled.com\/","name":"LED-sk\u00e4rm","description":"","potentialAction":[{"@type":"SearchAction","target":{"@type":"EntryPoint","urlTemplate":"https:\/\/www.telaled.com\/?s={search_term_string}"},"query-input":{"@type":"PropertyValueSpecification","valueRequired":true,"valueName":"search_term_string"}}],"inLanguage":"sv-SE"}]}},"_links":{"self":[{"href":"https:\/\/www.telaled.com\/sv\/wp-json\/wp\/v2\/product\/3162","targetHints":{"allow":["GET"]}}],"collection":[{"href":"https:\/\/www.telaled.com\/sv\/wp-json\/wp\/v2\/product"}],"about":[{"href":"https:\/\/www.telaled.com\/sv\/wp-json\/wp\/v2\/types\/product"}],"wp:featuredmedia":[{"embeddable":true,"href":"https:\/\/www.telaled.com\/sv\/wp-json\/wp\/v2\/media\/3166"}],"wp:attachment":[{"href":"https:\/\/www.telaled.com\/sv\/wp-json\/wp\/v2\/media?parent=3162"}],"wp:term":[{"taxonomy":"product_brand","embeddable":true,"href":"https:\/\/www.telaled.com\/sv\/wp-json\/wp\/v2\/product_brand?post=3162"},{"taxonomy":"product_cat","embeddable":true,"href":"https:\/\/www.telaled.com\/sv\/wp-json\/wp\/v2\/product_cat?post=3162"},{"taxonomy":"product_tag","embeddable":true,"href":"https:\/\/www.telaled.com\/sv\/wp-json\/wp\/v2\/product_tag?post=3162"}],"curies":[{"name":"wp","href":"https:\/\/api.w.org\/{rel}","templated":true}]}}