{"id":3148,"date":"2025-08-27T00:37:20","date_gmt":"2025-08-27T00:37:20","guid":{"rendered":"https:\/\/www.telaled.com\/?post_type=product&#038;p=3148"},"modified":"2026-01-05T08:37:54","modified_gmt":"2026-01-05T08:37:54","slug":"tela-oled-transparente-serie-thi","status":"publish","type":"product","link":"https:\/\/www.telaled.com\/sv\/fabrica\/tela-oled-transparente-serie-thi\/","title":{"rendered":"THI-seriens transparenta OLED-sk\u00e4rm"},"content":{"rendered":"<div class=\"row\"  id=\"row-616839906\">\n\n\t<div id=\"col-1074324708\" class=\"col small-12 large-12\"  >\n\t\t\t\t<div class=\"col-inner\"  >\n\t\t\t\n\t\t\t\n<h2>Exklusiva f\u00f6rdelar med THI-seriens transparenta OLED-sk\u00e4rm<\/h2>\n<h3><strong>\u00d6verl\u00e4gsen h\u00e5llbarhet<\/strong><\/h3>\n<ul>\n<li>Den anv\u00e4nder h\u00f6ghastighetsroterande fl\u00e4ktar med fast monterade LED-sf\u00e4rer f\u00f6r l\u00e5ng livsl\u00e4ngd.<\/li>\n<li>Utformad f\u00f6r kontinuerlig drift utan \u00f6verhettning eller att komponenter lossnar.<\/li>\n<li>Den stabila strukturen m\u00f6jligg\u00f6r upprepade installationer och flyttningar utan skador.<\/li>\n<\/ul>\n<h3><strong>Exceptionell visuell kvalitet<\/strong><\/h3>\n<ul>\n<li>Med ett brett f\u00e4rgomf\u00e5ng \u00e5terger 108%-sk\u00e4rmen fler f\u00e4rger \u00e4n traditionella sk\u00e4rmar, vilket g\u00f6r den perfekt f\u00f6r detaljerad grafik i butiks- och utst\u00e4llningsutrymmen.<\/li>\n<li>Kontrastf\u00f6rh\u00e5llandet p\u00e5 150 000:1 s\u00e4kerst\u00e4ller att b\u00e5de de ljusaste vita och de djupaste svarta visas med enast\u00e5ende sk\u00e4rpa, vilket \u00e4r avg\u00f6rande f\u00f6r HD-inneh\u00e5ll.<\/li>\n<li>Kapabel att leverera en dynamisk bildresponstid som \u00e4r 5 000 g\u00e5nger snabbare \u00e4n vanliga LED-sk\u00e4rmar, vilket s\u00e4kerst\u00e4ller j\u00e4mna och realistiska bilder i h\u00f6ghastighetstill\u00e4mpningar.<\/li>\n<li>Med en uppl\u00f6sning p\u00e5 1366\u00d7768 erbjuder den tydliga och skarpa bilder, \u00e4ven i ljusa milj\u00f6er d\u00e4r andra sk\u00e4rmar kan ha problem.<\/li>\n<\/ul>\n<h3><strong>Fullst\u00e4ndig anpassningsf\u00f6rm\u00e5ga<\/strong><\/h3>\n<ul>\n<li>Det m\u00f6jligg\u00f6r m\u00e5ngsidiga visningstill\u00e4mpningar i utrymmen som beh\u00f6ver bibeh\u00e5lla synlighet eller interaktion samtidigt som digitalt inneh\u00e5ll visas.<\/li>\n<li>Dess modul\u00e4ra design m\u00f6jligg\u00f6r installationsflexibilitet, vilket g\u00f6r att sk\u00e4rmen kan monteras p\u00e5 v\u00e4ggen, h\u00e4ngas upp eller st\u00e5 frist\u00e5ende f\u00f6r att m\u00f6ta olika layout- och visningsbehov.<\/li>\n<\/ul>\n<h3><strong>Omfattande st\u00f6d<\/strong><\/h3>\n<ul>\n<li>Teknisk fj\u00e4rrsupport dygnet runt: F\u00e5 tillg\u00e5ng till experthj\u00e4lp n\u00e4r som helst, var som helst.<\/li>\n<li>5% reservdelar ing\u00e5r: Varje best\u00e4llning inkluderar ytterligare komponenter f\u00f6r att \u00f6ka tillf\u00f6rlitligheten och ge trygghet.<\/li>\n<li>3 \u00e5rs f\u00f6rl\u00e4ngd garanti: Dra nytta av l\u00e5ngsiktig konvergens f\u00f6r b\u00e4ttre prestanda och p\u00e5litlig service.<\/li>\n<\/ul>\n<h2>Produktinformation<\/h2>\n<div class=\"row\"  id=\"row-2123725504\">\n\n\t<div id=\"col-177560842\" class=\"col medium-10 small-12 large-10\"  >\n\t\t\t\t<div class=\"col-inner text-left\"  >\n\t\t\t\n\t\t\t\n<ul>\n<li>THI-seriens transparenta OLED-sk\u00e4rmteknik g\u00f6r att varje pixel kan avge ljus oberoende av varandra, vilket ger 43% transparens och livfulla f\u00e4rger. Denna avancerade sk\u00e4rmteknik ger skarpa bilder med h\u00f6g kontrast och \u00e4r dessutom energieffektiv.<\/li>\n<\/ul>\n\t<div class=\"img has-hover x md-x lg-x y md-y lg-y\" id=\"image_979130196\">\n\t\t\t\t\t\t\t\t<div class=\"img-inner dark\" >\n\t\t\t<img loading=\"lazy\" decoding=\"async\" width=\"640\" height=\"430\" src=\"https:\/\/www.telaled.com\/wp-content\/uploads\/2025\/08\/Painel-Transparente.jpeg\" class=\"attachment-original size-original\" alt=\"Transparent panel\" srcset=\"https:\/\/www.telaled.com\/wp-content\/uploads\/2025\/08\/Painel-Transparente.jpeg 640w, https:\/\/www.telaled.com\/wp-content\/uploads\/2025\/08\/Painel-Transparente-300x202.jpeg 300w, https:\/\/www.telaled.com\/wp-content\/uploads\/2025\/08\/Painel-Transparente-18x12.jpeg 18w, https:\/\/www.telaled.com\/wp-content\/uploads\/2025\/08\/Painel-Transparente-600x403.jpeg 600w\" sizes=\"auto, (max-width: 640px) 100vw, 640px\" \/>\t\t\t\t\t\t\n\t\t\t\t\t<\/div>\n\t\t\t\t\t\t\t\t\n<style>\n#image_979130196 {\n  width: 95%;\n}\n<\/style>\n\t<\/div>\n\t\n<ul>\n<li>THI-seriens transparenta OLED-sk\u00e4rm \u00e4r otroligt tunn, bara 1,78 mm. Dess eleganta, moderna design har en smal ram, vilket f\u00f6rb\u00e4ttrar b\u00e5de visuell attraktionskraft och funktionalitet. Denna ultratunna sk\u00e4rm kombinerar h\u00e5llbarhet i industriell kvalitet med h\u00f6gteknologisk estetik.<\/li>\n<\/ul>\n\t\t<\/div>\n\t\t\t\t\t<\/div>\n\n\t\n\n\t<div id=\"col-1925363382\" class=\"col medium-10 small-12 large-10\"  >\n\t\t\t\t<div class=\"col-inner text-left\"  >\n\t\t\t\n\t\t\t\n\t<div class=\"img has-hover x md-x lg-x y md-y lg-y\" id=\"image_1322205553\">\n\t\t\t\t\t\t\t\t<div class=\"img-inner dark\" >\n\t\t\t<img loading=\"lazy\" decoding=\"async\" width=\"640\" height=\"430\" src=\"https:\/\/www.telaled.com\/wp-content\/uploads\/2025\/08\/Tela-ultrafina-de-178-mm.jpeg\" class=\"attachment-large size-large\" alt=\"\" srcset=\"https:\/\/www.telaled.com\/wp-content\/uploads\/2025\/08\/Tela-ultrafina-de-178-mm.jpeg 640w, https:\/\/www.telaled.com\/wp-content\/uploads\/2025\/08\/Tela-ultrafina-de-178-mm-300x202.jpeg 300w, https:\/\/www.telaled.com\/wp-content\/uploads\/2025\/08\/Tela-ultrafina-de-178-mm-18x12.jpeg 18w, https:\/\/www.telaled.com\/wp-content\/uploads\/2025\/08\/Tela-ultrafina-de-178-mm-600x403.jpeg 600w\" sizes=\"auto, (max-width: 640px) 100vw, 640px\" \/>\t\t\t\t\t\t\n\t\t\t\t\t<\/div>\n\t\t\t\t\t\t\t\t\n<style>\n#image_1322205553 {\n  width: 95%;\n}\n<\/style>\n\t<\/div>\n\t\n<ul>\n<li>Den erbjuder ett imponerande kontrastf\u00f6rh\u00e5llande p\u00e5 150 000, vilket vida \u00f6vertr\u00e4ffar vanliga bildsk\u00e4rmar vad g\u00e4ller ljusstyrka och skuggdetaljer. Den \u00e4r idealisk f\u00f6r grafisk design, videoredigering och hemmaunderh\u00e5llning och ger exceptionell sk\u00e4rpa f\u00f6r en fantastisk visuell upplevelse.<\/li>\n<\/ul>\n\t<div class=\"img has-hover x md-x lg-x y md-y lg-y\" id=\"image_1235980793\">\n\t\t\t\t\t\t\t\t<div class=\"img-inner dark\" >\n\t\t\t<img loading=\"lazy\" decoding=\"async\" width=\"1020\" height=\"432\" src=\"https:\/\/www.telaled.com\/wp-content\/uploads\/2025\/08\/Comparacao-de-niveis-de-milhoes-1024x434.jpeg\" class=\"attachment-large size-large\" alt=\"\" srcset=\"https:\/\/www.telaled.com\/wp-content\/uploads\/2025\/08\/Comparacao-de-niveis-de-milhoes-1024x434.jpeg 1024w, https:\/\/www.telaled.com\/wp-content\/uploads\/2025\/08\/Comparacao-de-niveis-de-milhoes-300x127.jpeg 300w, https:\/\/www.telaled.com\/wp-content\/uploads\/2025\/08\/Comparacao-de-niveis-de-milhoes-768x325.jpeg 768w, https:\/\/www.telaled.com\/wp-content\/uploads\/2025\/08\/Comparacao-de-niveis-de-milhoes-18x8.jpeg 18w, https:\/\/www.telaled.com\/wp-content\/uploads\/2025\/08\/Comparacao-de-niveis-de-milhoes-600x254.jpeg 600w, https:\/\/www.telaled.com\/wp-content\/uploads\/2025\/08\/Comparacao-de-niveis-de-milhoes.jpeg 1440w\" sizes=\"auto, (max-width: 1020px) 100vw, 1020px\" \/>\t\t\t\t\t\t\n\t\t\t\t\t<\/div>\n\t\t\t\t\t\t\t\t\n<style>\n#image_1235980793 {\n  width: 95%;\n}\n<\/style>\n\t<\/div>\n\t\n<ul>\n<li>Tillverkad med avancerade sj\u00e4lvluminescerande material, vilket m\u00f6jligg\u00f6r djupa svarta nyanser och f\u00f6rb\u00e4ttrar den \u00f6vergripande visuella upplevelsen. Genom att eliminera behovet av bakgrundsbelysning erbjuder OLED-tekniken st\u00f6rre kontroll \u00f6ver enskilda pixlar. Detta resulterar i ett bredare f\u00e4rgomf\u00e5ng, \u00f6verl\u00e4gsna kontrastf\u00f6rh\u00e5llanden och snabbare svarstider.<\/li>\n<\/ul>\n\t<div class=\"img has-hover x md-x lg-x y md-y lg-y\" id=\"image_1552563014\">\n\t\t\t\t\t\t\t\t<div class=\"img-inner dark\" >\n\t\t\t<img loading=\"lazy\" decoding=\"async\" width=\"1020\" height=\"432\" src=\"https:\/\/www.telaled.com\/wp-content\/uploads\/2025\/08\/Escuro-e-Profundo-1024x434.jpg\" class=\"attachment-large size-large\" alt=\"\" srcset=\"https:\/\/www.telaled.com\/wp-content\/uploads\/2025\/08\/Escuro-e-Profundo-1024x434.jpg 1024w, https:\/\/www.telaled.com\/wp-content\/uploads\/2025\/08\/Escuro-e-Profundo-300x127.jpg 300w, https:\/\/www.telaled.com\/wp-content\/uploads\/2025\/08\/Escuro-e-Profundo-768x325.jpg 768w, https:\/\/www.telaled.com\/wp-content\/uploads\/2025\/08\/Escuro-e-Profundo-18x8.jpg 18w, https:\/\/www.telaled.com\/wp-content\/uploads\/2025\/08\/Escuro-e-Profundo-600x254.jpg 600w, https:\/\/www.telaled.com\/wp-content\/uploads\/2025\/08\/Escuro-e-Profundo.jpg 1440w\" sizes=\"auto, (max-width: 1020px) 100vw, 1020px\" \/>\t\t\t\t\t\t\n\t\t\t\t\t<\/div>\n\t\t\t\t\t\t\t\t\n<style>\n#image_1552563014 {\n  width: 95%;\n}\n<\/style>\n\t<\/div>\n\t\n\t\t<\/div>\n\t\t\t\t\t<\/div>\n\n\t\n\n\t<div id=\"col-493220135\" class=\"col medium-10 small-12 large-10\"  >\n\t\t\t\t<div class=\"col-inner text-left\"  >\n\t\t\t\n\t\t\t\n<ul>\n<li>V\u00e5r <a href=\"https:\/\/www.telaled.com\/sv\/?attachment_id=3155\">LED-displayer<\/a> De \u00e4r noggrant f\u00f6rpackade enligt deras specifikationer och avsedda anv\u00e4ndning. Monterade enheter packas vanligtvis i f\u00f6rst\u00e4rkta tr\u00e4l\u00e5dor eller robusta kartonger f\u00f6r att bibeh\u00e5lla deras integritet under transport. F\u00f6r skydd mot damm och andra potentiella faror f\u00f6rpackas LED-moduler i skyddande beh\u00e5llare, vilket s\u00e4kerst\u00e4ller h\u00e5llbarhet och s\u00e4kerhet under hantering och transport.<\/li>\n<\/ul>\n\t<div class=\"img has-hover x md-x lg-x y md-y lg-y\" id=\"image_308841075\">\n\t\t\t\t\t\t\t\t<div class=\"img-inner dark\" >\n\t\t\t<img loading=\"lazy\" decoding=\"async\" width=\"760\" height=\"1024\" src=\"https:\/\/www.telaled.com\/wp-content\/uploads\/2025\/08\/36123f2c-de60-488d-af81-255cd4aee54a-760x1024.webp\" class=\"attachment-large size-large\" alt=\"\" srcset=\"https:\/\/www.telaled.com\/wp-content\/uploads\/2025\/08\/36123f2c-de60-488d-af81-255cd4aee54a-760x1024.webp 760w, https:\/\/www.telaled.com\/wp-content\/uploads\/2025\/08\/36123f2c-de60-488d-af81-255cd4aee54a-223x300.webp 223w, https:\/\/www.telaled.com\/wp-content\/uploads\/2025\/08\/36123f2c-de60-488d-af81-255cd4aee54a-768x1035.webp 768w, https:\/\/www.telaled.com\/wp-content\/uploads\/2025\/08\/36123f2c-de60-488d-af81-255cd4aee54a-9x12.webp 9w, https:\/\/www.telaled.com\/wp-content\/uploads\/2025\/08\/36123f2c-de60-488d-af81-255cd4aee54a-600x808.webp 600w, https:\/\/www.telaled.com\/wp-content\/uploads\/2025\/08\/36123f2c-de60-488d-af81-255cd4aee54a.webp 795w\" sizes=\"auto, (max-width: 760px) 100vw, 760px\" \/>\t\t\t\t\t\t\n\t\t\t\t\t<\/div>\n\t\t\t\t\t\t\t\t\n<style>\n#image_308841075 {\n  width: 95%;\n}\n<\/style>\n\t<\/div>\n\t\n\t\t<\/div>\n\t\t\t\t\t<\/div>\n\n\t\n<\/div>\n\t\t<\/div>\n\t\t\t\t\t<\/div>\n\n\t\n\n\t<div id=\"col-1410308072\" class=\"col small-12 large-12\"  >\n\t\t\t\t<div class=\"col-inner\"  >\n\t\t\t\n\t\t\t\n<div class=\"row\"  id=\"row-1141315014\">\n\n\t<div id=\"col-1598030017\" class=\"col medium-10 small-12 large-10\"  >\n\t\t\t\t<div class=\"col-inner\"  >\n\t\t\t\n\t\t\t\n\n<table id=\"tablepress-69\" class=\"tablepress tablepress-id-69\">\n<thead>\n<tr class=\"row-1\">\n\t<th class=\"column-1\">Produktstorlek<\/th><th class=\"column-2\">THI - 76 cm<\/th>\n<\/tr>\n<\/thead>\n<tbody class=\"row-striping row-hover\">\n<tr class=\"row-2\">\n\t<td class=\"column-1\">Typ<\/td><td class=\"column-2\">OLED-panel<\/td>\n<\/tr>\n<tr class=\"row-3\">\n\t<td class=\"column-1\">Transmittans<\/td><td class=\"column-2\">43%<\/td>\n<\/tr>\n<tr class=\"row-4\">\n\t<td class=\"column-1\">Kontrastf\u00f6rh\u00e5llande<\/td><td class=\"column-2\">150000:1<\/td>\n<\/tr>\n<tr class=\"row-5\">\n\t<td class=\"column-1\">Andel<\/td><td class=\"column-2\">16:9<\/td>\n<\/tr>\n<tr class=\"row-6\">\n\t<td class=\"column-1\">Uppl\u00f6sningskraft<\/td><td class=\"column-2\">1366x768<\/td>\n<\/tr>\n<tr class=\"row-7\">\n\t<td class=\"column-1\">Uppdateringsfrekvens<\/td><td class=\"column-2\">120Hz<\/td>\n<\/tr>\n<tr class=\"row-8\">\n\t<td class=\"column-1\">Betraktningsvinkel<\/td><td class=\"column-2\">178\u00b0(H)\/ 178\u00b0(V)<\/td>\n<\/tr>\n<tr class=\"row-9\">\n\t<td class=\"column-1\">Glans<\/td><td class=\"column-2\">200\u2013600 cd\/kvm<\/td>\n<\/tr>\n<tr class=\"row-10\">\n\t<td class=\"column-1\">F\u00e4rg<\/td><td class=\"column-2\">10-bitars<\/td>\n<\/tr>\n<tr class=\"row-11\">\n\t<td class=\"column-1\">F\u00e4rgomf\u00e5ng<\/td><td class=\"column-2\">108%<\/td>\n<\/tr>\n<tr class=\"row-12\">\n\t<td class=\"column-1\">Svarstid<\/td><td class=\"column-2\">1 ms (G till G), 8 ms (MPRT)<\/td>\n<\/tr>\n<tr class=\"row-13\">\n\t<td class=\"column-1\">Livsl\u00e4ngd (typiskt v\u00e4rde)<\/td><td class=\"column-2\">30 000 timmar<\/td>\n<\/tr>\n<tr class=\"row-14\">\n\t<td class=\"column-1\">Milj\u00f6<\/td><td class=\"column-2\">Temperatur: 0-40 grader, Temperatur 10%-80%<\/td>\n<\/tr>\n<tr class=\"row-15\">\n\t<td class=\"column-1\">Gr\u00e4nssnitt<\/td><td class=\"column-2\">Signaling\u00e5ng: HDMI IN x1, USB 2.0 x1, Styrsignaling\u00e5ng och -utg\u00e5ng: RS232 (RJ45) seriell port<\/td>\n<\/tr>\n<tr class=\"row-16\">\n\t<td class=\"column-1\">Sk\u00e4rmstorlek<\/td><td class=\"column-2\">Bredd\u00d7h\u00f6jd\u00d7tjocklek=676\u00d7387 \u00d71,6 mm<\/td>\n<\/tr>\n<tr class=\"row-17\">\n\t<td class=\"column-1\">M\u00e5lning<\/td><td class=\"column-2\">5,9\/5,9\/5,9\/8,1 mm (V\u00e4nster\/H\u00f6ger\/\u00d6verst\/Nedre)<\/td>\n<\/tr>\n<tr class=\"row-18\">\n\t<td class=\"column-1\">Str\u00f6mk\u00e4lla<\/td><td class=\"column-2\">100\u2013240 V, 50\/60 Hz<\/td>\n<\/tr>\n<tr class=\"row-19\">\n\t<td class=\"column-1\">Energif\u00f6rlust<\/td><td class=\"column-2\">108W<\/td>\n<\/tr>\n<tr class=\"row-20\">\n\t<td class=\"column-1\">Str\u00f6mf\u00f6rs\u00f6rjningstyp<\/td><td class=\"column-2\">Integrerad str\u00f6mf\u00f6rs\u00f6rjning<\/td>\n<\/tr>\n<\/tbody>\n<\/table>\n<!-- #tablepress-69 from cache -->\n\t\t<\/div>\n\t\t\t\t\t<\/div>\n\n\t\n<\/div>\n\t\t<\/div>\n\t\t\t\t\t<\/div>\n\n\t\n<\/div>","protected":false},"excerpt":{"rendered":"<p><strong>THI-seriens transparenta OLED-sk\u00e4rm \u2013 Exceptionell grafik och prestanda.<\/strong><\/p>\n<p>O <strong><em>THI-seriens transparenta OLED-sk\u00e4rm<\/em><\/strong> Den erbjuder livfulla f\u00e4rger, h\u00f6g uppdateringsfrekvens och sj\u00e4lvbelysningsteknik, vilket ger skarpa, ljusa bilder utan bakgrundsbelysning. Perfekt f\u00f6r smarta utst\u00e4llningslokaler., <a href=\"https:\/\/www.telaled.com\/sv\/painel-de-led-para-loja\/\">butiker<\/a> av bilar och myndigheter.<\/p>\n<p><strong>Huvudfunktioner:<\/strong><\/p>\n<ul>\n<li><strong>Brett utbud av f\u00e4rger:<\/strong> Den erbjuder ett bredare f\u00e4rgomf\u00e5ng, vilket s\u00e4kerst\u00e4ller livfulla och realistiska bilder, \u00e4ven i starkt upplysta milj\u00f6er.<\/li>\n<li><strong>Sj\u00e4lvbelysning:<\/strong> Till skillnad fr\u00e5n traditionella sk\u00e4rmar beh\u00f6ver den inte bakgrundsbelysning, vilket f\u00f6rb\u00e4ttrar bildens sk\u00e4rpa och transparens f\u00f6r en mer dynamisk tittarupplevelse.<\/li>\n<li><strong>L\u00e4tt och kompakt:<\/strong> Med en tjocklek p\u00e5 bara 1,6 mm och m\u00e5tten 676 x 387 mm \u00e4r den h\u00e4r sk\u00e4rmen enkel att installera och passar perfekt in i alla moderna utrymmen.<\/li>\n<\/ul>\n<p>Vi erbjuder fj\u00e4rrsupport dygnet runt och 3 \u00e5rs garanti. Kontakta oss f\u00f6r en personlig offert.<\/p>","protected":false},"featured_media":3149,"template":"","meta":[],"product_brand":[],"product_cat":[40,45],"product_tag":[],"class_list":{"0":"post-3148","1":"product","2":"type-product","3":"status-publish","4":"has-post-thumbnail","6":"product_cat-painel-de-led","7":"product_cat-painel-de-led-transparente","9":"first","10":"instock","11":"shipping-taxable","12":"product-type-simple"},"yoast_head":"<!-- This site is optimized with the Yoast SEO plugin v27.4 - https:\/\/yoast.com\/product\/yoast-seo-wordpress\/ -->\n<title>Tela OLED Transparente S\u00e9rie THI| Resolu\u00e7\u00e3o Ultra-alta e Qualidade de Cor Superior |TELALED<\/title>\n<meta name=\"description\" content=\"O Tela OLED Transparente S\u00e9rie THI apresenta ampla gama de cores, alta taxa de atualiza\u00e7\u00e3o e autoilumina\u00e7\u00e3o para imagens cristalinas. Perfeito para showrooms inteligentes, lojas automotivas e audit\u00f3rios governamentais. Solicite uma solu\u00e7\u00e3o hoje mesmo!\" \/>\n<meta name=\"robots\" content=\"index, follow, max-snippet:-1, max-image-preview:large, max-video-preview:-1\" \/>\n<link rel=\"canonical\" href=\"https:\/\/www.telaled.com\/sv\/fabrica\/tela-oled-transparente-serie-thi\/\" \/>\n<meta property=\"og:locale\" content=\"sv_SE\" \/>\n<meta property=\"og:type\" content=\"article\" \/>\n<meta property=\"og:title\" content=\"Tela OLED Transparente S\u00e9rie THI| Resolu\u00e7\u00e3o Ultra-alta e Qualidade de Cor Superior |TELALED\" \/>\n<meta property=\"og:description\" content=\"O Tela OLED Transparente S\u00e9rie THI apresenta ampla gama de cores, alta taxa de atualiza\u00e7\u00e3o e autoilumina\u00e7\u00e3o para imagens cristalinas. Perfeito para showrooms inteligentes, lojas automotivas e audit\u00f3rios governamentais. Solicite uma solu\u00e7\u00e3o hoje mesmo!\" \/>\n<meta property=\"og:url\" content=\"https:\/\/www.telaled.com\/sv\/fabrica\/tela-oled-transparente-serie-thi\/\" \/>\n<meta property=\"og:site_name\" content=\"TELALED\" \/>\n<meta property=\"article:modified_time\" content=\"2026-01-05T08:37:54+00:00\" \/>\n<meta property=\"og:image\" content=\"https:\/\/www.telaled.com\/wp-content\/uploads\/2025\/08\/Tela-OLED-Transparente-Serie-THI.jpeg\" \/>\n\t<meta property=\"og:image:width\" content=\"500\" \/>\n\t<meta property=\"og:image:height\" content=\"500\" \/>\n\t<meta property=\"og:image:type\" content=\"image\/jpeg\" \/>\n<meta name=\"twitter:card\" content=\"summary_large_image\" \/>\n<meta name=\"twitter:label1\" content=\"Est. reading time\" \/>\n\t<meta name=\"twitter:data1\" content=\"4 minuter\" \/>\n<script type=\"application\/ld+json\" class=\"yoast-schema-graph\">{\"@context\":\"https:\\\/\\\/schema.org\",\"@graph\":[{\"@type\":\"WebPage\",\"@id\":\"https:\\\/\\\/www.telaled.com\\\/fabrica\\\/tela-oled-transparente-serie-thi\\\/\",\"url\":\"https:\\\/\\\/www.telaled.com\\\/fabrica\\\/tela-oled-transparente-serie-thi\\\/\",\"name\":\"Tela OLED Transparente S\u00e9rie THI| Resolu\u00e7\u00e3o Ultra-alta e Qualidade de Cor Superior |TELALED\",\"isPartOf\":{\"@id\":\"https:\\\/\\\/www.telaled.com\\\/#website\"},\"primaryImageOfPage\":{\"@id\":\"https:\\\/\\\/www.telaled.com\\\/fabrica\\\/tela-oled-transparente-serie-thi\\\/#primaryimage\"},\"image\":{\"@id\":\"https:\\\/\\\/www.telaled.com\\\/fabrica\\\/tela-oled-transparente-serie-thi\\\/#primaryimage\"},\"thumbnailUrl\":\"https:\\\/\\\/www.telaled.com\\\/wp-content\\\/uploads\\\/2025\\\/08\\\/Tela-OLED-Transparente-Serie-THI.jpeg\",\"datePublished\":\"2025-08-27T00:37:20+00:00\",\"dateModified\":\"2026-01-05T08:37:54+00:00\",\"description\":\"O Tela OLED Transparente S\u00e9rie THI apresenta ampla gama de cores, alta taxa de atualiza\u00e7\u00e3o e autoilumina\u00e7\u00e3o para imagens cristalinas. Perfeito para showrooms inteligentes, lojas automotivas e audit\u00f3rios governamentais. Solicite uma solu\u00e7\u00e3o hoje mesmo!\",\"breadcrumb\":{\"@id\":\"https:\\\/\\\/www.telaled.com\\\/fabrica\\\/tela-oled-transparente-serie-thi\\\/#breadcrumb\"},\"inLanguage\":\"sv-SE\",\"potentialAction\":[{\"@type\":\"ReadAction\",\"target\":[\"https:\\\/\\\/www.telaled.com\\\/fabrica\\\/tela-oled-transparente-serie-thi\\\/\"]}]},{\"@type\":\"ImageObject\",\"inLanguage\":\"sv-SE\",\"@id\":\"https:\\\/\\\/www.telaled.com\\\/fabrica\\\/tela-oled-transparente-serie-thi\\\/#primaryimage\",\"url\":\"https:\\\/\\\/www.telaled.com\\\/wp-content\\\/uploads\\\/2025\\\/08\\\/Tela-OLED-Transparente-Serie-THI.jpeg\",\"contentUrl\":\"https:\\\/\\\/www.telaled.com\\\/wp-content\\\/uploads\\\/2025\\\/08\\\/Tela-OLED-Transparente-Serie-THI.jpeg\",\"width\":500,\"height\":500,\"caption\":\"Tela-OLED-Transparente-S\u00e9rie-THI\"},{\"@type\":\"BreadcrumbList\",\"@id\":\"https:\\\/\\\/www.telaled.com\\\/fabrica\\\/tela-oled-transparente-serie-thi\\\/#breadcrumb\",\"itemListElement\":[{\"@type\":\"ListItem\",\"position\":1,\"name\":\"Home\",\"item\":\"https:\\\/\\\/www.telaled.com\\\/\"},{\"@type\":\"ListItem\",\"position\":2,\"name\":\"Produtos\",\"item\":\"https:\\\/\\\/www.telaled.com\\\/shop\\\/\"},{\"@type\":\"ListItem\",\"position\":3,\"name\":\"Tela OLED Transparente S\u00e9rie THI\"}]},{\"@type\":\"WebSite\",\"@id\":\"https:\\\/\\\/www.telaled.com\\\/#website\",\"url\":\"https:\\\/\\\/www.telaled.com\\\/\",\"name\":\"TELALED\",\"description\":\"\",\"potentialAction\":[{\"@type\":\"SearchAction\",\"target\":{\"@type\":\"EntryPoint\",\"urlTemplate\":\"https:\\\/\\\/www.telaled.com\\\/?s={search_term_string}\"},\"query-input\":{\"@type\":\"PropertyValueSpecification\",\"valueRequired\":true,\"valueName\":\"search_term_string\"}}],\"inLanguage\":\"sv-SE\"}]}<\/script>\n<!-- \/ Yoast SEO plugin. -->","yoast_head_json":{"title":"THI-seriens transparenta OLED-sk\u00e4rm | Ultrah\u00f6g uppl\u00f6sning och \u00f6verl\u00e4gsen f\u00e4rgkvalitet | LED-sk\u00e4rm","description":"THI-seriens transparenta OLED-sk\u00e4rm har ett brett f\u00e4rgomf\u00e5ng, h\u00f6g uppdateringsfrekvens och sj\u00e4lvbelysning f\u00f6r kristallklara bilder. Perfekt f\u00f6r smarta utst\u00e4llningslokaler, bilaff\u00e4rer och offentliga auditorier. Beg\u00e4r en l\u00f6sning idag!","robots":{"index":"index","follow":"follow","max-snippet":"max-snippet:-1","max-image-preview":"max-image-preview:large","max-video-preview":"max-video-preview:-1"},"canonical":"https:\/\/www.telaled.com\/sv\/fabrica\/tela-oled-transparente-serie-thi\/","og_locale":"sv_SE","og_type":"article","og_title":"Tela OLED Transparente S\u00e9rie THI| Resolu\u00e7\u00e3o Ultra-alta e Qualidade de Cor Superior |TELALED","og_description":"O Tela OLED Transparente S\u00e9rie THI apresenta ampla gama de cores, alta taxa de atualiza\u00e7\u00e3o e autoilumina\u00e7\u00e3o para imagens cristalinas. Perfeito para showrooms inteligentes, lojas automotivas e audit\u00f3rios governamentais. Solicite uma solu\u00e7\u00e3o hoje mesmo!","og_url":"https:\/\/www.telaled.com\/sv\/fabrica\/tela-oled-transparente-serie-thi\/","og_site_name":"TELALED","article_modified_time":"2026-01-05T08:37:54+00:00","og_image":[{"width":500,"height":500,"url":"https:\/\/www.telaled.com\/wp-content\/uploads\/2025\/08\/Tela-OLED-Transparente-Serie-THI.jpeg","type":"image\/jpeg"}],"twitter_card":"summary_large_image","twitter_misc":{"Est. reading time":"4 minuter"},"schema":{"@context":"https:\/\/schema.org","@graph":[{"@type":"WebPage","@id":"https:\/\/www.telaled.com\/fabrica\/tela-oled-transparente-serie-thi\/","url":"https:\/\/www.telaled.com\/fabrica\/tela-oled-transparente-serie-thi\/","name":"THI-seriens transparenta OLED-sk\u00e4rm | Ultrah\u00f6g uppl\u00f6sning och \u00f6verl\u00e4gsen f\u00e4rgkvalitet | LED-sk\u00e4rm","isPartOf":{"@id":"https:\/\/www.telaled.com\/#website"},"primaryImageOfPage":{"@id":"https:\/\/www.telaled.com\/fabrica\/tela-oled-transparente-serie-thi\/#primaryimage"},"image":{"@id":"https:\/\/www.telaled.com\/fabrica\/tela-oled-transparente-serie-thi\/#primaryimage"},"thumbnailUrl":"https:\/\/www.telaled.com\/wp-content\/uploads\/2025\/08\/Tela-OLED-Transparente-Serie-THI.jpeg","datePublished":"2025-08-27T00:37:20+00:00","dateModified":"2026-01-05T08:37:54+00:00","description":"THI-seriens transparenta OLED-sk\u00e4rm har ett brett f\u00e4rgomf\u00e5ng, h\u00f6g uppdateringsfrekvens och sj\u00e4lvbelysning f\u00f6r kristallklara bilder. Perfekt f\u00f6r smarta utst\u00e4llningslokaler, bilaff\u00e4rer och offentliga auditorier. Beg\u00e4r en l\u00f6sning idag!","breadcrumb":{"@id":"https:\/\/www.telaled.com\/fabrica\/tela-oled-transparente-serie-thi\/#breadcrumb"},"inLanguage":"sv-SE","potentialAction":[{"@type":"ReadAction","target":["https:\/\/www.telaled.com\/fabrica\/tela-oled-transparente-serie-thi\/"]}]},{"@type":"ImageObject","inLanguage":"sv-SE","@id":"https:\/\/www.telaled.com\/fabrica\/tela-oled-transparente-serie-thi\/#primaryimage","url":"https:\/\/www.telaled.com\/wp-content\/uploads\/2025\/08\/Tela-OLED-Transparente-Serie-THI.jpeg","contentUrl":"https:\/\/www.telaled.com\/wp-content\/uploads\/2025\/08\/Tela-OLED-Transparente-Serie-THI.jpeg","width":500,"height":500,"caption":"Tela-OLED-Transparente-S\u00e9rie-THI"},{"@type":"BreadcrumbList","@id":"https:\/\/www.telaled.com\/fabrica\/tela-oled-transparente-serie-thi\/#breadcrumb","itemListElement":[{"@type":"ListItem","position":1,"name":"Home","item":"https:\/\/www.telaled.com\/"},{"@type":"ListItem","position":2,"name":"Produtos","item":"https:\/\/www.telaled.com\/shop\/"},{"@type":"ListItem","position":3,"name":"Tela OLED Transparente S\u00e9rie THI"}]},{"@type":"WebSite","@id":"https:\/\/www.telaled.com\/#website","url":"https:\/\/www.telaled.com\/","name":"LED-sk\u00e4rm","description":"","potentialAction":[{"@type":"SearchAction","target":{"@type":"EntryPoint","urlTemplate":"https:\/\/www.telaled.com\/?s={search_term_string}"},"query-input":{"@type":"PropertyValueSpecification","valueRequired":true,"valueName":"search_term_string"}}],"inLanguage":"sv-SE"}]}},"_links":{"self":[{"href":"https:\/\/www.telaled.com\/sv\/wp-json\/wp\/v2\/product\/3148","targetHints":{"allow":["GET"]}}],"collection":[{"href":"https:\/\/www.telaled.com\/sv\/wp-json\/wp\/v2\/product"}],"about":[{"href":"https:\/\/www.telaled.com\/sv\/wp-json\/wp\/v2\/types\/product"}],"wp:featuredmedia":[{"embeddable":true,"href":"https:\/\/www.telaled.com\/sv\/wp-json\/wp\/v2\/media\/3149"}],"wp:attachment":[{"href":"https:\/\/www.telaled.com\/sv\/wp-json\/wp\/v2\/media?parent=3148"}],"wp:term":[{"taxonomy":"product_brand","embeddable":true,"href":"https:\/\/www.telaled.com\/sv\/wp-json\/wp\/v2\/product_brand?post=3148"},{"taxonomy":"product_cat","embeddable":true,"href":"https:\/\/www.telaled.com\/sv\/wp-json\/wp\/v2\/product_cat?post=3148"},{"taxonomy":"product_tag","embeddable":true,"href":"https:\/\/www.telaled.com\/sv\/wp-json\/wp\/v2\/product_tag?post=3148"}],"curies":[{"name":"wp","href":"https:\/\/api.w.org\/{rel}","templated":true}]}}