{"id":3034,"date":"2025-08-20T01:33:46","date_gmt":"2025-08-20T01:33:46","guid":{"rendered":"https:\/\/www.telaled.com\/?post_type=product&#038;p=3034"},"modified":"2026-01-05T07:20:02","modified_gmt":"2026-01-05T07:20:02","slug":"painel-de-led-translucido-serie-ttg","status":"publish","type":"product","link":"https:\/\/www.telaled.com\/sv\/fabrica\/painel-de-led-translucido-serie-ttg\/","title":{"rendered":"TTG-seriens genomskinliga LED-panel"},"content":{"rendered":"<div class=\"row\"  id=\"row-475940825\">\n\n\t<div id=\"col-1836286044\" class=\"col small-12 large-12\"  >\n\t\t\t\t<div class=\"col-inner\"  >\n\t\t\t\n\t\t\t\n<h2>Exklusiva f\u00f6rdelar med TTG-seriens genomskinliga LED-panel<\/h2>\n<h3><strong>\u00d6verl\u00e4gsen h\u00e5llbarhet<\/strong><\/h3>\n<ul>\n<li>Robust strukturell design: raml\u00f6s men f\u00f6rst\u00e4rkt konstruktion som t\u00e5l kontinuerlig belastning.<\/li>\n<li>LED-chip med l\u00e5ng livsl\u00e4ngd: klassade f\u00f6r \u00f6ver 100 000 driftstimmar med stabil ljusstyrka, vilket minskar utbytesfrekvensen och s\u00e4nker underh\u00e5llskostnaderna.<\/li>\n<li>Skyddande bel\u00e4ggning och f\u00f6rseglade moduler: extra skydd mot damm, fukt och oavsiktlig kontakt, vilket g\u00f6r sk\u00e4rmen mer h\u00e5llbar f\u00f6r utomhusinstallation.<\/li>\n<\/ul>\n<h3><strong>Exceptionell visuell kvalitet<\/strong><\/h3>\n<ul>\n<li>Ultrah\u00f6g ljusstyrka (upp till 5 500 nits): bibeh\u00e5ller en tydlig och skarp bild \u00e4ven i starkt solljus eller mycket ljusa inomhusmilj\u00f6er.<\/li>\n<li>Finjusteringsalternativ f\u00f6r pixel (P1.98\u2013P15.6): l\u00e5ter dig justera uppl\u00f6sningen efter betraktningsavst\u00e5ndet.<\/li>\n<li>H\u00f6g uppdateringsfrekvens (\u22653840 Hz): ger j\u00e4mn, flimmerfri uppspelning av snabba bilder, livestr\u00f6mmar och h\u00f6gkvalitativt videoinneh\u00e5ll.<\/li>\n<\/ul>\n<h3><strong>Fullst\u00e4ndig anpassningsf\u00f6rm\u00e5ga<\/strong><\/h3>\n<ul>\n<li>Anpassningsbara diametrar fr\u00e5n 640 mm ger dig friheten att designa allt fr\u00e5n kompakta butiksutrymmen till storskaliga installationer.<\/li>\n<li>Pixelavst\u00e5ndet p\u00e5 1,9 mm till 16,5 mm m\u00f6jligg\u00f6r exakta justeringar f\u00f6r betraktningsavst\u00e5nd och visuella prestandabehov.<\/li>\n<li>St\u00f6d f\u00f6r b\u00e5de inomhus- och utomhusapplikationer g\u00f6r sk\u00e4rmen m\u00e5ngsidig f\u00f6r k\u00f6pcentra, utst\u00e4llningar, flygplatser och andra platser. <a href=\"https:\/\/www.telaled.com\/sv\/telao-de-led-para-eventos\/\" data-wplink-edit=\"true\">evenemang<\/a>.<\/li>\n<\/ul>\n<h3><strong>Omfattande st\u00f6d<\/strong><\/h3>\n<ul>\n<li>Teknisk fj\u00e4rrsupport dygnet runt: F\u00e5 tillg\u00e5ng till experthj\u00e4lp n\u00e4r som helst, var som helst.<\/li>\n<li>5% reservdelar ing\u00e5r: Varje best\u00e4llning inkluderar ytterligare komponenter f\u00f6r att \u00f6ka tillf\u00f6rlitligheten och ge trygghet.<\/li>\n<li>3 \u00e5rs f\u00f6rl\u00e4ngd garanti: Dra nytta av l\u00e5ngsiktig konvergens f\u00f6r b\u00e4ttre prestanda och p\u00e5litlig service.<\/li>\n<\/ul>\n<h2>Produktinformation<\/h2>\n<div class=\"row\"  id=\"row-1770232679\">\n\n\t<div id=\"col-236360424\" class=\"col medium-10 small-12 large-10\"  >\n\t\t\t\t<div class=\"col-inner text-left\"  >\n\t\t\t\n\t\t\t\n<ul>\n<li>Designen \u00e4r f\u00f6renklad och effektiv, tar upp minimalt utrymme och s\u00e4kerst\u00e4ller enkelt underh\u00e5ll, vilket m\u00f6jligg\u00f6r snabbt byte av ljuspaneler och avsev\u00e4rt minskar underh\u00e5llskostnaderna.<\/li>\n<\/ul>\n\t<div class=\"img has-hover x md-x lg-x y md-y lg-y\" id=\"image_818787659\">\n\t\t\t\t\t\t\t\t<div class=\"img-inner dark\" >\n\t\t\t<img loading=\"lazy\" decoding=\"async\" width=\"749\" height=\"575\" src=\"https:\/\/www.telaled.com\/wp-content\/uploads\/2025\/08\/Dupla-manutencao-dianteira-e-traseira-design-exclusivo.webp\" class=\"attachment-original size-original\" alt=\"Dubbelt underh\u00e5ll fram och bak, exklusiv design.\" srcset=\"https:\/\/www.telaled.com\/wp-content\/uploads\/2025\/08\/Dupla-manutencao-dianteira-e-traseira-design-exclusivo.webp 749w, https:\/\/www.telaled.com\/wp-content\/uploads\/2025\/08\/Dupla-manutencao-dianteira-e-traseira-design-exclusivo-300x230.webp 300w, https:\/\/www.telaled.com\/wp-content\/uploads\/2025\/08\/Dupla-manutencao-dianteira-e-traseira-design-exclusivo-16x12.webp 16w, https:\/\/www.telaled.com\/wp-content\/uploads\/2025\/08\/Dupla-manutencao-dianteira-e-traseira-design-exclusivo-600x461.webp 600w\" sizes=\"auto, (max-width: 749px) 100vw, 749px\" \/>\t\t\t\t\t\t\n\t\t\t\t\t<\/div>\n\t\t\t\t\t\t\t\t\n<style>\n#image_818787659 {\n  width: 95%;\n}\n<\/style>\n\t<\/div>\n\t\n\t\t<\/div>\n\t\t\t\t\t<\/div>\n\n\t\n\n\t<div id=\"col-958476856\" class=\"col medium-10 small-12 large-10\"  >\n\t\t\t\t<div class=\"col-inner text-left\"  >\n\t\t\t\n\t\t\t\n<ul>\n<li>Den har en flexibel och modul\u00e4r design som st\u00f6der olika installationsmetoder, inklusive ytmonterade konfigurationer. Dess anpassningsbara anslutningsalternativ g\u00f6r att den kan uppfylla specifika krav, s\u00e5som b\u00f6jda installationer, vilket m\u00f6jligg\u00f6r anpassning till komplexa designer och unika layouter.<\/li>\n<\/ul>\n\t<div class=\"img has-hover x md-x lg-x y md-y lg-y\" id=\"image_913581528\">\n\t\t\t\t\t\t\t\t<div class=\"img-inner dark\" >\n\t\t\t<img loading=\"lazy\" decoding=\"async\" width=\"640\" height=\"430\" src=\"https:\/\/www.telaled.com\/wp-content\/uploads\/2025\/08\/Instalacao-Flexivel.webp\" class=\"attachment-large size-large\" alt=\"\" srcset=\"https:\/\/www.telaled.com\/wp-content\/uploads\/2025\/08\/Instalacao-Flexivel.webp 640w, https:\/\/www.telaled.com\/wp-content\/uploads\/2025\/08\/Instalacao-Flexivel-300x202.webp 300w, https:\/\/www.telaled.com\/wp-content\/uploads\/2025\/08\/Instalacao-Flexivel-18x12.webp 18w, https:\/\/www.telaled.com\/wp-content\/uploads\/2025\/08\/Instalacao-Flexivel-600x403.webp 600w\" sizes=\"auto, (max-width: 640px) 100vw, 640px\" \/>\t\t\t\t\t\t\n\t\t\t\t\t<\/div>\n\t\t\t\t\t\t\t\t\n<style>\n#image_913581528 {\n  width: 95%;\n}\n<\/style>\n\t<\/div>\n\t\n<ul>\n<li>Den erbjuder skarpa, levande bilder. Med h\u00f6g uppl\u00f6sning och intensiv ljusstyrka visar den bilder och videor med fylliga f\u00e4rger och f\u00f6rb\u00e4ttrad kontrast. Detta s\u00e4kerst\u00e4ller en tydlig och dynamisk tittarupplevelse f\u00f6r publiken, b\u00e5de dagtid och nattetid.<\/li>\n<\/ul>\n\t<div class=\"img has-hover x md-x lg-x y md-y lg-y\" id=\"image_1806684149\">\n\t\t\t\t\t\t\t\t<div class=\"img-inner dark\" >\n\t\t\t<img loading=\"lazy\" decoding=\"async\" width=\"640\" height=\"430\" src=\"https:\/\/www.telaled.com\/wp-content\/uploads\/2025\/08\/Excelente-efeito-visual.webp\" class=\"attachment-large size-large\" alt=\"\" srcset=\"https:\/\/www.telaled.com\/wp-content\/uploads\/2025\/08\/Excelente-efeito-visual.webp 640w, https:\/\/www.telaled.com\/wp-content\/uploads\/2025\/08\/Excelente-efeito-visual-300x202.webp 300w, https:\/\/www.telaled.com\/wp-content\/uploads\/2025\/08\/Excelente-efeito-visual-18x12.webp 18w, https:\/\/www.telaled.com\/wp-content\/uploads\/2025\/08\/Excelente-efeito-visual-600x403.webp 600w\" sizes=\"auto, (max-width: 640px) 100vw, 640px\" \/>\t\t\t\t\t\t\n\t\t\t\t\t<\/div>\n\t\t\t\t\t\t\t\t\n<style>\n#image_1806684149 {\n  width: 95%;\n}\n<\/style>\n\t<\/div>\n\t\n\t\t<\/div>\n\t\t\t\t\t<\/div>\n\n\t\n\n\t<div id=\"col-1553771683\" class=\"col medium-10 small-12 large-10\"  >\n\t\t\t\t<div class=\"col-inner text-left\"  >\n\t\t\t\n\t\t\t\n<ul>\n<li>Du <a href=\"https:\/\/www.telaled.com\/sv\/?attachment_id=3043\">LED-displayer<\/a> De f\u00f6rpackas efter typ och syfte. Helmonterade enheter skickas vanligtvis i tr\u00e4l\u00e5dor eller f\u00f6rst\u00e4rkta kartonger f\u00f6r att h\u00e5lla dem stabila under transport. F\u00f6r skydd mot dammkvalster f\u00f6rpackas LED-moduler ofta i f\u00f6rst\u00e4rkta l\u00e5dor eller f\u00f6rseglade tr\u00e4ramar. Denna metod \u00f6kar h\u00e5llbarheten under hantering och den \u00f6vergripande s\u00e4kerheten.<\/li>\n<\/ul>\n\t<div class=\"img has-hover x md-x lg-x y md-y lg-y\" id=\"image_650062306\">\n\t\t\t\t\t\t\t\t<div class=\"img-inner dark\" >\n\t\t\t<img loading=\"lazy\" decoding=\"async\" width=\"760\" height=\"1024\" src=\"https:\/\/www.telaled.com\/wp-content\/uploads\/2025\/06\/Embalagem-760x1024.webp\" class=\"attachment-large size-large\" alt=\"F\u00f6rpackning\" srcset=\"https:\/\/www.telaled.com\/wp-content\/uploads\/2025\/06\/Embalagem-760x1024.webp 760w, https:\/\/www.telaled.com\/wp-content\/uploads\/2025\/06\/Embalagem-223x300.webp 223w, https:\/\/www.telaled.com\/wp-content\/uploads\/2025\/06\/Embalagem-768x1035.webp 768w, https:\/\/www.telaled.com\/wp-content\/uploads\/2025\/06\/Embalagem-9x12.webp 9w, https:\/\/www.telaled.com\/wp-content\/uploads\/2025\/06\/Embalagem-600x808.webp 600w, https:\/\/www.telaled.com\/wp-content\/uploads\/2025\/06\/Embalagem.webp 795w\" sizes=\"auto, (max-width: 760px) 100vw, 760px\" \/>\t\t\t\t\t\t\n\t\t\t\t\t<\/div>\n\t\t\t\t\t\t\t\t\n<style>\n#image_650062306 {\n  width: 95%;\n}\n<\/style>\n\t<\/div>\n\t\n\t\t<\/div>\n\t\t\t\t\t<\/div>\n\n\t\n<\/div>\n\t\t<\/div>\n\t\t\t\t\t<\/div>\n\n\t\n\n\t<div id=\"col-1612587052\" class=\"col small-12 large-12\"  >\n\t\t\t\t<div class=\"col-inner\"  >\n\t\t\t\n\t\t\t\n<div class=\"row\"  id=\"row-939644139\">\n\n\t<div id=\"col-1091683451\" class=\"col medium-10 small-12 large-10\"  >\n\t\t\t\t<div class=\"col-inner\"  >\n\t\t\t\n\t\t\t\n\n<table id=\"tablepress-64\" class=\"tablepress tablepress-id-64\">\n<thead>\n<tr class=\"row-1\">\n\t<th class=\"column-1\">Produktmodell<\/th><th class=\"column-2\">TTG 1<\/th><th class=\"column-3\">TTG 2<\/th><th class=\"column-4\">TTG 3<\/th><th class=\"column-5\">TTG 5<\/th><th class=\"column-6\">TTG 8<\/th><th class=\"column-7\">TTG 10<\/th><th class=\"column-8\">TTG 15<\/th>\n<\/tr>\n<\/thead>\n<tbody class=\"row-striping row-hover\">\n<tr class=\"row-2\">\n\t<td class=\"column-1\">Avst\u00e5nd mellan pixlar (mm)<\/td><td class=\"column-2\">1.9*3.9<\/td><td class=\"column-3\">2.8*5.6<\/td><td class=\"column-4\">3.9*7.8<\/td><td class=\"column-5\">5.2*10.4<\/td><td class=\"column-6\">7.8*7.8<\/td><td class=\"column-7\">10.4*10.4<\/td><td class=\"column-8\">15.625*15.625<\/td>\n<\/tr>\n<tr class=\"row-3\">\n\t<td class=\"column-1\">Pixelt\u00e4thet (po\u00e4ng\/m\u00b2)<\/td><td class=\"column-2\">129,024<\/td><td class=\"column-3\">61,952<\/td><td class=\"column-4\">32,768<\/td><td class=\"column-5\">18,432<\/td><td class=\"column-6\">16,384<\/td><td class=\"column-7\">9,216<\/td><td class=\"column-8\">4,096<\/td>\n<\/tr>\n<tr class=\"row-4\">\n\t<td class=\"column-1\">Moduluppl\u00f6sning (po\u00e4ng)<\/td><td class=\"column-2\">252*16<\/td><td class=\"column-3\">176*22<\/td><td class=\"column-4\">128*16<\/td><td class=\"column-5\">96*12<\/td><td class=\"column-6\">64*16<\/td><td class=\"column-7\">48*12<\/td><td class=\"column-8\">32*8<\/td>\n<\/tr>\n<tr class=\"row-5\">\n\t<td class=\"column-1\">Kabinetsresolution (po\u00e4ng)<\/td><td class=\"column-2\">504*128<\/td><td class=\"column-3\">352*88<\/td><td class=\"column-4\">256*64<\/td><td class=\"column-5\">192*48<\/td><td class=\"column-6\">128*64<\/td><td class=\"column-7\">96*48<\/td><td class=\"column-8\">64*32<\/td>\n<\/tr>\n<tr class=\"row-6\">\n\t<td class=\"column-1\">Genomskinlighet<\/td><td class=\"column-2\">42%<\/td><td class=\"column-3\">45%<\/td><td class=\"column-4\">65%<\/td><td class=\"column-5\">75%<\/td><td class=\"column-6\">65%<\/td><td class=\"column-7\">75%<\/td><td class=\"column-8\">85%<\/td>\n<\/tr>\n<tr class=\"row-7\">\n\t<td class=\"column-1\">Ljusstyrka (nit)<\/td><td class=\"column-2\">800~4,500<\/td><td class=\"column-3\">800~5,500<\/td><td class=\"column-4\">800~5,500<\/td><td class=\"column-5\">800~5,500<\/td><td class=\"column-6\">800~5,500<\/td><td class=\"column-7\">800~6,500<\/td><td class=\"column-8\">800~6,500<\/td>\n<\/tr>\n<tr class=\"row-8\">\n\t<td class=\"column-1\">Energikrav<\/td><td class=\"column-2\">AC 220V \u00b1 10%; 50Hz<\/td><td class=\"column-3\">AC 220V \u00b1 10%; 50Hz<\/td><td class=\"column-4\">AC 220V \u00b1 10%; 50Hz<\/td><td class=\"column-5\">AC 220V \u00b1 10%; 50Hz<\/td><td class=\"column-6\">AC 220V \u00b1 10%; 50Hz<\/td><td class=\"column-7\">AC 220V \u00b1 10%; 50Hz<\/td><td class=\"column-8\">AC 220V \u00b1 10%; 50Hz<\/td>\n<\/tr>\n<tr class=\"row-9\">\n\t<td class=\"column-1\">Energif\u00f6rbrukning<\/td><td class=\"column-2\">Max: 800 W\/m\u00b2; Genomsnitt: 260 W\/m\u00b2<\/td><td class=\"column-3\">Max: 800 W\/m\u00b2; Genomsnitt: 260 W\/m\u00b2<\/td><td class=\"column-4\">Max: 800 W\/m\u00b2; Genomsnitt: 260 W\/m\u00b2<\/td><td class=\"column-5\">Max: 800 W\/m\u00b2; Genomsnitt: 260 W\/m\u00b2<\/td><td class=\"column-6\">Max: 800 W\/m\u00b2; Genomsnitt: 260 W\/m\u00b2<\/td><td class=\"column-7\">Max: 800 W\/m\u00b2; Genomsnitt: 260 W\/m\u00b2<\/td><td class=\"column-8\">Max: 800 W\/m\u00b2; Genomsnitt: 260 W\/m\u00b2<\/td>\n<\/tr>\n<tr class=\"row-10\">\n\t<td class=\"column-1\">Uppdateringsfrekvens<\/td><td class=\"column-2\">1920\/3840Hz<\/td><td class=\"column-3\">1920\/3840Hz<\/td><td class=\"column-4\">1920\/3840Hz<\/td><td class=\"column-5\">1920\/3840Hz<\/td><td class=\"column-6\">1920\/3840Hz<\/td><td class=\"column-7\">1920\/3840Hz<\/td><td class=\"column-8\">1920\/3840Hz<\/td>\n<\/tr>\n<tr class=\"row-11\">\n\t<td class=\"column-1\">Driftstemperatur<\/td><td class=\"column-2\">-10\u00b0C till 45\u00b0C<\/td><td class=\"column-3\">-10\u00b0C till 45\u00b0C<\/td><td class=\"column-4\">-10\u00b0C till 45\u00b0C<\/td><td class=\"column-5\">-10\u00b0C till 45\u00b0C<\/td><td class=\"column-6\">-10\u00b0C till 45\u00b0C<\/td><td class=\"column-7\">-10\u00b0C till 45\u00b0C<\/td><td class=\"column-8\">-10\u00b0C till 45\u00b0C<\/td>\n<\/tr>\n<tr class=\"row-12\">\n\t<td class=\"column-1\">Vikt<\/td><td class=\"column-2\">7 kg\/m\u00b2<\/td><td class=\"column-3\">7 kg\/m\u00b2<\/td><td class=\"column-4\">7 kg\/m\u00b2<\/td><td class=\"column-5\">7 kg\/m\u00b2<\/td><td class=\"column-6\">7 kg\/m\u00b2<\/td><td class=\"column-7\">7 kg\/m\u00b2<\/td><td class=\"column-8\">7 kg\/m\u00b2<\/td>\n<\/tr>\n<tr class=\"row-13\">\n\t<td class=\"column-1\">Sk\u00e5pstorlek<\/td><td class=\"column-2\">1000*500mm<\/td><td class=\"column-3\">1000*500mm<\/td><td class=\"column-4\">1000*500mm<\/td><td class=\"column-5\">1000*500mm<\/td><td class=\"column-6\">1000*500mm<\/td><td class=\"column-7\">1000*500mm<\/td><td class=\"column-8\">1000*500mm<\/td>\n<\/tr>\n<\/tbody>\n<\/table>\n<!-- #tablepress-64 from cache -->\n\t\t<\/div>\n\t\t\t\t\t<\/div>\n\n\t\n<\/div>\n\t\t<\/div>\n\t\t\t\t\t<\/div>\n\n\t\n<\/div>","protected":false},"excerpt":{"rendered":"<p>F\u00f6rb\u00e4ttra ditt utrymme med <strong>TTG-seriens genomskinliga LED-panel<\/strong> | LED-SK\u00c4RM<\/p>\n<p>V\u00e5r <strong>TTG-seriens genomskinliga LED-panel<\/strong> Den kombinerar banbrytande teknik med o\u00f6vertr\u00e4ffad flexibilitet, vilket g\u00f6r den perfekt f\u00f6r kommersiella utrymmen som k\u00f6pcentra, utst\u00e4llningar med mera. Med anpassningsbara storleksalternativ och <a href=\"https:\/\/www.telaled.com\/sv\/densidade-de-pixels-em-telas-de-led-e-lcd\/\">pixelt\u00e4thet<\/a>, Denna sk\u00e4rm m\u00f6jligg\u00f6r integration av fantastiska bilder samtidigt som en integrerad och \u00f6ppen estetik bibeh\u00e5lls.<\/p>\n<p><strong>Huvudfunktioner:<\/strong><\/p>\n<ul>\n<li>Den erbjuder 65% till 95% transparens och integreras s\u00f6ml\u00f6st i sin omgivning utan att blockera naturligt ljus.<\/li>\n<li>V\u00e4lj mellan olika storlekar och pixelt\u00e4theter f\u00f6r att m\u00f6ta de specifika behoven i ditt utrymme.<\/li>\n<li>Den hopf\u00e4llbara, raml\u00f6sa designen anpassar sig enkelt till en m\u00e4ngd olika installationer, vilket ger o\u00e4ndliga kreativa m\u00f6jligheter.<\/li>\n<\/ul>\n<p>F\u00e5 fj\u00e4rrsupport dygnet runt och 3 \u00e5rs garanti. Kontakta oss nu f\u00f6r en personlig offert!<\/p>","protected":false},"featured_media":3042,"template":"","meta":[],"product_brand":[],"product_cat":[44,45],"product_tag":[],"class_list":{"0":"post-3034","1":"product","2":"type-product","3":"status-publish","4":"has-post-thumbnail","6":"product_cat-painel-de-led-flexivel","7":"product_cat-painel-de-led-transparente","9":"first","10":"instock","11":"shipping-taxable","12":"product-type-simple"},"yoast_head":"<!-- This site is optimized with the Yoast SEO plugin v27.4 - https:\/\/yoast.com\/product\/yoast-seo-wordpress\/ -->\n<title>Painel de LED Transl\u00facido da S\u00e9rie TTG | Aumente o Impacto Visual | TELALED<\/title>\n<meta name=\"description\" content=\"Renove seu espa\u00e7o com nosso Painel de LED Transl\u00facido da S\u00e9rie TTG, com alto brilho, at\u00e9 95% de transpar\u00eancia e tamanhos personalizados para visuais comerciais impressionantes. Entre em contato conosco hoje mesmo!\" \/>\n<meta name=\"robots\" content=\"index, follow, max-snippet:-1, max-image-preview:large, max-video-preview:-1\" \/>\n<link rel=\"canonical\" href=\"https:\/\/www.telaled.com\/sv\/fabrica\/painel-de-led-translucido-serie-ttg\/\" \/>\n<meta property=\"og:locale\" content=\"sv_SE\" \/>\n<meta property=\"og:type\" content=\"article\" \/>\n<meta property=\"og:title\" content=\"Painel de LED Transl\u00facido da S\u00e9rie TTG | Aumente o Impacto Visual | TELALED\" \/>\n<meta property=\"og:description\" content=\"Renove seu espa\u00e7o com nosso Painel de LED Transl\u00facido da S\u00e9rie TTG, com alto brilho, at\u00e9 95% de transpar\u00eancia e tamanhos personalizados para visuais comerciais impressionantes. Entre em contato conosco hoje mesmo!\" \/>\n<meta property=\"og:url\" content=\"https:\/\/www.telaled.com\/sv\/fabrica\/painel-de-led-translucido-serie-ttg\/\" \/>\n<meta property=\"og:site_name\" content=\"TELALED\" \/>\n<meta property=\"article:modified_time\" content=\"2026-01-05T07:20:02+00:00\" \/>\n<meta property=\"og:image\" content=\"https:\/\/www.telaled.com\/wp-content\/uploads\/2025\/08\/painel-de-led-translucido-1.webp\" \/>\n\t<meta property=\"og:image:width\" content=\"500\" \/>\n\t<meta property=\"og:image:height\" content=\"500\" \/>\n\t<meta property=\"og:image:type\" content=\"image\/webp\" \/>\n<meta name=\"twitter:card\" content=\"summary_large_image\" \/>\n<meta name=\"twitter:label1\" content=\"Est. reading time\" \/>\n\t<meta name=\"twitter:data1\" content=\"3 minuter\" \/>\n<script type=\"application\/ld+json\" class=\"yoast-schema-graph\">{\"@context\":\"https:\\\/\\\/schema.org\",\"@graph\":[{\"@type\":\"WebPage\",\"@id\":\"https:\\\/\\\/www.telaled.com\\\/fabrica\\\/painel-de-led-translucido-serie-ttg\\\/\",\"url\":\"https:\\\/\\\/www.telaled.com\\\/fabrica\\\/painel-de-led-translucido-serie-ttg\\\/\",\"name\":\"Painel de LED Transl\u00facido da S\u00e9rie TTG | Aumente o Impacto Visual | TELALED\",\"isPartOf\":{\"@id\":\"https:\\\/\\\/www.telaled.com\\\/#website\"},\"primaryImageOfPage\":{\"@id\":\"https:\\\/\\\/www.telaled.com\\\/fabrica\\\/painel-de-led-translucido-serie-ttg\\\/#primaryimage\"},\"image\":{\"@id\":\"https:\\\/\\\/www.telaled.com\\\/fabrica\\\/painel-de-led-translucido-serie-ttg\\\/#primaryimage\"},\"thumbnailUrl\":\"https:\\\/\\\/www.telaled.com\\\/wp-content\\\/uploads\\\/2025\\\/08\\\/painel-de-led-translucido-1.webp\",\"datePublished\":\"2025-08-20T01:33:46+00:00\",\"dateModified\":\"2026-01-05T07:20:02+00:00\",\"description\":\"Renove seu espa\u00e7o com nosso Painel de LED Transl\u00facido da S\u00e9rie TTG, com alto brilho, at\u00e9 95% de transpar\u00eancia e tamanhos personalizados para visuais comerciais impressionantes. Entre em contato conosco hoje mesmo!\",\"breadcrumb\":{\"@id\":\"https:\\\/\\\/www.telaled.com\\\/fabrica\\\/painel-de-led-translucido-serie-ttg\\\/#breadcrumb\"},\"inLanguage\":\"sv-SE\",\"potentialAction\":[{\"@type\":\"ReadAction\",\"target\":[\"https:\\\/\\\/www.telaled.com\\\/fabrica\\\/painel-de-led-translucido-serie-ttg\\\/\"]}]},{\"@type\":\"ImageObject\",\"inLanguage\":\"sv-SE\",\"@id\":\"https:\\\/\\\/www.telaled.com\\\/fabrica\\\/painel-de-led-translucido-serie-ttg\\\/#primaryimage\",\"url\":\"https:\\\/\\\/www.telaled.com\\\/wp-content\\\/uploads\\\/2025\\\/08\\\/painel-de-led-translucido-1.webp\",\"contentUrl\":\"https:\\\/\\\/www.telaled.com\\\/wp-content\\\/uploads\\\/2025\\\/08\\\/painel-de-led-translucido-1.webp\",\"width\":500,\"height\":500,\"caption\":\"painel-de-led-translucido (1)\"},{\"@type\":\"BreadcrumbList\",\"@id\":\"https:\\\/\\\/www.telaled.com\\\/fabrica\\\/painel-de-led-translucido-serie-ttg\\\/#breadcrumb\",\"itemListElement\":[{\"@type\":\"ListItem\",\"position\":1,\"name\":\"Home\",\"item\":\"https:\\\/\\\/www.telaled.com\\\/\"},{\"@type\":\"ListItem\",\"position\":2,\"name\":\"Produtos\",\"item\":\"https:\\\/\\\/www.telaled.com\\\/shop\\\/\"},{\"@type\":\"ListItem\",\"position\":3,\"name\":\"Painel de LED Translucido S\u00e9rie TTG\"}]},{\"@type\":\"WebSite\",\"@id\":\"https:\\\/\\\/www.telaled.com\\\/#website\",\"url\":\"https:\\\/\\\/www.telaled.com\\\/\",\"name\":\"TELALED\",\"description\":\"\",\"potentialAction\":[{\"@type\":\"SearchAction\",\"target\":{\"@type\":\"EntryPoint\",\"urlTemplate\":\"https:\\\/\\\/www.telaled.com\\\/?s={search_term_string}\"},\"query-input\":{\"@type\":\"PropertyValueSpecification\",\"valueRequired\":true,\"valueName\":\"search_term_string\"}}],\"inLanguage\":\"sv-SE\"}]}<\/script>\n<!-- \/ Yoast SEO plugin. -->","yoast_head_json":{"title":"TTG-seriens genomskinliga LED-panel | F\u00f6rb\u00e4ttra den visuella effekten | TELALED","description":"Uppgradera ditt utrymme med v\u00e5r transparenta LED-panel i TTG-serien, med h\u00f6g ljusstyrka, upp till 95%-transparens och anpassade storlekar f\u00f6r fantastiska kommersiella effekter. Kontakta oss idag!","robots":{"index":"index","follow":"follow","max-snippet":"max-snippet:-1","max-image-preview":"max-image-preview:large","max-video-preview":"max-video-preview:-1"},"canonical":"https:\/\/www.telaled.com\/sv\/fabrica\/painel-de-led-translucido-serie-ttg\/","og_locale":"sv_SE","og_type":"article","og_title":"Painel de LED Transl\u00facido da S\u00e9rie TTG | Aumente o Impacto Visual | TELALED","og_description":"Renove seu espa\u00e7o com nosso Painel de LED Transl\u00facido da S\u00e9rie TTG, com alto brilho, at\u00e9 95% de transpar\u00eancia e tamanhos personalizados para visuais comerciais impressionantes. Entre em contato conosco hoje mesmo!","og_url":"https:\/\/www.telaled.com\/sv\/fabrica\/painel-de-led-translucido-serie-ttg\/","og_site_name":"TELALED","article_modified_time":"2026-01-05T07:20:02+00:00","og_image":[{"width":500,"height":500,"url":"https:\/\/www.telaled.com\/wp-content\/uploads\/2025\/08\/painel-de-led-translucido-1.webp","type":"image\/webp"}],"twitter_card":"summary_large_image","twitter_misc":{"Est. reading time":"3 minuter"},"schema":{"@context":"https:\/\/schema.org","@graph":[{"@type":"WebPage","@id":"https:\/\/www.telaled.com\/fabrica\/painel-de-led-translucido-serie-ttg\/","url":"https:\/\/www.telaled.com\/fabrica\/painel-de-led-translucido-serie-ttg\/","name":"TTG-seriens genomskinliga LED-panel | F\u00f6rb\u00e4ttra den visuella effekten | TELALED","isPartOf":{"@id":"https:\/\/www.telaled.com\/#website"},"primaryImageOfPage":{"@id":"https:\/\/www.telaled.com\/fabrica\/painel-de-led-translucido-serie-ttg\/#primaryimage"},"image":{"@id":"https:\/\/www.telaled.com\/fabrica\/painel-de-led-translucido-serie-ttg\/#primaryimage"},"thumbnailUrl":"https:\/\/www.telaled.com\/wp-content\/uploads\/2025\/08\/painel-de-led-translucido-1.webp","datePublished":"2025-08-20T01:33:46+00:00","dateModified":"2026-01-05T07:20:02+00:00","description":"Uppgradera ditt utrymme med v\u00e5r transparenta LED-panel i TTG-serien, med h\u00f6g ljusstyrka, upp till 95%-transparens och anpassade storlekar f\u00f6r fantastiska kommersiella effekter. Kontakta oss idag!","breadcrumb":{"@id":"https:\/\/www.telaled.com\/fabrica\/painel-de-led-translucido-serie-ttg\/#breadcrumb"},"inLanguage":"sv-SE","potentialAction":[{"@type":"ReadAction","target":["https:\/\/www.telaled.com\/fabrica\/painel-de-led-translucido-serie-ttg\/"]}]},{"@type":"ImageObject","inLanguage":"sv-SE","@id":"https:\/\/www.telaled.com\/fabrica\/painel-de-led-translucido-serie-ttg\/#primaryimage","url":"https:\/\/www.telaled.com\/wp-content\/uploads\/2025\/08\/painel-de-led-translucido-1.webp","contentUrl":"https:\/\/www.telaled.com\/wp-content\/uploads\/2025\/08\/painel-de-led-translucido-1.webp","width":500,"height":500,"caption":"painel-de-led-translucido (1)"},{"@type":"BreadcrumbList","@id":"https:\/\/www.telaled.com\/fabrica\/painel-de-led-translucido-serie-ttg\/#breadcrumb","itemListElement":[{"@type":"ListItem","position":1,"name":"Home","item":"https:\/\/www.telaled.com\/"},{"@type":"ListItem","position":2,"name":"Produtos","item":"https:\/\/www.telaled.com\/shop\/"},{"@type":"ListItem","position":3,"name":"Painel de LED Translucido S\u00e9rie TTG"}]},{"@type":"WebSite","@id":"https:\/\/www.telaled.com\/#website","url":"https:\/\/www.telaled.com\/","name":"LED-sk\u00e4rm","description":"","potentialAction":[{"@type":"SearchAction","target":{"@type":"EntryPoint","urlTemplate":"https:\/\/www.telaled.com\/?s={search_term_string}"},"query-input":{"@type":"PropertyValueSpecification","valueRequired":true,"valueName":"search_term_string"}}],"inLanguage":"sv-SE"}]}},"_links":{"self":[{"href":"https:\/\/www.telaled.com\/sv\/wp-json\/wp\/v2\/product\/3034","targetHints":{"allow":["GET"]}}],"collection":[{"href":"https:\/\/www.telaled.com\/sv\/wp-json\/wp\/v2\/product"}],"about":[{"href":"https:\/\/www.telaled.com\/sv\/wp-json\/wp\/v2\/types\/product"}],"wp:featuredmedia":[{"embeddable":true,"href":"https:\/\/www.telaled.com\/sv\/wp-json\/wp\/v2\/media\/3042"}],"wp:attachment":[{"href":"https:\/\/www.telaled.com\/sv\/wp-json\/wp\/v2\/media?parent=3034"}],"wp:term":[{"taxonomy":"product_brand","embeddable":true,"href":"https:\/\/www.telaled.com\/sv\/wp-json\/wp\/v2\/product_brand?post=3034"},{"taxonomy":"product_cat","embeddable":true,"href":"https:\/\/www.telaled.com\/sv\/wp-json\/wp\/v2\/product_cat?post=3034"},{"taxonomy":"product_tag","embeddable":true,"href":"https:\/\/www.telaled.com\/sv\/wp-json\/wp\/v2\/product_tag?post=3034"}],"curies":[{"name":"wp","href":"https:\/\/api.w.org\/{rel}","templated":true}]}}