{"id":3005,"date":"2025-08-18T02:14:21","date_gmt":"2025-08-18T02:14:21","guid":{"rendered":"https:\/\/www.telaled.com\/?post_type=product&#038;p=3005"},"modified":"2026-01-05T06:56:17","modified_gmt":"2026-01-05T06:56:17","slug":"painel-de-led-cilindrico-transparente-serie-ttf","status":"publish","type":"product","link":"https:\/\/www.telaled.com\/sv\/fabrica\/painel-de-led-cilindrico-transparente-serie-ttf\/","title":{"rendered":"TTF-seriens transparenta cylindriska LED-panel"},"content":{"rendered":"<div class=\"row\"  id=\"row-548968174\">\n\n\t<div id=\"col-1343938525\" class=\"col small-12 large-12\"  >\n\t\t\t\t<div class=\"col-inner\"  >\n\t\t\t\n\t\t\t\n<h2>Exklusiva f\u00f6rdelar med TTF-seriens transparenta cylindriska LED-panel<\/h2>\n<h3><strong>\u00d6verl\u00e4gsen h\u00e5llbarhet<\/strong><\/h3>\n<ul>\n<li>F\u00f6rst\u00e4rkt cylindrisk struktur: f\u00f6rhindrar b\u00f6jning och h\u00e5ller sk\u00e4rmen stabil vid l\u00e5ngvarig anv\u00e4ndning.<\/li>\n<li>H\u00f6gkvalitativa LED-moduler: bibeh\u00e5ller ljusstyrka och klarhet \u00e4ven vid kontinuerlig drift.<\/li>\n<li>Anpassade designalternativ: m\u00f6jligg\u00f6r storleksflexibilitet samtidigt som strukturell styrka bibeh\u00e5lls.<\/li>\n<\/ul>\n<h3><strong>Exceptionell visuell kvalitet<\/strong><\/h3>\n<ul>\n<li>Alternativen f\u00f6r fin pixelavst\u00e5nd (1,9 mm till 15,6 mm) ger skarpa, detaljerade bilder, l\u00e4mpliga f\u00f6r b\u00e5de n\u00e4rbild och storskaliga sk\u00e4rmar.<\/li>\n<li>360\u00b0 rundstr\u00e5lande design: s\u00e4kerst\u00e4ller att publiken ser skarpa, livfulla bilder fr\u00e5n alla vinklar.<\/li>\n<li>H\u00f6g transparensniv\u00e5: m\u00f6jligg\u00f6r integration av ljus och bakgrund, vilket producerar levande inneh\u00e5ll utan att blockera naturliga vyer.<\/li>\n<\/ul>\n<h3><strong>Fullst\u00e4ndig anpassningsf\u00f6rm\u00e5ga<\/strong><\/h3>\n<ul>\n<li>Anpassningsbara diametrar fr\u00e5n 640 mm ger dig friheten att designa allt fr\u00e5n kompakta butiksutrymmen till storskaliga installationer.<\/li>\n<li>Utbudet av <a href=\"https:\/\/www.telaled.com\/sv\/pixel-pitch\/\">pixelh\u00f6jd<\/a> Fr\u00e5n 1,9 mm till 16,5 mm m\u00f6jligg\u00f6r den exakta justeringar f\u00f6r betraktningsavst\u00e5nd och visuella prestandabehov.<\/li>\n<li>St\u00f6d f\u00f6r b\u00e5de inomhus- och utomhusapplikationer g\u00f6r sk\u00e4rmen m\u00e5ngsidig f\u00f6r k\u00f6pcentra, utst\u00e4llningar, flygplatser och andra platser. <a href=\"https:\/\/www.telaled.com\/sv\/painel-de-led-para-eventos\/\">evenemang<\/a>.<\/li>\n<\/ul>\n<h3><strong>Omfattande st\u00f6d<\/strong><\/h3>\n<ul>\n<li>Teknisk fj\u00e4rrsupport dygnet runt: F\u00e5 tillg\u00e5ng till experthj\u00e4lp n\u00e4r som helst, var som helst.<\/li>\n<li>5% reservdelar ing\u00e5r: Varje best\u00e4llning inkluderar ytterligare komponenter f\u00f6r att \u00f6ka tillf\u00f6rlitligheten och ge trygghet.<\/li>\n<li>3 \u00e5rs f\u00f6rl\u00e4ngd garanti: Dra nytta av l\u00e5ngsiktig konvergens f\u00f6r b\u00e4ttre prestanda och p\u00e5litlig service.<\/li>\n<\/ul>\n<h2>Produktinformation<\/h2>\n<div class=\"row\"  id=\"row-2111004646\">\n\n\t<div id=\"col-1889362771\" class=\"col medium-10 small-12 large-10\"  >\n\t\t\t\t<div class=\"col-inner text-left\"  >\n\t\t\t\n\t\t\t\n<ul>\n<li>Den levereras med ett avancerat kontrollsystem som m\u00f6jligg\u00f6r fj\u00e4rrstyrning och personlig videohantering. Med hj\u00e4lp av en intuitiv plattform kan du ladda upp och hantera inneh\u00e5ll \u00f6ver flera sk\u00e4rmar, schemal\u00e4gga uppspelning och bibeh\u00e5lla p\u00e5litlig prestanda. Dess stabila kontrollfunktioner ger sinnesro, medan 360\u00b0-synlighet s\u00e4kerst\u00e4ller starkt engagemang fr\u00e5n publiken.<\/li>\n<\/ul>\n\t<div class=\"img has-hover x md-x lg-x y md-y lg-y\" id=\"image_161068167\">\n\t\t\t\t\t\t\t\t<div class=\"img-inner dark\" >\n\t\t\t<img loading=\"lazy\" decoding=\"async\" width=\"634\" height=\"332\" src=\"https:\/\/www.telaled.com\/wp-content\/uploads\/2025\/08\/Sistema-de-controle-inteligente.webp\" class=\"attachment-original size-original\" alt=\"Intelligent styrsystem\" srcset=\"https:\/\/www.telaled.com\/wp-content\/uploads\/2025\/08\/Sistema-de-controle-inteligente.webp 634w, https:\/\/www.telaled.com\/wp-content\/uploads\/2025\/08\/Sistema-de-controle-inteligente-300x157.webp 300w, https:\/\/www.telaled.com\/wp-content\/uploads\/2025\/08\/Sistema-de-controle-inteligente-18x9.webp 18w, https:\/\/www.telaled.com\/wp-content\/uploads\/2025\/08\/Sistema-de-controle-inteligente-600x314.webp 600w\" sizes=\"auto, (max-width: 634px) 100vw, 634px\" \/>\t\t\t\t\t\t\n\t\t\t\t\t<\/div>\n\t\t\t\t\t\t\t\t\n<style>\n#image_161068167 {\n  width: 95%;\n}\n<\/style>\n\t<\/div>\n\t\n\t\t<\/div>\n\t\t\t\t\t<\/div>\n\n\t\n\n\t<div id=\"col-1485063321\" class=\"col medium-10 small-12 large-10\"  >\n\t\t\t\t<div class=\"col-inner text-left\"  >\n\t\t\t\n\t\t\t\n<ul>\n<li>Den har en flexibel modul\u00e4r design som g\u00f6r den l\u00e4mplig f\u00f6r kreativa och cirkul\u00e4ra sk\u00e4rmkonfigurationer. Dess flexibla men robusta struktur m\u00f6jligg\u00f6r smidiga och flytande sk\u00e4rmformat som anpassar sig till olika layouter.<\/li>\n<\/ul>\n\t<div class=\"img has-hover x md-x lg-x y md-y lg-y\" id=\"image_2018434688\">\n\t\t\t\t\t\t\t\t<div class=\"img-inner dark\" >\n\t\t\t<img loading=\"lazy\" decoding=\"async\" width=\"640\" height=\"430\" src=\"https:\/\/www.telaled.com\/wp-content\/uploads\/2025\/08\/Modulo-de-exibicao-inovador.webp\" class=\"attachment-large size-large\" alt=\"Innovativ displaymodul\" srcset=\"https:\/\/www.telaled.com\/wp-content\/uploads\/2025\/08\/Modulo-de-exibicao-inovador.webp 640w, https:\/\/www.telaled.com\/wp-content\/uploads\/2025\/08\/Modulo-de-exibicao-inovador-300x202.webp 300w, https:\/\/www.telaled.com\/wp-content\/uploads\/2025\/08\/Modulo-de-exibicao-inovador-18x12.webp 18w, https:\/\/www.telaled.com\/wp-content\/uploads\/2025\/08\/Modulo-de-exibicao-inovador-600x403.webp 600w\" sizes=\"auto, (max-width: 640px) 100vw, 640px\" \/>\t\t\t\t\t\t\n\t\t\t\t\t<\/div>\n\t\t\t\t\t\t\t\t\n<style>\n#image_2018434688 {\n  width: 95%;\n}\n<\/style>\n\t<\/div>\n\t\n<ul>\n<li>Den erbjuder en 360-graders panoramask\u00e4rm som f\u00e5ngar uppm\u00e4rksamheten fr\u00e5n alla vinklar. Dess ultratunna pixeltjocklek p\u00e5 1,9 mm garanterar skarpa bilder i h\u00f6g uppl\u00f6sning, vilket g\u00f6r den idealisk f\u00f6r att skapa uppslukande milj\u00f6er.<\/li>\n<\/ul>\n\t<div class=\"img has-hover x md-x lg-x y md-y lg-y\" id=\"image_1755667965\">\n\t\t\t\t\t\t\t\t<div class=\"img-inner dark\" >\n\t\t\t<img loading=\"lazy\" decoding=\"async\" width=\"638\" height=\"322\" src=\"https:\/\/www.telaled.com\/wp-content\/uploads\/2025\/08\/Tela-de-visualizacao-completa-de-360\u00b0.webp\" class=\"attachment-large size-large\" alt=\"\" srcset=\"https:\/\/www.telaled.com\/wp-content\/uploads\/2025\/08\/Tela-de-visualizacao-completa-de-360\u00b0.webp 638w, https:\/\/www.telaled.com\/wp-content\/uploads\/2025\/08\/Tela-de-visualizacao-completa-de-360\u00b0-300x151.webp 300w, https:\/\/www.telaled.com\/wp-content\/uploads\/2025\/08\/Tela-de-visualizacao-completa-de-360\u00b0-18x9.webp 18w, https:\/\/www.telaled.com\/wp-content\/uploads\/2025\/08\/Tela-de-visualizacao-completa-de-360\u00b0-600x303.webp 600w\" sizes=\"auto, (max-width: 638px) 100vw, 638px\" \/>\t\t\t\t\t\t\n\t\t\t\t\t<\/div>\n\t\t\t\t\t\t\t\t\n<style>\n#image_1755667965 {\n  width: 95%;\n}\n<\/style>\n\t<\/div>\n\t\n\t\t<\/div>\n\t\t\t\t\t<\/div>\n\n\t\n\n\t<div id=\"col-1695242103\" class=\"col medium-10 small-12 large-10\"  >\n\t\t\t\t<div class=\"col-inner text-left\"  >\n\t\t\t\n\t\t\t\n<ul>\n<li>Du <a href=\"https:\/\/www.telaled.com\/sv\/?attachment_id=3025\">LED-displayer<\/a> De f\u00f6rpackas efter typ och syfte. Helmonterade enheter skickas vanligtvis i tr\u00e4l\u00e5dor eller f\u00f6rst\u00e4rkta kartonger f\u00f6r att h\u00e5lla dem stabila under transport. F\u00f6r skydd mot dammkvalster f\u00f6rpackas LED-moduler ofta i f\u00f6rst\u00e4rkta l\u00e5dor eller f\u00f6rseglade tr\u00e4ramar. Denna metod \u00f6kar h\u00e5llbarheten under hantering och den \u00f6vergripande s\u00e4kerheten.<\/li>\n<\/ul>\n\t<div class=\"img has-hover x md-x lg-x y md-y lg-y\" id=\"image_2052989186\">\n\t\t\t\t\t\t\t\t<div class=\"img-inner dark\" >\n\t\t\t<img loading=\"lazy\" decoding=\"async\" width=\"760\" height=\"1024\" src=\"https:\/\/www.telaled.com\/wp-content\/uploads\/2025\/06\/Embalagem-760x1024.webp\" class=\"attachment-large size-large\" alt=\"F\u00f6rpackning\" srcset=\"https:\/\/www.telaled.com\/wp-content\/uploads\/2025\/06\/Embalagem-760x1024.webp 760w, https:\/\/www.telaled.com\/wp-content\/uploads\/2025\/06\/Embalagem-223x300.webp 223w, https:\/\/www.telaled.com\/wp-content\/uploads\/2025\/06\/Embalagem-768x1035.webp 768w, https:\/\/www.telaled.com\/wp-content\/uploads\/2025\/06\/Embalagem-9x12.webp 9w, https:\/\/www.telaled.com\/wp-content\/uploads\/2025\/06\/Embalagem-600x808.webp 600w, https:\/\/www.telaled.com\/wp-content\/uploads\/2025\/06\/Embalagem.webp 795w\" sizes=\"auto, (max-width: 760px) 100vw, 760px\" \/>\t\t\t\t\t\t\n\t\t\t\t\t<\/div>\n\t\t\t\t\t\t\t\t\n<style>\n#image_2052989186 {\n  width: 95%;\n}\n<\/style>\n\t<\/div>\n\t\n\t\t<\/div>\n\t\t\t\t\t<\/div>\n\n\t\n<\/div>\n\t\t<\/div>\n\t\t\t\t\t<\/div>\n\n\t\n\n\t<div id=\"col-1743789000\" class=\"col small-12 large-12\"  >\n\t\t\t\t<div class=\"col-inner\"  >\n\t\t\t\n\t\t\t\n<div class=\"row\"  id=\"row-1000187472\">\n\n\t<div id=\"col-1554758009\" class=\"col medium-10 small-12 large-10\"  >\n\t\t\t\t<div class=\"col-inner\"  >\n\t\t\t\n\t\t\t\n\n<table id=\"tablepress-63\" class=\"tablepress tablepress-id-63\">\n<thead>\n<tr class=\"row-1\">\n\t<th class=\"column-1\">Produktmodell<\/th><th class=\"column-2\">TTF 1<\/th><th class=\"column-3\">TTF 2<\/th><th class=\"column-4\">TTF 3<\/th><th class=\"column-5\">TTF 5<\/th><th class=\"column-6\">TTF 8<\/th><th class=\"column-7\">TTF 10<\/th><th class=\"column-8\">TTF 15<\/th>\n<\/tr>\n<\/thead>\n<tbody class=\"row-striping row-hover\">\n<tr class=\"row-2\">\n\t<td class=\"column-1\">Avst\u00e5nd mellan pixlar (mm)<\/td><td class=\"column-2\">1.9*3.9<\/td><td class=\"column-3\">2.8*5.6<\/td><td class=\"column-4\">3.9*7.8<\/td><td class=\"column-5\">5.2*10.4<\/td><td class=\"column-6\">7.8*7.8<\/td><td class=\"column-7\">10.4*10.4<\/td><td class=\"column-8\">15.625*15.625<\/td>\n<\/tr>\n<tr class=\"row-3\">\n\t<td class=\"column-1\">Pixelt\u00e4thet (po\u00e4ng\/m\u00b2)<\/td><td class=\"column-2\">129,024<\/td><td class=\"column-3\">61,952<\/td><td class=\"column-4\">32,768<\/td><td class=\"column-5\">18,432<\/td><td class=\"column-6\">16,384<\/td><td class=\"column-7\">9,216<\/td><td class=\"column-8\">4,096<\/td>\n<\/tr>\n<tr class=\"row-4\">\n\t<td class=\"column-1\">Moduluppl\u00f6sning (po\u00e4ng)<\/td><td class=\"column-2\">252*16<\/td><td class=\"column-3\">176*22<\/td><td class=\"column-4\">128*16<\/td><td class=\"column-5\">96*12<\/td><td class=\"column-6\">64*16<\/td><td class=\"column-7\">48*12<\/td><td class=\"column-8\">32*8<\/td>\n<\/tr>\n<tr class=\"row-5\">\n\t<td class=\"column-1\">Kabinetsresolution (po\u00e4ng)<\/td><td class=\"column-2\">504*128<\/td><td class=\"column-3\">352*88<\/td><td class=\"column-4\">256*64<\/td><td class=\"column-5\">192*48<\/td><td class=\"column-6\">128*64<\/td><td class=\"column-7\">96*48<\/td><td class=\"column-8\">64*32<\/td>\n<\/tr>\n<tr class=\"row-6\">\n\t<td class=\"column-1\">Genomskinlighet<\/td><td class=\"column-2\">42%<\/td><td class=\"column-3\">45%<\/td><td class=\"column-4\">65%<\/td><td class=\"column-5\">75%<\/td><td class=\"column-6\">65%<\/td><td class=\"column-7\">75%<\/td><td class=\"column-8\">85%<\/td>\n<\/tr>\n<tr class=\"row-7\">\n\t<td class=\"column-1\">Ljusstyrka (nit)<\/td><td class=\"column-2\">800~4,500<\/td><td class=\"column-3\">800~5,500<\/td><td class=\"column-4\">800~5,500<\/td><td class=\"column-5\">800~5,500<\/td><td class=\"column-6\">800~5,500<\/td><td class=\"column-7\">800~6,500<\/td><td class=\"column-8\">800~6,500<\/td>\n<\/tr>\n<tr class=\"row-8\">\n\t<td class=\"column-1\">Energikrav<\/td><td class=\"column-2\">220V\u00b110%; AC50Hz<\/td><td class=\"column-3\">220V\u00b110%; AC50Hz<\/td><td class=\"column-4\">220V\u00b110%; AC50Hz<\/td><td class=\"column-5\">220V\u00b110%; AC50Hz<\/td><td class=\"column-6\">220V\u00b110%; AC50Hz<\/td><td class=\"column-7\">220V\u00b110%; AC50Hz<\/td><td class=\"column-8\">220V\u00b110%; AC50Hz<\/td>\n<\/tr>\n<tr class=\"row-9\">\n\t<td class=\"column-1\">Energif\u00f6rbrukning<\/td><td class=\"column-2\">Max.: 800 W\/m\u00b2<\/td><td class=\"column-3\">Max.: 800 W\/m\u00b2<\/td><td class=\"column-4\">Max.: 800 W\/m\u00b2<\/td><td class=\"column-5\">Max.: 800 W\/m\u00b2<\/td><td class=\"column-6\">Max.: 800 W\/m\u00b2<\/td><td class=\"column-7\">Max.: 800 W\/m\u00b2<\/td><td class=\"column-8\">Max.: 800 W\/m\u00b2<\/td>\n<\/tr>\n<tr class=\"row-10\">\n\t<td class=\"column-1\">Uppdateringsfrekvens<\/td><td class=\"column-2\">1 920\/3 840 Hz<\/td><td class=\"column-3\">1 920\/3 840 Hz<\/td><td class=\"column-4\">1 920\/3 840 Hz<\/td><td class=\"column-5\">1 920\/3 840 Hz<\/td><td class=\"column-6\">1 920\/3 840 Hz<\/td><td class=\"column-7\">1 920\/3 840 Hz<\/td><td class=\"column-8\">1 920\/3 840 Hz<\/td>\n<\/tr>\n<tr class=\"row-11\">\n\t<td class=\"column-1\">Driftstemperatur<\/td><td class=\"column-2\">-10\u00b0C till 45\u00b0C<\/td><td class=\"column-3\">-10\u00b0C till 45\u00b0C<\/td><td class=\"column-4\">-10\u00b0C till 45\u00b0C<\/td><td class=\"column-5\">-10\u00b0C till 45\u00b0C<\/td><td class=\"column-6\">-10\u00b0C till 45\u00b0C<\/td><td class=\"column-7\">-10\u00b0C till 45\u00b0C<\/td><td class=\"column-8\">-10\u00b0C till 45\u00b0C<\/td>\n<\/tr>\n<tr class=\"row-12\">\n\t<td class=\"column-1\">Vikt<\/td><td class=\"column-2\">7 kg\/m\u00b2<\/td><td class=\"column-3\">7 kg\/m\u00b2<\/td><td class=\"column-4\">7 kg\/m\u00b2<\/td><td class=\"column-5\">7 kg\/m\u00b2<\/td><td class=\"column-6\">7 kg\/m\u00b2<\/td><td class=\"column-7\">7 kg\/m\u00b2<\/td><td class=\"column-8\">7 kg\/m\u00b2<\/td>\n<\/tr>\n<tr class=\"row-13\">\n\t<td class=\"column-1\">Diameter<\/td><td class=\"column-2\">Minsta: 640 mm<\/td><td class=\"column-3\">Minsta: 640 mm<\/td><td class=\"column-4\">Minsta: 640 mm<\/td><td class=\"column-5\">Minsta: 640 mm<\/td><td class=\"column-6\">Minsta: 640 mm<\/td><td class=\"column-7\">Minsta: 640 mm<\/td><td class=\"column-8\">Minsta: 640 mm<\/td>\n<\/tr>\n<\/tbody>\n<\/table>\n<!-- #tablepress-63 from cache -->\n\t\t<\/div>\n\t\t\t\t\t<\/div>\n\n\t\n<\/div>\n\t\t<\/div>\n\t\t\t\t\t<\/div>\n\n\t\n<\/div>","protected":false},"excerpt":{"rendered":"<p><strong>Anpassad TTF-serie transparent cylindrisk LED-panel<\/strong><\/p>\n<p>Den erbjuder 360-graders synlighet vid flexibla pixelavst\u00e5nd. Utformad med sk\u00e4rmar av<strong><a href=\"https:\/\/www.telaled.com\/sv\/painel-de-led-transparente-2\/\"> transparent LED-panel<\/a> anpassad<\/strong>, Denna panel \u00e4r idealisk f\u00f6r b\u00e5de inomhus- och utomhusprojekt, med alternativ f\u00f6r... <strong>transparent r\u00f6rformig LED-panel<\/strong>. Den utvecklades med dimensioner och kompatibilitet f\u00f6r b\u00e5de inomhus- och utomhusbruk, och \u00e4r en del av v\u00e5r serie av anpassningsbara och flexibla transparenta r\u00f6rformiga LED-sk\u00e4rmar.<\/p>\n<p><strong>Huvudfunktioner:<\/strong><\/p>\n<ul>\n<li><strong>360\u00b0 kulinarisk sikt:<\/strong> Synlig fr\u00e5n alla h\u00e5ll, perfekt f\u00f6r atrier, utst\u00e4llningar och sceninstallationer.<\/li>\n<li><strong>Flexibla pixelavst\u00e5nd:<\/strong> Den st\u00f6der h\u00f6guppl\u00f6sta sk\u00e4rmar med smala betraktningsavst\u00e5nd f\u00f6r n\u00e4rbild och l\u00e4ngre betraktningsavst\u00e5nd f\u00f6r stora utrymmen.<\/li>\n<li><strong>L\u00e4tt transparent r\u00f6rformig struktur:<\/strong> Det f\u00f6renklar installationen samtidigt som det bibeh\u00e5ller h\u00f6g ljusstyrka och stabilitet i inomhus- eller utomhusmilj\u00f6er.<\/li>\n<\/ul>\n<p>Vi erbjuder fj\u00e4rrsupport dygnet runt och 3 \u00e5rs garanti. Kontakta oss idag f\u00f6r en personlig offert.<\/p>","protected":false},"featured_media":3019,"template":"","meta":[],"product_brand":[],"product_cat":[48,44,45],"product_tag":[],"class_list":{"0":"post-3005","1":"product","2":"type-product","3":"status-publish","4":"has-post-thumbnail","6":"product_cat-paineis-personalizados","7":"product_cat-painel-de-led-flexivel","8":"product_cat-painel-de-led-transparente","10":"first","11":"instock","12":"shipping-taxable","13":"product-type-simple"},"yoast_head":"<!-- This site is optimized with the Yoast SEO plugin v27.4 - https:\/\/yoast.com\/product\/yoast-seo-wordpress\/ -->\n<title>Painel de LED Cil\u00edndrico Transparente S\u00e9rie TTF | Tela de LED 360\u00b0 para Exibi\u00e7\u00e3o Interna e Externa |TELALED<\/title>\n<meta name=\"description\" content=\"Explore nosso Painel de LED Cil\u00edndrico Transparente S\u00e9rie TTF - uma tela de LED cil\u00edndrica personaliz\u00e1vel com visibilidade de 360\u00b0, molduras flex\u00edveis e diferentes dist\u00e2ncias entre pixels. Solicite um or\u00e7amento agora mesmo!\" \/>\n<meta name=\"robots\" content=\"index, follow, max-snippet:-1, max-image-preview:large, max-video-preview:-1\" \/>\n<link rel=\"canonical\" href=\"https:\/\/www.telaled.com\/sv\/fabrica\/painel-de-led-cilindrico-transparente-serie-ttf\/\" \/>\n<meta property=\"og:locale\" content=\"sv_SE\" \/>\n<meta property=\"og:type\" content=\"article\" \/>\n<meta property=\"og:title\" content=\"Painel de LED Cil\u00edndrico Transparente S\u00e9rie TTF | Tela de LED 360\u00b0 para Exibi\u00e7\u00e3o Interna e Externa |TELALED\" \/>\n<meta property=\"og:description\" content=\"Explore nosso Painel de LED Cil\u00edndrico Transparente S\u00e9rie TTF - uma tela de LED cil\u00edndrica personaliz\u00e1vel com visibilidade de 360\u00b0, molduras flex\u00edveis e diferentes dist\u00e2ncias entre pixels. Solicite um or\u00e7amento agora mesmo!\" \/>\n<meta property=\"og:url\" content=\"https:\/\/www.telaled.com\/sv\/fabrica\/painel-de-led-cilindrico-transparente-serie-ttf\/\" \/>\n<meta property=\"og:site_name\" content=\"TELALED\" \/>\n<meta property=\"article:modified_time\" content=\"2026-01-05T06:56:17+00:00\" \/>\n<meta property=\"og:image\" content=\"https:\/\/www.telaled.com\/wp-content\/uploads\/2025\/08\/painel-de-led-cilindrico-transparente.webp\" \/>\n\t<meta property=\"og:image:width\" content=\"500\" \/>\n\t<meta property=\"og:image:height\" content=\"500\" \/>\n\t<meta property=\"og:image:type\" content=\"image\/webp\" \/>\n<meta name=\"twitter:card\" content=\"summary_large_image\" \/>\n<meta name=\"twitter:label1\" content=\"Est. reading time\" \/>\n\t<meta name=\"twitter:data1\" content=\"3 minuter\" \/>\n<script type=\"application\/ld+json\" class=\"yoast-schema-graph\">{\"@context\":\"https:\\\/\\\/schema.org\",\"@graph\":[{\"@type\":\"WebPage\",\"@id\":\"https:\\\/\\\/www.telaled.com\\\/fabrica\\\/painel-de-led-cilindrico-transparente-serie-ttf\\\/\",\"url\":\"https:\\\/\\\/www.telaled.com\\\/fabrica\\\/painel-de-led-cilindrico-transparente-serie-ttf\\\/\",\"name\":\"Painel de LED Cil\u00edndrico Transparente S\u00e9rie TTF | Tela de LED 360\u00b0 para Exibi\u00e7\u00e3o Interna e Externa |TELALED\",\"isPartOf\":{\"@id\":\"https:\\\/\\\/www.telaled.com\\\/#website\"},\"primaryImageOfPage\":{\"@id\":\"https:\\\/\\\/www.telaled.com\\\/fabrica\\\/painel-de-led-cilindrico-transparente-serie-ttf\\\/#primaryimage\"},\"image\":{\"@id\":\"https:\\\/\\\/www.telaled.com\\\/fabrica\\\/painel-de-led-cilindrico-transparente-serie-ttf\\\/#primaryimage\"},\"thumbnailUrl\":\"https:\\\/\\\/www.telaled.com\\\/wp-content\\\/uploads\\\/2025\\\/08\\\/painel-de-led-cilindrico-transparente.webp\",\"datePublished\":\"2025-08-18T02:14:21+00:00\",\"dateModified\":\"2026-01-05T06:56:17+00:00\",\"description\":\"Explore nosso Painel de LED Cil\u00edndrico Transparente S\u00e9rie TTF - uma tela de LED cil\u00edndrica personaliz\u00e1vel com visibilidade de 360\u00b0, molduras flex\u00edveis e diferentes dist\u00e2ncias entre pixels. Solicite um or\u00e7amento agora mesmo!\",\"breadcrumb\":{\"@id\":\"https:\\\/\\\/www.telaled.com\\\/fabrica\\\/painel-de-led-cilindrico-transparente-serie-ttf\\\/#breadcrumb\"},\"inLanguage\":\"sv-SE\",\"potentialAction\":[{\"@type\":\"ReadAction\",\"target\":[\"https:\\\/\\\/www.telaled.com\\\/fabrica\\\/painel-de-led-cilindrico-transparente-serie-ttf\\\/\"]}]},{\"@type\":\"ImageObject\",\"inLanguage\":\"sv-SE\",\"@id\":\"https:\\\/\\\/www.telaled.com\\\/fabrica\\\/painel-de-led-cilindrico-transparente-serie-ttf\\\/#primaryimage\",\"url\":\"https:\\\/\\\/www.telaled.com\\\/wp-content\\\/uploads\\\/2025\\\/08\\\/painel-de-led-cilindrico-transparente.webp\",\"contentUrl\":\"https:\\\/\\\/www.telaled.com\\\/wp-content\\\/uploads\\\/2025\\\/08\\\/painel-de-led-cilindrico-transparente.webp\",\"width\":500,\"height\":500,\"caption\":\"painel-de-led-cil\u00edndrico-transparente\"},{\"@type\":\"BreadcrumbList\",\"@id\":\"https:\\\/\\\/www.telaled.com\\\/fabrica\\\/painel-de-led-cilindrico-transparente-serie-ttf\\\/#breadcrumb\",\"itemListElement\":[{\"@type\":\"ListItem\",\"position\":1,\"name\":\"Home\",\"item\":\"https:\\\/\\\/www.telaled.com\\\/\"},{\"@type\":\"ListItem\",\"position\":2,\"name\":\"Produtos\",\"item\":\"https:\\\/\\\/www.telaled.com\\\/shop\\\/\"},{\"@type\":\"ListItem\",\"position\":3,\"name\":\"Painel de LED Cil\u00edndrico Transparente S\u00e9rie TTF\"}]},{\"@type\":\"WebSite\",\"@id\":\"https:\\\/\\\/www.telaled.com\\\/#website\",\"url\":\"https:\\\/\\\/www.telaled.com\\\/\",\"name\":\"TELALED\",\"description\":\"\",\"potentialAction\":[{\"@type\":\"SearchAction\",\"target\":{\"@type\":\"EntryPoint\",\"urlTemplate\":\"https:\\\/\\\/www.telaled.com\\\/?s={search_term_string}\"},\"query-input\":{\"@type\":\"PropertyValueSpecification\",\"valueRequired\":true,\"valueName\":\"search_term_string\"}}],\"inLanguage\":\"sv-SE\"}]}<\/script>\n<!-- \/ Yoast SEO plugin. -->","yoast_head_json":{"title":"Transparent cylindrisk LED-panel TTF-serien | 360\u00b0 LED-sk\u00e4rm f\u00f6r inomhus- och utomhusvisning | TELALED","description":"Utforska v\u00e5r TTF-serie transparenta cylindriska LED-panel \u2013 en anpassningsbar cylindrisk LED-sk\u00e4rm med 360\u00b0 synlighet, flexibla ramar och olika pixelavst\u00e5nd. Beg\u00e4r en offert nu!","robots":{"index":"index","follow":"follow","max-snippet":"max-snippet:-1","max-image-preview":"max-image-preview:large","max-video-preview":"max-video-preview:-1"},"canonical":"https:\/\/www.telaled.com\/sv\/fabrica\/painel-de-led-cilindrico-transparente-serie-ttf\/","og_locale":"sv_SE","og_type":"article","og_title":"Painel de LED Cil\u00edndrico Transparente S\u00e9rie TTF | Tela de LED 360\u00b0 para Exibi\u00e7\u00e3o Interna e Externa |TELALED","og_description":"Explore nosso Painel de LED Cil\u00edndrico Transparente S\u00e9rie TTF - uma tela de LED cil\u00edndrica personaliz\u00e1vel com visibilidade de 360\u00b0, molduras flex\u00edveis e diferentes dist\u00e2ncias entre pixels. Solicite um or\u00e7amento agora mesmo!","og_url":"https:\/\/www.telaled.com\/sv\/fabrica\/painel-de-led-cilindrico-transparente-serie-ttf\/","og_site_name":"TELALED","article_modified_time":"2026-01-05T06:56:17+00:00","og_image":[{"width":500,"height":500,"url":"https:\/\/www.telaled.com\/wp-content\/uploads\/2025\/08\/painel-de-led-cilindrico-transparente.webp","type":"image\/webp"}],"twitter_card":"summary_large_image","twitter_misc":{"Est. reading time":"3 minuter"},"schema":{"@context":"https:\/\/schema.org","@graph":[{"@type":"WebPage","@id":"https:\/\/www.telaled.com\/fabrica\/painel-de-led-cilindrico-transparente-serie-ttf\/","url":"https:\/\/www.telaled.com\/fabrica\/painel-de-led-cilindrico-transparente-serie-ttf\/","name":"Transparent cylindrisk LED-panel TTF-serien | 360\u00b0 LED-sk\u00e4rm f\u00f6r inomhus- och utomhusvisning | TELALED","isPartOf":{"@id":"https:\/\/www.telaled.com\/#website"},"primaryImageOfPage":{"@id":"https:\/\/www.telaled.com\/fabrica\/painel-de-led-cilindrico-transparente-serie-ttf\/#primaryimage"},"image":{"@id":"https:\/\/www.telaled.com\/fabrica\/painel-de-led-cilindrico-transparente-serie-ttf\/#primaryimage"},"thumbnailUrl":"https:\/\/www.telaled.com\/wp-content\/uploads\/2025\/08\/painel-de-led-cilindrico-transparente.webp","datePublished":"2025-08-18T02:14:21+00:00","dateModified":"2026-01-05T06:56:17+00:00","description":"Utforska v\u00e5r TTF-serie transparenta cylindriska LED-panel \u2013 en anpassningsbar cylindrisk LED-sk\u00e4rm med 360\u00b0 synlighet, flexibla ramar och olika pixelavst\u00e5nd. Beg\u00e4r en offert nu!","breadcrumb":{"@id":"https:\/\/www.telaled.com\/fabrica\/painel-de-led-cilindrico-transparente-serie-ttf\/#breadcrumb"},"inLanguage":"sv-SE","potentialAction":[{"@type":"ReadAction","target":["https:\/\/www.telaled.com\/fabrica\/painel-de-led-cilindrico-transparente-serie-ttf\/"]}]},{"@type":"ImageObject","inLanguage":"sv-SE","@id":"https:\/\/www.telaled.com\/fabrica\/painel-de-led-cilindrico-transparente-serie-ttf\/#primaryimage","url":"https:\/\/www.telaled.com\/wp-content\/uploads\/2025\/08\/painel-de-led-cilindrico-transparente.webp","contentUrl":"https:\/\/www.telaled.com\/wp-content\/uploads\/2025\/08\/painel-de-led-cilindrico-transparente.webp","width":500,"height":500,"caption":"painel-de-led-cil\u00edndrico-transparente"},{"@type":"BreadcrumbList","@id":"https:\/\/www.telaled.com\/fabrica\/painel-de-led-cilindrico-transparente-serie-ttf\/#breadcrumb","itemListElement":[{"@type":"ListItem","position":1,"name":"Home","item":"https:\/\/www.telaled.com\/"},{"@type":"ListItem","position":2,"name":"Produtos","item":"https:\/\/www.telaled.com\/shop\/"},{"@type":"ListItem","position":3,"name":"Painel de LED Cil\u00edndrico Transparente S\u00e9rie TTF"}]},{"@type":"WebSite","@id":"https:\/\/www.telaled.com\/#website","url":"https:\/\/www.telaled.com\/","name":"LED-sk\u00e4rm","description":"","potentialAction":[{"@type":"SearchAction","target":{"@type":"EntryPoint","urlTemplate":"https:\/\/www.telaled.com\/?s={search_term_string}"},"query-input":{"@type":"PropertyValueSpecification","valueRequired":true,"valueName":"search_term_string"}}],"inLanguage":"sv-SE"}]}},"_links":{"self":[{"href":"https:\/\/www.telaled.com\/sv\/wp-json\/wp\/v2\/product\/3005","targetHints":{"allow":["GET"]}}],"collection":[{"href":"https:\/\/www.telaled.com\/sv\/wp-json\/wp\/v2\/product"}],"about":[{"href":"https:\/\/www.telaled.com\/sv\/wp-json\/wp\/v2\/types\/product"}],"wp:featuredmedia":[{"embeddable":true,"href":"https:\/\/www.telaled.com\/sv\/wp-json\/wp\/v2\/media\/3019"}],"wp:attachment":[{"href":"https:\/\/www.telaled.com\/sv\/wp-json\/wp\/v2\/media?parent=3005"}],"wp:term":[{"taxonomy":"product_brand","embeddable":true,"href":"https:\/\/www.telaled.com\/sv\/wp-json\/wp\/v2\/product_brand?post=3005"},{"taxonomy":"product_cat","embeddable":true,"href":"https:\/\/www.telaled.com\/sv\/wp-json\/wp\/v2\/product_cat?post=3005"},{"taxonomy":"product_tag","embeddable":true,"href":"https:\/\/www.telaled.com\/sv\/wp-json\/wp\/v2\/product_tag?post=3005"}],"curies":[{"name":"wp","href":"https:\/\/api.w.org\/{rel}","templated":true}]}}