{"id":2949,"date":"2025-08-13T09:48:17","date_gmt":"2025-08-13T09:48:17","guid":{"rendered":"https:\/\/www.telaled.com\/?post_type=product&#038;p=2949"},"modified":"2026-01-05T05:49:45","modified_gmt":"2026-01-05T05:49:45","slug":"painel-de-led-transparente-serie-ttc","status":"publish","type":"product","link":"https:\/\/www.telaled.com\/sv\/fabrica\/painel-de-led-transparente-serie-ttc\/","title":{"rendered":"TTT-seriens transparenta LED-panel"},"content":{"rendered":"<div class=\"row\"  id=\"row-1799391562\">\n\n\t<div id=\"col-661719273\" class=\"col small-12 large-12\"  >\n\t\t\t\t<div class=\"col-inner\"  >\n\t\t\t\n\t\t\t\n<h2>Exklusiva f\u00f6rdelar med TTC-seriens transparenta LED-panel<\/h2>\n<h3><strong>\u00d6verl\u00e4gsen h\u00e5llbarhet<\/strong><\/h3>\n<ul>\n<li>Den har en robust struktur och v\u00e4derbest\u00e4ndig bel\u00e4ggning, vilket s\u00e4kerst\u00e4ller stabil prestanda under kr\u00e4vande utomhusf\u00f6rh\u00e5llanden.<\/li>\n<li>Modulen med h\u00f6g ljusstyrka erbjuder skarpa och livfulla bilder och \u00e4r utformad f\u00f6r enkelt utbyte, vilket minskar driftstopp under underh\u00e5ll.<\/li>\n<\/ul>\n<h3><strong>Exceptionell visuell kvalitet<\/strong><\/h3>\n<ul>\n<li>Externa LED-moduler med h\u00f6g ljusstyrka f\u00f6r skarpa och tydliga bilder.<\/li>\n<li>Bibeh\u00e5ller livfulla och exakta f\u00e4rger i direkt solljus.<\/li>\n<li>J\u00e4mn ljusstyrka \u00f6ver hela sk\u00e4rmen f\u00f6r balanserad bild.<\/li>\n<li>Stabil bildprestanda i alla v\u00e4der- och ljusf\u00f6rh\u00e5llanden.<\/li>\n<\/ul>\n<h3><strong>Fullst\u00e4ndig anpassningsf\u00f6rm\u00e5ga<\/strong><\/h3>\n<ul>\n<li>St\u00f6der underh\u00e5ll fram och bak f\u00f6r flexibel service.<\/li>\n<li>Den modul\u00e4ra designen m\u00f6jligg\u00f6r storleks\u00e4ndring och omkonfigurering.<\/li>\n<li>Den \u00e4r l\u00e4mplig f\u00f6r en m\u00e4ngd olika installationstyper och milj\u00f6er.<\/li>\n<li>L\u00e4mplig f\u00f6r sm\u00e5 skyltf\u00f6nster och stora utomhusmonter.<\/li>\n<\/ul>\n<h3><strong>Omfattande st\u00f6d<\/strong><\/h3>\n<ul>\n<li>Teknisk fj\u00e4rrsupport dygnet runt: F\u00e5 tillg\u00e5ng till experthj\u00e4lp n\u00e4r som helst, var som helst.<\/li>\n<li>5% reservdelar ing\u00e5r: Varje best\u00e4llning inkluderar ytterligare komponenter f\u00f6r att \u00f6ka tillf\u00f6rlitligheten och ge trygghet.<\/li>\n<li>3 \u00e5rs f\u00f6rl\u00e4ngd garanti: Dra nytta av l\u00e5ngsiktig konvergens f\u00f6r b\u00e4ttre prestanda och p\u00e5litlig service.<\/li>\n<\/ul>\n<h2>Produktinformation<\/h2>\n<div class=\"row\"  id=\"row-1421959599\">\n\n\t<div id=\"col-943248921\" class=\"col medium-10 small-12 large-10\"  >\n\t\t\t\t<div class=\"col-inner text-left\"  >\n\t\t\t\n\t\t\t\n<ul>\n<li>Utformad f\u00f6r snabbt och enkelt underh\u00e5ll. Du kan ta bort valfri modul och rotera kontrollboxen 180\u00b0 f\u00f6r snabba justeringar. Med sin anpassningsbara design st\u00f6der den installation och underh\u00e5ll framtill och baktill, vilket g\u00f6r den l\u00e4mplig f\u00f6r olika utomhusapplikationer.<\/li>\n<\/ul>\n\t<div class=\"img has-hover x md-x lg-x y md-y lg-y\" id=\"image_19198866\">\n\t\t\t\t\t\t\t\t<div class=\"img-inner dark\" >\n\t\t\t<img loading=\"lazy\" decoding=\"async\" width=\"621\" height=\"376\" src=\"https:\/\/www.telaled.com\/wp-content\/uploads\/2025\/08\/Facil-manutencao.webp\" class=\"attachment-original size-original\" alt=\"Enkelt underh\u00e5ll\" srcset=\"https:\/\/www.telaled.com\/wp-content\/uploads\/2025\/08\/Facil-manutencao.webp 621w, https:\/\/www.telaled.com\/wp-content\/uploads\/2025\/08\/Facil-manutencao-300x182.webp 300w, https:\/\/www.telaled.com\/wp-content\/uploads\/2025\/08\/Facil-manutencao-18x12.webp 18w, https:\/\/www.telaled.com\/wp-content\/uploads\/2025\/08\/Facil-manutencao-600x363.webp 600w\" sizes=\"auto, (max-width: 621px) 100vw, 621px\" \/>\t\t\t\t\t\t\n\t\t\t\t\t<\/div>\n\t\t\t\t\t\t\t\t\n<style>\n#image_19198866 {\n  width: 95%;\n}\n<\/style>\n\t<\/div>\n\t\n\t\t<\/div>\n\t\t\t\t\t<\/div>\n\n\t\n\n\t<div id=\"col-603071558\" class=\"col medium-10 small-12 large-10\"  >\n\t\t\t\t<div class=\"col-inner text-left\"  >\n\t\t\t\n\t\t\t\n<ul>\n<li>Med en IP65-skyddsklassning skyddar den mot vatten och damm. Utvecklade f\u00f6r att hantera kr\u00e4vande utomhusf\u00f6rh\u00e5llanden erbjuder de p\u00e5litlig prestanda i alla klimat.<\/li>\n<\/ul>\n\t<div class=\"img has-hover x md-x lg-x y md-y lg-y\" id=\"image_809394743\">\n\t\t\t\t\t\t\t\t<div class=\"img-inner dark\" >\n\t\t\t<img loading=\"lazy\" decoding=\"async\" width=\"640\" height=\"430\" src=\"https:\/\/www.telaled.com\/wp-content\/uploads\/2025\/08\/IP65-a-prova-dagua.webp\" class=\"attachment-large size-large\" alt=\"IP65 vattent\u00e4t\" srcset=\"https:\/\/www.telaled.com\/wp-content\/uploads\/2025\/08\/IP65-a-prova-dagua.webp 640w, https:\/\/www.telaled.com\/wp-content\/uploads\/2025\/08\/IP65-a-prova-dagua-300x202.webp 300w, https:\/\/www.telaled.com\/wp-content\/uploads\/2025\/08\/IP65-a-prova-dagua-18x12.webp 18w, https:\/\/www.telaled.com\/wp-content\/uploads\/2025\/08\/IP65-a-prova-dagua-600x403.webp 600w\" sizes=\"auto, (max-width: 640px) 100vw, 640px\" \/>\t\t\t\t\t\t\n\t\t\t\t\t<\/div>\n\t\t\t\t\t\t\t\t\n<style>\n#image_809394743 {\n  width: 95%;\n}\n<\/style>\n\t<\/div>\n\t\n<ul>\n<li>Den erbjuder en transparensgrad p\u00e5 30% till 60%, vilket m\u00f6jligg\u00f6r tydlig sikt genom sk\u00e4rmen samtidigt som ljusstarkt och levande inneh\u00e5ll visas. Denna design bevarar naturligt ljus och en \u00f6ppen vy.<\/li>\n<\/ul>\n\t<div class=\"img has-hover x md-x lg-x y md-y lg-y\" id=\"image_1325106937\">\n\t\t\t\t\t\t\t\t<div class=\"img-inner dark\" >\n\t\t\t<img loading=\"lazy\" decoding=\"async\" width=\"640\" height=\"430\" src=\"https:\/\/www.telaled.com\/wp-content\/uploads\/2025\/08\/Alta-Transparencia.webp\" class=\"attachment-large size-large\" alt=\"\" srcset=\"https:\/\/www.telaled.com\/wp-content\/uploads\/2025\/08\/Alta-Transparencia.webp 640w, https:\/\/www.telaled.com\/wp-content\/uploads\/2025\/08\/Alta-Transparencia-300x202.webp 300w, https:\/\/www.telaled.com\/wp-content\/uploads\/2025\/08\/Alta-Transparencia-18x12.webp 18w, https:\/\/www.telaled.com\/wp-content\/uploads\/2025\/08\/Alta-Transparencia-600x403.webp 600w\" sizes=\"auto, (max-width: 640px) 100vw, 640px\" \/>\t\t\t\t\t\t\n\t\t\t\t\t<\/div>\n\t\t\t\t\t\t\t\t\n<style>\n#image_1325106937 {\n  width: 95%;\n}\n<\/style>\n\t<\/div>\n\t\n<ul>\n<li>Den anv\u00e4nder en modul\u00e4r konfiguration f\u00f6r snabbt utbyte av delar, enkla reparationer och flexibel skalning f\u00f6r att m\u00f6ta alla sk\u00e4rmbehov.<\/li>\n<\/ul>\n\t<div class=\"img has-hover x md-x lg-x y md-y lg-y\" id=\"image_2116675799\">\n\t\t\t\t\t\t\t\t<div class=\"img-inner dark\" >\n\t\t\t<img loading=\"lazy\" decoding=\"async\" width=\"640\" height=\"430\" src=\"https:\/\/www.telaled.com\/wp-content\/uploads\/2025\/08\/Design-modular-1.webp\" class=\"attachment-large size-large\" alt=\"Modul\u00e4r design (1)\" srcset=\"https:\/\/www.telaled.com\/wp-content\/uploads\/2025\/08\/Design-modular-1.webp 640w, https:\/\/www.telaled.com\/wp-content\/uploads\/2025\/08\/Design-modular-1-300x202.webp 300w, https:\/\/www.telaled.com\/wp-content\/uploads\/2025\/08\/Design-modular-1-18x12.webp 18w, https:\/\/www.telaled.com\/wp-content\/uploads\/2025\/08\/Design-modular-1-600x403.webp 600w\" sizes=\"auto, (max-width: 640px) 100vw, 640px\" \/>\t\t\t\t\t\t\n\t\t\t\t\t<\/div>\n\t\t\t\t\t\t\t\t\n<style>\n#image_2116675799 {\n  width: 100%;\n}\n<\/style>\n\t<\/div>\n\t\n\t\t<\/div>\n\t\t\t\t\t<\/div>\n\n\t\n\n\t<div id=\"col-2028513294\" class=\"col medium-10 small-12 large-10\"  >\n\t\t\t\t<div class=\"col-inner text-left\"  >\n\t\t\t\n\t\t\t\n<ul>\n<li>LED-displayer f\u00f6rpackas efter typ och avsedd anv\u00e4ndning. Helmonterade enheter f\u00f6rpackas i tr\u00e4l\u00e5dor eller f\u00f6rst\u00e4rkta kartongf\u00f6rpackningar f\u00f6r att s\u00e4kerst\u00e4lla stabilitet under transport. LED-moduler f\u00e5r extra skydd, ofta f\u00f6rpackade i f\u00f6rst\u00e4rkta l\u00e5dor eller f\u00f6rseglade l\u00e5dor med ytterligare tr\u00e4ram, vilket \u00f6kar s\u00e4kerheten.<\/li>\n<\/ul>\n\t<div class=\"img has-hover x md-x lg-x y md-y lg-y\" id=\"image_1670478244\">\n\t\t\t\t\t\t\t\t<div class=\"img-inner dark\" >\n\t\t\t<img loading=\"lazy\" decoding=\"async\" width=\"760\" height=\"1024\" src=\"https:\/\/www.telaled.com\/wp-content\/uploads\/2025\/06\/Embalagem-760x1024.webp\" class=\"attachment-large size-large\" alt=\"F\u00f6rpackning\" srcset=\"https:\/\/www.telaled.com\/wp-content\/uploads\/2025\/06\/Embalagem-760x1024.webp 760w, https:\/\/www.telaled.com\/wp-content\/uploads\/2025\/06\/Embalagem-223x300.webp 223w, https:\/\/www.telaled.com\/wp-content\/uploads\/2025\/06\/Embalagem-768x1035.webp 768w, https:\/\/www.telaled.com\/wp-content\/uploads\/2025\/06\/Embalagem-9x12.webp 9w, https:\/\/www.telaled.com\/wp-content\/uploads\/2025\/06\/Embalagem-600x808.webp 600w, https:\/\/www.telaled.com\/wp-content\/uploads\/2025\/06\/Embalagem.webp 795w\" sizes=\"auto, (max-width: 760px) 100vw, 760px\" \/>\t\t\t\t\t\t\n\t\t\t\t\t<\/div>\n\t\t\t\t\t\t\t\t\n<style>\n#image_1670478244 {\n  width: 95%;\n}\n<\/style>\n\t<\/div>\n\t\n\t\t<\/div>\n\t\t\t\t\t<\/div>\n\n\t\n<\/div>\n\t\t<\/div>\n\t\t\t\t\t<\/div>\n\n\t\n\n\t<div id=\"col-340338196\" class=\"col small-12 large-12\"  >\n\t\t\t\t<div class=\"col-inner\"  >\n\t\t\t\n\t\t\t\n<div class=\"row\"  id=\"row-408714684\">\n\n\t<div id=\"col-2061026432\" class=\"col medium-10 small-12 large-10\"  >\n\t\t\t\t<div class=\"col-inner\"  >\n\t\t\t\n\t\t\t\n\n<table id=\"tablepress-60\" class=\"tablepress tablepress-id-60\">\n<thead>\n<tr class=\"row-1\">\n\t<th class=\"column-1\">Parametrar<\/th><th class=\"column-2\">TTC0307<\/th><th class=\"column-3\">TTC0510<\/th><th class=\"column-4\">TTC0612<\/th><th class=\"column-5\">TTC0715<\/th><th class=\"column-6\">TTC1010<\/th><th class=\"column-7\">TTC1212<\/th><th class=\"column-8\">TTC1515<\/th><th class=\"column-9\">TTC1531D<\/th>\n<\/tr>\n<\/thead>\n<tbody class=\"row-striping row-hover\">\n<tr class=\"row-2\">\n\t<td class=\"column-1\">Avst\u00e5nd mellan pixlar (mm)<\/td><td class=\"column-2\">3,91\u00d77,81 mm (H*V)<\/td><td class=\"column-3\">5,2\u00d710,4 mm (H*V)<\/td><td class=\"column-4\">6,2\u00d712,5 mm (H*V)<\/td><td class=\"column-5\">7,8\u00d715,6 mm (H*V)<\/td><td class=\"column-6\">10,4\u00d710,4 mm (H*V)<\/td><td class=\"column-7\">12,5\u00d712,5 mm (H*V)<\/td><td class=\"column-8\">15,6\u00d715,6 mm (H*V)<\/td><td class=\"column-9\">15,6\u00d731 mm (H*V)<\/td>\n<\/tr>\n<tr class=\"row-3\">\n\t<td class=\"column-1\">LED-konfiguration<\/td><td class=\"column-2\">SMD1921<\/td><td class=\"column-3\">SMD2727<\/td><td class=\"column-4\">SMD3535<\/td><td class=\"column-5\">SMD3535<\/td><td class=\"column-6\">SMD2727<\/td><td class=\"column-7\">SMD3535<\/td><td class=\"column-8\">SMD3535<\/td><td class=\"column-9\">DIP346<\/td>\n<\/tr>\n<tr class=\"row-4\">\n\t<td class=\"column-1\">Modulstorlek (mm)<\/td><td class=\"column-2\">500\u00d7125<\/td><td class=\"column-3\">500\u00d7125<\/td><td class=\"column-4\">500\u00d7125<\/td><td class=\"column-5\">500\u00d7250<\/td><td class=\"column-6\">500\u00d7125<\/td><td class=\"column-7\">500\u00d7125<\/td><td class=\"column-8\">500\u00d7250<\/td><td class=\"column-9\">500\u00d7250<\/td>\n<\/tr>\n<tr class=\"row-5\">\n\t<td class=\"column-1\">Moduluppl\u00f6sning<\/td><td class=\"column-2\">128\u00d716<\/td><td class=\"column-3\">96\u00d724<\/td><td class=\"column-4\">80\u00d710<\/td><td class=\"column-5\">64\u00d716<\/td><td class=\"column-6\">48x12<\/td><td class=\"column-7\">40\u00d710<\/td><td class=\"column-8\">32x16<\/td><td class=\"column-9\">32x8<\/td>\n<\/tr>\n<tr class=\"row-6\">\n\t<td class=\"column-1\">Sk\u00e5pstorlek (mm)<\/td><td class=\"column-2\">1000\u00d71000\u00d775<\/td><td class=\"column-3\">1000\u00d71000\u00d775<\/td><td class=\"column-4\">1000\u00d71000\u00d775<\/td><td class=\"column-5\">1000\u00d71000\u00d775<\/td><td class=\"column-6\">1000\u00d71000\u00d775<\/td><td class=\"column-7\">1000\u00d71000\u00d775<\/td><td class=\"column-8\">1000\u00d71000\u00d775<\/td><td class=\"column-9\">1000\u00d71000\u00d785<\/td>\n<\/tr>\n<tr class=\"row-7\">\n\t<td class=\"column-1\">Moduluppl\u00f6sning<\/td><td class=\"column-2\">256\u00d7128<\/td><td class=\"column-3\">192\u00d796<\/td><td class=\"column-4\">160\u00d780<\/td><td class=\"column-5\">128\u00d764<\/td><td class=\"column-6\">96x96<\/td><td class=\"column-7\">80x80<\/td><td class=\"column-8\">64x64<\/td><td class=\"column-9\">64\u00d732<\/td>\n<\/tr>\n<tr class=\"row-8\">\n\t<td class=\"column-1\">Sk\u00e5pets vikt (kg)<\/td><td class=\"column-2\">19<\/td><td class=\"column-3\">19<\/td><td class=\"column-4\">19<\/td><td class=\"column-5\">19<\/td><td class=\"column-6\">19<\/td><td class=\"column-7\">19<\/td><td class=\"column-8\">19<\/td><td class=\"column-9\">19<\/td>\n<\/tr>\n<tr class=\"row-9\">\n\t<td class=\"column-1\">Transparensavgift<\/td><td class=\"column-2\">42%<\/td><td class=\"column-3\">45%<\/td><td class=\"column-4\">35%<\/td><td class=\"column-5\">50%<\/td><td class=\"column-6\">45%<\/td><td class=\"column-7\">35%<\/td><td class=\"column-8\">50%<\/td><td class=\"column-9\">56%<\/td>\n<\/tr>\n<tr class=\"row-10\">\n\t<td class=\"column-1\">Ljusstyrka (cd\/m\u00b2)<\/td><td class=\"column-2\">5000\/8000<\/td><td class=\"column-3\">6000\/8000<\/td><td class=\"column-4\">6000\/8000<\/td><td class=\"column-5\">7000\/8500<\/td><td class=\"column-6\">5500\/8000<\/td><td class=\"column-7\">6000\/8000<\/td><td class=\"column-8\">7000\/8500<\/td><td class=\"column-9\">8000\/10000<\/td>\n<\/tr>\n<tr class=\"row-11\">\n\t<td class=\"column-1\">Maximal energif\u00f6rbrukning<\/td><td class=\"column-2\">800W\/m\u00b2<\/td><td class=\"column-3\">800W\/m\u00b2<\/td><td class=\"column-4\">800W\/m\u00b2<\/td><td class=\"column-5\">800W\/m\u00b2<\/td><td class=\"column-6\">800W\/m\u00b2<\/td><td class=\"column-7\">800W\/m\u00b2<\/td><td class=\"column-8\">800W\/m\u00b2<\/td><td class=\"column-9\">360 W\/m\u00b2<\/td>\n<\/tr>\n<tr class=\"row-12\">\n\t<td class=\"column-1\">Genomsnittlig energif\u00f6rbrukning<\/td><td class=\"column-2\">230W\/m\u00b2<\/td><td class=\"column-3\">230W\/m\u00b2<\/td><td class=\"column-4\">230W\/m\u00b2<\/td><td class=\"column-5\">230W\/m\u00b2<\/td><td class=\"column-6\">230W\/m\u00b2<\/td><td class=\"column-7\">230W\/m\u00b2<\/td><td class=\"column-8\">230W\/m\u00b2<\/td><td class=\"column-9\">100W\/m\u00b2<\/td>\n<\/tr>\n<tr class=\"row-13\">\n\t<td class=\"column-1\">Uppdateringsfrekvens<\/td><td class=\"column-2\">3840Hz<\/td><td class=\"column-3\">3840Hz<\/td><td class=\"column-4\">3840Hz<\/td><td class=\"column-5\">3840Hz<\/td><td class=\"column-6\">3840Hz<\/td><td class=\"column-7\">3840Hz<\/td><td class=\"column-8\">3840Hz<\/td><td class=\"column-9\">3840Hz<\/td>\n<\/tr>\n<tr class=\"row-14\">\n\t<td class=\"column-1\">IP-klassning (fram\/bak)<\/td><td class=\"column-2\">IP65\/IP54<\/td><td class=\"column-3\">IP65\/IP54<\/td><td class=\"column-4\">IP65\/IP54<\/td><td class=\"column-5\">IP65\/IP54<\/td><td class=\"column-6\">IP65\/IP54<\/td><td class=\"column-7\">IP65\/IP54<\/td><td class=\"column-8\">IP65\/IP54<\/td><td class=\"column-9\">IP65\/IP54<\/td>\n<\/tr>\n<tr class=\"row-15\">\n\t<td class=\"column-1\">Installationstyp<\/td><td class=\"column-2\">Fram\/Bak<\/td><td class=\"column-3\">Fram\/Bak<\/td><td class=\"column-4\">Fram\/Bak<\/td><td class=\"column-5\">Fram\/Bak<\/td><td class=\"column-6\">Fram\/Bak<\/td><td class=\"column-7\">Fram\/Bak<\/td><td class=\"column-8\">Fram\/Bak<\/td><td class=\"column-9\">Fram\/Bak<\/td>\n<\/tr>\n<tr class=\"row-16\">\n\t<td class=\"column-1\">Typ av underh\u00e5ll<\/td><td class=\"column-2\">Fram\/Bak<\/td><td class=\"column-3\">Fram\/Bak<\/td><td class=\"column-4\">Fram\/Bak<\/td><td class=\"column-5\">Fram\/Bak<\/td><td class=\"column-6\">Fram\/Bak<\/td><td class=\"column-7\">Fram\/Bak<\/td><td class=\"column-8\">Fram\/Bak<\/td><td class=\"column-9\">Fram\/Bak<\/td>\n<\/tr>\n<\/tbody>\n<\/table>\n<!-- #tablepress-60 from cache -->\n\t\t<\/div>\n\t\t\t\t\t<\/div>\n\n\t\n<\/div>\n\t\t<\/div>\n\t\t\t\t\t<\/div>\n\n\t\n<\/div>","protected":false},"excerpt":{"rendered":"<p><strong>TTC-seriens transparenta LED-panel: Effektiv grafik fr\u00e5n TelaLED<\/strong><\/p>\n<p><em><strong>TTT-seriens transparenta LED-panel<\/strong><\/em> Den erbjuder fantastisk transparens, intensiv glans och en tunn 57 mm profil f\u00f6r ett modernt, professionellt utseende. Utformad f\u00f6r snabb installation och l\u00e5ngvarig prestanda, \u00e4r det den perfekta l\u00f6sningen f\u00f6r... <a href=\"https:\/\/www.telaled.com\/sv\/led-para-vitrine-de-loja\/\">skyltf\u00f6nster<\/a> Detaljhandel, utst\u00e4llningar och storskaliga kreativa projekt.<\/p>\n<p><strong>Huvudfunktioner:<\/strong><\/p>\n<ul>\n<li><strong>Flera pixelavst\u00e5ndsalternativ:<\/strong> V\u00e4lj mellan 10, 12,5, 15,6 eller 31,25 mm f\u00f6r ideal sk\u00e4rpa.<\/li>\n<li><strong>L\u00e4tt och tunn struktur:<\/strong> Sk\u00e5p 1000\u00d71000 mm med ett djup p\u00e5 75 mm f\u00f6r enkel hantering.<\/li>\n<li><strong>M\u00e5ngsidiga till\u00e4mpningar:<\/strong> idealisk f\u00f6r detaljhandel, <a href=\"https:\/\/www.telaled.com\/sv\/telao-de-led-para-eventos\/\">evenemang<\/a> och arkitekturutst\u00e4llningar.<\/li>\n<\/ul>\n<p>Vi erbjuder fj\u00e4rrsupport dygnet runt och 3 \u00e5rs garanti. Kontakta oss idag f\u00f6r en personlig offert.<\/p>","protected":false},"featured_media":2950,"template":"","meta":[],"product_brand":[],"product_cat":[40,45,46],"product_tag":[],"class_list":{"0":"post-2949","1":"product","2":"type-product","3":"status-publish","4":"has-post-thumbnail","6":"product_cat-painel-de-led","7":"product_cat-painel-de-led-transparente","8":"product_cat-painel-de-video","10":"first","11":"instock","12":"shipping-taxable","13":"product-type-simple"},"yoast_head":"<!-- This site is optimized with the Yoast SEO plugin v27.4 - https:\/\/yoast.com\/product\/yoast-seo-wordpress\/ -->\n<title>Painel de LED Transparente S\u00e9rie TTC | Fino, Brilhante e F\u00e1cil de Instalar |TELALED<\/title>\n<meta name=\"description\" content=\"Painel de LED Transparente S\u00e9rie TTC conta com gabinetes finos de 75 mm, m\u00faltiplos espa\u00e7amentos de pixel e f\u00e1cil instala\u00e7\u00e3o. Perfeito para varejo, eventos e displays criativos.\" \/>\n<meta name=\"robots\" content=\"index, follow, max-snippet:-1, max-image-preview:large, max-video-preview:-1\" \/>\n<link rel=\"canonical\" href=\"https:\/\/www.telaled.com\/sv\/fabrica\/painel-de-led-transparente-serie-ttc\/\" \/>\n<meta property=\"og:locale\" content=\"sv_SE\" \/>\n<meta property=\"og:type\" content=\"article\" \/>\n<meta property=\"og:title\" content=\"Painel de LED Transparente S\u00e9rie TTC | Fino, Brilhante e F\u00e1cil de Instalar |TELALED\" \/>\n<meta property=\"og:description\" content=\"Painel de LED Transparente S\u00e9rie TTC conta com gabinetes finos de 75 mm, m\u00faltiplos espa\u00e7amentos de pixel e f\u00e1cil instala\u00e7\u00e3o. Perfeito para varejo, eventos e displays criativos.\" \/>\n<meta property=\"og:url\" content=\"https:\/\/www.telaled.com\/sv\/fabrica\/painel-de-led-transparente-serie-ttc\/\" \/>\n<meta property=\"og:site_name\" content=\"TELALED\" \/>\n<meta property=\"article:modified_time\" content=\"2026-01-05T05:49:45+00:00\" \/>\n<meta property=\"og:image\" content=\"https:\/\/www.telaled.com\/wp-content\/uploads\/2025\/08\/Painel-de-LED-Transparente-Serie-TTC.webp\" \/>\n\t<meta property=\"og:image:width\" content=\"500\" \/>\n\t<meta property=\"og:image:height\" content=\"500\" \/>\n\t<meta property=\"og:image:type\" content=\"image\/webp\" \/>\n<meta name=\"twitter:card\" content=\"summary_large_image\" \/>\n<meta name=\"twitter:label1\" content=\"Est. reading time\" \/>\n\t<meta name=\"twitter:data1\" content=\"3 minuter\" \/>\n<script type=\"application\/ld+json\" class=\"yoast-schema-graph\">{\"@context\":\"https:\\\/\\\/schema.org\",\"@graph\":[{\"@type\":\"WebPage\",\"@id\":\"https:\\\/\\\/www.telaled.com\\\/fabrica\\\/painel-de-led-transparente-serie-ttc\\\/\",\"url\":\"https:\\\/\\\/www.telaled.com\\\/fabrica\\\/painel-de-led-transparente-serie-ttc\\\/\",\"name\":\"Painel de LED Transparente S\u00e9rie TTC | Fino, Brilhante e F\u00e1cil de Instalar |TELALED\",\"isPartOf\":{\"@id\":\"https:\\\/\\\/www.telaled.com\\\/#website\"},\"primaryImageOfPage\":{\"@id\":\"https:\\\/\\\/www.telaled.com\\\/fabrica\\\/painel-de-led-transparente-serie-ttc\\\/#primaryimage\"},\"image\":{\"@id\":\"https:\\\/\\\/www.telaled.com\\\/fabrica\\\/painel-de-led-transparente-serie-ttc\\\/#primaryimage\"},\"thumbnailUrl\":\"https:\\\/\\\/www.telaled.com\\\/wp-content\\\/uploads\\\/2025\\\/08\\\/Painel-de-LED-Transparente-Serie-TTC.webp\",\"datePublished\":\"2025-08-13T09:48:17+00:00\",\"dateModified\":\"2026-01-05T05:49:45+00:00\",\"description\":\"Painel de LED Transparente S\u00e9rie TTC conta com gabinetes finos de 75 mm, m\u00faltiplos espa\u00e7amentos de pixel e f\u00e1cil instala\u00e7\u00e3o. Perfeito para varejo, eventos e displays criativos.\",\"breadcrumb\":{\"@id\":\"https:\\\/\\\/www.telaled.com\\\/fabrica\\\/painel-de-led-transparente-serie-ttc\\\/#breadcrumb\"},\"inLanguage\":\"sv-SE\",\"potentialAction\":[{\"@type\":\"ReadAction\",\"target\":[\"https:\\\/\\\/www.telaled.com\\\/fabrica\\\/painel-de-led-transparente-serie-ttc\\\/\"]}]},{\"@type\":\"ImageObject\",\"inLanguage\":\"sv-SE\",\"@id\":\"https:\\\/\\\/www.telaled.com\\\/fabrica\\\/painel-de-led-transparente-serie-ttc\\\/#primaryimage\",\"url\":\"https:\\\/\\\/www.telaled.com\\\/wp-content\\\/uploads\\\/2025\\\/08\\\/Painel-de-LED-Transparente-Serie-TTC.webp\",\"contentUrl\":\"https:\\\/\\\/www.telaled.com\\\/wp-content\\\/uploads\\\/2025\\\/08\\\/Painel-de-LED-Transparente-Serie-TTC.webp\",\"width\":500,\"height\":500,\"caption\":\"Painel-de-LED-Transparente-S\u00e9rie-TTC\"},{\"@type\":\"BreadcrumbList\",\"@id\":\"https:\\\/\\\/www.telaled.com\\\/fabrica\\\/painel-de-led-transparente-serie-ttc\\\/#breadcrumb\",\"itemListElement\":[{\"@type\":\"ListItem\",\"position\":1,\"name\":\"Home\",\"item\":\"https:\\\/\\\/www.telaled.com\\\/\"},{\"@type\":\"ListItem\",\"position\":2,\"name\":\"Produtos\",\"item\":\"https:\\\/\\\/www.telaled.com\\\/shop\\\/\"},{\"@type\":\"ListItem\",\"position\":3,\"name\":\"Painel de LED Transparente S\u00e9rie TTC\"}]},{\"@type\":\"WebSite\",\"@id\":\"https:\\\/\\\/www.telaled.com\\\/#website\",\"url\":\"https:\\\/\\\/www.telaled.com\\\/\",\"name\":\"TELALED\",\"description\":\"\",\"potentialAction\":[{\"@type\":\"SearchAction\",\"target\":{\"@type\":\"EntryPoint\",\"urlTemplate\":\"https:\\\/\\\/www.telaled.com\\\/?s={search_term_string}\"},\"query-input\":{\"@type\":\"PropertyValueSpecification\",\"valueRequired\":true,\"valueName\":\"search_term_string\"}}],\"inLanguage\":\"sv-SE\"}]}<\/script>\n<!-- \/ Yoast SEO plugin. -->","yoast_head_json":{"title":"TTC-seriens transparenta LED-panel | Tunn, ljusstark och enkel att installera | TELALED","description":"TTC-seriens klara LED-panel har smala 75 mm-h\u00f6ljen, flera pixelavst\u00e5nd och enkel installation. Perfekt f\u00f6r detaljhandel, evenemang och kreativa displayer.","robots":{"index":"index","follow":"follow","max-snippet":"max-snippet:-1","max-image-preview":"max-image-preview:large","max-video-preview":"max-video-preview:-1"},"canonical":"https:\/\/www.telaled.com\/sv\/fabrica\/painel-de-led-transparente-serie-ttc\/","og_locale":"sv_SE","og_type":"article","og_title":"Painel de LED Transparente S\u00e9rie TTC | Fino, Brilhante e F\u00e1cil de Instalar |TELALED","og_description":"Painel de LED Transparente S\u00e9rie TTC conta com gabinetes finos de 75 mm, m\u00faltiplos espa\u00e7amentos de pixel e f\u00e1cil instala\u00e7\u00e3o. Perfeito para varejo, eventos e displays criativos.","og_url":"https:\/\/www.telaled.com\/sv\/fabrica\/painel-de-led-transparente-serie-ttc\/","og_site_name":"TELALED","article_modified_time":"2026-01-05T05:49:45+00:00","og_image":[{"width":500,"height":500,"url":"https:\/\/www.telaled.com\/wp-content\/uploads\/2025\/08\/Painel-de-LED-Transparente-Serie-TTC.webp","type":"image\/webp"}],"twitter_card":"summary_large_image","twitter_misc":{"Est. reading time":"3 minuter"},"schema":{"@context":"https:\/\/schema.org","@graph":[{"@type":"WebPage","@id":"https:\/\/www.telaled.com\/fabrica\/painel-de-led-transparente-serie-ttc\/","url":"https:\/\/www.telaled.com\/fabrica\/painel-de-led-transparente-serie-ttc\/","name":"TTC-seriens transparenta LED-panel | Tunn, ljusstark och enkel att installera | TELALED","isPartOf":{"@id":"https:\/\/www.telaled.com\/#website"},"primaryImageOfPage":{"@id":"https:\/\/www.telaled.com\/fabrica\/painel-de-led-transparente-serie-ttc\/#primaryimage"},"image":{"@id":"https:\/\/www.telaled.com\/fabrica\/painel-de-led-transparente-serie-ttc\/#primaryimage"},"thumbnailUrl":"https:\/\/www.telaled.com\/wp-content\/uploads\/2025\/08\/Painel-de-LED-Transparente-Serie-TTC.webp","datePublished":"2025-08-13T09:48:17+00:00","dateModified":"2026-01-05T05:49:45+00:00","description":"TTC-seriens klara LED-panel har smala 75 mm-h\u00f6ljen, flera pixelavst\u00e5nd och enkel installation. Perfekt f\u00f6r detaljhandel, evenemang och kreativa displayer.","breadcrumb":{"@id":"https:\/\/www.telaled.com\/fabrica\/painel-de-led-transparente-serie-ttc\/#breadcrumb"},"inLanguage":"sv-SE","potentialAction":[{"@type":"ReadAction","target":["https:\/\/www.telaled.com\/fabrica\/painel-de-led-transparente-serie-ttc\/"]}]},{"@type":"ImageObject","inLanguage":"sv-SE","@id":"https:\/\/www.telaled.com\/fabrica\/painel-de-led-transparente-serie-ttc\/#primaryimage","url":"https:\/\/www.telaled.com\/wp-content\/uploads\/2025\/08\/Painel-de-LED-Transparente-Serie-TTC.webp","contentUrl":"https:\/\/www.telaled.com\/wp-content\/uploads\/2025\/08\/Painel-de-LED-Transparente-Serie-TTC.webp","width":500,"height":500,"caption":"Painel-de-LED-Transparente-S\u00e9rie-TTC"},{"@type":"BreadcrumbList","@id":"https:\/\/www.telaled.com\/fabrica\/painel-de-led-transparente-serie-ttc\/#breadcrumb","itemListElement":[{"@type":"ListItem","position":1,"name":"Home","item":"https:\/\/www.telaled.com\/"},{"@type":"ListItem","position":2,"name":"Produtos","item":"https:\/\/www.telaled.com\/shop\/"},{"@type":"ListItem","position":3,"name":"Painel de LED Transparente S\u00e9rie TTC"}]},{"@type":"WebSite","@id":"https:\/\/www.telaled.com\/#website","url":"https:\/\/www.telaled.com\/","name":"LED-sk\u00e4rm","description":"","potentialAction":[{"@type":"SearchAction","target":{"@type":"EntryPoint","urlTemplate":"https:\/\/www.telaled.com\/?s={search_term_string}"},"query-input":{"@type":"PropertyValueSpecification","valueRequired":true,"valueName":"search_term_string"}}],"inLanguage":"sv-SE"}]}},"_links":{"self":[{"href":"https:\/\/www.telaled.com\/sv\/wp-json\/wp\/v2\/product\/2949","targetHints":{"allow":["GET"]}}],"collection":[{"href":"https:\/\/www.telaled.com\/sv\/wp-json\/wp\/v2\/product"}],"about":[{"href":"https:\/\/www.telaled.com\/sv\/wp-json\/wp\/v2\/types\/product"}],"wp:featuredmedia":[{"embeddable":true,"href":"https:\/\/www.telaled.com\/sv\/wp-json\/wp\/v2\/media\/2950"}],"wp:attachment":[{"href":"https:\/\/www.telaled.com\/sv\/wp-json\/wp\/v2\/media?parent=2949"}],"wp:term":[{"taxonomy":"product_brand","embeddable":true,"href":"https:\/\/www.telaled.com\/sv\/wp-json\/wp\/v2\/product_brand?post=2949"},{"taxonomy":"product_cat","embeddable":true,"href":"https:\/\/www.telaled.com\/sv\/wp-json\/wp\/v2\/product_cat?post=2949"},{"taxonomy":"product_tag","embeddable":true,"href":"https:\/\/www.telaled.com\/sv\/wp-json\/wp\/v2\/product_tag?post=2949"}],"curies":[{"name":"wp","href":"https:\/\/api.w.org\/{rel}","templated":true}]}}