{"id":2924,"date":"2025-08-11T09:00:34","date_gmt":"2025-08-11T09:00:34","guid":{"rendered":"https:\/\/www.telaled.com\/?post_type=product&#038;p=2924"},"modified":"2025-12-26T03:44:21","modified_gmt":"2025-12-26T03:44:21","slug":"painel-de-led-transparente-serie-tta","status":"publish","type":"product","link":"https:\/\/www.telaled.com\/sv\/fabrica\/painel-de-led-transparente-serie-tta\/","title":{"rendered":"TTA-seriens transparenta LED-panel"},"content":{"rendered":"<div class=\"row\"  id=\"row-125797843\">\n\n\t<div id=\"col-1647683974\" class=\"col small-12 large-12\"  >\n\t\t\t\t<div class=\"col-inner\"  >\n\t\t\t\n\t\t\t\n<h2>Exklusiva f\u00f6rdelar med TTA-seriens transparenta LED-panel<\/h2>\n<h3><strong>\u00d6verl\u00e4gsen h\u00e5llbarhet<\/strong><\/h3>\n<ul>\n<li>Robust aluminiumram: Den har en l\u00e4tt och h\u00e5llbar aluminiumram som s\u00e4kerst\u00e4ller strukturell integritet, samt \u00e4r enkel att hantera och installera.<\/li>\n<li>Modul\u00e4ra LED-moduler (500\u00d7125 mm): Varje modul \u00e4r utformad f\u00f6r s\u00f6ml\u00f6s integration och erbjuder 3,91 mm pixelavst\u00e5nd f\u00f6r konsekventa bilder av h\u00f6g kvalitet, med snabba utbytesm\u00f6jligheter f\u00f6r att minimera driftstopp.<\/li>\n<\/ul>\n<h3><strong>Exceptionell visuell kvalitet<\/strong><\/h3>\n<ul>\n<li>H\u00f6g ljusstyrka p\u00e5 4000\u20134500 cd\/\u33a1 \u2013 Garanterar skarpa och livfulla bilder \u00e4ven i starkt upplysta eller mycket trafikerade omr\u00e5den, vilket g\u00f6r den l\u00e4mplig f\u00f6r inomhus- och utomhusbruk.<\/li>\n<li>Bred betraktningsvinkel p\u00e5 140\u00b0 \u2013 Ger skarpa, tydliga bilder fr\u00e5n flera vinklar utan distorsion, vilket s\u00e4kerst\u00e4ller en j\u00e4mn tittarupplevelse fr\u00e5n alla vinklar.<\/li>\n<li>Noggrann f\u00e4rg\u00e5tergivning: Avancerad kalibreringsteknik s\u00e4kerst\u00e4ller realistisk f\u00e4rgnoggrannhet, med j\u00e4mn ljusstyrka och f\u00e4rgkonsistens \u00f6ver hela sk\u00e4rmen.<\/li>\n<\/ul>\n<h3><strong>Fullst\u00e4ndig anpassningsf\u00f6rm\u00e5ga<\/strong><\/h3>\n<ul>\n<li>Anpassningsbar storlek: den modul\u00e4ra designen m\u00f6jligg\u00f6r enkla justeringar f\u00f6r att m\u00f6ta specifika utrymmeskrav f\u00f6r en anpassad displayl\u00f6sning.<\/li>\n<li>S\u00f6ml\u00f6s integration med arkitekturen: den transparenta designen s\u00e4kerst\u00e4ller enkel integration med moderna arkitektoniska element utan att skymma utsikten.<\/li>\n<li>Kompatibilitet inomhus och utomhus: anpassningsbar f\u00f6r inomhus- och utomhusmilj\u00f6er, perfekt f\u00f6r olika milj\u00f6er som k\u00f6pcentra, evenemang och mycket mer.<\/li>\n<\/ul>\n<h3><strong>Omfattande st\u00f6d<\/strong><\/h3>\n<ul>\n<li>Teknisk support p\u00e5 distans dygnet runt: F\u00e5 hj\u00e4lp n\u00e4r du beh\u00f6ver det, var du \u00e4n \u00e4r.<\/li>\n<li>5% medf\u00f6ljande reservdelar: Varje leverans inneh\u00e5ller extra komponenter f\u00f6r \u00f6kad tillf\u00f6rlitlighet och trygghet.<\/li>\n<li>3 \u00e5rs f\u00f6rl\u00e4ngd garanti: Dra nytta av l\u00e5ngsiktigt skydd f\u00f6r b\u00e4ttre prestanda och p\u00e5litlig support.<\/li>\n<\/ul>\n<h2>Produktinformation<\/h2>\n<div class=\"row\"  id=\"row-1949252723\">\n\n\t<div id=\"col-281501768\" class=\"col medium-10 small-12 large-10\"  >\n\t\t\t\t<div class=\"col-inner text-left\"  >\n\t\t\t\n\t\t\t\n<ul>\n<li>Den modul\u00e4ra str\u00f6mf\u00f6rs\u00f6rjningsboxen och kretskortet m\u00f6jligg\u00f6r snabba och enkla reparationer, samt kostnadseffektiva utbyten av delar. Det modul\u00e4ra kretskortet bibeh\u00e5ller ocks\u00e5 sk\u00e4rmens planhet mer effektivt \u00e4n sidoemitterande LED-kretsremsor.<\/li>\n<\/ul>\n\t<div class=\"img has-hover x md-x lg-x y md-y lg-y\" id=\"image_6162008\">\n\t\t\t\t\t\t\t\t<div class=\"img-inner dark\" >\n\t\t\t<img loading=\"lazy\" decoding=\"async\" width=\"744\" height=\"719\" src=\"https:\/\/www.telaled.com\/wp-content\/uploads\/2025\/08\/Design-modular.webp\" class=\"attachment-original size-original\" alt=\"Modul\u00e4r design\" srcset=\"https:\/\/www.telaled.com\/wp-content\/uploads\/2025\/08\/Design-modular.webp 744w, https:\/\/www.telaled.com\/wp-content\/uploads\/2025\/08\/Design-modular-300x290.webp 300w, https:\/\/www.telaled.com\/wp-content\/uploads\/2025\/08\/Design-modular-12x12.webp 12w, https:\/\/www.telaled.com\/wp-content\/uploads\/2025\/08\/Design-modular-600x580.webp 600w\" sizes=\"auto, (max-width: 744px) 100vw, 744px\" \/>\t\t\t\t\t\t\n\t\t\t\t\t<\/div>\n\t\t\t\t\t\t\t\t\n<style>\n#image_6162008 {\n  width: 95%;\n}\n<\/style>\n\t<\/div>\n\t\n\t\t<\/div>\n\t\t\t\t\t<\/div>\n\n\t\n\n\t<div id=\"col-1192962779\" class=\"col medium-10 small-12 large-10\"  >\n\t\t\t\t<div class=\"col-inner text-left\"  >\n\t\t\t\n\t\t\t\n<ul>\n<li>Utformad f\u00f6r enkel installation, vilket g\u00f6r att den kan utf\u00f6ras av en enda person. Denna funktion p\u00e5skyndar permanenta och tillf\u00e4lliga installationer, vilket minskar tid och arbetskostnader.<\/li>\n<\/ul>\n\t<div class=\"img has-hover x md-x lg-x y md-y lg-y\" id=\"image_938825710\">\n\t\t\t\t\t\t\t\t<div class=\"img-inner dark\" >\n\t\t\t<img loading=\"lazy\" decoding=\"async\" width=\"1020\" height=\"623\" src=\"https:\/\/www.telaled.com\/wp-content\/uploads\/2025\/08\/Instalacao-rapida-e-simples-1024x625.webp\" class=\"attachment-large size-large\" alt=\"\" srcset=\"https:\/\/www.telaled.com\/wp-content\/uploads\/2025\/08\/Instalacao-rapida-e-simples-1024x625.webp 1024w, https:\/\/www.telaled.com\/wp-content\/uploads\/2025\/08\/Instalacao-rapida-e-simples-300x183.webp 300w, https:\/\/www.telaled.com\/wp-content\/uploads\/2025\/08\/Instalacao-rapida-e-simples-768x469.webp 768w, https:\/\/www.telaled.com\/wp-content\/uploads\/2025\/08\/Instalacao-rapida-e-simples-18x12.webp 18w, https:\/\/www.telaled.com\/wp-content\/uploads\/2025\/08\/Instalacao-rapida-e-simples-600x366.webp 600w, https:\/\/www.telaled.com\/wp-content\/uploads\/2025\/08\/Instalacao-rapida-e-simples.webp 1385w\" sizes=\"auto, (max-width: 1020px) 100vw, 1020px\" \/>\t\t\t\t\t\t\n\t\t\t\t\t<\/div>\n\t\t\t\t\t\t\t\t\n<style>\n#image_938825710 {\n  width: 95%;\n}\n<\/style>\n\t<\/div>\n\t\n<ul>\n<li>Den prioriterar h\u00e5llbarhet genom att arbeta med en l\u00e5g genomsnittlig energif\u00f6rbrukning p\u00e5 endast 180 W\/\u00b2. Denna energieffektiva design minimerar inte bara milj\u00f6p\u00e5verkan utan minskar \u00e4ven energikostnaderna.<\/li>\n<\/ul>\n\t<div class=\"img has-hover x md-x lg-x y md-y lg-y\" id=\"image_516549856\">\n\t\t\t\t\t\t\t\t<div class=\"img-inner dark\" >\n\t\t\t<img loading=\"lazy\" decoding=\"async\" width=\"640\" height=\"430\" src=\"https:\/\/www.telaled.com\/wp-content\/uploads\/2025\/08\/Eficiencia-energetica-ecologica.webp\" class=\"attachment-large size-large\" alt=\"\" srcset=\"https:\/\/www.telaled.com\/wp-content\/uploads\/2025\/08\/Eficiencia-energetica-ecologica.webp 640w, https:\/\/www.telaled.com\/wp-content\/uploads\/2025\/08\/Eficiencia-energetica-ecologica-300x202.webp 300w, https:\/\/www.telaled.com\/wp-content\/uploads\/2025\/08\/Eficiencia-energetica-ecologica-18x12.webp 18w, https:\/\/www.telaled.com\/wp-content\/uploads\/2025\/08\/Eficiencia-energetica-ecologica-600x403.webp 600w\" sizes=\"auto, (max-width: 640px) 100vw, 640px\" \/>\t\t\t\t\t\t\n\t\t\t\t\t<\/div>\n\t\t\t\t\t\t\t\t\n<style>\n#image_516549856 {\n  width: 95%;\n}\n<\/style>\n\t<\/div>\n\t\n\t\t<\/div>\n\t\t\t\t\t<\/div>\n\n\t\n\n\t<div id=\"col-1720095996\" class=\"col medium-10 small-12 large-10\"  >\n\t\t\t\t<div class=\"col-inner text-left\"  >\n\t\t\t\n\t\t\t\n<ul>\n<li>V\u00e5ra LED-displayer f\u00f6rpackas efter typ och avsedd anv\u00e4ndning. Korrekt monterade enheter f\u00f6rpackas i tr\u00e4l\u00e5dor eller f\u00f6rst\u00e4rkta kartonger f\u00f6r att bibeh\u00e5lla stabilitet under transport. LED-moduler f\u00e5r s\u00e4rskild omsorg och f\u00f6rpackas ofta i f\u00f6rst\u00e4rkta kartonger eller luftt\u00e4ta l\u00e5dor med extra tr\u00e4ram f\u00f6r b\u00e4ttre skydd.<\/li>\n<\/ul>\n\t<div class=\"img has-hover x md-x lg-x y md-y lg-y\" id=\"image_1993157868\">\n\t\t\t\t\t\t\t\t<div class=\"img-inner dark\" >\n\t\t\t<img loading=\"lazy\" decoding=\"async\" width=\"760\" height=\"1024\" src=\"https:\/\/www.telaled.com\/wp-content\/uploads\/2025\/06\/Embalagem-760x1024.webp\" class=\"attachment-large size-large\" alt=\"F\u00f6rpackning\" srcset=\"https:\/\/www.telaled.com\/wp-content\/uploads\/2025\/06\/Embalagem-760x1024.webp 760w, https:\/\/www.telaled.com\/wp-content\/uploads\/2025\/06\/Embalagem-223x300.webp 223w, https:\/\/www.telaled.com\/wp-content\/uploads\/2025\/06\/Embalagem-768x1035.webp 768w, https:\/\/www.telaled.com\/wp-content\/uploads\/2025\/06\/Embalagem-9x12.webp 9w, https:\/\/www.telaled.com\/wp-content\/uploads\/2025\/06\/Embalagem-600x808.webp 600w, https:\/\/www.telaled.com\/wp-content\/uploads\/2025\/06\/Embalagem.webp 795w\" sizes=\"auto, (max-width: 760px) 100vw, 760px\" \/>\t\t\t\t\t\t\n\t\t\t\t\t<\/div>\n\t\t\t\t\t\t\t\t\n<style>\n#image_1993157868 {\n  width: 95%;\n}\n<\/style>\n\t<\/div>\n\t\n\t\t<\/div>\n\t\t\t\t\t<\/div>\n\n\t\n<\/div>\n\t\t<\/div>\n\t\t\t\t\t<\/div>\n\n\t\n\n\t<div id=\"col-1607801691\" class=\"col small-12 large-12\"  >\n\t\t\t\t<div class=\"col-inner\"  >\n\t\t\t\n\t\t\t\n<div class=\"row\"  id=\"row-1397918758\">\n\n\t<div id=\"col-1428084929\" class=\"col medium-10 small-12 large-10\"  >\n\t\t\t\t<div class=\"col-inner\"  >\n\t\t\t\n\t\t\t\n\n<table id=\"tablepress-58\" class=\"tablepress tablepress-id-58\">\n<thead>\n<tr class=\"row-1\">\n\t<th class=\"column-1\">Punkt<\/th><th class=\"column-2\">TTA3.91 F\u00e4rg Transparent LED-sk\u00e4rm<\/th>\n<\/tr>\n<\/thead>\n<tbody class=\"row-striping row-hover\">\n<tr class=\"row-2\">\n\t<td class=\"column-1\">Modulstorlek<\/td><td class=\"column-2\">500 mm * 125 mm * 10 mm<\/td>\n<\/tr>\n<tr class=\"row-3\">\n\t<td class=\"column-1\">Uppl\u00f6sning<\/td><td class=\"column-2\">128 \u00d7 16 = 2048<\/td>\n<\/tr>\n<tr class=\"row-4\">\n\t<td class=\"column-1\">Avst\u00e5nd mellan pixlar<\/td><td class=\"column-2\">3,91 mm<\/td>\n<\/tr>\n<tr class=\"row-5\">\n\t<td class=\"column-1\">Fysisk densitet<\/td><td class=\"column-2\">32768 punkter\/\u33a1<\/td>\n<\/tr>\n<tr class=\"row-6\">\n\t<td class=\"column-1\">Nuvarande modul<\/td><td class=\"column-2\">9A \u00b1 0,1A<\/td>\n<\/tr>\n<tr class=\"row-7\">\n\t<td class=\"column-1\">Ing\u00e5ngssp\u00e4nning<\/td><td class=\"column-2\">4,8V\u20135,2V<\/td>\n<\/tr>\n<tr class=\"row-8\">\n\t<td class=\"column-1\">Modulens str\u00f6mf\u00f6rs\u00f6rjning<\/td><td class=\"column-2\">45W<\/td>\n<\/tr>\n<tr class=\"row-9\">\n\t<td class=\"column-1\">Modulvikt<\/td><td class=\"column-2\">310 g<\/td>\n<\/tr>\n<tr class=\"row-10\">\n\t<td class=\"column-1\">L\u00e5dans uppl\u00f6sning (L x H)<\/td><td class=\"column-2\">256 pixlar \u00d7 128 pixlar<\/td>\n<\/tr>\n<tr class=\"row-11\">\n\t<td class=\"column-1\">Modulf\u00f6rdelning (L x A)<\/td><td class=\"column-2\">2x8<\/td>\n<\/tr>\n<tr class=\"row-12\">\n\t<td class=\"column-1\">L\u00e5dans m\u00e5tt (bredd x h\u00f6jd x tjocklek)<\/td><td class=\"column-2\">1000 mm \u00d7 1000 mm \u00d7 80 mm<\/td>\n<\/tr>\n<tr class=\"row-13\">\n\t<td class=\"column-1\">Sk\u00e5pets vikt<\/td><td class=\"column-2\">7,5 kg\/\u33a1<\/td>\n<\/tr>\n<tr class=\"row-14\">\n\t<td class=\"column-1\">Installationsl\u00e4ge<\/td><td class=\"column-2\">Montering av bakre struktur \/ lyftning \/ montering av innerb\u00e5ge<\/td>\n<\/tr>\n<tr class=\"row-15\">\n\t<td class=\"column-1\">Fysisk densitet<\/td><td class=\"column-2\">32768 punkter\/\u33a1<\/td>\n<\/tr>\n<tr class=\"row-16\">\n\t<td class=\"column-1\">Glans<\/td><td class=\"column-2\">4000\u20134500 cd\/\u33a1<\/td>\n<\/tr>\n<tr class=\"row-17\">\n\t<td class=\"column-1\">Horisontell vy \/ vertikal vy<\/td><td class=\"column-2\">140\u00b0\/140\u00b0<\/td>\n<\/tr>\n<tr class=\"row-18\">\n\t<td class=\"column-1\">Transmittans<\/td><td class=\"column-2\">\u226565%<\/td>\n<\/tr>\n<tr class=\"row-19\">\n\t<td class=\"column-1\">Kromaticitetsj\u00e4mnhet<\/td><td class=\"column-2\">\u00b1 0,003 CX, inom CY<\/td>\n<\/tr>\n<tr class=\"row-20\">\n\t<td class=\"column-1\">Maximal kontrast<\/td><td class=\"column-2\">3000:1<\/td>\n<\/tr>\n<tr class=\"row-21\">\n\t<td class=\"column-1\">Skyddsgrad<\/td><td class=\"column-2\">IP22<\/td>\n<\/tr>\n<tr class=\"row-22\">\n\t<td class=\"column-1\">Underh\u00e5llsl\u00e4ge<\/td><td class=\"column-2\">Underh\u00e5ll fram och bak<\/td>\n<\/tr>\n<tr class=\"row-23\">\n\t<td class=\"column-1\">Signalf\u00e4rgbehandlingsbitar<\/td><td class=\"column-2\">R\u00f6d, gr\u00f6n och bl\u00e5 \u2265 16 bitar vardera<\/td>\n<\/tr>\n<tr class=\"row-24\">\n\t<td class=\"column-1\">K\u00f6rl\u00e4ge<\/td><td class=\"column-2\">Konstant str\u00f6mdrift<\/td>\n<\/tr>\n<tr class=\"row-25\">\n\t<td class=\"column-1\">Frekvens f\u00f6r rambyte<\/td><td class=\"column-2\">60-bildrutor h\u00f6g pensel st\u00f6der 3D: 120 bildrutor<\/td>\n<\/tr>\n<tr class=\"row-26\">\n\t<td class=\"column-1\">Uppdateringsfrekvens<\/td><td class=\"column-2\">Standardborste \u2264 1920 Hz, h\u00f6ghastighetsborste \u2264 3840 Hz<\/td>\n<\/tr>\n<tr class=\"row-27\">\n\t<td class=\"column-1\">Sk\u00e4rmens f\u00e4rgtemperatur<\/td><td class=\"column-2\">3200K ~ 9500K justerbar<\/td>\n<\/tr>\n<tr class=\"row-28\">\n\t<td class=\"column-1\">Justering av ljusstyrka<\/td><td class=\"column-2\">Manuell \/ automatisk \/ programmerad styrning<\/td>\n<\/tr>\n<tr class=\"row-29\">\n\t<td class=\"column-1\">Pixelkorrigering<\/td><td class=\"column-2\">Utrustad med ljusstyrkekorrigering och punkt-f\u00f6r-punkt-chroma keying.<\/td>\n<\/tr>\n<tr class=\"row-30\">\n\t<td class=\"column-1\">Kontrolll\u00e4ge<\/td><td class=\"column-2\">Synkron styrning<\/td>\n<\/tr>\n<tr class=\"row-31\">\n\t<td class=\"column-1\">Kontrollavst\u00e5nd<\/td><td class=\"column-2\">Superkategori 5 tvinnad parn\u00e4tverkskabel, \u00f6ver 100 meter l\u00e5ng, med fiberoptik.<\/td>\n<\/tr>\n<tr class=\"row-32\">\n\t<td class=\"column-1\">Programgr\u00e4nssnitt<\/td><td class=\"column-2\">Windows XP\/7\/8\/10<\/td>\n<\/tr>\n<tr class=\"row-33\">\n\t<td class=\"column-1\">Signaling\u00e5ng<\/td><td class=\"column-2\">HDMI-DVI<\/td>\n<\/tr>\n<tr class=\"row-34\">\n\t<td class=\"column-1\">Arbetssp\u00e4nning<\/td><td class=\"column-2\">AC: 240V, 50~60Hz<\/td>\n<\/tr>\n<tr class=\"row-35\">\n\t<td class=\"column-1\">Maximal energif\u00f6rbrukning<\/td><td class=\"column-2\">300W\/\u33a1<\/td>\n<\/tr>\n<tr class=\"row-36\">\n\t<td class=\"column-1\">Genomsnittlig energif\u00f6rbrukning<\/td><td class=\"column-2\">180W\/\u33a1<\/td>\n<\/tr>\n<tr class=\"row-37\">\n\t<td class=\"column-1\">Str\u00f6mk\u00e4lla<\/td><td class=\"column-2\">300W n\u00e4taggregat (Nandian \/ Chuanglian \/ Juneng och andra n\u00e4taggregatsm\u00e4rken)<\/td>\n<\/tr>\n<tr class=\"row-38\">\n\t<td class=\"column-1\">Kontinuerlig arbetstid<\/td><td class=\"column-2\">\u22657 \u00d7 24 timmar, st\u00f6der kontinuerlig visning<\/td>\n<\/tr>\n<tr class=\"row-39\">\n\t<td class=\"column-1\">Medeltid mellan fel<\/td><td class=\"column-2\">\u2265 10000 timmar<\/td>\n<\/tr>\n<tr class=\"row-40\">\n\t<td class=\"column-1\">Teoretisk livsl\u00e4ngd f\u00f6r ett LED-r\u00f6r.<\/td><td class=\"column-2\">100 000 timmar<\/td>\n<\/tr>\n<tr class=\"row-41\">\n\t<td class=\"column-1\">Diskret f\u00f6rsvinnande punkt<\/td><td class=\"column-2\">\u2264 0,0001,0 vid leverans fr\u00e5n fabriken<\/td>\n<\/tr>\n<tr class=\"row-42\">\n\t<td class=\"column-1\">Kontinuerlig f\u00f6rsvinnande punkt<\/td><td class=\"column-2\">0<\/td>\n<\/tr>\n<tr class=\"row-43\">\n\t<td class=\"column-1\">D\u00f6da vinkelfrekvens<\/td><td class=\"column-2\">\u2264 0,0001,0 vid leverans fr\u00e5n fabriken<\/td>\n<\/tr>\n<tr class=\"row-44\">\n\t<td class=\"column-1\">omgivningstemperatur p\u00e5 drift<\/td><td class=\"column-2\">-10\u2103~60\u2103<\/td>\n<\/tr>\n<tr class=\"row-45\">\n\t<td class=\"column-1\">Driftsluftfuktighet<\/td><td class=\"column-2\">10%~90% UR, icke-kondenserande<\/td>\n<\/tr>\n<\/tbody>\n<\/table>\n<!-- #tablepress-58 from cache -->\n\t\t<\/div>\n\t\t\t\t\t<\/div>\n\n\t\n<\/div>\n\t\t<\/div>\n\t\t\t\t\t<\/div>\n\n\t\n<\/div>","protected":false},"excerpt":{"rendered":"<p><strong>TTA-seriens transparenta LED-panel f\u00f6r moderna visuella l\u00f6sningar<\/strong><\/p>\n<p>O <em><strong>TTA-seriens transparenta LED-panel<\/strong><\/em> Den erbjuder en tunn och l\u00e4tt design med livfull grafik, vilket g\u00f6r den idealisk f\u00f6r kontinuerliga och kostnadseffektiva installationer.<\/p>\n<p><strong>Huvudfunktioner:<\/strong><\/p>\n<ul>\n<li><strong>H\u00f6g transparens 70% \u2013<\/strong> Den erbjuder livfulla bilder utan att blockera ljus eller sikt.<\/li>\n<li><strong>Idealt pixelavst\u00e5nd:<\/strong> 3,91 mm pixelavst\u00e5nd f\u00f6r h\u00f6guppl\u00f6st visning.<\/li>\n<li><strong>Tunn och l\u00e4tt struktur<\/strong>Kapsling: 1000 x 1000 mm, v\u00e4ger endast 7,5 kg\/m2 f\u00f6r enkel hantering och installation.<\/li>\n<\/ul>\n<p>Vi erbjuder fj\u00e4rrsupport dygnet runt och 3 \u00e5rs garanti. Kontakta oss idag f\u00f6r en personlig offert.<\/p>","protected":false},"featured_media":2925,"template":"","meta":[],"product_brand":[],"product_cat":[40,45,46],"product_tag":[],"class_list":{"0":"post-2924","1":"product","2":"type-product","3":"status-publish","4":"has-post-thumbnail","6":"product_cat-painel-de-led","7":"product_cat-painel-de-led-transparente","8":"product_cat-painel-de-video","10":"first","11":"instock","12":"shipping-taxable","13":"product-type-simple"},"yoast_head":"<!-- This site is optimized with the Yoast SEO plugin v27.4 - https:\/\/yoast.com\/product\/yoast-seo-wordpress\/ -->\n<title>Painel LED Transparente S\u00e9rie TTA | Leve, Ultrafino e Econ\u00f4mico |TELALED<\/title>\n<meta name=\"description\" content=\"Tela Painel de LED Transparente S\u00e9rie TTA , leve e ultrafina, com pixel pitch de 3,91-7,82 mm. Ideal para configura\u00e7\u00f5es integradas e econ\u00f4micas. Entre em contato conosco hoje mesmo!\" \/>\n<meta name=\"robots\" content=\"index, follow, max-snippet:-1, max-image-preview:large, max-video-preview:-1\" \/>\n<link rel=\"canonical\" href=\"https:\/\/www.telaled.com\/sv\/fabrica\/painel-de-led-transparente-serie-tta\/\" \/>\n<meta property=\"og:locale\" content=\"sv_SE\" \/>\n<meta property=\"og:type\" content=\"article\" \/>\n<meta property=\"og:title\" content=\"Painel LED Transparente S\u00e9rie TTA | Leve, Ultrafino e Econ\u00f4mico |TELALED\" \/>\n<meta property=\"og:description\" content=\"Tela Painel de LED Transparente S\u00e9rie TTA , leve e ultrafina, com pixel pitch de 3,91-7,82 mm. Ideal para configura\u00e7\u00f5es integradas e econ\u00f4micas. Entre em contato conosco hoje mesmo!\" \/>\n<meta property=\"og:url\" content=\"https:\/\/www.telaled.com\/sv\/fabrica\/painel-de-led-transparente-serie-tta\/\" \/>\n<meta property=\"og:site_name\" content=\"TELALED\" \/>\n<meta property=\"article:modified_time\" content=\"2025-12-26T03:44:21+00:00\" \/>\n<meta property=\"og:image\" content=\"https:\/\/www.telaled.com\/wp-content\/uploads\/2025\/08\/painel-de-led-transparente.jpg\" \/>\n\t<meta property=\"og:image:width\" content=\"500\" \/>\n\t<meta property=\"og:image:height\" content=\"500\" \/>\n\t<meta property=\"og:image:type\" content=\"image\/jpeg\" \/>\n<meta name=\"twitter:card\" content=\"summary_large_image\" \/>\n<meta name=\"twitter:label1\" content=\"Est. reading time\" \/>\n\t<meta name=\"twitter:data1\" content=\"3 minuter\" \/>\n<script type=\"application\/ld+json\" class=\"yoast-schema-graph\">{\"@context\":\"https:\\\/\\\/schema.org\",\"@graph\":[{\"@type\":\"WebPage\",\"@id\":\"https:\\\/\\\/www.telaled.com\\\/fabrica\\\/painel-de-led-transparente-serie-tta\\\/\",\"url\":\"https:\\\/\\\/www.telaled.com\\\/fabrica\\\/painel-de-led-transparente-serie-tta\\\/\",\"name\":\"Painel LED Transparente S\u00e9rie TTA | Leve, Ultrafino e Econ\u00f4mico |TELALED\",\"isPartOf\":{\"@id\":\"https:\\\/\\\/www.telaled.com\\\/#website\"},\"primaryImageOfPage\":{\"@id\":\"https:\\\/\\\/www.telaled.com\\\/fabrica\\\/painel-de-led-transparente-serie-tta\\\/#primaryimage\"},\"image\":{\"@id\":\"https:\\\/\\\/www.telaled.com\\\/fabrica\\\/painel-de-led-transparente-serie-tta\\\/#primaryimage\"},\"thumbnailUrl\":\"https:\\\/\\\/www.telaled.com\\\/wp-content\\\/uploads\\\/2025\\\/08\\\/painel-de-led-transparente.jpg\",\"datePublished\":\"2025-08-11T09:00:34+00:00\",\"dateModified\":\"2025-12-26T03:44:21+00:00\",\"description\":\"Tela Painel de LED Transparente S\u00e9rie TTA , leve e ultrafina, com pixel pitch de 3,91-7,82 mm. Ideal para configura\u00e7\u00f5es integradas e econ\u00f4micas. Entre em contato conosco hoje mesmo!\",\"breadcrumb\":{\"@id\":\"https:\\\/\\\/www.telaled.com\\\/fabrica\\\/painel-de-led-transparente-serie-tta\\\/#breadcrumb\"},\"inLanguage\":\"sv-SE\",\"potentialAction\":[{\"@type\":\"ReadAction\",\"target\":[\"https:\\\/\\\/www.telaled.com\\\/fabrica\\\/painel-de-led-transparente-serie-tta\\\/\"]}]},{\"@type\":\"ImageObject\",\"inLanguage\":\"sv-SE\",\"@id\":\"https:\\\/\\\/www.telaled.com\\\/fabrica\\\/painel-de-led-transparente-serie-tta\\\/#primaryimage\",\"url\":\"https:\\\/\\\/www.telaled.com\\\/wp-content\\\/uploads\\\/2025\\\/08\\\/painel-de-led-transparente.jpg\",\"contentUrl\":\"https:\\\/\\\/www.telaled.com\\\/wp-content\\\/uploads\\\/2025\\\/08\\\/painel-de-led-transparente.jpg\",\"width\":500,\"height\":500,\"caption\":\"painel-de-led-transparente\"},{\"@type\":\"BreadcrumbList\",\"@id\":\"https:\\\/\\\/www.telaled.com\\\/fabrica\\\/painel-de-led-transparente-serie-tta\\\/#breadcrumb\",\"itemListElement\":[{\"@type\":\"ListItem\",\"position\":1,\"name\":\"Home\",\"item\":\"https:\\\/\\\/www.telaled.com\\\/\"},{\"@type\":\"ListItem\",\"position\":2,\"name\":\"Produtos\",\"item\":\"https:\\\/\\\/www.telaled.com\\\/shop\\\/\"},{\"@type\":\"ListItem\",\"position\":3,\"name\":\"Painel de LED Transparente S\u00e9rie TTA\"}]},{\"@type\":\"WebSite\",\"@id\":\"https:\\\/\\\/www.telaled.com\\\/#website\",\"url\":\"https:\\\/\\\/www.telaled.com\\\/\",\"name\":\"TELALED\",\"description\":\"\",\"potentialAction\":[{\"@type\":\"SearchAction\",\"target\":{\"@type\":\"EntryPoint\",\"urlTemplate\":\"https:\\\/\\\/www.telaled.com\\\/?s={search_term_string}\"},\"query-input\":{\"@type\":\"PropertyValueSpecification\",\"valueRequired\":true,\"valueName\":\"search_term_string\"}}],\"inLanguage\":\"sv-SE\"}]}<\/script>\n<!-- \/ Yoast SEO plugin. -->","yoast_head_json":{"title":"Transparent LED-panel TTA-serien | L\u00e4tt, ultratunn och ekonomisk | LED-sk\u00e4rm","description":"TTA-seriens transparenta LED-paneldisplay, l\u00e4tt och ultratunn, med ett pixelavst\u00e5nd p\u00e5 3,91\u20137,82 mm. Idealisk f\u00f6r integrerade och kostnadseffektiva konfigurationer. Kontakta oss idag!","robots":{"index":"index","follow":"follow","max-snippet":"max-snippet:-1","max-image-preview":"max-image-preview:large","max-video-preview":"max-video-preview:-1"},"canonical":"https:\/\/www.telaled.com\/sv\/fabrica\/painel-de-led-transparente-serie-tta\/","og_locale":"sv_SE","og_type":"article","og_title":"Painel LED Transparente S\u00e9rie TTA | Leve, Ultrafino e Econ\u00f4mico |TELALED","og_description":"Tela Painel de LED Transparente S\u00e9rie TTA , leve e ultrafina, com pixel pitch de 3,91-7,82 mm. Ideal para configura\u00e7\u00f5es integradas e econ\u00f4micas. Entre em contato conosco hoje mesmo!","og_url":"https:\/\/www.telaled.com\/sv\/fabrica\/painel-de-led-transparente-serie-tta\/","og_site_name":"TELALED","article_modified_time":"2025-12-26T03:44:21+00:00","og_image":[{"width":500,"height":500,"url":"https:\/\/www.telaled.com\/wp-content\/uploads\/2025\/08\/painel-de-led-transparente.jpg","type":"image\/jpeg"}],"twitter_card":"summary_large_image","twitter_misc":{"Est. reading time":"3 minuter"},"schema":{"@context":"https:\/\/schema.org","@graph":[{"@type":"WebPage","@id":"https:\/\/www.telaled.com\/fabrica\/painel-de-led-transparente-serie-tta\/","url":"https:\/\/www.telaled.com\/fabrica\/painel-de-led-transparente-serie-tta\/","name":"Transparent LED-panel TTA-serien | L\u00e4tt, ultratunn och ekonomisk | LED-sk\u00e4rm","isPartOf":{"@id":"https:\/\/www.telaled.com\/#website"},"primaryImageOfPage":{"@id":"https:\/\/www.telaled.com\/fabrica\/painel-de-led-transparente-serie-tta\/#primaryimage"},"image":{"@id":"https:\/\/www.telaled.com\/fabrica\/painel-de-led-transparente-serie-tta\/#primaryimage"},"thumbnailUrl":"https:\/\/www.telaled.com\/wp-content\/uploads\/2025\/08\/painel-de-led-transparente.jpg","datePublished":"2025-08-11T09:00:34+00:00","dateModified":"2025-12-26T03:44:21+00:00","description":"TTA-seriens transparenta LED-paneldisplay, l\u00e4tt och ultratunn, med ett pixelavst\u00e5nd p\u00e5 3,91\u20137,82 mm. Idealisk f\u00f6r integrerade och kostnadseffektiva konfigurationer. Kontakta oss idag!","breadcrumb":{"@id":"https:\/\/www.telaled.com\/fabrica\/painel-de-led-transparente-serie-tta\/#breadcrumb"},"inLanguage":"sv-SE","potentialAction":[{"@type":"ReadAction","target":["https:\/\/www.telaled.com\/fabrica\/painel-de-led-transparente-serie-tta\/"]}]},{"@type":"ImageObject","inLanguage":"sv-SE","@id":"https:\/\/www.telaled.com\/fabrica\/painel-de-led-transparente-serie-tta\/#primaryimage","url":"https:\/\/www.telaled.com\/wp-content\/uploads\/2025\/08\/painel-de-led-transparente.jpg","contentUrl":"https:\/\/www.telaled.com\/wp-content\/uploads\/2025\/08\/painel-de-led-transparente.jpg","width":500,"height":500,"caption":"painel-de-led-transparente"},{"@type":"BreadcrumbList","@id":"https:\/\/www.telaled.com\/fabrica\/painel-de-led-transparente-serie-tta\/#breadcrumb","itemListElement":[{"@type":"ListItem","position":1,"name":"Home","item":"https:\/\/www.telaled.com\/"},{"@type":"ListItem","position":2,"name":"Produtos","item":"https:\/\/www.telaled.com\/shop\/"},{"@type":"ListItem","position":3,"name":"Painel de LED Transparente S\u00e9rie TTA"}]},{"@type":"WebSite","@id":"https:\/\/www.telaled.com\/#website","url":"https:\/\/www.telaled.com\/","name":"LED-sk\u00e4rm","description":"","potentialAction":[{"@type":"SearchAction","target":{"@type":"EntryPoint","urlTemplate":"https:\/\/www.telaled.com\/?s={search_term_string}"},"query-input":{"@type":"PropertyValueSpecification","valueRequired":true,"valueName":"search_term_string"}}],"inLanguage":"sv-SE"}]}},"_links":{"self":[{"href":"https:\/\/www.telaled.com\/sv\/wp-json\/wp\/v2\/product\/2924","targetHints":{"allow":["GET"]}}],"collection":[{"href":"https:\/\/www.telaled.com\/sv\/wp-json\/wp\/v2\/product"}],"about":[{"href":"https:\/\/www.telaled.com\/sv\/wp-json\/wp\/v2\/types\/product"}],"wp:featuredmedia":[{"embeddable":true,"href":"https:\/\/www.telaled.com\/sv\/wp-json\/wp\/v2\/media\/2925"}],"wp:attachment":[{"href":"https:\/\/www.telaled.com\/sv\/wp-json\/wp\/v2\/media?parent=2924"}],"wp:term":[{"taxonomy":"product_brand","embeddable":true,"href":"https:\/\/www.telaled.com\/sv\/wp-json\/wp\/v2\/product_brand?post=2924"},{"taxonomy":"product_cat","embeddable":true,"href":"https:\/\/www.telaled.com\/sv\/wp-json\/wp\/v2\/product_cat?post=2924"},{"taxonomy":"product_tag","embeddable":true,"href":"https:\/\/www.telaled.com\/sv\/wp-json\/wp\/v2\/product_tag?post=2924"}],"curies":[{"name":"wp","href":"https:\/\/api.w.org\/{rel}","templated":true}]}}