{"id":2913,"date":"2025-08-11T01:33:20","date_gmt":"2025-08-11T01:33:20","guid":{"rendered":"https:\/\/www.telaled.com\/?post_type=product&#038;p=2913"},"modified":"2026-01-05T04:15:53","modified_gmt":"2026-01-05T04:15:53","slug":"painel-led-full-hd-da-serie-the","status":"publish","type":"product","link":"https:\/\/www.telaled.com\/sv\/fabrica\/painel-led-full-hd-da-serie-the\/","title":{"rendered":"Serien Full HD LED-panel"},"content":{"rendered":"<div class=\"row\"  id=\"row-136943680\">\n\n\t<div id=\"col-593723480\" class=\"col small-12 large-12\"  >\n\t\t\t\t<div class=\"col-inner\"  >\n\t\t\t\n\t\t\t\n<h2>Exklusiva f\u00f6rdelar med THE-seriens Full HD LED-panel<\/h2>\n<h3><strong>\u00d6verl\u00e4gsen h\u00e5llbarhet<\/strong><\/h3>\n<ul>\n<li>Sk\u00e5pkonstruktion: Sk\u00e5pen i gjuten aluminium erbjuder styrka, exakt uppriktning och motst\u00e5ndskraft mot deformation, vilket s\u00e4kerst\u00e4ller stabil och l\u00e5ngsiktig prestanda i kr\u00e4vande milj\u00f6er.<\/li>\n<li>LED-moduler: tekniken <a href=\"https:\/\/www.telaled.com\/sv\/fabrica\/painel-de-led-cob-serie-tha\/\">MAJSKOLV<\/a> Den f\u00f6rseglar LED-kretsarna f\u00f6r skydd mot smuts, fukt och st\u00f6tar, vilket ger l\u00e4ngre livsl\u00e4ngd, b\u00e4ttre v\u00e4rmeavledning och j\u00e4mn visuell kvalitet.<\/li>\n<\/ul>\n<h3><strong>Exceptionell visuell kvalitet<\/strong><\/h3>\n<ul>\n<li>H\u00f6g ljusstyrka: Med \u00f6ver 5 000 nits f\u00f6rblir inneh\u00e5llet skarpt och levande \u00e4ven i direkt solljus eller starkt inomhusljus.<\/li>\n<li>Alternativ f\u00f6r fin pixelt\u00e4thet: erbjuder j\u00e4mna, kontinuerliga bilder utan synliga mellanrum, vilket garanterar en uppslukande tittarupplevelse p\u00e5 n\u00e4ra h\u00e5ll och l\u00e5ngt h\u00e5ll.<\/li>\n<\/ul>\n<h3><strong>Fullst\u00e4ndig anpassningsf\u00f6rm\u00e5ga<\/strong><\/h3>\n<ul>\n<li>Redo f\u00f6r inomhus- och utomhusmilj\u00f6er: bibeh\u00e5ller p\u00e5litlig prestanda och bildsk\u00e4rpa i b\u00e5de inomhus- och utomhusmilj\u00f6er.<\/li>\n<li>Flexibla betraktningsavst\u00e5nd: fina pixelt\u00e4thetsalternativ s\u00e4kerst\u00e4ller skarpa bilder f\u00f6r publiken p\u00e5 alla avst\u00e5nd.<\/li>\n<li>Modul\u00e4r design: m\u00f6jligg\u00f6r anpassade storlekar och konfigurationer f\u00f6r att m\u00f6ta olika installationsbehov.<\/li>\n<\/ul>\n<h3><strong>Omfattande st\u00f6d<\/strong><\/h3>\n<ul>\n<li>Teknisk support p\u00e5 distans dygnet runt: F\u00e5 hj\u00e4lp n\u00e4r du beh\u00f6ver det, var du \u00e4n \u00e4r.<\/li>\n<li>5% medf\u00f6ljande reservdelar: Varje leverans inneh\u00e5ller extra komponenter f\u00f6r \u00f6kad tillf\u00f6rlitlighet och trygghet.<\/li>\n<li>3 \u00e5rs f\u00f6rl\u00e4ngd garanti: Dra nytta av l\u00e5ngsiktigt skydd f\u00f6r b\u00e4ttre prestanda och p\u00e5litlig support.<\/li>\n<\/ul>\n<h2>Produktinformation<\/h2>\n<div class=\"row\"  id=\"row-1431882505\">\n\n\t<div id=\"col-2003081711\" class=\"col medium-10 small-12 large-10\"  >\n\t\t\t\t<div class=\"col-inner text-left\"  >\n\t\t\t\n\t\t\t\n<ul>\n<li>Utformad f\u00f6r att m\u00f6ta h\u00f6ga bildhastighetskrav, vilket g\u00f6r den idealisk f\u00f6r snabba applikationer som livestreaming, sport och underh\u00e5llning. Den st\u00f6der bildhastigheter upp till 7680 Hz\/1920 Hz\/3840 Hz och ger j\u00e4mn uppspelning av snabba bilder utan flimmer, vilket s\u00e4kerst\u00e4ller en professionell visningsstandard.<\/li>\n<\/ul>\n\t<div class=\"img has-hover x md-x lg-x y md-y lg-y\" id=\"image_2085888263\">\n\t\t\t\t\t\t\t\t<div class=\"img-inner dark\" >\n\t\t\t<img loading=\"lazy\" decoding=\"async\" width=\"660\" height=\"440\" src=\"https:\/\/www.telaled.com\/wp-content\/uploads\/2025\/08\/Alta-taxa-de-quadros.webp\" class=\"attachment-original size-original\" alt=\"H\u00f6g bildfrekvens\" srcset=\"https:\/\/www.telaled.com\/wp-content\/uploads\/2025\/08\/Alta-taxa-de-quadros.webp 660w, https:\/\/www.telaled.com\/wp-content\/uploads\/2025\/08\/Alta-taxa-de-quadros-300x200.webp 300w, https:\/\/www.telaled.com\/wp-content\/uploads\/2025\/08\/Alta-taxa-de-quadros-18x12.webp 18w, https:\/\/www.telaled.com\/wp-content\/uploads\/2025\/08\/Alta-taxa-de-quadros-600x400.webp 600w\" sizes=\"auto, (max-width: 660px) 100vw, 660px\" \/>\t\t\t\t\t\t\n\t\t\t\t\t<\/div>\n\t\t\t\t\t\t\t\t\n<style>\n#image_2085888263 {\n  width: 95%;\n}\n<\/style>\n\t<\/div>\n\t\n\t\t<\/div>\n\t\t\t\t\t<\/div>\n\n\t\n\n\t<div id=\"col-1713828788\" class=\"col medium-10 small-12 large-10\"  >\n\t\t\t\t<div class=\"col-inner text-left\"  >\n\t\t\t\n\t\t\t\n<ul>\n<li>St\u00f6der <a href=\"https:\/\/www.telaled.com\/sv\/fabrica\/painel-de-led-para-manutencao-frontal-serie-tib\/\">underh\u00e5ll av framsidan<\/a> Komplett och erbjuder direkt \u00e5tkomst till alla komponenter fr\u00e5n sk\u00e4rmens framsida. Denna design f\u00f6renklar installationen, snabbar upp reparationer och minskar driftstopp. Genom att m\u00f6jligg\u00f6ra snabbare underh\u00e5ll minimerar den driftsavbrott, vilket g\u00f6r den till det perfekta valet f\u00f6r platser d\u00e4r snabbt underh\u00e5ll \u00e4r en prioritet.<\/li>\n<\/ul>\n\t<div class=\"img has-hover x md-x lg-x y md-y lg-y\" id=\"image_752372495\">\n\t\t\t\t\t\t\t\t<div class=\"img-inner dark\" >\n\t\t\t<img loading=\"lazy\" decoding=\"async\" width=\"660\" height=\"440\" src=\"https:\/\/www.telaled.com\/wp-content\/uploads\/2025\/08\/Manutencao-Frontal-Completa-3.webp\" class=\"attachment-large size-large\" alt=\"\" srcset=\"https:\/\/www.telaled.com\/wp-content\/uploads\/2025\/08\/Manutencao-Frontal-Completa-3.webp 660w, https:\/\/www.telaled.com\/wp-content\/uploads\/2025\/08\/Manutencao-Frontal-Completa-3-300x200.webp 300w, https:\/\/www.telaled.com\/wp-content\/uploads\/2025\/08\/Manutencao-Frontal-Completa-3-18x12.webp 18w, https:\/\/www.telaled.com\/wp-content\/uploads\/2025\/08\/Manutencao-Frontal-Completa-3-600x400.webp 600w\" sizes=\"auto, (max-width: 660px) 100vw, 660px\" \/>\t\t\t\t\t\t\n\t\t\t\t\t<\/div>\n\t\t\t\t\t\t\t\t\n<style>\n#image_752372495 {\n  width: 95%;\n}\n<\/style>\n\t<\/div>\n\t\n<ul>\n<li>F\u00f6r maximal tillf\u00f6rlitlighet inkluderar den dubbla backupsystem f\u00f6r str\u00f6m och signal. Denna konfiguration skyddar mot potentiella fel och s\u00e4kerst\u00e4ller oavbruten drift. Kontinuerlig str\u00f6m- och signal\u00f6verf\u00f6ring g\u00f6r den l\u00e4mplig f\u00f6r verksamhetskritiska milj\u00f6er som kontrollrum, s\u00e4ndningsstudior och storskaliga evenemang.<\/li>\n<\/ul>\n\t<div class=\"img has-hover x md-x lg-x y md-y lg-y\" id=\"image_917354787\">\n\t\t\t\t\t\t\t\t<div class=\"img-inner dark\" >\n\t\t\t<img loading=\"lazy\" decoding=\"async\" width=\"660\" height=\"440\" src=\"https:\/\/www.telaled.com\/wp-content\/uploads\/2025\/08\/Energia-redundante-e-backup-de-sinal.jpg\" class=\"attachment-large size-large\" alt=\"Redundant str\u00f6mf\u00f6rs\u00f6rjning och signalbackup\" srcset=\"https:\/\/www.telaled.com\/wp-content\/uploads\/2025\/08\/Energia-redundante-e-backup-de-sinal.jpg 660w, https:\/\/www.telaled.com\/wp-content\/uploads\/2025\/08\/Energia-redundante-e-backup-de-sinal-300x200.jpg 300w, https:\/\/www.telaled.com\/wp-content\/uploads\/2025\/08\/Energia-redundante-e-backup-de-sinal-18x12.jpg 18w, https:\/\/www.telaled.com\/wp-content\/uploads\/2025\/08\/Energia-redundante-e-backup-de-sinal-600x400.jpg 600w\" sizes=\"auto, (max-width: 660px) 100vw, 660px\" \/>\t\t\t\t\t\t\n\t\t\t\t\t<\/div>\n\t\t\t\t\t\t\t\t\n<style>\n#image_917354787 {\n  width: 95%;\n}\n<\/style>\n\t<\/div>\n\t\n\t\t<\/div>\n\t\t\t\t\t<\/div>\n\n\t\n\n\t<div id=\"col-831631919\" class=\"col medium-10 small-12 large-10\"  >\n\t\t\t\t<div class=\"col-inner text-left\"  >\n\t\t\t\n\t\t\t\n<ul>\n<li>V\u00e5r <a href=\"https:\/\/www.telaled.com\/sv\/?attachment_id=2919\">LED-displayer<\/a> De f\u00f6rpackas efter typ och avsedd anv\u00e4ndning. Korrekt monterade enheter f\u00f6rpackas i tr\u00e4l\u00e5dor eller f\u00f6rst\u00e4rkta kartonger f\u00f6r att bibeh\u00e5lla stabilitet under transport. LED-moduler f\u00e5r s\u00e4rskild omsorg och f\u00f6rpackas ofta i f\u00f6rst\u00e4rkta kartonger eller luftt\u00e4ta l\u00e5dor med extra tr\u00e4ram f\u00f6r b\u00e4ttre skydd.<\/li>\n<\/ul>\n\t<div class=\"img has-hover x md-x lg-x y md-y lg-y\" id=\"image_741287798\">\n\t\t\t\t\t\t\t\t<div class=\"img-inner dark\" >\n\t\t\t<img loading=\"lazy\" decoding=\"async\" width=\"760\" height=\"1024\" src=\"https:\/\/www.telaled.com\/wp-content\/uploads\/2025\/06\/Embalagem-760x1024.webp\" class=\"attachment-large size-large\" alt=\"F\u00f6rpackning\" srcset=\"https:\/\/www.telaled.com\/wp-content\/uploads\/2025\/06\/Embalagem-760x1024.webp 760w, https:\/\/www.telaled.com\/wp-content\/uploads\/2025\/06\/Embalagem-223x300.webp 223w, https:\/\/www.telaled.com\/wp-content\/uploads\/2025\/06\/Embalagem-768x1035.webp 768w, https:\/\/www.telaled.com\/wp-content\/uploads\/2025\/06\/Embalagem-9x12.webp 9w, https:\/\/www.telaled.com\/wp-content\/uploads\/2025\/06\/Embalagem-600x808.webp 600w, https:\/\/www.telaled.com\/wp-content\/uploads\/2025\/06\/Embalagem.webp 795w\" sizes=\"auto, (max-width: 760px) 100vw, 760px\" \/>\t\t\t\t\t\t\n\t\t\t\t\t<\/div>\n\t\t\t\t\t\t\t\t\n<style>\n#image_741287798 {\n  width: 95%;\n}\n<\/style>\n\t<\/div>\n\t\n\t\t<\/div>\n\t\t\t\t\t<\/div>\n\n\t\n<\/div>\n\t\t<\/div>\n\t\t\t\t\t<\/div>\n\n\t\n\n\t<div id=\"col-1303079805\" class=\"col small-12 large-12\"  >\n\t\t\t\t<div class=\"col-inner\"  >\n\t\t\t\n\t\t\t\n<div class=\"row\"  id=\"row-767353104\">\n\n\t<div id=\"col-1461406290\" class=\"col medium-10 small-12 large-10\"  >\n\t\t\t\t<div class=\"col-inner\"  >\n\t\t\t\n\t\t\t\n\n<table id=\"tablepress-57\" class=\"tablepress tablepress-id-57\">\n<thead>\n<tr class=\"row-1\">\n\t<th class=\"column-1\">Parameter<\/th><th class=\"column-2\">THE 06<\/th><th class=\"column-3\">THE 07<\/th><th class=\"column-4\">THE 09<\/th><th class=\"column-5\">DE 12<\/th><th class=\"column-6\">DE 15<\/th>\n<\/tr>\n<\/thead>\n<tbody class=\"row-striping row-hover\">\n<tr class=\"row-2\">\n\t<td class=\"column-1\">Avst\u00e5nd mellan pixlar (mm)<\/td><td class=\"column-2\">P0,625<\/td><td class=\"column-3\">P0.78125<\/td><td class=\"column-4\">P0.9375<\/td><td class=\"column-5\">P1.25<\/td><td class=\"column-6\">P1.5625<\/td>\n<\/tr>\n<tr class=\"row-3\">\n\t<td class=\"column-1\">Pixelt\u00e4thet (po\u00e4ng\/m\u00b2)<\/td><td class=\"column-2\">2,560,000<\/td><td class=\"column-3\">1,638,400<\/td><td class=\"column-4\">1,137,778<\/td><td class=\"column-5\">640,000<\/td><td class=\"column-6\">409,600<\/td>\n<\/tr>\n<tr class=\"row-4\">\n\t<td class=\"column-1\">Sk\u00e5puppl\u00f6sning (mm) (B\u00d7H)<\/td><td class=\"column-2\">960\u00d7540<\/td><td class=\"column-3\">768\u00d7432<\/td><td class=\"column-4\">640\u00d7360<\/td><td class=\"column-5\">480\u00d7270<\/td><td class=\"column-6\">384\u00d7216<\/td>\n<\/tr>\n<tr class=\"row-5\">\n\t<td class=\"column-1\">Pixelkonfiguration<\/td><td class=\"column-2\">MAJSKOLV<\/td><td class=\"column-3\">MAJSKOLV<\/td><td class=\"column-4\">MAJSKOLV<\/td><td class=\"column-5\">MAJSKOLV<\/td><td class=\"column-6\">MAJSKOLV<\/td>\n<\/tr>\n<tr class=\"row-6\">\n\t<td class=\"column-1\">Ljusstyrka (nit)<\/td><td class=\"column-2\">200~1000 (Justerbar)<\/td><td class=\"column-3\">200~1000 (Justerbar)<\/td><td class=\"column-4\">200~1000 (Justerbar)<\/td><td class=\"column-5\">200~1000 (Justerbar)<\/td><td class=\"column-6\">200~1000 (Justerbar)<\/td>\n<\/tr>\n<tr class=\"row-7\">\n\t<td class=\"column-1\">Sk\u00e5pm\u00e5tt (mm) (B\u00d7H\u00d7D)<\/td><td class=\"column-2\">600\u00d7337,5\u00d745<\/td><td class=\"column-3\">600\u00d7337,5\u00d745<\/td><td class=\"column-4\">600\u00d7337,5\u00d745<\/td><td class=\"column-5\">600\u00d7337,5\u00d745<\/td><td class=\"column-6\">600\u00d7337,5\u00d745<\/td>\n<\/tr>\n<tr class=\"row-8\">\n\t<td class=\"column-1\">Pixelkalibrering<\/td><td class=\"column-2\">St\u00f6d f\u00f6r ljusstyrka- och f\u00e4rgkalibrering<\/td><td class=\"column-3\">St\u00f6d f\u00f6r ljusstyrka- och f\u00e4rgkalibrering<\/td><td class=\"column-4\">St\u00f6d f\u00f6r ljusstyrka- och f\u00e4rgkalibrering<\/td><td class=\"column-5\">St\u00f6d f\u00f6r ljusstyrka- och f\u00e4rgkalibrering<\/td><td class=\"column-6\">St\u00f6d f\u00f6r ljusstyrka- och f\u00e4rgkalibrering<\/td>\n<\/tr>\n<tr class=\"row-9\">\n\t<td class=\"column-1\">Gr\u00e5skala (bit)<\/td><td class=\"column-2\">14~16<\/td><td class=\"column-3\">14~16<\/td><td class=\"column-4\">14~16<\/td><td class=\"column-5\">14~16<\/td><td class=\"column-6\">14~16<\/td>\n<\/tr>\n<tr class=\"row-10\">\n\t<td class=\"column-1\">F\u00e4rgtemperatur (K)<\/td><td class=\"column-2\">2000~12000 (Justerbar)<\/td><td class=\"column-3\">2000~12000 (Justerbar)<\/td><td class=\"column-4\">2000~12000 (Justerbar)<\/td><td class=\"column-5\">2000~12000 (Justerbar)<\/td><td class=\"column-6\">2000~12000 (Justerbar)<\/td>\n<\/tr>\n<tr class=\"row-11\">\n\t<td class=\"column-1\">CI-enhet<\/td><td class=\"column-2\">ICN \/ MBI \/ Xm-Plus<\/td><td class=\"column-3\">ICN \/ MBI \/ Xm-Plus<\/td><td class=\"column-4\">ICN \/ MBI \/ Xm-Plus<\/td><td class=\"column-5\">ICN \/ MBI \/ Xm-Plus<\/td><td class=\"column-6\">ICN \/ MBI \/ Xm-Plus<\/td>\n<\/tr>\n<tr class=\"row-12\">\n\t<td class=\"column-1\">Bildfrekvens (Hz)<\/td><td class=\"column-2\">60 \/ 120 \/ 240<\/td><td class=\"column-3\">60 \/ 120 \/ 240<\/td><td class=\"column-4\">60 \/ 120 \/ 240<\/td><td class=\"column-5\">60 \/ 120 \/ 240<\/td><td class=\"column-6\">60 \/ 120 \/ 240<\/td>\n<\/tr>\n<tr class=\"row-13\">\n\t<td class=\"column-1\">Uppdateringsfrekvens (Hz)<\/td><td class=\"column-2\">3840~7680<\/td><td class=\"column-3\">3840~7680<\/td><td class=\"column-4\">3840~7680<\/td><td class=\"column-5\">3840~7680<\/td><td class=\"column-6\">3840~7680<\/td>\n<\/tr>\n<tr class=\"row-14\">\n\t<td class=\"column-1\">Driftsp\u00e4nning (V)<\/td><td class=\"column-2\">AC: 100V\u2013240V, 50\/60Hz<\/td><td class=\"column-3\">AC: 100V\u2013240V, 50\/60Hz<\/td><td class=\"column-4\">AC: 100V\u2013240V, 50\/60Hz<\/td><td class=\"column-5\">AC: 100V\u2013240V, 50\/60Hz<\/td><td class=\"column-6\">AC: 100V\u2013240V, 50\/60Hz<\/td>\n<\/tr>\n<tr class=\"row-15\">\n\t<td class=\"column-1\">Nyttjandeperiod (H)<\/td><td class=\"column-2\">100000<\/td><td class=\"column-3\">100000<\/td><td class=\"column-4\">100000<\/td><td class=\"column-5\">100000<\/td><td class=\"column-6\">100000<\/td>\n<\/tr>\n<tr class=\"row-16\">\n\t<td class=\"column-1\">Driftstemperatur (\u00b0C)<\/td><td class=\"column-2\">-10~40<\/td><td class=\"column-3\">-10~40<\/td><td class=\"column-4\">-10~40<\/td><td class=\"column-5\">-10~40<\/td><td class=\"column-6\">-10~40<\/td>\n<\/tr>\n<tr class=\"row-17\">\n\t<td class=\"column-1\">F\u00f6rvaringstemperatur (\u00b0C)<\/td><td class=\"column-2\">-20~60<\/td><td class=\"column-3\">-20~60<\/td><td class=\"column-4\">-20~60<\/td><td class=\"column-5\">-20~60<\/td><td class=\"column-6\">-20~60<\/td>\n<\/tr>\n<tr class=\"row-18\">\n\t<td class=\"column-1\">Driftsfuktighet (RH)<\/td><td class=\"column-2\">10%~80%, icke-kondenserande<\/td><td class=\"column-3\">10%~80%, icke-kondenserande<\/td><td class=\"column-4\">10%~80%, icke-kondenserande<\/td><td class=\"column-5\">10%~80%, icke-kondenserande<\/td><td class=\"column-6\">10%~80%, icke-kondenserande<\/td>\n<\/tr>\n<tr class=\"row-19\">\n\t<td class=\"column-1\">Sk\u00e5pets vikt (kg)<\/td><td class=\"column-2\">5.5<\/td><td class=\"column-3\">5.5<\/td><td class=\"column-4\">5.5<\/td><td class=\"column-5\">5.5<\/td><td class=\"column-6\">5.5<\/td>\n<\/tr>\n<\/tbody>\n<\/table>\n<!-- #tablepress-57 from cache -->\n\t\t<\/div>\n\t\t\t\t\t<\/div>\n\n\t\n<\/div>\n\t\t<\/div>\n\t\t\t\t\t<\/div>\n\n\t\n<\/div>","protected":false},"excerpt":{"rendered":"<p><strong>THE-serien Full HD LED-panel: F\u00f6r professionell visuell visning \u2013 inomhus- och utomhusbruk<\/strong><\/p>\n<p>Utformad f\u00f6r professionella bilder, denna <strong><em>Full HD LED-panel<\/em><\/strong> Den erbjuder fin pixelt\u00e4thet, h\u00f6g ljusstyrka och oklanderlig bildkvalitet. Dess robusta konstruktion g\u00f6r den idealisk f\u00f6r kr\u00e4vande till\u00e4mpningar i inomhus- och utomhusmilj\u00f6er.<\/p>\n<p><strong>Huvudfunktioner:<\/strong><\/p>\n<ul>\n<li><strong>Full HD 1080p-uppl\u00f6sning:<\/strong> Den erbjuder skarpa, detaljerade bilder som f\u00f6rst\u00e4rker den visuella effekten av presentationer, reklam och... <a href=\"https:\/\/www.telaled.com\/sv\/painel-de-led-para-eventos\/\">evenemang<\/a> bo.<\/li>\n<li><strong>M\u00e5ngsidig anv\u00e4ndning i inomhus- och utomhusmilj\u00f6er:<\/strong> perfekt f\u00f6r <a href=\"https:\/\/www.telaled.com\/sv\/painel-de-led-para-palco\/\">h\u00e4ndelsestadier<\/a>, butikslokaler, idrottsanl\u00e4ggningar, transportknutpunkter och f\u00f6retagsutst\u00e4llningar.<\/li>\n<li><strong>Energieffektiv drift:<\/strong> <a href=\"https:\/\/www.telaled.com\/sv\/entendendo-o-consumo-de-energia-painel-de-led-quao-eficientes-sao-os-displays-de-led-modernos\/\">energif\u00f6rbrukning<\/a> optimerad utan att kompromissa med prestandan <a href=\"https:\/\/www.telaled.com\/sv\/monitor-video-wall\/\">\u00f6vervaka<\/a>.<\/li>\n<\/ul>\n<p>Vi erbjuder fj\u00e4rrsupport dygnet runt och 3 \u00e5rs garanti. Kontakta oss idag f\u00f6r en personlig offert.<\/p>","protected":false},"featured_media":2914,"template":"","meta":[],"product_brand":[],"product_cat":[40,46],"product_tag":[],"class_list":{"0":"post-2913","1":"product","2":"type-product","3":"status-publish","4":"has-post-thumbnail","6":"product_cat-painel-de-led","7":"product_cat-painel-de-video","9":"first","10":"instock","11":"shipping-taxable","12":"product-type-simple"},"yoast_head":"<!-- This site is optimized with the Yoast SEO plugin v27.4 - https:\/\/yoast.com\/product\/yoast-seo-wordpress\/ -->\n<title>Painel de LED Full HD S\u00e9rie THE | Tela de 1080p com Passo Fino para Ambientes Internos e Externos | |TELALED<\/title>\n<meta name=\"description\" content=\"Nossos Painel LED Full HD da s\u00e9rie THE oferecem resolu\u00e7\u00e3o n\u00edtida de 1080p, pixel pitch fino e brilho de mais de 5.000 nits. Constru\u00eddos com gabinetes dur\u00e1veis de alum\u00ednio fundido para visuais est\u00e1veis e cont\u00ednuos.\" \/>\n<meta name=\"robots\" content=\"index, follow, max-snippet:-1, max-image-preview:large, max-video-preview:-1\" \/>\n<link rel=\"canonical\" href=\"https:\/\/www.telaled.com\/sv\/fabrica\/painel-led-full-hd-da-serie-the\/\" \/>\n<meta property=\"og:locale\" content=\"sv_SE\" \/>\n<meta property=\"og:type\" content=\"article\" \/>\n<meta property=\"og:title\" content=\"Painel de LED Full HD S\u00e9rie THE | Tela de 1080p com Passo Fino para Ambientes Internos e Externos | |TELALED\" \/>\n<meta property=\"og:description\" content=\"Nossos Painel LED Full HD da s\u00e9rie THE oferecem resolu\u00e7\u00e3o n\u00edtida de 1080p, pixel pitch fino e brilho de mais de 5.000 nits. Constru\u00eddos com gabinetes dur\u00e1veis de alum\u00ednio fundido para visuais est\u00e1veis e cont\u00ednuos.\" \/>\n<meta property=\"og:url\" content=\"https:\/\/www.telaled.com\/sv\/fabrica\/painel-led-full-hd-da-serie-the\/\" \/>\n<meta property=\"og:site_name\" content=\"TELALED\" \/>\n<meta property=\"article:modified_time\" content=\"2026-01-05T04:15:53+00:00\" \/>\n<meta property=\"og:image\" content=\"https:\/\/www.telaled.com\/wp-content\/uploads\/2025\/08\/Painel-LED-Full-HD-da-serie-THE.webp\" \/>\n\t<meta property=\"og:image:width\" content=\"500\" \/>\n\t<meta property=\"og:image:height\" content=\"500\" \/>\n\t<meta property=\"og:image:type\" content=\"image\/webp\" \/>\n<meta name=\"twitter:card\" content=\"summary_large_image\" \/>\n<meta name=\"twitter:label1\" content=\"Est. reading time\" \/>\n\t<meta name=\"twitter:data1\" content=\"3 minuter\" \/>\n<script type=\"application\/ld+json\" class=\"yoast-schema-graph\">{\"@context\":\"https:\\\/\\\/schema.org\",\"@graph\":[{\"@type\":\"WebPage\",\"@id\":\"https:\\\/\\\/www.telaled.com\\\/fabrica\\\/painel-led-full-hd-da-serie-the\\\/\",\"url\":\"https:\\\/\\\/www.telaled.com\\\/fabrica\\\/painel-led-full-hd-da-serie-the\\\/\",\"name\":\"Painel de LED Full HD S\u00e9rie THE | Tela de 1080p com Passo Fino para Ambientes Internos e Externos | |TELALED\",\"isPartOf\":{\"@id\":\"https:\\\/\\\/www.telaled.com\\\/#website\"},\"primaryImageOfPage\":{\"@id\":\"https:\\\/\\\/www.telaled.com\\\/fabrica\\\/painel-led-full-hd-da-serie-the\\\/#primaryimage\"},\"image\":{\"@id\":\"https:\\\/\\\/www.telaled.com\\\/fabrica\\\/painel-led-full-hd-da-serie-the\\\/#primaryimage\"},\"thumbnailUrl\":\"https:\\\/\\\/www.telaled.com\\\/wp-content\\\/uploads\\\/2025\\\/08\\\/Painel-LED-Full-HD-da-serie-THE.webp\",\"datePublished\":\"2025-08-11T01:33:20+00:00\",\"dateModified\":\"2026-01-05T04:15:53+00:00\",\"description\":\"Nossos Painel LED Full HD da s\u00e9rie THE oferecem resolu\u00e7\u00e3o n\u00edtida de 1080p, pixel pitch fino e brilho de mais de 5.000 nits. Constru\u00eddos com gabinetes dur\u00e1veis de alum\u00ednio fundido para visuais est\u00e1veis e cont\u00ednuos.\",\"breadcrumb\":{\"@id\":\"https:\\\/\\\/www.telaled.com\\\/fabrica\\\/painel-led-full-hd-da-serie-the\\\/#breadcrumb\"},\"inLanguage\":\"sv-SE\",\"potentialAction\":[{\"@type\":\"ReadAction\",\"target\":[\"https:\\\/\\\/www.telaled.com\\\/fabrica\\\/painel-led-full-hd-da-serie-the\\\/\"]}]},{\"@type\":\"ImageObject\",\"inLanguage\":\"sv-SE\",\"@id\":\"https:\\\/\\\/www.telaled.com\\\/fabrica\\\/painel-led-full-hd-da-serie-the\\\/#primaryimage\",\"url\":\"https:\\\/\\\/www.telaled.com\\\/wp-content\\\/uploads\\\/2025\\\/08\\\/Painel-LED-Full-HD-da-serie-THE.webp\",\"contentUrl\":\"https:\\\/\\\/www.telaled.com\\\/wp-content\\\/uploads\\\/2025\\\/08\\\/Painel-LED-Full-HD-da-serie-THE.webp\",\"width\":500,\"height\":500,\"caption\":\"Painel-LED-Full-HD-da-s\u00e9rie-THE\"},{\"@type\":\"BreadcrumbList\",\"@id\":\"https:\\\/\\\/www.telaled.com\\\/fabrica\\\/painel-led-full-hd-da-serie-the\\\/#breadcrumb\",\"itemListElement\":[{\"@type\":\"ListItem\",\"position\":1,\"name\":\"Home\",\"item\":\"https:\\\/\\\/www.telaled.com\\\/\"},{\"@type\":\"ListItem\",\"position\":2,\"name\":\"Produtos\",\"item\":\"https:\\\/\\\/www.telaled.com\\\/shop\\\/\"},{\"@type\":\"ListItem\",\"position\":3,\"name\":\"Painel de LED Full HD S\u00e9rie THE\"}]},{\"@type\":\"WebSite\",\"@id\":\"https:\\\/\\\/www.telaled.com\\\/#website\",\"url\":\"https:\\\/\\\/www.telaled.com\\\/\",\"name\":\"TELALED\",\"description\":\"\",\"potentialAction\":[{\"@type\":\"SearchAction\",\"target\":{\"@type\":\"EntryPoint\",\"urlTemplate\":\"https:\\\/\\\/www.telaled.com\\\/?s={search_term_string}\"},\"query-input\":{\"@type\":\"PropertyValueSpecification\",\"valueRequired\":true,\"valueName\":\"search_term_string\"}}],\"inLanguage\":\"sv-SE\"}]}<\/script>\n<!-- \/ Yoast SEO plugin. -->","yoast_head_json":{"title":"THE-serien Full HD LED-panel | 1080p-sk\u00e4rm med fin lutning f\u00f6r inomhus- och utomhusbruk | |LED-TV","description":"V\u00e5ra Full HD LED-paneler i THE-serien erbjuder skarp 1080p-uppl\u00f6sning, fin pixelt\u00e4thet och en ljusstyrka p\u00e5 \u00f6ver 5 000 nits. De \u00e4r tillverkade med slitstarka h\u00f6ljen i pressgjuten aluminium f\u00f6r stabil och kontinuerlig bild.","robots":{"index":"index","follow":"follow","max-snippet":"max-snippet:-1","max-image-preview":"max-image-preview:large","max-video-preview":"max-video-preview:-1"},"canonical":"https:\/\/www.telaled.com\/sv\/fabrica\/painel-led-full-hd-da-serie-the\/","og_locale":"sv_SE","og_type":"article","og_title":"Painel de LED Full HD S\u00e9rie THE | Tela de 1080p com Passo Fino para Ambientes Internos e Externos | |TELALED","og_description":"Nossos Painel LED Full HD da s\u00e9rie THE oferecem resolu\u00e7\u00e3o n\u00edtida de 1080p, pixel pitch fino e brilho de mais de 5.000 nits. Constru\u00eddos com gabinetes dur\u00e1veis de alum\u00ednio fundido para visuais est\u00e1veis e cont\u00ednuos.","og_url":"https:\/\/www.telaled.com\/sv\/fabrica\/painel-led-full-hd-da-serie-the\/","og_site_name":"TELALED","article_modified_time":"2026-01-05T04:15:53+00:00","og_image":[{"width":500,"height":500,"url":"https:\/\/www.telaled.com\/wp-content\/uploads\/2025\/08\/Painel-LED-Full-HD-da-serie-THE.webp","type":"image\/webp"}],"twitter_card":"summary_large_image","twitter_misc":{"Est. reading time":"3 minuter"},"schema":{"@context":"https:\/\/schema.org","@graph":[{"@type":"WebPage","@id":"https:\/\/www.telaled.com\/fabrica\/painel-led-full-hd-da-serie-the\/","url":"https:\/\/www.telaled.com\/fabrica\/painel-led-full-hd-da-serie-the\/","name":"THE-serien Full HD LED-panel | 1080p-sk\u00e4rm med fin lutning f\u00f6r inomhus- och utomhusbruk | |LED-TV","isPartOf":{"@id":"https:\/\/www.telaled.com\/#website"},"primaryImageOfPage":{"@id":"https:\/\/www.telaled.com\/fabrica\/painel-led-full-hd-da-serie-the\/#primaryimage"},"image":{"@id":"https:\/\/www.telaled.com\/fabrica\/painel-led-full-hd-da-serie-the\/#primaryimage"},"thumbnailUrl":"https:\/\/www.telaled.com\/wp-content\/uploads\/2025\/08\/Painel-LED-Full-HD-da-serie-THE.webp","datePublished":"2025-08-11T01:33:20+00:00","dateModified":"2026-01-05T04:15:53+00:00","description":"V\u00e5ra Full HD LED-paneler i THE-serien erbjuder skarp 1080p-uppl\u00f6sning, fin pixelt\u00e4thet och en ljusstyrka p\u00e5 \u00f6ver 5 000 nits. De \u00e4r tillverkade med slitstarka h\u00f6ljen i pressgjuten aluminium f\u00f6r stabil och kontinuerlig bild.","breadcrumb":{"@id":"https:\/\/www.telaled.com\/fabrica\/painel-led-full-hd-da-serie-the\/#breadcrumb"},"inLanguage":"sv-SE","potentialAction":[{"@type":"ReadAction","target":["https:\/\/www.telaled.com\/fabrica\/painel-led-full-hd-da-serie-the\/"]}]},{"@type":"ImageObject","inLanguage":"sv-SE","@id":"https:\/\/www.telaled.com\/fabrica\/painel-led-full-hd-da-serie-the\/#primaryimage","url":"https:\/\/www.telaled.com\/wp-content\/uploads\/2025\/08\/Painel-LED-Full-HD-da-serie-THE.webp","contentUrl":"https:\/\/www.telaled.com\/wp-content\/uploads\/2025\/08\/Painel-LED-Full-HD-da-serie-THE.webp","width":500,"height":500,"caption":"Painel-LED-Full-HD-da-s\u00e9rie-THE"},{"@type":"BreadcrumbList","@id":"https:\/\/www.telaled.com\/fabrica\/painel-led-full-hd-da-serie-the\/#breadcrumb","itemListElement":[{"@type":"ListItem","position":1,"name":"Home","item":"https:\/\/www.telaled.com\/"},{"@type":"ListItem","position":2,"name":"Produtos","item":"https:\/\/www.telaled.com\/shop\/"},{"@type":"ListItem","position":3,"name":"Painel de LED Full HD S\u00e9rie THE"}]},{"@type":"WebSite","@id":"https:\/\/www.telaled.com\/#website","url":"https:\/\/www.telaled.com\/","name":"LED-sk\u00e4rm","description":"","potentialAction":[{"@type":"SearchAction","target":{"@type":"EntryPoint","urlTemplate":"https:\/\/www.telaled.com\/?s={search_term_string}"},"query-input":{"@type":"PropertyValueSpecification","valueRequired":true,"valueName":"search_term_string"}}],"inLanguage":"sv-SE"}]}},"_links":{"self":[{"href":"https:\/\/www.telaled.com\/sv\/wp-json\/wp\/v2\/product\/2913","targetHints":{"allow":["GET"]}}],"collection":[{"href":"https:\/\/www.telaled.com\/sv\/wp-json\/wp\/v2\/product"}],"about":[{"href":"https:\/\/www.telaled.com\/sv\/wp-json\/wp\/v2\/types\/product"}],"wp:featuredmedia":[{"embeddable":true,"href":"https:\/\/www.telaled.com\/sv\/wp-json\/wp\/v2\/media\/2914"}],"wp:attachment":[{"href":"https:\/\/www.telaled.com\/sv\/wp-json\/wp\/v2\/media?parent=2913"}],"wp:term":[{"taxonomy":"product_brand","embeddable":true,"href":"https:\/\/www.telaled.com\/sv\/wp-json\/wp\/v2\/product_brand?post=2913"},{"taxonomy":"product_cat","embeddable":true,"href":"https:\/\/www.telaled.com\/sv\/wp-json\/wp\/v2\/product_cat?post=2913"},{"taxonomy":"product_tag","embeddable":true,"href":"https:\/\/www.telaled.com\/sv\/wp-json\/wp\/v2\/product_tag?post=2913"}],"curies":[{"name":"wp","href":"https:\/\/api.w.org\/{rel}","templated":true}]}}