{"id":2902,"date":"2025-08-08T01:45:40","date_gmt":"2025-08-08T01:45:40","guid":{"rendered":"https:\/\/www.telaled.com\/?post_type=product&#038;p=2902"},"modified":"2026-01-05T04:05:22","modified_gmt":"2026-01-05T04:05:22","slug":"painel-de-led-hd-serie-tho","status":"publish","type":"product","link":"https:\/\/www.telaled.com\/sv\/fabrica\/painel-de-led-hd-serie-tho\/","title":{"rendered":"THO-serien HD LED-panel"},"content":{"rendered":"<div class=\"row\"  id=\"row-1265366733\">\n\n\t<div id=\"col-730737329\" class=\"col small-12 large-12\"  >\n\t\t\t\t<div class=\"col-inner\"  >\n\t\t\t\n\t\t\t\n<h2>Exklusiva f\u00f6rdelar med THO-seriens HD LED-panel<\/h2>\n<h3><strong>\u00d6verl\u00e4gsen h\u00e5llbarhet<\/strong><\/h3>\n<ul>\n<li>Det smala 38 mm-h\u00f6ljet \u00e4r tillverkat av h\u00f6gh\u00e5llfasta, korrosionsbest\u00e4ndiga material och f\u00f6rblir styvt och stabilt, vilket f\u00f6rhindrar vridning och bibeh\u00e5ller exakt inriktning \u00f6ver tid.<\/li>\n<li>En design <a href=\"https:\/\/www.telaled.com\/sv\/fabrica\/painel-de-led-cob-serie-tha\/\">MAJSKOLV<\/a> Hartsbel\u00e4ggningen skyddar lysdioderna fr\u00e5n damm, fukt och st\u00f6tar, vilket minskar pixelskador och bibeh\u00e5ller en j\u00e4mn bildkvalitet med minimalt underh\u00e5ll.<\/li>\n<\/ul>\n<h3><strong>Exceptionell visuell kvalitet<\/strong><\/h3>\n<ul>\n<li>Bra <a href=\"https:\/\/www.telaled.com\/sv\/pixel-pitch\/\">Pixelh\u00f6jd<\/a> Alternativen 1,25 mm och 1,56 mm ger skarpa detaljer och tydlig text f\u00f6r h\u00f6gprecisionsvisning.<\/li>\n<li>Realistiska f\u00e4rger: COB-tekniken f\u00f6rb\u00e4ttrar f\u00e4rgnoggrannheten och ljusstyrkan \u00f6ver hela sk\u00e4rmen.<\/li>\n<li>H\u00f6g kontrast: Minskar bl\u00e4ndning och \u00f6kar djupet, vilket g\u00f6r visuella element l\u00e4ttare att l\u00e4sa i alla ljusf\u00f6rh\u00e5llanden.<\/li>\n<\/ul>\n<h3><strong>Fullst\u00e4ndig anpassningsf\u00f6rm\u00e5ga<\/strong><\/h3>\n<ul>\n<li>M\u00e5ngsidiga till\u00e4mpningar: Idealisk f\u00f6r kontrollrum, kommandocentraler, konferensrum och h\u00f6gprecisionsdisplayupps\u00e4ttningar.<\/li>\n<li>Flexibel integration: Slank, multifunktionell design som anpassar sig till olika layouter och ers\u00e4tter konfigurationer med flera sk\u00e4rmar utan behov av ytterligare h\u00e5rdvara.<\/li>\n<li>Tillf\u00f6rlitlig i kr\u00e4vande milj\u00f6er: Dubbel str\u00f6mf\u00f6rs\u00f6rjning och databackup m\u00f6jligg\u00f6r kontinuerlig drift i verksamhetskritiska applikationer.<\/li>\n<\/ul>\n<h3><strong>Omfattande st\u00f6d<\/strong><\/h3>\n<ul>\n<li>Teknisk support p\u00e5 distans dygnet runt: F\u00e5 hj\u00e4lp n\u00e4r du beh\u00f6ver det, var du \u00e4n \u00e4r.<\/li>\n<li>5% medf\u00f6ljande reservdelar: Varje leverans inneh\u00e5ller extra komponenter f\u00f6r \u00f6kad tillf\u00f6rlitlighet och trygghet.<\/li>\n<li>3 \u00e5rs f\u00f6rl\u00e4ngd garanti: Dra nytta av l\u00e5ngsiktigt skydd f\u00f6r b\u00e4ttre prestanda och p\u00e5litlig support.<\/li>\n<\/ul>\n<h2>Produktinformation<\/h2>\n<div class=\"row\"  id=\"row-919562066\">\n\n\t<div id=\"col-1558753738\" class=\"col medium-10 small-12 large-10\"  >\n\t\t\t\t<div class=\"col-inner text-left\"  >\n\t\t\t\n\t\t\t\n<ul>\n<li>LED-modulerna \u00e4r konstruerade f\u00f6r \u00e5tkomst framifr\u00e5n och anv\u00e4nder magnetisk f\u00e4stning f\u00f6r snabbt underh\u00e5ll. Panelstrukturen kan f\u00e4stas direkt p\u00e5 plywoodv\u00e4ggen med skruvar. St\u00f6dst\u00e4nger medf\u00f6ljer f\u00f6r exakt positionering och s\u00e4ker installation.<\/li>\n<\/ul>\n\t<div class=\"img has-hover x md-x lg-x y md-y lg-y\" id=\"image_150105183\">\n\t\t\t\t\t\t\t\t<div class=\"img-inner dark\" >\n\t\t\t<img loading=\"lazy\" decoding=\"async\" width=\"1000\" height=\"560\" src=\"https:\/\/www.telaled.com\/wp-content\/uploads\/2025\/08\/Montagem-direta-na-parede.webp\" class=\"attachment-original size-original\" alt=\"Direktmontering p\u00e5 v\u00e4gg\" srcset=\"https:\/\/www.telaled.com\/wp-content\/uploads\/2025\/08\/Montagem-direta-na-parede.webp 1000w, https:\/\/www.telaled.com\/wp-content\/uploads\/2025\/08\/Montagem-direta-na-parede-300x168.webp 300w, https:\/\/www.telaled.com\/wp-content\/uploads\/2025\/08\/Montagem-direta-na-parede-768x430.webp 768w, https:\/\/www.telaled.com\/wp-content\/uploads\/2025\/08\/Montagem-direta-na-parede-18x10.webp 18w, https:\/\/www.telaled.com\/wp-content\/uploads\/2025\/08\/Montagem-direta-na-parede-600x336.webp 600w\" sizes=\"auto, (max-width: 1000px) 100vw, 1000px\" \/>\t\t\t\t\t\t\n\t\t\t\t\t<\/div>\n\t\t\t\t\t\t\t\t\n<style>\n#image_150105183 {\n  width: 95%;\n}\n<\/style>\n\t<\/div>\n\t\n\t\t<\/div>\n\t\t\t\t\t<\/div>\n\n\t\n\n\t<div id=\"col-1596163436\" class=\"col medium-10 small-12 large-10\"  >\n\t\t\t\t<div class=\"col-inner text-left\"  >\n\t\t\t\n\t\t\t\n<ul>\n<li>21:9-sk\u00e4rmen erbjuder mer horisontellt utrymme f\u00f6r multitasking, kreativt arbete, spel och filmer. Den ger en bredare vy utan svarta kanter och kan ers\u00e4tta dubbla sk\u00e4rmar.<\/li>\n<\/ul>\n\t<div class=\"img has-hover x md-x lg-x y md-y lg-y\" id=\"image_1939387669\">\n\t\t\t\t\t\t\t\t<div class=\"img-inner dark\" >\n\t\t\t<img loading=\"lazy\" decoding=\"async\" width=\"640\" height=\"430\" src=\"https:\/\/www.telaled.com\/wp-content\/uploads\/2025\/08\/Proporcao-de-aspecto-ultra-amplo.webp\" class=\"attachment-large size-large\" alt=\"Ultrabrett bildf\u00f6rh\u00e5llande\" srcset=\"https:\/\/www.telaled.com\/wp-content\/uploads\/2025\/08\/Proporcao-de-aspecto-ultra-amplo.webp 640w, https:\/\/www.telaled.com\/wp-content\/uploads\/2025\/08\/Proporcao-de-aspecto-ultra-amplo-300x202.webp 300w, https:\/\/www.telaled.com\/wp-content\/uploads\/2025\/08\/Proporcao-de-aspecto-ultra-amplo-18x12.webp 18w, https:\/\/www.telaled.com\/wp-content\/uploads\/2025\/08\/Proporcao-de-aspecto-ultra-amplo-600x403.webp 600w\" sizes=\"auto, (max-width: 640px) 100vw, 640px\" \/>\t\t\t\t\t\t\n\t\t\t\t\t<\/div>\n\t\t\t\t\t\t\t\t\n<style>\n#image_1939387669 {\n  width: 95%;\n}\n<\/style>\n\t<\/div>\n\t\n<ul>\n<li>Dubbel str\u00f6mf\u00f6rs\u00f6rjning och databackup uppr\u00e4tth\u00e5ller stabil och p\u00e5litlig prestanda, perfekt f\u00f6r kontrollrum och andra milj\u00f6er med h\u00f6g belastning d\u00e4r driftstopp inte \u00e4r ett alternativ.<\/li>\n<\/ul>\n\t<div class=\"img has-hover x md-x lg-x y md-y lg-y\" id=\"image_665121324\">\n\t\t\t\t\t\t\t\t<div class=\"img-inner dark\" >\n\t\t\t<img loading=\"lazy\" decoding=\"async\" width=\"1020\" height=\"434\" src=\"https:\/\/www.telaled.com\/wp-content\/uploads\/2025\/08\/Backup-duplo-e-redundancia-1024x436.jpg\" class=\"attachment-large size-large\" alt=\"Dubbel s\u00e4kerhetskopiering och redundans\" srcset=\"https:\/\/www.telaled.com\/wp-content\/uploads\/2025\/08\/Backup-duplo-e-redundancia-1024x436.jpg 1024w, https:\/\/www.telaled.com\/wp-content\/uploads\/2025\/08\/Backup-duplo-e-redundancia-300x128.jpg 300w, https:\/\/www.telaled.com\/wp-content\/uploads\/2025\/08\/Backup-duplo-e-redundancia-768x327.jpg 768w, https:\/\/www.telaled.com\/wp-content\/uploads\/2025\/08\/Backup-duplo-e-redundancia-18x8.jpg 18w, https:\/\/www.telaled.com\/wp-content\/uploads\/2025\/08\/Backup-duplo-e-redundancia-600x256.jpg 600w, https:\/\/www.telaled.com\/wp-content\/uploads\/2025\/08\/Backup-duplo-e-redundancia.jpg 1099w\" sizes=\"auto, (max-width: 1020px) 100vw, 1020px\" \/>\t\t\t\t\t\t\n\t\t\t\t\t<\/div>\n\t\t\t\t\t\t\t\t\n<style>\n#image_665121324 {\n  width: 95%;\n}\n<\/style>\n\t<\/div>\n\t\n\t\t<\/div>\n\t\t\t\t\t<\/div>\n\n\t\n\n\t<div id=\"col-97464850\" class=\"col medium-10 small-12 large-10\"  >\n\t\t\t\t<div class=\"col-inner text-left\"  >\n\t\t\t\n\t\t\t\n<ul>\n<li>LED-displayer f\u00f6rpackas efter typ och till\u00e4mpning. Kompletta displayenheter packas i tr\u00e4l\u00e5dor f\u00f6r maximal stabilitet, medan LED-moduler skickas i kartonger. Renmtal-displayer f\u00e5r specialbehandling, vanligtvis f\u00f6rpackade i flygfraktl\u00e5dor eller i enkla l\u00e5dor f\u00f6rst\u00e4rkta med tr\u00e4ramar f\u00f6r extra skydd.<\/li>\n<\/ul>\n\t<div class=\"img has-hover x md-x lg-x y md-y lg-y\" id=\"image_274838767\">\n\t\t\t\t\t\t\t\t<div class=\"img-inner dark\" >\n\t\t\t<img loading=\"lazy\" decoding=\"async\" width=\"760\" height=\"1024\" src=\"https:\/\/www.telaled.com\/wp-content\/uploads\/2025\/06\/Embalagem-760x1024.webp\" class=\"attachment-large size-large\" alt=\"F\u00f6rpackning\" srcset=\"https:\/\/www.telaled.com\/wp-content\/uploads\/2025\/06\/Embalagem-760x1024.webp 760w, https:\/\/www.telaled.com\/wp-content\/uploads\/2025\/06\/Embalagem-223x300.webp 223w, https:\/\/www.telaled.com\/wp-content\/uploads\/2025\/06\/Embalagem-768x1035.webp 768w, https:\/\/www.telaled.com\/wp-content\/uploads\/2025\/06\/Embalagem-9x12.webp 9w, https:\/\/www.telaled.com\/wp-content\/uploads\/2025\/06\/Embalagem-600x808.webp 600w, https:\/\/www.telaled.com\/wp-content\/uploads\/2025\/06\/Embalagem.webp 795w\" sizes=\"auto, (max-width: 760px) 100vw, 760px\" \/>\t\t\t\t\t\t\n\t\t\t\t\t<\/div>\n\t\t\t\t\t\t\t\t\n<style>\n#image_274838767 {\n  width: 95%;\n}\n<\/style>\n\t<\/div>\n\t\n\t\t<\/div>\n\t\t\t\t\t<\/div>\n\n\t\n<\/div>\n\t\t<\/div>\n\t\t\t\t\t<\/div>\n\n\t\n\n\t<div id=\"col-1054852774\" class=\"col small-12 large-12\"  >\n\t\t\t\t<div class=\"col-inner\"  >\n\t\t\t\n\t\t\t\n<div class=\"row\"  id=\"row-152941619\">\n\n\t<div id=\"col-129287484\" class=\"col medium-10 small-12 large-10\"  >\n\t\t\t\t<div class=\"col-inner\"  >\n\t\t\t\n\t\t\t\n\n<table id=\"tablepress-56\" class=\"tablepress tablepress-id-56\">\n<thead>\n<tr class=\"row-1\">\n\t<th class=\"column-1\">Modell<\/th><th class=\"column-2\">THO 1,25<\/th><th class=\"column-3\">THO 1.56<\/th>\n<\/tr>\n<\/thead>\n<tbody class=\"row-striping row-hover\">\n<tr class=\"row-2\">\n\t<td class=\"column-1\">Avst\u00e5nd mellan pixlar (mm)<\/td><td class=\"column-2\">1.25<\/td><td class=\"column-3\">1.56<\/td>\n<\/tr>\n<tr class=\"row-3\">\n\t<td class=\"column-1\">Sk\u00e5psuppl\u00f6sning (L\u00d7A)<\/td><td class=\"column-2\">640\u00d7270<\/td><td class=\"column-3\">512\u00d7216<\/td>\n<\/tr>\n<tr class=\"row-4\">\n\t<td class=\"column-1\">Modulstorlek (mm) (L\u00d7H)<\/td><td class=\"column-2\">200\u00d7337,5<\/td><td class=\"column-3\">200\u00d7337,5<\/td>\n<\/tr>\n<tr class=\"row-5\">\n\t<td class=\"column-1\">Sk\u00e5pm\u00e5tt (mm) (B\u00d7H\u00d7D)<\/td><td class=\"column-2\">800\u00d7337,5\u00d738<\/td><td class=\"column-3\">800\u00d7337,5\u00d738<\/td>\n<\/tr>\n<tr class=\"row-6\">\n\t<td class=\"column-1\">Ljusstyrka (nit)<\/td><td class=\"column-2\">Standardljusstyrka \u22641500 H\u00f6g ljusstyrka \u22643500<\/td><td class=\"column-3\">Standardljusstyrka \u22641500 H\u00f6g ljusstyrka \u22643500<\/td>\n<\/tr>\n<tr class=\"row-7\">\n\t<td class=\"column-1\">Gr\u00e5skala (bit)<\/td><td class=\"column-2\">14~16<\/td><td class=\"column-3\">14~16<\/td>\n<\/tr>\n<tr class=\"row-8\">\n\t<td class=\"column-1\">Pixelkalibrering<\/td><td class=\"column-2\">St\u00f6d f\u00f6r ljusstyrka- och f\u00e4rgkalibrering<\/td><td class=\"column-3\">St\u00f6d f\u00f6r ljusstyrka- och f\u00e4rgkalibrering<\/td>\n<\/tr>\n<tr class=\"row-9\">\n\t<td class=\"column-1\">F\u00e4rgtemperatur (K)<\/td><td class=\"column-2\">2000~12000 (justerbar)<\/td><td class=\"column-3\">2000~12000 (justerbar)<\/td>\n<\/tr>\n<tr class=\"row-10\">\n\t<td class=\"column-1\">Kontrollsystem<\/td><td class=\"column-2\">Synkron styrning<\/td><td class=\"column-3\">Synkron styrning<\/td>\n<\/tr>\n<tr class=\"row-11\">\n\t<td class=\"column-1\">K\u00f6rl\u00e4ge<\/td><td class=\"column-2\">Konstantstr\u00f6msdrift (kompatibel)<\/td><td class=\"column-3\">Konstantstr\u00f6msdrift (kompatibel)<\/td>\n<\/tr>\n<tr class=\"row-12\">\n\t<td class=\"column-1\">Bildfrekvens (Hz)<\/td><td class=\"column-2\">50\/60<\/td><td class=\"column-3\">50\/60<\/td>\n<\/tr>\n<tr class=\"row-13\">\n\t<td class=\"column-1\">Uppdateringsfrekvens (Hz)<\/td><td class=\"column-2\">\u22653840<\/td><td class=\"column-3\">\u22653840<\/td>\n<\/tr>\n<tr class=\"row-14\">\n\t<td class=\"column-1\">Driftsp\u00e4nning (V)<\/td><td class=\"column-2\">AC100~240V (50~60Hz)<\/td><td class=\"column-3\">AC100~240V (50~60Hz)<\/td>\n<\/tr>\n<tr class=\"row-15\">\n\t<td class=\"column-1\">Maximal energif\u00f6rbrukning (W\/m\u00b2)<\/td><td class=\"column-2\">\u2264450<\/td><td class=\"column-3\">\u2264450<\/td>\n<\/tr>\n<tr class=\"row-16\">\n\t<td class=\"column-1\">Genomsnittlig energif\u00f6rbrukning (W\/m\u00b2)<\/td><td class=\"column-2\">\u2264180<\/td><td class=\"column-3\">\u2264180<\/td>\n<\/tr>\n<tr class=\"row-17\">\n\t<td class=\"column-1\">Nyttjandeperiod (H)<\/td><td class=\"column-2\">\u2264100 000<\/td><td class=\"column-3\">\u2264100 000<\/td>\n<\/tr>\n<tr class=\"row-18\">\n\t<td class=\"column-1\">Driftstemperatur (\u00b0C \/ \u00b0F)<\/td><td class=\"column-2\">-10~+40 \/ +14~+104<\/td><td class=\"column-3\">-10~+40 \/ +14~+104<\/td>\n<\/tr>\n<tr class=\"row-19\">\n\t<td class=\"column-1\">F\u00f6rvaringstemperatur (\u00b0C \/ \u00b0F)<\/td><td class=\"column-2\">-20~+60 \/ -4~+140<\/td><td class=\"column-3\">-20~+60 \/ -4~+140<\/td>\n<\/tr>\n<tr class=\"row-20\">\n\t<td class=\"column-1\">Driftsfuktighet<\/td><td class=\"column-2\">10%~80%<\/td><td class=\"column-3\">10%~80%<\/td>\n<\/tr>\n<tr class=\"row-21\">\n\t<td class=\"column-1\">Sk\u00e5pets vikt (kg\/lbs)<\/td><td class=\"column-2\">6.8 \/ 15<\/td><td class=\"column-3\">6.8 \/ 15<\/td>\n<\/tr>\n<\/tbody>\n<\/table>\n<!-- #tablepress-56 from cache -->\n\t\t<\/div>\n\t\t\t\t\t<\/div>\n\n\t\n<\/div>\n\t\t<\/div>\n\t\t\t\t\t<\/div>\n\n\t\n<\/div>","protected":false},"excerpt":{"rendered":"<p><strong>THO-serien HD LED-panel: Allt-i-ett LED-display, brett format, precisionsprestanda.<\/strong><\/p>\n<p>Den har ett ultrabrett bildf\u00f6rh\u00e5llande p\u00e5 21:9, vilket g\u00f6r den till en idealisk ers\u00e4ttning f\u00f6r konfigurationer med dubbla sk\u00e4rmar i kontrollrum, kommandocentraler och milj\u00f6er med h\u00f6g belastning. Med sina smala pixlar levererar den skarpa och detaljerade bilder.<\/p>\n<p><strong>Huvudfunktioner:<\/strong><\/p>\n<ul>\n<li><strong>H\u00f6guppl\u00f6sta bilder:<\/strong> fina pixlar av <a href=\"https:\/\/www.telaled.com\/sv\/fabrica\/modulo-painel-de-led-p1-25\/\">1,25 mm<\/a> e <a href=\"https:\/\/www.telaled.com\/sv\/fabrica\/modulo-painel-de-led-p1-56\/\">1,56 mm<\/a> De s\u00e4kerst\u00e4ller skarpa bilder och tydlig text f\u00f6r applikationer med m\u00e5nga detaljer.<\/li>\n<li><strong>Platsbesparande design:<\/strong> Den kompletta strukturen f\u00f6renklar installationen och eliminerar behovet av flera sk\u00e4rmar.<\/li>\n<li><strong>Precisionsteknik:<\/strong> Den kompakta modulstorleken (200 x 337,5 mm) och det smala sk\u00e5pdjupet (38 mm) skapar en elegant och professionell konfiguration.<\/li>\n<\/ul>\n<p>Vi erbjuder fj\u00e4rrsupport dygnet runt och 3 \u00e5rs garanti. Kontakta oss idag f\u00f6r en personlig offert.<\/p>","protected":false},"featured_media":2903,"template":"","meta":[],"product_brand":[],"product_cat":[40,46],"product_tag":[],"class_list":{"0":"post-2902","1":"product","2":"type-product","3":"status-publish","4":"has-post-thumbnail","6":"product_cat-painel-de-led","7":"product_cat-painel-de-video","9":"first","10":"instock","11":"shipping-taxable","12":"product-type-simple"},"yoast_head":"<!-- This site is optimized with the Yoast SEO plugin v27.4 - https:\/\/yoast.com\/product\/yoast-seo-wordpress\/ -->\n<title>Painel de LED HD S\u00e9rie THO | Tela de Alta Resolu\u00e7\u00e3o para Imagens N\u00edtidas |TELALED<\/title>\n<meta name=\"description\" content=\"Aprimore seus recursos visuais com o painel LED HD da s\u00e9rie THO. Projetado para uso interno, ele oferece alta resolu\u00e7\u00e3o, cores vibrantes e desempenho suave para eventos, salas de controle e displays publicit\u00e1rios.\" \/>\n<meta name=\"robots\" content=\"index, follow, max-snippet:-1, max-image-preview:large, max-video-preview:-1\" \/>\n<link rel=\"canonical\" href=\"https:\/\/www.telaled.com\/sv\/fabrica\/painel-de-led-hd-serie-tho\/\" \/>\n<meta property=\"og:locale\" content=\"sv_SE\" \/>\n<meta property=\"og:type\" content=\"article\" \/>\n<meta property=\"og:title\" content=\"Painel de LED HD S\u00e9rie THO | Tela de Alta Resolu\u00e7\u00e3o para Imagens N\u00edtidas |TELALED\" \/>\n<meta property=\"og:description\" content=\"Aprimore seus recursos visuais com o painel LED HD da s\u00e9rie THO. Projetado para uso interno, ele oferece alta resolu\u00e7\u00e3o, cores vibrantes e desempenho suave para eventos, salas de controle e displays publicit\u00e1rios.\" \/>\n<meta property=\"og:url\" content=\"https:\/\/www.telaled.com\/sv\/fabrica\/painel-de-led-hd-serie-tho\/\" \/>\n<meta property=\"og:site_name\" content=\"TELALED\" \/>\n<meta property=\"article:modified_time\" content=\"2026-01-05T04:05:22+00:00\" \/>\n<meta property=\"og:image\" content=\"https:\/\/www.telaled.com\/wp-content\/uploads\/2025\/08\/Painel-de-LED-HD-Serie-THO.webp\" \/>\n\t<meta property=\"og:image:width\" content=\"500\" \/>\n\t<meta property=\"og:image:height\" content=\"500\" \/>\n\t<meta property=\"og:image:type\" content=\"image\/webp\" \/>\n<meta name=\"twitter:card\" content=\"summary_large_image\" \/>\n<meta name=\"twitter:label1\" content=\"Est. reading time\" \/>\n\t<meta name=\"twitter:data1\" content=\"3 minuter\" \/>\n<script type=\"application\/ld+json\" class=\"yoast-schema-graph\">{\"@context\":\"https:\\\/\\\/schema.org\",\"@graph\":[{\"@type\":\"WebPage\",\"@id\":\"https:\\\/\\\/www.telaled.com\\\/fabrica\\\/painel-de-led-hd-serie-tho\\\/\",\"url\":\"https:\\\/\\\/www.telaled.com\\\/fabrica\\\/painel-de-led-hd-serie-tho\\\/\",\"name\":\"Painel de LED HD S\u00e9rie THO | Tela de Alta Resolu\u00e7\u00e3o para Imagens N\u00edtidas |TELALED\",\"isPartOf\":{\"@id\":\"https:\\\/\\\/www.telaled.com\\\/#website\"},\"primaryImageOfPage\":{\"@id\":\"https:\\\/\\\/www.telaled.com\\\/fabrica\\\/painel-de-led-hd-serie-tho\\\/#primaryimage\"},\"image\":{\"@id\":\"https:\\\/\\\/www.telaled.com\\\/fabrica\\\/painel-de-led-hd-serie-tho\\\/#primaryimage\"},\"thumbnailUrl\":\"https:\\\/\\\/www.telaled.com\\\/wp-content\\\/uploads\\\/2025\\\/08\\\/Painel-de-LED-HD-Serie-THO.webp\",\"datePublished\":\"2025-08-08T01:45:40+00:00\",\"dateModified\":\"2026-01-05T04:05:22+00:00\",\"description\":\"Aprimore seus recursos visuais com o painel LED HD da s\u00e9rie THO. Projetado para uso interno, ele oferece alta resolu\u00e7\u00e3o, cores vibrantes e desempenho suave para eventos, salas de controle e displays publicit\u00e1rios.\",\"breadcrumb\":{\"@id\":\"https:\\\/\\\/www.telaled.com\\\/fabrica\\\/painel-de-led-hd-serie-tho\\\/#breadcrumb\"},\"inLanguage\":\"sv-SE\",\"potentialAction\":[{\"@type\":\"ReadAction\",\"target\":[\"https:\\\/\\\/www.telaled.com\\\/fabrica\\\/painel-de-led-hd-serie-tho\\\/\"]}]},{\"@type\":\"ImageObject\",\"inLanguage\":\"sv-SE\",\"@id\":\"https:\\\/\\\/www.telaled.com\\\/fabrica\\\/painel-de-led-hd-serie-tho\\\/#primaryimage\",\"url\":\"https:\\\/\\\/www.telaled.com\\\/wp-content\\\/uploads\\\/2025\\\/08\\\/Painel-de-LED-HD-Serie-THO.webp\",\"contentUrl\":\"https:\\\/\\\/www.telaled.com\\\/wp-content\\\/uploads\\\/2025\\\/08\\\/Painel-de-LED-HD-Serie-THO.webp\",\"width\":500,\"height\":500,\"caption\":\"Painel-de-LED-HD-S\u00e9rie-THO\"},{\"@type\":\"BreadcrumbList\",\"@id\":\"https:\\\/\\\/www.telaled.com\\\/fabrica\\\/painel-de-led-hd-serie-tho\\\/#breadcrumb\",\"itemListElement\":[{\"@type\":\"ListItem\",\"position\":1,\"name\":\"Home\",\"item\":\"https:\\\/\\\/www.telaled.com\\\/\"},{\"@type\":\"ListItem\",\"position\":2,\"name\":\"Produtos\",\"item\":\"https:\\\/\\\/www.telaled.com\\\/shop\\\/\"},{\"@type\":\"ListItem\",\"position\":3,\"name\":\"Painel de LED HD S\u00e9rie THO\"}]},{\"@type\":\"WebSite\",\"@id\":\"https:\\\/\\\/www.telaled.com\\\/#website\",\"url\":\"https:\\\/\\\/www.telaled.com\\\/\",\"name\":\"TELALED\",\"description\":\"\",\"potentialAction\":[{\"@type\":\"SearchAction\",\"target\":{\"@type\":\"EntryPoint\",\"urlTemplate\":\"https:\\\/\\\/www.telaled.com\\\/?s={search_term_string}\"},\"query-input\":{\"@type\":\"PropertyValueSpecification\",\"valueRequired\":true,\"valueName\":\"search_term_string\"}}],\"inLanguage\":\"sv-SE\"}]}<\/script>\n<!-- \/ Yoast SEO plugin. -->","yoast_head_json":{"title":"THO-serien HD LED-panel | H\u00f6guppl\u00f6st sk\u00e4rm f\u00f6r skarpa bilder | LED-sk\u00e4rm","description":"F\u00f6rb\u00e4ttra dina bilder med THO-seriens HD LED-panel. Den \u00e4r designad f\u00f6r inomhusbruk och erbjuder h\u00f6g uppl\u00f6sning, livfulla f\u00e4rger och smidig prestanda f\u00f6r evenemang, kontrollrum och reklamdisplayer.","robots":{"index":"index","follow":"follow","max-snippet":"max-snippet:-1","max-image-preview":"max-image-preview:large","max-video-preview":"max-video-preview:-1"},"canonical":"https:\/\/www.telaled.com\/sv\/fabrica\/painel-de-led-hd-serie-tho\/","og_locale":"sv_SE","og_type":"article","og_title":"Painel de LED HD S\u00e9rie THO | Tela de Alta Resolu\u00e7\u00e3o para Imagens N\u00edtidas |TELALED","og_description":"Aprimore seus recursos visuais com o painel LED HD da s\u00e9rie THO. Projetado para uso interno, ele oferece alta resolu\u00e7\u00e3o, cores vibrantes e desempenho suave para eventos, salas de controle e displays publicit\u00e1rios.","og_url":"https:\/\/www.telaled.com\/sv\/fabrica\/painel-de-led-hd-serie-tho\/","og_site_name":"TELALED","article_modified_time":"2026-01-05T04:05:22+00:00","og_image":[{"width":500,"height":500,"url":"https:\/\/www.telaled.com\/wp-content\/uploads\/2025\/08\/Painel-de-LED-HD-Serie-THO.webp","type":"image\/webp"}],"twitter_card":"summary_large_image","twitter_misc":{"Est. reading time":"3 minuter"},"schema":{"@context":"https:\/\/schema.org","@graph":[{"@type":"WebPage","@id":"https:\/\/www.telaled.com\/fabrica\/painel-de-led-hd-serie-tho\/","url":"https:\/\/www.telaled.com\/fabrica\/painel-de-led-hd-serie-tho\/","name":"THO-serien HD LED-panel | H\u00f6guppl\u00f6st sk\u00e4rm f\u00f6r skarpa bilder | LED-sk\u00e4rm","isPartOf":{"@id":"https:\/\/www.telaled.com\/#website"},"primaryImageOfPage":{"@id":"https:\/\/www.telaled.com\/fabrica\/painel-de-led-hd-serie-tho\/#primaryimage"},"image":{"@id":"https:\/\/www.telaled.com\/fabrica\/painel-de-led-hd-serie-tho\/#primaryimage"},"thumbnailUrl":"https:\/\/www.telaled.com\/wp-content\/uploads\/2025\/08\/Painel-de-LED-HD-Serie-THO.webp","datePublished":"2025-08-08T01:45:40+00:00","dateModified":"2026-01-05T04:05:22+00:00","description":"F\u00f6rb\u00e4ttra dina bilder med THO-seriens HD LED-panel. Den \u00e4r designad f\u00f6r inomhusbruk och erbjuder h\u00f6g uppl\u00f6sning, livfulla f\u00e4rger och smidig prestanda f\u00f6r evenemang, kontrollrum och reklamdisplayer.","breadcrumb":{"@id":"https:\/\/www.telaled.com\/fabrica\/painel-de-led-hd-serie-tho\/#breadcrumb"},"inLanguage":"sv-SE","potentialAction":[{"@type":"ReadAction","target":["https:\/\/www.telaled.com\/fabrica\/painel-de-led-hd-serie-tho\/"]}]},{"@type":"ImageObject","inLanguage":"sv-SE","@id":"https:\/\/www.telaled.com\/fabrica\/painel-de-led-hd-serie-tho\/#primaryimage","url":"https:\/\/www.telaled.com\/wp-content\/uploads\/2025\/08\/Painel-de-LED-HD-Serie-THO.webp","contentUrl":"https:\/\/www.telaled.com\/wp-content\/uploads\/2025\/08\/Painel-de-LED-HD-Serie-THO.webp","width":500,"height":500,"caption":"Painel-de-LED-HD-S\u00e9rie-THO"},{"@type":"BreadcrumbList","@id":"https:\/\/www.telaled.com\/fabrica\/painel-de-led-hd-serie-tho\/#breadcrumb","itemListElement":[{"@type":"ListItem","position":1,"name":"Home","item":"https:\/\/www.telaled.com\/"},{"@type":"ListItem","position":2,"name":"Produtos","item":"https:\/\/www.telaled.com\/shop\/"},{"@type":"ListItem","position":3,"name":"Painel de LED HD S\u00e9rie THO"}]},{"@type":"WebSite","@id":"https:\/\/www.telaled.com\/#website","url":"https:\/\/www.telaled.com\/","name":"LED-sk\u00e4rm","description":"","potentialAction":[{"@type":"SearchAction","target":{"@type":"EntryPoint","urlTemplate":"https:\/\/www.telaled.com\/?s={search_term_string}"},"query-input":{"@type":"PropertyValueSpecification","valueRequired":true,"valueName":"search_term_string"}}],"inLanguage":"sv-SE"}]}},"_links":{"self":[{"href":"https:\/\/www.telaled.com\/sv\/wp-json\/wp\/v2\/product\/2902","targetHints":{"allow":["GET"]}}],"collection":[{"href":"https:\/\/www.telaled.com\/sv\/wp-json\/wp\/v2\/product"}],"about":[{"href":"https:\/\/www.telaled.com\/sv\/wp-json\/wp\/v2\/types\/product"}],"wp:featuredmedia":[{"embeddable":true,"href":"https:\/\/www.telaled.com\/sv\/wp-json\/wp\/v2\/media\/2903"}],"wp:attachment":[{"href":"https:\/\/www.telaled.com\/sv\/wp-json\/wp\/v2\/media?parent=2902"}],"wp:term":[{"taxonomy":"product_brand","embeddable":true,"href":"https:\/\/www.telaled.com\/sv\/wp-json\/wp\/v2\/product_brand?post=2902"},{"taxonomy":"product_cat","embeddable":true,"href":"https:\/\/www.telaled.com\/sv\/wp-json\/wp\/v2\/product_cat?post=2902"},{"taxonomy":"product_tag","embeddable":true,"href":"https:\/\/www.telaled.com\/sv\/wp-json\/wp\/v2\/product_tag?post=2902"}],"curies":[{"name":"wp","href":"https:\/\/api.w.org\/{rel}","templated":true}]}}