{"id":2843,"date":"2025-08-04T01:34:42","date_gmt":"2025-08-04T01:34:42","guid":{"rendered":"https:\/\/www.telaled.com\/?post_type=product&#038;p=2843"},"modified":"2026-01-05T02:48:37","modified_gmt":"2026-01-05T02:48:37","slug":"painel-de-led-para-manutencao-frontal-serie-tib","status":"publish","type":"product","link":"https:\/\/www.telaled.com\/sv\/fabrica\/painel-de-led-para-manutencao-frontal-serie-tib\/","title":{"rendered":"TIB-seriens fr\u00e4mre LED-underh\u00e5llspanel"},"content":{"rendered":"<div class=\"row\"  id=\"row-1616436362\">\n\n\t<div id=\"col-491825630\" class=\"col small-12 large-12\"  >\n\t\t\t\t<div class=\"col-inner\"  >\n\t\t\t\n\t\t\t\n<h2>Exklusiva f\u00f6rdelar med TIB-seriens frontpanel f\u00f6r underh\u00e5lls-LED<\/h2>\n<h3><strong>\u00d6verl\u00e4gsen h\u00e5llbarhet<\/strong><\/h3>\n<ul>\n<li>CNC-fr\u00e4st bikakestruktur i ett 640x480x48-h\u00f6lje erbjuder h\u00f6g h\u00e5llfasthet, exakt uppriktning och termisk effektivitet f\u00f6r att f\u00f6rhindra skevhet och termiska skador.<\/li>\n<li>Tr\u00e5dl\u00f6sa och direktmonterade moduler minskar slitage, uppr\u00e4tth\u00e5ller stabila anslutningar och fungerar med redundanta str\u00f6m- och signalsystem f\u00f6r oavbruten drift.<\/li>\n<\/ul>\n<h3><strong>Exceptionell visuell kvalitet<\/strong><\/h3>\n<ul>\n<li>H\u00f6g uppdateringsfrekvens upp till 3840Hz<\/li>\n<li>Bred betraktningsvinkel p\u00e5 160\u00b0 V\/H<\/li>\n<\/ul>\n<h3><strong>Fullst\u00e4ndig anpassningsf\u00f6rm\u00e5ga<\/strong><\/h3>\n<ul>\n<li>M\u00e5ngsidiga till\u00e4mpningar: L\u00e4mplig f\u00f6r kontrollrum, <a href=\"https:\/\/www.telaled.com\/sv\/fabrica\/painel-de-led-para-sala-de-conferencia-serie-tid\/\">konferensrum<\/a>, detaljhandelsmilj\u00f6er och <a href=\"https:\/\/www.telaled.com\/sv\/painel-de-led-para-palco\/\">h\u00e4ndelsestadier<\/a>.<\/li>\n<li>Kompakt sk\u00e5pdesign: Storleken 640x480x48 mm m\u00f6jligg\u00f6r s\u00f6ml\u00f6s integration i b\u00e5de sm\u00e5 och stora sk\u00e4rmkonfigurationer.<\/li>\n<\/ul>\n<h3><strong>Omfattande st\u00f6d<\/strong><\/h3>\n<ul>\n<li>Teknisk support p\u00e5 distans dygnet runt \u2013 Tillg\u00e4nglig n\u00e4r du beh\u00f6ver hj\u00e4lp.<\/li>\n<li>5% reservdelar ing\u00e5r \u2013 Njut av st\u00f6rre sinnesro.<\/li>\n<li>3 \u00e5rs f\u00f6rl\u00e4ngd garanti \u2013 Dra nytta av l\u00e5ngsiktig tillf\u00f6rlitlighet och omfattande support.<\/li>\n<\/ul>\n<h2>Produktinformation<\/h2>\n<div class=\"row\"  id=\"row-1357510081\">\n\n\t<div id=\"col-863476972\" class=\"col medium-10 small-12 large-10\"  >\n\t\t\t\t<div class=\"col-inner text-left\"  >\n\t\t\t\n\t\t\t\n<ul>\n<li>Sk\u00e5pet har en intuitiv struktur som f\u00f6renklar installation och montering. Det inkluderar en justeringslist f\u00f6r exakt positionering, snabbkopplingar p\u00e5 toppen och botten, och snabbkopplingar p\u00e5 b\u00e5da sidor f\u00f6r en s\u00e4ker och stabil passform.<\/li>\n<\/ul>\n\t<div class=\"img has-hover x md-x lg-x y md-y lg-y\" id=\"image_1240396008\">\n\t\t\t\t\t\t\t\t<div class=\"img-inner dark\" >\n\t\t\t<img loading=\"lazy\" decoding=\"async\" width=\"1280\" height=\"720\" src=\"https:\/\/www.telaled.com\/wp-content\/uploads\/2025\/08\/Design-de-gabinete-perfeito.jpg\" class=\"attachment-original size-original\" alt=\"perfekt-sk\u00e5pdesign\" srcset=\"https:\/\/www.telaled.com\/wp-content\/uploads\/2025\/08\/Design-de-gabinete-perfeito.jpg 1280w, https:\/\/www.telaled.com\/wp-content\/uploads\/2025\/08\/Design-de-gabinete-perfeito-300x169.jpg 300w, https:\/\/www.telaled.com\/wp-content\/uploads\/2025\/08\/Design-de-gabinete-perfeito-1024x576.jpg 1024w, https:\/\/www.telaled.com\/wp-content\/uploads\/2025\/08\/Design-de-gabinete-perfeito-768x432.jpg 768w, https:\/\/www.telaled.com\/wp-content\/uploads\/2025\/08\/Design-de-gabinete-perfeito-18x10.jpg 18w, https:\/\/www.telaled.com\/wp-content\/uploads\/2025\/08\/Design-de-gabinete-perfeito-600x338.jpg 600w\" sizes=\"auto, (max-width: 1280px) 100vw, 1280px\" \/>\t\t\t\t\t\t\n\t\t\t\t\t<\/div>\n\t\t\t\t\t\t\t\t\n<style>\n#image_1240396008 {\n  width: 95%;\n}\n<\/style>\n\t<\/div>\n\t\n\t\t<\/div>\n\t\t\t\t\t<\/div>\n\n\t\n\n\t<div id=\"col-2080998345\" class=\"col medium-10 small-12 large-10\"  >\n\t\t\t\t<div class=\"col-inner text-left\"  >\n\t\t\t\n\t\t\t\n<ul>\n<li>Vi anv\u00e4nder LED-teknik. <a href=\"https:\/\/www.telaled.com\/sv\/led-smd\/\">SMD-skivor<\/a> 3-i-1 f\u00f6r j\u00e4mn ljusstyrka och exakt f\u00e4rg\u00e5tergivning. Sk\u00e4rmen st\u00f6der 2K-, 4K- och 8K-bilder med skarp uppl\u00f6sning, enhetliga f\u00e4rger och rik bildkvalitet f\u00f6r en exceptionell tittarupplevelse.<\/li>\n<\/ul>\n\t<div class=\"img has-hover x md-x lg-x y md-y lg-y\" id=\"image_991596519\">\n\t\t\t\t\t\t\t\t<div class=\"img-inner dark\" >\n\t\t\t<img loading=\"lazy\" decoding=\"async\" width=\"1020\" height=\"574\" src=\"https:\/\/www.telaled.com\/wp-content\/uploads\/2025\/08\/Efeito-de-exibicao-soberbo-1024x576.webp\" class=\"attachment-large size-large\" alt=\"\" srcset=\"https:\/\/www.telaled.com\/wp-content\/uploads\/2025\/08\/Efeito-de-exibicao-soberbo-1024x576.webp 1024w, https:\/\/www.telaled.com\/wp-content\/uploads\/2025\/08\/Efeito-de-exibicao-soberbo-300x169.webp 300w, https:\/\/www.telaled.com\/wp-content\/uploads\/2025\/08\/Efeito-de-exibicao-soberbo-768x432.webp 768w, https:\/\/www.telaled.com\/wp-content\/uploads\/2025\/08\/Efeito-de-exibicao-soberbo-18x10.webp 18w, https:\/\/www.telaled.com\/wp-content\/uploads\/2025\/08\/Efeito-de-exibicao-soberbo-600x338.webp 600w, https:\/\/www.telaled.com\/wp-content\/uploads\/2025\/08\/Efeito-de-exibicao-soberbo.webp 1536w\" sizes=\"auto, (max-width: 1020px) 100vw, 1020px\" \/>\t\t\t\t\t\t\n\t\t\t\t\t<\/div>\n\t\t\t\t\t\t\t\t\n<style>\n#image_991596519 {\n  width: 95%;\n}\n<\/style>\n\t<\/div>\n\t\n<ul>\n<li>Med ett bildf\u00f6rh\u00e5llande p\u00e5 4:3 och sk\u00e5pm\u00e5tt p\u00e5 640\u00d7480 mm kan denna interna LED-display f\u00f6r frontmontering s\u00f6ml\u00f6st konfigureras till en 16:9-sk\u00e4rm f\u00f6r st\u00f6rre visningsformat.<\/li>\n<\/ul>\n\t<div class=\"img has-hover x md-x lg-x y md-y lg-y\" id=\"image_864920325\">\n\t\t\t\t\t\t\t\t<div class=\"img-inner dark\" >\n\t\t\t<img loading=\"lazy\" decoding=\"async\" width=\"1020\" height=\"370\" src=\"https:\/\/www.telaled.com\/wp-content\/uploads\/2025\/08\/Design-de-tamanho-1024x371.webp\" class=\"attachment-large size-large\" alt=\"Storleksdesign\" srcset=\"https:\/\/www.telaled.com\/wp-content\/uploads\/2025\/08\/Design-de-tamanho-1024x371.webp 1024w, https:\/\/www.telaled.com\/wp-content\/uploads\/2025\/08\/Design-de-tamanho-300x109.webp 300w, https:\/\/www.telaled.com\/wp-content\/uploads\/2025\/08\/Design-de-tamanho-768x278.webp 768w, https:\/\/www.telaled.com\/wp-content\/uploads\/2025\/08\/Design-de-tamanho-18x7.webp 18w, https:\/\/www.telaled.com\/wp-content\/uploads\/2025\/08\/Design-de-tamanho-600x218.webp 600w, https:\/\/www.telaled.com\/wp-content\/uploads\/2025\/08\/Design-de-tamanho.webp 1332w\" sizes=\"auto, (max-width: 1020px) 100vw, 1020px\" \/>\t\t\t\t\t\t\n\t\t\t\t\t<\/div>\n\t\t\t\t\t\t\t\t\n<style>\n#image_864920325 {\n  width: 95%;\n}\n<\/style>\n\t<\/div>\n\t\n<ul>\n<li>S\u00f6ml\u00f6s anslutning med v\u00e5r kabelfria skarvningsteknik.<\/li>\n<\/ul>\n\t\t<\/div>\n\t\t\t\t\t<\/div>\n\n\t\n\n\t<div id=\"col-1391507449\" class=\"col medium-10 small-12 large-10\"  >\n\t\t\t\t<div class=\"col-inner text-left\"  >\n\t\t\t\n\t\t\t\n\t<div class=\"img has-hover x md-x lg-x y md-y lg-y\" id=\"image_947934985\">\n\t\t\t\t\t\t\t\t<div class=\"img-inner dark\" >\n\t\t\t<img loading=\"lazy\" decoding=\"async\" width=\"815\" height=\"496\" src=\"https:\/\/www.telaled.com\/wp-content\/uploads\/2025\/08\/conectividade-perfeita-com-nossa-tecnologia-de-emenda-sem-cabos.webp\" class=\"attachment-large size-large\" alt=\"\" srcset=\"https:\/\/www.telaled.com\/wp-content\/uploads\/2025\/08\/conectividade-perfeita-com-nossa-tecnologia-de-emenda-sem-cabos.webp 815w, https:\/\/www.telaled.com\/wp-content\/uploads\/2025\/08\/conectividade-perfeita-com-nossa-tecnologia-de-emenda-sem-cabos-300x183.webp 300w, https:\/\/www.telaled.com\/wp-content\/uploads\/2025\/08\/conectividade-perfeita-com-nossa-tecnologia-de-emenda-sem-cabos-768x467.webp 768w, https:\/\/www.telaled.com\/wp-content\/uploads\/2025\/08\/conectividade-perfeita-com-nossa-tecnologia-de-emenda-sem-cabos-18x12.webp 18w, https:\/\/www.telaled.com\/wp-content\/uploads\/2025\/08\/conectividade-perfeita-com-nossa-tecnologia-de-emenda-sem-cabos-600x365.webp 600w\" sizes=\"auto, (max-width: 815px) 100vw, 815px\" \/>\t\t\t\t\t\t\n\t\t\t\t\t<\/div>\n\t\t\t\t\t\t\t\t\n<style>\n#image_947934985 {\n  width: 100%;\n}\n<\/style>\n\t<\/div>\n\t\n<ul>\n<li>Vi paketerar v\u00e5ra LED-displayer enligt typ och till\u00e4mpning f\u00f6r att garantera s\u00e4ker leverans. Beroende p\u00e5 kraven skickas vissa enheter i tr\u00e4l\u00e5dor f\u00f6r extra skydd, andra i robusta kartonger och vissa moduler i luftt\u00e4ta l\u00e5dor. Ytterligare s\u00e4kerhets\u00e5tg\u00e4rder, s\u00e5som anv\u00e4ndning av vanliga l\u00e5dor, till\u00e4mpas vid behov.<\/li>\n<\/ul>\n\t<div class=\"img has-hover x md-x lg-x y md-y lg-y\" id=\"image_1119066718\">\n\t\t\t\t\t\t\t\t<div class=\"img-inner dark\" >\n\t\t\t<img loading=\"lazy\" decoding=\"async\" width=\"760\" height=\"1024\" src=\"https:\/\/www.telaled.com\/wp-content\/uploads\/2025\/06\/Embalagem-760x1024.webp\" class=\"attachment-large size-large\" alt=\"F\u00f6rpackning\" srcset=\"https:\/\/www.telaled.com\/wp-content\/uploads\/2025\/06\/Embalagem-760x1024.webp 760w, https:\/\/www.telaled.com\/wp-content\/uploads\/2025\/06\/Embalagem-223x300.webp 223w, https:\/\/www.telaled.com\/wp-content\/uploads\/2025\/06\/Embalagem-768x1035.webp 768w, https:\/\/www.telaled.com\/wp-content\/uploads\/2025\/06\/Embalagem-9x12.webp 9w, https:\/\/www.telaled.com\/wp-content\/uploads\/2025\/06\/Embalagem-600x808.webp 600w, https:\/\/www.telaled.com\/wp-content\/uploads\/2025\/06\/Embalagem.webp 795w\" sizes=\"auto, (max-width: 760px) 100vw, 760px\" \/>\t\t\t\t\t\t\n\t\t\t\t\t<\/div>\n\t\t\t\t\t\t\t\t\n<style>\n#image_1119066718 {\n  width: 95%;\n}\n<\/style>\n\t<\/div>\n\t\n\t\t<\/div>\n\t\t\t\t\t<\/div>\n\n\t\n<\/div>\n\t\t<\/div>\n\t\t\t\t\t<\/div>\n\n\t\n\n\t<div id=\"col-1821513973\" class=\"col small-12 large-12\"  >\n\t\t\t\t<div class=\"col-inner\"  >\n\t\t\t\n\t\t\t\n<div class=\"row\"  id=\"row-636556696\">\n\n\t<div id=\"col-113985772\" class=\"col medium-10 small-12 large-10\"  >\n\t\t\t\t<div class=\"col-inner\"  >\n\t\t\t\n\t\t\t\n\n<table id=\"tablepress-52\" class=\"tablepress tablepress-id-52\">\n<thead>\n<tr class=\"row-1\">\n\t<th class=\"column-1\">Specifikationer:<\/th><th class=\"column-2\">TCH-P4-S118<\/th>\n<\/tr>\n<\/thead>\n<tbody class=\"row-striping row-hover\">\n<tr class=\"row-2\">\n\t<td class=\"column-1\">Pixelpunktskomposition:<\/td><td class=\"column-2\">2121 (3 i 1)<\/td>\n<\/tr>\n<tr class=\"row-3\">\n\t<td class=\"column-1\">Pixeluppl\u00f6sning:<\/td><td class=\"column-2\">550*370<\/td>\n<\/tr>\n<tr class=\"row-4\">\n\t<td class=\"column-1\">Sk\u00e4rmstorlek (mm):<\/td><td class=\"column-2\">2200*1480<\/td>\n<\/tr>\n<tr class=\"row-5\">\n\t<td class=\"column-1\">Sk\u00e4rmdensitet:<\/td><td class=\"column-2\">62500 po\u00e4ng\/\u33a1<\/td>\n<\/tr>\n<tr class=\"row-6\">\n\t<td class=\"column-1\">Idealt betraktningsavst\u00e5nd (m):<\/td><td class=\"column-2\">4\u2013100 m<\/td>\n<\/tr>\n<tr class=\"row-7\">\n\t<td class=\"column-1\">Maximal energif\u00f6rbrukning:<\/td><td class=\"column-2\">800w\/\u33a1<\/td>\n<\/tr>\n<tr class=\"row-8\">\n\t<td class=\"column-1\">Skanningsmetod:<\/td><td class=\"column-2\">16 skanningar<\/td>\n<\/tr>\n<tr class=\"row-9\">\n\t<td class=\"column-1\">Ljusstyrka: (CD\/\u33a1)<\/td><td class=\"column-2\">1600<\/td>\n<\/tr>\n<tr class=\"row-10\">\n\t<td class=\"column-1\">Perspektiv:<\/td><td class=\"column-2\">H 360\u00b0 V 360\u00b0<\/td>\n<\/tr>\n<tr class=\"row-11\">\n\t<td class=\"column-1\">Driftsp\u00e4nning:<\/td><td class=\"column-2\">AC 220V\/100V\u00b115% 47~64Hz<\/td>\n<\/tr>\n<tr class=\"row-12\">\n\t<td class=\"column-1\">Matningssp\u00e4nning:<\/td><td class=\"column-2\">5V<\/td>\n<\/tr>\n<tr class=\"row-13\">\n\t<td class=\"column-1\">Systemets driftsomgivningstemperatur:<\/td><td class=\"column-2\">-20~60\u00b0C<\/td>\n<\/tr>\n<tr class=\"row-14\">\n\t<td class=\"column-1\">Systemet fungerar i en m\u00e5ttlig milj\u00f6:<\/td><td class=\"column-2\">10%~90% UR<\/td>\n<\/tr>\n<tr class=\"row-15\">\n\t<td class=\"column-1\">Sk\u00e4rmf\u00e4rg:<\/td><td class=\"column-2\">16,7 miljoner<\/td>\n<\/tr>\n<tr class=\"row-16\">\n\t<td class=\"column-1\">Gr\u00e5skaleniv\u00e5:<\/td><td class=\"column-2\">16384<\/td>\n<\/tr>\n<tr class=\"row-17\">\n\t<td class=\"column-1\">Kommunikationsmetod:<\/td><td class=\"column-2\">Synkronisering<\/td>\n<\/tr>\n<\/tbody>\n<\/table>\n<!-- #tablepress-52 from cache -->\n\t\t<\/div>\n\t\t\t\t\t<\/div>\n\n\t\n<\/div>\n\t\t<\/div>\n\t\t\t\t\t<\/div>\n\n\t\n<\/div>","protected":false},"excerpt":{"rendered":"<p><strong>TIB-seriens LED-panel f\u00f6r frontmontering \u2013 H\u00f6g uppdateringshastighet med enkelt frontmonterat underh\u00e5ll<\/strong><\/p>\n<p>O <strong>TIB-seriens fr\u00e4mre LED-underh\u00e5llspanel<\/strong> Den erbjuder snabbt frontunderh\u00e5ll, perfekt f\u00f6r tr\u00e5nga installationsutrymmen. Med pixelavst\u00e5nd p\u00e5 <a href=\"https:\/\/www.telaled.com\/sv\/fabrica\/modulo-painel-de-led-p1-25\/\">1,25 mm<\/a> a <a href=\"https:\/\/www.telaled.com\/sv\/fabrica\/modulo-painel-de-led-p2-5\/\">2,5 mm<\/a>, Dess CNC-fr\u00e4sta struktur garanterar skarpa bilder, enkelt underh\u00e5ll och l\u00e5ngsiktig tillf\u00f6rlitlighet.<\/p>\n<p><strong>Huvudfunktioner:<\/strong><\/p>\n<ul>\n<li><strong>\u00c5tkomst till fr\u00e4mre underh\u00e5ll:<\/strong> Modulerna kan tas bort fr\u00e5n framsidan p\u00e5 mindre \u00e4n tv\u00e5 minuter med ett enkelt magnetverktyg.<\/li>\n<li><strong>Anslutning av tr\u00e5dl\u00f6s modul:<\/strong> Den direkta inkopplingsdesignen eliminerar behovet av platta kablar.<\/li>\n<li><strong>Redundant str\u00f6m och signal:<\/strong> Dubbla backupsystem uppr\u00e4tth\u00e5ller <a href=\"https:\/\/www.telaled.com\/sv\/monitor-video-wall\/\">\u00f6vervaka<\/a> fungerar vid ov\u00e4ntade str\u00f6m- eller signalavbrott.<\/li>\n<\/ul>\n<p>V\u00e4lj 1,25 mm f\u00f6r sk\u00e4rpa i n\u00e4rbilder i kontrollrum, 1,53 mm och <a href=\"https:\/\/www.telaled.com\/sv\/fabrica\/modulo-painel-de-led-p1-8605\/\">1,86 mm<\/a> f\u00f6r konferenser och detaljhandel, eller 2,5 mm f\u00f6r st\u00f6rre inomhussk\u00e4rmar med st\u00f6rre betraktningsavst\u00e5nd.<\/p>","protected":false},"featured_media":2844,"template":"","meta":[],"product_brand":[],"product_cat":[40,46],"product_tag":[],"class_list":{"0":"post-2843","1":"product","2":"type-product","3":"status-publish","4":"has-post-thumbnail","6":"product_cat-painel-de-led","7":"product_cat-painel-de-video","9":"first","10":"instock","11":"shipping-taxable","12":"product-type-simple"},"yoast_head":"<!-- This site is optimized with the Yoast SEO plugin v27.4 - https:\/\/yoast.com\/product\/yoast-seo-wordpress\/ -->\n<title>Painel de LED para Manuten\u00e7\u00e3o Frontal S\u00e9rie TIB | Reparos R\u00e1pidos e Simples | TELALED<\/title>\n<meta name=\"description\" content=\"Economize tempo com Painel de LED para Manuten\u00e7\u00e3o Frontal S\u00e9rie TIB. N\u00e3o \u00e9 necess\u00e1rio espa\u00e7o na parte traseira. Solicite um or\u00e7amento hoje mesmo e agilize a configura\u00e7\u00e3o do seu display.\" \/>\n<meta name=\"robots\" content=\"index, follow, max-snippet:-1, max-image-preview:large, max-video-preview:-1\" \/>\n<link rel=\"canonical\" href=\"https:\/\/www.telaled.com\/sv\/fabrica\/painel-de-led-para-manutencao-frontal-serie-tib\/\" \/>\n<meta property=\"og:locale\" content=\"sv_SE\" \/>\n<meta property=\"og:type\" content=\"article\" \/>\n<meta property=\"og:title\" content=\"Painel de LED para Manuten\u00e7\u00e3o Frontal S\u00e9rie TIB | Reparos R\u00e1pidos e Simples | TELALED\" \/>\n<meta property=\"og:description\" content=\"Economize tempo com Painel de LED para Manuten\u00e7\u00e3o Frontal S\u00e9rie TIB. N\u00e3o \u00e9 necess\u00e1rio espa\u00e7o na parte traseira. Solicite um or\u00e7amento hoje mesmo e agilize a configura\u00e7\u00e3o do seu display.\" \/>\n<meta property=\"og:url\" content=\"https:\/\/www.telaled.com\/sv\/fabrica\/painel-de-led-para-manutencao-frontal-serie-tib\/\" \/>\n<meta property=\"og:site_name\" content=\"TELALED\" \/>\n<meta property=\"article:modified_time\" content=\"2026-01-05T02:48:37+00:00\" \/>\n<meta property=\"og:image\" content=\"https:\/\/www.telaled.com\/wp-content\/uploads\/2025\/08\/painel-de-led-para-manutencao-frontal.webp\" \/>\n\t<meta property=\"og:image:width\" content=\"500\" \/>\n\t<meta property=\"og:image:height\" content=\"500\" \/>\n\t<meta property=\"og:image:type\" content=\"image\/webp\" \/>\n<meta name=\"twitter:card\" content=\"summary_large_image\" \/>\n<meta name=\"twitter:label1\" content=\"Est. reading time\" \/>\n\t<meta name=\"twitter:data1\" content=\"3 minuter\" \/>\n<script type=\"application\/ld+json\" class=\"yoast-schema-graph\">{\"@context\":\"https:\\\/\\\/schema.org\",\"@graph\":[{\"@type\":\"WebPage\",\"@id\":\"https:\\\/\\\/www.telaled.com\\\/fabrica\\\/painel-de-led-para-manutencao-frontal-serie-tib\\\/\",\"url\":\"https:\\\/\\\/www.telaled.com\\\/fabrica\\\/painel-de-led-para-manutencao-frontal-serie-tib\\\/\",\"name\":\"Painel de LED para Manuten\u00e7\u00e3o Frontal S\u00e9rie TIB | Reparos R\u00e1pidos e Simples | TELALED\",\"isPartOf\":{\"@id\":\"https:\\\/\\\/www.telaled.com\\\/#website\"},\"primaryImageOfPage\":{\"@id\":\"https:\\\/\\\/www.telaled.com\\\/fabrica\\\/painel-de-led-para-manutencao-frontal-serie-tib\\\/#primaryimage\"},\"image\":{\"@id\":\"https:\\\/\\\/www.telaled.com\\\/fabrica\\\/painel-de-led-para-manutencao-frontal-serie-tib\\\/#primaryimage\"},\"thumbnailUrl\":\"https:\\\/\\\/www.telaled.com\\\/wp-content\\\/uploads\\\/2025\\\/08\\\/painel-de-led-para-manutencao-frontal.webp\",\"datePublished\":\"2025-08-04T01:34:42+00:00\",\"dateModified\":\"2026-01-05T02:48:37+00:00\",\"description\":\"Economize tempo com Painel de LED para Manuten\u00e7\u00e3o Frontal S\u00e9rie TIB. N\u00e3o \u00e9 necess\u00e1rio espa\u00e7o na parte traseira. Solicite um or\u00e7amento hoje mesmo e agilize a configura\u00e7\u00e3o do seu display.\",\"breadcrumb\":{\"@id\":\"https:\\\/\\\/www.telaled.com\\\/fabrica\\\/painel-de-led-para-manutencao-frontal-serie-tib\\\/#breadcrumb\"},\"inLanguage\":\"sv-SE\",\"potentialAction\":[{\"@type\":\"ReadAction\",\"target\":[\"https:\\\/\\\/www.telaled.com\\\/fabrica\\\/painel-de-led-para-manutencao-frontal-serie-tib\\\/\"]}]},{\"@type\":\"ImageObject\",\"inLanguage\":\"sv-SE\",\"@id\":\"https:\\\/\\\/www.telaled.com\\\/fabrica\\\/painel-de-led-para-manutencao-frontal-serie-tib\\\/#primaryimage\",\"url\":\"https:\\\/\\\/www.telaled.com\\\/wp-content\\\/uploads\\\/2025\\\/08\\\/painel-de-led-para-manutencao-frontal.webp\",\"contentUrl\":\"https:\\\/\\\/www.telaled.com\\\/wp-content\\\/uploads\\\/2025\\\/08\\\/painel-de-led-para-manutencao-frontal.webp\",\"width\":500,\"height\":500,\"caption\":\"painel-de-led-para-manuten\u00e7\u00e3o-frontal\"},{\"@type\":\"BreadcrumbList\",\"@id\":\"https:\\\/\\\/www.telaled.com\\\/fabrica\\\/painel-de-led-para-manutencao-frontal-serie-tib\\\/#breadcrumb\",\"itemListElement\":[{\"@type\":\"ListItem\",\"position\":1,\"name\":\"Home\",\"item\":\"https:\\\/\\\/www.telaled.com\\\/\"},{\"@type\":\"ListItem\",\"position\":2,\"name\":\"Produtos\",\"item\":\"https:\\\/\\\/www.telaled.com\\\/shop\\\/\"},{\"@type\":\"ListItem\",\"position\":3,\"name\":\"Painel de LED para Manuten\u00e7\u00e3o Frontal S\u00e9rie TIB\"}]},{\"@type\":\"WebSite\",\"@id\":\"https:\\\/\\\/www.telaled.com\\\/#website\",\"url\":\"https:\\\/\\\/www.telaled.com\\\/\",\"name\":\"TELALED\",\"description\":\"\",\"potentialAction\":[{\"@type\":\"SearchAction\",\"target\":{\"@type\":\"EntryPoint\",\"urlTemplate\":\"https:\\\/\\\/www.telaled.com\\\/?s={search_term_string}\"},\"query-input\":{\"@type\":\"PropertyValueSpecification\",\"valueRequired\":true,\"valueName\":\"search_term_string\"}}],\"inLanguage\":\"sv-SE\"}]}<\/script>\n<!-- \/ Yoast SEO plugin. -->","yoast_head_json":{"title":"TIB-seriens frontpanel f\u00f6r underh\u00e5ll av LED | Snabba och enkla reparationer | TELALED","description":"Spara tid med TIB-seriens LED-panel f\u00f6r fr\u00e4mre underh\u00e5ll. Inget utrymme baktill kr\u00e4vs. Beg\u00e4r en offert idag och snabba upp din displayinstallation.","robots":{"index":"index","follow":"follow","max-snippet":"max-snippet:-1","max-image-preview":"max-image-preview:large","max-video-preview":"max-video-preview:-1"},"canonical":"https:\/\/www.telaled.com\/sv\/fabrica\/painel-de-led-para-manutencao-frontal-serie-tib\/","og_locale":"sv_SE","og_type":"article","og_title":"Painel de LED para Manuten\u00e7\u00e3o Frontal S\u00e9rie TIB | Reparos R\u00e1pidos e Simples | TELALED","og_description":"Economize tempo com Painel de LED para Manuten\u00e7\u00e3o Frontal S\u00e9rie TIB. N\u00e3o \u00e9 necess\u00e1rio espa\u00e7o na parte traseira. Solicite um or\u00e7amento hoje mesmo e agilize a configura\u00e7\u00e3o do seu display.","og_url":"https:\/\/www.telaled.com\/sv\/fabrica\/painel-de-led-para-manutencao-frontal-serie-tib\/","og_site_name":"TELALED","article_modified_time":"2026-01-05T02:48:37+00:00","og_image":[{"width":500,"height":500,"url":"https:\/\/www.telaled.com\/wp-content\/uploads\/2025\/08\/painel-de-led-para-manutencao-frontal.webp","type":"image\/webp"}],"twitter_card":"summary_large_image","twitter_misc":{"Est. reading time":"3 minuter"},"schema":{"@context":"https:\/\/schema.org","@graph":[{"@type":"WebPage","@id":"https:\/\/www.telaled.com\/fabrica\/painel-de-led-para-manutencao-frontal-serie-tib\/","url":"https:\/\/www.telaled.com\/fabrica\/painel-de-led-para-manutencao-frontal-serie-tib\/","name":"TIB-seriens frontpanel f\u00f6r underh\u00e5ll av LED | Snabba och enkla reparationer | TELALED","isPartOf":{"@id":"https:\/\/www.telaled.com\/#website"},"primaryImageOfPage":{"@id":"https:\/\/www.telaled.com\/fabrica\/painel-de-led-para-manutencao-frontal-serie-tib\/#primaryimage"},"image":{"@id":"https:\/\/www.telaled.com\/fabrica\/painel-de-led-para-manutencao-frontal-serie-tib\/#primaryimage"},"thumbnailUrl":"https:\/\/www.telaled.com\/wp-content\/uploads\/2025\/08\/painel-de-led-para-manutencao-frontal.webp","datePublished":"2025-08-04T01:34:42+00:00","dateModified":"2026-01-05T02:48:37+00:00","description":"Spara tid med TIB-seriens LED-panel f\u00f6r fr\u00e4mre underh\u00e5ll. Inget utrymme baktill kr\u00e4vs. Beg\u00e4r en offert idag och snabba upp din displayinstallation.","breadcrumb":{"@id":"https:\/\/www.telaled.com\/fabrica\/painel-de-led-para-manutencao-frontal-serie-tib\/#breadcrumb"},"inLanguage":"sv-SE","potentialAction":[{"@type":"ReadAction","target":["https:\/\/www.telaled.com\/fabrica\/painel-de-led-para-manutencao-frontal-serie-tib\/"]}]},{"@type":"ImageObject","inLanguage":"sv-SE","@id":"https:\/\/www.telaled.com\/fabrica\/painel-de-led-para-manutencao-frontal-serie-tib\/#primaryimage","url":"https:\/\/www.telaled.com\/wp-content\/uploads\/2025\/08\/painel-de-led-para-manutencao-frontal.webp","contentUrl":"https:\/\/www.telaled.com\/wp-content\/uploads\/2025\/08\/painel-de-led-para-manutencao-frontal.webp","width":500,"height":500,"caption":"painel-de-led-para-manuten\u00e7\u00e3o-frontal"},{"@type":"BreadcrumbList","@id":"https:\/\/www.telaled.com\/fabrica\/painel-de-led-para-manutencao-frontal-serie-tib\/#breadcrumb","itemListElement":[{"@type":"ListItem","position":1,"name":"Home","item":"https:\/\/www.telaled.com\/"},{"@type":"ListItem","position":2,"name":"Produtos","item":"https:\/\/www.telaled.com\/shop\/"},{"@type":"ListItem","position":3,"name":"Painel de LED para Manuten\u00e7\u00e3o Frontal S\u00e9rie TIB"}]},{"@type":"WebSite","@id":"https:\/\/www.telaled.com\/#website","url":"https:\/\/www.telaled.com\/","name":"LED-sk\u00e4rm","description":"","potentialAction":[{"@type":"SearchAction","target":{"@type":"EntryPoint","urlTemplate":"https:\/\/www.telaled.com\/?s={search_term_string}"},"query-input":{"@type":"PropertyValueSpecification","valueRequired":true,"valueName":"search_term_string"}}],"inLanguage":"sv-SE"}]}},"_links":{"self":[{"href":"https:\/\/www.telaled.com\/sv\/wp-json\/wp\/v2\/product\/2843","targetHints":{"allow":["GET"]}}],"collection":[{"href":"https:\/\/www.telaled.com\/sv\/wp-json\/wp\/v2\/product"}],"about":[{"href":"https:\/\/www.telaled.com\/sv\/wp-json\/wp\/v2\/types\/product"}],"wp:featuredmedia":[{"embeddable":true,"href":"https:\/\/www.telaled.com\/sv\/wp-json\/wp\/v2\/media\/2844"}],"wp:attachment":[{"href":"https:\/\/www.telaled.com\/sv\/wp-json\/wp\/v2\/media?parent=2843"}],"wp:term":[{"taxonomy":"product_brand","embeddable":true,"href":"https:\/\/www.telaled.com\/sv\/wp-json\/wp\/v2\/product_brand?post=2843"},{"taxonomy":"product_cat","embeddable":true,"href":"https:\/\/www.telaled.com\/sv\/wp-json\/wp\/v2\/product_cat?post=2843"},{"taxonomy":"product_tag","embeddable":true,"href":"https:\/\/www.telaled.com\/sv\/wp-json\/wp\/v2\/product_tag?post=2843"}],"curies":[{"name":"wp","href":"https:\/\/api.w.org\/{rel}","templated":true}]}}