{"id":2792,"date":"2025-07-29T08:46:16","date_gmt":"2025-07-29T08:46:16","guid":{"rendered":"https:\/\/www.telaled.com\/?post_type=product&#038;p=2792"},"modified":"2026-01-05T01:57:39","modified_gmt":"2026-01-05T01:57:39","slug":"paineis-de-led-outdoor-serie-tod","status":"publish","type":"product","link":"https:\/\/www.telaled.com\/sv\/fabrica\/paineis-de-led-outdoor-serie-tod\/","title":{"rendered":"TOD-seriens LED-paneler f\u00f6r utomhusbruk"},"content":{"rendered":"<div class=\"row\"  id=\"row-1418772356\">\n\n\t<div id=\"col-449414932\" class=\"col small-12 large-12\"  >\n\t\t\t\t<div class=\"col-inner\"  >\n\t\t\t\n\t\t\t\n<h2>Exklusiva f\u00f6rdelar med TOD-seriens utomhus-LED-paneler<\/h2>\n<h3><strong>\u00d6verl\u00e4gsen h\u00e5llbarhet<\/strong><\/h3>\n<ul>\n<li>Konstruerad med en bakre ram i gjuten aluminium, utformad f\u00f6r att motst\u00e5 h\u00f6ga temperaturer och f\u00f6rhindra ant\u00e4ndning, vilket s\u00e4kerst\u00e4ller snabb v\u00e4rmeavledning. Ramen \u00e4r tillverkad av ett standardiserat flamskyddsmaterial, som kan fungera vid h\u00f6ga temperaturer utan risk f\u00f6r sj\u00e4lvant\u00e4ndning.<\/li>\n<li>Anv\u00e4nd separata str\u00f6mf\u00f6rs\u00f6rjningar, vilket minskar <a href=\"https:\/\/www.telaled.com\/sv\/entendendo-o-consumo-de-energia-painel-de-led-quao-eficientes-sao-os-displays-de-led-modernos\/\">energif\u00f6rbrukning<\/a> och v\u00e4rmegenerering. Aluminiummodulerna ger utm\u00e4rkt v\u00e4rmeavledning, vilket ger energibesparingar p\u00e5 upp till 75% och minskar kostnaderna.<\/li>\n<\/ul>\n<h3><strong>Exceptionell visuell kvalitet<\/strong><\/h3>\n<ul>\n<li>H\u00f6g uppdateringsfrekvens upp till 1920\/3840 HZ<\/li>\n<li>Bred betraktningsvinkel p\u00e5 160\u00b0\/140\u00b0<\/li>\n<\/ul>\n<h3><strong>Fullst\u00e4ndig anpassningsf\u00f6rm\u00e5ga<\/strong><\/h3>\n<ul>\n<li>Livsl\u00e4ngd p\u00e5 100 000 timmar.<\/li>\n<li>Ljusstyrka upp till 6 000\u201310 000 cd\/m\u00b2<\/li>\n<\/ul>\n<h3><strong>Omfattande st\u00f6d<\/strong><\/h3>\n<ul>\n<li>Teknisk support p\u00e5 distans dygnet runt \u2013 Tillg\u00e4nglig n\u00e4r du beh\u00f6ver hj\u00e4lp.<\/li>\n<li>5% reservdelar ing\u00e5r \u2013 Njut av st\u00f6rre sinnesro.<\/li>\n<li>3 \u00e5rs f\u00f6rl\u00e4ngd garanti \u2013 Dra nytta av l\u00e5ngsiktig tillf\u00f6rlitlighet och omfattande support.<\/li>\n<\/ul>\n<h2>Produktinformation<\/h2>\n<div class=\"row\"  id=\"row-147254026\">\n\n\t<div id=\"col-1920051619\" class=\"col medium-10 small-12 large-10\"  >\n\t\t\t\t<div class=\"col-inner text-left\"  >\n\t\t\t\n\t\t\t\n<ul>\n<li>IP65-skydd s\u00e4kerst\u00e4ller stabil sk\u00e4rmdrift \u00e4ven i extrema v\u00e4derf\u00f6rh\u00e5llanden, s\u00e5som h\u00f6g temperatur, l\u00e5g temperatur och h\u00f6g luftfuktighet.<\/li>\n<\/ul>\n\t<div class=\"img has-hover x md-x lg-x y md-y lg-y\" id=\"image_1693174917\">\n\t\t\t\t\t\t\t\t<div class=\"img-inner dark\" >\n\t\t\t<img loading=\"lazy\" decoding=\"async\" width=\"1440\" height=\"500\" src=\"https:\/\/www.telaled.com\/wp-content\/uploads\/2025\/07\/Nivel-de-protecao-IP65.webp\" class=\"attachment-original size-original\" alt=\"Skyddsniv\u00e5 - IP65\" srcset=\"https:\/\/www.telaled.com\/wp-content\/uploads\/2025\/07\/Nivel-de-protecao-IP65.webp 1440w, https:\/\/www.telaled.com\/wp-content\/uploads\/2025\/07\/Nivel-de-protecao-IP65-300x104.webp 300w, https:\/\/www.telaled.com\/wp-content\/uploads\/2025\/07\/Nivel-de-protecao-IP65-1024x356.webp 1024w, https:\/\/www.telaled.com\/wp-content\/uploads\/2025\/07\/Nivel-de-protecao-IP65-768x267.webp 768w, https:\/\/www.telaled.com\/wp-content\/uploads\/2025\/07\/Nivel-de-protecao-IP65-18x6.webp 18w, https:\/\/www.telaled.com\/wp-content\/uploads\/2025\/07\/Nivel-de-protecao-IP65-600x208.webp 600w\" sizes=\"auto, (max-width: 1440px) 100vw, 1440px\" \/>\t\t\t\t\t\t\n\t\t\t\t\t<\/div>\n\t\t\t\t\t\t\t\t\n<style>\n#image_1693174917 {\n  width: 95%;\n}\n<\/style>\n\t<\/div>\n\t\n\t\t<\/div>\n\t\t\t\t\t<\/div>\n\n\t\n\n\t<div id=\"col-1571350082\" class=\"col medium-10 small-12 large-10\"  >\n\t\t\t\t<div class=\"col-inner text-left\"  >\n\t\t\t\n\t\t\t\n<ul>\n<li>Lampf\u00f6tter fyllda med dubbelt lager flytande lim, vilket garanterar \u00f6verl\u00e4gset skydd och h\u00e5llbarhet.<\/li>\n<\/ul>\n\t<div class=\"img has-hover x md-x lg-x y md-y lg-y\" id=\"image_664572197\">\n\t\t\t\t\t\t\t\t<div class=\"img-inner dark\" >\n\t\t\t<img loading=\"lazy\" decoding=\"async\" width=\"640\" height=\"430\" src=\"https:\/\/www.telaled.com\/wp-content\/uploads\/2025\/07\/Base-para-lampada-com-dupla-cola-liquida.webp\" class=\"attachment-large size-large\" alt=\"\" srcset=\"https:\/\/www.telaled.com\/wp-content\/uploads\/2025\/07\/Base-para-lampada-com-dupla-cola-liquida.webp 640w, https:\/\/www.telaled.com\/wp-content\/uploads\/2025\/07\/Base-para-lampada-com-dupla-cola-liquida-300x202.webp 300w, https:\/\/www.telaled.com\/wp-content\/uploads\/2025\/07\/Base-para-lampada-com-dupla-cola-liquida-18x12.webp 18w, https:\/\/www.telaled.com\/wp-content\/uploads\/2025\/07\/Base-para-lampada-com-dupla-cola-liquida-600x403.webp 600w\" sizes=\"auto, (max-width: 640px) 100vw, 640px\" \/>\t\t\t\t\t\t\n\t\t\t\t\t<\/div>\n\t\t\t\t\t\t\t\t\n<style>\n#image_664572197 {\n  width: 95%;\n}\n<\/style>\n\t<\/div>\n\t\n<ul>\n<li>H\u00e5llbara och m\u00e5ngsidiga storlekar<\/li>\n<\/ul>\n\t<div class=\"img has-hover x md-x lg-x y md-y lg-y\" id=\"image_1131830338\">\n\t\t\t\t\t\t\t\t<div class=\"img-inner dark\" >\n\t\t\t<img loading=\"lazy\" decoding=\"async\" width=\"1020\" height=\"283\" src=\"https:\/\/www.telaled.com\/wp-content\/uploads\/2025\/07\/Tamanhos-duraveis-e-versateis-1024x284.webp\" class=\"attachment-large size-large\" alt=\"H\u00e5llbara och m\u00e5ngsidiga storlekar\" srcset=\"https:\/\/www.telaled.com\/wp-content\/uploads\/2025\/07\/Tamanhos-duraveis-e-versateis-1024x284.webp 1024w, https:\/\/www.telaled.com\/wp-content\/uploads\/2025\/07\/Tamanhos-duraveis-e-versateis-300x83.webp 300w, https:\/\/www.telaled.com\/wp-content\/uploads\/2025\/07\/Tamanhos-duraveis-e-versateis-768x213.webp 768w, https:\/\/www.telaled.com\/wp-content\/uploads\/2025\/07\/Tamanhos-duraveis-e-versateis-18x5.webp 18w, https:\/\/www.telaled.com\/wp-content\/uploads\/2025\/07\/Tamanhos-duraveis-e-versateis-600x167.webp 600w, https:\/\/www.telaled.com\/wp-content\/uploads\/2025\/07\/Tamanhos-duraveis-e-versateis.webp 1440w\" sizes=\"auto, (max-width: 1020px) 100vw, 1020px\" \/>\t\t\t\t\t\t\n\t\t\t\t\t<\/div>\n\t\t\t\t\t\t\t\t\n<style>\n#image_1131830338 {\n  width: 95%;\n}\n<\/style>\n\t<\/div>\n\t\n\t\t<\/div>\n\t\t\t\t\t<\/div>\n\n\t\n\n\t<div id=\"col-1709064397\" class=\"col medium-10 small-12 large-10\"  >\n\t\t\t\t<div class=\"col-inner text-left\"  >\n\t\t\t\n\t\t\t\n<ul>\n<li>LED-displayer f\u00f6rpackas efter typ och avsedd anv\u00e4ndning, vilket garanterar s\u00e4ker transport. Kompletta system f\u00f6rpackas i tr\u00e4l\u00e5dor f\u00f6r \u00f6kad stabilitet, medan enskilda LED-moduler f\u00f6rpackas i robusta kartonger. Displayer f\u00f6r uthyrning skickas i speciella flygfraktl\u00e5dor f\u00f6r extra skydd. Vissa artiklar f\u00f6rpackas ocks\u00e5 i standardl\u00e5dor, men inkluderar tr\u00e4l\u00e5dor f\u00f6r extra s\u00e4kerhet.<\/li>\n<\/ul>\n\t<div class=\"img has-hover x md-x lg-x y md-y lg-y\" id=\"image_715019890\">\n\t\t\t\t\t\t\t\t<div class=\"img-inner dark\" >\n\t\t\t<img loading=\"lazy\" decoding=\"async\" width=\"760\" height=\"1024\" src=\"https:\/\/www.telaled.com\/wp-content\/uploads\/2025\/06\/Embalagem-760x1024.webp\" class=\"attachment-large size-large\" alt=\"F\u00f6rpackning\" srcset=\"https:\/\/www.telaled.com\/wp-content\/uploads\/2025\/06\/Embalagem-760x1024.webp 760w, https:\/\/www.telaled.com\/wp-content\/uploads\/2025\/06\/Embalagem-223x300.webp 223w, https:\/\/www.telaled.com\/wp-content\/uploads\/2025\/06\/Embalagem-768x1035.webp 768w, https:\/\/www.telaled.com\/wp-content\/uploads\/2025\/06\/Embalagem-9x12.webp 9w, https:\/\/www.telaled.com\/wp-content\/uploads\/2025\/06\/Embalagem-600x808.webp 600w, https:\/\/www.telaled.com\/wp-content\/uploads\/2025\/06\/Embalagem.webp 795w\" sizes=\"auto, (max-width: 760px) 100vw, 760px\" \/>\t\t\t\t\t\t\n\t\t\t\t\t<\/div>\n\t\t\t\t\t\t\t\t\n<style>\n#image_715019890 {\n  width: 95%;\n}\n<\/style>\n\t<\/div>\n\t\n\t\t<\/div>\n\t\t\t\t\t<\/div>\n\n\t\n<\/div>\n\t\t<\/div>\n\t\t\t\t\t<\/div>\n\n\t\n\n\t<div id=\"col-1426669489\" class=\"col small-12 large-12\"  >\n\t\t\t\t<div class=\"col-inner\"  >\n\t\t\t\n\t\t\t\n<div class=\"row\"  id=\"row-770053686\">\n\n\t<div id=\"col-1532111250\" class=\"col medium-10 small-12 large-10\"  >\n\t\t\t\t<div class=\"col-inner\"  >\n\t\t\t\n\t\t\t\n\n<table id=\"tablepress-49\" class=\"tablepress tablepress-id-49\">\n<thead>\n<tr class=\"row-1\">\n\t<th class=\"column-1\">Modell<\/th><th class=\"column-2\">TOD - 3,8<\/th><th class=\"column-3\">TOD - 5.3<\/th><th class=\"column-4\">Dagens slut - 6,67<\/th><th class=\"column-5\">TOD - 8<\/th><th class=\"column-6\">TOD - 10<\/th>\n<\/tr>\n<\/thead>\n<tbody class=\"row-striping row-hover\">\n<tr class=\"row-2\">\n\t<td class=\"column-1\">Avst\u00e5nd mellan pixlar (mm)<\/td><td class=\"column-2\">3.8<\/td><td class=\"column-3\">5.33<\/td><td class=\"column-4\">6.67<\/td><td class=\"column-5\">8<\/td><td class=\"column-6\">10<\/td>\n<\/tr>\n<tr class=\"row-3\">\n\t<td class=\"column-1\">Modulstorlek (mm)<\/td><td class=\"column-2\">320\u00d7320<\/td><td class=\"column-3\">320\u00d7320<\/td><td class=\"column-4\">320\u00d7320<\/td><td class=\"column-5\">320\u00d7320<\/td><td class=\"column-6\">320\u00d7320<\/td>\n<\/tr>\n<tr class=\"row-4\">\n\t<td class=\"column-1\">Moduluppl\u00f6sning (po\u00e4ng)<\/td><td class=\"column-2\">84x84<\/td><td class=\"column-3\">60x60<br \/>\n<\/td><td class=\"column-4\">48x48<\/td><td class=\"column-5\">40x40<\/td><td class=\"column-6\">32x32<\/td>\n<\/tr>\n<tr class=\"row-5\">\n\t<td class=\"column-1\">Sk\u00e5pstorlek (mm)<\/td><td class=\"column-2\">960\u00d7960<\/td><td class=\"column-3\">960\u00d7960<\/td><td class=\"column-4\">960\u00d7960<\/td><td class=\"column-5\">960\u00d7960<\/td><td class=\"column-6\">960\u00d7960<\/td>\n<\/tr>\n<tr class=\"row-6\">\n\t<td class=\"column-1\">Kabinetsresolution (po\u00e4ng)<\/td><td class=\"column-2\">252x252<\/td><td class=\"column-3\">180x180<\/td><td class=\"column-4\">144x144<\/td><td class=\"column-5\">120x120<\/td><td class=\"column-6\">96x96<\/td>\n<\/tr>\n<tr class=\"row-7\">\n\t<td class=\"column-1\">Sk\u00e5pvikt (kg)<\/td><td class=\"column-2\">32<\/td><td class=\"column-3\">32<\/td><td class=\"column-4\">32<\/td><td class=\"column-5\">32<\/td><td class=\"column-6\">32<\/td>\n<\/tr>\n<tr class=\"row-8\">\n\t<td class=\"column-1\">Pixelt\u00e4thet (pixel\/\u33a1)<\/td><td class=\"column-2\">69,696<\/td><td class=\"column-3\">35,344<\/td><td class=\"column-4\">22,500<\/td><td class=\"column-5\">15,625<\/td><td class=\"column-6\">10,000<\/td>\n<\/tr>\n<tr class=\"row-9\">\n\t<td class=\"column-1\">Glans (Nits)<\/td><td class=\"column-2\">6,000~ 10,000<\/td><td class=\"column-3\">6,000~ 10,000<\/td><td class=\"column-4\">6,000~ 10,000<\/td><td class=\"column-5\">6,000~ 10,000<\/td><td class=\"column-6\">6,000~ 10,000<\/td>\n<\/tr>\n<tr class=\"row-10\">\n\t<td class=\"column-1\">F\u00e4rgtemperatur (K)<\/td><td class=\"column-2\">3,000~ 10,000<\/td><td class=\"column-3\">3,000~ 10,000<\/td><td class=\"column-4\">3,000~ 10,000<\/td><td class=\"column-5\">3,000~ 10,000<\/td><td class=\"column-6\">3,000~ 10,000<\/td>\n<\/tr>\n<tr class=\"row-11\">\n\t<td class=\"column-1\">Betraktningsvinkel (B\/H)<\/td><td class=\"column-2\">160\/140<\/td><td class=\"column-3\">160\/140<\/td><td class=\"column-4\">160\/140<\/td><td class=\"column-5\">160\/140<\/td><td class=\"column-6\">160\/140<\/td>\n<\/tr>\n<tr class=\"row-12\">\n\t<td class=\"column-1\">Kontrastf\u00f6rh\u00e5llande<\/td><td class=\"column-2\">5000:1<\/td><td class=\"column-3\">5000:1<\/td><td class=\"column-4\">5000:1<\/td><td class=\"column-5\">5000:1<\/td><td class=\"column-6\">5000:1<\/td>\n<\/tr>\n<tr class=\"row-13\">\n\t<td class=\"column-1\">Uppdateringsfrekvens (Hz)<\/td><td class=\"column-2\">1920\/3840<\/td><td class=\"column-3\">1920\/3840<\/td><td class=\"column-4\">1920\/3840<\/td><td class=\"column-5\">1920\/3840<\/td><td class=\"column-6\">1920\/3840<\/td>\n<\/tr>\n<tr class=\"row-14\">\n\t<td class=\"column-1\">Bildfrekvens<\/td><td class=\"column-2\">50\/60Hz<\/td><td class=\"column-3\">50\/60Hz<\/td><td class=\"column-4\">50\/60Hz<\/td><td class=\"column-5\">50\/60Hz<\/td><td class=\"column-6\">50\/60Hz<\/td>\n<\/tr>\n<tr class=\"row-15\">\n\t<td class=\"column-1\">Energif\u00f6rbrukning (W\/\u33a1)<\/td><td class=\"column-2\">Max: 600; Genomsnitt: 200<\/td><td class=\"column-3\">Max: 600; Genomsnitt: 200<\/td><td class=\"column-4\">Max: 600; Genomsnitt: 200<\/td><td class=\"column-5\">Max: 600; Genomsnitt: 200<\/td><td class=\"column-6\">Max: 600; Genomsnitt: 200<\/td>\n<\/tr>\n<tr class=\"row-16\">\n\t<td class=\"column-1\">Tillg\u00e5ng till tj\u00e4nsten<\/td><td class=\"column-2\">Fram Bak<\/td><td class=\"column-3\">Fram Bak<\/td><td class=\"column-4\">Fram Bak<\/td><td class=\"column-5\">Fram Bak<\/td><td class=\"column-6\">Fram Bak<\/td>\n<\/tr>\n<tr class=\"row-17\">\n\t<td class=\"column-1\">Livsl\u00e4ngd (timmar)<\/td><td class=\"column-2\">100,000<\/td><td class=\"column-3\">100,000<\/td><td class=\"column-4\">100,000<\/td><td class=\"column-5\">100,000<\/td><td class=\"column-6\">100,000<\/td>\n<\/tr>\n<tr class=\"row-18\">\n\t<td class=\"column-1\">Driftstemperatur (\u2103)<\/td><td class=\"column-2\"><br \/>\n-40~70<\/td><td class=\"column-3\"><br \/>\n-40~70<\/td><td class=\"column-4\"><br \/>\n-40~70<\/td><td class=\"column-5\"><br \/>\n-40~70<\/td><td class=\"column-6\"><br \/>\n-40~70<\/td>\n<\/tr>\n<tr class=\"row-19\">\n\t<td class=\"column-1\">Driftsfuktighet (%)<\/td><td class=\"column-2\">0~90<\/td><td class=\"column-3\">0~90<\/td><td class=\"column-4\">0~90<\/td><td class=\"column-5\">0~90<\/td><td class=\"column-6\">0~90<\/td>\n<\/tr>\n<\/tbody>\n<\/table>\n<!-- #tablepress-49 from cache -->\n\t\t<\/div>\n\t\t\t\t\t<\/div>\n\n\t\n<\/div>\n\t\t<\/div>\n\t\t\t\t\t<\/div>\n\n\t\n<\/div>","protected":false},"excerpt":{"rendered":"<p><strong>TOD-seriens LED-paneler f\u00f6r utomhusbruk: Byggda f\u00f6r tuffa f\u00f6rh\u00e5llanden, redo att g\u00f6ra skillnad<\/strong><\/p>\n<p>O <em><strong>TOD-seriens LED-panel f\u00f6r utomhusbruk<\/strong><\/em> Den \u00e4r designad f\u00f6r tuffa milj\u00f6er och erbjuder h\u00f6g v\u00e4derbest\u00e4ndighet och stabil visuell prestanda. Finns i olika storlekar och pixelantal f\u00f6r flexibel installation.<\/p>\n<p><strong>Huvudfunktioner:<\/strong><\/p>\n<ul>\n<li><strong>Olika sk\u00e5pstorlekar:<\/strong> Alternativen inkluderar 960 x 960, 640 x 960, 640 x 640 och 960 x 640 mm f\u00f6r flexibla konfigurationer.<\/li>\n<li><strong>Snabb v\u00e4rmeavledning<\/strong>H\u00f6g temperaturbest\u00e4ndighet med effektiv v\u00e4rmeavledning, vilket f\u00f6rhindrar fel.<\/li>\n<li><strong>Konsekvent visuell utg\u00e5ng:<\/strong> Den bibeh\u00e5ller ljusstyrka och sk\u00e4rpa \u00e4ven i direkt solljus och varierande v\u00e4derf\u00f6rh\u00e5llanden.<\/li>\n<\/ul>\n<p>Snabb installation och utbyte, standardiserade moduler p\u00e5 320 x 320 mm m\u00f6jligg\u00f6r enkel montering och snabbt underh\u00e5ll p\u00e5 plats.<\/p>\n<p>Vi erbjuder fj\u00e4rrsupport dygnet runt och 3 \u00e5rs standardgaranti. Kontakta oss nu f\u00f6r en personlig offert.<\/p>","protected":false},"featured_media":2793,"template":"","meta":[],"product_brand":[],"product_cat":[40,46],"product_tag":[],"class_list":{"0":"post-2792","1":"product","2":"type-product","3":"status-publish","4":"has-post-thumbnail","6":"product_cat-painel-de-led","7":"product_cat-painel-de-video","9":"first","10":"instock","11":"shipping-taxable","12":"product-type-simple"},"yoast_head":"<!-- This site is optimized with the Yoast SEO plugin v27.4 - https:\/\/yoast.com\/product\/yoast-seo-wordpress\/ -->\n<title>Pain\u00e9is de LED Outdoor de Alta Qualidade para Displays Claros e de Alta Visibilidade em Todas as Condi\u00e7\u00f5es Clim\u00e1ticas | TELALED<\/title>\n<meta name=\"description\" content=\"Obtenha visuais n\u00edtidos e vibrantes com nossos Pain\u00e9is de LED Outdoor, resistentes \u00e0s intemp\u00e9ries. Perfeitos para publicidade e exibi\u00e7\u00f5es p\u00fablicas. Compre agora solu\u00e7\u00f5es confi\u00e1veis e com efici\u00eancia energ\u00e9tica.\" \/>\n<meta name=\"robots\" content=\"index, follow, max-snippet:-1, max-image-preview:large, max-video-preview:-1\" \/>\n<link rel=\"canonical\" href=\"https:\/\/www.telaled.com\/sv\/fabrica\/paineis-de-led-outdoor-serie-tod\/\" \/>\n<meta property=\"og:locale\" content=\"sv_SE\" \/>\n<meta property=\"og:type\" content=\"article\" \/>\n<meta property=\"og:title\" content=\"Pain\u00e9is de LED Outdoor de Alta Qualidade para Displays Claros e de Alta Visibilidade em Todas as Condi\u00e7\u00f5es Clim\u00e1ticas | TELALED\" \/>\n<meta property=\"og:description\" content=\"Obtenha visuais n\u00edtidos e vibrantes com nossos Pain\u00e9is de LED Outdoor, resistentes \u00e0s intemp\u00e9ries. Perfeitos para publicidade e exibi\u00e7\u00f5es p\u00fablicas. Compre agora solu\u00e7\u00f5es confi\u00e1veis e com efici\u00eancia energ\u00e9tica.\" \/>\n<meta property=\"og:url\" content=\"https:\/\/www.telaled.com\/sv\/fabrica\/paineis-de-led-outdoor-serie-tod\/\" \/>\n<meta property=\"og:site_name\" content=\"TELALED\" \/>\n<meta property=\"article:modified_time\" content=\"2026-01-05T01:57:39+00:00\" \/>\n<meta property=\"og:image\" content=\"https:\/\/www.telaled.com\/wp-content\/uploads\/2025\/07\/Paineis-de-LED-Outdoor-Serie-TOD.webp\" \/>\n\t<meta property=\"og:image:width\" content=\"500\" \/>\n\t<meta property=\"og:image:height\" content=\"500\" \/>\n\t<meta property=\"og:image:type\" content=\"image\/webp\" \/>\n<meta name=\"twitter:card\" content=\"summary_large_image\" \/>\n<meta name=\"twitter:label1\" content=\"Est. reading time\" \/>\n\t<meta name=\"twitter:data1\" content=\"2 minuter\" \/>\n<script type=\"application\/ld+json\" class=\"yoast-schema-graph\">{\"@context\":\"https:\\\/\\\/schema.org\",\"@graph\":[{\"@type\":\"WebPage\",\"@id\":\"https:\\\/\\\/www.telaled.com\\\/fabrica\\\/paineis-de-led-outdoor-serie-tod\\\/\",\"url\":\"https:\\\/\\\/www.telaled.com\\\/fabrica\\\/paineis-de-led-outdoor-serie-tod\\\/\",\"name\":\"Pain\u00e9is de LED Outdoor de Alta Qualidade para Displays Claros e de Alta Visibilidade em Todas as Condi\u00e7\u00f5es Clim\u00e1ticas | TELALED\",\"isPartOf\":{\"@id\":\"https:\\\/\\\/www.telaled.com\\\/#website\"},\"primaryImageOfPage\":{\"@id\":\"https:\\\/\\\/www.telaled.com\\\/fabrica\\\/paineis-de-led-outdoor-serie-tod\\\/#primaryimage\"},\"image\":{\"@id\":\"https:\\\/\\\/www.telaled.com\\\/fabrica\\\/paineis-de-led-outdoor-serie-tod\\\/#primaryimage\"},\"thumbnailUrl\":\"https:\\\/\\\/www.telaled.com\\\/wp-content\\\/uploads\\\/2025\\\/07\\\/Paineis-de-LED-Outdoor-Serie-TOD.webp\",\"datePublished\":\"2025-07-29T08:46:16+00:00\",\"dateModified\":\"2026-01-05T01:57:39+00:00\",\"description\":\"Obtenha visuais n\u00edtidos e vibrantes com nossos Pain\u00e9is de LED Outdoor, resistentes \u00e0s intemp\u00e9ries. Perfeitos para publicidade e exibi\u00e7\u00f5es p\u00fablicas. Compre agora solu\u00e7\u00f5es confi\u00e1veis e com efici\u00eancia energ\u00e9tica.\",\"breadcrumb\":{\"@id\":\"https:\\\/\\\/www.telaled.com\\\/fabrica\\\/paineis-de-led-outdoor-serie-tod\\\/#breadcrumb\"},\"inLanguage\":\"sv-SE\",\"potentialAction\":[{\"@type\":\"ReadAction\",\"target\":[\"https:\\\/\\\/www.telaled.com\\\/fabrica\\\/paineis-de-led-outdoor-serie-tod\\\/\"]}]},{\"@type\":\"ImageObject\",\"inLanguage\":\"sv-SE\",\"@id\":\"https:\\\/\\\/www.telaled.com\\\/fabrica\\\/paineis-de-led-outdoor-serie-tod\\\/#primaryimage\",\"url\":\"https:\\\/\\\/www.telaled.com\\\/wp-content\\\/uploads\\\/2025\\\/07\\\/Paineis-de-LED-Outdoor-Serie-TOD.webp\",\"contentUrl\":\"https:\\\/\\\/www.telaled.com\\\/wp-content\\\/uploads\\\/2025\\\/07\\\/Paineis-de-LED-Outdoor-Serie-TOD.webp\",\"width\":500,\"height\":500,\"caption\":\"Pain\u00e9is-de-LED-Outdoor-S\u00e9rie-TOD\"},{\"@type\":\"BreadcrumbList\",\"@id\":\"https:\\\/\\\/www.telaled.com\\\/fabrica\\\/paineis-de-led-outdoor-serie-tod\\\/#breadcrumb\",\"itemListElement\":[{\"@type\":\"ListItem\",\"position\":1,\"name\":\"Home\",\"item\":\"https:\\\/\\\/www.telaled.com\\\/\"},{\"@type\":\"ListItem\",\"position\":2,\"name\":\"Produtos\",\"item\":\"https:\\\/\\\/www.telaled.com\\\/shop\\\/\"},{\"@type\":\"ListItem\",\"position\":3,\"name\":\"Pain\u00e9is de LED Outdoor S\u00e9rie TOD\"}]},{\"@type\":\"WebSite\",\"@id\":\"https:\\\/\\\/www.telaled.com\\\/#website\",\"url\":\"https:\\\/\\\/www.telaled.com\\\/\",\"name\":\"TELALED\",\"description\":\"\",\"potentialAction\":[{\"@type\":\"SearchAction\",\"target\":{\"@type\":\"EntryPoint\",\"urlTemplate\":\"https:\\\/\\\/www.telaled.com\\\/?s={search_term_string}\"},\"query-input\":{\"@type\":\"PropertyValueSpecification\",\"valueRequired\":true,\"valueName\":\"search_term_string\"}}],\"inLanguage\":\"sv-SE\"}]}<\/script>\n<!-- \/ Yoast SEO plugin. -->","yoast_head_json":{"title":"H\u00f6gkvalitativa LED-paneler f\u00f6r utomhusbruk f\u00f6r tydliga och synliga displayer i alla v\u00e4derf\u00f6rh\u00e5llanden | TELALED","description":"F\u00e5 skarpa och livfulla bilder med v\u00e5ra v\u00e4derbest\u00e4ndiga LED-paneler f\u00f6r utomhusbruk. Perfekta f\u00f6r reklam och offentliga skyltar. K\u00f6p p\u00e5litliga och energieffektiva l\u00f6sningar nu.","robots":{"index":"index","follow":"follow","max-snippet":"max-snippet:-1","max-image-preview":"max-image-preview:large","max-video-preview":"max-video-preview:-1"},"canonical":"https:\/\/www.telaled.com\/sv\/fabrica\/paineis-de-led-outdoor-serie-tod\/","og_locale":"sv_SE","og_type":"article","og_title":"Pain\u00e9is de LED Outdoor de Alta Qualidade para Displays Claros e de Alta Visibilidade em Todas as Condi\u00e7\u00f5es Clim\u00e1ticas | TELALED","og_description":"Obtenha visuais n\u00edtidos e vibrantes com nossos Pain\u00e9is de LED Outdoor, resistentes \u00e0s intemp\u00e9ries. Perfeitos para publicidade e exibi\u00e7\u00f5es p\u00fablicas. Compre agora solu\u00e7\u00f5es confi\u00e1veis e com efici\u00eancia energ\u00e9tica.","og_url":"https:\/\/www.telaled.com\/sv\/fabrica\/paineis-de-led-outdoor-serie-tod\/","og_site_name":"TELALED","article_modified_time":"2026-01-05T01:57:39+00:00","og_image":[{"width":500,"height":500,"url":"https:\/\/www.telaled.com\/wp-content\/uploads\/2025\/07\/Paineis-de-LED-Outdoor-Serie-TOD.webp","type":"image\/webp"}],"twitter_card":"summary_large_image","twitter_misc":{"Est. reading time":"2 minuter"},"schema":{"@context":"https:\/\/schema.org","@graph":[{"@type":"WebPage","@id":"https:\/\/www.telaled.com\/fabrica\/paineis-de-led-outdoor-serie-tod\/","url":"https:\/\/www.telaled.com\/fabrica\/paineis-de-led-outdoor-serie-tod\/","name":"H\u00f6gkvalitativa LED-paneler f\u00f6r utomhusbruk f\u00f6r tydliga och synliga displayer i alla v\u00e4derf\u00f6rh\u00e5llanden | TELALED","isPartOf":{"@id":"https:\/\/www.telaled.com\/#website"},"primaryImageOfPage":{"@id":"https:\/\/www.telaled.com\/fabrica\/paineis-de-led-outdoor-serie-tod\/#primaryimage"},"image":{"@id":"https:\/\/www.telaled.com\/fabrica\/paineis-de-led-outdoor-serie-tod\/#primaryimage"},"thumbnailUrl":"https:\/\/www.telaled.com\/wp-content\/uploads\/2025\/07\/Paineis-de-LED-Outdoor-Serie-TOD.webp","datePublished":"2025-07-29T08:46:16+00:00","dateModified":"2026-01-05T01:57:39+00:00","description":"F\u00e5 skarpa och livfulla bilder med v\u00e5ra v\u00e4derbest\u00e4ndiga LED-paneler f\u00f6r utomhusbruk. Perfekta f\u00f6r reklam och offentliga skyltar. K\u00f6p p\u00e5litliga och energieffektiva l\u00f6sningar nu.","breadcrumb":{"@id":"https:\/\/www.telaled.com\/fabrica\/paineis-de-led-outdoor-serie-tod\/#breadcrumb"},"inLanguage":"sv-SE","potentialAction":[{"@type":"ReadAction","target":["https:\/\/www.telaled.com\/fabrica\/paineis-de-led-outdoor-serie-tod\/"]}]},{"@type":"ImageObject","inLanguage":"sv-SE","@id":"https:\/\/www.telaled.com\/fabrica\/paineis-de-led-outdoor-serie-tod\/#primaryimage","url":"https:\/\/www.telaled.com\/wp-content\/uploads\/2025\/07\/Paineis-de-LED-Outdoor-Serie-TOD.webp","contentUrl":"https:\/\/www.telaled.com\/wp-content\/uploads\/2025\/07\/Paineis-de-LED-Outdoor-Serie-TOD.webp","width":500,"height":500,"caption":"Pain\u00e9is-de-LED-Outdoor-S\u00e9rie-TOD"},{"@type":"BreadcrumbList","@id":"https:\/\/www.telaled.com\/fabrica\/paineis-de-led-outdoor-serie-tod\/#breadcrumb","itemListElement":[{"@type":"ListItem","position":1,"name":"Home","item":"https:\/\/www.telaled.com\/"},{"@type":"ListItem","position":2,"name":"Produtos","item":"https:\/\/www.telaled.com\/shop\/"},{"@type":"ListItem","position":3,"name":"Pain\u00e9is de LED Outdoor S\u00e9rie TOD"}]},{"@type":"WebSite","@id":"https:\/\/www.telaled.com\/#website","url":"https:\/\/www.telaled.com\/","name":"LED-sk\u00e4rm","description":"","potentialAction":[{"@type":"SearchAction","target":{"@type":"EntryPoint","urlTemplate":"https:\/\/www.telaled.com\/?s={search_term_string}"},"query-input":{"@type":"PropertyValueSpecification","valueRequired":true,"valueName":"search_term_string"}}],"inLanguage":"sv-SE"}]}},"_links":{"self":[{"href":"https:\/\/www.telaled.com\/sv\/wp-json\/wp\/v2\/product\/2792","targetHints":{"allow":["GET"]}}],"collection":[{"href":"https:\/\/www.telaled.com\/sv\/wp-json\/wp\/v2\/product"}],"about":[{"href":"https:\/\/www.telaled.com\/sv\/wp-json\/wp\/v2\/types\/product"}],"wp:featuredmedia":[{"embeddable":true,"href":"https:\/\/www.telaled.com\/sv\/wp-json\/wp\/v2\/media\/2793"}],"wp:attachment":[{"href":"https:\/\/www.telaled.com\/sv\/wp-json\/wp\/v2\/media?parent=2792"}],"wp:term":[{"taxonomy":"product_brand","embeddable":true,"href":"https:\/\/www.telaled.com\/sv\/wp-json\/wp\/v2\/product_brand?post=2792"},{"taxonomy":"product_cat","embeddable":true,"href":"https:\/\/www.telaled.com\/sv\/wp-json\/wp\/v2\/product_cat?post=2792"},{"taxonomy":"product_tag","embeddable":true,"href":"https:\/\/www.telaled.com\/sv\/wp-json\/wp\/v2\/product_tag?post=2792"}],"curies":[{"name":"wp","href":"https:\/\/api.w.org\/{rel}","templated":true}]}}