{"id":2749,"date":"2025-07-28T02:20:18","date_gmt":"2025-07-28T02:20:18","guid":{"rendered":"https:\/\/www.telaled.com\/?post_type=product&#038;p=2749"},"modified":"2025-12-24T04:48:05","modified_gmt":"2025-12-24T04:48:05","slug":"painel-de-led-externo-serie-tob","status":"publish","type":"product","link":"https:\/\/www.telaled.com\/sv\/fabrica\/painel-de-led-externo-serie-tob\/","title":{"rendered":"TOB-serien utomhus-LED-panel"},"content":{"rendered":"<div class=\"row\"  id=\"row-1521699163\">\n\n\t<div id=\"col-1537525955\" class=\"col small-12 large-12\"  >\n\t\t\t\t<div class=\"col-inner\"  >\n\t\t\t\n\t\t\t\n<h2>Exklusiva f\u00f6rdelar med TOB-seriens utomhus-LED-panel<\/h2>\n<h3><strong>\u00d6verl\u00e4gsen h\u00e5llbarhet<\/strong><\/h3>\n<ul>\n<li>TOB-serien av utomhus-LED-paneler anv\u00e4nder l\u00e4tta h\u00f6ljen i pressgjuten aluminium med f\u00f6rst\u00e4rkta h\u00f6rn och korrosionsskyddande bel\u00e4ggning. De \u00e4r konstruerade f\u00f6r att motst\u00e5 vibrationer, v\u00e4rme och utomhusexponering utan att deformeras eller rosta.<\/li>\n<li>Varje modul \u00e4r utrustad med h\u00f6gkvalitativa svartbelagda SMD-lysdioder och \u00e4r hermetiskt f\u00f6rseglad f\u00f6r vatten- och dammt\u00e5lighet. Bibeh\u00e5ller ljusstyrka, kontrast och f\u00e4rgstabilitet \u00e4ven under extrema v\u00e4derf\u00f6rh\u00e5llanden.<\/li>\n<\/ul>\n<h3><strong>Exceptionell visuell kvalitet<\/strong><\/h3>\n<ul>\n<li>H\u00f6g uppdateringsfrekvens upp till 3840Hz<\/li>\n<li>Bred betraktningsvinkel p\u00e5 120\u00b0\u2013160\u00b0<\/li>\n<\/ul>\n<h3><strong>Fullst\u00e4ndig anpassningsf\u00f6rm\u00e5ga<\/strong><\/h3>\n<ul>\n<li>IP65 regn-\/dammskydd f\u00f6r inomhus-\/utomhusbruk<\/li>\n<li>Driftstemperatur: -20~60\u00b0C\/10%~85%<\/li>\n<\/ul>\n<h3><strong>Omfattande st\u00f6d<\/strong><\/h3>\n<ul>\n<li>Teknisk fj\u00e4rrsupport online dygnet runt \u2013 hj\u00e4lp n\u00e4r du beh\u00f6ver det.<\/li>\n<li>5% reservdelar ing\u00e5r \u2013 Extra delar medf\u00f6ljer varje leverans f\u00f6r extra trygghet.<\/li>\n<li>3 \u00e5rs f\u00f6rl\u00e4ngd garanti: Dra nytta av l\u00e5ngsiktigt skydd f\u00f6r \u00f6kad tillf\u00f6rlitlighet och support.<\/li>\n<\/ul>\n<h2>Produktinformation<\/h2>\n<div class=\"row\"  id=\"row-974961693\">\n\n\t<div id=\"col-1397234946\" class=\"col medium-10 small-12 large-10\"  >\n\t\t\t\t<div class=\"col-inner text-left\"  >\n\t\t\t\n\t\t\t\n<ul>\n<li>H\u00f6g uppdateringsfrekvens och h\u00f6g gr\u00e5skala: Erbjuder h\u00f6g uppdateringsfrekvens och h\u00f6g gr\u00e5skala, vilket s\u00e4kerst\u00e4ller j\u00e4mna, flimmerfria bilder med exceptionell detaljrikedom och djup.<\/li>\n<\/ul>\n\t<div class=\"img has-hover x md-x lg-x y md-y lg-y\" id=\"image_635193331\">\n\t\t\t\t\t\t\t\t<div class=\"img-inner dark\" >\n\t\t\t<img loading=\"lazy\" decoding=\"async\" width=\"968\" height=\"500\" src=\"https:\/\/www.telaled.com\/wp-content\/uploads\/2025\/07\/Alta-taxa-de-atualizacao-e-alta-escala-de-cinza.webp\" class=\"attachment-original size-original\" alt=\"H\u00f6g uppdateringsfrekvens och h\u00f6g gr\u00e5skala\" srcset=\"https:\/\/www.telaled.com\/wp-content\/uploads\/2025\/07\/Alta-taxa-de-atualizacao-e-alta-escala-de-cinza.webp 968w, https:\/\/www.telaled.com\/wp-content\/uploads\/2025\/07\/Alta-taxa-de-atualizacao-e-alta-escala-de-cinza-300x155.webp 300w, https:\/\/www.telaled.com\/wp-content\/uploads\/2025\/07\/Alta-taxa-de-atualizacao-e-alta-escala-de-cinza-768x397.webp 768w, https:\/\/www.telaled.com\/wp-content\/uploads\/2025\/07\/Alta-taxa-de-atualizacao-e-alta-escala-de-cinza-18x9.webp 18w, https:\/\/www.telaled.com\/wp-content\/uploads\/2025\/07\/Alta-taxa-de-atualizacao-e-alta-escala-de-cinza-600x310.webp 600w\" sizes=\"auto, (max-width: 968px) 100vw, 968px\" \/>\t\t\t\t\t\t\n\t\t\t\t\t<\/div>\n\t\t\t\t\t\t\t\t\n<style>\n#image_635193331 {\n  width: 95%;\n}\n<\/style>\n\t<\/div>\n\t\n\t\t<\/div>\n\t\t\t\t\t<\/div>\n\n\t\n\n\t<div id=\"col-1083577714\" class=\"col medium-10 small-12 large-10\"  >\n\t\t\t\t<div class=\"col-inner text-left\"  >\n\t\t\t\n\t\t\t\n<ul>\n<li>100 000 timmars livsl\u00e4ngd och mindre underh\u00e5ll.<\/li>\n<\/ul>\n\t<div class=\"img has-hover x md-x lg-x y md-y lg-y\" id=\"image_1265873968\">\n\t\t\t\t\t\t\t\t<div class=\"img-inner dark\" >\n\t\t\t<img loading=\"lazy\" decoding=\"async\" width=\"900\" height=\"540\" src=\"https:\/\/www.telaled.com\/wp-content\/uploads\/2025\/07\/Vida-util-de-100.000-horas-e-menos-manutencao.webp\" class=\"attachment-large size-large\" alt=\"100 000 timmars livsl\u00e4ngd och mindre underh\u00e5ll\" srcset=\"https:\/\/www.telaled.com\/wp-content\/uploads\/2025\/07\/Vida-util-de-100.000-horas-e-menos-manutencao.webp 900w, https:\/\/www.telaled.com\/wp-content\/uploads\/2025\/07\/Vida-util-de-100.000-horas-e-menos-manutencao-300x180.webp 300w, https:\/\/www.telaled.com\/wp-content\/uploads\/2025\/07\/Vida-util-de-100.000-horas-e-menos-manutencao-768x461.webp 768w, https:\/\/www.telaled.com\/wp-content\/uploads\/2025\/07\/Vida-util-de-100.000-horas-e-menos-manutencao-18x12.webp 18w, https:\/\/www.telaled.com\/wp-content\/uploads\/2025\/07\/Vida-util-de-100.000-horas-e-menos-manutencao-600x360.webp 600w\" sizes=\"auto, (max-width: 900px) 100vw, 900px\" \/>\t\t\t\t\t\t\n\t\t\t\t\t<\/div>\n\t\t\t\t\t\t\t\t\n<style>\n#image_1265873968 {\n  width: 95%;\n}\n<\/style>\n\t<\/div>\n\t\n<ul>\n<li>Utformad f\u00f6r fullst\u00e4ndigt underh\u00e5ll fram och bak, vilket s\u00e4kerst\u00e4ller enkel \u00e5tkomst och service.<\/li>\n<\/ul>\n\t<div class=\"img has-hover x md-x lg-x y md-y lg-y\" id=\"image_234264698\">\n\t\t\t\t\t\t\t\t<div class=\"img-inner dark\" >\n\t\t\t<img loading=\"lazy\" decoding=\"async\" width=\"640\" height=\"430\" src=\"https:\/\/www.telaled.com\/wp-content\/uploads\/2025\/07\/Manutencao-completa-frontal-e-traseira.webp\" class=\"attachment-large size-large\" alt=\"Komplett underh\u00e5ll fram och bak\" srcset=\"https:\/\/www.telaled.com\/wp-content\/uploads\/2025\/07\/Manutencao-completa-frontal-e-traseira.webp 640w, https:\/\/www.telaled.com\/wp-content\/uploads\/2025\/07\/Manutencao-completa-frontal-e-traseira-300x202.webp 300w, https:\/\/www.telaled.com\/wp-content\/uploads\/2025\/07\/Manutencao-completa-frontal-e-traseira-18x12.webp 18w, https:\/\/www.telaled.com\/wp-content\/uploads\/2025\/07\/Manutencao-completa-frontal-e-traseira-600x403.webp 600w\" sizes=\"auto, (max-width: 640px) 100vw, 640px\" \/>\t\t\t\t\t\t\n\t\t\t\t\t<\/div>\n\t\t\t\t\t\t\t\t\n<style>\n#image_234264698 {\n  width: 95%;\n}\n<\/style>\n\t<\/div>\n\t\n\t\t<\/div>\n\t\t\t\t\t<\/div>\n\n\t\n\n\t<div id=\"col-1007267038\" class=\"col medium-10 small-12 large-10\"  >\n\t\t\t\t<div class=\"col-inner text-left\"  >\n\t\t\t\n\t\t\t\n<ul>\n<li>LED-displayer f\u00f6rpackas efter typ och avsedd anv\u00e4ndning. Kompletta displayer placeras i tr\u00e4l\u00e5dor f\u00f6r b\u00e4ttre st\u00f6d. LED-moduler skickas i kartonger. Hyrdisplayer hanteras annorlunda; de f\u00f6rpackas i flygfraktl\u00e5dor. Vissa artiklar placeras i enkla l\u00e5dor, men f\u00f6rst\u00e4rkta med tr\u00e4ramar f\u00f6r extra skydd.<\/li>\n<\/ul>\n\t<div class=\"img has-hover x md-x lg-x y md-y lg-y\" id=\"image_234989943\">\n\t\t\t\t\t\t\t\t<div class=\"img-inner dark\" >\n\t\t\t<img loading=\"lazy\" decoding=\"async\" width=\"760\" height=\"1024\" src=\"https:\/\/www.telaled.com\/wp-content\/uploads\/2025\/06\/Embalagem-760x1024.webp\" class=\"attachment-large size-large\" alt=\"F\u00f6rpackning\" srcset=\"https:\/\/www.telaled.com\/wp-content\/uploads\/2025\/06\/Embalagem-760x1024.webp 760w, https:\/\/www.telaled.com\/wp-content\/uploads\/2025\/06\/Embalagem-223x300.webp 223w, https:\/\/www.telaled.com\/wp-content\/uploads\/2025\/06\/Embalagem-768x1035.webp 768w, https:\/\/www.telaled.com\/wp-content\/uploads\/2025\/06\/Embalagem-9x12.webp 9w, https:\/\/www.telaled.com\/wp-content\/uploads\/2025\/06\/Embalagem-600x808.webp 600w, https:\/\/www.telaled.com\/wp-content\/uploads\/2025\/06\/Embalagem.webp 795w\" sizes=\"auto, (max-width: 760px) 100vw, 760px\" \/>\t\t\t\t\t\t\n\t\t\t\t\t<\/div>\n\t\t\t\t\t\t\t\t\n<style>\n#image_234989943 {\n  width: 95%;\n}\n<\/style>\n\t<\/div>\n\t\n\t\t<\/div>\n\t\t\t\t\t<\/div>\n\n\t\n<\/div>\n\t\t<\/div>\n\t\t\t\t\t<\/div>\n\n\t\n\n\t<div id=\"col-1940102509\" class=\"col small-12 large-12\"  >\n\t\t\t\t<div class=\"col-inner\"  >\n\t\t\t\n\t\t\t\n<div class=\"row\"  id=\"row-1059900359\">\n\n\t<div id=\"col-1435562112\" class=\"col medium-10 small-12 large-10\"  >\n\t\t\t\t<div class=\"col-inner\"  >\n\t\t\t\n\t\t\t\n\n<table id=\"tablepress-47\" class=\"tablepress tablepress-id-47\">\n<thead>\n<tr class=\"row-1\">\n\t<th class=\"column-1\">Modell<\/th><th class=\"column-2\">Totalt belopp - 3,91<\/th><th class=\"column-3\">Totalt belopp - 4,81<\/th><th class=\"column-4\">TOB - 6,25<\/th><th class=\"column-5\">Totalt belopp - 7,81<\/th><th class=\"column-6\">Totalt belopp - 10,42<\/th>\n<\/tr>\n<\/thead>\n<tbody class=\"row-striping row-hover\">\n<tr class=\"row-2\">\n\t<td class=\"column-1\">Avst\u00e5nd mellan pixlar<\/td><td class=\"column-2\">3,91 mm<\/td><td class=\"column-3\">4,81 mm<\/td><td class=\"column-4\">6,25 mm<\/td><td class=\"column-5\">7,81 mm<\/td><td class=\"column-6\">10,42 mm<\/td>\n<\/tr>\n<tr class=\"row-3\">\n\t<td class=\"column-1\">SMD-typ<\/td><td class=\"column-2\">SMD1921<\/td><td class=\"column-3\">SMD1921<\/td><td class=\"column-4\">SMD2727<\/td><td class=\"column-5\">SMD2727<\/td><td class=\"column-6\">SMD2727<\/td>\n<\/tr>\n<tr class=\"row-4\">\n\t<td class=\"column-1\">Fysisk densitet (po\u00e4ng\/m\u00b2)<\/td><td class=\"column-2\"><br \/>\n65536<\/td><td class=\"column-3\"><br \/>\n43264<\/td><td class=\"column-4\"><br \/>\n25600<\/td><td class=\"column-5\"><br \/>\n16384<\/td><td class=\"column-6\"><br \/>\n9216<\/td>\n<\/tr>\n<tr class=\"row-5\">\n\t<td class=\"column-1\">Moduluppl\u00f6sning<\/td><td class=\"column-2\">128x64<\/td><td class=\"column-3\">104x52<\/td><td class=\"column-4\">80x40<\/td><td class=\"column-5\">64x32<\/td><td class=\"column-6\">48x24<\/td>\n<\/tr>\n<tr class=\"row-6\">\n\t<td class=\"column-1\">Panelm\u00e5tt (BxH\/mm)<\/td><td class=\"column-2\"><br \/>\n500x250<\/td><td class=\"column-3\"><br \/>\n500x250<\/td><td class=\"column-4\"><br \/>\n500x250<\/td><td class=\"column-5\"><br \/>\n500x250<\/td><td class=\"column-6\"><br \/>\n500x250<\/td>\n<\/tr>\n<tr class=\"row-7\">\n\t<td class=\"column-1\">Modulstorlek (mm)<\/td><td class=\"column-2\">1000x1000x83<\/td><td class=\"column-3\">1000x1000x83<\/td><td class=\"column-4\">1000x1000x83<\/td><td class=\"column-5\">1000x1000x83<\/td><td class=\"column-6\">1000x1000x83<\/td>\n<\/tr>\n<tr class=\"row-8\">\n\t<td class=\"column-1\">Paneluppl\u00f6sning<\/td><td class=\"column-2\">256x256<\/td><td class=\"column-3\">208x208<\/td><td class=\"column-4\">160x160<\/td><td class=\"column-5\">128x128<\/td><td class=\"column-6\">96x96<\/td>\n<\/tr>\n<tr class=\"row-9\">\n\t<td class=\"column-1\">Antal moduler (LxH)<\/td><td class=\"column-2\"><br \/>\n2x4<\/td><td class=\"column-3\"><br \/>\n2x4<\/td><td class=\"column-4\"><br \/>\n2x4<\/td><td class=\"column-5\"><br \/>\n2x4<\/td><td class=\"column-6\"><br \/>\n2x4<\/td>\n<\/tr>\n<tr class=\"row-10\">\n\t<td class=\"column-1\">Panelvikt (kg)<\/td><td class=\"column-2\">22.5<\/td><td class=\"column-3\">22.5<\/td><td class=\"column-4\">22.5<\/td><td class=\"column-5\">22.5<\/td><td class=\"column-6\">22.5<\/td>\n<\/tr>\n<tr class=\"row-11\">\n\t<td class=\"column-1\">Underh\u00e5llsl\u00e4ge<\/td><td class=\"column-2\">Fram och bak<\/td><td class=\"column-3\">Fram och bak<\/td><td class=\"column-4\">Fram och bak<\/td><td class=\"column-5\">Fram och bak<\/td><td class=\"column-6\">Fram och bak<\/td>\n<\/tr>\n<tr class=\"row-12\">\n\t<td class=\"column-1\">Glans (Nits)<\/td><td class=\"column-2\">6000<\/td><td class=\"column-3\">6000<\/td><td class=\"column-4\">6000<\/td><td class=\"column-5\">6000<\/td><td class=\"column-6\">6000<\/td>\n<\/tr>\n<tr class=\"row-13\">\n\t<td class=\"column-1\">F\u00e4rgtemperatur (K)<\/td><td class=\"column-2\">1000-18500 Justerbar<\/td><td class=\"column-3\">1000-18500 Justerbar<\/td><td class=\"column-4\">1000-18500 Justerbar<\/td><td class=\"column-5\">1000-18500 Justerbar<\/td><td class=\"column-6\">1000-18500 Justerbar<\/td>\n<\/tr>\n<tr class=\"row-14\">\n\t<td class=\"column-1\">Betraktningsvinkel (H\/V)<\/td><td class=\"column-2\">140\u00b0\/160\u00b0<\/td><td class=\"column-3\">140\u00b0\/160\u00b0<\/td><td class=\"column-4\">140\u00b0\/160\u00b0<\/td><td class=\"column-5\">140\u00b0\/160\u00b0<\/td><td class=\"column-6\">140\u00b0\/160\u00b0<\/td>\n<\/tr>\n<tr class=\"row-15\">\n\t<td class=\"column-1\">B\u00e4sta betraktningsavst\u00e5nd<\/td><td class=\"column-2\"><br \/>\n4\u2013100 m<\/td><td class=\"column-3\"><br \/>\n4\u2013100 m<\/td><td class=\"column-4\"><br \/>\n6\u2013150 m<\/td><td class=\"column-5\"><br \/>\n8\u2013150 m<\/td><td class=\"column-6\"><br \/>\n10\u2013200 m<\/td>\n<\/tr>\n<tr class=\"row-16\">\n\t<td class=\"column-1\">Kontrastf\u00f6rh\u00e5llande<\/td><td class=\"column-2\">10000:1<\/td><td class=\"column-3\">10000:1<\/td><td class=\"column-4\">10000:1<\/td><td class=\"column-5\">10000:1<\/td><td class=\"column-6\">10000:1<\/td>\n<\/tr>\n<tr class=\"row-17\">\n\t<td class=\"column-1\">Bildv\u00e4xlingsfrekvens (Hz)<\/td><td class=\"column-2\">50\/60<\/td><td class=\"column-3\">50\/60<\/td><td class=\"column-4\">50\/60<\/td><td class=\"column-5\">50\/60<\/td><td class=\"column-6\">50\/60<\/td>\n<\/tr>\n<tr class=\"row-18\">\n\t<td class=\"column-1\">K\u00f6rl\u00e4ge<\/td><td class=\"column-2\">Konstant str\u00f6m 1\/16<\/td><td class=\"column-3\">Konstant str\u00f6m 1\/13<\/td><td class=\"column-4\">Konstant str\u00f6m 1\/8<\/td><td class=\"column-5\">Konstant str\u00f6m 1\/8<\/td><td class=\"column-6\">Konstant str\u00f6m 1\/8<\/td>\n<\/tr>\n<tr class=\"row-19\">\n\t<td class=\"column-1\">Gr\u00e5niv\u00e5<\/td><td class=\"column-2\">16-bitars<\/td><td class=\"column-3\">16-bitars<\/td><td class=\"column-4\">16-bitars<\/td><td class=\"column-5\">16-bitars<\/td><td class=\"column-6\">16-bitars<\/td>\n<\/tr>\n<tr class=\"row-20\">\n\t<td class=\"column-1\">Uppdateringsfrekvens (Hz)<\/td><td class=\"column-2\">3840<\/td><td class=\"column-3\">3840<\/td><td class=\"column-4\">3840<\/td><td class=\"column-5\">3840<\/td><td class=\"column-6\">3840<\/td>\n<\/tr>\n<tr class=\"row-21\">\n\t<td class=\"column-1\">Driftstemperatur\/fuktighet (\u00b0C\/RF)<\/td><td class=\"column-2\"><br \/>\n-20~60\u00b0C\/10%~85%<\/td><td class=\"column-3\"><br \/>\n-20~60\u00b0C\/10%~85%<\/td><td class=\"column-4\"><br \/>\n-20~60\u00b0C\/10%~85%<\/td><td class=\"column-5\"><br \/>\n-20~60\u00b0C\/10%~85%<\/td><td class=\"column-6\"><br \/>\n-20~60\u00b0C\/10%~85%<\/td>\n<\/tr>\n<\/tbody>\n<\/table>\n<!-- #tablepress-47 from cache -->\n\t\t<\/div>\n\t\t\t\t\t<\/div>\n\n\t\n<\/div>\n\t\t<\/div>\n\t\t\t\t\t<\/div>\n\n\t\n<\/div>","protected":false},"excerpt":{"rendered":"<p><span style=\"font-size: 14.4px;\"><b>TOB-seriens LED-panel f\u00f6r utomhusbruk: L\u00e4tt, vattent\u00e4t och energieffektiv sk\u00e4rm<\/b><\/span><\/p>\n<p><span style=\"font-size: 14.4px;\">V\u00e5r <strong><em>TOB-serien utomhus-LED-panel<\/em><\/strong> Den erbjuder en l\u00e4tt och ekonomisk l\u00f6sning med h\u00f6ga uppdateringsfrekvenser och komplett v\u00e4derskydd. Utformad f\u00f6r att ge skarpa bilder och enkelt underh\u00e5ll.<\/span><\/p>\n<p><strong>Huvudfunktioner:<\/strong><\/p>\n<ul>\n<li><span style=\"font-size: 14.4px;\"><strong>Energieffektivitet:<\/strong> Den f\u00f6rbrukar mindre energi \u00e4n 30%. <a href=\"https:\/\/www.telaled.com\/sv\/?attachment_id=2760\">LED-paneler<\/a> standard utan att kompromissa med ljusstyrkan.<\/span><\/li>\n<li><span style=\"font-size: 14.4px;\"><strong>H\u00f6g uppdateringsfrekvens:<\/strong> 3840 Hz ger j\u00e4mna bilder f\u00f6r en b\u00e4ttre publikupplevelse.<\/span><\/li>\n<li><span style=\"font-size: 14.4px;\"><strong>Tunn och l\u00e4tt:<\/strong> 35% \u00e4r l\u00e4ttare \u00e4n traditionella kapslingar, vilket g\u00f6r dem enkla att hantera och montera.<\/span><\/li>\n<li><span style=\"font-size: 14.4px;\"><strong>Enkelt underh\u00e5ll:<\/strong> <a href=\"https:\/\/www.telaled.com\/sv\/fabrica\/painel-de-led-para-manutencao-frontal-serie-tib\/\">Receptionsservice<\/a> och bak\u00e5tv\u00e4nd f\u00f6r snabbare reparationer och minimal driftstopp.<\/span><\/li>\n<\/ul>\n<p>Finns i pixelstorlekar fr\u00e5n 3,91 mm till 10,42 mm f\u00f6r att m\u00f6ta dina behov av betraktningsavst\u00e5nd. Standardstorlek p\u00e5 sk\u00e5pet (1000 x 1000 mm) f\u00f6r snabb installation.<\/p>\n<p>24-timmars fj\u00e4rrsupport och 3 \u00e5rs garanti \u00e4r standard. Kontakta oss idag f\u00f6r en personlig offert.<\/p>","protected":false},"featured_media":2752,"template":"","meta":[],"product_brand":[],"product_cat":[40,46],"product_tag":[],"class_list":{"0":"post-2749","1":"product","2":"type-product","3":"status-publish","4":"has-post-thumbnail","6":"product_cat-painel-de-led","7":"product_cat-painel-de-video","9":"first","10":"instock","11":"shipping-taxable","12":"product-type-simple"},"yoast_head":"<!-- This site is optimized with the Yoast SEO plugin v27.4 - https:\/\/yoast.com\/product\/yoast-seo-wordpress\/ -->\n<title>Painel de LED Externo S\u00e9rie TOB | Tela \u00e0 Prova de Intemp\u00e9ries para Publicidade e Eventos | TELALED<\/title>\n<meta name=\"description\" content=\"O painel LED para exterior foi concebido para proporcionar imagens brilhantes e de alta resolu\u00e7\u00e3o em qualquer condi\u00e7\u00e3o. Ideal para outdoors, est\u00e1dios e sinaliza\u00e7\u00e3o p\u00fablica. Pe\u00e7a j\u00e1 um or\u00e7amento!\" \/>\n<meta name=\"robots\" content=\"index, follow, max-snippet:-1, max-image-preview:large, max-video-preview:-1\" \/>\n<link rel=\"canonical\" href=\"https:\/\/www.telaled.com\/sv\/fabrica\/painel-de-led-externo-serie-tob\/\" \/>\n<meta property=\"og:locale\" content=\"sv_SE\" \/>\n<meta property=\"og:type\" content=\"article\" \/>\n<meta property=\"og:title\" content=\"Painel de LED Externo S\u00e9rie TOB | Tela \u00e0 Prova de Intemp\u00e9ries para Publicidade e Eventos | TELALED\" \/>\n<meta property=\"og:description\" content=\"O painel LED para exterior foi concebido para proporcionar imagens brilhantes e de alta resolu\u00e7\u00e3o em qualquer condi\u00e7\u00e3o. Ideal para outdoors, est\u00e1dios e sinaliza\u00e7\u00e3o p\u00fablica. Pe\u00e7a j\u00e1 um or\u00e7amento!\" \/>\n<meta property=\"og:url\" content=\"https:\/\/www.telaled.com\/sv\/fabrica\/painel-de-led-externo-serie-tob\/\" \/>\n<meta property=\"og:site_name\" content=\"TELALED\" \/>\n<meta property=\"article:modified_time\" content=\"2025-12-24T04:48:05+00:00\" \/>\n<meta property=\"og:image\" content=\"https:\/\/www.telaled.com\/wp-content\/uploads\/2025\/07\/Painel-de-LED-Externo.webp\" \/>\n\t<meta property=\"og:image:width\" content=\"500\" \/>\n\t<meta property=\"og:image:height\" content=\"500\" \/>\n\t<meta property=\"og:image:type\" content=\"image\/webp\" \/>\n<meta name=\"twitter:card\" content=\"summary_large_image\" \/>\n<meta name=\"twitter:label1\" content=\"Est. reading time\" \/>\n\t<meta name=\"twitter:data1\" content=\"2 minuter\" \/>\n<script type=\"application\/ld+json\" class=\"yoast-schema-graph\">{\"@context\":\"https:\\\/\\\/schema.org\",\"@graph\":[{\"@type\":\"WebPage\",\"@id\":\"https:\\\/\\\/www.telaled.com\\\/fabrica\\\/painel-de-led-externo-serie-tob\\\/\",\"url\":\"https:\\\/\\\/www.telaled.com\\\/fabrica\\\/painel-de-led-externo-serie-tob\\\/\",\"name\":\"Painel de LED Externo S\u00e9rie TOB | Tela \u00e0 Prova de Intemp\u00e9ries para Publicidade e Eventos | TELALED\",\"isPartOf\":{\"@id\":\"https:\\\/\\\/www.telaled.com\\\/#website\"},\"primaryImageOfPage\":{\"@id\":\"https:\\\/\\\/www.telaled.com\\\/fabrica\\\/painel-de-led-externo-serie-tob\\\/#primaryimage\"},\"image\":{\"@id\":\"https:\\\/\\\/www.telaled.com\\\/fabrica\\\/painel-de-led-externo-serie-tob\\\/#primaryimage\"},\"thumbnailUrl\":\"https:\\\/\\\/www.telaled.com\\\/wp-content\\\/uploads\\\/2025\\\/07\\\/Painel-de-LED-Externo.webp\",\"datePublished\":\"2025-07-28T02:20:18+00:00\",\"dateModified\":\"2025-12-24T04:48:05+00:00\",\"description\":\"O painel LED para exterior foi concebido para proporcionar imagens brilhantes e de alta resolu\u00e7\u00e3o em qualquer condi\u00e7\u00e3o. Ideal para outdoors, est\u00e1dios e sinaliza\u00e7\u00e3o p\u00fablica. Pe\u00e7a j\u00e1 um or\u00e7amento!\",\"breadcrumb\":{\"@id\":\"https:\\\/\\\/www.telaled.com\\\/fabrica\\\/painel-de-led-externo-serie-tob\\\/#breadcrumb\"},\"inLanguage\":\"sv-SE\",\"potentialAction\":[{\"@type\":\"ReadAction\",\"target\":[\"https:\\\/\\\/www.telaled.com\\\/fabrica\\\/painel-de-led-externo-serie-tob\\\/\"]}]},{\"@type\":\"ImageObject\",\"inLanguage\":\"sv-SE\",\"@id\":\"https:\\\/\\\/www.telaled.com\\\/fabrica\\\/painel-de-led-externo-serie-tob\\\/#primaryimage\",\"url\":\"https:\\\/\\\/www.telaled.com\\\/wp-content\\\/uploads\\\/2025\\\/07\\\/Painel-de-LED-Externo.webp\",\"contentUrl\":\"https:\\\/\\\/www.telaled.com\\\/wp-content\\\/uploads\\\/2025\\\/07\\\/Painel-de-LED-Externo.webp\",\"width\":500,\"height\":500,\"caption\":\"Painel-de-LED-Externo\"},{\"@type\":\"BreadcrumbList\",\"@id\":\"https:\\\/\\\/www.telaled.com\\\/fabrica\\\/painel-de-led-externo-serie-tob\\\/#breadcrumb\",\"itemListElement\":[{\"@type\":\"ListItem\",\"position\":1,\"name\":\"Home\",\"item\":\"https:\\\/\\\/www.telaled.com\\\/\"},{\"@type\":\"ListItem\",\"position\":2,\"name\":\"Produtos\",\"item\":\"https:\\\/\\\/www.telaled.com\\\/shop\\\/\"},{\"@type\":\"ListItem\",\"position\":3,\"name\":\"Painel de LED Externo S\u00e9rie TOB\"}]},{\"@type\":\"WebSite\",\"@id\":\"https:\\\/\\\/www.telaled.com\\\/#website\",\"url\":\"https:\\\/\\\/www.telaled.com\\\/\",\"name\":\"TELALED\",\"description\":\"\",\"potentialAction\":[{\"@type\":\"SearchAction\",\"target\":{\"@type\":\"EntryPoint\",\"urlTemplate\":\"https:\\\/\\\/www.telaled.com\\\/?s={search_term_string}\"},\"query-input\":{\"@type\":\"PropertyValueSpecification\",\"valueRequired\":true,\"valueName\":\"search_term_string\"}}],\"inLanguage\":\"sv-SE\"}]}<\/script>\n<!-- \/ Yoast SEO plugin. -->","yoast_head_json":{"title":"TOB-serien utomhus-LED-panel | V\u00e4derbest\u00e4ndig sk\u00e4rm f\u00f6r reklam och evenemang | TELALED","description":"LED-panelen f\u00f6r utomhusbruk \u00e4r utformad f\u00f6r att ge ljusa bilder med h\u00f6g uppl\u00f6sning under alla f\u00f6rh\u00e5llanden. Perfekt f\u00f6r skyltar, arenor och offentliga skyltar. Beg\u00e4r en offert nu!","robots":{"index":"index","follow":"follow","max-snippet":"max-snippet:-1","max-image-preview":"max-image-preview:large","max-video-preview":"max-video-preview:-1"},"canonical":"https:\/\/www.telaled.com\/sv\/fabrica\/painel-de-led-externo-serie-tob\/","og_locale":"sv_SE","og_type":"article","og_title":"Painel de LED Externo S\u00e9rie TOB | Tela \u00e0 Prova de Intemp\u00e9ries para Publicidade e Eventos | TELALED","og_description":"O painel LED para exterior foi concebido para proporcionar imagens brilhantes e de alta resolu\u00e7\u00e3o em qualquer condi\u00e7\u00e3o. Ideal para outdoors, est\u00e1dios e sinaliza\u00e7\u00e3o p\u00fablica. Pe\u00e7a j\u00e1 um or\u00e7amento!","og_url":"https:\/\/www.telaled.com\/sv\/fabrica\/painel-de-led-externo-serie-tob\/","og_site_name":"TELALED","article_modified_time":"2025-12-24T04:48:05+00:00","og_image":[{"width":500,"height":500,"url":"https:\/\/www.telaled.com\/wp-content\/uploads\/2025\/07\/Painel-de-LED-Externo.webp","type":"image\/webp"}],"twitter_card":"summary_large_image","twitter_misc":{"Est. reading time":"2 minuter"},"schema":{"@context":"https:\/\/schema.org","@graph":[{"@type":"WebPage","@id":"https:\/\/www.telaled.com\/fabrica\/painel-de-led-externo-serie-tob\/","url":"https:\/\/www.telaled.com\/fabrica\/painel-de-led-externo-serie-tob\/","name":"TOB-serien utomhus-LED-panel | V\u00e4derbest\u00e4ndig sk\u00e4rm f\u00f6r reklam och evenemang | TELALED","isPartOf":{"@id":"https:\/\/www.telaled.com\/#website"},"primaryImageOfPage":{"@id":"https:\/\/www.telaled.com\/fabrica\/painel-de-led-externo-serie-tob\/#primaryimage"},"image":{"@id":"https:\/\/www.telaled.com\/fabrica\/painel-de-led-externo-serie-tob\/#primaryimage"},"thumbnailUrl":"https:\/\/www.telaled.com\/wp-content\/uploads\/2025\/07\/Painel-de-LED-Externo.webp","datePublished":"2025-07-28T02:20:18+00:00","dateModified":"2025-12-24T04:48:05+00:00","description":"LED-panelen f\u00f6r utomhusbruk \u00e4r utformad f\u00f6r att ge ljusa bilder med h\u00f6g uppl\u00f6sning under alla f\u00f6rh\u00e5llanden. Perfekt f\u00f6r skyltar, arenor och offentliga skyltar. Beg\u00e4r en offert nu!","breadcrumb":{"@id":"https:\/\/www.telaled.com\/fabrica\/painel-de-led-externo-serie-tob\/#breadcrumb"},"inLanguage":"sv-SE","potentialAction":[{"@type":"ReadAction","target":["https:\/\/www.telaled.com\/fabrica\/painel-de-led-externo-serie-tob\/"]}]},{"@type":"ImageObject","inLanguage":"sv-SE","@id":"https:\/\/www.telaled.com\/fabrica\/painel-de-led-externo-serie-tob\/#primaryimage","url":"https:\/\/www.telaled.com\/wp-content\/uploads\/2025\/07\/Painel-de-LED-Externo.webp","contentUrl":"https:\/\/www.telaled.com\/wp-content\/uploads\/2025\/07\/Painel-de-LED-Externo.webp","width":500,"height":500,"caption":"Painel-de-LED-Externo"},{"@type":"BreadcrumbList","@id":"https:\/\/www.telaled.com\/fabrica\/painel-de-led-externo-serie-tob\/#breadcrumb","itemListElement":[{"@type":"ListItem","position":1,"name":"Home","item":"https:\/\/www.telaled.com\/"},{"@type":"ListItem","position":2,"name":"Produtos","item":"https:\/\/www.telaled.com\/shop\/"},{"@type":"ListItem","position":3,"name":"Painel de LED Externo S\u00e9rie TOB"}]},{"@type":"WebSite","@id":"https:\/\/www.telaled.com\/#website","url":"https:\/\/www.telaled.com\/","name":"LED-sk\u00e4rm","description":"","potentialAction":[{"@type":"SearchAction","target":{"@type":"EntryPoint","urlTemplate":"https:\/\/www.telaled.com\/?s={search_term_string}"},"query-input":{"@type":"PropertyValueSpecification","valueRequired":true,"valueName":"search_term_string"}}],"inLanguage":"sv-SE"}]}},"_links":{"self":[{"href":"https:\/\/www.telaled.com\/sv\/wp-json\/wp\/v2\/product\/2749","targetHints":{"allow":["GET"]}}],"collection":[{"href":"https:\/\/www.telaled.com\/sv\/wp-json\/wp\/v2\/product"}],"about":[{"href":"https:\/\/www.telaled.com\/sv\/wp-json\/wp\/v2\/types\/product"}],"wp:featuredmedia":[{"embeddable":true,"href":"https:\/\/www.telaled.com\/sv\/wp-json\/wp\/v2\/media\/2752"}],"wp:attachment":[{"href":"https:\/\/www.telaled.com\/sv\/wp-json\/wp\/v2\/media?parent=2749"}],"wp:term":[{"taxonomy":"product_brand","embeddable":true,"href":"https:\/\/www.telaled.com\/sv\/wp-json\/wp\/v2\/product_brand?post=2749"},{"taxonomy":"product_cat","embeddable":true,"href":"https:\/\/www.telaled.com\/sv\/wp-json\/wp\/v2\/product_cat?post=2749"},{"taxonomy":"product_tag","embeddable":true,"href":"https:\/\/www.telaled.com\/sv\/wp-json\/wp\/v2\/product_tag?post=2749"}],"curies":[{"name":"wp","href":"https:\/\/api.w.org\/{rel}","templated":true}]}}