{"id":2732,"date":"2025-07-24T08:45:04","date_gmt":"2025-07-24T08:45:04","guid":{"rendered":"https:\/\/www.telaled.com\/?post_type=product&#038;p=2732"},"modified":"2026-01-03T09:12:45","modified_gmt":"2026-01-03T09:12:45","slug":"painel-de-led-outdoor-aluguel-serie-toa","status":"publish","type":"product","link":"https:\/\/www.telaled.com\/sv\/fabrica\/painel-de-led-outdoor-aluguel-serie-toa\/","title":{"rendered":"Utomhus LED-paneluthyrningsserie TOA"},"content":{"rendered":"<div class=\"row\"  id=\"row-201743292\">\n\n\t<div id=\"col-1196703142\" class=\"col small-12 large-12\"  >\n\t\t\t\t<div class=\"col-inner\"  >\n\t\t\t\n\t\t\t\n<h2>Exklusiva f\u00f6rdelar med TOA-seriens utomhus-LED-paneluthyrning<\/h2>\n<h3><strong>\u00d6verl\u00e4gsen h\u00e5llbarhet<\/strong><\/h3>\n<ul>\n<li>Den har slitstarka och l\u00e4tta sk\u00e5p tillverkade av h\u00f6gh\u00e5llfast pressgjuten aluminium, som bara v\u00e4ger 7,25 kg f\u00f6r storleken 500 x 500 mm och 12,5 kg f\u00f6r storleken 500 x 100 mm. De \u00e4r utformade f\u00f6r s\u00f6ml\u00f6sa fogar och s\u00e4kerst\u00e4ller en j\u00e4mn och gliporfri sk\u00e4rm.<\/li>\n<li>LED-moduler <a href=\"https:\/\/www.telaled.com\/sv\/led-smd\/\">SMD-skivor<\/a> 3-i-1-enheter levererar livfulla, f\u00e4rgglada bilder med pixelt\u00e4theter fr\u00e5n 1 953 mm till <a href=\"https:\/\/www.telaled.com\/sv\/fabrica\/modulo-painel-de-led-p4-81\/\">4,81 mm<\/a>. Med en h\u00f6g uppdateringsfrekvens p\u00e5 upp till 7680 Hz levererar de skarpa och j\u00e4mna bilder.<\/li>\n<\/ul>\n<h3><strong>Exceptionell visuell kvalitet<\/strong><\/h3>\n<ul>\n<li>H\u00f6g uppdateringsfrekvens p\u00e5 upp till 3840\u20137680 Hz<\/li>\n<li>Bred betraktningsvinkel p\u00e5 120\u00b0\u2013160\u00b0<\/li>\n<\/ul>\n<h3><strong>Fullst\u00e4ndig anpassningsf\u00f6rm\u00e5ga<\/strong><\/h3>\n<ul>\n<li>IP65 regn-\/dammskydd f\u00f6r inomhus-\/utomhusbruk (-20\u00b0C till 50\u00b0C) -10\u00b0C till +40\u00b0C\/14\u00b0F till 104\u00b0F.<\/li>\n<\/ul>\n<h3><strong>Omfattande st\u00f6d<\/strong><\/h3>\n<ul>\n<li>Teknisk fj\u00e4rrsupport online dygnet runt \u2013 hj\u00e4lp n\u00e4r du beh\u00f6ver det.<\/li>\n<li>5% reservdelar ing\u00e5r \u2013 Extra delar medf\u00f6ljer varje leverans f\u00f6r extra trygghet.<\/li>\n<li>3 \u00e5rs f\u00f6rl\u00e4ngd garanti: Dra nytta av l\u00e5ngsiktigt skydd f\u00f6r \u00f6kad tillf\u00f6rlitlighet och support.<\/li>\n<\/ul>\n<h2>Produktinformation<\/h2>\n<div class=\"row\"  id=\"row-9796410\">\n\n\t<div id=\"col-1610813384\" class=\"col medium-10 small-12 large-10\"  >\n\t\t\t\t<div class=\"col-inner text-left\"  >\n\t\t\t\n\t\t\t\n<ul>\n<li>Uthyrning av utomhus-LED-paneler - TOA-serien - Moduldetaljer<\/li>\n<\/ul>\n\t<div class=\"img has-hover x md-x lg-x y md-y lg-y\" id=\"image_1393331406\">\n\t\t\t\t\t\t\t\t<div class=\"img-inner dark\" >\n\t\t\t<img loading=\"lazy\" decoding=\"async\" width=\"1000\" height=\"511\" src=\"https:\/\/www.telaled.com\/wp-content\/uploads\/2025\/07\/Painel-de-LED-Outdoor-Aluguel-Serie-TOA-detalhes-do-modulo.webp\" class=\"attachment-original size-original\" alt=\"LED-utomhuspanel f\u00f6r uthyrning - TOA-serien - Moduldetaljer\" srcset=\"https:\/\/www.telaled.com\/wp-content\/uploads\/2025\/07\/Painel-de-LED-Outdoor-Aluguel-Serie-TOA-detalhes-do-modulo.webp 1000w, https:\/\/www.telaled.com\/wp-content\/uploads\/2025\/07\/Painel-de-LED-Outdoor-Aluguel-Serie-TOA-detalhes-do-modulo-300x153.webp 300w, https:\/\/www.telaled.com\/wp-content\/uploads\/2025\/07\/Painel-de-LED-Outdoor-Aluguel-Serie-TOA-detalhes-do-modulo-768x392.webp 768w, https:\/\/www.telaled.com\/wp-content\/uploads\/2025\/07\/Painel-de-LED-Outdoor-Aluguel-Serie-TOA-detalhes-do-modulo-18x9.webp 18w, https:\/\/www.telaled.com\/wp-content\/uploads\/2025\/07\/Painel-de-LED-Outdoor-Aluguel-Serie-TOA-detalhes-do-modulo-600x307.webp 600w\" sizes=\"auto, (max-width: 1000px) 100vw, 1000px\" \/>\t\t\t\t\t\t\n\t\t\t\t\t<\/div>\n\t\t\t\t\t\t\t\t\n<style>\n#image_1393331406 {\n  width: 95%;\n}\n<\/style>\n\t<\/div>\n\t\n\t\t<\/div>\n\t\t\t\t\t<\/div>\n\n\t\n\n\t<div id=\"col-2136367446\" class=\"col medium-10 small-12 large-10\"  >\n\t\t\t\t<div class=\"col-inner text-left\"  >\n\t\t\t\n\t\t\t\n<ul>\n<li><strong>Uthyrning av utomhus-LED-paneler - TOA-serien - Sk\u00e5pstruktur:<\/strong> Den l\u00e4tta och h\u00e5llbara aluminiumkonstruktionen s\u00e4kerst\u00e4ller snabb installation och en s\u00f6ml\u00f6s fog. Stark, stabil och byggd f\u00f6r effektivitet.<\/li>\n<\/ul>\n\t<div class=\"img has-hover x md-x lg-x y md-y lg-y\" id=\"image_194833604\">\n\t\t\t\t\t\t\t\t<div class=\"img-inner dark\" >\n\t\t\t<img loading=\"lazy\" decoding=\"async\" width=\"800\" height=\"557\" src=\"https:\/\/www.telaled.com\/wp-content\/uploads\/2025\/07\/Estrutura-do-gabinete.webp\" class=\"attachment-large size-large\" alt=\"Sk\u00e5pstruktur\" srcset=\"https:\/\/www.telaled.com\/wp-content\/uploads\/2025\/07\/Estrutura-do-gabinete.webp 800w, https:\/\/www.telaled.com\/wp-content\/uploads\/2025\/07\/Estrutura-do-gabinete-300x209.webp 300w, https:\/\/www.telaled.com\/wp-content\/uploads\/2025\/07\/Estrutura-do-gabinete-768x535.webp 768w, https:\/\/www.telaled.com\/wp-content\/uploads\/2025\/07\/Estrutura-do-gabinete-18x12.webp 18w, https:\/\/www.telaled.com\/wp-content\/uploads\/2025\/07\/Estrutura-do-gabinete-600x418.webp 600w\" sizes=\"auto, (max-width: 800px) 100vw, 800px\" \/>\t\t\t\t\t\t\n\t\t\t\t\t<\/div>\n\t\t\t\t\t\t\t\t\n<style>\n#image_194833604 {\n  width: 95%;\n}\n<\/style>\n\t<\/div>\n\t\n<ul>\n<li>Genom att erbjuda alternativ f\u00f6r underh\u00e5ll fram och bak, vilket ger enkel \u00e5tkomst f\u00f6r reparationer och utbyten, s\u00e4kerst\u00e4ller den effektivt underh\u00e5ll och l\u00e5ngsiktig tillf\u00f6rlitlighet.<\/li>\n<\/ul>\n\t<div class=\"img has-hover x md-x lg-x y md-y lg-y\" id=\"image_1140585405\">\n\t\t\t\t\t\t\t\t<div class=\"img-inner dark\" >\n\t\t\t<img loading=\"lazy\" decoding=\"async\" width=\"520\" height=\"293\" src=\"https:\/\/www.telaled.com\/wp-content\/uploads\/2025\/07\/Manutencao-dianteira-e-traseira.webp\" class=\"attachment-large size-large\" alt=\"Underh\u00e5ll fram och bak\" srcset=\"https:\/\/www.telaled.com\/wp-content\/uploads\/2025\/07\/Manutencao-dianteira-e-traseira.webp 520w, https:\/\/www.telaled.com\/wp-content\/uploads\/2025\/07\/Manutencao-dianteira-e-traseira-300x169.webp 300w, https:\/\/www.telaled.com\/wp-content\/uploads\/2025\/07\/Manutencao-dianteira-e-traseira-18x10.webp 18w\" sizes=\"auto, (max-width: 520px) 100vw, 520px\" \/>\t\t\t\t\t\t\n\t\t\t\t\t<\/div>\n\t\t\t\t\t\t\t\t\n<style>\n#image_1140585405 {\n  width: 95%;\n}\n<\/style>\n\t<\/div>\n\t\n\t\t<\/div>\n\t\t\t\t\t<\/div>\n\n\t\n\n\t<div id=\"col-1398125685\" class=\"col medium-10 small-12 large-10\"  >\n\t\t\t\t<div class=\"col-inner text-left\"  >\n\t\t\t\n\t\t\t\n<ul>\n<li>LED-displayer f\u00f6rpackas efter typ och avsedd anv\u00e4ndning. Kompletta displayer placeras i tr\u00e4l\u00e5dor f\u00f6r b\u00e4ttre st\u00f6d. LED-moduler skickas i kartonger. Hyrdisplayer hanteras annorlunda; de f\u00f6rpackas i flygfraktl\u00e5dor. Vissa artiklar placeras i enkla l\u00e5dor, men f\u00f6rst\u00e4rkta med tr\u00e4ramar f\u00f6r extra skydd.<\/li>\n<\/ul>\n\t<div class=\"img has-hover x md-x lg-x y md-y lg-y\" id=\"image_319494730\">\n\t\t\t\t\t\t\t\t<div class=\"img-inner dark\" >\n\t\t\t<img loading=\"lazy\" decoding=\"async\" width=\"760\" height=\"1024\" src=\"https:\/\/www.telaled.com\/wp-content\/uploads\/2025\/06\/Embalagem-760x1024.webp\" class=\"attachment-large size-large\" alt=\"F\u00f6rpackning\" srcset=\"https:\/\/www.telaled.com\/wp-content\/uploads\/2025\/06\/Embalagem-760x1024.webp 760w, https:\/\/www.telaled.com\/wp-content\/uploads\/2025\/06\/Embalagem-223x300.webp 223w, https:\/\/www.telaled.com\/wp-content\/uploads\/2025\/06\/Embalagem-768x1035.webp 768w, https:\/\/www.telaled.com\/wp-content\/uploads\/2025\/06\/Embalagem-9x12.webp 9w, https:\/\/www.telaled.com\/wp-content\/uploads\/2025\/06\/Embalagem-600x808.webp 600w, https:\/\/www.telaled.com\/wp-content\/uploads\/2025\/06\/Embalagem.webp 795w\" sizes=\"auto, (max-width: 760px) 100vw, 760px\" \/>\t\t\t\t\t\t\n\t\t\t\t\t<\/div>\n\t\t\t\t\t\t\t\t\n<style>\n#image_319494730 {\n  width: 95%;\n}\n<\/style>\n\t<\/div>\n\t\n\t\t<\/div>\n\t\t\t\t\t<\/div>\n\n\t\n<\/div>\n\t\t<\/div>\n\t\t\t\t\t<\/div>\n\n\t\n\n\t<div id=\"col-652244554\" class=\"col small-12 large-12\"  >\n\t\t\t\t<div class=\"col-inner\"  >\n\t\t\t\n\t\t\t\n<div class=\"row\"  id=\"row-1938049465\">\n\n\t<div id=\"col-729739234\" class=\"col medium-10 small-12 large-10\"  >\n\t\t\t\t<div class=\"col-inner\"  >\n\t\t\t\n\t\t\t\n\n<table id=\"tablepress-46\" class=\"tablepress tablepress-id-46\">\n<thead>\n<tr class=\"row-1\">\n\t<th class=\"column-1\">Modell<\/th><th class=\"column-2\">Tillg\u00e5ng till tj\u00e4nst - 1,953<\/th><th class=\"column-3\">Tillg\u00e5ng till tj\u00e4nst - 2,604<\/th><th class=\"column-4\">Tillg\u00e5ng till tj\u00e4nst - 2,976<\/th><th class=\"column-5\">TOA - 3,91 mm<\/th>\n<\/tr>\n<\/thead>\n<tbody class=\"row-striping row-hover\">\n<tr class=\"row-2\">\n\t<td class=\"column-1\">Pixlar per fodral <\/td><td class=\"column-2\">P1,953 mm<\/td><td class=\"column-3\">P2,604 mm<\/td><td class=\"column-4\">P2,976 mm<\/td><td class=\"column-5\">P3,91 mm<\/td>\n<\/tr>\n<tr class=\"row-3\">\n\t<td class=\"column-1\">Avst\u00e5nd mellan pixlar (500*500 mm)<\/td><td class=\"column-2\">256\u00d7256 (HxV)<\/td><td class=\"column-3\">192\u00d7192 (HxV)<\/td><td class=\"column-4\">168\u00d7168 (HxV)<\/td><td class=\"column-5\">128\u00d7128 (HxV)<\/td>\n<\/tr>\n<tr class=\"row-4\">\n\t<td class=\"column-1\">Pixlar per sk\u00e5p (500*1000 mm)<\/td><td class=\"column-2\">256\u00d7512 (HxV)<\/td><td class=\"column-3\">192\u00d7384 (HxV)<\/td><td class=\"column-4\">168\u00d7336 (HxV)<\/td><td class=\"column-5\">128\u00d7256 (HxV)<\/td>\n<\/tr>\n<tr class=\"row-5\">\n\t<td class=\"column-1\">LED-livsl\u00e4ngd<\/td><td class=\"column-2\">100 000 timmar<\/td><td class=\"column-3\">100 000 timmar<\/td><td class=\"column-4\">100 000 timmar<\/td><td class=\"column-5\">100 000 timmar<\/td>\n<\/tr>\n<tr class=\"row-6\">\n\t<td class=\"column-1\">Modulstorlek<\/td><td class=\"column-2\">250*250mm<\/td><td class=\"column-3\">250*250mm<\/td><td class=\"column-4\">250*250mm<\/td><td class=\"column-5\">250*250mm<\/td>\n<\/tr>\n<tr class=\"row-7\">\n\t<td class=\"column-1\">Moduluppl\u00f6sning<\/td><td class=\"column-2\">128*128 punkter<\/td><td class=\"column-3\">96*96 punkter<\/td><td class=\"column-4\">84*84 punkter<\/td><td class=\"column-5\">64*64 punkter<\/td>\n<\/tr>\n<tr class=\"row-8\">\n\t<td class=\"column-1\">Moduluppl\u00f6sning<\/td><td class=\"column-2\">\u22654500<\/td><td class=\"column-3\">\u22654500<\/td><td class=\"column-4\">\u22654500<\/td><td class=\"column-5\">\u22654500<\/td>\n<\/tr>\n<tr class=\"row-9\">\n\t<td class=\"column-1\">Uppdateringsfrekvens<\/td><td class=\"column-2\">3840\u20137 680 Hz<\/td><td class=\"column-3\">3840\u20137 680 Hz<\/td><td class=\"column-4\">3840\u20137 680 Hz<\/td><td class=\"column-5\">3840\u20137 680 Hz<\/td>\n<\/tr>\n<tr class=\"row-10\">\n\t<td class=\"column-1\">Horisontell betraktningsvinkel<\/td><td class=\"column-2\">140\u00b0 +\/-5\u00b0 (@50% ljusstyrka)<\/td><td class=\"column-3\">140\u00b0 +\/-5\u00b0 (@50% ljusstyrka)<\/td><td class=\"column-4\">140\u00b0 +\/-5\u00b0 (@50% ljusstyrka)<\/td><td class=\"column-5\">140\u00b0 +\/-5\u00b0 (@50% ljusstyrka)<\/td>\n<\/tr>\n<tr class=\"row-11\">\n\t<td class=\"column-1\">Vertikal betraktningsvinkel<\/td><td class=\"column-2\">140\u00b0 +\/-5\u00b0 (@50% ljusstyrka)<\/td><td class=\"column-3\">140\u00b0 +\/-5\u00b0 (@50% ljusstyrka)<\/td><td class=\"column-4\">140\u00b0 +\/-5\u00b0 (@50% ljusstyrka)<\/td><td class=\"column-5\">140\u00b0 +\/-5\u00b0 (@50% ljusstyrka)<\/td>\n<\/tr>\n<tr class=\"row-12\">\n\t<td class=\"column-1\">Gr\u00e5niv\u00e5<\/td><td class=\"column-2\">14 bitar<\/td><td class=\"column-3\">14 bitar<\/td><td class=\"column-4\">14 bitar<\/td><td class=\"column-5\">14 bitar<\/td>\n<\/tr>\n<tr class=\"row-13\">\n\t<td class=\"column-1\">Maximal energif\u00f6rbrukning<\/td><td class=\"column-2\">200 W\/m\u00b2<\/td><td class=\"column-3\">200 W\/m\u00b2<\/td><td class=\"column-4\">225 W\/m\u00b2<\/td><td class=\"column-5\">\t<br \/>\n225 W\/m\u00b2<\/td>\n<\/tr>\n<tr class=\"row-14\">\n\t<td class=\"column-1\">Driftssp\u00e4nning<\/td><td class=\"column-2\">400 W\/m\u00b2<\/td><td class=\"column-3\">400 W\/m\u00b2<\/td><td class=\"column-4\">450 W\/m\u00b2<\/td><td class=\"column-5\">450 W\/m\u00b2<\/td>\n<\/tr>\n<tr class=\"row-15\">\n\t<td class=\"column-1\">Driftstemperatur<\/td><td class=\"column-2\">-10\u00b0C till +40\u00b0C\/14\u00b0F till 104\u00b0F<\/td><td class=\"column-3\">-10\u00b0C till +40\u00b0C\/14\u00b0F till 104\u00b0F<\/td><td class=\"column-4\">-10\u00b0C till +40\u00b0C\/14\u00b0F till 104\u00b0F<\/td><td class=\"column-5\">-10\u00b0C till +40\u00b0C\/14\u00b0F till 104\u00b0F<\/td>\n<\/tr>\n<tr class=\"row-16\">\n\t<td class=\"column-1\">Driftsfuktighet<\/td><td class=\"column-2\">10-80%<\/td><td class=\"column-3\">10-80%<\/td><td class=\"column-4\">10-80%<\/td><td class=\"column-5\">10-80%<\/td>\n<\/tr>\n<tr class=\"row-17\">\n\t<td class=\"column-1\">IP-klassificering<\/td><td class=\"column-2\">IP65<\/td><td class=\"column-3\">IP65<\/td><td class=\"column-4\">IP65<\/td><td class=\"column-5\">IP65<\/td>\n<\/tr>\n<tr class=\"row-18\">\n\t<td class=\"column-1\">M\u00e5tt<\/td><td class=\"column-2\">7,25 kg (500 x 500 mm sk\u00e5p)\/12,5 kg (500 x 1000 mm sk\u00e5p)<\/td><td class=\"column-3\">7,25 kg (500 x 500 mm sk\u00e5p)\/12,5 kg (500 x 1000 mm sk\u00e5p)<\/td><td class=\"column-4\">7,25 kg (500 x 500 mm sk\u00e5p)\/12,5 kg (500 x 1000 mm sk\u00e5p)<\/td><td class=\"column-5\">7,25 kg (500 x 500 mm sk\u00e5p)\/12,5 kg (500 x 1000 mm sk\u00e5p)<\/td>\n<\/tr>\n<\/tbody>\n<\/table>\n<!-- #tablepress-46 from cache -->\n\t\t<\/div>\n\t\t\t\t\t<\/div>\n\n\t\n<\/div>\n\t\t<\/div>\n\t\t\t\t\t<\/div>\n\n\t\n<\/div>","protected":false},"excerpt":{"rendered":"<p><strong>LED-paneluthyrning f\u00f6r utomhusbruk - TOA-serien: L\u00e4tta paneler f\u00f6r perfekta evenemang<\/strong><\/p>\n<p><strong><em>Uthyrning av LED-paneler f\u00f6r utomhusbruk - TOA-serien<\/em><\/strong> Den kombinerar en elegant design, dubbel \u00e5tkomst f\u00f6r underh\u00e5ll och skarpa bilder. Finns i olika pixelstorlekar f\u00f6r inomhus- och utomhusbruk. Utformad f\u00f6r snabb installation, h\u00e5llbarhet och prestanda.<\/p>\n<p><strong>Huvudfunktioner:<\/strong><\/p>\n<ul>\n<li><strong>Perfekt till\u00e4gg:<\/strong> Den h\u00f6gprecisionerade aluminiumramen s\u00e4kerst\u00e4ller sl\u00e4ta och glifria sk\u00e4rmar.<\/li>\n<li><strong>H\u00f6g uppdateringsfrekvens och ljusstyrka:<\/strong> Uppdateringsfrekvens upp till 7860 Hz och 800 nits f\u00f6r skarpa, flimmerfria bilder.<\/li>\n<li><strong>Underh\u00e5ll fram och bak:<\/strong> Snabb\u00e5tkomliga magnetiska paneler sparar tid och minskar arbetet.<\/li>\n<\/ul>\n<p>Sk\u00e5pen v\u00e4ger endast 7,25 kg (500 x 500 mm) eller 12,5 kg (500 x 1000 mm), vilket g\u00f6r transport och installation snabbare och mer ekonomisk.<\/p>\n<p>Fj\u00e4rrsupport online dygnet runt och 3 \u00e5rs garanti ing\u00e5r. Kontakta oss nu f\u00f6r en personlig offert.<\/p>","protected":false},"featured_media":2733,"template":"","meta":[],"product_brand":[],"product_cat":[50,40],"product_tag":[],"class_list":{"0":"post-2732","1":"product","2":"type-product","3":"status-publish","4":"has-post-thumbnail","6":"product_cat-aluguel-de-painel-de-led","7":"product_cat-painel-de-led","9":"first","10":"instock","11":"shipping-taxable","12":"product-type-simple"},"yoast_head":"<!-- This site is optimized with the Yoast SEO plugin v27.4 - https:\/\/yoast.com\/product\/yoast-seo-wordpress\/ -->\n<title>Painel de LED Outdoor Aluguel S\u00e9rie TOA | Para Eventos, Publicidade e Shows ao Vivo | TELALED<\/title>\n<meta name=\"description\" content=\"Alugue pain\u00e9is LED de alta luminosidade para exteriores para concertos, outdoors, eventos esportivos e campanhas de marketing. \u00c0 prova de intemp\u00e9ries, f\u00e1ceis de instalar e dispon\u00edveis em v\u00e1rios tamanhos de pixel.\" \/>\n<meta name=\"robots\" content=\"index, follow, max-snippet:-1, max-image-preview:large, max-video-preview:-1\" \/>\n<link rel=\"canonical\" href=\"https:\/\/www.telaled.com\/sv\/fabrica\/painel-de-led-outdoor-aluguel-serie-toa\/\" \/>\n<meta property=\"og:locale\" content=\"sv_SE\" \/>\n<meta property=\"og:type\" content=\"article\" \/>\n<meta property=\"og:title\" content=\"Painel de LED Outdoor Aluguel S\u00e9rie TOA | Para Eventos, Publicidade e Shows ao Vivo | TELALED\" \/>\n<meta property=\"og:description\" content=\"Alugue pain\u00e9is LED de alta luminosidade para exteriores para concertos, outdoors, eventos esportivos e campanhas de marketing. \u00c0 prova de intemp\u00e9ries, f\u00e1ceis de instalar e dispon\u00edveis em v\u00e1rios tamanhos de pixel.\" \/>\n<meta property=\"og:url\" content=\"https:\/\/www.telaled.com\/sv\/fabrica\/painel-de-led-outdoor-aluguel-serie-toa\/\" \/>\n<meta property=\"og:site_name\" content=\"TELALED\" \/>\n<meta property=\"article:modified_time\" content=\"2026-01-03T09:12:45+00:00\" \/>\n<meta property=\"og:image\" content=\"https:\/\/www.telaled.com\/wp-content\/uploads\/2025\/07\/painel-de-led-outdoor-aluguel.webp\" \/>\n\t<meta property=\"og:image:width\" content=\"500\" \/>\n\t<meta property=\"og:image:height\" content=\"500\" \/>\n\t<meta property=\"og:image:type\" content=\"image\/webp\" \/>\n<meta name=\"twitter:card\" content=\"summary_large_image\" \/>\n<meta name=\"twitter:label1\" content=\"Est. reading time\" \/>\n\t<meta name=\"twitter:data1\" content=\"3 minuter\" \/>\n<script type=\"application\/ld+json\" class=\"yoast-schema-graph\">{\"@context\":\"https:\\\/\\\/schema.org\",\"@graph\":[{\"@type\":\"WebPage\",\"@id\":\"https:\\\/\\\/www.telaled.com\\\/fabrica\\\/painel-de-led-outdoor-aluguel-serie-toa\\\/\",\"url\":\"https:\\\/\\\/www.telaled.com\\\/fabrica\\\/painel-de-led-outdoor-aluguel-serie-toa\\\/\",\"name\":\"Painel de LED Outdoor Aluguel S\u00e9rie TOA | Para Eventos, Publicidade e Shows ao Vivo | TELALED\",\"isPartOf\":{\"@id\":\"https:\\\/\\\/www.telaled.com\\\/#website\"},\"primaryImageOfPage\":{\"@id\":\"https:\\\/\\\/www.telaled.com\\\/fabrica\\\/painel-de-led-outdoor-aluguel-serie-toa\\\/#primaryimage\"},\"image\":{\"@id\":\"https:\\\/\\\/www.telaled.com\\\/fabrica\\\/painel-de-led-outdoor-aluguel-serie-toa\\\/#primaryimage\"},\"thumbnailUrl\":\"https:\\\/\\\/www.telaled.com\\\/wp-content\\\/uploads\\\/2025\\\/07\\\/painel-de-led-outdoor-aluguel.webp\",\"datePublished\":\"2025-07-24T08:45:04+00:00\",\"dateModified\":\"2026-01-03T09:12:45+00:00\",\"description\":\"Alugue pain\u00e9is LED de alta luminosidade para exteriores para concertos, outdoors, eventos esportivos e campanhas de marketing. \u00c0 prova de intemp\u00e9ries, f\u00e1ceis de instalar e dispon\u00edveis em v\u00e1rios tamanhos de pixel.\",\"breadcrumb\":{\"@id\":\"https:\\\/\\\/www.telaled.com\\\/fabrica\\\/painel-de-led-outdoor-aluguel-serie-toa\\\/#breadcrumb\"},\"inLanguage\":\"sv-SE\",\"potentialAction\":[{\"@type\":\"ReadAction\",\"target\":[\"https:\\\/\\\/www.telaled.com\\\/fabrica\\\/painel-de-led-outdoor-aluguel-serie-toa\\\/\"]}]},{\"@type\":\"ImageObject\",\"inLanguage\":\"sv-SE\",\"@id\":\"https:\\\/\\\/www.telaled.com\\\/fabrica\\\/painel-de-led-outdoor-aluguel-serie-toa\\\/#primaryimage\",\"url\":\"https:\\\/\\\/www.telaled.com\\\/wp-content\\\/uploads\\\/2025\\\/07\\\/painel-de-led-outdoor-aluguel.webp\",\"contentUrl\":\"https:\\\/\\\/www.telaled.com\\\/wp-content\\\/uploads\\\/2025\\\/07\\\/painel-de-led-outdoor-aluguel.webp\",\"width\":500,\"height\":500,\"caption\":\"painel-de-led-outdoor-aluguel\"},{\"@type\":\"BreadcrumbList\",\"@id\":\"https:\\\/\\\/www.telaled.com\\\/fabrica\\\/painel-de-led-outdoor-aluguel-serie-toa\\\/#breadcrumb\",\"itemListElement\":[{\"@type\":\"ListItem\",\"position\":1,\"name\":\"Home\",\"item\":\"https:\\\/\\\/www.telaled.com\\\/\"},{\"@type\":\"ListItem\",\"position\":2,\"name\":\"Produtos\",\"item\":\"https:\\\/\\\/www.telaled.com\\\/shop\\\/\"},{\"@type\":\"ListItem\",\"position\":3,\"name\":\"Painel de LED Outdoor Aluguel S\u00e9rie TOA\"}]},{\"@type\":\"WebSite\",\"@id\":\"https:\\\/\\\/www.telaled.com\\\/#website\",\"url\":\"https:\\\/\\\/www.telaled.com\\\/\",\"name\":\"TELALED\",\"description\":\"\",\"potentialAction\":[{\"@type\":\"SearchAction\",\"target\":{\"@type\":\"EntryPoint\",\"urlTemplate\":\"https:\\\/\\\/www.telaled.com\\\/?s={search_term_string}\"},\"query-input\":{\"@type\":\"PropertyValueSpecification\",\"valueRequired\":true,\"valueName\":\"search_term_string\"}}],\"inLanguage\":\"sv-SE\"}]}<\/script>\n<!-- \/ Yoast SEO plugin. -->","yoast_head_json":{"title":"Uthyrning av LED-paneler f\u00f6r utomhusbruk i TOA-serien | F\u00f6r evenemang, reklam och liveshower | TELALED","description":"Hyr h\u00f6gljusstarka LED-paneler f\u00f6r utomhusbruk f\u00f6r konserter, skyltar, sportevenemang och marknadsf\u00f6ringskampanjer. V\u00e4derbest\u00e4ndiga, enkla att installera och tillg\u00e4ngliga i olika pixelstorlekar.","robots":{"index":"index","follow":"follow","max-snippet":"max-snippet:-1","max-image-preview":"max-image-preview:large","max-video-preview":"max-video-preview:-1"},"canonical":"https:\/\/www.telaled.com\/sv\/fabrica\/painel-de-led-outdoor-aluguel-serie-toa\/","og_locale":"sv_SE","og_type":"article","og_title":"Painel de LED Outdoor Aluguel S\u00e9rie TOA | Para Eventos, Publicidade e Shows ao Vivo | TELALED","og_description":"Alugue pain\u00e9is LED de alta luminosidade para exteriores para concertos, outdoors, eventos esportivos e campanhas de marketing. \u00c0 prova de intemp\u00e9ries, f\u00e1ceis de instalar e dispon\u00edveis em v\u00e1rios tamanhos de pixel.","og_url":"https:\/\/www.telaled.com\/sv\/fabrica\/painel-de-led-outdoor-aluguel-serie-toa\/","og_site_name":"TELALED","article_modified_time":"2026-01-03T09:12:45+00:00","og_image":[{"width":500,"height":500,"url":"https:\/\/www.telaled.com\/wp-content\/uploads\/2025\/07\/painel-de-led-outdoor-aluguel.webp","type":"image\/webp"}],"twitter_card":"summary_large_image","twitter_misc":{"Est. reading time":"3 minuter"},"schema":{"@context":"https:\/\/schema.org","@graph":[{"@type":"WebPage","@id":"https:\/\/www.telaled.com\/fabrica\/painel-de-led-outdoor-aluguel-serie-toa\/","url":"https:\/\/www.telaled.com\/fabrica\/painel-de-led-outdoor-aluguel-serie-toa\/","name":"Uthyrning av LED-paneler f\u00f6r utomhusbruk i TOA-serien | F\u00f6r evenemang, reklam och liveshower | TELALED","isPartOf":{"@id":"https:\/\/www.telaled.com\/#website"},"primaryImageOfPage":{"@id":"https:\/\/www.telaled.com\/fabrica\/painel-de-led-outdoor-aluguel-serie-toa\/#primaryimage"},"image":{"@id":"https:\/\/www.telaled.com\/fabrica\/painel-de-led-outdoor-aluguel-serie-toa\/#primaryimage"},"thumbnailUrl":"https:\/\/www.telaled.com\/wp-content\/uploads\/2025\/07\/painel-de-led-outdoor-aluguel.webp","datePublished":"2025-07-24T08:45:04+00:00","dateModified":"2026-01-03T09:12:45+00:00","description":"Hyr h\u00f6gljusstarka LED-paneler f\u00f6r utomhusbruk f\u00f6r konserter, skyltar, sportevenemang och marknadsf\u00f6ringskampanjer. V\u00e4derbest\u00e4ndiga, enkla att installera och tillg\u00e4ngliga i olika pixelstorlekar.","breadcrumb":{"@id":"https:\/\/www.telaled.com\/fabrica\/painel-de-led-outdoor-aluguel-serie-toa\/#breadcrumb"},"inLanguage":"sv-SE","potentialAction":[{"@type":"ReadAction","target":["https:\/\/www.telaled.com\/fabrica\/painel-de-led-outdoor-aluguel-serie-toa\/"]}]},{"@type":"ImageObject","inLanguage":"sv-SE","@id":"https:\/\/www.telaled.com\/fabrica\/painel-de-led-outdoor-aluguel-serie-toa\/#primaryimage","url":"https:\/\/www.telaled.com\/wp-content\/uploads\/2025\/07\/painel-de-led-outdoor-aluguel.webp","contentUrl":"https:\/\/www.telaled.com\/wp-content\/uploads\/2025\/07\/painel-de-led-outdoor-aluguel.webp","width":500,"height":500,"caption":"painel-de-led-outdoor-aluguel"},{"@type":"BreadcrumbList","@id":"https:\/\/www.telaled.com\/fabrica\/painel-de-led-outdoor-aluguel-serie-toa\/#breadcrumb","itemListElement":[{"@type":"ListItem","position":1,"name":"Home","item":"https:\/\/www.telaled.com\/"},{"@type":"ListItem","position":2,"name":"Produtos","item":"https:\/\/www.telaled.com\/shop\/"},{"@type":"ListItem","position":3,"name":"Painel de LED Outdoor Aluguel S\u00e9rie TOA"}]},{"@type":"WebSite","@id":"https:\/\/www.telaled.com\/#website","url":"https:\/\/www.telaled.com\/","name":"LED-sk\u00e4rm","description":"","potentialAction":[{"@type":"SearchAction","target":{"@type":"EntryPoint","urlTemplate":"https:\/\/www.telaled.com\/?s={search_term_string}"},"query-input":{"@type":"PropertyValueSpecification","valueRequired":true,"valueName":"search_term_string"}}],"inLanguage":"sv-SE"}]}},"_links":{"self":[{"href":"https:\/\/www.telaled.com\/sv\/wp-json\/wp\/v2\/product\/2732","targetHints":{"allow":["GET"]}}],"collection":[{"href":"https:\/\/www.telaled.com\/sv\/wp-json\/wp\/v2\/product"}],"about":[{"href":"https:\/\/www.telaled.com\/sv\/wp-json\/wp\/v2\/types\/product"}],"wp:featuredmedia":[{"embeddable":true,"href":"https:\/\/www.telaled.com\/sv\/wp-json\/wp\/v2\/media\/2733"}],"wp:attachment":[{"href":"https:\/\/www.telaled.com\/sv\/wp-json\/wp\/v2\/media?parent=2732"}],"wp:term":[{"taxonomy":"product_brand","embeddable":true,"href":"https:\/\/www.telaled.com\/sv\/wp-json\/wp\/v2\/product_brand?post=2732"},{"taxonomy":"product_cat","embeddable":true,"href":"https:\/\/www.telaled.com\/sv\/wp-json\/wp\/v2\/product_cat?post=2732"},{"taxonomy":"product_tag","embeddable":true,"href":"https:\/\/www.telaled.com\/sv\/wp-json\/wp\/v2\/product_tag?post=2732"}],"curies":[{"name":"wp","href":"https:\/\/api.w.org\/{rel}","templated":true}]}}