{"id":2717,"date":"2025-07-23T07:41:55","date_gmt":"2025-07-23T07:41:55","guid":{"rendered":"https:\/\/www.telaled.com\/?post_type=product&#038;p=2717"},"modified":"2026-01-03T08:52:48","modified_gmt":"2026-01-03T08:52:48","slug":"piso-de-led-interativo-serie-tri","status":"publish","type":"product","link":"https:\/\/www.telaled.com\/sv\/fabrica\/piso-de-led-interativo-serie-tri\/","title":{"rendered":"Interaktiv LED-golv TRI-serie"},"content":{"rendered":"<div class=\"row\"  id=\"row-962766724\">\n\n\t<div id=\"col-663052642\" class=\"col small-12 large-12\"  >\n\t\t\t\t<div class=\"col-inner\"  >\n\t\t\t\n\t\t\t\n<h2>Exklusiva f\u00f6rdelar med TRI-serien av interaktiva LED-golv.<\/h2>\n<h3><strong>\u00d6verl\u00e4gsen h\u00e5llbarhet<\/strong><\/h3>\n<ul>\n<li>Sk\u00e5pet \u00e4r tillverkat av aluminiumlegering f\u00f6r \u00f6kad h\u00e5llbarhet och l\u00e4tthet, vilket ger motst\u00e5ndskraft mot korrosion och st\u00f6tar. Dessutom \u00e4r det skyddat av en pulverlackerad yta, vilket s\u00e4kerst\u00e4ller motst\u00e5ndskraft mot repor, blekning och tuffa f\u00f6rh\u00e5llanden f\u00f6r l\u00e5ngvarig anv\u00e4ndning. Det har h\u00f6gh\u00e5llfasta PC-masker och ett slagt\u00e5ligt metallh\u00f6lje. Med en lastkapacitet p\u00e5 upp till 2 ton.<\/li>\n<li>LED-modulen anv\u00e4nder lysdioder. <a href=\"https:\/\/www.telaled.com\/sv\/led-smd\/\">SMD-skivor<\/a> F\u00f6r att leverera livfulla bilder och h\u00f6g energieffektivitet. S\u00e4kerst\u00e4ller tydliga, ljusa och skarpa bilder med utm\u00e4rkt f\u00e4rg\u00e5tergivning. Utformad med kopparbaserade kretskort f\u00f6r effektiv v\u00e4rmeavledning, vilket f\u00f6rhindrar \u00f6verhettning.<\/li>\n<\/ul>\n<h3><strong>Exceptionell visuell kvalitet<\/strong><\/h3>\n<ul>\n<li>H\u00f6g uppdateringsfrekvens upp till 1920\u20133840 Hz<\/li>\n<li>Bred betraktningsvinkel p\u00e5 120\u00b0<\/li>\n<\/ul>\n<h3><strong>Fullst\u00e4ndig anpassningsf\u00f6rm\u00e5ga<\/strong><\/h3>\n<ul>\n<li>IP65-skydd mot regn\/damm f\u00f6r inomhus- och utomhusbruk (-20\u00b0C till 50\u00b0C)<\/li>\n<\/ul>\n<h3><strong>Omfattande st\u00f6d<\/strong><\/h3>\n<ul>\n<li>Teknisk fj\u00e4rrsupport online dygnet runt \u2013 hj\u00e4lp n\u00e4r du beh\u00f6ver det.<\/li>\n<li>5% reservdelar ing\u00e5r \u2013 Extra delar medf\u00f6ljer varje leverans f\u00f6r extra trygghet.<\/li>\n<li>3 \u00e5rs f\u00f6rl\u00e4ngd garanti.<\/li>\n<\/ul>\n<h2>Produktinformation<\/h2>\n<div class=\"row\"  id=\"row-461577971\">\n\n\t<div id=\"col-1928437586\" class=\"col medium-10 small-12 large-10\"  >\n\t\t\t\t<div class=\"col-inner text-left\"  >\n\t\t\t\n\t\t\t\n<ul>\n<li>Specifikationer <a href=\"https:\/\/www.telaled.com\/sv\/parede-interativa\/\">interaktivt LED-golv<\/a><\/li>\n<\/ul>\n\t<div class=\"img has-hover x md-x lg-x y md-y lg-y\" id=\"image_630821071\">\n\t\t\t\t\t\t\t\t<div class=\"img-inner dark\" >\n\t\t\t<img loading=\"lazy\" decoding=\"async\" width=\"1300\" height=\"560\" src=\"https:\/\/www.telaled.com\/wp-content\/uploads\/2025\/07\/Especificacoes-do-LED-interativo-para-piso.jpg\" class=\"attachment-original size-original\" alt=\"Specifikationer f\u00f6r interaktiva LED-golvlampor\" srcset=\"https:\/\/www.telaled.com\/wp-content\/uploads\/2025\/07\/Especificacoes-do-LED-interativo-para-piso.jpg 1300w, https:\/\/www.telaled.com\/wp-content\/uploads\/2025\/07\/Especificacoes-do-LED-interativo-para-piso-300x129.jpg 300w, https:\/\/www.telaled.com\/wp-content\/uploads\/2025\/07\/Especificacoes-do-LED-interativo-para-piso-1024x441.jpg 1024w, https:\/\/www.telaled.com\/wp-content\/uploads\/2025\/07\/Especificacoes-do-LED-interativo-para-piso-768x331.jpg 768w, https:\/\/www.telaled.com\/wp-content\/uploads\/2025\/07\/Especificacoes-do-LED-interativo-para-piso-18x8.jpg 18w, https:\/\/www.telaled.com\/wp-content\/uploads\/2025\/07\/Especificacoes-do-LED-interativo-para-piso-600x258.jpg 600w\" sizes=\"auto, (max-width: 1300px) 100vw, 1300px\" \/>\t\t\t\t\t\t\n\t\t\t\t\t<\/div>\n\t\t\t\t\t\t\t\t\n<style>\n#image_630821071 {\n  width: 95%;\n}\n<\/style>\n\t<\/div>\n\t\n\t\t<\/div>\n\t\t\t\t\t<\/div>\n\n\t\n\n\t<div id=\"col-642727782\" class=\"col medium-10 small-12 large-10\"  >\n\t\t\t\t<div class=\"col-inner text-left\"  >\n\t\t\t\n\t\t\t\n<ul>\n<li>Flera installationsalternativ f\u00f6r det interaktiva LED-golvet.<\/li>\n<\/ul>\n\t<div class=\"img has-hover x md-x lg-x y md-y lg-y\" id=\"image_1348859475\">\n\t\t\t\t\t\t\t\t<div class=\"img-inner dark\" >\n\t\t\t<img loading=\"lazy\" decoding=\"async\" width=\"1020\" height=\"319\" src=\"https:\/\/www.telaled.com\/wp-content\/uploads\/2025\/07\/Varios-modos-de-instalacao-do-piso-LED-interativo-1024x320.webp\" class=\"attachment-large size-large\" alt=\"\" srcset=\"https:\/\/www.telaled.com\/wp-content\/uploads\/2025\/07\/Varios-modos-de-instalacao-do-piso-LED-interativo-1024x320.webp 1024w, https:\/\/www.telaled.com\/wp-content\/uploads\/2025\/07\/Varios-modos-de-instalacao-do-piso-LED-interativo-300x94.webp 300w, https:\/\/www.telaled.com\/wp-content\/uploads\/2025\/07\/Varios-modos-de-instalacao-do-piso-LED-interativo-768x240.webp 768w, https:\/\/www.telaled.com\/wp-content\/uploads\/2025\/07\/Varios-modos-de-instalacao-do-piso-LED-interativo-1536x480.webp 1536w, https:\/\/www.telaled.com\/wp-content\/uploads\/2025\/07\/Varios-modos-de-instalacao-do-piso-LED-interativo-18x6.webp 18w, https:\/\/www.telaled.com\/wp-content\/uploads\/2025\/07\/Varios-modos-de-instalacao-do-piso-LED-interativo-600x188.webp 600w, https:\/\/www.telaled.com\/wp-content\/uploads\/2025\/07\/Varios-modos-de-instalacao-do-piso-LED-interativo.webp 1920w\" sizes=\"auto, (max-width: 1020px) 100vw, 1020px\" \/>\t\t\t\t\t\t\n\t\t\t\t\t<\/div>\n\t\t\t\t\t\t\t\t\n<style>\n#image_1348859475 {\n  width: 95%;\n}\n<\/style>\n\t<\/div>\n\t\n<ul>\n<li>Process f\u00f6r installation av interaktiv LED-golv<\/li>\n<\/ul>\n\t<div class=\"img has-hover x md-x lg-x y md-y lg-y\" id=\"image_1954250537\">\n\t\t\t\t\t\t\t\t<div class=\"img-inner dark\" >\n\t\t\t<img loading=\"lazy\" decoding=\"async\" width=\"1020\" height=\"492\" src=\"https:\/\/www.telaled.com\/wp-content\/uploads\/2025\/07\/Processo-de-instalacao-do-piso-LED-interativo-1024x494.webp\" class=\"attachment-large size-large\" alt=\"Installationsprocess f\u00f6r interaktiva LED-golv\" srcset=\"https:\/\/www.telaled.com\/wp-content\/uploads\/2025\/07\/Processo-de-instalacao-do-piso-LED-interativo-1024x494.webp 1024w, https:\/\/www.telaled.com\/wp-content\/uploads\/2025\/07\/Processo-de-instalacao-do-piso-LED-interativo-300x145.webp 300w, https:\/\/www.telaled.com\/wp-content\/uploads\/2025\/07\/Processo-de-instalacao-do-piso-LED-interativo-768x371.webp 768w, https:\/\/www.telaled.com\/wp-content\/uploads\/2025\/07\/Processo-de-instalacao-do-piso-LED-interativo-18x9.webp 18w, https:\/\/www.telaled.com\/wp-content\/uploads\/2025\/07\/Processo-de-instalacao-do-piso-LED-interativo-600x290.webp 600w, https:\/\/www.telaled.com\/wp-content\/uploads\/2025\/07\/Processo-de-instalacao-do-piso-LED-interativo.webp 1036w\" sizes=\"auto, (max-width: 1020px) 100vw, 1020px\" \/>\t\t\t\t\t\t\n\t\t\t\t\t<\/div>\n\t\t\t\t\t\t\t\t\n<style>\n#image_1954250537 {\n  width: 95%;\n}\n<\/style>\n\t<\/div>\n\t\n<ul>\n<li>Diagram \u00f6ver det interaktiva LED-golvsystemet.<\/li>\n<\/ul>\n\t\t<\/div>\n\t\t\t\t\t<\/div>\n\n\t\n\n\t<div id=\"col-307328367\" class=\"col medium-10 small-12 large-10\"  >\n\t\t\t\t<div class=\"col-inner text-left\"  >\n\t\t\t\n\t\t\t\n\t<div class=\"img has-hover x md-x lg-x y md-y lg-y\" id=\"image_1177877247\">\n\t\t\t\t\t\t\t\t<div class=\"img-inner dark\" >\n\t\t\t<img loading=\"lazy\" decoding=\"async\" width=\"1020\" height=\"403\" src=\"https:\/\/www.telaled.com\/wp-content\/uploads\/2025\/07\/Diagrama-do-sistema-interativo-de-exibicao-no-piso-1024x405.webp\" class=\"attachment-large size-large\" alt=\"\" srcset=\"https:\/\/www.telaled.com\/wp-content\/uploads\/2025\/07\/Diagrama-do-sistema-interativo-de-exibicao-no-piso-1024x405.webp 1024w, https:\/\/www.telaled.com\/wp-content\/uploads\/2025\/07\/Diagrama-do-sistema-interativo-de-exibicao-no-piso-300x119.webp 300w, https:\/\/www.telaled.com\/wp-content\/uploads\/2025\/07\/Diagrama-do-sistema-interativo-de-exibicao-no-piso-768x304.webp 768w, https:\/\/www.telaled.com\/wp-content\/uploads\/2025\/07\/Diagrama-do-sistema-interativo-de-exibicao-no-piso-18x7.webp 18w, https:\/\/www.telaled.com\/wp-content\/uploads\/2025\/07\/Diagrama-do-sistema-interativo-de-exibicao-no-piso-600x237.webp 600w, https:\/\/www.telaled.com\/wp-content\/uploads\/2025\/07\/Diagrama-do-sistema-interativo-de-exibicao-no-piso.webp 1280w\" sizes=\"auto, (max-width: 1020px) 100vw, 1020px\" \/>\t\t\t\t\t\t\n\t\t\t\t\t<\/div>\n\t\t\t\t\t\t\t\t\n<style>\n#image_1177877247 {\n  width: 95%;\n}\n<\/style>\n\t<\/div>\n\t\n<ul>\n<li>LED-displayer f\u00f6rpackas efter typ och avsedd anv\u00e4ndning. Kompletta displayer placeras i tr\u00e4l\u00e5dor f\u00f6r b\u00e4ttre st\u00f6d. LED-moduler skickas i kartonger. Hyrdisplayer hanteras annorlunda; de f\u00f6rpackas i flygfraktl\u00e5dor. Vissa artiklar placeras i enkla l\u00e5dor, men f\u00f6rst\u00e4rkta med tr\u00e4ramar f\u00f6r extra skydd.<\/li>\n<\/ul>\n\t<div class=\"img has-hover x md-x lg-x y md-y lg-y\" id=\"image_473052440\">\n\t\t\t\t\t\t\t\t<div class=\"img-inner dark\" >\n\t\t\t<img loading=\"lazy\" decoding=\"async\" width=\"760\" height=\"1024\" src=\"https:\/\/www.telaled.com\/wp-content\/uploads\/2025\/06\/Embalagem-760x1024.webp\" class=\"attachment-large size-large\" alt=\"F\u00f6rpackning\" srcset=\"https:\/\/www.telaled.com\/wp-content\/uploads\/2025\/06\/Embalagem-760x1024.webp 760w, https:\/\/www.telaled.com\/wp-content\/uploads\/2025\/06\/Embalagem-223x300.webp 223w, https:\/\/www.telaled.com\/wp-content\/uploads\/2025\/06\/Embalagem-768x1035.webp 768w, https:\/\/www.telaled.com\/wp-content\/uploads\/2025\/06\/Embalagem-9x12.webp 9w, https:\/\/www.telaled.com\/wp-content\/uploads\/2025\/06\/Embalagem-600x808.webp 600w, https:\/\/www.telaled.com\/wp-content\/uploads\/2025\/06\/Embalagem.webp 795w\" sizes=\"auto, (max-width: 760px) 100vw, 760px\" \/>\t\t\t\t\t\t\n\t\t\t\t\t<\/div>\n\t\t\t\t\t\t\t\t\n<style>\n#image_473052440 {\n  width: 95%;\n}\n<\/style>\n\t<\/div>\n\t\n\t\t<\/div>\n\t\t\t\t\t<\/div>\n\n\t\n<\/div>\n\t\t<\/div>\n\t\t\t\t\t<\/div>\n\n\t\n\n\t<div id=\"col-1231797298\" class=\"col small-12 large-12\"  >\n\t\t\t\t<div class=\"col-inner\"  >\n\t\t\t\n\t\t\t\n<div class=\"row\"  id=\"row-423146984\">\n\n\t<div id=\"col-561516939\" class=\"col medium-10 small-12 large-10\"  >\n\t\t\t\t<div class=\"col-inner\"  >\n\t\t\t\n\t\t\t\n\n<table id=\"tablepress-45\" class=\"tablepress tablepress-id-45\">\n<thead>\n<tr class=\"row-1\">\n\t<th class=\"column-1\">Modell<\/th><th class=\"column-2\">TRI - 2,976<\/th><th class=\"column-3\">TRI - 3,91<\/th><th class=\"column-4\">TRI - 5.2<\/th><th class=\"column-5\">TRI - 6,25<\/th>\n<\/tr>\n<\/thead>\n<tbody class=\"row-striping row-hover\">\n<tr class=\"row-2\">\n\t<td class=\"column-1\">Pixelavst\u00e5nd (mm)<\/td><td class=\"column-2\">P 2,976<\/td><td class=\"column-3\">P 3,91<\/td><td class=\"column-4\">P 5.2<\/td><td class=\"column-5\">P 6,25<\/td>\n<\/tr>\n<tr class=\"row-3\">\n\t<td class=\"column-1\">LED-konfiguration<\/td><td class=\"column-2\">1R1G1B<\/td><td class=\"column-3\">1R1G1B<\/td><td class=\"column-4\">1R1G1B<\/td><td class=\"column-5\">1R1G1B<\/td>\n<\/tr>\n<tr class=\"row-4\">\n\t<td class=\"column-1\">LED-typ<\/td><td class=\"column-2\">SMD1415<\/td><td class=\"column-3\">SMD1921<\/td><td class=\"column-4\">SMD1921<\/td><td class=\"column-5\">SMD1921<\/td>\n<\/tr>\n<tr class=\"row-5\">\n\t<td class=\"column-1\">Moduluppl\u00f6sning<\/td><td class=\"column-2\">84x84<\/td><td class=\"column-3\">64x64<\/td><td class=\"column-4\">48x48<\/td><td class=\"column-5\">40x40<\/td>\n<\/tr>\n<tr class=\"row-6\">\n\t<td class=\"column-1\">Modulstorlek (mm)<\/td><td class=\"column-2\"><br \/>\n250x250<\/td><td class=\"column-3\"><br \/>\n250x250<\/td><td class=\"column-4\"><br \/>\n250x250<\/td><td class=\"column-5\"><br \/>\n250x250<\/td>\n<\/tr>\n<tr class=\"row-7\">\n\t<td class=\"column-1\">Sk\u00e5pm\u00e5tt (mm)<\/td><td class=\"column-2\"><br \/>\n500\u00d71000<\/td><td class=\"column-3\"><br \/>\n500\u00d71000<\/td><td class=\"column-4\"><br \/>\n500\u00d71000<\/td><td class=\"column-5\"><br \/>\n500\u00d71000<\/td>\n<\/tr>\n<tr class=\"row-8\">\n\t<td class=\"column-1\">Sk\u00e5pets vikt (kg)<\/td><td class=\"column-2\"><br \/>\n25<\/td><td class=\"column-3\"><br \/>\n25<\/td><td class=\"column-4\"><br \/>\n25<\/td><td class=\"column-5\"><br \/>\n25<\/td>\n<\/tr>\n<tr class=\"row-9\">\n\t<td class=\"column-1\">Arbetstemperatur (\u2103)<\/td><td class=\"column-2\"><br \/>\n-20~60<\/td><td class=\"column-3\"><br \/>\n-20~60<\/td><td class=\"column-4\"><br \/>\n-20~60<\/td><td class=\"column-5\"><br \/>\n-20~60<\/td>\n<\/tr>\n<tr class=\"row-10\">\n\t<td class=\"column-1\">Skyddsgrad<\/td><td class=\"column-2\"><br \/>\nB\u00e5de fram- och baksidan \u00e4r IP65-klassade.<\/td><td class=\"column-3\"><br \/>\nB\u00e5de fram- och baksidan \u00e4r IP65-klassade.<\/td><td class=\"column-4\"><br \/>\nB\u00e5de fram- och baksidan \u00e4r IP65-klassade.<\/td><td class=\"column-5\"><br \/>\nB\u00e5de fram- och baksidan \u00e4r IP65-klassade.<\/td>\n<\/tr>\n<tr class=\"row-11\">\n\t<td class=\"column-1\">Certifiering<\/td><td class=\"column-2\">ROHS\/FCC\/CE<\/td><td class=\"column-3\">ROHS\/FCC\/CE<\/td><td class=\"column-4\">ROHS\/FCC\/CE<\/td><td class=\"column-5\">ROHS\/FCC\/CE<\/td>\n<\/tr>\n<\/tbody>\n<\/table>\n<!-- #tablepress-45 from cache -->\n\t\t<\/div>\n\t\t\t\t\t<\/div>\n\n\t\n<\/div>\n\t\t<\/div>\n\t\t\t\t\t<\/div>\n\n\t\n<\/div>","protected":false},"excerpt":{"rendered":"<p><strong>TRI-seriens interaktiva LED-golv: H\u00e5llbart, vattent\u00e4tt och halkfritt f\u00f6r \u00f6kat engagemang<\/strong><\/p>\n<p>O <strong>TRI-serien LED interaktivt golv<\/strong> Den erbjuder slitstarka, h\u00f6gkvalitativa sk\u00e4rmar med antikollisions-, antifriktions- och IP65-vattent\u00e4thet. Dess halkfria yta garanterar s\u00e4kerhet, vilket g\u00f6r den perfekt f\u00f6r inomhus- och utomhusevenemang. L\u00e4tt att installera och anpassa.<\/p>\n<p><strong>Huvudfunktioner:<\/strong><\/p>\n<ul>\n<li><strong>Kollisionsskydd och friktionsskydd:<\/strong> H\u00e5llbar konstruktion f\u00f6r l\u00e5ngvarig anv\u00e4ndning i omr\u00e5den med h\u00f6g trafik.<\/li>\n<li><strong>Vattent\u00e4t och halkfri:<\/strong> IP65 vattent\u00e4thetsklassning och halkfri yta f\u00f6r s\u00e4kerhet i olika milj\u00f6er.<\/li>\n<li><strong>H\u00f6gkvalitativ sk\u00e4rm<\/strong>Finns i olika pixelavst\u00e5nd (2,9 mm, 3,91 mm, 5,2 mm och 6,25 mm) f\u00f6r livfull grafik.<\/li>\n<li><strong>Enkel installation:<\/strong> Modul\u00e4r design med flexibel h\u00f6ljesstorlek f\u00f6r snabb och enkel installation.<\/li>\n<\/ul>\n<p>Den har sk\u00e5p som m\u00e4ter 500 mm x 1000 mm och v\u00e4ger cirka 25 kg styck, vilket ger flexibilitet f\u00f6r olika visningskonfigurationer.<\/p>\n<p>F\u00e5 teknisk fj\u00e4rrsupport dygnet runt och 3 \u00e5rs garanti. Kontakta oss nu f\u00f6r en personlig offert!<\/p>","protected":false},"featured_media":2718,"template":"","meta":[],"product_brand":[],"product_cat":[50,40,52],"product_tag":[],"class_list":{"0":"post-2717","1":"product","2":"type-product","3":"status-publish","4":"has-post-thumbnail","6":"product_cat-aluguel-de-painel-de-led","7":"product_cat-painel-de-led","8":"product_cat-piso-de-led","10":"first","11":"instock","12":"shipping-taxable","13":"product-type-simple"},"yoast_head":"<!-- This site is optimized with the Yoast SEO plugin v27.4 - https:\/\/yoast.com\/product\/yoast-seo-wordpress\/ -->\n<title>Piso interativo de LED da s\u00e9rie TRI: Experi\u00eancia de Toque Envolvente e de Alta Qualidade para Eventos e Exposi\u00e7\u00f5es | TELALED<\/title>\n<meta name=\"description\" content=\"O piso interativo de LED da s\u00e9rie TRI oferece pain\u00e9is de alta resolu\u00e7\u00e3o e sens\u00edveis ao toque para intera\u00e7\u00e3o din\u00e2mica em eventos e exposi\u00e7\u00f5es. Dur\u00e1vel, \u00e1gil e eficiente em termos de energia. Fa\u00e7a uma cota\u00e7\u00e3o agora!\" \/>\n<meta name=\"robots\" content=\"index, follow, max-snippet:-1, max-image-preview:large, max-video-preview:-1\" \/>\n<link rel=\"canonical\" href=\"https:\/\/www.telaled.com\/sv\/fabrica\/piso-de-led-interativo-serie-tri\/\" \/>\n<meta property=\"og:locale\" content=\"sv_SE\" \/>\n<meta property=\"og:type\" content=\"article\" \/>\n<meta property=\"og:title\" content=\"Piso interativo de LED da s\u00e9rie TRI: Experi\u00eancia de Toque Envolvente e de Alta Qualidade para Eventos e Exposi\u00e7\u00f5es | TELALED\" \/>\n<meta property=\"og:description\" content=\"O piso interativo de LED da s\u00e9rie TRI oferece pain\u00e9is de alta resolu\u00e7\u00e3o e sens\u00edveis ao toque para intera\u00e7\u00e3o din\u00e2mica em eventos e exposi\u00e7\u00f5es. Dur\u00e1vel, \u00e1gil e eficiente em termos de energia. Fa\u00e7a uma cota\u00e7\u00e3o agora!\" \/>\n<meta property=\"og:url\" content=\"https:\/\/www.telaled.com\/sv\/fabrica\/piso-de-led-interativo-serie-tri\/\" \/>\n<meta property=\"og:site_name\" content=\"TELALED\" \/>\n<meta property=\"article:modified_time\" content=\"2026-01-03T08:52:48+00:00\" \/>\n<meta property=\"og:image\" content=\"https:\/\/www.telaled.com\/wp-content\/uploads\/2025\/07\/piso-de-led-interativo.webp\" \/>\n\t<meta property=\"og:image:width\" content=\"500\" \/>\n\t<meta property=\"og:image:height\" content=\"500\" \/>\n\t<meta property=\"og:image:type\" content=\"image\/webp\" \/>\n<meta name=\"twitter:card\" content=\"summary_large_image\" \/>\n<meta name=\"twitter:label1\" content=\"Est. reading time\" \/>\n\t<meta name=\"twitter:data1\" content=\"3 minuter\" \/>\n<script type=\"application\/ld+json\" class=\"yoast-schema-graph\">{\"@context\":\"https:\\\/\\\/schema.org\",\"@graph\":[{\"@type\":\"WebPage\",\"@id\":\"https:\\\/\\\/www.telaled.com\\\/fabrica\\\/piso-de-led-interativo-serie-tri\\\/\",\"url\":\"https:\\\/\\\/www.telaled.com\\\/fabrica\\\/piso-de-led-interativo-serie-tri\\\/\",\"name\":\"Piso interativo de LED da s\u00e9rie TRI: Experi\u00eancia de Toque Envolvente e de Alta Qualidade para Eventos e Exposi\u00e7\u00f5es | TELALED\",\"isPartOf\":{\"@id\":\"https:\\\/\\\/www.telaled.com\\\/#website\"},\"primaryImageOfPage\":{\"@id\":\"https:\\\/\\\/www.telaled.com\\\/fabrica\\\/piso-de-led-interativo-serie-tri\\\/#primaryimage\"},\"image\":{\"@id\":\"https:\\\/\\\/www.telaled.com\\\/fabrica\\\/piso-de-led-interativo-serie-tri\\\/#primaryimage\"},\"thumbnailUrl\":\"https:\\\/\\\/www.telaled.com\\\/wp-content\\\/uploads\\\/2025\\\/07\\\/piso-de-led-interativo.webp\",\"datePublished\":\"2025-07-23T07:41:55+00:00\",\"dateModified\":\"2026-01-03T08:52:48+00:00\",\"description\":\"O piso interativo de LED da s\u00e9rie TRI oferece pain\u00e9is de alta resolu\u00e7\u00e3o e sens\u00edveis ao toque para intera\u00e7\u00e3o din\u00e2mica em eventos e exposi\u00e7\u00f5es. Dur\u00e1vel, \u00e1gil e eficiente em termos de energia. Fa\u00e7a uma cota\u00e7\u00e3o agora!\",\"breadcrumb\":{\"@id\":\"https:\\\/\\\/www.telaled.com\\\/fabrica\\\/piso-de-led-interativo-serie-tri\\\/#breadcrumb\"},\"inLanguage\":\"sv-SE\",\"potentialAction\":[{\"@type\":\"ReadAction\",\"target\":[\"https:\\\/\\\/www.telaled.com\\\/fabrica\\\/piso-de-led-interativo-serie-tri\\\/\"]}]},{\"@type\":\"ImageObject\",\"inLanguage\":\"sv-SE\",\"@id\":\"https:\\\/\\\/www.telaled.com\\\/fabrica\\\/piso-de-led-interativo-serie-tri\\\/#primaryimage\",\"url\":\"https:\\\/\\\/www.telaled.com\\\/wp-content\\\/uploads\\\/2025\\\/07\\\/piso-de-led-interativo.webp\",\"contentUrl\":\"https:\\\/\\\/www.telaled.com\\\/wp-content\\\/uploads\\\/2025\\\/07\\\/piso-de-led-interativo.webp\",\"width\":500,\"height\":500,\"caption\":\"piso-de-led-interativo\"},{\"@type\":\"BreadcrumbList\",\"@id\":\"https:\\\/\\\/www.telaled.com\\\/fabrica\\\/piso-de-led-interativo-serie-tri\\\/#breadcrumb\",\"itemListElement\":[{\"@type\":\"ListItem\",\"position\":1,\"name\":\"Home\",\"item\":\"https:\\\/\\\/www.telaled.com\\\/\"},{\"@type\":\"ListItem\",\"position\":2,\"name\":\"Produtos\",\"item\":\"https:\\\/\\\/www.telaled.com\\\/shop\\\/\"},{\"@type\":\"ListItem\",\"position\":3,\"name\":\"Piso de LED Interativo S\u00e9rie TRI\"}]},{\"@type\":\"WebSite\",\"@id\":\"https:\\\/\\\/www.telaled.com\\\/#website\",\"url\":\"https:\\\/\\\/www.telaled.com\\\/\",\"name\":\"TELALED\",\"description\":\"\",\"potentialAction\":[{\"@type\":\"SearchAction\",\"target\":{\"@type\":\"EntryPoint\",\"urlTemplate\":\"https:\\\/\\\/www.telaled.com\\\/?s={search_term_string}\"},\"query-input\":{\"@type\":\"PropertyValueSpecification\",\"valueRequired\":true,\"valueName\":\"search_term_string\"}}],\"inLanguage\":\"sv-SE\"}]}<\/script>\n<!-- \/ Yoast SEO plugin. -->","yoast_head_json":{"title":"TRI-seriens interaktiva LED-golv: Uppslukande och h\u00f6gkvalitativ pekupplevelse f\u00f6r evenemang och utst\u00e4llningar | TELALED","description":"TRI-seriens interaktiva LED-golvbelysning erbjuder h\u00f6guppl\u00f6sta, ber\u00f6ringsk\u00e4nsliga paneler f\u00f6r dynamisk interaktion vid evenemang och utst\u00e4llningar. H\u00e5llbar, smidig och energieffektiv. Beg\u00e4r offert nu!","robots":{"index":"index","follow":"follow","max-snippet":"max-snippet:-1","max-image-preview":"max-image-preview:large","max-video-preview":"max-video-preview:-1"},"canonical":"https:\/\/www.telaled.com\/sv\/fabrica\/piso-de-led-interativo-serie-tri\/","og_locale":"sv_SE","og_type":"article","og_title":"Piso interativo de LED da s\u00e9rie TRI: Experi\u00eancia de Toque Envolvente e de Alta Qualidade para Eventos e Exposi\u00e7\u00f5es | TELALED","og_description":"O piso interativo de LED da s\u00e9rie TRI oferece pain\u00e9is de alta resolu\u00e7\u00e3o e sens\u00edveis ao toque para intera\u00e7\u00e3o din\u00e2mica em eventos e exposi\u00e7\u00f5es. Dur\u00e1vel, \u00e1gil e eficiente em termos de energia. Fa\u00e7a uma cota\u00e7\u00e3o agora!","og_url":"https:\/\/www.telaled.com\/sv\/fabrica\/piso-de-led-interativo-serie-tri\/","og_site_name":"TELALED","article_modified_time":"2026-01-03T08:52:48+00:00","og_image":[{"width":500,"height":500,"url":"https:\/\/www.telaled.com\/wp-content\/uploads\/2025\/07\/piso-de-led-interativo.webp","type":"image\/webp"}],"twitter_card":"summary_large_image","twitter_misc":{"Est. reading time":"3 minuter"},"schema":{"@context":"https:\/\/schema.org","@graph":[{"@type":"WebPage","@id":"https:\/\/www.telaled.com\/fabrica\/piso-de-led-interativo-serie-tri\/","url":"https:\/\/www.telaled.com\/fabrica\/piso-de-led-interativo-serie-tri\/","name":"TRI-seriens interaktiva LED-golv: Uppslukande och h\u00f6gkvalitativ pekupplevelse f\u00f6r evenemang och utst\u00e4llningar | TELALED","isPartOf":{"@id":"https:\/\/www.telaled.com\/#website"},"primaryImageOfPage":{"@id":"https:\/\/www.telaled.com\/fabrica\/piso-de-led-interativo-serie-tri\/#primaryimage"},"image":{"@id":"https:\/\/www.telaled.com\/fabrica\/piso-de-led-interativo-serie-tri\/#primaryimage"},"thumbnailUrl":"https:\/\/www.telaled.com\/wp-content\/uploads\/2025\/07\/piso-de-led-interativo.webp","datePublished":"2025-07-23T07:41:55+00:00","dateModified":"2026-01-03T08:52:48+00:00","description":"TRI-seriens interaktiva LED-golvbelysning erbjuder h\u00f6guppl\u00f6sta, ber\u00f6ringsk\u00e4nsliga paneler f\u00f6r dynamisk interaktion vid evenemang och utst\u00e4llningar. H\u00e5llbar, smidig och energieffektiv. Beg\u00e4r offert nu!","breadcrumb":{"@id":"https:\/\/www.telaled.com\/fabrica\/piso-de-led-interativo-serie-tri\/#breadcrumb"},"inLanguage":"sv-SE","potentialAction":[{"@type":"ReadAction","target":["https:\/\/www.telaled.com\/fabrica\/piso-de-led-interativo-serie-tri\/"]}]},{"@type":"ImageObject","inLanguage":"sv-SE","@id":"https:\/\/www.telaled.com\/fabrica\/piso-de-led-interativo-serie-tri\/#primaryimage","url":"https:\/\/www.telaled.com\/wp-content\/uploads\/2025\/07\/piso-de-led-interativo.webp","contentUrl":"https:\/\/www.telaled.com\/wp-content\/uploads\/2025\/07\/piso-de-led-interativo.webp","width":500,"height":500,"caption":"piso-de-led-interativo"},{"@type":"BreadcrumbList","@id":"https:\/\/www.telaled.com\/fabrica\/piso-de-led-interativo-serie-tri\/#breadcrumb","itemListElement":[{"@type":"ListItem","position":1,"name":"Home","item":"https:\/\/www.telaled.com\/"},{"@type":"ListItem","position":2,"name":"Produtos","item":"https:\/\/www.telaled.com\/shop\/"},{"@type":"ListItem","position":3,"name":"Piso de LED Interativo S\u00e9rie TRI"}]},{"@type":"WebSite","@id":"https:\/\/www.telaled.com\/#website","url":"https:\/\/www.telaled.com\/","name":"LED-sk\u00e4rm","description":"","potentialAction":[{"@type":"SearchAction","target":{"@type":"EntryPoint","urlTemplate":"https:\/\/www.telaled.com\/?s={search_term_string}"},"query-input":{"@type":"PropertyValueSpecification","valueRequired":true,"valueName":"search_term_string"}}],"inLanguage":"sv-SE"}]}},"_links":{"self":[{"href":"https:\/\/www.telaled.com\/sv\/wp-json\/wp\/v2\/product\/2717","targetHints":{"allow":["GET"]}}],"collection":[{"href":"https:\/\/www.telaled.com\/sv\/wp-json\/wp\/v2\/product"}],"about":[{"href":"https:\/\/www.telaled.com\/sv\/wp-json\/wp\/v2\/types\/product"}],"wp:featuredmedia":[{"embeddable":true,"href":"https:\/\/www.telaled.com\/sv\/wp-json\/wp\/v2\/media\/2718"}],"wp:attachment":[{"href":"https:\/\/www.telaled.com\/sv\/wp-json\/wp\/v2\/media?parent=2717"}],"wp:term":[{"taxonomy":"product_brand","embeddable":true,"href":"https:\/\/www.telaled.com\/sv\/wp-json\/wp\/v2\/product_brand?post=2717"},{"taxonomy":"product_cat","embeddable":true,"href":"https:\/\/www.telaled.com\/sv\/wp-json\/wp\/v2\/product_cat?post=2717"},{"taxonomy":"product_tag","embeddable":true,"href":"https:\/\/www.telaled.com\/sv\/wp-json\/wp\/v2\/product_tag?post=2717"}],"curies":[{"name":"wp","href":"https:\/\/api.w.org\/{rel}","templated":true}]}}