{"id":2635,"date":"2025-07-18T06:10:55","date_gmt":"2025-07-18T06:10:55","guid":{"rendered":"https:\/\/www.telaled.com\/?post_type=product&#038;p=2635"},"modified":"2026-01-03T05:45:04","modified_gmt":"2026-01-03T05:45:04","slug":"modulo-painel-de-led-p10","status":"publish","type":"product","link":"https:\/\/www.telaled.com\/sv\/fabrica\/modulo-painel-de-led-p10\/","title":{"rendered":"P10 LED-panelmodul"},"content":{"rendered":"<div id=\"featurebullets_feature_div\" class=\"celwidget\" data-feature-name=\"featurebullets\" data-csa-c-type=\"widget\" data-csa-c-content-id=\"featurebullets\" data-csa-c-slot-id=\"featurebullets_feature_div\" data-csa-c-asin=\"B07DF32D6Q\" data-csa-c-is-in-initial-active-row=\"false\" data-csa-c-id=\"3j0pnl-7cjnp-9t8psx-tspeog\">\n<div id=\"feature-bullets\" class=\"a-section a-spacing-medium a-spacing-top-small\">\n<div data-zone-id=\"0\" data-line-index=\"0\" data-line=\"true\">\n<p><strong>Huvudsakliga till\u00e4mpningar:<\/strong><\/p>\n<ul>\n<li><strong>Digitala paneler och skyltar<\/strong>Perfekt f\u00f6r utomhusreklam i omr\u00e5den med h\u00f6g trafik som motorv\u00e4gar och stadsgator, vilket s\u00e4kerst\u00e4ller tydlig och ljus sikt.<\/li>\n<li><strong>Detaljhandel och k\u00f6pcentra<\/strong>Engagera kunderna med livfulla sk\u00e4rmar med h\u00f6g uppl\u00f6sning. <a href=\"https:\/\/www.telaled.com\/sv\/painel-de-led-para-loja\/\">lagra<\/a> eller i hela k\u00f6pcentret.<\/li>\n<li><strong>Aff\u00e4rsevenemang och m\u00e4ssor:<\/strong> Dynamiska och i\u00f6gonfallande displayer f\u00f6r utst\u00e4llningar, kongresser och m\u00e4ssmontrar.<\/li>\n<li><strong>Flygplatser och transportknutpunkter<\/strong>Tydliga realtidsdisplayer f\u00f6r flyginformation och meddelanden i omr\u00e5den med h\u00f6gtrafik.<\/li>\n<li><strong>Utst\u00e4llningar f\u00f6r scener och shower:<\/strong> Skapa <a href=\"https:\/\/www.telaled.com\/sv\/telao-de-led-palco-2\/\">scenlandskap<\/a> Visuellt fantastiska eller liveprojektioner f\u00f6r shower och f\u00f6rest\u00e4llningar.<\/li>\n<\/ul>\n<p><strong>Bepr\u00f6vad teknik:<\/strong><\/p>\n<ul>\n<li>IP40\/IP50 \u2013 Damm- och fuktbest\u00e4ndighet.<\/li>\n<li>16-bitars gradient (281 biljoner f\u00e4rger) \u2013 Fotorealistisk.<\/li>\n<li>CE\/RoHS\/ISO9001-certifiering \u2013 Garanterad industriell kvalitet.<\/li>\n<\/ul>\n<p><img loading=\"lazy\" decoding=\"async\" class=\"alignnone wp-image-2017 size-full\" src=\"https:\/\/www.telaled.com\/wp-content\/uploads\/2023\/06\/quality-led-module-materials-1.webp\" alt=\"kvalitetsledda modulmaterial\" width=\"768\" height=\"555\" srcset=\"https:\/\/www.telaled.com\/wp-content\/uploads\/2023\/06\/quality-led-module-materials-1.webp 768w, https:\/\/www.telaled.com\/wp-content\/uploads\/2023\/06\/quality-led-module-materials-1-300x217.webp 300w, https:\/\/www.telaled.com\/wp-content\/uploads\/2023\/06\/quality-led-module-materials-1-18x12.webp 18w, https:\/\/www.telaled.com\/wp-content\/uploads\/2023\/06\/quality-led-module-materials-1-600x434.webp 600w\" sizes=\"auto, (max-width: 768px) 100vw, 768px\" \/><\/p>\n<\/div>\n<\/div>\n<\/div>\n<div data-feature-name=\"acf-carousel\" data-csa-c-type=\"widget\" data-csa-c-content-id=\"acf-carousel\" data-csa-c-slot-id=\"acf-carousel_feature_div\" data-csa-c-asin=\"B07DF32D6Q\" data-csa-c-is-in-initial-active-row=\"false\" data-csa-c-id=\"oqpgyr-mh4egp-nntzd2-kyiiqq\">\n<table id=\"tablepress-41\" class=\"tablepress tablepress-id-41\">\n<thead>\n<tr class=\"row-1\">\n\t<th colspan=\"4\" class=\"column-1\">Tekniska detaljer<\/th>\n<\/tr>\n<\/thead>\n<tbody class=\"row-striping row-hover\">\n<tr class=\"row-2\">\n\t<td class=\"column-1\">Modellnummer<\/td><td class=\"column-2\">TL \u2013 P10 LED-panelmodul<\/td><td class=\"column-3\"><\/td><td class=\"column-4\"><\/td>\n<\/tr>\n<tr class=\"row-3\">\n\t<td class=\"column-1\">Varum\u00e4rke<\/td><td class=\"column-2\">Tillverkare TELALED<\/td><td class=\"column-3\">Sk\u00e4rmplanhet<\/td><td class=\"column-4\">&lt;\u00b11 mm<\/td>\n<\/tr>\n<tr class=\"row-4\">\n\t<td class=\"column-1\">Ursprungsort<\/td><td class=\"column-2\">Guangdong, Kina<\/td><td class=\"column-3\">Medeltid mellan fel (MTBF)<\/td><td class=\"column-4\">&gt;10 000 timmar<\/td>\n<\/tr>\n<tr class=\"row-5\">\n\t<td class=\"column-1\">Avst\u00e5nd mellan pixlar<\/td><td class=\"column-2\">P10<\/td><td class=\"column-3\">Nyttig livsl\u00e4ngd<\/td><td class=\"column-4\">&gt;100 000 timmar<\/td>\n<\/tr>\n<tr class=\"row-6\">\n\t<td class=\"column-1\">Minsta synavst\u00e5nd<\/td><td class=\"column-2\">10m<\/td><td class=\"column-3\">Displayens driftsp\u00e4nning<\/td><td class=\"column-4\">AC46\uff5e54HZ, 220V\u00b115%\/110V\u00b115%<\/td>\n<\/tr>\n<tr class=\"row-7\">\n\t<td class=\"column-1\">LED-konfiguration<\/td><td class=\"column-2\">SMD3528<\/td><td class=\"column-3\">Ljusd\u00e4mpning<\/td><td class=\"column-4\">&lt;3%<\/td>\n<\/tr>\n<tr class=\"row-8\">\n\t<td class=\"column-1\">Moduluppl\u00f6sning<\/td><td class=\"column-2\">32\u00d716 pixlar<\/td><td class=\"column-3\">L\u00e4ckstr\u00f6m<\/td><td class=\"column-4\">&lt;3mA<\/td>\n<\/tr>\n<tr class=\"row-9\">\n\t<td class=\"column-1\">Modulpixlar<\/td><td class=\"column-2\">512 pixlar<\/td><td class=\"column-3\">IP-skyddsklassificering<\/td><td class=\"column-4\">Bakpanel IP40, frontpanel IP50<\/td>\n<\/tr>\n<tr class=\"row-10\">\n\t<td class=\"column-1\">Modulstorlek<\/td><td class=\"column-2\">\tL320mm*H160mm*D14<\/td><td class=\"column-3\">Temperatur och luftfuktighet p\u00e5 arbetsplatsen<\/td><td class=\"column-4\">Temperatur: -20\u00b0C till +60\u00b0C \/ Luftfuktighet: 10% till 90% RF<\/td>\n<\/tr>\n<tr class=\"row-11\">\n\t<td class=\"column-1\">Sk\u00e5pstorlek<\/td><td class=\"column-2\">640 mm * 640 mm<\/td><td class=\"column-3\">St\u00f6dda medier<\/td><td class=\"column-4\">Tekniska specifikationer, foton, CAD-modeller, video<\/td>\n<\/tr>\n<tr class=\"row-12\">\n\t<td class=\"column-1\">Pixelkonfiguration<\/td><td class=\"column-2\">SMD3-i-1, fullf\u00e4rg R\/G\/B 1:1:1<\/td><td class=\"column-3\">Fungera<\/td><td class=\"column-4\">SDK<\/td>\n<\/tr>\n<tr class=\"row-13\">\n\t<td class=\"column-1\">Balanserad glans<\/td><td class=\"column-2\">1000 cd\/m\u00b2 (inomhus)<\/td><td class=\"column-3\">Kontrolll\u00e4ge<\/td><td class=\"column-4\">Synkronisering via DVI med styrdator<\/td>\n<\/tr>\n<tr class=\"row-14\">\n\t<td class=\"column-1\">Drivmetod<\/td><td class=\"column-2\">1\/8-skanning, 1\/4-skanning<\/td><td class=\"column-3\">Programvara som st\u00f6ds<\/td><td class=\"column-4\">Windows XP\/W7\/Vista<\/td>\n<\/tr>\n<tr class=\"row-15\">\n\t<td class=\"column-1\">Uppdateringsfrekvens<\/td><td class=\"column-2\">\u22651920 Hz<\/td><td class=\"column-3\">Kontrollsystem<\/td><td class=\"column-4\">DVI-kort + fullf\u00e4rgskontroller + optisk fiber (valfritt)<\/td>\n<\/tr>\n<tr class=\"row-16\">\n\t<td class=\"column-1\">\u00c4ndra detekteringsfrekvens<\/td><td class=\"column-2\">50\u201360 Hz<\/td><td class=\"column-3\">Huvudkontrollsystemm\u00e4rke<\/td><td class=\"column-4\">Novastar, Linsn, Huidu, Colorlight<\/td>\n<\/tr>\n<tr class=\"row-17\">\n\t<td class=\"column-1\">Betraktningsvinkel<\/td><td class=\"column-2\">H140\u00b0 V120\u00b0<\/td><td class=\"column-3\">Gr\u00e4nssnitt<\/td><td class=\"column-4\">Standard-Ethernet<\/td>\n<\/tr>\n<tr class=\"row-18\">\n\t<td class=\"column-1\">Inaktiv ljusfrekvens<\/td><td class=\"column-2\">\u22641%<\/td><td class=\"column-3\">S\u00e4ndningsavst\u00e5nd<\/td><td class=\"column-4\">Multimodfiber <500m >\n<\/tr>\n<tr class=\"row-19\">\n\t<td class=\"column-1\">Energisl\u00f6seri<\/td><td class=\"column-2\">700*1000 W\/M\u00b2<\/td><td class=\"column-3\">Garanti<\/td><td class=\"column-4\">5 \u00e5r<\/td>\n<\/tr>\n<tr class=\"row-20\">\n\t<td class=\"column-1\">Genomsnittlig energif\u00f6rbrukning<\/td><td class=\"column-2\">350 W\/M\u00b2<\/td><td class=\"column-3\">Leverant\u00f6rstyp<\/td><td class=\"column-4\">Originaltillverkare\/ODM\/OEM<\/td>\n<\/tr>\n<tr class=\"row-21\">\n\t<td class=\"column-1\">Gr\u00e5niv\u00e5<\/td><td class=\"column-2\">16 bitar (281 biljoner f\u00e4rger) \/ 65 536 nyanser per prim\u00e4rf\u00e4rg<\/td><td class=\"column-3\">Leveranstid<\/td><td class=\"column-4\">25 (eller f\u00f6rhandlingsbart)<\/td>\n<\/tr>\n<tr class=\"row-22\">\n\t<td class=\"column-1\">Sk\u00e4rmf\u00e4rg<\/td><td class=\"column-2\">16 miljoner<\/td><td class=\"column-3\">Ans\u00f6kan<\/td><td class=\"column-4\">Reklam\/Inredning\/Exteri\u00f6r<\/td>\n<\/tr>\n<tr class=\"row-23\">\n\t<td class=\"column-1\">Oavbruten arbetstid<\/td><td class=\"column-2\">\u226572 timmar<\/td><td class=\"column-3\">Anv\u00e4nda<\/td><td class=\"column-4\">Digital annonsering, K\u00f6pcentra, V\u00e4lkomstdisplayer, Utst\u00e4llningshallar, Flygplatser, Kyrkor, Sport, Evenemang, M\u00f6ten, Uthyrning, Scener, Fordon, Detaljhandel, Br\u00f6llop<\/td>\n<\/tr>\n<tr class=\"row-24\">\n\t<td class=\"column-1\">Diskret d\u00f6dvinkelfrekvens<\/td><td class=\"column-2\"><1><td class=\"column-3\">F\u00f6rpackningsdetaljer<\/td><td class=\"column-4\">F\u00f6rst\u00e4rkt kartong + tr\u00e4<\/td>\n<\/tr>\n<tr class=\"row-25\">\n\t<td class=\"column-1\">Kontinuerlig d\u00f6dvinkelfrekvens<\/td><td class=\"column-2\">Ingen<\/td><td class=\"column-3\">Leveranskapacitet<\/td><td class=\"column-4\">5 000 enheter\/m\u00e5nad<\/td>\n<\/tr>\n<tr class=\"row-26\">\n\t<td class=\"column-1\">D\u00f6da vinkeln-frekvens<\/td><td class=\"column-2\"><1><td class=\"column-3\">Hamn<\/td><td class=\"column-4\">Shenzhen<\/td>\n<\/tr>\n<\/tbody>\n<\/table>\n<!-- #tablepress-41 from cache --><\/div>\n<div id=\"provenanceCertifications_feature_div\" class=\"celwidget\" data-feature-name=\"provenanceCertifications\" data-csa-c-type=\"widget\" data-csa-c-content-id=\"provenanceCertifications\" data-csa-c-slot-id=\"provenanceCertifications_feature_div\" data-csa-c-asin=\"B07DF32D6Q\" data-csa-c-is-in-initial-active-row=\"false\" data-csa-c-id=\"6t8ho-xbknmj-nqaso5-ne24gd\">\n<div id=\"provenance-certifications\" class=\"a-section a-spacing-medium a-spacing-top-micro\">\u00a0<\/div>\n<\/div>","protected":false},"excerpt":{"rendered":"<p><strong>P10 LED-panelmodul - F\u00e4rgsk\u00e4rm f\u00f6r inomhus- och utomhusreklam<\/strong><\/p>\n<p>O <strong>P10 LED-panelmodul<\/strong> Den utvecklades f\u00f6r att ge skarpa bilder med h\u00f6g ljusstyrka i b\u00e5de inomhus- och utomhusmilj\u00f6er. Den har en p\u00e5litlig SMD 3528-konfiguration, en livsl\u00e4ngd p\u00e5 \u00f6ver 100 000 timmar och utm\u00e4rkt f\u00e4rgnoggrannhet. Breda betraktningsvinklar och s\u00f6ml\u00f6s integration med popul\u00e4ra styrsystem.<\/p>\n<p><strong>Huvudf\u00f6rdelar:<\/strong><br \/>\n<strong><br \/>\n\u2714 L\u00e5ngvarig prestanda: <\/strong>Med en livsl\u00e4ngd p\u00e5 \u00f6ver 100 000 timmar och l\u00e5g ljusd\u00e4mpning (&lt;3%) fungerar panelen tillf\u00f6rlitligt med minimalt underh\u00e5ll.<strong><br \/>\n<\/strong><\/p>\n<p><strong>\u2714 H\u00f6guppl\u00f6st f\u00e4rgsk\u00e4rm: <\/strong>Uppl\u00f6sningen p\u00e5 32\u00d716 pixlar och 16-bitars gr\u00e5skala ger skarpa och livfulla bilder.<strong><br \/>\n<\/strong><\/p>\n<p><strong>\u2714 Stabil och energieffektiv: <\/strong>L\u00e5g l\u00e4ckstr\u00f6m (&lt;3mA), \u00b11% d\u00f6dljushastighet och genomsnittlig energif\u00f6rbrukning p\u00e5 350w\/m2.<strong><br \/>\n<\/strong><\/p>\n<p><strong>\u2714 Bred kompatibilitet: <\/strong>Den fungerar perfekt med st\u00f6rre styrsystem som Novastar, Linsn och Colorlight, och \u00e4r kompatibel med Windows XP, 7 och Vista.<\/p>","protected":false},"featured_media":2711,"template":"","meta":[],"product_brand":[],"product_cat":[41],"product_tag":[],"class_list":{"0":"post-2635","1":"product","2":"type-product","3":"status-publish","4":"has-post-thumbnail","6":"product_cat-modulo-painel-de-led","8":"first","9":"instock","10":"shipping-taxable","11":"product-type-simple"},"yoast_head":"<!-- This site is optimized with the Yoast SEO plugin v27.4 - https:\/\/yoast.com\/product\/yoast-seo-wordpress\/ -->\n<title>Modulo Painel de LED P10 | Solu\u00e7\u00e3o de Exibi\u00e7\u00e3o Dur\u00e1vel e Brilhante para Publicidade Externa |TELALED<\/title>\n<meta name=\"description\" content=\"Explore o Modulo Painel de LED P10, projetado para alto brilho e imagens claras em ambientes externos. Constru\u00eddo para ser duradouro, ele garante uma tela vibrante e impactante. Adquira o seu hoje mesmo para obter uma tela impressionante.\" \/>\n<meta name=\"robots\" content=\"index, follow, max-snippet:-1, max-image-preview:large, max-video-preview:-1\" \/>\n<link rel=\"canonical\" href=\"https:\/\/www.telaled.com\/sv\/fabrica\/modulo-painel-de-led-p10\/\" \/>\n<meta property=\"og:locale\" content=\"sv_SE\" \/>\n<meta property=\"og:type\" content=\"article\" \/>\n<meta property=\"og:title\" content=\"Modulo Painel de LED P10 | Solu\u00e7\u00e3o de Exibi\u00e7\u00e3o Dur\u00e1vel e Brilhante para Publicidade Externa |TELALED\" \/>\n<meta property=\"og:description\" content=\"Explore o Modulo Painel de LED P10, projetado para alto brilho e imagens claras em ambientes externos. Constru\u00eddo para ser duradouro, ele garante uma tela vibrante e impactante. Adquira o seu hoje mesmo para obter uma tela impressionante.\" \/>\n<meta property=\"og:url\" content=\"https:\/\/www.telaled.com\/sv\/fabrica\/modulo-painel-de-led-p10\/\" \/>\n<meta property=\"og:site_name\" content=\"TELALED\" \/>\n<meta property=\"article:modified_time\" content=\"2026-01-03T05:45:04+00:00\" \/>\n<meta property=\"og:image\" content=\"https:\/\/www.telaled.com\/wp-content\/uploads\/2025\/07\/Modulo-Painel-de-LED-P10-1-1.webp\" \/>\n\t<meta property=\"og:image:width\" content=\"500\" \/>\n\t<meta property=\"og:image:height\" content=\"500\" \/>\n\t<meta property=\"og:image:type\" content=\"image\/webp\" \/>\n<meta name=\"twitter:card\" content=\"summary_large_image\" \/>\n<meta name=\"twitter:label1\" content=\"Est. reading time\" \/>\n\t<meta name=\"twitter:data1\" content=\"2 minuter\" \/>\n<script type=\"application\/ld+json\" class=\"yoast-schema-graph\">{\"@context\":\"https:\\\/\\\/schema.org\",\"@graph\":[{\"@type\":\"WebPage\",\"@id\":\"https:\\\/\\\/www.telaled.com\\\/fabrica\\\/modulo-painel-de-led-p10\\\/\",\"url\":\"https:\\\/\\\/www.telaled.com\\\/fabrica\\\/modulo-painel-de-led-p10\\\/\",\"name\":\"Modulo Painel de LED P10 | Solu\u00e7\u00e3o de Exibi\u00e7\u00e3o Dur\u00e1vel e Brilhante para Publicidade Externa |TELALED\",\"isPartOf\":{\"@id\":\"https:\\\/\\\/www.telaled.com\\\/#website\"},\"primaryImageOfPage\":{\"@id\":\"https:\\\/\\\/www.telaled.com\\\/fabrica\\\/modulo-painel-de-led-p10\\\/#primaryimage\"},\"image\":{\"@id\":\"https:\\\/\\\/www.telaled.com\\\/fabrica\\\/modulo-painel-de-led-p10\\\/#primaryimage\"},\"thumbnailUrl\":\"https:\\\/\\\/www.telaled.com\\\/wp-content\\\/uploads\\\/2025\\\/07\\\/Modulo-Painel-de-LED-P10-1-1.webp\",\"datePublished\":\"2025-07-18T06:10:55+00:00\",\"dateModified\":\"2026-01-03T05:45:04+00:00\",\"description\":\"Explore o Modulo Painel de LED P10, projetado para alto brilho e imagens claras em ambientes externos. Constru\u00eddo para ser duradouro, ele garante uma tela vibrante e impactante. Adquira o seu hoje mesmo para obter uma tela impressionante.\",\"breadcrumb\":{\"@id\":\"https:\\\/\\\/www.telaled.com\\\/fabrica\\\/modulo-painel-de-led-p10\\\/#breadcrumb\"},\"inLanguage\":\"sv-SE\",\"potentialAction\":[{\"@type\":\"ReadAction\",\"target\":[\"https:\\\/\\\/www.telaled.com\\\/fabrica\\\/modulo-painel-de-led-p10\\\/\"]}]},{\"@type\":\"ImageObject\",\"inLanguage\":\"sv-SE\",\"@id\":\"https:\\\/\\\/www.telaled.com\\\/fabrica\\\/modulo-painel-de-led-p10\\\/#primaryimage\",\"url\":\"https:\\\/\\\/www.telaled.com\\\/wp-content\\\/uploads\\\/2025\\\/07\\\/Modulo-Painel-de-LED-P10-1-1.webp\",\"contentUrl\":\"https:\\\/\\\/www.telaled.com\\\/wp-content\\\/uploads\\\/2025\\\/07\\\/Modulo-Painel-de-LED-P10-1-1.webp\",\"width\":500,\"height\":500,\"caption\":\"Modulo-Painel-de-LED-P10 (1)\"},{\"@type\":\"BreadcrumbList\",\"@id\":\"https:\\\/\\\/www.telaled.com\\\/fabrica\\\/modulo-painel-de-led-p10\\\/#breadcrumb\",\"itemListElement\":[{\"@type\":\"ListItem\",\"position\":1,\"name\":\"Home\",\"item\":\"https:\\\/\\\/www.telaled.com\\\/\"},{\"@type\":\"ListItem\",\"position\":2,\"name\":\"Produtos\",\"item\":\"https:\\\/\\\/www.telaled.com\\\/shop\\\/\"},{\"@type\":\"ListItem\",\"position\":3,\"name\":\"Modulo Painel de LED P10\"}]},{\"@type\":\"WebSite\",\"@id\":\"https:\\\/\\\/www.telaled.com\\\/#website\",\"url\":\"https:\\\/\\\/www.telaled.com\\\/\",\"name\":\"TELALED\",\"description\":\"\",\"potentialAction\":[{\"@type\":\"SearchAction\",\"target\":{\"@type\":\"EntryPoint\",\"urlTemplate\":\"https:\\\/\\\/www.telaled.com\\\/?s={search_term_string}\"},\"query-input\":{\"@type\":\"PropertyValueSpecification\",\"valueRequired\":true,\"valueName\":\"search_term_string\"}}],\"inLanguage\":\"sv-SE\"}]}<\/script>\n<!-- \/ Yoast SEO plugin. -->","yoast_head_json":{"title":"P10 LED-panelmodul | H\u00e5llbar och ljusstark displayl\u00f6sning f\u00f6r utomhusreklam | TELALED","description":"Utforska P10 LED-panelmodulen, designad f\u00f6r h\u00f6g ljusstyrka och tydliga bilder i utomhusmilj\u00f6er. Byggd f\u00f6r h\u00e5llbarhet garanterar den en livfull och effektfull sk\u00e4rm. Skaffa din idag f\u00f6r en fantastisk sk\u00e4rm.","robots":{"index":"index","follow":"follow","max-snippet":"max-snippet:-1","max-image-preview":"max-image-preview:large","max-video-preview":"max-video-preview:-1"},"canonical":"https:\/\/www.telaled.com\/sv\/fabrica\/modulo-painel-de-led-p10\/","og_locale":"sv_SE","og_type":"article","og_title":"Modulo Painel de LED P10 | Solu\u00e7\u00e3o de Exibi\u00e7\u00e3o Dur\u00e1vel e Brilhante para Publicidade Externa |TELALED","og_description":"Explore o Modulo Painel de LED P10, projetado para alto brilho e imagens claras em ambientes externos. Constru\u00eddo para ser duradouro, ele garante uma tela vibrante e impactante. Adquira o seu hoje mesmo para obter uma tela impressionante.","og_url":"https:\/\/www.telaled.com\/sv\/fabrica\/modulo-painel-de-led-p10\/","og_site_name":"TELALED","article_modified_time":"2026-01-03T05:45:04+00:00","og_image":[{"width":500,"height":500,"url":"https:\/\/www.telaled.com\/wp-content\/uploads\/2025\/07\/Modulo-Painel-de-LED-P10-1-1.webp","type":"image\/webp"}],"twitter_card":"summary_large_image","twitter_misc":{"Est. reading time":"2 minuter"},"schema":{"@context":"https:\/\/schema.org","@graph":[{"@type":"WebPage","@id":"https:\/\/www.telaled.com\/fabrica\/modulo-painel-de-led-p10\/","url":"https:\/\/www.telaled.com\/fabrica\/modulo-painel-de-led-p10\/","name":"P10 LED-panelmodul | H\u00e5llbar och ljusstark displayl\u00f6sning f\u00f6r utomhusreklam | TELALED","isPartOf":{"@id":"https:\/\/www.telaled.com\/#website"},"primaryImageOfPage":{"@id":"https:\/\/www.telaled.com\/fabrica\/modulo-painel-de-led-p10\/#primaryimage"},"image":{"@id":"https:\/\/www.telaled.com\/fabrica\/modulo-painel-de-led-p10\/#primaryimage"},"thumbnailUrl":"https:\/\/www.telaled.com\/wp-content\/uploads\/2025\/07\/Modulo-Painel-de-LED-P10-1-1.webp","datePublished":"2025-07-18T06:10:55+00:00","dateModified":"2026-01-03T05:45:04+00:00","description":"Utforska P10 LED-panelmodulen, designad f\u00f6r h\u00f6g ljusstyrka och tydliga bilder i utomhusmilj\u00f6er. Byggd f\u00f6r h\u00e5llbarhet garanterar den en livfull och effektfull sk\u00e4rm. Skaffa din idag f\u00f6r en fantastisk sk\u00e4rm.","breadcrumb":{"@id":"https:\/\/www.telaled.com\/fabrica\/modulo-painel-de-led-p10\/#breadcrumb"},"inLanguage":"sv-SE","potentialAction":[{"@type":"ReadAction","target":["https:\/\/www.telaled.com\/fabrica\/modulo-painel-de-led-p10\/"]}]},{"@type":"ImageObject","inLanguage":"sv-SE","@id":"https:\/\/www.telaled.com\/fabrica\/modulo-painel-de-led-p10\/#primaryimage","url":"https:\/\/www.telaled.com\/wp-content\/uploads\/2025\/07\/Modulo-Painel-de-LED-P10-1-1.webp","contentUrl":"https:\/\/www.telaled.com\/wp-content\/uploads\/2025\/07\/Modulo-Painel-de-LED-P10-1-1.webp","width":500,"height":500,"caption":"Modulo-Painel-de-LED-P10 (1)"},{"@type":"BreadcrumbList","@id":"https:\/\/www.telaled.com\/fabrica\/modulo-painel-de-led-p10\/#breadcrumb","itemListElement":[{"@type":"ListItem","position":1,"name":"Home","item":"https:\/\/www.telaled.com\/"},{"@type":"ListItem","position":2,"name":"Produtos","item":"https:\/\/www.telaled.com\/shop\/"},{"@type":"ListItem","position":3,"name":"Modulo Painel de LED P10"}]},{"@type":"WebSite","@id":"https:\/\/www.telaled.com\/#website","url":"https:\/\/www.telaled.com\/","name":"LED-sk\u00e4rm","description":"","potentialAction":[{"@type":"SearchAction","target":{"@type":"EntryPoint","urlTemplate":"https:\/\/www.telaled.com\/?s={search_term_string}"},"query-input":{"@type":"PropertyValueSpecification","valueRequired":true,"valueName":"search_term_string"}}],"inLanguage":"sv-SE"}]}},"_links":{"self":[{"href":"https:\/\/www.telaled.com\/sv\/wp-json\/wp\/v2\/product\/2635","targetHints":{"allow":["GET"]}}],"collection":[{"href":"https:\/\/www.telaled.com\/sv\/wp-json\/wp\/v2\/product"}],"about":[{"href":"https:\/\/www.telaled.com\/sv\/wp-json\/wp\/v2\/types\/product"}],"wp:featuredmedia":[{"embeddable":true,"href":"https:\/\/www.telaled.com\/sv\/wp-json\/wp\/v2\/media\/2711"}],"wp:attachment":[{"href":"https:\/\/www.telaled.com\/sv\/wp-json\/wp\/v2\/media?parent=2635"}],"wp:term":[{"taxonomy":"product_brand","embeddable":true,"href":"https:\/\/www.telaled.com\/sv\/wp-json\/wp\/v2\/product_brand?post=2635"},{"taxonomy":"product_cat","embeddable":true,"href":"https:\/\/www.telaled.com\/sv\/wp-json\/wp\/v2\/product_cat?post=2635"},{"taxonomy":"product_tag","embeddable":true,"href":"https:\/\/www.telaled.com\/sv\/wp-json\/wp\/v2\/product_tag?post=2635"}],"curies":[{"name":"wp","href":"https:\/\/api.w.org\/{rel}","templated":true}]}}