{"id":2606,"date":"2025-07-17T08:01:54","date_gmt":"2025-07-17T08:01:54","guid":{"rendered":"https:\/\/www.telaled.com\/?post_type=product&#038;p=2606"},"modified":"2026-01-02T10:07:17","modified_gmt":"2026-01-02T10:07:17","slug":"modulo-painel-de-led-p6-exteriores","status":"publish","type":"product","link":"https:\/\/www.telaled.com\/sv\/fabrica\/modulo-painel-de-led-p6-exteriores\/","title":{"rendered":"P6 utomhus LED-panelmodul"},"content":{"rendered":"<div id=\"featurebullets_feature_div\" class=\"celwidget\" data-feature-name=\"featurebullets\" data-csa-c-type=\"widget\" data-csa-c-content-id=\"featurebullets\" data-csa-c-slot-id=\"featurebullets_feature_div\" data-csa-c-asin=\"B07DF32D6Q\" data-csa-c-is-in-initial-active-row=\"false\" data-csa-c-id=\"3j0pnl-7cjnp-9t8psx-tspeog\">\n<div id=\"feature-bullets\" class=\"a-section a-spacing-medium a-spacing-top-small\">\n<div data-zone-id=\"0\" data-line-index=\"0\" data-line=\"true\">\n<p><strong>Huvudsakliga till\u00e4mpningar:<\/strong><\/p>\n<ul>\n<li><strong>Extern reklam:<\/strong> Perfekt f\u00f6r skyltar, digital skyltning och reklamskyltar i omr\u00e5den med h\u00f6g trafik som stadsgator, motorv\u00e4gar och torg.<\/li>\n<li><strong>Skyltar <a href=\"https:\/\/www.telaled.com\/sv\/painel-de-led-para-eventos\/\">evenemang<\/a>:<\/strong> Perfekt f\u00f6r utst\u00e4llningar, konserter, festivaler och sportevenemang, och ger tydliga budskap till stora folkmassor i \u00f6ppna ytor.<\/li>\n<li><strong>Offentliga informationsdisplayer:<\/strong> Tillf\u00f6rlitlig f\u00f6r transportnav som flygplatser, t\u00e5gstationer och bussterminaler, och tillhandah\u00e5ller realtidsinformation s\u00e5som tidtabeller, v\u00e4gbeskrivningar och aviseringar.<\/li>\n<li><strong>Kommersiell och detaljhandelsanv\u00e4ndning:<\/strong> Utm\u00e4rkt f\u00f6r k\u00f6pcentrum, butiker och restauranger, f\u00f6r att visa kampanjer, produktannonser eller varum\u00e4rkesigenk\u00e4nning.<\/li>\n<li><strong>F\u00f6retags- och konferenslokaler:<\/strong> Anv\u00e4nd i m\u00f6tesrum, seminarierum och m\u00e4ssor f\u00f6r presentationer, v\u00e4lkomstmeddelanden eller f\u00f6retagsmeddelanden.<\/li>\n<\/ul>\n<p><strong>Bepr\u00f6vad teknik:<\/strong><\/p>\n<ul>\n<li>IP65 \u2013 Damm- och fuktbest\u00e4ndig.<\/li>\n<li>16-bitars gradient (281 biljoner f\u00e4rger) \u2013 Fotorealistisk.<\/li>\n<li>CE\/RoHS\/ISO9001-certifiering \u2013 Garanterad industriell kvalitet.<\/li>\n<\/ul>\n<p><img loading=\"lazy\" decoding=\"async\" class=\"alignnone wp-image-2017 size-full\" src=\"https:\/\/www.telaled.com\/wp-content\/uploads\/2023\/06\/quality-led-module-materials-1.webp\" alt=\"kvalitetsledda modulmaterial\" width=\"768\" height=\"555\" srcset=\"https:\/\/www.telaled.com\/wp-content\/uploads\/2023\/06\/quality-led-module-materials-1.webp 768w, https:\/\/www.telaled.com\/wp-content\/uploads\/2023\/06\/quality-led-module-materials-1-300x217.webp 300w, https:\/\/www.telaled.com\/wp-content\/uploads\/2023\/06\/quality-led-module-materials-1-18x12.webp 18w, https:\/\/www.telaled.com\/wp-content\/uploads\/2023\/06\/quality-led-module-materials-1-600x434.webp 600w\" sizes=\"auto, (max-width: 768px) 100vw, 768px\" \/><\/p>\n<\/div>\n<\/div>\n<\/div>\n<div data-feature-name=\"acf-carousel\" data-csa-c-type=\"widget\" data-csa-c-content-id=\"acf-carousel\" data-csa-c-slot-id=\"acf-carousel_feature_div\" data-csa-c-asin=\"B07DF32D6Q\" data-csa-c-is-in-initial-active-row=\"false\" data-csa-c-id=\"oqpgyr-mh4egp-nntzd2-kyiiqq\">\n<table id=\"tablepress-39\" class=\"tablepress tablepress-id-39\">\n<thead>\n<tr class=\"row-1\">\n\t<th class=\"column-1\">Ans\u00f6kan <\/th><th class=\"column-2\">Intern och extern<\/th>\n<\/tr>\n<\/thead>\n<tbody class=\"row-striping row-hover\">\n<tr class=\"row-2\">\n\t<td class=\"column-1\">Sk\u00e4rmtyp:<\/td><td class=\"column-2\"> LED-videosk\u00e4rm<\/td>\n<\/tr>\n<tr class=\"row-3\">\n\t<td class=\"column-1\">Uppdateringsfrekvens: <\/td><td class=\"column-2\">1920Hz\/3840Hz<\/td>\n<\/tr>\n<tr class=\"row-4\">\n\t<td class=\"column-1\">Sk\u00e5psmaterial: <\/td><td class=\"column-2\">J\u00e4rn\/Aluminium<\/td>\n<\/tr>\n<tr class=\"row-5\">\n\t<td class=\"column-1\">Underh\u00e5ll: <\/td><td class=\"column-2\">Fr\u00e4mre service\/Bakre service<\/td>\n<\/tr>\n<tr class=\"row-6\">\n\t<td class=\"column-1\">Ursprung: <\/td><td class=\"column-2\">Shenzhen, Kina<\/td>\n<\/tr>\n<tr class=\"row-7\">\n\t<td class=\"column-1\">Leverant\u00f6rstyp: <\/td><td class=\"column-2\">Originaltillverkare, ODM, OEM<\/td>\n<\/tr>\n<tr class=\"row-8\">\n\t<td class=\"column-1\">Avst\u00e5nd mellan pixlar (mm) <\/td><td class=\"column-2\">P2, 5, P3, P4 PS, P10<\/td>\n<\/tr>\n<tr class=\"row-9\">\n\t<td class=\"column-1\">Pixelkomposition: <\/td><td class=\"column-2\">1R1G1B<\/td>\n<\/tr>\n<tr class=\"row-10\">\n\t<td class=\"column-1\">LED-typ: <\/td><td class=\"column-2\">SMD2121<\/td>\n<\/tr>\n<tr class=\"row-11\">\n\t<td class=\"column-1\">Skanningsl\u00e4ge: <\/td><td class=\"column-2\">32\/16\/8<\/td>\n<\/tr>\n<tr class=\"row-12\">\n\t<td class=\"column-1\">Ljusstyrka (cd\/m\u00b2) <\/td><td class=\"column-2\">1000-1500<\/td>\n<\/tr>\n<tr class=\"row-13\">\n\t<td class=\"column-1\">F\u00f6rpackning f\u00f6r transport: <\/td><td class=\"column-2\">Flightcase eller tr\u00e4l\u00e5da<\/td>\n<\/tr>\n<tr class=\"row-14\">\n\t<td class=\"column-1\">Justering av ljusstyrka:<\/td><td class=\"column-2\"> 256 niv\u00e5er<\/td>\n<\/tr>\n<tr class=\"row-15\">\n\t<td class=\"column-1\">Certifiering: <\/td><td class=\"column-2\">CE, RoHS, ETL<\/td>\n<\/tr>\n<tr class=\"row-16\">\n\t<td class=\"column-1\">Frakt <\/td><td class=\"column-2\">Med express, flyg eller sj\u00f6.<\/td>\n<\/tr>\n<tr class=\"row-17\">\n\t<td class=\"column-1\">Betraktningsvinkel: <\/td><td class=\"column-2\">140 grader<\/td>\n<\/tr>\n<tr class=\"row-18\">\n\t<td class=\"column-1\">Nyttjande livsl\u00e4ngd: <\/td><td class=\"column-2\">50 000 timmar<\/td>\n<\/tr>\n<tr class=\"row-19\">\n\t<td class=\"column-1\">Driftstemperatur (\u00b0C)<\/td><td class=\"column-2\"> Mellan -40\u00b0C och 80\u00b0C<\/td>\n<\/tr>\n<\/tbody>\n<\/table>\n<!-- #tablepress-39 from cache --><\/div>\n<div id=\"provenanceCertifications_feature_div\" class=\"celwidget\" data-feature-name=\"provenanceCertifications\" data-csa-c-type=\"widget\" data-csa-c-content-id=\"provenanceCertifications\" data-csa-c-slot-id=\"provenanceCertifications_feature_div\" data-csa-c-asin=\"B07DF32D6Q\" data-csa-c-is-in-initial-active-row=\"false\" data-csa-c-id=\"6t8ho-xbknmj-nqaso5-ne24gd\">\n<div id=\"provenance-certifications\" class=\"a-section a-spacing-medium a-spacing-top-micro\"><\/div>\n<\/div>","protected":false},"excerpt":{"rendered":"<p><strong>P6 LED-panelmodul f\u00f6r utomhusbruk \u2013 H\u00f6gpresterande display f\u00f6r utomhusreklam<\/strong><\/p>\n<p>O <strong>P6 utomhus LED-panelmodul<\/strong> Den erbjuder ljusa, h\u00f6guppl\u00f6sta sk\u00e4rmar avsedda f\u00f6r utomhusreklam. Byggd f\u00f6r att h\u00e5lla, fungerar den bra i alla milj\u00f6er och levererar skarpa bilder med l\u00e5ng h\u00e5llbarhet.<\/p>\n<p><strong>Huvudf\u00f6rdelar:<\/strong><br \/>\n<strong><br \/>\n\u2714 H\u00f6g uppl\u00f6sning:<\/strong> 32x32 pixlars sk\u00e4rm med SMD2727 lysdioder i fullf\u00e4rg.<strong><br \/>\n<\/strong><\/p>\n<p><strong>\u2714 L\u00e5ng livsl\u00e4ngd: <\/strong>\u00d6ver 100 000 timmars anv\u00e4ndning och l\u00e5g felfrekvens.<strong><br \/>\n<\/strong><\/p>\n<p><strong>\u2714<a href=\"https:\/\/www.telaled.com\/sv\/fabrica\/painel-led-economizador-de-energia-serie-toc\/\"> Energieffektivitet<\/a>: <\/strong>Genomsnittlig energif\u00f6rbrukning p\u00e5 480 W\/m2.<strong><br \/>\n<\/strong><\/p>\n<p><strong>\u2714 H\u00e5llbarhet i utomhusmilj\u00f6er: <\/strong>IP65-klassad, fungerar i temperaturer fr\u00e5n -20\u00baC till +60\u00baC.<strong><br \/>\n<\/strong><\/p>\n<p><strong>\u2714 Ljusstark sk\u00e4rm: <\/strong>Ljusstyrka p\u00e5 7000 cd\/m2 f\u00f6r god synlighet i solljus.<\/p>","protected":false},"featured_media":2709,"template":"","meta":[],"product_brand":[],"product_cat":[41],"product_tag":[],"class_list":{"0":"post-2606","1":"product","2":"type-product","3":"status-publish","4":"has-post-thumbnail","6":"product_cat-modulo-painel-de-led","8":"first","9":"instock","10":"shipping-taxable","11":"product-type-simple"},"yoast_head":"<!-- This site is optimized with the Yoast SEO plugin v27.4 - https:\/\/yoast.com\/product\/yoast-seo-wordpress\/ -->\n<title>Modulo Painel de LED P6 Exteriores | Tela Dur\u00e1vel e de Alta Qualidade para Publicidade Externa |TELALED<\/title>\n<meta name=\"description\" content=\"O Modulo Painel de LED P6 Exteriores oferece clareza e durabilidade excepcionais para displays externos. Perfeito para outdoors e sinaliza\u00e7\u00e3o digital, ele oferece imagens brilhantes e de alta qualidade que duram. Melhore a sua publicidade externa hoje mesmo, entre em contato conosco agora!\" \/>\n<meta name=\"robots\" content=\"index, follow, max-snippet:-1, max-image-preview:large, max-video-preview:-1\" \/>\n<link rel=\"canonical\" href=\"https:\/\/www.telaled.com\/sv\/fabrica\/modulo-painel-de-led-p6-exteriores\/\" \/>\n<meta property=\"og:locale\" content=\"sv_SE\" \/>\n<meta property=\"og:type\" content=\"article\" \/>\n<meta property=\"og:title\" content=\"Modulo Painel de LED P6 Exteriores | Tela Dur\u00e1vel e de Alta Qualidade para Publicidade Externa |TELALED\" \/>\n<meta property=\"og:description\" content=\"O Modulo Painel de LED P6 Exteriores oferece clareza e durabilidade excepcionais para displays externos. Perfeito para outdoors e sinaliza\u00e7\u00e3o digital, ele oferece imagens brilhantes e de alta qualidade que duram. Melhore a sua publicidade externa hoje mesmo, entre em contato conosco agora!\" \/>\n<meta property=\"og:url\" content=\"https:\/\/www.telaled.com\/sv\/fabrica\/modulo-painel-de-led-p6-exteriores\/\" \/>\n<meta property=\"og:site_name\" content=\"TELALED\" \/>\n<meta property=\"article:modified_time\" content=\"2026-01-02T10:07:17+00:00\" \/>\n<meta property=\"og:image\" content=\"https:\/\/www.telaled.com\/wp-content\/uploads\/2025\/07\/Modulo-Painel-de-LED-P6-Exteriores-1-1.webp\" \/>\n\t<meta property=\"og:image:width\" content=\"500\" \/>\n\t<meta property=\"og:image:height\" content=\"500\" \/>\n\t<meta property=\"og:image:type\" content=\"image\/webp\" \/>\n<meta name=\"twitter:card\" content=\"summary_large_image\" \/>\n<meta name=\"twitter:label1\" content=\"Est. reading time\" \/>\n\t<meta name=\"twitter:data1\" content=\"2 minuter\" \/>\n<script type=\"application\/ld+json\" class=\"yoast-schema-graph\">{\"@context\":\"https:\\\/\\\/schema.org\",\"@graph\":[{\"@type\":\"WebPage\",\"@id\":\"https:\\\/\\\/www.telaled.com\\\/fabrica\\\/modulo-painel-de-led-p6-exteriores\\\/\",\"url\":\"https:\\\/\\\/www.telaled.com\\\/fabrica\\\/modulo-painel-de-led-p6-exteriores\\\/\",\"name\":\"Modulo Painel de LED P6 Exteriores | Tela Dur\u00e1vel e de Alta Qualidade para Publicidade Externa |TELALED\",\"isPartOf\":{\"@id\":\"https:\\\/\\\/www.telaled.com\\\/#website\"},\"primaryImageOfPage\":{\"@id\":\"https:\\\/\\\/www.telaled.com\\\/fabrica\\\/modulo-painel-de-led-p6-exteriores\\\/#primaryimage\"},\"image\":{\"@id\":\"https:\\\/\\\/www.telaled.com\\\/fabrica\\\/modulo-painel-de-led-p6-exteriores\\\/#primaryimage\"},\"thumbnailUrl\":\"https:\\\/\\\/www.telaled.com\\\/wp-content\\\/uploads\\\/2025\\\/07\\\/Modulo-Painel-de-LED-P6-Exteriores-1-1.webp\",\"datePublished\":\"2025-07-17T08:01:54+00:00\",\"dateModified\":\"2026-01-02T10:07:17+00:00\",\"description\":\"O Modulo Painel de LED P6 Exteriores oferece clareza e durabilidade excepcionais para displays externos. Perfeito para outdoors e sinaliza\u00e7\u00e3o digital, ele oferece imagens brilhantes e de alta qualidade que duram. Melhore a sua publicidade externa hoje mesmo, entre em contato conosco agora!\",\"breadcrumb\":{\"@id\":\"https:\\\/\\\/www.telaled.com\\\/fabrica\\\/modulo-painel-de-led-p6-exteriores\\\/#breadcrumb\"},\"inLanguage\":\"sv-SE\",\"potentialAction\":[{\"@type\":\"ReadAction\",\"target\":[\"https:\\\/\\\/www.telaled.com\\\/fabrica\\\/modulo-painel-de-led-p6-exteriores\\\/\"]}]},{\"@type\":\"ImageObject\",\"inLanguage\":\"sv-SE\",\"@id\":\"https:\\\/\\\/www.telaled.com\\\/fabrica\\\/modulo-painel-de-led-p6-exteriores\\\/#primaryimage\",\"url\":\"https:\\\/\\\/www.telaled.com\\\/wp-content\\\/uploads\\\/2025\\\/07\\\/Modulo-Painel-de-LED-P6-Exteriores-1-1.webp\",\"contentUrl\":\"https:\\\/\\\/www.telaled.com\\\/wp-content\\\/uploads\\\/2025\\\/07\\\/Modulo-Painel-de-LED-P6-Exteriores-1-1.webp\",\"width\":500,\"height\":500,\"caption\":\"Modulo-Painel-de-LED-P6-Exteriores (1)\"},{\"@type\":\"BreadcrumbList\",\"@id\":\"https:\\\/\\\/www.telaled.com\\\/fabrica\\\/modulo-painel-de-led-p6-exteriores\\\/#breadcrumb\",\"itemListElement\":[{\"@type\":\"ListItem\",\"position\":1,\"name\":\"Home\",\"item\":\"https:\\\/\\\/www.telaled.com\\\/\"},{\"@type\":\"ListItem\",\"position\":2,\"name\":\"Produtos\",\"item\":\"https:\\\/\\\/www.telaled.com\\\/shop\\\/\"},{\"@type\":\"ListItem\",\"position\":3,\"name\":\"Modulo Painel de LED P6 Exteriores\"}]},{\"@type\":\"WebSite\",\"@id\":\"https:\\\/\\\/www.telaled.com\\\/#website\",\"url\":\"https:\\\/\\\/www.telaled.com\\\/\",\"name\":\"TELALED\",\"description\":\"\",\"potentialAction\":[{\"@type\":\"SearchAction\",\"target\":{\"@type\":\"EntryPoint\",\"urlTemplate\":\"https:\\\/\\\/www.telaled.com\\\/?s={search_term_string}\"},\"query-input\":{\"@type\":\"PropertyValueSpecification\",\"valueRequired\":true,\"valueName\":\"search_term_string\"}}],\"inLanguage\":\"sv-SE\"}]}<\/script>\n<!-- \/ Yoast SEO plugin. -->","yoast_head_json":{"title":"P6 LED-panelmodul f\u00f6r utomhusbruk | H\u00e5llbar och h\u00f6gkvalitativ sk\u00e4rm f\u00f6r utomhusreklam | TELALED","description":"P6 utomhus-LED-panelmodulen erbjuder exceptionell sk\u00e4rpa och h\u00e5llbarhet f\u00f6r utomhusdisplayer. Perfekt f\u00f6r skyltar och digital skyltning, den levererar ljusa, h\u00f6gkvalitativa bilder som varar. F\u00f6rb\u00e4ttra din utomhusreklam idag, kontakta oss nu!","robots":{"index":"index","follow":"follow","max-snippet":"max-snippet:-1","max-image-preview":"max-image-preview:large","max-video-preview":"max-video-preview:-1"},"canonical":"https:\/\/www.telaled.com\/sv\/fabrica\/modulo-painel-de-led-p6-exteriores\/","og_locale":"sv_SE","og_type":"article","og_title":"Modulo Painel de LED P6 Exteriores | Tela Dur\u00e1vel e de Alta Qualidade para Publicidade Externa |TELALED","og_description":"O Modulo Painel de LED P6 Exteriores oferece clareza e durabilidade excepcionais para displays externos. Perfeito para outdoors e sinaliza\u00e7\u00e3o digital, ele oferece imagens brilhantes e de alta qualidade que duram. Melhore a sua publicidade externa hoje mesmo, entre em contato conosco agora!","og_url":"https:\/\/www.telaled.com\/sv\/fabrica\/modulo-painel-de-led-p6-exteriores\/","og_site_name":"TELALED","article_modified_time":"2026-01-02T10:07:17+00:00","og_image":[{"width":500,"height":500,"url":"https:\/\/www.telaled.com\/wp-content\/uploads\/2025\/07\/Modulo-Painel-de-LED-P6-Exteriores-1-1.webp","type":"image\/webp"}],"twitter_card":"summary_large_image","twitter_misc":{"Est. reading time":"2 minuter"},"schema":{"@context":"https:\/\/schema.org","@graph":[{"@type":"WebPage","@id":"https:\/\/www.telaled.com\/fabrica\/modulo-painel-de-led-p6-exteriores\/","url":"https:\/\/www.telaled.com\/fabrica\/modulo-painel-de-led-p6-exteriores\/","name":"P6 LED-panelmodul f\u00f6r utomhusbruk | H\u00e5llbar och h\u00f6gkvalitativ sk\u00e4rm f\u00f6r utomhusreklam | TELALED","isPartOf":{"@id":"https:\/\/www.telaled.com\/#website"},"primaryImageOfPage":{"@id":"https:\/\/www.telaled.com\/fabrica\/modulo-painel-de-led-p6-exteriores\/#primaryimage"},"image":{"@id":"https:\/\/www.telaled.com\/fabrica\/modulo-painel-de-led-p6-exteriores\/#primaryimage"},"thumbnailUrl":"https:\/\/www.telaled.com\/wp-content\/uploads\/2025\/07\/Modulo-Painel-de-LED-P6-Exteriores-1-1.webp","datePublished":"2025-07-17T08:01:54+00:00","dateModified":"2026-01-02T10:07:17+00:00","description":"P6 utomhus-LED-panelmodulen erbjuder exceptionell sk\u00e4rpa och h\u00e5llbarhet f\u00f6r utomhusdisplayer. Perfekt f\u00f6r skyltar och digital skyltning, den levererar ljusa, h\u00f6gkvalitativa bilder som varar. F\u00f6rb\u00e4ttra din utomhusreklam idag, kontakta oss nu!","breadcrumb":{"@id":"https:\/\/www.telaled.com\/fabrica\/modulo-painel-de-led-p6-exteriores\/#breadcrumb"},"inLanguage":"sv-SE","potentialAction":[{"@type":"ReadAction","target":["https:\/\/www.telaled.com\/fabrica\/modulo-painel-de-led-p6-exteriores\/"]}]},{"@type":"ImageObject","inLanguage":"sv-SE","@id":"https:\/\/www.telaled.com\/fabrica\/modulo-painel-de-led-p6-exteriores\/#primaryimage","url":"https:\/\/www.telaled.com\/wp-content\/uploads\/2025\/07\/Modulo-Painel-de-LED-P6-Exteriores-1-1.webp","contentUrl":"https:\/\/www.telaled.com\/wp-content\/uploads\/2025\/07\/Modulo-Painel-de-LED-P6-Exteriores-1-1.webp","width":500,"height":500,"caption":"Modulo-Painel-de-LED-P6-Exteriores (1)"},{"@type":"BreadcrumbList","@id":"https:\/\/www.telaled.com\/fabrica\/modulo-painel-de-led-p6-exteriores\/#breadcrumb","itemListElement":[{"@type":"ListItem","position":1,"name":"Home","item":"https:\/\/www.telaled.com\/"},{"@type":"ListItem","position":2,"name":"Produtos","item":"https:\/\/www.telaled.com\/shop\/"},{"@type":"ListItem","position":3,"name":"Modulo Painel de LED P6 Exteriores"}]},{"@type":"WebSite","@id":"https:\/\/www.telaled.com\/#website","url":"https:\/\/www.telaled.com\/","name":"LED-sk\u00e4rm","description":"","potentialAction":[{"@type":"SearchAction","target":{"@type":"EntryPoint","urlTemplate":"https:\/\/www.telaled.com\/?s={search_term_string}"},"query-input":{"@type":"PropertyValueSpecification","valueRequired":true,"valueName":"search_term_string"}}],"inLanguage":"sv-SE"}]}},"_links":{"self":[{"href":"https:\/\/www.telaled.com\/sv\/wp-json\/wp\/v2\/product\/2606","targetHints":{"allow":["GET"]}}],"collection":[{"href":"https:\/\/www.telaled.com\/sv\/wp-json\/wp\/v2\/product"}],"about":[{"href":"https:\/\/www.telaled.com\/sv\/wp-json\/wp\/v2\/types\/product"}],"wp:featuredmedia":[{"embeddable":true,"href":"https:\/\/www.telaled.com\/sv\/wp-json\/wp\/v2\/media\/2709"}],"wp:attachment":[{"href":"https:\/\/www.telaled.com\/sv\/wp-json\/wp\/v2\/media?parent=2606"}],"wp:term":[{"taxonomy":"product_brand","embeddable":true,"href":"https:\/\/www.telaled.com\/sv\/wp-json\/wp\/v2\/product_brand?post=2606"},{"taxonomy":"product_cat","embeddable":true,"href":"https:\/\/www.telaled.com\/sv\/wp-json\/wp\/v2\/product_cat?post=2606"},{"taxonomy":"product_tag","embeddable":true,"href":"https:\/\/www.telaled.com\/sv\/wp-json\/wp\/v2\/product_tag?post=2606"}],"curies":[{"name":"wp","href":"https:\/\/api.w.org\/{rel}","templated":true}]}}