{"id":2588,"date":"2025-07-16T09:39:44","date_gmt":"2025-07-16T09:39:44","guid":{"rendered":"https:\/\/www.telaled.com\/?post_type=product&#038;p=2588"},"modified":"2026-01-02T09:32:42","modified_gmt":"2026-01-02T09:32:42","slug":"modulo-painel-de-led-p5-exteriores","status":"publish","type":"product","link":"https:\/\/www.telaled.com\/sv\/fabrica\/modulo-painel-de-led-p5-exteriores\/","title":{"rendered":"P5 Utomhus LED-panelmodul"},"content":{"rendered":"<div id=\"featurebullets_feature_div\" class=\"celwidget\" data-feature-name=\"featurebullets\" data-csa-c-type=\"widget\" data-csa-c-content-id=\"featurebullets\" data-csa-c-slot-id=\"featurebullets_feature_div\" data-csa-c-asin=\"B07DF32D6Q\" data-csa-c-is-in-initial-active-row=\"false\" data-csa-c-id=\"3j0pnl-7cjnp-9t8psx-tspeog\">\n<div id=\"feature-bullets\" class=\"a-section a-spacing-medium a-spacing-top-small\">\n<div data-zone-id=\"0\" data-line-index=\"0\" data-line=\"true\">\n<p><strong>Huvudsakliga till\u00e4mpningar:<\/strong><\/p>\n<ul>\n<li><strong>Extern reklam:<\/strong> Idealisk f\u00f6r utomhusreklam och digital skyltning i omr\u00e5den med h\u00f6g trafik som gator, motorv\u00e4gar och k\u00f6pcentra. St\u00f6der statiskt och dynamiskt inneh\u00e5ll f\u00f6r engagerande annonser.<\/li>\n<li><strong>Utst\u00e4llningar f\u00f6r evenemang:<\/strong> Perfekt f\u00f6r konserter, festivaler, sportevenemang och m\u00e4ssor, med utm\u00e4rkt synlighet och h\u00f6gkvalitativa bilder fr\u00e5n flera vinklar.<\/li>\n<li><strong>Offentliga informationsdisplayer:<\/strong> Anv\u00e4nds p\u00e5 flygplatser, t\u00e5gstationer och k\u00f6pcentra f\u00f6r information i realtid, n\u00f6dlarm och digitala kartor.<\/li>\n<li><strong>Kommersiella och detaljhandelsdisplayer<\/strong>F\u00f6rb\u00e4ttrar butiksupplevelsen genom att visa produktinformation, kampanjer och digitala annonser i detaljhandelsmilj\u00f6er med h\u00f6g trafik.<\/li>\n<\/ul>\n<p><strong>Bepr\u00f6vad teknik:<\/strong><\/p>\n<ul>\n<li>IP65 \u2013 Damm- och fuktbest\u00e4ndig.<\/li>\n<li>16-bitars gradient (281 biljoner f\u00e4rger) \u2013 Fotorealistisk.<\/li>\n<li>CE\/RoHS\/ISO9001-certifiering \u2013 Garanterad industriell kvalitet.<\/li>\n<\/ul>\n<p><img loading=\"lazy\" decoding=\"async\" class=\"alignnone wp-image-2017 size-full\" src=\"https:\/\/www.telaled.com\/wp-content\/uploads\/2023\/06\/quality-led-module-materials-1.webp\" alt=\"kvalitetsledda modulmaterial\" width=\"768\" height=\"555\" srcset=\"https:\/\/www.telaled.com\/wp-content\/uploads\/2023\/06\/quality-led-module-materials-1.webp 768w, https:\/\/www.telaled.com\/wp-content\/uploads\/2023\/06\/quality-led-module-materials-1-300x217.webp 300w, https:\/\/www.telaled.com\/wp-content\/uploads\/2023\/06\/quality-led-module-materials-1-18x12.webp 18w, https:\/\/www.telaled.com\/wp-content\/uploads\/2023\/06\/quality-led-module-materials-1-600x434.webp 600w\" sizes=\"auto, (max-width: 768px) 100vw, 768px\" \/><\/p>\n<\/div>\n<\/div>\n<\/div>\n<div data-feature-name=\"acf-carousel\" data-csa-c-type=\"widget\" data-csa-c-content-id=\"acf-carousel\" data-csa-c-slot-id=\"acf-carousel_feature_div\" data-csa-c-asin=\"B07DF32D6Q\" data-csa-c-is-in-initial-active-row=\"false\" data-csa-c-id=\"oqpgyr-mh4egp-nntzd2-kyiiqq\">\n<table id=\"tablepress-37\" class=\"tablepress tablepress-id-37\">\n<thead>\n<tr class=\"row-1\">\n\t<th colspan=\"4\" class=\"column-1\">Tekniska detaljer<\/th>\n<\/tr>\n<\/thead>\n<tbody class=\"row-striping row-hover\">\n<tr class=\"row-2\">\n\t<td class=\"column-1\">Modellnummer<\/td><td class=\"column-2\">TL \u2013 P5 LED-panelmodul f\u00f6r utomhusbruk<\/td><td class=\"column-3\"><\/td><td class=\"column-4\"><\/td>\n<\/tr>\n<tr class=\"row-3\">\n\t<td class=\"column-1\">Varum\u00e4rke<\/td><td class=\"column-2\">Tillverkare TELALED<\/td><td class=\"column-3\">Sk\u00e4rmplanhet<\/td><td class=\"column-4\">&lt;\u00b11 mm<\/td>\n<\/tr>\n<tr class=\"row-4\">\n\t<td class=\"column-1\">Ursprungsort<\/td><td class=\"column-2\">Guangdong, Kina<\/td><td class=\"column-3\">Medeltid mellan fel (MTBF)<\/td><td class=\"column-4\">&gt;10 000 timmar<\/td>\n<\/tr>\n<tr class=\"row-5\">\n\t<td class=\"column-1\">Avst\u00e5nd mellan pixlar<\/td><td class=\"column-2\">P5<\/td><td class=\"column-3\">Nyttig livsl\u00e4ngd<\/td><td class=\"column-4\">&gt;100 000 timmar<\/td>\n<\/tr>\n<tr class=\"row-6\">\n\t<td class=\"column-1\">Minsta synavst\u00e5nd<\/td><td class=\"column-2\">5m<\/td><td class=\"column-3\">Displayens driftsp\u00e4nning<\/td><td class=\"column-4\">AC46\uff5e54HZ, 220V\u00b115%\/110V\u00b115%<\/td>\n<\/tr>\n<tr class=\"row-7\">\n\t<td class=\"column-1\">LED-konfiguration<\/td><td class=\"column-2\">SMD2727<\/td><td class=\"column-3\">Ljusd\u00e4mpning<\/td><td class=\"column-4\">&lt;3%<\/td>\n<\/tr>\n<tr class=\"row-8\">\n\t<td class=\"column-1\">Moduluppl\u00f6sning<\/td><td class=\"column-2\">64\u00d732 pixlar<\/td><td class=\"column-3\">L\u00e4ckstr\u00f6m<\/td><td class=\"column-4\">&lt;3mA<\/td>\n<\/tr>\n<tr class=\"row-9\">\n\t<td class=\"column-1\">Modulpixlar<\/td><td class=\"column-2\">2048 pixlar<\/td><td class=\"column-3\">5408 pixlar<\/td><td class=\"column-4\">IP65<\/td>\n<\/tr>\n<tr class=\"row-10\">\n\t<td class=\"column-1\">Modulstorlek<\/td><td class=\"column-2\">\tL320 mm * H160 mm * D17<\/td><td class=\"column-3\">Temperatur och luftfuktighet p\u00e5 arbetsplatsen<\/td><td class=\"column-4\">Temperatur: -20\u00b0C till +60\u00b0C \/ Luftfuktighet: 10% till 90% RF<\/td>\n<\/tr>\n<tr class=\"row-11\">\n\t<td class=\"column-1\">Sk\u00e5pstorlek<\/td><td class=\"column-2\">640 mm * 640 mm<\/td><td class=\"column-3\">St\u00f6dda medier<\/td><td class=\"column-4\">Tekniska specifikationer, foton, CAD-modeller, video<\/td>\n<\/tr>\n<tr class=\"row-12\">\n\t<td class=\"column-1\">Pixelkonfiguration<\/td><td class=\"column-2\">SMD3-i-1, fullf\u00e4rg R\/G\/B 1:1:1<\/td><td class=\"column-3\">Fungera<\/td><td class=\"column-4\">SDK<\/td>\n<\/tr>\n<tr class=\"row-13\">\n\t<td class=\"column-1\">Balanserad glans<\/td><td class=\"column-2\">7000 cd\/m\u00b2 (inomhus)<\/td><td class=\"column-3\">Kontrolll\u00e4ge<\/td><td class=\"column-4\">Synkronisering via DVI med styrdator<\/td>\n<\/tr>\n<tr class=\"row-14\">\n\t<td class=\"column-1\">Drivmetod<\/td><td class=\"column-2\">1\/8-skanning<\/td><td class=\"column-3\">Programvara som st\u00f6ds<\/td><td class=\"column-4\">Windows XP\/W7\/Vista<\/td>\n<\/tr>\n<tr class=\"row-15\">\n\t<td class=\"column-1\">Uppdateringsfrekvens<\/td><td class=\"column-2\">\u22651920 Hz<\/td><td class=\"column-3\">Kontrollsystem<\/td><td class=\"column-4\">DVI-kort + fullf\u00e4rgskontroller + optisk fiber (valfritt)<\/td>\n<\/tr>\n<tr class=\"row-16\">\n\t<td class=\"column-1\">\u00c4ndra detekteringsfrekvens<\/td><td class=\"column-2\">50\u201360 Hz<\/td><td class=\"column-3\">Huvudkontrollsystemm\u00e4rke<\/td><td class=\"column-4\">Novastar, Linsn, Huidu, Colorlight<\/td>\n<\/tr>\n<tr class=\"row-17\">\n\t<td class=\"column-1\">Betraktningsvinkel<\/td><td class=\"column-2\">H140\u00b0 V120\u00b0<\/td><td class=\"column-3\">Gr\u00e4nssnitt<\/td><td class=\"column-4\">Standard-Ethernet<\/td>\n<\/tr>\n<tr class=\"row-18\">\n\t<td class=\"column-1\">Inaktiv ljusfrekvens<\/td><td class=\"column-2\">\u22641%<\/td><td class=\"column-3\">S\u00e4ndningsavst\u00e5nd<\/td><td class=\"column-4\">Multimodfiber <500m >\n<\/tr>\n<tr class=\"row-19\">\n\t<td class=\"column-1\">Energisl\u00f6seri<\/td><td class=\"column-2\">700*1000 W\/M\u00b2<\/td><td class=\"column-3\">Garanti<\/td><td class=\"column-4\">5 \u00e5r<\/td>\n<\/tr>\n<tr class=\"row-20\">\n\t<td class=\"column-1\">Genomsnittlig energif\u00f6rbrukning<\/td><td class=\"column-2\">550 W\/M\u00b2<\/td><td class=\"column-3\">Leverant\u00f6rstyp<\/td><td class=\"column-4\">Originaltillverkare\/ODM\/OEM<\/td>\n<\/tr>\n<tr class=\"row-21\">\n\t<td class=\"column-1\">Gr\u00e5niv\u00e5<\/td><td class=\"column-2\">16 bitar (281 biljoner f\u00e4rger) \/ 65 536 nyanser per prim\u00e4rf\u00e4rg<\/td><td class=\"column-3\">Leveranstid<\/td><td class=\"column-4\">25 (eller f\u00f6rhandlingsbart)<\/td>\n<\/tr>\n<tr class=\"row-22\">\n\t<td class=\"column-1\">Sk\u00e4rmf\u00e4rg<\/td><td class=\"column-2\">16 miljoner<\/td><td class=\"column-3\">Ans\u00f6kan<\/td><td class=\"column-4\">Reklam\/Inredning\/Exteri\u00f6r<\/td>\n<\/tr>\n<tr class=\"row-23\">\n\t<td class=\"column-1\">Oavbruten arbetstid<\/td><td class=\"column-2\">\u226572 timmar<\/td><td class=\"column-3\">Anv\u00e4nda<\/td><td class=\"column-4\">Digital annonsering, K\u00f6pcentra, V\u00e4lkomstdisplayer, Utst\u00e4llningshallar, Flygplatser, Kyrkor, Sport, Evenemang, M\u00f6ten, Uthyrning, Scener, Fordon, Detaljhandel, Br\u00f6llop<\/td>\n<\/tr>\n<tr class=\"row-24\">\n\t<td class=\"column-1\">Diskret d\u00f6dvinkelfrekvens<\/td><td class=\"column-2\"><1><td class=\"column-3\">F\u00f6rpackningsdetaljer<\/td><td class=\"column-4\">F\u00f6rst\u00e4rkt kartong + tr\u00e4<\/td>\n<\/tr>\n<tr class=\"row-25\">\n\t<td class=\"column-1\">Kontinuerlig d\u00f6dvinkelfrekvens<\/td><td class=\"column-2\">Ingen<\/td><td class=\"column-3\">Leveranskapacitet<\/td><td class=\"column-4\">5 000 enheter\/m\u00e5nad<\/td>\n<\/tr>\n<tr class=\"row-26\">\n\t<td class=\"column-1\">D\u00f6da vinkeln-frekvens<\/td><td class=\"column-2\"><1><td class=\"column-3\">Hamn<\/td><td class=\"column-4\">Shenzhen<\/td>\n<\/tr>\n<\/tbody>\n<\/table>\n<!-- #tablepress-37 from cache --><\/div>\n<div id=\"provenanceCertifications_feature_div\" class=\"celwidget\" data-feature-name=\"provenanceCertifications\" data-csa-c-type=\"widget\" data-csa-c-content-id=\"provenanceCertifications\" data-csa-c-slot-id=\"provenanceCertifications_feature_div\" data-csa-c-asin=\"B07DF32D6Q\" data-csa-c-is-in-initial-active-row=\"false\" data-csa-c-id=\"6t8ho-xbknmj-nqaso5-ne24gd\">\n<div id=\"provenance-certifications\" class=\"a-section a-spacing-medium a-spacing-top-micro\">\u00a0<\/div>\n<\/div>","protected":false},"excerpt":{"rendered":"<p><strong>P5 utomhus LED-panelmodul: H\u00e5llbar utomhussk\u00e4rm med h\u00f6g uppl\u00f6sning<\/strong><\/p>\n<p>O <strong>P5 Utomhus LED-panelmodul<\/strong> Den erbjuder livfulla bilder med en pixelt\u00e4thet p\u00e5 5 mm, perfekt f\u00f6r utomhusreklam och... <a href=\"https:\/\/www.telaled.com\/sv\/painel-de-led-para-eventos\/\">evenemang<\/a>. Den har en v\u00e4derbest\u00e4ndig design med IP65-skydd, vilket garanterar h\u00e5llbarhet \u00e4ven under tuffa f\u00f6rh\u00e5llanden. <a href=\"https:\/\/www.telaled.com\/sv\/entendendo-o-consumo-de-energia-painel-de-led-quao-eficientes-sao-os-displays-de-led-modernos\/\">energif\u00f6rbrukning<\/a> Modulen \u00e4r enkel att installera och ger tydliga och ljusa bilder \u00e4ven i direkt solljus.<\/p>\n<p><strong>Huvudf\u00f6rdelar:<\/strong><br \/>\n<strong><br \/>\n\u2714 H\u00f6guppl\u00f6st sk\u00e4rm:<\/strong> 5 mm pixelt\u00e4thet, vilket ger tydliga och detaljerade bilder. St\u00f6der HD-, 720P-, 1080P-, 2K- och 4K-videouppspelning f\u00f6r dynamiskt inneh\u00e5ll.<strong><br \/>\n<\/strong><\/p>\n<p><strong>\u2714 Robust v\u00e4derbest\u00e4ndighet: <\/strong>IP65-klassningen garanterar fullst\u00e4ndigt skydd mot damm och vattenstr\u00e5lar, vilket g\u00f6r den idealisk f\u00f6r alla utomhusmilj\u00f6er.<strong><br \/>\n<\/strong><\/p>\n<p><strong>\u2714 <a href=\"https:\/\/www.telaled.com\/sv\/fabrica\/painel-led-economizador-de-energia-serie-toc\/\">Energieffektivitet<\/a>: <\/strong>Genomsnittlig energif\u00f6rbrukning p\u00e5 550 W\/m2, vilket optimerar energianv\u00e4ndningen utan att offra prestanda.<strong><br \/>\n<\/strong><\/p>\n<p><strong>\u2714 Bred betraktningsvinkel:<\/strong> Horisontella och vertikala betraktningsvinklar p\u00e5 120\u00b0 och 140\u00b0, vilket s\u00e4kerst\u00e4ller utm\u00e4rkt sikt fr\u00e5n olika perspektiv i stora utomhusutrymmen.<\/p>","protected":false},"featured_media":2706,"template":"","meta":[],"product_brand":[],"product_cat":[41],"product_tag":[],"class_list":{"0":"post-2588","1":"product","2":"type-product","3":"status-publish","4":"has-post-thumbnail","6":"product_cat-modulo-painel-de-led","8":"first","9":"instock","10":"shipping-taxable","11":"product-type-simple"},"yoast_head":"<!-- This site is optimized with the Yoast SEO plugin v27.4 - https:\/\/yoast.com\/product\/yoast-seo-wordpress\/ -->\n<title>Modulo Painel de LED P5 Exteriores | Tela de Alta Qualidade para Publicidade Externa |TELALED<\/title>\n<meta name=\"description\" content=\"Compre o Modulo Painel de LED P5 Exteriores para ambientes externos P5 para obter telas externas impressionantes e de alta resolu\u00e7\u00e3o. Dur\u00e1vel e eficiente em termos de energia para todas as suas necessidades de publicidade. Fa\u00e7a uma cota\u00e7\u00e3o agora!\" \/>\n<meta name=\"robots\" content=\"index, follow, max-snippet:-1, max-image-preview:large, max-video-preview:-1\" \/>\n<link rel=\"canonical\" href=\"https:\/\/www.telaled.com\/sv\/fabrica\/modulo-painel-de-led-p5-exteriores\/\" \/>\n<meta property=\"og:locale\" content=\"sv_SE\" \/>\n<meta property=\"og:type\" content=\"article\" \/>\n<meta property=\"og:title\" content=\"Modulo Painel de LED P5 Exteriores | Tela de Alta Qualidade para Publicidade Externa |TELALED\" \/>\n<meta property=\"og:description\" content=\"Compre o Modulo Painel de LED P5 Exteriores para ambientes externos P5 para obter telas externas impressionantes e de alta resolu\u00e7\u00e3o. Dur\u00e1vel e eficiente em termos de energia para todas as suas necessidades de publicidade. Fa\u00e7a uma cota\u00e7\u00e3o agora!\" \/>\n<meta property=\"og:url\" content=\"https:\/\/www.telaled.com\/sv\/fabrica\/modulo-painel-de-led-p5-exteriores\/\" \/>\n<meta property=\"og:site_name\" content=\"TELALED\" \/>\n<meta property=\"article:modified_time\" content=\"2026-01-02T09:32:42+00:00\" \/>\n<meta property=\"og:image\" content=\"https:\/\/www.telaled.com\/wp-content\/uploads\/2025\/07\/Modulo-Painel-de-LED-P5-Exteriores-1-1.webp\" \/>\n\t<meta property=\"og:image:width\" content=\"500\" \/>\n\t<meta property=\"og:image:height\" content=\"500\" \/>\n\t<meta property=\"og:image:type\" content=\"image\/webp\" \/>\n<meta name=\"twitter:card\" content=\"summary_large_image\" \/>\n<meta name=\"twitter:label1\" content=\"Est. reading time\" \/>\n\t<meta name=\"twitter:data1\" content=\"2 minuter\" \/>\n<script type=\"application\/ld+json\" class=\"yoast-schema-graph\">{\"@context\":\"https:\\\/\\\/schema.org\",\"@graph\":[{\"@type\":\"WebPage\",\"@id\":\"https:\\\/\\\/www.telaled.com\\\/fabrica\\\/modulo-painel-de-led-p5-exteriores\\\/\",\"url\":\"https:\\\/\\\/www.telaled.com\\\/fabrica\\\/modulo-painel-de-led-p5-exteriores\\\/\",\"name\":\"Modulo Painel de LED P5 Exteriores | Tela de Alta Qualidade para Publicidade Externa |TELALED\",\"isPartOf\":{\"@id\":\"https:\\\/\\\/www.telaled.com\\\/#website\"},\"primaryImageOfPage\":{\"@id\":\"https:\\\/\\\/www.telaled.com\\\/fabrica\\\/modulo-painel-de-led-p5-exteriores\\\/#primaryimage\"},\"image\":{\"@id\":\"https:\\\/\\\/www.telaled.com\\\/fabrica\\\/modulo-painel-de-led-p5-exteriores\\\/#primaryimage\"},\"thumbnailUrl\":\"https:\\\/\\\/www.telaled.com\\\/wp-content\\\/uploads\\\/2025\\\/07\\\/Modulo-Painel-de-LED-P5-Exteriores-1-1.webp\",\"datePublished\":\"2025-07-16T09:39:44+00:00\",\"dateModified\":\"2026-01-02T09:32:42+00:00\",\"description\":\"Compre o Modulo Painel de LED P5 Exteriores para ambientes externos P5 para obter telas externas impressionantes e de alta resolu\u00e7\u00e3o. Dur\u00e1vel e eficiente em termos de energia para todas as suas necessidades de publicidade. Fa\u00e7a uma cota\u00e7\u00e3o agora!\",\"breadcrumb\":{\"@id\":\"https:\\\/\\\/www.telaled.com\\\/fabrica\\\/modulo-painel-de-led-p5-exteriores\\\/#breadcrumb\"},\"inLanguage\":\"sv-SE\",\"potentialAction\":[{\"@type\":\"ReadAction\",\"target\":[\"https:\\\/\\\/www.telaled.com\\\/fabrica\\\/modulo-painel-de-led-p5-exteriores\\\/\"]}]},{\"@type\":\"ImageObject\",\"inLanguage\":\"sv-SE\",\"@id\":\"https:\\\/\\\/www.telaled.com\\\/fabrica\\\/modulo-painel-de-led-p5-exteriores\\\/#primaryimage\",\"url\":\"https:\\\/\\\/www.telaled.com\\\/wp-content\\\/uploads\\\/2025\\\/07\\\/Modulo-Painel-de-LED-P5-Exteriores-1-1.webp\",\"contentUrl\":\"https:\\\/\\\/www.telaled.com\\\/wp-content\\\/uploads\\\/2025\\\/07\\\/Modulo-Painel-de-LED-P5-Exteriores-1-1.webp\",\"width\":500,\"height\":500,\"caption\":\"Modulo-Painel-de-LED-P5-Exteriores (1)\"},{\"@type\":\"BreadcrumbList\",\"@id\":\"https:\\\/\\\/www.telaled.com\\\/fabrica\\\/modulo-painel-de-led-p5-exteriores\\\/#breadcrumb\",\"itemListElement\":[{\"@type\":\"ListItem\",\"position\":1,\"name\":\"Home\",\"item\":\"https:\\\/\\\/www.telaled.com\\\/\"},{\"@type\":\"ListItem\",\"position\":2,\"name\":\"Produtos\",\"item\":\"https:\\\/\\\/www.telaled.com\\\/shop\\\/\"},{\"@type\":\"ListItem\",\"position\":3,\"name\":\"Modulo Painel de LED P5 Exteriores\"}]},{\"@type\":\"WebSite\",\"@id\":\"https:\\\/\\\/www.telaled.com\\\/#website\",\"url\":\"https:\\\/\\\/www.telaled.com\\\/\",\"name\":\"TELALED\",\"description\":\"\",\"potentialAction\":[{\"@type\":\"SearchAction\",\"target\":{\"@type\":\"EntryPoint\",\"urlTemplate\":\"https:\\\/\\\/www.telaled.com\\\/?s={search_term_string}\"},\"query-input\":{\"@type\":\"PropertyValueSpecification\",\"valueRequired\":true,\"valueName\":\"search_term_string\"}}],\"inLanguage\":\"sv-SE\"}]}<\/script>\n<!-- \/ Yoast SEO plugin. -->","yoast_head_json":{"title":"P5 LED-panelmodul f\u00f6r utomhusbruk | H\u00f6gkvalitativ sk\u00e4rm f\u00f6r utomhusreklam | LED-sk\u00e4rm","description":"K\u00f6p P5 utomhus-LED-panelmodulen f\u00f6r fantastiska utomhusdisplayer med h\u00f6g uppl\u00f6sning. H\u00e5llbar och energieffektiv f\u00f6r alla dina reklambehov. Beg\u00e4r en offert nu!","robots":{"index":"index","follow":"follow","max-snippet":"max-snippet:-1","max-image-preview":"max-image-preview:large","max-video-preview":"max-video-preview:-1"},"canonical":"https:\/\/www.telaled.com\/sv\/fabrica\/modulo-painel-de-led-p5-exteriores\/","og_locale":"sv_SE","og_type":"article","og_title":"Modulo Painel de LED P5 Exteriores | Tela de Alta Qualidade para Publicidade Externa |TELALED","og_description":"Compre o Modulo Painel de LED P5 Exteriores para ambientes externos P5 para obter telas externas impressionantes e de alta resolu\u00e7\u00e3o. Dur\u00e1vel e eficiente em termos de energia para todas as suas necessidades de publicidade. Fa\u00e7a uma cota\u00e7\u00e3o agora!","og_url":"https:\/\/www.telaled.com\/sv\/fabrica\/modulo-painel-de-led-p5-exteriores\/","og_site_name":"TELALED","article_modified_time":"2026-01-02T09:32:42+00:00","og_image":[{"width":500,"height":500,"url":"https:\/\/www.telaled.com\/wp-content\/uploads\/2025\/07\/Modulo-Painel-de-LED-P5-Exteriores-1-1.webp","type":"image\/webp"}],"twitter_card":"summary_large_image","twitter_misc":{"Est. reading time":"2 minuter"},"schema":{"@context":"https:\/\/schema.org","@graph":[{"@type":"WebPage","@id":"https:\/\/www.telaled.com\/fabrica\/modulo-painel-de-led-p5-exteriores\/","url":"https:\/\/www.telaled.com\/fabrica\/modulo-painel-de-led-p5-exteriores\/","name":"P5 LED-panelmodul f\u00f6r utomhusbruk | H\u00f6gkvalitativ sk\u00e4rm f\u00f6r utomhusreklam | LED-sk\u00e4rm","isPartOf":{"@id":"https:\/\/www.telaled.com\/#website"},"primaryImageOfPage":{"@id":"https:\/\/www.telaled.com\/fabrica\/modulo-painel-de-led-p5-exteriores\/#primaryimage"},"image":{"@id":"https:\/\/www.telaled.com\/fabrica\/modulo-painel-de-led-p5-exteriores\/#primaryimage"},"thumbnailUrl":"https:\/\/www.telaled.com\/wp-content\/uploads\/2025\/07\/Modulo-Painel-de-LED-P5-Exteriores-1-1.webp","datePublished":"2025-07-16T09:39:44+00:00","dateModified":"2026-01-02T09:32:42+00:00","description":"K\u00f6p P5 utomhus-LED-panelmodulen f\u00f6r fantastiska utomhusdisplayer med h\u00f6g uppl\u00f6sning. H\u00e5llbar och energieffektiv f\u00f6r alla dina reklambehov. Beg\u00e4r en offert nu!","breadcrumb":{"@id":"https:\/\/www.telaled.com\/fabrica\/modulo-painel-de-led-p5-exteriores\/#breadcrumb"},"inLanguage":"sv-SE","potentialAction":[{"@type":"ReadAction","target":["https:\/\/www.telaled.com\/fabrica\/modulo-painel-de-led-p5-exteriores\/"]}]},{"@type":"ImageObject","inLanguage":"sv-SE","@id":"https:\/\/www.telaled.com\/fabrica\/modulo-painel-de-led-p5-exteriores\/#primaryimage","url":"https:\/\/www.telaled.com\/wp-content\/uploads\/2025\/07\/Modulo-Painel-de-LED-P5-Exteriores-1-1.webp","contentUrl":"https:\/\/www.telaled.com\/wp-content\/uploads\/2025\/07\/Modulo-Painel-de-LED-P5-Exteriores-1-1.webp","width":500,"height":500,"caption":"Modulo-Painel-de-LED-P5-Exteriores (1)"},{"@type":"BreadcrumbList","@id":"https:\/\/www.telaled.com\/fabrica\/modulo-painel-de-led-p5-exteriores\/#breadcrumb","itemListElement":[{"@type":"ListItem","position":1,"name":"Home","item":"https:\/\/www.telaled.com\/"},{"@type":"ListItem","position":2,"name":"Produtos","item":"https:\/\/www.telaled.com\/shop\/"},{"@type":"ListItem","position":3,"name":"Modulo Painel de LED P5 Exteriores"}]},{"@type":"WebSite","@id":"https:\/\/www.telaled.com\/#website","url":"https:\/\/www.telaled.com\/","name":"LED-sk\u00e4rm","description":"","potentialAction":[{"@type":"SearchAction","target":{"@type":"EntryPoint","urlTemplate":"https:\/\/www.telaled.com\/?s={search_term_string}"},"query-input":{"@type":"PropertyValueSpecification","valueRequired":true,"valueName":"search_term_string"}}],"inLanguage":"sv-SE"}]}},"_links":{"self":[{"href":"https:\/\/www.telaled.com\/sv\/wp-json\/wp\/v2\/product\/2588","targetHints":{"allow":["GET"]}}],"collection":[{"href":"https:\/\/www.telaled.com\/sv\/wp-json\/wp\/v2\/product"}],"about":[{"href":"https:\/\/www.telaled.com\/sv\/wp-json\/wp\/v2\/types\/product"}],"wp:featuredmedia":[{"embeddable":true,"href":"https:\/\/www.telaled.com\/sv\/wp-json\/wp\/v2\/media\/2706"}],"wp:attachment":[{"href":"https:\/\/www.telaled.com\/sv\/wp-json\/wp\/v2\/media?parent=2588"}],"wp:term":[{"taxonomy":"product_brand","embeddable":true,"href":"https:\/\/www.telaled.com\/sv\/wp-json\/wp\/v2\/product_brand?post=2588"},{"taxonomy":"product_cat","embeddable":true,"href":"https:\/\/www.telaled.com\/sv\/wp-json\/wp\/v2\/product_cat?post=2588"},{"taxonomy":"product_tag","embeddable":true,"href":"https:\/\/www.telaled.com\/sv\/wp-json\/wp\/v2\/product_tag?post=2588"}],"curies":[{"name":"wp","href":"https:\/\/api.w.org\/{rel}","templated":true}]}}