{"id":2542,"date":"2025-07-14T03:51:55","date_gmt":"2025-07-14T03:51:55","guid":{"rendered":"https:\/\/www.telaled.com\/?post_type=product&#038;p=2542"},"modified":"2026-01-02T08:46:54","modified_gmt":"2026-01-02T08:46:54","slug":"modulo-painel-de-led-p4-exteriores","status":"publish","type":"product","link":"https:\/\/www.telaled.com\/sv\/fabrica\/modulo-painel-de-led-p4-exteriores\/","title":{"rendered":"P4 Utomhus LED-panelmodul"},"content":{"rendered":"<div id=\"featurebullets_feature_div\" class=\"celwidget\" data-feature-name=\"featurebullets\" data-csa-c-type=\"widget\" data-csa-c-content-id=\"featurebullets\" data-csa-c-slot-id=\"featurebullets_feature_div\" data-csa-c-asin=\"B07DF32D6Q\" data-csa-c-is-in-initial-active-row=\"false\" data-csa-c-id=\"3j0pnl-7cjnp-9t8psx-tspeog\">\n<div id=\"feature-bullets\" class=\"a-section a-spacing-medium a-spacing-top-small\">\n<div data-zone-id=\"0\" data-line-index=\"0\" data-line=\"true\">\n<p><strong>Huvudsakliga till\u00e4mpningar:<\/strong><\/p>\n<ul>\n<li><strong>Utv\u00e4ndiga paneler:<\/strong> Idealisk f\u00f6r digitala skyltar placerade l\u00e4ngs v\u00e4gar, motorv\u00e4gar och kommersiella omr\u00e5den.<\/li>\n<li><strong><a href=\"https:\/\/www.telaled.com\/sv\/painel-de-led-para-eventos\/\">Sk\u00e4rmar f\u00f6r evenemang<\/a> och scenografi:<\/strong> Anv\u00e4nds ofta p\u00e5 konserter, festivaler och utomhusevenemang som kr\u00e4ver en tydlig sk\u00e4rm i mellanregister.<\/li>\n<li><strong>Transportknutpunkter:<\/strong> Effektiv f\u00f6r informationsvisning i realtid p\u00e5 flygplatser, busstationer och t\u00e5gplattformar.<\/li>\n<li><strong>Butikslokaler och k\u00f6pcentra:<\/strong> Anv\u00e4nds f\u00f6r effektfull reklam p\u00e5 byggnadsfasader och skyltar i butiker.<\/li>\n<\/ul>\n<p><strong>Bepr\u00f6vad teknik:<\/strong><\/p>\n<ul>\n<li>IP40\/IP50 \u2013 Damm- och fuktbest\u00e4ndighet.<\/li>\n<li>16-bitars gradient (281 biljoner f\u00e4rger) \u2013 Fotorealistisk.<\/li>\n<li>CE\/RoHS\/ISO9001-certifiering \u2013 Garanterad industriell kvalitet.<\/li>\n<\/ul>\n<p><img loading=\"lazy\" decoding=\"async\" class=\"alignnone wp-image-2017 size-full\" src=\"https:\/\/www.telaled.com\/wp-content\/uploads\/2023\/06\/quality-led-module-materials-1.webp\" alt=\"kvalitetsledda modulmaterial\" width=\"768\" height=\"555\" srcset=\"https:\/\/www.telaled.com\/wp-content\/uploads\/2023\/06\/quality-led-module-materials-1.webp 768w, https:\/\/www.telaled.com\/wp-content\/uploads\/2023\/06\/quality-led-module-materials-1-300x217.webp 300w, https:\/\/www.telaled.com\/wp-content\/uploads\/2023\/06\/quality-led-module-materials-1-18x12.webp 18w, https:\/\/www.telaled.com\/wp-content\/uploads\/2023\/06\/quality-led-module-materials-1-600x434.webp 600w\" sizes=\"auto, (max-width: 768px) 100vw, 768px\" \/><\/p>\n<\/div>\n<\/div>\n<\/div>\n<div data-feature-name=\"acf-carousel\" data-csa-c-type=\"widget\" data-csa-c-content-id=\"acf-carousel\" data-csa-c-slot-id=\"acf-carousel_feature_div\" data-csa-c-asin=\"B07DF32D6Q\" data-csa-c-is-in-initial-active-row=\"false\" data-csa-c-id=\"oqpgyr-mh4egp-nntzd2-kyiiqq\">\n<table id=\"tablepress-31\" class=\"tablepress tablepress-id-31\">\n<thead>\n<tr class=\"row-1\">\n\t<th class=\"column-1\">Specifikationer:<\/th><th class=\"column-2\">TCF-P2.5-S840<\/th>\n<\/tr>\n<\/thead>\n<tbody class=\"row-striping row-hover\">\n<tr class=\"row-2\">\n\t<td class=\"column-1\">Pixelkomposition:<\/td><td class=\"column-2\">2121 (3 i 1)<\/td>\n<\/tr>\n<tr class=\"row-3\">\n\t<td class=\"column-1\">Visningst\u00e4thet: (po\u00e4ng)<\/td><td class=\"column-2\">160000\u33a1<\/td>\n<\/tr>\n<tr class=\"row-4\">\n\t<td class=\"column-1\">Idealt betraktningsavst\u00e5nd: (m)<\/td><td class=\"column-2\">2,5\u2013100 m<\/td>\n<\/tr>\n<tr class=\"row-5\">\n\t<td class=\"column-1\">Maximal energif\u00f6rbrukning:<\/td><td class=\"column-2\">800w\/\u33a1<\/td>\n<\/tr>\n<tr class=\"row-6\">\n\t<td class=\"column-1\">Skanningsl\u00e4ge:<\/td><td class=\"column-2\">32 skanningar<\/td>\n<\/tr>\n<tr class=\"row-7\">\n\t<td class=\"column-1\">Ljusstyrka: (CD\/\u33a1)<\/td><td class=\"column-2\">1200<\/td>\n<\/tr>\n<tr class=\"row-8\">\n\t<td class=\"column-1\">Betraktningsvinkel: (m)<\/td><td class=\"column-2\">H 120\u00b0 V 120\u00b0 (50 mm omslutande ram) \/ H 360\u00b0 V 360\u00b0 (kantfri)<\/td>\n<\/tr>\n<tr class=\"row-9\">\n\t<td class=\"column-1\">Driftsp\u00e4nning:<\/td><td class=\"column-2\">AC 220V\/100V\u00b115% 47~64Hz<\/td>\n<\/tr>\n<tr class=\"row-10\">\n\t<td class=\"column-1\">Matningssp\u00e4nning:<\/td><td class=\"column-2\">5V<\/td>\n<\/tr>\n<tr class=\"row-11\">\n\t<td class=\"column-1\">Systemets driftsomgivningstemperatur:<\/td><td class=\"column-2\">-20~60\u00b0C<\/td>\n<\/tr>\n<tr class=\"row-12\">\n\t<td class=\"column-1\">Systemet fungerar i en m\u00e5ttlig milj\u00f6:<\/td><td class=\"column-2\">10%~90% UR<\/td>\n<\/tr>\n<tr class=\"row-13\">\n\t<td class=\"column-1\">Sk\u00e4rmf\u00e4rg:<\/td><td class=\"column-2\">16,7 miljoner<\/td>\n<\/tr>\n<tr class=\"row-14\">\n\t<td class=\"column-1\">Gr\u00e5skaleniv\u00e5:<\/td><td class=\"column-2\">16384<\/td>\n<\/tr>\n<tr class=\"row-15\">\n\t<td class=\"column-1\">Kommunikationsmetod:<\/td><td class=\"column-2\">Synkronisering \/ Desynkronisering<\/td>\n<\/tr>\n<\/tbody>\n<\/table>\n<!-- #tablepress-31 from cache --><\/div>\n<div id=\"provenanceCertifications_feature_div\" class=\"celwidget\" data-feature-name=\"provenanceCertifications\" data-csa-c-type=\"widget\" data-csa-c-content-id=\"provenanceCertifications\" data-csa-c-slot-id=\"provenanceCertifications_feature_div\" data-csa-c-asin=\"B07DF32D6Q\" data-csa-c-is-in-initial-active-row=\"false\" data-csa-c-id=\"6t8ho-xbknmj-nqaso5-ne24gd\">\n<div id=\"provenance-certifications\" class=\"a-section a-spacing-medium a-spacing-top-micro\">\u00a0<\/div>\n<\/div>","protected":false},"excerpt":{"rendered":"<p><strong>P4 LED-panelmodul f\u00f6r utomhusbruk \u2013 P\u00e5litlig sk\u00e4rm med 4 mm pixelavst\u00e5nd f\u00f6r tydlig utomhusvisning<\/strong><\/p>\n<p>O <strong>P4 Utomhus LED-panelmodul<\/strong> Den \u00e4r designad f\u00f6r utomhusvisning p\u00e5 medell\u00e5ng till kort avst\u00e5nd. Med en pixelstorlek p\u00e5 4 mm erbjuder den skarp uppl\u00f6sning och j\u00e4mna bilder \u00e4ven i starkt dagsljus. Denna modul hittar en balans mellan bildsk\u00e4rpa och kostnadseffektivitet.<\/p>\n<p><strong>Huvudf\u00f6rdelar:<\/strong><br \/>\n<strong><br \/>\n\u2714 Sk\u00e4rm synlig i dagsljus:<\/strong> H\u00f6g ljusstyrka (7000 cd\/\u33a1) f\u00f6r tydliga bilder \u00e4ven i solljus.<strong><br \/>\n<\/strong><\/p>\n<p><strong>\u2714 Flexibel storlek:<\/strong> Den modul\u00e4ra designen m\u00f6jligg\u00f6r anpassade sk\u00e4rmstorlekar med s\u00f6ml\u00f6sa fogar.<strong><br \/>\n<\/strong><\/p>\n<p><strong>\u2714 V\u00e4derbest\u00e4ndig:<\/strong> IP65-klassning f\u00f6r p\u00e5litlig prestanda i regn, damm och fuktighet.<strong><br \/>\n<\/strong><\/p>\n<p><strong>\u2714 Effektiv och skonsam: <\/strong>L\u00e5g <a href=\"https:\/\/www.telaled.com\/sv\/entendendo-o-consumo-de-energia-painel-de-led-quao-eficientes-sao-os-displays-de-led-modernos\/\">energif\u00f6rbrukning<\/a> med stabila uppdateringsfrekvenser f\u00f6r flimmerfri uppspelning.<\/p>","protected":false},"featured_media":2700,"template":"","meta":[],"product_brand":[],"product_cat":[41],"product_tag":[],"class_list":{"0":"post-2542","1":"product","2":"type-product","3":"status-publish","4":"has-post-thumbnail","6":"product_cat-modulo-painel-de-led","8":"first","9":"instock","10":"shipping-taxable","11":"product-type-simple"},"yoast_head":"<!-- This site is optimized with the Yoast SEO plugin v27.4 - https:\/\/yoast.com\/product\/yoast-seo-wordpress\/ -->\n<title>Modulo Painel de LED P4 Exteriores | Tela de Ata Resolu\u00e7\u00e3o para Publicidade Externa |TELALED<\/title>\n<meta name=\"description\" content=\"Atualize sua sinaliza\u00e7\u00e3o externa com nosso Modulo Painel de LED P4 Exteriores. Com uma densidade de pixels de 4 mm, ele oferece imagens n\u00edtidas mesmo \u00e0 luz do dia. Criado para durabilidade e desempenho de longo prazo. Fa\u00e7a uma cota\u00e7\u00e3o agora!\" \/>\n<meta name=\"robots\" content=\"index, follow, max-snippet:-1, max-image-preview:large, max-video-preview:-1\" \/>\n<link rel=\"canonical\" href=\"https:\/\/www.telaled.com\/sv\/fabrica\/modulo-painel-de-led-p4-exteriores\/\" \/>\n<meta property=\"og:locale\" content=\"sv_SE\" \/>\n<meta property=\"og:type\" content=\"article\" \/>\n<meta property=\"og:title\" content=\"Modulo Painel de LED P4 Exteriores | Tela de Ata Resolu\u00e7\u00e3o para Publicidade Externa |TELALED\" \/>\n<meta property=\"og:description\" content=\"Atualize sua sinaliza\u00e7\u00e3o externa com nosso Modulo Painel de LED P4 Exteriores. Com uma densidade de pixels de 4 mm, ele oferece imagens n\u00edtidas mesmo \u00e0 luz do dia. Criado para durabilidade e desempenho de longo prazo. Fa\u00e7a uma cota\u00e7\u00e3o agora!\" \/>\n<meta property=\"og:url\" content=\"https:\/\/www.telaled.com\/sv\/fabrica\/modulo-painel-de-led-p4-exteriores\/\" \/>\n<meta property=\"og:site_name\" content=\"TELALED\" \/>\n<meta property=\"article:modified_time\" content=\"2026-01-02T08:46:54+00:00\" \/>\n<meta property=\"og:image\" content=\"https:\/\/www.telaled.com\/wp-content\/uploads\/2025\/07\/modulo-painel-de-led-p4-exteriores-1-1.webp\" \/>\n\t<meta property=\"og:image:width\" content=\"500\" \/>\n\t<meta property=\"og:image:height\" content=\"500\" \/>\n\t<meta property=\"og:image:type\" content=\"image\/webp\" \/>\n<meta name=\"twitter:card\" content=\"summary_large_image\" \/>\n<meta name=\"twitter:label1\" content=\"Est. reading time\" \/>\n\t<meta name=\"twitter:data1\" content=\"2 minuter\" \/>\n<script type=\"application\/ld+json\" class=\"yoast-schema-graph\">{\"@context\":\"https:\\\/\\\/schema.org\",\"@graph\":[{\"@type\":\"WebPage\",\"@id\":\"https:\\\/\\\/www.telaled.com\\\/fabrica\\\/modulo-painel-de-led-p4-exteriores\\\/\",\"url\":\"https:\\\/\\\/www.telaled.com\\\/fabrica\\\/modulo-painel-de-led-p4-exteriores\\\/\",\"name\":\"Modulo Painel de LED P4 Exteriores | Tela de Ata Resolu\u00e7\u00e3o para Publicidade Externa |TELALED\",\"isPartOf\":{\"@id\":\"https:\\\/\\\/www.telaled.com\\\/#website\"},\"primaryImageOfPage\":{\"@id\":\"https:\\\/\\\/www.telaled.com\\\/fabrica\\\/modulo-painel-de-led-p4-exteriores\\\/#primaryimage\"},\"image\":{\"@id\":\"https:\\\/\\\/www.telaled.com\\\/fabrica\\\/modulo-painel-de-led-p4-exteriores\\\/#primaryimage\"},\"thumbnailUrl\":\"https:\\\/\\\/www.telaled.com\\\/wp-content\\\/uploads\\\/2025\\\/07\\\/modulo-painel-de-led-p4-exteriores-1-1.webp\",\"datePublished\":\"2025-07-14T03:51:55+00:00\",\"dateModified\":\"2026-01-02T08:46:54+00:00\",\"description\":\"Atualize sua sinaliza\u00e7\u00e3o externa com nosso Modulo Painel de LED P4 Exteriores. Com uma densidade de pixels de 4 mm, ele oferece imagens n\u00edtidas mesmo \u00e0 luz do dia. Criado para durabilidade e desempenho de longo prazo. Fa\u00e7a uma cota\u00e7\u00e3o agora!\",\"breadcrumb\":{\"@id\":\"https:\\\/\\\/www.telaled.com\\\/fabrica\\\/modulo-painel-de-led-p4-exteriores\\\/#breadcrumb\"},\"inLanguage\":\"sv-SE\",\"potentialAction\":[{\"@type\":\"ReadAction\",\"target\":[\"https:\\\/\\\/www.telaled.com\\\/fabrica\\\/modulo-painel-de-led-p4-exteriores\\\/\"]}]},{\"@type\":\"ImageObject\",\"inLanguage\":\"sv-SE\",\"@id\":\"https:\\\/\\\/www.telaled.com\\\/fabrica\\\/modulo-painel-de-led-p4-exteriores\\\/#primaryimage\",\"url\":\"https:\\\/\\\/www.telaled.com\\\/wp-content\\\/uploads\\\/2025\\\/07\\\/modulo-painel-de-led-p4-exteriores-1-1.webp\",\"contentUrl\":\"https:\\\/\\\/www.telaled.com\\\/wp-content\\\/uploads\\\/2025\\\/07\\\/modulo-painel-de-led-p4-exteriores-1-1.webp\",\"width\":500,\"height\":500,\"caption\":\"modulo-painel-de-led-p4-exteriores (1)\"},{\"@type\":\"BreadcrumbList\",\"@id\":\"https:\\\/\\\/www.telaled.com\\\/fabrica\\\/modulo-painel-de-led-p4-exteriores\\\/#breadcrumb\",\"itemListElement\":[{\"@type\":\"ListItem\",\"position\":1,\"name\":\"Home\",\"item\":\"https:\\\/\\\/www.telaled.com\\\/\"},{\"@type\":\"ListItem\",\"position\":2,\"name\":\"Produtos\",\"item\":\"https:\\\/\\\/www.telaled.com\\\/shop\\\/\"},{\"@type\":\"ListItem\",\"position\":3,\"name\":\"Modulo Painel de LED P4 Exteriores\"}]},{\"@type\":\"WebSite\",\"@id\":\"https:\\\/\\\/www.telaled.com\\\/#website\",\"url\":\"https:\\\/\\\/www.telaled.com\\\/\",\"name\":\"TELALED\",\"description\":\"\",\"potentialAction\":[{\"@type\":\"SearchAction\",\"target\":{\"@type\":\"EntryPoint\",\"urlTemplate\":\"https:\\\/\\\/www.telaled.com\\\/?s={search_term_string}\"},\"query-input\":{\"@type\":\"PropertyValueSpecification\",\"valueRequired\":true,\"valueName\":\"search_term_string\"}}],\"inLanguage\":\"sv-SE\"}]}<\/script>\n<!-- \/ Yoast SEO plugin. -->","yoast_head_json":{"title":"P4 LED-panelmodul f\u00f6r utomhusbruk | H\u00f6guppl\u00f6st sk\u00e4rm f\u00f6r utomhusreklam | LED-sk\u00e4rm","description":"Uppgradera din utomhusskyltning med v\u00e5r P4 LED-panelmodul f\u00f6r utomhusbruk. Med en pixelt\u00e4thet p\u00e5 4 mm ger den skarpa bilder \u00e4ven i dagsljus. Byggd f\u00f6r h\u00e5llbarhet och l\u00e5ngsiktig prestanda. Beg\u00e4r en offert nu!","robots":{"index":"index","follow":"follow","max-snippet":"max-snippet:-1","max-image-preview":"max-image-preview:large","max-video-preview":"max-video-preview:-1"},"canonical":"https:\/\/www.telaled.com\/sv\/fabrica\/modulo-painel-de-led-p4-exteriores\/","og_locale":"sv_SE","og_type":"article","og_title":"Modulo Painel de LED P4 Exteriores | Tela de Ata Resolu\u00e7\u00e3o para Publicidade Externa |TELALED","og_description":"Atualize sua sinaliza\u00e7\u00e3o externa com nosso Modulo Painel de LED P4 Exteriores. Com uma densidade de pixels de 4 mm, ele oferece imagens n\u00edtidas mesmo \u00e0 luz do dia. Criado para durabilidade e desempenho de longo prazo. Fa\u00e7a uma cota\u00e7\u00e3o agora!","og_url":"https:\/\/www.telaled.com\/sv\/fabrica\/modulo-painel-de-led-p4-exteriores\/","og_site_name":"TELALED","article_modified_time":"2026-01-02T08:46:54+00:00","og_image":[{"width":500,"height":500,"url":"https:\/\/www.telaled.com\/wp-content\/uploads\/2025\/07\/modulo-painel-de-led-p4-exteriores-1-1.webp","type":"image\/webp"}],"twitter_card":"summary_large_image","twitter_misc":{"Est. reading time":"2 minuter"},"schema":{"@context":"https:\/\/schema.org","@graph":[{"@type":"WebPage","@id":"https:\/\/www.telaled.com\/fabrica\/modulo-painel-de-led-p4-exteriores\/","url":"https:\/\/www.telaled.com\/fabrica\/modulo-painel-de-led-p4-exteriores\/","name":"P4 LED-panelmodul f\u00f6r utomhusbruk | H\u00f6guppl\u00f6st sk\u00e4rm f\u00f6r utomhusreklam | LED-sk\u00e4rm","isPartOf":{"@id":"https:\/\/www.telaled.com\/#website"},"primaryImageOfPage":{"@id":"https:\/\/www.telaled.com\/fabrica\/modulo-painel-de-led-p4-exteriores\/#primaryimage"},"image":{"@id":"https:\/\/www.telaled.com\/fabrica\/modulo-painel-de-led-p4-exteriores\/#primaryimage"},"thumbnailUrl":"https:\/\/www.telaled.com\/wp-content\/uploads\/2025\/07\/modulo-painel-de-led-p4-exteriores-1-1.webp","datePublished":"2025-07-14T03:51:55+00:00","dateModified":"2026-01-02T08:46:54+00:00","description":"Uppgradera din utomhusskyltning med v\u00e5r P4 LED-panelmodul f\u00f6r utomhusbruk. Med en pixelt\u00e4thet p\u00e5 4 mm ger den skarpa bilder \u00e4ven i dagsljus. Byggd f\u00f6r h\u00e5llbarhet och l\u00e5ngsiktig prestanda. Beg\u00e4r en offert nu!","breadcrumb":{"@id":"https:\/\/www.telaled.com\/fabrica\/modulo-painel-de-led-p4-exteriores\/#breadcrumb"},"inLanguage":"sv-SE","potentialAction":[{"@type":"ReadAction","target":["https:\/\/www.telaled.com\/fabrica\/modulo-painel-de-led-p4-exteriores\/"]}]},{"@type":"ImageObject","inLanguage":"sv-SE","@id":"https:\/\/www.telaled.com\/fabrica\/modulo-painel-de-led-p4-exteriores\/#primaryimage","url":"https:\/\/www.telaled.com\/wp-content\/uploads\/2025\/07\/modulo-painel-de-led-p4-exteriores-1-1.webp","contentUrl":"https:\/\/www.telaled.com\/wp-content\/uploads\/2025\/07\/modulo-painel-de-led-p4-exteriores-1-1.webp","width":500,"height":500,"caption":"modulo-painel-de-led-p4-exteriores (1)"},{"@type":"BreadcrumbList","@id":"https:\/\/www.telaled.com\/fabrica\/modulo-painel-de-led-p4-exteriores\/#breadcrumb","itemListElement":[{"@type":"ListItem","position":1,"name":"Home","item":"https:\/\/www.telaled.com\/"},{"@type":"ListItem","position":2,"name":"Produtos","item":"https:\/\/www.telaled.com\/shop\/"},{"@type":"ListItem","position":3,"name":"Modulo Painel de LED P4 Exteriores"}]},{"@type":"WebSite","@id":"https:\/\/www.telaled.com\/#website","url":"https:\/\/www.telaled.com\/","name":"LED-sk\u00e4rm","description":"","potentialAction":[{"@type":"SearchAction","target":{"@type":"EntryPoint","urlTemplate":"https:\/\/www.telaled.com\/?s={search_term_string}"},"query-input":{"@type":"PropertyValueSpecification","valueRequired":true,"valueName":"search_term_string"}}],"inLanguage":"sv-SE"}]}},"_links":{"self":[{"href":"https:\/\/www.telaled.com\/sv\/wp-json\/wp\/v2\/product\/2542","targetHints":{"allow":["GET"]}}],"collection":[{"href":"https:\/\/www.telaled.com\/sv\/wp-json\/wp\/v2\/product"}],"about":[{"href":"https:\/\/www.telaled.com\/sv\/wp-json\/wp\/v2\/types\/product"}],"wp:featuredmedia":[{"embeddable":true,"href":"https:\/\/www.telaled.com\/sv\/wp-json\/wp\/v2\/media\/2700"}],"wp:attachment":[{"href":"https:\/\/www.telaled.com\/sv\/wp-json\/wp\/v2\/media?parent=2542"}],"wp:term":[{"taxonomy":"product_brand","embeddable":true,"href":"https:\/\/www.telaled.com\/sv\/wp-json\/wp\/v2\/product_brand?post=2542"},{"taxonomy":"product_cat","embeddable":true,"href":"https:\/\/www.telaled.com\/sv\/wp-json\/wp\/v2\/product_cat?post=2542"},{"taxonomy":"product_tag","embeddable":true,"href":"https:\/\/www.telaled.com\/sv\/wp-json\/wp\/v2\/product_tag?post=2542"}],"curies":[{"name":"wp","href":"https:\/\/api.w.org\/{rel}","templated":true}]}}