{"id":2190,"date":"2025-06-24T10:01:48","date_gmt":"2025-06-24T10:01:48","guid":{"rendered":"https:\/\/www.telaled.com\/?post_type=product&#038;p=2190"},"modified":"2026-01-03T08:20:31","modified_gmt":"2026-01-03T08:20:31","slug":"aluguel-de-painel-de-led-da-serie-tro","status":"publish","type":"product","link":"https:\/\/www.telaled.com\/sv\/fabrica\/aluguel-de-painel-de-led-da-serie-tro\/","title":{"rendered":"LED-panel f\u00f6r TRO-seriens uthyrning"},"content":{"rendered":"<div class=\"row\"  id=\"row-362178703\">\n\n\t<div id=\"col-1865676340\" class=\"col small-12 large-12\"  >\n\t\t\t\t<div class=\"col-inner\"  >\n\t\t\t\n\t\t\t\n<h2>Exklusiva f\u00f6rdelar med TRO-seriens LED-panel att hyra<\/h2>\n<h3><strong>\u00d6verl\u00e4gsen h\u00e5llbarhet<\/strong><\/h3>\n<ul>\n<li>Aluminiumlegeringsstruktur med rept\u00e5lig anodiserad bel\u00e4ggning, motst\u00e5ndskraftig mot flera installations-\/demonteringscykler.<\/li>\n<li>Moduler med andra generationens kretskort: f\u00f6rst\u00e4rkt l\u00f6dning som inte lossnar ens vid st\u00f6tar.<\/li>\n<\/ul>\n<h3><strong>Operativ effektivitet<\/strong><\/h3>\n<ul>\n<li>Ultrasnabb montering p\u00e5 10 minuter tack vare magnetiskt l\u00e5ssystem och flygplansklassade anslutningar.<\/li>\n<li>Det modul\u00e4ra &quot;hot-swap&quot;-n\u00e4taggregatet m\u00f6jligg\u00f6r byte utan att systemet beh\u00f6ver st\u00e4ngas av.<\/li>\n<\/ul>\n<h3><strong>Exceptionell visuell kvalitet<\/strong><\/h3>\n<ul>\n<li>Svarta lysdioder med h\u00f6g renhet (5000:1 kontrast) med blixtkorrigering f\u00f6r mer livfulla 18%-f\u00e4rger.<\/li>\n<li>140\u00b0 betraktningsvinkel utan f\u00e4rgf\u00f6rvr\u00e4ngning, perfekt f\u00f6r evenemang med stor publik.<\/li>\n<\/ul>\n<h3><strong>Fullst\u00e4ndig anpassningsf\u00f6rm\u00e5ga<\/strong><\/h3>\n<ul>\n<li>IP65-skydd mot regn\/damm f\u00f6r inomhus- och utomhusbruk (-20\u00b0C till 50\u00b0C)<\/li>\n<li>Flexibla konfigurationer: upph\u00e4ngda, staplade eller b\u00f6jda (justeringar fr\u00e5n -10\u00b0 till +15\u00b0)<\/li>\n<\/ul>\n<h3><strong>Lokaliserad support<\/strong><\/h3>\n<ul>\n<li>Brasilianska tekniker tillg\u00e4ngliga dygnet runt + reservdelar i lokalt lager.<\/li>\n<li>F\u00f6rl\u00e4ngd 3-\u00e5rsgaranti med t\u00e4ckning f\u00f6r br\u00e5dskande reparationer inom 48 timmar.<\/li>\n<\/ul>\n<h2>Produktinformation<\/h2>\n<div class=\"row\"  id=\"row-552524767\">\n\n\t<div id=\"col-148995819\" class=\"col medium-10 small-12 large-10\"  >\n\t\t\t\t<div class=\"col-inner text-left\"  >\n\t\t\t\n\t\t\t\n<ul>\n<li>Funktionsdiagram \u00f6ver LED-displaysk\u00e5pet som hyrs ut.<\/li>\n<\/ul>\n\t<div class=\"img has-hover x md-x lg-x y md-y lg-y\" id=\"image_194521925\">\n\t\t\t\t\t\t\t\t<div class=\"img-inner dark\" >\n\t\t\t<img loading=\"lazy\" decoding=\"async\" width=\"746\" height=\"1024\" src=\"https:\/\/www.telaled.com\/wp-content\/uploads\/2025\/06\/Diagrama-esquematico-746x1024.webp\" class=\"attachment-large size-large\" alt=\"Schematiskt diagram\" srcset=\"https:\/\/www.telaled.com\/wp-content\/uploads\/2025\/06\/Diagrama-esquematico-746x1024.webp 746w, https:\/\/www.telaled.com\/wp-content\/uploads\/2025\/06\/Diagrama-esquematico-219x300.webp 219w, https:\/\/www.telaled.com\/wp-content\/uploads\/2025\/06\/Diagrama-esquematico-768x1054.webp 768w, https:\/\/www.telaled.com\/wp-content\/uploads\/2025\/06\/Diagrama-esquematico-9x12.webp 9w, https:\/\/www.telaled.com\/wp-content\/uploads\/2025\/06\/Diagrama-esquematico-600x823.webp 600w, https:\/\/www.telaled.com\/wp-content\/uploads\/2025\/06\/Diagrama-esquematico.webp 795w\" sizes=\"auto, (max-width: 746px) 100vw, 746px\" \/>\t\t\t\t\t\t\n\t\t\t\t\t<\/div>\n\t\t\t\t\t\t\t\t\n<style>\n#image_194521925 {\n  width: 80%;\n}\n<\/style>\n\t<\/div>\n\t\n\t\t<\/div>\n\t\t\t\t\t<\/div>\n\n\t\n\n\t<div id=\"col-1252059915\" class=\"col medium-10 small-12 large-10\"  >\n\t\t\t\t<div class=\"col-inner text-left\"  >\n\t\t\t\n\t\t\t\n<ul>\n<li>Detaljerna \u00e5terspeglar kvaliteten. Fr\u00e5n designen till materialen \u00e4r det det b\u00e4sta valet f\u00f6r fotografering p\u00e5 plats.<\/li>\n<\/ul>\n\t<div class=\"img has-hover x md-x lg-x y md-y lg-y\" id=\"image_536867975\">\n\t\t\t\t\t\t\t\t<div class=\"img-inner dark\" >\n\t\t\t<img loading=\"lazy\" decoding=\"async\" width=\"651\" height=\"1024\" src=\"https:\/\/www.telaled.com\/wp-content\/uploads\/2025\/06\/detalhe_1-651x1024.webp\" class=\"attachment-large size-large\" alt=\"detalj\" srcset=\"https:\/\/www.telaled.com\/wp-content\/uploads\/2025\/06\/detalhe_1-651x1024.webp 651w, https:\/\/www.telaled.com\/wp-content\/uploads\/2025\/06\/detalhe_1-191x300.webp 191w, https:\/\/www.telaled.com\/wp-content\/uploads\/2025\/06\/detalhe_1-768x1209.webp 768w, https:\/\/www.telaled.com\/wp-content\/uploads\/2025\/06\/detalhe_1-8x12.webp 8w, https:\/\/www.telaled.com\/wp-content\/uploads\/2025\/06\/detalhe_1-600x944.webp 600w, https:\/\/www.telaled.com\/wp-content\/uploads\/2025\/06\/detalhe_1.webp 800w\" sizes=\"auto, (max-width: 651px) 100vw, 651px\" \/>\t\t\t\t\t\t\n\t\t\t\t\t<\/div>\n\t\t\t\t\t\t\t\t\n<style>\n#image_536867975 {\n  width: 81%;\n}\n<\/style>\n\t<\/div>\n\t\n\t\t<\/div>\n\t\t\t\t\t<\/div>\n\n\t\n\n\t<div id=\"col-824098792\" class=\"col medium-10 small-12 large-10\"  >\n\t\t\t\t<div class=\"col-inner text-left\"  >\n\t\t\t\n\t\t\t\n<ul>\n<li>Genom att justera kr\u00f6kningen p\u00e5 anslutningen mellan l\u00e5dorna \u00e4r det m\u00f6jligt att uppn\u00e5 anpassning av olika format.<\/li>\n<\/ul>\n\t<div class=\"img has-hover x md-x lg-x y md-y lg-y\" id=\"image_2042924694\">\n\t\t\t\t\t\t\t\t<div class=\"img-inner dark\" >\n\t\t\t<img loading=\"lazy\" decoding=\"async\" width=\"800\" height=\"673\" src=\"https:\/\/www.telaled.com\/wp-content\/uploads\/2025\/06\/Varios-cenarios-de-aplicacao-2.webp\" class=\"attachment-large size-large\" alt=\"Olika applikationsscenarier\" srcset=\"https:\/\/www.telaled.com\/wp-content\/uploads\/2025\/06\/Varios-cenarios-de-aplicacao-2.webp 800w, https:\/\/www.telaled.com\/wp-content\/uploads\/2025\/06\/Varios-cenarios-de-aplicacao-2-300x252.webp 300w, https:\/\/www.telaled.com\/wp-content\/uploads\/2025\/06\/Varios-cenarios-de-aplicacao-2-768x646.webp 768w, https:\/\/www.telaled.com\/wp-content\/uploads\/2025\/06\/Varios-cenarios-de-aplicacao-2-14x12.webp 14w, https:\/\/www.telaled.com\/wp-content\/uploads\/2025\/06\/Varios-cenarios-de-aplicacao-2-600x505.webp 600w\" sizes=\"auto, (max-width: 800px) 100vw, 800px\" \/>\t\t\t\t\t\t\n\t\t\t\t\t<\/div>\n\t\t\t\t\t\t\t\t\n<style>\n#image_2042924694 {\n  width: 85%;\n}\n<\/style>\n\t<\/div>\n\t\n\t\t<\/div>\n\t\t\t\t\t<\/div>\n\n\t\n\n\t<div id=\"col-728336130\" class=\"col medium-10 small-12 large-10\"  >\n\t\t\t\t<div class=\"col-inner text-left\"  >\n\t\t\t\n\t\t\t\n<ul>\n<li>Olika LED-displayprodukter kommer att f\u00f6rpackas p\u00e5 olika s\u00e4tt. Hela sk\u00e4rmen \u00e4r f\u00f6rpackad i tr\u00e4l\u00e5dor, LED-modulerna \u00e4r f\u00f6rpackade i kartonger, hyrdisplayen \u00e4r f\u00f6rpackad i flygplansl\u00e5dor, och det finns ocks\u00e5 enkla l\u00e5dor f\u00f6rpackade i tr\u00e4ramar.<\/li>\n<\/ul>\n\t<div class=\"img has-hover x md-x lg-x y md-y lg-y\" id=\"image_1721865411\">\n\t\t\t\t\t\t\t\t<div class=\"img-inner dark\" >\n\t\t\t<img loading=\"lazy\" decoding=\"async\" width=\"760\" height=\"1024\" src=\"https:\/\/www.telaled.com\/wp-content\/uploads\/2025\/06\/Embalagem-760x1024.webp\" class=\"attachment-large size-large\" alt=\"F\u00f6rpackning\" srcset=\"https:\/\/www.telaled.com\/wp-content\/uploads\/2025\/06\/Embalagem-760x1024.webp 760w, https:\/\/www.telaled.com\/wp-content\/uploads\/2025\/06\/Embalagem-223x300.webp 223w, https:\/\/www.telaled.com\/wp-content\/uploads\/2025\/06\/Embalagem-768x1035.webp 768w, https:\/\/www.telaled.com\/wp-content\/uploads\/2025\/06\/Embalagem-9x12.webp 9w, https:\/\/www.telaled.com\/wp-content\/uploads\/2025\/06\/Embalagem-600x808.webp 600w, https:\/\/www.telaled.com\/wp-content\/uploads\/2025\/06\/Embalagem.webp 795w\" sizes=\"auto, (max-width: 760px) 100vw, 760px\" \/>\t\t\t\t\t\t\n\t\t\t\t\t<\/div>\n\t\t\t\t\t\t\t\t\n<style>\n#image_1721865411 {\n  width: 85%;\n}\n<\/style>\n\t<\/div>\n\t\n\t\t<\/div>\n\t\t\t\t\t<\/div>\n\n\t\n<\/div>\n\t\t<\/div>\n\t\t\t\t\t<\/div>\n\n\t\n\n\t<div id=\"col-1705649250\" class=\"col small-12 large-12\"  >\n\t\t\t\t<div class=\"col-inner\"  >\n\t\t\t\n\t\t\t\n<div class=\"row\"  id=\"row-1485257072\">\n\n\t<div id=\"col-1075178431\" class=\"col medium-10 small-12 large-10\"  >\n\t\t\t\t<div class=\"col-inner\"  >\n\t\t\t\n\t\t\t\n\n<table id=\"tablepress-13\" class=\"tablepress tablepress-id-13\">\n<thead>\n<tr class=\"row-1\">\n\t<th class=\"column-1\">Modell<\/th><th class=\"column-2\">P2.6 (inomhus)<\/th><th class=\"column-3\">P2,97 (inomhus)<\/th><th class=\"column-4\">P3.91 (inomhus)<\/th><th class=\"column-5\">P3.91 (utomhus)<\/th><th class=\"column-6\">P4.81 (utomhus)<\/th><th class=\"column-7\">P5,95 (utomhus)<\/th>\n<\/tr>\n<\/thead>\n<tbody class=\"row-striping row-hover\">\n<tr class=\"row-2\">\n\t<td class=\"column-1\">LED-lampa<\/td><td class=\"column-2\">1515<\/td><td class=\"column-3\">2020<\/td><td class=\"column-4\">2020<\/td><td class=\"column-5\">1921<\/td><td class=\"column-6\">1921<\/td><td class=\"column-7\">2727<\/td>\n<\/tr>\n<tr class=\"row-3\">\n\t<td class=\"column-1\">Pixelavst\u00e5nd (mm)<\/td><td class=\"column-2\">2.604<\/td><td class=\"column-3\">2.97<\/td><td class=\"column-4\">3.91<\/td><td class=\"column-5\">3.91<\/td><td class=\"column-6\">4.81<\/td><td class=\"column-7\">5.95<\/td>\n<\/tr>\n<tr class=\"row-4\">\n\t<td class=\"column-1\">Pixelkomposition<\/td><td class=\"column-2\">RGB<\/td><td class=\"column-3\">RGB<\/td><td class=\"column-4\">RGB<\/td><td class=\"column-5\">RGB<\/td><td class=\"column-6\">RGB<\/td><td class=\"column-7\">RGB<\/td>\n<\/tr>\n<tr class=\"row-5\">\n\t<td class=\"column-1\">Pixelt\u00e4thet (pixlar\/m\u00b2)<\/td><td class=\"column-2\">36864<\/td><td class=\"column-3\">28224<\/td><td class=\"column-4\">16384\/32768<\/td><td class=\"column-5\">16384\/32768<\/td><td class=\"column-6\">10816\/21632<\/td><td class=\"column-7\">7056\/14112<\/td>\n<\/tr>\n<tr class=\"row-6\">\n\t<td class=\"column-1\">Vikt (kg)<\/td><td class=\"column-2\">6.7<\/td><td class=\"column-3\">6.7<\/td><td class=\"column-4\">6.7\/11.3<\/td><td class=\"column-5\">7.3\/12.5<\/td><td class=\"column-6\">7.3\/12.5<\/td><td class=\"column-7\">7.3\/12.5<\/td>\n<\/tr>\n<tr class=\"row-7\">\n\t<td class=\"column-1\">Ans\u00f6kan<\/td><td class=\"column-2\">Inomhus<\/td><td class=\"column-3\">Inomhus<\/td><td class=\"column-4\">Inomhus<\/td><td class=\"column-5\">Utomhus<\/td><td class=\"column-6\">Utomhus<\/td><td class=\"column-7\">Utomhus<\/td>\n<\/tr>\n<tr class=\"row-8\">\n\t<td class=\"column-1\">Modulstorlek (mm)<\/td><td class=\"column-2\">250*250<\/td><td class=\"column-3\">250*250<\/td><td class=\"column-4\">250*250<\/td><td class=\"column-5\">250*250<\/td><td class=\"column-6\">250*250<\/td><td class=\"column-7\">250*250<\/td>\n<\/tr>\n<tr class=\"row-9\">\n\t<td class=\"column-1\">Sk\u00e5pstorlek (mm)<\/td><td class=\"column-2\">500x500<\/td><td class=\"column-3\">500x500<\/td><td class=\"column-4\">500\u00d7500, 500\u00d71000<\/td><td class=\"column-5\">500\u00d7500, 500\u00d71000<\/td><td class=\"column-6\">500\u00d7500, 500\u00d71000<\/td><td class=\"column-7\">500\u00d7500, 500\u00d71000<\/td>\n<\/tr>\n<tr class=\"row-10\">\n\t<td class=\"column-1\">Luminans (cd\/m\u00b2)<\/td><td class=\"column-2\">1000<\/td><td class=\"column-3\">1000<\/td><td class=\"column-4\">1000<\/td><td class=\"column-5\">5000<\/td><td class=\"column-6\">5000<\/td><td class=\"column-7\">5000<\/td>\n<\/tr>\n<tr class=\"row-11\">\n\t<td class=\"column-1\">Maximal effekt (W\/m\u00b2)<\/td><td class=\"column-2\">520<\/td><td class=\"column-3\">456<\/td><td class=\"column-4\">460<\/td><td class=\"column-5\">650<\/td><td class=\"column-6\">650<\/td><td class=\"column-7\">650<\/td>\n<\/tr>\n<tr class=\"row-12\">\n\t<td class=\"column-1\">Genomsnittlig effekt (W\/m\u00b2)<\/td><td class=\"column-2\">173<\/td><td class=\"column-3\">152<\/td><td class=\"column-4\">153<\/td><td class=\"column-5\">217<\/td><td class=\"column-6\">217<\/td><td class=\"column-7\">217<\/td>\n<\/tr>\n<tr class=\"row-13\">\n\t<td class=\"column-1\">Betraktningsvinkel (\u00b0)<\/td><td class=\"column-2\">150<\/td><td class=\"column-3\">150<\/td><td class=\"column-4\">150<\/td><td class=\"column-5\">150<\/td><td class=\"column-6\">150<\/td><td class=\"column-7\">150<\/td>\n<\/tr>\n<tr class=\"row-14\">\n\t<td class=\"column-1\">Uppdateringsfrekvens (Hz)<\/td><td class=\"column-2\">3840<\/td><td class=\"column-3\">3840<\/td><td class=\"column-4\">3840<\/td><td class=\"column-5\">3840<\/td><td class=\"column-6\">3840<\/td><td class=\"column-7\">3840<\/td>\n<\/tr>\n<tr class=\"row-15\">\n\t<td class=\"column-1\">F\u00e4rgtemperatur (K)<\/td><td class=\"column-2\">8000-10000<\/td><td class=\"column-3\">8000-10000<\/td><td class=\"column-4\">8000-10000<\/td><td class=\"column-5\">8000-10000<\/td><td class=\"column-6\">8000-10000<\/td><td class=\"column-7\">8000-10000<\/td>\n<\/tr>\n<tr class=\"row-16\">\n\t<td class=\"column-1\">AC-ing\u00e5ngssp\u00e4nning<\/td><td class=\"column-2\">110V\/220V<\/td><td class=\"column-3\">110V\/220V<\/td><td class=\"column-4\">110V\/220V<\/td><td class=\"column-5\">110V\/220V<\/td><td class=\"column-6\">110V\/220V<\/td><td class=\"column-7\">110V\/220V<\/td>\n<\/tr>\n<tr class=\"row-17\">\n\t<td class=\"column-1\">Skyddsgrad<\/td><td class=\"column-2\">IP40\/IP21<\/td><td class=\"column-3\">IP40\/IP21<\/td><td class=\"column-4\">IP40\/IP21<\/td><td class=\"column-5\">IP65\/IP54<\/td><td class=\"column-6\">IP65\/IP54<\/td><td class=\"column-7\">IP65\/IP54<\/td>\n<\/tr>\n<\/tbody>\n<\/table>\n<!-- #tablepress-13 from cache -->\n\t\t<\/div>\n\t\t\t\t\t<\/div>\n\n\t\n<\/div>\n\t\t<\/div>\n\t\t\t\t\t<\/div>\n\n\t\n<\/div>","protected":false},"excerpt":{"rendered":"<p><strong>LED-panel att hyra fr\u00e5n TRO-serien \u2013 Professionell l\u00f6sning f\u00f6r evenemang<\/strong><\/p>\n<p>O <em><strong>LED-panel f\u00f6r TRO-seriens uthyrning<\/strong><\/em> Det \u00e4r det perfekta valet f\u00f6r <a href=\"https:\/\/www.telaled.com\/sv\/painel-de-led-para-eventos\/\">evenemang<\/a> H\u00e5rdvaruevenemang som konserter, f\u00f6retagsf\u00f6rel\u00e4sningar och utst\u00e4llningar. Med avancerad kollisionsskyddsteknik och en modul\u00e4r design m\u00f6jligg\u00f6r den snabb installation p\u00e5 bara 10 minuter med hj\u00e4lp av ett snabbl\u00e5ssystem.<\/p>\n<p><strong>Huvudfunktioner:<\/strong><\/p>\n<ul>\n<li><strong>M\u00e5ngsidig uppl\u00f6sning:<\/strong> Pixelh\u00f6jd <strong><em>2,6 mm till 5,9 mm<\/em><\/strong> f\u00f6r anpassning till olika betraktningsavst\u00e5nd<\/li>\n<li><strong>Robust design:<\/strong> Struktur i aluminiumlegering med rept\u00e5lig behandling, motst\u00e5ndskraftig mot upprepade installationer\/demonteringar.<\/li>\n<li><strong>Flexibel installation:<\/strong> St\u00f6der upph\u00e4ngda, staplade eller b\u00f6jda konfigurationer (justerbar fr\u00e5n -10\u00b0 till +15\u00b0)<\/li>\n<li><strong>F\u00f6renklat underh\u00e5ll:<\/strong> Front\u00e5tkomstsystem och modul\u00e4r str\u00f6mf\u00f6rs\u00f6rjning f\u00f6r snabba reparationer.<\/li>\n<\/ul>\n<p>Finns i standardstorlekarna 500x500 mm (12,5 kg) och 500x1000 mm, vilket garanterar portabilitet utan att kompromissa med h\u00e5llbarheten. L\u00e4mplig f\u00f6r inomhus- och utomhusmilj\u00f6er, med IP65-skydd mot damm och vatten.<\/p>\n<p>Inkluderar teknisk support dygnet runt i Brasilien och 3 \u00e5rs garanti. Beg\u00e4r en personlig offert f\u00f6r ditt n\u00e4sta projekt. <a href=\"https:\/\/www.telaled.com\/sv\/painel-de-led-para-eventos\/\">h\u00e4ndelse!<\/a><\/p>","protected":false},"featured_media":2191,"template":"","meta":[],"product_brand":[],"product_cat":[50],"product_tag":[],"class_list":{"0":"post-2190","1":"product","2":"type-product","3":"status-publish","4":"has-post-thumbnail","6":"product_cat-aluguel-de-painel-de-led","8":"first","9":"instock","10":"shipping-taxable","11":"product-type-simple"},"yoast_head":"<!-- This site is optimized with the Yoast SEO plugin v27.4 - https:\/\/yoast.com\/product\/yoast-seo-wordpress\/ -->\n<title>Painel de LED para Loca\u00e7\u00e3o TRO | Shows, Eventos Corporativos &amp; Feiras | TELALED<\/title>\n<meta name=\"description\" content=\"Pain\u00e9is LED TRO para loca\u00e7\u00e3o com montagem r\u00e1pida em 10min! Tecnologia antivandalismo, alta resolu\u00e7\u00e3o (P2.6-P5.9) e suporte 24h no Brasil. Ideal para palcos, igrejas e est\u00e1dios. Solicite or\u00e7amento!\" \/>\n<meta name=\"robots\" content=\"index, follow, max-snippet:-1, max-image-preview:large, max-video-preview:-1\" \/>\n<link rel=\"canonical\" href=\"https:\/\/www.telaled.com\/sv\/fabrica\/aluguel-de-painel-de-led-da-serie-tro\/\" \/>\n<meta property=\"og:locale\" content=\"sv_SE\" \/>\n<meta property=\"og:type\" content=\"article\" \/>\n<meta property=\"og:title\" content=\"Painel de LED para Loca\u00e7\u00e3o TRO | Shows, Eventos Corporativos &amp; Feiras | TELALED\" \/>\n<meta property=\"og:description\" content=\"Pain\u00e9is LED TRO para loca\u00e7\u00e3o com montagem r\u00e1pida em 10min! Tecnologia antivandalismo, alta resolu\u00e7\u00e3o (P2.6-P5.9) e suporte 24h no Brasil. Ideal para palcos, igrejas e est\u00e1dios. Solicite or\u00e7amento!\" \/>\n<meta property=\"og:url\" content=\"https:\/\/www.telaled.com\/sv\/fabrica\/aluguel-de-painel-de-led-da-serie-tro\/\" \/>\n<meta property=\"og:site_name\" content=\"TELALED\" \/>\n<meta property=\"article:modified_time\" content=\"2026-01-03T08:20:31+00:00\" \/>\n<meta property=\"og:image\" content=\"https:\/\/www.telaled.com\/wp-content\/uploads\/2025\/06\/Aluguel-de-Painel-de-LED-da-Serie-TRO-3.webp\" \/>\n\t<meta property=\"og:image:width\" content=\"500\" \/>\n\t<meta property=\"og:image:height\" content=\"500\" \/>\n\t<meta property=\"og:image:type\" content=\"image\/webp\" \/>\n<meta name=\"twitter:card\" content=\"summary_large_image\" \/>\n<meta name=\"twitter:label1\" content=\"Est. reading time\" \/>\n\t<meta name=\"twitter:data1\" content=\"2 minuter\" \/>\n<script type=\"application\/ld+json\" class=\"yoast-schema-graph\">{\"@context\":\"https:\\\/\\\/schema.org\",\"@graph\":[{\"@type\":\"WebPage\",\"@id\":\"https:\\\/\\\/www.telaled.com\\\/fabrica\\\/aluguel-de-painel-de-led-da-serie-tro\\\/\",\"url\":\"https:\\\/\\\/www.telaled.com\\\/fabrica\\\/aluguel-de-painel-de-led-da-serie-tro\\\/\",\"name\":\"Painel de LED para Loca\u00e7\u00e3o TRO | Shows, Eventos Corporativos & Feiras | TELALED\",\"isPartOf\":{\"@id\":\"https:\\\/\\\/www.telaled.com\\\/#website\"},\"primaryImageOfPage\":{\"@id\":\"https:\\\/\\\/www.telaled.com\\\/fabrica\\\/aluguel-de-painel-de-led-da-serie-tro\\\/#primaryimage\"},\"image\":{\"@id\":\"https:\\\/\\\/www.telaled.com\\\/fabrica\\\/aluguel-de-painel-de-led-da-serie-tro\\\/#primaryimage\"},\"thumbnailUrl\":\"https:\\\/\\\/www.telaled.com\\\/wp-content\\\/uploads\\\/2025\\\/06\\\/Aluguel-de-Painel-de-LED-da-Serie-TRO-3.webp\",\"datePublished\":\"2025-06-24T10:01:48+00:00\",\"dateModified\":\"2026-01-03T08:20:31+00:00\",\"description\":\"Pain\u00e9is LED TRO para loca\u00e7\u00e3o com montagem r\u00e1pida em 10min! Tecnologia antivandalismo, alta resolu\u00e7\u00e3o (P2.6-P5.9) e suporte 24h no Brasil. Ideal para palcos, igrejas e est\u00e1dios. Solicite or\u00e7amento!\",\"breadcrumb\":{\"@id\":\"https:\\\/\\\/www.telaled.com\\\/fabrica\\\/aluguel-de-painel-de-led-da-serie-tro\\\/#breadcrumb\"},\"inLanguage\":\"sv-SE\",\"potentialAction\":[{\"@type\":\"ReadAction\",\"target\":[\"https:\\\/\\\/www.telaled.com\\\/fabrica\\\/aluguel-de-painel-de-led-da-serie-tro\\\/\"]}]},{\"@type\":\"ImageObject\",\"inLanguage\":\"sv-SE\",\"@id\":\"https:\\\/\\\/www.telaled.com\\\/fabrica\\\/aluguel-de-painel-de-led-da-serie-tro\\\/#primaryimage\",\"url\":\"https:\\\/\\\/www.telaled.com\\\/wp-content\\\/uploads\\\/2025\\\/06\\\/Aluguel-de-Painel-de-LED-da-Serie-TRO-3.webp\",\"contentUrl\":\"https:\\\/\\\/www.telaled.com\\\/wp-content\\\/uploads\\\/2025\\\/06\\\/Aluguel-de-Painel-de-LED-da-Serie-TRO-3.webp\",\"width\":500,\"height\":500,\"caption\":\"Aluguel-de-Painel-de-LED-da-Serie-TRO\"},{\"@type\":\"BreadcrumbList\",\"@id\":\"https:\\\/\\\/www.telaled.com\\\/fabrica\\\/aluguel-de-painel-de-led-da-serie-tro\\\/#breadcrumb\",\"itemListElement\":[{\"@type\":\"ListItem\",\"position\":1,\"name\":\"Home\",\"item\":\"https:\\\/\\\/www.telaled.com\\\/\"},{\"@type\":\"ListItem\",\"position\":2,\"name\":\"Produtos\",\"item\":\"https:\\\/\\\/www.telaled.com\\\/shop\\\/\"},{\"@type\":\"ListItem\",\"position\":3,\"name\":\"Painel de LED para Loca\u00e7\u00e3o da S\u00e9rie TRO\"}]},{\"@type\":\"WebSite\",\"@id\":\"https:\\\/\\\/www.telaled.com\\\/#website\",\"url\":\"https:\\\/\\\/www.telaled.com\\\/\",\"name\":\"TELALED\",\"description\":\"\",\"potentialAction\":[{\"@type\":\"SearchAction\",\"target\":{\"@type\":\"EntryPoint\",\"urlTemplate\":\"https:\\\/\\\/www.telaled.com\\\/?s={search_term_string}\"},\"query-input\":{\"@type\":\"PropertyValueSpecification\",\"valueRequired\":true,\"valueName\":\"search_term_string\"}}],\"inLanguage\":\"sv-SE\"}]}<\/script>\n<!-- \/ Yoast SEO plugin. -->","yoast_head_json":{"title":"LED-panel att hyra TRO | M\u00e4ssor, f\u00f6retagsevenemang och branschm\u00e4ssor | TELALED","description":"TRO LED-paneler att hyra med snabb installation p\u00e5 10 minuter! Vandals\u00e4ker teknik, h\u00f6g uppl\u00f6sning (P2.6-P5.9) och support dygnet runt i Brasilien. Idealisk f\u00f6r scener, kyrkor och arenor. Beg\u00e4r offert!","robots":{"index":"index","follow":"follow","max-snippet":"max-snippet:-1","max-image-preview":"max-image-preview:large","max-video-preview":"max-video-preview:-1"},"canonical":"https:\/\/www.telaled.com\/sv\/fabrica\/aluguel-de-painel-de-led-da-serie-tro\/","og_locale":"sv_SE","og_type":"article","og_title":"Painel de LED para Loca\u00e7\u00e3o TRO | Shows, Eventos Corporativos & Feiras | TELALED","og_description":"Pain\u00e9is LED TRO para loca\u00e7\u00e3o com montagem r\u00e1pida em 10min! Tecnologia antivandalismo, alta resolu\u00e7\u00e3o (P2.6-P5.9) e suporte 24h no Brasil. Ideal para palcos, igrejas e est\u00e1dios. Solicite or\u00e7amento!","og_url":"https:\/\/www.telaled.com\/sv\/fabrica\/aluguel-de-painel-de-led-da-serie-tro\/","og_site_name":"TELALED","article_modified_time":"2026-01-03T08:20:31+00:00","og_image":[{"width":500,"height":500,"url":"https:\/\/www.telaled.com\/wp-content\/uploads\/2025\/06\/Aluguel-de-Painel-de-LED-da-Serie-TRO-3.webp","type":"image\/webp"}],"twitter_card":"summary_large_image","twitter_misc":{"Est. reading time":"2 minuter"},"schema":{"@context":"https:\/\/schema.org","@graph":[{"@type":"WebPage","@id":"https:\/\/www.telaled.com\/fabrica\/aluguel-de-painel-de-led-da-serie-tro\/","url":"https:\/\/www.telaled.com\/fabrica\/aluguel-de-painel-de-led-da-serie-tro\/","name":"LED-panel att hyra TRO | M\u00e4ssor, f\u00f6retagsevenemang och branschm\u00e4ssor | TELALED","isPartOf":{"@id":"https:\/\/www.telaled.com\/#website"},"primaryImageOfPage":{"@id":"https:\/\/www.telaled.com\/fabrica\/aluguel-de-painel-de-led-da-serie-tro\/#primaryimage"},"image":{"@id":"https:\/\/www.telaled.com\/fabrica\/aluguel-de-painel-de-led-da-serie-tro\/#primaryimage"},"thumbnailUrl":"https:\/\/www.telaled.com\/wp-content\/uploads\/2025\/06\/Aluguel-de-Painel-de-LED-da-Serie-TRO-3.webp","datePublished":"2025-06-24T10:01:48+00:00","dateModified":"2026-01-03T08:20:31+00:00","description":"TRO LED-paneler att hyra med snabb installation p\u00e5 10 minuter! Vandals\u00e4ker teknik, h\u00f6g uppl\u00f6sning (P2.6-P5.9) och support dygnet runt i Brasilien. Idealisk f\u00f6r scener, kyrkor och arenor. Beg\u00e4r offert!","breadcrumb":{"@id":"https:\/\/www.telaled.com\/fabrica\/aluguel-de-painel-de-led-da-serie-tro\/#breadcrumb"},"inLanguage":"sv-SE","potentialAction":[{"@type":"ReadAction","target":["https:\/\/www.telaled.com\/fabrica\/aluguel-de-painel-de-led-da-serie-tro\/"]}]},{"@type":"ImageObject","inLanguage":"sv-SE","@id":"https:\/\/www.telaled.com\/fabrica\/aluguel-de-painel-de-led-da-serie-tro\/#primaryimage","url":"https:\/\/www.telaled.com\/wp-content\/uploads\/2025\/06\/Aluguel-de-Painel-de-LED-da-Serie-TRO-3.webp","contentUrl":"https:\/\/www.telaled.com\/wp-content\/uploads\/2025\/06\/Aluguel-de-Painel-de-LED-da-Serie-TRO-3.webp","width":500,"height":500,"caption":"Aluguel-de-Painel-de-LED-da-Serie-TRO"},{"@type":"BreadcrumbList","@id":"https:\/\/www.telaled.com\/fabrica\/aluguel-de-painel-de-led-da-serie-tro\/#breadcrumb","itemListElement":[{"@type":"ListItem","position":1,"name":"Home","item":"https:\/\/www.telaled.com\/"},{"@type":"ListItem","position":2,"name":"Produtos","item":"https:\/\/www.telaled.com\/shop\/"},{"@type":"ListItem","position":3,"name":"Painel de LED para Loca\u00e7\u00e3o da S\u00e9rie TRO"}]},{"@type":"WebSite","@id":"https:\/\/www.telaled.com\/#website","url":"https:\/\/www.telaled.com\/","name":"LED-sk\u00e4rm","description":"","potentialAction":[{"@type":"SearchAction","target":{"@type":"EntryPoint","urlTemplate":"https:\/\/www.telaled.com\/?s={search_term_string}"},"query-input":{"@type":"PropertyValueSpecification","valueRequired":true,"valueName":"search_term_string"}}],"inLanguage":"sv-SE"}]}},"_links":{"self":[{"href":"https:\/\/www.telaled.com\/sv\/wp-json\/wp\/v2\/product\/2190","targetHints":{"allow":["GET"]}}],"collection":[{"href":"https:\/\/www.telaled.com\/sv\/wp-json\/wp\/v2\/product"}],"about":[{"href":"https:\/\/www.telaled.com\/sv\/wp-json\/wp\/v2\/types\/product"}],"wp:featuredmedia":[{"embeddable":true,"href":"https:\/\/www.telaled.com\/sv\/wp-json\/wp\/v2\/media\/2191"}],"wp:attachment":[{"href":"https:\/\/www.telaled.com\/sv\/wp-json\/wp\/v2\/media?parent=2190"}],"wp:term":[{"taxonomy":"product_brand","embeddable":true,"href":"https:\/\/www.telaled.com\/sv\/wp-json\/wp\/v2\/product_brand?post=2190"},{"taxonomy":"product_cat","embeddable":true,"href":"https:\/\/www.telaled.com\/sv\/wp-json\/wp\/v2\/product_cat?post=2190"},{"taxonomy":"product_tag","embeddable":true,"href":"https:\/\/www.telaled.com\/sv\/wp-json\/wp\/v2\/product_tag?post=2190"}],"curies":[{"name":"wp","href":"https:\/\/api.w.org\/{rel}","templated":true}]}}