{"id":5483,"date":"2025-11-13T09:51:41","date_gmt":"2025-11-13T09:51:41","guid":{"rendered":"https:\/\/www.telaled.com\/?post_type=product&#038;p=5483"},"modified":"2026-01-11T05:45:03","modified_gmt":"2026-01-11T05:45:03","slug":"tela-de-led-flexivel-para-caminhao","status":"publish","type":"product","link":"https:\/\/www.telaled.com\/nl\/fabrica\/tela-de-led-flexivel-para-caminhao\/","title":{"rendered":"Flexibel LED-scherm voor vrachtwagens"},"content":{"rendered":"<div class=\"row\"  id=\"row-328228503\">\n\n\t<div id=\"col-1417590430\" class=\"col small-12 large-12\"  >\n\t\t\t\t<div class=\"col-inner\"  >\n\t\t\t\n\t\t\t\n<h2>Exclusieve voordelen van het Flexibele LED Autoscherm<\/h2>\n<h3><strong>Superieure duurzaamheid<\/strong><\/h3>\n<ul>\n<li><strong><em>Duurzame PU-stickers:<\/em><\/strong> Sterke en duurzame hechting voor robuust gebruik in vrachtwagens.<\/li>\n<li><strong><em>Waterdicht en stofdicht IP67:<\/em> <\/strong>Het is bestand tegen alle weersomstandigheden, regen en stof.<\/li>\n<li><strong><em>Schokbestendig<\/em><\/strong>Bestand tegen trillingen en stoten tijdens transport.<\/li>\n<\/ul>\n<h3><strong>Uitzonderlijke visuele kwaliteit<\/strong><\/h3>\n<ul>\n<li><em><strong>Oplossing <a href=\"https:\/\/www.telaled.com\/nl\/fabrica\/painel-de-led-hd-serie-tho\/\">Full HD<\/a>\/4K:<\/strong><\/em> Scherpe en levendige beelden voor duidelijke boodschappen.<\/li>\n<li><em><strong>Helderheid van 4000 nits:<\/strong><\/em> Zelfs in direct zonlicht zichtbaar.<\/li>\n<li><em><strong>Breed gezichtsveld:<\/strong><\/em> Zichtbaar vanuit elke richting.<\/li>\n<\/ul>\n<h3><strong>Volledige aanpassingsvermogen<\/strong><\/h3>\n<ul>\n<li><strong><em>Flexibel en gebogen:<\/em><\/strong> Op maat gemaakt voor elk oppervlak.<\/li>\n<li><em><strong>Modulair ontwerp:<\/strong><\/em> Schaalbaar naar elk schermformaat.<\/li>\n<li><em><strong>Volledig aanpasbaar:<\/strong><\/em> Pas de helderheid, kleur en het contrast naar wens aan.<\/li>\n<\/ul>\n<h3><strong>Uitgebreide ondersteuning<\/strong><\/h3>\n<ul>\n<li><em><strong>24\/7 deskundige ondersteuning:<\/strong> <\/em>Zorg ervoor dat uw systeem soepel blijft draaien.<\/li>\n<li><em><strong>5% reserveonderdelen:<\/strong><\/em> Verhoog de betrouwbaarheid en minimaliseer de uitvaltijd.<\/li>\n<li><strong><em>3 jaar garantie:<\/em> <\/strong>Gegarandeerde prestaties en gemoedsrust.<\/li>\n<li><em><strong>Volledige bescherming:<\/strong> <\/em>Bescherm uw investeringen.<\/li>\n<\/ul>\n<h2>Productdetails<\/h2>\n<div class=\"row\"  id=\"row-428239530\">\n\n\t<div id=\"col-833363612\" class=\"col medium-10 small-12 large-10\"  >\n\t\t\t\t<div class=\"col-inner text-left\"  >\n\t\t\t\n\t\t\t\n<ul>\n<li>De hoogwaardige PU-lijm die in dit product wordt gebruikt, biedt uitstekende bescherming tegen omgevingsinvloeden en hitte. Het is niet giftig, bestand tegen vergeling en zorgt voor een sterke hechting, waardoor het effectief integreert met de ledstrip. Na verwerking heeft het flexibele ledscherm voor vrachtwagens een IP67-classificatie voor water- en stofbestendigheid, wat betrouwbare bescherming biedt voor de interne componenten.<\/li>\n<\/ul>\n\t<div class=\"img has-hover x md-x lg-x y md-y lg-y\" id=\"image_1252206848\">\n\t\t\t\t\t\t\t\t<div class=\"img-inner dark\" >\n\t\t\t<img loading=\"lazy\" decoding=\"async\" width=\"800\" height=\"500\" src=\"https:\/\/www.telaled.com\/wp-content\/uploads\/2025\/11\/A-prova-de-poeira-e-agua-brinque-sem-preocupacoes.webp\" class=\"attachment-original size-original\" alt=\"Stof- en waterdicht, speel zonder zorgen.\" srcset=\"https:\/\/www.telaled.com\/wp-content\/uploads\/2025\/11\/A-prova-de-poeira-e-agua-brinque-sem-preocupacoes.webp 800w, https:\/\/www.telaled.com\/wp-content\/uploads\/2025\/11\/A-prova-de-poeira-e-agua-brinque-sem-preocupacoes-300x188.webp 300w, https:\/\/www.telaled.com\/wp-content\/uploads\/2025\/11\/A-prova-de-poeira-e-agua-brinque-sem-preocupacoes-768x480.webp 768w, https:\/\/www.telaled.com\/wp-content\/uploads\/2025\/11\/A-prova-de-poeira-e-agua-brinque-sem-preocupacoes-18x12.webp 18w, https:\/\/www.telaled.com\/wp-content\/uploads\/2025\/11\/A-prova-de-poeira-e-agua-brinque-sem-preocupacoes-600x375.webp 600w\" sizes=\"auto, (max-width: 800px) 100vw, 800px\" \/>\t\t\t\t\t\t\n\t\t\t\t\t<\/div>\n\t\t\t\t\t\t\t\t\n<style>\n#image_1252206848 {\n  width: 80%;\n}\n<\/style>\n\t<\/div>\n\t\n<ul>\n<li>Flexibel en opvouwbaar, kan naar behoefte worden gebogen of gevouwen, waardoor het zeer draagbaar en gemakkelijk mee te nemen is. Voor langdurige opslag is het belangrijk om het paneel met het scherm naar binnen te plaatsen en er geen zware voorwerpen op te plaatsen om de integriteit ervan te behouden.<\/li>\n<\/ul>\n\t<div class=\"img has-hover x md-x lg-x y md-y lg-y\" id=\"image_1161125929\">\n\t\t\t\t\t\t\t\t<div class=\"img-inner dark\" >\n\t\t\t<img loading=\"lazy\" decoding=\"async\" width=\"800\" height=\"500\" src=\"https:\/\/www.telaled.com\/wp-content\/uploads\/2025\/11\/macio-e-dobravel.webp\" class=\"attachment-large size-large\" alt=\"zacht en opvouwbaar\" srcset=\"https:\/\/www.telaled.com\/wp-content\/uploads\/2025\/11\/macio-e-dobravel.webp 800w, https:\/\/www.telaled.com\/wp-content\/uploads\/2025\/11\/macio-e-dobravel-300x188.webp 300w, https:\/\/www.telaled.com\/wp-content\/uploads\/2025\/11\/macio-e-dobravel-768x480.webp 768w, https:\/\/www.telaled.com\/wp-content\/uploads\/2025\/11\/macio-e-dobravel-18x12.webp 18w, https:\/\/www.telaled.com\/wp-content\/uploads\/2025\/11\/macio-e-dobravel-600x375.webp 600w\" sizes=\"auto, (max-width: 800px) 100vw, 800px\" \/>\t\t\t\t\t\t\n\t\t\t\t\t<\/div>\n\t\t\t\t\t\t\t\t\n<style>\n#image_1161125929 {\n  width: 80%;\n}\n<\/style>\n\t<\/div>\n\t\n<ul>\n<li>Aanzienlijk groter en met een breder scherm. Het grotere formaat verbetert zowel de game- als kijkervaring, waardoor het ideaal is voor grotere ruimtes. Het wordt boeiender en aantrekkelijker wanneer het van een afstand wordt bekeken, wat een meeslepende en boeiende visuele ervaring biedt.<\/li>\n<\/ul>\n\t<div class=\"img has-hover x md-x lg-x y md-y lg-y\" id=\"image_1652444057\">\n\t\t\t\t\t\t\t\t<div class=\"img-inner dark\" >\n\t\t\t<img loading=\"lazy\" decoding=\"async\" width=\"800\" height=\"500\" src=\"https:\/\/www.telaled.com\/wp-content\/uploads\/2025\/11\/Tela-enorme-totalmente-ampliada.webp\" class=\"attachment-large size-large\" alt=\"Enorm, volledig vergroot scherm\" srcset=\"https:\/\/www.telaled.com\/wp-content\/uploads\/2025\/11\/Tela-enorme-totalmente-ampliada.webp 800w, https:\/\/www.telaled.com\/wp-content\/uploads\/2025\/11\/Tela-enorme-totalmente-ampliada-300x188.webp 300w, https:\/\/www.telaled.com\/wp-content\/uploads\/2025\/11\/Tela-enorme-totalmente-ampliada-768x480.webp 768w, https:\/\/www.telaled.com\/wp-content\/uploads\/2025\/11\/Tela-enorme-totalmente-ampliada-18x12.webp 18w, https:\/\/www.telaled.com\/wp-content\/uploads\/2025\/11\/Tela-enorme-totalmente-ampliada-600x375.webp 600w\" sizes=\"auto, (max-width: 800px) 100vw, 800px\" \/>\t\t\t\t\t\t\n\t\t\t\t\t<\/div>\n\t\t\t\t\t\t\t\t\n<style>\n#image_1652444057 {\n  width: 80%;\n}\n<\/style>\n\t<\/div>\n\t\n<ul>\n<li>Het past zich aan de kromming van de achterruit van elk voertuig aan en biedt een helderder en scherper zicht. Het lost het veelvoorkomende compatibiliteitsprobleem tussen verschillende modellen op, waardoor het perfect is voor vrachtwagens, auto&#039;s, SUV&#039;s en nog veel meer.<\/li>\n<\/ul>\n\t<div class=\"img has-hover x md-x lg-x y md-y lg-y\" id=\"image_1402546900\">\n\t\t\t\t\t\t\t\t<div class=\"img-inner dark\" >\n\t\t\t<img loading=\"lazy\" decoding=\"async\" width=\"800\" height=\"500\" src=\"https:\/\/www.telaled.com\/wp-content\/uploads\/2025\/11\/Ajuste-flexivel-e-universal-para-todos-os-tipos-de-veiculos.webp\" class=\"attachment-large size-large\" alt=\"Flexibele en universele aanpassing voor alle soorten voertuigen.\" srcset=\"https:\/\/www.telaled.com\/wp-content\/uploads\/2025\/11\/Ajuste-flexivel-e-universal-para-todos-os-tipos-de-veiculos.webp 800w, https:\/\/www.telaled.com\/wp-content\/uploads\/2025\/11\/Ajuste-flexivel-e-universal-para-todos-os-tipos-de-veiculos-300x188.webp 300w, https:\/\/www.telaled.com\/wp-content\/uploads\/2025\/11\/Ajuste-flexivel-e-universal-para-todos-os-tipos-de-veiculos-768x480.webp 768w, https:\/\/www.telaled.com\/wp-content\/uploads\/2025\/11\/Ajuste-flexivel-e-universal-para-todos-os-tipos-de-veiculos-18x12.webp 18w, https:\/\/www.telaled.com\/wp-content\/uploads\/2025\/11\/Ajuste-flexivel-e-universal-para-todos-os-tipos-de-veiculos-600x375.webp 600w\" sizes=\"auto, (max-width: 800px) 100vw, 800px\" \/>\t\t\t\t\t\t\n\t\t\t\t\t<\/div>\n\t\t\t\t\t\t\t\t\n<style>\n#image_1402546900 {\n  width: 80%;\n}\n<\/style>\n\t<\/div>\n\t\n\t\t<\/div>\n\t\t\t\t\t<\/div>\n\n\t\n<\/div>\n\t\t<\/div>\n\t\t\t\t\t<\/div>\n\n\t\n<\/div>","protected":false},"excerpt":{"rendered":"<div><strong>Flexibel LED-scherm voor vrachtwagens: een slimme, waterdichte en volledig programmeerbare displayoplossing.<\/strong><\/div>\n<div><\/div>\n<div>Dit flexibele led-display voor in de auto biedt een dynamische manier om berichten, waarschuwingen, aankondigingen of aangepaste animaties op de weg weer te geven. Dankzij de Bluetooth-appbediening en de waterdichte constructie is het ontworpen voor mobiel gebruik onder alle weers- en rijomstandigheden.<\/div>\n<div><\/div>\n<div><strong>Belangrijkste kenmerken:<\/strong><\/div>\n<ul>\n<li><strong>Slimme app-gebaseerde bediening voor realtime updates:<\/strong> Wijzig de inhoud direct via Bluetooth met behulp van de app. <a href=\"https:\/\/www.telaled.com\/nl\/painel-de-led-outdoor-movel\/\">mobiel<\/a>; Wijzig tekst, afbeeldingen, animaties of upload je eigen afbeeldingen. Krijg toegang tot verschillende vooraf ingestelde modi, zoals waarschuwingsborden of speciale lichteffecten, zonder het scherm aan te raken.<\/li>\n<li><strong>Volledig programmeerbaar scherm:<\/strong> Maak scrollende tekst, GIF&#039;s of aangepaste afbeeldingen, afgestemd op de situatie. Perfect voor reclame, aankondigingen, verkeersmeldingen of om uw merk te versterken terwijl de vrachtwagen rijdt.<\/li>\n<li><strong>Flexibel, duurzaam en IP67-gecertificeerd:<\/strong> Gemaakt met een flexibel polymeer LED-paneel dat gemakkelijk op te vouwen en te buigen is voor transport of opslag. De IP67 stof- en waterdichte coating garandeert betrouwbare prestaties in buitenomgevingen en onder zware weersomstandigheden.<\/li>\n<\/ul>","protected":false},"featured_media":5490,"template":"","meta":[],"product_brand":[],"product_cat":[50,48,40,44],"product_tag":[],"class_list":{"0":"post-5483","1":"product","2":"type-product","3":"status-publish","4":"has-post-thumbnail","6":"product_cat-aluguel-de-painel-de-led","7":"product_cat-paineis-personalizados","8":"product_cat-painel-de-led","9":"product_cat-painel-de-led-flexivel","11":"first","12":"instock","13":"shipping-taxable","14":"product-type-simple"},"yoast_head":"<!-- This site is optimized with the Yoast SEO plugin v27.5 - https:\/\/yoast.com\/product\/yoast-seo-wordpress\/ -->\n<title>Tela de LED flex\u00edvel para Caminh\u00e3o | Solu\u00e7\u00f5es de publicidade m\u00f3vel | TELALED<\/title>\n<meta name=\"description\" content=\"Tela de LED flex\u00edvel para caminh\u00e3o, com controle por aplicativo Bluetooth, painel de LED male\u00e1vel e dobr\u00e1vel, texto personalizado, \u00edcones e anima\u00e7\u00f5es para uso em dispositivos m\u00f3veis. Solicite um or\u00e7amento agora!\" \/>\n<meta name=\"robots\" content=\"index, follow, max-snippet:-1, max-image-preview:large, max-video-preview:-1\" \/>\n<link rel=\"canonical\" href=\"https:\/\/www.telaled.com\/nl\/fabrica\/tela-de-led-flexivel-para-caminhao\/\" \/>\n<meta property=\"og:locale\" content=\"nl_NL\" \/>\n<meta property=\"og:type\" content=\"article\" \/>\n<meta property=\"og:title\" content=\"Tela de LED flex\u00edvel para Caminh\u00e3o | Solu\u00e7\u00f5es de publicidade m\u00f3vel | TELALED\" \/>\n<meta property=\"og:description\" content=\"Tela de LED flex\u00edvel para caminh\u00e3o, com controle por aplicativo Bluetooth, painel de LED male\u00e1vel e dobr\u00e1vel, texto personalizado, \u00edcones e anima\u00e7\u00f5es para uso em dispositivos m\u00f3veis. Solicite um or\u00e7amento agora!\" \/>\n<meta property=\"og:url\" content=\"https:\/\/www.telaled.com\/nl\/fabrica\/tela-de-led-flexivel-para-caminhao\/\" \/>\n<meta property=\"og:site_name\" content=\"TELALED\" \/>\n<meta property=\"article:modified_time\" content=\"2026-01-11T05:45:03+00:00\" \/>\n<meta property=\"og:image\" content=\"https:\/\/www.telaled.com\/wp-content\/uploads\/2025\/11\/Tela-de-LED-flexivel-para-Caminhao.webp\" \/>\n\t<meta property=\"og:image:width\" content=\"500\" \/>\n\t<meta property=\"og:image:height\" content=\"500\" \/>\n\t<meta property=\"og:image:type\" content=\"image\/webp\" \/>\n<meta name=\"twitter:card\" content=\"summary_large_image\" \/>\n<meta name=\"twitter:label1\" content=\"Geschatte leestijd\" \/>\n\t<meta name=\"twitter:data1\" content=\"3 minuten\" \/>\n<script type=\"application\/ld+json\" class=\"yoast-schema-graph\">{\"@context\":\"https:\\\/\\\/schema.org\",\"@graph\":[{\"@type\":\"WebPage\",\"@id\":\"https:\\\/\\\/www.telaled.com\\\/fabrica\\\/tela-de-led-flexivel-para-caminhao\\\/\",\"url\":\"https:\\\/\\\/www.telaled.com\\\/fabrica\\\/tela-de-led-flexivel-para-caminhao\\\/\",\"name\":\"Tela de LED flex\u00edvel para Caminh\u00e3o | Solu\u00e7\u00f5es de publicidade m\u00f3vel | TELALED\",\"isPartOf\":{\"@id\":\"https:\\\/\\\/www.telaled.com\\\/#website\"},\"primaryImageOfPage\":{\"@id\":\"https:\\\/\\\/www.telaled.com\\\/fabrica\\\/tela-de-led-flexivel-para-caminhao\\\/#primaryimage\"},\"image\":{\"@id\":\"https:\\\/\\\/www.telaled.com\\\/fabrica\\\/tela-de-led-flexivel-para-caminhao\\\/#primaryimage\"},\"thumbnailUrl\":\"https:\\\/\\\/www.telaled.com\\\/wp-content\\\/uploads\\\/2025\\\/11\\\/Tela-de-LED-flexivel-para-Caminhao.webp\",\"datePublished\":\"2025-11-13T09:51:41+00:00\",\"dateModified\":\"2026-01-11T05:45:03+00:00\",\"description\":\"Tela de LED flex\u00edvel para caminh\u00e3o, com controle por aplicativo Bluetooth, painel de LED male\u00e1vel e dobr\u00e1vel, texto personalizado, \u00edcones e anima\u00e7\u00f5es para uso em dispositivos m\u00f3veis. Solicite um or\u00e7amento agora!\",\"breadcrumb\":{\"@id\":\"https:\\\/\\\/www.telaled.com\\\/fabrica\\\/tela-de-led-flexivel-para-caminhao\\\/#breadcrumb\"},\"inLanguage\":\"nl-NL\",\"potentialAction\":[{\"@type\":\"ReadAction\",\"target\":[\"https:\\\/\\\/www.telaled.com\\\/fabrica\\\/tela-de-led-flexivel-para-caminhao\\\/\"]}]},{\"@type\":\"ImageObject\",\"inLanguage\":\"nl-NL\",\"@id\":\"https:\\\/\\\/www.telaled.com\\\/fabrica\\\/tela-de-led-flexivel-para-caminhao\\\/#primaryimage\",\"url\":\"https:\\\/\\\/www.telaled.com\\\/wp-content\\\/uploads\\\/2025\\\/11\\\/Tela-de-LED-flexivel-para-Caminhao.webp\",\"contentUrl\":\"https:\\\/\\\/www.telaled.com\\\/wp-content\\\/uploads\\\/2025\\\/11\\\/Tela-de-LED-flexivel-para-Caminhao.webp\",\"width\":500,\"height\":500,\"caption\":\"Tela-de-LED-flex\u00edvel-para-Caminh\u00e3o\"},{\"@type\":\"BreadcrumbList\",\"@id\":\"https:\\\/\\\/www.telaled.com\\\/fabrica\\\/tela-de-led-flexivel-para-caminhao\\\/#breadcrumb\",\"itemListElement\":[{\"@type\":\"ListItem\",\"position\":1,\"name\":\"Home\",\"item\":\"https:\\\/\\\/www.telaled.com\\\/\"},{\"@type\":\"ListItem\",\"position\":2,\"name\":\"Produtos\",\"item\":\"https:\\\/\\\/www.telaled.com\\\/shop\\\/\"},{\"@type\":\"ListItem\",\"position\":3,\"name\":\"Tela de LED flex\u00edvel para Caminh\u00e3o\"}]},{\"@type\":\"WebSite\",\"@id\":\"https:\\\/\\\/www.telaled.com\\\/#website\",\"url\":\"https:\\\/\\\/www.telaled.com\\\/\",\"name\":\"TELALED\",\"description\":\"\",\"potentialAction\":[{\"@type\":\"SearchAction\",\"target\":{\"@type\":\"EntryPoint\",\"urlTemplate\":\"https:\\\/\\\/www.telaled.com\\\/?s={search_term_string}\"},\"query-input\":{\"@type\":\"PropertyValueSpecification\",\"valueRequired\":true,\"valueName\":\"search_term_string\"}}],\"inLanguage\":\"nl-NL\"}]}<\/script>\n<!-- \/ Yoast SEO plugin. -->","yoast_head_json":{"title":"Flexibel LED-scherm voor vrachtwagens | Mobiele advertentieoplossingen | TELALED","description":"Flexibel LED-display voor vrachtwagens, met Bluetooth-appbediening, buigzaam en opvouwbaar LED-paneel, aanpasbare tekst, pictogrammen en animaties voor gebruik op mobiele apparaten. Vraag nu een offerte aan!","robots":{"index":"index","follow":"follow","max-snippet":"max-snippet:-1","max-image-preview":"max-image-preview:large","max-video-preview":"max-video-preview:-1"},"canonical":"https:\/\/www.telaled.com\/nl\/fabrica\/tela-de-led-flexivel-para-caminhao\/","og_locale":"nl_NL","og_type":"article","og_title":"Tela de LED flex\u00edvel para Caminh\u00e3o | Solu\u00e7\u00f5es de publicidade m\u00f3vel | TELALED","og_description":"Tela de LED flex\u00edvel para caminh\u00e3o, com controle por aplicativo Bluetooth, painel de LED male\u00e1vel e dobr\u00e1vel, texto personalizado, \u00edcones e anima\u00e7\u00f5es para uso em dispositivos m\u00f3veis. Solicite um or\u00e7amento agora!","og_url":"https:\/\/www.telaled.com\/nl\/fabrica\/tela-de-led-flexivel-para-caminhao\/","og_site_name":"TELALED","article_modified_time":"2026-01-11T05:45:03+00:00","og_image":[{"width":500,"height":500,"url":"https:\/\/www.telaled.com\/wp-content\/uploads\/2025\/11\/Tela-de-LED-flexivel-para-Caminhao.webp","type":"image\/webp"}],"twitter_card":"summary_large_image","twitter_misc":{"Geschatte leestijd":"3 minuten"},"schema":{"@context":"https:\/\/schema.org","@graph":[{"@type":"WebPage","@id":"https:\/\/www.telaled.com\/fabrica\/tela-de-led-flexivel-para-caminhao\/","url":"https:\/\/www.telaled.com\/fabrica\/tela-de-led-flexivel-para-caminhao\/","name":"Flexibel LED-scherm voor vrachtwagens | Mobiele advertentieoplossingen | TELALED","isPartOf":{"@id":"https:\/\/www.telaled.com\/#website"},"primaryImageOfPage":{"@id":"https:\/\/www.telaled.com\/fabrica\/tela-de-led-flexivel-para-caminhao\/#primaryimage"},"image":{"@id":"https:\/\/www.telaled.com\/fabrica\/tela-de-led-flexivel-para-caminhao\/#primaryimage"},"thumbnailUrl":"https:\/\/www.telaled.com\/wp-content\/uploads\/2025\/11\/Tela-de-LED-flexivel-para-Caminhao.webp","datePublished":"2025-11-13T09:51:41+00:00","dateModified":"2026-01-11T05:45:03+00:00","description":"Flexibel LED-display voor vrachtwagens, met Bluetooth-appbediening, buigzaam en opvouwbaar LED-paneel, aanpasbare tekst, pictogrammen en animaties voor gebruik op mobiele apparaten. Vraag nu een offerte aan!","breadcrumb":{"@id":"https:\/\/www.telaled.com\/fabrica\/tela-de-led-flexivel-para-caminhao\/#breadcrumb"},"inLanguage":"nl-NL","potentialAction":[{"@type":"ReadAction","target":["https:\/\/www.telaled.com\/fabrica\/tela-de-led-flexivel-para-caminhao\/"]}]},{"@type":"ImageObject","inLanguage":"nl-NL","@id":"https:\/\/www.telaled.com\/fabrica\/tela-de-led-flexivel-para-caminhao\/#primaryimage","url":"https:\/\/www.telaled.com\/wp-content\/uploads\/2025\/11\/Tela-de-LED-flexivel-para-Caminhao.webp","contentUrl":"https:\/\/www.telaled.com\/wp-content\/uploads\/2025\/11\/Tela-de-LED-flexivel-para-Caminhao.webp","width":500,"height":500,"caption":"Tela-de-LED-flex\u00edvel-para-Caminh\u00e3o"},{"@type":"BreadcrumbList","@id":"https:\/\/www.telaled.com\/fabrica\/tela-de-led-flexivel-para-caminhao\/#breadcrumb","itemListElement":[{"@type":"ListItem","position":1,"name":"Home","item":"https:\/\/www.telaled.com\/"},{"@type":"ListItem","position":2,"name":"Produtos","item":"https:\/\/www.telaled.com\/shop\/"},{"@type":"ListItem","position":3,"name":"Tela de LED flex\u00edvel para Caminh\u00e3o"}]},{"@type":"WebSite","@id":"https:\/\/www.telaled.com\/#website","url":"https:\/\/www.telaled.com\/","name":"LED-scherm","description":"","potentialAction":[{"@type":"SearchAction","target":{"@type":"EntryPoint","urlTemplate":"https:\/\/www.telaled.com\/?s={search_term_string}"},"query-input":{"@type":"PropertyValueSpecification","valueRequired":true,"valueName":"search_term_string"}}],"inLanguage":"nl-NL"}]}},"_links":{"self":[{"href":"https:\/\/www.telaled.com\/nl\/wp-json\/wp\/v2\/product\/5483","targetHints":{"allow":["GET"]}}],"collection":[{"href":"https:\/\/www.telaled.com\/nl\/wp-json\/wp\/v2\/product"}],"about":[{"href":"https:\/\/www.telaled.com\/nl\/wp-json\/wp\/v2\/types\/product"}],"wp:featuredmedia":[{"embeddable":true,"href":"https:\/\/www.telaled.com\/nl\/wp-json\/wp\/v2\/media\/5490"}],"wp:attachment":[{"href":"https:\/\/www.telaled.com\/nl\/wp-json\/wp\/v2\/media?parent=5483"}],"wp:term":[{"taxonomy":"product_brand","embeddable":true,"href":"https:\/\/www.telaled.com\/nl\/wp-json\/wp\/v2\/product_brand?post=5483"},{"taxonomy":"product_cat","embeddable":true,"href":"https:\/\/www.telaled.com\/nl\/wp-json\/wp\/v2\/product_cat?post=5483"},{"taxonomy":"product_tag","embeddable":true,"href":"https:\/\/www.telaled.com\/nl\/wp-json\/wp\/v2\/product_tag?post=5483"}],"curies":[{"name":"wp","href":"https:\/\/api.w.org\/{rel}","templated":true}]}}