{"id":3928,"date":"2025-10-09T02:28:13","date_gmt":"2025-10-09T02:28:13","guid":{"rendered":"https:\/\/www.telaled.com\/?post_type=product&#038;p=3928"},"modified":"2026-01-07T01:14:05","modified_gmt":"2026-01-07T01:14:05","slug":"electronic-gym-scoreboard-serie-tei","status":"publish","type":"product","link":"https:\/\/www.telaled.com\/nl\/fabrica\/electronic-gym-scoreboard-serie-tei\/","title":{"rendered":"Elektronisch Gym Scorebord TEI-serie"},"content":{"rendered":"<div class=\"row\"  id=\"row-341293947\">\n\n\t<div id=\"col-514246939\" class=\"col small-12 large-12\"  >\n\t\t\t\t<div class=\"col-inner\"  >\n\t\t\t\n\t\t\t\n<h2>Elektronisch Gym Scorebord TEI-serie<\/h2>\n<h3><strong>Superieure duurzaamheid<\/strong><\/h3>\n<ul>\n<li>IP65-geclassificeerde ijzeren behuizing die bestand is tegen stof, regen en hitte.<\/li>\n<li>De constructie van 960\u00d7960 mm en 40 kg garandeert de stabiliteit van de mobiele trap.<\/li>\n<li>LED&#039;s <a href=\"https:\/\/www.telaled.com\/nl\/led-smd\/\">SMD<\/a> De 1G1R1B-batterijen gaan meer dan 100.000 uur mee.<\/li>\n<li>Corrosiewerende onderdelen met effici\u00ebnte koeling.<\/li>\n<\/ul>\n<h3><strong>Uitzonderlijke visuele kwaliteit<\/strong><\/h3>\n<ul>\n<li>Pixelgrootte van 4 mm en pixeldichtheid van 62.500 dots\/m\u00b2 voor scherpe details.<\/li>\n<li>Helderheid van 5.000-7.000 nits voor zichtbaarheid in zonlicht.<\/li>\n<li>Een contrastverhouding van 10.000:1 met 68,7 miljard kleuren.<\/li>\n<li>Vernieuwingsfrequentie van 1920-3840 Hz voor vloeiende video.<\/li>\n<\/ul>\n<h3><strong>Volledige aanpassingsvermogen<\/strong><\/h3>\n<ul>\n<li>SDK-ondersteuning voor updates en beheer op afstand.<\/li>\n<li>Brede kijkhoeken van 140\u00b0 zorgen voor helderheid.<\/li>\n<li>Modulaire panelen van 250\u00d7250 mm voor eenvoudige installatie.<\/li>\n<li>Ideaal voor vrachtwagens, winkelcentra, luchthavens en evenementen.<\/li>\n<\/ul>\n<h3><strong>Uitgebreide ondersteuning<\/strong><\/h3>\n<ul>\n<li>24\/7 deskundige technische ondersteuning: ontvang altijd en overal betrouwbare hulp met ons 24\/7-ondersteuningsteam.<\/li>\n<li>Extra 5%-reserveonderdelen. Bij elke bestelling worden extra vervangende onderdelen meegeleverd. Dit zorgt voor een grotere betrouwbaarheid en geeft u meer gemoedsrust.<\/li>\n<li>3 jaar verlengde garantie Profiteer van langdurige prestaties en betrouwbare service, ondersteund door een verlengde garantie van 3 jaar voor maximale bescherming.<\/li>\n<\/ul>\n<h2>Productdetails<\/h2>\n<div class=\"row\"  id=\"row-2100868196\">\n\n\t<div id=\"col-372247878\" class=\"col medium-10 small-12 large-10\"  >\n\t\t\t\t<div class=\"col-inner text-left\"  >\n\t\t\t\n\t\t\t\n<ul>\n<li>Volg elke herhaling en ronde met de <em><strong>Elektronisch Gym Scorebord<\/strong><\/em>Met een felgroene voortgangsbalk en led-afteldisplay werkt het als een personal trainer en helpt het je intervallen, rustperiodes en totale trainingstijd bij te houden. Met deze slimme timer kun je je trainingsvoortgang in \u00e9\u00e9n oogopslag volgen, zodat elke sessie georganiseerd en effici\u00ebnt blijft.<\/li>\n<\/ul>\n\t<div class=\"img has-hover x md-x lg-x y md-y lg-y\" id=\"image_472445953\">\n\t\t\t\t\t\t\t\t<div class=\"img-inner dark\" >\n\t\t\t<img loading=\"lazy\" decoding=\"async\" width=\"970\" height=\"600\" src=\"https:\/\/www.telaled.com\/wp-content\/uploads\/2025\/10\/Electronic-gym-scoreboard7.jpg\" class=\"attachment-original size-original\" alt=\"Elektronisch gymscorebord7\" srcset=\"https:\/\/www.telaled.com\/wp-content\/uploads\/2025\/10\/Electronic-gym-scoreboard7.jpg 970w, https:\/\/www.telaled.com\/wp-content\/uploads\/2025\/10\/Electronic-gym-scoreboard7-300x186.jpg 300w, https:\/\/www.telaled.com\/wp-content\/uploads\/2025\/10\/Electronic-gym-scoreboard7-768x475.jpg 768w, https:\/\/www.telaled.com\/wp-content\/uploads\/2025\/10\/Electronic-gym-scoreboard7-18x12.jpg 18w, https:\/\/www.telaled.com\/wp-content\/uploads\/2025\/10\/Electronic-gym-scoreboard7-600x371.jpg 600w\" sizes=\"auto, (max-width: 970px) 100vw, 970px\" \/>\t\t\t\t\t\t\n\t\t\t\t\t<\/div>\n\t\t\t\t\t\t\t\t\n<style>\n#image_472445953 {\n  width: 80%;\n}\n<\/style>\n\t<\/div>\n\t\n<ul>\n<li>Een <em><strong>Elektronisch Gym Scorebord<\/strong><\/em> Het verbetert de veiligheid en effici\u00ebntie van de training door middel van duidelijke LED-timers en voortgangsindicatoren. Gebruikers kunnen hiermee de trainingstijd, rustperiodes en prestaties in realtime volgen. Trainers kunnen de voortgang eenvoudig monitoren en trainingsschema&#039;s aanpassen. Perfect voor <a href=\"https:\/\/www.telaled.com\/nl\/cronometro-academia\/\">sportscholen<\/a> In zijn studio&#039;s garandeert hij georganiseerde, consistente en effectieve trainingssessies voor alle fitnessniveaus.<\/li>\n<\/ul>\n\t<div class=\"img has-hover x md-x lg-x y md-y lg-y\" id=\"image_266664337\">\n\t\t\t\t\t\t\t\t<div class=\"img-inner dark\" >\n\t\t\t<img loading=\"lazy\" decoding=\"async\" width=\"568\" height=\"438\" src=\"https:\/\/www.telaled.com\/wp-content\/uploads\/2025\/10\/Electronic-gym-scoreboard8.webp\" class=\"attachment-large size-large\" alt=\"\" srcset=\"https:\/\/www.telaled.com\/wp-content\/uploads\/2025\/10\/Electronic-gym-scoreboard8.webp 568w, https:\/\/www.telaled.com\/wp-content\/uploads\/2025\/10\/Electronic-gym-scoreboard8-300x231.webp 300w, https:\/\/www.telaled.com\/wp-content\/uploads\/2025\/10\/Electronic-gym-scoreboard8-16x12.webp 16w\" sizes=\"auto, (max-width: 568px) 100vw, 568px\" \/>\t\t\t\t\t\t\n\t\t\t\t\t<\/div>\n\t\t\t\t\t\t\t\t\n<style>\n#image_266664337 {\n  width: 80%;\n}\n<\/style>\n\t<\/div>\n\t\n<ul>\n<li><strong><em>Elektronisch Gym Scorebord<\/em> TEI-serie<\/strong>\u00a0 Ze worden verpakt in versterkte houten kratten ter bescherming tijdens transport. Elk exemplaar wordt veilig verpakt om schade door ongedierte, stoten en andere gevaren te voorkomen. Dit garandeert duurzaamheid en veilige levering.<\/li>\n<\/ul>\n\t<div class=\"img has-hover x md-x lg-x y md-y lg-y\" id=\"image_333666458\">\n\t\t\t\t\t\t\t\t<div class=\"img-inner dark\" >\n\t\t\t<img loading=\"lazy\" decoding=\"async\" width=\"760\" height=\"1024\" src=\"https:\/\/www.telaled.com\/wp-content\/uploads\/2025\/08\/36123f2c-de60-488d-af81-255cd4aee54a-760x1024.webp\" class=\"attachment-large size-large\" alt=\"\" srcset=\"https:\/\/www.telaled.com\/wp-content\/uploads\/2025\/08\/36123f2c-de60-488d-af81-255cd4aee54a-760x1024.webp 760w, https:\/\/www.telaled.com\/wp-content\/uploads\/2025\/08\/36123f2c-de60-488d-af81-255cd4aee54a-223x300.webp 223w, https:\/\/www.telaled.com\/wp-content\/uploads\/2025\/08\/36123f2c-de60-488d-af81-255cd4aee54a-768x1035.webp 768w, https:\/\/www.telaled.com\/wp-content\/uploads\/2025\/08\/36123f2c-de60-488d-af81-255cd4aee54a-9x12.webp 9w, https:\/\/www.telaled.com\/wp-content\/uploads\/2025\/08\/36123f2c-de60-488d-af81-255cd4aee54a-600x808.webp 600w, https:\/\/www.telaled.com\/wp-content\/uploads\/2025\/08\/36123f2c-de60-488d-af81-255cd4aee54a.webp 795w\" sizes=\"auto, (max-width: 760px) 100vw, 760px\" \/>\t\t\t\t\t\t\n\t\t\t\t\t<\/div>\n\t\t\t\t\t\t\t\t\n<style>\n#image_333666458 {\n  width: 80%;\n}\n<\/style>\n\t<\/div>\n\t\n\n<table id=\"tablepress-102\" class=\"tablepress tablepress-id-102\">\n<thead>\n<tr class=\"row-1\">\n\t<th class=\"column-1\">Maximale voorbereidingstijd<\/th><th class=\"column-2\">24 uur<\/th><th class=\"column-3\">Minimale voorbereidingstijd<\/th><th class=\"column-4\">10 seconden<\/th>\n<\/tr>\n<\/thead>\n<tbody class=\"row-striping row-hover\">\n<tr class=\"row-2\">\n\t<td class=\"column-1\">Nominale spanning<\/td><td class=\"column-2\">220 V<\/td><td class=\"column-3\">Modelnummer<\/td><td class=\"column-4\">TEI-serie<\/td>\n<\/tr>\n<tr class=\"row-3\">\n\t<td class=\"column-1\">Markering<\/td><td class=\"column-2\">LED-scherm<\/td><td class=\"column-3\">Plaats van herkomst<\/td><td class=\"column-4\">Shenzhen, China<\/td>\n<\/tr>\n<tr class=\"row-4\">\n\t<td class=\"column-1\">Controle<\/td><td class=\"column-2\">Afstandsbediening<\/td><td class=\"column-3\">Hoger beroep<\/td><td class=\"column-4\">Draagbaar<\/td>\n<\/tr>\n<tr class=\"row-5\">\n\t<td class=\"column-1\">Frequentie<\/td><td class=\"column-2\">50 Hz<\/td><td class=\"column-3\">Materiaal<\/td><td class=\"column-4\">Aluminiumlegering<\/td>\n<\/tr>\n<tr class=\"row-6\">\n\t<td class=\"column-1\">Theorie<\/td><td class=\"column-2\">Digitaal<\/td><td class=\"column-3\">Type<\/td><td class=\"column-4\">Afteltimer<\/td>\n<\/tr>\n<tr class=\"row-7\">\n\t<td class=\"column-1\">Sollicitatie<\/td><td class=\"column-2\">Multifunctioneel<\/td><td class=\"column-3\">Operatie<\/td><td class=\"column-4\">Afstandsbediening<\/td>\n<\/tr>\n<tr class=\"row-8\">\n\t<td class=\"column-1\">Karakterhoogte<\/td><td class=\"column-2\">4 inch<\/td><td class=\"column-3\">Structuur<\/td><td class=\"column-4\">Aluminiumlegering<\/td>\n<\/tr>\n<tr class=\"row-9\">\n\t<td class=\"column-1\">Productnaam<\/td><td class=\"column-2\">klok, optellen\/aftellen, stopwatch, intervaltraining\/rust<\/td><td class=\"column-3\">Certificering<\/td><td class=\"column-4\">CE, RoHS<\/td>\n<\/tr>\n<\/tbody>\n<\/table>\n<!-- #tablepress-102 from cache -->\n\t\t<\/div>\n\t\t\t\t\t<\/div>\n\n\t\n<\/div>\n\t\t<\/div>\n\t\t\t\t\t<\/div>\n\n\t\n<\/div>","protected":false},"excerpt":{"rendered":"<p><em><strong>Elektronisch Gym Scorebord TEI-serie<\/strong><\/em> \u2013 Multifunctionele LED-timer en stopwatch.<\/p>\n<p>DE <em><strong>Elektronisch Gym Scorebord TEI-serie<\/strong><\/em>\u00a0Het is een digitale timer van 220 V met een 4-inch led-display en een aluminium behuizing. Hij ondersteunt optel-, aftel-, stopwatch- en intervalmodi, allemaal te bedienen met een afstandsbediening.<\/p>\n<p><strong>Belangrijkste kenmerken:<\/strong><\/p>\n<ul>\n<li><strong>Precieze tijdsbereik:<\/strong> Instelbaar van 10 seconden tot 24 uur voor trainingen., <a href=\"https:\/\/www.telaled.com\/nl\/telao-de-led-para-eventos\/\">evenementen<\/a> of voor industrieel gebruik.<\/li>\n<li><strong>Scherp 4\u2033 LED-scherm:<\/strong> Heldere cijfers zorgen voor zichtbaarheid, zelfs in goed verlichte ruimtes.<\/li>\n<li><strong>Duurzaam en handig:<\/strong> aluminium behuizing met afstandsbediening en CE\/RoHS-gecertificeerde betrouwbaarheid.<\/li>\n<\/ul>\n<p>Onze experts zijn 24\/7 beschikbaar, dag en nacht, met ondersteuning op afstand en 3 jaar productgarantie. Vraag vandaag nog uw offerte op maat aan.<\/p>","protected":false},"featured_media":3944,"template":"","meta":[],"product_brand":[],"product_cat":[48,40],"product_tag":[],"class_list":{"0":"post-3928","1":"product","2":"type-product","3":"status-publish","4":"has-post-thumbnail","6":"product_cat-paineis-personalizados","7":"product_cat-painel-de-led","9":"first","10":"instock","11":"shipping-taxable","12":"product-type-simple"},"yoast_head":"<!-- This site is optimized with the Yoast SEO plugin v27.4 - https:\/\/yoast.com\/product\/yoast-seo-wordpress\/ -->\n<title>Electronic Gym Scoreboard S\u00e9rie TEI | Temporizador digital LED para esportes e fitness | TELALED<\/title>\n<meta name=\"description\" content=\"Obtenha o Electronic Gym Scoreboard S\u00e9rie TEI com cron\u00f4metro, contagem regressiva e controle remoto sem fio; ideal para treinos e sess\u00f5es de treino.\" \/>\n<meta name=\"robots\" content=\"index, follow, max-snippet:-1, max-image-preview:large, max-video-preview:-1\" \/>\n<link rel=\"canonical\" href=\"https:\/\/www.telaled.com\/nl\/fabrica\/electronic-gym-scoreboard-serie-tei\/\" \/>\n<meta property=\"og:locale\" content=\"nl_NL\" \/>\n<meta property=\"og:type\" content=\"article\" \/>\n<meta property=\"og:title\" content=\"Electronic Gym Scoreboard S\u00e9rie TEI | Temporizador digital LED para esportes e fitness | TELALED\" \/>\n<meta property=\"og:description\" content=\"Obtenha o Electronic Gym Scoreboard S\u00e9rie TEI com cron\u00f4metro, contagem regressiva e controle remoto sem fio; ideal para treinos e sess\u00f5es de treino.\" \/>\n<meta property=\"og:url\" content=\"https:\/\/www.telaled.com\/nl\/fabrica\/electronic-gym-scoreboard-serie-tei\/\" \/>\n<meta property=\"og:site_name\" content=\"TELALED\" \/>\n<meta property=\"article:modified_time\" content=\"2026-01-07T01:14:05+00:00\" \/>\n<meta property=\"og:image\" content=\"https:\/\/www.telaled.com\/wp-content\/uploads\/2025\/10\/Electronic-gym-scoreboard.webp\" \/>\n\t<meta property=\"og:image:width\" content=\"500\" \/>\n\t<meta property=\"og:image:height\" content=\"500\" \/>\n\t<meta property=\"og:image:type\" content=\"image\/webp\" \/>\n<meta name=\"twitter:card\" content=\"summary_large_image\" \/>\n<meta name=\"twitter:label1\" content=\"Geschatte leestijd\" \/>\n\t<meta name=\"twitter:data1\" content=\"3 minuten\" \/>\n<script type=\"application\/ld+json\" class=\"yoast-schema-graph\">{\"@context\":\"https:\\\/\\\/schema.org\",\"@graph\":[{\"@type\":\"WebPage\",\"@id\":\"https:\\\/\\\/www.telaled.com\\\/fabrica\\\/electronic-gym-scoreboard-serie-tei\\\/\",\"url\":\"https:\\\/\\\/www.telaled.com\\\/fabrica\\\/electronic-gym-scoreboard-serie-tei\\\/\",\"name\":\"Electronic Gym Scoreboard S\u00e9rie TEI | Temporizador digital LED para esportes e fitness | TELALED\",\"isPartOf\":{\"@id\":\"https:\\\/\\\/www.telaled.com\\\/#website\"},\"primaryImageOfPage\":{\"@id\":\"https:\\\/\\\/www.telaled.com\\\/fabrica\\\/electronic-gym-scoreboard-serie-tei\\\/#primaryimage\"},\"image\":{\"@id\":\"https:\\\/\\\/www.telaled.com\\\/fabrica\\\/electronic-gym-scoreboard-serie-tei\\\/#primaryimage\"},\"thumbnailUrl\":\"https:\\\/\\\/www.telaled.com\\\/wp-content\\\/uploads\\\/2025\\\/10\\\/Electronic-gym-scoreboard.webp\",\"datePublished\":\"2025-10-09T02:28:13+00:00\",\"dateModified\":\"2026-01-07T01:14:05+00:00\",\"description\":\"Obtenha o Electronic Gym Scoreboard S\u00e9rie TEI com cron\u00f4metro, contagem regressiva e controle remoto sem fio; ideal para treinos e sess\u00f5es de treino.\",\"breadcrumb\":{\"@id\":\"https:\\\/\\\/www.telaled.com\\\/fabrica\\\/electronic-gym-scoreboard-serie-tei\\\/#breadcrumb\"},\"inLanguage\":\"nl-NL\",\"potentialAction\":[{\"@type\":\"ReadAction\",\"target\":[\"https:\\\/\\\/www.telaled.com\\\/fabrica\\\/electronic-gym-scoreboard-serie-tei\\\/\"]}]},{\"@type\":\"ImageObject\",\"inLanguage\":\"nl-NL\",\"@id\":\"https:\\\/\\\/www.telaled.com\\\/fabrica\\\/electronic-gym-scoreboard-serie-tei\\\/#primaryimage\",\"url\":\"https:\\\/\\\/www.telaled.com\\\/wp-content\\\/uploads\\\/2025\\\/10\\\/Electronic-gym-scoreboard.webp\",\"contentUrl\":\"https:\\\/\\\/www.telaled.com\\\/wp-content\\\/uploads\\\/2025\\\/10\\\/Electronic-gym-scoreboard.webp\",\"width\":500,\"height\":500,\"caption\":\"Electronic-gym-scoreboard\"},{\"@type\":\"BreadcrumbList\",\"@id\":\"https:\\\/\\\/www.telaled.com\\\/fabrica\\\/electronic-gym-scoreboard-serie-tei\\\/#breadcrumb\",\"itemListElement\":[{\"@type\":\"ListItem\",\"position\":1,\"name\":\"Home\",\"item\":\"https:\\\/\\\/www.telaled.com\\\/\"},{\"@type\":\"ListItem\",\"position\":2,\"name\":\"Produtos\",\"item\":\"https:\\\/\\\/www.telaled.com\\\/shop\\\/\"},{\"@type\":\"ListItem\",\"position\":3,\"name\":\"Electronic Gym Scoreboard S\u00e9rie TEI\"}]},{\"@type\":\"WebSite\",\"@id\":\"https:\\\/\\\/www.telaled.com\\\/#website\",\"url\":\"https:\\\/\\\/www.telaled.com\\\/\",\"name\":\"TELALED\",\"description\":\"\",\"potentialAction\":[{\"@type\":\"SearchAction\",\"target\":{\"@type\":\"EntryPoint\",\"urlTemplate\":\"https:\\\/\\\/www.telaled.com\\\/?s={search_term_string}\"},\"query-input\":{\"@type\":\"PropertyValueSpecification\",\"valueRequired\":true,\"valueName\":\"search_term_string\"}}],\"inLanguage\":\"nl-NL\"}]}<\/script>\n<!-- \/ Yoast SEO plugin. -->","yoast_head_json":{"title":"Elektronisch scorebord voor sportscholen TEI-serie | Digitale LED-timer voor sport en fitness | LED-scherm","description":"Bestel het elektronische fitness scorebord uit de TEI-serie met stopwatch, afteltimer en draadloze afstandsbediening; ideaal voor trainingen.","robots":{"index":"index","follow":"follow","max-snippet":"max-snippet:-1","max-image-preview":"max-image-preview:large","max-video-preview":"max-video-preview:-1"},"canonical":"https:\/\/www.telaled.com\/nl\/fabrica\/electronic-gym-scoreboard-serie-tei\/","og_locale":"nl_NL","og_type":"article","og_title":"Electronic Gym Scoreboard S\u00e9rie TEI | Temporizador digital LED para esportes e fitness | TELALED","og_description":"Obtenha o Electronic Gym Scoreboard S\u00e9rie TEI com cron\u00f4metro, contagem regressiva e controle remoto sem fio; ideal para treinos e sess\u00f5es de treino.","og_url":"https:\/\/www.telaled.com\/nl\/fabrica\/electronic-gym-scoreboard-serie-tei\/","og_site_name":"TELALED","article_modified_time":"2026-01-07T01:14:05+00:00","og_image":[{"width":500,"height":500,"url":"https:\/\/www.telaled.com\/wp-content\/uploads\/2025\/10\/Electronic-gym-scoreboard.webp","type":"image\/webp"}],"twitter_card":"summary_large_image","twitter_misc":{"Geschatte leestijd":"3 minuten"},"schema":{"@context":"https:\/\/schema.org","@graph":[{"@type":"WebPage","@id":"https:\/\/www.telaled.com\/fabrica\/electronic-gym-scoreboard-serie-tei\/","url":"https:\/\/www.telaled.com\/fabrica\/electronic-gym-scoreboard-serie-tei\/","name":"Elektronisch scorebord voor sportscholen TEI-serie | Digitale LED-timer voor sport en fitness | LED-scherm","isPartOf":{"@id":"https:\/\/www.telaled.com\/#website"},"primaryImageOfPage":{"@id":"https:\/\/www.telaled.com\/fabrica\/electronic-gym-scoreboard-serie-tei\/#primaryimage"},"image":{"@id":"https:\/\/www.telaled.com\/fabrica\/electronic-gym-scoreboard-serie-tei\/#primaryimage"},"thumbnailUrl":"https:\/\/www.telaled.com\/wp-content\/uploads\/2025\/10\/Electronic-gym-scoreboard.webp","datePublished":"2025-10-09T02:28:13+00:00","dateModified":"2026-01-07T01:14:05+00:00","description":"Bestel het elektronische fitness scorebord uit de TEI-serie met stopwatch, afteltimer en draadloze afstandsbediening; ideaal voor trainingen.","breadcrumb":{"@id":"https:\/\/www.telaled.com\/fabrica\/electronic-gym-scoreboard-serie-tei\/#breadcrumb"},"inLanguage":"nl-NL","potentialAction":[{"@type":"ReadAction","target":["https:\/\/www.telaled.com\/fabrica\/electronic-gym-scoreboard-serie-tei\/"]}]},{"@type":"ImageObject","inLanguage":"nl-NL","@id":"https:\/\/www.telaled.com\/fabrica\/electronic-gym-scoreboard-serie-tei\/#primaryimage","url":"https:\/\/www.telaled.com\/wp-content\/uploads\/2025\/10\/Electronic-gym-scoreboard.webp","contentUrl":"https:\/\/www.telaled.com\/wp-content\/uploads\/2025\/10\/Electronic-gym-scoreboard.webp","width":500,"height":500,"caption":"Electronic-gym-scoreboard"},{"@type":"BreadcrumbList","@id":"https:\/\/www.telaled.com\/fabrica\/electronic-gym-scoreboard-serie-tei\/#breadcrumb","itemListElement":[{"@type":"ListItem","position":1,"name":"Home","item":"https:\/\/www.telaled.com\/"},{"@type":"ListItem","position":2,"name":"Produtos","item":"https:\/\/www.telaled.com\/shop\/"},{"@type":"ListItem","position":3,"name":"Electronic Gym Scoreboard S\u00e9rie TEI"}]},{"@type":"WebSite","@id":"https:\/\/www.telaled.com\/#website","url":"https:\/\/www.telaled.com\/","name":"LED-scherm","description":"","potentialAction":[{"@type":"SearchAction","target":{"@type":"EntryPoint","urlTemplate":"https:\/\/www.telaled.com\/?s={search_term_string}"},"query-input":{"@type":"PropertyValueSpecification","valueRequired":true,"valueName":"search_term_string"}}],"inLanguage":"nl-NL"}]}},"_links":{"self":[{"href":"https:\/\/www.telaled.com\/nl\/wp-json\/wp\/v2\/product\/3928","targetHints":{"allow":["GET"]}}],"collection":[{"href":"https:\/\/www.telaled.com\/nl\/wp-json\/wp\/v2\/product"}],"about":[{"href":"https:\/\/www.telaled.com\/nl\/wp-json\/wp\/v2\/types\/product"}],"wp:featuredmedia":[{"embeddable":true,"href":"https:\/\/www.telaled.com\/nl\/wp-json\/wp\/v2\/media\/3944"}],"wp:attachment":[{"href":"https:\/\/www.telaled.com\/nl\/wp-json\/wp\/v2\/media?parent=3928"}],"wp:term":[{"taxonomy":"product_brand","embeddable":true,"href":"https:\/\/www.telaled.com\/nl\/wp-json\/wp\/v2\/product_brand?post=3928"},{"taxonomy":"product_cat","embeddable":true,"href":"https:\/\/www.telaled.com\/nl\/wp-json\/wp\/v2\/product_cat?post=3928"},{"taxonomy":"product_tag","embeddable":true,"href":"https:\/\/www.telaled.com\/nl\/wp-json\/wp\/v2\/product_tag?post=3928"}],"curies":[{"name":"wp","href":"https:\/\/api.w.org\/{rel}","templated":true}]}}