{"id":3906,"date":"2025-10-08T14:42:58","date_gmt":"2025-10-08T14:42:58","guid":{"rendered":"https:\/\/www.telaled.com\/?post_type=product&#038;p=3906"},"modified":"2026-01-06T09:51:58","modified_gmt":"2026-01-06T09:51:58","slug":"placar-eletronico-de-futebol-serie-tef","status":"publish","type":"product","link":"https:\/\/www.telaled.com\/nl\/fabrica\/placar-eletronico-de-futebol-serie-tef\/","title":{"rendered":"Elektronisch voetbalscorebord TEF-serie"},"content":{"rendered":"<div class=\"row\"  id=\"row-456773017\">\n\n\t<div id=\"col-657778430\" class=\"col small-12 large-12\"  >\n\t\t\t\t<div class=\"col-inner\"  >\n\t\t\t\n\t\t\t\n<h2><strong>Unieke voordelen van het elektronische voetbalscorebord uit de TEF-serie<\/strong><\/h2>\n<h3><strong>Professionele LED-technologie<\/strong><\/h3>\n<ul>\n<li>Dankzij de zeer heldere LED-lampen blijft de zichtbaarheid behouden, zelfs in direct zonlicht.<\/li>\n<li>Energiezuinig ontwerp zorgt voor langdurig gebruik.<\/li>\n<li>Een constante helderheid zorgt ervoor dat spelers en toeschouwers de tekst duidelijk kunnen lezen.<\/li>\n<\/ul>\n<h3><strong>Ge\u00efntegreerd score- en tijdsysteem<\/strong><\/h3>\n<ul>\n<li>Combineert timing en scoreregistratie in \u00e9\u00e9n compact apparaat.<\/li>\n<li>Ondersteunt handmatige of draadloze bediening voor flexibele bediening.<\/li>\n<li>Ideaal voor schoolvelden, sportcomplexen en clubwedstrijden.<\/li>\n<\/ul>\n<h3><strong>Robuuste constructie en betrouwbare prestaties<\/strong><\/h3>\n<ul>\n<li>Stootvaste en corrosiebestendige aluminiumlegeringstructuur.<\/li>\n<li>Het stabiele interne systeem voorkomt oververhitting tijdens lange games.<\/li>\n<li>Ontworpen voor continu gebruik buitenshuis, ongeacht de weersomstandigheden.<\/li>\n<\/ul>\n<h3><strong>Flexibele installatie<\/strong><\/h3>\n<ul>\n<li>Geschikt voor wandmontage, statiefmontage en plaatsing op locatie.<\/li>\n<li>Dankzij de lichte constructie is snelle montage en transport mogelijk.<\/li>\n<li>Werkt perfect op permanente en tijdelijke locaties.<\/li>\n<\/ul>\n<h2><strong>Productdetails<\/strong><\/h2>\n<div class=\"row\"  id=\"row-1366567389\">\n\n\t<div id=\"col-580380974\" class=\"col medium-10 small-12 large-10\"  >\n\t\t\t\t<div class=\"col-inner text-left\"  >\n\t\t\t\n\t\t\t\n<ul>\n<li><strong>Meerdere scoremodi<\/strong> \u2013 De <strong>Elektronisch voetbalscorebord TEF-serie<\/strong> Het ondersteunt diverse sporten, waaronder <a href=\"https:\/\/www.telaled.com\/nl\/fabrica\/placar-eletronico-para-basquete-serie-tee\/\">basketbal<\/a>, voetbal, <a href=\"https:\/\/www.telaled.com\/nl\/fabrica\/placar-eletronico-para-volei-serie-teb\/\">volleybal<\/a> En <a href=\"https:\/\/www.telaled.com\/nl\/fabrica\/placar-eletronico-para-badminton-serie-ted\/\">badminton<\/a>. Dankzij de veelzijdige programmering is het ideaal voor scholen., <a href=\"https:\/\/www.telaled.com\/nl\/cronometro-academia\/\">sportscholen<\/a> en sportfaciliteiten waar verschillende sporten worden beoefend.<\/li>\n<\/ul>\n\t<div class=\"img has-hover x md-x lg-x y md-y lg-y\" id=\"image_1508641796\">\n\t\t\t\t\t\t\t\t<div class=\"img-inner dark\" >\n\t\t\t<img loading=\"lazy\" decoding=\"async\" width=\"648\" height=\"1024\" src=\"https:\/\/www.telaled.com\/wp-content\/uploads\/2025\/10\/Multi-scoring-modes-648x1024.webp\" class=\"attachment-large size-large\" alt=\"Meerdere scoremodi\" srcset=\"https:\/\/www.telaled.com\/wp-content\/uploads\/2025\/10\/Multi-scoring-modes-648x1024.webp 648w, https:\/\/www.telaled.com\/wp-content\/uploads\/2025\/10\/Multi-scoring-modes-190x300.webp 190w, https:\/\/www.telaled.com\/wp-content\/uploads\/2025\/10\/Multi-scoring-modes-768x1214.webp 768w, https:\/\/www.telaled.com\/wp-content\/uploads\/2025\/10\/Multi-scoring-modes-8x12.webp 8w, https:\/\/www.telaled.com\/wp-content\/uploads\/2025\/10\/Multi-scoring-modes-600x949.webp 600w, https:\/\/www.telaled.com\/wp-content\/uploads\/2025\/10\/Multi-scoring-modes.webp 790w\" sizes=\"auto, (max-width: 648px) 100vw, 648px\" \/>\t\t\t\t\t\t\n\t\t\t\t\t<\/div>\n\t\t\t\t\t\t\t\t\n<style>\n#image_1508641796 {\n  width: 80%;\n}\n<\/style>\n\t<\/div>\n\t\n<ul>\n<li><strong>Multifunctioneel ontwerp<\/strong> Dit draagbare scorebord is voorzien van een ingebouwde zoemer, aan\/uit-schakelaar, console-aansluitpoort, antenne-interface en een uitschuifbare standaard voor eenvoudige installatie. Elk onderdeel verbetert de bruikbaarheid en zorgt voor een soepele en betrouwbare werking in elke omgeving.<\/li>\n<\/ul>\n\t<div class=\"img has-hover x md-x lg-x y md-y lg-y\" id=\"image_1286888540\">\n\t\t\t\t\t\t\t\t<div class=\"img-inner dark\" >\n\t\t\t<img loading=\"lazy\" decoding=\"async\" width=\"790\" height=\"1646\" src=\"https:\/\/www.telaled.com\/wp-content\/uploads\/2025\/10\/Function.webp\" class=\"attachment-original size-original\" alt=\"Elektronische voetbalscorebordfunctie TEF-serie\" srcset=\"https:\/\/www.telaled.com\/wp-content\/uploads\/2025\/10\/Function.webp 790w, https:\/\/www.telaled.com\/wp-content\/uploads\/2025\/10\/Function-144x300.webp 144w, https:\/\/www.telaled.com\/wp-content\/uploads\/2025\/10\/Function-491x1024.webp 491w, https:\/\/www.telaled.com\/wp-content\/uploads\/2025\/10\/Function-768x1600.webp 768w, https:\/\/www.telaled.com\/wp-content\/uploads\/2025\/10\/Function-737x1536.webp 737w, https:\/\/www.telaled.com\/wp-content\/uploads\/2025\/10\/Function-6x12.webp 6w, https:\/\/www.telaled.com\/wp-content\/uploads\/2025\/10\/Function-600x1250.webp 600w\" sizes=\"auto, (max-width: 790px) 100vw, 790px\" \/>\t\t\t\t\t\t\n\t\t\t\t\t<\/div>\n\t\t\t\t\t\t\t\t\n<style>\n#image_1286888540 {\n  width: 79%;\n}\n<\/style>\n\t<\/div>\n\t\n<ul>\n<li><strong>Met bedieningsconsole<\/strong> \u2013 De multifunctionele bedieningsconsole heeft een helder display en een ingebouwde oplaadbare batterij. Hij biedt eenvoudige bediening, stabiele signaaloverdracht en bediening op afstand, waardoor gebruikers volledige controle hebben tijdens het gamen.<\/li>\n<\/ul>\n\t<div class=\"img has-hover x md-x lg-x y md-y lg-y\" id=\"image_513686732\">\n\t\t\t\t\t\t\t\t<div class=\"img-inner dark\" >\n\t\t\t<img loading=\"lazy\" decoding=\"async\" width=\"790\" height=\"926\" src=\"https:\/\/www.telaled.com\/wp-content\/uploads\/2025\/10\/Control-Console.webp\" class=\"attachment-large size-large\" alt=\"\" srcset=\"https:\/\/www.telaled.com\/wp-content\/uploads\/2025\/10\/Control-Console.webp 790w, https:\/\/www.telaled.com\/wp-content\/uploads\/2025\/10\/Control-Console-256x300.webp 256w, https:\/\/www.telaled.com\/wp-content\/uploads\/2025\/10\/Control-Console-768x900.webp 768w, https:\/\/www.telaled.com\/wp-content\/uploads\/2025\/10\/Control-Console-10x12.webp 10w, https:\/\/www.telaled.com\/wp-content\/uploads\/2025\/10\/Control-Console-600x703.webp 600w\" sizes=\"auto, (max-width: 790px) 100vw, 790px\" \/>\t\t\t\t\t\t\n\t\t\t\t\t<\/div>\n\t\t\t\t\t\t\t\t\n<style>\n#image_513686732 {\n  width: 80%;\n}\n<\/style>\n\t<\/div>\n\t\n<ul>\n<li><strong>Compact formaat en eenvoudig te positioneren<\/strong> \u2013 De <strong>Elektronisch voetbalscorebord TEF-serie<\/strong> De afmetingen zijn 592 mm x 374 mm, terwijl de bedieningsconsole 275 mm x 170 mm meet. Beide units zijn lichtgewicht en compact, waardoor ze gemakkelijk te vervoeren, op te bergen en te installeren zijn op het veld of de baan.<\/li>\n<\/ul>\n\t<div class=\"img has-hover x md-x lg-x y md-y lg-y\" id=\"image_1565501701\">\n\t\t\t\t\t\t\t\t<div class=\"img-inner dark\" >\n\t\t\t<img loading=\"lazy\" decoding=\"async\" width=\"790\" height=\"814\" src=\"https:\/\/www.telaled.com\/wp-content\/uploads\/2025\/10\/Size.webp\" class=\"attachment-large size-large\" alt=\"\" srcset=\"https:\/\/www.telaled.com\/wp-content\/uploads\/2025\/10\/Size.webp 790w, https:\/\/www.telaled.com\/wp-content\/uploads\/2025\/10\/Size-291x300.webp 291w, https:\/\/www.telaled.com\/wp-content\/uploads\/2025\/10\/Size-768x791.webp 768w, https:\/\/www.telaled.com\/wp-content\/uploads\/2025\/10\/Size-12x12.webp 12w, https:\/\/www.telaled.com\/wp-content\/uploads\/2025\/10\/Size-600x618.webp 600w\" sizes=\"auto, (max-width: 790px) 100vw, 790px\" \/>\t\t\t\t\t\t\n\t\t\t\t\t<\/div>\n\t\t\t\t\t\t\t\t\n<style>\n#image_1565501701 {\n  width: 80%;\n}\n<\/style>\n\t<\/div>\n\t\n<ul>\n<li>DE <strong>Elektronisch voetbalscorebord TEF-serie<\/strong>\u00a0Het is verpakt in stevige houten kratten, verstevigd om langeafstandstransport te weerstaan. Elke unit is stevig vastgemaakt om schade door ongedierte of stoten te voorkomen, zodat het in perfecte staat en klaar voor gebruik aankomt.<\/li>\n<\/ul>\n\t<div class=\"img has-hover x md-x lg-x y md-y lg-y\" id=\"image_1712589362\">\n\t\t\t\t\t\t\t\t<div class=\"img-inner dark\" >\n\t\t\t<img loading=\"lazy\" decoding=\"async\" width=\"760\" height=\"1024\" src=\"https:\/\/www.telaled.com\/wp-content\/uploads\/2025\/08\/36123f2c-de60-488d-af81-255cd4aee54a-760x1024.webp\" class=\"attachment-large size-large\" alt=\"\" srcset=\"https:\/\/www.telaled.com\/wp-content\/uploads\/2025\/08\/36123f2c-de60-488d-af81-255cd4aee54a-760x1024.webp 760w, https:\/\/www.telaled.com\/wp-content\/uploads\/2025\/08\/36123f2c-de60-488d-af81-255cd4aee54a-223x300.webp 223w, https:\/\/www.telaled.com\/wp-content\/uploads\/2025\/08\/36123f2c-de60-488d-af81-255cd4aee54a-768x1035.webp 768w, https:\/\/www.telaled.com\/wp-content\/uploads\/2025\/08\/36123f2c-de60-488d-af81-255cd4aee54a-9x12.webp 9w, https:\/\/www.telaled.com\/wp-content\/uploads\/2025\/08\/36123f2c-de60-488d-af81-255cd4aee54a-600x808.webp 600w, https:\/\/www.telaled.com\/wp-content\/uploads\/2025\/08\/36123f2c-de60-488d-af81-255cd4aee54a.webp 795w\" sizes=\"auto, (max-width: 760px) 100vw, 760px\" \/>\t\t\t\t\t\t\n\t\t\t\t\t<\/div>\n\t\t\t\t\t\t\t\t\n<style>\n#image_1712589362 {\n  width: 80%;\n}\n<\/style>\n\t<\/div>\n\t\n\n<table id=\"tablepress-101\" class=\"tablepress tablepress-id-101\">\n<thead>\n<tr class=\"row-1\">\n\t<th colspan=\"4\" class=\"column-1\">Belangrijkste kenmerken<\/th>\n<\/tr>\n<\/thead>\n<tbody class=\"row-striping row-hover\">\n<tr class=\"row-2\">\n\t<td class=\"column-1\">Materiaal<\/td><td class=\"column-2\">ABS<\/td><td class=\"column-3\"><\/td><td class=\"column-4\"><\/td>\n<\/tr>\n<tr class=\"row-3\">\n\t<td class=\"column-1\">Paneelgrootte<\/td><td class=\"column-2\">59,2*37,4 cm<\/td><td class=\"column-3\"><\/td><td class=\"column-4\"><\/td>\n<\/tr>\n<tr class=\"row-4\">\n\t<td class=\"column-1\">Controle<\/td><td class=\"column-2\">Troosten<\/td><td class=\"column-3\"><\/td><td class=\"column-4\"><\/td>\n<\/tr>\n<tr class=\"row-5\">\n\t<td class=\"column-1\">Uitgangsspanning<\/td><td class=\"column-2\">12,6 V 1 A<\/td><td class=\"column-3\"><\/td><td class=\"column-4\"><\/td>\n<\/tr>\n<tr class=\"row-6\">\n\t<td class=\"column-1\">Zichtbare afstand<\/td><td class=\"column-2\">&lt;50m<\/td><td class=\"column-3\"><\/td><td class=\"column-4\"><\/td>\n<\/tr>\n<tr class=\"row-7\">\n\t<td class=\"column-1\">Framemateriaal<\/td><td class=\"column-2\">ABS<\/td><td class=\"column-3\"><\/td><td class=\"column-4\"><\/td>\n<\/tr>\n<tr class=\"row-8\">\n\t<td class=\"column-1\">Ingangsspanning<\/td><td class=\"column-2\">100-240 VAC 50\/60 Hz<\/td><td class=\"column-3\"><\/td><td class=\"column-4\"><\/td>\n<\/tr>\n<tr class=\"row-9\">\n\t<td class=\"column-1\">Stroom<\/td><td class=\"column-2\">&lt;7W<\/td><td class=\"column-3\"><\/td><td class=\"column-4\"><\/td>\n<\/tr>\n<\/tbody>\n<\/table>\n<!-- #tablepress-101 from cache -->\n\t\t<\/div>\n\t\t\t\t\t<\/div>\n\n\t\n<\/div>\n\t\t<\/div>\n\t\t\t\t\t<\/div>\n\n\t\n<\/div>","protected":false},"excerpt":{"rendered":"<p><strong> Elektronisch voetbalscorebord TEF-serie \u2013 Nauwkeurige timing voor elke wedstrijd<\/strong><\/p>\n<p>DE <em><strong>Elektronisch voetbalscorebord TEF-serie<\/strong><\/em> Geeft nauwkeurige timing en scores weer op \u00e9\u00e9n modern scherm. Ontworpen voor trainingssessies en offici\u00eble wedstrijden, zorgt het ervoor dat elk doelpunt, elke seconde en elke score duidelijk zichtbaar zijn op het veld.<\/p>\n<p><strong>4 belangrijke voordelen:<\/strong><\/p>\n<ul>\n<li><strong>Nauwkeurige speltiming<\/strong> \u2013 Houdt nauwkeurig de duur van de wedstrijd bij, zodat scheidsrechters en spelers op schema blijven.<\/li>\n<li><strong>Hoge zichtbaarheid display<\/strong> \u2013 Maakt gebruik van heldere LED-cijfers voor een duidelijke weergave vanuit elke hoek of afstand.<\/li>\n<li><strong>Duurzaam voor buitengebruik<\/strong> \u2013 Gemaakt van weerbestendige materialen om alle omstandigheden te kunnen weerstaan.<\/li>\n<li><strong>Eenvoudige bediening<\/strong> \u2013 Met eenvoudige bediening kunnen gebruikers de timing zonder vertraging starten, pauzeren en opnieuw starten.<\/li>\n<\/ul>\n<p><span style=\"font-weight: 400;\">Ons team biedt 24\/7 ondersteuning op afstand en 3 jaar garantie. Neem vandaag nog contact met ons op voor een offerte op maat.<\/span><\/p>","protected":false},"featured_media":3918,"template":"","meta":[],"product_brand":[],"product_cat":[48,40,44,46],"product_tag":[],"class_list":{"0":"post-3906","1":"product","2":"type-product","3":"status-publish","4":"has-post-thumbnail","6":"product_cat-paineis-personalizados","7":"product_cat-painel-de-led","8":"product_cat-painel-de-led-flexivel","9":"product_cat-painel-de-video","11":"first","12":"instock","13":"shipping-taxable","14":"product-type-simple"},"yoast_head":"<!-- This site is optimized with the Yoast SEO plugin v27.5 - https:\/\/yoast.com\/product\/yoast-seo-wordpress\/ -->\n<title>Placar Eletronico de Futebol S\u00e9rie TEF | TELALED<\/title>\n<meta name=\"description\" content=\"Placar Eletronico de Futebol S\u00e9rie TEF: um placar LED profissional com cronometragem precisa e exibi\u00e7\u00e3o de pontua\u00e7\u00e3o clara. Encomende agora!\" \/>\n<meta name=\"robots\" content=\"index, follow, max-snippet:-1, max-image-preview:large, max-video-preview:-1\" \/>\n<link rel=\"canonical\" href=\"https:\/\/www.telaled.com\/nl\/fabrica\/placar-eletronico-de-futebol-serie-tef\/\" \/>\n<meta property=\"og:locale\" content=\"nl_NL\" \/>\n<meta property=\"og:type\" content=\"article\" \/>\n<meta property=\"og:title\" content=\"Placar Eletronico de Futebol S\u00e9rie TEF | TELALED\" \/>\n<meta property=\"og:description\" content=\"Placar Eletronico de Futebol S\u00e9rie TEF: um placar LED profissional com cronometragem precisa e exibi\u00e7\u00e3o de pontua\u00e7\u00e3o clara. Encomende agora!\" \/>\n<meta property=\"og:url\" content=\"https:\/\/www.telaled.com\/nl\/fabrica\/placar-eletronico-de-futebol-serie-tef\/\" \/>\n<meta property=\"og:site_name\" content=\"TELALED\" \/>\n<meta property=\"article:modified_time\" content=\"2026-01-06T09:51:58+00:00\" \/>\n<meta property=\"og:image\" content=\"https:\/\/www.telaled.com\/wp-content\/uploads\/2025\/10\/Placar-eletronico-de-futebol.webp\" \/>\n\t<meta property=\"og:image:width\" content=\"500\" \/>\n\t<meta property=\"og:image:height\" content=\"500\" \/>\n\t<meta property=\"og:image:type\" content=\"image\/webp\" \/>\n<meta name=\"twitter:card\" content=\"summary_large_image\" \/>\n<meta name=\"twitter:label1\" content=\"Geschatte leestijd\" \/>\n\t<meta name=\"twitter:data1\" content=\"3 minuten\" \/>\n<script type=\"application\/ld+json\" class=\"yoast-schema-graph\">{\"@context\":\"https:\\\/\\\/schema.org\",\"@graph\":[{\"@type\":\"WebPage\",\"@id\":\"https:\\\/\\\/www.telaled.com\\\/fabrica\\\/placar-eletronico-de-futebol-serie-tef\\\/\",\"url\":\"https:\\\/\\\/www.telaled.com\\\/fabrica\\\/placar-eletronico-de-futebol-serie-tef\\\/\",\"name\":\"Placar Eletronico de Futebol S\u00e9rie TEF | TELALED\",\"isPartOf\":{\"@id\":\"https:\\\/\\\/www.telaled.com\\\/#website\"},\"primaryImageOfPage\":{\"@id\":\"https:\\\/\\\/www.telaled.com\\\/fabrica\\\/placar-eletronico-de-futebol-serie-tef\\\/#primaryimage\"},\"image\":{\"@id\":\"https:\\\/\\\/www.telaled.com\\\/fabrica\\\/placar-eletronico-de-futebol-serie-tef\\\/#primaryimage\"},\"thumbnailUrl\":\"https:\\\/\\\/www.telaled.com\\\/wp-content\\\/uploads\\\/2025\\\/10\\\/Placar-eletronico-de-futebol.webp\",\"datePublished\":\"2025-10-08T14:42:58+00:00\",\"dateModified\":\"2026-01-06T09:51:58+00:00\",\"description\":\"Placar Eletronico de Futebol S\u00e9rie TEF: um placar LED profissional com cronometragem precisa e exibi\u00e7\u00e3o de pontua\u00e7\u00e3o clara. Encomende agora!\",\"breadcrumb\":{\"@id\":\"https:\\\/\\\/www.telaled.com\\\/fabrica\\\/placar-eletronico-de-futebol-serie-tef\\\/#breadcrumb\"},\"inLanguage\":\"nl-NL\",\"potentialAction\":[{\"@type\":\"ReadAction\",\"target\":[\"https:\\\/\\\/www.telaled.com\\\/fabrica\\\/placar-eletronico-de-futebol-serie-tef\\\/\"]}]},{\"@type\":\"ImageObject\",\"inLanguage\":\"nl-NL\",\"@id\":\"https:\\\/\\\/www.telaled.com\\\/fabrica\\\/placar-eletronico-de-futebol-serie-tef\\\/#primaryimage\",\"url\":\"https:\\\/\\\/www.telaled.com\\\/wp-content\\\/uploads\\\/2025\\\/10\\\/Placar-eletronico-de-futebol.webp\",\"contentUrl\":\"https:\\\/\\\/www.telaled.com\\\/wp-content\\\/uploads\\\/2025\\\/10\\\/Placar-eletronico-de-futebol.webp\",\"width\":500,\"height\":500,\"caption\":\"Placar eletronico de futebol\"},{\"@type\":\"BreadcrumbList\",\"@id\":\"https:\\\/\\\/www.telaled.com\\\/fabrica\\\/placar-eletronico-de-futebol-serie-tef\\\/#breadcrumb\",\"itemListElement\":[{\"@type\":\"ListItem\",\"position\":1,\"name\":\"Home\",\"item\":\"https:\\\/\\\/www.telaled.com\\\/\"},{\"@type\":\"ListItem\",\"position\":2,\"name\":\"Produtos\",\"item\":\"https:\\\/\\\/www.telaled.com\\\/shop\\\/\"},{\"@type\":\"ListItem\",\"position\":3,\"name\":\"Placar Eletronico de Futebol S\u00e9rie TEF\"}]},{\"@type\":\"WebSite\",\"@id\":\"https:\\\/\\\/www.telaled.com\\\/#website\",\"url\":\"https:\\\/\\\/www.telaled.com\\\/\",\"name\":\"TELALED\",\"description\":\"\",\"potentialAction\":[{\"@type\":\"SearchAction\",\"target\":{\"@type\":\"EntryPoint\",\"urlTemplate\":\"https:\\\/\\\/www.telaled.com\\\/?s={search_term_string}\"},\"query-input\":{\"@type\":\"PropertyValueSpecification\",\"valueRequired\":true,\"valueName\":\"search_term_string\"}}],\"inLanguage\":\"nl-NL\"}]}<\/script>\n<!-- \/ Yoast SEO plugin. -->","yoast_head_json":{"title":"Elektronisch voetbalscorebord TEF-serie | TELALED","description":"Elektronisch voetbalscorebord uit de TEF-serie: een professioneel LED-scorebord met nauwkeurige timing en duidelijke scoreweergave. Bestel nu!","robots":{"index":"index","follow":"follow","max-snippet":"max-snippet:-1","max-image-preview":"max-image-preview:large","max-video-preview":"max-video-preview:-1"},"canonical":"https:\/\/www.telaled.com\/nl\/fabrica\/placar-eletronico-de-futebol-serie-tef\/","og_locale":"nl_NL","og_type":"article","og_title":"Placar Eletronico de Futebol S\u00e9rie TEF | TELALED","og_description":"Placar Eletronico de Futebol S\u00e9rie TEF: um placar LED profissional com cronometragem precisa e exibi\u00e7\u00e3o de pontua\u00e7\u00e3o clara. Encomende agora!","og_url":"https:\/\/www.telaled.com\/nl\/fabrica\/placar-eletronico-de-futebol-serie-tef\/","og_site_name":"TELALED","article_modified_time":"2026-01-06T09:51:58+00:00","og_image":[{"width":500,"height":500,"url":"https:\/\/www.telaled.com\/wp-content\/uploads\/2025\/10\/Placar-eletronico-de-futebol.webp","type":"image\/webp"}],"twitter_card":"summary_large_image","twitter_misc":{"Geschatte leestijd":"3 minuten"},"schema":{"@context":"https:\/\/schema.org","@graph":[{"@type":"WebPage","@id":"https:\/\/www.telaled.com\/fabrica\/placar-eletronico-de-futebol-serie-tef\/","url":"https:\/\/www.telaled.com\/fabrica\/placar-eletronico-de-futebol-serie-tef\/","name":"Elektronisch voetbalscorebord TEF-serie | TELALED","isPartOf":{"@id":"https:\/\/www.telaled.com\/#website"},"primaryImageOfPage":{"@id":"https:\/\/www.telaled.com\/fabrica\/placar-eletronico-de-futebol-serie-tef\/#primaryimage"},"image":{"@id":"https:\/\/www.telaled.com\/fabrica\/placar-eletronico-de-futebol-serie-tef\/#primaryimage"},"thumbnailUrl":"https:\/\/www.telaled.com\/wp-content\/uploads\/2025\/10\/Placar-eletronico-de-futebol.webp","datePublished":"2025-10-08T14:42:58+00:00","dateModified":"2026-01-06T09:51:58+00:00","description":"Elektronisch voetbalscorebord uit de TEF-serie: een professioneel LED-scorebord met nauwkeurige timing en duidelijke scoreweergave. Bestel nu!","breadcrumb":{"@id":"https:\/\/www.telaled.com\/fabrica\/placar-eletronico-de-futebol-serie-tef\/#breadcrumb"},"inLanguage":"nl-NL","potentialAction":[{"@type":"ReadAction","target":["https:\/\/www.telaled.com\/fabrica\/placar-eletronico-de-futebol-serie-tef\/"]}]},{"@type":"ImageObject","inLanguage":"nl-NL","@id":"https:\/\/www.telaled.com\/fabrica\/placar-eletronico-de-futebol-serie-tef\/#primaryimage","url":"https:\/\/www.telaled.com\/wp-content\/uploads\/2025\/10\/Placar-eletronico-de-futebol.webp","contentUrl":"https:\/\/www.telaled.com\/wp-content\/uploads\/2025\/10\/Placar-eletronico-de-futebol.webp","width":500,"height":500,"caption":"Placar eletronico de futebol"},{"@type":"BreadcrumbList","@id":"https:\/\/www.telaled.com\/fabrica\/placar-eletronico-de-futebol-serie-tef\/#breadcrumb","itemListElement":[{"@type":"ListItem","position":1,"name":"Home","item":"https:\/\/www.telaled.com\/"},{"@type":"ListItem","position":2,"name":"Produtos","item":"https:\/\/www.telaled.com\/shop\/"},{"@type":"ListItem","position":3,"name":"Placar Eletronico de Futebol S\u00e9rie TEF"}]},{"@type":"WebSite","@id":"https:\/\/www.telaled.com\/#website","url":"https:\/\/www.telaled.com\/","name":"LED-scherm","description":"","potentialAction":[{"@type":"SearchAction","target":{"@type":"EntryPoint","urlTemplate":"https:\/\/www.telaled.com\/?s={search_term_string}"},"query-input":{"@type":"PropertyValueSpecification","valueRequired":true,"valueName":"search_term_string"}}],"inLanguage":"nl-NL"}]}},"_links":{"self":[{"href":"https:\/\/www.telaled.com\/nl\/wp-json\/wp\/v2\/product\/3906","targetHints":{"allow":["GET"]}}],"collection":[{"href":"https:\/\/www.telaled.com\/nl\/wp-json\/wp\/v2\/product"}],"about":[{"href":"https:\/\/www.telaled.com\/nl\/wp-json\/wp\/v2\/types\/product"}],"wp:featuredmedia":[{"embeddable":true,"href":"https:\/\/www.telaled.com\/nl\/wp-json\/wp\/v2\/media\/3918"}],"wp:attachment":[{"href":"https:\/\/www.telaled.com\/nl\/wp-json\/wp\/v2\/media?parent=3906"}],"wp:term":[{"taxonomy":"product_brand","embeddable":true,"href":"https:\/\/www.telaled.com\/nl\/wp-json\/wp\/v2\/product_brand?post=3906"},{"taxonomy":"product_cat","embeddable":true,"href":"https:\/\/www.telaled.com\/nl\/wp-json\/wp\/v2\/product_cat?post=3906"},{"taxonomy":"product_tag","embeddable":true,"href":"https:\/\/www.telaled.com\/nl\/wp-json\/wp\/v2\/product_tag?post=3906"}],"curies":[{"name":"wp","href":"https:\/\/api.w.org\/{rel}","templated":true}]}}