{"id":3807,"date":"2025-10-06T23:00:34","date_gmt":"2025-10-06T23:00:34","guid":{"rendered":"https:\/\/www.telaled.com\/?post_type=product&#038;p=3807"},"modified":"2026-01-07T01:51:29","modified_gmt":"2026-01-07T01:51:29","slug":"e-paper-digital-signage-serie-taa","status":"publish","type":"product","link":"https:\/\/www.telaled.com\/nl\/fabrica\/e-paper-digital-signage-serie-taa\/","title":{"rendered":"E-paper Digital Signage TAA-serie"},"content":{"rendered":"<div class=\"row\"  id=\"row-964609341\">\n\n\t<div id=\"col-335255201\" class=\"col small-12 large-12\"  >\n\t\t\t\t<div class=\"col-inner\"  >\n\t\t\t\n\t\t\t\n<h2>E-paper Digital Signage TAA-serie<\/h2>\n<h3><strong>Superieure duurzaamheid<\/strong><\/h3>\n<ul>\n<li>Gemaakt van gegalvaniseerd ijzeren frame, antireflecterend gehard glas en IP65-behuizing met UV-bescherming.<\/li>\n<li>Bestand tegen schittering, hitte, vochtigheid en weersomstandigheden.<\/li>\n<\/ul>\n<h3><strong>Uitzonderlijke visuele kwaliteit<\/strong><\/h3>\n<ul>\n<li>DE <strong>E-Paper Digital Signage TAA-serie<\/strong> Zorgt voor een helder zicht in direct zonlicht.<\/li>\n<li>Laag energieverbruik en lange levensduur.<\/li>\n<li>Betrouwbare werking in omgevingen van 15\u00b0C tot 60\u00b0C.<\/li>\n<\/ul>\n<h3><strong>Volledige aanpassingsvermogen<\/strong><\/h3>\n<ul>\n<li>Verkrijgbaar in schermformaten van 31,5 inch, A2 en A4.<\/li>\n<li>Ondersteunt Wi-Fi en USB 2.0 voor snelle inhoudsupdates.<\/li>\n<li>Werkt op batterijen of DC voor draagbare of vaste installatie.<\/li>\n<\/ul>\n<h3><strong>Uitgebreide ondersteuning<\/strong><\/h3>\n<ul>\n<li><em><strong>24\/7 deskundige ondersteuning:<\/strong><\/em> U kunt altijd en overal rekenen op ons technische team om ervoor te zorgen dat uw systeem soepel blijft draaien.<\/li>\n<li><strong><em>Gratis reserveonderdelen inbegrepen:<\/em><\/strong> Bij elke bestelling worden 5% aan vervangende onderdelen meegeleverd, zodat uw display betrouwbaar blijft en klaar is voor elk project.<\/li>\n<li><em><strong>Gebouwd voor betrouwbaarheid:<\/strong><\/em> Extra componenten zorgen voor minimale uitvaltijd, wat zorgt voor een soepele werking en een langere levensduur.<\/li>\n<li><em><strong>3 jaar garantie:<\/strong><\/em> Geniet van volledige gemoedsrust met 3 jaar volledige garantie, betrouwbare service en langdurige bescherming voor uw investering.<\/li>\n<\/ul>\n<h2>Productdetails<\/h2>\n<div class=\"row\"  id=\"row-1610574839\">\n\n\t<div id=\"col-1785065353\" class=\"col medium-10 small-12 large-10\"  >\n\t\t\t\t<div class=\"col-inner text-left\"  >\n\t\t\t\n\t\t\t\n<ul>\n<li><em><strong>Digitaal E-paper S<\/strong><\/em><span data-sheets-root=\"1\"><em><strong>TAA-serie ontsteking<\/strong><\/em> de<\/span>Ze bieden een modern en milieuvriendelijk alternatief voor papieren posters. Ideaal voor POS-promoties, menu&#039;s, dienstregelingen en informatie over het openbaar vervoer. Ze bieden een heldere, consistente zichtbaarheid in zowel lichte als donkere omgevingen. PPP&#039;s zijn niet-verblindend, prettig voor de ogen en verminderen blauw licht. Perfect voor de detailhandel, horeca en openbare ruimtes.<\/li>\n<\/ul>\n\t<div class=\"img has-hover x md-x lg-x y md-y lg-y\" id=\"image_594924400\">\n\t\t\t\t\t\t\t\t<div class=\"img-inner dark\" >\n\t\t\t<img loading=\"lazy\" decoding=\"async\" width=\"1200\" height=\"900\" src=\"https:\/\/www.telaled.com\/wp-content\/uploads\/2025\/10\/e-paper-digital-signage7.webp\" class=\"attachment-original size-original\" alt=\"e-paper-digitale-signage7\" srcset=\"https:\/\/www.telaled.com\/wp-content\/uploads\/2025\/10\/e-paper-digital-signage7.webp 1200w, https:\/\/www.telaled.com\/wp-content\/uploads\/2025\/10\/e-paper-digital-signage7-300x225.webp 300w, https:\/\/www.telaled.com\/wp-content\/uploads\/2025\/10\/e-paper-digital-signage7-1024x768.webp 1024w, https:\/\/www.telaled.com\/wp-content\/uploads\/2025\/10\/e-paper-digital-signage7-768x576.webp 768w, https:\/\/www.telaled.com\/wp-content\/uploads\/2025\/10\/e-paper-digital-signage7-16x12.webp 16w, https:\/\/www.telaled.com\/wp-content\/uploads\/2025\/10\/e-paper-digital-signage7-600x450.webp 600w\" sizes=\"auto, (max-width: 1200px) 100vw, 1200px\" \/>\t\t\t\t\t\t\n\t\t\t\t\t<\/div>\n\t\t\t\t\t\t\t\t\n<style>\n#image_594924400 {\n  width: 80%;\n}\n<\/style>\n\t<\/div>\n\t\n<ul>\n<li>DE <em><strong>E-paper Digital Signage TAA-serie<\/strong><\/em> Lichtgewicht, eenvoudig te installeren en een innovatief ontwerp. Het ondersteunt slimme bediening en eenvoudige content-updates via USB, wifi of Bluetooth. Het biedt naadloze contentcontrole. Het werkt op batterijen en is draadloos, en kan aan de muur of in elke gewenste positie worden gemonteerd. Dit zorgt voor flexibel gebruik, minimaal onderhoud en betrouwbare prestaties voor moderne digital signage-oplossingen.<\/li>\n<\/ul>\n\t<div class=\"img has-hover x md-x lg-x y md-y lg-y\" id=\"image_1365698737\">\n\t\t\t\t\t\t\t\t<div class=\"img-inner dark\" >\n\t\t\t<img loading=\"lazy\" decoding=\"async\" width=\"1020\" height=\"765\" src=\"https:\/\/www.telaled.com\/wp-content\/uploads\/2025\/10\/e-paper-digital-signage8-1024x768.webp\" class=\"attachment-large size-large\" alt=\"e-paper-digitale-signage8\" srcset=\"https:\/\/www.telaled.com\/wp-content\/uploads\/2025\/10\/e-paper-digital-signage8-1024x768.webp 1024w, https:\/\/www.telaled.com\/wp-content\/uploads\/2025\/10\/e-paper-digital-signage8-300x225.webp 300w, https:\/\/www.telaled.com\/wp-content\/uploads\/2025\/10\/e-paper-digital-signage8-768x576.webp 768w, https:\/\/www.telaled.com\/wp-content\/uploads\/2025\/10\/e-paper-digital-signage8-16x12.webp 16w, https:\/\/www.telaled.com\/wp-content\/uploads\/2025\/10\/e-paper-digital-signage8-600x450.webp 600w, https:\/\/www.telaled.com\/wp-content\/uploads\/2025\/10\/e-paper-digital-signage8.webp 1200w\" sizes=\"auto, (max-width: 1020px) 100vw, 1020px\" \/>\t\t\t\t\t\t\n\t\t\t\t\t<\/div>\n\t\t\t\t\t\t\t\t\n<style>\n#image_1365698737 {\n  width: 80%;\n}\n<\/style>\n\t<\/div>\n\t\n<ul>\n<li>Ons <em><strong>E-paper Digital Signage TAA-serie<\/strong><\/em> Levert geanimeerde beelden die het publiek boeien en de merkherkenning vergroten. Ontworpen voor continu gebruik, 24\/7, biedt het een batterijduur van 6 tot 9 maanden, met een optionele ge\u00efntegreerde voeding voor een standalone opstelling. Lichtgewicht en duurzaam, perfect voor moderne, energiezuinige reclame en duurzame digitale displayoplossingen.<\/li>\n<\/ul>\n\t<div class=\"img has-hover x md-x lg-x y md-y lg-y\" id=\"image_1523834435\">\n\t\t\t\t\t\t\t\t<div class=\"img-inner dark\" >\n\t\t\t<img loading=\"lazy\" decoding=\"async\" width=\"650\" height=\"487\" src=\"https:\/\/www.telaled.com\/wp-content\/uploads\/2025\/10\/e-paper-displays.gif\" class=\"attachment-large size-large\" alt=\"e-paper digitale bewegwijzering9\" \/>\t\t\t\t\t\t\n\t\t\t\t\t<\/div>\n\t\t\t\t\t\t\t\t\n<style>\n#image_1523834435 {\n  width: 80%;\n}\n<\/style>\n\t<\/div>\n\t\n<ul>\n<li><em><strong>E-paper Digital Signage TAA-serie<\/strong><\/em> Ze worden verpakt in versterkte houten kratten ter bescherming tijdens transport. Elk exemplaar wordt veilig verpakt om schade door ongedierte, stoten en andere gevaren te voorkomen. Dit garandeert duurzaamheid en veilige levering.<\/li>\n<\/ul>\n\t<div class=\"img has-hover x md-x lg-x y md-y lg-y\" id=\"image_978047278\">\n\t\t\t\t\t\t\t\t<div class=\"img-inner dark\" >\n\t\t\t<img loading=\"lazy\" decoding=\"async\" width=\"760\" height=\"1024\" src=\"https:\/\/www.telaled.com\/wp-content\/uploads\/2025\/08\/36123f2c-de60-488d-af81-255cd4aee54a-760x1024.webp\" class=\"attachment-large size-large\" alt=\"\" srcset=\"https:\/\/www.telaled.com\/wp-content\/uploads\/2025\/08\/36123f2c-de60-488d-af81-255cd4aee54a-760x1024.webp 760w, https:\/\/www.telaled.com\/wp-content\/uploads\/2025\/08\/36123f2c-de60-488d-af81-255cd4aee54a-223x300.webp 223w, https:\/\/www.telaled.com\/wp-content\/uploads\/2025\/08\/36123f2c-de60-488d-af81-255cd4aee54a-768x1035.webp 768w, https:\/\/www.telaled.com\/wp-content\/uploads\/2025\/08\/36123f2c-de60-488d-af81-255cd4aee54a-9x12.webp 9w, https:\/\/www.telaled.com\/wp-content\/uploads\/2025\/08\/36123f2c-de60-488d-af81-255cd4aee54a-600x808.webp 600w, https:\/\/www.telaled.com\/wp-content\/uploads\/2025\/08\/36123f2c-de60-488d-af81-255cd4aee54a.webp 795w\" sizes=\"auto, (max-width: 760px) 100vw, 760px\" \/>\t\t\t\t\t\t\n\t\t\t\t\t<\/div>\n\t\t\t\t\t\t\t\t\n<style>\n#image_978047278 {\n  width: 80%;\n}\n<\/style>\n\t<\/div>\n\t\n\n<table id=\"tablepress-96\" class=\"tablepress tablepress-id-96\">\n<thead>\n<tr class=\"row-1\">\n\t<th class=\"column-1\">Algemene beschrijving<\/th><td class=\"column-2\"><\/td>\n<\/tr>\n<\/thead>\n<tbody class=\"row-striping row-hover\">\n<tr class=\"row-2\">\n\t<td class=\"column-1\">Materiaal<\/td><td class=\"column-2\">Gegalvaniseerd ijzer<\/td>\n<\/tr>\n<tr class=\"row-3\">\n\t<td class=\"column-1\">Dooskleur<\/td><td class=\"column-2\">Wit\/Zwart<\/td>\n<\/tr>\n<tr class=\"row-4\">\n\t<td class=\"column-1\">Interface (voor het afspelen van multimedia)<\/td><td class=\"column-2\">USB 2.0 \/ Wi-Fi<\/td>\n<\/tr>\n<tr class=\"row-5\">\n\t<td class=\"column-1\">Energieverbruik<\/td><td class=\"column-2\">12 V 5000 mA<\/td>\n<\/tr>\n<tr class=\"row-6\">\n\t<td class=\"column-1\">Bedrijfstijd<\/td><td class=\"column-2\">0 W (statische toestand) 6 tot 12 maanden (gebruikstijd varieert afhankelijk van de hoeveelheid bijgewerkte inhoud)<\/td>\n<\/tr>\n<tr class=\"row-7\">\n\t<td class=\"column-1\">Moduleparameters<\/td><td class=\"column-2\"><\/td>\n<\/tr>\n<tr class=\"row-8\">\n\t<td class=\"column-1\">Maat<\/td><td class=\"column-2\">31,5<\/td>\n<\/tr>\n<tr class=\"row-9\">\n\t<td class=\"column-1\">Schermresolutie<\/td><td class=\"column-2\">1920(H)x1080(V)<\/td>\n<\/tr>\n<tr class=\"row-10\">\n\t<td class=\"column-1\">Scherm<\/td><td class=\"column-2\">Kleuren e-paper scherm<\/td>\n<\/tr>\n<tr class=\"row-11\">\n\t<td class=\"column-1\">Tentoonstelling<\/td><td class=\"column-2\">Totale kleur<\/td>\n<\/tr>\n<tr class=\"row-12\">\n\t<td class=\"column-1\">Beeldverhouding van het scherm<\/td><td class=\"column-2\">16:9<\/td>\n<\/tr>\n<tr class=\"row-13\">\n\t<td class=\"column-1\">Weergavegebied (HXV)<\/td><td class=\"column-2\">363,38 mm x 697,68 mm<\/td>\n<\/tr>\n<tr class=\"row-14\">\n\t<td class=\"column-1\">Kijkhoek<\/td><td class=\"column-2\">178\u00b0 x 178\u00b0<\/td>\n<\/tr>\n<tr class=\"row-15\">\n\t<td class=\"column-1\">Reactietijd<\/td><td class=\"column-2\">1 ms<\/td>\n<\/tr>\n<tr class=\"row-16\">\n\t<td class=\"column-1\">Interne speler met extreem laag vermogen<\/td><td class=\"column-2\"><\/td>\n<\/tr>\n<tr class=\"row-17\">\n\t<td class=\"column-1\">MCU<\/td><td class=\"column-2\">Xtensa @ 32-bit Dual Core<\/td>\n<\/tr>\n<tr class=\"row-18\">\n\t<td class=\"column-1\">Opslag<\/td><td class=\"column-2\">120M EMMC<\/td>\n<\/tr>\n<tr class=\"row-19\">\n\t<td class=\"column-1\">Temperatuur en vochtigheid<\/td><td class=\"column-2\"><\/td>\n<\/tr>\n<tr class=\"row-20\">\n\t<td class=\"column-1\">Opslagtemperatuur<\/td><td class=\"column-2\">-25\u2103~ 70\u2103<\/td>\n<\/tr>\n<tr class=\"row-21\">\n\t<td class=\"column-1\">Bedrijfstemperatuur<\/td><td class=\"column-2\">-20\u2103~ 60\u2103<\/td>\n<\/tr>\n<tr class=\"row-22\">\n\t<td class=\"column-1\">Vochtigheid<\/td><td class=\"column-2\">10% ~ 90%<\/td>\n<\/tr>\n<tr class=\"row-23\">\n\t<td class=\"column-1\">Afmetingen\/Gewicht<\/td><td class=\"column-2\">Nettogewicht: 5 kg, Nettogewicht: 5 kg, Brutogewicht: 7,5 kg, Fysieke afmetingen: 728 mm x 423 mm x 20 mm Verpakkingsgrootte: 870 mm x 590 mm x 160 mm<\/td>\n<\/tr>\n<tr class=\"row-24\">\n\t<td class=\"column-1\">Muurbevestiging<\/td><td class=\"column-2\">VESA-ondersteuning 100x100mm, 200x200mm<\/td>\n<\/tr>\n<tr class=\"row-25\">\n\t<td class=\"column-1\">APl-netwerkbesturing<\/td><td class=\"column-2\">Accountbeheer, Terminal Device Management, Terminal- en Server Heartbeat-verbindingsinstellingen, Instellingen voor beeldcarrousel, Terminal slaap- en waakstand, Terminal slaap- en waakstandinstellingen (ultra-low power mode)<\/td>\n<\/tr>\n<tr class=\"row-26\">\n\t<td class=\"column-1\"><\/td><td class=\"column-2\"><\/td>\n<\/tr>\n<tr class=\"row-27\">\n\t<td class=\"column-1\"><\/td><td class=\"column-2\"><\/td>\n<\/tr>\n<tr class=\"row-28\">\n\t<td class=\"column-1\"><\/td><td class=\"column-2\"><\/td>\n<\/tr>\n<tr class=\"row-29\">\n\t<td class=\"column-1\"><\/td><td class=\"column-2\"><\/td>\n<\/tr>\n<tr class=\"row-30\">\n\t<td class=\"column-1\"><\/td><td class=\"column-2\"><\/td>\n<\/tr>\n<tr class=\"row-31\">\n\t<td class=\"column-1\"><\/td><td class=\"column-2\"><\/td>\n<\/tr>\n<\/tbody>\n<\/table>\n<!-- #tablepress-96 from cache -->\n\t\t<\/div>\n\t\t\t\t\t<\/div>\n\n\t\n<\/div>\n\t\t<\/div>\n\t\t\t\t\t<\/div>\n\n\t\n<\/div>","protected":false},"excerpt":{"rendered":"<p><strong>E-paper Digital Signage TAA-serie \u2013 Slimme kleuren E-ink-display voor reclame<\/strong><\/p>\n<p>Ervaar een nieuw tijdperk van duurzame reclame met onze <strong>E-paper Digital Signage TAA-serie<\/strong>. Dankzij de geavanceerde E-Ink-technologie levert het levendige beelden met zeer lage inktkosten. <a href=\"https:\/\/www.telaled.com\/nl\/entendendo-o-consumo-de-energia-painel-de-led-quao-eficientes-sao-os-displays-de-led-modernos\/\">energieverbruik<\/a>; Ideaal voor moderne bedrijven die waarde hechten aan effici\u00ebntie en milieuvriendelijkheid.<\/p>\n<p><strong>Belangrijkste kenmerken:<\/strong><\/p>\n<ul>\n<li>Maakt gebruik van reflecterende E-Ink-technologie om statische inhoud weer te geven zonder continue elektriciteit, waardoor de energiekosten worden verlaagd.<\/li>\n<li>Behoudt een hoog contrast en zichtbaarheid, zelfs bij fel buitenlicht. Ideaal voor openbare informatiepanelen en winkelreclame.<\/li>\n<li>Verkrijgbaar met USB 2.0- en Wi-Fi-interfaces, ter ondersteuning van flexibel beheer van multimediainhoud.<\/li>\n<li>Gebouwd voor duurzaamheid, met minimale warmteontwikkeling, recyclebare materialen en een lange levensduur voor minder onderhoud.<\/li>\n<\/ul>\n<p>Profiteer van betrouwbare 24\/7 ondersteuning op afstand, ondersteund door een uitgebreide garantie van 3 jaar. Neem vandaag nog contact met ons op voor een gratis, persoonlijke offerte, afgestemd op uw projectbehoeften.<\/p>","protected":false},"featured_media":3810,"template":"","meta":[],"product_brand":[],"product_cat":[15],"product_tag":[],"class_list":{"0":"post-3807","1":"product","2":"type-product","3":"status-publish","4":"has-post-thumbnail","6":"product_cat-sem-categoria","8":"first","9":"instock","10":"shipping-taxable","11":"product-type-simple"},"yoast_head":"<!-- This site is optimized with the Yoast SEO plugin v27.5 - https:\/\/yoast.com\/product\/yoast-seo-wordpress\/ -->\n<title>E-paper Digital Signage S\u00e9rie TAA | Tela de tinta eletr\u00f4nica colorida para publicidade externa com economia de energia | TELALED<\/title>\n<meta name=\"description\" content=\"Conhe\u00e7a a S\u00e9rie TAA de Sinaliza\u00e7\u00e3o Digital em Papel Eletr\u00f4nico com tecnologia full-color. Ideal para publicidade externa, oferece baix\u00edssimo consumo de energia, alta visibilidade e desempenho ecol\u00f3gico para sinaliza\u00e7\u00e3o digital inteligente.\" \/>\n<meta name=\"robots\" content=\"index, follow, max-snippet:-1, max-image-preview:large, max-video-preview:-1\" \/>\n<link rel=\"canonical\" href=\"https:\/\/www.telaled.com\/nl\/fabrica\/e-paper-digital-signage-serie-taa\/\" \/>\n<meta property=\"og:locale\" content=\"nl_NL\" \/>\n<meta property=\"og:type\" content=\"article\" \/>\n<meta property=\"og:title\" content=\"E-paper Digital Signage S\u00e9rie TAA | Tela de tinta eletr\u00f4nica colorida para publicidade externa com economia de energia | TELALED\" \/>\n<meta property=\"og:description\" content=\"Conhe\u00e7a a S\u00e9rie TAA de Sinaliza\u00e7\u00e3o Digital em Papel Eletr\u00f4nico com tecnologia full-color. Ideal para publicidade externa, oferece baix\u00edssimo consumo de energia, alta visibilidade e desempenho ecol\u00f3gico para sinaliza\u00e7\u00e3o digital inteligente.\" \/>\n<meta property=\"og:url\" content=\"https:\/\/www.telaled.com\/nl\/fabrica\/e-paper-digital-signage-serie-taa\/\" \/>\n<meta property=\"og:site_name\" content=\"TELALED\" \/>\n<meta property=\"article:modified_time\" content=\"2026-01-07T01:51:29+00:00\" \/>\n<meta property=\"og:image\" content=\"https:\/\/www.telaled.com\/wp-content\/uploads\/2025\/10\/e-paper-digital-signage-1.webp\" \/>\n\t<meta property=\"og:image:width\" content=\"500\" \/>\n\t<meta property=\"og:image:height\" content=\"500\" \/>\n\t<meta property=\"og:image:type\" content=\"image\/webp\" \/>\n<meta name=\"twitter:card\" content=\"summary_large_image\" \/>\n<meta name=\"twitter:label1\" content=\"Geschatte leestijd\" \/>\n\t<meta name=\"twitter:data1\" content=\"3 minuten\" \/>\n<script type=\"application\/ld+json\" class=\"yoast-schema-graph\">{\"@context\":\"https:\\\/\\\/schema.org\",\"@graph\":[{\"@type\":\"WebPage\",\"@id\":\"https:\\\/\\\/www.telaled.com\\\/fabrica\\\/e-paper-digital-signage-serie-taa\\\/\",\"url\":\"https:\\\/\\\/www.telaled.com\\\/fabrica\\\/e-paper-digital-signage-serie-taa\\\/\",\"name\":\"E-paper Digital Signage S\u00e9rie TAA | Tela de tinta eletr\u00f4nica colorida para publicidade externa com economia de energia | TELALED\",\"isPartOf\":{\"@id\":\"https:\\\/\\\/www.telaled.com\\\/#website\"},\"primaryImageOfPage\":{\"@id\":\"https:\\\/\\\/www.telaled.com\\\/fabrica\\\/e-paper-digital-signage-serie-taa\\\/#primaryimage\"},\"image\":{\"@id\":\"https:\\\/\\\/www.telaled.com\\\/fabrica\\\/e-paper-digital-signage-serie-taa\\\/#primaryimage\"},\"thumbnailUrl\":\"https:\\\/\\\/www.telaled.com\\\/wp-content\\\/uploads\\\/2025\\\/10\\\/e-paper-digital-signage-1.webp\",\"datePublished\":\"2025-10-06T23:00:34+00:00\",\"dateModified\":\"2026-01-07T01:51:29+00:00\",\"description\":\"Conhe\u00e7a a S\u00e9rie TAA de Sinaliza\u00e7\u00e3o Digital em Papel Eletr\u00f4nico com tecnologia full-color. Ideal para publicidade externa, oferece baix\u00edssimo consumo de energia, alta visibilidade e desempenho ecol\u00f3gico para sinaliza\u00e7\u00e3o digital inteligente.\",\"breadcrumb\":{\"@id\":\"https:\\\/\\\/www.telaled.com\\\/fabrica\\\/e-paper-digital-signage-serie-taa\\\/#breadcrumb\"},\"inLanguage\":\"nl-NL\",\"potentialAction\":[{\"@type\":\"ReadAction\",\"target\":[\"https:\\\/\\\/www.telaled.com\\\/fabrica\\\/e-paper-digital-signage-serie-taa\\\/\"]}]},{\"@type\":\"ImageObject\",\"inLanguage\":\"nl-NL\",\"@id\":\"https:\\\/\\\/www.telaled.com\\\/fabrica\\\/e-paper-digital-signage-serie-taa\\\/#primaryimage\",\"url\":\"https:\\\/\\\/www.telaled.com\\\/wp-content\\\/uploads\\\/2025\\\/10\\\/e-paper-digital-signage-1.webp\",\"contentUrl\":\"https:\\\/\\\/www.telaled.com\\\/wp-content\\\/uploads\\\/2025\\\/10\\\/e-paper-digital-signage-1.webp\",\"width\":500,\"height\":500,\"caption\":\"e-paper-digital-signage (1)\"},{\"@type\":\"BreadcrumbList\",\"@id\":\"https:\\\/\\\/www.telaled.com\\\/fabrica\\\/e-paper-digital-signage-serie-taa\\\/#breadcrumb\",\"itemListElement\":[{\"@type\":\"ListItem\",\"position\":1,\"name\":\"Home\",\"item\":\"https:\\\/\\\/www.telaled.com\\\/\"},{\"@type\":\"ListItem\",\"position\":2,\"name\":\"Produtos\",\"item\":\"https:\\\/\\\/www.telaled.com\\\/shop\\\/\"},{\"@type\":\"ListItem\",\"position\":3,\"name\":\"E-paper Digital Signage S\u00e9rie TAA\"}]},{\"@type\":\"WebSite\",\"@id\":\"https:\\\/\\\/www.telaled.com\\\/#website\",\"url\":\"https:\\\/\\\/www.telaled.com\\\/\",\"name\":\"TELALED\",\"description\":\"\",\"potentialAction\":[{\"@type\":\"SearchAction\",\"target\":{\"@type\":\"EntryPoint\",\"urlTemplate\":\"https:\\\/\\\/www.telaled.com\\\/?s={search_term_string}\"},\"query-input\":{\"@type\":\"PropertyValueSpecification\",\"valueRequired\":true,\"valueName\":\"search_term_string\"}}],\"inLanguage\":\"nl-NL\"}]}<\/script>\n<!-- \/ Yoast SEO plugin. -->","yoast_head_json":{"title":"E-paper Digital Signage TAA-serie | Energiebesparende full-color elektronische inktdisplay voor buitenreclame | TELALED","description":"Ontdek de TAA-serie elektronische, papieren digitale signage met full-color technologie. Ideaal voor buitenreclame, met een extreem laag energieverbruik, hoge zichtbaarheid en milieuvriendelijke prestaties voor slimme digitale signage.","robots":{"index":"index","follow":"follow","max-snippet":"max-snippet:-1","max-image-preview":"max-image-preview:large","max-video-preview":"max-video-preview:-1"},"canonical":"https:\/\/www.telaled.com\/nl\/fabrica\/e-paper-digital-signage-serie-taa\/","og_locale":"nl_NL","og_type":"article","og_title":"E-paper Digital Signage S\u00e9rie TAA | Tela de tinta eletr\u00f4nica colorida para publicidade externa com economia de energia | TELALED","og_description":"Conhe\u00e7a a S\u00e9rie TAA de Sinaliza\u00e7\u00e3o Digital em Papel Eletr\u00f4nico com tecnologia full-color. Ideal para publicidade externa, oferece baix\u00edssimo consumo de energia, alta visibilidade e desempenho ecol\u00f3gico para sinaliza\u00e7\u00e3o digital inteligente.","og_url":"https:\/\/www.telaled.com\/nl\/fabrica\/e-paper-digital-signage-serie-taa\/","og_site_name":"TELALED","article_modified_time":"2026-01-07T01:51:29+00:00","og_image":[{"width":500,"height":500,"url":"https:\/\/www.telaled.com\/wp-content\/uploads\/2025\/10\/e-paper-digital-signage-1.webp","type":"image\/webp"}],"twitter_card":"summary_large_image","twitter_misc":{"Geschatte leestijd":"3 minuten"},"schema":{"@context":"https:\/\/schema.org","@graph":[{"@type":"WebPage","@id":"https:\/\/www.telaled.com\/fabrica\/e-paper-digital-signage-serie-taa\/","url":"https:\/\/www.telaled.com\/fabrica\/e-paper-digital-signage-serie-taa\/","name":"E-paper Digital Signage TAA-serie | Energiebesparende full-color elektronische inktdisplay voor buitenreclame | TELALED","isPartOf":{"@id":"https:\/\/www.telaled.com\/#website"},"primaryImageOfPage":{"@id":"https:\/\/www.telaled.com\/fabrica\/e-paper-digital-signage-serie-taa\/#primaryimage"},"image":{"@id":"https:\/\/www.telaled.com\/fabrica\/e-paper-digital-signage-serie-taa\/#primaryimage"},"thumbnailUrl":"https:\/\/www.telaled.com\/wp-content\/uploads\/2025\/10\/e-paper-digital-signage-1.webp","datePublished":"2025-10-06T23:00:34+00:00","dateModified":"2026-01-07T01:51:29+00:00","description":"Ontdek de TAA-serie elektronische, papieren digitale signage met full-color technologie. Ideaal voor buitenreclame, met een extreem laag energieverbruik, hoge zichtbaarheid en milieuvriendelijke prestaties voor slimme digitale signage.","breadcrumb":{"@id":"https:\/\/www.telaled.com\/fabrica\/e-paper-digital-signage-serie-taa\/#breadcrumb"},"inLanguage":"nl-NL","potentialAction":[{"@type":"ReadAction","target":["https:\/\/www.telaled.com\/fabrica\/e-paper-digital-signage-serie-taa\/"]}]},{"@type":"ImageObject","inLanguage":"nl-NL","@id":"https:\/\/www.telaled.com\/fabrica\/e-paper-digital-signage-serie-taa\/#primaryimage","url":"https:\/\/www.telaled.com\/wp-content\/uploads\/2025\/10\/e-paper-digital-signage-1.webp","contentUrl":"https:\/\/www.telaled.com\/wp-content\/uploads\/2025\/10\/e-paper-digital-signage-1.webp","width":500,"height":500,"caption":"e-paper-digital-signage (1)"},{"@type":"BreadcrumbList","@id":"https:\/\/www.telaled.com\/fabrica\/e-paper-digital-signage-serie-taa\/#breadcrumb","itemListElement":[{"@type":"ListItem","position":1,"name":"Home","item":"https:\/\/www.telaled.com\/"},{"@type":"ListItem","position":2,"name":"Produtos","item":"https:\/\/www.telaled.com\/shop\/"},{"@type":"ListItem","position":3,"name":"E-paper Digital Signage S\u00e9rie TAA"}]},{"@type":"WebSite","@id":"https:\/\/www.telaled.com\/#website","url":"https:\/\/www.telaled.com\/","name":"LED-scherm","description":"","potentialAction":[{"@type":"SearchAction","target":{"@type":"EntryPoint","urlTemplate":"https:\/\/www.telaled.com\/?s={search_term_string}"},"query-input":{"@type":"PropertyValueSpecification","valueRequired":true,"valueName":"search_term_string"}}],"inLanguage":"nl-NL"}]}},"_links":{"self":[{"href":"https:\/\/www.telaled.com\/nl\/wp-json\/wp\/v2\/product\/3807","targetHints":{"allow":["GET"]}}],"collection":[{"href":"https:\/\/www.telaled.com\/nl\/wp-json\/wp\/v2\/product"}],"about":[{"href":"https:\/\/www.telaled.com\/nl\/wp-json\/wp\/v2\/types\/product"}],"wp:featuredmedia":[{"embeddable":true,"href":"https:\/\/www.telaled.com\/nl\/wp-json\/wp\/v2\/media\/3810"}],"wp:attachment":[{"href":"https:\/\/www.telaled.com\/nl\/wp-json\/wp\/v2\/media?parent=3807"}],"wp:term":[{"taxonomy":"product_brand","embeddable":true,"href":"https:\/\/www.telaled.com\/nl\/wp-json\/wp\/v2\/product_brand?post=3807"},{"taxonomy":"product_cat","embeddable":true,"href":"https:\/\/www.telaled.com\/nl\/wp-json\/wp\/v2\/product_cat?post=3807"},{"taxonomy":"product_tag","embeddable":true,"href":"https:\/\/www.telaled.com\/nl\/wp-json\/wp\/v2\/product_tag?post=3807"}],"curies":[{"name":"wp","href":"https:\/\/api.w.org\/{rel}","templated":true}]}}