{"id":3735,"date":"2025-10-02T10:10:21","date_gmt":"2025-10-02T10:10:21","guid":{"rendered":"https:\/\/www.telaled.com\/?post_type=product&#038;p=3735"},"modified":"2026-01-06T09:43:41","modified_gmt":"2026-01-06T09:43:41","slug":"placar-eletronico-para-badminton-serie-ted","status":"publish","type":"product","link":"https:\/\/www.telaled.com\/nl\/fabrica\/placar-eletronico-para-badminton-serie-ted\/","title":{"rendered":"Elektronisch scorebord voor badminton TED-serie"},"content":{"rendered":"<div class=\"row\"  id=\"row-1664664311\">\n\n\t<div id=\"col-455147476\" class=\"col small-12 large-12\"  >\n\t\t\t\t<div class=\"col-inner\"  >\n\t\t\t\n\t\t\t\n<h2><span data-sheets-root=\"1\">Elektronisch scorebord voor badminton<\/span> TED-serie<\/h2>\n<h3><strong>Superieure duurzaamheid<\/strong><\/h3>\n<ul>\n<li>Gemaakt van een zeer sterke aluminiumlegering voor een sterke, lichte constructie.<\/li>\n<li>Corrosie- en slagvaste behuizing, ontworpen voor langdurig gebruik binnenshuis.<\/li>\n<li>CE- en RoHS-gecertificeerd om te voldoen aan internationale veiligheids- en kwaliteitsnormen.<\/li>\n<li>De afgesloten structuur voorkomt dat stof en vuil de interne componenten aantasten.<\/li>\n<li>Stabiele prestaties tijdens continubedrijf in sportfaciliteiten.<\/li>\n<\/ul>\n<h3><strong>Uitzonderlijke visuele kwaliteit<\/strong><\/h3>\n<ul>\n<li>Het beschikt over 22 felrode LED-cijfers met tekens van 4,5 cm hoog.<\/li>\n<li>Zichtbaar tot 30 meter met scherp contrast en gelijkmatige verlichting.<\/li>\n<li>Vijf instelbare helderheidsniveaus voor een duidelijke weergave onder alle lichtomstandigheden.<\/li>\n<li>Dankzij de flikkervrije LED-uitvoer is het beeld tijdens het gamen vloeiend en continu zichtbaar.<\/li>\n<li>Grote, goed verdeelde cijfers zorgen ervoor dat de scores vanuit elke kijkhoek gemakkelijk te lezen zijn.<\/li>\n<\/ul>\n<h3><strong>Volledige aanpassingsvermogen<\/strong><\/h3>\n<ul>\n<li>Geschikt voor montage aan de muur, op tafel of op een statief (statief apart verkrijgbaar)<\/li>\n<li>Dubbele voedingsopties; wisselstroom- of 5V-gelijkstroomingang voor compatibiliteit met verschillende stroombronnen. <a href=\"https:\/\/www.telaled.com\/nl\/o-guia-definitivo-para-painels-de-led-flexiveis\/\">flexibele<\/a>.<\/li>\n<li>Bediening via een draadloze 2.4G-afstandsbediening met een bereik tot 30 meter.<\/li>\n<li>Functies zijn onder meer thuis-\/uitscores en een weergave van 5 innings met optionele geluiden.<\/li>\n<li>Geschikt voor badmintonwedstrijden., <a href=\"https:\/\/www.telaled.com\/nl\/fabrica\/placar-eletronico-para-volei-serie-teb\/\">volleybal<\/a>, <a href=\"https:\/\/www.telaled.com\/nl\/fabrica\/placar-eletronico-para-tenis-serie-tec\/\">tennis<\/a> en tafeltennis.<\/li>\n<\/ul>\n<h3><strong>Uitgebreide ondersteuning<\/strong><\/h3>\n<ul>\n<li>24\/7 deskundige technische ondersteuning: ontvang altijd en overal betrouwbare hulp met ons 24\/7-ondersteuningsteam.<\/li>\n<li>Extra 5%-reserveonderdelen. Bij elke bestelling worden extra vervangende onderdelen meegeleverd. Dit zorgt voor een grotere betrouwbaarheid en geeft u meer gemoedsrust.<\/li>\n<li>3 jaar verlengde garantie Profiteer van langdurige prestaties en betrouwbare service, ondersteund door een verlengde garantie van 3 jaar voor maximale bescherming.<\/li>\n<\/ul>\n<h2>Productdetails<\/h2>\n<div class=\"row\"  id=\"row-1728049402\">\n\n\t<div id=\"col-515696642\" class=\"col medium-10 small-12 large-10\"  >\n\t\t\t\t<div class=\"col-inner text-left\"  >\n\t\t\t\n\t\t\t\n<ul>\n<li>Badminton scoreborden voor binnen en buiten bieden betrouwbare en nauwkeurige scores en uitstekende zichtbaarheid. Ze geven sets, games en punten duidelijk weer, terwijl een indicatielampje aangeeft welk team de service heeft. Dit scorebord is ontworpen voor duurzaamheid en prestaties en is ideaal voor scholen, clubs en sportfaciliteiten die de trainings- en wedstrijdervaring willen verbeteren.<\/li>\n<\/ul>\n\t<div class=\"img has-hover x md-x lg-x y md-y lg-y\" id=\"image_1529871002\">\n\t\t\t\t\t\t\t\t<div class=\"img-inner dark\" >\n\t\t\t<img loading=\"lazy\" decoding=\"async\" width=\"877\" height=\"431\" src=\"https:\/\/www.telaled.com\/wp-content\/uploads\/2025\/10\/Placar-eletronico-para-badminton6.webp\" class=\"attachment-original size-original\" alt=\"Elektronisch scorebord voor badminton6\" srcset=\"https:\/\/www.telaled.com\/wp-content\/uploads\/2025\/10\/Placar-eletronico-para-badminton6.webp 877w, https:\/\/www.telaled.com\/wp-content\/uploads\/2025\/10\/Placar-eletronico-para-badminton6-300x147.webp 300w, https:\/\/www.telaled.com\/wp-content\/uploads\/2025\/10\/Placar-eletronico-para-badminton6-768x377.webp 768w, https:\/\/www.telaled.com\/wp-content\/uploads\/2025\/10\/Placar-eletronico-para-badminton6-18x9.webp 18w, https:\/\/www.telaled.com\/wp-content\/uploads\/2025\/10\/Placar-eletronico-para-badminton6-600x295.webp 600w\" sizes=\"auto, (max-width: 877px) 100vw, 877px\" \/>\t\t\t\t\t\t\n\t\t\t\t\t<\/div>\n\t\t\t\t\t\t\t\t\n<style>\n#image_1529871002 {\n  width: 80%;\n}\n<\/style>\n\t<\/div>\n\t\n<ul>\n<li>DE <em><strong>Elektronisch badminton scorebord<\/strong><\/em> Brengt elk moment helder in beeld. Biedt kant-en-klare pakketten die de fanervaring verbeteren, waardoor ze een waardevolle langetermijninvestering vormen voor sportevenementen en -wedstrijden.<\/li>\n<\/ul>\n\t<div class=\"img has-hover x md-x lg-x y md-y lg-y\" id=\"image_705965044\">\n\t\t\t\t\t\t\t\t<div class=\"img-inner dark\" >\n\t\t\t<img loading=\"lazy\" decoding=\"async\" width=\"1020\" height=\"1020\" src=\"https:\/\/www.telaled.com\/wp-content\/uploads\/2025\/10\/Placar-eletronico-para-badminton7-1024x1024.webp\" class=\"attachment-large size-large\" alt=\"\" srcset=\"https:\/\/www.telaled.com\/wp-content\/uploads\/2025\/10\/Placar-eletronico-para-badminton7-1024x1024.webp 1024w, https:\/\/www.telaled.com\/wp-content\/uploads\/2025\/10\/Placar-eletronico-para-badminton7-300x300.webp 300w, https:\/\/www.telaled.com\/wp-content\/uploads\/2025\/10\/Placar-eletronico-para-badminton7-150x150.webp 150w, https:\/\/www.telaled.com\/wp-content\/uploads\/2025\/10\/Placar-eletronico-para-badminton7-768x768.webp 768w, https:\/\/www.telaled.com\/wp-content\/uploads\/2025\/10\/Placar-eletronico-para-badminton7-1536x1536.webp 1536w, https:\/\/www.telaled.com\/wp-content\/uploads\/2025\/10\/Placar-eletronico-para-badminton7-12x12.webp 12w, https:\/\/www.telaled.com\/wp-content\/uploads\/2025\/10\/Placar-eletronico-para-badminton7-600x600.webp 600w, https:\/\/www.telaled.com\/wp-content\/uploads\/2025\/10\/Placar-eletronico-para-badminton7-100x100.webp 100w, https:\/\/www.telaled.com\/wp-content\/uploads\/2025\/10\/Placar-eletronico-para-badminton7.webp 1600w\" sizes=\"auto, (max-width: 1020px) 100vw, 1020px\" \/>\t\t\t\t\t\t\n\t\t\t\t\t<\/div>\n\t\t\t\t\t\t\t\t\n<style>\n#image_705965044 {\n  width: 80%;\n}\n<\/style>\n\t<\/div>\n\t\n\t\t<\/div>\n\t\t\t\t\t<\/div>\n\n\t\n\n\t<div id=\"col-483869186\" class=\"col medium-10 small-12 large-10\"  >\n\t\t\t\t<div class=\"col-inner text-left\"  >\n\t\t\t\n\t\t\t\n<ul>\n<li><strong>Elektronisch scorebord voor badminton TED-serie<\/strong>\u00a0 Ze worden verpakt in versterkte houten kratten ter bescherming tijdens transport. Elk exemplaar wordt veilig verpakt om schade door ongedierte, stoten en andere gevaren te voorkomen. Dit garandeert duurzaamheid en veilige levering.<\/li>\n<\/ul>\n\t<div class=\"img has-hover x md-x lg-x y md-y lg-y\" id=\"image_765699761\">\n\t\t\t\t\t\t\t\t<div class=\"img-inner dark\" >\n\t\t\t<img loading=\"lazy\" decoding=\"async\" width=\"760\" height=\"1024\" src=\"https:\/\/www.telaled.com\/wp-content\/uploads\/2025\/08\/36123f2c-de60-488d-af81-255cd4aee54a-760x1024.webp\" class=\"attachment-large size-large\" alt=\"\" srcset=\"https:\/\/www.telaled.com\/wp-content\/uploads\/2025\/08\/36123f2c-de60-488d-af81-255cd4aee54a-760x1024.webp 760w, https:\/\/www.telaled.com\/wp-content\/uploads\/2025\/08\/36123f2c-de60-488d-af81-255cd4aee54a-223x300.webp 223w, https:\/\/www.telaled.com\/wp-content\/uploads\/2025\/08\/36123f2c-de60-488d-af81-255cd4aee54a-768x1035.webp 768w, https:\/\/www.telaled.com\/wp-content\/uploads\/2025\/08\/36123f2c-de60-488d-af81-255cd4aee54a-9x12.webp 9w, https:\/\/www.telaled.com\/wp-content\/uploads\/2025\/08\/36123f2c-de60-488d-af81-255cd4aee54a-600x808.webp 600w, https:\/\/www.telaled.com\/wp-content\/uploads\/2025\/08\/36123f2c-de60-488d-af81-255cd4aee54a.webp 795w\" sizes=\"auto, (max-width: 760px) 100vw, 760px\" \/>\t\t\t\t\t\t\n\t\t\t\t\t<\/div>\n\t\t\t\t\t\t\t\t\n<style>\n#image_765699761 {\n  width: 80%;\n}\n<\/style>\n\t<\/div>\n\t\n\n<table id=\"tablepress-93\" class=\"tablepress tablepress-id-93\">\n<thead>\n<tr class=\"row-1\">\n\t<th class=\"column-1\">Type<\/th><th class=\"column-2\">Badminton scorebord, volleybal scorebord<\/th><th class=\"column-3\">Hoger beroep<\/th><th class=\"column-4\">Scoreweergave, inningweergave<\/th>\n<\/tr>\n<\/thead>\n<tbody class=\"row-striping row-hover\">\n<tr class=\"row-2\">\n\t<td class=\"column-1\">Plaats van herkomst<\/td><td class=\"column-2\">Shenzhen, China<\/td><td class=\"column-3\">Markering<\/td><td class=\"column-4\">LED-scherm<\/td>\n<\/tr>\n<tr class=\"row-3\">\n\t<td class=\"column-1\">Modelnummer<\/td><td class=\"column-2\">TED-serie<\/td><td class=\"column-3\">Materiaal<\/td><td class=\"column-4\">Aluminiumlegering<\/td>\n<\/tr>\n<tr class=\"row-4\">\n\t<td class=\"column-1\">Framemateriaal<\/td><td class=\"column-2\">Aluminiumlegering<\/td><td class=\"column-3\">Maat<\/td><td class=\"column-4\">790 mm x 255 mm x 55 mm (31,1&quot; x 10,0&quot; x 2,2&quot;)<\/td>\n<\/tr>\n<tr class=\"row-5\">\n\t<td class=\"column-1\">Karakterhoogte<\/td><td class=\"column-2\">1,8 inch - 22 cijfers<\/td><td class=\"column-3\">Functie<\/td><td class=\"column-4\">Thuis- en uitscores, 5 innings weergave<\/td>\n<\/tr>\n<tr class=\"row-6\">\n\t<td class=\"column-1\">Controle<\/td><td class=\"column-2\">Afstandsbediening<\/td><td class=\"column-3\">Installatie<\/td><td class=\"column-4\">Wandmontage<\/td>\n<\/tr>\n<tr class=\"row-7\">\n\t<td class=\"column-1\">Certificaat<\/td><td class=\"column-2\">CE, RoHS<\/td><td class=\"column-3\"><\/td><td class=\"column-4\"><\/td>\n<\/tr>\n<\/tbody>\n<\/table>\n\n\t\t<\/div>\n\t\t\t\t\t<\/div>\n\n\t\n<\/div>\n\t\t<\/div>\n\t\t\t\t\t<\/div>\n\n\t\n<\/div>","protected":false},"excerpt":{"rendered":"<p><strong>Elektronisch scorebord voor badminton TED-serie<\/strong> \u2013 Realtime LED-scoredisplay voor clubs en toernooien.<\/p>\n<p>Een <em><strong>elektronisch badminton scorebord<\/strong><\/em> Maakt het gemakkelijk om elke wedstrijd te volgen, met nauwkeurige realtime resultaten en heldere LED-weergave. Perfect voor trainingen, toernooien of clubwedstrijden.<\/p>\n<p><strong>Belangrijkste kenmerken:<\/strong><\/p>\n<ul>\n<li>De stevige structuur van aluminiumlegering met CE- en RoHS-certificering garandeert een lange levensduur.<\/li>\n<li>Helderrode cijfers van 4,5 cm (1,8 inch) met 5 helderheidsniveaus zorgen voor een duidelijke afleesbaarheid tot op 30 meter afstand.<\/li>\n<li>Het apparaat werkt op wisselstroom of 5V gelijkstroom en kan aan de muur, op een tafel of op een statief worden gemonteerd met een draadloze 2,4G-afstandsbediening.<\/li>\n<\/ul>\n<p>Onze experts zijn 24\/7 beschikbaar, dag en nacht, met ondersteuning op afstand en 3 jaar productgarantie. Vraag vandaag nog uw offerte op maat aan.<\/p>","protected":false},"featured_media":3736,"template":"","meta":[],"product_brand":[],"product_cat":[48,40],"product_tag":[],"class_list":{"0":"post-3735","1":"product","2":"type-product","3":"status-publish","4":"has-post-thumbnail","6":"product_cat-paineis-personalizados","7":"product_cat-painel-de-led","9":"first","10":"instock","11":"shipping-taxable","12":"product-type-simple"},"yoast_head":"<!-- This site is optimized with the Yoast SEO plugin v27.5 - https:\/\/yoast.com\/product\/yoast-seo-wordpress\/ -->\n<title>Placar Eletr\u00f4nico de Badminton S\u00e9rie TED | Solu\u00e7\u00f5es de pontua\u00e7\u00e3o digital para clubes e torneios | TELALED<\/title>\n<meta name=\"description\" content=\"Descubra o Placar Eletr\u00f4nico de Badminton S\u00e9rie TED projetado para precis\u00e3o e praticidade. Perfeito para clubes, escolas e competi\u00e7\u00f5es, com displays de LED, controles de \u00e1rbitro e aplicativos de auto\u00e1rbitro.\" \/>\n<meta name=\"robots\" content=\"index, follow, max-snippet:-1, max-image-preview:large, max-video-preview:-1\" \/>\n<link rel=\"canonical\" href=\"https:\/\/www.telaled.com\/nl\/fabrica\/placar-eletronico-para-badminton-serie-ted\/\" \/>\n<meta property=\"og:locale\" content=\"nl_NL\" \/>\n<meta property=\"og:type\" content=\"article\" \/>\n<meta property=\"og:title\" content=\"Placar Eletr\u00f4nico de Badminton S\u00e9rie TED | Solu\u00e7\u00f5es de pontua\u00e7\u00e3o digital para clubes e torneios | TELALED\" \/>\n<meta property=\"og:description\" content=\"Descubra o Placar Eletr\u00f4nico de Badminton S\u00e9rie TED projetado para precis\u00e3o e praticidade. Perfeito para clubes, escolas e competi\u00e7\u00f5es, com displays de LED, controles de \u00e1rbitro e aplicativos de auto\u00e1rbitro.\" \/>\n<meta property=\"og:url\" content=\"https:\/\/www.telaled.com\/nl\/fabrica\/placar-eletronico-para-badminton-serie-ted\/\" \/>\n<meta property=\"og:site_name\" content=\"TELALED\" \/>\n<meta property=\"article:modified_time\" content=\"2026-01-06T09:43:41+00:00\" \/>\n<meta property=\"og:image\" content=\"https:\/\/www.telaled.com\/wp-content\/uploads\/2025\/10\/Placar-eletronico-para-badminton.webp\" \/>\n\t<meta property=\"og:image:width\" content=\"500\" \/>\n\t<meta property=\"og:image:height\" content=\"500\" \/>\n\t<meta property=\"og:image:type\" content=\"image\/webp\" \/>\n<meta name=\"twitter:card\" content=\"summary_large_image\" \/>\n<meta name=\"twitter:label1\" content=\"Geschatte leestijd\" \/>\n\t<meta name=\"twitter:data1\" content=\"3 minuten\" \/>\n<script type=\"application\/ld+json\" class=\"yoast-schema-graph\">{\"@context\":\"https:\\\/\\\/schema.org\",\"@graph\":[{\"@type\":\"WebPage\",\"@id\":\"https:\\\/\\\/www.telaled.com\\\/fabrica\\\/placar-eletronico-para-badminton-serie-ted\\\/\",\"url\":\"https:\\\/\\\/www.telaled.com\\\/fabrica\\\/placar-eletronico-para-badminton-serie-ted\\\/\",\"name\":\"Placar Eletr\u00f4nico de Badminton S\u00e9rie TED | Solu\u00e7\u00f5es de pontua\u00e7\u00e3o digital para clubes e torneios | TELALED\",\"isPartOf\":{\"@id\":\"https:\\\/\\\/www.telaled.com\\\/#website\"},\"primaryImageOfPage\":{\"@id\":\"https:\\\/\\\/www.telaled.com\\\/fabrica\\\/placar-eletronico-para-badminton-serie-ted\\\/#primaryimage\"},\"image\":{\"@id\":\"https:\\\/\\\/www.telaled.com\\\/fabrica\\\/placar-eletronico-para-badminton-serie-ted\\\/#primaryimage\"},\"thumbnailUrl\":\"https:\\\/\\\/www.telaled.com\\\/wp-content\\\/uploads\\\/2025\\\/10\\\/Placar-eletronico-para-badminton.webp\",\"datePublished\":\"2025-10-02T10:10:21+00:00\",\"dateModified\":\"2026-01-06T09:43:41+00:00\",\"description\":\"Descubra o Placar Eletr\u00f4nico de Badminton S\u00e9rie TED projetado para precis\u00e3o e praticidade. Perfeito para clubes, escolas e competi\u00e7\u00f5es, com displays de LED, controles de \u00e1rbitro e aplicativos de auto\u00e1rbitro.\",\"breadcrumb\":{\"@id\":\"https:\\\/\\\/www.telaled.com\\\/fabrica\\\/placar-eletronico-para-badminton-serie-ted\\\/#breadcrumb\"},\"inLanguage\":\"nl-NL\",\"potentialAction\":[{\"@type\":\"ReadAction\",\"target\":[\"https:\\\/\\\/www.telaled.com\\\/fabrica\\\/placar-eletronico-para-badminton-serie-ted\\\/\"]}]},{\"@type\":\"ImageObject\",\"inLanguage\":\"nl-NL\",\"@id\":\"https:\\\/\\\/www.telaled.com\\\/fabrica\\\/placar-eletronico-para-badminton-serie-ted\\\/#primaryimage\",\"url\":\"https:\\\/\\\/www.telaled.com\\\/wp-content\\\/uploads\\\/2025\\\/10\\\/Placar-eletronico-para-badminton.webp\",\"contentUrl\":\"https:\\\/\\\/www.telaled.com\\\/wp-content\\\/uploads\\\/2025\\\/10\\\/Placar-eletronico-para-badminton.webp\",\"width\":500,\"height\":500,\"caption\":\"Placar-eletronico-para-badminton\"},{\"@type\":\"BreadcrumbList\",\"@id\":\"https:\\\/\\\/www.telaled.com\\\/fabrica\\\/placar-eletronico-para-badminton-serie-ted\\\/#breadcrumb\",\"itemListElement\":[{\"@type\":\"ListItem\",\"position\":1,\"name\":\"Home\",\"item\":\"https:\\\/\\\/www.telaled.com\\\/\"},{\"@type\":\"ListItem\",\"position\":2,\"name\":\"Produtos\",\"item\":\"https:\\\/\\\/www.telaled.com\\\/shop\\\/\"},{\"@type\":\"ListItem\",\"position\":3,\"name\":\"Placar Eletronico para Badminton S\u00e9rie TED\"}]},{\"@type\":\"WebSite\",\"@id\":\"https:\\\/\\\/www.telaled.com\\\/#website\",\"url\":\"https:\\\/\\\/www.telaled.com\\\/\",\"name\":\"TELALED\",\"description\":\"\",\"potentialAction\":[{\"@type\":\"SearchAction\",\"target\":{\"@type\":\"EntryPoint\",\"urlTemplate\":\"https:\\\/\\\/www.telaled.com\\\/?s={search_term_string}\"},\"query-input\":{\"@type\":\"PropertyValueSpecification\",\"valueRequired\":true,\"valueName\":\"search_term_string\"}}],\"inLanguage\":\"nl-NL\"}]}<\/script>\n<!-- \/ Yoast SEO plugin. -->","yoast_head_json":{"title":"TED-serie Badminton Elektronisch Scorebord | Digitale scoreoplossingen voor clubs en toernooien | TELALED","description":"Ontdek het TED Series Elektronische Badminton Scorebord, ontworpen voor nauwkeurigheid en gemak. Perfect voor clubs, scholen en wedstrijden, met LED-displays, scheidsrechterbediening en zelf-scheidsrechtersapps.","robots":{"index":"index","follow":"follow","max-snippet":"max-snippet:-1","max-image-preview":"max-image-preview:large","max-video-preview":"max-video-preview:-1"},"canonical":"https:\/\/www.telaled.com\/nl\/fabrica\/placar-eletronico-para-badminton-serie-ted\/","og_locale":"nl_NL","og_type":"article","og_title":"Placar Eletr\u00f4nico de Badminton S\u00e9rie TED | Solu\u00e7\u00f5es de pontua\u00e7\u00e3o digital para clubes e torneios | TELALED","og_description":"Descubra o Placar Eletr\u00f4nico de Badminton S\u00e9rie TED projetado para precis\u00e3o e praticidade. Perfeito para clubes, escolas e competi\u00e7\u00f5es, com displays de LED, controles de \u00e1rbitro e aplicativos de auto\u00e1rbitro.","og_url":"https:\/\/www.telaled.com\/nl\/fabrica\/placar-eletronico-para-badminton-serie-ted\/","og_site_name":"TELALED","article_modified_time":"2026-01-06T09:43:41+00:00","og_image":[{"width":500,"height":500,"url":"https:\/\/www.telaled.com\/wp-content\/uploads\/2025\/10\/Placar-eletronico-para-badminton.webp","type":"image\/webp"}],"twitter_card":"summary_large_image","twitter_misc":{"Geschatte leestijd":"3 minuten"},"schema":{"@context":"https:\/\/schema.org","@graph":[{"@type":"WebPage","@id":"https:\/\/www.telaled.com\/fabrica\/placar-eletronico-para-badminton-serie-ted\/","url":"https:\/\/www.telaled.com\/fabrica\/placar-eletronico-para-badminton-serie-ted\/","name":"TED-serie Badminton Elektronisch Scorebord | Digitale scoreoplossingen voor clubs en toernooien | TELALED","isPartOf":{"@id":"https:\/\/www.telaled.com\/#website"},"primaryImageOfPage":{"@id":"https:\/\/www.telaled.com\/fabrica\/placar-eletronico-para-badminton-serie-ted\/#primaryimage"},"image":{"@id":"https:\/\/www.telaled.com\/fabrica\/placar-eletronico-para-badminton-serie-ted\/#primaryimage"},"thumbnailUrl":"https:\/\/www.telaled.com\/wp-content\/uploads\/2025\/10\/Placar-eletronico-para-badminton.webp","datePublished":"2025-10-02T10:10:21+00:00","dateModified":"2026-01-06T09:43:41+00:00","description":"Ontdek het TED Series Elektronische Badminton Scorebord, ontworpen voor nauwkeurigheid en gemak. Perfect voor clubs, scholen en wedstrijden, met LED-displays, scheidsrechterbediening en zelf-scheidsrechtersapps.","breadcrumb":{"@id":"https:\/\/www.telaled.com\/fabrica\/placar-eletronico-para-badminton-serie-ted\/#breadcrumb"},"inLanguage":"nl-NL","potentialAction":[{"@type":"ReadAction","target":["https:\/\/www.telaled.com\/fabrica\/placar-eletronico-para-badminton-serie-ted\/"]}]},{"@type":"ImageObject","inLanguage":"nl-NL","@id":"https:\/\/www.telaled.com\/fabrica\/placar-eletronico-para-badminton-serie-ted\/#primaryimage","url":"https:\/\/www.telaled.com\/wp-content\/uploads\/2025\/10\/Placar-eletronico-para-badminton.webp","contentUrl":"https:\/\/www.telaled.com\/wp-content\/uploads\/2025\/10\/Placar-eletronico-para-badminton.webp","width":500,"height":500,"caption":"Placar-eletronico-para-badminton"},{"@type":"BreadcrumbList","@id":"https:\/\/www.telaled.com\/fabrica\/placar-eletronico-para-badminton-serie-ted\/#breadcrumb","itemListElement":[{"@type":"ListItem","position":1,"name":"Home","item":"https:\/\/www.telaled.com\/"},{"@type":"ListItem","position":2,"name":"Produtos","item":"https:\/\/www.telaled.com\/shop\/"},{"@type":"ListItem","position":3,"name":"Placar Eletronico para Badminton S\u00e9rie TED"}]},{"@type":"WebSite","@id":"https:\/\/www.telaled.com\/#website","url":"https:\/\/www.telaled.com\/","name":"LED-scherm","description":"","potentialAction":[{"@type":"SearchAction","target":{"@type":"EntryPoint","urlTemplate":"https:\/\/www.telaled.com\/?s={search_term_string}"},"query-input":{"@type":"PropertyValueSpecification","valueRequired":true,"valueName":"search_term_string"}}],"inLanguage":"nl-NL"}]}},"_links":{"self":[{"href":"https:\/\/www.telaled.com\/nl\/wp-json\/wp\/v2\/product\/3735","targetHints":{"allow":["GET"]}}],"collection":[{"href":"https:\/\/www.telaled.com\/nl\/wp-json\/wp\/v2\/product"}],"about":[{"href":"https:\/\/www.telaled.com\/nl\/wp-json\/wp\/v2\/types\/product"}],"wp:featuredmedia":[{"embeddable":true,"href":"https:\/\/www.telaled.com\/nl\/wp-json\/wp\/v2\/media\/3736"}],"wp:attachment":[{"href":"https:\/\/www.telaled.com\/nl\/wp-json\/wp\/v2\/media?parent=3735"}],"wp:term":[{"taxonomy":"product_brand","embeddable":true,"href":"https:\/\/www.telaled.com\/nl\/wp-json\/wp\/v2\/product_brand?post=3735"},{"taxonomy":"product_cat","embeddable":true,"href":"https:\/\/www.telaled.com\/nl\/wp-json\/wp\/v2\/product_cat?post=3735"},{"taxonomy":"product_tag","embeddable":true,"href":"https:\/\/www.telaled.com\/nl\/wp-json\/wp\/v2\/product_tag?post=3735"}],"curies":[{"name":"wp","href":"https:\/\/api.w.org\/{rel}","templated":true}]}}