{"id":3695,"date":"2025-10-02T01:58:23","date_gmt":"2025-10-02T01:58:23","guid":{"rendered":"https:\/\/www.telaled.com\/?post_type=product&#038;p=3695"},"modified":"2026-01-06T09:33:21","modified_gmt":"2026-01-06T09:33:21","slug":"placar-eletronico-para-tenis-serie-tec","status":"publish","type":"product","link":"https:\/\/www.telaled.com\/nl\/fabrica\/placar-eletronico-para-tenis-serie-tec\/","title":{"rendered":"TEC-serie elektronisch tennis scorebord"},"content":{"rendered":"<div class=\"row\"  id=\"row-1896863063\">\n\n\t<div id=\"col-1918592600\" class=\"col small-12 large-12\"  >\n\t\t\t\t<div class=\"col-inner\"  >\n\t\t\t\n\t\t\t\n<h2>Exclusieve voordelen van <span data-sheets-root=\"1\">Elektronisch scorebord voor tennis<\/span> TEC-serie<\/h2>\n<h3><strong>Superieure duurzaamheid<\/strong><\/h3>\n<ul>\n<li>Versterkt, balvast ontwerp voor zware speelomstandigheden.<\/li>\n<li>Weerbestendige constructie voor binnen- en buitenbanen.<\/li>\n<li>Langdurige, duurzame prestaties.<\/li>\n<\/ul>\n<h3><strong>Uitzonderlijke visuele kwaliteit<\/strong><\/h3>\n<ul>\n<li>Ultrahelder LED-scherm met hoge resolutie.<\/li>\n<li>Realtime scores, statistieken en timing in \u00e9\u00e9n oogopslag.<\/li>\n<li>Heldere zichtbaarheid, zelfs in direct zonlicht.<\/li>\n<\/ul>\n<h3><strong>Volledige aanpassingsvermogen<\/strong><\/h3>\n<ul>\n<li>Flexibele afmetingen en accommodatiemogelijkheden voor elke locatie.<\/li>\n<li>Aanpasbare functies om aan de behoeften te voldoen <a href=\"https:\/\/www.telaled.com\/nl\/telao-de-led-para-eventos\/\">evenement<\/a> of de club.<\/li>\n<li>Eenvoudige integratie met modern tennissysteem.<\/li>\n<\/ul>\n<h3><strong>Uitgebreide ondersteuning<\/strong><\/h3>\n<ul>\n<li>Profiteer van 24\/7 technische ondersteuning op afstand en 5% korting op reserveonderdelen bij elke bestelling<\/li>\n<li>Verlengde garantie van 3 jaar. Betrouwbare service en langdurige prestaties.<\/li>\n<li>Volledige gemoedsrust bij elke aankoop.<\/li>\n<\/ul>\n<h2>Productdetails<\/h2>\n<div class=\"row\"  id=\"row-1135526422\">\n\n\t<div id=\"col-442483124\" class=\"col medium-10 small-12 large-10\"  >\n\t\t\t\t<div class=\"col-inner text-left\"  >\n\t\t\t\n\t\t\t\n<ul>\n<li>Houd alle punten duidelijk met de <em><strong>Elektronisch scorebord voor tennis TEC-serie<\/strong><\/em>Deze elektronische tennisscoreborden zijn ontworpen voor binnen- en buitenbanen en geven slagen, sets en wedstrijddetails in realtime weer. Ze zijn verkrijgbaar in verschillende maten en configuraties en maken gebruik van geavanceerde ledtechnologie om heldere, gemakkelijk afleesbare scoregegevens te leveren vanuit elke hoek en onder alle lichtomstandigheden.<\/li>\n<\/ul>\n\t<div class=\"img has-hover x md-x lg-x y md-y lg-y\" id=\"image_476072708\">\n\t\t\t\t\t\t\t\t<div class=\"img-inner dark\" >\n\t\t\t<img loading=\"lazy\" decoding=\"async\" width=\"730\" height=\"600\" src=\"https:\/\/www.telaled.com\/wp-content\/uploads\/2025\/10\/Placar-eletronico-para-tenis7.webp\" class=\"attachment-large size-large\" alt=\"Elektronisch scorebord voor tennis7\" srcset=\"https:\/\/www.telaled.com\/wp-content\/uploads\/2025\/10\/Placar-eletronico-para-tenis7.webp 730w, https:\/\/www.telaled.com\/wp-content\/uploads\/2025\/10\/Placar-eletronico-para-tenis7-300x247.webp 300w, https:\/\/www.telaled.com\/wp-content\/uploads\/2025\/10\/Placar-eletronico-para-tenis7-15x12.webp 15w, https:\/\/www.telaled.com\/wp-content\/uploads\/2025\/10\/Placar-eletronico-para-tenis7-600x493.webp 600w\" sizes=\"auto, (max-width: 730px) 100vw, 730px\" \/>\t\t\t\t\t\t\n\t\t\t\t\t<\/div>\n\t\t\t\t\t\t\t\t\n<style>\n#image_476072708 {\n  width: 80%;\n}\n<\/style>\n\t<\/div>\n\t\n<ul>\n<li>Verbeter uw tennisbaan met de moderne <em><strong>Elektronisch tennis scorebord<\/strong><\/em>, Ontworpen voor precisie en betrouwbaarheid. Perfect voor toernooien, clubwedstrijden en trainingen. <a href=\"https:\/\/www.telaled.com\/nl\/placar-eletronico\/\">scores<\/a> Ze bieden te allen tijde helder zicht en nauwkeurige resultaten. Gemaakt van hoogwaardige materialen, combineren ze duurzaamheid, gebruiksgemak en geavanceerde functies om de ervaring van speler en toeschouwer te verbeteren.<\/li>\n<\/ul>\n\t<div class=\"img has-hover x md-x lg-x y md-y lg-y\" id=\"image_1234290808\">\n\t\t\t\t\t\t\t\t<div class=\"img-inner dark\" >\n\t\t\t<img loading=\"lazy\" decoding=\"async\" width=\"1728\" height=\"1152\" src=\"https:\/\/www.telaled.com\/wp-content\/uploads\/2025\/10\/Placar-eletronico-para-tenis8.webp\" class=\"attachment-original size-original\" alt=\"Elektronisch scorebord voor tennis8\" srcset=\"https:\/\/www.telaled.com\/wp-content\/uploads\/2025\/10\/Placar-eletronico-para-tenis8.webp 1728w, https:\/\/www.telaled.com\/wp-content\/uploads\/2025\/10\/Placar-eletronico-para-tenis8-300x200.webp 300w, https:\/\/www.telaled.com\/wp-content\/uploads\/2025\/10\/Placar-eletronico-para-tenis8-1024x683.webp 1024w, https:\/\/www.telaled.com\/wp-content\/uploads\/2025\/10\/Placar-eletronico-para-tenis8-768x512.webp 768w, https:\/\/www.telaled.com\/wp-content\/uploads\/2025\/10\/Placar-eletronico-para-tenis8-1536x1024.webp 1536w, https:\/\/www.telaled.com\/wp-content\/uploads\/2025\/10\/Placar-eletronico-para-tenis8-18x12.webp 18w, https:\/\/www.telaled.com\/wp-content\/uploads\/2025\/10\/Placar-eletronico-para-tenis8-600x400.webp 600w\" sizes=\"auto, (max-width: 1728px) 100vw, 1728px\" \/>\t\t\t\t\t\t\n\t\t\t\t\t<\/div>\n\t\t\t\t\t\t\t\t\n<style>\n#image_1234290808 {\n  width: 80%;\n}\n<\/style>\n\t<\/div>\n\t\n<ul>\n<li>Al meer dan 20 jaar innoveren we continu en bieden we geavanceerde elektronische scorebordtechnologie voor wedstrijden van alle niveaus. Van lokale parkvelden tot professionele sportarena&#039;s, onze scoreborden zijn ontworpen voor precisie, duurzaamheid en hoge prestaties. Ongeacht de locatie bieden onze oplossingen onge\u00ebvenaarde betrouwbaarheid, waardoor ze de voorkeur genieten bij sportprogramma&#039;s en -faciliteiten in het hele land.<\/li>\n<\/ul>\n\t\t<\/div>\n\t\t\t\t\t<\/div>\n\n\t\n\n\t<div id=\"col-292934185\" class=\"col medium-10 small-12 large-10\"  >\n\t\t\t\t<div class=\"col-inner text-left\"  >\n\t\t\t\n\t\t\t\n\t<div class=\"img has-hover x md-x lg-x y md-y lg-y\" id=\"image_736043371\">\n\t\t\t\t\t\t\t\t<div class=\"img-inner dark\" >\n\t\t\t<img loading=\"lazy\" decoding=\"async\" width=\"1020\" height=\"258\" src=\"https:\/\/www.telaled.com\/wp-content\/uploads\/2025\/10\/Placar-eletronico-para-tenis9-1024x259.webp\" class=\"attachment-large size-large\" alt=\"Elektronisch scorebord voor tennis9\" srcset=\"https:\/\/www.telaled.com\/wp-content\/uploads\/2025\/10\/Placar-eletronico-para-tenis9-1024x259.webp 1024w, https:\/\/www.telaled.com\/wp-content\/uploads\/2025\/10\/Placar-eletronico-para-tenis9-300x76.webp 300w, https:\/\/www.telaled.com\/wp-content\/uploads\/2025\/10\/Placar-eletronico-para-tenis9-768x195.webp 768w, https:\/\/www.telaled.com\/wp-content\/uploads\/2025\/10\/Placar-eletronico-para-tenis9-18x5.webp 18w, https:\/\/www.telaled.com\/wp-content\/uploads\/2025\/10\/Placar-eletronico-para-tenis9-600x152.webp 600w, https:\/\/www.telaled.com\/wp-content\/uploads\/2025\/10\/Placar-eletronico-para-tenis9.webp 1109w\" sizes=\"auto, (max-width: 1020px) 100vw, 1020px\" \/>\t\t\t\t\t\t\n\t\t\t\t\t<\/div>\n\t\t\t\t\t\t\t\t\n<style>\n#image_736043371 {\n  width: 80%;\n}\n<\/style>\n\t<\/div>\n\t\n<ul>\n<li><em><strong>Elektronisch scorebord voor tennis TEC Series<\/strong><\/em> Ze worden verpakt in versterkte houten kratten ter bescherming tijdens transport. Elk exemplaar wordt veilig verpakt om schade door ongedierte, stoten en andere gevaren te voorkomen. Dit garandeert duurzaamheid en veilige levering.<\/li>\n<\/ul>\n\t<div class=\"img has-hover x md-x lg-x y md-y lg-y\" id=\"image_207572175\">\n\t\t\t\t\t\t\t\t<div class=\"img-inner dark\" >\n\t\t\t<img loading=\"lazy\" decoding=\"async\" width=\"760\" height=\"1024\" src=\"https:\/\/www.telaled.com\/wp-content\/uploads\/2025\/08\/36123f2c-de60-488d-af81-255cd4aee54a-760x1024.webp\" class=\"attachment-large size-large\" alt=\"\" srcset=\"https:\/\/www.telaled.com\/wp-content\/uploads\/2025\/08\/36123f2c-de60-488d-af81-255cd4aee54a-760x1024.webp 760w, https:\/\/www.telaled.com\/wp-content\/uploads\/2025\/08\/36123f2c-de60-488d-af81-255cd4aee54a-223x300.webp 223w, https:\/\/www.telaled.com\/wp-content\/uploads\/2025\/08\/36123f2c-de60-488d-af81-255cd4aee54a-768x1035.webp 768w, https:\/\/www.telaled.com\/wp-content\/uploads\/2025\/08\/36123f2c-de60-488d-af81-255cd4aee54a-9x12.webp 9w, https:\/\/www.telaled.com\/wp-content\/uploads\/2025\/08\/36123f2c-de60-488d-af81-255cd4aee54a-600x808.webp 600w, https:\/\/www.telaled.com\/wp-content\/uploads\/2025\/08\/36123f2c-de60-488d-af81-255cd4aee54a.webp 795w\" sizes=\"auto, (max-width: 760px) 100vw, 760px\" \/>\t\t\t\t\t\t\n\t\t\t\t\t<\/div>\n\t\t\t\t\t\t\t\t\n<style>\n#image_207572175 {\n  width: 80%;\n}\n<\/style>\n\t<\/div>\n\t\n\n<table id=\"tablepress-91\" class=\"tablepress tablepress-id-91\">\n<thead>\n<tr class=\"row-1\">\n\t<th class=\"column-1\">Type<\/th><th class=\"column-2\">scorebord<\/th><th class=\"column-3\">Materiaal<\/th><th class=\"column-4\">Aluminiumlegering<\/th>\n<\/tr>\n<\/thead>\n<tbody class=\"row-striping row-hover\">\n<tr class=\"row-2\">\n\t<td class=\"column-1\">Nadruk<\/td><td class=\"column-2\">scoreweergave<\/td><td class=\"column-3\">Plaats van herkomst<\/td><td class=\"column-4\">Shenzhen, China<\/td>\n<\/tr>\n<tr class=\"row-3\">\n\t<td class=\"column-1\">Modelnummer<\/td><td class=\"column-2\">TEC-serie<\/td><td class=\"column-3\">Markering<\/td><td class=\"column-4\">LED-scherm<\/td>\n<\/tr>\n<tr class=\"row-4\">\n\t<td class=\"column-1\">kleur<\/td><td class=\"column-2\">rode cijfers<\/td><td class=\"column-3\">Gebruik<\/td><td class=\"column-4\">Extern\/Intern<\/td>\n<\/tr>\n<tr class=\"row-5\">\n\t<td class=\"column-1\">Naam<\/td><td class=\"column-2\">Elektronisch tennis scorebord<\/td><td class=\"column-3\">Maat<\/td><td class=\"column-4\">1095 mm x 400 mm x 65 mm<\/td>\n<\/tr>\n<tr class=\"row-6\">\n\t<td class=\"column-1\">Karakterhoogte<\/td><td class=\"column-2\">4 inch<\/td><td class=\"column-3\">Structuur<\/td><td class=\"column-4\">Aluminiumlegering<\/td>\n<\/tr>\n<tr class=\"row-7\">\n\t<td class=\"column-1\">Installatie<\/td><td class=\"column-2\">Wandmontage<\/td><td class=\"column-3\">Controle<\/td><td class=\"column-4\">Afstandsbediening<\/td>\n<\/tr>\n<tr class=\"row-8\">\n\t<td class=\"column-1\">garantie<\/td><td class=\"column-2\">3 jaar<\/td><td class=\"column-3\"><\/td><td class=\"column-4\"><\/td>\n<\/tr>\n<\/tbody>\n<\/table>\n<!-- #tablepress-91 from cache -->\n\t\t<\/div>\n\t\t\t\t\t<\/div>\n\n\t\n<\/div>\n\t\t<\/div>\n\t\t\t\t\t<\/div>\n\n\t\n<\/div>","protected":false},"excerpt":{"rendered":"<p><strong>TEC-serie elektronisch tennis scorebord<\/strong> \u2013 Precisie voor elke wedstrijd<\/p>\n<p>Een<em> <strong>TEC-serie elektronisch tennis scorebord<\/strong> <\/em>brengt helderheid, precisie en professionaliteit in elke wedstrijd. Ontworpen voor clubwedstrijden en grote toernooien, zorgt het voor een soepele gang van zaken voor scheidsrechters en houdt het spelers en toeschouwers volledig betrokken.<\/p>\n<p><strong>Belangrijkste kenmerken:<\/strong><\/p>\n<ul>\n<li><strong>Ge\u00efntegreerd tennisregelsysteem:<\/strong> volgt automatisch de tennisregels, waardoor er minder fouten worden gemaakt en de scores voor scheidsrechters, spelers en fans perfect zijn.<\/li>\n<li><strong>Weergave van wedstrijden met hoge resolutie:<\/strong> toont de volledige wedstrijd in \u00e9\u00e9n oogopslag: scores, tijd en spelerstatistieken; alles in heldere, duidelijke LED-kwaliteit.<\/li>\n<li><strong>Eenvoudige en intu\u00eftieve bediening:<\/strong> Speciaal ontwikkelde bedieningspanelen zorgen ervoor dat het scorebord snel en foutloos werkt, zelfs onder druk.<\/li>\n<li><strong>Aanpasbaar en duurzaam ontwerp:<\/strong> Dankzij de flexibele behuizing en de balbestendige voorkant passen deze scoreborden zich aan de locatie aan en blijven ze in elke omgeving stevig staan.<\/li>\n<\/ul>\n<p>Wij bieden 24\/7 ondersteuning op afstand en een betrouwbare garantie van 3 jaar. Neem vandaag nog contact met ons op voor een offerte op maat.<\/p>","protected":false},"featured_media":3697,"template":"","meta":[],"product_brand":[],"product_cat":[48,40,44,46],"product_tag":[],"class_list":{"0":"post-3695","1":"product","2":"type-product","3":"status-publish","4":"has-post-thumbnail","6":"product_cat-paineis-personalizados","7":"product_cat-painel-de-led","8":"product_cat-painel-de-led-flexivel","9":"product_cat-painel-de-video","11":"first","12":"instock","13":"shipping-taxable","14":"product-type-simple"},"yoast_head":"<!-- This site is optimized with the Yoast SEO plugin v27.5 - https:\/\/yoast.com\/product\/yoast-seo-wordpress\/ -->\n<title>Placar Eletr\u00f4nico de T\u00eanis S\u00e9rie TEC | Placar personalizado e dur\u00e1vel | TELALED<\/title>\n<meta name=\"description\" content=\"Aprimore sua quadra de t\u00eanis com um placar eletr\u00f4nico. Visores de alta resolu\u00e7\u00e3o, pain\u00e9is de controle intuitivos e design personaliz\u00e1vel.\" \/>\n<meta name=\"robots\" content=\"index, follow, max-snippet:-1, max-image-preview:large, max-video-preview:-1\" \/>\n<link rel=\"canonical\" href=\"https:\/\/www.telaled.com\/nl\/fabrica\/placar-eletronico-para-tenis-serie-tec\/\" \/>\n<meta property=\"og:locale\" content=\"nl_NL\" \/>\n<meta property=\"og:type\" content=\"article\" \/>\n<meta property=\"og:title\" content=\"Placar Eletr\u00f4nico de T\u00eanis S\u00e9rie TEC | Placar personalizado e dur\u00e1vel | TELALED\" \/>\n<meta property=\"og:description\" content=\"Aprimore sua quadra de t\u00eanis com um placar eletr\u00f4nico. Visores de alta resolu\u00e7\u00e3o, pain\u00e9is de controle intuitivos e design personaliz\u00e1vel.\" \/>\n<meta property=\"og:url\" content=\"https:\/\/www.telaled.com\/nl\/fabrica\/placar-eletronico-para-tenis-serie-tec\/\" \/>\n<meta property=\"og:site_name\" content=\"TELALED\" \/>\n<meta property=\"article:modified_time\" content=\"2026-01-06T09:33:21+00:00\" \/>\n<meta property=\"og:image\" content=\"https:\/\/www.telaled.com\/wp-content\/uploads\/2025\/10\/Placar-eletronico-para-tenis-1.webp\" \/>\n\t<meta property=\"og:image:width\" content=\"500\" \/>\n\t<meta property=\"og:image:height\" content=\"500\" \/>\n\t<meta property=\"og:image:type\" content=\"image\/webp\" \/>\n<meta name=\"twitter:card\" content=\"summary_large_image\" \/>\n<meta name=\"twitter:label1\" content=\"Geschatte leestijd\" \/>\n\t<meta name=\"twitter:data1\" content=\"3 minuten\" \/>\n<script type=\"application\/ld+json\" class=\"yoast-schema-graph\">{\"@context\":\"https:\\\/\\\/schema.org\",\"@graph\":[{\"@type\":\"WebPage\",\"@id\":\"https:\\\/\\\/www.telaled.com\\\/fabrica\\\/placar-eletronico-para-tenis-serie-tec\\\/\",\"url\":\"https:\\\/\\\/www.telaled.com\\\/fabrica\\\/placar-eletronico-para-tenis-serie-tec\\\/\",\"name\":\"Placar Eletr\u00f4nico de T\u00eanis S\u00e9rie TEC | Placar personalizado e dur\u00e1vel | TELALED\",\"isPartOf\":{\"@id\":\"https:\\\/\\\/www.telaled.com\\\/#website\"},\"primaryImageOfPage\":{\"@id\":\"https:\\\/\\\/www.telaled.com\\\/fabrica\\\/placar-eletronico-para-tenis-serie-tec\\\/#primaryimage\"},\"image\":{\"@id\":\"https:\\\/\\\/www.telaled.com\\\/fabrica\\\/placar-eletronico-para-tenis-serie-tec\\\/#primaryimage\"},\"thumbnailUrl\":\"https:\\\/\\\/www.telaled.com\\\/wp-content\\\/uploads\\\/2025\\\/10\\\/Placar-eletronico-para-tenis-1.webp\",\"datePublished\":\"2025-10-02T01:58:23+00:00\",\"dateModified\":\"2026-01-06T09:33:21+00:00\",\"description\":\"Aprimore sua quadra de t\u00eanis com um placar eletr\u00f4nico. Visores de alta resolu\u00e7\u00e3o, pain\u00e9is de controle intuitivos e design personaliz\u00e1vel.\",\"breadcrumb\":{\"@id\":\"https:\\\/\\\/www.telaled.com\\\/fabrica\\\/placar-eletronico-para-tenis-serie-tec\\\/#breadcrumb\"},\"inLanguage\":\"nl-NL\",\"potentialAction\":[{\"@type\":\"ReadAction\",\"target\":[\"https:\\\/\\\/www.telaled.com\\\/fabrica\\\/placar-eletronico-para-tenis-serie-tec\\\/\"]}]},{\"@type\":\"ImageObject\",\"inLanguage\":\"nl-NL\",\"@id\":\"https:\\\/\\\/www.telaled.com\\\/fabrica\\\/placar-eletronico-para-tenis-serie-tec\\\/#primaryimage\",\"url\":\"https:\\\/\\\/www.telaled.com\\\/wp-content\\\/uploads\\\/2025\\\/10\\\/Placar-eletronico-para-tenis-1.webp\",\"contentUrl\":\"https:\\\/\\\/www.telaled.com\\\/wp-content\\\/uploads\\\/2025\\\/10\\\/Placar-eletronico-para-tenis-1.webp\",\"width\":500,\"height\":500,\"caption\":\"Placar-eletronico-para-tenis (1)\"},{\"@type\":\"BreadcrumbList\",\"@id\":\"https:\\\/\\\/www.telaled.com\\\/fabrica\\\/placar-eletronico-para-tenis-serie-tec\\\/#breadcrumb\",\"itemListElement\":[{\"@type\":\"ListItem\",\"position\":1,\"name\":\"Home\",\"item\":\"https:\\\/\\\/www.telaled.com\\\/\"},{\"@type\":\"ListItem\",\"position\":2,\"name\":\"Produtos\",\"item\":\"https:\\\/\\\/www.telaled.com\\\/shop\\\/\"},{\"@type\":\"ListItem\",\"position\":3,\"name\":\"Placar Eletronico para Tenis S\u00e9rie TEC\"}]},{\"@type\":\"WebSite\",\"@id\":\"https:\\\/\\\/www.telaled.com\\\/#website\",\"url\":\"https:\\\/\\\/www.telaled.com\\\/\",\"name\":\"TELALED\",\"description\":\"\",\"potentialAction\":[{\"@type\":\"SearchAction\",\"target\":{\"@type\":\"EntryPoint\",\"urlTemplate\":\"https:\\\/\\\/www.telaled.com\\\/?s={search_term_string}\"},\"query-input\":{\"@type\":\"PropertyValueSpecification\",\"valueRequired\":true,\"valueName\":\"search_term_string\"}}],\"inLanguage\":\"nl-NL\"}]}<\/script>\n<!-- \/ Yoast SEO plugin. -->","yoast_head_json":{"title":"TEC-serie Elektronisch tennis scorebord | Duurzaam, aangepast scorebord | LED-scherm","description":"Verbeter uw tennisbaan met een elektronisch scorebord. Hoge-resolutie displays, intu\u00eftieve bedieningspanelen en een aanpasbaar ontwerp.","robots":{"index":"index","follow":"follow","max-snippet":"max-snippet:-1","max-image-preview":"max-image-preview:large","max-video-preview":"max-video-preview:-1"},"canonical":"https:\/\/www.telaled.com\/nl\/fabrica\/placar-eletronico-para-tenis-serie-tec\/","og_locale":"nl_NL","og_type":"article","og_title":"Placar Eletr\u00f4nico de T\u00eanis S\u00e9rie TEC | Placar personalizado e dur\u00e1vel | TELALED","og_description":"Aprimore sua quadra de t\u00eanis com um placar eletr\u00f4nico. Visores de alta resolu\u00e7\u00e3o, pain\u00e9is de controle intuitivos e design personaliz\u00e1vel.","og_url":"https:\/\/www.telaled.com\/nl\/fabrica\/placar-eletronico-para-tenis-serie-tec\/","og_site_name":"TELALED","article_modified_time":"2026-01-06T09:33:21+00:00","og_image":[{"width":500,"height":500,"url":"https:\/\/www.telaled.com\/wp-content\/uploads\/2025\/10\/Placar-eletronico-para-tenis-1.webp","type":"image\/webp"}],"twitter_card":"summary_large_image","twitter_misc":{"Geschatte leestijd":"3 minuten"},"schema":{"@context":"https:\/\/schema.org","@graph":[{"@type":"WebPage","@id":"https:\/\/www.telaled.com\/fabrica\/placar-eletronico-para-tenis-serie-tec\/","url":"https:\/\/www.telaled.com\/fabrica\/placar-eletronico-para-tenis-serie-tec\/","name":"TEC-serie Elektronisch tennis scorebord | Duurzaam, aangepast scorebord | LED-scherm","isPartOf":{"@id":"https:\/\/www.telaled.com\/#website"},"primaryImageOfPage":{"@id":"https:\/\/www.telaled.com\/fabrica\/placar-eletronico-para-tenis-serie-tec\/#primaryimage"},"image":{"@id":"https:\/\/www.telaled.com\/fabrica\/placar-eletronico-para-tenis-serie-tec\/#primaryimage"},"thumbnailUrl":"https:\/\/www.telaled.com\/wp-content\/uploads\/2025\/10\/Placar-eletronico-para-tenis-1.webp","datePublished":"2025-10-02T01:58:23+00:00","dateModified":"2026-01-06T09:33:21+00:00","description":"Verbeter uw tennisbaan met een elektronisch scorebord. Hoge-resolutie displays, intu\u00eftieve bedieningspanelen en een aanpasbaar ontwerp.","breadcrumb":{"@id":"https:\/\/www.telaled.com\/fabrica\/placar-eletronico-para-tenis-serie-tec\/#breadcrumb"},"inLanguage":"nl-NL","potentialAction":[{"@type":"ReadAction","target":["https:\/\/www.telaled.com\/fabrica\/placar-eletronico-para-tenis-serie-tec\/"]}]},{"@type":"ImageObject","inLanguage":"nl-NL","@id":"https:\/\/www.telaled.com\/fabrica\/placar-eletronico-para-tenis-serie-tec\/#primaryimage","url":"https:\/\/www.telaled.com\/wp-content\/uploads\/2025\/10\/Placar-eletronico-para-tenis-1.webp","contentUrl":"https:\/\/www.telaled.com\/wp-content\/uploads\/2025\/10\/Placar-eletronico-para-tenis-1.webp","width":500,"height":500,"caption":"Placar-eletronico-para-tenis (1)"},{"@type":"BreadcrumbList","@id":"https:\/\/www.telaled.com\/fabrica\/placar-eletronico-para-tenis-serie-tec\/#breadcrumb","itemListElement":[{"@type":"ListItem","position":1,"name":"Home","item":"https:\/\/www.telaled.com\/"},{"@type":"ListItem","position":2,"name":"Produtos","item":"https:\/\/www.telaled.com\/shop\/"},{"@type":"ListItem","position":3,"name":"Placar Eletronico para Tenis S\u00e9rie TEC"}]},{"@type":"WebSite","@id":"https:\/\/www.telaled.com\/#website","url":"https:\/\/www.telaled.com\/","name":"LED-scherm","description":"","potentialAction":[{"@type":"SearchAction","target":{"@type":"EntryPoint","urlTemplate":"https:\/\/www.telaled.com\/?s={search_term_string}"},"query-input":{"@type":"PropertyValueSpecification","valueRequired":true,"valueName":"search_term_string"}}],"inLanguage":"nl-NL"}]}},"_links":{"self":[{"href":"https:\/\/www.telaled.com\/nl\/wp-json\/wp\/v2\/product\/3695","targetHints":{"allow":["GET"]}}],"collection":[{"href":"https:\/\/www.telaled.com\/nl\/wp-json\/wp\/v2\/product"}],"about":[{"href":"https:\/\/www.telaled.com\/nl\/wp-json\/wp\/v2\/types\/product"}],"wp:featuredmedia":[{"embeddable":true,"href":"https:\/\/www.telaled.com\/nl\/wp-json\/wp\/v2\/media\/3697"}],"wp:attachment":[{"href":"https:\/\/www.telaled.com\/nl\/wp-json\/wp\/v2\/media?parent=3695"}],"wp:term":[{"taxonomy":"product_brand","embeddable":true,"href":"https:\/\/www.telaled.com\/nl\/wp-json\/wp\/v2\/product_brand?post=3695"},{"taxonomy":"product_cat","embeddable":true,"href":"https:\/\/www.telaled.com\/nl\/wp-json\/wp\/v2\/product_cat?post=3695"},{"taxonomy":"product_tag","embeddable":true,"href":"https:\/\/www.telaled.com\/nl\/wp-json\/wp\/v2\/product_tag?post=3695"}],"curies":[{"name":"wp","href":"https:\/\/api.w.org\/{rel}","templated":true}]}}