{"id":3692,"date":"2025-10-02T00:42:47","date_gmt":"2025-10-02T00:42:47","guid":{"rendered":"https:\/\/www.telaled.com\/?post_type=product&#038;p=3692"},"modified":"2026-01-06T09:20:04","modified_gmt":"2026-01-06T09:20:04","slug":"placar-eletronico-para-volei-serie-teb","status":"publish","type":"product","link":"https:\/\/www.telaled.com\/nl\/fabrica\/placar-eletronico-para-volei-serie-teb\/","title":{"rendered":"Elektronisch scorebord voor volleybal TEB-serie"},"content":{"rendered":"<div class=\"row\"  id=\"row-1188747394\">\n\n\t<div id=\"col-1239092930\" class=\"col small-12 large-12\"  >\n\t\t\t\t<div class=\"col-inner\"  >\n\t\t\t\n\t\t\t\n<h2><strong>Unieke voordelen van het elektronische volleybal scorebord uit de TEB-serie<\/strong><\/h2>\n<h3><strong>Professioneel moederbord<\/strong><\/h3>\n<ul>\n<li>Het meerlaagse ontwerp zorgt voor stabiele prestaties.<\/li>\n<li>De grotere indeling zorgt voor minder hitte en minder spanning op de componenten.<\/li>\n<li>Gebouwd voor een lange levensduur met een laag uitvalpercentage.<\/li>\n<\/ul>\n<h3><strong>Draadloze afstandsbediening<\/strong><\/h3>\n<ul>\n<li>Eenvoudige bediening of score- en tijdfuncties.<\/li>\n<li>Het werkt soepel binnen een bereik van 30 \u00e0 30 meter.<\/li>\n<li>Vrij te bewerken cijfers voor flexibel wedstrijdbeheer.<\/li>\n<\/ul>\n<h3><strong>Structuur van aluminiumlegering<\/strong><\/h3>\n<ul>\n<li>Gepatenteerde constructie voor sterkte en duurzaamheid.<\/li>\n<li>Dankzij de lichte constructie is het eenvoudig te installeren en te vervoeren.<\/li>\n<li>Slijtvast, voor jarenlang betrouwbaar gebruik.<\/li>\n<\/ul>\n<h3><strong>Hoge definitie LED-scherm<\/strong><\/h3>\n<ul>\n<li>Heldere digitale buizen zorgen ervoor dat de score vanuit elke hoek scherp is.<\/li>\n<li>Nauwkeurige tijdsregistratie voor elke set en rally.<\/li>\n<li>Gemakkelijk te lezen voor zowel spelers als toeschouwers.<\/li>\n<\/ul>\n<h2>Productdetails<\/h2>\n<div class=\"row\"  id=\"row-43532830\">\n\n\t<div id=\"col-795378252\" class=\"col medium-10 small-12 large-10\"  >\n\t\t\t\t<div class=\"col-inner text-left\"  >\n\t\t\t\n\t\t\t\n<ul>\n<li><strong>Compacte afmetingen<\/strong> \u2013 <span style=\"font-weight: 400;\">Elektronisch scorebord voor volleybal TEB-serie<\/span> Afmetingen: 58 cm (22,83 inch) breed x 35 cm (13,78 inch) hoog, met 4-inch LED-cijfers voor duidelijke zichtbaarheid.<\/li>\n<\/ul>\n\t<div class=\"img has-hover x md-x lg-x y md-y lg-y\" id=\"image_1953325770\">\n\t\t\t\t\t\t\t\t<div class=\"img-inner dark\" >\n\t\t\t<img loading=\"lazy\" decoding=\"async\" width=\"800\" height=\"813\" src=\"https:\/\/www.telaled.com\/wp-content\/uploads\/2025\/10\/Dimensions.webp\" class=\"attachment-large size-large\" alt=\"Elektronisch scorebord voor volleybal TEB-serie Afmetingen\" srcset=\"https:\/\/www.telaled.com\/wp-content\/uploads\/2025\/10\/Dimensions.webp 800w, https:\/\/www.telaled.com\/wp-content\/uploads\/2025\/10\/Dimensions-295x300.webp 295w, https:\/\/www.telaled.com\/wp-content\/uploads\/2025\/10\/Dimensions-768x780.webp 768w, https:\/\/www.telaled.com\/wp-content\/uploads\/2025\/10\/Dimensions-12x12.webp 12w, https:\/\/www.telaled.com\/wp-content\/uploads\/2025\/10\/Dimensions-600x610.webp 600w\" sizes=\"auto, (max-width: 800px) 100vw, 800px\" \/>\t\t\t\t\t\t\n\t\t\t\t\t<\/div>\n\t\t\t\t\t\t\t\t\n<style>\n#image_1953325770 {\n  width: 80%;\n}\n<\/style>\n\t<\/div>\n\t\n<ul>\n<li><strong>Flexibele installatie<\/strong> \u2013 Kan op een tafel worden geplaatst, in een hangmat worden gehangen, op een statief worden gemonteerd of aan de muur worden bevestigd.<\/li>\n<\/ul>\n\t<div class=\"img has-hover x md-x lg-x y md-y lg-y\" id=\"image_1443541959\">\n\t\t\t\t\t\t\t\t<div class=\"img-inner dark\" >\n\t\t\t<img loading=\"lazy\" decoding=\"async\" width=\"788\" height=\"739\" src=\"https:\/\/www.telaled.com\/wp-content\/uploads\/2025\/10\/Installation-Method.webp\" class=\"attachment-original size-original\" alt=\"\" srcset=\"https:\/\/www.telaled.com\/wp-content\/uploads\/2025\/10\/Installation-Method.webp 788w, https:\/\/www.telaled.com\/wp-content\/uploads\/2025\/10\/Installation-Method-300x281.webp 300w, https:\/\/www.telaled.com\/wp-content\/uploads\/2025\/10\/Installation-Method-768x720.webp 768w, https:\/\/www.telaled.com\/wp-content\/uploads\/2025\/10\/Installation-Method-13x12.webp 13w, https:\/\/www.telaled.com\/wp-content\/uploads\/2025\/10\/Installation-Method-600x563.webp 600w\" sizes=\"auto, (max-width: 788px) 100vw, 788px\" \/>\t\t\t\t\t\t\n\t\t\t\t\t<\/div>\n\t\t\t\t\t\t\t\t\n<style>\n#image_1443541959 {\n  width: 80%;\n}\n<\/style>\n\t<\/div>\n\t\n<ul>\n<li><strong>Praktische functies op de achterkant<\/strong> \u2013 Uitgerust met een aan\/uit-schakelaar, batterijvak (ondersteunt 1-3 18650-batterijen), een 90 dB-zoemer en een Type-C-interface voor eenvoudig gebruik.<\/li>\n<\/ul>\n\t<div class=\"img has-hover x md-x lg-x y md-y lg-y\" id=\"image_1338163644\">\n\t\t\t\t\t\t\t\t<div class=\"img-inner dark\" >\n\t\t\t<img loading=\"lazy\" decoding=\"async\" width=\"788\" height=\"739\" src=\"https:\/\/www.telaled.com\/wp-content\/uploads\/2025\/10\/Back-Features.webp\" class=\"attachment-large size-large\" alt=\"Achterzijde met elektronisch scorebord voor volleybal TEB-serie\" srcset=\"https:\/\/www.telaled.com\/wp-content\/uploads\/2025\/10\/Back-Features.webp 788w, https:\/\/www.telaled.com\/wp-content\/uploads\/2025\/10\/Back-Features-300x281.webp 300w, https:\/\/www.telaled.com\/wp-content\/uploads\/2025\/10\/Back-Features-768x720.webp 768w, https:\/\/www.telaled.com\/wp-content\/uploads\/2025\/10\/Back-Features-13x12.webp 13w, https:\/\/www.telaled.com\/wp-content\/uploads\/2025\/10\/Back-Features-600x563.webp 600w\" sizes=\"auto, (max-width: 788px) 100vw, 788px\" \/>\t\t\t\t\t\t\n\t\t\t\t\t<\/div>\n\t\t\t\t\t\t\t\t\n<style>\n#image_1338163644 {\n  width: 80%;\n}\n<\/style>\n\t<\/div>\n\t\n<ul>\n<li><strong>Clear Start-functies<\/strong> \u2013 Geeft de scores van thuis- en uitspelende teams weer, markeert het winnende team en toont het aantal gewonnen rondes voor nauwkeurige spelregistratie.<\/li>\n<\/ul>\n\t<div class=\"img has-hover x md-x lg-x y md-y lg-y\" id=\"image_1545868309\">\n\t\t\t\t\t\t\t\t<div class=\"img-inner dark\" >\n\t\t\t<img loading=\"lazy\" decoding=\"async\" width=\"790\" height=\"908\" src=\"https:\/\/www.telaled.com\/wp-content\/uploads\/2025\/10\/Product-Function.webp\" class=\"attachment-large size-large\" alt=\"\" srcset=\"https:\/\/www.telaled.com\/wp-content\/uploads\/2025\/10\/Product-Function.webp 790w, https:\/\/www.telaled.com\/wp-content\/uploads\/2025\/10\/Product-Function-261x300.webp 261w, https:\/\/www.telaled.com\/wp-content\/uploads\/2025\/10\/Product-Function-768x883.webp 768w, https:\/\/www.telaled.com\/wp-content\/uploads\/2025\/10\/Product-Function-10x12.webp 10w, https:\/\/www.telaled.com\/wp-content\/uploads\/2025\/10\/Product-Function-600x690.webp 600w\" sizes=\"auto, (max-width: 790px) 100vw, 790px\" \/>\t\t\t\t\t\t\n\t\t\t\t\t<\/div>\n\t\t\t\t\t\t\t\t\n<style>\n#image_1545868309 {\n  width: 80%;\n}\n<\/style>\n\t<\/div>\n\t\n<ul>\n<li>Elk <strong><em>Elektronisch scorebord voor volleybal TEB-serie<\/em><\/strong> Het apparaat wordt geleverd in stevige houten kratten voor maximale bescherming. De veilige verpakking beschermt elk apparaat tegen stoten, ongedierte en andere gevaren, zodat het veilig en gebruiksklaar aankomt.<\/li>\n<\/ul>\n\t<div class=\"img has-hover x md-x lg-x y md-y lg-y\" id=\"image_1372633437\">\n\t\t\t\t\t\t\t\t<div class=\"img-inner dark\" >\n\t\t\t<img loading=\"lazy\" decoding=\"async\" width=\"760\" height=\"1024\" src=\"https:\/\/www.telaled.com\/wp-content\/uploads\/2025\/08\/36123f2c-de60-488d-af81-255cd4aee54a-760x1024.webp\" class=\"attachment-large size-large\" alt=\"\" srcset=\"https:\/\/www.telaled.com\/wp-content\/uploads\/2025\/08\/36123f2c-de60-488d-af81-255cd4aee54a-760x1024.webp 760w, https:\/\/www.telaled.com\/wp-content\/uploads\/2025\/08\/36123f2c-de60-488d-af81-255cd4aee54a-223x300.webp 223w, https:\/\/www.telaled.com\/wp-content\/uploads\/2025\/08\/36123f2c-de60-488d-af81-255cd4aee54a-768x1035.webp 768w, https:\/\/www.telaled.com\/wp-content\/uploads\/2025\/08\/36123f2c-de60-488d-af81-255cd4aee54a-9x12.webp 9w, https:\/\/www.telaled.com\/wp-content\/uploads\/2025\/08\/36123f2c-de60-488d-af81-255cd4aee54a-600x808.webp 600w, https:\/\/www.telaled.com\/wp-content\/uploads\/2025\/08\/36123f2c-de60-488d-af81-255cd4aee54a.webp 795w\" sizes=\"auto, (max-width: 760px) 100vw, 760px\" \/>\t\t\t\t\t\t\n\t\t\t\t\t<\/div>\n\t\t\t\t\t\t\t\t\n<style>\n#image_1372633437 {\n  width: 80%;\n}\n<\/style>\n\t<\/div>\n\t\n\n<table id=\"tablepress-92\" class=\"tablepress tablepress-id-92\">\n<thead>\n<tr class=\"row-1\">\n\t<th colspan=\"4\" class=\"column-1\">Productpresentatie<\/th>\n<\/tr>\n<\/thead>\n<tbody class=\"row-striping row-hover\">\n<tr class=\"row-2\">\n\t<td class=\"column-1\">Materiaal<\/td><td class=\"column-2\">ABS<\/td><td class=\"column-3\"><\/td><td class=\"column-4\"><\/td>\n<\/tr>\n<tr class=\"row-3\">\n\t<td class=\"column-1\">Scorebordgrootte<\/td><td class=\"column-2\">58*35*2,3 cm (22,83*13,78*0,9 inch)<\/td><td class=\"column-3\"><\/td><td class=\"column-4\"><\/td>\n<\/tr>\n<tr class=\"row-4\">\n\t<td class=\"column-1\">Productfunctie<\/td><td class=\"column-2\">Scoreweergave, normale en volleybalmodus, geluid kan aan\/uit worden gezet.<\/td><td class=\"column-3\"><\/td><td class=\"column-4\"><\/td>\n<\/tr>\n<tr class=\"row-5\">\n\t<td class=\"column-1\">Energiebron<\/td><td class=\"column-2\">DC5V\/2A-adapter, Type-C-lader (ondersteunt verschillende landen)<\/td><td class=\"column-3\"><\/td><td class=\"column-4\"><\/td>\n<\/tr>\n<tr class=\"row-6\">\n\t<td class=\"column-1\">Op batterijen<\/td><td class=\"column-2\">1-3 oplaadbare 18650 lithium batterijen (batterij niet inbegrepen)<\/td><td class=\"column-3\"><\/td><td class=\"column-4\"><\/td>\n<\/tr>\n<tr class=\"row-7\">\n\t<td class=\"column-1\">Installatiemethode<\/td><td class=\"column-2\">Tafelmodel, wandmodel, hangend model, statiefmodel.<br \/>\n(Ophangaccessoire en statief niet inbegrepen. Neem contact met ons op om dit aan te schaffen.)<\/td><td class=\"column-3\"><\/td><td class=\"column-4\"><\/td>\n<\/tr>\n<tr class=\"row-8\">\n\t<td class=\"column-1\">Kenmerken<\/td><td class=\"column-2\">Geschikt voor binnen- en buitengebruik, draagbaar, eenvoudig te bedienen.<\/td><td class=\"column-3\"><\/td><td class=\"column-4\"><\/td>\n<\/tr>\n<tr class=\"row-9\">\n\t<td class=\"column-1\">Pakket inclusief<\/td><td class=\"column-2\">10-cijferig scorebord, Pulsbediening (THUIS+BEZOEKER), 2.4G afstandsbediening,<br \/>\nAdapter en oplader, Installatieaccessoires, Gebruiksaanwijzing<\/td><td class=\"column-3\"><\/td><td class=\"column-4\"><\/td>\n<\/tr>\n<\/tbody>\n<\/table>\n\n\t\t<\/div>\n\t\t\t\t\t<\/div>\n\n\t\n<\/div>\n\t\t<\/div>\n\t\t\t\t\t<\/div>\n\n\t\n<\/div>","protected":false},"excerpt":{"rendered":"<p><strong>Elektronisch scorebord voor volleybal TEB-serie \u2013 Vereenvoudigde realtime score<\/strong><\/p>\n<p>DE <em><strong>Elektronisch scorebord voor volleybal TEB-serie <\/strong><\/em>Ontworpen om elke actie, set en wedstrijd duidelijk te houden voor spelers en toeschouwers. Met heldere led-cijfers, gebruiksvriendelijke bediening en een duurzame constructie garandeert het nauwkeurige scores en soepele gameplay, zowel binnen als buiten.<\/p>\n<p><strong>4 belangrijke voordelen:<\/strong><\/p>\n<ul>\n<li><strong>Directe score-updates<\/strong> \u2013 Het heldere LED-scherm zorgt ervoor dat spelers, scheidsrechters en fans op \u00e9\u00e9n lijn zitten.<\/li>\n<li><strong>Duurzame constructie<\/strong> \u2013 Gebouwd om intensieve game-omgevingen aan te kunnen met langdurige prestaties.<\/li>\n<li><strong>Eenvoudig te gebruiken bedieningselementen<\/strong> \u2013 De eenvoudige interface zorgt ervoor dat scheidsrechters snel en effici\u00ebnt kunnen werken.<\/li>\n<li><strong>Aanpasbaar ontwerp<\/strong> \u2013 Formaat, helderheid en functies die aansluiten op uw behoeften. <a href=\"https:\/\/www.telaled.com\/nl\/cronometro-academia\/\">sportscholen<\/a>, scholen of professionele arena&#039;s.<\/li>\n<\/ul>\n<p>Ons team biedt 24\/7 ondersteuning op afstand en 3 jaar garantie. Neem vandaag nog contact met ons op voor een offerte op maat.<\/p>","protected":false},"featured_media":3703,"template":"","meta":[],"product_brand":[],"product_cat":[48,40,44,46],"product_tag":[],"class_list":{"0":"post-3692","1":"product","2":"type-product","3":"status-publish","4":"has-post-thumbnail","6":"product_cat-paineis-personalizados","7":"product_cat-painel-de-led","8":"product_cat-painel-de-led-flexivel","9":"product_cat-painel-de-video","11":"first","12":"instock","13":"shipping-taxable","14":"product-type-simple"},"yoast_head":"<!-- This site is optimized with the Yoast SEO plugin v27.5 - https:\/\/yoast.com\/product\/yoast-seo-wordpress\/ -->\n<title>Placar Eletronico Para Volei S\u00e9rie TEB | TELALED<\/title>\n<meta name=\"description\" content=\"Placar Eletronico Para Volei S\u00e9rie TEB oferece resultados claros e em tempo real para todas as partidas. Dur\u00e1vel e f\u00e1cil de usar. Adquira o seu agora!\" \/>\n<meta name=\"robots\" content=\"index, follow, max-snippet:-1, max-image-preview:large, max-video-preview:-1\" \/>\n<link rel=\"canonical\" href=\"https:\/\/www.telaled.com\/nl\/fabrica\/placar-eletronico-para-volei-serie-teb\/\" \/>\n<meta property=\"og:locale\" content=\"nl_NL\" \/>\n<meta property=\"og:type\" content=\"article\" \/>\n<meta property=\"og:title\" content=\"Placar Eletronico Para Volei S\u00e9rie TEB | TELALED\" \/>\n<meta property=\"og:description\" content=\"Placar Eletronico Para Volei S\u00e9rie TEB oferece resultados claros e em tempo real para todas as partidas. Dur\u00e1vel e f\u00e1cil de usar. Adquira o seu agora!\" \/>\n<meta property=\"og:url\" content=\"https:\/\/www.telaled.com\/nl\/fabrica\/placar-eletronico-para-volei-serie-teb\/\" \/>\n<meta property=\"og:site_name\" content=\"TELALED\" \/>\n<meta property=\"article:modified_time\" content=\"2026-01-06T09:20:04+00:00\" \/>\n<meta property=\"og:image\" content=\"https:\/\/www.telaled.com\/wp-content\/uploads\/2025\/10\/Electronic-Volleyball-Scoreboard.webp\" \/>\n\t<meta property=\"og:image:width\" content=\"500\" \/>\n\t<meta property=\"og:image:height\" content=\"500\" \/>\n\t<meta property=\"og:image:type\" content=\"image\/webp\" \/>\n<meta name=\"twitter:card\" content=\"summary_large_image\" \/>\n<meta name=\"twitter:label1\" content=\"Geschatte leestijd\" \/>\n\t<meta name=\"twitter:data1\" content=\"2 minuten\" \/>\n<script type=\"application\/ld+json\" class=\"yoast-schema-graph\">{\"@context\":\"https:\\\/\\\/schema.org\",\"@graph\":[{\"@type\":\"WebPage\",\"@id\":\"https:\\\/\\\/www.telaled.com\\\/fabrica\\\/placar-eletronico-para-volei-serie-teb\\\/\",\"url\":\"https:\\\/\\\/www.telaled.com\\\/fabrica\\\/placar-eletronico-para-volei-serie-teb\\\/\",\"name\":\"Placar Eletronico Para Volei S\u00e9rie TEB | TELALED\",\"isPartOf\":{\"@id\":\"https:\\\/\\\/www.telaled.com\\\/#website\"},\"primaryImageOfPage\":{\"@id\":\"https:\\\/\\\/www.telaled.com\\\/fabrica\\\/placar-eletronico-para-volei-serie-teb\\\/#primaryimage\"},\"image\":{\"@id\":\"https:\\\/\\\/www.telaled.com\\\/fabrica\\\/placar-eletronico-para-volei-serie-teb\\\/#primaryimage\"},\"thumbnailUrl\":\"https:\\\/\\\/www.telaled.com\\\/wp-content\\\/uploads\\\/2025\\\/10\\\/Electronic-Volleyball-Scoreboard.webp\",\"datePublished\":\"2025-10-02T00:42:47+00:00\",\"dateModified\":\"2026-01-06T09:20:04+00:00\",\"description\":\"Placar Eletronico Para Volei S\u00e9rie TEB oferece resultados claros e em tempo real para todas as partidas. Dur\u00e1vel e f\u00e1cil de usar. Adquira o seu agora!\",\"breadcrumb\":{\"@id\":\"https:\\\/\\\/www.telaled.com\\\/fabrica\\\/placar-eletronico-para-volei-serie-teb\\\/#breadcrumb\"},\"inLanguage\":\"nl-NL\",\"potentialAction\":[{\"@type\":\"ReadAction\",\"target\":[\"https:\\\/\\\/www.telaled.com\\\/fabrica\\\/placar-eletronico-para-volei-serie-teb\\\/\"]}]},{\"@type\":\"ImageObject\",\"inLanguage\":\"nl-NL\",\"@id\":\"https:\\\/\\\/www.telaled.com\\\/fabrica\\\/placar-eletronico-para-volei-serie-teb\\\/#primaryimage\",\"url\":\"https:\\\/\\\/www.telaled.com\\\/wp-content\\\/uploads\\\/2025\\\/10\\\/Electronic-Volleyball-Scoreboard.webp\",\"contentUrl\":\"https:\\\/\\\/www.telaled.com\\\/wp-content\\\/uploads\\\/2025\\\/10\\\/Electronic-Volleyball-Scoreboard.webp\",\"width\":500,\"height\":500,\"caption\":\"Placar Eletronico Para Volei S\u00e9rie TEB\"},{\"@type\":\"BreadcrumbList\",\"@id\":\"https:\\\/\\\/www.telaled.com\\\/fabrica\\\/placar-eletronico-para-volei-serie-teb\\\/#breadcrumb\",\"itemListElement\":[{\"@type\":\"ListItem\",\"position\":1,\"name\":\"Home\",\"item\":\"https:\\\/\\\/www.telaled.com\\\/\"},{\"@type\":\"ListItem\",\"position\":2,\"name\":\"Produtos\",\"item\":\"https:\\\/\\\/www.telaled.com\\\/shop\\\/\"},{\"@type\":\"ListItem\",\"position\":3,\"name\":\"Placar Eletronico Para Volei S\u00e9rie TEB\"}]},{\"@type\":\"WebSite\",\"@id\":\"https:\\\/\\\/www.telaled.com\\\/#website\",\"url\":\"https:\\\/\\\/www.telaled.com\\\/\",\"name\":\"TELALED\",\"description\":\"\",\"potentialAction\":[{\"@type\":\"SearchAction\",\"target\":{\"@type\":\"EntryPoint\",\"urlTemplate\":\"https:\\\/\\\/www.telaled.com\\\/?s={search_term_string}\"},\"query-input\":{\"@type\":\"PropertyValueSpecification\",\"valueRequired\":true,\"valueName\":\"search_term_string\"}}],\"inLanguage\":\"nl-NL\"}]}<\/script>\n<!-- \/ Yoast SEO plugin. -->","yoast_head_json":{"title":"Elektronisch scorebord voor volleybal TEB-serie | TELALED","description":"Het elektronische volleybalscorebord uit de TEB-serie biedt duidelijke, realtime resultaten voor elke wedstrijd. Duurzaam en gebruiksvriendelijk. Bestel hem nu!","robots":{"index":"index","follow":"follow","max-snippet":"max-snippet:-1","max-image-preview":"max-image-preview:large","max-video-preview":"max-video-preview:-1"},"canonical":"https:\/\/www.telaled.com\/nl\/fabrica\/placar-eletronico-para-volei-serie-teb\/","og_locale":"nl_NL","og_type":"article","og_title":"Placar Eletronico Para Volei S\u00e9rie TEB | TELALED","og_description":"Placar Eletronico Para Volei S\u00e9rie TEB oferece resultados claros e em tempo real para todas as partidas. Dur\u00e1vel e f\u00e1cil de usar. Adquira o seu agora!","og_url":"https:\/\/www.telaled.com\/nl\/fabrica\/placar-eletronico-para-volei-serie-teb\/","og_site_name":"TELALED","article_modified_time":"2026-01-06T09:20:04+00:00","og_image":[{"width":500,"height":500,"url":"https:\/\/www.telaled.com\/wp-content\/uploads\/2025\/10\/Electronic-Volleyball-Scoreboard.webp","type":"image\/webp"}],"twitter_card":"summary_large_image","twitter_misc":{"Geschatte leestijd":"2 minuten"},"schema":{"@context":"https:\/\/schema.org","@graph":[{"@type":"WebPage","@id":"https:\/\/www.telaled.com\/fabrica\/placar-eletronico-para-volei-serie-teb\/","url":"https:\/\/www.telaled.com\/fabrica\/placar-eletronico-para-volei-serie-teb\/","name":"Elektronisch scorebord voor volleybal TEB-serie | TELALED","isPartOf":{"@id":"https:\/\/www.telaled.com\/#website"},"primaryImageOfPage":{"@id":"https:\/\/www.telaled.com\/fabrica\/placar-eletronico-para-volei-serie-teb\/#primaryimage"},"image":{"@id":"https:\/\/www.telaled.com\/fabrica\/placar-eletronico-para-volei-serie-teb\/#primaryimage"},"thumbnailUrl":"https:\/\/www.telaled.com\/wp-content\/uploads\/2025\/10\/Electronic-Volleyball-Scoreboard.webp","datePublished":"2025-10-02T00:42:47+00:00","dateModified":"2026-01-06T09:20:04+00:00","description":"Het elektronische volleybalscorebord uit de TEB-serie biedt duidelijke, realtime resultaten voor elke wedstrijd. Duurzaam en gebruiksvriendelijk. Bestel hem nu!","breadcrumb":{"@id":"https:\/\/www.telaled.com\/fabrica\/placar-eletronico-para-volei-serie-teb\/#breadcrumb"},"inLanguage":"nl-NL","potentialAction":[{"@type":"ReadAction","target":["https:\/\/www.telaled.com\/fabrica\/placar-eletronico-para-volei-serie-teb\/"]}]},{"@type":"ImageObject","inLanguage":"nl-NL","@id":"https:\/\/www.telaled.com\/fabrica\/placar-eletronico-para-volei-serie-teb\/#primaryimage","url":"https:\/\/www.telaled.com\/wp-content\/uploads\/2025\/10\/Electronic-Volleyball-Scoreboard.webp","contentUrl":"https:\/\/www.telaled.com\/wp-content\/uploads\/2025\/10\/Electronic-Volleyball-Scoreboard.webp","width":500,"height":500,"caption":"Placar Eletronico Para Volei S\u00e9rie TEB"},{"@type":"BreadcrumbList","@id":"https:\/\/www.telaled.com\/fabrica\/placar-eletronico-para-volei-serie-teb\/#breadcrumb","itemListElement":[{"@type":"ListItem","position":1,"name":"Home","item":"https:\/\/www.telaled.com\/"},{"@type":"ListItem","position":2,"name":"Produtos","item":"https:\/\/www.telaled.com\/shop\/"},{"@type":"ListItem","position":3,"name":"Placar Eletronico Para Volei S\u00e9rie TEB"}]},{"@type":"WebSite","@id":"https:\/\/www.telaled.com\/#website","url":"https:\/\/www.telaled.com\/","name":"LED-scherm","description":"","potentialAction":[{"@type":"SearchAction","target":{"@type":"EntryPoint","urlTemplate":"https:\/\/www.telaled.com\/?s={search_term_string}"},"query-input":{"@type":"PropertyValueSpecification","valueRequired":true,"valueName":"search_term_string"}}],"inLanguage":"nl-NL"}]}},"_links":{"self":[{"href":"https:\/\/www.telaled.com\/nl\/wp-json\/wp\/v2\/product\/3692","targetHints":{"allow":["GET"]}}],"collection":[{"href":"https:\/\/www.telaled.com\/nl\/wp-json\/wp\/v2\/product"}],"about":[{"href":"https:\/\/www.telaled.com\/nl\/wp-json\/wp\/v2\/types\/product"}],"wp:featuredmedia":[{"embeddable":true,"href":"https:\/\/www.telaled.com\/nl\/wp-json\/wp\/v2\/media\/3703"}],"wp:attachment":[{"href":"https:\/\/www.telaled.com\/nl\/wp-json\/wp\/v2\/media?parent=3692"}],"wp:term":[{"taxonomy":"product_brand","embeddable":true,"href":"https:\/\/www.telaled.com\/nl\/wp-json\/wp\/v2\/product_brand?post=3692"},{"taxonomy":"product_cat","embeddable":true,"href":"https:\/\/www.telaled.com\/nl\/wp-json\/wp\/v2\/product_cat?post=3692"},{"taxonomy":"product_tag","embeddable":true,"href":"https:\/\/www.telaled.com\/nl\/wp-json\/wp\/v2\/product_tag?post=3692"}],"curies":[{"name":"wp","href":"https:\/\/api.w.org\/{rel}","templated":true}]}}