{"id":3624,"date":"2025-09-29T06:06:11","date_gmt":"2025-09-29T06:06:11","guid":{"rendered":"https:\/\/www.telaled.com\/?post_type=product&#038;p=3624"},"modified":"2026-01-06T08:56:07","modified_gmt":"2026-01-06T08:56:07","slug":"totem-led-vertical-serie-twc","status":"publish","type":"product","link":"https:\/\/www.telaled.com\/nl\/fabrica\/totem-led-vertical-serie-twc\/","title":{"rendered":"TWC-serie verticale LED-totem"},"content":{"rendered":"<div class=\"row\"  id=\"row-865731176\">\n\n\t<div id=\"col-554866024\" class=\"col small-12 large-12\"  >\n\t\t\t\t<div class=\"col-inner\"  >\n\t\t\t\n\t\t\t\n<h2>Exclusieve voordelen van de TWC-serie verticale LED-totem<\/h2>\n<h3><strong>Superieure duurzaamheid<\/strong><\/h3>\n<ul>\n<li>Ontworpen voor continu gebruik zonder prestatieverlies.<\/li>\n<li>Slijtvast, wat een lange levensduur garandeert.<\/li>\n<li>Gemaakt met hoogwaardige LED-modules voor stabiliteit.<\/li>\n<\/ul>\n<h3><strong>Uitzonderlijke visuele kwaliteit<\/strong><\/h3>\n<ul>\n<li>Hoge helderheid tot 7500 cd\/m\u00b2 voor levendige weergaven.<\/li>\n<li>Fijne pixelstappen (zo klein als <a href=\"https:\/\/www.telaled.com\/nl\/painel-de-led-p2-5\/\">P2 mm<\/a>).<\/li>\n<li>Realistische kleuren die direct de aandacht trekken.<\/li>\n<\/ul>\n<h3><strong>Volledige aanpassingsvermogen<\/strong><\/h3>\n<ul>\n<li>Verkrijgbaar in verschillende maten en verhoudingen.<\/li>\n<li>Enkel- of dubbelzijdige weergaveopties.<\/li>\n<li>Aanpasbaar aan verschillende interieuromgevingen.<\/li>\n<\/ul>\n<h3><strong>Uitgebreide ondersteuning<\/strong><\/h3>\n<ul>\n<li><strong>24\/7 gespecialiseerde assistentie: <\/strong>Krijg altijd en overal professionele hulp om uw systeem soepel te laten draaien.<strong>.<\/strong><\/li>\n<li><strong>Inclusief reserveonderdelen: <\/strong>Bij elke bestelling worden 5% aan vervangende onderdelen meegeleverd, zodat u verzekerd bent van consistente prestaties.<\/li>\n<li><strong>Verhoog de betrouwbaarheid:\u00a0<\/strong>Extra componenten verminderen serviceonderbrekingen en verlengen de levensduur van apparatuur.<\/li>\n<li><strong>Gegarandeerd gemoedsrust:\u00a0<\/strong>Profiteer van 3 jaar garantie met betrouwbare service en langdurige bescherming voor uw investering.<\/li>\n<\/ul>\n<h2>Productdetails<\/h2>\n<div class=\"row\"  id=\"row-1663931905\">\n\n\t<div id=\"col-1324792572\" class=\"col medium-10 small-12 large-10\"  >\n\t\t\t\t<div class=\"col-inner text-left\"  >\n\t\t\t\n\t\t\t\n<ul>\n<li>Verticale LED-zuilen zijn slanke, mobiele digitale displays, verkrijgbaar in diverse formaten en resoluties. Ze zijn direct na levering klaar voor gebruik en leveren scherpe, heldere beelden zonder ingewikkelde installatie. Perfect voor winkelcentra, winkels en conferenties. Hun ongewone beeldverhouding onderscheidt ze van standaard LCD&#039;s en biedt flexibele maatwerkopties voor elk merk.<\/li>\n<\/ul>\n\t<div class=\"img has-hover x md-x lg-x y md-y lg-y\" id=\"image_1375748537\">\n\t\t\t\t\t\t\t\t<div class=\"img-inner dark\" >\n\t\t\t<img loading=\"lazy\" decoding=\"async\" width=\"1500\" height=\"841\" src=\"https:\/\/www.telaled.com\/wp-content\/uploads\/2025\/09\/vertical-led-totem8.webp\" class=\"attachment-original size-original\" alt=\"verticaal-geleide-totem8\" srcset=\"https:\/\/www.telaled.com\/wp-content\/uploads\/2025\/09\/vertical-led-totem8.webp 1500w, https:\/\/www.telaled.com\/wp-content\/uploads\/2025\/09\/vertical-led-totem8-300x168.webp 300w, https:\/\/www.telaled.com\/wp-content\/uploads\/2025\/09\/vertical-led-totem8-1024x574.webp 1024w, https:\/\/www.telaled.com\/wp-content\/uploads\/2025\/09\/vertical-led-totem8-768x431.webp 768w, https:\/\/www.telaled.com\/wp-content\/uploads\/2025\/09\/vertical-led-totem8-18x10.webp 18w, https:\/\/www.telaled.com\/wp-content\/uploads\/2025\/09\/vertical-led-totem8-600x336.webp 600w\" sizes=\"auto, (max-width: 1500px) 100vw, 1500px\" \/>\t\t\t\t\t\t\n\t\t\t\t\t<\/div>\n\t\t\t\t\t\t\t\t\n<style>\n#image_1375748537 {\n  width: 80%;\n}\n<\/style>\n\t<\/div>\n\t\n<ul>\n<li>DE <em><strong>TWC-serie verticale LED-totem<\/strong><\/em> Kunnen naast elkaar worden geplaatst om een groter beeld weer te geven of dezelfde content op meerdere schermen te herhalen. U kunt maximaal 5 zuilen cascade-aansluiten, geschikt voor staande of hangende installaties.<\/li>\n<\/ul>\n\t<div class=\"img has-hover x md-x lg-x y md-y lg-y\" id=\"image_723937782\">\n\t\t\t\t\t\t\t\t<div class=\"img-inner dark\" >\n\t\t\t<img loading=\"lazy\" decoding=\"async\" width=\"675\" height=\"675\" src=\"https:\/\/www.telaled.com\/wp-content\/uploads\/2025\/09\/Configuracao-em-cascata.webp\" class=\"attachment-large size-large\" alt=\"Cascadeconfiguratie\" srcset=\"https:\/\/www.telaled.com\/wp-content\/uploads\/2025\/09\/Configuracao-em-cascata.webp 675w, https:\/\/www.telaled.com\/wp-content\/uploads\/2025\/09\/Configuracao-em-cascata-300x300.webp 300w, https:\/\/www.telaled.com\/wp-content\/uploads\/2025\/09\/Configuracao-em-cascata-150x150.webp 150w, https:\/\/www.telaled.com\/wp-content\/uploads\/2025\/09\/Configuracao-em-cascata-12x12.webp 12w, https:\/\/www.telaled.com\/wp-content\/uploads\/2025\/09\/Configuracao-em-cascata-600x600.webp 600w, https:\/\/www.telaled.com\/wp-content\/uploads\/2025\/09\/Configuracao-em-cascata-100x100.webp 100w\" sizes=\"auto, (max-width: 675px) 100vw, 675px\" \/>\t\t\t\t\t\t\n\t\t\t\t\t<\/div>\n\t\t\t\t\t\t\t\t\n<style>\n#image_723937782 {\n  width: 80%;\n}\n<\/style>\n\t<\/div>\n\t\n<ul>\n<li>Het wordt geleverd met verschillende interfaceopties, waardoor het bijwerken van inhoud eenvoudig en effici\u00ebnt is.<\/li>\n<\/ul>\n\t<div class=\"img has-hover x md-x lg-x y md-y lg-y\" id=\"image_314826103\">\n\t\t\t\t\t\t\t\t<div class=\"img-inner dark\" >\n\t\t\t<img loading=\"lazy\" decoding=\"async\" width=\"675\" height=\"675\" src=\"https:\/\/www.telaled.com\/wp-content\/uploads\/2025\/09\/Metodos-de-controle-1.webp\" class=\"attachment-large size-large\" alt=\"Bestrijdingsmethoden (1)\" srcset=\"https:\/\/www.telaled.com\/wp-content\/uploads\/2025\/09\/Metodos-de-controle-1.webp 675w, https:\/\/www.telaled.com\/wp-content\/uploads\/2025\/09\/Metodos-de-controle-1-300x300.webp 300w, https:\/\/www.telaled.com\/wp-content\/uploads\/2025\/09\/Metodos-de-controle-1-150x150.webp 150w, https:\/\/www.telaled.com\/wp-content\/uploads\/2025\/09\/Metodos-de-controle-1-12x12.webp 12w, https:\/\/www.telaled.com\/wp-content\/uploads\/2025\/09\/Metodos-de-controle-1-600x600.webp 600w, https:\/\/www.telaled.com\/wp-content\/uploads\/2025\/09\/Metodos-de-controle-1-100x100.webp 100w\" sizes=\"auto, (max-width: 675px) 100vw, 675px\" \/>\t\t\t\t\t\t\n\t\t\t\t\t<\/div>\n\t\t\t\t\t\t\t\t\n<style>\n#image_314826103 {\n  width: 80%;\n}\n<\/style>\n\t<\/div>\n\t\n\t\t<\/div>\n\t\t\t\t\t<\/div>\n\n\t\n\n\t<div id=\"col-48295983\" class=\"col medium-10 small-12 large-10\"  >\n\t\t\t\t<div class=\"col-inner text-left\"  >\n\t\t\t\n\t\t\t\n<ul>\n<li>Val op met een opvallende verticale LED-display. Vergroot de zichtbaarheid van uw merk met krachtige visuele oplossingen die ontworpen zijn om uw publiek te boeien. Van enkelzijdige tot dubbelzijdige LCD&#039;s en verticale LED-displays, onze displays brengen uw boodschap duidelijk en overtuigend over. Vertel uw verhaal met impact, bereik klanten precies waar ze zijn en maak contact wanneer het er echt toe doet.<\/li>\n<\/ul>\n\t<div class=\"img has-hover x md-x lg-x y md-y lg-y\" id=\"image_231360926\">\n\t\t\t\t\t\t\t\t<div class=\"img-inner dark\" >\n\t\t\t<img loading=\"lazy\" decoding=\"async\" width=\"675\" height=\"675\" src=\"https:\/\/www.telaled.com\/wp-content\/uploads\/2025\/09\/vertical-led-totem12.webp\" class=\"attachment-large size-large\" alt=\"verticaal-geleide-totem12\" srcset=\"https:\/\/www.telaled.com\/wp-content\/uploads\/2025\/09\/vertical-led-totem12.webp 675w, https:\/\/www.telaled.com\/wp-content\/uploads\/2025\/09\/vertical-led-totem12-300x300.webp 300w, https:\/\/www.telaled.com\/wp-content\/uploads\/2025\/09\/vertical-led-totem12-150x150.webp 150w, https:\/\/www.telaled.com\/wp-content\/uploads\/2025\/09\/vertical-led-totem12-12x12.webp 12w, https:\/\/www.telaled.com\/wp-content\/uploads\/2025\/09\/vertical-led-totem12-600x600.webp 600w, https:\/\/www.telaled.com\/wp-content\/uploads\/2025\/09\/vertical-led-totem12-100x100.webp 100w\" sizes=\"auto, (max-width: 675px) 100vw, 675px\" \/>\t\t\t\t\t\t\n\t\t\t\t\t<\/div>\n\t\t\t\t\t\t\t\t\n<style>\n#image_231360926 {\n  width: 80%;\n}\n<\/style>\n\t<\/div>\n\t\n<ul>\n<li>Verticale LED-zuilen uit de TWC-serie worden verpakt in versterkte houten kratten ter bescherming tijdens transport. Elk exemplaar wordt veilig verpakt om schade door ongedierte, stoten en andere gevaren te voorkomen. Dit garandeert duurzaamheid en een veilige levering.<\/li>\n<\/ul>\n\t<div class=\"img has-hover x md-x lg-x y md-y lg-y\" id=\"image_1393810468\">\n\t\t\t\t\t\t\t\t<div class=\"img-inner dark\" >\n\t\t\t<img loading=\"lazy\" decoding=\"async\" width=\"760\" height=\"1024\" src=\"https:\/\/www.telaled.com\/wp-content\/uploads\/2025\/08\/36123f2c-de60-488d-af81-255cd4aee54a-760x1024.webp\" class=\"attachment-large size-large\" alt=\"\" srcset=\"https:\/\/www.telaled.com\/wp-content\/uploads\/2025\/08\/36123f2c-de60-488d-af81-255cd4aee54a-760x1024.webp 760w, https:\/\/www.telaled.com\/wp-content\/uploads\/2025\/08\/36123f2c-de60-488d-af81-255cd4aee54a-223x300.webp 223w, https:\/\/www.telaled.com\/wp-content\/uploads\/2025\/08\/36123f2c-de60-488d-af81-255cd4aee54a-768x1035.webp 768w, https:\/\/www.telaled.com\/wp-content\/uploads\/2025\/08\/36123f2c-de60-488d-af81-255cd4aee54a-9x12.webp 9w, https:\/\/www.telaled.com\/wp-content\/uploads\/2025\/08\/36123f2c-de60-488d-af81-255cd4aee54a-600x808.webp 600w, https:\/\/www.telaled.com\/wp-content\/uploads\/2025\/08\/36123f2c-de60-488d-af81-255cd4aee54a.webp 795w\" sizes=\"auto, (max-width: 760px) 100vw, 760px\" \/>\t\t\t\t\t\t\n\t\t\t\t\t<\/div>\n\t\t\t\t\t\t\t\t\n<style>\n#image_1393810468 {\n  width: 80%;\n}\n<\/style>\n\t<\/div>\n\t\n\n<table id=\"tablepress-88\" class=\"tablepress tablepress-id-88\">\n<thead>\n<tr class=\"row-1\">\n\t<th class=\"column-1\">Modeltype<\/th><th class=\"column-2\">TWC-P2.5<\/th><th class=\"column-3\">TWC-P3<\/th><th class=\"column-4\">TWC-P4<\/th><th class=\"column-5\">TWC-P4<\/th>\n<\/tr>\n<\/thead>\n<tbody class=\"row-striping row-hover\">\n<tr class=\"row-2\">\n\t<td class=\"column-1\">Pixelafstand <\/td><td class=\"column-2\">2,5 mm<\/td><td class=\"column-3\">3 mm<\/td><td class=\"column-4\">4 mm<\/td><td class=\"column-5\">4 mm<\/td>\n<\/tr>\n<tr class=\"row-3\">\n\t<td class=\"column-1\">LED-type<\/td><td class=\"column-2\">SMD2121 (zwart)<\/td><td class=\"column-3\">SMD2121 (zwart)<\/td><td class=\"column-4\">SMD2121 (zwart)<\/td><td class=\"column-5\">SMD1921<\/td>\n<\/tr>\n<tr class=\"row-4\">\n\t<td class=\"column-1\">Moduleresolutie<\/td><td class=\"column-2\">64 * 32 stippen<\/td><td class=\"column-3\">64 * 64 punten<\/td><td class=\"column-4\">64 * 32 stippen<\/td><td class=\"column-5\">64 * 32 stippen<\/td>\n<\/tr>\n<tr class=\"row-5\">\n\t<td class=\"column-1\">Schermgrootte (H*B)<\/td><td class=\"column-2\">800*1600mm<\/td><td class=\"column-3\">960*1920mm<\/td><td class=\"column-4\">1024*1536mm<\/td><td class=\"column-5\">1024*2048mm<\/td>\n<\/tr>\n<tr class=\"row-6\">\n\t<td class=\"column-1\">Voetmaat<\/td><td class=\"column-2\">2,62*5,25 voet<\/td><td class=\"column-3\">3,15*6,30 voet<\/td><td class=\"column-4\">3,36*6,72 voet<\/td><td class=\"column-5\">3,36*6,72 voet<\/td>\n<\/tr>\n<tr class=\"row-7\">\n\t<td class=\"column-1\">Schermresolutie<\/td><td class=\"column-2\">320 * 640 pixels<\/td><td class=\"column-3\">320 * 640 pixels<\/td><td class=\"column-4\">256 * 512 pixels<\/td><td class=\"column-5\">256 * 512 pixels<\/td>\n<\/tr>\n<tr class=\"row-8\">\n\t<td class=\"column-1\">Materialenkast<\/td><td class=\"column-2\">Aluminium<\/td><td class=\"column-3\">Aluminium<\/td><td class=\"column-4\">Aluminium<\/td><td class=\"column-5\">Aluminium<\/td>\n<\/tr>\n<tr class=\"row-9\">\n\t<td class=\"column-1\">Gewicht van de kast<\/td><td class=\"column-2\">100 kg<\/td><td class=\"column-3\">140 kg<\/td><td class=\"column-4\">115 kg<\/td><td class=\"column-5\">170 kg<\/td>\n<\/tr>\n<tr class=\"row-10\">\n\t<td class=\"column-1\">Rijprocedure<\/td><td class=\"column-2\">\u22653m<\/td><td class=\"column-3\">\u22653m<\/td><td class=\"column-4\">&gt; 4m<\/td><td class=\"column-5\">&gt; 4m<\/td>\n<\/tr>\n<tr class=\"row-11\">\n\t<td class=\"column-1\">Licht<\/td><td class=\"column-2\">\u22651000 nits<\/td><td class=\"column-3\">\u22651000 nits<\/td><td class=\"column-4\">\u22651000 nits<\/td><td class=\"column-5\">\u22655000 nits<\/td>\n<\/tr>\n<tr class=\"row-12\">\n\t<td class=\"column-1\">Kijkhoek<\/td><td class=\"column-2\">140\u00b0 (H)\/140\u00b0 (V)<\/td><td class=\"column-3\">140\u00b0 (H)\/140\u00b0 (V)<\/td><td class=\"column-4\">140\u00b0 (H)\/140\u00b0 (V)<\/td><td class=\"column-5\">140\u00b0 (H)\/140\u00b0 (V)<\/td>\n<\/tr>\n<tr class=\"row-13\">\n\t<td class=\"column-1\">Vernieuwingsfrequentie<\/td><td class=\"column-2\">1920 Hz<\/td><td class=\"column-3\">1920 Hz<\/td><td class=\"column-4\">1920 Hz<\/td><td class=\"column-5\">1920 Hz<\/td>\n<\/tr>\n<tr class=\"row-14\">\n\t<td class=\"column-1\">Ingangsspanning<\/td><td class=\"column-2\">AC 220\/110 \u00b1 15%<\/td><td class=\"column-3\">AC 220\/110 \u00b1 15%<\/td><td class=\"column-4\">AC 220\/110 \u00b1 15%<\/td><td class=\"column-5\">AC 220\/110 \u00b1 15%<\/td>\n<\/tr>\n<tr class=\"row-15\">\n\t<td class=\"column-1\">Maximaal stroomverbruik<\/td><td class=\"column-2\">1000W<\/td><td class=\"column-3\">1100W<\/td><td class=\"column-4\">860W<\/td><td class=\"column-5\">1200W<\/td>\n<\/tr>\n<tr class=\"row-16\">\n\t<td class=\"column-1\">Bedrijfstemperatuur (\u2103)<\/td><td class=\"column-2\">-30\u2103 tot 60\u2103<\/td><td class=\"column-3\">-30\u2103 tot 60\u2103<\/td><td class=\"column-4\">-30\u2103 tot 60\u2103<\/td><td class=\"column-5\">-30\u2103 tot 60\u2103<\/td>\n<\/tr>\n<tr class=\"row-17\">\n\t<td class=\"column-1\">Vochtproductie<\/td><td class=\"column-2\">10% ~ 75%<\/td><td class=\"column-3\">10% ~ 75%<\/td><td class=\"column-4\">10% ~ 75%<\/td><td class=\"column-5\">10% ~ 75%<\/td>\n<\/tr>\n<tr class=\"row-18\">\n\t<td class=\"column-1\">Certificaat<\/td><td class=\"column-2\">CE, ROHS<\/td><td class=\"column-3\">CE, ROHS<\/td><td class=\"column-4\">CE, ROHS<\/td><td class=\"column-5\">CE, ROHS<\/td>\n<\/tr>\n<\/tbody>\n<\/table>\n\n\t\t<\/div>\n\t\t\t\t\t<\/div>\n\n\t\n<\/div>\n\t\t<\/div>\n\t\t\t\t\t<\/div>\n\n\t\n<\/div>","protected":false},"excerpt":{"rendered":"<p><strong>TWC-serie verticale LED-totem \u2013 slim digitaal display voor 24\/7-reclame<\/strong><\/p>\n<p>De onze <strong>TWC-serie verticale LED-totem<\/strong> Dit zijn veelzijdige digitale displays voor continu gebruik in elke omgeving. Met een verscheidenheid aan modellen, eenvoudige installatiemogelijkheden en flexibele bedieningsmethoden leveren ze levendige, heldere beelden om uw rendement op investering in binnen- en buitenreclame te maximaliseren.<\/p>\n<p><strong>Belangrijkste kenmerken:<\/strong><\/p>\n<ul>\n<li>Het werkt 24\/7 met een hoge helderheid en beschermt tegen regen, mist en direct zonlicht.<\/li>\n<li>Werk inhoud bij via 4G, wifi, USB, Bluetooth of Ethernet.<\/li>\n<li>Vrijstaand, op wielen, aan de muur bevestigd of hangend, geschikt voor elke locatie.<\/li>\n<li>Gemaakt met hoogwaardige componenten, gehard glas en aanpasbare parameters.<\/li>\n<\/ul>\n<p>Profiteer van 24\/7 ondersteuning op afstand waarop u kunt rekenen, met een volledige garantie van 3 jaar. Neem vandaag nog contact met ons op voor een gratis offerte op maat, afgestemd op uw specifieke behoeften.<\/p>","protected":false},"featured_media":3625,"template":"","meta":[],"product_brand":[],"product_cat":[50,48,40,43],"product_tag":[],"class_list":{"0":"post-3624","1":"product","2":"type-product","3":"status-publish","4":"has-post-thumbnail","6":"product_cat-aluguel-de-painel-de-led","7":"product_cat-paineis-personalizados","8":"product_cat-painel-de-led","9":"product_cat-totem-de-led","11":"first","12":"instock","13":"shipping-taxable","14":"product-type-simple"},"yoast_head":"<!-- This site is optimized with the Yoast SEO plugin v27.5 - https:\/\/yoast.com\/product\/yoast-seo-wordpress\/ -->\n<title>Totem LED Vertical S\u00e9rie TWC | Displays Digitais Atraentes para An\u00fancios Internos e Externos | TELALED<\/title>\n<meta name=\"description\" content=\"Aprimore sua publicidade com um Totem LED Vertical S\u00e9rie TWC. Telas finas, m\u00f3veis e de alto brilho para shoppings, lojas e eventos. Solicite um or\u00e7amento hoje mesmo!\" \/>\n<meta name=\"robots\" content=\"index, follow, max-snippet:-1, max-image-preview:large, max-video-preview:-1\" \/>\n<link rel=\"canonical\" href=\"https:\/\/www.telaled.com\/nl\/fabrica\/totem-led-vertical-serie-twc\/\" \/>\n<meta property=\"og:locale\" content=\"nl_NL\" \/>\n<meta property=\"og:type\" content=\"article\" \/>\n<meta property=\"og:title\" content=\"Totem LED Vertical S\u00e9rie TWC | Displays Digitais Atraentes para An\u00fancios Internos e Externos | TELALED\" \/>\n<meta property=\"og:description\" content=\"Aprimore sua publicidade com um Totem LED Vertical S\u00e9rie TWC. Telas finas, m\u00f3veis e de alto brilho para shoppings, lojas e eventos. Solicite um or\u00e7amento hoje mesmo!\" \/>\n<meta property=\"og:url\" content=\"https:\/\/www.telaled.com\/nl\/fabrica\/totem-led-vertical-serie-twc\/\" \/>\n<meta property=\"og:site_name\" content=\"TELALED\" \/>\n<meta property=\"article:modified_time\" content=\"2026-01-06T08:56:07+00:00\" \/>\n<meta property=\"og:image\" content=\"https:\/\/www.telaled.com\/wp-content\/uploads\/2025\/09\/vertical-led-totem.webp\" \/>\n\t<meta property=\"og:image:width\" content=\"500\" \/>\n\t<meta property=\"og:image:height\" content=\"500\" \/>\n\t<meta property=\"og:image:type\" content=\"image\/webp\" \/>\n<meta name=\"twitter:card\" content=\"summary_large_image\" \/>\n<meta name=\"twitter:label1\" content=\"Geschatte leestijd\" \/>\n\t<meta name=\"twitter:data1\" content=\"3 minuten\" \/>\n<script type=\"application\/ld+json\" class=\"yoast-schema-graph\">{\"@context\":\"https:\\\/\\\/schema.org\",\"@graph\":[{\"@type\":\"WebPage\",\"@id\":\"https:\\\/\\\/www.telaled.com\\\/fabrica\\\/totem-led-vertical-serie-twc\\\/\",\"url\":\"https:\\\/\\\/www.telaled.com\\\/fabrica\\\/totem-led-vertical-serie-twc\\\/\",\"name\":\"Totem LED Vertical S\u00e9rie TWC | Displays Digitais Atraentes para An\u00fancios Internos e Externos | TELALED\",\"isPartOf\":{\"@id\":\"https:\\\/\\\/www.telaled.com\\\/#website\"},\"primaryImageOfPage\":{\"@id\":\"https:\\\/\\\/www.telaled.com\\\/fabrica\\\/totem-led-vertical-serie-twc\\\/#primaryimage\"},\"image\":{\"@id\":\"https:\\\/\\\/www.telaled.com\\\/fabrica\\\/totem-led-vertical-serie-twc\\\/#primaryimage\"},\"thumbnailUrl\":\"https:\\\/\\\/www.telaled.com\\\/wp-content\\\/uploads\\\/2025\\\/09\\\/vertical-led-totem.webp\",\"datePublished\":\"2025-09-29T06:06:11+00:00\",\"dateModified\":\"2026-01-06T08:56:07+00:00\",\"description\":\"Aprimore sua publicidade com um Totem LED Vertical S\u00e9rie TWC. Telas finas, m\u00f3veis e de alto brilho para shoppings, lojas e eventos. Solicite um or\u00e7amento hoje mesmo!\",\"breadcrumb\":{\"@id\":\"https:\\\/\\\/www.telaled.com\\\/fabrica\\\/totem-led-vertical-serie-twc\\\/#breadcrumb\"},\"inLanguage\":\"nl-NL\",\"potentialAction\":[{\"@type\":\"ReadAction\",\"target\":[\"https:\\\/\\\/www.telaled.com\\\/fabrica\\\/totem-led-vertical-serie-twc\\\/\"]}]},{\"@type\":\"ImageObject\",\"inLanguage\":\"nl-NL\",\"@id\":\"https:\\\/\\\/www.telaled.com\\\/fabrica\\\/totem-led-vertical-serie-twc\\\/#primaryimage\",\"url\":\"https:\\\/\\\/www.telaled.com\\\/wp-content\\\/uploads\\\/2025\\\/09\\\/vertical-led-totem.webp\",\"contentUrl\":\"https:\\\/\\\/www.telaled.com\\\/wp-content\\\/uploads\\\/2025\\\/09\\\/vertical-led-totem.webp\",\"width\":500,\"height\":500,\"caption\":\"vertical-led-totem\"},{\"@type\":\"BreadcrumbList\",\"@id\":\"https:\\\/\\\/www.telaled.com\\\/fabrica\\\/totem-led-vertical-serie-twc\\\/#breadcrumb\",\"itemListElement\":[{\"@type\":\"ListItem\",\"position\":1,\"name\":\"Home\",\"item\":\"https:\\\/\\\/www.telaled.com\\\/\"},{\"@type\":\"ListItem\",\"position\":2,\"name\":\"Produtos\",\"item\":\"https:\\\/\\\/www.telaled.com\\\/shop\\\/\"},{\"@type\":\"ListItem\",\"position\":3,\"name\":\"Totem LED Vertical S\u00e9rie TWC\"}]},{\"@type\":\"WebSite\",\"@id\":\"https:\\\/\\\/www.telaled.com\\\/#website\",\"url\":\"https:\\\/\\\/www.telaled.com\\\/\",\"name\":\"TELALED\",\"description\":\"\",\"potentialAction\":[{\"@type\":\"SearchAction\",\"target\":{\"@type\":\"EntryPoint\",\"urlTemplate\":\"https:\\\/\\\/www.telaled.com\\\/?s={search_term_string}\"},\"query-input\":{\"@type\":\"PropertyValueSpecification\",\"valueRequired\":true,\"valueName\":\"search_term_string\"}}],\"inLanguage\":\"nl-NL\"}]}<\/script>\n<!-- \/ Yoast SEO plugin. -->","yoast_head_json":{"title":"TWC-serie verticale LED-totems | Aantrekkelijke digitale displays voor binnen- en buitenreclame | TELALED","description":"Versterk uw reclame met een verticale LED-zuil uit de TWC-serie. Slanke, mobiele displays met hoge helderheid voor winkelcentra, winkels en evenementen. Vraag vandaag nog een offerte aan!","robots":{"index":"index","follow":"follow","max-snippet":"max-snippet:-1","max-image-preview":"max-image-preview:large","max-video-preview":"max-video-preview:-1"},"canonical":"https:\/\/www.telaled.com\/nl\/fabrica\/totem-led-vertical-serie-twc\/","og_locale":"nl_NL","og_type":"article","og_title":"Totem LED Vertical S\u00e9rie TWC | Displays Digitais Atraentes para An\u00fancios Internos e Externos | TELALED","og_description":"Aprimore sua publicidade com um Totem LED Vertical S\u00e9rie TWC. Telas finas, m\u00f3veis e de alto brilho para shoppings, lojas e eventos. Solicite um or\u00e7amento hoje mesmo!","og_url":"https:\/\/www.telaled.com\/nl\/fabrica\/totem-led-vertical-serie-twc\/","og_site_name":"TELALED","article_modified_time":"2026-01-06T08:56:07+00:00","og_image":[{"width":500,"height":500,"url":"https:\/\/www.telaled.com\/wp-content\/uploads\/2025\/09\/vertical-led-totem.webp","type":"image\/webp"}],"twitter_card":"summary_large_image","twitter_misc":{"Geschatte leestijd":"3 minuten"},"schema":{"@context":"https:\/\/schema.org","@graph":[{"@type":"WebPage","@id":"https:\/\/www.telaled.com\/fabrica\/totem-led-vertical-serie-twc\/","url":"https:\/\/www.telaled.com\/fabrica\/totem-led-vertical-serie-twc\/","name":"TWC-serie verticale LED-totems | Aantrekkelijke digitale displays voor binnen- en buitenreclame | TELALED","isPartOf":{"@id":"https:\/\/www.telaled.com\/#website"},"primaryImageOfPage":{"@id":"https:\/\/www.telaled.com\/fabrica\/totem-led-vertical-serie-twc\/#primaryimage"},"image":{"@id":"https:\/\/www.telaled.com\/fabrica\/totem-led-vertical-serie-twc\/#primaryimage"},"thumbnailUrl":"https:\/\/www.telaled.com\/wp-content\/uploads\/2025\/09\/vertical-led-totem.webp","datePublished":"2025-09-29T06:06:11+00:00","dateModified":"2026-01-06T08:56:07+00:00","description":"Versterk uw reclame met een verticale LED-zuil uit de TWC-serie. Slanke, mobiele displays met hoge helderheid voor winkelcentra, winkels en evenementen. Vraag vandaag nog een offerte aan!","breadcrumb":{"@id":"https:\/\/www.telaled.com\/fabrica\/totem-led-vertical-serie-twc\/#breadcrumb"},"inLanguage":"nl-NL","potentialAction":[{"@type":"ReadAction","target":["https:\/\/www.telaled.com\/fabrica\/totem-led-vertical-serie-twc\/"]}]},{"@type":"ImageObject","inLanguage":"nl-NL","@id":"https:\/\/www.telaled.com\/fabrica\/totem-led-vertical-serie-twc\/#primaryimage","url":"https:\/\/www.telaled.com\/wp-content\/uploads\/2025\/09\/vertical-led-totem.webp","contentUrl":"https:\/\/www.telaled.com\/wp-content\/uploads\/2025\/09\/vertical-led-totem.webp","width":500,"height":500,"caption":"vertical-led-totem"},{"@type":"BreadcrumbList","@id":"https:\/\/www.telaled.com\/fabrica\/totem-led-vertical-serie-twc\/#breadcrumb","itemListElement":[{"@type":"ListItem","position":1,"name":"Home","item":"https:\/\/www.telaled.com\/"},{"@type":"ListItem","position":2,"name":"Produtos","item":"https:\/\/www.telaled.com\/shop\/"},{"@type":"ListItem","position":3,"name":"Totem LED Vertical S\u00e9rie TWC"}]},{"@type":"WebSite","@id":"https:\/\/www.telaled.com\/#website","url":"https:\/\/www.telaled.com\/","name":"LED-scherm","description":"","potentialAction":[{"@type":"SearchAction","target":{"@type":"EntryPoint","urlTemplate":"https:\/\/www.telaled.com\/?s={search_term_string}"},"query-input":{"@type":"PropertyValueSpecification","valueRequired":true,"valueName":"search_term_string"}}],"inLanguage":"nl-NL"}]}},"_links":{"self":[{"href":"https:\/\/www.telaled.com\/nl\/wp-json\/wp\/v2\/product\/3624","targetHints":{"allow":["GET"]}}],"collection":[{"href":"https:\/\/www.telaled.com\/nl\/wp-json\/wp\/v2\/product"}],"about":[{"href":"https:\/\/www.telaled.com\/nl\/wp-json\/wp\/v2\/types\/product"}],"wp:featuredmedia":[{"embeddable":true,"href":"https:\/\/www.telaled.com\/nl\/wp-json\/wp\/v2\/media\/3625"}],"wp:attachment":[{"href":"https:\/\/www.telaled.com\/nl\/wp-json\/wp\/v2\/media?parent=3624"}],"wp:term":[{"taxonomy":"product_brand","embeddable":true,"href":"https:\/\/www.telaled.com\/nl\/wp-json\/wp\/v2\/product_brand?post=3624"},{"taxonomy":"product_cat","embeddable":true,"href":"https:\/\/www.telaled.com\/nl\/wp-json\/wp\/v2\/product_cat?post=3624"},{"taxonomy":"product_tag","embeddable":true,"href":"https:\/\/www.telaled.com\/nl\/wp-json\/wp\/v2\/product_tag?post=3624"}],"curies":[{"name":"wp","href":"https:\/\/api.w.org\/{rel}","templated":true}]}}