{"id":3604,"date":"2025-09-26T19:34:34","date_gmt":"2025-09-26T19:34:34","guid":{"rendered":"https:\/\/www.telaled.com\/?post_type=product&#038;p=3604"},"modified":"2026-01-06T08:35:10","modified_gmt":"2026-01-06T08:35:10","slug":"totem-de-rua-propaganda-serie-twa","status":"publish","type":"product","link":"https:\/\/www.telaled.com\/nl\/fabrica\/totem-de-rua-propaganda-serie-twa\/","title":{"rendered":"Straat Totem Reclame TWA Serie"},"content":{"rendered":"<div class=\"row\"  id=\"row-61518836\">\n\n\t<div id=\"col-1294016806\" class=\"col small-12 large-12\"  >\n\t\t\t\t<div class=\"col-inner\"  >\n\t\t\t\n\t\t\t\n<h2><strong>Exclusieve voordelen van de TWA-serie straatreclametotem<\/strong><\/h2>\n<h3><strong>Zichtbaarheid op ooghoogte<\/strong><\/h3>\n<ul>\n<li>Trekt de aandacht waar mensen van nature kijken.<\/li>\n<li>Valt op in drukke stedelijke omgevingen.<\/li>\n<li>Zorgt voor een hogere herinneringswaarde vergeleken met overheadreclameborden.<\/li>\n<\/ul>\n<h3><strong>Sterke lokale impact<\/strong><\/h3>\n<ul>\n<li>Geplaatst op plekken met veel voetgangersverkeer voor maximale zichtbaarheid.<\/li>\n<li>Het betreft zowel voetgangers als voertuigen in de buurt.<\/li>\n<li>Zorgt voor onmiddellijke actie door doelgroepen te bereiken die zich dicht bij het verkooppunt bevinden.<\/li>\n<\/ul>\n<h3><strong>Gebouwd voor buitenprestaties<\/strong><\/h3>\n<ul>\n<li>Weer- en stofbestendig voor gebruik het hele jaar door.<\/li>\n<li>Materialen van industri\u00eble kwaliteit voorkomen schade en slijtage.<\/li>\n<li>Een ontwerp dat weinig onderhoud vergt, verlaagt de kosten op lange termijn.<\/li>\n<\/ul>\n<h3><strong>Realtime inhoudscontrole<\/strong><\/h3>\n<ul>\n<li>Werk campagnes bij om uw merkboodschap zichtbaar te houden voor forenzen.<\/li>\n<li>Lanceer nieuwe promoties zonder vertragingen in het drukproces.<\/li>\n<li>Zorg dat uw berichten actueel en relevant zijn voor uw doelgroep.<\/li>\n<\/ul>\n<h2>Productdetails<\/h2>\n<div class=\"row\"  id=\"row-1502413103\">\n\n\t<div id=\"col-1301863995\" class=\"col medium-10 small-12 large-10\"  >\n\t\t\t\t<div class=\"col-inner text-left\"  >\n\t\t\t\n\t\t\t\n<ul>\n<li><strong>Duurzame structuur<\/strong> \u2013 Staal van industri\u00eble kwaliteit en gehard glas beschermen het apparaat tegen slijtage, stoten en vandalisme.<\/li>\n<\/ul>\n\t<div class=\"img has-hover x md-x lg-x y md-y lg-y\" id=\"image_818323357\">\n\t\t\t\t\t\t\t\t<div class=\"img-inner dark\" >\n\t\t\t<img loading=\"lazy\" decoding=\"async\" width=\"750\" height=\"492\" src=\"https:\/\/www.telaled.com\/wp-content\/uploads\/2025\/09\/Durable-Build-1.webp\" class=\"attachment-large size-large\" alt=\"Duurzame constructie\" srcset=\"https:\/\/www.telaled.com\/wp-content\/uploads\/2025\/09\/Durable-Build-1.webp 750w, https:\/\/www.telaled.com\/wp-content\/uploads\/2025\/09\/Durable-Build-1-300x197.webp 300w, https:\/\/www.telaled.com\/wp-content\/uploads\/2025\/09\/Durable-Build-1-18x12.webp 18w, https:\/\/www.telaled.com\/wp-content\/uploads\/2025\/09\/Durable-Build-1-600x394.webp 600w\" sizes=\"auto, (max-width: 750px) 100vw, 750px\" \/>\t\t\t\t\t\t\n\t\t\t\t\t<\/div>\n\t\t\t\t\t\t\t\t\n<style>\n#image_818323357 {\n  width: 80%;\n}\n<\/style>\n\t<\/div>\n\t\n<ul>\n<li><strong>Aanpasbare opties<\/strong> - Kies uit verschillende formaten, richtingen en afwerkingen die passen bij uw merkidentiteit.<\/li>\n<\/ul>\n\t<div class=\"img has-hover x md-x lg-x y md-y lg-y\" id=\"image_542251021\">\n\t\t\t\t\t\t\t\t<div class=\"img-inner dark\" >\n\t\t\t<img loading=\"lazy\" decoding=\"async\" width=\"750\" height=\"492\" src=\"https:\/\/www.telaled.com\/wp-content\/uploads\/2025\/09\/Customizable-Options-1.webp\" class=\"attachment-original size-original\" alt=\"\" srcset=\"https:\/\/www.telaled.com\/wp-content\/uploads\/2025\/09\/Customizable-Options-1.webp 750w, https:\/\/www.telaled.com\/wp-content\/uploads\/2025\/09\/Customizable-Options-1-300x197.webp 300w, https:\/\/www.telaled.com\/wp-content\/uploads\/2025\/09\/Customizable-Options-1-18x12.webp 18w, https:\/\/www.telaled.com\/wp-content\/uploads\/2025\/09\/Customizable-Options-1-600x394.webp 600w\" sizes=\"auto, (max-width: 750px) 100vw, 750px\" \/>\t\t\t\t\t\t\n\t\t\t\t\t<\/div>\n\t\t\t\t\t\t\t\t\n<style>\n#image_542251021 {\n  width: 80%;\n}\n<\/style>\n\t<\/div>\n\t\n<ul>\n<li><strong>Flexibele installatie<\/strong> \u2013 kan op de grond worden gemonteerd, vrijstaand zijn of in een bestaande externe structuur worden ge\u00efntegreerd.<\/li>\n<\/ul>\n\t<div class=\"img has-hover x md-x lg-x y md-y lg-y\" id=\"image_94929200\">\n\t\t\t\t\t\t\t\t<div class=\"img-inner dark\" >\n\t\t\t<img loading=\"lazy\" decoding=\"async\" width=\"750\" height=\"492\" src=\"https:\/\/www.telaled.com\/wp-content\/uploads\/2025\/09\/Flexible-Installation-1.webp\" class=\"attachment-large size-large\" alt=\"Flexibele installatie Straatreclame Totem TWA-serie\" srcset=\"https:\/\/www.telaled.com\/wp-content\/uploads\/2025\/09\/Flexible-Installation-1.webp 750w, https:\/\/www.telaled.com\/wp-content\/uploads\/2025\/09\/Flexible-Installation-1-300x197.webp 300w, https:\/\/www.telaled.com\/wp-content\/uploads\/2025\/09\/Flexible-Installation-1-18x12.webp 18w, https:\/\/www.telaled.com\/wp-content\/uploads\/2025\/09\/Flexible-Installation-1-600x394.webp 600w\" sizes=\"auto, (max-width: 750px) 100vw, 750px\" \/>\t\t\t\t\t\t\n\t\t\t\t\t<\/div>\n\t\t\t\t\t\t\t\t\n<style>\n#image_94929200 {\n  width: 80%;\n}\n<\/style>\n\t<\/div>\n\t\n<ul>\n<li><strong>Meervoudige toepassing<\/strong> Ideaal voor <a href=\"https:\/\/www.telaled.com\/nl\/painel-de-led-para-loja\/\">detailhandelszaken<\/a>, openbaarvervoersknooppunten, openbare ruimtes en commerci\u00eble gebieden waar veel voetgangersverkeer zorgt voor maximale zichtbaarheid en betrokkenheid.<\/li>\n<\/ul>\n\t<div class=\"img has-hover x md-x lg-x y md-y lg-y\" id=\"image_200495318\">\n\t\t\t\t\t\t\t\t<div class=\"img-inner dark\" >\n\t\t\t<img loading=\"lazy\" decoding=\"async\" width=\"450\" height=\"1024\" src=\"https:\/\/www.telaled.com\/wp-content\/uploads\/2025\/09\/totem-de-rua-propaganda-Aplicativo-1-450x1024.webp\" class=\"attachment-large size-large\" alt=\"straattotem reclame app\" srcset=\"https:\/\/www.telaled.com\/wp-content\/uploads\/2025\/09\/totem-de-rua-propaganda-Aplicativo-1-450x1024.webp 450w, https:\/\/www.telaled.com\/wp-content\/uploads\/2025\/09\/totem-de-rua-propaganda-Aplicativo-1-132x300.webp 132w, https:\/\/www.telaled.com\/wp-content\/uploads\/2025\/09\/totem-de-rua-propaganda-Aplicativo-1-5x12.webp 5w, https:\/\/www.telaled.com\/wp-content\/uploads\/2025\/09\/totem-de-rua-propaganda-Aplicativo-1-600x1366.webp 600w, https:\/\/www.telaled.com\/wp-content\/uploads\/2025\/09\/totem-de-rua-propaganda-Aplicativo-1.webp 750w\" sizes=\"auto, (max-width: 450px) 100vw, 450px\" \/>\t\t\t\t\t\t\n\t\t\t\t\t<\/div>\n\t\t\t\t\t\t\t\t\n<style>\n#image_200495318 {\n  width: 80%;\n}\n<\/style>\n\t<\/div>\n\t\n<ul>\n<li><span style=\"font-weight: 400;\">De TWA-serie straatreclamezuilen worden geleverd in stevige houten kratten, zorgvuldig verstevigd om transport te weerstaan. Elk display is stevig vastgemaakt ter bescherming tegen ongedierte en stoten, en wordt intact en duurzaam geleverd.<\/span><\/li>\n<\/ul>\n\t<div class=\"img has-hover x md-x lg-x y md-y lg-y\" id=\"image_1103286697\">\n\t\t\t\t\t\t\t\t<div class=\"img-inner dark\" >\n\t\t\t<img loading=\"lazy\" decoding=\"async\" width=\"760\" height=\"1024\" src=\"https:\/\/www.telaled.com\/wp-content\/uploads\/2025\/08\/36123f2c-de60-488d-af81-255cd4aee54a-760x1024.webp\" class=\"attachment-large size-large\" alt=\"\" srcset=\"https:\/\/www.telaled.com\/wp-content\/uploads\/2025\/08\/36123f2c-de60-488d-af81-255cd4aee54a-760x1024.webp 760w, https:\/\/www.telaled.com\/wp-content\/uploads\/2025\/08\/36123f2c-de60-488d-af81-255cd4aee54a-223x300.webp 223w, https:\/\/www.telaled.com\/wp-content\/uploads\/2025\/08\/36123f2c-de60-488d-af81-255cd4aee54a-768x1035.webp 768w, https:\/\/www.telaled.com\/wp-content\/uploads\/2025\/08\/36123f2c-de60-488d-af81-255cd4aee54a-9x12.webp 9w, https:\/\/www.telaled.com\/wp-content\/uploads\/2025\/08\/36123f2c-de60-488d-af81-255cd4aee54a-600x808.webp 600w, https:\/\/www.telaled.com\/wp-content\/uploads\/2025\/08\/36123f2c-de60-488d-af81-255cd4aee54a.webp 795w\" sizes=\"auto, (max-width: 760px) 100vw, 760px\" \/>\t\t\t\t\t\t\n\t\t\t\t\t<\/div>\n\t\t\t\t\t\t\t\t\n<style>\n#image_1103286697 {\n  width: 80%;\n}\n<\/style>\n\t<\/div>\n\t\n\n<table id=\"tablepress-89\" class=\"tablepress tablepress-id-89\">\n<thead>\n<tr class=\"row-1\">\n\t<th colspan=\"4\" class=\"column-1\">Belangrijkste kenmerken<\/th>\n<\/tr>\n<\/thead>\n<tbody class=\"row-striping row-hover\">\n<tr class=\"row-2\">\n\t<td class=\"column-1\">Oplossing<\/td><td class=\"column-2\">4096*2160<\/td><td class=\"column-3\"><\/td><td class=\"column-4\"><\/td>\n<\/tr>\n<tr class=\"row-3\">\n\t<td class=\"column-1\">Schermverhouding<\/td><td class=\"column-2\">Ander<\/td><td class=\"column-3\"><\/td><td class=\"column-4\"><\/td>\n<\/tr>\n<tr class=\"row-4\">\n\t<td class=\"column-1\">Sollicitatie<\/td><td class=\"column-2\">Interieur, Exterieur<\/td><td class=\"column-3\"><\/td><td class=\"column-4\"><\/td>\n<\/tr>\n<tr class=\"row-5\">\n\t<td class=\"column-1\">Glans<\/td><td class=\"column-2\">\u22655000 cd\/m2 of \u22656000 cd\/m2<\/td><td class=\"column-3\"><\/td><td class=\"column-4\"><\/td>\n<\/tr>\n<tr class=\"row-6\">\n\t<td class=\"column-1\">IP-classificatie<\/td><td class=\"column-2\">IP65<\/td><td class=\"column-3\"><\/td><td class=\"column-4\"><\/td>\n<\/tr>\n<tr class=\"row-7\">\n\t<td class=\"column-1\">Pixels<\/td><td class=\"column-2\">3 millimeter<\/td><td class=\"column-3\"><\/td><td class=\"column-4\"><\/td>\n<\/tr>\n<tr class=\"row-8\">\n\t<td class=\"column-1\">Garantie<\/td><td class=\"column-2\">5 jaar<\/td><td class=\"column-3\"><\/td><td class=\"column-4\"><\/td>\n<\/tr>\n<tr class=\"row-9\">\n\t<td class=\"column-1\">Schermtype<\/td><td class=\"column-2\">Ander<\/td><td class=\"column-3\"><\/td><td class=\"column-4\"><\/td>\n<\/tr>\n<tr class=\"row-10\">\n\t<td class=\"column-1\">Functie<\/td><td class=\"column-2\">SDK<\/td><td class=\"column-3\"><\/td><td class=\"column-4\"><\/td>\n<\/tr>\n<tr class=\"row-11\">\n\t<td class=\"column-1\">Specificatie<\/td><td class=\"column-2\">Digitale poster, kiosk<\/td><td class=\"column-3\"><\/td><td class=\"column-4\"><\/td>\n<\/tr>\n<tr class=\"row-12\">\n\t<td class=\"column-1\">Leverancierstype<\/td><td class=\"column-2\">Oorspronkelijke fabrikant, ODM, agentschap, detailhandelaar, OEM, overig<\/td><td class=\"column-3\"><\/td><td class=\"column-4\"><\/td>\n<\/tr>\n<tr class=\"row-13\">\n\t<td class=\"column-1\">Beschikbare media<\/td><td class=\"column-2\">technisch gegevensblad, foto, EDA\/CAD-modellen<\/td><td class=\"column-3\"><\/td><td class=\"column-4\"><\/td>\n<\/tr>\n<tr class=\"row-14\">\n\t<td class=\"column-1\">Gebruiken<\/td><td class=\"column-2\">Reclame, Winkelcentrum, Vaatwerkdisplay, Welkomstdisplay, Zelfbedieningsbedrijf, Tentoonstellingshal, Reclameborden, Luchthaven, Metro, Lift, Restaurant- en hotelbenodigdheden, Onderwijs, Medische behandeling<\/td><td class=\"column-3\"><\/td><td class=\"column-4\"><\/td>\n<\/tr>\n<tr class=\"row-15\">\n\t<td class=\"column-1\">Pixeldichtheid<\/td><td class=\"column-2\">105625 punten\/m2<\/td><td class=\"column-3\"><\/td><td class=\"column-4\"><\/td>\n<\/tr>\n<tr class=\"row-16\">\n\t<td class=\"column-1\">Plaats van herkomst<\/td><td class=\"column-2\">SHENZHEN<\/td><td class=\"column-3\"><\/td><td class=\"column-4\"><\/td>\n<\/tr>\n<tr class=\"row-17\">\n\t<td class=\"column-1\">Kleur<\/td><td class=\"column-2\">volle kleuren<\/td><td class=\"column-3\"><\/td><td class=\"column-4\"><\/td>\n<\/tr>\n<tr class=\"row-18\">\n\t<td class=\"column-1\">Levensduur (uren)<\/td><td class=\"column-2\">100.000 uur<\/td><td class=\"column-3\"><\/td><td class=\"column-4\"><\/td>\n<\/tr>\n<tr class=\"row-19\">\n\t<td class=\"column-1\">kijkhoek (h\/v)<\/td><td class=\"column-2\">120\u00b0\/120\u00b0<\/td><td class=\"column-3\"><\/td><td class=\"column-4\"><\/td>\n<\/tr>\n<tr class=\"row-20\">\n\t<td class=\"column-1\">Kastgrootte<\/td><td class=\"column-2\">1140*2230 mm<\/td><td class=\"column-3\"><\/td><td class=\"column-4\"><\/td>\n<\/tr>\n<tr class=\"row-21\">\n\t<td class=\"column-1\">Dikte<\/td><td class=\"column-2\">17 cm<\/td><td class=\"column-3\"><\/td><td class=\"column-4\"><\/td>\n<\/tr>\n<tr class=\"row-22\">\n\t<td class=\"column-1\">Gewicht<\/td><td class=\"column-2\">147 kg<\/td><td class=\"column-3\"><\/td><td class=\"column-4\"><\/td>\n<\/tr>\n<tr class=\"row-23\">\n\t<td class=\"column-1\">Pixels<\/td><td class=\"column-2\">P3 P4 P5<\/td><td class=\"column-3\"><\/td><td class=\"column-4\"><\/td>\n<\/tr>\n<tr class=\"row-24\">\n\t<td class=\"column-1\">Type<\/td><td class=\"column-2\">Buitenposter<\/td><td class=\"column-3\"><\/td><td class=\"column-4\"><\/td>\n<\/tr>\n<tr class=\"row-25\">\n\t<td class=\"column-1\">Modulegrootte<\/td><td class=\"column-2\">320*160 mm<\/td><td class=\"column-3\"><\/td><td class=\"column-4\"><\/td>\n<\/tr>\n<tr class=\"row-26\">\n\t<td class=\"column-1\">Glans<\/td><td class=\"column-2\">6000 cd\/\u33a1<\/td><td class=\"column-3\"><\/td><td class=\"column-4\"><\/td>\n<\/tr>\n<tr class=\"row-27\">\n\t<td class=\"column-1\">Grijswaarden<\/td><td class=\"column-2\">14 bits<\/td><td class=\"column-3\"><\/td><td class=\"column-4\"><\/td>\n<\/tr>\n<tr class=\"row-28\">\n\t<td class=\"column-1\">Kijkhoek<\/td><td class=\"column-2\">120\u00b0\/120\u00b0<\/td><td class=\"column-3\"><\/td><td class=\"column-4\"><\/td>\n<\/tr>\n<\/tbody>\n<\/table>\n<!-- #tablepress-89 from cache -->\n\t\t<\/div>\n\t\t\t\t\t<\/div>\n\n\t\n<\/div>\n\t\t<\/div>\n\t\t\t\t\t<\/div>\n\n\t\n<\/div>","protected":false},"excerpt":{"rendered":"<p><strong>TWA-serie Straatreclame Totem \u2013 Duurzame buitendisplay voor maximale impact<\/strong><\/p>\n<p>DE <strong>Straat Totem Reclame TWA Serie<\/strong> is ontworpen om de aandacht te trekken in drukke buitenruimtes. Met zijn strakke ontwerp en weerbestendige constructie zorgt het dag en nacht voor goed zichtbare reclame. Ideaal voor merken, retailers en openbare ruimtes, zorgt het ervoor dat uw boodschap opvalt waar deze het belangrijkst is.<\/p>\n<p><strong>Belangrijkste voordelen:<\/strong><\/p>\n<ul>\n<li><strong>24-uurs zichtbaarheid:<\/strong> 7 dagen per week: heldere displays met een hoge resolutie zorgen ervoor dat uw advertenties duidelijk zichtbaar zijn, zelfs in direct zonlicht of &#039;s nachts.<\/li>\n<li><strong>Weerbestendig ontwerp:<\/strong> Ontworpen om bestand te zijn tegen regen, hitte en stof, en garandeert langdurige prestaties in buitenomgevingen.<\/li>\n<li><strong>Aanpasbare opties:<\/strong> Verkrijgbaar in verschillende afmetingen, afwerkingen en displaytypen, zodat u altijd aan uw merkbehoeften kunt voldoen.<\/li>\n<li><strong>Vergroot de betrokkenheid:<\/strong> Strategisch geplaatste zuilen trekken voetgangers aan en vergroten de herkenning van uw merk in gebieden met veel verkeer.<\/li>\n<\/ul>\n<p><span style=\"font-weight: 400;\">Ons team biedt 24\/7 ondersteuning op afstand en 3 jaar garantie. Neem vandaag nog contact met ons op voor een offerte op maat.<\/span><\/p>","protected":false},"featured_media":3607,"template":"","meta":[],"product_brand":[],"product_cat":[48,40,44,46],"product_tag":[],"class_list":{"0":"post-3604","1":"product","2":"type-product","3":"status-publish","4":"has-post-thumbnail","6":"product_cat-paineis-personalizados","7":"product_cat-painel-de-led","8":"product_cat-painel-de-led-flexivel","9":"product_cat-painel-de-video","11":"first","12":"instock","13":"shipping-taxable","14":"product-type-simple"},"yoast_head":"<!-- This site is optimized with the Yoast SEO plugin v27.5 - https:\/\/yoast.com\/product\/yoast-seo-wordpress\/ -->\n<title>Totem De Rua Propaganda S\u00e9rie TWA | TELALED<\/title>\n<meta name=\"description\" content=\"O Totem De Rua Propaganda S\u00e9rie TWA \u00e9 um totem externo de alto impacto e resistente \u00e0s intemp\u00e9ries que aumenta a visibilidade da marca. Solicite um or\u00e7amento.\" \/>\n<meta name=\"robots\" content=\"index, follow, max-snippet:-1, max-image-preview:large, max-video-preview:-1\" \/>\n<link rel=\"canonical\" href=\"https:\/\/www.telaled.com\/nl\/fabrica\/totem-de-rua-propaganda-serie-twa\/\" \/>\n<meta property=\"og:locale\" content=\"nl_NL\" \/>\n<meta property=\"og:type\" content=\"article\" \/>\n<meta property=\"og:title\" content=\"Totem De Rua Propaganda S\u00e9rie TWA | TELALED\" \/>\n<meta property=\"og:description\" content=\"O Totem De Rua Propaganda S\u00e9rie TWA \u00e9 um totem externo de alto impacto e resistente \u00e0s intemp\u00e9ries que aumenta a visibilidade da marca. Solicite um or\u00e7amento.\" \/>\n<meta property=\"og:url\" content=\"https:\/\/www.telaled.com\/nl\/fabrica\/totem-de-rua-propaganda-serie-twa\/\" \/>\n<meta property=\"og:site_name\" content=\"TELALED\" \/>\n<meta property=\"article:modified_time\" content=\"2026-01-06T08:35:10+00:00\" \/>\n<meta property=\"og:image\" content=\"https:\/\/www.telaled.com\/wp-content\/uploads\/2025\/09\/Totem-De-Rua-Propaganda.webp\" \/>\n\t<meta property=\"og:image:width\" content=\"500\" \/>\n\t<meta property=\"og:image:height\" content=\"500\" \/>\n\t<meta property=\"og:image:type\" content=\"image\/webp\" \/>\n<meta name=\"twitter:card\" content=\"summary_large_image\" \/>\n<meta name=\"twitter:label1\" content=\"Geschatte leestijd\" \/>\n\t<meta name=\"twitter:data1\" content=\"2 minuten\" \/>\n<script type=\"application\/ld+json\" class=\"yoast-schema-graph\">{\"@context\":\"https:\\\/\\\/schema.org\",\"@graph\":[{\"@type\":\"WebPage\",\"@id\":\"https:\\\/\\\/www.telaled.com\\\/fabrica\\\/totem-de-rua-propaganda-serie-twa\\\/\",\"url\":\"https:\\\/\\\/www.telaled.com\\\/fabrica\\\/totem-de-rua-propaganda-serie-twa\\\/\",\"name\":\"Totem De Rua Propaganda S\u00e9rie TWA | TELALED\",\"isPartOf\":{\"@id\":\"https:\\\/\\\/www.telaled.com\\\/#website\"},\"primaryImageOfPage\":{\"@id\":\"https:\\\/\\\/www.telaled.com\\\/fabrica\\\/totem-de-rua-propaganda-serie-twa\\\/#primaryimage\"},\"image\":{\"@id\":\"https:\\\/\\\/www.telaled.com\\\/fabrica\\\/totem-de-rua-propaganda-serie-twa\\\/#primaryimage\"},\"thumbnailUrl\":\"https:\\\/\\\/www.telaled.com\\\/wp-content\\\/uploads\\\/2025\\\/09\\\/Totem-De-Rua-Propaganda.webp\",\"datePublished\":\"2025-09-26T19:34:34+00:00\",\"dateModified\":\"2026-01-06T08:35:10+00:00\",\"description\":\"O Totem De Rua Propaganda S\u00e9rie TWA \u00e9 um totem externo de alto impacto e resistente \u00e0s intemp\u00e9ries que aumenta a visibilidade da marca. Solicite um or\u00e7amento.\",\"breadcrumb\":{\"@id\":\"https:\\\/\\\/www.telaled.com\\\/fabrica\\\/totem-de-rua-propaganda-serie-twa\\\/#breadcrumb\"},\"inLanguage\":\"nl-NL\",\"potentialAction\":[{\"@type\":\"ReadAction\",\"target\":[\"https:\\\/\\\/www.telaled.com\\\/fabrica\\\/totem-de-rua-propaganda-serie-twa\\\/\"]}]},{\"@type\":\"ImageObject\",\"inLanguage\":\"nl-NL\",\"@id\":\"https:\\\/\\\/www.telaled.com\\\/fabrica\\\/totem-de-rua-propaganda-serie-twa\\\/#primaryimage\",\"url\":\"https:\\\/\\\/www.telaled.com\\\/wp-content\\\/uploads\\\/2025\\\/09\\\/Totem-De-Rua-Propaganda.webp\",\"contentUrl\":\"https:\\\/\\\/www.telaled.com\\\/wp-content\\\/uploads\\\/2025\\\/09\\\/Totem-De-Rua-Propaganda.webp\",\"width\":500,\"height\":500,\"caption\":\"Totem De Rua Propaganda\"},{\"@type\":\"BreadcrumbList\",\"@id\":\"https:\\\/\\\/www.telaled.com\\\/fabrica\\\/totem-de-rua-propaganda-serie-twa\\\/#breadcrumb\",\"itemListElement\":[{\"@type\":\"ListItem\",\"position\":1,\"name\":\"Home\",\"item\":\"https:\\\/\\\/www.telaled.com\\\/\"},{\"@type\":\"ListItem\",\"position\":2,\"name\":\"Produtos\",\"item\":\"https:\\\/\\\/www.telaled.com\\\/shop\\\/\"},{\"@type\":\"ListItem\",\"position\":3,\"name\":\"Totem De Rua Propaganda S\u00e9rie TWA\"}]},{\"@type\":\"WebSite\",\"@id\":\"https:\\\/\\\/www.telaled.com\\\/#website\",\"url\":\"https:\\\/\\\/www.telaled.com\\\/\",\"name\":\"TELALED\",\"description\":\"\",\"potentialAction\":[{\"@type\":\"SearchAction\",\"target\":{\"@type\":\"EntryPoint\",\"urlTemplate\":\"https:\\\/\\\/www.telaled.com\\\/?s={search_term_string}\"},\"query-input\":{\"@type\":\"PropertyValueSpecification\",\"valueRequired\":true,\"valueName\":\"search_term_string\"}}],\"inLanguage\":\"nl-NL\"}]}<\/script>\n<!-- \/ Yoast SEO plugin. -->","yoast_head_json":{"title":"Straat Totem Reclame TWA Serie | TELALED","description":"De TWA-serie Straatreclamezuil is een opvallende, weerbestendige buitenzuil die de zichtbaarheid van uw merk vergroot. Vraag een offerte aan.","robots":{"index":"index","follow":"follow","max-snippet":"max-snippet:-1","max-image-preview":"max-image-preview:large","max-video-preview":"max-video-preview:-1"},"canonical":"https:\/\/www.telaled.com\/nl\/fabrica\/totem-de-rua-propaganda-serie-twa\/","og_locale":"nl_NL","og_type":"article","og_title":"Totem De Rua Propaganda S\u00e9rie TWA | TELALED","og_description":"O Totem De Rua Propaganda S\u00e9rie TWA \u00e9 um totem externo de alto impacto e resistente \u00e0s intemp\u00e9ries que aumenta a visibilidade da marca. Solicite um or\u00e7amento.","og_url":"https:\/\/www.telaled.com\/nl\/fabrica\/totem-de-rua-propaganda-serie-twa\/","og_site_name":"TELALED","article_modified_time":"2026-01-06T08:35:10+00:00","og_image":[{"width":500,"height":500,"url":"https:\/\/www.telaled.com\/wp-content\/uploads\/2025\/09\/Totem-De-Rua-Propaganda.webp","type":"image\/webp"}],"twitter_card":"summary_large_image","twitter_misc":{"Geschatte leestijd":"2 minuten"},"schema":{"@context":"https:\/\/schema.org","@graph":[{"@type":"WebPage","@id":"https:\/\/www.telaled.com\/fabrica\/totem-de-rua-propaganda-serie-twa\/","url":"https:\/\/www.telaled.com\/fabrica\/totem-de-rua-propaganda-serie-twa\/","name":"Straat Totem Reclame TWA Serie | TELALED","isPartOf":{"@id":"https:\/\/www.telaled.com\/#website"},"primaryImageOfPage":{"@id":"https:\/\/www.telaled.com\/fabrica\/totem-de-rua-propaganda-serie-twa\/#primaryimage"},"image":{"@id":"https:\/\/www.telaled.com\/fabrica\/totem-de-rua-propaganda-serie-twa\/#primaryimage"},"thumbnailUrl":"https:\/\/www.telaled.com\/wp-content\/uploads\/2025\/09\/Totem-De-Rua-Propaganda.webp","datePublished":"2025-09-26T19:34:34+00:00","dateModified":"2026-01-06T08:35:10+00:00","description":"De TWA-serie Straatreclamezuil is een opvallende, weerbestendige buitenzuil die de zichtbaarheid van uw merk vergroot. Vraag een offerte aan.","breadcrumb":{"@id":"https:\/\/www.telaled.com\/fabrica\/totem-de-rua-propaganda-serie-twa\/#breadcrumb"},"inLanguage":"nl-NL","potentialAction":[{"@type":"ReadAction","target":["https:\/\/www.telaled.com\/fabrica\/totem-de-rua-propaganda-serie-twa\/"]}]},{"@type":"ImageObject","inLanguage":"nl-NL","@id":"https:\/\/www.telaled.com\/fabrica\/totem-de-rua-propaganda-serie-twa\/#primaryimage","url":"https:\/\/www.telaled.com\/wp-content\/uploads\/2025\/09\/Totem-De-Rua-Propaganda.webp","contentUrl":"https:\/\/www.telaled.com\/wp-content\/uploads\/2025\/09\/Totem-De-Rua-Propaganda.webp","width":500,"height":500,"caption":"Totem De Rua Propaganda"},{"@type":"BreadcrumbList","@id":"https:\/\/www.telaled.com\/fabrica\/totem-de-rua-propaganda-serie-twa\/#breadcrumb","itemListElement":[{"@type":"ListItem","position":1,"name":"Home","item":"https:\/\/www.telaled.com\/"},{"@type":"ListItem","position":2,"name":"Produtos","item":"https:\/\/www.telaled.com\/shop\/"},{"@type":"ListItem","position":3,"name":"Totem De Rua Propaganda S\u00e9rie TWA"}]},{"@type":"WebSite","@id":"https:\/\/www.telaled.com\/#website","url":"https:\/\/www.telaled.com\/","name":"LED-scherm","description":"","potentialAction":[{"@type":"SearchAction","target":{"@type":"EntryPoint","urlTemplate":"https:\/\/www.telaled.com\/?s={search_term_string}"},"query-input":{"@type":"PropertyValueSpecification","valueRequired":true,"valueName":"search_term_string"}}],"inLanguage":"nl-NL"}]}},"_links":{"self":[{"href":"https:\/\/www.telaled.com\/nl\/wp-json\/wp\/v2\/product\/3604","targetHints":{"allow":["GET"]}}],"collection":[{"href":"https:\/\/www.telaled.com\/nl\/wp-json\/wp\/v2\/product"}],"about":[{"href":"https:\/\/www.telaled.com\/nl\/wp-json\/wp\/v2\/types\/product"}],"wp:featuredmedia":[{"embeddable":true,"href":"https:\/\/www.telaled.com\/nl\/wp-json\/wp\/v2\/media\/3607"}],"wp:attachment":[{"href":"https:\/\/www.telaled.com\/nl\/wp-json\/wp\/v2\/media?parent=3604"}],"wp:term":[{"taxonomy":"product_brand","embeddable":true,"href":"https:\/\/www.telaled.com\/nl\/wp-json\/wp\/v2\/product_brand?post=3604"},{"taxonomy":"product_cat","embeddable":true,"href":"https:\/\/www.telaled.com\/nl\/wp-json\/wp\/v2\/product_cat?post=3604"},{"taxonomy":"product_tag","embeddable":true,"href":"https:\/\/www.telaled.com\/nl\/wp-json\/wp\/v2\/product_tag?post=3604"}],"curies":[{"name":"wp","href":"https:\/\/api.w.org\/{rel}","templated":true}]}}