{"id":3573,"date":"2025-09-26T00:20:54","date_gmt":"2025-09-26T00:20:54","guid":{"rendered":"https:\/\/www.telaled.com\/?post_type=product&#038;p=3573"},"modified":"2026-01-06T07:04:23","modified_gmt":"2026-01-06T07:04:23","slug":"pole-led-display-serie-twb","status":"publish","type":"product","link":"https:\/\/www.telaled.com\/nl\/fabrica\/pole-led-display-serie-twb\/","title":{"rendered":"Pole LED-display TWB-serie"},"content":{"rendered":"<div class=\"row\"  id=\"row-1276919879\">\n\n\t<div id=\"col-1809790829\" class=\"col small-12 large-12\"  >\n\t\t\t\t<div class=\"col-inner\"  >\n\t\t\t\n\t\t\t\n<h2>Unieke voordelen van het TWC-serie Pole LED-display<\/h2>\n<h3><strong>Superieure duurzaamheid<\/strong><\/h3>\n<ul>\n<li>IP65 water- en stofdicht.<\/li>\n<li>Corrosie- en weerbestendige materialen.<\/li>\n<li>Slimme koelplaat voor koeling en langere levensduur.<\/li>\n<li>Stabiele werking van -20\u00b0C tot +60\u00b0C.<\/li>\n<\/ul>\n<h3><strong>Uitzonderlijke visuele kwaliteit<\/strong><\/h3>\n<ul>\n<li>Ultrahoge helderheid tot 6500 nits.<\/li>\n<li>LED-technologie <a href=\"https:\/\/www.telaled.com\/nl\/led-smd\/\">SMD<\/a> Voor heldere beelden en video&#039;s...<\/li>\n<li>Brede kijkhoek van 140\u00b0 voor maximale zichtbaarheid.<\/li>\n<li>65.536 grijstinten voor realistische details.<\/li>\n<\/ul>\n<h3><strong>Volledige aanpassingsvermogen<\/strong><\/h3>\n<ul>\n<li>Meerdere besturingsopties: PC, Wi-Fi, 4G\/5G, U-schijf.<\/li>\n<li>Bijgewerkte en geplande externe inhoud.<\/li>\n<li>Flexibele installatie: montage aan de zijkant, achterkant of beugel.<\/li>\n<li>Beschikbaar in pixelafstanden P3.3, P4, <a href=\"https:\/\/www.telaled.com\/nl\/fabrica\/modulo-painel-de-led-p5\/\">P5<\/a>.<\/li>\n<li>Aangepaste formaten en ontwerpen voor verschillende projecten.<\/li>\n<\/ul>\n<h3><strong>Uitgebreide ondersteuning<\/strong><\/h3>\n<ul>\n<li>Krijg altijd en overal deskundige hulp. Ons toegewijde supportteam zorgt ervoor dat uw systeem soepel blijft werken, zonder downtime.<\/li>\n<li>Elke bestelling bevat 5% aan reserveonderdelen. Extra componenten worden meegeleverd om de betrouwbaarheid te verhogen en serviceonderbrekingen te verminderen.<\/li>\n<li>Geniet van gemoedsrust met 3 jaar garantie. Ervaar langdurige prestaties, betrouwbare service en de zekerheid dat uw investering beschermd is.<\/li>\n<\/ul>\n<h2>Productdetails<\/h2>\n<div class=\"row\"  id=\"row-1898212503\">\n\n\t<div id=\"col-1179397224\" class=\"col medium-10 small-12 large-10\"  >\n\t\t\t\t<div class=\"col-inner text-left\"  >\n\t\t\t\n\t\t\t\n<ul>\n<li>De onze <em><strong>Pole LED-display TWB-serie<\/strong><\/em> Ze zijn ontworpen voor duurzaamheid en prestaties, met IP65 waterdichtheid, een brede kijkhoek van 140\u00b0 en een effici\u00ebnt, snelkoelend ontwerp. Ze zijn gemakkelijk te repareren en te onderhouden en zorgen voor stabiele controle en... <a href=\"https:\/\/www.telaled.com\/nl\/fabrica\/painel-led-economizador-de-energia-serie-toc\/\">energiebesparing<\/a>, waardoor ze ideaal zijn voor buitenomgevingen die langdurige, hoogwaardige visuele prestaties vereisen.<\/li>\n<\/ul>\n\t<div class=\"img has-hover x md-x lg-x y md-y lg-y\" id=\"image_106337503\">\n\t\t\t\t\t\t\t\t<div class=\"img-inner dark\" >\n\t\t\t<img loading=\"lazy\" decoding=\"async\" width=\"500\" height=\"500\" src=\"https:\/\/www.telaled.com\/wp-content\/uploads\/2025\/09\/Pole-LED-Display7.webp\" class=\"attachment-original size-original\" alt=\"Paal-LED-Display7\" srcset=\"https:\/\/www.telaled.com\/wp-content\/uploads\/2025\/09\/Pole-LED-Display7.webp 500w, https:\/\/www.telaled.com\/wp-content\/uploads\/2025\/09\/Pole-LED-Display7-300x300.webp 300w, https:\/\/www.telaled.com\/wp-content\/uploads\/2025\/09\/Pole-LED-Display7-150x150.webp 150w, https:\/\/www.telaled.com\/wp-content\/uploads\/2025\/09\/Pole-LED-Display7-12x12.webp 12w, https:\/\/www.telaled.com\/wp-content\/uploads\/2025\/09\/Pole-LED-Display7-100x100.webp 100w\" sizes=\"auto, (max-width: 500px) 100vw, 500px\" \/>\t\t\t\t\t\t\n\t\t\t\t\t<\/div>\n\t\t\t\t\t\t\t\t\n<style>\n#image_106337503 {\n  width: 80%;\n}\n<\/style>\n\t<\/div>\n\t\n<ul>\n<li>Ons <em><strong>Pole LED-display TWB-serie<\/strong><\/em> Ondersteunt intelligente bediening via pc, USB-stick, wifi en 4G\/5G voor centraal of extern beheer. Functies omvatten loop-weergave, ingebouwde luidsprekers, automatische helderheidsaanpassing en multifunctionele bediening. Met updates met \u00e9\u00e9n klik is het vrijgeven, timen en invoegen van content snel, eenvoudig en betrouwbaar, wat zorgt voor naadloze prestaties op meerdere schermen.<\/li>\n<\/ul>\n\t<div class=\"img has-hover x md-x lg-x y md-y lg-y\" id=\"image_2113080012\">\n\t\t\t\t\t\t\t\t<div class=\"img-inner dark\" >\n\t\t\t<img loading=\"lazy\" decoding=\"async\" width=\"500\" height=\"500\" src=\"https:\/\/www.telaled.com\/wp-content\/uploads\/2025\/09\/Pole-LED-Display8.webp\" class=\"attachment-large size-large\" alt=\"\" srcset=\"https:\/\/www.telaled.com\/wp-content\/uploads\/2025\/09\/Pole-LED-Display8.webp 500w, https:\/\/www.telaled.com\/wp-content\/uploads\/2025\/09\/Pole-LED-Display8-300x300.webp 300w, https:\/\/www.telaled.com\/wp-content\/uploads\/2025\/09\/Pole-LED-Display8-150x150.webp 150w, https:\/\/www.telaled.com\/wp-content\/uploads\/2025\/09\/Pole-LED-Display8-12x12.webp 12w, https:\/\/www.telaled.com\/wp-content\/uploads\/2025\/09\/Pole-LED-Display8-100x100.webp 100w\" sizes=\"auto, (max-width: 500px) 100vw, 500px\" \/>\t\t\t\t\t\t\n\t\t\t\t\t<\/div>\n\t\t\t\t\t\t\t\t\n<style>\n#image_2113080012 {\n  width: 80%;\n}\n<\/style>\n\t<\/div>\n\t\n<ul>\n<li>Ons <em><strong>Pole LED-display TWB-serie<\/strong><\/em> Het beschikt over een ge\u00efntegreerd koelblok voor effici\u00ebnte koeling en een langere levensduur. Uitgerust met 8 veiligheidssloten, bevat het lichtgevoelige sensoren die de helderheid automatisch aanpassen aan de omgevingsomstandigheden. Dit intelligente ontwerp vermindert het risico op brandwonden. <a href=\"https:\/\/www.telaled.com\/nl\/entendendo-o-consumo-de-energia-painel-de-led-quao-eficientes-sao-os-displays-de-led-modernos\/\" data-wplink-edit=\"true\">energieverbruik<\/a>, Het garandeert duurzaamheid en zorgt ervoor dat het scherm in elke omgeving perfect blijft functioneren.<\/li>\n<\/ul>\n\t<div class=\"img has-hover x md-x lg-x y md-y lg-y\" id=\"image_502004548\">\n\t\t\t\t\t\t\t\t<div class=\"img-inner dark\" >\n\t\t\t<img loading=\"lazy\" decoding=\"async\" width=\"570\" height=\"360\" src=\"https:\/\/www.telaled.com\/wp-content\/uploads\/2025\/09\/Pole-LED-Display9.webp\" class=\"attachment-large size-large\" alt=\"\" srcset=\"https:\/\/www.telaled.com\/wp-content\/uploads\/2025\/09\/Pole-LED-Display9.webp 570w, https:\/\/www.telaled.com\/wp-content\/uploads\/2025\/09\/Pole-LED-Display9-300x189.webp 300w, https:\/\/www.telaled.com\/wp-content\/uploads\/2025\/09\/Pole-LED-Display9-18x12.webp 18w\" sizes=\"auto, (max-width: 570px) 100vw, 570px\" \/>\t\t\t\t\t\t\n\t\t\t\t\t<\/div>\n\t\t\t\t\t\t\t\t\n<style>\n#image_502004548 {\n  width: 80%;\n}\n<\/style>\n\t<\/div>\n\t\n<ul>\n<li>Wij bieden maatwerkoplossingen <strong><em>Pole LED-display TWB-serie<\/em><\/strong> Met flexibele installatiemogelijkheden. Perfect voor winkelcentra, winkelstraten en overheidsgebruik, zoals verkeersinstructies of openbare mededelingen. Ook ideaal voor toeristische attracties, met kaarten, evenementdetails en service-updates, voor heldere communicatie in elke omgeving.<\/li>\n<\/ul>\n\t<div class=\"img has-hover x md-x lg-x y md-y lg-y\" id=\"image_1669871518\">\n\t\t\t\t\t\t\t\t<div class=\"img-inner dark\" >\n\t\t\t<img loading=\"lazy\" decoding=\"async\" width=\"570\" height=\"360\" src=\"https:\/\/www.telaled.com\/wp-content\/uploads\/2025\/09\/Pole-LED-Display10.webp\" class=\"attachment-large size-large\" alt=\"Paal-LED-Display10\" srcset=\"https:\/\/www.telaled.com\/wp-content\/uploads\/2025\/09\/Pole-LED-Display10.webp 570w, https:\/\/www.telaled.com\/wp-content\/uploads\/2025\/09\/Pole-LED-Display10-300x189.webp 300w, https:\/\/www.telaled.com\/wp-content\/uploads\/2025\/09\/Pole-LED-Display10-18x12.webp 18w\" sizes=\"auto, (max-width: 570px) 100vw, 570px\" \/>\t\t\t\t\t\t\n\t\t\t\t\t<\/div>\n\t\t\t\t\t\t\t\t\n<style>\n#image_1669871518 {\n  width: 80%;\n}\n<\/style>\n\t<\/div>\n\t\n<ul>\n<li>De onze <em><strong>Pole LED-display TWB-serie<\/strong><\/em> Ze worden verpakt in versterkte houten kratten ter bescherming tijdens transport. Elk exemplaar wordt veilig verpakt om schade door ongedierte, stoten en andere gevaren te voorkomen. Dit garandeert duurzaamheid en veilige levering.<\/li>\n<\/ul>\n\t<div class=\"img has-hover x md-x lg-x y md-y lg-y\" id=\"image_1412154307\">\n\t\t\t\t\t\t\t\t<div class=\"img-inner dark\" >\n\t\t\t<img loading=\"lazy\" decoding=\"async\" width=\"760\" height=\"1024\" src=\"https:\/\/www.telaled.com\/wp-content\/uploads\/2025\/08\/36123f2c-de60-488d-af81-255cd4aee54a-760x1024.webp\" class=\"attachment-large size-large\" alt=\"\" srcset=\"https:\/\/www.telaled.com\/wp-content\/uploads\/2025\/08\/36123f2c-de60-488d-af81-255cd4aee54a-760x1024.webp 760w, https:\/\/www.telaled.com\/wp-content\/uploads\/2025\/08\/36123f2c-de60-488d-af81-255cd4aee54a-223x300.webp 223w, https:\/\/www.telaled.com\/wp-content\/uploads\/2025\/08\/36123f2c-de60-488d-af81-255cd4aee54a-768x1035.webp 768w, https:\/\/www.telaled.com\/wp-content\/uploads\/2025\/08\/36123f2c-de60-488d-af81-255cd4aee54a-9x12.webp 9w, https:\/\/www.telaled.com\/wp-content\/uploads\/2025\/08\/36123f2c-de60-488d-af81-255cd4aee54a-600x808.webp 600w, https:\/\/www.telaled.com\/wp-content\/uploads\/2025\/08\/36123f2c-de60-488d-af81-255cd4aee54a.webp 795w\" sizes=\"auto, (max-width: 760px) 100vw, 760px\" \/>\t\t\t\t\t\t\n\t\t\t\t\t<\/div>\n\t\t\t\t\t\t\t\t\n<style>\n#image_1412154307 {\n  width: 80%;\n}\n<\/style>\n\t<\/div>\n\t\n\n<table id=\"tablepress-87\" class=\"tablepress tablepress-id-87\">\n<thead>\n<tr class=\"row-1\">\n\t<th class=\"column-1\">Waarde<\/th><th class=\"column-2\">TWB3.3<\/th><th class=\"column-3\">TWB4<\/th><th class=\"column-4\">TWB5<\/th>\n<\/tr>\n<\/thead>\n<tbody class=\"row-striping row-hover\">\n<tr class=\"row-2\">\n\t<td class=\"column-1\">Pixelafstand<\/td><td class=\"column-2\">3,3 mm<\/td><td class=\"column-3\">4 mm<\/td><td class=\"column-4\">5 mm<\/td>\n<\/tr>\n<tr class=\"row-3\">\n\t<td class=\"column-1\">Glans<\/td><td class=\"column-2\">5000-6000 nits<\/td><td class=\"column-3\">6000 nits<\/td><td class=\"column-4\">6000 nits<\/td>\n<\/tr>\n<tr class=\"row-4\">\n\t<td class=\"column-1\">Pixelconfiguratie<\/td><td class=\"column-2\">SMD<\/td><td class=\"column-3\">SMD<\/td><td class=\"column-4\">SMD<\/td>\n<\/tr>\n<tr class=\"row-5\">\n\t<td class=\"column-1\">Grijswaarden<\/td><td class=\"column-2\">65536<\/td><td class=\"column-3\">65536<\/td><td class=\"column-4\">65536<\/td>\n<\/tr>\n<tr class=\"row-6\">\n\t<td class=\"column-1\">Updatesnelheid<\/td><td class=\"column-2\">\u22651920Hz<\/td><td class=\"column-3\">21920Hz<\/td><td class=\"column-4\">21920Hz<\/td>\n<\/tr>\n<tr class=\"row-7\">\n\t<td class=\"column-1\">Pixelmatrix per m\u00b2<\/td><td class=\"column-2\">90.000<\/td><td class=\"column-3\">90.000<\/td><td class=\"column-4\">40.000<\/td>\n<\/tr>\n<tr class=\"row-8\">\n\t<td class=\"column-1\">Kijkhoek (H\/V)<\/td><td class=\"column-2\">140\/140 graden<\/td><td class=\"column-3\">140\/140 graden<\/td><td class=\"column-4\">140\/140 graden<\/td>\n<\/tr>\n<tr class=\"row-9\">\n\t<td class=\"column-1\">Stroomverbruik (Max\/Gem)<\/td><td class=\"column-2\">800\/300<\/td><td class=\"column-3\">800\/300<\/td><td class=\"column-4\">800\/300<\/td>\n<\/tr>\n<tr class=\"row-10\">\n\t<td class=\"column-1\">IP-tarief<\/td><td class=\"column-2\">IP65<\/td><td class=\"column-3\">IP65<\/td><td class=\"column-4\">IP65<\/td>\n<\/tr>\n<tr class=\"row-11\">\n\t<td class=\"column-1\">Ingangsspanning (AC)<\/td><td class=\"column-2\">100\uff5e240<\/td><td class=\"column-3\">100\uff5e240<\/td><td class=\"column-4\">100\uff5e240<\/td>\n<\/tr>\n<tr class=\"row-12\">\n\t<td class=\"column-1\">Bedrijfstemperatuur<\/td><td class=\"column-2\">20\uff5e+60\u00b0C<\/td><td class=\"column-3\">20\uff5e+60\u00b0C<\/td><td class=\"column-4\">20\uff5e+60\u00b0C<\/td>\n<\/tr>\n<\/tbody>\n<\/table>\n<!-- #tablepress-87 from cache -->\n\t\t<\/div>\n\t\t\t\t\t<\/div>\n\n\t\n<\/div>\n\t\t<\/div>\n\t\t\t\t\t<\/div>\n\n\t\n<\/div>","protected":false},"excerpt":{"rendered":"<div><strong>Pole LED Display TWB-serie \u2013 Slimme en heldere oplossing voor straatreclame<\/strong><\/div>\n<div><\/div>\n<div>Jij <strong><em>Pole LED-display TWB-serie<\/em><\/strong> Ze combineren de kracht van digitale reclame met de praktische bruikbaarheid van straatverlichting. Ontworpen voor steden, winkelpleinen en <span data-sheets-root=\"1\"><a class=\"in-cell-link\" href=\"https:\/\/www.telaled.com\/nl\/telao-de-led-para-eventos\/\" target=\"_blank\" rel=\"noopener\">evenementen<\/a><\/span> In sportomgevingen bieden deze displays indrukwekkende beelden, betrouwbare prestaties en intelligente bediening voor reclame- en informatieweergave in moderne buitenomgevingen.<\/div>\n<div><\/div>\n<div><strong>Belangrijkste kenmerken:<\/strong><\/div>\n<ul>\n<li><strong>Kristalhelder zicht bij elk licht<\/strong>: Dankzij de helderheid van maximaal 6500 nits en automatische helderheidsaanpassing blijft de inhoud duidelijk en zichtbaar, zelfs in direct zonlicht.<\/li>\n<li><strong>Duurzaam, weerbestendig ontwerp:<\/strong> Gemaakt van IP65 waterdicht, stofdicht en corrosiebestendig materiaal. Bovendien beschikt het over intelligente temperatuurregeling, wat zorgt voor langdurige prestaties in zware buitenomgevingen.<\/li>\n<li><strong>Slimme en flexibele bedieningsopties:<\/strong> Beheer monitoren op afstand via pc, wifi, 4G\/5G of U-disk met ondersteuning voor synchrone en asynchrone bediening, waardoor updates snel en gemakkelijk kunnen worden uitgevoerd.<\/li>\n<\/ul>\n<div>Verschillende installatiemethoden (zijmontage, achtermontage of montage op een voetstuk) en aanpasbare afmetingen. Profiteer van betrouwbare 24\/7 ondersteuning op afstand en de gemoedsrust van 3 jaar garantie. Neem nu contact met ons op voor een gratis offerte op maat.<\/div>","protected":false},"featured_media":3580,"template":"","meta":[],"product_brand":[],"product_cat":[50,48,40,43],"product_tag":[],"class_list":{"0":"post-3573","1":"product","2":"type-product","3":"status-publish","4":"has-post-thumbnail","6":"product_cat-aluguel-de-painel-de-led","7":"product_cat-paineis-personalizados","8":"product_cat-painel-de-led","9":"product_cat-totem-de-led","11":"first","12":"instock","13":"shipping-taxable","14":"product-type-simple"},"yoast_head":"<!-- This site is optimized with the Yoast SEO plugin v27.5 - https:\/\/yoast.com\/product\/yoast-seo-wordpress\/ -->\n<title>Pole LED Display S\u00e9rie TWB | Tela Telas LED para Publicidade Externa para Postes de Ru | TELALED<\/title>\n<meta name=\"description\" content=\"Pole LED Display S\u00e9rie TWB para postes externos e rodovias. Brilhante, dur\u00e1vel e com baixo consumo de energia. Pe\u00e7a hoje mesmo para aumentar sua visibilidade.\" \/>\n<meta name=\"robots\" content=\"index, follow, max-snippet:-1, max-image-preview:large, max-video-preview:-1\" \/>\n<link rel=\"canonical\" href=\"https:\/\/www.telaled.com\/nl\/fabrica\/pole-led-display-serie-twb\/\" \/>\n<meta property=\"og:locale\" content=\"nl_NL\" \/>\n<meta property=\"og:type\" content=\"article\" \/>\n<meta property=\"og:title\" content=\"Pole LED Display S\u00e9rie TWB | Tela Telas LED para Publicidade Externa para Postes de Ru | TELALED\" \/>\n<meta property=\"og:description\" content=\"Pole LED Display S\u00e9rie TWB para postes externos e rodovias. Brilhante, dur\u00e1vel e com baixo consumo de energia. Pe\u00e7a hoje mesmo para aumentar sua visibilidade.\" \/>\n<meta property=\"og:url\" content=\"https:\/\/www.telaled.com\/nl\/fabrica\/pole-led-display-serie-twb\/\" \/>\n<meta property=\"og:site_name\" content=\"TELALED\" \/>\n<meta property=\"article:modified_time\" content=\"2026-01-06T07:04:23+00:00\" \/>\n<meta property=\"og:image\" content=\"https:\/\/www.telaled.com\/wp-content\/uploads\/2025\/09\/Pole-LED-Display.jpg\" \/>\n\t<meta property=\"og:image:width\" content=\"500\" \/>\n\t<meta property=\"og:image:height\" content=\"500\" \/>\n\t<meta property=\"og:image:type\" content=\"image\/jpeg\" \/>\n<meta name=\"twitter:card\" content=\"summary_large_image\" \/>\n<meta name=\"twitter:label1\" content=\"Geschatte leestijd\" \/>\n\t<meta name=\"twitter:data1\" content=\"3 minuten\" \/>\n<script type=\"application\/ld+json\" class=\"yoast-schema-graph\">{\"@context\":\"https:\\\/\\\/schema.org\",\"@graph\":[{\"@type\":\"WebPage\",\"@id\":\"https:\\\/\\\/www.telaled.com\\\/fabrica\\\/pole-led-display-serie-twb\\\/\",\"url\":\"https:\\\/\\\/www.telaled.com\\\/fabrica\\\/pole-led-display-serie-twb\\\/\",\"name\":\"Pole LED Display S\u00e9rie TWB | Tela Telas LED para Publicidade Externa para Postes de Ru | TELALED\",\"isPartOf\":{\"@id\":\"https:\\\/\\\/www.telaled.com\\\/#website\"},\"primaryImageOfPage\":{\"@id\":\"https:\\\/\\\/www.telaled.com\\\/fabrica\\\/pole-led-display-serie-twb\\\/#primaryimage\"},\"image\":{\"@id\":\"https:\\\/\\\/www.telaled.com\\\/fabrica\\\/pole-led-display-serie-twb\\\/#primaryimage\"},\"thumbnailUrl\":\"https:\\\/\\\/www.telaled.com\\\/wp-content\\\/uploads\\\/2025\\\/09\\\/Pole-LED-Display.jpg\",\"datePublished\":\"2025-09-26T00:20:54+00:00\",\"dateModified\":\"2026-01-06T07:04:23+00:00\",\"description\":\"Pole LED Display S\u00e9rie TWB para postes externos e rodovias. Brilhante, dur\u00e1vel e com baixo consumo de energia. Pe\u00e7a hoje mesmo para aumentar sua visibilidade.\",\"breadcrumb\":{\"@id\":\"https:\\\/\\\/www.telaled.com\\\/fabrica\\\/pole-led-display-serie-twb\\\/#breadcrumb\"},\"inLanguage\":\"nl-NL\",\"potentialAction\":[{\"@type\":\"ReadAction\",\"target\":[\"https:\\\/\\\/www.telaled.com\\\/fabrica\\\/pole-led-display-serie-twb\\\/\"]}]},{\"@type\":\"ImageObject\",\"inLanguage\":\"nl-NL\",\"@id\":\"https:\\\/\\\/www.telaled.com\\\/fabrica\\\/pole-led-display-serie-twb\\\/#primaryimage\",\"url\":\"https:\\\/\\\/www.telaled.com\\\/wp-content\\\/uploads\\\/2025\\\/09\\\/Pole-LED-Display.jpg\",\"contentUrl\":\"https:\\\/\\\/www.telaled.com\\\/wp-content\\\/uploads\\\/2025\\\/09\\\/Pole-LED-Display.jpg\",\"width\":500,\"height\":500,\"caption\":\"Pole-LED-Display\"},{\"@type\":\"BreadcrumbList\",\"@id\":\"https:\\\/\\\/www.telaled.com\\\/fabrica\\\/pole-led-display-serie-twb\\\/#breadcrumb\",\"itemListElement\":[{\"@type\":\"ListItem\",\"position\":1,\"name\":\"Home\",\"item\":\"https:\\\/\\\/www.telaled.com\\\/\"},{\"@type\":\"ListItem\",\"position\":2,\"name\":\"Produtos\",\"item\":\"https:\\\/\\\/www.telaled.com\\\/shop\\\/\"},{\"@type\":\"ListItem\",\"position\":3,\"name\":\"Pole LED Display S\u00e9rie TWB\"}]},{\"@type\":\"WebSite\",\"@id\":\"https:\\\/\\\/www.telaled.com\\\/#website\",\"url\":\"https:\\\/\\\/www.telaled.com\\\/\",\"name\":\"TELALED\",\"description\":\"\",\"potentialAction\":[{\"@type\":\"SearchAction\",\"target\":{\"@type\":\"EntryPoint\",\"urlTemplate\":\"https:\\\/\\\/www.telaled.com\\\/?s={search_term_string}\"},\"query-input\":{\"@type\":\"PropertyValueSpecification\",\"valueRequired\":true,\"valueName\":\"search_term_string\"}}],\"inLanguage\":\"nl-NL\"}]}<\/script>\n<!-- \/ Yoast SEO plugin. -->","yoast_head_json":{"title":"LED-displays voor op palen TWB-serie | LED-displays voor buitenreclame voor op palen | TELALED","description":"TWB-serie LED-mastdisplay voor buitenmasten en snelwegen. Helder, duurzaam en energiezuinig. Bestel vandaag nog om uw zichtbaarheid te vergroten.","robots":{"index":"index","follow":"follow","max-snippet":"max-snippet:-1","max-image-preview":"max-image-preview:large","max-video-preview":"max-video-preview:-1"},"canonical":"https:\/\/www.telaled.com\/nl\/fabrica\/pole-led-display-serie-twb\/","og_locale":"nl_NL","og_type":"article","og_title":"Pole LED Display S\u00e9rie TWB | Tela Telas LED para Publicidade Externa para Postes de Ru | TELALED","og_description":"Pole LED Display S\u00e9rie TWB para postes externos e rodovias. Brilhante, dur\u00e1vel e com baixo consumo de energia. Pe\u00e7a hoje mesmo para aumentar sua visibilidade.","og_url":"https:\/\/www.telaled.com\/nl\/fabrica\/pole-led-display-serie-twb\/","og_site_name":"TELALED","article_modified_time":"2026-01-06T07:04:23+00:00","og_image":[{"width":500,"height":500,"url":"https:\/\/www.telaled.com\/wp-content\/uploads\/2025\/09\/Pole-LED-Display.jpg","type":"image\/jpeg"}],"twitter_card":"summary_large_image","twitter_misc":{"Geschatte leestijd":"3 minuten"},"schema":{"@context":"https:\/\/schema.org","@graph":[{"@type":"WebPage","@id":"https:\/\/www.telaled.com\/fabrica\/pole-led-display-serie-twb\/","url":"https:\/\/www.telaled.com\/fabrica\/pole-led-display-serie-twb\/","name":"LED-displays voor op palen TWB-serie | LED-displays voor buitenreclame voor op palen | TELALED","isPartOf":{"@id":"https:\/\/www.telaled.com\/#website"},"primaryImageOfPage":{"@id":"https:\/\/www.telaled.com\/fabrica\/pole-led-display-serie-twb\/#primaryimage"},"image":{"@id":"https:\/\/www.telaled.com\/fabrica\/pole-led-display-serie-twb\/#primaryimage"},"thumbnailUrl":"https:\/\/www.telaled.com\/wp-content\/uploads\/2025\/09\/Pole-LED-Display.jpg","datePublished":"2025-09-26T00:20:54+00:00","dateModified":"2026-01-06T07:04:23+00:00","description":"TWB-serie LED-mastdisplay voor buitenmasten en snelwegen. Helder, duurzaam en energiezuinig. Bestel vandaag nog om uw zichtbaarheid te vergroten.","breadcrumb":{"@id":"https:\/\/www.telaled.com\/fabrica\/pole-led-display-serie-twb\/#breadcrumb"},"inLanguage":"nl-NL","potentialAction":[{"@type":"ReadAction","target":["https:\/\/www.telaled.com\/fabrica\/pole-led-display-serie-twb\/"]}]},{"@type":"ImageObject","inLanguage":"nl-NL","@id":"https:\/\/www.telaled.com\/fabrica\/pole-led-display-serie-twb\/#primaryimage","url":"https:\/\/www.telaled.com\/wp-content\/uploads\/2025\/09\/Pole-LED-Display.jpg","contentUrl":"https:\/\/www.telaled.com\/wp-content\/uploads\/2025\/09\/Pole-LED-Display.jpg","width":500,"height":500,"caption":"Pole-LED-Display"},{"@type":"BreadcrumbList","@id":"https:\/\/www.telaled.com\/fabrica\/pole-led-display-serie-twb\/#breadcrumb","itemListElement":[{"@type":"ListItem","position":1,"name":"Home","item":"https:\/\/www.telaled.com\/"},{"@type":"ListItem","position":2,"name":"Produtos","item":"https:\/\/www.telaled.com\/shop\/"},{"@type":"ListItem","position":3,"name":"Pole LED Display S\u00e9rie TWB"}]},{"@type":"WebSite","@id":"https:\/\/www.telaled.com\/#website","url":"https:\/\/www.telaled.com\/","name":"LED-scherm","description":"","potentialAction":[{"@type":"SearchAction","target":{"@type":"EntryPoint","urlTemplate":"https:\/\/www.telaled.com\/?s={search_term_string}"},"query-input":{"@type":"PropertyValueSpecification","valueRequired":true,"valueName":"search_term_string"}}],"inLanguage":"nl-NL"}]}},"_links":{"self":[{"href":"https:\/\/www.telaled.com\/nl\/wp-json\/wp\/v2\/product\/3573","targetHints":{"allow":["GET"]}}],"collection":[{"href":"https:\/\/www.telaled.com\/nl\/wp-json\/wp\/v2\/product"}],"about":[{"href":"https:\/\/www.telaled.com\/nl\/wp-json\/wp\/v2\/types\/product"}],"wp:featuredmedia":[{"embeddable":true,"href":"https:\/\/www.telaled.com\/nl\/wp-json\/wp\/v2\/media\/3580"}],"wp:attachment":[{"href":"https:\/\/www.telaled.com\/nl\/wp-json\/wp\/v2\/media?parent=3573"}],"wp:term":[{"taxonomy":"product_brand","embeddable":true,"href":"https:\/\/www.telaled.com\/nl\/wp-json\/wp\/v2\/product_brand?post=3573"},{"taxonomy":"product_cat","embeddable":true,"href":"https:\/\/www.telaled.com\/nl\/wp-json\/wp\/v2\/product_cat?post=3573"},{"taxonomy":"product_tag","embeddable":true,"href":"https:\/\/www.telaled.com\/nl\/wp-json\/wp\/v2\/product_tag?post=3573"}],"curies":[{"name":"wp","href":"https:\/\/api.w.org\/{rel}","templated":true}]}}