{"id":3288,"date":"2025-09-10T09:41:55","date_gmt":"2025-09-10T09:41:55","guid":{"rendered":"https:\/\/www.telaled.com\/?post_type=product&#038;p=3288"},"modified":"2026-01-06T01:09:29","modified_gmt":"2026-01-06T01:09:29","slug":"tela-led-em-forma-de-rosto-serie-tch","status":"publish","type":"product","link":"https:\/\/www.telaled.com\/nl\/fabrica\/tela-led-em-forma-de-rosto-serie-tch\/","title":{"rendered":"TCH-serie gezichtsvormig LED-scherm"},"content":{"rendered":"<div class=\"row\"  id=\"row-772624261\">\n\n\t<div id=\"col-485401691\" class=\"col small-12 large-12\"  >\n\t\t\t\t<div class=\"col-inner\"  >\n\t\t\t\n\t\t\t\n<h2>Unieke voordelen van het TCH-serie gezichtsvormige LED-display<\/h2>\n<h3><strong>Superieure duurzaamheid<\/strong><\/h3>\n<ul>\n<li>Gemaakt van versterkte kastmaterialen die buigen en schade voorkomen.<\/li>\n<li>Ontworpen voor 24\/7-gebruik zonder oververhitting of prestatieverlies.<\/li>\n<li>LED-lamp met een lange levensduur, meer dan 100.000 uur continu gebruik.<\/li>\n<li>Stabiel, zelfs bij frequente installatie, transport of blootstelling aan de buitenlucht.<\/li>\n<\/ul>\n<h3><strong>Uitzonderlijke visuele kwaliteit<\/strong><\/h3>\n<ul>\n<li><a href=\"https:\/\/www.telaled.com\/nl\/pixel-pitch\/\">Pixelafstand<\/a> Hoge resolutie (zelfs vanaf P4) voor scherpe beelddetails.<\/li>\n<li>Breed kleurengamma voor nauwkeurige en levendige weergave.<\/li>\n<li>Helderheidsniveaus tot 5.000 nits voor helder zicht binnen en buiten.<\/li>\n<li>Hoge vernieuwingsfrequentie (\u22651920Hz) voor vloeiende videoweergave zonder haperingen.<\/li>\n<\/ul>\n<h3><strong>Volledige aanpassingsvermogen<\/strong><\/h3>\n<ul>\n<li>Verkrijgbaar in aangepaste vormen, waaronder gezichtsprofielen en onregelmatige indelingen.<\/li>\n<li>Flexibele maatopties, van kleine panelen tot grootschalige installaties.<\/li>\n<li>Ondersteunt interne en externe applicaties.<\/li>\n<li>Eenvoudige integratie met bestaande besturingssystemen voor creatieve displays.<\/li>\n<\/ul>\n<h3><strong>Uitgebreide ondersteuning<\/strong><\/h3>\n<ul>\n<li>24\/7 technische ondersteuning op afstand: Krijg altijd en overal toegang tot deskundige hulp.<\/li>\n<li>5% aan reserveonderdelen inbegrepen: Elke bestelling omvat extra componenten om de betrouwbaarheid te vergroten en u gemoedsrust te bieden.<\/li>\n<li>3 jaar uitgebreide garantie: profiteer van langdurige convergentie voor betere prestaties en betrouwbare service.<\/li>\n<\/ul>\n<h2>Productdetails<\/h2>\n<div class=\"row\"  id=\"row-1365697473\">\n\n\t<div id=\"col-2131345308\" class=\"col medium-10 small-12 large-10\"  >\n\t\t\t\t<div class=\"col-inner text-left\"  >\n\t\t\t\n\t\t\t\n<ul>\n<li>Het levert heldere beelden met een hoge resolutie, rijke kleuren en intens contrast. HD-beelden zijn scherp en nauwkeurig, waardoor de content levendig en boeiend is. De beeldkwaliteit werkt in elke omgeving, waardoor uw beelden een blijvende indruk achterlaten.<\/li>\n<\/ul>\n\t<div class=\"img has-hover x md-x lg-x y md-y lg-y\" id=\"image_1619051721\">\n\t\t\t\t\t\t\t\t<div class=\"img-inner dark\" >\n\t\t\t<img loading=\"lazy\" decoding=\"async\" width=\"600\" height=\"400\" src=\"https:\/\/www.telaled.com\/wp-content\/uploads\/2025\/09\/Excelente-desempenho.webp\" class=\"attachment-original size-original\" alt=\"Uitstekende prestaties\" srcset=\"https:\/\/www.telaled.com\/wp-content\/uploads\/2025\/09\/Excelente-desempenho.webp 600w, https:\/\/www.telaled.com\/wp-content\/uploads\/2025\/09\/Excelente-desempenho-300x200.webp 300w, https:\/\/www.telaled.com\/wp-content\/uploads\/2025\/09\/Excelente-desempenho-18x12.webp 18w\" sizes=\"auto, (max-width: 600px) 100vw, 600px\" \/>\t\t\t\t\t\t\n\t\t\t\t\t<\/div>\n\t\t\t\t\t\t\t\t\n<style>\n#image_1619051721 {\n  width: 95%;\n}\n<\/style>\n\t<\/div>\n\t\n<ul>\n<li>Het maakt gebruik van zachte modules voor naadloze naden, wat zorgt voor een vloeiende, ononderbroken weergave. Met brede kijkhoeken en een superieure oppervlakteafwerking biedt het een heldere, consistente en superieure visuele ervaring vanuit elke positie.<\/li>\n<\/ul>\n\t\t<\/div>\n\t\t\t\t\t<\/div>\n\n\t\n\n\t<div id=\"col-59819698\" class=\"col medium-10 small-12 large-10\"  >\n\t\t\t\t<div class=\"col-inner text-left\"  >\n\t\t\t\n\t\t\t\n\t<div class=\"img has-hover x md-x lg-x y md-y lg-y\" id=\"image_72824787\">\n\t\t\t\t\t\t\t\t<div class=\"img-inner dark\" >\n\t\t\t<img loading=\"lazy\" decoding=\"async\" width=\"640\" height=\"430\" src=\"https:\/\/www.telaled.com\/wp-content\/uploads\/2025\/09\/Emenda-perfeita-visualizacao-superior.webp\" class=\"attachment-large size-large\" alt=\"Perfecte naad, bovenaanzicht\" srcset=\"https:\/\/www.telaled.com\/wp-content\/uploads\/2025\/09\/Emenda-perfeita-visualizacao-superior.webp 640w, https:\/\/www.telaled.com\/wp-content\/uploads\/2025\/09\/Emenda-perfeita-visualizacao-superior-300x202.webp 300w, https:\/\/www.telaled.com\/wp-content\/uploads\/2025\/09\/Emenda-perfeita-visualizacao-superior-18x12.webp 18w, https:\/\/www.telaled.com\/wp-content\/uploads\/2025\/09\/Emenda-perfeita-visualizacao-superior-600x403.webp 600w\" sizes=\"auto, (max-width: 640px) 100vw, 640px\" \/>\t\t\t\t\t\t\n\t\t\t\t\t<\/div>\n\t\t\t\t\t\t\t\t\n<style>\n#image_72824787 {\n  width: 95%;\n}\n<\/style>\n\t<\/div>\n\t\n<ul>\n<li>Ontworpen voor gebruiksgemak, met een soepele werking en een probleemloze ervaring. Het ontwerp maakt de installatie snel en het transport gemakkelijk, ideaal voor evenementen en locaties die een betrouwbare installatie en flexibiliteit vereisen.<\/li>\n<\/ul>\n\t<div class=\"img has-hover x md-x lg-x y md-y lg-y\" id=\"image_695802586\">\n\t\t\t\t\t\t\t\t<div class=\"img-inner dark\" >\n\t\t\t<img loading=\"lazy\" decoding=\"async\" width=\"640\" height=\"430\" src=\"https:\/\/www.telaled.com\/wp-content\/uploads\/2025\/09\/Operacao-facil.webp\" class=\"attachment-large size-large\" alt=\"Eenvoudige bediening\" srcset=\"https:\/\/www.telaled.com\/wp-content\/uploads\/2025\/09\/Operacao-facil.webp 640w, https:\/\/www.telaled.com\/wp-content\/uploads\/2025\/09\/Operacao-facil-300x202.webp 300w, https:\/\/www.telaled.com\/wp-content\/uploads\/2025\/09\/Operacao-facil-18x12.webp 18w, https:\/\/www.telaled.com\/wp-content\/uploads\/2025\/09\/Operacao-facil-600x403.webp 600w\" sizes=\"auto, (max-width: 640px) 100vw, 640px\" \/>\t\t\t\t\t\t\n\t\t\t\t\t<\/div>\n\t\t\t\t\t\t\t\t\n<style>\n#image_695802586 {\n  width: 95%;\n}\n<\/style>\n\t<\/div>\n\t\n\t\t<\/div>\n\t\t\t\t\t<\/div>\n\n\t\n\n\t<div id=\"col-392274072\" class=\"col medium-10 small-12 large-10\"  >\n\t\t\t\t<div class=\"col-inner text-left\"  >\n\t\t\t\n\t\t\t\n<ul>\n<li>Onze gezichtsvormige LED-schermen uit de TCH-serie worden verpakt in versterkte houten kratten ter bescherming tijdens transport. Elk exemplaar wordt veilig verpakt om schade door ongedierte, stoten en andere gevaren te voorkomen. Dit garandeert duurzaamheid en een veilige levering.<\/li>\n<\/ul>\n\t<div class=\"img has-hover x md-x lg-x y md-y lg-y\" id=\"image_1815531294\">\n\t\t\t\t\t\t\t\t<div class=\"img-inner dark\" >\n\t\t\t<img loading=\"lazy\" decoding=\"async\" width=\"760\" height=\"1024\" src=\"https:\/\/www.telaled.com\/wp-content\/uploads\/2025\/08\/36123f2c-de60-488d-af81-255cd4aee54a-760x1024.webp\" class=\"attachment-large size-large\" alt=\"\" srcset=\"https:\/\/www.telaled.com\/wp-content\/uploads\/2025\/08\/36123f2c-de60-488d-af81-255cd4aee54a-760x1024.webp 760w, https:\/\/www.telaled.com\/wp-content\/uploads\/2025\/08\/36123f2c-de60-488d-af81-255cd4aee54a-223x300.webp 223w, https:\/\/www.telaled.com\/wp-content\/uploads\/2025\/08\/36123f2c-de60-488d-af81-255cd4aee54a-768x1035.webp 768w, https:\/\/www.telaled.com\/wp-content\/uploads\/2025\/08\/36123f2c-de60-488d-af81-255cd4aee54a-9x12.webp 9w, https:\/\/www.telaled.com\/wp-content\/uploads\/2025\/08\/36123f2c-de60-488d-af81-255cd4aee54a-600x808.webp 600w, https:\/\/www.telaled.com\/wp-content\/uploads\/2025\/08\/36123f2c-de60-488d-af81-255cd4aee54a.webp 795w\" sizes=\"auto, (max-width: 760px) 100vw, 760px\" \/>\t\t\t\t\t\t\n\t\t\t\t\t<\/div>\n\t\t\t\t\t\t\t\t\n<style>\n#image_1815531294 {\n  width: 95%;\n}\n<\/style>\n\t<\/div>\n\t\n\n<table id=\"tablepress-52\" class=\"tablepress tablepress-id-52\">\n<thead>\n<tr class=\"row-1\">\n\t<th class=\"column-1\">Specificaties:<\/th><th class=\"column-2\">TCH-P4-S118<\/th>\n<\/tr>\n<\/thead>\n<tbody class=\"row-striping row-hover\">\n<tr class=\"row-2\">\n\t<td class=\"column-1\">Pixelpuntcompositie:<\/td><td class=\"column-2\">2121 (3-in-1)<\/td>\n<\/tr>\n<tr class=\"row-3\">\n\t<td class=\"column-1\">Pixelresolutie:<\/td><td class=\"column-2\">550*370<\/td>\n<\/tr>\n<tr class=\"row-4\">\n\t<td class=\"column-1\">Schermgrootte (mm):<\/td><td class=\"column-2\">2200*1480<\/td>\n<\/tr>\n<tr class=\"row-5\">\n\t<td class=\"column-1\">Weergavedichtheid:<\/td><td class=\"column-2\">62500 punten\/\u33a1<\/td>\n<\/tr>\n<tr class=\"row-6\">\n\t<td class=\"column-1\">Ideale kijkafstand (m):<\/td><td class=\"column-2\">4-100m<\/td>\n<\/tr>\n<tr class=\"row-7\">\n\t<td class=\"column-1\">Piekstroomverbruik:<\/td><td class=\"column-2\">800W\/\u33a1<\/td>\n<\/tr>\n<tr class=\"row-8\">\n\t<td class=\"column-1\">Scanmethode:<\/td><td class=\"column-2\">16 scans<\/td>\n<\/tr>\n<tr class=\"row-9\">\n\t<td class=\"column-1\">Helderheid: (CD\/\u33a1)<\/td><td class=\"column-2\">1600<\/td>\n<\/tr>\n<tr class=\"row-10\">\n\t<td class=\"column-1\">Perspectief:<\/td><td class=\"column-2\">H 360\u00b0 V 360\u00b0<\/td>\n<\/tr>\n<tr class=\"row-11\">\n\t<td class=\"column-1\">Bedrijfsspanning:<\/td><td class=\"column-2\">AC 220V\/100V\u00b115% 47~64HZ<\/td>\n<\/tr>\n<tr class=\"row-12\">\n\t<td class=\"column-1\">Voedingsspanning:<\/td><td class=\"column-2\">5V<\/td>\n<\/tr>\n<tr class=\"row-13\">\n\t<td class=\"column-1\">Omgevingstemperatuur van het systeem:<\/td><td class=\"column-2\">-20~60\u00b0C<\/td>\n<\/tr>\n<tr class=\"row-14\">\n\t<td class=\"column-1\">Het systeem werkt in een gematigde omgeving:<\/td><td class=\"column-2\">10%~90% UR<\/td>\n<\/tr>\n<tr class=\"row-15\">\n\t<td class=\"column-1\">Schermkleur:<\/td><td class=\"column-2\">16,7 miljoen<\/td>\n<\/tr>\n<tr class=\"row-16\">\n\t<td class=\"column-1\">Grijswaardenniveau:<\/td><td class=\"column-2\">16384<\/td>\n<\/tr>\n<tr class=\"row-17\">\n\t<td class=\"column-1\">Communicatiemethode:<\/td><td class=\"column-2\">Synchronisatie<\/td>\n<\/tr>\n<\/tbody>\n<\/table>\n<!-- #tablepress-52 from cache -->\n\t\t<\/div>\n\t\t\t\t\t<\/div>\n\n\t\n<\/div>\n\t\t<\/div>\n\t\t\t\t\t<\/div>\n\n\t\n<\/div>","protected":false},"excerpt":{"rendered":"<p><strong>TCH-serie gezichtsvormig LED-scherm: creatieve en gepersonaliseerde LED-schermen<\/strong><\/p>\n<p>Krijg een <strong><em>TCH-serie gezichtsvormig LED-scherm<\/em><\/strong>, Met een pixelafstand van 4 mm, maatwerk en premium kwaliteit, bieden onze displays creatieve visuals die elk evenement of elke locatie tot leven brengen. Vraag vandaag nog uw oplossing aan!<\/p>\n<p><strong>Belangrijkste kenmerken:<\/strong><\/p>\n<ul>\n<li><span class=\"jCAhz ChMk0b\"><span class=\"ryNqvb\"><strong>Aanpasbare formaten:<\/strong> Ga verder dan standaard displays met een ontwerp van <strong>LED-scherm met aangepast gezicht<\/strong> die bij uw thema of merk passen.<\/span><\/span><\/li>\n<li><span class=\"jCAhz ChMk0b\"><span class=\"ryNqvb\"><strong> Hoge beeldkwaliteit:<\/strong> De pixelafstand van 4 mm zorgt voor scherpe, gedetailleerde beelden, zelfs op korte kijkafstand.<\/span><\/span><\/li>\n<li><span class=\"jCAhz ChMk0b\"><span class=\"ryNqvb\"><strong>Creatieve toepassingen:<\/strong> Perfect voor <a href=\"https:\/\/www.telaled.com\/nl\/telao-de-led-para-eventos\/\">evenementen<\/a>, tentoonstellingen, reclame en kunstinstallaties waar visuele impact belangrijk is.<\/span><\/span><\/li>\n<li>Opties voor groot formaat: standaardformaat 2200 x 1480 mm, maar er zijn ook aangepaste formaten beschikbaar voor verschillende toepassingen.<\/li>\n<\/ul>\n<p>Ons team biedt 24\/7 ondersteuning op afstand en 3 jaar garantie. Neem vandaag nog contact met ons op voor een offerte op maat.<\/p>","protected":false},"featured_media":3289,"template":"","meta":[],"product_brand":[],"product_cat":[48,40,46],"product_tag":[],"class_list":{"0":"post-3288","1":"product","2":"type-product","3":"status-publish","4":"has-post-thumbnail","6":"product_cat-paineis-personalizados","7":"product_cat-painel-de-led","8":"product_cat-painel-de-video","10":"first","11":"instock","12":"shipping-taxable","13":"product-type-simple"},"yoast_head":"<!-- This site is optimized with the Yoast SEO plugin v27.5 - https:\/\/yoast.com\/product\/yoast-seo-wordpress\/ -->\n<title>Tela LED em Forma de Rosto S\u00e9rie TCH | Designs e Displays de Alta Qualidade | TELALED<\/title>\n<meta name=\"description\" content=\"A Tela LED em Forma de Rosto S\u00e9rie TCH oferece um design personaliz\u00e1vel com pixel pitch de 4 mm e qualidade superior. Perfeita para projetos criativos e displays chamativos. Solicite sua solu\u00e7\u00e3o hoje mesmo!\" \/>\n<meta name=\"robots\" content=\"index, follow, max-snippet:-1, max-image-preview:large, max-video-preview:-1\" \/>\n<link rel=\"canonical\" href=\"https:\/\/www.telaled.com\/nl\/fabrica\/tela-led-em-forma-de-rosto-serie-tch\/\" \/>\n<meta property=\"og:locale\" content=\"nl_NL\" \/>\n<meta property=\"og:type\" content=\"article\" \/>\n<meta property=\"og:title\" content=\"Tela LED em Forma de Rosto S\u00e9rie TCH | Designs e Displays de Alta Qualidade | TELALED\" \/>\n<meta property=\"og:description\" content=\"A Tela LED em Forma de Rosto S\u00e9rie TCH oferece um design personaliz\u00e1vel com pixel pitch de 4 mm e qualidade superior. Perfeita para projetos criativos e displays chamativos. Solicite sua solu\u00e7\u00e3o hoje mesmo!\" \/>\n<meta property=\"og:url\" content=\"https:\/\/www.telaled.com\/nl\/fabrica\/tela-led-em-forma-de-rosto-serie-tch\/\" \/>\n<meta property=\"og:site_name\" content=\"TELALED\" \/>\n<meta property=\"article:modified_time\" content=\"2026-01-06T01:09:29+00:00\" \/>\n<meta property=\"og:image\" content=\"https:\/\/www.telaled.com\/wp-content\/uploads\/2025\/09\/Tela-LED-em-Forma-de-Rosto.webp\" \/>\n\t<meta property=\"og:image:width\" content=\"500\" \/>\n\t<meta property=\"og:image:height\" content=\"500\" \/>\n\t<meta property=\"og:image:type\" content=\"image\/webp\" \/>\n<meta name=\"twitter:card\" content=\"summary_large_image\" \/>\n<meta name=\"twitter:label1\" content=\"Geschatte leestijd\" \/>\n\t<meta name=\"twitter:data1\" content=\"3 minuten\" \/>\n<script type=\"application\/ld+json\" class=\"yoast-schema-graph\">{\"@context\":\"https:\\\/\\\/schema.org\",\"@graph\":[{\"@type\":\"WebPage\",\"@id\":\"https:\\\/\\\/www.telaled.com\\\/fabrica\\\/tela-led-em-forma-de-rosto-serie-tch\\\/\",\"url\":\"https:\\\/\\\/www.telaled.com\\\/fabrica\\\/tela-led-em-forma-de-rosto-serie-tch\\\/\",\"name\":\"Tela LED em Forma de Rosto S\u00e9rie TCH | Designs e Displays de Alta Qualidade | TELALED\",\"isPartOf\":{\"@id\":\"https:\\\/\\\/www.telaled.com\\\/#website\"},\"primaryImageOfPage\":{\"@id\":\"https:\\\/\\\/www.telaled.com\\\/fabrica\\\/tela-led-em-forma-de-rosto-serie-tch\\\/#primaryimage\"},\"image\":{\"@id\":\"https:\\\/\\\/www.telaled.com\\\/fabrica\\\/tela-led-em-forma-de-rosto-serie-tch\\\/#primaryimage\"},\"thumbnailUrl\":\"https:\\\/\\\/www.telaled.com\\\/wp-content\\\/uploads\\\/2025\\\/09\\\/Tela-LED-em-Forma-de-Rosto.webp\",\"datePublished\":\"2025-09-10T09:41:55+00:00\",\"dateModified\":\"2026-01-06T01:09:29+00:00\",\"description\":\"A Tela LED em Forma de Rosto S\u00e9rie TCH oferece um design personaliz\u00e1vel com pixel pitch de 4 mm e qualidade superior. Perfeita para projetos criativos e displays chamativos. Solicite sua solu\u00e7\u00e3o hoje mesmo!\",\"breadcrumb\":{\"@id\":\"https:\\\/\\\/www.telaled.com\\\/fabrica\\\/tela-led-em-forma-de-rosto-serie-tch\\\/#breadcrumb\"},\"inLanguage\":\"nl-NL\",\"potentialAction\":[{\"@type\":\"ReadAction\",\"target\":[\"https:\\\/\\\/www.telaled.com\\\/fabrica\\\/tela-led-em-forma-de-rosto-serie-tch\\\/\"]}]},{\"@type\":\"ImageObject\",\"inLanguage\":\"nl-NL\",\"@id\":\"https:\\\/\\\/www.telaled.com\\\/fabrica\\\/tela-led-em-forma-de-rosto-serie-tch\\\/#primaryimage\",\"url\":\"https:\\\/\\\/www.telaled.com\\\/wp-content\\\/uploads\\\/2025\\\/09\\\/Tela-LED-em-Forma-de-Rosto.webp\",\"contentUrl\":\"https:\\\/\\\/www.telaled.com\\\/wp-content\\\/uploads\\\/2025\\\/09\\\/Tela-LED-em-Forma-de-Rosto.webp\",\"width\":500,\"height\":500,\"caption\":\"Tela-LED-em-Forma-de-Rosto\"},{\"@type\":\"BreadcrumbList\",\"@id\":\"https:\\\/\\\/www.telaled.com\\\/fabrica\\\/tela-led-em-forma-de-rosto-serie-tch\\\/#breadcrumb\",\"itemListElement\":[{\"@type\":\"ListItem\",\"position\":1,\"name\":\"Home\",\"item\":\"https:\\\/\\\/www.telaled.com\\\/\"},{\"@type\":\"ListItem\",\"position\":2,\"name\":\"Produtos\",\"item\":\"https:\\\/\\\/www.telaled.com\\\/shop\\\/\"},{\"@type\":\"ListItem\",\"position\":3,\"name\":\"Tela LED em Forma de Rosto S\u00e9rie TCH\"}]},{\"@type\":\"WebSite\",\"@id\":\"https:\\\/\\\/www.telaled.com\\\/#website\",\"url\":\"https:\\\/\\\/www.telaled.com\\\/\",\"name\":\"TELALED\",\"description\":\"\",\"potentialAction\":[{\"@type\":\"SearchAction\",\"target\":{\"@type\":\"EntryPoint\",\"urlTemplate\":\"https:\\\/\\\/www.telaled.com\\\/?s={search_term_string}\"},\"query-input\":{\"@type\":\"PropertyValueSpecification\",\"valueRequired\":true,\"valueName\":\"search_term_string\"}}],\"inLanguage\":\"nl-NL\"}]}<\/script>\n<!-- \/ Yoast SEO plugin. -->","yoast_head_json":{"title":"TCH-serie gezichtsvormig LED-scherm | Hoogwaardige ontwerpen en displays | TELALED","description":"Het TCH-serie gezichtsvormige LED-scherm biedt een aanpasbaar ontwerp met een pixelgrootte van 4 mm en superieure kwaliteit. Perfect voor creatieve projecten en opvallende displays. Vraag vandaag nog uw oplossing aan!","robots":{"index":"index","follow":"follow","max-snippet":"max-snippet:-1","max-image-preview":"max-image-preview:large","max-video-preview":"max-video-preview:-1"},"canonical":"https:\/\/www.telaled.com\/nl\/fabrica\/tela-led-em-forma-de-rosto-serie-tch\/","og_locale":"nl_NL","og_type":"article","og_title":"Tela LED em Forma de Rosto S\u00e9rie TCH | Designs e Displays de Alta Qualidade | TELALED","og_description":"A Tela LED em Forma de Rosto S\u00e9rie TCH oferece um design personaliz\u00e1vel com pixel pitch de 4 mm e qualidade superior. Perfeita para projetos criativos e displays chamativos. Solicite sua solu\u00e7\u00e3o hoje mesmo!","og_url":"https:\/\/www.telaled.com\/nl\/fabrica\/tela-led-em-forma-de-rosto-serie-tch\/","og_site_name":"TELALED","article_modified_time":"2026-01-06T01:09:29+00:00","og_image":[{"width":500,"height":500,"url":"https:\/\/www.telaled.com\/wp-content\/uploads\/2025\/09\/Tela-LED-em-Forma-de-Rosto.webp","type":"image\/webp"}],"twitter_card":"summary_large_image","twitter_misc":{"Geschatte leestijd":"3 minuten"},"schema":{"@context":"https:\/\/schema.org","@graph":[{"@type":"WebPage","@id":"https:\/\/www.telaled.com\/fabrica\/tela-led-em-forma-de-rosto-serie-tch\/","url":"https:\/\/www.telaled.com\/fabrica\/tela-led-em-forma-de-rosto-serie-tch\/","name":"TCH-serie gezichtsvormig LED-scherm | Hoogwaardige ontwerpen en displays | TELALED","isPartOf":{"@id":"https:\/\/www.telaled.com\/#website"},"primaryImageOfPage":{"@id":"https:\/\/www.telaled.com\/fabrica\/tela-led-em-forma-de-rosto-serie-tch\/#primaryimage"},"image":{"@id":"https:\/\/www.telaled.com\/fabrica\/tela-led-em-forma-de-rosto-serie-tch\/#primaryimage"},"thumbnailUrl":"https:\/\/www.telaled.com\/wp-content\/uploads\/2025\/09\/Tela-LED-em-Forma-de-Rosto.webp","datePublished":"2025-09-10T09:41:55+00:00","dateModified":"2026-01-06T01:09:29+00:00","description":"Het TCH-serie gezichtsvormige LED-scherm biedt een aanpasbaar ontwerp met een pixelgrootte van 4 mm en superieure kwaliteit. Perfect voor creatieve projecten en opvallende displays. Vraag vandaag nog uw oplossing aan!","breadcrumb":{"@id":"https:\/\/www.telaled.com\/fabrica\/tela-led-em-forma-de-rosto-serie-tch\/#breadcrumb"},"inLanguage":"nl-NL","potentialAction":[{"@type":"ReadAction","target":["https:\/\/www.telaled.com\/fabrica\/tela-led-em-forma-de-rosto-serie-tch\/"]}]},{"@type":"ImageObject","inLanguage":"nl-NL","@id":"https:\/\/www.telaled.com\/fabrica\/tela-led-em-forma-de-rosto-serie-tch\/#primaryimage","url":"https:\/\/www.telaled.com\/wp-content\/uploads\/2025\/09\/Tela-LED-em-Forma-de-Rosto.webp","contentUrl":"https:\/\/www.telaled.com\/wp-content\/uploads\/2025\/09\/Tela-LED-em-Forma-de-Rosto.webp","width":500,"height":500,"caption":"Tela-LED-em-Forma-de-Rosto"},{"@type":"BreadcrumbList","@id":"https:\/\/www.telaled.com\/fabrica\/tela-led-em-forma-de-rosto-serie-tch\/#breadcrumb","itemListElement":[{"@type":"ListItem","position":1,"name":"Home","item":"https:\/\/www.telaled.com\/"},{"@type":"ListItem","position":2,"name":"Produtos","item":"https:\/\/www.telaled.com\/shop\/"},{"@type":"ListItem","position":3,"name":"Tela LED em Forma de Rosto S\u00e9rie TCH"}]},{"@type":"WebSite","@id":"https:\/\/www.telaled.com\/#website","url":"https:\/\/www.telaled.com\/","name":"LED-scherm","description":"","potentialAction":[{"@type":"SearchAction","target":{"@type":"EntryPoint","urlTemplate":"https:\/\/www.telaled.com\/?s={search_term_string}"},"query-input":{"@type":"PropertyValueSpecification","valueRequired":true,"valueName":"search_term_string"}}],"inLanguage":"nl-NL"}]}},"_links":{"self":[{"href":"https:\/\/www.telaled.com\/nl\/wp-json\/wp\/v2\/product\/3288","targetHints":{"allow":["GET"]}}],"collection":[{"href":"https:\/\/www.telaled.com\/nl\/wp-json\/wp\/v2\/product"}],"about":[{"href":"https:\/\/www.telaled.com\/nl\/wp-json\/wp\/v2\/types\/product"}],"wp:featuredmedia":[{"embeddable":true,"href":"https:\/\/www.telaled.com\/nl\/wp-json\/wp\/v2\/media\/3289"}],"wp:attachment":[{"href":"https:\/\/www.telaled.com\/nl\/wp-json\/wp\/v2\/media?parent=3288"}],"wp:term":[{"taxonomy":"product_brand","embeddable":true,"href":"https:\/\/www.telaled.com\/nl\/wp-json\/wp\/v2\/product_brand?post=3288"},{"taxonomy":"product_cat","embeddable":true,"href":"https:\/\/www.telaled.com\/nl\/wp-json\/wp\/v2\/product_cat?post=3288"},{"taxonomy":"product_tag","embeddable":true,"href":"https:\/\/www.telaled.com\/nl\/wp-json\/wp\/v2\/product_tag?post=3288"}],"curies":[{"name":"wp","href":"https:\/\/api.w.org\/{rel}","templated":true}]}}