{"id":3247,"date":"2025-09-05T08:21:30","date_gmt":"2025-09-05T08:21:30","guid":{"rendered":"https:\/\/www.telaled.com\/?post_type=product&#038;p=3247"},"modified":"2026-01-06T00:21:06","modified_gmt":"2026-01-06T00:21:06","slug":"led-sphere-display-serie-tce","status":"publish","type":"product","link":"https:\/\/www.telaled.com\/nl\/fabrica\/led-sphere-display-serie-tce\/","title":{"rendered":"LED-boldisplay TCE-serie"},"content":{"rendered":"<div class=\"row\"  id=\"row-1324034047\">\n\n\t<div id=\"col-1027470407\" class=\"col small-12 large-12\"  >\n\t\t\t\t<div class=\"col-inner\"  >\n\t\t\t\n\t\t\t\n<h2>Unieke voordelen van het TCE-serie LED-boldisplay<\/h2>\n<h3><strong>Superieure duurzaamheid<\/strong><\/h3>\n<ul>\n<li>Gemaakt met een uiterst nauwkeurig geklonken aluminium frame.<\/li>\n<li>Lichtgewicht, maar toch structureel stabiel voor langdurig gebruik.<\/li>\n<li>Hoge slijtvastheid, waardoor het betrouwbaar is voor continu gebruik.<\/li>\n<\/ul>\n<h3><strong>Uitzonderlijke visuele kwaliteit<\/strong><\/h3>\n<ul>\n<li>Het biedt een hoge helderheid met een laag energieverbruik.<\/li>\n<li>Magnetisch moduleontwerp voor eenvoudig onderhoud.<\/li>\n<li>Uitstekende warmteafvoer en stofbestendigheid voor stabiele beelden.<\/li>\n<\/ul>\n<h3><strong>Volledige aanpassingsvermogen<\/strong><\/h3>\n<ul>\n<li>Geschikt voor installatie binnen en buiten.<\/li>\n<li>Ondersteunt elke gewenste afstand tussen<a href=\"https:\/\/www.telaled.com\/nl\/pixel-pitch\/\"> pixels<\/a> en aangepaste formaten.<\/li>\n<li>Het kan een interne boog, een externe boog, een cirkel, een S-vorm of een bolvormige configuratie aannemen.<\/li>\n<\/ul>\n<h3><strong>Uitgebreide ondersteuning<\/strong><\/h3>\n<ul>\n<li>24\/7 technische ondersteuning op afstand: Krijg altijd en overal toegang tot deskundige hulp.<\/li>\n<li>5% aan reserveonderdelen inbegrepen: Elke bestelling omvat extra componenten om de betrouwbaarheid te vergroten en u gemoedsrust te bieden.<\/li>\n<li>3 jaar uitgebreide garantie: profiteer van langdurige convergentie voor betere prestaties en betrouwbare service.<\/li>\n<\/ul>\n<h2>Productdetails<\/h2>\n<div class=\"row\"  id=\"row-456024432\">\n\n\t<div id=\"col-725817021\" class=\"col medium-10 small-12 large-10\"  >\n\t\t\t\t<div class=\"col-inner text-left\"  >\n\t\t\t\n\t\t\t\n<ul>\n<li>We hebben honderden LED-modules op maat geleverd en deze expertise heeft ons in staat gesteld onze LED-boldisplay te perfectioneren. Elke bol is gemaakt van nauwkeurig gegoten modules, waardoor we de afmetingen, resolutie en het ontwerp kunnen aanpassen.<\/li>\n<\/ul>\n\t<div class=\"img has-hover x md-x lg-x y md-y lg-y\" id=\"image_624185356\">\n\t\t\t\t\t\t\t\t<div class=\"img-inner dark\" >\n\t\t\t<img loading=\"lazy\" decoding=\"async\" width=\"1300\" height=\"500\" src=\"https:\/\/www.telaled.com\/wp-content\/uploads\/2025\/09\/Acumulando-centenas-de-formas-de-modulos-de-LED.webp\" class=\"attachment-original size-original\" alt=\"Het accumuleren van honderden vormen van LED-modules\" srcset=\"https:\/\/www.telaled.com\/wp-content\/uploads\/2025\/09\/Acumulando-centenas-de-formas-de-modulos-de-LED.webp 1300w, https:\/\/www.telaled.com\/wp-content\/uploads\/2025\/09\/Acumulando-centenas-de-formas-de-modulos-de-LED-300x115.webp 300w, https:\/\/www.telaled.com\/wp-content\/uploads\/2025\/09\/Acumulando-centenas-de-formas-de-modulos-de-LED-1024x394.webp 1024w, https:\/\/www.telaled.com\/wp-content\/uploads\/2025\/09\/Acumulando-centenas-de-formas-de-modulos-de-LED-768x295.webp 768w, https:\/\/www.telaled.com\/wp-content\/uploads\/2025\/09\/Acumulando-centenas-de-formas-de-modulos-de-LED-18x7.webp 18w, https:\/\/www.telaled.com\/wp-content\/uploads\/2025\/09\/Acumulando-centenas-de-formas-de-modulos-de-LED-600x231.webp 600w\" sizes=\"auto, (max-width: 1300px) 100vw, 1300px\" \/>\t\t\t\t\t\t\n\t\t\t\t\t<\/div>\n\t\t\t\t\t\t\t\t\n<style>\n#image_624185356 {\n  width: 95%;\n}\n<\/style>\n\t<\/div>\n\t\n<ul>\n<li>Ons bolvormige led-scherm maakt gebruik van een geklonken aluminium frame, ontworpen voor precisie en stevigheid. De lichtgewicht constructie maakt het scherm gemakkelijk te hanteren, terwijl het stevige frame het scherm langdurig stabiel houdt. Deze constructie maakt het scherm betrouwbaar voor creatieve opstellingen en verbluffende 360\u00b0-beelden.<\/li>\n<\/ul>\n\t\t<\/div>\n\t\t\t\t\t<\/div>\n\n\t\n\n\t<div id=\"col-121874582\" class=\"col medium-10 small-12 large-10\"  >\n\t\t\t\t<div class=\"col-inner text-left\"  >\n\t\t\t\n\t\t\t\n\t<div class=\"img has-hover x md-x lg-x y md-y lg-y\" id=\"image_1369311780\">\n\t\t\t\t\t\t\t\t<div class=\"img-inner dark\" >\n\t\t\t<img loading=\"lazy\" decoding=\"async\" width=\"640\" height=\"430\" src=\"https:\/\/www.telaled.com\/wp-content\/uploads\/2025\/09\/Estrutura-de-aluminio-rebitada-de-alta-precisao.webp\" class=\"attachment-large size-large\" alt=\"Hoognauwkeurige geklonken aluminiumstructuur\" srcset=\"https:\/\/www.telaled.com\/wp-content\/uploads\/2025\/09\/Estrutura-de-aluminio-rebitada-de-alta-precisao.webp 640w, https:\/\/www.telaled.com\/wp-content\/uploads\/2025\/09\/Estrutura-de-aluminio-rebitada-de-alta-precisao-300x202.webp 300w, https:\/\/www.telaled.com\/wp-content\/uploads\/2025\/09\/Estrutura-de-aluminio-rebitada-de-alta-precisao-18x12.webp 18w, https:\/\/www.telaled.com\/wp-content\/uploads\/2025\/09\/Estrutura-de-aluminio-rebitada-de-alta-precisao-600x403.webp 600w\" sizes=\"auto, (max-width: 640px) 100vw, 640px\" \/>\t\t\t\t\t\t\n\t\t\t\t\t<\/div>\n\t\t\t\t\t\t\t\t\n<style>\n#image_1369311780 {\n  width: 95%;\n}\n<\/style>\n\t<\/div>\n\t\n<ul>\n<li>Ontworpen voor veelzijdigheid: u kunt het hangend aan het plafond, op de vloer, ingebouwd in een constructie of aan de muur bevestigen. Deze verscheidenheid aan opties maakt het gemakkelijk om het display aan te passen aan verschillende ruimtes, met behoud van een professionele en ge\u00efntegreerde uitstraling.<\/li>\n<\/ul>\n\t<div class=\"img has-hover x md-x lg-x y md-y lg-y\" id=\"image_704594910\">\n\t\t\t\t\t\t\t\t<div class=\"img-inner dark\" >\n\t\t\t<img loading=\"lazy\" decoding=\"async\" width=\"1020\" height=\"365\" src=\"https:\/\/www.telaled.com\/wp-content\/uploads\/2025\/09\/Modo-de-instalacao-flexivel-1024x366.webp\" class=\"attachment-large size-large\" alt=\"Flexibele installatiemodus\" srcset=\"https:\/\/www.telaled.com\/wp-content\/uploads\/2025\/09\/Modo-de-instalacao-flexivel-1024x366.webp 1024w, https:\/\/www.telaled.com\/wp-content\/uploads\/2025\/09\/Modo-de-instalacao-flexivel-300x107.webp 300w, https:\/\/www.telaled.com\/wp-content\/uploads\/2025\/09\/Modo-de-instalacao-flexivel-768x274.webp 768w, https:\/\/www.telaled.com\/wp-content\/uploads\/2025\/09\/Modo-de-instalacao-flexivel-18x6.webp 18w, https:\/\/www.telaled.com\/wp-content\/uploads\/2025\/09\/Modo-de-instalacao-flexivel-600x214.webp 600w, https:\/\/www.telaled.com\/wp-content\/uploads\/2025\/09\/Modo-de-instalacao-flexivel.webp 1400w\" sizes=\"auto, (max-width: 1020px) 100vw, 1020px\" \/>\t\t\t\t\t\t\n\t\t\t\t\t<\/div>\n\t\t\t\t\t\t\t\t\n<style>\n#image_704594910 {\n  width: 95%;\n}\n<\/style>\n\t<\/div>\n\t\n\t\t<\/div>\n\t\t\t\t\t<\/div>\n\n\t\n\n\t<div id=\"col-4228632\" class=\"col medium-10 small-12 large-10\"  >\n\t\t\t\t<div class=\"col-inner text-left\"  >\n\t\t\t\n\t\t\t\n<ul>\n<li>Onze LED-boldisplays uit de TCE-serie worden veilig verpakt in versterkte houten kratten ter bescherming tijdens transport. Elk product wordt beschermd tegen stof, stoten en andere gevaren door de verpakking in beschermende containers. Deze methode garandeert duurzaamheid en veilige verwerking, van opslag tot levering.<\/li>\n<\/ul>\n\t<div class=\"img has-hover x md-x lg-x y md-y lg-y\" id=\"image_2097581719\">\n\t\t\t\t\t\t\t\t<div class=\"img-inner dark\" >\n\t\t\t<img loading=\"lazy\" decoding=\"async\" width=\"760\" height=\"1024\" src=\"https:\/\/www.telaled.com\/wp-content\/uploads\/2025\/08\/36123f2c-de60-488d-af81-255cd4aee54a-760x1024.webp\" class=\"attachment-large size-large\" alt=\"\" srcset=\"https:\/\/www.telaled.com\/wp-content\/uploads\/2025\/08\/36123f2c-de60-488d-af81-255cd4aee54a-760x1024.webp 760w, https:\/\/www.telaled.com\/wp-content\/uploads\/2025\/08\/36123f2c-de60-488d-af81-255cd4aee54a-223x300.webp 223w, https:\/\/www.telaled.com\/wp-content\/uploads\/2025\/08\/36123f2c-de60-488d-af81-255cd4aee54a-768x1035.webp 768w, https:\/\/www.telaled.com\/wp-content\/uploads\/2025\/08\/36123f2c-de60-488d-af81-255cd4aee54a-9x12.webp 9w, https:\/\/www.telaled.com\/wp-content\/uploads\/2025\/08\/36123f2c-de60-488d-af81-255cd4aee54a-600x808.webp 600w, https:\/\/www.telaled.com\/wp-content\/uploads\/2025\/08\/36123f2c-de60-488d-af81-255cd4aee54a.webp 795w\" sizes=\"auto, (max-width: 760px) 100vw, 760px\" \/>\t\t\t\t\t\t\n\t\t\t\t\t<\/div>\n\t\t\t\t\t\t\t\t\n<style>\n#image_2097581719 {\n  width: 95%;\n}\n<\/style>\n\t<\/div>\n\t\n\t<div class=\"img has-hover x md-x lg-x y md-y lg-y\" id=\"image_1675794314\">\n\t\t\t\t\t\t\t\t<div class=\"img-inner dark\" >\n\t\t\t<img loading=\"lazy\" decoding=\"async\" width=\"1020\" height=\"728\" src=\"https:\/\/www.telaled.com\/wp-content\/uploads\/2025\/09\/Embalagem-de-caixa-de-madeira-1024x731.jpg\" class=\"attachment-large size-large\" alt=\"Houten doos verpakking\" srcset=\"https:\/\/www.telaled.com\/wp-content\/uploads\/2025\/09\/Embalagem-de-caixa-de-madeira-1024x731.jpg 1024w, https:\/\/www.telaled.com\/wp-content\/uploads\/2025\/09\/Embalagem-de-caixa-de-madeira-300x214.jpg 300w, https:\/\/www.telaled.com\/wp-content\/uploads\/2025\/09\/Embalagem-de-caixa-de-madeira-768x549.jpg 768w, https:\/\/www.telaled.com\/wp-content\/uploads\/2025\/09\/Embalagem-de-caixa-de-madeira-18x12.jpg 18w, https:\/\/www.telaled.com\/wp-content\/uploads\/2025\/09\/Embalagem-de-caixa-de-madeira-600x429.jpg 600w, https:\/\/www.telaled.com\/wp-content\/uploads\/2025\/09\/Embalagem-de-caixa-de-madeira.jpg 1400w\" sizes=\"auto, (max-width: 1020px) 100vw, 1020px\" \/>\t\t\t\t\t\t\n\t\t\t\t\t<\/div>\n\t\t\t\t\t\t\t\t\n<style>\n#image_1675794314 {\n  width: 95%;\n}\n<\/style>\n\t<\/div>\n\t\n\n<table id=\"tablepress-52\" class=\"tablepress tablepress-id-52\">\n<thead>\n<tr class=\"row-1\">\n\t<th class=\"column-1\">Specificaties:<\/th><th class=\"column-2\">TCH-P4-S118<\/th>\n<\/tr>\n<\/thead>\n<tbody class=\"row-striping row-hover\">\n<tr class=\"row-2\">\n\t<td class=\"column-1\">Pixelpuntcompositie:<\/td><td class=\"column-2\">2121 (3-in-1)<\/td>\n<\/tr>\n<tr class=\"row-3\">\n\t<td class=\"column-1\">Pixelresolutie:<\/td><td class=\"column-2\">550*370<\/td>\n<\/tr>\n<tr class=\"row-4\">\n\t<td class=\"column-1\">Schermgrootte (mm):<\/td><td class=\"column-2\">2200*1480<\/td>\n<\/tr>\n<tr class=\"row-5\">\n\t<td class=\"column-1\">Weergavedichtheid:<\/td><td class=\"column-2\">62500 punten\/\u33a1<\/td>\n<\/tr>\n<tr class=\"row-6\">\n\t<td class=\"column-1\">Ideale kijkafstand (m):<\/td><td class=\"column-2\">4-100m<\/td>\n<\/tr>\n<tr class=\"row-7\">\n\t<td class=\"column-1\">Piekstroomverbruik:<\/td><td class=\"column-2\">800W\/\u33a1<\/td>\n<\/tr>\n<tr class=\"row-8\">\n\t<td class=\"column-1\">Scanmethode:<\/td><td class=\"column-2\">16 scans<\/td>\n<\/tr>\n<tr class=\"row-9\">\n\t<td class=\"column-1\">Helderheid: (CD\/\u33a1)<\/td><td class=\"column-2\">1600<\/td>\n<\/tr>\n<tr class=\"row-10\">\n\t<td class=\"column-1\">Perspectief:<\/td><td class=\"column-2\">H 360\u00b0 V 360\u00b0<\/td>\n<\/tr>\n<tr class=\"row-11\">\n\t<td class=\"column-1\">Bedrijfsspanning:<\/td><td class=\"column-2\">AC 220V\/100V\u00b115% 47~64HZ<\/td>\n<\/tr>\n<tr class=\"row-12\">\n\t<td class=\"column-1\">Voedingsspanning:<\/td><td class=\"column-2\">5V<\/td>\n<\/tr>\n<tr class=\"row-13\">\n\t<td class=\"column-1\">Omgevingstemperatuur van het systeem:<\/td><td class=\"column-2\">-20~60\u00b0C<\/td>\n<\/tr>\n<tr class=\"row-14\">\n\t<td class=\"column-1\">Het systeem werkt in een gematigde omgeving:<\/td><td class=\"column-2\">10%~90% UR<\/td>\n<\/tr>\n<tr class=\"row-15\">\n\t<td class=\"column-1\">Schermkleur:<\/td><td class=\"column-2\">16,7 miljoen<\/td>\n<\/tr>\n<tr class=\"row-16\">\n\t<td class=\"column-1\">Grijswaardenniveau:<\/td><td class=\"column-2\">16384<\/td>\n<\/tr>\n<tr class=\"row-17\">\n\t<td class=\"column-1\">Communicatiemethode:<\/td><td class=\"column-2\">Synchronisatie<\/td>\n<\/tr>\n<\/tbody>\n<\/table>\n\n\t\t<\/div>\n\t\t\t\t\t<\/div>\n\n\t\n<\/div>\n\t\t<\/div>\n\t\t\t\t\t<\/div>\n\n\t\n<\/div>","protected":false},"excerpt":{"rendered":"<p><strong>LED-boldisplay TCE-serie | Aangepaste bolvormige LED voor binnen- en buitenomgevingen<\/strong><\/p>\n<p>DE <em><strong>LED-boldisplay TCE-serie<\/strong><\/em> Het is een flexibele, gesloten LED-bol, ontworpen voor creatief gebruik in binnen- en buitenomgevingen. We bieden volledig aanpasbare opties in elke gewenste maat. <a href=\"https:\/\/www.telaled.com\/nl\/densidade-de-pixels-em-telas-de-led-e-lcd\/\">pixeldichtheid<\/a>, waarbij duurzaamheid gecombineerd wordt met een opvallend uiterlijk.<\/p>\n<p><strong>Belangrijkste kenmerken:<\/strong><\/p>\n<ul>\n<li><strong>Voor intern en extern gebruik:<\/strong> Ontworpen om in elke omgeving te functioneren.<\/li>\n<li><strong>Volledige aanpassing:<\/strong> elke beschikbare pixelgrootte en -dichtheid.<\/li>\n<li><strong>Flexibel en bolvormig oppervlak:<\/strong> Het zorgt voor aantrekkelijke en uniforme beelden.<\/li>\n<li><strong>Boeiende uitstraling:<\/strong> Ideaal voor creatieve installaties en opvallende presentaties.<\/li>\n<li><strong>Zeer nauwkeurige aluminium constructie:<\/strong> Lichtgewicht maar toch duurzaam voor stabiliteit op lange termijn.<\/li>\n<\/ul>\n<p>Wij bieden 24\/7 ondersteuning op afstand en 3 jaar garantie. Neem contact met ons op voor een offerte op maat.<\/p>","protected":false},"featured_media":3248,"template":"","meta":[],"product_brand":[],"product_cat":[48,40,44,46],"product_tag":[],"class_list":{"0":"post-3247","1":"product","2":"type-product","3":"status-publish","4":"has-post-thumbnail","6":"product_cat-paineis-personalizados","7":"product_cat-painel-de-led","8":"product_cat-painel-de-led-flexivel","9":"product_cat-painel-de-video","11":"first","12":"instock","13":"shipping-taxable","14":"product-type-simple"},"yoast_head":"<!-- This site is optimized with the Yoast SEO plugin v27.5 - https:\/\/yoast.com\/product\/yoast-seo-wordpress\/ -->\n<title>LED Sphere Display S\u00e9rie TCE | Telas LED Esf\u00e9ricas Personalizadas para Ambientes Internos e Externos | TELALED<\/title>\n<meta name=\"description\" content=\"LED Sphere Display S\u00e9rie TCE, dur\u00e1vel, leve e ideal para configura\u00e7\u00f5es criativas internas e externas. Solicite um or\u00e7amento hoje mesmo!\" \/>\n<meta name=\"robots\" content=\"index, follow, max-snippet:-1, max-image-preview:large, max-video-preview:-1\" \/>\n<link rel=\"canonical\" href=\"https:\/\/www.telaled.com\/nl\/fabrica\/led-sphere-display-serie-tce\/\" \/>\n<meta property=\"og:locale\" content=\"nl_NL\" \/>\n<meta property=\"og:type\" content=\"article\" \/>\n<meta property=\"og:title\" content=\"LED Sphere Display S\u00e9rie TCE | Telas LED Esf\u00e9ricas Personalizadas para Ambientes Internos e Externos | TELALED\" \/>\n<meta property=\"og:description\" content=\"LED Sphere Display S\u00e9rie TCE, dur\u00e1vel, leve e ideal para configura\u00e7\u00f5es criativas internas e externas. Solicite um or\u00e7amento hoje mesmo!\" \/>\n<meta property=\"og:url\" content=\"https:\/\/www.telaled.com\/nl\/fabrica\/led-sphere-display-serie-tce\/\" \/>\n<meta property=\"og:site_name\" content=\"TELALED\" \/>\n<meta property=\"article:modified_time\" content=\"2026-01-06T00:21:06+00:00\" \/>\n<meta property=\"og:image\" content=\"https:\/\/www.telaled.com\/wp-content\/uploads\/2025\/09\/led-sphere-display.webp\" \/>\n\t<meta property=\"og:image:width\" content=\"500\" \/>\n\t<meta property=\"og:image:height\" content=\"500\" \/>\n\t<meta property=\"og:image:type\" content=\"image\/webp\" \/>\n<meta name=\"twitter:card\" content=\"summary_large_image\" \/>\n<meta name=\"twitter:label1\" content=\"Geschatte leestijd\" \/>\n\t<meta name=\"twitter:data1\" content=\"3 minuten\" \/>\n<script type=\"application\/ld+json\" class=\"yoast-schema-graph\">{\"@context\":\"https:\\\/\\\/schema.org\",\"@graph\":[{\"@type\":\"WebPage\",\"@id\":\"https:\\\/\\\/www.telaled.com\\\/fabrica\\\/led-sphere-display-serie-tce\\\/\",\"url\":\"https:\\\/\\\/www.telaled.com\\\/fabrica\\\/led-sphere-display-serie-tce\\\/\",\"name\":\"LED Sphere Display S\u00e9rie TCE | Telas LED Esf\u00e9ricas Personalizadas para Ambientes Internos e Externos | TELALED\",\"isPartOf\":{\"@id\":\"https:\\\/\\\/www.telaled.com\\\/#website\"},\"primaryImageOfPage\":{\"@id\":\"https:\\\/\\\/www.telaled.com\\\/fabrica\\\/led-sphere-display-serie-tce\\\/#primaryimage\"},\"image\":{\"@id\":\"https:\\\/\\\/www.telaled.com\\\/fabrica\\\/led-sphere-display-serie-tce\\\/#primaryimage\"},\"thumbnailUrl\":\"https:\\\/\\\/www.telaled.com\\\/wp-content\\\/uploads\\\/2025\\\/09\\\/led-sphere-display.webp\",\"datePublished\":\"2025-09-05T08:21:30+00:00\",\"dateModified\":\"2026-01-06T00:21:06+00:00\",\"description\":\"LED Sphere Display S\u00e9rie TCE, dur\u00e1vel, leve e ideal para configura\u00e7\u00f5es criativas internas e externas. Solicite um or\u00e7amento hoje mesmo!\",\"breadcrumb\":{\"@id\":\"https:\\\/\\\/www.telaled.com\\\/fabrica\\\/led-sphere-display-serie-tce\\\/#breadcrumb\"},\"inLanguage\":\"nl-NL\",\"potentialAction\":[{\"@type\":\"ReadAction\",\"target\":[\"https:\\\/\\\/www.telaled.com\\\/fabrica\\\/led-sphere-display-serie-tce\\\/\"]}]},{\"@type\":\"ImageObject\",\"inLanguage\":\"nl-NL\",\"@id\":\"https:\\\/\\\/www.telaled.com\\\/fabrica\\\/led-sphere-display-serie-tce\\\/#primaryimage\",\"url\":\"https:\\\/\\\/www.telaled.com\\\/wp-content\\\/uploads\\\/2025\\\/09\\\/led-sphere-display.webp\",\"contentUrl\":\"https:\\\/\\\/www.telaled.com\\\/wp-content\\\/uploads\\\/2025\\\/09\\\/led-sphere-display.webp\",\"width\":500,\"height\":500,\"caption\":\"led-sphere-display\"},{\"@type\":\"BreadcrumbList\",\"@id\":\"https:\\\/\\\/www.telaled.com\\\/fabrica\\\/led-sphere-display-serie-tce\\\/#breadcrumb\",\"itemListElement\":[{\"@type\":\"ListItem\",\"position\":1,\"name\":\"Home\",\"item\":\"https:\\\/\\\/www.telaled.com\\\/\"},{\"@type\":\"ListItem\",\"position\":2,\"name\":\"Produtos\",\"item\":\"https:\\\/\\\/www.telaled.com\\\/shop\\\/\"},{\"@type\":\"ListItem\",\"position\":3,\"name\":\"LED Sphere Display S\u00e9rie TCE\"}]},{\"@type\":\"WebSite\",\"@id\":\"https:\\\/\\\/www.telaled.com\\\/#website\",\"url\":\"https:\\\/\\\/www.telaled.com\\\/\",\"name\":\"TELALED\",\"description\":\"\",\"potentialAction\":[{\"@type\":\"SearchAction\",\"target\":{\"@type\":\"EntryPoint\",\"urlTemplate\":\"https:\\\/\\\/www.telaled.com\\\/?s={search_term_string}\"},\"query-input\":{\"@type\":\"PropertyValueSpecification\",\"valueRequired\":true,\"valueName\":\"search_term_string\"}}],\"inLanguage\":\"nl-NL\"}]}<\/script>\n<!-- \/ Yoast SEO plugin. -->","yoast_head_json":{"title":"LED-bolvormige displays TCE-serie | Aangepaste bolvormige LED-displays voor binnen- en buitenomgevingen | TELALED","description":"De TCE-serie LED-boldisplay is duurzaam, lichtgewicht en ideaal voor creatieve opstellingen binnen en buiten. Vraag vandaag nog een offerte aan!","robots":{"index":"index","follow":"follow","max-snippet":"max-snippet:-1","max-image-preview":"max-image-preview:large","max-video-preview":"max-video-preview:-1"},"canonical":"https:\/\/www.telaled.com\/nl\/fabrica\/led-sphere-display-serie-tce\/","og_locale":"nl_NL","og_type":"article","og_title":"LED Sphere Display S\u00e9rie TCE | Telas LED Esf\u00e9ricas Personalizadas para Ambientes Internos e Externos | TELALED","og_description":"LED Sphere Display S\u00e9rie TCE, dur\u00e1vel, leve e ideal para configura\u00e7\u00f5es criativas internas e externas. Solicite um or\u00e7amento hoje mesmo!","og_url":"https:\/\/www.telaled.com\/nl\/fabrica\/led-sphere-display-serie-tce\/","og_site_name":"TELALED","article_modified_time":"2026-01-06T00:21:06+00:00","og_image":[{"width":500,"height":500,"url":"https:\/\/www.telaled.com\/wp-content\/uploads\/2025\/09\/led-sphere-display.webp","type":"image\/webp"}],"twitter_card":"summary_large_image","twitter_misc":{"Geschatte leestijd":"3 minuten"},"schema":{"@context":"https:\/\/schema.org","@graph":[{"@type":"WebPage","@id":"https:\/\/www.telaled.com\/fabrica\/led-sphere-display-serie-tce\/","url":"https:\/\/www.telaled.com\/fabrica\/led-sphere-display-serie-tce\/","name":"LED-bolvormige displays TCE-serie | Aangepaste bolvormige LED-displays voor binnen- en buitenomgevingen | TELALED","isPartOf":{"@id":"https:\/\/www.telaled.com\/#website"},"primaryImageOfPage":{"@id":"https:\/\/www.telaled.com\/fabrica\/led-sphere-display-serie-tce\/#primaryimage"},"image":{"@id":"https:\/\/www.telaled.com\/fabrica\/led-sphere-display-serie-tce\/#primaryimage"},"thumbnailUrl":"https:\/\/www.telaled.com\/wp-content\/uploads\/2025\/09\/led-sphere-display.webp","datePublished":"2025-09-05T08:21:30+00:00","dateModified":"2026-01-06T00:21:06+00:00","description":"De TCE-serie LED-boldisplay is duurzaam, lichtgewicht en ideaal voor creatieve opstellingen binnen en buiten. Vraag vandaag nog een offerte aan!","breadcrumb":{"@id":"https:\/\/www.telaled.com\/fabrica\/led-sphere-display-serie-tce\/#breadcrumb"},"inLanguage":"nl-NL","potentialAction":[{"@type":"ReadAction","target":["https:\/\/www.telaled.com\/fabrica\/led-sphere-display-serie-tce\/"]}]},{"@type":"ImageObject","inLanguage":"nl-NL","@id":"https:\/\/www.telaled.com\/fabrica\/led-sphere-display-serie-tce\/#primaryimage","url":"https:\/\/www.telaled.com\/wp-content\/uploads\/2025\/09\/led-sphere-display.webp","contentUrl":"https:\/\/www.telaled.com\/wp-content\/uploads\/2025\/09\/led-sphere-display.webp","width":500,"height":500,"caption":"led-sphere-display"},{"@type":"BreadcrumbList","@id":"https:\/\/www.telaled.com\/fabrica\/led-sphere-display-serie-tce\/#breadcrumb","itemListElement":[{"@type":"ListItem","position":1,"name":"Home","item":"https:\/\/www.telaled.com\/"},{"@type":"ListItem","position":2,"name":"Produtos","item":"https:\/\/www.telaled.com\/shop\/"},{"@type":"ListItem","position":3,"name":"LED Sphere Display S\u00e9rie TCE"}]},{"@type":"WebSite","@id":"https:\/\/www.telaled.com\/#website","url":"https:\/\/www.telaled.com\/","name":"LED-scherm","description":"","potentialAction":[{"@type":"SearchAction","target":{"@type":"EntryPoint","urlTemplate":"https:\/\/www.telaled.com\/?s={search_term_string}"},"query-input":{"@type":"PropertyValueSpecification","valueRequired":true,"valueName":"search_term_string"}}],"inLanguage":"nl-NL"}]}},"_links":{"self":[{"href":"https:\/\/www.telaled.com\/nl\/wp-json\/wp\/v2\/product\/3247","targetHints":{"allow":["GET"]}}],"collection":[{"href":"https:\/\/www.telaled.com\/nl\/wp-json\/wp\/v2\/product"}],"about":[{"href":"https:\/\/www.telaled.com\/nl\/wp-json\/wp\/v2\/types\/product"}],"wp:featuredmedia":[{"embeddable":true,"href":"https:\/\/www.telaled.com\/nl\/wp-json\/wp\/v2\/media\/3248"}],"wp:attachment":[{"href":"https:\/\/www.telaled.com\/nl\/wp-json\/wp\/v2\/media?parent=3247"}],"wp:term":[{"taxonomy":"product_brand","embeddable":true,"href":"https:\/\/www.telaled.com\/nl\/wp-json\/wp\/v2\/product_brand?post=3247"},{"taxonomy":"product_cat","embeddable":true,"href":"https:\/\/www.telaled.com\/nl\/wp-json\/wp\/v2\/product_cat?post=3247"},{"taxonomy":"product_tag","embeddable":true,"href":"https:\/\/www.telaled.com\/nl\/wp-json\/wp\/v2\/product_tag?post=3247"}],"curies":[{"name":"wp","href":"https:\/\/api.w.org\/{rel}","templated":true}]}}