{"id":3162,"date":"2025-08-27T09:40:42","date_gmt":"2025-08-27T09:40:42","guid":{"rendered":"https:\/\/www.telaled.com\/?post_type=product&#038;p=3162"},"modified":"2026-01-05T08:55:31","modified_gmt":"2026-01-05T08:55:31","slug":"telas-oled-transparentes-serie-thu","status":"publish","type":"product","link":"https:\/\/www.telaled.com\/nl\/fabrica\/telas-oled-transparentes-serie-thu\/","title":{"rendered":"Transparante OLED-schermen THU-serie"},"content":{"rendered":"<div class=\"row\"  id=\"row-1855697674\">\n\n\t<div id=\"col-1745389883\" class=\"col small-12 large-12\"  >\n\t\t\t\t<div class=\"col-inner\"  >\n\t\t\t\n\t\t\t\n<h2>Exclusieve voordelen van transparante OLED-schermen uit de THU-serie<\/h2>\n<h3><strong>Superieure duurzaamheid<\/strong><\/h3>\n<ul>\n<li>Gehard frontglas: Biedt uitzonderlijke bescherming tegen stoten en trillingen, zodat het scherm bestand is tegen externe schokken en trillingen.<\/li>\n<li>Robuust ontwerp: ontworpen om zware omstandigheden te weerstaan, waardoor het geschikt is voor zowel binnen- als buitengebruik.<\/li>\n<li>Weinig onderhoud: zelflichtende OLED-technologie vermindert de behoefte aan frequent onderhoud en biedt een oplossing die lang meegaat.<\/li>\n<\/ul>\n<h3><strong>Uitzonderlijke visuele kwaliteit<\/strong><\/h3>\n<ul>\n<li>High Definition: een resolutie van 1920 x 1080 pixels en een beeldverhouding van 16:9 zorgen voor scherpe beelden en levendige kleuren.<\/li>\n<li>Diepe zwarttinten en hoog contrast: OLED-technologie zorgt voor rijke zwarttinten en een hoog contrast voor een betere beeldkwaliteit.<\/li>\n<li>Brede kijkhoeken: Behoudt uitzonderlijke kleurnauwkeurigheid en beeldhelderheid, zelfs vanuit verschillende hoeken.<\/li>\n<li>Naadloze integratie: de hoge transmissie van de 38% zorgt ervoor dat de content naadloos overgaat in de objecten achter het scherm, voor een meeslepende visuele ervaring.<\/li>\n<\/ul>\n<h3><strong>Volledige aanpassingsvermogen<\/strong><\/h3>\n<ul>\n<li>Aanpasbaar ontwerp: biedt flexibiliteit in schermformaat en configuraties met meerdere schermen om aan uiteenlopende behoeften te voldoen.<\/li>\n<li>Modulaire integratie: eenvoudig te integreren in verschillende omgevingen, zoals de detailhandel, transport en creatieve installaties.<\/li>\n<li>Dynamische functies: Ondersteunt beeldrotatie, lusweergave en getimede weergave voor veelzijdige presentaties.<\/li>\n<li>Flexibele inhoudsformaten: kunnen worden aangepast aan een breed scala aan inhoudstypen, waardoor de betrokkenheid van gebruikers in meerdere omgevingen wordt verbeterd.<\/li>\n<\/ul>\n<h3><strong>Uitgebreide ondersteuning<\/strong><\/h3>\n<ul>\n<li>24\/7 technische ondersteuning op afstand: Krijg altijd en overal toegang tot deskundige hulp.<\/li>\n<li>5% aan reserveonderdelen inbegrepen: Elke bestelling omvat extra componenten om de betrouwbaarheid te vergroten en u gemoedsrust te bieden.<\/li>\n<li>3 jaar uitgebreide garantie: profiteer van langdurige convergentie voor betere prestaties en betrouwbare service.<\/li>\n<\/ul>\n<h2>Productdetails<\/h2>\n<div class=\"row\"  id=\"row-2017689677\">\n\n\t<div id=\"col-2073148867\" class=\"col medium-10 small-12 large-10\"  >\n\t\t\t\t<div class=\"col-inner text-left\"  >\n\t\t\t\n\t\t\t\n<ul>\n<li>Het is voorzien van Optical Bonding-technologie, waardoor het perfect is voor sectoren die hoogwaardige displayoplossingen nodig hebben. Deze geavanceerde technologie vermindert schittering, verhoogt de helderheid en scherpte en verlengt de duurzaamheid van het display. Het verbetert ook de kijkhoeken voor een superieure kijkervaring.<\/li>\n<\/ul>\n\t<div class=\"img has-hover x md-x lg-x y md-y lg-y\" id=\"image_1423741056\">\n\t\t\t\t\t\t\t\t<div class=\"img-inner dark\" >\n\t\t\t<img loading=\"lazy\" decoding=\"async\" width=\"1000\" height=\"400\" src=\"https:\/\/www.telaled.com\/wp-content\/uploads\/2025\/08\/Tecnologia-de-colagem-optica.webp\" class=\"attachment-original size-original\" alt=\"Optische bondingtechnologie\" srcset=\"https:\/\/www.telaled.com\/wp-content\/uploads\/2025\/08\/Tecnologia-de-colagem-optica.webp 1000w, https:\/\/www.telaled.com\/wp-content\/uploads\/2025\/08\/Tecnologia-de-colagem-optica-300x120.webp 300w, https:\/\/www.telaled.com\/wp-content\/uploads\/2025\/08\/Tecnologia-de-colagem-optica-768x307.webp 768w, https:\/\/www.telaled.com\/wp-content\/uploads\/2025\/08\/Tecnologia-de-colagem-optica-18x7.webp 18w, https:\/\/www.telaled.com\/wp-content\/uploads\/2025\/08\/Tecnologia-de-colagem-optica-600x240.webp 600w\" sizes=\"auto, (max-width: 1000px) 100vw, 1000px\" \/>\t\t\t\t\t\t\n\t\t\t\t\t<\/div>\n\t\t\t\t\t\t\t\t\n<style>\n#image_1423741056 {\n  width: 95%;\n}\n<\/style>\n\t<\/div>\n\t\n<ul>\n<li>Het maakt gebruik van zelfverlichtende technologie voor levendige kleuren met een transmissie van 38%. Het combineert digitale content met echte objecten, die slechts vanuit \u00e9\u00e9n hoek zichtbaar zijn, met behoud van uitstekende beeldkwaliteit en brede kijkhoeken.<\/li>\n<\/ul>\n\t\t<\/div>\n\t\t\t\t\t<\/div>\n\n\t\n\n\t<div id=\"col-1129161292\" class=\"col medium-10 small-12 large-10\"  >\n\t\t\t\t<div class=\"col-inner text-left\"  >\n\t\t\t\n\t\t\t\n\t<div class=\"img has-hover x md-x lg-x y md-y lg-y\" id=\"image_2005936907\">\n\t\t\t\t\t\t\t\t<div class=\"img-inner dark\" >\n\t\t\t<img loading=\"lazy\" decoding=\"async\" width=\"989\" height=\"500\" src=\"https:\/\/www.telaled.com\/wp-content\/uploads\/2025\/08\/Alta-Transmitancia.webp\" class=\"attachment-large size-large\" alt=\"\" srcset=\"https:\/\/www.telaled.com\/wp-content\/uploads\/2025\/08\/Alta-Transmitancia.webp 989w, https:\/\/www.telaled.com\/wp-content\/uploads\/2025\/08\/Alta-Transmitancia-300x152.webp 300w, https:\/\/www.telaled.com\/wp-content\/uploads\/2025\/08\/Alta-Transmitancia-768x388.webp 768w, https:\/\/www.telaled.com\/wp-content\/uploads\/2025\/08\/Alta-Transmitancia-18x9.webp 18w, https:\/\/www.telaled.com\/wp-content\/uploads\/2025\/08\/Alta-Transmitancia-600x303.webp 600w\" sizes=\"auto, (max-width: 989px) 100vw, 989px\" \/>\t\t\t\t\t\t\n\t\t\t\t\t<\/div>\n\t\t\t\t\t\t\t\t\n<style>\n#image_2005936907 {\n  width: 95%;\n}\n<\/style>\n\t<\/div>\n\t\n<ul>\n<li>Het biedt een flexibele en schaalbare oplossing, waarmee u het scherm kunt aanpassen aan uw specifieke behoeften. Of het nu gaat om een specifieke grootte of een opstelling met meerdere schermen, deze aanpasbare monitor kan worden aangepast voor een dynamische en unieke visuele ervaring.<\/li>\n<\/ul>\n\t<div class=\"img has-hover x md-x lg-x y md-y lg-y\" id=\"image_1363628223\">\n\t\t\t\t\t\t\t\t<div class=\"img-inner dark\" >\n\t\t\t<img loading=\"lazy\" decoding=\"async\" width=\"1020\" height=\"592\" src=\"https:\/\/www.telaled.com\/wp-content\/uploads\/2025\/08\/Design-personalizavel-e-escalavel-1024x594.webp\" class=\"attachment-large size-large\" alt=\"Aanpasbaar en schaalbaar ontwerp\" srcset=\"https:\/\/www.telaled.com\/wp-content\/uploads\/2025\/08\/Design-personalizavel-e-escalavel-1024x594.webp 1024w, https:\/\/www.telaled.com\/wp-content\/uploads\/2025\/08\/Design-personalizavel-e-escalavel-300x174.webp 300w, https:\/\/www.telaled.com\/wp-content\/uploads\/2025\/08\/Design-personalizavel-e-escalavel-768x446.webp 768w, https:\/\/www.telaled.com\/wp-content\/uploads\/2025\/08\/Design-personalizavel-e-escalavel-18x10.webp 18w, https:\/\/www.telaled.com\/wp-content\/uploads\/2025\/08\/Design-personalizavel-e-escalavel-600x348.webp 600w, https:\/\/www.telaled.com\/wp-content\/uploads\/2025\/08\/Design-personalizavel-e-escalavel.webp 1034w\" sizes=\"auto, (max-width: 1020px) 100vw, 1020px\" \/>\t\t\t\t\t\t\n\t\t\t\t\t<\/div>\n\t\t\t\t\t\t\t\t\n<style>\n#image_1363628223 {\n  width: 95%;\n}\n<\/style>\n\t<\/div>\n\t\n\t\t<\/div>\n\t\t\t\t\t<\/div>\n\n\t\n\n\t<div id=\"col-199608634\" class=\"col medium-10 small-12 large-10\"  >\n\t\t\t\t<div class=\"col-inner text-left\"  >\n\t\t\t\n\t\t\t\n<ul>\n<li>De onze <a href=\"https:\/\/www.telaled.com\/nl\/?attachment_id=3175\">LED-displays<\/a> Ze worden zorgvuldig verpakt volgens hun specificaties en beoogde toepassing. Geassembleerde eenheden worden doorgaans verpakt in verstevigde houten kratten of stevige kartonnen dozen om hun integriteit tijdens transport te waarborgen. Ter bescherming tegen stof en andere mogelijke gevaren worden LED-modules verpakt in beschermende containers, wat duurzaamheid en veiligheid tijdens hantering en transport garandeert.<\/li>\n<\/ul>\n\t<div class=\"img has-hover x md-x lg-x y md-y lg-y\" id=\"image_129839816\">\n\t\t\t\t\t\t\t\t<div class=\"img-inner dark\" >\n\t\t\t<img loading=\"lazy\" decoding=\"async\" width=\"760\" height=\"1024\" src=\"https:\/\/www.telaled.com\/wp-content\/uploads\/2025\/08\/36123f2c-de60-488d-af81-255cd4aee54a-760x1024.webp\" class=\"attachment-large size-large\" alt=\"\" srcset=\"https:\/\/www.telaled.com\/wp-content\/uploads\/2025\/08\/36123f2c-de60-488d-af81-255cd4aee54a-760x1024.webp 760w, https:\/\/www.telaled.com\/wp-content\/uploads\/2025\/08\/36123f2c-de60-488d-af81-255cd4aee54a-223x300.webp 223w, https:\/\/www.telaled.com\/wp-content\/uploads\/2025\/08\/36123f2c-de60-488d-af81-255cd4aee54a-768x1035.webp 768w, https:\/\/www.telaled.com\/wp-content\/uploads\/2025\/08\/36123f2c-de60-488d-af81-255cd4aee54a-9x12.webp 9w, https:\/\/www.telaled.com\/wp-content\/uploads\/2025\/08\/36123f2c-de60-488d-af81-255cd4aee54a-600x808.webp 600w, https:\/\/www.telaled.com\/wp-content\/uploads\/2025\/08\/36123f2c-de60-488d-af81-255cd4aee54a.webp 795w\" sizes=\"auto, (max-width: 760px) 100vw, 760px\" \/>\t\t\t\t\t\t\n\t\t\t\t\t<\/div>\n\t\t\t\t\t\t\t\t\n<style>\n#image_129839816 {\n  width: 95%;\n}\n<\/style>\n\t<\/div>\n\t\n\t\t<\/div>\n\t\t\t\t\t<\/div>\n\n\t\n<\/div>\n\t\t<\/div>\n\t\t\t\t\t<\/div>\n\n\t\n<\/div>","protected":false},"excerpt":{"rendered":"<p><strong>Transparante OLED-schermen uit de THU-serie: onge\u00ebvenaarde helderheid en duurzaamheid<\/strong><\/p>\n<p>Schermen <strong><em>Transparante OLED&#039;s: De THI-serie<\/em> <\/strong>Het scherm biedt een innovatieve functie voor hoge helderheid, uitzonderlijke transparantie en bescherming door gehard glas. Dit geavanceerde scherm is perfect voor dynamische en vloeiende contentpresentaties in elke moderne ruimte.<\/p>\n<p><strong>Belangrijkste kenmerken:<\/strong><\/p>\n<ul>\n<li><strong>Uitzonderlijke transparantie:<\/strong> De 40%-transparantie zorgt voor een helder zicht achter de monitor, perfect voor het integreren van dynamische content.<\/li>\n<li><strong>Indrukwekkende beeldkwaliteit:<\/strong> oplossing <a href=\"https:\/\/www.telaled.com\/nl\/fabrica\/painel-led-full-hd-da-serie-the\/\">Full HD<\/a> 1920\u00d71080 met levendige kleuren en diepe zwarttinten.<\/li>\n<li><strong>Duurzaam en slagvast:<\/strong> 4 mm gehard glas voor extra duurzaamheid en slagvastheid.<\/li>\n<li><strong>Flexibiliteit van dynamische content:<\/strong> De functies omvatten onder meer naadloze samenvoeging, beeldrotatie en getimede weergave voor interactieve displays.<\/li>\n<\/ul>\n<p>Wij bieden 24\/7 ondersteuning op afstand en 3 jaar garantie. Neem contact met ons op voor een offerte op maat.<\/p>","protected":false},"featured_media":3166,"template":"","meta":[],"product_brand":[],"product_cat":[40,45],"product_tag":[],"class_list":{"0":"post-3162","1":"product","2":"type-product","3":"status-publish","4":"has-post-thumbnail","6":"product_cat-painel-de-led","7":"product_cat-painel-de-led-transparente","9":"first","10":"instock","11":"shipping-taxable","12":"product-type-simple"},"yoast_head":"<!-- This site is optimized with the Yoast SEO plugin v27.5 - https:\/\/yoast.com\/product\/yoast-seo-wordpress\/ -->\n<title>Telas OLED Transparentes\u200b S\u00e9rie THU | Exibi\u00e7\u00e3o de Alta Clareza e Durabilidade |TELALED<\/title>\n<meta name=\"description\" content=\"Telas OLED Transparentes\u200b S\u00e9rie THU com brilho excepcional, alta transpar\u00eancia e prote\u00e7\u00e3o em vidro temperado. Perfeitas para apresenta\u00e7\u00f5es de conte\u00fado din\u00e2micas e flex\u00edveis. Entre em contato para obter solu\u00e7\u00f5es.\" \/>\n<meta name=\"robots\" content=\"index, follow, max-snippet:-1, max-image-preview:large, max-video-preview:-1\" \/>\n<link rel=\"canonical\" href=\"https:\/\/www.telaled.com\/nl\/fabrica\/telas-oled-transparentes-serie-thu\/\" \/>\n<meta property=\"og:locale\" content=\"nl_NL\" \/>\n<meta property=\"og:type\" content=\"article\" \/>\n<meta property=\"og:title\" content=\"Telas OLED Transparentes\u200b S\u00e9rie THU | Exibi\u00e7\u00e3o de Alta Clareza e Durabilidade |TELALED\" \/>\n<meta property=\"og:description\" content=\"Telas OLED Transparentes\u200b S\u00e9rie THU com brilho excepcional, alta transpar\u00eancia e prote\u00e7\u00e3o em vidro temperado. Perfeitas para apresenta\u00e7\u00f5es de conte\u00fado din\u00e2micas e flex\u00edveis. Entre em contato para obter solu\u00e7\u00f5es.\" \/>\n<meta property=\"og:url\" content=\"https:\/\/www.telaled.com\/nl\/fabrica\/telas-oled-transparentes-serie-thu\/\" \/>\n<meta property=\"og:site_name\" content=\"TELALED\" \/>\n<meta property=\"article:modified_time\" content=\"2026-01-05T08:55:31+00:00\" \/>\n<meta property=\"og:image\" content=\"https:\/\/www.telaled.com\/wp-content\/uploads\/2025\/08\/telas-oled-transparentes_.jpg\" \/>\n\t<meta property=\"og:image:width\" content=\"500\" \/>\n\t<meta property=\"og:image:height\" content=\"500\" \/>\n\t<meta property=\"og:image:type\" content=\"image\/jpeg\" \/>\n<meta name=\"twitter:card\" content=\"summary_large_image\" \/>\n<meta name=\"twitter:label1\" content=\"Geschatte leestijd\" \/>\n\t<meta name=\"twitter:data1\" content=\"3 minuten\" \/>\n<script type=\"application\/ld+json\" class=\"yoast-schema-graph\">{\"@context\":\"https:\\\/\\\/schema.org\",\"@graph\":[{\"@type\":\"WebPage\",\"@id\":\"https:\\\/\\\/www.telaled.com\\\/fabrica\\\/telas-oled-transparentes-serie-thu\\\/\",\"url\":\"https:\\\/\\\/www.telaled.com\\\/fabrica\\\/telas-oled-transparentes-serie-thu\\\/\",\"name\":\"Telas OLED Transparentes\u200b S\u00e9rie THU | Exibi\u00e7\u00e3o de Alta Clareza e Durabilidade |TELALED\",\"isPartOf\":{\"@id\":\"https:\\\/\\\/www.telaled.com\\\/#website\"},\"primaryImageOfPage\":{\"@id\":\"https:\\\/\\\/www.telaled.com\\\/fabrica\\\/telas-oled-transparentes-serie-thu\\\/#primaryimage\"},\"image\":{\"@id\":\"https:\\\/\\\/www.telaled.com\\\/fabrica\\\/telas-oled-transparentes-serie-thu\\\/#primaryimage\"},\"thumbnailUrl\":\"https:\\\/\\\/www.telaled.com\\\/wp-content\\\/uploads\\\/2025\\\/08\\\/telas-oled-transparentes_.jpg\",\"datePublished\":\"2025-08-27T09:40:42+00:00\",\"dateModified\":\"2026-01-05T08:55:31+00:00\",\"description\":\"Telas OLED Transparentes\u200b S\u00e9rie THU com brilho excepcional, alta transpar\u00eancia e prote\u00e7\u00e3o em vidro temperado. Perfeitas para apresenta\u00e7\u00f5es de conte\u00fado din\u00e2micas e flex\u00edveis. Entre em contato para obter solu\u00e7\u00f5es.\",\"breadcrumb\":{\"@id\":\"https:\\\/\\\/www.telaled.com\\\/fabrica\\\/telas-oled-transparentes-serie-thu\\\/#breadcrumb\"},\"inLanguage\":\"nl-NL\",\"potentialAction\":[{\"@type\":\"ReadAction\",\"target\":[\"https:\\\/\\\/www.telaled.com\\\/fabrica\\\/telas-oled-transparentes-serie-thu\\\/\"]}]},{\"@type\":\"ImageObject\",\"inLanguage\":\"nl-NL\",\"@id\":\"https:\\\/\\\/www.telaled.com\\\/fabrica\\\/telas-oled-transparentes-serie-thu\\\/#primaryimage\",\"url\":\"https:\\\/\\\/www.telaled.com\\\/wp-content\\\/uploads\\\/2025\\\/08\\\/telas-oled-transparentes_.jpg\",\"contentUrl\":\"https:\\\/\\\/www.telaled.com\\\/wp-content\\\/uploads\\\/2025\\\/08\\\/telas-oled-transparentes_.jpg\",\"width\":500,\"height\":500,\"caption\":\"telas-oled-transparentes_\"},{\"@type\":\"BreadcrumbList\",\"@id\":\"https:\\\/\\\/www.telaled.com\\\/fabrica\\\/telas-oled-transparentes-serie-thu\\\/#breadcrumb\",\"itemListElement\":[{\"@type\":\"ListItem\",\"position\":1,\"name\":\"Home\",\"item\":\"https:\\\/\\\/www.telaled.com\\\/\"},{\"@type\":\"ListItem\",\"position\":2,\"name\":\"Produtos\",\"item\":\"https:\\\/\\\/www.telaled.com\\\/shop\\\/\"},{\"@type\":\"ListItem\",\"position\":3,\"name\":\"Telas OLED Transparentes\u200b S\u00e9rie THU\"}]},{\"@type\":\"WebSite\",\"@id\":\"https:\\\/\\\/www.telaled.com\\\/#website\",\"url\":\"https:\\\/\\\/www.telaled.com\\\/\",\"name\":\"TELALED\",\"description\":\"\",\"potentialAction\":[{\"@type\":\"SearchAction\",\"target\":{\"@type\":\"EntryPoint\",\"urlTemplate\":\"https:\\\/\\\/www.telaled.com\\\/?s={search_term_string}\"},\"query-input\":{\"@type\":\"PropertyValueSpecification\",\"valueRequired\":true,\"valueName\":\"search_term_string\"}}],\"inLanguage\":\"nl-NL\"}]}<\/script>\n<!-- \/ Yoast SEO plugin. -->","yoast_head_json":{"title":"Transparante OLED-schermen THU-serie | Hoge helderheid en duurzaam scherm | TELALED","description":"Transparante OLED-schermen uit de THU-serie bieden uitzonderlijke helderheid, hoge transparantie en bescherming met gehard glas. Perfect voor dynamische en flexibele contentpresentaties. Neem contact met ons op voor oplossingen.","robots":{"index":"index","follow":"follow","max-snippet":"max-snippet:-1","max-image-preview":"max-image-preview:large","max-video-preview":"max-video-preview:-1"},"canonical":"https:\/\/www.telaled.com\/nl\/fabrica\/telas-oled-transparentes-serie-thu\/","og_locale":"nl_NL","og_type":"article","og_title":"Telas OLED Transparentes\u200b S\u00e9rie THU | Exibi\u00e7\u00e3o de Alta Clareza e Durabilidade |TELALED","og_description":"Telas OLED Transparentes\u200b S\u00e9rie THU com brilho excepcional, alta transpar\u00eancia e prote\u00e7\u00e3o em vidro temperado. Perfeitas para apresenta\u00e7\u00f5es de conte\u00fado din\u00e2micas e flex\u00edveis. Entre em contato para obter solu\u00e7\u00f5es.","og_url":"https:\/\/www.telaled.com\/nl\/fabrica\/telas-oled-transparentes-serie-thu\/","og_site_name":"TELALED","article_modified_time":"2026-01-05T08:55:31+00:00","og_image":[{"width":500,"height":500,"url":"https:\/\/www.telaled.com\/wp-content\/uploads\/2025\/08\/telas-oled-transparentes_.jpg","type":"image\/jpeg"}],"twitter_card":"summary_large_image","twitter_misc":{"Geschatte leestijd":"3 minuten"},"schema":{"@context":"https:\/\/schema.org","@graph":[{"@type":"WebPage","@id":"https:\/\/www.telaled.com\/fabrica\/telas-oled-transparentes-serie-thu\/","url":"https:\/\/www.telaled.com\/fabrica\/telas-oled-transparentes-serie-thu\/","name":"Transparante OLED-schermen THU-serie | Hoge helderheid en duurzaam scherm | TELALED","isPartOf":{"@id":"https:\/\/www.telaled.com\/#website"},"primaryImageOfPage":{"@id":"https:\/\/www.telaled.com\/fabrica\/telas-oled-transparentes-serie-thu\/#primaryimage"},"image":{"@id":"https:\/\/www.telaled.com\/fabrica\/telas-oled-transparentes-serie-thu\/#primaryimage"},"thumbnailUrl":"https:\/\/www.telaled.com\/wp-content\/uploads\/2025\/08\/telas-oled-transparentes_.jpg","datePublished":"2025-08-27T09:40:42+00:00","dateModified":"2026-01-05T08:55:31+00:00","description":"Transparante OLED-schermen uit de THU-serie bieden uitzonderlijke helderheid, hoge transparantie en bescherming met gehard glas. Perfect voor dynamische en flexibele contentpresentaties. Neem contact met ons op voor oplossingen.","breadcrumb":{"@id":"https:\/\/www.telaled.com\/fabrica\/telas-oled-transparentes-serie-thu\/#breadcrumb"},"inLanguage":"nl-NL","potentialAction":[{"@type":"ReadAction","target":["https:\/\/www.telaled.com\/fabrica\/telas-oled-transparentes-serie-thu\/"]}]},{"@type":"ImageObject","inLanguage":"nl-NL","@id":"https:\/\/www.telaled.com\/fabrica\/telas-oled-transparentes-serie-thu\/#primaryimage","url":"https:\/\/www.telaled.com\/wp-content\/uploads\/2025\/08\/telas-oled-transparentes_.jpg","contentUrl":"https:\/\/www.telaled.com\/wp-content\/uploads\/2025\/08\/telas-oled-transparentes_.jpg","width":500,"height":500,"caption":"telas-oled-transparentes_"},{"@type":"BreadcrumbList","@id":"https:\/\/www.telaled.com\/fabrica\/telas-oled-transparentes-serie-thu\/#breadcrumb","itemListElement":[{"@type":"ListItem","position":1,"name":"Home","item":"https:\/\/www.telaled.com\/"},{"@type":"ListItem","position":2,"name":"Produtos","item":"https:\/\/www.telaled.com\/shop\/"},{"@type":"ListItem","position":3,"name":"Telas OLED Transparentes\u200b S\u00e9rie THU"}]},{"@type":"WebSite","@id":"https:\/\/www.telaled.com\/#website","url":"https:\/\/www.telaled.com\/","name":"LED-scherm","description":"","potentialAction":[{"@type":"SearchAction","target":{"@type":"EntryPoint","urlTemplate":"https:\/\/www.telaled.com\/?s={search_term_string}"},"query-input":{"@type":"PropertyValueSpecification","valueRequired":true,"valueName":"search_term_string"}}],"inLanguage":"nl-NL"}]}},"_links":{"self":[{"href":"https:\/\/www.telaled.com\/nl\/wp-json\/wp\/v2\/product\/3162","targetHints":{"allow":["GET"]}}],"collection":[{"href":"https:\/\/www.telaled.com\/nl\/wp-json\/wp\/v2\/product"}],"about":[{"href":"https:\/\/www.telaled.com\/nl\/wp-json\/wp\/v2\/types\/product"}],"wp:featuredmedia":[{"embeddable":true,"href":"https:\/\/www.telaled.com\/nl\/wp-json\/wp\/v2\/media\/3166"}],"wp:attachment":[{"href":"https:\/\/www.telaled.com\/nl\/wp-json\/wp\/v2\/media?parent=3162"}],"wp:term":[{"taxonomy":"product_brand","embeddable":true,"href":"https:\/\/www.telaled.com\/nl\/wp-json\/wp\/v2\/product_brand?post=3162"},{"taxonomy":"product_cat","embeddable":true,"href":"https:\/\/www.telaled.com\/nl\/wp-json\/wp\/v2\/product_cat?post=3162"},{"taxonomy":"product_tag","embeddable":true,"href":"https:\/\/www.telaled.com\/nl\/wp-json\/wp\/v2\/product_tag?post=3162"}],"curies":[{"name":"wp","href":"https:\/\/api.w.org\/{rel}","templated":true}]}}