{"id":3006,"date":"2025-08-18T02:14:21","date_gmt":"2025-08-18T02:14:21","guid":{"rendered":"https:\/\/www.telaled.com\/?post_type=product&#038;p=3006"},"modified":"2026-01-05T06:20:04","modified_gmt":"2026-01-05T06:20:04","slug":"transparent-led-totem-serie-tte","status":"publish","type":"product","link":"https:\/\/www.telaled.com\/nl\/fabrica\/transparent-led-totem-serie-tte\/","title":{"rendered":"Transparante LED Totem TTE-serie"},"content":{"rendered":"<div class=\"row\"  id=\"row-1059094321\">\n\n\t<div id=\"col-195753853\" class=\"col small-12 large-12\"  >\n\t\t\t\t<div class=\"col-inner\"  >\n\t\t\t\n\t\t\t\n<h2>Exclusieve voordelen van het flexibele gordijn-LED-paneel uit de TTD-serie<\/h2>\n<h3><strong>Superieure duurzaamheid<\/strong><\/h3>\n<ul>\n<li>Frame van zeer sterk aluminium: stevige, lichte constructie die bestand is tegen buiging en fysieke belasting.<\/li>\n<li>Afgedichte LED-modules: bescherming tegen stof, vocht en slijtage door omgevingsinvloeden.<\/li>\n<li>Onderhoudsarm ontwerp: duurzame componenten beperken reparatiekosten en uitvaltijd.<\/li>\n<\/ul>\n<h3><strong>Uitzonderlijke visuele kwaliteit<\/strong><\/h3>\n<ul>\n<li>Ruime pixelafstandopties: (1,9 - 15,625 mm) Ondersteunt fijne details voor weergave van dichtbij en scherpe beelden voor weergave op afstand.<\/li>\n<li>Hoge helderheid tot wel 5000 nits: levert levendige beelden die zelfs bij fel omgevingslicht scherp blijven.<\/li>\n<li>Realistische kleurnauwkeurigheid: Geavanceerde LED-technologie garandeert rijke en consistente kleuren over het gehele scherm.<\/li>\n<\/ul>\n<h3><strong>Volledige aanpassingsvermogen<\/strong><\/h3>\n<ul>\n<li>Aanpasbare afmetingen: standaardpanelen van 1000 x 2000 x 5000 mm kunnen worden aangepast aan glazen wanden., <a href=\"https:\/\/www.telaled.com\/nl\/led-para-vitrine-de-loja\/\">etalages<\/a> of onregelmatige ruimtes.<\/li>\n<li>Geschikt voor binnen- en buitengebruik: de hoge glans en duurzame structuur maken het geschikt voor winkelcentra, tentoonstellingen, showrooms en buitengevels.<\/li>\n<li>Schaalbaar modulair ontwerp: panelen kunnen eenvoudig worden gecombineerd om kleine displays of grote reclamewanden te cre\u00ebren.<\/li>\n<\/ul>\n<h3><strong>Uitgebreide ondersteuning<\/strong><\/h3>\n<ul>\n<li>24\/7 technische ondersteuning op afstand: Krijg altijd en overal toegang tot deskundige hulp.<\/li>\n<li>5% aan reserveonderdelen inbegrepen: Elke bestelling omvat extra componenten om de betrouwbaarheid te vergroten en u gemoedsrust te bieden.<\/li>\n<li>3 jaar uitgebreide garantie: profiteer van langdurige convergentie voor betere prestaties en betrouwbare service.<\/li>\n<\/ul>\n<h2>Productdetails<\/h2>\n<div class=\"row\"  id=\"row-1537873894\">\n\n\t<div id=\"col-735277763\" class=\"col medium-10 small-12 large-10\"  >\n\t\t\t\t<div class=\"col-inner text-left\"  >\n\t\t\t\n\t\t\t\n<ul>\n<li>De TTE Transparent LED Totem-serie is voorzien van een slank aluminium frame, ge\u00efntegreerde LED-strips, een verborgen voedingsdoos en een stabiele standaard. Hierdoor is de TTE Transparent LED Totem-serie een duurzame en eenvoudig te onderhouden displayoplossing.<\/li>\n<\/ul>\n\t<div class=\"img has-hover x md-x lg-x y md-y lg-y\" id=\"image_1773504493\">\n\t\t\t\t\t\t\t\t<div class=\"img-inner dark\" >\n\t\t\t<img loading=\"lazy\" decoding=\"async\" width=\"666\" height=\"337\" src=\"https:\/\/www.telaled.com\/wp-content\/uploads\/2025\/08\/Totem-LED-Transparente-Serie-TTE-Construcao.webp\" class=\"attachment-original size-original\" alt=\"Transparante LED Totem TTE-serie constructie\" srcset=\"https:\/\/www.telaled.com\/wp-content\/uploads\/2025\/08\/Totem-LED-Transparente-Serie-TTE-Construcao.webp 666w, https:\/\/www.telaled.com\/wp-content\/uploads\/2025\/08\/Totem-LED-Transparente-Serie-TTE-Construcao-300x152.webp 300w, https:\/\/www.telaled.com\/wp-content\/uploads\/2025\/08\/Totem-LED-Transparente-Serie-TTE-Construcao-18x9.webp 18w, https:\/\/www.telaled.com\/wp-content\/uploads\/2025\/08\/Totem-LED-Transparente-Serie-TTE-Construcao-600x304.webp 600w\" sizes=\"auto, (max-width: 666px) 100vw, 666px\" \/>\t\t\t\t\t\t\n\t\t\t\t\t<\/div>\n\t\t\t\t\t\t\t\t\n<style>\n#image_1773504493 {\n  width: 95%;\n}\n<\/style>\n\t<\/div>\n\t\n\t\t<\/div>\n\t\t\t\t\t<\/div>\n\n\t\n\n\t<div id=\"col-1185881212\" class=\"col medium-10 small-12 large-10\"  >\n\t\t\t\t<div class=\"col-inner text-left\"  >\n\t\t\t\n\t\t\t\n<ul>\n<li>Transformeert glas tot levendige digitale bewegwijzering, met behoud van natuurlijk licht en zichtbaarheid. Perfect voor winkels en showrooms, het benadrukt uw merk, trekt klanten aan en houdt ruimtes open en uitnodigend.<\/li>\n<\/ul>\n\t<div class=\"img has-hover x md-x lg-x y md-y lg-y\" id=\"image_1695690412\">\n\t\t\t\t\t\t\t\t<div class=\"img-inner dark\" >\n\t\t\t<img loading=\"lazy\" decoding=\"async\" width=\"1020\" height=\"588\" src=\"https:\/\/www.telaled.com\/wp-content\/uploads\/2025\/08\/Exibicao-de-vitrine-exclusiva-1024x590.webp\" class=\"attachment-large size-large\" alt=\"Exclusieve vitrine-display\" srcset=\"https:\/\/www.telaled.com\/wp-content\/uploads\/2025\/08\/Exibicao-de-vitrine-exclusiva-1024x590.webp 1024w, https:\/\/www.telaled.com\/wp-content\/uploads\/2025\/08\/Exibicao-de-vitrine-exclusiva-300x173.webp 300w, https:\/\/www.telaled.com\/wp-content\/uploads\/2025\/08\/Exibicao-de-vitrine-exclusiva-768x442.webp 768w, https:\/\/www.telaled.com\/wp-content\/uploads\/2025\/08\/Exibicao-de-vitrine-exclusiva-18x10.webp 18w, https:\/\/www.telaled.com\/wp-content\/uploads\/2025\/08\/Exibicao-de-vitrine-exclusiva-600x345.webp 600w, https:\/\/www.telaled.com\/wp-content\/uploads\/2025\/08\/Exibicao-de-vitrine-exclusiva.webp 1129w\" sizes=\"auto, (max-width: 1020px) 100vw, 1020px\" \/>\t\t\t\t\t\t\n\t\t\t\t\t<\/div>\n\t\t\t\t\t\t\t\t\n<style>\n#image_1695690412 {\n  width: 95%;\n}\n<\/style>\n\t<\/div>\n\t\n<ul>\n<li>Met een breed kijkbereik van 160\u00b0 levert de monitor scherpe beelden vanuit verschillende posities. U kunt content bekijken zonder kleurvervorming of verlies van helderheid, met behoud van levendige kleuren en een scherpe beeldkwaliteit.<\/li>\n<\/ul>\n\t<div class=\"img has-hover x md-x lg-x y md-y lg-y\" id=\"image_229271866\">\n\t\t\t\t\t\t\t\t<div class=\"img-inner dark\" >\n\t\t\t<img loading=\"lazy\" decoding=\"async\" width=\"1000\" height=\"626\" src=\"https:\/\/www.telaled.com\/wp-content\/uploads\/2025\/08\/Angulo-de-visao-mais-amplo.webp\" class=\"attachment-large size-large\" alt=\"\" srcset=\"https:\/\/www.telaled.com\/wp-content\/uploads\/2025\/08\/Angulo-de-visao-mais-amplo.webp 1000w, https:\/\/www.telaled.com\/wp-content\/uploads\/2025\/08\/Angulo-de-visao-mais-amplo-300x188.webp 300w, https:\/\/www.telaled.com\/wp-content\/uploads\/2025\/08\/Angulo-de-visao-mais-amplo-768x481.webp 768w, https:\/\/www.telaled.com\/wp-content\/uploads\/2025\/08\/Angulo-de-visao-mais-amplo-18x12.webp 18w, https:\/\/www.telaled.com\/wp-content\/uploads\/2025\/08\/Angulo-de-visao-mais-amplo-600x376.webp 600w\" sizes=\"auto, (max-width: 1000px) 100vw, 1000px\" \/>\t\t\t\t\t\t\n\t\t\t\t\t<\/div>\n\t\t\t\t\t\t\t\t\n<style>\n#image_229271866 {\n  width: 95%;\n}\n<\/style>\n\t<\/div>\n\t\n<ul>\n<li>Het kan worden ge\u00efnstalleerd als vloerstandaard met een vaste of mobiele voet, hangend, dubbelzijdig of cascade-achtig. Het aanpasbare ontwerp maakt het geschikt voor diverse evenementconfiguraties en toepassingen.<\/li>\n<\/ul>\n\t<div class=\"img has-hover x md-x lg-x y md-y lg-y\" id=\"image_740857619\">\n\t\t\t\t\t\t\t\t<div class=\"img-inner dark\" >\n\t\t\t<img loading=\"lazy\" decoding=\"async\" width=\"1000\" height=\"626\" src=\"https:\/\/www.telaled.com\/wp-content\/uploads\/2025\/08\/Varias-opcoes-de-instalacao.jpg\" class=\"attachment-large size-large\" alt=\"\" srcset=\"https:\/\/www.telaled.com\/wp-content\/uploads\/2025\/08\/Varias-opcoes-de-instalacao.jpg 1000w, https:\/\/www.telaled.com\/wp-content\/uploads\/2025\/08\/Varias-opcoes-de-instalacao-300x188.jpg 300w, https:\/\/www.telaled.com\/wp-content\/uploads\/2025\/08\/Varias-opcoes-de-instalacao-768x481.jpg 768w, https:\/\/www.telaled.com\/wp-content\/uploads\/2025\/08\/Varias-opcoes-de-instalacao-18x12.jpg 18w, https:\/\/www.telaled.com\/wp-content\/uploads\/2025\/08\/Varias-opcoes-de-instalacao-600x376.jpg 600w\" sizes=\"auto, (max-width: 1000px) 100vw, 1000px\" \/>\t\t\t\t\t\t\n\t\t\t\t\t<\/div>\n\t\t\t\t\t\t\t\t\n<style>\n#image_740857619 {\n  width: 100%;\n}\n<\/style>\n\t<\/div>\n\t\n\t\t<\/div>\n\t\t\t\t\t<\/div>\n\n\t\n\n\t<div id=\"col-1817499730\" class=\"col medium-10 small-12 large-10\"  >\n\t\t\t\t<div class=\"col-inner text-left\"  >\n\t\t\t\n\t\t\t\n<ul>\n<li>Jij <a href=\"https:\/\/www.telaled.com\/nl\/?attachment_id=3013\">LED-displays<\/a> Ze worden verpakt op basis van hun type en beoogde toepassing. Volledig geassembleerde units worden verpakt in houten kratten of verstevigde kartonnen dozen om stabiliteit tijdens transport te garanderen. LED-modules krijgen extra bescherming en worden vaak verpakt in verstevigde dozen of afgesloten kratten met extra houten frame, wat de veiligheid verhoogt.<\/li>\n<\/ul>\n\t<div class=\"img has-hover x md-x lg-x y md-y lg-y\" id=\"image_1969036352\">\n\t\t\t\t\t\t\t\t<div class=\"img-inner dark\" >\n\t\t\t<img loading=\"lazy\" decoding=\"async\" width=\"760\" height=\"1024\" src=\"https:\/\/www.telaled.com\/wp-content\/uploads\/2025\/06\/Embalagem-760x1024.webp\" class=\"attachment-large size-large\" alt=\"Verpakking\" srcset=\"https:\/\/www.telaled.com\/wp-content\/uploads\/2025\/06\/Embalagem-760x1024.webp 760w, https:\/\/www.telaled.com\/wp-content\/uploads\/2025\/06\/Embalagem-223x300.webp 223w, https:\/\/www.telaled.com\/wp-content\/uploads\/2025\/06\/Embalagem-768x1035.webp 768w, https:\/\/www.telaled.com\/wp-content\/uploads\/2025\/06\/Embalagem-9x12.webp 9w, https:\/\/www.telaled.com\/wp-content\/uploads\/2025\/06\/Embalagem-600x808.webp 600w, https:\/\/www.telaled.com\/wp-content\/uploads\/2025\/06\/Embalagem.webp 795w\" sizes=\"auto, (max-width: 760px) 100vw, 760px\" \/>\t\t\t\t\t\t\n\t\t\t\t\t<\/div>\n\t\t\t\t\t\t\t\t\n<style>\n#image_1969036352 {\n  width: 95%;\n}\n<\/style>\n\t<\/div>\n\t\n\t\t<\/div>\n\t\t\t\t\t<\/div>\n\n\t\n<\/div>\n\t\t<\/div>\n\t\t\t\t\t<\/div>\n\n\t\n\n\t<div id=\"col-1493862283\" class=\"col small-12 large-12\"  >\n\t\t\t\t<div class=\"col-inner\"  >\n\t\t\t\n\t\t\t\n<div class=\"row\"  id=\"row-158409269\">\n\n\t<div id=\"col-820718478\" class=\"col medium-10 small-12 large-10\"  >\n\t\t\t\t<div class=\"col-inner\"  >\n\t\t\t\n\t\t\t\n\n<table id=\"tablepress-62\" class=\"tablepress tablepress-id-62\">\n<thead>\n<tr class=\"row-1\">\n\t<th class=\"column-1\">Productmodel<\/th><th class=\"column-2\">TTE1<\/th><th class=\"column-3\">TTE 2<\/th><th class=\"column-4\">TTE 3<\/th><th class=\"column-5\">TTE 5<\/th><th class=\"column-6\">TTE 8<\/th><th class=\"column-7\">TTE 10<\/th><th class=\"column-8\">TTE 15<\/th>\n<\/tr>\n<\/thead>\n<tbody class=\"row-striping row-hover\">\n<tr class=\"row-2\">\n\t<td class=\"column-1\">Pixelgrootte (mm)<\/td><td class=\"column-2\">1.9*3.9<\/td><td class=\"column-3\">2.8*5.6<\/td><td class=\"column-4\">3.9*7.8<\/td><td class=\"column-5\">5.2*10.4<\/td><td class=\"column-6\">7.8*7.8<\/td><td class=\"column-7\">10.4*10.4<\/td><td class=\"column-8\">15.625*15.625<\/td>\n<\/tr>\n<tr class=\"row-3\">\n\t<td class=\"column-1\">Pixeldichtheid (dot\/m\u00b2)<\/td><td class=\"column-2\">129,034<\/td><td class=\"column-3\">61,952<\/td><td class=\"column-4\">32,768<\/td><td class=\"column-5\">18,432<\/td><td class=\"column-6\">16,384<\/td><td class=\"column-7\">9,216<\/td><td class=\"column-8\">4,096<\/td>\n<\/tr>\n<tr class=\"row-4\">\n\t<td class=\"column-1\">Moduleresolutie (punten)<\/td><td class=\"column-2\">256*16<\/td><td class=\"column-3\">176*22<\/td><td class=\"column-4\">128*16<\/td><td class=\"column-5\">128*16<\/td><td class=\"column-6\">64*16<\/td><td class=\"column-7\">48*12<\/td><td class=\"column-8\">32*8<\/td>\n<\/tr>\n<tr class=\"row-5\">\n\t<td class=\"column-1\">Kabinetsresolutie (punten)<\/td><td class=\"column-2\">504*128<\/td><td class=\"column-3\">352*88<\/td><td class=\"column-4\">256*64<\/td><td class=\"column-5\">256*64<\/td><td class=\"column-6\">128*64<\/td><td class=\"column-7\">96*48<\/td><td class=\"column-8\">64*32<\/td>\n<\/tr>\n<tr class=\"row-6\">\n\t<td class=\"column-1\">Transparantie<\/td><td class=\"column-2\">42%<\/td><td class=\"column-3\">45%<\/td><td class=\"column-4\">65%<\/td><td class=\"column-5\">65%<\/td><td class=\"column-6\">65%<\/td><td class=\"column-7\">75%<\/td><td class=\"column-8\">85%<\/td>\n<\/tr>\n<tr class=\"row-7\">\n\t<td class=\"column-1\">Helderheid (neten)<\/td><td class=\"column-2\">800~4,500<\/td><td class=\"column-3\">800~5,500<\/td><td class=\"column-4\">800~5,500<\/td><td class=\"column-5\">800~5,500<\/td><td class=\"column-6\">800~5,500<\/td><td class=\"column-7\">800~6,500<\/td><td class=\"column-8\">800~6,500<\/td>\n<\/tr>\n<tr class=\"row-8\">\n\t<td class=\"column-1\">Energievereisten<\/td><td class=\"column-2\">AC 220V\u00b110%; 50Hz<\/td><td class=\"column-3\">AC 220V\u00b110%; 50Hz<\/td><td class=\"column-4\">AC 220V\u00b110%; 50Hz<\/td><td class=\"column-5\">AC 220V\u00b110%; 50Hz<\/td><td class=\"column-6\">AC 220V\u00b110%; 50Hz<\/td><td class=\"column-7\">AC 220V\u00b110%; 50Hz<\/td><td class=\"column-8\">AC 220V\u00b110%; 50Hz<\/td>\n<\/tr>\n<tr class=\"row-9\">\n\t<td class=\"column-1\">Energieverbruik<\/td><td class=\"column-2\">Max: 800W\/m\u00b2; Gemiddeld: 260W\/m\u00b2<\/td><td class=\"column-3\">Max: 800W\/m\u00b2; Gemiddeld: 260W\/m\u00b2<\/td><td class=\"column-4\">Max: 800W\/m\u00b2; Gemiddeld: 260W\/m\u00b2<\/td><td class=\"column-5\">Max: 800W\/m\u00b2; Gemiddeld: 260W\/m\u00b2<\/td><td class=\"column-6\">Max: 800W\/m\u00b2; Gemiddeld: 260W\/m\u00b2<\/td><td class=\"column-7\">Max: 800W\/m\u00b2; Gemiddeld: 260W\/m\u00b2<\/td><td class=\"column-8\">Max: 800W\/m\u00b2; Gemiddeld: 260W\/m\u00b2<\/td>\n<\/tr>\n<tr class=\"row-10\">\n\t<td class=\"column-1\">Vernieuwingsfrequentie<\/td><td class=\"column-2\">1920\/3840Hz<\/td><td class=\"column-3\">1920\/3840Hz<\/td><td class=\"column-4\">1920\/3840Hz<\/td><td class=\"column-5\">1920\/3840Hz<\/td><td class=\"column-6\">1920\/3840Hz<\/td><td class=\"column-7\">1920\/3840Hz<\/td><td class=\"column-8\">1920\/3840Hz<\/td>\n<\/tr>\n<tr class=\"row-11\">\n\t<td class=\"column-1\">Werktemperatuur<\/td><td class=\"column-2\">-10\u00b0C~45\u00b0C<\/td><td class=\"column-3\">-10\u00b0C~45\u00b0C<\/td><td class=\"column-4\">-10\u00b0C~45\u00b0C<\/td><td class=\"column-5\">-10\u00b0C~45\u00b0C<\/td><td class=\"column-6\">-10\u00b0C~45\u00b0C<\/td><td class=\"column-7\">-10\u00b0C~45\u00b0C<\/td><td class=\"column-8\">-10\u00b0C~45\u00b0C<\/td>\n<\/tr>\n<tr class=\"row-12\">\n\t<td class=\"column-1\">Gewicht<\/td><td class=\"column-2\">Inclusief onderstel, 30 kg voor 2 m\u00b2 display of 45 kg voor 4 m\u00b2 display<\/td><td class=\"column-3\">Inclusief onderstel, 30 kg voor 2 m\u00b2 display of 45 kg voor 4 m\u00b2 display<\/td><td class=\"column-4\">Inclusief onderstel, 30 kg voor 2 m\u00b2 display of 45 kg voor 4 m\u00b2 display<\/td><td class=\"column-5\">Inclusief onderstel, 30 kg voor 2 m\u00b2 display of 45 kg voor 4 m\u00b2 display<\/td><td class=\"column-6\">Inclusief onderstel, 30 kg voor 2 m\u00b2 display of 45 kg voor 4 m\u00b2 display<\/td><td class=\"column-7\">Inclusief onderstel, 30 kg voor 2 m\u00b2 display of 45 kg voor 4 m\u00b2 display<\/td><td class=\"column-8\">Inclusief onderstel, 30 kg voor 2 m\u00b2 display of 45 kg voor 4 m\u00b2 display<\/td>\n<\/tr>\n<tr class=\"row-13\">\n\t<td class=\"column-1\">Schermgrootte<\/td><td class=\"column-2\">1000*2000*500mm<\/td><td class=\"column-3\">1000*2000*500mm<\/td><td class=\"column-4\">1000*2000*500mm<\/td><td class=\"column-5\">1000*2000*500mm<\/td><td class=\"column-6\">1000*2000*500mm<\/td><td class=\"column-7\">1000*2000*500mm<\/td><td class=\"column-8\"><\/td>\n<\/tr>\n<\/tbody>\n<\/table>\n<!-- #tablepress-62 from cache -->\n\t\t<\/div>\n\t\t\t\t\t<\/div>\n\n\t\n<\/div>\n\t\t<\/div>\n\t\t\t\t\t<\/div>\n\n\t\n<\/div>","protected":false},"excerpt":{"rendered":"<p><strong>Transparante LED Totem TTE-serie - Hoge helderheid en op maat gemaakte LED-oplossingen<\/strong><\/p>\n<p>DE <em><strong>Transparante LED Totem TTE-serie<\/strong><\/em> Het biedt heldere, scherpe beelden zonder het natuurlijke licht te blokkeren. Verkrijgbaar in pixelafstanden van 1,9 mm tot 15,625 mm en aanpasbare formaten, is het een draagbare en flexibele oplossing voor de detailhandel., <a href=\"https:\/\/www.telaled.com\/nl\/telao-de-led-para-eventos\/\">evenementen<\/a> en installatie op glazen wanden.<\/p>\n<p><strong>Belangrijkste kenmerken:<\/strong><\/p>\n<ul>\n<li><strong>Transparantiepercentage van 30% tot 85%:<\/strong> Het behoudt een helder zicht op het interieur en natuurlijke lichtinval, terwijl het tegelijkertijd heldere content weergeeft.<\/li>\n<li><strong>Pixelbereik (1,9 tot 15,625 mm):<\/strong> flexibele resolutieopties voor weergave in <a href=\"https:\/\/www.telaled.com\/nl\/painel-de-led-para-loja\/\">winkels<\/a> Detailopname van een winkel of een grootschalige buitenopname.<\/li>\n<li><strong>Hoge helderheid tot wel 5500 nits:<\/strong> Het garandeert een heldere zichtbaarheid, zelfs in direct zonlicht of fel verlichte omgevingen.<\/li>\n<\/ul>\n<p>Wij bieden 24\/7 ondersteuning op afstand en 3 jaar garantie. Neem vandaag nog contact met ons op voor een offerte op maat.<\/p>","protected":false},"featured_media":3007,"template":"","meta":[],"product_brand":[],"product_cat":[40,45,43],"product_tag":[],"class_list":{"0":"post-3006","1":"product","2":"type-product","3":"status-publish","4":"has-post-thumbnail","6":"product_cat-painel-de-led","7":"product_cat-painel-de-led-transparente","8":"product_cat-totem-de-led","10":"first","11":"instock","12":"shipping-taxable","13":"product-type-simple"},"yoast_head":"<!-- This site is optimized with the Yoast SEO plugin v27.5 - https:\/\/yoast.com\/product\/yoast-seo-wordpress\/ -->\n<title>Transparent LED Totem S\u00e9rie TTE | Solu\u00e7\u00e3o LED Port\u00e1til de Alta Transpar\u00eancia |TELALED<\/title>\n<meta name=\"description\" content=\"A Transparent LED Totem S\u00e9rie TTE foi criada para proporcionar brilho, clareza e instala\u00e7\u00f5es flex\u00edveis em espa\u00e7os de varejo, exposi\u00e7\u00f5es e comerciais. Ligue para n\u00f3s agora para obter um or\u00e7amento.\" \/>\n<meta name=\"robots\" content=\"index, follow, max-snippet:-1, max-image-preview:large, max-video-preview:-1\" \/>\n<link rel=\"canonical\" href=\"https:\/\/www.telaled.com\/nl\/fabrica\/transparent-led-totem-serie-tte\/\" \/>\n<meta property=\"og:locale\" content=\"nl_NL\" \/>\n<meta property=\"og:type\" content=\"article\" \/>\n<meta property=\"og:title\" content=\"Transparent LED Totem S\u00e9rie TTE | Solu\u00e7\u00e3o LED Port\u00e1til de Alta Transpar\u00eancia |TELALED\" \/>\n<meta property=\"og:description\" content=\"A Transparent LED Totem S\u00e9rie TTE foi criada para proporcionar brilho, clareza e instala\u00e7\u00f5es flex\u00edveis em espa\u00e7os de varejo, exposi\u00e7\u00f5es e comerciais. Ligue para n\u00f3s agora para obter um or\u00e7amento.\" \/>\n<meta property=\"og:url\" content=\"https:\/\/www.telaled.com\/nl\/fabrica\/transparent-led-totem-serie-tte\/\" \/>\n<meta property=\"og:site_name\" content=\"TELALED\" \/>\n<meta property=\"article:modified_time\" content=\"2026-01-05T06:20:04+00:00\" \/>\n<meta property=\"og:image\" content=\"https:\/\/www.telaled.com\/wp-content\/uploads\/2025\/08\/totem-de-led-transparente.webp\" \/>\n\t<meta property=\"og:image:width\" content=\"500\" \/>\n\t<meta property=\"og:image:height\" content=\"500\" \/>\n\t<meta property=\"og:image:type\" content=\"image\/webp\" \/>\n<meta name=\"twitter:card\" content=\"summary_large_image\" \/>\n<meta name=\"twitter:label1\" content=\"Geschatte leestijd\" \/>\n\t<meta name=\"twitter:data1\" content=\"3 minuten\" \/>\n<script type=\"application\/ld+json\" class=\"yoast-schema-graph\">{\"@context\":\"https:\\\/\\\/schema.org\",\"@graph\":[{\"@type\":\"WebPage\",\"@id\":\"https:\\\/\\\/www.telaled.com\\\/fabrica\\\/transparent-led-totem-serie-tte\\\/\",\"url\":\"https:\\\/\\\/www.telaled.com\\\/fabrica\\\/transparent-led-totem-serie-tte\\\/\",\"name\":\"Transparent LED Totem S\u00e9rie TTE | Solu\u00e7\u00e3o LED Port\u00e1til de Alta Transpar\u00eancia |TELALED\",\"isPartOf\":{\"@id\":\"https:\\\/\\\/www.telaled.com\\\/#website\"},\"primaryImageOfPage\":{\"@id\":\"https:\\\/\\\/www.telaled.com\\\/fabrica\\\/transparent-led-totem-serie-tte\\\/#primaryimage\"},\"image\":{\"@id\":\"https:\\\/\\\/www.telaled.com\\\/fabrica\\\/transparent-led-totem-serie-tte\\\/#primaryimage\"},\"thumbnailUrl\":\"https:\\\/\\\/www.telaled.com\\\/wp-content\\\/uploads\\\/2025\\\/08\\\/totem-de-led-transparente.webp\",\"datePublished\":\"2025-08-18T02:14:21+00:00\",\"dateModified\":\"2026-01-05T06:20:04+00:00\",\"description\":\"A Transparent LED Totem S\u00e9rie TTE foi criada para proporcionar brilho, clareza e instala\u00e7\u00f5es flex\u00edveis em espa\u00e7os de varejo, exposi\u00e7\u00f5es e comerciais. Ligue para n\u00f3s agora para obter um or\u00e7amento.\",\"breadcrumb\":{\"@id\":\"https:\\\/\\\/www.telaled.com\\\/fabrica\\\/transparent-led-totem-serie-tte\\\/#breadcrumb\"},\"inLanguage\":\"nl-NL\",\"potentialAction\":[{\"@type\":\"ReadAction\",\"target\":[\"https:\\\/\\\/www.telaled.com\\\/fabrica\\\/transparent-led-totem-serie-tte\\\/\"]}]},{\"@type\":\"ImageObject\",\"inLanguage\":\"nl-NL\",\"@id\":\"https:\\\/\\\/www.telaled.com\\\/fabrica\\\/transparent-led-totem-serie-tte\\\/#primaryimage\",\"url\":\"https:\\\/\\\/www.telaled.com\\\/wp-content\\\/uploads\\\/2025\\\/08\\\/totem-de-led-transparente.webp\",\"contentUrl\":\"https:\\\/\\\/www.telaled.com\\\/wp-content\\\/uploads\\\/2025\\\/08\\\/totem-de-led-transparente.webp\",\"width\":500,\"height\":500,\"caption\":\"totem-de-led-transparente\"},{\"@type\":\"BreadcrumbList\",\"@id\":\"https:\\\/\\\/www.telaled.com\\\/fabrica\\\/transparent-led-totem-serie-tte\\\/#breadcrumb\",\"itemListElement\":[{\"@type\":\"ListItem\",\"position\":1,\"name\":\"Home\",\"item\":\"https:\\\/\\\/www.telaled.com\\\/\"},{\"@type\":\"ListItem\",\"position\":2,\"name\":\"Produtos\",\"item\":\"https:\\\/\\\/www.telaled.com\\\/shop\\\/\"},{\"@type\":\"ListItem\",\"position\":3,\"name\":\"Transparent LED Totem S\u00e9rie TTE\"}]},{\"@type\":\"WebSite\",\"@id\":\"https:\\\/\\\/www.telaled.com\\\/#website\",\"url\":\"https:\\\/\\\/www.telaled.com\\\/\",\"name\":\"TELALED\",\"description\":\"\",\"potentialAction\":[{\"@type\":\"SearchAction\",\"target\":{\"@type\":\"EntryPoint\",\"urlTemplate\":\"https:\\\/\\\/www.telaled.com\\\/?s={search_term_string}\"},\"query-input\":{\"@type\":\"PropertyValueSpecification\",\"valueRequired\":true,\"valueName\":\"search_term_string\"}}],\"inLanguage\":\"nl-NL\"}]}<\/script>\n<!-- \/ Yoast SEO plugin. -->","yoast_head_json":{"title":"Transparante LED Totem TTE-serie | Draagbare LED-oplossing met hoge transparantie | TELALED","description":"De Transparent LED Totem TTE-serie is ontworpen voor helderheid, helderheid en flexibele installatiemogelijkheden in winkels, tentoonstellingsruimtes en commerci\u00eble ruimtes. Bel ons nu voor een offerte.","robots":{"index":"index","follow":"follow","max-snippet":"max-snippet:-1","max-image-preview":"max-image-preview:large","max-video-preview":"max-video-preview:-1"},"canonical":"https:\/\/www.telaled.com\/nl\/fabrica\/transparent-led-totem-serie-tte\/","og_locale":"nl_NL","og_type":"article","og_title":"Transparent LED Totem S\u00e9rie TTE | Solu\u00e7\u00e3o LED Port\u00e1til de Alta Transpar\u00eancia |TELALED","og_description":"A Transparent LED Totem S\u00e9rie TTE foi criada para proporcionar brilho, clareza e instala\u00e7\u00f5es flex\u00edveis em espa\u00e7os de varejo, exposi\u00e7\u00f5es e comerciais. Ligue para n\u00f3s agora para obter um or\u00e7amento.","og_url":"https:\/\/www.telaled.com\/nl\/fabrica\/transparent-led-totem-serie-tte\/","og_site_name":"TELALED","article_modified_time":"2026-01-05T06:20:04+00:00","og_image":[{"width":500,"height":500,"url":"https:\/\/www.telaled.com\/wp-content\/uploads\/2025\/08\/totem-de-led-transparente.webp","type":"image\/webp"}],"twitter_card":"summary_large_image","twitter_misc":{"Geschatte leestijd":"3 minuten"},"schema":{"@context":"https:\/\/schema.org","@graph":[{"@type":"WebPage","@id":"https:\/\/www.telaled.com\/fabrica\/transparent-led-totem-serie-tte\/","url":"https:\/\/www.telaled.com\/fabrica\/transparent-led-totem-serie-tte\/","name":"Transparante LED Totem TTE-serie | Draagbare LED-oplossing met hoge transparantie | TELALED","isPartOf":{"@id":"https:\/\/www.telaled.com\/#website"},"primaryImageOfPage":{"@id":"https:\/\/www.telaled.com\/fabrica\/transparent-led-totem-serie-tte\/#primaryimage"},"image":{"@id":"https:\/\/www.telaled.com\/fabrica\/transparent-led-totem-serie-tte\/#primaryimage"},"thumbnailUrl":"https:\/\/www.telaled.com\/wp-content\/uploads\/2025\/08\/totem-de-led-transparente.webp","datePublished":"2025-08-18T02:14:21+00:00","dateModified":"2026-01-05T06:20:04+00:00","description":"De Transparent LED Totem TTE-serie is ontworpen voor helderheid, helderheid en flexibele installatiemogelijkheden in winkels, tentoonstellingsruimtes en commerci\u00eble ruimtes. Bel ons nu voor een offerte.","breadcrumb":{"@id":"https:\/\/www.telaled.com\/fabrica\/transparent-led-totem-serie-tte\/#breadcrumb"},"inLanguage":"nl-NL","potentialAction":[{"@type":"ReadAction","target":["https:\/\/www.telaled.com\/fabrica\/transparent-led-totem-serie-tte\/"]}]},{"@type":"ImageObject","inLanguage":"nl-NL","@id":"https:\/\/www.telaled.com\/fabrica\/transparent-led-totem-serie-tte\/#primaryimage","url":"https:\/\/www.telaled.com\/wp-content\/uploads\/2025\/08\/totem-de-led-transparente.webp","contentUrl":"https:\/\/www.telaled.com\/wp-content\/uploads\/2025\/08\/totem-de-led-transparente.webp","width":500,"height":500,"caption":"totem-de-led-transparente"},{"@type":"BreadcrumbList","@id":"https:\/\/www.telaled.com\/fabrica\/transparent-led-totem-serie-tte\/#breadcrumb","itemListElement":[{"@type":"ListItem","position":1,"name":"Home","item":"https:\/\/www.telaled.com\/"},{"@type":"ListItem","position":2,"name":"Produtos","item":"https:\/\/www.telaled.com\/shop\/"},{"@type":"ListItem","position":3,"name":"Transparent LED Totem S\u00e9rie TTE"}]},{"@type":"WebSite","@id":"https:\/\/www.telaled.com\/#website","url":"https:\/\/www.telaled.com\/","name":"LED-scherm","description":"","potentialAction":[{"@type":"SearchAction","target":{"@type":"EntryPoint","urlTemplate":"https:\/\/www.telaled.com\/?s={search_term_string}"},"query-input":{"@type":"PropertyValueSpecification","valueRequired":true,"valueName":"search_term_string"}}],"inLanguage":"nl-NL"}]}},"_links":{"self":[{"href":"https:\/\/www.telaled.com\/nl\/wp-json\/wp\/v2\/product\/3006","targetHints":{"allow":["GET"]}}],"collection":[{"href":"https:\/\/www.telaled.com\/nl\/wp-json\/wp\/v2\/product"}],"about":[{"href":"https:\/\/www.telaled.com\/nl\/wp-json\/wp\/v2\/types\/product"}],"wp:featuredmedia":[{"embeddable":true,"href":"https:\/\/www.telaled.com\/nl\/wp-json\/wp\/v2\/media\/3007"}],"wp:attachment":[{"href":"https:\/\/www.telaled.com\/nl\/wp-json\/wp\/v2\/media?parent=3006"}],"wp:term":[{"taxonomy":"product_brand","embeddable":true,"href":"https:\/\/www.telaled.com\/nl\/wp-json\/wp\/v2\/product_brand?post=3006"},{"taxonomy":"product_cat","embeddable":true,"href":"https:\/\/www.telaled.com\/nl\/wp-json\/wp\/v2\/product_cat?post=3006"},{"taxonomy":"product_tag","embeddable":true,"href":"https:\/\/www.telaled.com\/nl\/wp-json\/wp\/v2\/product_tag?post=3006"}],"curies":[{"name":"wp","href":"https:\/\/api.w.org\/{rel}","templated":true}]}}