{"id":2924,"date":"2025-08-11T09:00:34","date_gmt":"2025-08-11T09:00:34","guid":{"rendered":"https:\/\/www.telaled.com\/?post_type=product&#038;p=2924"},"modified":"2025-12-26T03:44:21","modified_gmt":"2025-12-26T03:44:21","slug":"painel-de-led-transparente-serie-tta","status":"publish","type":"product","link":"https:\/\/www.telaled.com\/nl\/fabrica\/painel-de-led-transparente-serie-tta\/","title":{"rendered":"TTA-serie transparant LED-paneel"},"content":{"rendered":"<div class=\"row\"  id=\"row-738348358\">\n\n\t<div id=\"col-232630862\" class=\"col small-12 large-12\"  >\n\t\t\t\t<div class=\"col-inner\"  >\n\t\t\t\n\t\t\t\n<h2>Exclusieve voordelen van het transparante LED-paneel uit de TTA-serie<\/h2>\n<h3><strong>Superieure duurzaamheid<\/strong><\/h3>\n<ul>\n<li>Robuust aluminium frame: Het lichtgewicht, duurzame aluminium frame garandeert de structurele integriteit en is tegelijkertijd eenvoudig te hanteren en te installeren.<\/li>\n<li>Modulaire LED-modules (500\u00d7125 mm): Elke module is ontworpen voor naadloze integratie en biedt een pixelgrootte van 3,91 mm voor consistente, hoogwaardige beelden. Bovendien zijn ze snel te vervangen om de uitvaltijd tot een minimum te beperken.<\/li>\n<\/ul>\n<h3><strong>Uitzonderlijke visuele kwaliteit<\/strong><\/h3>\n<ul>\n<li>Hoge helderheid van 4000-4500 cd\/\u33a1 \u2013 Zorgt voor heldere en levendige beelden, zelfs in heldere of drukbezochte ruimtes, waardoor het geschikt is voor zowel binnen- als buitengebruik.<\/li>\n<li>140\u00b0 brede kijkhoek \u2013 Biedt scherpe, heldere beelden vanuit meerdere hoeken zonder vervorming, waardoor een consistente kijkervaring vanuit alle hoeken wordt gegarandeerd.<\/li>\n<li>Nauwkeurige kleurweergave: geavanceerde kalibratietechnologie zorgt voor levensechte kleurnauwkeurigheid, met een uniforme helderheid en kleurconsistentie over het hele scherm.<\/li>\n<\/ul>\n<h3><strong>Volledige aanpassingsvermogen<\/strong><\/h3>\n<ul>\n<li>Aanpasbare afmetingen: dankzij het modulaire ontwerp kunt u het formaat eenvoudig aanpassen aan de specifieke ruimtevereisten voor een op maat gemaakte displayoplossing.<\/li>\n<li>Naadloze integratie in de architectuur: het transparante ontwerp zorgt ervoor dat het eenvoudig te combineren is met moderne architectuurelementen zonder het zicht te belemmeren.<\/li>\n<li>Geschikt voor binnen- en buitengebruik: geschikt voor binnen- en buitenomgevingen, perfect voor verschillende omgevingen, zoals winkelcentra, evenementen en meer.<\/li>\n<\/ul>\n<h3><strong>Uitgebreide ondersteuning<\/strong><\/h3>\n<ul>\n<li>24\/7 technische ondersteuning op afstand: ontvang hulp wanneer u die nodig hebt, waar u ook bent.<\/li>\n<li>5% aan meegeleverde reserveonderdelen: Elke levering bevat extra onderdelen voor extra betrouwbaarheid en gemoedsrust.<\/li>\n<li>3 jaar uitgebreide garantie: profiteer van langdurige bescherming voor betere prestaties en betrouwbare ondersteuning.<\/li>\n<\/ul>\n<h2>Productdetails<\/h2>\n<div class=\"row\"  id=\"row-1530198280\">\n\n\t<div id=\"col-2048071524\" class=\"col medium-10 small-12 large-10\"  >\n\t\t\t\t<div class=\"col-inner text-left\"  >\n\t\t\t\n\t\t\t\n<ul>\n<li>De modulaire voedingskast en printplaat maken snelle en eenvoudige reparaties en kosteneffectieve vervanging van onderdelen mogelijk. De modulaire printplaat zorgt er ook voor dat het scherm beter vlak blijft dan zijwaarts gerichte ledstrips.<\/li>\n<\/ul>\n\t<div class=\"img has-hover x md-x lg-x y md-y lg-y\" id=\"image_1304066330\">\n\t\t\t\t\t\t\t\t<div class=\"img-inner dark\" >\n\t\t\t<img loading=\"lazy\" decoding=\"async\" width=\"744\" height=\"719\" src=\"https:\/\/www.telaled.com\/wp-content\/uploads\/2025\/08\/Design-modular.webp\" class=\"attachment-original size-original\" alt=\"Modulair ontwerp\" srcset=\"https:\/\/www.telaled.com\/wp-content\/uploads\/2025\/08\/Design-modular.webp 744w, https:\/\/www.telaled.com\/wp-content\/uploads\/2025\/08\/Design-modular-300x290.webp 300w, https:\/\/www.telaled.com\/wp-content\/uploads\/2025\/08\/Design-modular-12x12.webp 12w, https:\/\/www.telaled.com\/wp-content\/uploads\/2025\/08\/Design-modular-600x580.webp 600w\" sizes=\"auto, (max-width: 744px) 100vw, 744px\" \/>\t\t\t\t\t\t\n\t\t\t\t\t<\/div>\n\t\t\t\t\t\t\t\t\n<style>\n#image_1304066330 {\n  width: 95%;\n}\n<\/style>\n\t<\/div>\n\t\n\t\t<\/div>\n\t\t\t\t\t<\/div>\n\n\t\n\n\t<div id=\"col-120654364\" class=\"col medium-10 small-12 large-10\"  >\n\t\t\t\t<div class=\"col-inner text-left\"  >\n\t\t\t\n\t\t\t\n<ul>\n<li>Ontworpen voor eenvoudige installatie, waardoor installatie door \u00e9\u00e9n persoon mogelijk is. Deze functie stroomlijnt zowel permanente als tijdelijke installaties, wat tijd en arbeidskosten bespaart.<\/li>\n<\/ul>\n\t<div class=\"img has-hover x md-x lg-x y md-y lg-y\" id=\"image_785460505\">\n\t\t\t\t\t\t\t\t<div class=\"img-inner dark\" >\n\t\t\t<img loading=\"lazy\" decoding=\"async\" width=\"1020\" height=\"623\" src=\"https:\/\/www.telaled.com\/wp-content\/uploads\/2025\/08\/Instalacao-rapida-e-simples-1024x625.webp\" class=\"attachment-large size-large\" alt=\"\" srcset=\"https:\/\/www.telaled.com\/wp-content\/uploads\/2025\/08\/Instalacao-rapida-e-simples-1024x625.webp 1024w, https:\/\/www.telaled.com\/wp-content\/uploads\/2025\/08\/Instalacao-rapida-e-simples-300x183.webp 300w, https:\/\/www.telaled.com\/wp-content\/uploads\/2025\/08\/Instalacao-rapida-e-simples-768x469.webp 768w, https:\/\/www.telaled.com\/wp-content\/uploads\/2025\/08\/Instalacao-rapida-e-simples-18x12.webp 18w, https:\/\/www.telaled.com\/wp-content\/uploads\/2025\/08\/Instalacao-rapida-e-simples-600x366.webp 600w, https:\/\/www.telaled.com\/wp-content\/uploads\/2025\/08\/Instalacao-rapida-e-simples.webp 1385w\" sizes=\"auto, (max-width: 1020px) 100vw, 1020px\" \/>\t\t\t\t\t\t\n\t\t\t\t\t<\/div>\n\t\t\t\t\t\t\t\t\n<style>\n#image_785460505 {\n  width: 95%;\n}\n<\/style>\n\t<\/div>\n\t\n<ul>\n<li>Duurzaamheid staat voorop door te werken met een laag gemiddeld stroomverbruik van slechts 180 W\/\u00b2. Dit energiezuinige ontwerp minimaliseert niet alleen de impact op het milieu, maar verlaagt ook de energiekosten.<\/li>\n<\/ul>\n\t<div class=\"img has-hover x md-x lg-x y md-y lg-y\" id=\"image_722273533\">\n\t\t\t\t\t\t\t\t<div class=\"img-inner dark\" >\n\t\t\t<img loading=\"lazy\" decoding=\"async\" width=\"640\" height=\"430\" src=\"https:\/\/www.telaled.com\/wp-content\/uploads\/2025\/08\/Eficiencia-energetica-ecologica.webp\" class=\"attachment-large size-large\" alt=\"\" srcset=\"https:\/\/www.telaled.com\/wp-content\/uploads\/2025\/08\/Eficiencia-energetica-ecologica.webp 640w, https:\/\/www.telaled.com\/wp-content\/uploads\/2025\/08\/Eficiencia-energetica-ecologica-300x202.webp 300w, https:\/\/www.telaled.com\/wp-content\/uploads\/2025\/08\/Eficiencia-energetica-ecologica-18x12.webp 18w, https:\/\/www.telaled.com\/wp-content\/uploads\/2025\/08\/Eficiencia-energetica-ecologica-600x403.webp 600w\" sizes=\"auto, (max-width: 640px) 100vw, 640px\" \/>\t\t\t\t\t\t\n\t\t\t\t\t<\/div>\n\t\t\t\t\t\t\t\t\n<style>\n#image_722273533 {\n  width: 95%;\n}\n<\/style>\n\t<\/div>\n\t\n\t\t<\/div>\n\t\t\t\t\t<\/div>\n\n\t\n\n\t<div id=\"col-595314041\" class=\"col medium-10 small-12 large-10\"  >\n\t\t\t\t<div class=\"col-inner text-left\"  >\n\t\t\t\n\t\t\t\n<ul>\n<li>Onze LED-schermen worden verpakt volgens hun type en beoogde gebruik. Correct gemonteerde units worden verpakt in houten kratten of verstevigde kartonnen dozen om de stabiliteit tijdens het transport te behouden. LED-modules worden met speciale zorg verpakt, vaak in verstevigde kartonnen dozen of luchtdichte kratten met extra houten frames voor extra bescherming.<\/li>\n<\/ul>\n\t<div class=\"img has-hover x md-x lg-x y md-y lg-y\" id=\"image_1623683967\">\n\t\t\t\t\t\t\t\t<div class=\"img-inner dark\" >\n\t\t\t<img loading=\"lazy\" decoding=\"async\" width=\"760\" height=\"1024\" src=\"https:\/\/www.telaled.com\/wp-content\/uploads\/2025\/06\/Embalagem-760x1024.webp\" class=\"attachment-large size-large\" alt=\"Verpakking\" srcset=\"https:\/\/www.telaled.com\/wp-content\/uploads\/2025\/06\/Embalagem-760x1024.webp 760w, https:\/\/www.telaled.com\/wp-content\/uploads\/2025\/06\/Embalagem-223x300.webp 223w, https:\/\/www.telaled.com\/wp-content\/uploads\/2025\/06\/Embalagem-768x1035.webp 768w, https:\/\/www.telaled.com\/wp-content\/uploads\/2025\/06\/Embalagem-9x12.webp 9w, https:\/\/www.telaled.com\/wp-content\/uploads\/2025\/06\/Embalagem-600x808.webp 600w, https:\/\/www.telaled.com\/wp-content\/uploads\/2025\/06\/Embalagem.webp 795w\" sizes=\"auto, (max-width: 760px) 100vw, 760px\" \/>\t\t\t\t\t\t\n\t\t\t\t\t<\/div>\n\t\t\t\t\t\t\t\t\n<style>\n#image_1623683967 {\n  width: 95%;\n}\n<\/style>\n\t<\/div>\n\t\n\t\t<\/div>\n\t\t\t\t\t<\/div>\n\n\t\n<\/div>\n\t\t<\/div>\n\t\t\t\t\t<\/div>\n\n\t\n\n\t<div id=\"col-1704277635\" class=\"col small-12 large-12\"  >\n\t\t\t\t<div class=\"col-inner\"  >\n\t\t\t\n\t\t\t\n<div class=\"row\"  id=\"row-1213166702\">\n\n\t<div id=\"col-538120753\" class=\"col medium-10 small-12 large-10\"  >\n\t\t\t\t<div class=\"col-inner\"  >\n\t\t\t\n\t\t\t\n\n<table id=\"tablepress-58\" class=\"tablepress tablepress-id-58\">\n<thead>\n<tr class=\"row-1\">\n\t<th class=\"column-1\">Item<\/th><th class=\"column-2\">TTA3.91 Kleur Transparant LED-scherm<\/th>\n<\/tr>\n<\/thead>\n<tbody class=\"row-striping row-hover\">\n<tr class=\"row-2\">\n\t<td class=\"column-1\">Modulegrootte<\/td><td class=\"column-2\">500 mm * 125 mm * 10 mm<\/td>\n<\/tr>\n<tr class=\"row-3\">\n\t<td class=\"column-1\">Oplossing<\/td><td class=\"column-2\">128X16=2048<\/td>\n<\/tr>\n<tr class=\"row-4\">\n\t<td class=\"column-1\">Pixelafstand<\/td><td class=\"column-2\">3,91 mm<\/td>\n<\/tr>\n<tr class=\"row-5\">\n\t<td class=\"column-1\">Fysieke dichtheid<\/td><td class=\"column-2\">32768 punten\/\u33a1<\/td>\n<\/tr>\n<tr class=\"row-6\">\n\t<td class=\"column-1\">Huidige module<\/td><td class=\"column-2\">9A\u00b10,1A<\/td>\n<\/tr>\n<tr class=\"row-7\">\n\t<td class=\"column-1\">Ingangsspanning<\/td><td class=\"column-2\">4,8V-5,2V<\/td>\n<\/tr>\n<tr class=\"row-8\">\n\t<td class=\"column-1\">Modulevermogen<\/td><td class=\"column-2\">45W<\/td>\n<\/tr>\n<tr class=\"row-9\">\n\t<td class=\"column-1\">Modulegewicht<\/td><td class=\"column-2\">310 gram<\/td>\n<\/tr>\n<tr class=\"row-10\">\n\t<td class=\"column-1\">Boxresolutie (B x H)<\/td><td class=\"column-2\">256 pixels \u00d7 128 pixels<\/td>\n<\/tr>\n<tr class=\"row-11\">\n\t<td class=\"column-1\">Moduleverdeling (B x H)<\/td><td class=\"column-2\">2\u00d78<\/td>\n<\/tr>\n<tr class=\"row-12\">\n\t<td class=\"column-1\">Doosgrootte (breedte x hoogte x dikte)<\/td><td class=\"column-2\">1000 mm \u00d7 1000 mm \u00d7 80 mm<\/td>\n<\/tr>\n<tr class=\"row-13\">\n\t<td class=\"column-1\">Gewicht van de kast<\/td><td class=\"column-2\">7,5 kg\/\u33a1<\/td>\n<\/tr>\n<tr class=\"row-14\">\n\t<td class=\"column-1\">Installatiemodus<\/td><td class=\"column-2\">Installatie achterframe \/ heffen \/ installatie binnenboog<\/td>\n<\/tr>\n<tr class=\"row-15\">\n\t<td class=\"column-1\">Fysieke dichtheid<\/td><td class=\"column-2\">32768 punten\/\u33a1<\/td>\n<\/tr>\n<tr class=\"row-16\">\n\t<td class=\"column-1\">Glans<\/td><td class=\"column-2\">4000-4500 cd\/\u33a1<\/td>\n<\/tr>\n<tr class=\"row-17\">\n\t<td class=\"column-1\">Horizontale weergave \/ verticale weergave<\/td><td class=\"column-2\">140\u00b0\/140\u00b0<\/td>\n<\/tr>\n<tr class=\"row-18\">\n\t<td class=\"column-1\">Transmissie<\/td><td class=\"column-2\">\u226565%<\/td>\n<\/tr>\n<tr class=\"row-19\">\n\t<td class=\"column-1\">Uniformiteit van de chromatische kleur<\/td><td class=\"column-2\">\u00b1 0,003 CX, binnen CY<\/td>\n<\/tr>\n<tr class=\"row-20\">\n\t<td class=\"column-1\">Maximaal contrast<\/td><td class=\"column-2\">3000:1<\/td>\n<\/tr>\n<tr class=\"row-21\">\n\t<td class=\"column-1\">Beschermingsgraad<\/td><td class=\"column-2\">IP22<\/td>\n<\/tr>\n<tr class=\"row-22\">\n\t<td class=\"column-1\">Onderhoudsmodus<\/td><td class=\"column-2\">Onderhoud voor en achter<\/td>\n<\/tr>\n<tr class=\"row-23\">\n\t<td class=\"column-1\">Bits voor signaalkleurverwerking<\/td><td class=\"column-2\">Rood, groen en blauw \u2265 16 bits elk<\/td>\n<\/tr>\n<tr class=\"row-24\">\n\t<td class=\"column-1\">Rijmodus<\/td><td class=\"column-2\">Constante stroomaandrijving<\/td>\n<\/tr>\n<tr class=\"row-25\">\n\t<td class=\"column-1\">Frame-veranderingsfrequentie<\/td><td class=\"column-2\">Borstel met een hoogte van 60 frames ondersteunt 3D: 120 frames<\/td>\n<\/tr>\n<tr class=\"row-26\">\n\t<td class=\"column-1\">Vernieuwingsfrequentie<\/td><td class=\"column-2\">Gewone borstel \u2264 1920 Hz, hoge borstel \u2264 3840 Hz<\/td>\n<\/tr>\n<tr class=\"row-27\">\n\t<td class=\"column-1\">Schermkleurtemperatuur<\/td><td class=\"column-2\">3200K ~ 9500K instelbaar<\/td>\n<\/tr>\n<tr class=\"row-28\">\n\t<td class=\"column-1\">Helderheidsaanpassing<\/td><td class=\"column-2\">Handmatige \/ automatische \/ geprogrammeerde besturing<\/td>\n<\/tr>\n<tr class=\"row-29\">\n\t<td class=\"column-1\">Pixelcorrectie<\/td><td class=\"column-2\">Uitgerust met punt-voor-punt helderheid en chromacorrectie<\/td>\n<\/tr>\n<tr class=\"row-30\">\n\t<td class=\"column-1\">Controlemodus<\/td><td class=\"column-2\">Synchrone besturing<\/td>\n<\/tr>\n<tr class=\"row-31\">\n\t<td class=\"column-1\">Controle afstand<\/td><td class=\"column-2\">Super Category 5 twisted pair netwerkkabel, meer dan 100 meter, met glasvezel<\/td>\n<\/tr>\n<tr class=\"row-32\">\n\t<td class=\"column-1\">Software-interface<\/td><td class=\"column-2\">Windows XP\/7\/8\/10<\/td>\n<\/tr>\n<tr class=\"row-33\">\n\t<td class=\"column-1\">Signaalingang<\/td><td class=\"column-2\">HDMI DVI<\/td>\n<\/tr>\n<tr class=\"row-34\">\n\t<td class=\"column-1\">Werkspanning<\/td><td class=\"column-2\">Wisselstroom: 240V, 50~60Hz<\/td>\n<\/tr>\n<tr class=\"row-35\">\n\t<td class=\"column-1\">Piekstroomverbruik<\/td><td class=\"column-2\">300W\/\u33a1<\/td>\n<\/tr>\n<tr class=\"row-36\">\n\t<td class=\"column-1\">Gemiddeld energieverbruik<\/td><td class=\"column-2\">180W\/\u33a1<\/td>\n<\/tr>\n<tr class=\"row-37\">\n\t<td class=\"column-1\">Stroombron<\/td><td class=\"column-2\">300W voeding (Nandian \/ Chuanglian \/ Juneng en andere merken voedingen)<\/td>\n<\/tr>\n<tr class=\"row-38\">\n\t<td class=\"column-1\">Continue werktijd<\/td><td class=\"column-2\">\u22657\u00d724 uur, ondersteuning voor continue weergave<\/td>\n<\/tr>\n<tr class=\"row-39\">\n\t<td class=\"column-1\">Gemiddelde tijd tussen storingen<\/td><td class=\"column-2\">\u2265 10000 uur<\/td>\n<\/tr>\n<tr class=\"row-40\">\n\t<td class=\"column-1\">Theoretische levensduur van LED-buis<\/td><td class=\"column-2\">100.000 uur<\/td>\n<\/tr>\n<tr class=\"row-41\">\n\t<td class=\"column-1\">Discreet verdwijnpunt<\/td><td class=\"column-2\">\u2264 0,0001, 0 bij het verlaten van de fabriek<\/td>\n<\/tr>\n<tr class=\"row-42\">\n\t<td class=\"column-1\">Doorlopend verdwijnpunt<\/td><td class=\"column-2\">0<\/td>\n<\/tr>\n<tr class=\"row-43\">\n\t<td class=\"column-1\">Dodehoekpercentage<\/td><td class=\"column-2\">\u2264 0,0001, 0 bij het verlaten van de fabriek<\/td>\n<\/tr>\n<tr class=\"row-44\">\n\t<td class=\"column-1\">Omgevingstemperatuur<\/td><td class=\"column-2\">-10\u2103~60\u2103<\/td>\n<\/tr>\n<tr class=\"row-45\">\n\t<td class=\"column-1\">Bedrijfsomgevingsvochtigheid<\/td><td class=\"column-2\">10%~90% RH, niet-condenserend<\/td>\n<\/tr>\n<\/tbody>\n<\/table>\n\n\t\t<\/div>\n\t\t\t\t\t<\/div>\n\n\t\n<\/div>\n\t\t<\/div>\n\t\t\t\t\t<\/div>\n\n\t\n<\/div>","protected":false},"excerpt":{"rendered":"<p><strong>Transparant LED-paneel uit de TTA-serie voor een moderne visuele oplossing<\/strong><\/p>\n<p>DE <em><strong>TTA-serie transparant LED-paneel<\/strong><\/em> Het heeft een slank en lichtgewicht ontwerp met levendige beelden, waardoor het ideaal is voor continue en kosteneffici\u00ebnte installaties.<\/p>\n<p><strong>Belangrijkste kenmerken:<\/strong><\/p>\n<ul>\n<li><strong>Hoge transparantie 70% \u2013<\/strong> Het biedt levendige beelden zonder het licht of het zicht te belemmeren.<\/li>\n<li><strong>Ideale pixelafstand:<\/strong> 3,91 mm pixelafstand voor een hoge resolutie display.<\/li>\n<li><strong>Dunne en lichtgewicht constructie<\/strong>Een behuizing van 1000 x 1000 mm met een gewicht van slechts 7,5 kg\/m2 voor eenvoudige hantering en installatie.<\/li>\n<\/ul>\n<p>Wij bieden 24\/7 ondersteuning op afstand en 3 jaar garantie. Neem vandaag nog contact met ons op voor een offerte op maat.<\/p>","protected":false},"featured_media":2925,"template":"","meta":[],"product_brand":[],"product_cat":[40,45,46],"product_tag":[],"class_list":{"0":"post-2924","1":"product","2":"type-product","3":"status-publish","4":"has-post-thumbnail","6":"product_cat-painel-de-led","7":"product_cat-painel-de-led-transparente","8":"product_cat-painel-de-video","10":"first","11":"instock","12":"shipping-taxable","13":"product-type-simple"},"yoast_head":"<!-- This site is optimized with the Yoast SEO plugin v27.5 - https:\/\/yoast.com\/product\/yoast-seo-wordpress\/ -->\n<title>Painel LED Transparente S\u00e9rie TTA | Leve, Ultrafino e Econ\u00f4mico |TELALED<\/title>\n<meta name=\"description\" content=\"Tela Painel de LED Transparente S\u00e9rie TTA , leve e ultrafina, com pixel pitch de 3,91-7,82 mm. Ideal para configura\u00e7\u00f5es integradas e econ\u00f4micas. Entre em contato conosco hoje mesmo!\" \/>\n<meta name=\"robots\" content=\"index, follow, max-snippet:-1, max-image-preview:large, max-video-preview:-1\" \/>\n<link rel=\"canonical\" href=\"https:\/\/www.telaled.com\/nl\/fabrica\/painel-de-led-transparente-serie-tta\/\" \/>\n<meta property=\"og:locale\" content=\"nl_NL\" \/>\n<meta property=\"og:type\" content=\"article\" \/>\n<meta property=\"og:title\" content=\"Painel LED Transparente S\u00e9rie TTA | Leve, Ultrafino e Econ\u00f4mico |TELALED\" \/>\n<meta property=\"og:description\" content=\"Tela Painel de LED Transparente S\u00e9rie TTA , leve e ultrafina, com pixel pitch de 3,91-7,82 mm. Ideal para configura\u00e7\u00f5es integradas e econ\u00f4micas. Entre em contato conosco hoje mesmo!\" \/>\n<meta property=\"og:url\" content=\"https:\/\/www.telaled.com\/nl\/fabrica\/painel-de-led-transparente-serie-tta\/\" \/>\n<meta property=\"og:site_name\" content=\"TELALED\" \/>\n<meta property=\"article:modified_time\" content=\"2025-12-26T03:44:21+00:00\" \/>\n<meta property=\"og:image\" content=\"https:\/\/www.telaled.com\/wp-content\/uploads\/2025\/08\/painel-de-led-transparente.jpg\" \/>\n\t<meta property=\"og:image:width\" content=\"500\" \/>\n\t<meta property=\"og:image:height\" content=\"500\" \/>\n\t<meta property=\"og:image:type\" content=\"image\/jpeg\" \/>\n<meta name=\"twitter:card\" content=\"summary_large_image\" \/>\n<meta name=\"twitter:label1\" content=\"Geschatte leestijd\" \/>\n\t<meta name=\"twitter:data1\" content=\"3 minuten\" \/>\n<script type=\"application\/ld+json\" class=\"yoast-schema-graph\">{\"@context\":\"https:\\\/\\\/schema.org\",\"@graph\":[{\"@type\":\"WebPage\",\"@id\":\"https:\\\/\\\/www.telaled.com\\\/fabrica\\\/painel-de-led-transparente-serie-tta\\\/\",\"url\":\"https:\\\/\\\/www.telaled.com\\\/fabrica\\\/painel-de-led-transparente-serie-tta\\\/\",\"name\":\"Painel LED Transparente S\u00e9rie TTA | Leve, Ultrafino e Econ\u00f4mico |TELALED\",\"isPartOf\":{\"@id\":\"https:\\\/\\\/www.telaled.com\\\/#website\"},\"primaryImageOfPage\":{\"@id\":\"https:\\\/\\\/www.telaled.com\\\/fabrica\\\/painel-de-led-transparente-serie-tta\\\/#primaryimage\"},\"image\":{\"@id\":\"https:\\\/\\\/www.telaled.com\\\/fabrica\\\/painel-de-led-transparente-serie-tta\\\/#primaryimage\"},\"thumbnailUrl\":\"https:\\\/\\\/www.telaled.com\\\/wp-content\\\/uploads\\\/2025\\\/08\\\/painel-de-led-transparente.jpg\",\"datePublished\":\"2025-08-11T09:00:34+00:00\",\"dateModified\":\"2025-12-26T03:44:21+00:00\",\"description\":\"Tela Painel de LED Transparente S\u00e9rie TTA , leve e ultrafina, com pixel pitch de 3,91-7,82 mm. Ideal para configura\u00e7\u00f5es integradas e econ\u00f4micas. Entre em contato conosco hoje mesmo!\",\"breadcrumb\":{\"@id\":\"https:\\\/\\\/www.telaled.com\\\/fabrica\\\/painel-de-led-transparente-serie-tta\\\/#breadcrumb\"},\"inLanguage\":\"nl-NL\",\"potentialAction\":[{\"@type\":\"ReadAction\",\"target\":[\"https:\\\/\\\/www.telaled.com\\\/fabrica\\\/painel-de-led-transparente-serie-tta\\\/\"]}]},{\"@type\":\"ImageObject\",\"inLanguage\":\"nl-NL\",\"@id\":\"https:\\\/\\\/www.telaled.com\\\/fabrica\\\/painel-de-led-transparente-serie-tta\\\/#primaryimage\",\"url\":\"https:\\\/\\\/www.telaled.com\\\/wp-content\\\/uploads\\\/2025\\\/08\\\/painel-de-led-transparente.jpg\",\"contentUrl\":\"https:\\\/\\\/www.telaled.com\\\/wp-content\\\/uploads\\\/2025\\\/08\\\/painel-de-led-transparente.jpg\",\"width\":500,\"height\":500,\"caption\":\"painel-de-led-transparente\"},{\"@type\":\"BreadcrumbList\",\"@id\":\"https:\\\/\\\/www.telaled.com\\\/fabrica\\\/painel-de-led-transparente-serie-tta\\\/#breadcrumb\",\"itemListElement\":[{\"@type\":\"ListItem\",\"position\":1,\"name\":\"Home\",\"item\":\"https:\\\/\\\/www.telaled.com\\\/\"},{\"@type\":\"ListItem\",\"position\":2,\"name\":\"Produtos\",\"item\":\"https:\\\/\\\/www.telaled.com\\\/shop\\\/\"},{\"@type\":\"ListItem\",\"position\":3,\"name\":\"Painel de LED Transparente S\u00e9rie TTA\"}]},{\"@type\":\"WebSite\",\"@id\":\"https:\\\/\\\/www.telaled.com\\\/#website\",\"url\":\"https:\\\/\\\/www.telaled.com\\\/\",\"name\":\"TELALED\",\"description\":\"\",\"potentialAction\":[{\"@type\":\"SearchAction\",\"target\":{\"@type\":\"EntryPoint\",\"urlTemplate\":\"https:\\\/\\\/www.telaled.com\\\/?s={search_term_string}\"},\"query-input\":{\"@type\":\"PropertyValueSpecification\",\"valueRequired\":true,\"valueName\":\"search_term_string\"}}],\"inLanguage\":\"nl-NL\"}]}<\/script>\n<!-- \/ Yoast SEO plugin. -->","yoast_head_json":{"title":"TTA-serie transparant LED-paneel | Lichtgewicht, ultradun en zuinig | TELALED","description":"Transparant LED-paneeldisplay uit de TTA-serie, lichtgewicht en ultradun, met een pixelgrootte van 3,91-7,82 mm. Ideaal voor ge\u00efntegreerde en kosteneffectieve configuraties. Neem vandaag nog contact met ons op!","robots":{"index":"index","follow":"follow","max-snippet":"max-snippet:-1","max-image-preview":"max-image-preview:large","max-video-preview":"max-video-preview:-1"},"canonical":"https:\/\/www.telaled.com\/nl\/fabrica\/painel-de-led-transparente-serie-tta\/","og_locale":"nl_NL","og_type":"article","og_title":"Painel LED Transparente S\u00e9rie TTA | Leve, Ultrafino e Econ\u00f4mico |TELALED","og_description":"Tela Painel de LED Transparente S\u00e9rie TTA , leve e ultrafina, com pixel pitch de 3,91-7,82 mm. Ideal para configura\u00e7\u00f5es integradas e econ\u00f4micas. Entre em contato conosco hoje mesmo!","og_url":"https:\/\/www.telaled.com\/nl\/fabrica\/painel-de-led-transparente-serie-tta\/","og_site_name":"TELALED","article_modified_time":"2025-12-26T03:44:21+00:00","og_image":[{"width":500,"height":500,"url":"https:\/\/www.telaled.com\/wp-content\/uploads\/2025\/08\/painel-de-led-transparente.jpg","type":"image\/jpeg"}],"twitter_card":"summary_large_image","twitter_misc":{"Geschatte leestijd":"3 minuten"},"schema":{"@context":"https:\/\/schema.org","@graph":[{"@type":"WebPage","@id":"https:\/\/www.telaled.com\/fabrica\/painel-de-led-transparente-serie-tta\/","url":"https:\/\/www.telaled.com\/fabrica\/painel-de-led-transparente-serie-tta\/","name":"TTA-serie transparant LED-paneel | Lichtgewicht, ultradun en zuinig | TELALED","isPartOf":{"@id":"https:\/\/www.telaled.com\/#website"},"primaryImageOfPage":{"@id":"https:\/\/www.telaled.com\/fabrica\/painel-de-led-transparente-serie-tta\/#primaryimage"},"image":{"@id":"https:\/\/www.telaled.com\/fabrica\/painel-de-led-transparente-serie-tta\/#primaryimage"},"thumbnailUrl":"https:\/\/www.telaled.com\/wp-content\/uploads\/2025\/08\/painel-de-led-transparente.jpg","datePublished":"2025-08-11T09:00:34+00:00","dateModified":"2025-12-26T03:44:21+00:00","description":"Transparant LED-paneeldisplay uit de TTA-serie, lichtgewicht en ultradun, met een pixelgrootte van 3,91-7,82 mm. Ideaal voor ge\u00efntegreerde en kosteneffectieve configuraties. Neem vandaag nog contact met ons op!","breadcrumb":{"@id":"https:\/\/www.telaled.com\/fabrica\/painel-de-led-transparente-serie-tta\/#breadcrumb"},"inLanguage":"nl-NL","potentialAction":[{"@type":"ReadAction","target":["https:\/\/www.telaled.com\/fabrica\/painel-de-led-transparente-serie-tta\/"]}]},{"@type":"ImageObject","inLanguage":"nl-NL","@id":"https:\/\/www.telaled.com\/fabrica\/painel-de-led-transparente-serie-tta\/#primaryimage","url":"https:\/\/www.telaled.com\/wp-content\/uploads\/2025\/08\/painel-de-led-transparente.jpg","contentUrl":"https:\/\/www.telaled.com\/wp-content\/uploads\/2025\/08\/painel-de-led-transparente.jpg","width":500,"height":500,"caption":"painel-de-led-transparente"},{"@type":"BreadcrumbList","@id":"https:\/\/www.telaled.com\/fabrica\/painel-de-led-transparente-serie-tta\/#breadcrumb","itemListElement":[{"@type":"ListItem","position":1,"name":"Home","item":"https:\/\/www.telaled.com\/"},{"@type":"ListItem","position":2,"name":"Produtos","item":"https:\/\/www.telaled.com\/shop\/"},{"@type":"ListItem","position":3,"name":"Painel de LED Transparente S\u00e9rie TTA"}]},{"@type":"WebSite","@id":"https:\/\/www.telaled.com\/#website","url":"https:\/\/www.telaled.com\/","name":"LED-scherm","description":"","potentialAction":[{"@type":"SearchAction","target":{"@type":"EntryPoint","urlTemplate":"https:\/\/www.telaled.com\/?s={search_term_string}"},"query-input":{"@type":"PropertyValueSpecification","valueRequired":true,"valueName":"search_term_string"}}],"inLanguage":"nl-NL"}]}},"_links":{"self":[{"href":"https:\/\/www.telaled.com\/nl\/wp-json\/wp\/v2\/product\/2924","targetHints":{"allow":["GET"]}}],"collection":[{"href":"https:\/\/www.telaled.com\/nl\/wp-json\/wp\/v2\/product"}],"about":[{"href":"https:\/\/www.telaled.com\/nl\/wp-json\/wp\/v2\/types\/product"}],"wp:featuredmedia":[{"embeddable":true,"href":"https:\/\/www.telaled.com\/nl\/wp-json\/wp\/v2\/media\/2925"}],"wp:attachment":[{"href":"https:\/\/www.telaled.com\/nl\/wp-json\/wp\/v2\/media?parent=2924"}],"wp:term":[{"taxonomy":"product_brand","embeddable":true,"href":"https:\/\/www.telaled.com\/nl\/wp-json\/wp\/v2\/product_brand?post=2924"},{"taxonomy":"product_cat","embeddable":true,"href":"https:\/\/www.telaled.com\/nl\/wp-json\/wp\/v2\/product_cat?post=2924"},{"taxonomy":"product_tag","embeddable":true,"href":"https:\/\/www.telaled.com\/nl\/wp-json\/wp\/v2\/product_tag?post=2924"}],"curies":[{"name":"wp","href":"https:\/\/api.w.org\/{rel}","templated":true}]}}