{"id":2902,"date":"2025-08-08T01:45:40","date_gmt":"2025-08-08T01:45:40","guid":{"rendered":"https:\/\/www.telaled.com\/?post_type=product&#038;p=2902"},"modified":"2026-01-05T04:05:22","modified_gmt":"2026-01-05T04:05:22","slug":"painel-de-led-hd-serie-tho","status":"publish","type":"product","link":"https:\/\/www.telaled.com\/nl\/fabrica\/painel-de-led-hd-serie-tho\/","title":{"rendered":"THO-serie HD LED-paneel"},"content":{"rendered":"<div class=\"row\"  id=\"row-846770043\">\n\n\t<div id=\"col-715141068\" class=\"col small-12 large-12\"  >\n\t\t\t\t<div class=\"col-inner\"  >\n\t\t\t\n\t\t\t\n<h2>Exclusieve voordelen van het THO-serie HD LED-paneel<\/h2>\n<h3><strong>Superieure duurzaamheid<\/strong><\/h3>\n<ul>\n<li>De slanke behuizing van 38 mm is gemaakt van zeer sterke, corrosiebestendige materialen, blijft stijf en stabiel, voorkomt kromtrekken en zorgt ervoor dat de nauwkeurige uitlijning ook na verloop van tijd behouden blijft.<\/li>\n<li>Een ontwerp <a href=\"https:\/\/www.telaled.com\/nl\/fabrica\/painel-de-led-cob-serie-tha\/\">MA\u00cfSKOLF<\/a> De harslaag beschermt de LED&#039;s tegen stof, vocht en stoten, waardoor pixelbeschadiging wordt verminderd en een constante beeldkwaliteit met minimaal onderhoud behouden blijft.<\/li>\n<\/ul>\n<h3><strong>Uitzonderlijke visuele kwaliteit<\/strong><\/h3>\n<ul>\n<li>Prima <a href=\"https:\/\/www.telaled.com\/nl\/pixel-pitch\/\">Pixelafstand<\/a> De opties van 1,25 mm en 1,56 mm bieden scherpe details en duidelijke tekst voor zeer nauwkeurig kijken.<\/li>\n<li>Realistische kleuren: COB-technologie verbetert de kleurnauwkeurigheid en consistente helderheid op het hele scherm.<\/li>\n<li>Hoog contrast: vermindert schittering en vergroot de diepte, waardoor beelden beter leesbaar zijn in alle lichtomstandigheden.<\/li>\n<\/ul>\n<h3><strong>Volledige aanpassingsvermogen<\/strong><\/h3>\n<ul>\n<li>Veelzijdige toepassingen: Ideaal voor controlekamers, commandocentra, vergaderruimten en uiterst nauwkeurige displayopstellingen.<\/li>\n<li>Flexibele integratie: het slanke, multifunctionele ontwerp past zich aan verschillende indelingen aan en vervangt opstellingen met meerdere schermen zonder dat er extra hardware nodig is.<\/li>\n<li>Betrouwbaar in veeleisende omgevingen: dubbele voeding en gegevensback-up maken continue werking mogelijk bij bedrijfskritisch gebruik.<\/li>\n<\/ul>\n<h3><strong>Uitgebreide ondersteuning<\/strong><\/h3>\n<ul>\n<li>24\/7 technische ondersteuning op afstand: ontvang hulp wanneer u die nodig hebt, waar u ook bent.<\/li>\n<li>5% aan meegeleverde reserveonderdelen: Elke levering bevat extra onderdelen voor extra betrouwbaarheid en gemoedsrust.<\/li>\n<li>3 jaar uitgebreide garantie: profiteer van langdurige bescherming voor betere prestaties en betrouwbare ondersteuning.<\/li>\n<\/ul>\n<h2>Productdetails<\/h2>\n<div class=\"row\"  id=\"row-1688079686\">\n\n\t<div id=\"col-2108159801\" class=\"col medium-10 small-12 large-10\"  >\n\t\t\t\t<div class=\"col-inner text-left\"  >\n\t\t\t\n\t\t\t\n<ul>\n<li>De 100% LED-modules zijn ontworpen voor toegang aan de voorzijde en maken gebruik van magnetische bevestiging voor snel onderhoud. Het paneelframe kan met schroeven direct aan de multiplex wand worden bevestigd. Framestangen worden meegeleverd voor een nauwkeurige positionering en veilige installatie.<\/li>\n<\/ul>\n\t<div class=\"img has-hover x md-x lg-x y md-y lg-y\" id=\"image_1748359071\">\n\t\t\t\t\t\t\t\t<div class=\"img-inner dark\" >\n\t\t\t<img loading=\"lazy\" decoding=\"async\" width=\"1000\" height=\"560\" src=\"https:\/\/www.telaled.com\/wp-content\/uploads\/2025\/08\/Montagem-direta-na-parede.webp\" class=\"attachment-original size-original\" alt=\"Directe wandmontage\" srcset=\"https:\/\/www.telaled.com\/wp-content\/uploads\/2025\/08\/Montagem-direta-na-parede.webp 1000w, https:\/\/www.telaled.com\/wp-content\/uploads\/2025\/08\/Montagem-direta-na-parede-300x168.webp 300w, https:\/\/www.telaled.com\/wp-content\/uploads\/2025\/08\/Montagem-direta-na-parede-768x430.webp 768w, https:\/\/www.telaled.com\/wp-content\/uploads\/2025\/08\/Montagem-direta-na-parede-18x10.webp 18w, https:\/\/www.telaled.com\/wp-content\/uploads\/2025\/08\/Montagem-direta-na-parede-600x336.webp 600w\" sizes=\"auto, (max-width: 1000px) 100vw, 1000px\" \/>\t\t\t\t\t\t\n\t\t\t\t\t<\/div>\n\t\t\t\t\t\t\t\t\n<style>\n#image_1748359071 {\n  width: 95%;\n}\n<\/style>\n\t<\/div>\n\t\n\t\t<\/div>\n\t\t\t\t\t<\/div>\n\n\t\n\n\t<div id=\"col-1479967479\" class=\"col medium-10 small-12 large-10\"  >\n\t\t\t\t<div class=\"col-inner text-left\"  >\n\t\t\t\n\t\t\t\n<ul>\n<li>Het 21:9-scherm biedt meer horizontale ruimte voor multitasking, creatief werk, gamen en films kijken. Het biedt een breder beeld zonder zwarte balken en kan een opstelling met twee monitoren vervangen.<\/li>\n<\/ul>\n\t<div class=\"img has-hover x md-x lg-x y md-y lg-y\" id=\"image_935598472\">\n\t\t\t\t\t\t\t\t<div class=\"img-inner dark\" >\n\t\t\t<img loading=\"lazy\" decoding=\"async\" width=\"640\" height=\"430\" src=\"https:\/\/www.telaled.com\/wp-content\/uploads\/2025\/08\/Proporcao-de-aspecto-ultra-amplo.webp\" class=\"attachment-large size-large\" alt=\"Ultra-brede beeldverhouding\" srcset=\"https:\/\/www.telaled.com\/wp-content\/uploads\/2025\/08\/Proporcao-de-aspecto-ultra-amplo.webp 640w, https:\/\/www.telaled.com\/wp-content\/uploads\/2025\/08\/Proporcao-de-aspecto-ultra-amplo-300x202.webp 300w, https:\/\/www.telaled.com\/wp-content\/uploads\/2025\/08\/Proporcao-de-aspecto-ultra-amplo-18x12.webp 18w, https:\/\/www.telaled.com\/wp-content\/uploads\/2025\/08\/Proporcao-de-aspecto-ultra-amplo-600x403.webp 600w\" sizes=\"auto, (max-width: 640px) 100vw, 640px\" \/>\t\t\t\t\t\t\n\t\t\t\t\t<\/div>\n\t\t\t\t\t\t\t\t\n<style>\n#image_935598472 {\n  width: 95%;\n}\n<\/style>\n\t<\/div>\n\t\n<ul>\n<li>Dubbele stroom- en gegevensback-ups zorgen voor stabiele en betrouwbare prestaties, ideaal voor controlekamers en andere omgevingen met een hoge vraag waar downtime geen optie is.<\/li>\n<\/ul>\n\t<div class=\"img has-hover x md-x lg-x y md-y lg-y\" id=\"image_600099149\">\n\t\t\t\t\t\t\t\t<div class=\"img-inner dark\" >\n\t\t\t<img loading=\"lazy\" decoding=\"async\" width=\"1020\" height=\"434\" src=\"https:\/\/www.telaled.com\/wp-content\/uploads\/2025\/08\/Backup-duplo-e-redundancia-1024x436.jpg\" class=\"attachment-large size-large\" alt=\"Dubbele back-up en redundantie\" srcset=\"https:\/\/www.telaled.com\/wp-content\/uploads\/2025\/08\/Backup-duplo-e-redundancia-1024x436.jpg 1024w, https:\/\/www.telaled.com\/wp-content\/uploads\/2025\/08\/Backup-duplo-e-redundancia-300x128.jpg 300w, https:\/\/www.telaled.com\/wp-content\/uploads\/2025\/08\/Backup-duplo-e-redundancia-768x327.jpg 768w, https:\/\/www.telaled.com\/wp-content\/uploads\/2025\/08\/Backup-duplo-e-redundancia-18x8.jpg 18w, https:\/\/www.telaled.com\/wp-content\/uploads\/2025\/08\/Backup-duplo-e-redundancia-600x256.jpg 600w, https:\/\/www.telaled.com\/wp-content\/uploads\/2025\/08\/Backup-duplo-e-redundancia.jpg 1099w\" sizes=\"auto, (max-width: 1020px) 100vw, 1020px\" \/>\t\t\t\t\t\t\n\t\t\t\t\t<\/div>\n\t\t\t\t\t\t\t\t\n<style>\n#image_600099149 {\n  width: 95%;\n}\n<\/style>\n\t<\/div>\n\t\n\t\t<\/div>\n\t\t\t\t\t<\/div>\n\n\t\n\n\t<div id=\"col-438893013\" class=\"col medium-10 small-12 large-10\"  >\n\t\t\t\t<div class=\"col-inner text-left\"  >\n\t\t\t\n\t\t\t\n<ul>\n<li>LED-schermen worden verpakt op basis van hun type en toepassing. Complete displays worden verpakt in houten kratten voor maximale stabiliteit, terwijl LED-modules in kartonnen dozen worden verzonden. Resterende displays krijgen een speciale behandeling en worden meestal verpakt in luchtvrachtkisten of eenvoudige dozen, versterkt met houten frames voor extra bescherming.<\/li>\n<\/ul>\n\t<div class=\"img has-hover x md-x lg-x y md-y lg-y\" id=\"image_2109901678\">\n\t\t\t\t\t\t\t\t<div class=\"img-inner dark\" >\n\t\t\t<img loading=\"lazy\" decoding=\"async\" width=\"760\" height=\"1024\" src=\"https:\/\/www.telaled.com\/wp-content\/uploads\/2025\/06\/Embalagem-760x1024.webp\" class=\"attachment-large size-large\" alt=\"Verpakking\" srcset=\"https:\/\/www.telaled.com\/wp-content\/uploads\/2025\/06\/Embalagem-760x1024.webp 760w, https:\/\/www.telaled.com\/wp-content\/uploads\/2025\/06\/Embalagem-223x300.webp 223w, https:\/\/www.telaled.com\/wp-content\/uploads\/2025\/06\/Embalagem-768x1035.webp 768w, https:\/\/www.telaled.com\/wp-content\/uploads\/2025\/06\/Embalagem-9x12.webp 9w, https:\/\/www.telaled.com\/wp-content\/uploads\/2025\/06\/Embalagem-600x808.webp 600w, https:\/\/www.telaled.com\/wp-content\/uploads\/2025\/06\/Embalagem.webp 795w\" sizes=\"auto, (max-width: 760px) 100vw, 760px\" \/>\t\t\t\t\t\t\n\t\t\t\t\t<\/div>\n\t\t\t\t\t\t\t\t\n<style>\n#image_2109901678 {\n  width: 95%;\n}\n<\/style>\n\t<\/div>\n\t\n\t\t<\/div>\n\t\t\t\t\t<\/div>\n\n\t\n<\/div>\n\t\t<\/div>\n\t\t\t\t\t<\/div>\n\n\t\n\n\t<div id=\"col-1430810509\" class=\"col small-12 large-12\"  >\n\t\t\t\t<div class=\"col-inner\"  >\n\t\t\t\n\t\t\t\n<div class=\"row\"  id=\"row-792244989\">\n\n\t<div id=\"col-1622741643\" class=\"col medium-10 small-12 large-10\"  >\n\t\t\t\t<div class=\"col-inner\"  >\n\t\t\t\n\t\t\t\n\n<table id=\"tablepress-56\" class=\"tablepress tablepress-id-56\">\n<thead>\n<tr class=\"row-1\">\n\t<th class=\"column-1\">Model<\/th><th class=\"column-2\">THO 1,25<\/th><th class=\"column-3\">THO 1.56<\/th>\n<\/tr>\n<\/thead>\n<tbody class=\"row-striping row-hover\">\n<tr class=\"row-2\">\n\t<td class=\"column-1\">Pixelgrootte (mm)<\/td><td class=\"column-2\">1.25<\/td><td class=\"column-3\">1.56<\/td>\n<\/tr>\n<tr class=\"row-3\">\n\t<td class=\"column-1\">Kabinetsresolutie (L\u00d7A)<\/td><td class=\"column-2\">640\u00d7270<\/td><td class=\"column-3\">512\u00d7216<\/td>\n<\/tr>\n<tr class=\"row-4\">\n\t<td class=\"column-1\">Modulegrootte (mm) (B\u00d7H)<\/td><td class=\"column-2\">200\u00d7337,5<\/td><td class=\"column-3\">200\u00d7337,5<\/td>\n<\/tr>\n<tr class=\"row-5\">\n\t<td class=\"column-1\">Kastafmetingen (mm) (B\u00d7H\u00d7D)<\/td><td class=\"column-2\">800\u00d7337,5\u00d738<\/td><td class=\"column-3\">800\u00d7337,5\u00d738<\/td>\n<\/tr>\n<tr class=\"row-6\">\n\t<td class=\"column-1\">Helderheid (neten)<\/td><td class=\"column-2\">Standaardhelderheid \u22641500 Hoge helderheid \u22643500<\/td><td class=\"column-3\">Standaardhelderheid \u22641500 Hoge helderheid \u22643500<\/td>\n<\/tr>\n<tr class=\"row-7\">\n\t<td class=\"column-1\">Grijswaarden (bit)<\/td><td class=\"column-2\">14~16<\/td><td class=\"column-3\">14~16<\/td>\n<\/tr>\n<tr class=\"row-8\">\n\t<td class=\"column-1\">Pixelkalibratie<\/td><td class=\"column-2\">Ondersteuning voor helderheid en kleurkalibratie<\/td><td class=\"column-3\">Ondersteuning voor helderheid en kleurkalibratie<\/td>\n<\/tr>\n<tr class=\"row-9\">\n\t<td class=\"column-1\">Kleurtemperatuur (K)<\/td><td class=\"column-2\">2000~12000 (instelbaar)<\/td><td class=\"column-3\">2000~12000 (instelbaar)<\/td>\n<\/tr>\n<tr class=\"row-10\">\n\t<td class=\"column-1\">Controlesysteem<\/td><td class=\"column-2\">Synchrone besturing<\/td><td class=\"column-3\">Synchrone besturing<\/td>\n<\/tr>\n<tr class=\"row-11\">\n\t<td class=\"column-1\">Rijmodus<\/td><td class=\"column-2\">Constante stroomaandrijving (compatibel)<\/td><td class=\"column-3\">Constante stroomaandrijving (compatibel)<\/td>\n<\/tr>\n<tr class=\"row-12\">\n\t<td class=\"column-1\">Framesnelheid (Hz)<\/td><td class=\"column-2\">50\/60<\/td><td class=\"column-3\">50\/60<\/td>\n<\/tr>\n<tr class=\"row-13\">\n\t<td class=\"column-1\">Vernieuwingsfrequentie (Hz)<\/td><td class=\"column-2\">\u22653840<\/td><td class=\"column-3\">\u22653840<\/td>\n<\/tr>\n<tr class=\"row-14\">\n\t<td class=\"column-1\">Werkspanning (V)<\/td><td class=\"column-2\">AC100~240V (50~60Hz)<\/td><td class=\"column-3\">AC100~240V (50~60Hz)<\/td>\n<\/tr>\n<tr class=\"row-15\">\n\t<td class=\"column-1\">Maximaal energieverbruik (W\/m\u00b2)<\/td><td class=\"column-2\">\u2264450<\/td><td class=\"column-3\">\u2264450<\/td>\n<\/tr>\n<tr class=\"row-16\">\n\t<td class=\"column-1\">Gemiddeld energieverbruik (W\/m\u00b2)<\/td><td class=\"column-2\">\u2264180<\/td><td class=\"column-3\">\u2264180<\/td>\n<\/tr>\n<tr class=\"row-17\">\n\t<td class=\"column-1\">Bruikbare levensduur (H)<\/td><td class=\"column-2\">\u2264100.000<\/td><td class=\"column-3\">\u2264100.000<\/td>\n<\/tr>\n<tr class=\"row-18\">\n\t<td class=\"column-1\">Bedrijfstemperatuur (\u00b0C \/ \u00b0F)<\/td><td class=\"column-2\">-10~+40 \/ +14~+104<\/td><td class=\"column-3\">-10~+40 \/ +14~+104<\/td>\n<\/tr>\n<tr class=\"row-19\">\n\t<td class=\"column-1\">Bewaartemperatuur (\u00b0C \/ \u00b0F)<\/td><td class=\"column-2\">-20~+60 \/ -4~+140<\/td><td class=\"column-3\">-20~+60 \/ -4~+140<\/td>\n<\/tr>\n<tr class=\"row-20\">\n\t<td class=\"column-1\">Bedrijfsvochtigheid<\/td><td class=\"column-2\">10%~80%<\/td><td class=\"column-3\">10%~80%<\/td>\n<\/tr>\n<tr class=\"row-21\">\n\t<td class=\"column-1\">Gewicht van de kast (kg\/lbs)<\/td><td class=\"column-2\">6.8 \/ 15<\/td><td class=\"column-3\">6.8 \/ 15<\/td>\n<\/tr>\n<\/tbody>\n<\/table>\n\n\t\t<\/div>\n\t\t\t\t\t<\/div>\n\n\t\n<\/div>\n\t\t<\/div>\n\t\t\t\t\t<\/div>\n\n\t\n<\/div>","protected":false},"excerpt":{"rendered":"<p><strong>THO-serie HD LED-scherm: alles-in-\u00e9\u00e9n LED-scherm, breed formaat, nauwkeurige prestaties.<\/strong><\/p>\n<p>Het heeft een ultrabrede beeldverhouding van 21:9, waardoor het een ideale vervanging is voor opstellingen met twee monitoren in controlekamers, commandocentra en veeleisende omgevingen. Dankzij de fijne pixels levert het scherpe, gedetailleerde beelden.<\/p>\n<p><strong>Belangrijkste kenmerken:<\/strong><\/p>\n<ul>\n<li><strong>Beelden in hoge resolutie:<\/strong> fijne pixels van <a href=\"https:\/\/www.telaled.com\/nl\/fabrica\/modulo-painel-de-led-p1-25\/\">1,25 mm<\/a> En <a href=\"https:\/\/www.telaled.com\/nl\/fabrica\/modulo-painel-de-led-p1-56\/\">1,56 mm<\/a> Ze garanderen scherpe beelden en duidelijke tekst voor applicaties met veel details.<\/li>\n<li><strong>Ruimtebesparend ontwerp:<\/strong> De complete structuur vereenvoudigt de installatie en maakt meerdere monitoren overbodig.<\/li>\n<li><strong>Precisietechniek:<\/strong> De compacte moduleafmetingen (200 x 337,5 mm) en de geringe kastdiepte (38 mm) zorgen voor een strakke en professionele configuratie.<\/li>\n<\/ul>\n<p>Wij bieden 24\/7 ondersteuning op afstand en 3 jaar garantie. Neem vandaag nog contact met ons op voor een offerte op maat.<\/p>","protected":false},"featured_media":2903,"template":"","meta":[],"product_brand":[],"product_cat":[40,46],"product_tag":[],"class_list":{"0":"post-2902","1":"product","2":"type-product","3":"status-publish","4":"has-post-thumbnail","6":"product_cat-painel-de-led","7":"product_cat-painel-de-video","9":"first","10":"instock","11":"shipping-taxable","12":"product-type-simple"},"yoast_head":"<!-- This site is optimized with the Yoast SEO plugin v27.5 - https:\/\/yoast.com\/product\/yoast-seo-wordpress\/ -->\n<title>Painel de LED HD S\u00e9rie THO | Tela de Alta Resolu\u00e7\u00e3o para Imagens N\u00edtidas |TELALED<\/title>\n<meta name=\"description\" content=\"Aprimore seus recursos visuais com o painel LED HD da s\u00e9rie THO. Projetado para uso interno, ele oferece alta resolu\u00e7\u00e3o, cores vibrantes e desempenho suave para eventos, salas de controle e displays publicit\u00e1rios.\" \/>\n<meta name=\"robots\" content=\"index, follow, max-snippet:-1, max-image-preview:large, max-video-preview:-1\" \/>\n<link rel=\"canonical\" href=\"https:\/\/www.telaled.com\/nl\/fabrica\/painel-de-led-hd-serie-tho\/\" \/>\n<meta property=\"og:locale\" content=\"nl_NL\" \/>\n<meta property=\"og:type\" content=\"article\" \/>\n<meta property=\"og:title\" content=\"Painel de LED HD S\u00e9rie THO | Tela de Alta Resolu\u00e7\u00e3o para Imagens N\u00edtidas |TELALED\" \/>\n<meta property=\"og:description\" content=\"Aprimore seus recursos visuais com o painel LED HD da s\u00e9rie THO. Projetado para uso interno, ele oferece alta resolu\u00e7\u00e3o, cores vibrantes e desempenho suave para eventos, salas de controle e displays publicit\u00e1rios.\" \/>\n<meta property=\"og:url\" content=\"https:\/\/www.telaled.com\/nl\/fabrica\/painel-de-led-hd-serie-tho\/\" \/>\n<meta property=\"og:site_name\" content=\"TELALED\" \/>\n<meta property=\"article:modified_time\" content=\"2026-01-05T04:05:22+00:00\" \/>\n<meta property=\"og:image\" content=\"https:\/\/www.telaled.com\/wp-content\/uploads\/2025\/08\/Painel-de-LED-HD-Serie-THO.webp\" \/>\n\t<meta property=\"og:image:width\" content=\"500\" \/>\n\t<meta property=\"og:image:height\" content=\"500\" \/>\n\t<meta property=\"og:image:type\" content=\"image\/webp\" \/>\n<meta name=\"twitter:card\" content=\"summary_large_image\" \/>\n<meta name=\"twitter:label1\" content=\"Geschatte leestijd\" \/>\n\t<meta name=\"twitter:data1\" content=\"3 minuten\" \/>\n<script type=\"application\/ld+json\" class=\"yoast-schema-graph\">{\"@context\":\"https:\\\/\\\/schema.org\",\"@graph\":[{\"@type\":\"WebPage\",\"@id\":\"https:\\\/\\\/www.telaled.com\\\/fabrica\\\/painel-de-led-hd-serie-tho\\\/\",\"url\":\"https:\\\/\\\/www.telaled.com\\\/fabrica\\\/painel-de-led-hd-serie-tho\\\/\",\"name\":\"Painel de LED HD S\u00e9rie THO | Tela de Alta Resolu\u00e7\u00e3o para Imagens N\u00edtidas |TELALED\",\"isPartOf\":{\"@id\":\"https:\\\/\\\/www.telaled.com\\\/#website\"},\"primaryImageOfPage\":{\"@id\":\"https:\\\/\\\/www.telaled.com\\\/fabrica\\\/painel-de-led-hd-serie-tho\\\/#primaryimage\"},\"image\":{\"@id\":\"https:\\\/\\\/www.telaled.com\\\/fabrica\\\/painel-de-led-hd-serie-tho\\\/#primaryimage\"},\"thumbnailUrl\":\"https:\\\/\\\/www.telaled.com\\\/wp-content\\\/uploads\\\/2025\\\/08\\\/Painel-de-LED-HD-Serie-THO.webp\",\"datePublished\":\"2025-08-08T01:45:40+00:00\",\"dateModified\":\"2026-01-05T04:05:22+00:00\",\"description\":\"Aprimore seus recursos visuais com o painel LED HD da s\u00e9rie THO. Projetado para uso interno, ele oferece alta resolu\u00e7\u00e3o, cores vibrantes e desempenho suave para eventos, salas de controle e displays publicit\u00e1rios.\",\"breadcrumb\":{\"@id\":\"https:\\\/\\\/www.telaled.com\\\/fabrica\\\/painel-de-led-hd-serie-tho\\\/#breadcrumb\"},\"inLanguage\":\"nl-NL\",\"potentialAction\":[{\"@type\":\"ReadAction\",\"target\":[\"https:\\\/\\\/www.telaled.com\\\/fabrica\\\/painel-de-led-hd-serie-tho\\\/\"]}]},{\"@type\":\"ImageObject\",\"inLanguage\":\"nl-NL\",\"@id\":\"https:\\\/\\\/www.telaled.com\\\/fabrica\\\/painel-de-led-hd-serie-tho\\\/#primaryimage\",\"url\":\"https:\\\/\\\/www.telaled.com\\\/wp-content\\\/uploads\\\/2025\\\/08\\\/Painel-de-LED-HD-Serie-THO.webp\",\"contentUrl\":\"https:\\\/\\\/www.telaled.com\\\/wp-content\\\/uploads\\\/2025\\\/08\\\/Painel-de-LED-HD-Serie-THO.webp\",\"width\":500,\"height\":500,\"caption\":\"Painel-de-LED-HD-S\u00e9rie-THO\"},{\"@type\":\"BreadcrumbList\",\"@id\":\"https:\\\/\\\/www.telaled.com\\\/fabrica\\\/painel-de-led-hd-serie-tho\\\/#breadcrumb\",\"itemListElement\":[{\"@type\":\"ListItem\",\"position\":1,\"name\":\"Home\",\"item\":\"https:\\\/\\\/www.telaled.com\\\/\"},{\"@type\":\"ListItem\",\"position\":2,\"name\":\"Produtos\",\"item\":\"https:\\\/\\\/www.telaled.com\\\/shop\\\/\"},{\"@type\":\"ListItem\",\"position\":3,\"name\":\"Painel de LED HD S\u00e9rie THO\"}]},{\"@type\":\"WebSite\",\"@id\":\"https:\\\/\\\/www.telaled.com\\\/#website\",\"url\":\"https:\\\/\\\/www.telaled.com\\\/\",\"name\":\"TELALED\",\"description\":\"\",\"potentialAction\":[{\"@type\":\"SearchAction\",\"target\":{\"@type\":\"EntryPoint\",\"urlTemplate\":\"https:\\\/\\\/www.telaled.com\\\/?s={search_term_string}\"},\"query-input\":{\"@type\":\"PropertyValueSpecification\",\"valueRequired\":true,\"valueName\":\"search_term_string\"}}],\"inLanguage\":\"nl-NL\"}]}<\/script>\n<!-- \/ Yoast SEO plugin. -->","yoast_head_json":{"title":"THO-serie HD LED-paneel | Scherm met hoge resolutie voor scherpe beelden | TELALED","description":"Verbeter uw beeld met het THO-serie HD LED-scherm. Ontworpen voor gebruik binnenshuis, biedt het een hoge resolutie, levendige kleuren en soepele prestaties voor evenementen, controlekamers en reclamedisplays.","robots":{"index":"index","follow":"follow","max-snippet":"max-snippet:-1","max-image-preview":"max-image-preview:large","max-video-preview":"max-video-preview:-1"},"canonical":"https:\/\/www.telaled.com\/nl\/fabrica\/painel-de-led-hd-serie-tho\/","og_locale":"nl_NL","og_type":"article","og_title":"Painel de LED HD S\u00e9rie THO | Tela de Alta Resolu\u00e7\u00e3o para Imagens N\u00edtidas |TELALED","og_description":"Aprimore seus recursos visuais com o painel LED HD da s\u00e9rie THO. Projetado para uso interno, ele oferece alta resolu\u00e7\u00e3o, cores vibrantes e desempenho suave para eventos, salas de controle e displays publicit\u00e1rios.","og_url":"https:\/\/www.telaled.com\/nl\/fabrica\/painel-de-led-hd-serie-tho\/","og_site_name":"TELALED","article_modified_time":"2026-01-05T04:05:22+00:00","og_image":[{"width":500,"height":500,"url":"https:\/\/www.telaled.com\/wp-content\/uploads\/2025\/08\/Painel-de-LED-HD-Serie-THO.webp","type":"image\/webp"}],"twitter_card":"summary_large_image","twitter_misc":{"Geschatte leestijd":"3 minuten"},"schema":{"@context":"https:\/\/schema.org","@graph":[{"@type":"WebPage","@id":"https:\/\/www.telaled.com\/fabrica\/painel-de-led-hd-serie-tho\/","url":"https:\/\/www.telaled.com\/fabrica\/painel-de-led-hd-serie-tho\/","name":"THO-serie HD LED-paneel | Scherm met hoge resolutie voor scherpe beelden | TELALED","isPartOf":{"@id":"https:\/\/www.telaled.com\/#website"},"primaryImageOfPage":{"@id":"https:\/\/www.telaled.com\/fabrica\/painel-de-led-hd-serie-tho\/#primaryimage"},"image":{"@id":"https:\/\/www.telaled.com\/fabrica\/painel-de-led-hd-serie-tho\/#primaryimage"},"thumbnailUrl":"https:\/\/www.telaled.com\/wp-content\/uploads\/2025\/08\/Painel-de-LED-HD-Serie-THO.webp","datePublished":"2025-08-08T01:45:40+00:00","dateModified":"2026-01-05T04:05:22+00:00","description":"Verbeter uw beeld met het THO-serie HD LED-scherm. Ontworpen voor gebruik binnenshuis, biedt het een hoge resolutie, levendige kleuren en soepele prestaties voor evenementen, controlekamers en reclamedisplays.","breadcrumb":{"@id":"https:\/\/www.telaled.com\/fabrica\/painel-de-led-hd-serie-tho\/#breadcrumb"},"inLanguage":"nl-NL","potentialAction":[{"@type":"ReadAction","target":["https:\/\/www.telaled.com\/fabrica\/painel-de-led-hd-serie-tho\/"]}]},{"@type":"ImageObject","inLanguage":"nl-NL","@id":"https:\/\/www.telaled.com\/fabrica\/painel-de-led-hd-serie-tho\/#primaryimage","url":"https:\/\/www.telaled.com\/wp-content\/uploads\/2025\/08\/Painel-de-LED-HD-Serie-THO.webp","contentUrl":"https:\/\/www.telaled.com\/wp-content\/uploads\/2025\/08\/Painel-de-LED-HD-Serie-THO.webp","width":500,"height":500,"caption":"Painel-de-LED-HD-S\u00e9rie-THO"},{"@type":"BreadcrumbList","@id":"https:\/\/www.telaled.com\/fabrica\/painel-de-led-hd-serie-tho\/#breadcrumb","itemListElement":[{"@type":"ListItem","position":1,"name":"Home","item":"https:\/\/www.telaled.com\/"},{"@type":"ListItem","position":2,"name":"Produtos","item":"https:\/\/www.telaled.com\/shop\/"},{"@type":"ListItem","position":3,"name":"Painel de LED HD S\u00e9rie THO"}]},{"@type":"WebSite","@id":"https:\/\/www.telaled.com\/#website","url":"https:\/\/www.telaled.com\/","name":"LED-scherm","description":"","potentialAction":[{"@type":"SearchAction","target":{"@type":"EntryPoint","urlTemplate":"https:\/\/www.telaled.com\/?s={search_term_string}"},"query-input":{"@type":"PropertyValueSpecification","valueRequired":true,"valueName":"search_term_string"}}],"inLanguage":"nl-NL"}]}},"_links":{"self":[{"href":"https:\/\/www.telaled.com\/nl\/wp-json\/wp\/v2\/product\/2902","targetHints":{"allow":["GET"]}}],"collection":[{"href":"https:\/\/www.telaled.com\/nl\/wp-json\/wp\/v2\/product"}],"about":[{"href":"https:\/\/www.telaled.com\/nl\/wp-json\/wp\/v2\/types\/product"}],"wp:featuredmedia":[{"embeddable":true,"href":"https:\/\/www.telaled.com\/nl\/wp-json\/wp\/v2\/media\/2903"}],"wp:attachment":[{"href":"https:\/\/www.telaled.com\/nl\/wp-json\/wp\/v2\/media?parent=2902"}],"wp:term":[{"taxonomy":"product_brand","embeddable":true,"href":"https:\/\/www.telaled.com\/nl\/wp-json\/wp\/v2\/product_brand?post=2902"},{"taxonomy":"product_cat","embeddable":true,"href":"https:\/\/www.telaled.com\/nl\/wp-json\/wp\/v2\/product_cat?post=2902"},{"taxonomy":"product_tag","embeddable":true,"href":"https:\/\/www.telaled.com\/nl\/wp-json\/wp\/v2\/product_tag?post=2902"}],"curies":[{"name":"wp","href":"https:\/\/api.w.org\/{rel}","templated":true}]}}