{"id":2792,"date":"2025-07-29T08:46:16","date_gmt":"2025-07-29T08:46:16","guid":{"rendered":"https:\/\/www.telaled.com\/?post_type=product&#038;p=2792"},"modified":"2026-01-05T01:57:39","modified_gmt":"2026-01-05T01:57:39","slug":"paineis-de-led-outdoor-serie-tod","status":"publish","type":"product","link":"https:\/\/www.telaled.com\/nl\/fabrica\/paineis-de-led-outdoor-serie-tod\/","title":{"rendered":"TOD-serie LED-panelen voor buiten"},"content":{"rendered":"<div class=\"row\"  id=\"row-1210623968\">\n\n\t<div id=\"col-396461732\" class=\"col small-12 large-12\"  >\n\t\t\t\t<div class=\"col-inner\"  >\n\t\t\t\n\t\t\t\n<h2>Exclusieve voordelen van TOD-serie LED-panelen voor buiten<\/h2>\n<h3><strong>Superieure duurzaamheid<\/strong><\/h3>\n<ul>\n<li>Gemaakt met een gegoten aluminium achterframe, ontworpen om hoge temperaturen te weerstaan en ontbranding te voorkomen, wat zorgt voor een snelle warmteafvoer. Het frame is gemaakt van een standaard vlamvertragend materiaal, dat bestand is tegen hoge temperaturen zonder risico op spontane ontbranding.<\/li>\n<li>Gebruik aparte voedingen, waardoor de belasting wordt verminderd. <a href=\"https:\/\/www.telaled.com\/nl\/entendendo-o-consumo-de-energia-painel-de-led-quao-eficientes-sao-os-displays-de-led-modernos\/\">energieverbruik<\/a> en warmteontwikkeling. De aluminium modules zorgen voor een uitstekende warmteafvoer, waardoor tot 751 TP3T aan energiebesparing wordt behaald en de kosten worden verlaagd.<\/li>\n<\/ul>\n<h3><strong>Uitzonderlijke visuele kwaliteit<\/strong><\/h3>\n<ul>\n<li>Hoge vernieuwingsfrequentie tot 1920\/3840 Hz<\/li>\n<li>Brede kijkhoek van 160\u00b0\/140\u00b0<\/li>\n<\/ul>\n<h3><strong>Volledige aanpassingsvermogen<\/strong><\/h3>\n<ul>\n<li>100.000 levensduur.<\/li>\n<li>Helderheid tot 6.000~10.000 cd\/m2<\/li>\n<\/ul>\n<h3><strong>Uitgebreide ondersteuning<\/strong><\/h3>\n<ul>\n<li>24\/7 technische ondersteuning op afstand: altijd beschikbaar wanneer u hulp nodig hebt.<\/li>\n<li>5% aan reserveonderdelen inbegrepen \u2013 Geniet van meer gemoedsrust.<\/li>\n<li>3 jaar uitgebreide garantie \u2013 Profiteer van langdurige betrouwbaarheid en uitgebreide ondersteuning.<\/li>\n<\/ul>\n<h2>Productdetails<\/h2>\n<div class=\"row\"  id=\"row-249490172\">\n\n\t<div id=\"col-1088865744\" class=\"col medium-10 small-12 large-10\"  >\n\t\t\t\t<div class=\"col-inner text-left\"  >\n\t\t\t\n\t\t\t\n<ul>\n<li>Beschermingsklasse IP65 garandeert een stabiele werking van het scherm, zelfs bij extreme weersomstandigheden zoals hoge temperaturen, lage temperaturen en hoge luchtvochtigheid.<\/li>\n<\/ul>\n\t<div class=\"img has-hover x md-x lg-x y md-y lg-y\" id=\"image_1883006190\">\n\t\t\t\t\t\t\t\t<div class=\"img-inner dark\" >\n\t\t\t<img loading=\"lazy\" decoding=\"async\" width=\"1440\" height=\"500\" src=\"https:\/\/www.telaled.com\/wp-content\/uploads\/2025\/07\/Nivel-de-protecao-IP65.webp\" class=\"attachment-original size-original\" alt=\"Beschermingsniveau IP65\" srcset=\"https:\/\/www.telaled.com\/wp-content\/uploads\/2025\/07\/Nivel-de-protecao-IP65.webp 1440w, https:\/\/www.telaled.com\/wp-content\/uploads\/2025\/07\/Nivel-de-protecao-IP65-300x104.webp 300w, https:\/\/www.telaled.com\/wp-content\/uploads\/2025\/07\/Nivel-de-protecao-IP65-1024x356.webp 1024w, https:\/\/www.telaled.com\/wp-content\/uploads\/2025\/07\/Nivel-de-protecao-IP65-768x267.webp 768w, https:\/\/www.telaled.com\/wp-content\/uploads\/2025\/07\/Nivel-de-protecao-IP65-18x6.webp 18w, https:\/\/www.telaled.com\/wp-content\/uploads\/2025\/07\/Nivel-de-protecao-IP65-600x208.webp 600w\" sizes=\"auto, (max-width: 1440px) 100vw, 1440px\" \/>\t\t\t\t\t\t\n\t\t\t\t\t<\/div>\n\t\t\t\t\t\t\t\t\n<style>\n#image_1883006190 {\n  width: 95%;\n}\n<\/style>\n\t<\/div>\n\t\n\t\t<\/div>\n\t\t\t\t\t<\/div>\n\n\t\n\n\t<div id=\"col-647032200\" class=\"col medium-10 small-12 large-10\"  >\n\t\t\t\t<div class=\"col-inner text-left\"  >\n\t\t\t\n\t\t\t\n<ul>\n<li>Lampvoeten gevuld met dubbele vloeibare lijm, voor superieure bescherming en duurzaamheid<\/li>\n<\/ul>\n\t<div class=\"img has-hover x md-x lg-x y md-y lg-y\" id=\"image_694140328\">\n\t\t\t\t\t\t\t\t<div class=\"img-inner dark\" >\n\t\t\t<img loading=\"lazy\" decoding=\"async\" width=\"640\" height=\"430\" src=\"https:\/\/www.telaled.com\/wp-content\/uploads\/2025\/07\/Base-para-lampada-com-dupla-cola-liquida.webp\" class=\"attachment-large size-large\" alt=\"\" srcset=\"https:\/\/www.telaled.com\/wp-content\/uploads\/2025\/07\/Base-para-lampada-com-dupla-cola-liquida.webp 640w, https:\/\/www.telaled.com\/wp-content\/uploads\/2025\/07\/Base-para-lampada-com-dupla-cola-liquida-300x202.webp 300w, https:\/\/www.telaled.com\/wp-content\/uploads\/2025\/07\/Base-para-lampada-com-dupla-cola-liquida-18x12.webp 18w, https:\/\/www.telaled.com\/wp-content\/uploads\/2025\/07\/Base-para-lampada-com-dupla-cola-liquida-600x403.webp 600w\" sizes=\"auto, (max-width: 640px) 100vw, 640px\" \/>\t\t\t\t\t\t\n\t\t\t\t\t<\/div>\n\t\t\t\t\t\t\t\t\n<style>\n#image_694140328 {\n  width: 95%;\n}\n<\/style>\n\t<\/div>\n\t\n<ul>\n<li>Duurzame en veelzijdige maten<\/li>\n<\/ul>\n\t<div class=\"img has-hover x md-x lg-x y md-y lg-y\" id=\"image_1588762272\">\n\t\t\t\t\t\t\t\t<div class=\"img-inner dark\" >\n\t\t\t<img loading=\"lazy\" decoding=\"async\" width=\"1020\" height=\"283\" src=\"https:\/\/www.telaled.com\/wp-content\/uploads\/2025\/07\/Tamanhos-duraveis-e-versateis-1024x284.webp\" class=\"attachment-large size-large\" alt=\"Duurzame en veelzijdige maten\" srcset=\"https:\/\/www.telaled.com\/wp-content\/uploads\/2025\/07\/Tamanhos-duraveis-e-versateis-1024x284.webp 1024w, https:\/\/www.telaled.com\/wp-content\/uploads\/2025\/07\/Tamanhos-duraveis-e-versateis-300x83.webp 300w, https:\/\/www.telaled.com\/wp-content\/uploads\/2025\/07\/Tamanhos-duraveis-e-versateis-768x213.webp 768w, https:\/\/www.telaled.com\/wp-content\/uploads\/2025\/07\/Tamanhos-duraveis-e-versateis-18x5.webp 18w, https:\/\/www.telaled.com\/wp-content\/uploads\/2025\/07\/Tamanhos-duraveis-e-versateis-600x167.webp 600w, https:\/\/www.telaled.com\/wp-content\/uploads\/2025\/07\/Tamanhos-duraveis-e-versateis.webp 1440w\" sizes=\"auto, (max-width: 1020px) 100vw, 1020px\" \/>\t\t\t\t\t\t\n\t\t\t\t\t<\/div>\n\t\t\t\t\t\t\t\t\n<style>\n#image_1588762272 {\n  width: 95%;\n}\n<\/style>\n\t<\/div>\n\t\n\t\t<\/div>\n\t\t\t\t\t<\/div>\n\n\t\n\n\t<div id=\"col-1078765852\" class=\"col medium-10 small-12 large-10\"  >\n\t\t\t\t<div class=\"col-inner text-left\"  >\n\t\t\t\n\t\t\t\n<ul>\n<li>LED-schermen worden verpakt volgens het type en het beoogde gebruik, wat een veilig transport garandeert. Complete systemen worden verpakt in houten kratten voor extra stabiliteit, terwijl individuele LED-modules in stevige kartonnen dozen worden verpakt. Verhuurdisplays worden verzonden in speciale luchtvrachtdozen voor extra bescherming. Sommige artikelen worden ook verpakt in gewone dozen, maar bevatten houten kratten voor extra veiligheid.<\/li>\n<\/ul>\n\t<div class=\"img has-hover x md-x lg-x y md-y lg-y\" id=\"image_1643757143\">\n\t\t\t\t\t\t\t\t<div class=\"img-inner dark\" >\n\t\t\t<img loading=\"lazy\" decoding=\"async\" width=\"760\" height=\"1024\" src=\"https:\/\/www.telaled.com\/wp-content\/uploads\/2025\/06\/Embalagem-760x1024.webp\" class=\"attachment-large size-large\" alt=\"Verpakking\" srcset=\"https:\/\/www.telaled.com\/wp-content\/uploads\/2025\/06\/Embalagem-760x1024.webp 760w, https:\/\/www.telaled.com\/wp-content\/uploads\/2025\/06\/Embalagem-223x300.webp 223w, https:\/\/www.telaled.com\/wp-content\/uploads\/2025\/06\/Embalagem-768x1035.webp 768w, https:\/\/www.telaled.com\/wp-content\/uploads\/2025\/06\/Embalagem-9x12.webp 9w, https:\/\/www.telaled.com\/wp-content\/uploads\/2025\/06\/Embalagem-600x808.webp 600w, https:\/\/www.telaled.com\/wp-content\/uploads\/2025\/06\/Embalagem.webp 795w\" sizes=\"auto, (max-width: 760px) 100vw, 760px\" \/>\t\t\t\t\t\t\n\t\t\t\t\t<\/div>\n\t\t\t\t\t\t\t\t\n<style>\n#image_1643757143 {\n  width: 95%;\n}\n<\/style>\n\t<\/div>\n\t\n\t\t<\/div>\n\t\t\t\t\t<\/div>\n\n\t\n<\/div>\n\t\t<\/div>\n\t\t\t\t\t<\/div>\n\n\t\n\n\t<div id=\"col-458721913\" class=\"col small-12 large-12\"  >\n\t\t\t\t<div class=\"col-inner\"  >\n\t\t\t\n\t\t\t\n<div class=\"row\"  id=\"row-1412019689\">\n\n\t<div id=\"col-2101581102\" class=\"col medium-10 small-12 large-10\"  >\n\t\t\t\t<div class=\"col-inner\"  >\n\t\t\t\n\t\t\t\n\n<table id=\"tablepress-49\" class=\"tablepress tablepress-id-49\">\n<thead>\n<tr class=\"row-1\">\n\t<th class=\"column-1\">Model<\/th><th class=\"column-2\">TOD - 3.8<\/th><th class=\"column-3\">TOD - 5.3<\/th><th class=\"column-4\">TOD - 6,67<\/th><th class=\"column-5\">TOD-8<\/th><th class=\"column-6\">TOD - 10<\/th>\n<\/tr>\n<\/thead>\n<tbody class=\"row-striping row-hover\">\n<tr class=\"row-2\">\n\t<td class=\"column-1\">Pixelgrootte (mm)<\/td><td class=\"column-2\">3.8<\/td><td class=\"column-3\">5.33<\/td><td class=\"column-4\">6.67<\/td><td class=\"column-5\">8<\/td><td class=\"column-6\">10<\/td>\n<\/tr>\n<tr class=\"row-3\">\n\t<td class=\"column-1\">Modulegrootte (mm)<\/td><td class=\"column-2\">320\u00d7320<\/td><td class=\"column-3\">320\u00d7320<\/td><td class=\"column-4\">320\u00d7320<\/td><td class=\"column-5\">320\u00d7320<\/td><td class=\"column-6\">320\u00d7320<\/td>\n<\/tr>\n<tr class=\"row-4\">\n\t<td class=\"column-1\">Moduleresolutie (punten)<\/td><td class=\"column-2\">84\u00d784<\/td><td class=\"column-3\">60\u00d760<br \/>\n<\/td><td class=\"column-4\">48\u00d748<\/td><td class=\"column-5\">40\u00d740<\/td><td class=\"column-6\">32\u00d732<\/td>\n<\/tr>\n<tr class=\"row-5\">\n\t<td class=\"column-1\">Kastmaat (mm)<\/td><td class=\"column-2\">960\u00d7960<\/td><td class=\"column-3\">960\u00d7960<\/td><td class=\"column-4\">960\u00d7960<\/td><td class=\"column-5\">960\u00d7960<\/td><td class=\"column-6\">960\u00d7960<\/td>\n<\/tr>\n<tr class=\"row-6\">\n\t<td class=\"column-1\">Kabinetsresolutie (punten)<\/td><td class=\"column-2\">252\u00d7252<\/td><td class=\"column-3\">180\u00d7180<\/td><td class=\"column-4\">144\u00d7144<\/td><td class=\"column-5\">120\u00d7120<\/td><td class=\"column-6\">96\u00d796<\/td>\n<\/tr>\n<tr class=\"row-7\">\n\t<td class=\"column-1\">Kastgewicht (kg)<\/td><td class=\"column-2\">32<\/td><td class=\"column-3\">32<\/td><td class=\"column-4\">32<\/td><td class=\"column-5\">32<\/td><td class=\"column-6\">32<\/td>\n<\/tr>\n<tr class=\"row-8\">\n\t<td class=\"column-1\">Pixeldichtheid (Pixel\/\u33a1)<\/td><td class=\"column-2\">69,696<\/td><td class=\"column-3\">35,344<\/td><td class=\"column-4\">22,500<\/td><td class=\"column-5\">15,625<\/td><td class=\"column-6\">10,000<\/td>\n<\/tr>\n<tr class=\"row-9\">\n\t<td class=\"column-1\">Glans (Neten)<\/td><td class=\"column-2\">6,000~ 10,000<\/td><td class=\"column-3\">6,000~ 10,000<\/td><td class=\"column-4\">6,000~ 10,000<\/td><td class=\"column-5\">6,000~ 10,000<\/td><td class=\"column-6\">6,000~ 10,000<\/td>\n<\/tr>\n<tr class=\"row-10\">\n\t<td class=\"column-1\">Kleurtemperatuur (K)<\/td><td class=\"column-2\">3,000~ 10,000<\/td><td class=\"column-3\">3,000~ 10,000<\/td><td class=\"column-4\">3,000~ 10,000<\/td><td class=\"column-5\">3,000~ 10,000<\/td><td class=\"column-6\">3,000~ 10,000<\/td>\n<\/tr>\n<tr class=\"row-11\">\n\t<td class=\"column-1\">Kijkhoek (B\/H)<\/td><td class=\"column-2\">160\/140<\/td><td class=\"column-3\">160\/140<\/td><td class=\"column-4\">160\/140<\/td><td class=\"column-5\">160\/140<\/td><td class=\"column-6\">160\/140<\/td>\n<\/tr>\n<tr class=\"row-12\">\n\t<td class=\"column-1\">Contrastverhouding<\/td><td class=\"column-2\">5000:1<\/td><td class=\"column-3\">5000:1<\/td><td class=\"column-4\">5000:1<\/td><td class=\"column-5\">5000:1<\/td><td class=\"column-6\">5000:1<\/td>\n<\/tr>\n<tr class=\"row-13\">\n\t<td class=\"column-1\">Vernieuwingsfrequentie (Hz)<\/td><td class=\"column-2\">1920\/3840<\/td><td class=\"column-3\">1920\/3840<\/td><td class=\"column-4\">1920\/3840<\/td><td class=\"column-5\">1920\/3840<\/td><td class=\"column-6\">1920\/3840<\/td>\n<\/tr>\n<tr class=\"row-14\">\n\t<td class=\"column-1\">Framesnelheid<\/td><td class=\"column-2\">50\/60Hz<\/td><td class=\"column-3\">50\/60Hz<\/td><td class=\"column-4\">50\/60Hz<\/td><td class=\"column-5\">50\/60Hz<\/td><td class=\"column-6\">50\/60Hz<\/td>\n<\/tr>\n<tr class=\"row-15\">\n\t<td class=\"column-1\">Stroomverbruik (W\/\u33a1)<\/td><td class=\"column-2\">Max: 600; Gemiddeld: 200<\/td><td class=\"column-3\">Max: 600; Gemiddeld: 200<\/td><td class=\"column-4\">Max: 600; Gemiddeld: 200<\/td><td class=\"column-5\">Max: 600; Gemiddeld: 200<\/td><td class=\"column-6\">Max: 600; Gemiddeld: 200<\/td>\n<\/tr>\n<tr class=\"row-16\">\n\t<td class=\"column-1\">Toegang tot de dienst<\/td><td class=\"column-2\">Voor Achter<\/td><td class=\"column-3\">Voor Achter<\/td><td class=\"column-4\">Voor Achter<\/td><td class=\"column-5\">Voor Achter<\/td><td class=\"column-6\">Voor Achter<\/td>\n<\/tr>\n<tr class=\"row-17\">\n\t<td class=\"column-1\">Levensduur (uren)<\/td><td class=\"column-2\">100,000<\/td><td class=\"column-3\">100,000<\/td><td class=\"column-4\">100,000<\/td><td class=\"column-5\">100,000<\/td><td class=\"column-6\">100,000<\/td>\n<\/tr>\n<tr class=\"row-18\">\n\t<td class=\"column-1\">Werktemperatuur (\u2103)<\/td><td class=\"column-2\"><br \/>\n-40~70<\/td><td class=\"column-3\"><br \/>\n-40~70<\/td><td class=\"column-4\"><br \/>\n-40~70<\/td><td class=\"column-5\"><br \/>\n-40~70<\/td><td class=\"column-6\"><br \/>\n-40~70<\/td>\n<\/tr>\n<tr class=\"row-19\">\n\t<td class=\"column-1\">Bedrijfsvochtigheid (%)<\/td><td class=\"column-2\">0~90<\/td><td class=\"column-3\">0~90<\/td><td class=\"column-4\">0~90<\/td><td class=\"column-5\">0~90<\/td><td class=\"column-6\">0~90<\/td>\n<\/tr>\n<\/tbody>\n<\/table>\n<!-- #tablepress-49 from cache -->\n\t\t<\/div>\n\t\t\t\t\t<\/div>\n\n\t\n<\/div>\n\t\t<\/div>\n\t\t\t\t\t<\/div>\n\n\t\n<\/div>","protected":false},"excerpt":{"rendered":"<p><strong>TOD-serie LED-buitenreclameborden: gebouwd voor zware omstandigheden, klaar om impact te maken<\/strong><\/p>\n<p>DE <em><strong>TOD-serie LED-panelen voor buiten<\/strong><\/em> Het is ontworpen voor zware omstandigheden en biedt een hoge weerbestendigheid en stabiele beeldprestaties. Verkrijgbaar in verschillende formaten en met verschillende pixeldichtheden voor flexibele installatie.<\/p>\n<p><strong>Belangrijkste kenmerken:<\/strong><\/p>\n<ul>\n<li><strong>Diverse kastmaten:<\/strong> De beschikbare formaten zijn 960 x 960, 640 x 960, 640 x 640 en 960 x 640 mm, voor flexibele configuraties.<\/li>\n<li><strong>Snelle warmteafvoer<\/strong>Hoge temperatuurbestendigheid met effici\u00ebnte warmteafvoer, waardoor storingen worden voorkomen.<\/li>\n<li><strong>Consistente visuele weergave:<\/strong> Het behoudt zijn helderheid en scherpte, zelfs bij direct zonlicht en wisselende weersomstandigheden.<\/li>\n<\/ul>\n<p>Snelle installatie en vervanging: de gestandaardiseerde modules van 320 x 320 mm maken een eenvoudige montage en snel onderhoud op locatie mogelijk.<\/p>\n<p>Wij bieden 24\/7 ondersteuning op afstand en 3 jaar standaardgarantie. Neem nu contact met ons op voor een offerte op maat.<\/p>","protected":false},"featured_media":2793,"template":"","meta":[],"product_brand":[],"product_cat":[40,46],"product_tag":[],"class_list":{"0":"post-2792","1":"product","2":"type-product","3":"status-publish","4":"has-post-thumbnail","6":"product_cat-painel-de-led","7":"product_cat-painel-de-video","9":"first","10":"instock","11":"shipping-taxable","12":"product-type-simple"},"yoast_head":"<!-- This site is optimized with the Yoast SEO plugin v27.5 - https:\/\/yoast.com\/product\/yoast-seo-wordpress\/ -->\n<title>Pain\u00e9is de LED Outdoor de Alta Qualidade para Displays Claros e de Alta Visibilidade em Todas as Condi\u00e7\u00f5es Clim\u00e1ticas | TELALED<\/title>\n<meta name=\"description\" content=\"Obtenha visuais n\u00edtidos e vibrantes com nossos Pain\u00e9is de LED Outdoor, resistentes \u00e0s intemp\u00e9ries. Perfeitos para publicidade e exibi\u00e7\u00f5es p\u00fablicas. Compre agora solu\u00e7\u00f5es confi\u00e1veis e com efici\u00eancia energ\u00e9tica.\" \/>\n<meta name=\"robots\" content=\"index, follow, max-snippet:-1, max-image-preview:large, max-video-preview:-1\" \/>\n<link rel=\"canonical\" href=\"https:\/\/www.telaled.com\/nl\/fabrica\/paineis-de-led-outdoor-serie-tod\/\" \/>\n<meta property=\"og:locale\" content=\"nl_NL\" \/>\n<meta property=\"og:type\" content=\"article\" \/>\n<meta property=\"og:title\" content=\"Pain\u00e9is de LED Outdoor de Alta Qualidade para Displays Claros e de Alta Visibilidade em Todas as Condi\u00e7\u00f5es Clim\u00e1ticas | TELALED\" \/>\n<meta property=\"og:description\" content=\"Obtenha visuais n\u00edtidos e vibrantes com nossos Pain\u00e9is de LED Outdoor, resistentes \u00e0s intemp\u00e9ries. Perfeitos para publicidade e exibi\u00e7\u00f5es p\u00fablicas. Compre agora solu\u00e7\u00f5es confi\u00e1veis e com efici\u00eancia energ\u00e9tica.\" \/>\n<meta property=\"og:url\" content=\"https:\/\/www.telaled.com\/nl\/fabrica\/paineis-de-led-outdoor-serie-tod\/\" \/>\n<meta property=\"og:site_name\" content=\"TELALED\" \/>\n<meta property=\"article:modified_time\" content=\"2026-01-05T01:57:39+00:00\" \/>\n<meta property=\"og:image\" content=\"https:\/\/www.telaled.com\/wp-content\/uploads\/2025\/07\/Paineis-de-LED-Outdoor-Serie-TOD.webp\" \/>\n\t<meta property=\"og:image:width\" content=\"500\" \/>\n\t<meta property=\"og:image:height\" content=\"500\" \/>\n\t<meta property=\"og:image:type\" content=\"image\/webp\" \/>\n<meta name=\"twitter:card\" content=\"summary_large_image\" \/>\n<meta name=\"twitter:label1\" content=\"Geschatte leestijd\" \/>\n\t<meta name=\"twitter:data1\" content=\"2 minuten\" \/>\n<script type=\"application\/ld+json\" class=\"yoast-schema-graph\">{\"@context\":\"https:\\\/\\\/schema.org\",\"@graph\":[{\"@type\":\"WebPage\",\"@id\":\"https:\\\/\\\/www.telaled.com\\\/fabrica\\\/paineis-de-led-outdoor-serie-tod\\\/\",\"url\":\"https:\\\/\\\/www.telaled.com\\\/fabrica\\\/paineis-de-led-outdoor-serie-tod\\\/\",\"name\":\"Pain\u00e9is de LED Outdoor de Alta Qualidade para Displays Claros e de Alta Visibilidade em Todas as Condi\u00e7\u00f5es Clim\u00e1ticas | TELALED\",\"isPartOf\":{\"@id\":\"https:\\\/\\\/www.telaled.com\\\/#website\"},\"primaryImageOfPage\":{\"@id\":\"https:\\\/\\\/www.telaled.com\\\/fabrica\\\/paineis-de-led-outdoor-serie-tod\\\/#primaryimage\"},\"image\":{\"@id\":\"https:\\\/\\\/www.telaled.com\\\/fabrica\\\/paineis-de-led-outdoor-serie-tod\\\/#primaryimage\"},\"thumbnailUrl\":\"https:\\\/\\\/www.telaled.com\\\/wp-content\\\/uploads\\\/2025\\\/07\\\/Paineis-de-LED-Outdoor-Serie-TOD.webp\",\"datePublished\":\"2025-07-29T08:46:16+00:00\",\"dateModified\":\"2026-01-05T01:57:39+00:00\",\"description\":\"Obtenha visuais n\u00edtidos e vibrantes com nossos Pain\u00e9is de LED Outdoor, resistentes \u00e0s intemp\u00e9ries. Perfeitos para publicidade e exibi\u00e7\u00f5es p\u00fablicas. Compre agora solu\u00e7\u00f5es confi\u00e1veis e com efici\u00eancia energ\u00e9tica.\",\"breadcrumb\":{\"@id\":\"https:\\\/\\\/www.telaled.com\\\/fabrica\\\/paineis-de-led-outdoor-serie-tod\\\/#breadcrumb\"},\"inLanguage\":\"nl-NL\",\"potentialAction\":[{\"@type\":\"ReadAction\",\"target\":[\"https:\\\/\\\/www.telaled.com\\\/fabrica\\\/paineis-de-led-outdoor-serie-tod\\\/\"]}]},{\"@type\":\"ImageObject\",\"inLanguage\":\"nl-NL\",\"@id\":\"https:\\\/\\\/www.telaled.com\\\/fabrica\\\/paineis-de-led-outdoor-serie-tod\\\/#primaryimage\",\"url\":\"https:\\\/\\\/www.telaled.com\\\/wp-content\\\/uploads\\\/2025\\\/07\\\/Paineis-de-LED-Outdoor-Serie-TOD.webp\",\"contentUrl\":\"https:\\\/\\\/www.telaled.com\\\/wp-content\\\/uploads\\\/2025\\\/07\\\/Paineis-de-LED-Outdoor-Serie-TOD.webp\",\"width\":500,\"height\":500,\"caption\":\"Pain\u00e9is-de-LED-Outdoor-S\u00e9rie-TOD\"},{\"@type\":\"BreadcrumbList\",\"@id\":\"https:\\\/\\\/www.telaled.com\\\/fabrica\\\/paineis-de-led-outdoor-serie-tod\\\/#breadcrumb\",\"itemListElement\":[{\"@type\":\"ListItem\",\"position\":1,\"name\":\"Home\",\"item\":\"https:\\\/\\\/www.telaled.com\\\/\"},{\"@type\":\"ListItem\",\"position\":2,\"name\":\"Produtos\",\"item\":\"https:\\\/\\\/www.telaled.com\\\/shop\\\/\"},{\"@type\":\"ListItem\",\"position\":3,\"name\":\"Pain\u00e9is de LED Outdoor S\u00e9rie TOD\"}]},{\"@type\":\"WebSite\",\"@id\":\"https:\\\/\\\/www.telaled.com\\\/#website\",\"url\":\"https:\\\/\\\/www.telaled.com\\\/\",\"name\":\"TELALED\",\"description\":\"\",\"potentialAction\":[{\"@type\":\"SearchAction\",\"target\":{\"@type\":\"EntryPoint\",\"urlTemplate\":\"https:\\\/\\\/www.telaled.com\\\/?s={search_term_string}\"},\"query-input\":{\"@type\":\"PropertyValueSpecification\",\"valueRequired\":true,\"valueName\":\"search_term_string\"}}],\"inLanguage\":\"nl-NL\"}]}<\/script>\n<!-- \/ Yoast SEO plugin. -->","yoast_head_json":{"title":"Hoogwaardige LED-buitenreclame voor duidelijke, goed zichtbare displays bij alle weersomstandigheden | TELALED","description":"Cre\u00eber scherpe, levendige beelden met onze weerbestendige LED-reclameborden voor buiten. Perfect voor reclame en openbare displays. Koop nu betrouwbare, energiezuinige oplossingen.","robots":{"index":"index","follow":"follow","max-snippet":"max-snippet:-1","max-image-preview":"max-image-preview:large","max-video-preview":"max-video-preview:-1"},"canonical":"https:\/\/www.telaled.com\/nl\/fabrica\/paineis-de-led-outdoor-serie-tod\/","og_locale":"nl_NL","og_type":"article","og_title":"Pain\u00e9is de LED Outdoor de Alta Qualidade para Displays Claros e de Alta Visibilidade em Todas as Condi\u00e7\u00f5es Clim\u00e1ticas | TELALED","og_description":"Obtenha visuais n\u00edtidos e vibrantes com nossos Pain\u00e9is de LED Outdoor, resistentes \u00e0s intemp\u00e9ries. Perfeitos para publicidade e exibi\u00e7\u00f5es p\u00fablicas. Compre agora solu\u00e7\u00f5es confi\u00e1veis e com efici\u00eancia energ\u00e9tica.","og_url":"https:\/\/www.telaled.com\/nl\/fabrica\/paineis-de-led-outdoor-serie-tod\/","og_site_name":"TELALED","article_modified_time":"2026-01-05T01:57:39+00:00","og_image":[{"width":500,"height":500,"url":"https:\/\/www.telaled.com\/wp-content\/uploads\/2025\/07\/Paineis-de-LED-Outdoor-Serie-TOD.webp","type":"image\/webp"}],"twitter_card":"summary_large_image","twitter_misc":{"Geschatte leestijd":"2 minuten"},"schema":{"@context":"https:\/\/schema.org","@graph":[{"@type":"WebPage","@id":"https:\/\/www.telaled.com\/fabrica\/paineis-de-led-outdoor-serie-tod\/","url":"https:\/\/www.telaled.com\/fabrica\/paineis-de-led-outdoor-serie-tod\/","name":"Hoogwaardige LED-buitenreclame voor duidelijke, goed zichtbare displays bij alle weersomstandigheden | TELALED","isPartOf":{"@id":"https:\/\/www.telaled.com\/#website"},"primaryImageOfPage":{"@id":"https:\/\/www.telaled.com\/fabrica\/paineis-de-led-outdoor-serie-tod\/#primaryimage"},"image":{"@id":"https:\/\/www.telaled.com\/fabrica\/paineis-de-led-outdoor-serie-tod\/#primaryimage"},"thumbnailUrl":"https:\/\/www.telaled.com\/wp-content\/uploads\/2025\/07\/Paineis-de-LED-Outdoor-Serie-TOD.webp","datePublished":"2025-07-29T08:46:16+00:00","dateModified":"2026-01-05T01:57:39+00:00","description":"Cre\u00eber scherpe, levendige beelden met onze weerbestendige LED-reclameborden voor buiten. Perfect voor reclame en openbare displays. Koop nu betrouwbare, energiezuinige oplossingen.","breadcrumb":{"@id":"https:\/\/www.telaled.com\/fabrica\/paineis-de-led-outdoor-serie-tod\/#breadcrumb"},"inLanguage":"nl-NL","potentialAction":[{"@type":"ReadAction","target":["https:\/\/www.telaled.com\/fabrica\/paineis-de-led-outdoor-serie-tod\/"]}]},{"@type":"ImageObject","inLanguage":"nl-NL","@id":"https:\/\/www.telaled.com\/fabrica\/paineis-de-led-outdoor-serie-tod\/#primaryimage","url":"https:\/\/www.telaled.com\/wp-content\/uploads\/2025\/07\/Paineis-de-LED-Outdoor-Serie-TOD.webp","contentUrl":"https:\/\/www.telaled.com\/wp-content\/uploads\/2025\/07\/Paineis-de-LED-Outdoor-Serie-TOD.webp","width":500,"height":500,"caption":"Pain\u00e9is-de-LED-Outdoor-S\u00e9rie-TOD"},{"@type":"BreadcrumbList","@id":"https:\/\/www.telaled.com\/fabrica\/paineis-de-led-outdoor-serie-tod\/#breadcrumb","itemListElement":[{"@type":"ListItem","position":1,"name":"Home","item":"https:\/\/www.telaled.com\/"},{"@type":"ListItem","position":2,"name":"Produtos","item":"https:\/\/www.telaled.com\/shop\/"},{"@type":"ListItem","position":3,"name":"Pain\u00e9is de LED Outdoor S\u00e9rie TOD"}]},{"@type":"WebSite","@id":"https:\/\/www.telaled.com\/#website","url":"https:\/\/www.telaled.com\/","name":"LED-scherm","description":"","potentialAction":[{"@type":"SearchAction","target":{"@type":"EntryPoint","urlTemplate":"https:\/\/www.telaled.com\/?s={search_term_string}"},"query-input":{"@type":"PropertyValueSpecification","valueRequired":true,"valueName":"search_term_string"}}],"inLanguage":"nl-NL"}]}},"_links":{"self":[{"href":"https:\/\/www.telaled.com\/nl\/wp-json\/wp\/v2\/product\/2792","targetHints":{"allow":["GET"]}}],"collection":[{"href":"https:\/\/www.telaled.com\/nl\/wp-json\/wp\/v2\/product"}],"about":[{"href":"https:\/\/www.telaled.com\/nl\/wp-json\/wp\/v2\/types\/product"}],"wp:featuredmedia":[{"embeddable":true,"href":"https:\/\/www.telaled.com\/nl\/wp-json\/wp\/v2\/media\/2793"}],"wp:attachment":[{"href":"https:\/\/www.telaled.com\/nl\/wp-json\/wp\/v2\/media?parent=2792"}],"wp:term":[{"taxonomy":"product_brand","embeddable":true,"href":"https:\/\/www.telaled.com\/nl\/wp-json\/wp\/v2\/product_brand?post=2792"},{"taxonomy":"product_cat","embeddable":true,"href":"https:\/\/www.telaled.com\/nl\/wp-json\/wp\/v2\/product_cat?post=2792"},{"taxonomy":"product_tag","embeddable":true,"href":"https:\/\/www.telaled.com\/nl\/wp-json\/wp\/v2\/product_tag?post=2792"}],"curies":[{"name":"wp","href":"https:\/\/api.w.org\/{rel}","templated":true}]}}