{"id":2717,"date":"2025-07-23T07:41:55","date_gmt":"2025-07-23T07:41:55","guid":{"rendered":"https:\/\/www.telaled.com\/?post_type=product&#038;p=2717"},"modified":"2026-01-03T08:52:48","modified_gmt":"2026-01-03T08:52:48","slug":"piso-de-led-interativo-serie-tri","status":"publish","type":"product","link":"https:\/\/www.telaled.com\/nl\/fabrica\/piso-de-led-interativo-serie-tri\/","title":{"rendered":"TRI-serie interactieve LED-vloer"},"content":{"rendered":"<div class=\"row\"  id=\"row-32917038\">\n\n\t<div id=\"col-1327633928\" class=\"col small-12 large-12\"  >\n\t\t\t\t<div class=\"col-inner\"  >\n\t\t\t\n\t\t\t\n<h2>Unieke voordelen van de TRI-serie interactieve LED-vloeren<\/h2>\n<h3><strong>Superieure duurzaamheid<\/strong><\/h3>\n<ul>\n<li>De behuizing is gemaakt van een aluminiumlegering voor duurzaamheid en lichtheid, en biedt corrosie- en stootbestendigheid. Bovendien is de behuizing beschermd door een poedercoating, die bestand is tegen krassen, verkleuring en zware omstandigheden bij langdurig gebruik. De behuizing is voorzien van zeer sterke PC-maskers en een slagvaste metalen behuizing. De behuizing heeft een draagvermogen tot 2 ton.<\/li>\n<li>De LED-module maakt gebruik van LED&#039;s. <a href=\"https:\/\/www.telaled.com\/nl\/led-smd\/\">SMD<\/a> Voor levendige beelden en een hoge energie-effici\u00ebntie. Zorgt voor heldere, scherpe beelden met uitstekende kleurweergave. Ontworpen met printplaten op koperbasis voor effici\u00ebnte warmteafvoer en ter voorkoming van oververhitting.<\/li>\n<\/ul>\n<h3><strong>Uitzonderlijke visuele kwaliteit<\/strong><\/h3>\n<ul>\n<li>Hoge vernieuwingsfrequentie tot 1920-3840 Hz<\/li>\n<li>Brede kijkhoek van 120\u00b0<\/li>\n<\/ul>\n<h3><strong>Volledige aanpassingsvermogen<\/strong><\/h3>\n<ul>\n<li>IP65 regen-\/stofbescherming voor binnen- en buitengebruik (-20\u00b0C tot 50\u00b0C)<\/li>\n<\/ul>\n<h3><strong>Uitgebreide ondersteuning<\/strong><\/h3>\n<ul>\n<li>24\/7 online technische ondersteuning op afstand \u2013 Hulp wanneer u die nodig hebt.<\/li>\n<li>5% aan reserveonderdelen inbegrepen \u2013 Extra onderdelen worden bij elke levering meegeleverd voor extra gemoedsrust.<\/li>\n<li>3 jaar verlengde garantie.<\/li>\n<\/ul>\n<h2>Productdetails<\/h2>\n<div class=\"row\"  id=\"row-1778597648\">\n\n\t<div id=\"col-1351267079\" class=\"col medium-10 small-12 large-10\"  >\n\t\t\t\t<div class=\"col-inner text-left\"  >\n\t\t\t\n\t\t\t\n<ul>\n<li>Specificaties <a href=\"https:\/\/www.telaled.com\/nl\/parede-interativa\/\">interactieve LED-vloer<\/a><\/li>\n<\/ul>\n\t<div class=\"img has-hover x md-x lg-x y md-y lg-y\" id=\"image_1137324227\">\n\t\t\t\t\t\t\t\t<div class=\"img-inner dark\" >\n\t\t\t<img loading=\"lazy\" decoding=\"async\" width=\"1300\" height=\"560\" src=\"https:\/\/www.telaled.com\/wp-content\/uploads\/2025\/07\/Especificacoes-do-LED-interativo-para-piso.jpg\" class=\"attachment-original size-original\" alt=\"Specificaties interactieve LED-vloerverlichting\" srcset=\"https:\/\/www.telaled.com\/wp-content\/uploads\/2025\/07\/Especificacoes-do-LED-interativo-para-piso.jpg 1300w, https:\/\/www.telaled.com\/wp-content\/uploads\/2025\/07\/Especificacoes-do-LED-interativo-para-piso-300x129.jpg 300w, https:\/\/www.telaled.com\/wp-content\/uploads\/2025\/07\/Especificacoes-do-LED-interativo-para-piso-1024x441.jpg 1024w, https:\/\/www.telaled.com\/wp-content\/uploads\/2025\/07\/Especificacoes-do-LED-interativo-para-piso-768x331.jpg 768w, https:\/\/www.telaled.com\/wp-content\/uploads\/2025\/07\/Especificacoes-do-LED-interativo-para-piso-18x8.jpg 18w, https:\/\/www.telaled.com\/wp-content\/uploads\/2025\/07\/Especificacoes-do-LED-interativo-para-piso-600x258.jpg 600w\" sizes=\"auto, (max-width: 1300px) 100vw, 1300px\" \/>\t\t\t\t\t\t\n\t\t\t\t\t<\/div>\n\t\t\t\t\t\t\t\t\n<style>\n#image_1137324227 {\n  width: 95%;\n}\n<\/style>\n\t<\/div>\n\t\n\t\t<\/div>\n\t\t\t\t\t<\/div>\n\n\t\n\n\t<div id=\"col-1060976717\" class=\"col medium-10 small-12 large-10\"  >\n\t\t\t\t<div class=\"col-inner text-left\"  >\n\t\t\t\n\t\t\t\n<ul>\n<li>Verschillende installatiemodi van interactieve LED-vloeren<\/li>\n<\/ul>\n\t<div class=\"img has-hover x md-x lg-x y md-y lg-y\" id=\"image_311222197\">\n\t\t\t\t\t\t\t\t<div class=\"img-inner dark\" >\n\t\t\t<img loading=\"lazy\" decoding=\"async\" width=\"1020\" height=\"319\" src=\"https:\/\/www.telaled.com\/wp-content\/uploads\/2025\/07\/Varios-modos-de-instalacao-do-piso-LED-interativo-1024x320.webp\" class=\"attachment-large size-large\" alt=\"\" srcset=\"https:\/\/www.telaled.com\/wp-content\/uploads\/2025\/07\/Varios-modos-de-instalacao-do-piso-LED-interativo-1024x320.webp 1024w, https:\/\/www.telaled.com\/wp-content\/uploads\/2025\/07\/Varios-modos-de-instalacao-do-piso-LED-interativo-300x94.webp 300w, https:\/\/www.telaled.com\/wp-content\/uploads\/2025\/07\/Varios-modos-de-instalacao-do-piso-LED-interativo-768x240.webp 768w, https:\/\/www.telaled.com\/wp-content\/uploads\/2025\/07\/Varios-modos-de-instalacao-do-piso-LED-interativo-1536x480.webp 1536w, https:\/\/www.telaled.com\/wp-content\/uploads\/2025\/07\/Varios-modos-de-instalacao-do-piso-LED-interativo-18x6.webp 18w, https:\/\/www.telaled.com\/wp-content\/uploads\/2025\/07\/Varios-modos-de-instalacao-do-piso-LED-interativo-600x188.webp 600w, https:\/\/www.telaled.com\/wp-content\/uploads\/2025\/07\/Varios-modos-de-instalacao-do-piso-LED-interativo.webp 1920w\" sizes=\"auto, (max-width: 1020px) 100vw, 1020px\" \/>\t\t\t\t\t\t\n\t\t\t\t\t<\/div>\n\t\t\t\t\t\t\t\t\n<style>\n#image_311222197 {\n  width: 95%;\n}\n<\/style>\n\t<\/div>\n\t\n<ul>\n<li>Interactief LED-vloerinstallatieproces<\/li>\n<\/ul>\n\t<div class=\"img has-hover x md-x lg-x y md-y lg-y\" id=\"image_1653331757\">\n\t\t\t\t\t\t\t\t<div class=\"img-inner dark\" >\n\t\t\t<img loading=\"lazy\" decoding=\"async\" width=\"1020\" height=\"492\" src=\"https:\/\/www.telaled.com\/wp-content\/uploads\/2025\/07\/Processo-de-instalacao-do-piso-LED-interativo-1024x494.webp\" class=\"attachment-large size-large\" alt=\"Interactief LED-vloerinstallatieproces\" srcset=\"https:\/\/www.telaled.com\/wp-content\/uploads\/2025\/07\/Processo-de-instalacao-do-piso-LED-interativo-1024x494.webp 1024w, https:\/\/www.telaled.com\/wp-content\/uploads\/2025\/07\/Processo-de-instalacao-do-piso-LED-interativo-300x145.webp 300w, https:\/\/www.telaled.com\/wp-content\/uploads\/2025\/07\/Processo-de-instalacao-do-piso-LED-interativo-768x371.webp 768w, https:\/\/www.telaled.com\/wp-content\/uploads\/2025\/07\/Processo-de-instalacao-do-piso-LED-interativo-18x9.webp 18w, https:\/\/www.telaled.com\/wp-content\/uploads\/2025\/07\/Processo-de-instalacao-do-piso-LED-interativo-600x290.webp 600w, https:\/\/www.telaled.com\/wp-content\/uploads\/2025\/07\/Processo-de-instalacao-do-piso-LED-interativo.webp 1036w\" sizes=\"auto, (max-width: 1020px) 100vw, 1020px\" \/>\t\t\t\t\t\t\n\t\t\t\t\t<\/div>\n\t\t\t\t\t\t\t\t\n<style>\n#image_1653331757 {\n  width: 95%;\n}\n<\/style>\n\t<\/div>\n\t\n<ul>\n<li>Interactief LED-vloersysteemdiagram<\/li>\n<\/ul>\n\t\t<\/div>\n\t\t\t\t\t<\/div>\n\n\t\n\n\t<div id=\"col-2105016765\" class=\"col medium-10 small-12 large-10\"  >\n\t\t\t\t<div class=\"col-inner text-left\"  >\n\t\t\t\n\t\t\t\n\t<div class=\"img has-hover x md-x lg-x y md-y lg-y\" id=\"image_7219097\">\n\t\t\t\t\t\t\t\t<div class=\"img-inner dark\" >\n\t\t\t<img loading=\"lazy\" decoding=\"async\" width=\"1020\" height=\"403\" src=\"https:\/\/www.telaled.com\/wp-content\/uploads\/2025\/07\/Diagrama-do-sistema-interativo-de-exibicao-no-piso-1024x405.webp\" class=\"attachment-large size-large\" alt=\"\" srcset=\"https:\/\/www.telaled.com\/wp-content\/uploads\/2025\/07\/Diagrama-do-sistema-interativo-de-exibicao-no-piso-1024x405.webp 1024w, https:\/\/www.telaled.com\/wp-content\/uploads\/2025\/07\/Diagrama-do-sistema-interativo-de-exibicao-no-piso-300x119.webp 300w, https:\/\/www.telaled.com\/wp-content\/uploads\/2025\/07\/Diagrama-do-sistema-interativo-de-exibicao-no-piso-768x304.webp 768w, https:\/\/www.telaled.com\/wp-content\/uploads\/2025\/07\/Diagrama-do-sistema-interativo-de-exibicao-no-piso-18x7.webp 18w, https:\/\/www.telaled.com\/wp-content\/uploads\/2025\/07\/Diagrama-do-sistema-interativo-de-exibicao-no-piso-600x237.webp 600w, https:\/\/www.telaled.com\/wp-content\/uploads\/2025\/07\/Diagrama-do-sistema-interativo-de-exibicao-no-piso.webp 1280w\" sizes=\"auto, (max-width: 1020px) 100vw, 1020px\" \/>\t\t\t\t\t\t\n\t\t\t\t\t<\/div>\n\t\t\t\t\t\t\t\t\n<style>\n#image_7219097 {\n  width: 95%;\n}\n<\/style>\n\t<\/div>\n\t\n<ul>\n<li>LED-schermen worden verpakt op basis van type en gebruik. Complete displays worden in houten kratten geplaatst voor betere ondersteuning. LED-modules worden in kartonnen dozen verzonden. Verhuurdisplays worden anders behandeld; ze worden verpakt in luchtvrachtkratten. Sommige artikelen worden in eenvoudige kratten geplaatst, maar verstevigd met houten frames voor extra bescherming.<\/li>\n<\/ul>\n\t<div class=\"img has-hover x md-x lg-x y md-y lg-y\" id=\"image_1347135990\">\n\t\t\t\t\t\t\t\t<div class=\"img-inner dark\" >\n\t\t\t<img loading=\"lazy\" decoding=\"async\" width=\"760\" height=\"1024\" src=\"https:\/\/www.telaled.com\/wp-content\/uploads\/2025\/06\/Embalagem-760x1024.webp\" class=\"attachment-large size-large\" alt=\"Verpakking\" srcset=\"https:\/\/www.telaled.com\/wp-content\/uploads\/2025\/06\/Embalagem-760x1024.webp 760w, https:\/\/www.telaled.com\/wp-content\/uploads\/2025\/06\/Embalagem-223x300.webp 223w, https:\/\/www.telaled.com\/wp-content\/uploads\/2025\/06\/Embalagem-768x1035.webp 768w, https:\/\/www.telaled.com\/wp-content\/uploads\/2025\/06\/Embalagem-9x12.webp 9w, https:\/\/www.telaled.com\/wp-content\/uploads\/2025\/06\/Embalagem-600x808.webp 600w, https:\/\/www.telaled.com\/wp-content\/uploads\/2025\/06\/Embalagem.webp 795w\" sizes=\"auto, (max-width: 760px) 100vw, 760px\" \/>\t\t\t\t\t\t\n\t\t\t\t\t<\/div>\n\t\t\t\t\t\t\t\t\n<style>\n#image_1347135990 {\n  width: 95%;\n}\n<\/style>\n\t<\/div>\n\t\n\t\t<\/div>\n\t\t\t\t\t<\/div>\n\n\t\n<\/div>\n\t\t<\/div>\n\t\t\t\t\t<\/div>\n\n\t\n\n\t<div id=\"col-557055201\" class=\"col small-12 large-12\"  >\n\t\t\t\t<div class=\"col-inner\"  >\n\t\t\t\n\t\t\t\n<div class=\"row\"  id=\"row-1305999928\">\n\n\t<div id=\"col-1946214941\" class=\"col medium-10 small-12 large-10\"  >\n\t\t\t\t<div class=\"col-inner\"  >\n\t\t\t\n\t\t\t\n\n<table id=\"tablepress-45\" class=\"tablepress tablepress-id-45\">\n<thead>\n<tr class=\"row-1\">\n\t<th class=\"column-1\">Model<\/th><th class=\"column-2\">TRI - 2.976<\/th><th class=\"column-3\">TRI - 3,91<\/th><th class=\"column-4\">TRI-5.2<\/th><th class=\"column-5\">TRI - 6.25<\/th>\n<\/tr>\n<\/thead>\n<tbody class=\"row-striping row-hover\">\n<tr class=\"row-2\">\n\t<td class=\"column-1\">Pixelgrootte (mm)<\/td><td class=\"column-2\">P2.976<\/td><td class=\"column-3\">P 3.91<\/td><td class=\"column-4\">P 5.2<\/td><td class=\"column-5\">P 6.25<\/td>\n<\/tr>\n<tr class=\"row-3\">\n\t<td class=\"column-1\">LED-configuratie<\/td><td class=\"column-2\">1R1G1B<\/td><td class=\"column-3\">1R1G1B<\/td><td class=\"column-4\">1R1G1B<\/td><td class=\"column-5\">1R1G1B<\/td>\n<\/tr>\n<tr class=\"row-4\">\n\t<td class=\"column-1\">LED-type<\/td><td class=\"column-2\">SMD1415<\/td><td class=\"column-3\">SMD1921<\/td><td class=\"column-4\">SMD1921<\/td><td class=\"column-5\">SMD1921<\/td>\n<\/tr>\n<tr class=\"row-5\">\n\t<td class=\"column-1\">Moduleresolutie<\/td><td class=\"column-2\">84\u00d784<\/td><td class=\"column-3\">64\u00d764<\/td><td class=\"column-4\">48\u00d748<\/td><td class=\"column-5\">40\u00d740<\/td>\n<\/tr>\n<tr class=\"row-6\">\n\t<td class=\"column-1\">Modulegrootte (mm)<\/td><td class=\"column-2\"><br \/>\n250\u00d7250<\/td><td class=\"column-3\"><br \/>\n250\u00d7250<\/td><td class=\"column-4\"><br \/>\n250\u00d7250<\/td><td class=\"column-5\"><br \/>\n250\u00d7250<\/td>\n<\/tr>\n<tr class=\"row-7\">\n\t<td class=\"column-1\">Kastafmetingen (mm)<\/td><td class=\"column-2\"><br \/>\n500\u00d71000<\/td><td class=\"column-3\"><br \/>\n500\u00d71000<\/td><td class=\"column-4\"><br \/>\n500\u00d71000<\/td><td class=\"column-5\"><br \/>\n500\u00d71000<\/td>\n<\/tr>\n<tr class=\"row-8\">\n\t<td class=\"column-1\">Gewicht kast (kg)<\/td><td class=\"column-2\"><br \/>\n25<\/td><td class=\"column-3\"><br \/>\n25<\/td><td class=\"column-4\"><br \/>\n25<\/td><td class=\"column-5\"><br \/>\n25<\/td>\n<\/tr>\n<tr class=\"row-9\">\n\t<td class=\"column-1\">Werktemperatuur (\u2103)<\/td><td class=\"column-2\"><br \/>\n-20~60<\/td><td class=\"column-3\"><br \/>\n-20~60<\/td><td class=\"column-4\"><br \/>\n-20~60<\/td><td class=\"column-5\"><br \/>\n-20~60<\/td>\n<\/tr>\n<tr class=\"row-10\">\n\t<td class=\"column-1\">Beschermingsgraad<\/td><td class=\"column-2\"><br \/>\nZowel de voor- als de achterkant zijn IP65<\/td><td class=\"column-3\"><br \/>\nZowel de voor- als de achterkant zijn IP65<\/td><td class=\"column-4\"><br \/>\nZowel de voor- als de achterkant zijn IP65<\/td><td class=\"column-5\"><br \/>\nZowel de voor- als de achterkant zijn IP65<\/td>\n<\/tr>\n<tr class=\"row-11\">\n\t<td class=\"column-1\">Certificering<\/td><td class=\"column-2\">ROHS\/FCC\/CE<\/td><td class=\"column-3\">ROHS\/FCC\/CE<\/td><td class=\"column-4\">ROHS\/FCC\/CE<\/td><td class=\"column-5\">ROHS\/FCC\/CE<\/td>\n<\/tr>\n<\/tbody>\n<\/table>\n<!-- #tablepress-45 from cache -->\n\t\t<\/div>\n\t\t\t\t\t<\/div>\n\n\t\n<\/div>\n\t\t<\/div>\n\t\t\t\t\t<\/div>\n\n\t\n<\/div>","protected":false},"excerpt":{"rendered":"<p><strong>Interactieve LED-vloer uit de TRI-serie: duurzaam, waterdicht en antislip voor verbeterde betrokkenheid<\/strong><\/p>\n<p>DE <strong>TRI-serie interactieve LED-vloer<\/strong> biedt duurzame, hoogwaardige schermen met antibotsings-, antiwrijvings- en IP65-waterdichte eigenschappen. Het antislipoppervlak garandeert veiligheid en is perfect voor binnen- en buitenevenementen. Eenvoudig te installeren en aan te passen.<\/p>\n<p><strong>Belangrijkste kenmerken:<\/strong><\/p>\n<ul>\n<li><strong>Botsingspreventie en wrijvingsvermindering:<\/strong> Duurzame constructie voor langdurig gebruik in drukbezochte ruimtes.<\/li>\n<li><strong>Waterdicht en antislip:<\/strong> IP65 waterdichtheid en antislipoppervlak voor veiligheid in diverse omgevingen.<\/li>\n<li><strong>Scherm van hoge kwaliteit<\/strong>Verkrijgbaar in verschillende pixelafstanden (2,9 mm, 3,91 mm, 5,2 mm en 6,25 mm) voor levendige beelden.<\/li>\n<li><strong>Eenvoudige installatie:<\/strong> Modulair ontwerp met flexibele behuizingsafmetingen voor snelle en eenvoudige montage.<\/li>\n<\/ul>\n<p>De behuizingen zijn 500 mm x 1000 mm groot en wegen ongeveer 25 kg per stuk. Hierdoor zijn verschillende displayconfiguraties mogelijk.<\/p>\n<p>Profiteer van 24\/7 technische ondersteuning op afstand en 3 jaar garantie. Neem nu contact met ons op voor een offerte op maat!<\/p>","protected":false},"featured_media":2718,"template":"","meta":[],"product_brand":[],"product_cat":[50,40,52],"product_tag":[],"class_list":{"0":"post-2717","1":"product","2":"type-product","3":"status-publish","4":"has-post-thumbnail","6":"product_cat-aluguel-de-painel-de-led","7":"product_cat-painel-de-led","8":"product_cat-piso-de-led","10":"first","11":"instock","12":"shipping-taxable","13":"product-type-simple"},"yoast_head":"<!-- This site is optimized with the Yoast SEO plugin v27.5 - https:\/\/yoast.com\/product\/yoast-seo-wordpress\/ -->\n<title>Piso interativo de LED da s\u00e9rie TRI: Experi\u00eancia de Toque Envolvente e de Alta Qualidade para Eventos e Exposi\u00e7\u00f5es | TELALED<\/title>\n<meta name=\"description\" content=\"O piso interativo de LED da s\u00e9rie TRI oferece pain\u00e9is de alta resolu\u00e7\u00e3o e sens\u00edveis ao toque para intera\u00e7\u00e3o din\u00e2mica em eventos e exposi\u00e7\u00f5es. Dur\u00e1vel, \u00e1gil e eficiente em termos de energia. Fa\u00e7a uma cota\u00e7\u00e3o agora!\" \/>\n<meta name=\"robots\" content=\"index, follow, max-snippet:-1, max-image-preview:large, max-video-preview:-1\" \/>\n<link rel=\"canonical\" href=\"https:\/\/www.telaled.com\/nl\/fabrica\/piso-de-led-interativo-serie-tri\/\" \/>\n<meta property=\"og:locale\" content=\"nl_NL\" \/>\n<meta property=\"og:type\" content=\"article\" \/>\n<meta property=\"og:title\" content=\"Piso interativo de LED da s\u00e9rie TRI: Experi\u00eancia de Toque Envolvente e de Alta Qualidade para Eventos e Exposi\u00e7\u00f5es | TELALED\" \/>\n<meta property=\"og:description\" content=\"O piso interativo de LED da s\u00e9rie TRI oferece pain\u00e9is de alta resolu\u00e7\u00e3o e sens\u00edveis ao toque para intera\u00e7\u00e3o din\u00e2mica em eventos e exposi\u00e7\u00f5es. Dur\u00e1vel, \u00e1gil e eficiente em termos de energia. Fa\u00e7a uma cota\u00e7\u00e3o agora!\" \/>\n<meta property=\"og:url\" content=\"https:\/\/www.telaled.com\/nl\/fabrica\/piso-de-led-interativo-serie-tri\/\" \/>\n<meta property=\"og:site_name\" content=\"TELALED\" \/>\n<meta property=\"article:modified_time\" content=\"2026-01-03T08:52:48+00:00\" \/>\n<meta property=\"og:image\" content=\"https:\/\/www.telaled.com\/wp-content\/uploads\/2025\/07\/piso-de-led-interativo.webp\" \/>\n\t<meta property=\"og:image:width\" content=\"500\" \/>\n\t<meta property=\"og:image:height\" content=\"500\" \/>\n\t<meta property=\"og:image:type\" content=\"image\/webp\" \/>\n<meta name=\"twitter:card\" content=\"summary_large_image\" \/>\n<meta name=\"twitter:label1\" content=\"Geschatte leestijd\" \/>\n\t<meta name=\"twitter:data1\" content=\"3 minuten\" \/>\n<script type=\"application\/ld+json\" class=\"yoast-schema-graph\">{\"@context\":\"https:\\\/\\\/schema.org\",\"@graph\":[{\"@type\":\"WebPage\",\"@id\":\"https:\\\/\\\/www.telaled.com\\\/fabrica\\\/piso-de-led-interativo-serie-tri\\\/\",\"url\":\"https:\\\/\\\/www.telaled.com\\\/fabrica\\\/piso-de-led-interativo-serie-tri\\\/\",\"name\":\"Piso interativo de LED da s\u00e9rie TRI: Experi\u00eancia de Toque Envolvente e de Alta Qualidade para Eventos e Exposi\u00e7\u00f5es | TELALED\",\"isPartOf\":{\"@id\":\"https:\\\/\\\/www.telaled.com\\\/#website\"},\"primaryImageOfPage\":{\"@id\":\"https:\\\/\\\/www.telaled.com\\\/fabrica\\\/piso-de-led-interativo-serie-tri\\\/#primaryimage\"},\"image\":{\"@id\":\"https:\\\/\\\/www.telaled.com\\\/fabrica\\\/piso-de-led-interativo-serie-tri\\\/#primaryimage\"},\"thumbnailUrl\":\"https:\\\/\\\/www.telaled.com\\\/wp-content\\\/uploads\\\/2025\\\/07\\\/piso-de-led-interativo.webp\",\"datePublished\":\"2025-07-23T07:41:55+00:00\",\"dateModified\":\"2026-01-03T08:52:48+00:00\",\"description\":\"O piso interativo de LED da s\u00e9rie TRI oferece pain\u00e9is de alta resolu\u00e7\u00e3o e sens\u00edveis ao toque para intera\u00e7\u00e3o din\u00e2mica em eventos e exposi\u00e7\u00f5es. Dur\u00e1vel, \u00e1gil e eficiente em termos de energia. Fa\u00e7a uma cota\u00e7\u00e3o agora!\",\"breadcrumb\":{\"@id\":\"https:\\\/\\\/www.telaled.com\\\/fabrica\\\/piso-de-led-interativo-serie-tri\\\/#breadcrumb\"},\"inLanguage\":\"nl-NL\",\"potentialAction\":[{\"@type\":\"ReadAction\",\"target\":[\"https:\\\/\\\/www.telaled.com\\\/fabrica\\\/piso-de-led-interativo-serie-tri\\\/\"]}]},{\"@type\":\"ImageObject\",\"inLanguage\":\"nl-NL\",\"@id\":\"https:\\\/\\\/www.telaled.com\\\/fabrica\\\/piso-de-led-interativo-serie-tri\\\/#primaryimage\",\"url\":\"https:\\\/\\\/www.telaled.com\\\/wp-content\\\/uploads\\\/2025\\\/07\\\/piso-de-led-interativo.webp\",\"contentUrl\":\"https:\\\/\\\/www.telaled.com\\\/wp-content\\\/uploads\\\/2025\\\/07\\\/piso-de-led-interativo.webp\",\"width\":500,\"height\":500,\"caption\":\"piso-de-led-interativo\"},{\"@type\":\"BreadcrumbList\",\"@id\":\"https:\\\/\\\/www.telaled.com\\\/fabrica\\\/piso-de-led-interativo-serie-tri\\\/#breadcrumb\",\"itemListElement\":[{\"@type\":\"ListItem\",\"position\":1,\"name\":\"Home\",\"item\":\"https:\\\/\\\/www.telaled.com\\\/\"},{\"@type\":\"ListItem\",\"position\":2,\"name\":\"Produtos\",\"item\":\"https:\\\/\\\/www.telaled.com\\\/shop\\\/\"},{\"@type\":\"ListItem\",\"position\":3,\"name\":\"Piso de LED Interativo S\u00e9rie TRI\"}]},{\"@type\":\"WebSite\",\"@id\":\"https:\\\/\\\/www.telaled.com\\\/#website\",\"url\":\"https:\\\/\\\/www.telaled.com\\\/\",\"name\":\"TELALED\",\"description\":\"\",\"potentialAction\":[{\"@type\":\"SearchAction\",\"target\":{\"@type\":\"EntryPoint\",\"urlTemplate\":\"https:\\\/\\\/www.telaled.com\\\/?s={search_term_string}\"},\"query-input\":{\"@type\":\"PropertyValueSpecification\",\"valueRequired\":true,\"valueName\":\"search_term_string\"}}],\"inLanguage\":\"nl-NL\"}]}<\/script>\n<!-- \/ Yoast SEO plugin. -->","yoast_head_json":{"title":"Interactieve LED-vloer uit de TRI-serie: hoogwaardige, meeslepende touch-ervaring voor evenementen en tentoonstellingen | TELALED","description":"De interactieve LED-vloer uit de TRI-serie biedt aanraakgevoelige panelen met hoge resolutie voor dynamische interactie op evenementen en beurzen. Duurzaam, responsief en energiezuinig. Vraag nu een offerte aan!","robots":{"index":"index","follow":"follow","max-snippet":"max-snippet:-1","max-image-preview":"max-image-preview:large","max-video-preview":"max-video-preview:-1"},"canonical":"https:\/\/www.telaled.com\/nl\/fabrica\/piso-de-led-interativo-serie-tri\/","og_locale":"nl_NL","og_type":"article","og_title":"Piso interativo de LED da s\u00e9rie TRI: Experi\u00eancia de Toque Envolvente e de Alta Qualidade para Eventos e Exposi\u00e7\u00f5es | TELALED","og_description":"O piso interativo de LED da s\u00e9rie TRI oferece pain\u00e9is de alta resolu\u00e7\u00e3o e sens\u00edveis ao toque para intera\u00e7\u00e3o din\u00e2mica em eventos e exposi\u00e7\u00f5es. Dur\u00e1vel, \u00e1gil e eficiente em termos de energia. Fa\u00e7a uma cota\u00e7\u00e3o agora!","og_url":"https:\/\/www.telaled.com\/nl\/fabrica\/piso-de-led-interativo-serie-tri\/","og_site_name":"TELALED","article_modified_time":"2026-01-03T08:52:48+00:00","og_image":[{"width":500,"height":500,"url":"https:\/\/www.telaled.com\/wp-content\/uploads\/2025\/07\/piso-de-led-interativo.webp","type":"image\/webp"}],"twitter_card":"summary_large_image","twitter_misc":{"Geschatte leestijd":"3 minuten"},"schema":{"@context":"https:\/\/schema.org","@graph":[{"@type":"WebPage","@id":"https:\/\/www.telaled.com\/fabrica\/piso-de-led-interativo-serie-tri\/","url":"https:\/\/www.telaled.com\/fabrica\/piso-de-led-interativo-serie-tri\/","name":"Interactieve LED-vloer uit de TRI-serie: hoogwaardige, meeslepende touch-ervaring voor evenementen en tentoonstellingen | TELALED","isPartOf":{"@id":"https:\/\/www.telaled.com\/#website"},"primaryImageOfPage":{"@id":"https:\/\/www.telaled.com\/fabrica\/piso-de-led-interativo-serie-tri\/#primaryimage"},"image":{"@id":"https:\/\/www.telaled.com\/fabrica\/piso-de-led-interativo-serie-tri\/#primaryimage"},"thumbnailUrl":"https:\/\/www.telaled.com\/wp-content\/uploads\/2025\/07\/piso-de-led-interativo.webp","datePublished":"2025-07-23T07:41:55+00:00","dateModified":"2026-01-03T08:52:48+00:00","description":"De interactieve LED-vloer uit de TRI-serie biedt aanraakgevoelige panelen met hoge resolutie voor dynamische interactie op evenementen en beurzen. Duurzaam, responsief en energiezuinig. Vraag nu een offerte aan!","breadcrumb":{"@id":"https:\/\/www.telaled.com\/fabrica\/piso-de-led-interativo-serie-tri\/#breadcrumb"},"inLanguage":"nl-NL","potentialAction":[{"@type":"ReadAction","target":["https:\/\/www.telaled.com\/fabrica\/piso-de-led-interativo-serie-tri\/"]}]},{"@type":"ImageObject","inLanguage":"nl-NL","@id":"https:\/\/www.telaled.com\/fabrica\/piso-de-led-interativo-serie-tri\/#primaryimage","url":"https:\/\/www.telaled.com\/wp-content\/uploads\/2025\/07\/piso-de-led-interativo.webp","contentUrl":"https:\/\/www.telaled.com\/wp-content\/uploads\/2025\/07\/piso-de-led-interativo.webp","width":500,"height":500,"caption":"piso-de-led-interativo"},{"@type":"BreadcrumbList","@id":"https:\/\/www.telaled.com\/fabrica\/piso-de-led-interativo-serie-tri\/#breadcrumb","itemListElement":[{"@type":"ListItem","position":1,"name":"Home","item":"https:\/\/www.telaled.com\/"},{"@type":"ListItem","position":2,"name":"Produtos","item":"https:\/\/www.telaled.com\/shop\/"},{"@type":"ListItem","position":3,"name":"Piso de LED Interativo S\u00e9rie TRI"}]},{"@type":"WebSite","@id":"https:\/\/www.telaled.com\/#website","url":"https:\/\/www.telaled.com\/","name":"LED-scherm","description":"","potentialAction":[{"@type":"SearchAction","target":{"@type":"EntryPoint","urlTemplate":"https:\/\/www.telaled.com\/?s={search_term_string}"},"query-input":{"@type":"PropertyValueSpecification","valueRequired":true,"valueName":"search_term_string"}}],"inLanguage":"nl-NL"}]}},"_links":{"self":[{"href":"https:\/\/www.telaled.com\/nl\/wp-json\/wp\/v2\/product\/2717","targetHints":{"allow":["GET"]}}],"collection":[{"href":"https:\/\/www.telaled.com\/nl\/wp-json\/wp\/v2\/product"}],"about":[{"href":"https:\/\/www.telaled.com\/nl\/wp-json\/wp\/v2\/types\/product"}],"wp:featuredmedia":[{"embeddable":true,"href":"https:\/\/www.telaled.com\/nl\/wp-json\/wp\/v2\/media\/2718"}],"wp:attachment":[{"href":"https:\/\/www.telaled.com\/nl\/wp-json\/wp\/v2\/media?parent=2717"}],"wp:term":[{"taxonomy":"product_brand","embeddable":true,"href":"https:\/\/www.telaled.com\/nl\/wp-json\/wp\/v2\/product_brand?post=2717"},{"taxonomy":"product_cat","embeddable":true,"href":"https:\/\/www.telaled.com\/nl\/wp-json\/wp\/v2\/product_cat?post=2717"},{"taxonomy":"product_tag","embeddable":true,"href":"https:\/\/www.telaled.com\/nl\/wp-json\/wp\/v2\/product_tag?post=2717"}],"curies":[{"name":"wp","href":"https:\/\/api.w.org\/{rel}","templated":true}]}}