{"id":2531,"date":"2025-07-14T00:53:31","date_gmt":"2025-07-14T00:53:31","guid":{"rendered":"https:\/\/www.telaled.com\/?post_type=product&#038;p=2531"},"modified":"2026-01-02T08:33:18","modified_gmt":"2026-01-02T08:33:18","slug":"modulo-painel-de-led-p4-interior","status":"publish","type":"product","link":"https:\/\/www.telaled.com\/nl\/fabrica\/modulo-painel-de-led-p4-interior\/","title":{"rendered":"P4 Indoor LED-paneelmodule"},"content":{"rendered":"<div id=\"featurebullets_feature_div\" class=\"celwidget\" data-feature-name=\"featurebullets\" data-csa-c-type=\"widget\" data-csa-c-content-id=\"featurebullets\" data-csa-c-slot-id=\"featurebullets_feature_div\" data-csa-c-asin=\"B07DF32D6Q\" data-csa-c-is-in-initial-active-row=\"false\" data-csa-c-id=\"3j0pnl-7cjnp-9t8psx-tspeog\">\n<div id=\"feature-bullets\" class=\"a-section a-spacing-medium a-spacing-top-small\">\n<div data-zone-id=\"0\" data-line-index=\"0\" data-line=\"true\">\n<p><strong>Belangrijkste toepassingen:<\/strong><\/p>\n<ul>\n<li><strong>Winkelcentra en detailhandel:<\/strong> Advertenties, promoties en merkinhoud.<\/li>\n<li><strong>Bedrijfs- en conferentielocaties<\/strong>: Podiumpresentaties en decors.<\/li>\n<li><strong>Openbaarvervoersknooppunten:<\/strong> Informatie en bewegwijzering voor passagiers.<\/li>\n<li><strong>Onderwijsinstellingen:<\/strong> Digitale prikborden en displaywanden.<\/li>\n<li><strong>gebedshuizen<\/strong>: Songteksten, speakerfeeds en advertenties.<\/li>\n<\/ul>\n<p><strong>Bewezen technologie:<\/strong><\/p>\n<ul>\n<li>IP40\/IP50 \u2013 Stof- en vochtbestendig.<\/li>\n<li>16-bits gradi\u00ebnt (281 biljoen kleuren). \u2013 Fotorealistisch.<\/li>\n<li>CE\/RoHS\/ISO9001-certificering \u2013 Industri\u00eble kwaliteit gegarandeerd.<\/li>\n<\/ul>\n<p><img loading=\"lazy\" decoding=\"async\" class=\"alignnone wp-image-2017 size-full\" src=\"https:\/\/www.telaled.com\/wp-content\/uploads\/2023\/06\/quality-led-module-materials-1.webp\" alt=\"kwaliteitsgestuurde modulematerialen\" width=\"768\" height=\"555\" srcset=\"https:\/\/www.telaled.com\/wp-content\/uploads\/2023\/06\/quality-led-module-materials-1.webp 768w, https:\/\/www.telaled.com\/wp-content\/uploads\/2023\/06\/quality-led-module-materials-1-300x217.webp 300w, https:\/\/www.telaled.com\/wp-content\/uploads\/2023\/06\/quality-led-module-materials-1-18x12.webp 18w, https:\/\/www.telaled.com\/wp-content\/uploads\/2023\/06\/quality-led-module-materials-1-600x434.webp 600w\" sizes=\"auto, (max-width: 768px) 100vw, 768px\" \/><\/p>\n<\/div>\n<\/div>\n<\/div>\n<div data-feature-name=\"acf-carousel\" data-csa-c-type=\"widget\" data-csa-c-content-id=\"acf-carousel\" data-csa-c-slot-id=\"acf-carousel_feature_div\" data-csa-c-asin=\"B07DF32D6Q\" data-csa-c-is-in-initial-active-row=\"false\" data-csa-c-id=\"oqpgyr-mh4egp-nntzd2-kyiiqq\">\n<table id=\"tablepress-29\" class=\"tablepress tablepress-id-29\">\n<thead>\n<tr class=\"row-1\">\n\t<th colspan=\"4\" class=\"column-1\">Technische details<\/th>\n<\/tr>\n<\/thead>\n<tbody class=\"row-striping row-hover\">\n<tr class=\"row-2\">\n\t<td class=\"column-1\">Modelnummer<\/td><td class=\"column-2\">TL \u2013 P4 Indoor LED-paneelmodule<\/td><td class=\"column-3\"><\/td><td class=\"column-4\"><\/td>\n<\/tr>\n<tr class=\"row-3\">\n\t<td class=\"column-1\">Merknaam<\/td><td class=\"column-2\">TELALED Fabrikant<\/td><td class=\"column-3\">Scherm vlakheid<\/td><td class=\"column-4\">&lt;\u00b11 mm<\/td>\n<\/tr>\n<tr class=\"row-4\">\n\t<td class=\"column-1\">Plaats van herkomst<\/td><td class=\"column-2\">Guangdong, China<\/td><td class=\"column-3\">Gemiddelde tijd tussen storingen (MTBF)<\/td><td class=\"column-4\">10.000 uur<\/td>\n<\/tr>\n<tr class=\"row-5\">\n\t<td class=\"column-1\">Pixelafstand<\/td><td class=\"column-2\">P4<\/td><td class=\"column-3\">Nuttige levensduur<\/td><td class=\"column-4\">100.000 uur<\/td>\n<\/tr>\n<tr class=\"row-6\">\n\t<td class=\"column-1\">Minimale kijkafstand<\/td><td class=\"column-2\">4m<\/td><td class=\"column-3\">Weergave bedrijfsspanning<\/td><td class=\"column-4\">AC46\uff5e54HZ, 220V\u00b115%\/110V\u00b115%<\/td>\n<\/tr>\n<tr class=\"row-7\">\n\t<td class=\"column-1\">LED-configuratie<\/td><td class=\"column-2\">SMD2121<\/td><td class=\"column-3\">Lichtverzwakking<\/td><td class=\"column-4\">\uff1c3%<\/td>\n<\/tr>\n<tr class=\"row-8\">\n\t<td class=\"column-1\">Moduleresolutie<\/td><td class=\"column-2\">80\u00d740 pixels \/ 64\u00d732 pixels \/ 32\u00d732 pixels<\/td><td class=\"column-3\">Lekstroom<\/td><td class=\"column-4\">\uff1c3mA<\/td>\n<\/tr>\n<tr class=\"row-9\">\n\t<td class=\"column-1\">Modulepixels<\/td><td class=\"column-2\">3200 pixels \/ 2048 pixels \/ 1024 pixels<\/td><td class=\"column-3\">IP-beschermingsclassificatie<\/td><td class=\"column-4\">De achterkant is IP40, de voorkant is IP50<\/td>\n<\/tr>\n<tr class=\"row-10\">\n\t<td class=\"column-1\">Modulegrootte<\/td><td class=\"column-2\">\tL320mm*H160mm*T14 \/ L256mm*H128mm*T14 \/ L128mm*H128mm*T14<\/td><td class=\"column-3\">Temperatuur en vochtigheid van de werkomgeving<\/td><td class=\"column-4\">Temp.: -20\u00b0C~+60\u00b0C \/ Vochtigheid: 10%~90% RV<\/td>\n<\/tr>\n<tr class=\"row-11\">\n\t<td class=\"column-1\">Kastgrootte<\/td><td class=\"column-2\">640mm*640mm \/512mm*512mm<\/td><td class=\"column-3\">Ondersteunde media<\/td><td class=\"column-4\">Technische gegevens, foto&#039;s, CAD-modellen, video<\/td>\n<\/tr>\n<tr class=\"row-12\">\n\t<td class=\"column-1\">Pixelconfiguratie<\/td><td class=\"column-2\">SMD3in1, volledige kleuren R\/G\/B 1:1:1<\/td><td class=\"column-3\">Functie<\/td><td class=\"column-4\">SDK<\/td>\n<\/tr>\n<tr class=\"row-13\">\n\t<td class=\"column-1\">Gebalanceerde glans<\/td><td class=\"column-2\">1000 cd\/m\u00b2 (binnen)<\/td><td class=\"column-3\">Controlemodus<\/td><td class=\"column-4\">Synchronisatie via DVI met besturings-PC<\/td>\n<\/tr>\n<tr class=\"row-14\">\n\t<td class=\"column-1\">Aandrijfmethode<\/td><td class=\"column-2\">1\/32 scan<\/td><td class=\"column-3\">Ondersteunde software<\/td><td class=\"column-4\">Windows XP\/W7\/Vista<\/td>\n<\/tr>\n<tr class=\"row-15\">\n\t<td class=\"column-1\">Updatesnelheid<\/td><td class=\"column-2\">\u22651920 Hz<\/td><td class=\"column-3\">Controlesysteem<\/td><td class=\"column-4\">DVI-kaart + full colour controller + glasvezel (optioneel)<\/td>\n<\/tr>\n<tr class=\"row-16\">\n\t<td class=\"column-1\">Wijzigingsdetectiefrequentie<\/td><td class=\"column-2\">50-60 Hz<\/td><td class=\"column-3\">Hoofdcontrolesysteemmarkering<\/td><td class=\"column-4\">Novastar, Linsn, Huidu, Colorlight<\/td>\n<\/tr>\n<tr class=\"row-17\">\n\t<td class=\"column-1\">Kijkhoek<\/td><td class=\"column-2\">H140\u00b0 V120\u00b0<\/td><td class=\"column-3\">Interface<\/td><td class=\"column-4\">Standaard Ethernet<\/td>\n<\/tr>\n<tr class=\"row-18\">\n\t<td class=\"column-1\">Inactieve lichtsnelheid<\/td><td class=\"column-2\">\u22641%<\/td><td class=\"column-3\">Transmissieafstand<\/td><td class=\"column-4\">Multimode-vezel <500m >\n<\/tr>\n<tr class=\"row-19\">\n\t<td class=\"column-1\">Energieverspilling<\/td><td class=\"column-2\">700*1000 W\/M2<\/td><td class=\"column-3\">Garantie<\/td><td class=\"column-4\">5 jaar<\/td>\n<\/tr>\n<tr class=\"row-20\">\n\t<td class=\"column-1\">Gemiddeld energieverbruik<\/td><td class=\"column-2\">300 W\/M2<\/td><td class=\"column-3\">Leverancierstype<\/td><td class=\"column-4\">Originele fabrikant\/ODM\/OEM<\/td>\n<\/tr>\n<tr class=\"row-21\">\n\t<td class=\"column-1\">Grijsniveau<\/td><td class=\"column-2\">16-bits (281 biljoen kleuren) \/ 65.536 tinten per primaire kleur<\/td><td class=\"column-3\">Levertijd<\/td><td class=\"column-4\">25 (of onderhandelbaar)<\/td>\n<\/tr>\n<tr class=\"row-22\">\n\t<td class=\"column-1\">Weergavekleur<\/td><td class=\"column-2\">16M<\/td><td class=\"column-3\">Sollicitatie<\/td><td class=\"column-4\">Reclame\/Interieur\/Exterieur<\/td>\n<\/tr>\n<tr class=\"row-23\">\n\t<td class=\"column-1\">Ononderbroken werkuren<\/td><td class=\"column-2\">\u226572 uur<\/td><td class=\"column-3\">Gebruik<\/td><td class=\"column-4\">Digitale reclame, winkelcentra, welkomstdisplays, tentoonstellingshallen, luchthavens, kerken, sport, evenementen, vergaderingen, verhuur, podia, auto&#039;s, detailhandel, bruiloften<\/td>\n<\/tr>\n<tr class=\"row-24\">\n\t<td class=\"column-1\">Discrete dodehoeksnelheid<\/td><td class=\"column-2\"><1><td class=\"column-3\">Verpakkingsdetails<\/td><td class=\"column-4\">Versterkte kartonnen doos + hout<\/td>\n<\/tr>\n<tr class=\"row-25\">\n\t<td class=\"column-1\">Continue blinde vleksnelheid<\/td><td class=\"column-2\">Geen<\/td><td class=\"column-3\">Aanbodcapaciteit<\/td><td class=\"column-4\">5.000 eenheden\/maand<\/td>\n<\/tr>\n<tr class=\"row-26\">\n\t<td class=\"column-1\">Blinde vlekpercentage<\/td><td class=\"column-2\"><1><td class=\"column-3\">Haven<\/td><td class=\"column-4\">Shenzhen<\/td>\n<\/tr>\n<\/tbody>\n<\/table>\n<\/div>\n<div id=\"provenanceCertifications_feature_div\" class=\"celwidget\" data-feature-name=\"provenanceCertifications\" data-csa-c-type=\"widget\" data-csa-c-content-id=\"provenanceCertifications\" data-csa-c-slot-id=\"provenanceCertifications_feature_div\" data-csa-c-asin=\"B07DF32D6Q\" data-csa-c-is-in-initial-active-row=\"false\" data-csa-c-id=\"6t8ho-xbknmj-nqaso5-ne24gd\">\n<div id=\"provenance-certifications\" class=\"a-section a-spacing-medium a-spacing-top-micro\"><\/div>\n<\/div>","protected":false},"excerpt":{"rendered":"<p><b>P4 LED-paneelmodule voor binnengebruik \u2013 Betrouwbaar paneel met een pixelafstand van 4 mm voor scherpe displays binnenshuis.<\/b><\/p>\n<p>DE <strong>P4 Indoor LED-paneelmodule<\/strong> Hij levert scherpe, gedetailleerde beelden met een pixelgrootte van 4 mm, waardoor het een betrouwbare keuze is voor binnenmonitoren. Als u werkt met gemiddelde kijkafstanden en consistente helderheid en stabiliteit nodig hebt, voldoet deze module aan uw behoeften.<\/p>\n<p><strong>Belangrijkste voordelen:<\/strong><br \/>\n<strong><br \/>\n\u2714 Scherpe resolutie voor binnenruimtes: <\/strong>Het is ontworpen voor kijkafstanden van 4 tot 10 meter en levert scherpe beelden voor presentaties, advertenties en digitale content.<strong><br \/>\n<\/strong><\/p>\n<p><strong>\u2714 Modulair en eenvoudig te onderhouden: <\/strong>Dankzij de gestandaardiseerde afmetingen en lichte constructie zijn installatie en onderhoud eenvoudig.<strong><br \/>\n<\/strong><\/p>\n<p><strong>\u2714 Gebalanceerde glans:<\/strong> Helder genoeg voor zichtbaarheid binnenshuis (meestal rond de 1.000 tot 1.200 nits) zonder overmatige schittering.<strong><br \/>\n<\/strong><\/p>\n<p><strong>\u2714 Lange uitvoeringstijd, laag <a href=\"https:\/\/www.telaled.com\/nl\/entendendo-o-consumo-de-energia-painel-de-led-quao-eficientes-sao-os-displays-de-led-modernos\/\">energieverbruik<\/a>:<\/strong> Ontworpen voor langdurig gebruik dankzij LED&#039;s. <a href=\"https:\/\/www.telaled.com\/nl\/led-smd\/\">SMD<\/a> Laag energieverbruik, waardoor minder onderhoud nodig is.<\/p>","protected":false},"featured_media":2698,"template":"","meta":[],"product_brand":[],"product_cat":[41],"product_tag":[],"class_list":{"0":"post-2531","1":"product","2":"type-product","3":"status-publish","4":"has-post-thumbnail","6":"product_cat-modulo-painel-de-led","8":"first","9":"instock","10":"shipping-taxable","11":"product-type-simple"},"yoast_head":"<!-- This site is optimized with the Yoast SEO plugin v27.5 - https:\/\/yoast.com\/product\/yoast-seo-wordpress\/ -->\n<title>Modulo Painel de LED P4 Interior | Tela de Alta Qualidade para uso Interno |TELALED<\/title>\n<meta name=\"description\" content=\"Obtenha visuais vibrantes e cont\u00ednuos com o Modulo Painel de LED P4 Interior. Ideal para publicidade interna, eventos e espa\u00e7os de varejo. Encomende agora para obter desempenho confi\u00e1vel e f\u00e1cil instala\u00e7\u00e3o.\" \/>\n<meta name=\"robots\" content=\"index, follow, max-snippet:-1, max-image-preview:large, max-video-preview:-1\" \/>\n<link rel=\"canonical\" href=\"https:\/\/www.telaled.com\/nl\/fabrica\/modulo-painel-de-led-p4-interior\/\" \/>\n<meta property=\"og:locale\" content=\"nl_NL\" \/>\n<meta property=\"og:type\" content=\"article\" \/>\n<meta property=\"og:title\" content=\"Modulo Painel de LED P4 Interior | Tela de Alta Qualidade para uso Interno |TELALED\" \/>\n<meta property=\"og:description\" content=\"Obtenha visuais vibrantes e cont\u00ednuos com o Modulo Painel de LED P4 Interior. Ideal para publicidade interna, eventos e espa\u00e7os de varejo. Encomende agora para obter desempenho confi\u00e1vel e f\u00e1cil instala\u00e7\u00e3o.\" \/>\n<meta property=\"og:url\" content=\"https:\/\/www.telaled.com\/nl\/fabrica\/modulo-painel-de-led-p4-interior\/\" \/>\n<meta property=\"og:site_name\" content=\"TELALED\" \/>\n<meta property=\"article:modified_time\" content=\"2026-01-02T08:33:18+00:00\" \/>\n<meta property=\"og:image\" content=\"https:\/\/www.telaled.com\/wp-content\/uploads\/2025\/07\/Modulo-Painel-de-LED-P4-Interior-6.webp\" \/>\n\t<meta property=\"og:image:width\" content=\"500\" \/>\n\t<meta property=\"og:image:height\" content=\"500\" \/>\n\t<meta property=\"og:image:type\" content=\"image\/webp\" \/>\n<meta name=\"twitter:card\" content=\"summary_large_image\" \/>\n<meta name=\"twitter:label1\" content=\"Geschatte leestijd\" \/>\n\t<meta name=\"twitter:data1\" content=\"1 minuut\" \/>\n<script type=\"application\/ld+json\" class=\"yoast-schema-graph\">{\"@context\":\"https:\\\/\\\/schema.org\",\"@graph\":[{\"@type\":\"WebPage\",\"@id\":\"https:\\\/\\\/www.telaled.com\\\/fabrica\\\/modulo-painel-de-led-p4-interior\\\/\",\"url\":\"https:\\\/\\\/www.telaled.com\\\/fabrica\\\/modulo-painel-de-led-p4-interior\\\/\",\"name\":\"Modulo Painel de LED P4 Interior | Tela de Alta Qualidade para uso Interno |TELALED\",\"isPartOf\":{\"@id\":\"https:\\\/\\\/www.telaled.com\\\/#website\"},\"primaryImageOfPage\":{\"@id\":\"https:\\\/\\\/www.telaled.com\\\/fabrica\\\/modulo-painel-de-led-p4-interior\\\/#primaryimage\"},\"image\":{\"@id\":\"https:\\\/\\\/www.telaled.com\\\/fabrica\\\/modulo-painel-de-led-p4-interior\\\/#primaryimage\"},\"thumbnailUrl\":\"https:\\\/\\\/www.telaled.com\\\/wp-content\\\/uploads\\\/2025\\\/07\\\/Modulo-Painel-de-LED-P4-Interior-6.webp\",\"datePublished\":\"2025-07-14T00:53:31+00:00\",\"dateModified\":\"2026-01-02T08:33:18+00:00\",\"description\":\"Obtenha visuais vibrantes e cont\u00ednuos com o Modulo Painel de LED P4 Interior. Ideal para publicidade interna, eventos e espa\u00e7os de varejo. Encomende agora para obter desempenho confi\u00e1vel e f\u00e1cil instala\u00e7\u00e3o.\",\"breadcrumb\":{\"@id\":\"https:\\\/\\\/www.telaled.com\\\/fabrica\\\/modulo-painel-de-led-p4-interior\\\/#breadcrumb\"},\"inLanguage\":\"nl-NL\",\"potentialAction\":[{\"@type\":\"ReadAction\",\"target\":[\"https:\\\/\\\/www.telaled.com\\\/fabrica\\\/modulo-painel-de-led-p4-interior\\\/\"]}]},{\"@type\":\"ImageObject\",\"inLanguage\":\"nl-NL\",\"@id\":\"https:\\\/\\\/www.telaled.com\\\/fabrica\\\/modulo-painel-de-led-p4-interior\\\/#primaryimage\",\"url\":\"https:\\\/\\\/www.telaled.com\\\/wp-content\\\/uploads\\\/2025\\\/07\\\/Modulo-Painel-de-LED-P4-Interior-6.webp\",\"contentUrl\":\"https:\\\/\\\/www.telaled.com\\\/wp-content\\\/uploads\\\/2025\\\/07\\\/Modulo-Painel-de-LED-P4-Interior-6.webp\",\"width\":500,\"height\":500,\"caption\":\"Modulo-Painel-de-LED-P4-Interior\"},{\"@type\":\"BreadcrumbList\",\"@id\":\"https:\\\/\\\/www.telaled.com\\\/fabrica\\\/modulo-painel-de-led-p4-interior\\\/#breadcrumb\",\"itemListElement\":[{\"@type\":\"ListItem\",\"position\":1,\"name\":\"Home\",\"item\":\"https:\\\/\\\/www.telaled.com\\\/\"},{\"@type\":\"ListItem\",\"position\":2,\"name\":\"Produtos\",\"item\":\"https:\\\/\\\/www.telaled.com\\\/shop\\\/\"},{\"@type\":\"ListItem\",\"position\":3,\"name\":\"Modulo Painel de LED P4 Interior\"}]},{\"@type\":\"WebSite\",\"@id\":\"https:\\\/\\\/www.telaled.com\\\/#website\",\"url\":\"https:\\\/\\\/www.telaled.com\\\/\",\"name\":\"TELALED\",\"description\":\"\",\"potentialAction\":[{\"@type\":\"SearchAction\",\"target\":{\"@type\":\"EntryPoint\",\"urlTemplate\":\"https:\\\/\\\/www.telaled.com\\\/?s={search_term_string}\"},\"query-input\":{\"@type\":\"PropertyValueSpecification\",\"valueRequired\":true,\"valueName\":\"search_term_string\"}}],\"inLanguage\":\"nl-NL\"}]}<\/script>\n<!-- \/ Yoast SEO plugin. -->","yoast_head_json":{"title":"P4 Indoor LED-paneelmodule | Hoogwaardig scherm voor binnengebruik | TELALED","description":"Cre\u00eber levendige, continue beelden met de P4 Indoor LED-paneelmodule. Ideaal voor binnenreclame, evenementen en winkelruimtes. Bestel nu voor betrouwbare prestaties en eenvoudige installatie.","robots":{"index":"index","follow":"follow","max-snippet":"max-snippet:-1","max-image-preview":"max-image-preview:large","max-video-preview":"max-video-preview:-1"},"canonical":"https:\/\/www.telaled.com\/nl\/fabrica\/modulo-painel-de-led-p4-interior\/","og_locale":"nl_NL","og_type":"article","og_title":"Modulo Painel de LED P4 Interior | Tela de Alta Qualidade para uso Interno |TELALED","og_description":"Obtenha visuais vibrantes e cont\u00ednuos com o Modulo Painel de LED P4 Interior. Ideal para publicidade interna, eventos e espa\u00e7os de varejo. Encomende agora para obter desempenho confi\u00e1vel e f\u00e1cil instala\u00e7\u00e3o.","og_url":"https:\/\/www.telaled.com\/nl\/fabrica\/modulo-painel-de-led-p4-interior\/","og_site_name":"TELALED","article_modified_time":"2026-01-02T08:33:18+00:00","og_image":[{"width":500,"height":500,"url":"https:\/\/www.telaled.com\/wp-content\/uploads\/2025\/07\/Modulo-Painel-de-LED-P4-Interior-6.webp","type":"image\/webp"}],"twitter_card":"summary_large_image","twitter_misc":{"Geschatte leestijd":"1 minuut"},"schema":{"@context":"https:\/\/schema.org","@graph":[{"@type":"WebPage","@id":"https:\/\/www.telaled.com\/fabrica\/modulo-painel-de-led-p4-interior\/","url":"https:\/\/www.telaled.com\/fabrica\/modulo-painel-de-led-p4-interior\/","name":"P4 Indoor LED-paneelmodule | Hoogwaardig scherm voor binnengebruik | TELALED","isPartOf":{"@id":"https:\/\/www.telaled.com\/#website"},"primaryImageOfPage":{"@id":"https:\/\/www.telaled.com\/fabrica\/modulo-painel-de-led-p4-interior\/#primaryimage"},"image":{"@id":"https:\/\/www.telaled.com\/fabrica\/modulo-painel-de-led-p4-interior\/#primaryimage"},"thumbnailUrl":"https:\/\/www.telaled.com\/wp-content\/uploads\/2025\/07\/Modulo-Painel-de-LED-P4-Interior-6.webp","datePublished":"2025-07-14T00:53:31+00:00","dateModified":"2026-01-02T08:33:18+00:00","description":"Cre\u00eber levendige, continue beelden met de P4 Indoor LED-paneelmodule. Ideaal voor binnenreclame, evenementen en winkelruimtes. Bestel nu voor betrouwbare prestaties en eenvoudige installatie.","breadcrumb":{"@id":"https:\/\/www.telaled.com\/fabrica\/modulo-painel-de-led-p4-interior\/#breadcrumb"},"inLanguage":"nl-NL","potentialAction":[{"@type":"ReadAction","target":["https:\/\/www.telaled.com\/fabrica\/modulo-painel-de-led-p4-interior\/"]}]},{"@type":"ImageObject","inLanguage":"nl-NL","@id":"https:\/\/www.telaled.com\/fabrica\/modulo-painel-de-led-p4-interior\/#primaryimage","url":"https:\/\/www.telaled.com\/wp-content\/uploads\/2025\/07\/Modulo-Painel-de-LED-P4-Interior-6.webp","contentUrl":"https:\/\/www.telaled.com\/wp-content\/uploads\/2025\/07\/Modulo-Painel-de-LED-P4-Interior-6.webp","width":500,"height":500,"caption":"Modulo-Painel-de-LED-P4-Interior"},{"@type":"BreadcrumbList","@id":"https:\/\/www.telaled.com\/fabrica\/modulo-painel-de-led-p4-interior\/#breadcrumb","itemListElement":[{"@type":"ListItem","position":1,"name":"Home","item":"https:\/\/www.telaled.com\/"},{"@type":"ListItem","position":2,"name":"Produtos","item":"https:\/\/www.telaled.com\/shop\/"},{"@type":"ListItem","position":3,"name":"Modulo Painel de LED P4 Interior"}]},{"@type":"WebSite","@id":"https:\/\/www.telaled.com\/#website","url":"https:\/\/www.telaled.com\/","name":"LED-scherm","description":"","potentialAction":[{"@type":"SearchAction","target":{"@type":"EntryPoint","urlTemplate":"https:\/\/www.telaled.com\/?s={search_term_string}"},"query-input":{"@type":"PropertyValueSpecification","valueRequired":true,"valueName":"search_term_string"}}],"inLanguage":"nl-NL"}]}},"_links":{"self":[{"href":"https:\/\/www.telaled.com\/nl\/wp-json\/wp\/v2\/product\/2531","targetHints":{"allow":["GET"]}}],"collection":[{"href":"https:\/\/www.telaled.com\/nl\/wp-json\/wp\/v2\/product"}],"about":[{"href":"https:\/\/www.telaled.com\/nl\/wp-json\/wp\/v2\/types\/product"}],"wp:featuredmedia":[{"embeddable":true,"href":"https:\/\/www.telaled.com\/nl\/wp-json\/wp\/v2\/media\/2698"}],"wp:attachment":[{"href":"https:\/\/www.telaled.com\/nl\/wp-json\/wp\/v2\/media?parent=2531"}],"wp:term":[{"taxonomy":"product_brand","embeddable":true,"href":"https:\/\/www.telaled.com\/nl\/wp-json\/wp\/v2\/product_brand?post=2531"},{"taxonomy":"product_cat","embeddable":true,"href":"https:\/\/www.telaled.com\/nl\/wp-json\/wp\/v2\/product_cat?post=2531"},{"taxonomy":"product_tag","embeddable":true,"href":"https:\/\/www.telaled.com\/nl\/wp-json\/wp\/v2\/product_tag?post=2531"}],"curies":[{"name":"wp","href":"https:\/\/api.w.org\/{rel}","templated":true}]}}