{"id":5698,"date":"2025-11-18T06:54:38","date_gmt":"2025-11-18T06:54:38","guid":{"rendered":"https:\/\/www.telaled.com\/?post_type=product&#038;p=5698"},"modified":"2026-01-11T06:43:34","modified_gmt":"2026-01-11T06:43:34","slug":"letreiro-digital-para-loja","status":"publish","type":"product","link":"https:\/\/www.telaled.com\/ko\/fabrica\/letreiro-digital-para-loja\/","title":{"rendered":"\ub9e4\uc7a5\uc6a9 \ub514\uc9c0\ud138 \uac04\ud310"},"content":{"rendered":"<div class=\"row\"  id=\"row-45356167\">\n\n\t<div id=\"col-1203889378\" class=\"col small-12 large-12\"  >\n\t\t\t\t<div class=\"col-inner\"  >\n\t\t\t\n\t\t\t\n<h2>Flexible LED \uc790\ub3d9\ucc28 \uc2a4\ud06c\ub9b0\uc758 \ub3c5\uc810\uc801 \uc7a5\uc810<\/h2>\n<h3><strong>\ub6f0\uc5b4\ub09c \ub0b4\uad6c\uc131<\/strong><\/h3>\n<ul>\n<li>\uace0\ud488\uc9c8\uc758 \uc0b0\uc5c5\uc6a9 \uad6c\uc131\ud488\uc73c\ub85c \uc81c\uc870\ub418\uc5c8\uc2b5\ub2c8\ub2e4.<\/li>\n<li>\uad50\ud1b5\ub7c9\uc774 \ub9ce\uc740 \ud658\uacbd\uacfc \ud639\ub3c5\ud55c \ud658\uacbd\uc744 \uacac\ub51c \uc218 \uc788\ub3c4\ub85d \uc81c\uc791\ub418\uc5c8\uc2b5\ub2c8\ub2e4.<\/li>\n<li>\ub0b4\uc5f4\uc131\uc774 \ub6f0\uc5b4\ub098\uace0 \uc9c1\uc0ac\uad11\uc120\uc73c\ub85c\ubd80\ud130 \ubcf4\ud638\ub418\uc5b4 \uc624\ub798 \uc9c0\uc18d\ub418\ub294 \uc131\ub2a5\uc744 \ubcf4\uc7a5\ud569\ub2c8\ub2e4.<\/li>\n<\/ul>\n<h3><strong>\ub6f0\uc5b4\ub09c \uc2dc\uac01\uc801 \ud488\uc9c8<\/strong><\/h3>\n<ul>\n<li>\uc0dd\uc0dd\ud558\uace0 \uc120\uba85\ud55c \uc0c9\uc0c1\uc73c\ub85c \uc120\uba85\ud558\uace0 \uace0\ud574\uc0c1\ub3c4\uc758 \uc774\ubbf8\uc9c0\ub97c \uc81c\uacf5\ud569\ub2c8\ub2e4.<\/li>\n<li>\ub354 \uae4a\uc740 \uac80\uc740\uc0c9\uacfc \ud5a5\uc0c1\ub41c \ubc1d\uae30\ub97c \uc704\ud55c \ub192\uc740 \ub300\ube44.<\/li>\n<li>\ubaa8\ub4e0 \uc870\uba85 \uc870\uac74\uc5d0\uc11c \ubcfc \uc218 \uc788\uc73c\uba70 \uc77c\uad00\ub418\uace0 \ub9e4\ub825\uc801\uc778 \uc774\ubbf8\uc9c0\ub97c \uc81c\uacf5\ud569\ub2c8\ub2e4.<\/li>\n<\/ul>\n<h3><strong>\uc644\ubcbd\ud55c \uc801\uc751\ub825<\/strong><\/h3>\n<ul>\n<li>\ub2e4\uc591\ud55c \ub9e4\uc7a5 \ub808\uc774\uc544\uc6c3\uc5d0 \ub9de\uac8c \ud06c\uae30\uc640 \uad6c\uc131\uc744 \uc0ac\uc6a9\uc790 \uc815\uc758\ud560 \uc218 \uc788\uc2b5\ub2c8\ub2e4.<\/li>\n<li>\uae30\uc874 \uc2dc\uc2a4\ud15c\uacfc \uc27d\uac8c \ud1b5\ud569\ub418\uc5b4 \uc6d0\ud65c\ud55c \ucf58\ud150\uce20 \uad00\ub9ac\uac00 \uac00\ub2a5\ud569\ub2c8\ub2e4.<\/li>\n<li>\uc2e4\uc2dc\uac04 \uc5c5\ub370\uc774\ud2b8\ub97c \uc9c0\uc6d0\ud558\ubbc0\ub85c \ud504\ub85c\ubaa8\uc158\uc774\ub098 \uba54\uc2dc\uc9c0\uc5d0 \ub300\ud55c \ub3d9\uc801 \ucf58\ud150\uce20 \ubcc0\uacbd\uc774 \uac00\ub2a5\ud569\ub2c8\ub2e4.<\/li>\n<\/ul>\n<h3><strong>\uc885\ud569 \uc9c0\uc6d0<\/strong><\/h3>\n<ul>\n<li>\uc8fc 7\uc77c, \ud558\ub8e8 24\uc2dc\uac04 \uc804\ubb38 \uc9c0\uc6d0\uc744 \uc81c\uacf5\ud558\uc5ec \uc911\ub2e8 \uc5c6\ub294 \uc9c0\uc6d0\uc73c\ub85c \uc2dc\uc2a4\ud15c\uc774 \uc6d0\ud65c\ud558\uac8c \uc2e4\ud589\ub418\ub3c4\ub85d \ud569\ub2c8\ub2e4.<\/li>\n<li>\ubd80\ud488\uc5d0 \ub300\ud55c 5% \ubcf4\uc99d\uc73c\ub85c \uc2e0\ub8b0\uc131\uc744 \ub192\uc774\uace0 \uac00\ub3d9 \uc911\uc9c0 \uc2dc\uac04\uc744 \ucd5c\uc18c\ud654\ud569\ub2c8\ub2e4.<\/li>\n<li>3\ub144 \ubcf4\uc99d\uc73c\ub85c \uc131\ub2a5\uacfc \uc548\uc2ec\uc744 \ubcf4\uc7a5\ud569\ub2c8\ub2e4.<\/li>\n<li>\ud3ec\uad04\uc801\uc778 \ubcf4\uc7a5\uc73c\ub85c \uadc0\ud558\uc758 \ud22c\uc790\ub97c \ubcf4\ud638\ud558\uc138\uc694.<\/li>\n<\/ul>\n<h2>\uc81c\ud488 \uc0c1\uc138 \uc815\ubcf4<\/h2>\n<div class=\"row\"  id=\"row-1312699607\">\n\n\t<div id=\"col-97486001\" class=\"col medium-10 small-12 large-10\"  >\n\t\t\t\t<div class=\"col-inner text-left\"  >\n\t\t\t\n\t\t\t\n<ul>\n<li>TELALED\ub294 POS(Point of Sale) \ucee4\ubba4\ub2c8\ucf00\uc774\uc158 \ud750\ub984\uc744 \uc0dd\uc131\ud558\uace0 \uc5c5\ub370\uc774\ud2b8\ud560 \uc218 \uc788\ub294 \uc9c1\uad00\uc801\uc778 \ud50c\ub7ab\ud3fc\uc744 \uc81c\uacf5\ud569\ub2c8\ub2e4. \uace0\uac1d \ud2b8\ub798\ud53d \uc99d\uac00 \ubc0f \ub9e4\ucd9c \uc99d\ub300\uc640 \uac19\uc740 \uae30\uc5c5\uc758 \uc911\uc694\ud55c \ubaa9\ud45c \ub2ec\uc131\uc744 \uc9c0\uc6d0\ud569\ub2c8\ub2e4. \ub9de\ucda4\ud615 \ud15c\ud50c\ub9bf\uc744 \ud1b5\ud574 \ud300\uc740 \uba54\uc2dc\uc9c0\ub97c \uc27d\uac8c \uad00\ub9ac\ud558\uace0 \uc5c5\ub370\uc774\ud2b8\ud558\uc5ec \ube0c\ub79c\ub4dc \uc77c\uad00\uc131\uc744 \uc720\uc9c0\ud558\uace0 \ud544\uc694\uc5d0 \ub530\ub77c \uace0\uc720\ud55c \ube44\uc8fc\uc5bc \uc544\uc774\ub374\ud2f0\ud2f0\ub97c \uad6c\ucd95\ud560 \uc218 \uc788\uc2b5\ub2c8\ub2e4.<\/li>\n<\/ul>\n\t<div class=\"img has-hover x md-x lg-x y md-y lg-y\" id=\"image_1091779093\">\n\t\t\t\t\t\t\t\t<div class=\"img-inner dark\" >\n\t\t\t<img loading=\"lazy\" decoding=\"async\" width=\"800\" height=\"512\" src=\"https:\/\/www.telaled.com\/wp-content\/uploads\/2025\/11\/letreiro-digital-para-loja-1.webp\" class=\"attachment-original size-original\" alt=\"\ub9e4\uc7a5\uc6a9 \ub514\uc9c0\ud138 \uac04\ud310\" srcset=\"https:\/\/www.telaled.com\/wp-content\/uploads\/2025\/11\/letreiro-digital-para-loja-1.webp 800w, https:\/\/www.telaled.com\/wp-content\/uploads\/2025\/11\/letreiro-digital-para-loja-1-300x192.webp 300w, https:\/\/www.telaled.com\/wp-content\/uploads\/2025\/11\/letreiro-digital-para-loja-1-768x492.webp 768w, https:\/\/www.telaled.com\/wp-content\/uploads\/2025\/11\/letreiro-digital-para-loja-1-18x12.webp 18w, https:\/\/www.telaled.com\/wp-content\/uploads\/2025\/11\/letreiro-digital-para-loja-1-600x384.webp 600w\" sizes=\"auto, (max-width: 800px) 100vw, 800px\" \/>\t\t\t\t\t\t\n\t\t\t\t\t<\/div>\n\t\t\t\t\t\t\t\t\n<style>\n#image_1091779093 {\n  width: 80%;\n}\n<\/style>\n\t<\/div>\n\t\n<ul>\n<li>\ub514\uc9c0\ud138 \uc0ac\uc774\ub2c8\uc9c0\ub294 \uae30\uc5c5\uc774 \uacf5\uacf5\uc7a5\uc18c, \uc18c\ub9e4\uc810, \uc0ac\ubb34\uc2e4 \ub4f1\uc5d0\uc11c \ub514\uc9c0\ud138 \uc2a4\ud06c\ub9b0\uc758 \ucf58\ud150\uce20\ub97c \uad00\ub9ac\ud558\uace0 \ubc30\ud3ec\ud560 \uc218 \uc788\ub3c4\ub85d \uc9c0\uc6d0\ud569\ub2c8\ub2e4. \ub514\uc9c0\ud138 \uc0ac\uc774\ub2c8\uc9c0\ub294 \uc2a4\ud06c\ub9b0 \ub124\ud2b8\uc6cc\ud06c\ub97c \uc81c\uc5b4\ud560 \uc218 \uc788\ub294 \uc911\uc559 \uc9d1\uc911\uc2dd \ud50c\ub7ab\ud3fc\uc744 \uc81c\uacf5\ud558\uc5ec \ud2b9\uc815 \ub300\uc0c1\uc5d0 \ub9de\ucdb0 \uc5ed\ub3d9\uc801\uc778 \ucf58\ud150\uce20\ub97c \uc81c\uacf5\ud558\uace0, \uc18c\ud1b5\uc744 \uac1c\uc120\ud558\uba70, \uc2e4\uc2dc\uac04 \uc0c1\ud638\uc791\uc6a9\uc744 \ud1b5\ud574 \ub354\uc6b1 \ub9e4\ub825\uc801\uc778 \uacbd\ud5d8\uc744 \uc81c\uacf5\ud569\ub2c8\ub2e4.<\/li>\n<\/ul>\n\t<div class=\"img has-hover x md-x lg-x y md-y lg-y\" id=\"image_2049057897\">\n\t\t\t\t\t\t\t\t<div class=\"img-inner dark\" >\n\t\t\t<img loading=\"lazy\" decoding=\"async\" width=\"1020\" height=\"711\" src=\"https:\/\/www.telaled.com\/wp-content\/uploads\/2025\/11\/letreiro-digital-para-loja1-1-1024x714.webp\" class=\"attachment-large size-large\" alt=\"\ub9e4\uc7a5\uc6a9 \ub514\uc9c0\ud138 \uac04\ud3101 (1)\" srcset=\"https:\/\/www.telaled.com\/wp-content\/uploads\/2025\/11\/letreiro-digital-para-loja1-1-1024x714.webp 1024w, https:\/\/www.telaled.com\/wp-content\/uploads\/2025\/11\/letreiro-digital-para-loja1-1-300x209.webp 300w, https:\/\/www.telaled.com\/wp-content\/uploads\/2025\/11\/letreiro-digital-para-loja1-1-768x536.webp 768w, https:\/\/www.telaled.com\/wp-content\/uploads\/2025\/11\/letreiro-digital-para-loja1-1-1536x1071.webp 1536w, https:\/\/www.telaled.com\/wp-content\/uploads\/2025\/11\/letreiro-digital-para-loja1-1-18x12.webp 18w, https:\/\/www.telaled.com\/wp-content\/uploads\/2025\/11\/letreiro-digital-para-loja1-1-600x419.webp 600w, https:\/\/www.telaled.com\/wp-content\/uploads\/2025\/11\/letreiro-digital-para-loja1-1.webp 2000w\" sizes=\"auto, (max-width: 1020px) 100vw, 1020px\" \/>\t\t\t\t\t\t\n\t\t\t\t\t<\/div>\n\t\t\t\t\t\t\t\t\n<style>\n#image_2049057897 {\n  width: 80%;\n}\n<\/style>\n\t<\/div>\n\t\n<ul>\n<li>\ub9e4\ucd9c \uc99d\ub300\ub294 \ubaa8\ub4e0 \uae30\uc5c5\uc758 \uad81\uadf9\uc801\uc778 \ubaa9\ud45c\uc774\uba70, \ub514\uc9c0\ud138 \uc0ac\uc774\ub2c8\uc9c0\ub294 \uc774\ub7ec\ud55c \ubaa9\ud45c \ub2ec\uc131\uc5d0 \uc911\uc694\ud55c \uc5ed\ud560\uc744 \ud569\ub2c8\ub2e4. \ub514\uc9c0\ud138 \ub514\uc2a4\ud50c\ub808\uc774\ub97c \uc804\ub7b5\uc801\uc73c\ub85c \ubc30\uce58\ud568\uc73c\ub85c\uc368 \uae30\uc5c5\uc740 \uace0\uac1d\uc758 \uad00\uc2ec\uc744 \uc0ac\ub85c\uc7a1\uace0, \uc8fc\uc694 \uc81c\ud488\uc744 \uac15\uc870\ud558\uba70, \ud504\ub85c\ubaa8\uc158\uc758 \ub9e5\ub77d\uc744 \uc81c\uacf5\ud560 \uc218 \uc788\uc2b5\ub2c8\ub2e4. \uc774\ub294 \ub2e8\uc21c\ud788 \uc990\uac70\uc6c0\uc744 \uc8fc\ub294 \uac83\ubfd0\ub9cc \uc544\ub2c8\ub77c \uad6c\ub9e4\ub97c \ucd09\uc9c4\ud558\uc5ec \uc7ac\ubb34 \uc131\uacfc\uc5d0 \uc9c1\uc811\uc801\uc778 \uc601\ud5a5\uc744 \ubbf8\uce69\ub2c8\ub2e4.<\/li>\n<\/ul>\n\t<div class=\"img has-hover x md-x lg-x y md-y lg-y\" id=\"image_1566161141\">\n\t\t\t\t\t\t\t\t<div class=\"img-inner dark\" >\n\t\t\t<img loading=\"lazy\" decoding=\"async\" width=\"1020\" height=\"574\" src=\"https:\/\/www.telaled.com\/wp-content\/uploads\/2025\/11\/letreiro-digital-para-loja3-1.webp\" class=\"attachment-large size-large\" alt=\"\ub9e4\uc7a5\uc6a9 \ub514\uc9c0\ud138 \uac04\ud3103 (1)\" srcset=\"https:\/\/www.telaled.com\/wp-content\/uploads\/2025\/11\/letreiro-digital-para-loja3-1.webp 1024w, https:\/\/www.telaled.com\/wp-content\/uploads\/2025\/11\/letreiro-digital-para-loja3-1-300x169.webp 300w, https:\/\/www.telaled.com\/wp-content\/uploads\/2025\/11\/letreiro-digital-para-loja3-1-768x432.webp 768w, https:\/\/www.telaled.com\/wp-content\/uploads\/2025\/11\/letreiro-digital-para-loja3-1-18x10.webp 18w, https:\/\/www.telaled.com\/wp-content\/uploads\/2025\/11\/letreiro-digital-para-loja3-1-600x338.webp 600w\" sizes=\"auto, (max-width: 1020px) 100vw, 1020px\" \/>\t\t\t\t\t\t\n\t\t\t\t\t<\/div>\n\t\t\t\t\t\t\t\t\n<style>\n#image_1566161141 {\n  width: 80%;\n}\n<\/style>\n\t<\/div>\n\t\n<ul>\n<li>\uc778\ud130\ub799\ud2f0\ube0c \ucf58\ud150\uce20\ub294 \uace0\uac1d\uc758 \ucc38\uc5ec\ub97c \uc720\ub3c4\ud558\uace0 \uad6c\ub9e4 \uacb0\uc815\uc5d0 \uc601\ud5a5\uc744 \ubbf8\uccd0 \uc1fc\ud551 \uacbd\ud5d8\uc744 \ud5a5\uc0c1\uc2dc\ud0a4\ub294 \uac83\uc73c\ub85c \uc785\uc99d\ub418\uc5c8\uc2b5\ub2c8\ub2e4. \uc778\ud130\ub799\ud2f0\ube0c\ud558\uace0 \uac1c\uc778\ud654\ub41c \ub514\uc2a4\ud50c\ub808\uc774\ub97c \uc81c\uacf5\ud568\uc73c\ub85c\uc368 \uc1fc\ud551\uac1d\uc758 \ub9cc\uc871\ub3c4\ub97c \ub192\uc774\uace0 \ucc38\uc5ec\ub97c \uc720\ub3c4\ud560 \uc218 \uc788\uc2b5\ub2c8\ub2e4. \uc774\ub7ec\ud55c \uc5ed\ub3d9\uc801\uc778 \uae30\ub2a5\uc740 \uace0\uac1d \ub9cc\uc871\ub3c4\ub97c \ub192\uc77c \ubfd0\ub9cc \uc544\ub2c8\ub77c \uba54\uc2dc\uc9c0\ub97c \ud6a8\uacfc\uc801\uc73c\ub85c \uc804\ub2ec\ud558\uc5ec \uc804\ud658\uc728\uacfc \ub9e4\ucd9c\uc744 \uc99d\ub300\uc2dc\ud0b5\ub2c8\ub2e4.<\/li>\n<\/ul>\n\t<div class=\"img has-hover x md-x lg-x y md-y lg-y\" id=\"image_255201545\">\n\t\t\t\t\t\t\t\t<div class=\"img-inner dark\" >\n\t\t\t<img loading=\"lazy\" decoding=\"async\" width=\"835\" height=\"440\" src=\"https:\/\/www.telaled.com\/wp-content\/uploads\/2025\/11\/letreiro-digital-para-loja5-1.webp\" class=\"attachment-large size-large\" alt=\"\ub9e4\uc7a5\uc6a9 \ub514\uc9c0\ud138 \uac04\ud3105 (1)\" srcset=\"https:\/\/www.telaled.com\/wp-content\/uploads\/2025\/11\/letreiro-digital-para-loja5-1.webp 835w, https:\/\/www.telaled.com\/wp-content\/uploads\/2025\/11\/letreiro-digital-para-loja5-1-300x158.webp 300w, https:\/\/www.telaled.com\/wp-content\/uploads\/2025\/11\/letreiro-digital-para-loja5-1-768x405.webp 768w, https:\/\/www.telaled.com\/wp-content\/uploads\/2025\/11\/letreiro-digital-para-loja5-1-18x9.webp 18w, https:\/\/www.telaled.com\/wp-content\/uploads\/2025\/11\/letreiro-digital-para-loja5-1-600x316.webp 600w\" sizes=\"auto, (max-width: 835px) 100vw, 835px\" \/>\t\t\t\t\t\t\n\t\t\t\t\t<\/div>\n\t\t\t\t\t\t\t\t\n<style>\n#image_255201545 {\n  width: 80%;\n}\n<\/style>\n\t<\/div>\n\t\n\t\t<\/div>\n\t\t\t\t\t<\/div>\n\n\t\n<\/div>\n\t\t<\/div>\n\t\t\t\t\t<\/div>\n\n\t\n<\/div>","protected":false},"excerpt":{"rendered":"<div><strong>\ub9e4\uc7a5\uc744 \uc704\ud55c \ub514\uc9c0\ud138 \uc0ac\uc774\ub2c8\uc9c0: \uace0\uac1d\uc744 \uc720\uce58\ud558\uace0 \uace0\uac1d \uc218\ub97c \ub298\ub9ac\ub294 \uc2a4\ub9c8\ud2b8\ud55c \ubc29\ubc95.<\/strong><\/div>\n<div><\/div>\n<div>\uc18c\ub9e4\uc810\uc6a9 \ub514\uc9c0\ud138 \uac04\ud310\uc740 \uc2e4\uc2dc\uac04 \ud504\ub85c\ubaa8\uc158\uc744 \ud45c\uc2dc\ud558\uace0, \uc2e0\uc81c\ud488\uc744 \uac15\uc870\ud558\uba70, \uc0dd\ub3d9\uac10 \ub118\uce58\uace0 \uc5ed\ub3d9\uc801\uc778 \ube44\uc8fc\uc5bc\ub85c \uace0\uac1d\uc744 \ub9e4\uc7a5\uc73c\ub85c \uc720\uce58\ud558\ub294 \ub370 \ub3c4\uc6c0\uc774 \ub429\ub2c8\ub2e4. \uace0\uc815\ub41c \ud3ec\uc2a4\ud130\uc640 \ub2ec\ub9ac, \ub514\uc9c0\ud138 \uac04\ud310\uc740 \uc989\uc2dc \uc5c5\ub370\uc774\ud2b8\ub418\uace0 \uac15\ud55c \uc2e4\ub0b4 \uc870\uba85 \uc544\ub798\uc5d0\uc11c\ub3c4 \uc120\uba85\ud558\uac8c \uc720\uc9c0\ub418\uc5b4 \ud604\ub300 \uc18c\ub9e4\uc810\uc5d0 \uac00\uc7a5 \ud6a8\uacfc\uc801\uc778 \ub3c4\uad6c \uc911 \ud558\ub098\uc785\ub2c8\ub2e4.<\/div>\n<div><\/div>\n<div><strong>\uc8fc\uc694 \ud2b9\uc9d5:<\/strong><\/div>\n<ul>\n<li><strong>\uace0\uad11\ud0dd:<\/strong> \uc720\ub9ac\ub098 \ubc1d\uc740 \ub9e4\uc7a5 \uc870\uba85 \uc544\ub798\uc5d0\uc11c\ub3c4 800~1200\ub2c8\ud2b8\uc758 \uc120\uba85\ud55c \uac00\uc2dc\uc131\uc744 \uc81c\uacf5\ud569\ub2c8\ub2e4.<\/li>\n<li><strong>\uc120\uba85\ud55c \ud574\uc0c1\ub3c4:<\/strong> <a href=\"https:\/\/www.telaled.com\/ko\/fabrica\/painel-de-led-hd-serie-tho\/\">HD \ud654\uba74<\/a>\uc120\uba85\ud55c \uc81c\ud488 \uc0ac\uc9c4\uacfc \uc815\ud655\ud55c \uc0c9\uc0c1\uc744 \uc704\ud574 4K \ud574\uc0c1\ub3c4\ub97c \uc9c0\uc6d0\ud569\ub2c8\ub2e4.<\/li>\n<li><strong>\ube60\ub978 \ucf58\ud150\uce20 \uc5c5\ub370\uc774\ud2b8:<\/strong> Wi-Fi\/LAN\uc744 \ud1b5\ud55c \uc81c\uc5b4\ub97c \ud1b5\ud574 \uba87 \ucd08 \ub9cc\uc5d0 \ud504\ub85c\ubaa8\uc158\uc744 \ubcc0\uacbd\ud560 \uc218 \uc788\uc2b5\ub2c8\ub2e4.<\/li>\n<li><strong>24\uc2dc\uac04 \uc5f0\uc911\ubb34\ud734 \uc0ac\uc6a9\uc744 \uc704\ud574 \uc124\uacc4\ub418\uc5c8\uc2b5\ub2c8\ub2e4.<\/strong> \uacfc\uc5f4 \uc5c6\uc774 \uc9c0\uc18d\uc801\uc73c\ub85c \uc791\ub3d9\ud558\ub3c4\ub85d \uc124\uacc4\ub41c \uc0b0\uc5c5\uc6a9 \ud328\ub110\uc785\ub2c8\ub2e4.<\/li>\n<\/ul>","protected":false},"featured_media":5700,"template":"","meta":[],"product_brand":[],"product_cat":[49],"product_tag":[],"class_list":{"0":"post-5698","1":"product","2":"type-product","3":"status-publish","4":"has-post-thumbnail","6":"product_cat-digital-signage","8":"first","9":"instock","10":"shipping-taxable","11":"product-type-simple"},"yoast_head":"<!-- This site is optimized with the Yoast SEO plugin v27.5 - https:\/\/yoast.com\/product\/yoast-seo-wordpress\/ -->\n<title>Letreiro Digital para Loja | Aumente a visibilidade e as vendas com displays de alto impacto| TELALED<\/title>\n<meta name=\"description\" content=\"Modernize a fachada da sua loja com um painel digital que oferece imagens mais vibrantes, conte\u00fado din\u00e2mico e maior intera\u00e7\u00e3o com os clientes. Entre em contato agora mesmo para solicitar um or\u00e7amento!\" \/>\n<meta name=\"robots\" content=\"index, follow, max-snippet:-1, max-image-preview:large, max-video-preview:-1\" \/>\n<link rel=\"canonical\" href=\"https:\/\/www.telaled.com\/ko\/fabrica\/letreiro-digital-para-loja\/\" \/>\n<meta property=\"og:locale\" content=\"ko_KR\" \/>\n<meta property=\"og:type\" content=\"article\" \/>\n<meta property=\"og:title\" content=\"Letreiro Digital para Loja | Aumente a visibilidade e as vendas com displays de alto impacto| TELALED\" \/>\n<meta property=\"og:description\" content=\"Modernize a fachada da sua loja com um painel digital que oferece imagens mais vibrantes, conte\u00fado din\u00e2mico e maior intera\u00e7\u00e3o com os clientes. Entre em contato agora mesmo para solicitar um or\u00e7amento!\" \/>\n<meta property=\"og:url\" content=\"https:\/\/www.telaled.com\/ko\/fabrica\/letreiro-digital-para-loja\/\" \/>\n<meta property=\"og:site_name\" content=\"TELALED\" \/>\n<meta property=\"article:modified_time\" content=\"2026-01-11T06:43:34+00:00\" \/>\n<meta property=\"og:image\" content=\"https:\/\/www.telaled.com\/wp-content\/uploads\/2025\/11\/letreiro-digital-para-loja.webp\" \/>\n\t<meta property=\"og:image:width\" content=\"500\" \/>\n\t<meta property=\"og:image:height\" content=\"500\" \/>\n\t<meta property=\"og:image:type\" content=\"image\/webp\" \/>\n<meta name=\"twitter:card\" content=\"summary_large_image\" \/>\n<meta name=\"twitter:label1\" content=\"\uc608\uc0c1 \ub418\ub294 \ud310\ub3c5 \uc2dc\uac04\" \/>\n\t<meta name=\"twitter:data1\" content=\"3\ubd84\" \/>\n<script type=\"application\/ld+json\" class=\"yoast-schema-graph\">{\"@context\":\"https:\\\/\\\/schema.org\",\"@graph\":[{\"@type\":\"WebPage\",\"@id\":\"https:\\\/\\\/www.telaled.com\\\/fabrica\\\/letreiro-digital-para-loja\\\/\",\"url\":\"https:\\\/\\\/www.telaled.com\\\/fabrica\\\/letreiro-digital-para-loja\\\/\",\"name\":\"Letreiro Digital para Loja | Aumente a visibilidade e as vendas com displays de alto impacto| TELALED\",\"isPartOf\":{\"@id\":\"https:\\\/\\\/www.telaled.com\\\/#website\"},\"primaryImageOfPage\":{\"@id\":\"https:\\\/\\\/www.telaled.com\\\/fabrica\\\/letreiro-digital-para-loja\\\/#primaryimage\"},\"image\":{\"@id\":\"https:\\\/\\\/www.telaled.com\\\/fabrica\\\/letreiro-digital-para-loja\\\/#primaryimage\"},\"thumbnailUrl\":\"https:\\\/\\\/www.telaled.com\\\/wp-content\\\/uploads\\\/2025\\\/11\\\/letreiro-digital-para-loja.webp\",\"datePublished\":\"2025-11-18T06:54:38+00:00\",\"dateModified\":\"2026-01-11T06:43:34+00:00\",\"description\":\"Modernize a fachada da sua loja com um painel digital que oferece imagens mais vibrantes, conte\u00fado din\u00e2mico e maior intera\u00e7\u00e3o com os clientes. Entre em contato agora mesmo para solicitar um or\u00e7amento!\",\"breadcrumb\":{\"@id\":\"https:\\\/\\\/www.telaled.com\\\/fabrica\\\/letreiro-digital-para-loja\\\/#breadcrumb\"},\"inLanguage\":\"ko-KR\",\"potentialAction\":[{\"@type\":\"ReadAction\",\"target\":[\"https:\\\/\\\/www.telaled.com\\\/fabrica\\\/letreiro-digital-para-loja\\\/\"]}]},{\"@type\":\"ImageObject\",\"inLanguage\":\"ko-KR\",\"@id\":\"https:\\\/\\\/www.telaled.com\\\/fabrica\\\/letreiro-digital-para-loja\\\/#primaryimage\",\"url\":\"https:\\\/\\\/www.telaled.com\\\/wp-content\\\/uploads\\\/2025\\\/11\\\/letreiro-digital-para-loja.webp\",\"contentUrl\":\"https:\\\/\\\/www.telaled.com\\\/wp-content\\\/uploads\\\/2025\\\/11\\\/letreiro-digital-para-loja.webp\",\"width\":500,\"height\":500,\"caption\":\"letreiro digital para loja\"},{\"@type\":\"BreadcrumbList\",\"@id\":\"https:\\\/\\\/www.telaled.com\\\/fabrica\\\/letreiro-digital-para-loja\\\/#breadcrumb\",\"itemListElement\":[{\"@type\":\"ListItem\",\"position\":1,\"name\":\"Home\",\"item\":\"https:\\\/\\\/www.telaled.com\\\/\"},{\"@type\":\"ListItem\",\"position\":2,\"name\":\"Produtos\",\"item\":\"https:\\\/\\\/www.telaled.com\\\/shop\\\/\"},{\"@type\":\"ListItem\",\"position\":3,\"name\":\"letreiro digital para loja\"}]},{\"@type\":\"WebSite\",\"@id\":\"https:\\\/\\\/www.telaled.com\\\/#website\",\"url\":\"https:\\\/\\\/www.telaled.com\\\/\",\"name\":\"TELALED\",\"description\":\"\",\"potentialAction\":[{\"@type\":\"SearchAction\",\"target\":{\"@type\":\"EntryPoint\",\"urlTemplate\":\"https:\\\/\\\/www.telaled.com\\\/?s={search_term_string}\"},\"query-input\":{\"@type\":\"PropertyValueSpecification\",\"valueRequired\":true,\"valueName\":\"search_term_string\"}}],\"inLanguage\":\"ko-KR\"}]}<\/script>\n<!-- \/ Yoast SEO plugin. -->","yoast_head_json":{"title":"\ub9e4\uc7a5\uc6a9 \ub514\uc9c0\ud138 \uc0ac\uc774\ub2c8\uc9c0 | \ud6a8\uacfc\uc801\uc778 \ub514\uc2a4\ud50c\ub808\uc774\ub85c \uac00\uc2dc\uc131\uacfc \ub9e4\ucd9c \uc99d\ub300 | TELALED","description":"\ub354\uc6b1 \uc0dd\ub3d9\uac10 \ub118\uce58\ub294 \uc774\ubbf8\uc9c0, \uc5ed\ub3d9\uc801\uc778 \ucf58\ud150\uce20, \uadf8\ub9ac\uace0 \uace0\uac1d\uacfc\uc758 \uc6d0\ud65c\ud55c \uc18c\ud1b5\uc744 \uc81c\uacf5\ud558\ub294 \ub514\uc9c0\ud138 \uac04\ud310\uc73c\ub85c \ub9e4\uc7a5 \uc678\uad00\uc744 \ud604\ub300\uc801\uc73c\ub85c \uafb8\uba70\ubcf4\uc138\uc694. \uc9c0\uae08 \ubc14\ub85c \uacac\uc801\uc744 \ubc1b\uc544\ubcf4\uc138\uc694!","robots":{"index":"index","follow":"follow","max-snippet":"max-snippet:-1","max-image-preview":"max-image-preview:large","max-video-preview":"max-video-preview:-1"},"canonical":"https:\/\/www.telaled.com\/ko\/fabrica\/letreiro-digital-para-loja\/","og_locale":"ko_KR","og_type":"article","og_title":"Letreiro Digital para Loja | Aumente a visibilidade e as vendas com displays de alto impacto| TELALED","og_description":"Modernize a fachada da sua loja com um painel digital que oferece imagens mais vibrantes, conte\u00fado din\u00e2mico e maior intera\u00e7\u00e3o com os clientes. Entre em contato agora mesmo para solicitar um or\u00e7amento!","og_url":"https:\/\/www.telaled.com\/ko\/fabrica\/letreiro-digital-para-loja\/","og_site_name":"TELALED","article_modified_time":"2026-01-11T06:43:34+00:00","og_image":[{"width":500,"height":500,"url":"https:\/\/www.telaled.com\/wp-content\/uploads\/2025\/11\/letreiro-digital-para-loja.webp","type":"image\/webp"}],"twitter_card":"summary_large_image","twitter_misc":{"\uc608\uc0c1 \ub418\ub294 \ud310\ub3c5 \uc2dc\uac04":"3\ubd84"},"schema":{"@context":"https:\/\/schema.org","@graph":[{"@type":"WebPage","@id":"https:\/\/www.telaled.com\/fabrica\/letreiro-digital-para-loja\/","url":"https:\/\/www.telaled.com\/fabrica\/letreiro-digital-para-loja\/","name":"\ub9e4\uc7a5\uc6a9 \ub514\uc9c0\ud138 \uc0ac\uc774\ub2c8\uc9c0 | \ud6a8\uacfc\uc801\uc778 \ub514\uc2a4\ud50c\ub808\uc774\ub85c \uac00\uc2dc\uc131\uacfc \ub9e4\ucd9c \uc99d\ub300 | TELALED","isPartOf":{"@id":"https:\/\/www.telaled.com\/#website"},"primaryImageOfPage":{"@id":"https:\/\/www.telaled.com\/fabrica\/letreiro-digital-para-loja\/#primaryimage"},"image":{"@id":"https:\/\/www.telaled.com\/fabrica\/letreiro-digital-para-loja\/#primaryimage"},"thumbnailUrl":"https:\/\/www.telaled.com\/wp-content\/uploads\/2025\/11\/letreiro-digital-para-loja.webp","datePublished":"2025-11-18T06:54:38+00:00","dateModified":"2026-01-11T06:43:34+00:00","description":"\ub354\uc6b1 \uc0dd\ub3d9\uac10 \ub118\uce58\ub294 \uc774\ubbf8\uc9c0, \uc5ed\ub3d9\uc801\uc778 \ucf58\ud150\uce20, \uadf8\ub9ac\uace0 \uace0\uac1d\uacfc\uc758 \uc6d0\ud65c\ud55c \uc18c\ud1b5\uc744 \uc81c\uacf5\ud558\ub294 \ub514\uc9c0\ud138 \uac04\ud310\uc73c\ub85c \ub9e4\uc7a5 \uc678\uad00\uc744 \ud604\ub300\uc801\uc73c\ub85c \uafb8\uba70\ubcf4\uc138\uc694. \uc9c0\uae08 \ubc14\ub85c \uacac\uc801\uc744 \ubc1b\uc544\ubcf4\uc138\uc694!","breadcrumb":{"@id":"https:\/\/www.telaled.com\/fabrica\/letreiro-digital-para-loja\/#breadcrumb"},"inLanguage":"ko-KR","potentialAction":[{"@type":"ReadAction","target":["https:\/\/www.telaled.com\/fabrica\/letreiro-digital-para-loja\/"]}]},{"@type":"ImageObject","inLanguage":"ko-KR","@id":"https:\/\/www.telaled.com\/fabrica\/letreiro-digital-para-loja\/#primaryimage","url":"https:\/\/www.telaled.com\/wp-content\/uploads\/2025\/11\/letreiro-digital-para-loja.webp","contentUrl":"https:\/\/www.telaled.com\/wp-content\/uploads\/2025\/11\/letreiro-digital-para-loja.webp","width":500,"height":500,"caption":"letreiro digital para loja"},{"@type":"BreadcrumbList","@id":"https:\/\/www.telaled.com\/fabrica\/letreiro-digital-para-loja\/#breadcrumb","itemListElement":[{"@type":"ListItem","position":1,"name":"Home","item":"https:\/\/www.telaled.com\/"},{"@type":"ListItem","position":2,"name":"Produtos","item":"https:\/\/www.telaled.com\/shop\/"},{"@type":"ListItem","position":3,"name":"letreiro digital para loja"}]},{"@type":"WebSite","@id":"https:\/\/www.telaled.com\/#website","url":"https:\/\/www.telaled.com\/","name":"LED \uc2a4\ud06c\ub9b0","description":"","potentialAction":[{"@type":"SearchAction","target":{"@type":"EntryPoint","urlTemplate":"https:\/\/www.telaled.com\/?s={search_term_string}"},"query-input":{"@type":"PropertyValueSpecification","valueRequired":true,"valueName":"search_term_string"}}],"inLanguage":"ko-KR"}]}},"_links":{"self":[{"href":"https:\/\/www.telaled.com\/ko\/wp-json\/wp\/v2\/product\/5698","targetHints":{"allow":["GET"]}}],"collection":[{"href":"https:\/\/www.telaled.com\/ko\/wp-json\/wp\/v2\/product"}],"about":[{"href":"https:\/\/www.telaled.com\/ko\/wp-json\/wp\/v2\/types\/product"}],"wp:featuredmedia":[{"embeddable":true,"href":"https:\/\/www.telaled.com\/ko\/wp-json\/wp\/v2\/media\/5700"}],"wp:attachment":[{"href":"https:\/\/www.telaled.com\/ko\/wp-json\/wp\/v2\/media?parent=5698"}],"wp:term":[{"taxonomy":"product_brand","embeddable":true,"href":"https:\/\/www.telaled.com\/ko\/wp-json\/wp\/v2\/product_brand?post=5698"},{"taxonomy":"product_cat","embeddable":true,"href":"https:\/\/www.telaled.com\/ko\/wp-json\/wp\/v2\/product_cat?post=5698"},{"taxonomy":"product_tag","embeddable":true,"href":"https:\/\/www.telaled.com\/ko\/wp-json\/wp\/v2\/product_tag?post=5698"}],"curies":[{"name":"\uc6cc\ub4dc\ud504\ub808\uc2a4","href":"https:\/\/api.w.org\/{rel}","templated":true}]}}