{"id":5483,"date":"2025-11-13T09:51:41","date_gmt":"2025-11-13T09:51:41","guid":{"rendered":"https:\/\/www.telaled.com\/?post_type=product&#038;p=5483"},"modified":"2026-01-11T05:45:03","modified_gmt":"2026-01-11T05:45:03","slug":"tela-de-led-flexivel-para-caminhao","status":"publish","type":"product","link":"https:\/\/www.telaled.com\/ko\/fabrica\/tela-de-led-flexivel-para-caminhao\/","title":{"rendered":"\ud2b8\ub7ed\uc6a9 \ud50c\ub809\uc2dc\ube14 LED \uc2a4\ud06c\ub9b0"},"content":{"rendered":"<div class=\"row\"  id=\"row-1274235044\">\n\n\t<div id=\"col-2007187124\" class=\"col small-12 large-12\"  >\n\t\t\t\t<div class=\"col-inner\"  >\n\t\t\t\n\t\t\t\n<h2>Flexible LED \uc790\ub3d9\ucc28 \uc2a4\ud06c\ub9b0\uc758 \ub3c5\uc810\uc801 \uc7a5\uc810<\/h2>\n<h3><strong>\ub6f0\uc5b4\ub09c \ub0b4\uad6c\uc131<\/strong><\/h3>\n<ul>\n<li><strong><em>\ub0b4\uad6c\uc131 \uc788\ub294 PU \uc2a4\ud2f0\ucee4:<\/em><\/strong> \ud2b8\ub7ed\uc5d0\uc11c\uc758 \uacac\uace0\ud55c \uc0ac\uc6a9\uc744 \uc704\ud574 \uac15\ub825\ud558\uace0 \ub0b4\uad6c\uc131 \uc788\ub294 \uc811\ucc29\ub825\uc744 \uc81c\uacf5\ud569\ub2c8\ub2e4.<\/li>\n<li><strong><em>\ubc29\uc218 \ubc0f \ubc29\uc9c4 IP67:<\/em> <\/strong>\ubaa8\ub4e0 \uae30\uc0c1 \uc870\uac74, \ube44, \uba3c\uc9c0\ub97c \uacac\ub38c\ub0c5\ub2c8\ub2e4.<\/li>\n<li><strong><em>\ucda9\uaca9 \ubc29\uc9c0<\/em><\/strong>\uc6b4\uc1a1 \uc911 \uc9c4\ub3d9\uacfc \ucda9\uaca9\uc5d0 \uac15\ud569\ub2c8\ub2e4.<\/li>\n<\/ul>\n<h3><strong>\ub6f0\uc5b4\ub09c \uc2dc\uac01\uc801 \ud488\uc9c8<\/strong><\/h3>\n<ul>\n<li><em><strong>\ud574\uacb0 <a href=\"https:\/\/www.telaled.com\/ko\/fabrica\/painel-de-led-hd-serie-tho\/\">\ud480 HD<\/a>\/4K:<\/strong><\/em> \uba85\ud655\ud55c \uba54\uc2dc\uc9c0\ub97c \uc704\ud55c \uc120\uba85\ud558\uace0 \uc0dd\uc0dd\ud55c \uc774\ubbf8\uc9c0.<\/li>\n<li><em><strong>4000\ub2c8\ud2b8\uc758 \ubc1d\uae30:<\/strong><\/em> \uc9c1\uc0ac\uad11\uc120\uc5d0\uc11c\ub3c4 \ubcfc \uc218 \uc788\uc2b5\ub2c8\ub2e4.<\/li>\n<li><em><strong>\ub113\uc740 \uc2dc\uc57c:<\/strong><\/em> \uc5b4\ub290 \ubc29\ud5a5\uc5d0\uc11c\ub098 \ubcfc \uc218 \uc788\uc2b5\ub2c8\ub2e4.<\/li>\n<\/ul>\n<h3><strong>\uc644\ubcbd\ud55c \uc801\uc751\ub825<\/strong><\/h3>\n<ul>\n<li><strong><em>\uc720\uc5f0\ud558\uace0 \uace1\uc120\ud615:<\/em><\/strong> \ubaa8\ub4e0 \ud45c\uba74\uc5d0 \ub9de\ucda4 \uc81c\uc791 \uac00\ub2a5.<\/li>\n<li><em><strong>\ubaa8\ub4c8\uc2dd \ub514\uc790\uc778:<\/strong><\/em> \ubaa8\ub4e0 \ud654\uba74 \ud06c\uae30\uc5d0 \ub9de\uac8c \ud655\uc7a5 \uac00\ub2a5\ud569\ub2c8\ub2e4.<\/li>\n<li><em><strong>\uc644\ubcbd\ud55c \uc0ac\uc6a9\uc790 \uc815\uc758 \uac00\ub2a5:<\/strong><\/em> \ubc1d\uae30, \uc0c9\uc0c1, \ub300\ube44\ub97c \uc6d0\ud558\ub294 \ub300\ub85c \uc870\uc808\ud558\uc138\uc694.<\/li>\n<\/ul>\n<h3><strong>\uc885\ud569 \uc9c0\uc6d0<\/strong><\/h3>\n<ul>\n<li><em><strong>24\uc2dc\uac04 \uc804\ubb38\uac00 \uc9c0\uc6d0:<\/strong> <\/em>\uc2dc\uc2a4\ud15c\uc744 \uc6d0\ud65c\ud558\uac8c \uc2e4\ud589\ud558\uc138\uc694.<\/li>\n<li><em><strong>5% \uc608\ube44 \ubd80\ud488:<\/strong><\/em> \uc2e0\ub8b0\uc131\uc744 \ub192\uc774\uace0 \uac00\ub3d9 \uc911\uc9c0 \uc2dc\uac04\uc744 \ucd5c\uc18c\ud654\ud569\ub2c8\ub2e4.<\/li>\n<li><strong><em>3\ub144 \ubcf4\uc99d:<\/em> <\/strong>\uc131\ub2a5\uacfc \ub9c8\uc74c\uc758 \ud3c9\ud654\uac00 \ubcf4\uc7a5\ub429\ub2c8\ub2e4.<\/li>\n<li><em><strong>\uc644\ubcbd\ud55c \ubcf4\ud638:<\/strong> <\/em>\uadc0\ud558\uc758 \ud22c\uc790\ub97c \ubcf4\ud638\ud558\uc138\uc694.<\/li>\n<\/ul>\n<h2>\uc81c\ud488 \uc0c1\uc138 \uc815\ubcf4<\/h2>\n<div class=\"row\"  id=\"row-710226685\">\n\n\t<div id=\"col-759085581\" class=\"col medium-10 small-12 large-10\"  >\n\t\t\t\t<div class=\"col-inner text-left\"  >\n\t\t\t\n\t\t\t\n<ul>\n<li>\ubcf8 \uc81c\ud488\uc5d0 \uc0ac\uc6a9\ub41c \uace0\uc131\ub2a5 PU \uc811\ucc29\uc81c\ub294 \ub6f0\uc5b4\ub09c \ud658\uacbd \ubcf4\ud638 \ubc0f \ub0b4\uc5f4\uc131\uc744 \uc81c\uacf5\ud569\ub2c8\ub2e4. \ubb34\ub3c5\uc131\uc774\uba70 \ud669\ubcc0\uc5d0 \uac15\ud558\uace0 \uac15\ub825\ud55c \uc811\ucc29\ub825\uc744 \ubcf4\uc7a5\ud558\uc5ec LED \uc2a4\ud2b8\ub9bd\uacfc \ud6a8\uacfc\uc801\uc73c\ub85c \uacb0\ud569\ub429\ub2c8\ub2e4. \uac00\uacf5 \ud6c4, \ud2b8\ub7ed\uc6a9 \ud50c\ub809\uc2dc\ube14 LED \uc2a4\ud06c\ub9b0\uc740 IP67 \ub4f1\uae09\uc758 \ubc29\uc218 \ubc0f \ubc29\uc9c4 \uae30\ub2a5\uc744 \uac16\ucdb0 \ub0b4\ubd80 \ubd80\ud488\uc744 \uc548\uc815\uc801\uc73c\ub85c \ubcf4\ud638\ud569\ub2c8\ub2e4.<\/li>\n<\/ul>\n\t<div class=\"img has-hover x md-x lg-x y md-y lg-y\" id=\"image_634293248\">\n\t\t\t\t\t\t\t\t<div class=\"img-inner dark\" >\n\t\t\t<img loading=\"lazy\" decoding=\"async\" width=\"800\" height=\"500\" src=\"https:\/\/www.telaled.com\/wp-content\/uploads\/2025\/11\/A-prova-de-poeira-e-agua-brinque-sem-preocupacoes.webp\" class=\"attachment-original size-original\" alt=\"\ubc29\uc9c4, \ubc29\uc218 \uae30\ub2a5\uc774 \uc788\uc5b4 \uac71\uc815\uc5c6\uc774 \ud50c\ub808\uc774\ud558\uc138\uc694.\" srcset=\"https:\/\/www.telaled.com\/wp-content\/uploads\/2025\/11\/A-prova-de-poeira-e-agua-brinque-sem-preocupacoes.webp 800w, https:\/\/www.telaled.com\/wp-content\/uploads\/2025\/11\/A-prova-de-poeira-e-agua-brinque-sem-preocupacoes-300x188.webp 300w, https:\/\/www.telaled.com\/wp-content\/uploads\/2025\/11\/A-prova-de-poeira-e-agua-brinque-sem-preocupacoes-768x480.webp 768w, https:\/\/www.telaled.com\/wp-content\/uploads\/2025\/11\/A-prova-de-poeira-e-agua-brinque-sem-preocupacoes-18x12.webp 18w, https:\/\/www.telaled.com\/wp-content\/uploads\/2025\/11\/A-prova-de-poeira-e-agua-brinque-sem-preocupacoes-600x375.webp 600w\" sizes=\"auto, (max-width: 800px) 100vw, 800px\" \/>\t\t\t\t\t\t\n\t\t\t\t\t<\/div>\n\t\t\t\t\t\t\t\t\n<style>\n#image_634293248 {\n  width: 80%;\n}\n<\/style>\n\t<\/div>\n\t\n<ul>\n<li>\uc720\uc5f0\ud558\uace0 \uc811\uc774\uc2dd\uc73c\ub85c \ud544\uc694\uc5d0 \ub530\ub77c \uad6c\ubd80\ub9ac\uac70\ub098 \uc811\uc744 \uc218 \uc788\uc5b4 \ud734\ub300\uc131\uc774 \ub6f0\uc5b4\ub098\uace0 \uc774\ub3d9\uc774 \uac04\ud3b8\ud569\ub2c8\ub2e4. \uc7a5\uae30\uac04 \ubcf4\uad00 \uc2dc\uc5d0\ub294 \ud654\uba74\uc774 \uc548\ucabd\uc744 \ud5a5\ud558\ub3c4\ub85d \ud328\ub110\uc744 \ubc30\uce58\ud558\uace0, \ud328\ub110\uc758 \uc190\uc0c1 \uc5c6\uc774 \uc548\uc804\ud558\uac8c \ubcf4\uad00\ud558\uae30 \uc704\ud574 \ubb34\uac70\uc6b4 \ubb3c\uac74\uc744 \uc62c\ub824\ub193\uc9c0 \uc54a\ub294 \uac83\uc774 \uc911\uc694\ud569\ub2c8\ub2e4.<\/li>\n<\/ul>\n\t<div class=\"img has-hover x md-x lg-x y md-y lg-y\" id=\"image_400452327\">\n\t\t\t\t\t\t\t\t<div class=\"img-inner dark\" >\n\t\t\t<img loading=\"lazy\" decoding=\"async\" width=\"800\" height=\"500\" src=\"https:\/\/www.telaled.com\/wp-content\/uploads\/2025\/11\/macio-e-dobravel.webp\" class=\"attachment-large size-large\" alt=\"\ubd80\ub4dc\ub7fd\uace0 \uc811\uc744 \uc218 \uc788\ub294\" srcset=\"https:\/\/www.telaled.com\/wp-content\/uploads\/2025\/11\/macio-e-dobravel.webp 800w, https:\/\/www.telaled.com\/wp-content\/uploads\/2025\/11\/macio-e-dobravel-300x188.webp 300w, https:\/\/www.telaled.com\/wp-content\/uploads\/2025\/11\/macio-e-dobravel-768x480.webp 768w, https:\/\/www.telaled.com\/wp-content\/uploads\/2025\/11\/macio-e-dobravel-18x12.webp 18w, https:\/\/www.telaled.com\/wp-content\/uploads\/2025\/11\/macio-e-dobravel-600x375.webp 600w\" sizes=\"auto, (max-width: 800px) 100vw, 800px\" \/>\t\t\t\t\t\t\n\t\t\t\t\t<\/div>\n\t\t\t\t\t\t\t\t\n<style>\n#image_400452327 {\n  width: 80%;\n}\n<\/style>\n\t<\/div>\n\t\n<ul>\n<li>\ud6e8\uc52c \ub354 \ud06c\uace0 \ub113\uc740 \ub514\uc2a4\ud50c\ub808\uc774\ub97c \ud0d1\uc7ac\ud588\uc2b5\ub2c8\ub2e4. \ucee4\uc9c4 \ud06c\uae30\ub294 \uac8c\uc784\uacfc \uc2dc\uccad \uacbd\ud5d8\uc744 \ubaa8\ub450 \ud5a5\uc0c1\uc2dc\ucf1c \ub113\uc740 \uacf5\uac04\uc5d0 \uc774\uc0c1\uc801\uc785\ub2c8\ub2e4. \uba40\ub9ac\uc11c \ubcfc \ub54c \ub354\uc6b1 \ub9e4\ub825\uc801\uc774\uace0 \uc720\ub9ac\ud558\uac8c \ub290\uaef4\uc9c0\uba70, \ub354\uc6b1 \ubab0\uc785\uac10 \uc788\uace0 \ub9e4\ub825\uc801\uc778 \uc2dc\uac01\uc801 \uacbd\ud5d8\uc744 \uc81c\uacf5\ud569\ub2c8\ub2e4.<\/li>\n<\/ul>\n\t<div class=\"img has-hover x md-x lg-x y md-y lg-y\" id=\"image_403228121\">\n\t\t\t\t\t\t\t\t<div class=\"img-inner dark\" >\n\t\t\t<img loading=\"lazy\" decoding=\"async\" width=\"800\" height=\"500\" src=\"https:\/\/www.telaled.com\/wp-content\/uploads\/2025\/11\/Tela-enorme-totalmente-ampliada.webp\" class=\"attachment-large size-large\" alt=\"\uc5c4\uccad\ub098\uac8c \ud655\ub300\ub41c \ud654\uba74\" srcset=\"https:\/\/www.telaled.com\/wp-content\/uploads\/2025\/11\/Tela-enorme-totalmente-ampliada.webp 800w, https:\/\/www.telaled.com\/wp-content\/uploads\/2025\/11\/Tela-enorme-totalmente-ampliada-300x188.webp 300w, https:\/\/www.telaled.com\/wp-content\/uploads\/2025\/11\/Tela-enorme-totalmente-ampliada-768x480.webp 768w, https:\/\/www.telaled.com\/wp-content\/uploads\/2025\/11\/Tela-enorme-totalmente-ampliada-18x12.webp 18w, https:\/\/www.telaled.com\/wp-content\/uploads\/2025\/11\/Tela-enorme-totalmente-ampliada-600x375.webp 600w\" sizes=\"auto, (max-width: 800px) 100vw, 800px\" \/>\t\t\t\t\t\t\n\t\t\t\t\t<\/div>\n\t\t\t\t\t\t\t\t\n<style>\n#image_403228121 {\n  width: 80%;\n}\n<\/style>\n\t<\/div>\n\t\n<ul>\n<li>\ubaa8\ub4e0 \ucc28\ub7c9\uc758 \ub4b7\uc720\ub9ac \uace1\ub960\uc5d0 \ub9de\ucdb0 \ub354\uc6b1 \ubc1d\uace0 \uc120\uba85\ud55c \uc2dc\uc57c\ub97c \uc81c\uacf5\ud569\ub2c8\ub2e4. \ub2e4\uc591\ud55c \ucc28\uc885 \uac04\uc758 \ud638\ud658\uc131 \ubb38\uc81c\ub97c \ud574\uacb0\ud558\uc5ec \ud2b8\ub7ed, \uc2b9\uc6a9\ucc28, SUV \ub4f1 \ub2e4\uc591\ud55c \ucc28\ub7c9\uc5d0 \uc801\ud569\ud569\ub2c8\ub2e4.<\/li>\n<\/ul>\n\t<div class=\"img has-hover x md-x lg-x y md-y lg-y\" id=\"image_2081696513\">\n\t\t\t\t\t\t\t\t<div class=\"img-inner dark\" >\n\t\t\t<img loading=\"lazy\" decoding=\"async\" width=\"800\" height=\"500\" src=\"https:\/\/www.telaled.com\/wp-content\/uploads\/2025\/11\/Ajuste-flexivel-e-universal-para-todos-os-tipos-de-veiculos.webp\" class=\"attachment-large size-large\" alt=\"\ubaa8\ub4e0 \uc720\ud615\uc758 \ucc28\ub7c9\uc5d0 \uc720\uc5f0\ud558\uace0 \ubcf4\ud3b8\uc801\uc73c\ub85c \uc870\uc815 \uac00\ub2a5\ud569\ub2c8\ub2e4.\" srcset=\"https:\/\/www.telaled.com\/wp-content\/uploads\/2025\/11\/Ajuste-flexivel-e-universal-para-todos-os-tipos-de-veiculos.webp 800w, https:\/\/www.telaled.com\/wp-content\/uploads\/2025\/11\/Ajuste-flexivel-e-universal-para-todos-os-tipos-de-veiculos-300x188.webp 300w, https:\/\/www.telaled.com\/wp-content\/uploads\/2025\/11\/Ajuste-flexivel-e-universal-para-todos-os-tipos-de-veiculos-768x480.webp 768w, https:\/\/www.telaled.com\/wp-content\/uploads\/2025\/11\/Ajuste-flexivel-e-universal-para-todos-os-tipos-de-veiculos-18x12.webp 18w, https:\/\/www.telaled.com\/wp-content\/uploads\/2025\/11\/Ajuste-flexivel-e-universal-para-todos-os-tipos-de-veiculos-600x375.webp 600w\" sizes=\"auto, (max-width: 800px) 100vw, 800px\" \/>\t\t\t\t\t\t\n\t\t\t\t\t<\/div>\n\t\t\t\t\t\t\t\t\n<style>\n#image_2081696513 {\n  width: 80%;\n}\n<\/style>\n\t<\/div>\n\t\n\t\t<\/div>\n\t\t\t\t\t<\/div>\n\n\t\n<\/div>\n\t\t<\/div>\n\t\t\t\t\t<\/div>\n\n\t\n<\/div>","protected":false},"excerpt":{"rendered":"<div><strong>\ud2b8\ub7ed\uc6a9 \uc720\uc5f0\ud55c LED \uc2a4\ud06c\ub9b0: \uc2a4\ub9c8\ud2b8\ud558\uace0 \ubc29\uc218 \uae30\ub2a5\uc774 \uc788\uc73c\uba70 \uc644\ubcbd\ud558\uac8c \ud504\ub85c\uadf8\ub798\ubc0d \uac00\ub2a5\ud55c \ub514\uc2a4\ud50c\ub808\uc774 \uc194\ub8e8\uc158\uc785\ub2c8\ub2e4.<\/strong><\/div>\n<div><\/div>\n<div>\uc774 \uc720\uc5f0\ud55c LED \ucc28\ub7c9 \ub514\uc2a4\ud50c\ub808\uc774\ub294 \ub3c4\ub85c\uc5d0\uc11c \uba54\uc2dc\uc9c0, \uacbd\uace0, \uc548\ub0b4 \ubc29\uc1a1 \ub610\ub294 \ub9de\ucda4\ud615 \uc560\ub2c8\uba54\uc774\uc158\uc744 \uc5ed\ub3d9\uc801\uc73c\ub85c \ud45c\uc2dc\ud560 \uc218 \uc788\ub294 \ubc29\ubc95\uc744 \uc81c\uacf5\ud569\ub2c8\ub2e4. Bluetooth \uc571 \uc81c\uc5b4\uc640 \ubc29\uc218 \uae30\ub2a5\uc744 \uac16\ucd94\uace0 \uc788\uc5b4 \uc5b4\ub5a4 \ub0a0\uc528\uc640 \uc8fc\ud589 \uc870\uac74\uc5d0\uc11c\ub3c4 \ubaa8\ubc14\uc77c\ub85c \uc0ac\uc6a9\ud560 \uc218 \uc788\ub3c4\ub85d \uc124\uacc4\ub418\uc5c8\uc2b5\ub2c8\ub2e4.<\/div>\n<div><\/div>\n<div><strong>\uc8fc\uc694 \ud2b9\uc9d5:<\/strong><\/div>\n<ul>\n<li><strong>\uc2e4\uc2dc\uac04 \uc5c5\ub370\uc774\ud2b8\ub97c \uc704\ud55c \uc2a4\ub9c8\ud2b8 \uc571 \uae30\ubc18 \uc81c\uc5b4:<\/strong> \uc571\uc744 \uc0ac\uc6a9\ud558\uc5ec \ube14\ub8e8\ud22c\uc2a4\ub97c \ud1b5\ud574 \ucf58\ud150\uce20\ub97c \uc989\uc2dc \ubcc0\uacbd\ud558\uc138\uc694. <a href=\"https:\/\/www.telaled.com\/ko\/painel-de-led-outdoor-movel\/\">\uc774\ub3d9\ud558\ub294<\/a>; \ud14d\uc2a4\ud2b8, \uc774\ubbf8\uc9c0, \uc560\ub2c8\uba54\uc774\uc158\uc744 \ubcc0\uacbd\ud558\uac70\ub098 \uc9c1\uc811 \uc774\ubbf8\uc9c0\ub97c \uc5c5\ub85c\ub4dc\ud560 \uc218 \uc788\uc2b5\ub2c8\ub2e4. \ud654\uba74\uc744 \ud130\uce58\ud558\uc9c0 \uc54a\uace0\ub3c4 \uacbd\uace0 \ud45c\uc2dc\ub098 \ud2b9\uc218 \uc870\uba85 \ud6a8\uacfc\uc640 \uac19\uc740 \ub2e4\uc591\ud55c \uc0ac\uc804 \uc124\uc815 \ubaa8\ub4dc\uc5d0 \uc561\uc138\uc2a4\ud560 \uc218 \uc788\uc2b5\ub2c8\ub2e4.<\/li>\n<li><strong>\uc644\uc804 \ud504\ub85c\uadf8\ub798\ubc0d \uac00\ub2a5\ud55c \ud654\uba74:<\/strong> \uc0c1\ud669\uc5d0 \ub9de\ub294 \uc2a4\ud06c\ub864 \ud14d\uc2a4\ud2b8, GIF \ub610\ub294 \ub9de\ucda4 \uc774\ubbf8\uc9c0\ub97c \uc81c\uc791\ud558\uc138\uc694. \uad11\uace0, \uc548\ub0b4, \uad50\ud1b5 \uc54c\ub9bc \ub610\ub294 \ud2b8\ub7ed \uc6b4\ud589 \uc911 \ube0c\ub79c\ub4dc \uac15\ud654\uc5d0 \uc801\ud569\ud569\ub2c8\ub2e4.<\/li>\n<li><strong>\uc720\uc5f0\ud558\uace0 \ub0b4\uad6c\uc131\uc774 \ub6f0\uc5b4\ub098\uba70 IP67 \ub4f1\uae09\uc785\ub2c8\ub2e4.<\/strong> \ubd80\ub4dc\ub7ec\uc6b4 \ud3f4\ub9ac\uba38 LED \ud328\ub110\ub85c \uc81c\uc791\ub418\uc5b4 \uc6b4\ubc18 \ubc0f \ubcf4\uad00\uc774 \uc6a9\uc774\ud558\ub3c4\ub85d \uc27d\uac8c \uc811\uace0 \uad6c\ubd80\ub9b4 \uc218 \uc788\uc2b5\ub2c8\ub2e4. IP67 \ub4f1\uae09\uc758 \ubc29\uc9c4 \ubc0f \ubc29\uc218 \ucf54\ud305\uc73c\ub85c \uc2e4\uc678 \ud658\uacbd \ubc0f \uc545\ucc9c\ud6c4 \uc870\uac74\uc5d0\uc11c\ub3c4 \uc548\uc815\uc801\uc778 \uc131\ub2a5\uc744 \ubcf4\uc7a5\ud569\ub2c8\ub2e4.<\/li>\n<\/ul>","protected":false},"featured_media":5490,"template":"","meta":[],"product_brand":[],"product_cat":[50,48,40,44],"product_tag":[],"class_list":{"0":"post-5483","1":"product","2":"type-product","3":"status-publish","4":"has-post-thumbnail","6":"product_cat-aluguel-de-painel-de-led","7":"product_cat-paineis-personalizados","8":"product_cat-painel-de-led","9":"product_cat-painel-de-led-flexivel","11":"first","12":"instock","13":"shipping-taxable","14":"product-type-simple"},"yoast_head":"<!-- This site is optimized with the Yoast SEO plugin v27.5 - https:\/\/yoast.com\/product\/yoast-seo-wordpress\/ -->\n<title>Tela de LED flex\u00edvel para Caminh\u00e3o | Solu\u00e7\u00f5es de publicidade m\u00f3vel | TELALED<\/title>\n<meta name=\"description\" content=\"Tela de LED flex\u00edvel para caminh\u00e3o, com controle por aplicativo Bluetooth, painel de LED male\u00e1vel e dobr\u00e1vel, texto personalizado, \u00edcones e anima\u00e7\u00f5es para uso em dispositivos m\u00f3veis. Solicite um or\u00e7amento agora!\" \/>\n<meta name=\"robots\" content=\"index, follow, max-snippet:-1, max-image-preview:large, max-video-preview:-1\" \/>\n<link rel=\"canonical\" href=\"https:\/\/www.telaled.com\/ko\/fabrica\/tela-de-led-flexivel-para-caminhao\/\" \/>\n<meta property=\"og:locale\" content=\"ko_KR\" \/>\n<meta property=\"og:type\" content=\"article\" \/>\n<meta property=\"og:title\" content=\"Tela de LED flex\u00edvel para Caminh\u00e3o | Solu\u00e7\u00f5es de publicidade m\u00f3vel | TELALED\" \/>\n<meta property=\"og:description\" content=\"Tela de LED flex\u00edvel para caminh\u00e3o, com controle por aplicativo Bluetooth, painel de LED male\u00e1vel e dobr\u00e1vel, texto personalizado, \u00edcones e anima\u00e7\u00f5es para uso em dispositivos m\u00f3veis. Solicite um or\u00e7amento agora!\" \/>\n<meta property=\"og:url\" content=\"https:\/\/www.telaled.com\/ko\/fabrica\/tela-de-led-flexivel-para-caminhao\/\" \/>\n<meta property=\"og:site_name\" content=\"TELALED\" \/>\n<meta property=\"article:modified_time\" content=\"2026-01-11T05:45:03+00:00\" \/>\n<meta property=\"og:image\" content=\"https:\/\/www.telaled.com\/wp-content\/uploads\/2025\/11\/Tela-de-LED-flexivel-para-Caminhao.webp\" \/>\n\t<meta property=\"og:image:width\" content=\"500\" \/>\n\t<meta property=\"og:image:height\" content=\"500\" \/>\n\t<meta property=\"og:image:type\" content=\"image\/webp\" \/>\n<meta name=\"twitter:card\" content=\"summary_large_image\" \/>\n<meta name=\"twitter:label1\" content=\"\uc608\uc0c1 \ub418\ub294 \ud310\ub3c5 \uc2dc\uac04\" \/>\n\t<meta name=\"twitter:data1\" content=\"3\ubd84\" \/>\n<script type=\"application\/ld+json\" class=\"yoast-schema-graph\">{\"@context\":\"https:\\\/\\\/schema.org\",\"@graph\":[{\"@type\":\"WebPage\",\"@id\":\"https:\\\/\\\/www.telaled.com\\\/fabrica\\\/tela-de-led-flexivel-para-caminhao\\\/\",\"url\":\"https:\\\/\\\/www.telaled.com\\\/fabrica\\\/tela-de-led-flexivel-para-caminhao\\\/\",\"name\":\"Tela de LED flex\u00edvel para Caminh\u00e3o | Solu\u00e7\u00f5es de publicidade m\u00f3vel | TELALED\",\"isPartOf\":{\"@id\":\"https:\\\/\\\/www.telaled.com\\\/#website\"},\"primaryImageOfPage\":{\"@id\":\"https:\\\/\\\/www.telaled.com\\\/fabrica\\\/tela-de-led-flexivel-para-caminhao\\\/#primaryimage\"},\"image\":{\"@id\":\"https:\\\/\\\/www.telaled.com\\\/fabrica\\\/tela-de-led-flexivel-para-caminhao\\\/#primaryimage\"},\"thumbnailUrl\":\"https:\\\/\\\/www.telaled.com\\\/wp-content\\\/uploads\\\/2025\\\/11\\\/Tela-de-LED-flexivel-para-Caminhao.webp\",\"datePublished\":\"2025-11-13T09:51:41+00:00\",\"dateModified\":\"2026-01-11T05:45:03+00:00\",\"description\":\"Tela de LED flex\u00edvel para caminh\u00e3o, com controle por aplicativo Bluetooth, painel de LED male\u00e1vel e dobr\u00e1vel, texto personalizado, \u00edcones e anima\u00e7\u00f5es para uso em dispositivos m\u00f3veis. Solicite um or\u00e7amento agora!\",\"breadcrumb\":{\"@id\":\"https:\\\/\\\/www.telaled.com\\\/fabrica\\\/tela-de-led-flexivel-para-caminhao\\\/#breadcrumb\"},\"inLanguage\":\"ko-KR\",\"potentialAction\":[{\"@type\":\"ReadAction\",\"target\":[\"https:\\\/\\\/www.telaled.com\\\/fabrica\\\/tela-de-led-flexivel-para-caminhao\\\/\"]}]},{\"@type\":\"ImageObject\",\"inLanguage\":\"ko-KR\",\"@id\":\"https:\\\/\\\/www.telaled.com\\\/fabrica\\\/tela-de-led-flexivel-para-caminhao\\\/#primaryimage\",\"url\":\"https:\\\/\\\/www.telaled.com\\\/wp-content\\\/uploads\\\/2025\\\/11\\\/Tela-de-LED-flexivel-para-Caminhao.webp\",\"contentUrl\":\"https:\\\/\\\/www.telaled.com\\\/wp-content\\\/uploads\\\/2025\\\/11\\\/Tela-de-LED-flexivel-para-Caminhao.webp\",\"width\":500,\"height\":500,\"caption\":\"Tela-de-LED-flex\u00edvel-para-Caminh\u00e3o\"},{\"@type\":\"BreadcrumbList\",\"@id\":\"https:\\\/\\\/www.telaled.com\\\/fabrica\\\/tela-de-led-flexivel-para-caminhao\\\/#breadcrumb\",\"itemListElement\":[{\"@type\":\"ListItem\",\"position\":1,\"name\":\"Home\",\"item\":\"https:\\\/\\\/www.telaled.com\\\/\"},{\"@type\":\"ListItem\",\"position\":2,\"name\":\"Produtos\",\"item\":\"https:\\\/\\\/www.telaled.com\\\/shop\\\/\"},{\"@type\":\"ListItem\",\"position\":3,\"name\":\"Tela de LED flex\u00edvel para Caminh\u00e3o\"}]},{\"@type\":\"WebSite\",\"@id\":\"https:\\\/\\\/www.telaled.com\\\/#website\",\"url\":\"https:\\\/\\\/www.telaled.com\\\/\",\"name\":\"TELALED\",\"description\":\"\",\"potentialAction\":[{\"@type\":\"SearchAction\",\"target\":{\"@type\":\"EntryPoint\",\"urlTemplate\":\"https:\\\/\\\/www.telaled.com\\\/?s={search_term_string}\"},\"query-input\":{\"@type\":\"PropertyValueSpecification\",\"valueRequired\":true,\"valueName\":\"search_term_string\"}}],\"inLanguage\":\"ko-KR\"}]}<\/script>\n<!-- \/ Yoast SEO plugin. -->","yoast_head_json":{"title":"\ud2b8\ub7ed\uc6a9 \ud50c\ub809\uc2dc\ube14 LED \uc2a4\ud06c\ub9b0 | \ubaa8\ubc14\uc77c \uad11\uace0 \uc194\ub8e8\uc158 | TELALED","description":"\ud2b8\ub7ed\uc6a9 \ud50c\ub809\uc2dc\ube14 LED \ub514\uc2a4\ud50c\ub808\uc774\ub294 \ube14\ub8e8\ud22c\uc2a4 \uc571 \uc81c\uc5b4, \uac00\ubcc0\ud615 \ubc0f \uc811\uc774\uc2dd LED \ud328\ub110, \ubaa8\ubc14\uc77c \uae30\uae30\uc5d0\uc11c \uc0ac\uc6a9 \uac00\ub2a5\ud55c \ub9de\ucda4\ud615 \ud14d\uc2a4\ud2b8, \uc544\uc774\ucf58, \uc560\ub2c8\uba54\uc774\uc158 \uae30\ub2a5\uc744 \uc81c\uacf5\ud569\ub2c8\ub2e4. \uc9c0\uae08 \ubc14\ub85c \uacac\uc801\uc744 \uc694\uccad\ud558\uc138\uc694!","robots":{"index":"index","follow":"follow","max-snippet":"max-snippet:-1","max-image-preview":"max-image-preview:large","max-video-preview":"max-video-preview:-1"},"canonical":"https:\/\/www.telaled.com\/ko\/fabrica\/tela-de-led-flexivel-para-caminhao\/","og_locale":"ko_KR","og_type":"article","og_title":"Tela de LED flex\u00edvel para Caminh\u00e3o | Solu\u00e7\u00f5es de publicidade m\u00f3vel | TELALED","og_description":"Tela de LED flex\u00edvel para caminh\u00e3o, com controle por aplicativo Bluetooth, painel de LED male\u00e1vel e dobr\u00e1vel, texto personalizado, \u00edcones e anima\u00e7\u00f5es para uso em dispositivos m\u00f3veis. Solicite um or\u00e7amento agora!","og_url":"https:\/\/www.telaled.com\/ko\/fabrica\/tela-de-led-flexivel-para-caminhao\/","og_site_name":"TELALED","article_modified_time":"2026-01-11T05:45:03+00:00","og_image":[{"width":500,"height":500,"url":"https:\/\/www.telaled.com\/wp-content\/uploads\/2025\/11\/Tela-de-LED-flexivel-para-Caminhao.webp","type":"image\/webp"}],"twitter_card":"summary_large_image","twitter_misc":{"\uc608\uc0c1 \ub418\ub294 \ud310\ub3c5 \uc2dc\uac04":"3\ubd84"},"schema":{"@context":"https:\/\/schema.org","@graph":[{"@type":"WebPage","@id":"https:\/\/www.telaled.com\/fabrica\/tela-de-led-flexivel-para-caminhao\/","url":"https:\/\/www.telaled.com\/fabrica\/tela-de-led-flexivel-para-caminhao\/","name":"\ud2b8\ub7ed\uc6a9 \ud50c\ub809\uc2dc\ube14 LED \uc2a4\ud06c\ub9b0 | \ubaa8\ubc14\uc77c \uad11\uace0 \uc194\ub8e8\uc158 | TELALED","isPartOf":{"@id":"https:\/\/www.telaled.com\/#website"},"primaryImageOfPage":{"@id":"https:\/\/www.telaled.com\/fabrica\/tela-de-led-flexivel-para-caminhao\/#primaryimage"},"image":{"@id":"https:\/\/www.telaled.com\/fabrica\/tela-de-led-flexivel-para-caminhao\/#primaryimage"},"thumbnailUrl":"https:\/\/www.telaled.com\/wp-content\/uploads\/2025\/11\/Tela-de-LED-flexivel-para-Caminhao.webp","datePublished":"2025-11-13T09:51:41+00:00","dateModified":"2026-01-11T05:45:03+00:00","description":"\ud2b8\ub7ed\uc6a9 \ud50c\ub809\uc2dc\ube14 LED \ub514\uc2a4\ud50c\ub808\uc774\ub294 \ube14\ub8e8\ud22c\uc2a4 \uc571 \uc81c\uc5b4, \uac00\ubcc0\ud615 \ubc0f \uc811\uc774\uc2dd LED \ud328\ub110, \ubaa8\ubc14\uc77c \uae30\uae30\uc5d0\uc11c \uc0ac\uc6a9 \uac00\ub2a5\ud55c \ub9de\ucda4\ud615 \ud14d\uc2a4\ud2b8, \uc544\uc774\ucf58, \uc560\ub2c8\uba54\uc774\uc158 \uae30\ub2a5\uc744 \uc81c\uacf5\ud569\ub2c8\ub2e4. \uc9c0\uae08 \ubc14\ub85c \uacac\uc801\uc744 \uc694\uccad\ud558\uc138\uc694!","breadcrumb":{"@id":"https:\/\/www.telaled.com\/fabrica\/tela-de-led-flexivel-para-caminhao\/#breadcrumb"},"inLanguage":"ko-KR","potentialAction":[{"@type":"ReadAction","target":["https:\/\/www.telaled.com\/fabrica\/tela-de-led-flexivel-para-caminhao\/"]}]},{"@type":"ImageObject","inLanguage":"ko-KR","@id":"https:\/\/www.telaled.com\/fabrica\/tela-de-led-flexivel-para-caminhao\/#primaryimage","url":"https:\/\/www.telaled.com\/wp-content\/uploads\/2025\/11\/Tela-de-LED-flexivel-para-Caminhao.webp","contentUrl":"https:\/\/www.telaled.com\/wp-content\/uploads\/2025\/11\/Tela-de-LED-flexivel-para-Caminhao.webp","width":500,"height":500,"caption":"Tela-de-LED-flex\u00edvel-para-Caminh\u00e3o"},{"@type":"BreadcrumbList","@id":"https:\/\/www.telaled.com\/fabrica\/tela-de-led-flexivel-para-caminhao\/#breadcrumb","itemListElement":[{"@type":"ListItem","position":1,"name":"Home","item":"https:\/\/www.telaled.com\/"},{"@type":"ListItem","position":2,"name":"Produtos","item":"https:\/\/www.telaled.com\/shop\/"},{"@type":"ListItem","position":3,"name":"Tela de LED flex\u00edvel para Caminh\u00e3o"}]},{"@type":"WebSite","@id":"https:\/\/www.telaled.com\/#website","url":"https:\/\/www.telaled.com\/","name":"LED \uc2a4\ud06c\ub9b0","description":"","potentialAction":[{"@type":"SearchAction","target":{"@type":"EntryPoint","urlTemplate":"https:\/\/www.telaled.com\/?s={search_term_string}"},"query-input":{"@type":"PropertyValueSpecification","valueRequired":true,"valueName":"search_term_string"}}],"inLanguage":"ko-KR"}]}},"_links":{"self":[{"href":"https:\/\/www.telaled.com\/ko\/wp-json\/wp\/v2\/product\/5483","targetHints":{"allow":["GET"]}}],"collection":[{"href":"https:\/\/www.telaled.com\/ko\/wp-json\/wp\/v2\/product"}],"about":[{"href":"https:\/\/www.telaled.com\/ko\/wp-json\/wp\/v2\/types\/product"}],"wp:featuredmedia":[{"embeddable":true,"href":"https:\/\/www.telaled.com\/ko\/wp-json\/wp\/v2\/media\/5490"}],"wp:attachment":[{"href":"https:\/\/www.telaled.com\/ko\/wp-json\/wp\/v2\/media?parent=5483"}],"wp:term":[{"taxonomy":"product_brand","embeddable":true,"href":"https:\/\/www.telaled.com\/ko\/wp-json\/wp\/v2\/product_brand?post=5483"},{"taxonomy":"product_cat","embeddable":true,"href":"https:\/\/www.telaled.com\/ko\/wp-json\/wp\/v2\/product_cat?post=5483"},{"taxonomy":"product_tag","embeddable":true,"href":"https:\/\/www.telaled.com\/ko\/wp-json\/wp\/v2\/product_tag?post=5483"}],"curies":[{"name":"\uc6cc\ub4dc\ud504\ub808\uc2a4","href":"https:\/\/api.w.org\/{rel}","templated":true}]}}