{"id":3928,"date":"2025-10-09T02:28:13","date_gmt":"2025-10-09T02:28:13","guid":{"rendered":"https:\/\/www.telaled.com\/?post_type=product&#038;p=3928"},"modified":"2026-01-07T01:14:05","modified_gmt":"2026-01-07T01:14:05","slug":"electronic-gym-scoreboard-serie-tei","status":"publish","type":"product","link":"https:\/\/www.telaled.com\/ko\/fabrica\/electronic-gym-scoreboard-serie-tei\/","title":{"rendered":"\uc804\uc790 \uccb4\uc721\uad00 \uc810\uc218\ud310 TEI \uc2dc\ub9ac\uc988"},"content":{"rendered":"<div class=\"row\"  id=\"row-699447662\">\n\n\t<div id=\"col-904904913\" class=\"col small-12 large-12\"  >\n\t\t\t\t<div class=\"col-inner\"  >\n\t\t\t\n\t\t\t\n<h2>\uc804\uc790 \uccb4\uc721\uad00 \uc810\uc218\ud310 TEI \uc2dc\ub9ac\uc988<\/h2>\n<h3><strong>\ub6f0\uc5b4\ub09c \ub0b4\uad6c\uc131<\/strong><\/h3>\n<ul>\n<li>IP65 \ub4f1\uae09\uc758 \ucca0\uc81c \ucf00\uc774\uc2a4\ub294 \uba3c\uc9c0, \ube44, \uc5f4\uc5d0 \uac15\ud569\ub2c8\ub2e4.<\/li>\n<li>960\u00d7960mm, 40kg \uad6c\uc870\ub85c \uc774\ub3d9\uc2dd \uacc4\ub2e8\uc758 \uc548\uc815\uc131\uc744 \ubcf4\uc7a5\ud569\ub2c8\ub2e4.<\/li>\n<li>LED <a href=\"https:\/\/www.telaled.com\/ko\/led-smd\/\">SMD<\/a> 1G1R1B \ubc30\ud130\ub9ac\ub294 10\ub9cc \uc2dc\uac04 \uc774\uc0c1 \uc0ac\uc6a9\ud560 \uc218 \uc788\uc2b5\ub2c8\ub2e4.<\/li>\n<li>\ud6a8\uc728\uc801\uc778 \ub0c9\uac01 \uae30\ub2a5\uc744 \uac16\ucd98 \ubd80\uc2dd \ubc29\uc9c0 \ubd80\ud488\uc785\ub2c8\ub2e4.<\/li>\n<\/ul>\n<h3><strong>\ub6f0\uc5b4\ub09c \uc2dc\uac01\uc801 \ud488\uc9c8<\/strong><\/h3>\n<ul>\n<li>4mm \ud53d\uc140 \ud53c\uce58\uc640 62,500\ub3c4\ud2b8\/m\u00b2 \ud53d\uc140 \ubc00\ub3c4\ub85c \uc120\uba85\ud55c \ub514\ud14c\uc77c\uc744 \uad6c\ud604\ud569\ub2c8\ub2e4.<\/li>\n<li>\ud587\ube5b \uc544\ub798\uc5d0\uc11c\ub3c4 \ubcfc \uc218 \uc788\ub294 \ubc1d\uae30\ub294 5,000-7,000\ub2c8\ud2b8\uc785\ub2c8\ub2e4.<\/li>\n<li>10,000:1\uc758 \uba85\uc554\ube44\uc640 687\uc5b5 \uac00\uc9c0 \uc0c9\uc0c1.<\/li>\n<li>\ubd80\ub4dc\ub7ec\uc6b4 \uc601\uc0c1\uc744 \uc704\ud55c 1920-3840Hz \uc7ac\uc0dd \ube48\ub3c4.<\/li>\n<\/ul>\n<h3><strong>\uc644\ubcbd\ud55c \uc801\uc751\ub825<\/strong><\/h3>\n<ul>\n<li>\uc6d0\uaca9 \uc5c5\ub370\uc774\ud2b8 \ubc0f \uc81c\uc5b4\ub97c \uc704\ud55c SDK \uc9c0\uc6d0.<\/li>\n<li>140\u00b0\uc758 \ub113\uc740 \uc2dc\uc57c\uac01\uc73c\ub85c \uc120\uba85\ub3c4\uac00 \uc720\uc9c0\ub429\ub2c8\ub2e4.<\/li>\n<li>250\u00d7250mm \ubaa8\ub4c8\ud615 \ud328\ub110\ub85c \uc124\uce58\uac00 \uac04\ud3b8\ud569\ub2c8\ub2e4.<\/li>\n<li>\ud2b8\ub7ed, \uc1fc\ud551\ubab0, \uacf5\ud56d, \uc774\ubca4\ud2b8\uc5d0 \uc801\ud569\ud569\ub2c8\ub2e4.<\/li>\n<\/ul>\n<h3><strong>\uc885\ud569 \uc9c0\uc6d0<\/strong><\/h3>\n<ul>\n<li>24\uc2dc\uac04 \uc5f0\uc911\ubb34\ud734 \uc804\ubb38 \uae30\uc220 \uc9c0\uc6d0, 24\uc2dc\uac04 \uc5f0\uc911\ubb34\ud734 \uc6d0\uaca9 \uc9c0\uc6d0\ud300\uc744 \ud1b5\ud574 \uc5b8\uc81c \uc5b4\ub514\uc11c\ub098 \uc548\uc815\uc801\uc778 \uc9c0\uc6d0\uc744 \ubc1b\uc73c\uc138\uc694.<\/li>\n<li>\ucd94\uac00 5% \uc608\ube44 \ubd80\ud488\uc740 \uac01 \uc8fc\ubb38\uc5d0 \ucd94\uac00 \uad50\uccb4 \uad6c\uc131\ud488\uc774 \ud568\uaed8 \uc81c\uacf5\ub418\uc5b4 \ub354\uc6b1 \ub192\uc740 \uc2e0\ub8b0\uc131\uc744 \ubcf4\uc7a5\ud558\uace0 \ub9c8\uc74c\uc758 \ud3c9\ud654\ub97c \uac00\uc838\ub2e4\uc90d\ub2c8\ub2e4.<\/li>\n<li>3\ub144 \uc5f0\uc7a5 \ubcf4\uc99d \ucd5c\ub300 \ubcf4\ud638\ub97c \uc704\ud55c 3\ub144 \uc5f0\uc7a5 \ubcf4\uc99d\uc73c\ub85c \uc624\ub798 \uc9c0\uc18d\ub418\ub294 \uc131\ub2a5\uacfc \uc2e0\ub8b0\ud560 \uc218 \uc788\ub294 \uc11c\ube44\uc2a4\ub97c \uc990\uaca8\ubcf4\uc138\uc694.<\/li>\n<\/ul>\n<h2>\uc81c\ud488 \uc0c1\uc138 \uc815\ubcf4<\/h2>\n<div class=\"row\"  id=\"row-532890061\">\n\n\t<div id=\"col-474444971\" class=\"col medium-10 small-12 large-10\"  >\n\t\t\t\t<div class=\"col-inner text-left\"  >\n\t\t\t\n\t\t\t\n<ul>\n<li>\uac01 \ubc18\ubcf5\uacfc \ub77c\uc6b4\ub4dc\ub97c \ucd94\uc801\ud558\uc138\uc694 <em><strong>\uc804\uc790 \uccb4\uc721\uad00 \uc810\uc218\ud310<\/strong><\/em>\ubc1d\uc740 \ub179\uc0c9 \uc9c4\ud589\ub960 \ud45c\uc2dc\uc904\uacfc LED \uce74\uc6b4\ud2b8\ub2e4\uc6b4 \ub514\uc2a4\ud50c\ub808\uc774\uac00 \ud0d1\uc7ac\ub418\uc5b4 \uac1c\uc778 \ud2b8\ub808\uc774\ub108\ucc98\ub7fc \uc778\ud130\ubc8c, \ud734\uc2dd \uc2dc\uac04, \ucd1d \uc6b4\ub3d9 \uc2dc\uac04\uc744 \ucd94\uc801\ud560 \uc218 \uc788\uc2b5\ub2c8\ub2e4. \uc774 \uc2a4\ub9c8\ud2b8 \ud0c0\uc774\uba38\ub294 \uc6b4\ub3d9 \uc9c4\ud589 \uc0c1\ud669\uc744 \ud55c\ub208\uc5d0 \ubaa8\ub2c8\ud130\ub9c1\ud558\uc5ec \uac01 \uc138\uc158\uc744 \uccb4\uacc4\uc801\uc774\uace0 \ud6a8\uc728\uc801\uc73c\ub85c \uad00\ub9ac\ud560 \uc218 \uc788\ub3c4\ub85d \ub3c4\uc640\uc90d\ub2c8\ub2e4.<\/li>\n<\/ul>\n\t<div class=\"img has-hover x md-x lg-x y md-y lg-y\" id=\"image_1516596049\">\n\t\t\t\t\t\t\t\t<div class=\"img-inner dark\" >\n\t\t\t<img loading=\"lazy\" decoding=\"async\" width=\"970\" height=\"600\" src=\"https:\/\/www.telaled.com\/wp-content\/uploads\/2025\/10\/Electronic-gym-scoreboard7.jpg\" class=\"attachment-original size-original\" alt=\"\uc804\uc790\uccb4\uc721\uad00 \uc2a4\ucf54\uc5b4\ubcf4\ub4dc7\" srcset=\"https:\/\/www.telaled.com\/wp-content\/uploads\/2025\/10\/Electronic-gym-scoreboard7.jpg 970w, https:\/\/www.telaled.com\/wp-content\/uploads\/2025\/10\/Electronic-gym-scoreboard7-300x186.jpg 300w, https:\/\/www.telaled.com\/wp-content\/uploads\/2025\/10\/Electronic-gym-scoreboard7-768x475.jpg 768w, https:\/\/www.telaled.com\/wp-content\/uploads\/2025\/10\/Electronic-gym-scoreboard7-18x12.jpg 18w, https:\/\/www.telaled.com\/wp-content\/uploads\/2025\/10\/Electronic-gym-scoreboard7-600x371.jpg 600w\" sizes=\"auto, (max-width: 970px) 100vw, 970px\" \/>\t\t\t\t\t\t\n\t\t\t\t\t<\/div>\n\t\t\t\t\t\t\t\t\n<style>\n#image_1516596049 {\n  width: 80%;\n}\n<\/style>\n\t<\/div>\n\t\n<ul>\n<li>\ud558\ub098 <em><strong>\uc804\uc790 \uccb4\uc721\uad00 \uc810\uc218\ud310<\/strong><\/em> \uc120\uba85\ud55c LED \ud0c0\uc774\uba38\uc640 \uc9c4\ud589 \ud45c\uc2dc\uae30\ub97c \ud1b5\ud574 \ud6c8\ub828\uc758 \uc548\uc804\uc131\uacfc \ud6a8\uc728\uc131\uc744 \ub192\uc5ec\uc90d\ub2c8\ub2e4. \uc0ac\uc6a9\uc790\ub294 \uc6b4\ub3d9 \uc2dc\uac04, \ud734\uc2dd \uc2dc\uac04, \uc131\uacfc\ub97c \uc2e4\uc2dc\uac04\uc73c\ub85c \ubaa8\ub2c8\ud130\ub9c1\ud560 \uc218 \uc788\uc73c\uba70, \ud2b8\ub808\uc774\ub108\ub294 \uc190\uc27d\uac8c \uc9c4\ud589 \uc0c1\ud669\uc744 \ud655\uc778\ud558\uace0 \uc6b4\ub3d9 \ub8e8\ud2f4\uc744 \uc870\uc815\ud560 \uc218 \uc788\uc2b5\ub2c8\ub2e4. \ub2e4\uc591\ud55c \uc6a9\ub3c4\uc5d0 \uc801\ud569\ud569\ub2c8\ub2e4. <a href=\"https:\/\/www.telaled.com\/ko\/cronometro-academia\/\">\uccb4\uc721\uad00<\/a> \uadf8\uc758 \uc2a4\ud29c\ub514\uc624\uc5d0\uc11c\ub294 \ubaa8\ub4e0 \uccb4\ub825 \uc218\uc900\uc5d0 \ub9de\ub294 \uccb4\uacc4\uc801\uc774\uace0 \uc77c\uad00\uc131 \uc788\uc73c\uba70 \ud6a8\uacfc\uc801\uc778 \ud6c8\ub828 \uc138\uc158\uc744 \ubcf4\uc7a5\ud569\ub2c8\ub2e4.<\/li>\n<\/ul>\n\t<div class=\"img has-hover x md-x lg-x y md-y lg-y\" id=\"image_542651087\">\n\t\t\t\t\t\t\t\t<div class=\"img-inner dark\" >\n\t\t\t<img loading=\"lazy\" decoding=\"async\" width=\"568\" height=\"438\" src=\"https:\/\/www.telaled.com\/wp-content\/uploads\/2025\/10\/Electronic-gym-scoreboard8.webp\" class=\"attachment-large size-large\" alt=\"\" srcset=\"https:\/\/www.telaled.com\/wp-content\/uploads\/2025\/10\/Electronic-gym-scoreboard8.webp 568w, https:\/\/www.telaled.com\/wp-content\/uploads\/2025\/10\/Electronic-gym-scoreboard8-300x231.webp 300w, https:\/\/www.telaled.com\/wp-content\/uploads\/2025\/10\/Electronic-gym-scoreboard8-16x12.webp 16w\" sizes=\"auto, (max-width: 568px) 100vw, 568px\" \/>\t\t\t\t\t\t\n\t\t\t\t\t<\/div>\n\t\t\t\t\t\t\t\t\n<style>\n#image_542651087 {\n  width: 80%;\n}\n<\/style>\n\t<\/div>\n\t\n<ul>\n<li><strong><em>\uc804\uc790 \uccb4\uc721\uad00 \uc810\uc218\ud310<\/em> TEI \uc2dc\ub9ac\uc988<\/strong>\u00a0 \ubc30\uc1a1 \uc911 \uc548\uc804\uc744 \uc704\ud574 \uac15\ud654\ub41c \ub098\ubb34 \uc0c1\uc790\uc5d0 \ud3ec\uc7a5\ub429\ub2c8\ub2e4. \uac01 \uc81c\ud488\uc740 \ud574\ucda9, \ucda9\uaca9 \ubc0f \uae30\ud0c0 \uc704\ud5d8 \uc694\uc18c\ub85c \uc778\ud55c \uc190\uc0c1\uc744 \ubc29\uc9c0\ud558\uae30 \uc704\ud574 \uc548\uc804\ud558\uac8c \ud3ec\uc7a5\ub418\uc5b4 \ub0b4\uad6c\uc131\uacfc \uc548\uc804\ud55c \ubc30\uc1a1\uc744 \ubcf4\uc7a5\ud569\ub2c8\ub2e4.<\/li>\n<\/ul>\n\t<div class=\"img has-hover x md-x lg-x y md-y lg-y\" id=\"image_1797998472\">\n\t\t\t\t\t\t\t\t<div class=\"img-inner dark\" >\n\t\t\t<img loading=\"lazy\" decoding=\"async\" width=\"760\" height=\"1024\" src=\"https:\/\/www.telaled.com\/wp-content\/uploads\/2025\/08\/36123f2c-de60-488d-af81-255cd4aee54a-760x1024.webp\" class=\"attachment-large size-large\" alt=\"\" srcset=\"https:\/\/www.telaled.com\/wp-content\/uploads\/2025\/08\/36123f2c-de60-488d-af81-255cd4aee54a-760x1024.webp 760w, https:\/\/www.telaled.com\/wp-content\/uploads\/2025\/08\/36123f2c-de60-488d-af81-255cd4aee54a-223x300.webp 223w, https:\/\/www.telaled.com\/wp-content\/uploads\/2025\/08\/36123f2c-de60-488d-af81-255cd4aee54a-768x1035.webp 768w, https:\/\/www.telaled.com\/wp-content\/uploads\/2025\/08\/36123f2c-de60-488d-af81-255cd4aee54a-9x12.webp 9w, https:\/\/www.telaled.com\/wp-content\/uploads\/2025\/08\/36123f2c-de60-488d-af81-255cd4aee54a-600x808.webp 600w, https:\/\/www.telaled.com\/wp-content\/uploads\/2025\/08\/36123f2c-de60-488d-af81-255cd4aee54a.webp 795w\" sizes=\"auto, (max-width: 760px) 100vw, 760px\" \/>\t\t\t\t\t\t\n\t\t\t\t\t<\/div>\n\t\t\t\t\t\t\t\t\n<style>\n#image_1797998472 {\n  width: 80%;\n}\n<\/style>\n\t<\/div>\n\t\n\n<table id=\"tablepress-102\" class=\"tablepress tablepress-id-102\">\n<thead>\n<tr class=\"row-1\">\n\t<th class=\"column-1\">\ucd5c\ub300 \uc900\ube44 \uc2dc\uac04<\/th><th class=\"column-2\">24\uc2dc\uac04<\/th><th class=\"column-3\">\ucd5c\uc18c \uc900\ube44 \uc2dc\uac04<\/th><th class=\"column-4\">10\ucd08<\/th>\n<\/tr>\n<\/thead>\n<tbody class=\"row-striping row-hover\">\n<tr class=\"row-2\">\n\t<td class=\"column-1\">\uacf5\uce6d \uc804\uc555<\/td><td class=\"column-2\">220V<\/td><td class=\"column-3\">\ubaa8\ub378 \ubc88\ud638<\/td><td class=\"column-4\">TEI \uc2dc\ub9ac\uc988<\/td>\n<\/tr>\n<tr class=\"row-3\">\n\t<td class=\"column-1\">\ud45c\uc2dc<\/td><td class=\"column-2\">LED \uc2a4\ud06c\ub9b0<\/td><td class=\"column-3\">\uc6d0\uc0b0\uc9c0<\/td><td class=\"column-4\">\uc911\uad6d \uc120\uc804<\/td>\n<\/tr>\n<tr class=\"row-4\">\n\t<td class=\"column-1\">\uc81c\uc5b4<\/td><td class=\"column-2\">\uc6d0\uaca9 \uc81c\uc5b4<\/td><td class=\"column-3\">\ud56d\uc18c<\/td><td class=\"column-4\">\uac00\uc9c0\uace0 \ub2e4\ub2d0 \uc218 \uc788\ub294<\/td>\n<\/tr>\n<tr class=\"row-5\">\n\t<td class=\"column-1\">\ube48\ub3c4<\/td><td class=\"column-2\">50Hz<\/td><td class=\"column-3\">\uc7ac\ub8cc<\/td><td class=\"column-4\">\uc54c\ub8e8\ubbf8\ub284 \ud569\uae08<\/td>\n<\/tr>\n<tr class=\"row-6\">\n\t<td class=\"column-1\">\uc774\ub860<\/td><td class=\"column-2\">\ub514\uc9c0\ud138<\/td><td class=\"column-3\">\uc720\ud615<\/td><td class=\"column-4\">\uce74\uc6b4\ud2b8\ub2e4\uc6b4 \ud0c0\uc774\uba38<\/td>\n<\/tr>\n<tr class=\"row-7\">\n\t<td class=\"column-1\">\uc560\ud50c\ub9ac\ucf00\uc774\uc158<\/td><td class=\"column-2\">\ub2e4\uae30\ub2a5<\/td><td class=\"column-3\">\uc791\uc5c5<\/td><td class=\"column-4\">\uc6d0\uaca9 \uc81c\uc5b4<\/td>\n<\/tr>\n<tr class=\"row-8\">\n\t<td class=\"column-1\">\ubb38\uc790 \ub192\uc774<\/td><td class=\"column-2\">4\uc778\uce58<\/td><td class=\"column-3\">\uad6c\uc870<\/td><td class=\"column-4\">\uc54c\ub8e8\ubbf8\ub284 \ud569\uae08<\/td>\n<\/tr>\n<tr class=\"row-9\">\n\t<td class=\"column-1\">\uc81c\ud488\uba85<\/td><td class=\"column-2\">\uc2dc\uacc4, \uce74\uc6b4\ud2b8\uc5c5\/\ub2e4\uc6b4, \uc2a4\ud1b1\uc6cc\uce58, \uc778\ud130\ubc8c \ud2b8\ub808\uc774\ub2dd\/\ud734\uc2dd<\/td><td class=\"column-3\">\uc778\uc99d<\/td><td class=\"column-4\">CE, RoHS<\/td>\n<\/tr>\n<\/tbody>\n<\/table>\n<!-- #tablepress-102 from cache -->\n\t\t<\/div>\n\t\t\t\t\t<\/div>\n\n\t\n<\/div>\n\t\t<\/div>\n\t\t\t\t\t<\/div>\n\n\t\n<\/div>","protected":false},"excerpt":{"rendered":"<p><em><strong>\uc804\uc790 \uccb4\uc721\uad00 \uc810\uc218\ud310 TEI \uc2dc\ub9ac\uc988<\/strong><\/em> \u2013 \ub2e4\uae30\ub2a5 LED \ud0c0\uc774\uba38 \ubc0f \uc2a4\ud1b1\uc6cc\uce58.<\/p>\n<p>\uadf8\ub9cc\ud07c <em><strong>\uc804\uc790 \uccb4\uc721\uad00 \uc810\uc218\ud310 TEI \uc2dc\ub9ac\uc988<\/strong><\/em>\u00a04\uc778\uce58 LED \ub514\uc2a4\ud50c\ub808\uc774\uc640 \uc54c\ub8e8\ubbf8\ub284 \ud569\uae08 \ucf00\uc774\uc2a4\ub97c \uac16\ucd98 220V \ub514\uc9c0\ud138 \ud0c0\uc774\uba38\uc785\ub2c8\ub2e4. \uce74\uc6b4\ud2b8\uc5c5, \uce74\uc6b4\ud2b8\ub2e4\uc6b4, \uc2a4\ud1b1\uc6cc\uce58, \uc778\ud130\ubc8c \ubaa8\ub4dc\ub97c \uc9c0\uc6d0\ud558\uba70, \ub9ac\ubaa8\ucee8\uc73c\ub85c \uc870\uc791\ud560 \uc218 \uc788\uc2b5\ub2c8\ub2e4.<\/p>\n<p><strong>\uc8fc\uc694 \ud2b9\uc9d5:<\/strong><\/p>\n<ul>\n<li><strong>\uc815\ud655\ud55c \uc2dc\uac04 \ubc94\uc704:<\/strong> \uc6b4\ub3d9 \uc2dc\uac04\uc740 10\ucd08\uc5d0\uc11c 24\uc2dc\uac04\uae4c\uc9c0 \uc870\uc808 \uac00\ub2a5\ud569\ub2c8\ub2e4., <a href=\"https:\/\/www.telaled.com\/ko\/telao-de-led-para-eventos\/\">\uc774\ubca4\ud2b8<\/a> \ub610\ub294 \uc0b0\uc5c5\uc6a9\uc73c\ub85c \uc0ac\uc6a9\ub429\ub2c8\ub2e4.<\/li>\n<li><strong>\uc0e4\ud504 4\uc778\uce58 LED \ub514\uc2a4\ud50c\ub808\uc774:<\/strong> \ubc1d\uc740 \uc22b\uc790\ub85c \uc870\uba85\uc774 \ubc1d\uc740 \uacf3\uc5d0\uc11c\ub3c4 \ub208\uc5d0 \uc798 \ub755\ub2c8\ub2e4.<\/li>\n<li><strong>\ub0b4\uad6c\uc131\uacfc \ud3b8\uc758\uc131:<\/strong> \uc6d0\uaca9 \uc870\uc791\uc774 \uac00\ub2a5\ud55c \uc54c\ub8e8\ubbf8\ub284 \ubcf8\uccb4\uc640 CE\/RoHS \uc778\uc99d\uc744 \ubc1b\uc740 \uc2e0\ub8b0\uc131\uc744 \uc790\ub791\ud569\ub2c8\ub2e4.<\/li>\n<\/ul>\n<p>\uc800\ud76c \uc804\ubb38\uac00\ub294 24\uc2dc\uac04 \uc5f0\uc911\ubb34\ud734, \uc8fc\uc57c\uac04 \uc6d0\uaca9 \uc9c0\uc6d0\uacfc 3\ub144 \uc81c\ud488 \ubcf4\uc99d\uc744 \uc81c\uacf5\ud569\ub2c8\ub2e4. \uc9c0\uae08 \ubc14\ub85c \ub9de\ucda4 \uacac\uc801\uc744 \uc694\uccad\ud558\uc138\uc694.<\/p>","protected":false},"featured_media":3944,"template":"","meta":[],"product_brand":[],"product_cat":[48,40],"product_tag":[],"class_list":{"0":"post-3928","1":"product","2":"type-product","3":"status-publish","4":"has-post-thumbnail","6":"product_cat-paineis-personalizados","7":"product_cat-painel-de-led","9":"first","10":"instock","11":"shipping-taxable","12":"product-type-simple"},"yoast_head":"<!-- This site is optimized with the Yoast SEO plugin v27.4 - https:\/\/yoast.com\/product\/yoast-seo-wordpress\/ -->\n<title>Electronic Gym Scoreboard S\u00e9rie TEI | Temporizador digital LED para esportes e fitness | TELALED<\/title>\n<meta name=\"description\" content=\"Obtenha o Electronic Gym Scoreboard S\u00e9rie TEI com cron\u00f4metro, contagem regressiva e controle remoto sem fio; ideal para treinos e sess\u00f5es de treino.\" \/>\n<meta name=\"robots\" content=\"index, follow, max-snippet:-1, max-image-preview:large, max-video-preview:-1\" \/>\n<link rel=\"canonical\" href=\"https:\/\/www.telaled.com\/ko\/fabrica\/electronic-gym-scoreboard-serie-tei\/\" \/>\n<meta property=\"og:locale\" content=\"ko_KR\" \/>\n<meta property=\"og:type\" content=\"article\" \/>\n<meta property=\"og:title\" content=\"Electronic Gym Scoreboard S\u00e9rie TEI | Temporizador digital LED para esportes e fitness | TELALED\" \/>\n<meta property=\"og:description\" content=\"Obtenha o Electronic Gym Scoreboard S\u00e9rie TEI com cron\u00f4metro, contagem regressiva e controle remoto sem fio; ideal para treinos e sess\u00f5es de treino.\" \/>\n<meta property=\"og:url\" content=\"https:\/\/www.telaled.com\/ko\/fabrica\/electronic-gym-scoreboard-serie-tei\/\" \/>\n<meta property=\"og:site_name\" content=\"TELALED\" \/>\n<meta property=\"article:modified_time\" content=\"2026-01-07T01:14:05+00:00\" \/>\n<meta property=\"og:image\" content=\"https:\/\/www.telaled.com\/wp-content\/uploads\/2025\/10\/Electronic-gym-scoreboard.webp\" \/>\n\t<meta property=\"og:image:width\" content=\"500\" \/>\n\t<meta property=\"og:image:height\" content=\"500\" \/>\n\t<meta property=\"og:image:type\" content=\"image\/webp\" \/>\n<meta name=\"twitter:card\" content=\"summary_large_image\" \/>\n<meta name=\"twitter:label1\" content=\"\uc608\uc0c1 \ub418\ub294 \ud310\ub3c5 \uc2dc\uac04\" \/>\n\t<meta name=\"twitter:data1\" content=\"3\ubd84\" \/>\n<script type=\"application\/ld+json\" class=\"yoast-schema-graph\">{\"@context\":\"https:\\\/\\\/schema.org\",\"@graph\":[{\"@type\":\"WebPage\",\"@id\":\"https:\\\/\\\/www.telaled.com\\\/fabrica\\\/electronic-gym-scoreboard-serie-tei\\\/\",\"url\":\"https:\\\/\\\/www.telaled.com\\\/fabrica\\\/electronic-gym-scoreboard-serie-tei\\\/\",\"name\":\"Electronic Gym Scoreboard S\u00e9rie TEI | Temporizador digital LED para esportes e fitness | TELALED\",\"isPartOf\":{\"@id\":\"https:\\\/\\\/www.telaled.com\\\/#website\"},\"primaryImageOfPage\":{\"@id\":\"https:\\\/\\\/www.telaled.com\\\/fabrica\\\/electronic-gym-scoreboard-serie-tei\\\/#primaryimage\"},\"image\":{\"@id\":\"https:\\\/\\\/www.telaled.com\\\/fabrica\\\/electronic-gym-scoreboard-serie-tei\\\/#primaryimage\"},\"thumbnailUrl\":\"https:\\\/\\\/www.telaled.com\\\/wp-content\\\/uploads\\\/2025\\\/10\\\/Electronic-gym-scoreboard.webp\",\"datePublished\":\"2025-10-09T02:28:13+00:00\",\"dateModified\":\"2026-01-07T01:14:05+00:00\",\"description\":\"Obtenha o Electronic Gym Scoreboard S\u00e9rie TEI com cron\u00f4metro, contagem regressiva e controle remoto sem fio; ideal para treinos e sess\u00f5es de treino.\",\"breadcrumb\":{\"@id\":\"https:\\\/\\\/www.telaled.com\\\/fabrica\\\/electronic-gym-scoreboard-serie-tei\\\/#breadcrumb\"},\"inLanguage\":\"ko-KR\",\"potentialAction\":[{\"@type\":\"ReadAction\",\"target\":[\"https:\\\/\\\/www.telaled.com\\\/fabrica\\\/electronic-gym-scoreboard-serie-tei\\\/\"]}]},{\"@type\":\"ImageObject\",\"inLanguage\":\"ko-KR\",\"@id\":\"https:\\\/\\\/www.telaled.com\\\/fabrica\\\/electronic-gym-scoreboard-serie-tei\\\/#primaryimage\",\"url\":\"https:\\\/\\\/www.telaled.com\\\/wp-content\\\/uploads\\\/2025\\\/10\\\/Electronic-gym-scoreboard.webp\",\"contentUrl\":\"https:\\\/\\\/www.telaled.com\\\/wp-content\\\/uploads\\\/2025\\\/10\\\/Electronic-gym-scoreboard.webp\",\"width\":500,\"height\":500,\"caption\":\"Electronic-gym-scoreboard\"},{\"@type\":\"BreadcrumbList\",\"@id\":\"https:\\\/\\\/www.telaled.com\\\/fabrica\\\/electronic-gym-scoreboard-serie-tei\\\/#breadcrumb\",\"itemListElement\":[{\"@type\":\"ListItem\",\"position\":1,\"name\":\"Home\",\"item\":\"https:\\\/\\\/www.telaled.com\\\/\"},{\"@type\":\"ListItem\",\"position\":2,\"name\":\"Produtos\",\"item\":\"https:\\\/\\\/www.telaled.com\\\/shop\\\/\"},{\"@type\":\"ListItem\",\"position\":3,\"name\":\"Electronic Gym Scoreboard S\u00e9rie TEI\"}]},{\"@type\":\"WebSite\",\"@id\":\"https:\\\/\\\/www.telaled.com\\\/#website\",\"url\":\"https:\\\/\\\/www.telaled.com\\\/\",\"name\":\"TELALED\",\"description\":\"\",\"potentialAction\":[{\"@type\":\"SearchAction\",\"target\":{\"@type\":\"EntryPoint\",\"urlTemplate\":\"https:\\\/\\\/www.telaled.com\\\/?s={search_term_string}\"},\"query-input\":{\"@type\":\"PropertyValueSpecification\",\"valueRequired\":true,\"valueName\":\"search_term_string\"}}],\"inLanguage\":\"ko-KR\"}]}<\/script>\n<!-- \/ Yoast SEO plugin. -->","yoast_head_json":{"title":"\uc804\uc790 \uccb4\uc721\uad00 \uc2a4\ucf54\uc5b4\ubcf4\ub4dc TEI \uc2dc\ub9ac\uc988 | \uc2a4\ud3ec\uce20 \ubc0f \ud53c\ud2b8\ub2c8\uc2a4\uc6a9 LED \ub514\uc9c0\ud138 \ud0c0\uc774\uba38 | LED \uc2a4\ud06c\ub9b0","description":"\uc2a4\ud1b1\uc6cc\uce58, \uce74\uc6b4\ud2b8\ub2e4\uc6b4 \ud0c0\uc774\uba38, \ubb34\uc120 \ub9ac\ubaa8\ucee8\uc774 \ud3ec\ud568\ub41c TEI \uc2dc\ub9ac\uc988 \uc804\uc790 \uccb4\uc721\uad00 \uc810\uc218\ud310\uc744 \uad6c\uc785\ud558\uc138\uc694. \uc6b4\ub3d9\uacfc \ud2b8\ub808\uc774\ub2dd \uc138\uc158\uc5d0 \uc774\uc0c1\uc801\uc785\ub2c8\ub2e4.","robots":{"index":"index","follow":"follow","max-snippet":"max-snippet:-1","max-image-preview":"max-image-preview:large","max-video-preview":"max-video-preview:-1"},"canonical":"https:\/\/www.telaled.com\/ko\/fabrica\/electronic-gym-scoreboard-serie-tei\/","og_locale":"ko_KR","og_type":"article","og_title":"Electronic Gym Scoreboard S\u00e9rie TEI | Temporizador digital LED para esportes e fitness | TELALED","og_description":"Obtenha o Electronic Gym Scoreboard S\u00e9rie TEI com cron\u00f4metro, contagem regressiva e controle remoto sem fio; ideal para treinos e sess\u00f5es de treino.","og_url":"https:\/\/www.telaled.com\/ko\/fabrica\/electronic-gym-scoreboard-serie-tei\/","og_site_name":"TELALED","article_modified_time":"2026-01-07T01:14:05+00:00","og_image":[{"width":500,"height":500,"url":"https:\/\/www.telaled.com\/wp-content\/uploads\/2025\/10\/Electronic-gym-scoreboard.webp","type":"image\/webp"}],"twitter_card":"summary_large_image","twitter_misc":{"\uc608\uc0c1 \ub418\ub294 \ud310\ub3c5 \uc2dc\uac04":"3\ubd84"},"schema":{"@context":"https:\/\/schema.org","@graph":[{"@type":"WebPage","@id":"https:\/\/www.telaled.com\/fabrica\/electronic-gym-scoreboard-serie-tei\/","url":"https:\/\/www.telaled.com\/fabrica\/electronic-gym-scoreboard-serie-tei\/","name":"\uc804\uc790 \uccb4\uc721\uad00 \uc2a4\ucf54\uc5b4\ubcf4\ub4dc TEI \uc2dc\ub9ac\uc988 | \uc2a4\ud3ec\uce20 \ubc0f \ud53c\ud2b8\ub2c8\uc2a4\uc6a9 LED \ub514\uc9c0\ud138 \ud0c0\uc774\uba38 | LED \uc2a4\ud06c\ub9b0","isPartOf":{"@id":"https:\/\/www.telaled.com\/#website"},"primaryImageOfPage":{"@id":"https:\/\/www.telaled.com\/fabrica\/electronic-gym-scoreboard-serie-tei\/#primaryimage"},"image":{"@id":"https:\/\/www.telaled.com\/fabrica\/electronic-gym-scoreboard-serie-tei\/#primaryimage"},"thumbnailUrl":"https:\/\/www.telaled.com\/wp-content\/uploads\/2025\/10\/Electronic-gym-scoreboard.webp","datePublished":"2025-10-09T02:28:13+00:00","dateModified":"2026-01-07T01:14:05+00:00","description":"\uc2a4\ud1b1\uc6cc\uce58, \uce74\uc6b4\ud2b8\ub2e4\uc6b4 \ud0c0\uc774\uba38, \ubb34\uc120 \ub9ac\ubaa8\ucee8\uc774 \ud3ec\ud568\ub41c TEI \uc2dc\ub9ac\uc988 \uc804\uc790 \uccb4\uc721\uad00 \uc810\uc218\ud310\uc744 \uad6c\uc785\ud558\uc138\uc694. \uc6b4\ub3d9\uacfc \ud2b8\ub808\uc774\ub2dd \uc138\uc158\uc5d0 \uc774\uc0c1\uc801\uc785\ub2c8\ub2e4.","breadcrumb":{"@id":"https:\/\/www.telaled.com\/fabrica\/electronic-gym-scoreboard-serie-tei\/#breadcrumb"},"inLanguage":"ko-KR","potentialAction":[{"@type":"ReadAction","target":["https:\/\/www.telaled.com\/fabrica\/electronic-gym-scoreboard-serie-tei\/"]}]},{"@type":"ImageObject","inLanguage":"ko-KR","@id":"https:\/\/www.telaled.com\/fabrica\/electronic-gym-scoreboard-serie-tei\/#primaryimage","url":"https:\/\/www.telaled.com\/wp-content\/uploads\/2025\/10\/Electronic-gym-scoreboard.webp","contentUrl":"https:\/\/www.telaled.com\/wp-content\/uploads\/2025\/10\/Electronic-gym-scoreboard.webp","width":500,"height":500,"caption":"Electronic-gym-scoreboard"},{"@type":"BreadcrumbList","@id":"https:\/\/www.telaled.com\/fabrica\/electronic-gym-scoreboard-serie-tei\/#breadcrumb","itemListElement":[{"@type":"ListItem","position":1,"name":"Home","item":"https:\/\/www.telaled.com\/"},{"@type":"ListItem","position":2,"name":"Produtos","item":"https:\/\/www.telaled.com\/shop\/"},{"@type":"ListItem","position":3,"name":"Electronic Gym Scoreboard S\u00e9rie TEI"}]},{"@type":"WebSite","@id":"https:\/\/www.telaled.com\/#website","url":"https:\/\/www.telaled.com\/","name":"LED \uc2a4\ud06c\ub9b0","description":"","potentialAction":[{"@type":"SearchAction","target":{"@type":"EntryPoint","urlTemplate":"https:\/\/www.telaled.com\/?s={search_term_string}"},"query-input":{"@type":"PropertyValueSpecification","valueRequired":true,"valueName":"search_term_string"}}],"inLanguage":"ko-KR"}]}},"_links":{"self":[{"href":"https:\/\/www.telaled.com\/ko\/wp-json\/wp\/v2\/product\/3928","targetHints":{"allow":["GET"]}}],"collection":[{"href":"https:\/\/www.telaled.com\/ko\/wp-json\/wp\/v2\/product"}],"about":[{"href":"https:\/\/www.telaled.com\/ko\/wp-json\/wp\/v2\/types\/product"}],"wp:featuredmedia":[{"embeddable":true,"href":"https:\/\/www.telaled.com\/ko\/wp-json\/wp\/v2\/media\/3944"}],"wp:attachment":[{"href":"https:\/\/www.telaled.com\/ko\/wp-json\/wp\/v2\/media?parent=3928"}],"wp:term":[{"taxonomy":"product_brand","embeddable":true,"href":"https:\/\/www.telaled.com\/ko\/wp-json\/wp\/v2\/product_brand?post=3928"},{"taxonomy":"product_cat","embeddable":true,"href":"https:\/\/www.telaled.com\/ko\/wp-json\/wp\/v2\/product_cat?post=3928"},{"taxonomy":"product_tag","embeddable":true,"href":"https:\/\/www.telaled.com\/ko\/wp-json\/wp\/v2\/product_tag?post=3928"}],"curies":[{"name":"\uc6cc\ub4dc\ud504\ub808\uc2a4","href":"https:\/\/api.w.org\/{rel}","templated":true}]}}