{"id":3906,"date":"2025-10-08T14:42:58","date_gmt":"2025-10-08T14:42:58","guid":{"rendered":"https:\/\/www.telaled.com\/?post_type=product&#038;p=3906"},"modified":"2026-01-06T09:51:58","modified_gmt":"2026-01-06T09:51:58","slug":"placar-eletronico-de-futebol-serie-tef","status":"publish","type":"product","link":"https:\/\/www.telaled.com\/ko\/fabrica\/placar-eletronico-de-futebol-serie-tef\/","title":{"rendered":"\uc804\uc790 \ucd95\uad6c \uc2a4\ucf54\uc5b4\ubcf4\ub4dc TEF \uc2dc\ub9ac\uc988"},"content":{"rendered":"<div class=\"row\"  id=\"row-717094102\">\n\n\t<div id=\"col-165018383\" class=\"col small-12 large-12\"  >\n\t\t\t\t<div class=\"col-inner\"  >\n\t\t\t\n\t\t\t\n<h2><strong>TEF \uc2dc\ub9ac\uc988 \uc804\uc790 \ucd95\uad6c \uc2a4\ucf54\uc5b4\ubcf4\ub4dc\uc758 \ub3c5\ud2b9\ud55c \uc7a5\uc810<\/strong><\/h2>\n<h3><strong>\uc804\ubb38 LED \uae30\uc220<\/strong><\/h3>\n<ul>\n<li>\uace0\ud718\ub3c4 LED\ub294 \uc9c1\uc0ac\uad11\uc120\uc5d0\uc11c\ub3c4 \uac00\uc2dc\uc131\uc744 \uc720\uc9c0\ud569\ub2c8\ub2e4.<\/li>\n<li>\uc5d0\ub108\uc9c0 \ud6a8\uc728\uc801\uc778 \uc124\uacc4\ub85c \uc7a5\uc2dc\uac04 \uc0ac\uc6a9\uc774 \uac00\ub2a5\ud569\ub2c8\ub2e4.<\/li>\n<li>\uc77c\uad00\ub41c \ubc1d\uae30\ub85c \uc120\uc218\uc640 \uad00\uc911\uc774 \uc120\uba85\ud55c \ud654\uba74\uc744 \uc77d\uc744 \uc218 \uc788\uc2b5\ub2c8\ub2e4.<\/li>\n<\/ul>\n<h3><strong>\ud1b5\ud569 \ucc44\uc810 \ubc0f \ud0c0\uc774\ubc0d \uc2dc\uc2a4\ud15c<\/strong><\/h3>\n<ul>\n<li>\ud0c0\uc774\ubc0d\uacfc \uc810\uc218 \ucd94\uc801 \uae30\ub2a5\uc744 \ud558\ub098\uc758 \ucef4\ud329\ud2b8\ud55c \uc7a5\uce58\ub85c \uacb0\ud569\ud588\uc2b5\ub2c8\ub2e4.<\/li>\n<li>\uc720\uc5f0\ud55c \uc791\ub3d9\uc744 \uc704\ud574 \uc218\ub3d9 \ub610\ub294 \ubb34\uc120 \uc81c\uc5b4\ub97c \uc9c0\uc6d0\ud569\ub2c8\ub2e4.<\/li>\n<li>\ud559\uad50 \uc6b4\ub3d9\uc7a5, \uc2a4\ud3ec\uce20 \ub2e8\uc9c0, \ud074\ub7fd \uacbd\uae30\uc5d0 \uc801\ud569\ud569\ub2c8\ub2e4.<\/li>\n<\/ul>\n<h3><strong>\uacac\uace0\ud55c \uad6c\uc870\uc640 \uc548\uc815\uc801\uc778 \uc131\ub2a5<\/strong><\/h3>\n<ul>\n<li>\ucda9\uaca9 \ubc0f \ubd80\uc2dd\uc5d0 \uac15\ud55c \uc54c\ub8e8\ubbf8\ub284 \ud569\uae08 \uad6c\uc870\uc785\ub2c8\ub2e4.<\/li>\n<li>\uc548\uc815\uc801\uc778 \ub0b4\ubd80 \uc2dc\uc2a4\ud15c\uc73c\ub85c \uc7a5\uc2dc\uac04 \uac8c\uc784 \uc2dc \uacfc\uc5f4\uc744 \ubc29\uc9c0\ud569\ub2c8\ub2e4.<\/li>\n<li>\uc5b4\ub5a4 \ub0a0\uc528\uc5d0\uc11c\ub3c4 \uc2e4\uc678\uc5d0\uc11c \uc5f0\uc18d\uc801\uc73c\ub85c \uc791\ub3d9\ud560 \uc218 \uc788\ub3c4\ub85d \uc124\uacc4\ub418\uc5c8\uc2b5\ub2c8\ub2e4.<\/li>\n<\/ul>\n<h3><strong>\uc720\uc5f0\ud55c \uc124\uce58<\/strong><\/h3>\n<ul>\n<li>\ubcbd\uba74 \uc7a5\ucc29, \uc0bc\uac01\ub300 \uc7a5\ucc29 \ub610\ub294 \ud604\uc7a5 \ubc30\uce58\ub97c \uc9c0\uc6d0\ud569\ub2c8\ub2e4.<\/li>\n<li>\uac00\ubcbc\uc6b4 \uad6c\uc870\ub85c \uc870\ub9bd\uacfc \uc6b4\ubc18\uc774 \ube60\ub985\ub2c8\ub2e4.<\/li>\n<li>\uc601\uad6c\uc801, \uc784\uc2dc\uc801 \uc704\uce58\uc5d0\uc11c \ubaa8\ub450 \uc644\ubcbd\ud558\uac8c \uc791\ub3d9\ud569\ub2c8\ub2e4.<\/li>\n<\/ul>\n<h2><strong>\uc81c\ud488 \uc0c1\uc138 \uc815\ubcf4<\/strong><\/h2>\n<div class=\"row\"  id=\"row-1253660568\">\n\n\t<div id=\"col-1421884681\" class=\"col medium-10 small-12 large-10\"  >\n\t\t\t\t<div class=\"col-inner text-left\"  >\n\t\t\t\n\t\t\t\n<ul>\n<li><strong>\ub2e4\uc591\ud55c \ucc44\uc810 \ubaa8\ub4dc<\/strong> \u2013 \uadf8 <strong>\uc804\uc790 \ucd95\uad6c \uc2a4\ucf54\uc5b4\ubcf4\ub4dc TEF \uc2dc\ub9ac\uc988<\/strong> \uc774 \ub2e8\uccb4\ub294 \ub2e4\uc591\ud55c \uc2a4\ud3ec\uce20\ub97c \uc9c0\uc6d0\ud569\ub2c8\ub2e4. <a href=\"https:\/\/www.telaled.com\/ko\/fabrica\/placar-eletronico-para-basquete-serie-tee\/\">\ub18d\uad6c<\/a>, \ucd95\uad6c, <a href=\"https:\/\/www.telaled.com\/ko\/fabrica\/placar-eletronico-para-volei-serie-teb\/\">\ubc30\uad6c<\/a> \uadf8\ub9ac\uace0 <a href=\"https:\/\/www.telaled.com\/ko\/fabrica\/placar-eletronico-para-badminton-serie-ted\/\">\ubc30\ub4dc\ubbfc\ud134<\/a>. \ub2e4\uc591\ud55c \ud504\ub85c\uadf8\ub798\ubc0d \uae30\ub2a5\uc744 \uac16\ucd94\uace0 \uc788\uc5b4 \ud559\uad50\uc5d0\uc11c \uc0ac\uc6a9\ud558\uae30\uc5d0 \uc774\uc0c1\uc801\uc785\ub2c8\ub2e4., <a href=\"https:\/\/www.telaled.com\/ko\/cronometro-academia\/\">\uccb4\uc721\uad00<\/a> \uadf8\ub9ac\uace0 \ub2e4\uc591\ud55c \uacbd\uae30\uac00 \uc5f4\ub9ac\ub294 \uc2a4\ud3ec\uce20 \uc2dc\uc124\ub4e4.<\/li>\n<\/ul>\n\t<div class=\"img has-hover x md-x lg-x y md-y lg-y\" id=\"image_1279487318\">\n\t\t\t\t\t\t\t\t<div class=\"img-inner dark\" >\n\t\t\t<img loading=\"lazy\" decoding=\"async\" width=\"648\" height=\"1024\" src=\"https:\/\/www.telaled.com\/wp-content\/uploads\/2025\/10\/Multi-scoring-modes-648x1024.webp\" class=\"attachment-large size-large\" alt=\"\ub2e4\uc591\ud55c \ucc44\uc810 \ubaa8\ub4dc\" srcset=\"https:\/\/www.telaled.com\/wp-content\/uploads\/2025\/10\/Multi-scoring-modes-648x1024.webp 648w, https:\/\/www.telaled.com\/wp-content\/uploads\/2025\/10\/Multi-scoring-modes-190x300.webp 190w, https:\/\/www.telaled.com\/wp-content\/uploads\/2025\/10\/Multi-scoring-modes-768x1214.webp 768w, https:\/\/www.telaled.com\/wp-content\/uploads\/2025\/10\/Multi-scoring-modes-8x12.webp 8w, https:\/\/www.telaled.com\/wp-content\/uploads\/2025\/10\/Multi-scoring-modes-600x949.webp 600w, https:\/\/www.telaled.com\/wp-content\/uploads\/2025\/10\/Multi-scoring-modes.webp 790w\" sizes=\"auto, (max-width: 648px) 100vw, 648px\" \/>\t\t\t\t\t\t\n\t\t\t\t\t<\/div>\n\t\t\t\t\t\t\t\t\n<style>\n#image_1279487318 {\n  width: 80%;\n}\n<\/style>\n\t<\/div>\n\t\n<ul>\n<li><strong>\ub2e4\uae30\ub2a5 \ub514\uc790\uc778<\/strong> \uc774 \ud734\ub300\uc6a9 \uc2a4\ucf54\uc5b4\ubcf4\ub4dc\ub294 \ub0b4\uc7a5\ud615 \ubd80\uc800, \uc804\uc6d0 \uc2a4\uc704\uce58, \ucf58\uc194 \uc5f0\uacb0 \ud3ec\ud2b8, \uc548\ud14c\ub098 \uc778\ud130\ud398\uc774\uc2a4, \uadf8\ub9ac\uace0 \uac04\ud3b8\ud55c \uc124\uce58\ub97c \uc704\ud55c \ud655\uc7a5\ud615 \uc2a4\ud0e0\ub4dc\ub97c \uac16\ucd94\uace0 \uc788\uc2b5\ub2c8\ub2e4. \uac01 \uad6c\uc131 \uc694\uc18c\ub294 \uc0ac\uc6a9\uc131\uc744 \ud5a5\uc0c1\uc2dc\ucf1c \uc5b4\ub5a4 \ud658\uacbd\uc5d0\uc11c\ub3c4 \uc6d0\ud65c\ud558\uace0 \uc548\uc815\uc801\uc778 \uc791\ub3d9\uc744 \ubcf4\uc7a5\ud569\ub2c8\ub2e4.<\/li>\n<\/ul>\n\t<div class=\"img has-hover x md-x lg-x y md-y lg-y\" id=\"image_1150058556\">\n\t\t\t\t\t\t\t\t<div class=\"img-inner dark\" >\n\t\t\t<img loading=\"lazy\" decoding=\"async\" width=\"790\" height=\"1646\" src=\"https:\/\/www.telaled.com\/wp-content\/uploads\/2025\/10\/Function.webp\" class=\"attachment-original size-original\" alt=\"\uc804\uc790 \ucd95\uad6c \uc2a4\ucf54\uc5b4\ubcf4\ub4dc \uae30\ub2a5 TEF \uc2dc\ub9ac\uc988\" srcset=\"https:\/\/www.telaled.com\/wp-content\/uploads\/2025\/10\/Function.webp 790w, https:\/\/www.telaled.com\/wp-content\/uploads\/2025\/10\/Function-144x300.webp 144w, https:\/\/www.telaled.com\/wp-content\/uploads\/2025\/10\/Function-491x1024.webp 491w, https:\/\/www.telaled.com\/wp-content\/uploads\/2025\/10\/Function-768x1600.webp 768w, https:\/\/www.telaled.com\/wp-content\/uploads\/2025\/10\/Function-737x1536.webp 737w, https:\/\/www.telaled.com\/wp-content\/uploads\/2025\/10\/Function-6x12.webp 6w, https:\/\/www.telaled.com\/wp-content\/uploads\/2025\/10\/Function-600x1250.webp 600w\" sizes=\"auto, (max-width: 790px) 100vw, 790px\" \/>\t\t\t\t\t\t\n\t\t\t\t\t<\/div>\n\t\t\t\t\t\t\t\t\n<style>\n#image_1150058556 {\n  width: 79%;\n}\n<\/style>\n\t<\/div>\n\t\n<ul>\n<li><strong>\uc81c\uc5b4 \ucf58\uc194 \uc0ac\uc6a9<\/strong> \u2013 \ub2e4\uae30\ub2a5 \uc81c\uc5b4 \ucf58\uc194\uc740 \uc120\uba85\ud55c \ub514\uc2a4\ud50c\ub808\uc774\uc640 \ub0b4\uc7a5 \ucda9\uc804\uc2dd \ubc30\ud130\ub9ac\ub97c \uac16\ucd94\uace0 \uc788\uc2b5\ub2c8\ub2e4. \uac04\ud3b8\ud55c \uc870\uc791, \uc548\uc815\uc801\uc778 \uc2e0\ud638 \uc804\uc1a1, \uc7a5\uac70\ub9ac \uc81c\uc5b4 \uae30\ub2a5\uc744 \uc81c\uacf5\ud558\uc5ec \uac8c\uc784 \ud50c\ub808\uc774 \uc911\uc5d0\ub3c4 \uc644\ubcbd\ud55c \uc81c\uc5b4\uac00 \uac00\ub2a5\ud569\ub2c8\ub2e4.<\/li>\n<\/ul>\n\t<div class=\"img has-hover x md-x lg-x y md-y lg-y\" id=\"image_642513480\">\n\t\t\t\t\t\t\t\t<div class=\"img-inner dark\" >\n\t\t\t<img loading=\"lazy\" decoding=\"async\" width=\"790\" height=\"926\" src=\"https:\/\/www.telaled.com\/wp-content\/uploads\/2025\/10\/Control-Console.webp\" class=\"attachment-large size-large\" alt=\"\" srcset=\"https:\/\/www.telaled.com\/wp-content\/uploads\/2025\/10\/Control-Console.webp 790w, https:\/\/www.telaled.com\/wp-content\/uploads\/2025\/10\/Control-Console-256x300.webp 256w, https:\/\/www.telaled.com\/wp-content\/uploads\/2025\/10\/Control-Console-768x900.webp 768w, https:\/\/www.telaled.com\/wp-content\/uploads\/2025\/10\/Control-Console-10x12.webp 10w, https:\/\/www.telaled.com\/wp-content\/uploads\/2025\/10\/Control-Console-600x703.webp 600w\" sizes=\"auto, (max-width: 790px) 100vw, 790px\" \/>\t\t\t\t\t\t\n\t\t\t\t\t<\/div>\n\t\t\t\t\t\t\t\t\n<style>\n#image_642513480 {\n  width: 80%;\n}\n<\/style>\n\t<\/div>\n\t\n<ul>\n<li><strong>\ucef4\ud329\ud2b8\ud55c \uc0ac\uc774\uc988\uc640 \ud3b8\ub9ac\ud55c \uc704\uce58 \uc870\uc815<\/strong> \u2013 \uadf8 <strong>\uc804\uc790 \ucd95\uad6c \uc2a4\ucf54\uc5b4\ubcf4\ub4dc TEF \uc2dc\ub9ac\uc988<\/strong> \ud06c\uae30\ub294 592mm x 374mm\uc774\uace0, \ucee8\ud2b8\ub864 \ucf58\uc194\uc740 275mm x 170mm\uc785\ub2c8\ub2e4. \ub450 \uc7a5\uce58 \ubaa8\ub450 \uac00\ubccd\uace0 \ucef4\ud329\ud2b8\ud558\uc5ec \uc6b4\ubc18, \ubcf4\uad00, \uacbd\uae30\uc7a5\uc774\ub098 \ucf54\ud2b8\uc5d0 \uc124\uce58\uac00 \uac04\ud3b8\ud569\ub2c8\ub2e4.<\/li>\n<\/ul>\n\t<div class=\"img has-hover x md-x lg-x y md-y lg-y\" id=\"image_1642848831\">\n\t\t\t\t\t\t\t\t<div class=\"img-inner dark\" >\n\t\t\t<img loading=\"lazy\" decoding=\"async\" width=\"790\" height=\"814\" src=\"https:\/\/www.telaled.com\/wp-content\/uploads\/2025\/10\/Size.webp\" class=\"attachment-large size-large\" alt=\"\" srcset=\"https:\/\/www.telaled.com\/wp-content\/uploads\/2025\/10\/Size.webp 790w, https:\/\/www.telaled.com\/wp-content\/uploads\/2025\/10\/Size-291x300.webp 291w, https:\/\/www.telaled.com\/wp-content\/uploads\/2025\/10\/Size-768x791.webp 768w, https:\/\/www.telaled.com\/wp-content\/uploads\/2025\/10\/Size-12x12.webp 12w, https:\/\/www.telaled.com\/wp-content\/uploads\/2025\/10\/Size-600x618.webp 600w\" sizes=\"auto, (max-width: 790px) 100vw, 790px\" \/>\t\t\t\t\t\t\n\t\t\t\t\t<\/div>\n\t\t\t\t\t\t\t\t\n<style>\n#image_1642848831 {\n  width: 80%;\n}\n<\/style>\n\t<\/div>\n\t\n<ul>\n<li>\uadf8\ub9cc\ud07c <strong>\uc804\uc790 \ucd95\uad6c \uc2a4\ucf54\uc5b4\ubcf4\ub4dc TEF \uc2dc\ub9ac\uc988<\/strong>\u00a0\ud2bc\ud2bc\ud55c \ub098\ubb34 \uc0c1\uc790\uc5d0 \ud3ec\uc7a5\ub418\uc5b4 \uc7a5\uac70\ub9ac \uc6b4\uc1a1\uc5d0\ub3c4 \uacac\ub51c \uc218 \uc788\ub3c4\ub85d \ud2bc\ud2bc\ud558\uac8c \uc81c\uc791\ub418\uc5c8\uc2b5\ub2c8\ub2e4. \uac01 \uc81c\ud488\uc740 \ud574\ucda9\uc774\ub098 \ucda9\uaca9\uc73c\ub85c \uc778\ud55c \uc190\uc0c1\uc744 \ubc29\uc9c0\ud558\uae30 \uc704\ud574 \ub2e8\ub2e8\ud788 \uace0\uc815\ub418\uc5b4 \uc788\uc5b4 \uc644\ubcbd\ud55c \uc0c1\ud0dc\ub85c \ubc30\uc1a1\ub418\uc5b4 \ubc14\ub85c \uc0ac\uc6a9\ud558\uc2e4 \uc218 \uc788\uc2b5\ub2c8\ub2e4.<\/li>\n<\/ul>\n\t<div class=\"img has-hover x md-x lg-x y md-y lg-y\" id=\"image_673633691\">\n\t\t\t\t\t\t\t\t<div class=\"img-inner dark\" >\n\t\t\t<img loading=\"lazy\" decoding=\"async\" width=\"760\" height=\"1024\" src=\"https:\/\/www.telaled.com\/wp-content\/uploads\/2025\/08\/36123f2c-de60-488d-af81-255cd4aee54a-760x1024.webp\" class=\"attachment-large size-large\" alt=\"\" srcset=\"https:\/\/www.telaled.com\/wp-content\/uploads\/2025\/08\/36123f2c-de60-488d-af81-255cd4aee54a-760x1024.webp 760w, https:\/\/www.telaled.com\/wp-content\/uploads\/2025\/08\/36123f2c-de60-488d-af81-255cd4aee54a-223x300.webp 223w, https:\/\/www.telaled.com\/wp-content\/uploads\/2025\/08\/36123f2c-de60-488d-af81-255cd4aee54a-768x1035.webp 768w, https:\/\/www.telaled.com\/wp-content\/uploads\/2025\/08\/36123f2c-de60-488d-af81-255cd4aee54a-9x12.webp 9w, https:\/\/www.telaled.com\/wp-content\/uploads\/2025\/08\/36123f2c-de60-488d-af81-255cd4aee54a-600x808.webp 600w, https:\/\/www.telaled.com\/wp-content\/uploads\/2025\/08\/36123f2c-de60-488d-af81-255cd4aee54a.webp 795w\" sizes=\"auto, (max-width: 760px) 100vw, 760px\" \/>\t\t\t\t\t\t\n\t\t\t\t\t<\/div>\n\t\t\t\t\t\t\t\t\n<style>\n#image_673633691 {\n  width: 80%;\n}\n<\/style>\n\t<\/div>\n\t\n\n<table id=\"tablepress-101\" class=\"tablepress tablepress-id-101\">\n<thead>\n<tr class=\"row-1\">\n\t<th colspan=\"4\" class=\"column-1\">\uc8fc\uc694 \uc18d\uc131<\/th>\n<\/tr>\n<\/thead>\n<tbody class=\"row-striping row-hover\">\n<tr class=\"row-2\">\n\t<td class=\"column-1\">\uc7ac\ub8cc<\/td><td class=\"column-2\">ABS<\/td><td class=\"column-3\"><\/td><td class=\"column-4\"><\/td>\n<\/tr>\n<tr class=\"row-3\">\n\t<td class=\"column-1\">\ud328\ub110 \ud06c\uae30<\/td><td class=\"column-2\">59.2*37.4cm<\/td><td class=\"column-3\"><\/td><td class=\"column-4\"><\/td>\n<\/tr>\n<tr class=\"row-4\">\n\t<td class=\"column-1\">\uc81c\uc5b4<\/td><td class=\"column-2\">\ucf58\uc194<\/td><td class=\"column-3\"><\/td><td class=\"column-4\"><\/td>\n<\/tr>\n<tr class=\"row-5\">\n\t<td class=\"column-1\">\ucd9c\ub825 \uc804\uc555<\/td><td class=\"column-2\">12.6V 1A<\/td><td class=\"column-3\"><\/td><td class=\"column-4\"><\/td>\n<\/tr>\n<tr class=\"row-6\">\n\t<td class=\"column-1\">\uac00\uc2dc\uac70\ub9ac<\/td><td class=\"column-2\">&lt;50m<\/td><td class=\"column-3\"><\/td><td class=\"column-4\"><\/td>\n<\/tr>\n<tr class=\"row-7\">\n\t<td class=\"column-1\">\ud504\ub808\uc784 \uc18c\uc7ac<\/td><td class=\"column-2\">ABS<\/td><td class=\"column-3\"><\/td><td class=\"column-4\"><\/td>\n<\/tr>\n<tr class=\"row-8\">\n\t<td class=\"column-1\">\uc785\ub825 \uc804\uc555<\/td><td class=\"column-2\">100-240VAC 50\/60Hz<\/td><td class=\"column-3\"><\/td><td class=\"column-4\"><\/td>\n<\/tr>\n<tr class=\"row-9\">\n\t<td class=\"column-1\">\ud798<\/td><td class=\"column-2\">&lt;7W<\/td><td class=\"column-3\"><\/td><td class=\"column-4\"><\/td>\n<\/tr>\n<\/tbody>\n<\/table>\n<!-- #tablepress-101 from cache -->\n\t\t<\/div>\n\t\t\t\t\t<\/div>\n\n\t\n<\/div>\n\t\t<\/div>\n\t\t\t\t\t<\/div>\n\n\t\n<\/div>","protected":false},"excerpt":{"rendered":"<p><strong> \uc804\uc790 \ucd95\uad6c \uc2a4\ucf54\uc5b4\ubcf4\ub4dc TEF \uc2dc\ub9ac\uc988 \u2013 \ubaa8\ub4e0 \uacbd\uae30\uc5d0 \ub300\ud55c \uc815\ud655\ud55c \ud0c0\uc774\ubc0d<\/strong><\/p>\n<p>\uadf8\ub9cc\ud07c <em><strong>\uc804\uc790 \ucd95\uad6c \uc2a4\ucf54\uc5b4\ubcf4\ub4dc TEF \uc2dc\ub9ac\uc988<\/strong><\/em> \ud558\ub098\uc758 \ud604\ub300\uc801\uc778 \ub514\uc2a4\ud50c\ub808\uc774\ub85c \uc815\ud655\ud55c \ud0c0\uc774\ubc0d\uacfc \ub4dd\uc810 \uc815\ubcf4\ub97c \uc81c\uacf5\ud569\ub2c8\ub2e4. \ud6c8\ub828 \uc138\uc158\uacfc \uacf5\uc2dd \uacbd\uae30\uc5d0 \uc801\ud569\ud558\ub3c4\ub85d \uc124\uacc4\ub418\uc5b4 \ubaa8\ub4e0 \uace8, \ucd08, \uc810\uc218\ub97c \uacbd\uae30\uc7a5\uc5d0\uc11c \uc120\uba85\ud558\uac8c \ud655\uc778\ud560 \uc218 \uc788\uc2b5\ub2c8\ub2e4.<\/p>\n<p><strong>4\uac00\uc9c0 \uc8fc\uc694 \uc774\uc810:<\/strong><\/p>\n<ul>\n<li><strong>\uc815\ud655\ud55c \uac8c\uc784 \ud0c0\uc774\ubc0d<\/strong> \u2013 \uacbd\uae30 \uc2dc\uac04\uc744 \uc815\ud655\ud558\uac8c \ucd94\uc801\ud558\uc5ec \uc2ec\ud310\uacfc \uc120\uc218\uac00 \uc77c\uc815\uc744 \uc900\uc218\ud558\ub294 \ub370 \ub3c4\uc6c0\uc774 \ub429\ub2c8\ub2e4.<\/li>\n<li><strong>\uace0\uac00\uc2dc\uc131 \ub514\uc2a4\ud50c\ub808\uc774<\/strong> \u2013 \uc5b4\ub5a4 \uac01\ub3c4\ub098 \uac70\ub9ac\uc5d0\uc11c\ub3c4 \uc120\uba85\ud558\uac8c \ubcfc \uc218 \uc788\ub294 \ubc1d\uc740 LED \uc22b\uc790\ub97c \uc0ac\uc6a9\ud569\ub2c8\ub2e4.<\/li>\n<li><strong>\uc57c\uc678 \uc0ac\uc6a9\uc5d0 \uc801\ud569\ud55c \ub0b4\uad6c\uc131<\/strong> \u2013 \uc5b4\ub5a0\ud55c \ud604\uc7a5 \uc0c1\ud669\uc5d0\ub3c4 \ub300\ucc98\ud560 \uc218 \uc788\ub3c4\ub85d \ub0b4\ud6c4\uc131 \uc18c\uc7ac\ub85c \uc81c\uc791\ub418\uc5c8\uc2b5\ub2c8\ub2e4.<\/li>\n<li><strong>\uac04\ud3b8\ud55c \uc870\uc791<\/strong> \u2013 \uac04\ub2e8\ud55c \uc81c\uc5b4\ub97c \ud1b5\ud574 \uc0ac\uc6a9\uc790\ub294 \uc9c0\uc5f0 \uc5c6\uc774 \ud0c0\uc774\ubc0d\uc744 \uc2dc\uc791, \uc77c\uc2dc \uc815\uc9c0, \ub2e4\uc2dc \uc2dc\uc791\ud560 \uc218 \uc788\uc2b5\ub2c8\ub2e4.<\/li>\n<\/ul>\n<p><span style=\"font-weight: 400;\">\uc800\ud76c \ud300\uc740 24\uc2dc\uac04 \uc5f0\uc911\ubb34\ud734 \uc6d0\uaca9 \uc9c0\uc6d0\uacfc 3\ub144 \ubcf4\uc99d\uc744 \uc81c\uacf5\ud569\ub2c8\ub2e4. \ub9de\ucda4 \uacac\uc801\uc744 \uc6d0\ud558\uc2dc\uba74 \uc9c0\uae08 \ubc14\ub85c \ubb38\uc758\ud558\uc138\uc694.<\/span><\/p>","protected":false},"featured_media":3918,"template":"","meta":[],"product_brand":[],"product_cat":[48,40,44,46],"product_tag":[],"class_list":{"0":"post-3906","1":"product","2":"type-product","3":"status-publish","4":"has-post-thumbnail","6":"product_cat-paineis-personalizados","7":"product_cat-painel-de-led","8":"product_cat-painel-de-led-flexivel","9":"product_cat-painel-de-video","11":"first","12":"instock","13":"shipping-taxable","14":"product-type-simple"},"yoast_head":"<!-- This site is optimized with the Yoast SEO plugin v27.5 - https:\/\/yoast.com\/product\/yoast-seo-wordpress\/ -->\n<title>Placar Eletronico de Futebol S\u00e9rie TEF | TELALED<\/title>\n<meta name=\"description\" content=\"Placar Eletronico de Futebol S\u00e9rie TEF: um placar LED profissional com cronometragem precisa e exibi\u00e7\u00e3o de pontua\u00e7\u00e3o clara. Encomende agora!\" \/>\n<meta name=\"robots\" content=\"index, follow, max-snippet:-1, max-image-preview:large, max-video-preview:-1\" \/>\n<link rel=\"canonical\" href=\"https:\/\/www.telaled.com\/ko\/fabrica\/placar-eletronico-de-futebol-serie-tef\/\" \/>\n<meta property=\"og:locale\" content=\"ko_KR\" \/>\n<meta property=\"og:type\" content=\"article\" \/>\n<meta property=\"og:title\" content=\"Placar Eletronico de Futebol S\u00e9rie TEF | TELALED\" \/>\n<meta property=\"og:description\" content=\"Placar Eletronico de Futebol S\u00e9rie TEF: um placar LED profissional com cronometragem precisa e exibi\u00e7\u00e3o de pontua\u00e7\u00e3o clara. Encomende agora!\" \/>\n<meta property=\"og:url\" content=\"https:\/\/www.telaled.com\/ko\/fabrica\/placar-eletronico-de-futebol-serie-tef\/\" \/>\n<meta property=\"og:site_name\" content=\"TELALED\" \/>\n<meta property=\"article:modified_time\" content=\"2026-01-06T09:51:58+00:00\" \/>\n<meta property=\"og:image\" content=\"https:\/\/www.telaled.com\/wp-content\/uploads\/2025\/10\/Placar-eletronico-de-futebol.webp\" \/>\n\t<meta property=\"og:image:width\" content=\"500\" \/>\n\t<meta property=\"og:image:height\" content=\"500\" \/>\n\t<meta property=\"og:image:type\" content=\"image\/webp\" \/>\n<meta name=\"twitter:card\" content=\"summary_large_image\" \/>\n<meta name=\"twitter:label1\" content=\"\uc608\uc0c1 \ub418\ub294 \ud310\ub3c5 \uc2dc\uac04\" \/>\n\t<meta name=\"twitter:data1\" content=\"3\ubd84\" \/>\n<script type=\"application\/ld+json\" class=\"yoast-schema-graph\">{\"@context\":\"https:\\\/\\\/schema.org\",\"@graph\":[{\"@type\":\"WebPage\",\"@id\":\"https:\\\/\\\/www.telaled.com\\\/fabrica\\\/placar-eletronico-de-futebol-serie-tef\\\/\",\"url\":\"https:\\\/\\\/www.telaled.com\\\/fabrica\\\/placar-eletronico-de-futebol-serie-tef\\\/\",\"name\":\"Placar Eletronico de Futebol S\u00e9rie TEF | TELALED\",\"isPartOf\":{\"@id\":\"https:\\\/\\\/www.telaled.com\\\/#website\"},\"primaryImageOfPage\":{\"@id\":\"https:\\\/\\\/www.telaled.com\\\/fabrica\\\/placar-eletronico-de-futebol-serie-tef\\\/#primaryimage\"},\"image\":{\"@id\":\"https:\\\/\\\/www.telaled.com\\\/fabrica\\\/placar-eletronico-de-futebol-serie-tef\\\/#primaryimage\"},\"thumbnailUrl\":\"https:\\\/\\\/www.telaled.com\\\/wp-content\\\/uploads\\\/2025\\\/10\\\/Placar-eletronico-de-futebol.webp\",\"datePublished\":\"2025-10-08T14:42:58+00:00\",\"dateModified\":\"2026-01-06T09:51:58+00:00\",\"description\":\"Placar Eletronico de Futebol S\u00e9rie TEF: um placar LED profissional com cronometragem precisa e exibi\u00e7\u00e3o de pontua\u00e7\u00e3o clara. Encomende agora!\",\"breadcrumb\":{\"@id\":\"https:\\\/\\\/www.telaled.com\\\/fabrica\\\/placar-eletronico-de-futebol-serie-tef\\\/#breadcrumb\"},\"inLanguage\":\"ko-KR\",\"potentialAction\":[{\"@type\":\"ReadAction\",\"target\":[\"https:\\\/\\\/www.telaled.com\\\/fabrica\\\/placar-eletronico-de-futebol-serie-tef\\\/\"]}]},{\"@type\":\"ImageObject\",\"inLanguage\":\"ko-KR\",\"@id\":\"https:\\\/\\\/www.telaled.com\\\/fabrica\\\/placar-eletronico-de-futebol-serie-tef\\\/#primaryimage\",\"url\":\"https:\\\/\\\/www.telaled.com\\\/wp-content\\\/uploads\\\/2025\\\/10\\\/Placar-eletronico-de-futebol.webp\",\"contentUrl\":\"https:\\\/\\\/www.telaled.com\\\/wp-content\\\/uploads\\\/2025\\\/10\\\/Placar-eletronico-de-futebol.webp\",\"width\":500,\"height\":500,\"caption\":\"Placar eletronico de futebol\"},{\"@type\":\"BreadcrumbList\",\"@id\":\"https:\\\/\\\/www.telaled.com\\\/fabrica\\\/placar-eletronico-de-futebol-serie-tef\\\/#breadcrumb\",\"itemListElement\":[{\"@type\":\"ListItem\",\"position\":1,\"name\":\"Home\",\"item\":\"https:\\\/\\\/www.telaled.com\\\/\"},{\"@type\":\"ListItem\",\"position\":2,\"name\":\"Produtos\",\"item\":\"https:\\\/\\\/www.telaled.com\\\/shop\\\/\"},{\"@type\":\"ListItem\",\"position\":3,\"name\":\"Placar Eletronico de Futebol S\u00e9rie TEF\"}]},{\"@type\":\"WebSite\",\"@id\":\"https:\\\/\\\/www.telaled.com\\\/#website\",\"url\":\"https:\\\/\\\/www.telaled.com\\\/\",\"name\":\"TELALED\",\"description\":\"\",\"potentialAction\":[{\"@type\":\"SearchAction\",\"target\":{\"@type\":\"EntryPoint\",\"urlTemplate\":\"https:\\\/\\\/www.telaled.com\\\/?s={search_term_string}\"},\"query-input\":{\"@type\":\"PropertyValueSpecification\",\"valueRequired\":true,\"valueName\":\"search_term_string\"}}],\"inLanguage\":\"ko-KR\"}]}<\/script>\n<!-- \/ Yoast SEO plugin. -->","yoast_head_json":{"title":"\uc804\uc790 \ucd95\uad6c \uc2a4\ucf54\uc5b4\ubcf4\ub4dc TEF \uc2dc\ub9ac\uc988 | TELALED","description":"TEF \uc2dc\ub9ac\uc988 \uc804\uc790 \ucd95\uad6c \uc2a4\ucf54\uc5b4\ubcf4\ub4dc: \uc815\ud655\ud55c \ud0c0\uc774\ubc0d\uacfc \uc120\uba85\ud55c \uc810\uc218 \ud45c\uc2dc \uae30\ub2a5\uc744 \uac16\ucd98 \uc804\ubb38\uac00\uc6a9 LED \uc2a4\ucf54\uc5b4\ubcf4\ub4dc\uc785\ub2c8\ub2e4. \uc9c0\uae08 \uc8fc\ubb38\ud558\uc138\uc694!","robots":{"index":"index","follow":"follow","max-snippet":"max-snippet:-1","max-image-preview":"max-image-preview:large","max-video-preview":"max-video-preview:-1"},"canonical":"https:\/\/www.telaled.com\/ko\/fabrica\/placar-eletronico-de-futebol-serie-tef\/","og_locale":"ko_KR","og_type":"article","og_title":"Placar Eletronico de Futebol S\u00e9rie TEF | TELALED","og_description":"Placar Eletronico de Futebol S\u00e9rie TEF: um placar LED profissional com cronometragem precisa e exibi\u00e7\u00e3o de pontua\u00e7\u00e3o clara. Encomende agora!","og_url":"https:\/\/www.telaled.com\/ko\/fabrica\/placar-eletronico-de-futebol-serie-tef\/","og_site_name":"TELALED","article_modified_time":"2026-01-06T09:51:58+00:00","og_image":[{"width":500,"height":500,"url":"https:\/\/www.telaled.com\/wp-content\/uploads\/2025\/10\/Placar-eletronico-de-futebol.webp","type":"image\/webp"}],"twitter_card":"summary_large_image","twitter_misc":{"\uc608\uc0c1 \ub418\ub294 \ud310\ub3c5 \uc2dc\uac04":"3\ubd84"},"schema":{"@context":"https:\/\/schema.org","@graph":[{"@type":"WebPage","@id":"https:\/\/www.telaled.com\/fabrica\/placar-eletronico-de-futebol-serie-tef\/","url":"https:\/\/www.telaled.com\/fabrica\/placar-eletronico-de-futebol-serie-tef\/","name":"\uc804\uc790 \ucd95\uad6c \uc2a4\ucf54\uc5b4\ubcf4\ub4dc TEF \uc2dc\ub9ac\uc988 | TELALED","isPartOf":{"@id":"https:\/\/www.telaled.com\/#website"},"primaryImageOfPage":{"@id":"https:\/\/www.telaled.com\/fabrica\/placar-eletronico-de-futebol-serie-tef\/#primaryimage"},"image":{"@id":"https:\/\/www.telaled.com\/fabrica\/placar-eletronico-de-futebol-serie-tef\/#primaryimage"},"thumbnailUrl":"https:\/\/www.telaled.com\/wp-content\/uploads\/2025\/10\/Placar-eletronico-de-futebol.webp","datePublished":"2025-10-08T14:42:58+00:00","dateModified":"2026-01-06T09:51:58+00:00","description":"TEF \uc2dc\ub9ac\uc988 \uc804\uc790 \ucd95\uad6c \uc2a4\ucf54\uc5b4\ubcf4\ub4dc: \uc815\ud655\ud55c \ud0c0\uc774\ubc0d\uacfc \uc120\uba85\ud55c \uc810\uc218 \ud45c\uc2dc \uae30\ub2a5\uc744 \uac16\ucd98 \uc804\ubb38\uac00\uc6a9 LED \uc2a4\ucf54\uc5b4\ubcf4\ub4dc\uc785\ub2c8\ub2e4. \uc9c0\uae08 \uc8fc\ubb38\ud558\uc138\uc694!","breadcrumb":{"@id":"https:\/\/www.telaled.com\/fabrica\/placar-eletronico-de-futebol-serie-tef\/#breadcrumb"},"inLanguage":"ko-KR","potentialAction":[{"@type":"ReadAction","target":["https:\/\/www.telaled.com\/fabrica\/placar-eletronico-de-futebol-serie-tef\/"]}]},{"@type":"ImageObject","inLanguage":"ko-KR","@id":"https:\/\/www.telaled.com\/fabrica\/placar-eletronico-de-futebol-serie-tef\/#primaryimage","url":"https:\/\/www.telaled.com\/wp-content\/uploads\/2025\/10\/Placar-eletronico-de-futebol.webp","contentUrl":"https:\/\/www.telaled.com\/wp-content\/uploads\/2025\/10\/Placar-eletronico-de-futebol.webp","width":500,"height":500,"caption":"Placar eletronico de futebol"},{"@type":"BreadcrumbList","@id":"https:\/\/www.telaled.com\/fabrica\/placar-eletronico-de-futebol-serie-tef\/#breadcrumb","itemListElement":[{"@type":"ListItem","position":1,"name":"Home","item":"https:\/\/www.telaled.com\/"},{"@type":"ListItem","position":2,"name":"Produtos","item":"https:\/\/www.telaled.com\/shop\/"},{"@type":"ListItem","position":3,"name":"Placar Eletronico de Futebol S\u00e9rie TEF"}]},{"@type":"WebSite","@id":"https:\/\/www.telaled.com\/#website","url":"https:\/\/www.telaled.com\/","name":"LED \uc2a4\ud06c\ub9b0","description":"","potentialAction":[{"@type":"SearchAction","target":{"@type":"EntryPoint","urlTemplate":"https:\/\/www.telaled.com\/?s={search_term_string}"},"query-input":{"@type":"PropertyValueSpecification","valueRequired":true,"valueName":"search_term_string"}}],"inLanguage":"ko-KR"}]}},"_links":{"self":[{"href":"https:\/\/www.telaled.com\/ko\/wp-json\/wp\/v2\/product\/3906","targetHints":{"allow":["GET"]}}],"collection":[{"href":"https:\/\/www.telaled.com\/ko\/wp-json\/wp\/v2\/product"}],"about":[{"href":"https:\/\/www.telaled.com\/ko\/wp-json\/wp\/v2\/types\/product"}],"wp:featuredmedia":[{"embeddable":true,"href":"https:\/\/www.telaled.com\/ko\/wp-json\/wp\/v2\/media\/3918"}],"wp:attachment":[{"href":"https:\/\/www.telaled.com\/ko\/wp-json\/wp\/v2\/media?parent=3906"}],"wp:term":[{"taxonomy":"product_brand","embeddable":true,"href":"https:\/\/www.telaled.com\/ko\/wp-json\/wp\/v2\/product_brand?post=3906"},{"taxonomy":"product_cat","embeddable":true,"href":"https:\/\/www.telaled.com\/ko\/wp-json\/wp\/v2\/product_cat?post=3906"},{"taxonomy":"product_tag","embeddable":true,"href":"https:\/\/www.telaled.com\/ko\/wp-json\/wp\/v2\/product_tag?post=3906"}],"curies":[{"name":"\uc6cc\ub4dc\ud504\ub808\uc2a4","href":"https:\/\/api.w.org\/{rel}","templated":true}]}}