{"id":3843,"date":"2025-10-07T12:59:53","date_gmt":"2025-10-07T12:59:53","guid":{"rendered":"https:\/\/www.telaled.com\/?post_type=product&#038;p=3843"},"modified":"2026-01-07T02:11:30","modified_gmt":"2026-01-07T02:11:30","slug":"bus-led-display-serie-tcs","status":"publish","type":"product","link":"https:\/\/www.telaled.com\/ko\/fabrica\/bus-led-display-serie-tcs\/","title":{"rendered":"\ubc84\uc2a4\uc6a9 LED \ub514\uc2a4\ud50c\ub808\uc774 TCS \uc2dc\ub9ac\uc988"},"content":{"rendered":"<div class=\"row\"  id=\"row-1753799632\">\n\n\t<div id=\"col-1494260921\" class=\"col small-12 large-12\"  >\n\t\t\t\t<div class=\"col-inner\"  >\n\t\t\t\n\t\t\t\n<h2><strong>TCS \uc2dc\ub9ac\uc988 \ubc84\uc2a4 LED \ub514\uc2a4\ud50c\ub808\uc774\uc758 \ub3c5\uc810\uc801 \uc7a5\uc810<\/strong><\/h2>\n<h3><strong>\ub0b4\uad6c\uc131 \uc788\ub294 \uc678\ubd80 \ub514\uc790\uc778<\/strong><\/h3>\n<ul>\n<li>\uc7a5\uae30\uac04 \uc2e4\uc678\uc5d0\uc11c \uc0ac\uc6a9\ud560 \uc218 \uc788\ub3c4\ub85d \ubc29\uc218 \ubc0f \ubc29\uc9c4 \ud558\uc6b0\uc9d5\uc73c\ub85c \uc81c\uc791\ub418\uc5c8\uc2b5\ub2c8\ub2e4.<\/li>\n<li>\uc5ec\ud589 \uc911 \uc9c4\ub3d9\uacfc \uc628\ub3c4 \ubcc0\ud654\uc5d0 \uac15\ud569\ub2c8\ub2e4.<\/li>\n<li>\uc5b4\ub5a0\ud55c \uae30\uc0c1 \uc870\uac74\uc5d0\uc11c\ub3c4 \uc77c\uad00\ub41c \uc131\ub2a5\uc744 \ubcf4\uc7a5\ud569\ub2c8\ub2e4.<\/li>\n<\/ul>\n<h3><strong>\uace0\uae09 \uc81c\uc5b4 \uc2dc\uc2a4\ud15c<\/strong><\/h3>\n<ul>\n<li>\uc790\ub3d9 \uacbd\ub85c \ud45c\uc2dc\ub97c \uc704\ud574 GPS\uc640 \ubb34\uc120 \uc5c5\ub370\uc774\ud2b8\ub97c \uc9c0\uc6d0\ud569\ub2c8\ub2e4.<\/li>\n<li>\uc804\uccb4 \ud568\ub300\uc758 \ub3d9\uae30\ud654\ub97c \uc704\ud55c \uc6d0\uaca9 \ucf58\ud150\uce20 \uad00\ub9ac\uac00 \uac00\ub2a5\ud569\ub2c8\ub2e4.<\/li>\n<li>\ub2e4\uc591\ud55c \ub370\uc774\ud130 \uc785\ub825 \ud615\uc2dd\uc744 \uc9c0\uc6d0\ud558\uc5ec \uc27d\uac8c \ud1b5\ud569\ud560 \uc218 \uc788\uc2b5\ub2c8\ub2e4.<\/li>\n<\/ul>\n<h3><strong>\ub192\uc740 \ubc1d\uae30\uc640 \uc120\uba85\ub3c4<\/strong><\/h3>\n<ul>\n<li>\ubaa8\ub4e0 \uc870\uba85 \uc870\uac74\uc5d0\uc11c \uc120\uba85\ud55c \uac00\uc2dc\uc131\uc744 \uc704\ud574 \ud504\ub9ac\ubbf8\uc5c4 LED \ubaa8\ub4c8\uc744 \uc0ac\uc6a9\ud569\ub2c8\ub2e4.<\/li>\n<li>\uc870\uc808 \uac00\ub2a5\ud55c \ubc1d\uae30\ub294 \ub0ae\uacfc \ubc24 \ud658\uacbd\uc5d0 \ub9de\ucdb0 \uc870\uc808\ub429\ub2c8\ub2e4.<\/li>\n<li>\uc120\uba85\ud55c \ud14d\uc2a4\ud2b8\uc640 \ubd80\ub4dc\ub7ec\uc6b4 \uc2a4\ud06c\ub864\ub9c1\uc73c\ub85c \uc2b9\uac1d\uc758 \uac00\ub3c5\uc131\uc774 \ud5a5\uc0c1\ub418\uc5c8\uc2b5\ub2c8\ub2e4.<\/li>\n<\/ul>\n<h3><strong>\uc720\uc5f0\ud55c \uc124\uce58 \uc635\uc158<\/strong><\/h3>\n<ul>\n<li>\ubc84\uc2a4\uc758 \uc55e, \ub4a4 \ub610\ub294 \uce21\uba74\uc5d0 \uc7a5\ucc29\ud560 \uc218 \uc788\uc2b5\ub2c8\ub2e4.<\/li>\n<li>\ucef4\ud329\ud2b8\ud55c \ub514\uc790\uc778\uc73c\ub85c \ub2e4\uc591\ud55c \ucc28\ub7c9 \ubaa8\ub378\uacfc \ub808\uc774\uc544\uc6c3\uc5d0 \uc801\ud569\ud569\ub2c8\ub2e4.<\/li>\n<li>\uac04\ub2e8\ud55c \uc124\uce58 \ubc0f \uc720\uc9c0 \uad00\ub9ac \ud504\ub85c\uc138\uc2a4\ub85c \uac00\ub3d9 \uc911\uc9c0 \uc2dc\uac04\uc774 \uc904\uc5b4\ub4ed\ub2c8\ub2e4.<\/li>\n<\/ul>\n<h2>\uc81c\ud488 \uc0c1\uc138 \uc815\ubcf4<\/h2>\n<div class=\"row\"  id=\"row-669086666\">\n\n\t<div id=\"col-1208508838\" class=\"col medium-10 small-12 large-10\"  >\n\t\t\t\t<div class=\"col-inner text-left\"  >\n\t\t\t\n\t\t\t\n<ul>\n<li style=\"font-weight: 400;\" aria-level=\"1\"><strong>\uae34 \uc218\uba85\uacfc \uc9c0\ub2a5\ud615 \ud1b5\ud569<\/strong> \u2013 \uace0\ud488\uc9c8 LED \ub3c4\ud2b8 \ub9e4\ud2b8\ub9ad\uc2a4 \ubaa8\ub4c8\ub85c \uc81c\uc791\ub418\uc5c8\uc2b5\ub2c8\ub2e4. <strong>\ubc84\uc2a4\uc6a9 LED \ub514\uc2a4\ud50c\ub808\uc774 TCS \uc2dc\ub9ac\uc988<\/strong> \ucd5c\ub300 10\ub9cc \uc2dc\uac04\uc758 \uc218\uba85\uc744 \uc81c\uacf5\ud569\ub2c8\ub2e4. \uc2a4\ub9c8\ud2b8 \ub514\uc2a4\ud328\uce58 \uc2dc\uc2a4\ud15c\uc5d0 \uc5f0\uacb0\ud558\uc5ec \uc678\ubd80 \uc815\ubcf4\ub97c \ud45c\uc2dc\ud558\uace0, \uc0c1\uc5c5 \ub610\ub294 \uacf5\uc775 \uad11\uace0 \ub4f1\uc744 \uc0bd\uc785\ud558\uc5ec \uae30\ub2a5\uc744 \ud5a5\uc0c1\uc2dc\ud0ac \uc218\ub3c4 \uc788\uc2b5\ub2c8\ub2e4.<\/li>\n<\/ul>\n\t<div class=\"img has-hover x md-x lg-x y md-y lg-y\" id=\"image_1369497746\">\n\t\t\t\t\t\t\t\t<div class=\"img-inner dark\" >\n\t\t\t<img loading=\"lazy\" decoding=\"async\" width=\"500\" height=\"500\" src=\"https:\/\/www.telaled.com\/wp-content\/uploads\/2025\/10\/Frente-Bus-LED-Display.webp\" class=\"attachment-large size-large\" alt=\"\uc804\uba74 \ubc84\uc2a4 LED \ub514\uc2a4\ud50c\ub808\uc774\" srcset=\"https:\/\/www.telaled.com\/wp-content\/uploads\/2025\/10\/Frente-Bus-LED-Display.webp 500w, https:\/\/www.telaled.com\/wp-content\/uploads\/2025\/10\/Frente-Bus-LED-Display-300x300.webp 300w, https:\/\/www.telaled.com\/wp-content\/uploads\/2025\/10\/Frente-Bus-LED-Display-150x150.webp 150w, https:\/\/www.telaled.com\/wp-content\/uploads\/2025\/10\/Frente-Bus-LED-Display-12x12.webp 12w, https:\/\/www.telaled.com\/wp-content\/uploads\/2025\/10\/Frente-Bus-LED-Display-100x100.webp 100w\" sizes=\"auto, (max-width: 500px) 100vw, 500px\" \/>\t\t\t\t\t\t\n\t\t\t\t\t<\/div>\n\t\t\t\t\t\t\t\t\n<style>\n#image_1369497746 {\n  width: 80%;\n}\n<\/style>\n\t<\/div>\n\t\n<ul>\n<li><strong>\uc2e4\uc2dc\uac04 \uacbd\ub85c \ud45c\uc2dc<\/strong> \u2013 \uc774 \uc2dc\uc2a4\ud15c\uc740 \ubc84\uc2a4 \ub178\uc120, \ub178\uc120\uba85, \ubaa9\uc801\uc9c0 \uc815\ubcf4\ub97c \uba85\ud655\ud558\uac8c \ud45c\uc2dc\ud569\ub2c8\ub2e4. \ucc28\ub7c9\uc758 \ud1b5\ud569 \uc81c\uc5b4 \uc2dc\uc2a4\ud15c\uc5d0 \uc2e4\uc2dc\uac04\uc73c\ub85c \uc5f0\uacb0\ub418\uace0 \uc6d0\uaca9 \uc5c5\ub370\uc774\ud2b8\ub97c \uc9c0\uc6d0\ud558\uc5ec \uc774\ub3d9 \uc911\uc5d0\ub3c4 \uc815\ubcf4\ub97c \uc989\uc2dc \ubcc0\uacbd\ud560 \uc218 \uc788\uc2b5\ub2c8\ub2e4.<\/li>\n<\/ul>\n\t<div class=\"img has-hover x md-x lg-x y md-y lg-y\" id=\"image_707239389\">\n\t\t\t\t\t\t\t\t<div class=\"img-inner dark\" >\n\t\t\t<img loading=\"lazy\" decoding=\"async\" width=\"2000\" height=\"1333\" src=\"https:\/\/www.telaled.com\/wp-content\/uploads\/2025\/10\/Bus-LED-Display-Details.webp\" class=\"attachment-original size-original\" alt=\"\" srcset=\"https:\/\/www.telaled.com\/wp-content\/uploads\/2025\/10\/Bus-LED-Display-Details.webp 2000w, https:\/\/www.telaled.com\/wp-content\/uploads\/2025\/10\/Bus-LED-Display-Details-300x200.webp 300w, https:\/\/www.telaled.com\/wp-content\/uploads\/2025\/10\/Bus-LED-Display-Details-1024x682.webp 1024w, https:\/\/www.telaled.com\/wp-content\/uploads\/2025\/10\/Bus-LED-Display-Details-768x512.webp 768w, https:\/\/www.telaled.com\/wp-content\/uploads\/2025\/10\/Bus-LED-Display-Details-1536x1024.webp 1536w, https:\/\/www.telaled.com\/wp-content\/uploads\/2025\/10\/Bus-LED-Display-Details-18x12.webp 18w, https:\/\/www.telaled.com\/wp-content\/uploads\/2025\/10\/Bus-LED-Display-Details-600x400.webp 600w\" sizes=\"auto, (max-width: 2000px) 100vw, 2000px\" \/>\t\t\t\t\t\t\n\t\t\t\t\t<\/div>\n\t\t\t\t\t\t\t\t\n<style>\n#image_707239389 {\n  width: 80%;\n}\n<\/style>\n\t<\/div>\n\t\n<ul>\n<li><strong>\uace0\ud574\uc0c1\ub3c4 \ud654\uba74<\/strong> \u2013 144x16 \ud53d\uc140 \uad6c\uc131\uacfc 684x76mm \ub514\uc2a4\ud50c\ub808\uc774 \uba74\uc801\uc744 \uac16\ucd98 \uc774 \ub514\uc2a4\ud50c\ub808\uc774\ub294 \uc120\uba85\ud558\uace0 \uc77d\uae30 \uc26c\uc6b4 \ud14d\uc2a4\ud2b8\uc640 \ubd80\ub4dc\ub7ec\uc6b4 \uc2a4\ud06c\ub864\uc744 \uc81c\uacf5\ud569\ub2c8\ub2e4. \ubc1d\uc740 LED \ucd9c\ub825\uc740 \uc9c1\uc0ac\uad11\uc120 \uc544\ub798\uc5d0\uc11c\ub3c4 \uc2dc\uc778\uc131\uc744 \ubcf4\uc7a5\ud558\uc5ec \ud0d1\uc2b9\uc790\uc758 \uac00\ub3c5\uc131\uc744 \ud5a5\uc0c1\uc2dc\ud0b5\ub2c8\ub2e4.<\/li>\n<\/ul>\n\t<div class=\"img has-hover x md-x lg-x y md-y lg-y\" id=\"image_2126183536\">\n\t\t\t\t\t\t\t\t<div class=\"img-inner dark\" >\n\t\t\t<img loading=\"lazy\" decoding=\"async\" width=\"500\" height=\"500\" src=\"https:\/\/www.telaled.com\/wp-content\/uploads\/2025\/10\/Bus-LED-Display-Details-3.webp\" class=\"attachment-large size-large\" alt=\"\" srcset=\"https:\/\/www.telaled.com\/wp-content\/uploads\/2025\/10\/Bus-LED-Display-Details-3.webp 500w, https:\/\/www.telaled.com\/wp-content\/uploads\/2025\/10\/Bus-LED-Display-Details-3-300x300.webp 300w, https:\/\/www.telaled.com\/wp-content\/uploads\/2025\/10\/Bus-LED-Display-Details-3-150x150.webp 150w, https:\/\/www.telaled.com\/wp-content\/uploads\/2025\/10\/Bus-LED-Display-Details-3-12x12.webp 12w, https:\/\/www.telaled.com\/wp-content\/uploads\/2025\/10\/Bus-LED-Display-Details-3-100x100.webp 100w\" sizes=\"auto, (max-width: 500px) 100vw, 500px\" \/>\t\t\t\t\t\t\n\t\t\t\t\t<\/div>\n\t\t\t\t\t\t\t\t\n<style>\n#image_2126183536 {\n  width: 80%;\n}\n<\/style>\n\t<\/div>\n\t\n<ul>\n<li><strong>\uad11\ubc94\uc704\ud55c \uc804\uc555 \ud638\ud658\uc131<\/strong> \u2013 \uc77c\ubc18\uc801\uc778 \uc804\ub825 \uc18c\ubaa8\uac00 20W \ubbf8\ub9cc\uc778 9~36V \uc0ac\uc774\uc5d0\uc11c \uc791\ub3d9\ud569\ub2c8\ub2e4. <strong>\ubc84\uc2a4\uc6a9 LED \ub514\uc2a4\ud50c\ub808\uc774 TCS \uc2dc\ub9ac\uc988<\/strong> \ucd5c\uc18c\ud55c\uc758 \uc5d0\ub108\uc9c0 \uc18c\ube44\ub85c \uc548\uc815\uc801\uc778 \uc131\ub2a5\uc744 \uc81c\uacf5\ud569\ub2c8\ub2e4. \uc774\ub7ec\ud55c \ud6a8\uc728\uc131 \ub355\ubd84\uc5d0 \ub2e4\uc591\ud55c \uad6c\ub9e4\uc5d0 \uc801\ud569\ud560 \ubfd0\ub9cc \uc544\ub2c8\ub77c \uacfc\ub3c4\ud55c \uc6b4\uc601 \ube44\uc6a9 \uc808\uac10\uc5d0\ub3c4 \ub3c4\uc6c0\uc774 \ub429\ub2c8\ub2e4.<\/li>\n<\/ul>\n\t<div class=\"img has-hover x md-x lg-x y md-y lg-y\" id=\"image_590804607\">\n\t\t\t\t\t\t\t\t<div class=\"img-inner dark\" >\n\t\t\t<img loading=\"lazy\" decoding=\"async\" width=\"500\" height=\"500\" src=\"https:\/\/www.telaled.com\/wp-content\/uploads\/2025\/10\/Bus-LED-Display-1-1.webp\" class=\"attachment-large size-large\" alt=\"\ubc84\uc2a4 LED \ub514\uc2a4\ud50c\ub808\uc774\" srcset=\"https:\/\/www.telaled.com\/wp-content\/uploads\/2025\/10\/Bus-LED-Display-1-1.webp 500w, https:\/\/www.telaled.com\/wp-content\/uploads\/2025\/10\/Bus-LED-Display-1-1-300x300.webp 300w, https:\/\/www.telaled.com\/wp-content\/uploads\/2025\/10\/Bus-LED-Display-1-1-150x150.webp 150w, https:\/\/www.telaled.com\/wp-content\/uploads\/2025\/10\/Bus-LED-Display-1-1-12x12.webp 12w, https:\/\/www.telaled.com\/wp-content\/uploads\/2025\/10\/Bus-LED-Display-1-1-100x100.webp 100w\" sizes=\"auto, (max-width: 500px) 100vw, 500px\" \/>\t\t\t\t\t\t\n\t\t\t\t\t<\/div>\n\t\t\t\t\t\t\t\t\n<style>\n#image_590804607 {\n  width: 80%;\n}\n<\/style>\n\t<\/div>\n\t\n<ul>\n<li>\uadf8\ub9cc\ud07c <strong>\ubc84\uc2a4\uc6a9 LED \ub514\uc2a4\ud50c\ub808\uc774 TCS \uc2dc\ub9ac\uc988<\/strong> \ud2bc\ud2bc\ud558\uace0 \uac15\ud654\ub41c \ub098\ubb34 \uc0c1\uc790\uc5d0 \ud3ec\uc7a5\ub418\uc5b4 \ubc30\uc1a1\uc774 \uac04\ud3b8\ud569\ub2c8\ub2e4. \uac01 \uc81c\ud488\uc740 \ucda9\uaca9\uc774\ub098 \ud574\ucda9 \ud53c\ud574\ub97c \ubc29\uc9c0\ud558\uae30 \uc704\ud574 \ub2e8\ub2e8\ud788 \uace0\uc815\ub418\uc5b4 \uc788\uc5b4 \uc644\ubcbd\ud55c \uc0c1\ud0dc\ub85c \ubc30\uc1a1\ub418\uc5b4 \uc124\uce58\uac00 \uc6a9\uc774\ud569\ub2c8\ub2e4.<\/li>\n<\/ul>\n\t<div class=\"img has-hover x md-x lg-x y md-y lg-y\" id=\"image_185496262\">\n\t\t\t\t\t\t\t\t<div class=\"img-inner dark\" >\n\t\t\t<img loading=\"lazy\" decoding=\"async\" width=\"760\" height=\"1024\" src=\"https:\/\/www.telaled.com\/wp-content\/uploads\/2025\/08\/36123f2c-de60-488d-af81-255cd4aee54a-760x1024.webp\" class=\"attachment-large size-large\" alt=\"\" srcset=\"https:\/\/www.telaled.com\/wp-content\/uploads\/2025\/08\/36123f2c-de60-488d-af81-255cd4aee54a-760x1024.webp 760w, https:\/\/www.telaled.com\/wp-content\/uploads\/2025\/08\/36123f2c-de60-488d-af81-255cd4aee54a-223x300.webp 223w, https:\/\/www.telaled.com\/wp-content\/uploads\/2025\/08\/36123f2c-de60-488d-af81-255cd4aee54a-768x1035.webp 768w, https:\/\/www.telaled.com\/wp-content\/uploads\/2025\/08\/36123f2c-de60-488d-af81-255cd4aee54a-9x12.webp 9w, https:\/\/www.telaled.com\/wp-content\/uploads\/2025\/08\/36123f2c-de60-488d-af81-255cd4aee54a-600x808.webp 600w, https:\/\/www.telaled.com\/wp-content\/uploads\/2025\/08\/36123f2c-de60-488d-af81-255cd4aee54a.webp 795w\" sizes=\"auto, (max-width: 760px) 100vw, 760px\" \/>\t\t\t\t\t\t\n\t\t\t\t\t<\/div>\n\t\t\t\t\t\t\t\t\n<style>\n#image_185496262 {\n  width: 80%;\n}\n<\/style>\n\t<\/div>\n\t\n\n<table id=\"tablepress-98\" class=\"tablepress tablepress-id-98\">\n<thead>\n<tr class=\"row-1\">\n\t<th colspan=\"4\" class=\"column-1\">\uc8fc\uc694 \uc18d\uc131<\/th>\n<\/tr>\n<\/thead>\n<tbody class=\"row-striping row-hover\">\n<tr class=\"row-2\">\n\t<td class=\"column-1\">\uae30\ub2a5<\/td><td class=\"column-2\">\ubc84\uc2a4 LED \ub514\uc2a4\ud50c\ub808\uc774<\/td><td class=\"column-3\">\ub514\uc2a4\ud50c\ub808\uc774 \uae30\ub2a5<\/td><td class=\"column-4\">\ub2e8\uc5b4<\/td>\n<\/tr>\n<tr class=\"row-3\">\n\t<td class=\"column-1\">\ubcf4\uc7a5\ud558\ub2e4<\/td><td class=\"column-2\">1\ub144<\/td><td class=\"column-3\">\uc7ac\ub8cc<\/td><td class=\"column-4\">PCB+LED<\/td>\n<\/tr>\n<tr class=\"row-4\">\n\t<td class=\"column-1\">\ud574\uacb0<\/td><td class=\"column-2\">16\uc810<\/td><td class=\"column-3\">\uc804\uc6d0<\/td><td class=\"column-4\">12V \uc9c1\ub958<\/td>\n<\/tr>\n<tr class=\"row-5\">\n\t<td class=\"column-1\">\uc804\uc555<\/td><td class=\"column-2\">9-36V<\/td><td class=\"column-3\">\uad11\ud559 \uac01\ub3c4<\/td><td class=\"column-4\">\uc218\ud3c9 75-95\u00b0, \uc218\uc9c1 40\u00b0<\/td>\n<\/tr>\n<tr class=\"row-6\">\n\t<td class=\"column-1\">\ucf5c\ub85c\uc774\ub4dc \uc0c9\uc18c<\/td><td class=\"column-2\">\ubd89\uc740 \uc548\uac1c\uc640 \uac19\uc740 \ubd84\uc0b0<\/td><td class=\"column-3\">\ud328\ub110 \ud06c\uae30<\/td><td class=\"column-4\">1194m * 206mm * 45mm<\/td>\n<\/tr>\n<\/tbody>\n<\/table>\n\n\t\t<\/div>\n\t\t\t\t\t<\/div>\n\n\t\n<\/div>\n\t\t<\/div>\n\t\t\t\t\t<\/div>\n\n\t\n<\/div>","protected":false},"excerpt":{"rendered":"<p><strong>\ubc84\uc2a4 LED \ub514\uc2a4\ud50c\ub808\uc774 - \ud604\ub300 \uad50\ud1b5\uc744 \uc704\ud55c \ub354\uc6b1 \uc2a4\ub9c8\ud2b8\ud55c \ud45c\uc9c0\ud310<\/strong><\/p>\n<p>\uadf8\ub9cc\ud07c <em><strong>\ubc84\uc2a4\uc6a9 LED \ub514\uc2a4\ud50c\ub808\uc774 TCS \uc2dc\ub9ac\uc988<\/strong><\/em> \ub300\uc911\uad50\ud1b5\uc5d0 \uba85\ud655\uc131\uacfc \uc18c\ud1b5 \uae30\ub2a5\uc744 \uc81c\uacf5\ud569\ub2c8\ub2e4. \ubc84\uc2a4 \ubc0f \ucc28\ub7c9\uc6a9\uc73c\ub85c \uc124\uacc4\ub41c \uc774 \uc2dc\uc2a4\ud15c\uc740 \ub178\uc120, \uc815\ub958\uc7a5, \uba54\uc2dc\uc9c0\ub97c \uc120\uba85\ud55c LED\ub85c \ud45c\uc2dc\ud558\uc5ec \uc2b9\uac1d \uacbd\ud5d8\uacfc \ub3c4\ub85c \uc6b4\uc601 \ud6a8\uc728\uc131\uc744 \ud5a5\uc0c1\uc2dc\ud0b5\ub2c8\ub2e4.<\/p>\n<p><strong>\uc8fc\uc694 \uc774\uc810:<\/strong><\/p>\n<ul>\n<li><strong>\uc2e4\uc2dc\uac04 \uc815\ubcf4<\/strong> \u2013 \uacbd\ub85c, \ubaa9\uc801\uc9c0 \ub610\ub294 \uc11c\ube44\uc2a4 \uba54\uc2dc\uc9c0\ub97c \uc989\uc2dc \ud45c\uc2dc\ud569\ub2c8\ub2e4.<\/li>\n<li><strong>\uc5d0\ub108\uc9c0 \ud6a8\uc728\uc131<\/strong> - \ub0ae\uc740 <a href=\"https:\/\/www.telaled.com\/ko\/fabrica\/placar-eletronico-esportivo-serie-tea\/\">\uc5d0\ub108\uc9c0 \uc18c\ube44<\/a> \uacbd\uc81c\uc801\uc774\uace0 \uc7a5\uae30\uc801\uc778 \uc6b4\uc601\uc744 \uc704\ud574.<\/li>\n<li><strong>\ub192\uc740 \uac00\uc2dc\uc131<\/strong> \u2013 \ubc1d\uc740 LED\ub85c \ub0ae\uc774\ub098 \uc5b4\ub450\uc6b4 \uacf3\uc5d0\uc11c\ub3c4 \uc120\uba85\ud55c \ub514\uc2a4\ud50c\ub808\uc774\ub97c \ubcf4\uc7a5\ud569\ub2c8\ub2e4.<\/li>\n<li><strong>\uc0ac\uc6a9\uc790 \uc815\uc758 \uac00\ub2a5\ud55c \uba54\uc2dc\uc9c0<\/strong> - \uc720\uc5f0\ud55c \uc77c\uc815\uc73c\ub85c \ud14d\uc2a4\ud2b8, \uacbd\ub85c \ub610\ub294 \uad11\uace0\ub97c \uc27d\uac8c \uc5c5\ub370\uc774\ud2b8\ud558\uc138\uc694.<\/li>\n<\/ul>\n<p><span style=\"font-weight: 400;\">\uc800\ud76c \ud300\uc740 24\uc2dc\uac04 \uc5f0\uc911\ubb34\ud734 \uc6d0\uaca9 \uc9c0\uc6d0\uacfc 3\ub144 \ubcf4\uc99d\uc744 \uc81c\uacf5\ud569\ub2c8\ub2e4. \ub9de\ucda4 \uacac\uc801\uc744 \uc6d0\ud558\uc2dc\uba74 \uc9c0\uae08 \ubc14\ub85c \ubb38\uc758\ud558\uc138\uc694.<\/span><\/p>","protected":false},"featured_media":3849,"template":"","meta":[],"product_brand":[],"product_cat":[48,40,44,46],"product_tag":[],"class_list":{"0":"post-3843","1":"product","2":"type-product","3":"status-publish","4":"has-post-thumbnail","6":"product_cat-paineis-personalizados","7":"product_cat-painel-de-led","8":"product_cat-painel-de-led-flexivel","9":"product_cat-painel-de-video","11":"first","12":"instock","13":"shipping-taxable","14":"product-type-simple"},"yoast_head":"<!-- This site is optimized with the Yoast SEO plugin v27.5 - https:\/\/yoast.com\/product\/yoast-seo-wordpress\/ -->\n<title>Bus LED Display S\u00e9rie TCS | TELALED<\/title>\n<meta name=\"description\" content=\"Bus LED Display sinaliza\u00e7\u00e3o clara e din\u00e2mica para transporte p\u00fablico. Projetado para atualiza\u00e7\u00f5es de rotas, publicidade e informa\u00e7\u00f5es em tempo real.\" \/>\n<meta name=\"robots\" content=\"index, follow, max-snippet:-1, max-image-preview:large, max-video-preview:-1\" \/>\n<link rel=\"canonical\" href=\"https:\/\/www.telaled.com\/ko\/fabrica\/bus-led-display-serie-tcs\/\" \/>\n<meta property=\"og:locale\" content=\"ko_KR\" \/>\n<meta property=\"og:type\" content=\"article\" \/>\n<meta property=\"og:title\" content=\"Bus LED Display S\u00e9rie TCS | TELALED\" \/>\n<meta property=\"og:description\" content=\"Bus LED Display sinaliza\u00e7\u00e3o clara e din\u00e2mica para transporte p\u00fablico. Projetado para atualiza\u00e7\u00f5es de rotas, publicidade e informa\u00e7\u00f5es em tempo real.\" \/>\n<meta property=\"og:url\" content=\"https:\/\/www.telaled.com\/ko\/fabrica\/bus-led-display-serie-tcs\/\" \/>\n<meta property=\"og:site_name\" content=\"TELALED\" \/>\n<meta property=\"article:modified_time\" content=\"2026-01-07T02:11:30+00:00\" \/>\n<meta property=\"og:image\" content=\"https:\/\/www.telaled.com\/wp-content\/uploads\/2025\/10\/Bus-LED-Display-3.webp\" \/>\n\t<meta property=\"og:image:width\" content=\"500\" \/>\n\t<meta property=\"og:image:height\" content=\"500\" \/>\n\t<meta property=\"og:image:type\" content=\"image\/webp\" \/>\n<meta name=\"twitter:card\" content=\"summary_large_image\" \/>\n<meta name=\"twitter:label1\" content=\"\uc608\uc0c1 \ub418\ub294 \ud310\ub3c5 \uc2dc\uac04\" \/>\n\t<meta name=\"twitter:data1\" content=\"3\ubd84\" \/>\n<script type=\"application\/ld+json\" class=\"yoast-schema-graph\">{\"@context\":\"https:\\\/\\\/schema.org\",\"@graph\":[{\"@type\":\"WebPage\",\"@id\":\"https:\\\/\\\/www.telaled.com\\\/fabrica\\\/bus-led-display-serie-tcs\\\/\",\"url\":\"https:\\\/\\\/www.telaled.com\\\/fabrica\\\/bus-led-display-serie-tcs\\\/\",\"name\":\"Bus LED Display S\u00e9rie TCS | TELALED\",\"isPartOf\":{\"@id\":\"https:\\\/\\\/www.telaled.com\\\/#website\"},\"primaryImageOfPage\":{\"@id\":\"https:\\\/\\\/www.telaled.com\\\/fabrica\\\/bus-led-display-serie-tcs\\\/#primaryimage\"},\"image\":{\"@id\":\"https:\\\/\\\/www.telaled.com\\\/fabrica\\\/bus-led-display-serie-tcs\\\/#primaryimage\"},\"thumbnailUrl\":\"https:\\\/\\\/www.telaled.com\\\/wp-content\\\/uploads\\\/2025\\\/10\\\/Bus-LED-Display-3.webp\",\"datePublished\":\"2025-10-07T12:59:53+00:00\",\"dateModified\":\"2026-01-07T02:11:30+00:00\",\"description\":\"Bus LED Display sinaliza\u00e7\u00e3o clara e din\u00e2mica para transporte p\u00fablico. Projetado para atualiza\u00e7\u00f5es de rotas, publicidade e informa\u00e7\u00f5es em tempo real.\",\"breadcrumb\":{\"@id\":\"https:\\\/\\\/www.telaled.com\\\/fabrica\\\/bus-led-display-serie-tcs\\\/#breadcrumb\"},\"inLanguage\":\"ko-KR\",\"potentialAction\":[{\"@type\":\"ReadAction\",\"target\":[\"https:\\\/\\\/www.telaled.com\\\/fabrica\\\/bus-led-display-serie-tcs\\\/\"]}]},{\"@type\":\"ImageObject\",\"inLanguage\":\"ko-KR\",\"@id\":\"https:\\\/\\\/www.telaled.com\\\/fabrica\\\/bus-led-display-serie-tcs\\\/#primaryimage\",\"url\":\"https:\\\/\\\/www.telaled.com\\\/wp-content\\\/uploads\\\/2025\\\/10\\\/Bus-LED-Display-3.webp\",\"contentUrl\":\"https:\\\/\\\/www.telaled.com\\\/wp-content\\\/uploads\\\/2025\\\/10\\\/Bus-LED-Display-3.webp\",\"width\":500,\"height\":500,\"caption\":\"Multiple Bus LED Display\"},{\"@type\":\"BreadcrumbList\",\"@id\":\"https:\\\/\\\/www.telaled.com\\\/fabrica\\\/bus-led-display-serie-tcs\\\/#breadcrumb\",\"itemListElement\":[{\"@type\":\"ListItem\",\"position\":1,\"name\":\"Home\",\"item\":\"https:\\\/\\\/www.telaled.com\\\/\"},{\"@type\":\"ListItem\",\"position\":2,\"name\":\"Produtos\",\"item\":\"https:\\\/\\\/www.telaled.com\\\/shop\\\/\"},{\"@type\":\"ListItem\",\"position\":3,\"name\":\"Bus LED Display S\u00e9rie TCS\"}]},{\"@type\":\"WebSite\",\"@id\":\"https:\\\/\\\/www.telaled.com\\\/#website\",\"url\":\"https:\\\/\\\/www.telaled.com\\\/\",\"name\":\"TELALED\",\"description\":\"\",\"potentialAction\":[{\"@type\":\"SearchAction\",\"target\":{\"@type\":\"EntryPoint\",\"urlTemplate\":\"https:\\\/\\\/www.telaled.com\\\/?s={search_term_string}\"},\"query-input\":{\"@type\":\"PropertyValueSpecification\",\"valueRequired\":true,\"valueName\":\"search_term_string\"}}],\"inLanguage\":\"ko-KR\"}]}<\/script>\n<!-- \/ Yoast SEO plugin. -->","yoast_head_json":{"title":"\ubc84\uc2a4\uc6a9 LED \ub514\uc2a4\ud50c\ub808\uc774 TCS \uc2dc\ub9ac\uc988 | LED \uc2a4\ud06c\ub9b0","description":"\ubc84\uc2a4 LED \ub514\uc2a4\ud50c\ub808\uc774: \ub300\uc911\uad50\ud1b5\uc744 \uc704\ud55c \uc120\uba85\ud558\uace0 \uc5ed\ub3d9\uc801\uc778 \uc548\ub0b4 \ud45c\uc9c0\ud310\uc785\ub2c8\ub2e4. \ub178\uc120 \uc5c5\ub370\uc774\ud2b8, \uad11\uace0, \uc2e4\uc2dc\uac04 \uc815\ubcf4 \uc804\ub2ec\uc744 \uc704\ud574 \uc124\uacc4\ub418\uc5c8\uc2b5\ub2c8\ub2e4.","robots":{"index":"index","follow":"follow","max-snippet":"max-snippet:-1","max-image-preview":"max-image-preview:large","max-video-preview":"max-video-preview:-1"},"canonical":"https:\/\/www.telaled.com\/ko\/fabrica\/bus-led-display-serie-tcs\/","og_locale":"ko_KR","og_type":"article","og_title":"Bus LED Display S\u00e9rie TCS | TELALED","og_description":"Bus LED Display sinaliza\u00e7\u00e3o clara e din\u00e2mica para transporte p\u00fablico. Projetado para atualiza\u00e7\u00f5es de rotas, publicidade e informa\u00e7\u00f5es em tempo real.","og_url":"https:\/\/www.telaled.com\/ko\/fabrica\/bus-led-display-serie-tcs\/","og_site_name":"TELALED","article_modified_time":"2026-01-07T02:11:30+00:00","og_image":[{"width":500,"height":500,"url":"https:\/\/www.telaled.com\/wp-content\/uploads\/2025\/10\/Bus-LED-Display-3.webp","type":"image\/webp"}],"twitter_card":"summary_large_image","twitter_misc":{"\uc608\uc0c1 \ub418\ub294 \ud310\ub3c5 \uc2dc\uac04":"3\ubd84"},"schema":{"@context":"https:\/\/schema.org","@graph":[{"@type":"WebPage","@id":"https:\/\/www.telaled.com\/fabrica\/bus-led-display-serie-tcs\/","url":"https:\/\/www.telaled.com\/fabrica\/bus-led-display-serie-tcs\/","name":"\ubc84\uc2a4\uc6a9 LED \ub514\uc2a4\ud50c\ub808\uc774 TCS \uc2dc\ub9ac\uc988 | LED \uc2a4\ud06c\ub9b0","isPartOf":{"@id":"https:\/\/www.telaled.com\/#website"},"primaryImageOfPage":{"@id":"https:\/\/www.telaled.com\/fabrica\/bus-led-display-serie-tcs\/#primaryimage"},"image":{"@id":"https:\/\/www.telaled.com\/fabrica\/bus-led-display-serie-tcs\/#primaryimage"},"thumbnailUrl":"https:\/\/www.telaled.com\/wp-content\/uploads\/2025\/10\/Bus-LED-Display-3.webp","datePublished":"2025-10-07T12:59:53+00:00","dateModified":"2026-01-07T02:11:30+00:00","description":"\ubc84\uc2a4 LED \ub514\uc2a4\ud50c\ub808\uc774: \ub300\uc911\uad50\ud1b5\uc744 \uc704\ud55c \uc120\uba85\ud558\uace0 \uc5ed\ub3d9\uc801\uc778 \uc548\ub0b4 \ud45c\uc9c0\ud310\uc785\ub2c8\ub2e4. \ub178\uc120 \uc5c5\ub370\uc774\ud2b8, \uad11\uace0, \uc2e4\uc2dc\uac04 \uc815\ubcf4 \uc804\ub2ec\uc744 \uc704\ud574 \uc124\uacc4\ub418\uc5c8\uc2b5\ub2c8\ub2e4.","breadcrumb":{"@id":"https:\/\/www.telaled.com\/fabrica\/bus-led-display-serie-tcs\/#breadcrumb"},"inLanguage":"ko-KR","potentialAction":[{"@type":"ReadAction","target":["https:\/\/www.telaled.com\/fabrica\/bus-led-display-serie-tcs\/"]}]},{"@type":"ImageObject","inLanguage":"ko-KR","@id":"https:\/\/www.telaled.com\/fabrica\/bus-led-display-serie-tcs\/#primaryimage","url":"https:\/\/www.telaled.com\/wp-content\/uploads\/2025\/10\/Bus-LED-Display-3.webp","contentUrl":"https:\/\/www.telaled.com\/wp-content\/uploads\/2025\/10\/Bus-LED-Display-3.webp","width":500,"height":500,"caption":"Multiple Bus LED Display"},{"@type":"BreadcrumbList","@id":"https:\/\/www.telaled.com\/fabrica\/bus-led-display-serie-tcs\/#breadcrumb","itemListElement":[{"@type":"ListItem","position":1,"name":"Home","item":"https:\/\/www.telaled.com\/"},{"@type":"ListItem","position":2,"name":"Produtos","item":"https:\/\/www.telaled.com\/shop\/"},{"@type":"ListItem","position":3,"name":"Bus LED Display S\u00e9rie TCS"}]},{"@type":"WebSite","@id":"https:\/\/www.telaled.com\/#website","url":"https:\/\/www.telaled.com\/","name":"LED \uc2a4\ud06c\ub9b0","description":"","potentialAction":[{"@type":"SearchAction","target":{"@type":"EntryPoint","urlTemplate":"https:\/\/www.telaled.com\/?s={search_term_string}"},"query-input":{"@type":"PropertyValueSpecification","valueRequired":true,"valueName":"search_term_string"}}],"inLanguage":"ko-KR"}]}},"_links":{"self":[{"href":"https:\/\/www.telaled.com\/ko\/wp-json\/wp\/v2\/product\/3843","targetHints":{"allow":["GET"]}}],"collection":[{"href":"https:\/\/www.telaled.com\/ko\/wp-json\/wp\/v2\/product"}],"about":[{"href":"https:\/\/www.telaled.com\/ko\/wp-json\/wp\/v2\/types\/product"}],"wp:featuredmedia":[{"embeddable":true,"href":"https:\/\/www.telaled.com\/ko\/wp-json\/wp\/v2\/media\/3849"}],"wp:attachment":[{"href":"https:\/\/www.telaled.com\/ko\/wp-json\/wp\/v2\/media?parent=3843"}],"wp:term":[{"taxonomy":"product_brand","embeddable":true,"href":"https:\/\/www.telaled.com\/ko\/wp-json\/wp\/v2\/product_brand?post=3843"},{"taxonomy":"product_cat","embeddable":true,"href":"https:\/\/www.telaled.com\/ko\/wp-json\/wp\/v2\/product_cat?post=3843"},{"taxonomy":"product_tag","embeddable":true,"href":"https:\/\/www.telaled.com\/ko\/wp-json\/wp\/v2\/product_tag?post=3843"}],"curies":[{"name":"\uc6cc\ub4dc\ud504\ub808\uc2a4","href":"https:\/\/api.w.org\/{rel}","templated":true}]}}