{"id":3735,"date":"2025-10-02T10:10:21","date_gmt":"2025-10-02T10:10:21","guid":{"rendered":"https:\/\/www.telaled.com\/?post_type=product&#038;p=3735"},"modified":"2026-01-06T09:43:41","modified_gmt":"2026-01-06T09:43:41","slug":"placar-eletronico-para-badminton-serie-ted","status":"publish","type":"product","link":"https:\/\/www.telaled.com\/ko\/fabrica\/placar-eletronico-para-badminton-serie-ted\/","title":{"rendered":"\ubc30\ub4dc\ubbfc\ud134 TED \uc2dc\ub9ac\uc988\ub97c \uc704\ud55c \uc804\uc790 \uc2a4\ucf54\uc5b4\ubcf4\ub4dc"},"content":{"rendered":"<div class=\"row\"  id=\"row-134094775\">\n\n\t<div id=\"col-2090541115\" class=\"col small-12 large-12\"  >\n\t\t\t\t<div class=\"col-inner\"  >\n\t\t\t\n\t\t\t\n<h2><span data-sheets-root=\"1\">\ubc30\ub4dc\ubbfc\ud134\uc6a9 \uc804\uc790 \uc2a4\ucf54\uc5b4\ubcf4\ub4dc<\/span> TED \uc2dc\ub9ac\uc988<\/h2>\n<h3><strong>\ub6f0\uc5b4\ub09c \ub0b4\uad6c\uc131<\/strong><\/h3>\n<ul>\n<li>\ud2bc\ud2bc\ud558\uace0 \uac00\ubcbc\uc6b4 \uad6c\uc870\ub97c \uc704\ud574 \uace0\uac15\ub3c4 \uc54c\ub8e8\ubbf8\ub284 \ud569\uae08\uc73c\ub85c \uc81c\uc791\ub418\uc5c8\uc2b5\ub2c8\ub2e4.<\/li>\n<li>\uc7a5\uae30\uac04 \uc2e4\ub0b4\uc5d0\uc11c \uc0ac\uc6a9\ud558\ub3c4\ub85d \uc124\uacc4\ub41c \ubd80\uc2dd \ubc0f \ucda9\uaca9 \ubc29\uc9c0 \ud558\uc6b0\uc9d5\uc785\ub2c8\ub2e4.<\/li>\n<li>\uad6d\uc81c \uc548\uc804 \ubc0f \ud488\uc9c8 \uae30\uc900\uc744 \ucda9\uc871\ud558\ub294 CE \ubc0f RoHS \uc778\uc99d\uc744 \ubc1b\uc558\uc2b5\ub2c8\ub2e4.<\/li>\n<li>\ubc00\ud3d0\ub41c \uad6c\uc870\ub85c \uc778\ud574 \uba3c\uc9c0\uc640 \uc774\ubb3c\uc9c8\uc774 \ub0b4\ubd80 \uad6c\uc131\ud488\uc5d0 \uc601\ud5a5\uc744 \ubbf8\uce58\ub294 \uac83\uc744 \ubc29\uc9c0\ud569\ub2c8\ub2e4.<\/li>\n<li>\uc2a4\ud3ec\uce20 \uc2dc\uc124\uc5d0\uc11c \uc5f0\uc18d\uc801\uc73c\ub85c \uc791\ub3d9 \uc2dc\uc5d0\ub3c4 \uc548\uc815\uc801\uc778 \uc131\ub2a5\uc744 \ubc1c\ud718\ud569\ub2c8\ub2e4.<\/li>\n<\/ul>\n<h3><strong>\ub6f0\uc5b4\ub09c \uc2dc\uac01\uc801 \ud488\uc9c8<\/strong><\/h3>\n<ul>\n<li>\uc774 \uc81c\ud488\uc740 \ub192\uc774 1.8\uc778\uce58(\uc57d 4.5cm)\uc758 \ubc1d\uc740 \ube68\uac04\uc0c9 LED \uc22b\uc790 22\uac1c\ub85c \uad6c\uc131\ub418\uc5b4 \uc788\uc2b5\ub2c8\ub2e4.<\/li>\n<li>\uc120\uba85\ud55c \ub300\ube44\uc640 \uade0\uc77c\ud55c \uc870\uba85\uc73c\ub85c \ucd5c\ub300 30m\uae4c\uc9c0 \ubcf4\uc785\ub2c8\ub2e4.<\/li>\n<li>\uc5b4\ub5a0\ud55c \uc870\uba85 \uc870\uac74\uc5d0\uc11c\ub3c4 \uc120\uba85\ud55c \ub514\uc2a4\ud50c\ub808\uc774\ub97c \uc704\ud574 5\ub2e8\uacc4\uc758 \ubc1d\uae30 \uc870\uc808\uc774 \uac00\ub2a5\ud569\ub2c8\ub2e4.<\/li>\n<li>\uae5c\ubc15\uc784 \uc5c6\ub294 LED \ucd9c\ub825\uc73c\ub85c \uac8c\uc784 \ud50c\ub808\uc774 \uc911 \ubd80\ub4dc\ub7fd\uace0 \uc9c0\uc18d\uc801\uc778 \uac00\uc2dc\uc131\uc744 \ubcf4\uc7a5\ud569\ub2c8\ub2e4.<\/li>\n<li>\ud06c\uace0 \uac04\uaca9\uc774 \ub113\uc740 \uc22b\uc790 \ub355\ubd84\uc5d0 \uc5b4\ub290 \uac01\ub3c4\uc5d0\uc11c \ubcf4\ub354\ub77c\ub3c4 \uc810\uc218\ub97c \uc27d\uac8c \uc77d\uc744 \uc218 \uc788\uc2b5\ub2c8\ub2e4.<\/li>\n<\/ul>\n<h3><strong>\uc644\ubcbd\ud55c \uc801\uc751\ub825<\/strong><\/h3>\n<ul>\n<li>\ubcbd, \ud0c1\uc0c1 \ub610\ub294 \uc0bc\uac01\ub300 \uc7a5\ucc29 \uc9c0\uc6d0(\uc0bc\uac01\ub300\ub294 \ubcc4\ub3c4 \ud310\ub9e4)<\/li>\n<li>AC \ub610\ub294 5V DC \uc785\ub825 \ubc29\uc2dd\uc758 \uc774\uc911 \uc804\uc6d0 \uc635\uc158\uc744 \uc81c\uacf5\ud558\uc5ec \ud638\ud658\uc131\uc744 \ub192\uc600\uc2b5\ub2c8\ub2e4. <a href=\"https:\/\/www.telaled.com\/ko\/o-guia-definitivo-para-painels-de-led-flexiveis\/\">\uc720\uc5f0\ud55c<\/a>.<\/li>\n<li>\ucd5c\ub300 30m \ubc94\uc704\uc5d0\uc11c 2.4G \ubb34\uc120 \uc6d0\uaca9 \uc81c\uc5b4\ub97c \ud1b5\ud574 \uc791\ub3d9\ub429\ub2c8\ub2e4.<\/li>\n<li>\ud648\/\uc6d0\uc815 \ub4dd\uc810\uacfc 5\uc774\ub2dd \ub514\uc2a4\ud50c\ub808\uc774, \uadf8\ub9ac\uace0 \uc635\uc158 \uc0ac\uc6b4\ub4dc \ub4f1\uc758 \uae30\ub2a5\uc774 \ud3ec\ud568\ub418\uc5b4 \uc788\uc2b5\ub2c8\ub2e4.<\/li>\n<li>\ubc30\ub4dc\ubbfc\ud134 \uacbd\uae30\uc5d0 \uc801\ud569\ud569\ub2c8\ub2e4., <a href=\"https:\/\/www.telaled.com\/ko\/fabrica\/placar-eletronico-para-volei-serie-teb\/\">\ubc30\uad6c<\/a>, <a href=\"https:\/\/www.telaled.com\/ko\/fabrica\/placar-eletronico-para-tenis-serie-tec\/\">\ud14c\ub2c8\uc2a4<\/a> \uadf8\ub9ac\uace0 \ud0c1\uad6c.<\/li>\n<\/ul>\n<h3><strong>\uc885\ud569 \uc9c0\uc6d0<\/strong><\/h3>\n<ul>\n<li>24\uc2dc\uac04 \uc5f0\uc911\ubb34\ud734 \uc804\ubb38 \uae30\uc220 \uc9c0\uc6d0, 24\uc2dc\uac04 \uc5f0\uc911\ubb34\ud734 \uc6d0\uaca9 \uc9c0\uc6d0\ud300\uc744 \ud1b5\ud574 \uc5b8\uc81c \uc5b4\ub514\uc11c\ub098 \uc548\uc815\uc801\uc778 \uc9c0\uc6d0\uc744 \ubc1b\uc73c\uc138\uc694.<\/li>\n<li>\ucd94\uac00 5% \uc608\ube44 \ubd80\ud488\uc740 \uac01 \uc8fc\ubb38\uc5d0 \ucd94\uac00 \uad50\uccb4 \uad6c\uc131\ud488\uc774 \ud568\uaed8 \uc81c\uacf5\ub418\uc5b4 \ub354\uc6b1 \ub192\uc740 \uc2e0\ub8b0\uc131\uc744 \ubcf4\uc7a5\ud558\uace0 \ub9c8\uc74c\uc758 \ud3c9\ud654\ub97c \uac00\uc838\ub2e4\uc90d\ub2c8\ub2e4.<\/li>\n<li>3\ub144 \uc5f0\uc7a5 \ubcf4\uc99d \ucd5c\ub300 \ubcf4\ud638\ub97c \uc704\ud55c 3\ub144 \uc5f0\uc7a5 \ubcf4\uc99d\uc73c\ub85c \uc624\ub798 \uc9c0\uc18d\ub418\ub294 \uc131\ub2a5\uacfc \uc2e0\ub8b0\ud560 \uc218 \uc788\ub294 \uc11c\ube44\uc2a4\ub97c \uc990\uaca8\ubcf4\uc138\uc694.<\/li>\n<\/ul>\n<h2>\uc81c\ud488 \uc0c1\uc138 \uc815\ubcf4<\/h2>\n<div class=\"row\"  id=\"row-1026086185\">\n\n\t<div id=\"col-1631067881\" class=\"col medium-10 small-12 large-10\"  >\n\t\t\t\t<div class=\"col-inner text-left\"  >\n\t\t\t\n\t\t\t\n<ul>\n<li>\uc2e4\ub0b4 \ubc0f \uc2e4\uc678 \ubc30\ub4dc\ubbfc\ud134 \uc2a4\ucf54\uc5b4\ubcf4\ub4dc\ub294 \ub6f0\uc5b4\ub09c \uac00\uc2dc\uc131\uc744 \ubcf4\uc7a5\ud558\ub294 \ub3d9\uc2dc\uc5d0 \uc548\uc815\uc801\uc774\uace0 \uc815\ud655\ud55c \uc2a4\ucf54\uc5b4\ub9c1\uc744 \uc81c\uacf5\ud569\ub2c8\ub2e4. \uc138\ud2b8, \uac8c\uc784, \ud3ec\uc778\ud2b8\ub97c \uba85\ud655\ud558\uac8c \ud45c\uc2dc\ud558\uba70, \ud45c\uc2dc\ub4f1\uc740 \uc5b4\ub290 \ud300\uc774 \uc11c\ube0c\ub97c \ud588\ub294\uc9c0 \uc54c\ub824\uc90d\ub2c8\ub2e4. \ub0b4\uad6c\uc131\uacfc \uc131\ub2a5\uc744 \uace0\ub824\ud558\uc5ec \uc124\uacc4\ub41c \uc774 \uc2a4\ucf54\uc5b4\ubcf4\ub4dc\ub294 \ud6c8\ub828 \ubc0f \uacbd\uae30 \uacbd\ud5d8\uc744 \ud5a5\uc0c1\uc2dc\ud0a4\uace0\uc790 \ud558\ub294 \ud559\uad50, \ud074\ub7fd, \uc2a4\ud3ec\uce20 \uc2dc\uc124\uc5d0 \uc774\uc0c1\uc801\uc785\ub2c8\ub2e4.<\/li>\n<\/ul>\n\t<div class=\"img has-hover x md-x lg-x y md-y lg-y\" id=\"image_638527401\">\n\t\t\t\t\t\t\t\t<div class=\"img-inner dark\" >\n\t\t\t<img loading=\"lazy\" decoding=\"async\" width=\"877\" height=\"431\" src=\"https:\/\/www.telaled.com\/wp-content\/uploads\/2025\/10\/Placar-eletronico-para-badminton6.webp\" class=\"attachment-original size-original\" alt=\"\ubc30\ub4dc\ubbfc\ud134\uc6a9 \uc804\uc790 \uc2a4\ucf54\uc5b4\ubcf4\ub4dc6\" srcset=\"https:\/\/www.telaled.com\/wp-content\/uploads\/2025\/10\/Placar-eletronico-para-badminton6.webp 877w, https:\/\/www.telaled.com\/wp-content\/uploads\/2025\/10\/Placar-eletronico-para-badminton6-300x147.webp 300w, https:\/\/www.telaled.com\/wp-content\/uploads\/2025\/10\/Placar-eletronico-para-badminton6-768x377.webp 768w, https:\/\/www.telaled.com\/wp-content\/uploads\/2025\/10\/Placar-eletronico-para-badminton6-18x9.webp 18w, https:\/\/www.telaled.com\/wp-content\/uploads\/2025\/10\/Placar-eletronico-para-badminton6-600x295.webp 600w\" sizes=\"auto, (max-width: 877px) 100vw, 877px\" \/>\t\t\t\t\t\t\n\t\t\t\t\t<\/div>\n\t\t\t\t\t\t\t\t\n<style>\n#image_638527401 {\n  width: 80%;\n}\n<\/style>\n\t<\/div>\n\t\n<ul>\n<li>\uadf8\ub9cc\ud07c <em><strong>\uc804\uc790 \ubc30\ub4dc\ubbfc\ud134 \uc810\uc218\ud310<\/strong><\/em> \ubaa8\ub4e0 \uc21c\uac04\uc744 \uc120\uba85\ud558\uac8c \uac15\uc870\ud569\ub2c8\ub2e4. \ud32c \uacbd\ud5d8\uc744 \ud5a5\uc0c1\uc2dc\ud0a4\ub294 \uc989\uc2dc \uc0ac\uc6a9 \uac00\ub2a5\ud55c \ud328\ud0a4\uc9c0\ub97c \uc81c\uacf5\ud558\uc5ec \uc2a4\ud3ec\uce20 \uc774\ubca4\ud2b8 \ubc0f \ub300\ud68c\ub97c \uc704\ud55c \uadc0\uc911\ud55c \uc7a5\uae30 \ud22c\uc790\uac00 \ub420 \uac83\uc785\ub2c8\ub2e4.<\/li>\n<\/ul>\n\t<div class=\"img has-hover x md-x lg-x y md-y lg-y\" id=\"image_1188410633\">\n\t\t\t\t\t\t\t\t<div class=\"img-inner dark\" >\n\t\t\t<img loading=\"lazy\" decoding=\"async\" width=\"1020\" height=\"1020\" src=\"https:\/\/www.telaled.com\/wp-content\/uploads\/2025\/10\/Placar-eletronico-para-badminton7-1024x1024.webp\" class=\"attachment-large size-large\" alt=\"\" srcset=\"https:\/\/www.telaled.com\/wp-content\/uploads\/2025\/10\/Placar-eletronico-para-badminton7-1024x1024.webp 1024w, https:\/\/www.telaled.com\/wp-content\/uploads\/2025\/10\/Placar-eletronico-para-badminton7-300x300.webp 300w, https:\/\/www.telaled.com\/wp-content\/uploads\/2025\/10\/Placar-eletronico-para-badminton7-150x150.webp 150w, https:\/\/www.telaled.com\/wp-content\/uploads\/2025\/10\/Placar-eletronico-para-badminton7-768x768.webp 768w, https:\/\/www.telaled.com\/wp-content\/uploads\/2025\/10\/Placar-eletronico-para-badminton7-1536x1536.webp 1536w, https:\/\/www.telaled.com\/wp-content\/uploads\/2025\/10\/Placar-eletronico-para-badminton7-12x12.webp 12w, https:\/\/www.telaled.com\/wp-content\/uploads\/2025\/10\/Placar-eletronico-para-badminton7-600x600.webp 600w, https:\/\/www.telaled.com\/wp-content\/uploads\/2025\/10\/Placar-eletronico-para-badminton7-100x100.webp 100w, https:\/\/www.telaled.com\/wp-content\/uploads\/2025\/10\/Placar-eletronico-para-badminton7.webp 1600w\" sizes=\"auto, (max-width: 1020px) 100vw, 1020px\" \/>\t\t\t\t\t\t\n\t\t\t\t\t<\/div>\n\t\t\t\t\t\t\t\t\n<style>\n#image_1188410633 {\n  width: 80%;\n}\n<\/style>\n\t<\/div>\n\t\n\t\t<\/div>\n\t\t\t\t\t<\/div>\n\n\t\n\n\t<div id=\"col-878020796\" class=\"col medium-10 small-12 large-10\"  >\n\t\t\t\t<div class=\"col-inner text-left\"  >\n\t\t\t\n\t\t\t\n<ul>\n<li><strong>\ubc30\ub4dc\ubbfc\ud134 TED \uc2dc\ub9ac\uc988\ub97c \uc704\ud55c \uc804\uc790 \uc2a4\ucf54\uc5b4\ubcf4\ub4dc<\/strong>\u00a0 \ubc30\uc1a1 \uc911 \uc548\uc804\uc744 \uc704\ud574 \uac15\ud654\ub41c \ub098\ubb34 \uc0c1\uc790\uc5d0 \ud3ec\uc7a5\ub429\ub2c8\ub2e4. \uac01 \uc81c\ud488\uc740 \ud574\ucda9, \ucda9\uaca9 \ubc0f \uae30\ud0c0 \uc704\ud5d8 \uc694\uc18c\ub85c \uc778\ud55c \uc190\uc0c1\uc744 \ubc29\uc9c0\ud558\uae30 \uc704\ud574 \uc548\uc804\ud558\uac8c \ud3ec\uc7a5\ub418\uc5b4 \ub0b4\uad6c\uc131\uacfc \uc548\uc804\ud55c \ubc30\uc1a1\uc744 \ubcf4\uc7a5\ud569\ub2c8\ub2e4.<\/li>\n<\/ul>\n\t<div class=\"img has-hover x md-x lg-x y md-y lg-y\" id=\"image_1491459640\">\n\t\t\t\t\t\t\t\t<div class=\"img-inner dark\" >\n\t\t\t<img loading=\"lazy\" decoding=\"async\" width=\"760\" height=\"1024\" src=\"https:\/\/www.telaled.com\/wp-content\/uploads\/2025\/08\/36123f2c-de60-488d-af81-255cd4aee54a-760x1024.webp\" class=\"attachment-large size-large\" alt=\"\" srcset=\"https:\/\/www.telaled.com\/wp-content\/uploads\/2025\/08\/36123f2c-de60-488d-af81-255cd4aee54a-760x1024.webp 760w, https:\/\/www.telaled.com\/wp-content\/uploads\/2025\/08\/36123f2c-de60-488d-af81-255cd4aee54a-223x300.webp 223w, https:\/\/www.telaled.com\/wp-content\/uploads\/2025\/08\/36123f2c-de60-488d-af81-255cd4aee54a-768x1035.webp 768w, https:\/\/www.telaled.com\/wp-content\/uploads\/2025\/08\/36123f2c-de60-488d-af81-255cd4aee54a-9x12.webp 9w, https:\/\/www.telaled.com\/wp-content\/uploads\/2025\/08\/36123f2c-de60-488d-af81-255cd4aee54a-600x808.webp 600w, https:\/\/www.telaled.com\/wp-content\/uploads\/2025\/08\/36123f2c-de60-488d-af81-255cd4aee54a.webp 795w\" sizes=\"auto, (max-width: 760px) 100vw, 760px\" \/>\t\t\t\t\t\t\n\t\t\t\t\t<\/div>\n\t\t\t\t\t\t\t\t\n<style>\n#image_1491459640 {\n  width: 80%;\n}\n<\/style>\n\t<\/div>\n\t\n\n<table id=\"tablepress-93\" class=\"tablepress tablepress-id-93\">\n<thead>\n<tr class=\"row-1\">\n\t<th class=\"column-1\">\uc720\ud615<\/th><th class=\"column-2\">\ubc30\ub4dc\ubbfc\ud134 \uc2a4\ucf54\uc5b4\ubcf4\ub4dc, \ubc30\uad6c \uc2a4\ucf54\uc5b4\ubcf4\ub4dc<\/th><th class=\"column-3\">\ud56d\uc18c<\/th><th class=\"column-4\">\uc810\uc218 \ud45c\uc2dc, \uc774\ub2dd \ud45c\uc2dc<\/th>\n<\/tr>\n<\/thead>\n<tbody class=\"row-striping row-hover\">\n<tr class=\"row-2\">\n\t<td class=\"column-1\">\uc6d0\uc0b0\uc9c0<\/td><td class=\"column-2\">\uc911\uad6d \uc120\uc804<\/td><td class=\"column-3\">\ud45c\uc2dc<\/td><td class=\"column-4\">LED \uc2a4\ud06c\ub9b0<\/td>\n<\/tr>\n<tr class=\"row-3\">\n\t<td class=\"column-1\">\ubaa8\ub378 \ubc88\ud638<\/td><td class=\"column-2\">TED \uc2dc\ub9ac\uc988<\/td><td class=\"column-3\">\uc7ac\ub8cc<\/td><td class=\"column-4\">\uc54c\ub8e8\ubbf8\ub284 \ud569\uae08<\/td>\n<\/tr>\n<tr class=\"row-4\">\n\t<td class=\"column-1\">\ud504\ub808\uc784 \uc18c\uc7ac<\/td><td class=\"column-2\">\uc54c\ub8e8\ubbf8\ub284 \ud569\uae08<\/td><td class=\"column-3\">\ud06c\uae30<\/td><td class=\"column-4\">790mm x 255mm x 55mm(31.1\uc778\uce58 x 10.0\uc778\uce58 x 2.2\uc778\uce58)<\/td>\n<\/tr>\n<tr class=\"row-5\">\n\t<td class=\"column-1\">\ubb38\uc790 \ub192\uc774<\/td><td class=\"column-2\">1.8\uc778\uce58 - 22\uc790\ub9ac<\/td><td class=\"column-3\">\uae30\ub2a5<\/td><td class=\"column-4\">\ud648 \ubc0f \uc6d0\uc815 \uacbd\uae30 \uc810\uc218, 5\uc774\ub2dd \ud45c\uc2dc<\/td>\n<\/tr>\n<tr class=\"row-6\">\n\t<td class=\"column-1\">\uc81c\uc5b4<\/td><td class=\"column-2\">\uc6d0\uaca9 \uc81c\uc5b4<\/td><td class=\"column-3\">\uc124\uce58<\/td><td class=\"column-4\">\ubcbd\uba74 \uc7a5\ucc29<\/td>\n<\/tr>\n<tr class=\"row-7\">\n\t<td class=\"column-1\">\uc790\uaca9\uc99d<\/td><td class=\"column-2\">CE, RoHS<\/td><td class=\"column-3\"><\/td><td class=\"column-4\"><\/td>\n<\/tr>\n<\/tbody>\n<\/table>\n<!-- #tablepress-93 from cache -->\n\t\t<\/div>\n\t\t\t\t\t<\/div>\n\n\t\n<\/div>\n\t\t<\/div>\n\t\t\t\t\t<\/div>\n\n\t\n<\/div>","protected":false},"excerpt":{"rendered":"<p><strong>\ubc30\ub4dc\ubbfc\ud134 TED \uc2dc\ub9ac\uc988\ub97c \uc704\ud55c \uc804\uc790 \uc2a4\ucf54\uc5b4\ubcf4\ub4dc<\/strong> \u2013 \ud074\ub7fd\uacfc \ud1a0\ub108\uba3c\ud2b8\ub97c \uc704\ud55c \uc2e4\uc2dc\uac04 LED \uc810\uc218 \ub514\uc2a4\ud50c\ub808\uc774.<\/p>\n<p>\ud558\ub098 <em><strong>\uc804\uc790 \ubc30\ub4dc\ubbfc\ud134 \uc810\uc218\ud310<\/strong><\/em> \ubaa8\ub4e0 \uacbd\uae30\ub97c \uc27d\uac8c \ub530\ub77c\uac08 \uc218 \uc788\uc73c\uba70, \uc120\uba85\ud55c LED \ud654\uba74\uc73c\ub85c \uc815\ud655\ud55c \uc2e4\uc2dc\uac04 \uacb0\uacfc\ub97c \ubcf4\uc5ec\uc90d\ub2c8\ub2e4. \ud6c8\ub828, \ud1a0\ub108\uba3c\ud2b8, \ud074\ub7fd \uacbd\uae30\uc5d0 \uc801\ud569\ud569\ub2c8\ub2e4.<\/p>\n<p><strong>\uc8fc\uc694 \ud2b9\uc9d5:<\/strong><\/p>\n<ul>\n<li>CE \ubc0f RoHS \uc778\uc99d\uc744 \ubc1b\uc740 \uacac\uace0\ud55c \uc54c\ub8e8\ubbf8\ub284 \ud569\uae08 \uad6c\uc870\ub85c \uae34 \uc11c\ube44\uc2a4 \uc218\uba85\uc744 \ubcf4\uc7a5\ud569\ub2c8\ub2e4.<\/li>\n<li>\uc120\uba85\ud55c \ube68\uac04\uc0c9 1.8\uc778\uce58 \uc22b\uc790\ub294 5\ub2e8\uacc4 \ubc1d\uae30 \uc870\uc808 \uae30\ub2a5\uc744 \uc81c\uacf5\ud558\uc5ec \ucd5c\ub300 30m \uac70\ub9ac\uc5d0\uc11c\ub3c4 \uc120\uba85\ud558\uac8c \ubcfc \uc218 \uc788\uc2b5\ub2c8\ub2e4.<\/li>\n<li>\uc774 \uc81c\ud488\uc740 AC \ub610\ub294 5V DC \uc804\uc6d0\uc73c\ub85c \uc791\ub3d9\ud558\uba70 2.4G \ubb34\uc120 \ub9ac\ubaa8\ucee8\uc744 \uc0ac\uc6a9\ud558\uc5ec \ubcbd, \ud14c\uc774\ube14 \ub610\ub294 \uc0bc\uac01\ub300\uc5d0 \uc7a5\ucc29\ud560 \uc218 \uc788\uc2b5\ub2c8\ub2e4.<\/li>\n<\/ul>\n<p>\uc800\ud76c \uc804\ubb38\uac00\ub294 24\uc2dc\uac04 \uc5f0\uc911\ubb34\ud734, \uc8fc\uc57c\uac04 \uc6d0\uaca9 \uc9c0\uc6d0\uacfc 3\ub144 \uc81c\ud488 \ubcf4\uc99d\uc744 \uc81c\uacf5\ud569\ub2c8\ub2e4. \uc9c0\uae08 \ubc14\ub85c \ub9de\ucda4 \uacac\uc801\uc744 \uc694\uccad\ud558\uc138\uc694.<\/p>","protected":false},"featured_media":3736,"template":"","meta":[],"product_brand":[],"product_cat":[48,40],"product_tag":[],"class_list":{"0":"post-3735","1":"product","2":"type-product","3":"status-publish","4":"has-post-thumbnail","6":"product_cat-paineis-personalizados","7":"product_cat-painel-de-led","9":"first","10":"instock","11":"shipping-taxable","12":"product-type-simple"},"yoast_head":"<!-- This site is optimized with the Yoast SEO plugin v27.5 - https:\/\/yoast.com\/product\/yoast-seo-wordpress\/ -->\n<title>Placar Eletr\u00f4nico de Badminton S\u00e9rie TED | Solu\u00e7\u00f5es de pontua\u00e7\u00e3o digital para clubes e torneios | TELALED<\/title>\n<meta name=\"description\" content=\"Descubra o Placar Eletr\u00f4nico de Badminton S\u00e9rie TED projetado para precis\u00e3o e praticidade. Perfeito para clubes, escolas e competi\u00e7\u00f5es, com displays de LED, controles de \u00e1rbitro e aplicativos de auto\u00e1rbitro.\" \/>\n<meta name=\"robots\" content=\"index, follow, max-snippet:-1, max-image-preview:large, max-video-preview:-1\" \/>\n<link rel=\"canonical\" href=\"https:\/\/www.telaled.com\/ko\/fabrica\/placar-eletronico-para-badminton-serie-ted\/\" \/>\n<meta property=\"og:locale\" content=\"ko_KR\" \/>\n<meta property=\"og:type\" content=\"article\" \/>\n<meta property=\"og:title\" content=\"Placar Eletr\u00f4nico de Badminton S\u00e9rie TED | Solu\u00e7\u00f5es de pontua\u00e7\u00e3o digital para clubes e torneios | TELALED\" \/>\n<meta property=\"og:description\" content=\"Descubra o Placar Eletr\u00f4nico de Badminton S\u00e9rie TED projetado para precis\u00e3o e praticidade. Perfeito para clubes, escolas e competi\u00e7\u00f5es, com displays de LED, controles de \u00e1rbitro e aplicativos de auto\u00e1rbitro.\" \/>\n<meta property=\"og:url\" content=\"https:\/\/www.telaled.com\/ko\/fabrica\/placar-eletronico-para-badminton-serie-ted\/\" \/>\n<meta property=\"og:site_name\" content=\"TELALED\" \/>\n<meta property=\"article:modified_time\" content=\"2026-01-06T09:43:41+00:00\" \/>\n<meta property=\"og:image\" content=\"https:\/\/www.telaled.com\/wp-content\/uploads\/2025\/10\/Placar-eletronico-para-badminton.webp\" \/>\n\t<meta property=\"og:image:width\" content=\"500\" \/>\n\t<meta property=\"og:image:height\" content=\"500\" \/>\n\t<meta property=\"og:image:type\" content=\"image\/webp\" \/>\n<meta name=\"twitter:card\" content=\"summary_large_image\" \/>\n<meta name=\"twitter:label1\" content=\"\uc608\uc0c1 \ub418\ub294 \ud310\ub3c5 \uc2dc\uac04\" \/>\n\t<meta name=\"twitter:data1\" content=\"3\ubd84\" \/>\n<script type=\"application\/ld+json\" class=\"yoast-schema-graph\">{\"@context\":\"https:\\\/\\\/schema.org\",\"@graph\":[{\"@type\":\"WebPage\",\"@id\":\"https:\\\/\\\/www.telaled.com\\\/fabrica\\\/placar-eletronico-para-badminton-serie-ted\\\/\",\"url\":\"https:\\\/\\\/www.telaled.com\\\/fabrica\\\/placar-eletronico-para-badminton-serie-ted\\\/\",\"name\":\"Placar Eletr\u00f4nico de Badminton S\u00e9rie TED | Solu\u00e7\u00f5es de pontua\u00e7\u00e3o digital para clubes e torneios | TELALED\",\"isPartOf\":{\"@id\":\"https:\\\/\\\/www.telaled.com\\\/#website\"},\"primaryImageOfPage\":{\"@id\":\"https:\\\/\\\/www.telaled.com\\\/fabrica\\\/placar-eletronico-para-badminton-serie-ted\\\/#primaryimage\"},\"image\":{\"@id\":\"https:\\\/\\\/www.telaled.com\\\/fabrica\\\/placar-eletronico-para-badminton-serie-ted\\\/#primaryimage\"},\"thumbnailUrl\":\"https:\\\/\\\/www.telaled.com\\\/wp-content\\\/uploads\\\/2025\\\/10\\\/Placar-eletronico-para-badminton.webp\",\"datePublished\":\"2025-10-02T10:10:21+00:00\",\"dateModified\":\"2026-01-06T09:43:41+00:00\",\"description\":\"Descubra o Placar Eletr\u00f4nico de Badminton S\u00e9rie TED projetado para precis\u00e3o e praticidade. Perfeito para clubes, escolas e competi\u00e7\u00f5es, com displays de LED, controles de \u00e1rbitro e aplicativos de auto\u00e1rbitro.\",\"breadcrumb\":{\"@id\":\"https:\\\/\\\/www.telaled.com\\\/fabrica\\\/placar-eletronico-para-badminton-serie-ted\\\/#breadcrumb\"},\"inLanguage\":\"ko-KR\",\"potentialAction\":[{\"@type\":\"ReadAction\",\"target\":[\"https:\\\/\\\/www.telaled.com\\\/fabrica\\\/placar-eletronico-para-badminton-serie-ted\\\/\"]}]},{\"@type\":\"ImageObject\",\"inLanguage\":\"ko-KR\",\"@id\":\"https:\\\/\\\/www.telaled.com\\\/fabrica\\\/placar-eletronico-para-badminton-serie-ted\\\/#primaryimage\",\"url\":\"https:\\\/\\\/www.telaled.com\\\/wp-content\\\/uploads\\\/2025\\\/10\\\/Placar-eletronico-para-badminton.webp\",\"contentUrl\":\"https:\\\/\\\/www.telaled.com\\\/wp-content\\\/uploads\\\/2025\\\/10\\\/Placar-eletronico-para-badminton.webp\",\"width\":500,\"height\":500,\"caption\":\"Placar-eletronico-para-badminton\"},{\"@type\":\"BreadcrumbList\",\"@id\":\"https:\\\/\\\/www.telaled.com\\\/fabrica\\\/placar-eletronico-para-badminton-serie-ted\\\/#breadcrumb\",\"itemListElement\":[{\"@type\":\"ListItem\",\"position\":1,\"name\":\"Home\",\"item\":\"https:\\\/\\\/www.telaled.com\\\/\"},{\"@type\":\"ListItem\",\"position\":2,\"name\":\"Produtos\",\"item\":\"https:\\\/\\\/www.telaled.com\\\/shop\\\/\"},{\"@type\":\"ListItem\",\"position\":3,\"name\":\"Placar Eletronico para Badminton S\u00e9rie TED\"}]},{\"@type\":\"WebSite\",\"@id\":\"https:\\\/\\\/www.telaled.com\\\/#website\",\"url\":\"https:\\\/\\\/www.telaled.com\\\/\",\"name\":\"TELALED\",\"description\":\"\",\"potentialAction\":[{\"@type\":\"SearchAction\",\"target\":{\"@type\":\"EntryPoint\",\"urlTemplate\":\"https:\\\/\\\/www.telaled.com\\\/?s={search_term_string}\"},\"query-input\":{\"@type\":\"PropertyValueSpecification\",\"valueRequired\":true,\"valueName\":\"search_term_string\"}}],\"inLanguage\":\"ko-KR\"}]}<\/script>\n<!-- \/ Yoast SEO plugin. -->","yoast_head_json":{"title":"TED \uc2dc\ub9ac\uc988 \ubc30\ub4dc\ubbfc\ud134 \uc804\uc790 \uc2a4\ucf54\uc5b4\ubcf4\ub4dc | \ud074\ub7fd \ubc0f \ud1a0\ub108\uba3c\ud2b8\ub97c \uc704\ud55c \ub514\uc9c0\ud138 \uc2a4\ucf54\uc5b4\ub9c1 \uc194\ub8e8\uc158 | TELALED","description":"\uc815\ud655\uc131\uacfc \ud3b8\uc758\uc131\uc744 \uace0\ub824\ud558\uc5ec \uc124\uacc4\ub41c TED \uc2dc\ub9ac\uc988 \uc804\uc790 \ubc30\ub4dc\ubbfc\ud134 \uc2a4\ucf54\uc5b4\ubcf4\ub4dc\ub97c \ub9cc\ub098\ubcf4\uc138\uc694. LED \ub514\uc2a4\ud50c\ub808\uc774, \uc2ec\ud310 \ucee8\ud2b8\ub864, \uc140\ud504 \uc2ec\ud310 \uc571\uc774 \ud0d1\uc7ac\ub418\uc5b4 \ud074\ub7fd, \ud559\uad50, \ub300\ud68c\uc5d0 \uc801\ud569\ud569\ub2c8\ub2e4.","robots":{"index":"index","follow":"follow","max-snippet":"max-snippet:-1","max-image-preview":"max-image-preview:large","max-video-preview":"max-video-preview:-1"},"canonical":"https:\/\/www.telaled.com\/ko\/fabrica\/placar-eletronico-para-badminton-serie-ted\/","og_locale":"ko_KR","og_type":"article","og_title":"Placar Eletr\u00f4nico de Badminton S\u00e9rie TED | Solu\u00e7\u00f5es de pontua\u00e7\u00e3o digital para clubes e torneios | TELALED","og_description":"Descubra o Placar Eletr\u00f4nico de Badminton S\u00e9rie TED projetado para precis\u00e3o e praticidade. Perfeito para clubes, escolas e competi\u00e7\u00f5es, com displays de LED, controles de \u00e1rbitro e aplicativos de auto\u00e1rbitro.","og_url":"https:\/\/www.telaled.com\/ko\/fabrica\/placar-eletronico-para-badminton-serie-ted\/","og_site_name":"TELALED","article_modified_time":"2026-01-06T09:43:41+00:00","og_image":[{"width":500,"height":500,"url":"https:\/\/www.telaled.com\/wp-content\/uploads\/2025\/10\/Placar-eletronico-para-badminton.webp","type":"image\/webp"}],"twitter_card":"summary_large_image","twitter_misc":{"\uc608\uc0c1 \ub418\ub294 \ud310\ub3c5 \uc2dc\uac04":"3\ubd84"},"schema":{"@context":"https:\/\/schema.org","@graph":[{"@type":"WebPage","@id":"https:\/\/www.telaled.com\/fabrica\/placar-eletronico-para-badminton-serie-ted\/","url":"https:\/\/www.telaled.com\/fabrica\/placar-eletronico-para-badminton-serie-ted\/","name":"TED \uc2dc\ub9ac\uc988 \ubc30\ub4dc\ubbfc\ud134 \uc804\uc790 \uc2a4\ucf54\uc5b4\ubcf4\ub4dc | \ud074\ub7fd \ubc0f \ud1a0\ub108\uba3c\ud2b8\ub97c \uc704\ud55c \ub514\uc9c0\ud138 \uc2a4\ucf54\uc5b4\ub9c1 \uc194\ub8e8\uc158 | TELALED","isPartOf":{"@id":"https:\/\/www.telaled.com\/#website"},"primaryImageOfPage":{"@id":"https:\/\/www.telaled.com\/fabrica\/placar-eletronico-para-badminton-serie-ted\/#primaryimage"},"image":{"@id":"https:\/\/www.telaled.com\/fabrica\/placar-eletronico-para-badminton-serie-ted\/#primaryimage"},"thumbnailUrl":"https:\/\/www.telaled.com\/wp-content\/uploads\/2025\/10\/Placar-eletronico-para-badminton.webp","datePublished":"2025-10-02T10:10:21+00:00","dateModified":"2026-01-06T09:43:41+00:00","description":"\uc815\ud655\uc131\uacfc \ud3b8\uc758\uc131\uc744 \uace0\ub824\ud558\uc5ec \uc124\uacc4\ub41c TED \uc2dc\ub9ac\uc988 \uc804\uc790 \ubc30\ub4dc\ubbfc\ud134 \uc2a4\ucf54\uc5b4\ubcf4\ub4dc\ub97c \ub9cc\ub098\ubcf4\uc138\uc694. LED \ub514\uc2a4\ud50c\ub808\uc774, \uc2ec\ud310 \ucee8\ud2b8\ub864, \uc140\ud504 \uc2ec\ud310 \uc571\uc774 \ud0d1\uc7ac\ub418\uc5b4 \ud074\ub7fd, \ud559\uad50, \ub300\ud68c\uc5d0 \uc801\ud569\ud569\ub2c8\ub2e4.","breadcrumb":{"@id":"https:\/\/www.telaled.com\/fabrica\/placar-eletronico-para-badminton-serie-ted\/#breadcrumb"},"inLanguage":"ko-KR","potentialAction":[{"@type":"ReadAction","target":["https:\/\/www.telaled.com\/fabrica\/placar-eletronico-para-badminton-serie-ted\/"]}]},{"@type":"ImageObject","inLanguage":"ko-KR","@id":"https:\/\/www.telaled.com\/fabrica\/placar-eletronico-para-badminton-serie-ted\/#primaryimage","url":"https:\/\/www.telaled.com\/wp-content\/uploads\/2025\/10\/Placar-eletronico-para-badminton.webp","contentUrl":"https:\/\/www.telaled.com\/wp-content\/uploads\/2025\/10\/Placar-eletronico-para-badminton.webp","width":500,"height":500,"caption":"Placar-eletronico-para-badminton"},{"@type":"BreadcrumbList","@id":"https:\/\/www.telaled.com\/fabrica\/placar-eletronico-para-badminton-serie-ted\/#breadcrumb","itemListElement":[{"@type":"ListItem","position":1,"name":"Home","item":"https:\/\/www.telaled.com\/"},{"@type":"ListItem","position":2,"name":"Produtos","item":"https:\/\/www.telaled.com\/shop\/"},{"@type":"ListItem","position":3,"name":"Placar Eletronico para Badminton S\u00e9rie TED"}]},{"@type":"WebSite","@id":"https:\/\/www.telaled.com\/#website","url":"https:\/\/www.telaled.com\/","name":"LED \uc2a4\ud06c\ub9b0","description":"","potentialAction":[{"@type":"SearchAction","target":{"@type":"EntryPoint","urlTemplate":"https:\/\/www.telaled.com\/?s={search_term_string}"},"query-input":{"@type":"PropertyValueSpecification","valueRequired":true,"valueName":"search_term_string"}}],"inLanguage":"ko-KR"}]}},"_links":{"self":[{"href":"https:\/\/www.telaled.com\/ko\/wp-json\/wp\/v2\/product\/3735","targetHints":{"allow":["GET"]}}],"collection":[{"href":"https:\/\/www.telaled.com\/ko\/wp-json\/wp\/v2\/product"}],"about":[{"href":"https:\/\/www.telaled.com\/ko\/wp-json\/wp\/v2\/types\/product"}],"wp:featuredmedia":[{"embeddable":true,"href":"https:\/\/www.telaled.com\/ko\/wp-json\/wp\/v2\/media\/3736"}],"wp:attachment":[{"href":"https:\/\/www.telaled.com\/ko\/wp-json\/wp\/v2\/media?parent=3735"}],"wp:term":[{"taxonomy":"product_brand","embeddable":true,"href":"https:\/\/www.telaled.com\/ko\/wp-json\/wp\/v2\/product_brand?post=3735"},{"taxonomy":"product_cat","embeddable":true,"href":"https:\/\/www.telaled.com\/ko\/wp-json\/wp\/v2\/product_cat?post=3735"},{"taxonomy":"product_tag","embeddable":true,"href":"https:\/\/www.telaled.com\/ko\/wp-json\/wp\/v2\/product_tag?post=3735"}],"curies":[{"name":"\uc6cc\ub4dc\ud504\ub808\uc2a4","href":"https:\/\/api.w.org\/{rel}","templated":true}]}}